{"id":5227,"date":"2025-08-18T09:37:25","date_gmt":"2025-08-18T07:37:25","guid":{"rendered":"https:\/\/tinychat.com\/?page_id=5227"},"modified":"2025-08-18T10:15:22","modified_gmt":"2025-08-18T08:15:22","slug":"y99","status":"publish","type":"page","link":"https:\/\/tinychat.com\/pt-br\/y99\/","title":{"rendered":"Y99"},"content":{"rendered":"<p>Na era digital de hoje, conectar-se com estranhos ficou mais f\u00e1cil do que nunca. Enquanto aplicativos como o WhatsApp e o Facebook Messenger nos mant\u00eam em contato com a fam\u00edlia e os amigos, plataformas como o Y99 se concentram em algo diferente: fazer novas conex\u00f5es com pessoas que voc\u00ea nunca conheceu antes.<\/p>\n<p>O Y99 tornou-se um dos nomes mais conhecidos na comunidade de bate-papo aleat\u00f3rio, atraindo usu\u00e1rios de todo o mundo interessados em fazer amigos, encontrar um romance ou apenas passar o tempo em animadas salas de bate-papo on-line. Diferentemente dos servi\u00e7os simples baseados em texto do passado, o Y99 oferece uma variedade de experi\u00eancias de bate-papo - de discuss\u00f5es em grupo a bate-papos particulares um a um - ao mesmo tempo em que enfatiza a acessibilidade e a facilidade de uso.<\/p>\n<p>Nesta an\u00e1lise, exploraremos tudo o que voc\u00ea precisa saber sobre o Y99: seus recursos, experi\u00eancia do usu\u00e1rio, seguran\u00e7a, pr\u00f3s e contras e como ele se compara a outras plataformas no mundo do bate-papo on-line.<\/p>\n<h2>O que \u00e9 Y99?<\/h2>\n<p>O Y99 \u00e9 uma sala de bate-papo on-line e uma comunidade social criada para pessoas que desejam conversar com estranhos sem precisar se registrar ou fornecer detalhes pessoais. A plataforma oferece:<\/p>\n<ul>\n<li>Salas de bate-papo p\u00fablicas organizadas por temas ou interesses.<\/li>\n<li>Conversas individuais privadas com usu\u00e1rios aleat\u00f3rios.<\/li>\n<li>Bate-papo de texto an\u00f4nimo sem necessidade de contas.<\/li>\n<li>Bate-papo por voz e solicita\u00e7\u00f5es de amizade para aqueles que desejam uma conex\u00e3o mais profunda.<\/li>\n<\/ul>\n<p>O que diferencia o Y99 \u00e9 a combina\u00e7\u00e3o de salas de bate-papo cl\u00e1ssicas da Web (uma reminisc\u00eancia dos prim\u00f3rdios da Internet) e toques modernos, como mensagens de voz, sistemas de amigos e correspond\u00eancia global.<\/p>\n<h2>Principais recursos do Y99<\/h2>\n<p>O Y99 n\u00e3o se trata apenas de bate-papo aleat\u00f3rio - ele combina recursos de comunidade com mensagens r\u00e1pidas e an\u00f4nimas. Veja a seguir um resumo do que ele oferece:<\/p>\n<h3>1. Salas de bate-papo p\u00fablicas<\/h3>\n<ul>\n<li>Salas baseadas em t\u00f3picos (por exemplo, jogos, namoro, amizade, espec\u00edficas do pa\u00eds).<\/li>\n<li>F\u00e1cil de entrar sem registro.<\/li>\n<li>\u00d3timo para pessoas que preferem intera\u00e7\u00e3o em grupo em vez de individual.<\/li>\n<\/ul>\n<h3>2. Bate-papo privado<\/h3>\n<ul>\n<li>Conecte-se aleatoriamente com outros usu\u00e1rios para troca de mensagens individuais.<\/li>\n<li>Mantenha o anonimato, n\u00e3o compartilhando detalhes pessoais.<\/li>\n<\/ul>\n<h3>3. Op\u00e7\u00f5es de bate-papo por voz<\/h3>\n<ul>\n<li>Al\u00e9m de texto, o Y99 suporta intera\u00e7\u00f5es de voz.<\/li>\n<li>D\u00e1 um toque mais pessoal e aut\u00eantico \u00e0s conversas.<\/li>\n<\/ul>\n<h3>4. Solicita\u00e7\u00f5es de amizade e perfis<\/h3>\n<ul>\n<li>Os usu\u00e1rios podem enviar solicita\u00e7\u00f5es e criar uma lista de conex\u00f5es.<\/li>\n<li>Cria\u00e7\u00e3o de perfil opcional para aqueles que desejam mais visibilidade.<\/li>\n<\/ul>\n<h3>5. Suporte entre dispositivos<\/h3>\n<ul>\n<li>Funciona sem problemas no desktop, tablet e celular.<\/li>\n<li>N\u00e3o \u00e9 necess\u00e1rio um aplicativo dedicado, embora os navegadores m\u00f3veis o utilizem bem.<\/li>\n<\/ul>\n<h3>6. Acesso simples e gratuito<\/h3>\n<ul>\n<li>Sem downloads, sem longos formul\u00e1rios de inscri\u00e7\u00e3o.<\/li>\n<li>A maioria dos recursos est\u00e1 dispon\u00edvel sem custo.<\/li>\n<\/ul>\n<h2>Como usar o Y99<\/h2>\n<p>Come\u00e7ar a usar o Y99 \u00e9 simples:<\/p>\n<h3>Etapa 1: Visite o site do Y99<\/h3>\n<p>Abra seu navegador e acesse a p\u00e1gina inicial do bate-papo do Y99.<\/p>\n<h3>Etapa 2: Escolha uma sala ou op\u00e7\u00e3o<\/h3>\n<ul>\n<li>Entre em uma sala de bate-papo p\u00fablica que corresponda a seus interesses.<\/li>\n<li>Ou selecione o bate-papo privado\/aleat\u00f3rio para se conectar individualmente.<\/li>\n<\/ul>\n<h3>Etapa 3: Iniciar o bate-papo<\/h3>\n<ul>\n<li>Envie texto, emojis ou notas de voz.<\/li>\n<li>Mantenha as coisas informais, leves e respeitosas.<\/li>\n<\/ul>\n<h3>Etapa 4: Adicionar amigos<\/h3>\n<ul>\n<li>Se voc\u00ea encontrar algu\u00e9m interessante, envie uma solicita\u00e7\u00e3o de amizade.<\/li>\n<li>Crie uma lista de contatos pessoais para conversas cont\u00ednuas.<\/li>\n<\/ul>\n<h2>Experi\u00eancia do usu\u00e1rio no Y99<\/h2>\n<p>O Y99 tem um design minimalista que se concentra na fun\u00e7\u00e3o e n\u00e3o em recursos visuais chamativos.<\/p>\n<h3>Pr\u00f3s<\/h3>\n<ul>\n<li>N\u00e3o \u00e9 necess\u00e1rio registro para uso b\u00e1sico.<\/li>\n<li>Variedade de t\u00f3picos de salas de bate-papo.<\/li>\n<li>Simples e r\u00e1pido para come\u00e7ar.<\/li>\n<li>Acesso gratuito para a maioria dos usu\u00e1rios.<\/li>\n<\/ul>\n<h3>Contras<\/h3>\n<ul>\n<li>N\u00e3o possui filtros avan\u00e7ados (como g\u00eanero\/localiza\u00e7\u00e3o), a menos que voc\u00ea fa\u00e7a upgrade.<\/li>\n<li>Algumas salas podem ficar superlotadas ou com spam.<\/li>\n<li>O bate-papo por v\u00eddeo n\u00e3o \u00e9 t\u00e3o forte quanto em plataformas como Omegle ou Emerald Chat.<\/li>\n<\/ul>\n<h2>Y99 vs. outras plataformas de bate-papo aleat\u00f3rio<\/h2>\n<table>\n<thead>\n<tr>\n<th>Recurso<\/th>\n<th>Y99<\/th>\n<th>Omegle<\/th>\n<th>ChatHub<\/th>\n<th>Chat Avenue<\/th>\n<th>Wireclub<\/th>\n<th>Emerald Chat<\/th>\n<\/tr>\n<\/thead>\n<tbody>\n<tr>\n<td>Salas de bate-papo p\u00fablicas<\/td>\n<td>\u2705 Sim<\/td>\n<td>\u274c N\u00e3o<\/td>\n<td>\u274c N\u00e3o<\/td>\n<td>\u2705 Sim<\/td>\n<td>\u2705 Sim<\/td>\n<td>\u274c N\u00e3o<\/td>\n<\/tr>\n<tr>\n<td>Bate-papo aleat\u00f3rio individual<\/td>\n<td>\u2705 Sim<\/td>\n<td>\u2705 Sim<\/td>\n<td>\u2705 Sim<\/td>\n<td>\u2705 Sim<\/td>\n<td>\u274c N\u00e3o<\/td>\n<td>\u2705 Sim<\/td>\n<\/tr>\n<tr>\n<td>Bate-papo por voz<\/td>\n<td>\u2705 Sim<\/td>\n<td>\u274c N\u00e3o<\/td>\n<td>\u274c N\u00e3o<\/td>\n<td>\u274c N\u00e3o<\/td>\n<td>\u2705 Sim<\/td>\n<td>\u2705 Sim<\/td>\n<\/tr>\n<tr>\n<td>Bate-papo por v\u00eddeo<\/td>\n<td>\u274c Limitada<\/td>\n<td>\u2705 Sim<\/td>\n<td>\u2705 Sim<\/td>\n<td>\u274c N\u00e3o<\/td>\n<td>\u274c N\u00e3o<\/td>\n<td>\u2705 Sim<\/td>\n<\/tr>\n<tr>\n<td>Solicita\u00e7\u00f5es de amizade\/perfis<\/td>\n<td>\u2705 Sim<\/td>\n<td>\u274c N\u00e3o<\/td>\n<td>\u2705 Sim<\/td>\n<td>\u274c N\u00e3o<\/td>\n<td>\u2705 Sim<\/td>\n<td>\u2705 Sim<\/td>\n<\/tr>\n<tr>\n<td>Acesso an\u00f4nimo<\/td>\n<td>\u2705 Sim<\/td>\n<td>\u2705 Sim<\/td>\n<td>\u2705 Sim<\/td>\n<td>\u2705 Sim<\/td>\n<td>\u274c Limitada<\/td>\n<td>\u2705 Sim<\/td>\n<\/tr>\n<\/tbody>\n<\/table>\n<p>Resumo: O Y99 \u00e9 mais forte em salas de bate-papo de grupo\/comunidade do que muitos concorrentes, mas \u00e9 mais fraco quando se trata de bate-papo por v\u00eddeo com recursos completos.<\/p>\n<h2>Seguran\u00e7a no Y99<\/h2>\n<p>Como em todas as plataformas que envolvem conversas com estranhos, a seguran\u00e7a \u00e9 uma considera\u00e7\u00e3o importante. O Y99 toma algumas medidas, mas os usu\u00e1rios tamb\u00e9m devem agir com responsabilidade.<\/p>\n<h3>Recursos de seguran\u00e7a incorporados<\/h3>\n<ul>\n<li>Anonimato (n\u00e3o \u00e9 necess\u00e1rio ter e-mail ou telefone para come\u00e7ar).<\/li>\n<li>Ferramentas de relat\u00f3rio e bloqueio.<\/li>\n<li>Moderadores presentes em algumas salas.<\/li>\n<\/ul>\n<h3>Dicas de seguran\u00e7a<\/h3>\n<ul>\n<li>Evite compartilhar informa\u00e7\u00f5es pessoais (endere\u00e7o, telefone, m\u00eddia social).<\/li>\n<li>Denuncie imediatamente comportamentos suspeitos ou abusivos.<\/li>\n<li>Os pais devem monitorar as crian\u00e7as, pois o Y99 \u00e9 acess\u00edvel a todas as idades.<\/li>\n<\/ul>\n<h2>Dicas para aproveitar o Y99<\/h2>\n<ul>\n<li>Participe de salas menores para conversas mais profundas.<\/li>\n<li>Experimente o bate-papo por voz para tornar as intera\u00e7\u00f5es mais pessoais.<\/li>\n<li>Use solicita\u00e7\u00f5es de amizade para criar conex\u00f5es duradouras.<\/li>\n<li>Permane\u00e7a an\u00f4nimo at\u00e9 que a confian\u00e7a seja constru\u00edda.<\/li>\n<li>Explore salas internacionais para interc\u00e2mbio cultural.<\/li>\n<\/ul>\n<h2>Problemas comuns e corre\u00e7\u00f5es<\/h2>\n<h3>N\u00e3o \u00e9 poss\u00edvel se conectar ao bate-papo<\/h3>\n<ul>\n<li>Atualize a p\u00e1gina ou troque de navegador.<\/li>\n<li>Limpar cookies\/cache.<\/li>\n<\/ul>\n<h3>O bate-papo por voz n\u00e3o est\u00e1 funcionando<\/h3>\n<ul>\n<li>Verifique as permiss\u00f5es do microfone.<\/li>\n<li>Tente trocar de dispositivo, se necess\u00e1rio.<\/li>\n<\/ul>\n<h3>Encontrando spam\/bots<\/h3>\n<ul>\n<li>Fique em salas moderadas.<\/li>\n<li>Use a fun\u00e7\u00e3o de relat\u00f3rio\/bloco.<\/li>\n<\/ul>\n<h2>Por que as pessoas escolhem o Y99<\/h2>\n<p>O Y99 tornou-se popular porque parece uma mistura de salas de bate-papo da velha guarda e aplicativos modernos de bate-papo an\u00f4nimo. Para muitos, \u00e9 nost\u00e1lgico, lembrando a cultura da Internet do in\u00edcio dos anos 2000, mas com ferramentas adicionais, como bate-papo por voz e listas de amigos.<\/p>\n<p>Ele n\u00e3o \u00e9 t\u00e3o visual quanto as plataformas baseadas em v\u00eddeo, como o Omegle, mas conquistou um nicho entre as pessoas que preferem intera\u00e7\u00f5es baseadas em texto e orientadas para a comunidade.<\/p>\n<p>Se voc\u00ea estiver procurando uma comunidade de bate-papo que ofere\u00e7a salas p\u00fablicas e conversas privadas, vale a pena experimentar o Y99. Ele \u00e9 gratuito, r\u00e1pido e simples de usar, com recursos suficientes para manter as coisas interessantes sem sobrecarregar os novos usu\u00e1rios.<\/p>\n<p>Embora possa n\u00e3o ter a experi\u00eancia completa de bate-papo por v\u00eddeo de plataformas como Emerald Chat ou Chatroulette, o Y99 se destaca por seu aspecto de comunidade, tornando-o ideal para pessoas que gostam de discuss\u00f5es em grupo e salas tem\u00e1ticas.<\/p>\n<p>Em resumo, o Y99 \u00e9 uma op\u00e7\u00e3o confi\u00e1vel para:<\/p>\n<ul>\n<li>Pessoas que adoram salas de bate-papo cl\u00e1ssicas.<\/li>\n<li>Aqueles que buscam op\u00e7\u00f5es de bate-papo por voz junto com texto.<\/li>\n<li>Qualquer pessoa que esteja procurando maneiras gratuitas e an\u00f4nimas de conhecer novas pessoas on-line.<\/li>\n<\/ul>\n<p>Pronto para experimentar o Y99? Visite o site, escolha uma sala e mergulhe nas conversas que est\u00e3o esperando por voc\u00ea.<\/p>","protected":false},"excerpt":{"rendered":"<p>In today\u2019s digital age, connecting with strangers has become easier than ever before. While apps like WhatsApp and Facebook Messenger keep us in touch with family and friends, platforms like Y99 focus on something different: making new connections with people you\u2019ve never met before. Y99 has grown into one of the more recognizable names in [&hellip;]<\/p>\n","protected":false},"author":6,"featured_media":0,"parent":0,"menu_order":0,"comment_status":"closed","ping_status":"closed","template":"","meta":{"footnotes":""},"class_list":["post-5227","page","type-page","status-publish","hentry"],"yoast_head":"<!-- This site is optimized with the Yoast SEO plugin v27.6 - https:\/\/yoast.com\/product\/yoast-seo-wordpress\/ -->\n<title>Y99 - Free Random Guest Chat Rooms - TinyChat.com<\/title>\n<meta name=\"description\" content=\"Enjoying Y99? Join over 50,000,000 strangers on TinyChat! Turn on your cam and start meeting new people, or find a match.\" \/>\n<meta name=\"robots\" content=\"index, follow, max-snippet:-1, max-image-preview:large, max-video-preview:-1\" \/>\n<link rel=\"canonical\" href=\"https:\/\/tinychat.com\/pt-br\/y99\/\" \/>\n<meta property=\"og:locale\" content=\"pt_BR\" \/>\n<meta property=\"og:type\" content=\"article\" \/>\n<meta property=\"og:title\" content=\"Y99 - Free Random Guest Chat Rooms - TinyChat.com\" \/>\n<meta property=\"og:description\" content=\"Enjoying Y99? Join over 50,000,000 strangers on TinyChat! Turn on your cam and start meeting new people, or find a match.\" \/>\n<meta property=\"og:url\" content=\"https:\/\/tinychat.com\/pt-br\/y99\/\" \/>\n<meta property=\"og:site_name\" content=\"TinyChat\" \/>\n<meta property=\"article:publisher\" content=\"https:\/\/www.facebook.com\/tinychat\" \/>\n<meta property=\"article:modified_time\" content=\"2025-08-18T08:15:22+00:00\" \/>\n<meta property=\"og:image\" content=\"https:\/\/tinychat.com\/wp-content\/uploads\/2020\/04\/Tinychat-logo-1280x284-new-black.png\" \/>\n\t<meta property=\"og:image:width\" content=\"1280\" \/>\n\t<meta property=\"og:image:height\" content=\"284\" \/>\n\t<meta property=\"og:image:type\" content=\"image\/png\" \/>\n<meta name=\"twitter:card\" content=\"summary_large_image\" \/>\n<meta name=\"twitter:site\" content=\"@tinychat\" \/>\n<meta name=\"twitter:label1\" content=\"Est. tempo de leitura\" \/>\n\t<meta name=\"twitter:data1\" content=\"5 minutos\" \/>\n<script type=\"application\/ld+json\" class=\"yoast-schema-graph\">{\"@context\":\"https:\\\/\\\/schema.org\",\"@graph\":[{\"@type\":\"WebPage\",\"@id\":\"https:\\\/\\\/tinychat.com\\\/y99\\\/\",\"url\":\"https:\\\/\\\/tinychat.com\\\/y99\\\/\",\"name\":\"Y99 - Free Random Guest Chat Rooms - TinyChat.com\",\"isPartOf\":{\"@id\":\"https:\\\/\\\/tinychat.com\\\/#website\"},\"datePublished\":\"2025-08-18T07:37:25+00:00\",\"dateModified\":\"2025-08-18T08:15:22+00:00\",\"description\":\"Enjoying Y99? Join over 50,000,000 strangers on TinyChat! Turn on your cam and start meeting new people, or find a match.\",\"breadcrumb\":{\"@id\":\"https:\\\/\\\/tinychat.com\\\/y99\\\/#breadcrumb\"},\"inLanguage\":\"pt-BR\",\"potentialAction\":[{\"@type\":\"ReadAction\",\"target\":[\"https:\\\/\\\/tinychat.com\\\/y99\\\/\"]}]},{\"@type\":\"BreadcrumbList\",\"@id\":\"https:\\\/\\\/tinychat.com\\\/y99\\\/#breadcrumb\",\"itemListElement\":[{\"@type\":\"ListItem\",\"position\":1,\"name\":\"Home\",\"item\":\"https:\\\/\\\/tinychat.com\\\/\"},{\"@type\":\"ListItem\",\"position\":2,\"name\":\"Y99\"}]},{\"@type\":\"WebSite\",\"@id\":\"https:\\\/\\\/tinychat.com\\\/#website\",\"url\":\"https:\\\/\\\/tinychat.com\\\/\",\"name\":\"TinyChat\",\"description\":\"Random Video Chat with Strangers\",\"publisher\":{\"@id\":\"https:\\\/\\\/tinychat.com\\\/#organization\"},\"alternateName\":\"TinyChat.com\",\"potentialAction\":[{\"@type\":\"SearchAction\",\"target\":{\"@type\":\"EntryPoint\",\"urlTemplate\":\"https:\\\/\\\/tinychat.com\\\/?s={search_term_string}\"},\"query-input\":{\"@type\":\"PropertyValueSpecification\",\"valueRequired\":true,\"valueName\":\"search_term_string\"}}],\"inLanguage\":\"pt-BR\"},{\"@type\":\"Organization\",\"@id\":\"https:\\\/\\\/tinychat.com\\\/#organization\",\"name\":\"TinyChat\",\"alternateName\":\"TinyChat.com\",\"url\":\"https:\\\/\\\/tinychat.com\\\/\",\"logo\":{\"@type\":\"ImageObject\",\"inLanguage\":\"pt-BR\",\"@id\":\"https:\\\/\\\/tinychat.com\\\/#\\\/schema\\\/logo\\\/image\\\/\",\"url\":\"https:\\\/\\\/tinychat.com\\\/wp-content\\\/uploads\\\/2023\\\/11\\\/Tinychat-icon-square.png\",\"contentUrl\":\"https:\\\/\\\/tinychat.com\\\/wp-content\\\/uploads\\\/2023\\\/11\\\/Tinychat-icon-square.png\",\"width\":284,\"height\":284,\"caption\":\"TinyChat\"},\"image\":{\"@id\":\"https:\\\/\\\/tinychat.com\\\/#\\\/schema\\\/logo\\\/image\\\/\"},\"sameAs\":[\"https:\\\/\\\/www.facebook.com\\\/tinychat\",\"https:\\\/\\\/x.com\\\/tinychat\"]}]}<\/script>\n<!-- \/ Yoast SEO plugin. -->","yoast_head_json":{"title":"Y99 - Salas de bate-papo aleat\u00f3rias gratuitas - TinyChat.com","description":"Est\u00e1 gostando do Y99? Junte-se a mais de 50.000.000 de estranhos no TinyChat! Ligue sua c\u00e2mera e comece a conhecer novas pessoas ou encontre um par.","robots":{"index":"index","follow":"follow","max-snippet":"max-snippet:-1","max-image-preview":"max-image-preview:large","max-video-preview":"max-video-preview:-1"},"canonical":"https:\/\/tinychat.com\/pt-br\/y99\/","og_locale":"pt_BR","og_type":"article","og_title":"Y99 - Free Random Guest Chat Rooms - TinyChat.com","og_description":"Enjoying Y99? Join over 50,000,000 strangers on TinyChat! Turn on your cam and start meeting new people, or find a match.","og_url":"https:\/\/tinychat.com\/pt-br\/y99\/","og_site_name":"TinyChat","article_publisher":"https:\/\/www.facebook.com\/tinychat","article_modified_time":"2025-08-18T08:15:22+00:00","og_image":[{"width":1280,"height":284,"url":"https:\/\/tinychat.com\/wp-content\/uploads\/2020\/04\/Tinychat-logo-1280x284-new-black.png","type":"image\/png"}],"twitter_card":"summary_large_image","twitter_site":"@tinychat","twitter_misc":{"Est. tempo de leitura":"5 minutos"},"schema":{"@context":"https:\/\/schema.org","@graph":[{"@type":"WebPage","@id":"https:\/\/tinychat.com\/y99\/","url":"https:\/\/tinychat.com\/y99\/","name":"Y99 - Salas de bate-papo aleat\u00f3rias gratuitas - TinyChat.com","isPartOf":{"@id":"https:\/\/tinychat.com\/#website"},"datePublished":"2025-08-18T07:37:25+00:00","dateModified":"2025-08-18T08:15:22+00:00","description":"Est\u00e1 gostando do Y99? Junte-se a mais de 50.000.000 de estranhos no TinyChat! Ligue sua c\u00e2mera e comece a conhecer novas pessoas ou encontre um par.","breadcrumb":{"@id":"https:\/\/tinychat.com\/y99\/#breadcrumb"},"inLanguage":"pt-BR","potentialAction":[{"@type":"ReadAction","target":["https:\/\/tinychat.com\/y99\/"]}]},{"@type":"BreadcrumbList","@id":"https:\/\/tinychat.com\/y99\/#breadcrumb","itemListElement":[{"@type":"ListItem","position":1,"name":"Home","item":"https:\/\/tinychat.com\/"},{"@type":"ListItem","position":2,"name":"Y99"}]},{"@type":"WebSite","@id":"https:\/\/tinychat.com\/#website","url":"https:\/\/tinychat.com\/","name":"TinyChat","description":"Bate-papo por v\u00eddeo aleat\u00f3rio com estranhos","publisher":{"@id":"https:\/\/tinychat.com\/#organization"},"alternateName":"TinyChat.com","potentialAction":[{"@type":"SearchAction","target":{"@type":"EntryPoint","urlTemplate":"https:\/\/tinychat.com\/?s={search_term_string}"},"query-input":{"@type":"PropertyValueSpecification","valueRequired":true,"valueName":"search_term_string"}}],"inLanguage":"pt-BR"},{"@type":"Organization","@id":"https:\/\/tinychat.com\/#organization","name":"TinyChat","alternateName":"TinyChat.com","url":"https:\/\/tinychat.com\/","logo":{"@type":"ImageObject","inLanguage":"pt-BR","@id":"https:\/\/tinychat.com\/#\/schema\/logo\/image\/","url":"https:\/\/tinychat.com\/wp-content\/uploads\/2023\/11\/Tinychat-icon-square.png","contentUrl":"https:\/\/tinychat.com\/wp-content\/uploads\/2023\/11\/Tinychat-icon-square.png","width":284,"height":284,"caption":"TinyChat"},"image":{"@id":"https:\/\/tinychat.com\/#\/schema\/logo\/image\/"},"sameAs":["https:\/\/www.facebook.com\/tinychat","https:\/\/x.com\/tinychat"]}]}},"_links":{"self":[{"href":"https:\/\/tinychat.com\/pt-br\/wp-json\/wp\/v2\/pages\/5227","targetHints":{"allow":["GET"]}}],"collection":[{"href":"https:\/\/tinychat.com\/pt-br\/wp-json\/wp\/v2\/pages"}],"about":[{"href":"https:\/\/tinychat.com\/pt-br\/wp-json\/wp\/v2\/types\/page"}],"author":[{"embeddable":true,"href":"https:\/\/tinychat.com\/pt-br\/wp-json\/wp\/v2\/users\/6"}],"replies":[{"embeddable":true,"href":"https:\/\/tinychat.com\/pt-br\/wp-json\/wp\/v2\/comments?post=5227"}],"version-history":[{"count":3,"href":"https:\/\/tinychat.com\/pt-br\/wp-json\/wp\/v2\/pages\/5227\/revisions"}],"predecessor-version":[{"id":13459,"href":"https:\/\/tinychat.com\/pt-br\/wp-json\/wp\/v2\/pages\/5227\/revisions\/13459"}],"wp:attachment":[{"href":"https:\/\/tinychat.com\/pt-br\/wp-json\/wp\/v2\/media?parent=5227"}],"curies":[{"name":"wp","href":"https:\/\/api.w.org\/{rel}","templated":true}]}}