{"id":80,"date":"2025-08-27T08:35:29","date_gmt":"2025-08-27T06:35:29","guid":{"rendered":"https:\/\/tinychat.com\/?page_id=80"},"modified":"2025-08-27T09:35:21","modified_gmt":"2025-08-27T07:35:21","slug":"chat-alternative","status":"publish","type":"page","link":"https:\/\/tinychat.com\/pt-br\/chat-alternative\/","title":{"rendered":"Chat Alternative"},"content":{"rendered":"<p>O mundo da comunica\u00e7\u00e3o on-line mudou radicalmente na \u00faltima d\u00e9cada. As plataformas de m\u00eddia social est\u00e3o saturadas de feeds selecionados, os aplicativos de namoro se concentram muito na mec\u00e2nica de deslizar e as ferramentas de mensagens instant\u00e2neas nos mant\u00eam presos aos mesmos c\u00edrculos de amigos. Para as pessoas que anseiam por espontaneidade e conex\u00e3o humana genu\u00edna, as plataformas de bate-papo aleat\u00f3rio continuam t\u00e3o interessantes como sempre. Uma dessas plataformas \u00e9 o Chat Alternative, um servi\u00e7o criado para facilitar e agilizar o encontro on-line com estranhos.<\/p>\n<p>Criado com base no conceito de bate-papo por v\u00eddeo an\u00f4nimo individual, o Chat Alternative permite que voc\u00ea se conecte instantaneamente com pessoas do mundo todo. Se estiver procurando uma conversa casual, um interc\u00e2mbio cultural ou apenas para passar algum tempo com pessoas novas, o Chat Alternative oferece uma experi\u00eancia leve e acess\u00edvel semelhante ao Omegle, Chatroulette e ChatHub, mas com seu pr\u00f3prio toque de modernidade.<\/p>\n<p>Esta an\u00e1lise detalhada aborda o que \u00e9 o Chat Alternative, seus principais recursos, como funciona, a experi\u00eancia do usu\u00e1rio, ferramentas de seguran\u00e7a, compara\u00e7\u00f5es com concorrentes e dicas para maximizar sua experi\u00eancia.<\/p>\n<h2>O que \u00e9 o Chat Alternative?<\/h2>\n<p>O Chat Alternative \u00e9 uma plataforma de bate-papo por v\u00eddeo aleat\u00f3rio que permite que as pessoas conhe\u00e7am estranhos por meio de sua webcam e microfone. Como o Omegle, ele conecta usu\u00e1rios instantaneamente sem exigir perfis ou longas inscri\u00e7\u00f5es. As conversas s\u00e3o tempor\u00e1rias, privadas e individuais, o que a torna ideal para aqueles que preferem intera\u00e7\u00f5es aut\u00eanticas e sem filtros em vez de identidades on-line selecionadas.<\/p>\n<p>O nome da plataforma reflete sua miss\u00e3o: servir como uma alternativa \u00e0s principais plataformas de bate-papo, oferecendo aos usu\u00e1rios mais liberdade, anonimato e variedade.<\/p>\n<h2>Principais recursos do Chat Alternative<\/h2>\n<p>O Chat Alternative mant\u00e9m a f\u00f3rmula simples, mas acrescenta funcionalidade suficiente para tornar as conversas mais fluidas.<\/p>\n<h3>1. Chat de v\u00eddeo instant\u00e2neo individual<\/h3>\n<ul>\n<li>Combina voc\u00ea instantaneamente com estranhos em todo o mundo.<\/li>\n<li>N\u00e3o \u00e9 necess\u00e1rio ter contas ou perfis.<\/li>\n<li>O bot\u00e3o \"Next\" permite que voc\u00ea pule e siga em frente instantaneamente.<\/li>\n<\/ul>\n<h3>2. Alcance global<\/h3>\n<ul>\n<li>Conecta pessoas de dezenas de pa\u00edses.<\/li>\n<li>\u00d3timo para interc\u00e2mbio cultural e para conhecer pessoas fora de seu c\u00edrculo local.<\/li>\n<\/ul>\n<h3>3. Anonimato<\/h3>\n<ul>\n<li>N\u00e3o \u00e9 necess\u00e1rio registro.<\/li>\n<li>As conversas s\u00e3o privadas e tempor\u00e1rias.<\/li>\n<li>Voc\u00ea decide o que compartilhar durante o bate-papo.<\/li>\n<\/ul>\n<h3>4. Suporte a bate-papo por texto<\/h3>\n<ul>\n<li>Caixa de texto dispon\u00edvel ao lado do v\u00eddeo.<\/li>\n<li>\u00datil quando o \u00e1udio \u00e9 ruim ou se voc\u00ea preferir digitar.<\/li>\n<\/ul>\n<h3>5. Design compat\u00edvel com dispositivos m\u00f3veis<\/h3>\n<ul>\n<li>Otimizado para navegadores de desktop e m\u00f3veis.<\/li>\n<li>Funciona em qualquer lugar sem a necessidade de baixar aplicativos.<\/li>\n<\/ul>\n<h3>6. Interface minimalista<\/h3>\n<ul>\n<li>Design limpo, simples e sem distra\u00e7\u00f5es.<\/li>\n<li>O foco permanece na conversa, n\u00e3o nos recursos.<\/li>\n<\/ul>\n<h2>Como usar o Chat Alternative<\/h2>\n<p>A atratividade do Chat Alternative est\u00e1 no fato de ser r\u00e1pido e f\u00e1cil de come\u00e7ar.<\/p>\n<h3>Etapa 1: Visite o site<\/h3>\n<p>Abra o Chat Alternative em seu navegador no desktop ou no celular.<\/p>\n<h3>Etapa 2: habilitar permiss\u00f5es<\/h3>\n<p>Conceda acesso \u00e0 sua c\u00e2mera e ao microfone se quiser usar o bate-papo por v\u00eddeo e voz.<\/p>\n<h3>Etapa 3: Clique em Iniciar<\/h3>\n<p>Comece a conversar instantaneamente com um estranho aleat\u00f3rio.<\/p>\n<h3>Etapa 4: Conversar ou pular<\/h3>\n<p>Permane\u00e7a em uma conversa se ela for agrad\u00e1vel. Caso contr\u00e1rio, clique em \"Next\" (Pr\u00f3ximo) para seguir em frente.<\/p>\n<h3>Etapa 5: Repetir<\/h3>\n<p>Continue se conectando sem parar - n\u00e3o h\u00e1 limites.<\/p>\n<p>Esse estilo de entrada e sa\u00edda \u00e9 ideal para conversas r\u00e1pidas ou sess\u00f5es mais longas.<\/p>\n<h2>Experi\u00eancia do usu\u00e1rio no Chat Alternative<\/h2>\n<p>O Chat Alternative foi projetado para ser r\u00e1pido, simples e acess\u00edvel.<\/p>\n<h3>O que os usu\u00e1rios gostam<\/h3>\n<ul>\n<li>Correspond\u00eancia instant\u00e2nea sem registro.<\/li>\n<li>Interface limpa e minimalista que \u00e9 f\u00e1cil de usar.<\/li>\n<li>O anonimato permite conversas com pouca press\u00e3o.<\/li>\n<li>Funciona sem problemas em dispositivos m\u00f3veis e computadores.<\/li>\n<\/ul>\n<h3>Onde os usu\u00e1rios veem espa\u00e7o para melhorias<\/h3>\n<ul>\n<li>N\u00e3o h\u00e1 filtros avan\u00e7ados (g\u00eanero, local) na vers\u00e3o gratuita.<\/li>\n<li>N\u00e3o h\u00e1 op\u00e7\u00e3o de reconex\u00e3o se voc\u00ea perder um bom bate-papo.<\/li>\n<li>A aleatoriedade significa que voc\u00ea pode conhecer pessoas que n\u00e3o se encaixam bem.<\/li>\n<\/ul>\n<p>No geral, os usu\u00e1rios gostam da sensa\u00e7\u00e3o cl\u00e1ssica do bate-papo aleat\u00f3rio com um toque moderno, o que o torna uma op\u00e7\u00e3o s\u00f3lida para aqueles que desejam conversas simples e diretas.<\/p>\n<h2>Chat Alternative vs. outras plataformas<\/h2>\n<p>Veja como o Chat Alternative se compara a alguns de seus concorrentes:<\/p>\n<table>\n<thead>\n<tr>\n<th>Recurso<\/th>\n<th>Chat Alternative<\/th>\n<th>Omegle<\/th>\n<th>Chatroulette<\/th>\n<th>ChatHub<\/th>\n<th>Emerald Chat<\/th>\n<th>TinyChat<\/th>\n<\/tr>\n<\/thead>\n<tbody>\n<tr>\n<td>V\u00eddeo instant\u00e2neo individual<\/td>\n<td>\u2705 Sim<\/td>\n<td>\u2705 Sim<\/td>\n<td>\u2705 Sim<\/td>\n<td>\u2705 Sim<\/td>\n<td>\u2705 Sim<\/td>\n<td>\u274c N\u00e3o<\/td>\n<\/tr>\n<tr>\n<td>Op\u00e7\u00e3o de bate-papo por texto<\/td>\n<td>\u2705 Sim<\/td>\n<td>\u2705 Sim<\/td>\n<td>\u2705 Sim<\/td>\n<td>\u2705 Sim<\/td>\n<td>\u2705 Sim<\/td>\n<td>\u2705 Sim<\/td>\n<\/tr>\n<tr>\n<td>Anonimato<\/td>\n<td>\u2705 Forte<\/td>\n<td>\u2705 Forte<\/td>\n<td>\u2705 Forte<\/td>\n<td>\u2705 Moderado<\/td>\n<td>\u2705 Moderado<\/td>\n<td>Fraco<\/td>\n<\/tr>\n<tr>\n<td>Filtros (g\u00eanero\/localiza\u00e7\u00e3o)<\/td>\n<td>\u274c N\u00e3o<\/td>\n<td>\u274c N\u00e3o<\/td>\n<td>\u2705 Limitada<\/td>\n<td>\u2705 Sim<\/td>\n<td>\u2705 Sim<\/td>\n<td>\u2705 Sim<\/td>\n<\/tr>\n<tr>\n<td>Sistema Friend\/Follow<\/td>\n<td>\u274c N\u00e3o<\/td>\n<td>\u274c N\u00e3o<\/td>\n<td>\u274c N\u00e3o<\/td>\n<td>\u2705 Sim<\/td>\n<td>\u2705 Sim<\/td>\n<td>\u2705 Sim<\/td>\n<\/tr>\n<tr>\n<td>Compat\u00edvel com dispositivos m\u00f3veis<\/td>\n<td>\u2705 Sim<\/td>\n<td>\u2705 Sim<\/td>\n<td>\u2705 Sim<\/td>\n<td>\u2705 Sim<\/td>\n<td>\u2705 Sim<\/td>\n<td>\u2705 Sim<\/td>\n<\/tr>\n<\/tbody>\n<\/table>\n<p>Resumo: o Chat Alternative \u00e9 mais compar\u00e1vel ao Omegle e ao Chatroulette, mantendo a experi\u00eancia despojada e focada em conversas aleat\u00f3rias individuais.<\/p>\n<h2>O Chat Alternative \u00e9 seguro?<\/h2>\n<p>A seguran\u00e7a \u00e9 sempre uma considera\u00e7\u00e3o a ser feita nas plataformas de bate-papo aleat\u00f3rio. O Chat Alternative enfatiza o anonimato, mas os usu\u00e1rios ainda devem ter cuidado.<\/p>\n<h3>Recursos de seguran\u00e7a incorporados<\/h3>\n<ul>\n<li>N\u00e3o s\u00e3o necess\u00e1rias contas ou dados pessoais.<\/li>\n<li>As conversas s\u00e3o tempor\u00e1rias e n\u00e3o s\u00e3o armazenadas.<\/li>\n<li>O bot\u00e3o Skip oferece controle instant\u00e2neo.<\/li>\n<\/ul>\n<h3>Dicas de seguran\u00e7a para usu\u00e1rios<\/h3>\n<p>Evite compartilhar detalhes pessoais como seu nome, telefone ou local.<\/p>\n<p>Encerre os bate-papos que pare\u00e7am desconfort\u00e1veis.<\/p>\n<p>Use em ambientes seguros e privados.<\/p>\n<p>Os pais devem monitorar os usu\u00e1rios mais jovens.<\/p>\n<p>Considere o uso de uma VPN para aumentar a privacidade.<\/p>\n<h2>Dicas para obter o m\u00e1ximo do Chat Alternative<\/h2>\n<ul>\n<li>Aproveite a aleatoriedade - cada partida \u00e9 uma surpresa.<\/li>\n<li>Participe durante os hor\u00e1rios de pico para ter conversas mais ativas.<\/li>\n<li>Uma boa ilumina\u00e7\u00e3o e um v\u00eddeo claro criam uma primeira impress\u00e3o melhor.<\/li>\n<li>Mantenha os t\u00f3picos leves e casuais - os bate-papos aleat\u00f3rios prosperam com o humor.<\/li>\n<li>Use fones de ouvido para obter melhor qualidade de som.<\/li>\n<li>Pule livremente - nem todas as partidas ser\u00e3o adequadas, e isso \u00e9 normal.<\/li>\n<\/ul>\n<h2>Problemas comuns e corre\u00e7\u00f5es<\/h2>\n<h3>Problema: a c\u00e2mera\/microfone n\u00e3o funciona<\/h3>\n<ul>\n<li>Verifique as permiss\u00f5es do navegador.<\/li>\n<li>Verifique se nenhum outro aplicativo est\u00e1 usando a c\u00e2mera.<\/li>\n<li>Reinicie seu dispositivo ou navegador.<\/li>\n<\/ul>\n<h3>Problema: Nenhuma correspond\u00eancia encontrada<\/h3>\n<ul>\n<li>Atualizar a p\u00e1gina.<\/li>\n<li>Tente em hor\u00e1rios diferentes (noites\/fins de semana geralmente s\u00e3o mais movimentados).<\/li>\n<\/ul>\n<h3>Problema: Qualidade de v\u00eddeo ruim<\/h3>\n<ul>\n<li>Use Wi-Fi em vez de dados m\u00f3veis.<\/li>\n<li>Feche os aplicativos que consomem muita largura de banda.<\/li>\n<\/ul>\n<h3>Problema: Encontrando um comportamento negativo<\/h3>\n<ul>\n<li>Encerre o bate-papo imediatamente.<\/li>\n<li>Use skip e siga em frente.<\/li>\n<\/ul>\n<h2>Por que as pessoas escolhem o Chat Alternative<\/h2>\n<p>O Chat Alternative atrai pessoas que valorizam:<\/p>\n<ul>\n<li>Simplicidade - bate-papos r\u00e1pidos sem bagun\u00e7a.<\/li>\n<li>Anonimato - sem contas, sem press\u00e3o.<\/li>\n<li>Acessibilidade - funciona instantaneamente em todos os dispositivos.<\/li>\n<li>Alcance global - conversas com pessoas do mundo todo.<\/li>\n<\/ul>\n<p>Ele captura a emo\u00e7\u00e3o central do bate-papo aleat\u00f3rio sem complicar demais as coisas.<\/p>\n<p>Se estiver procurando uma plataforma de bate-papo por v\u00eddeo aleat\u00f3rio r\u00e1pida, an\u00f4nima e direta, vale a pena experimentar o Chat Alternative. Ele n\u00e3o tem os filtros avan\u00e7ados ou as ferramentas sociais de plataformas como o Emerald Chat, mas isso faz parte do seu charme - ele mant\u00e9m o foco em conversas puras e n\u00e3o planejadas.<\/p>\n<p>Se voc\u00ea est\u00e1 aqui para:<\/p>\n<ul>\n<li>Passar o tempo.<\/li>\n<li>Explorar culturas globais.<\/li>\n<li>Praticar um idioma.<\/li>\n<li>Ou simplesmente gosta de conhecer algu\u00e9m novo...<\/li>\n<\/ul>\n<p>O Chat Alternative fornece.<\/p>\n<p>Resumindo: o Chat Alternative \u00e9 um site de bate-papo por v\u00eddeo moderno e voltado para o b\u00e1sico que oferece exatamente o que o nome sugere: uma alternativa ao bate-papo convencional, com foco em conex\u00f5es r\u00e1pidas e genu\u00ednas.<\/p>\n<p>Pronto para experimentar? Visite o Chat Alternative, clique em iniciar e veja quem voc\u00ea conhecer\u00e1 em seguida.<\/p>","protected":false},"excerpt":{"rendered":"<p>The world of online communication has shifted dramatically in the last decade. Social media platforms are saturated with curated feeds, dating apps focus heavily on swiping mechanics, and instant messaging tools keep us tethered to the same circles of friends. For people who crave spontaneity and genuine human connection, random chat platforms remain as exciting [&hellip;]<\/p>\n","protected":false},"author":6,"featured_media":0,"parent":0,"menu_order":0,"comment_status":"closed","ping_status":"closed","template":"","meta":{"footnotes":""},"class_list":["post-80","page","type-page","status-publish","hentry"],"yoast_head":"<!-- This site is optimized with the Yoast SEO plugin v27.3 - https:\/\/yoast.com\/product\/yoast-seo-wordpress\/ -->\n<title>Chat Alternative - Free Video Chat - TinyChat.com<\/title>\n<meta name=\"description\" content=\"Enjoying Chat Alternative? Join over 50,000,000 strangers on TinyChat! Turn on your cam and start meeting new people, or find a match.\" \/>\n<meta name=\"robots\" content=\"index, follow, max-snippet:-1, max-image-preview:large, max-video-preview:-1\" \/>\n<link rel=\"canonical\" href=\"https:\/\/tinychat.com\/pt-br\/chat-alternative\/\" \/>\n<meta property=\"og:locale\" content=\"pt_BR\" \/>\n<meta property=\"og:type\" content=\"article\" \/>\n<meta property=\"og:title\" content=\"Chat Alternative - Free Video Chat - TinyChat.com\" \/>\n<meta property=\"og:description\" content=\"Enjoying Chat Alternative? Join over 50,000,000 strangers on TinyChat! Turn on your cam and start meeting new people, or find a match.\" \/>\n<meta property=\"og:url\" content=\"https:\/\/tinychat.com\/pt-br\/chat-alternative\/\" \/>\n<meta property=\"og:site_name\" content=\"TinyChat\" \/>\n<meta property=\"article:publisher\" content=\"https:\/\/www.facebook.com\/tinychat\" \/>\n<meta property=\"article:modified_time\" content=\"2025-08-27T07:35:21+00:00\" \/>\n<meta property=\"og:image\" content=\"https:\/\/tinychat.com\/wp-content\/uploads\/2020\/04\/Tinychat-logo-1280x284-new-black.png\" \/>\n\t<meta property=\"og:image:width\" content=\"1280\" \/>\n\t<meta property=\"og:image:height\" content=\"284\" \/>\n\t<meta property=\"og:image:type\" content=\"image\/png\" \/>\n<meta name=\"twitter:card\" content=\"summary_large_image\" \/>\n<meta name=\"twitter:site\" content=\"@tinychat\" \/>\n<meta name=\"twitter:label1\" content=\"Est. tempo de leitura\" \/>\n\t<meta name=\"twitter:data1\" content=\"5 minutos\" \/>\n<script type=\"application\/ld+json\" class=\"yoast-schema-graph\">{\"@context\":\"https:\\\/\\\/schema.org\",\"@graph\":[{\"@type\":\"WebPage\",\"@id\":\"https:\\\/\\\/tinychat.com\\\/chat-alternative\\\/\",\"url\":\"https:\\\/\\\/tinychat.com\\\/chat-alternative\\\/\",\"name\":\"Chat Alternative - Free Video Chat - TinyChat.com\",\"isPartOf\":{\"@id\":\"https:\\\/\\\/tinychat.com\\\/#website\"},\"datePublished\":\"2025-08-27T06:35:29+00:00\",\"dateModified\":\"2025-08-27T07:35:21+00:00\",\"description\":\"Enjoying Chat Alternative? Join over 50,000,000 strangers on TinyChat! Turn on your cam and start meeting new people, or find a match.\",\"breadcrumb\":{\"@id\":\"https:\\\/\\\/tinychat.com\\\/chat-alternative\\\/#breadcrumb\"},\"inLanguage\":\"pt-BR\",\"potentialAction\":[{\"@type\":\"ReadAction\",\"target\":[\"https:\\\/\\\/tinychat.com\\\/chat-alternative\\\/\"]}]},{\"@type\":\"BreadcrumbList\",\"@id\":\"https:\\\/\\\/tinychat.com\\\/chat-alternative\\\/#breadcrumb\",\"itemListElement\":[{\"@type\":\"ListItem\",\"position\":1,\"name\":\"Home\",\"item\":\"https:\\\/\\\/tinychat.com\\\/\"},{\"@type\":\"ListItem\",\"position\":2,\"name\":\"Chat Alternative\"}]},{\"@type\":\"WebSite\",\"@id\":\"https:\\\/\\\/tinychat.com\\\/#website\",\"url\":\"https:\\\/\\\/tinychat.com\\\/\",\"name\":\"TinyChat\",\"description\":\"Random Video Chat with Strangers\",\"publisher\":{\"@id\":\"https:\\\/\\\/tinychat.com\\\/#organization\"},\"alternateName\":\"TinyChat.com\",\"potentialAction\":[{\"@type\":\"SearchAction\",\"target\":{\"@type\":\"EntryPoint\",\"urlTemplate\":\"https:\\\/\\\/tinychat.com\\\/?s={search_term_string}\"},\"query-input\":{\"@type\":\"PropertyValueSpecification\",\"valueRequired\":true,\"valueName\":\"search_term_string\"}}],\"inLanguage\":\"pt-BR\"},{\"@type\":\"Organization\",\"@id\":\"https:\\\/\\\/tinychat.com\\\/#organization\",\"name\":\"TinyChat\",\"alternateName\":\"TinyChat.com\",\"url\":\"https:\\\/\\\/tinychat.com\\\/\",\"logo\":{\"@type\":\"ImageObject\",\"inLanguage\":\"pt-BR\",\"@id\":\"https:\\\/\\\/tinychat.com\\\/#\\\/schema\\\/logo\\\/image\\\/\",\"url\":\"https:\\\/\\\/tinychat.com\\\/wp-content\\\/uploads\\\/2023\\\/11\\\/Tinychat-icon-square.png\",\"contentUrl\":\"https:\\\/\\\/tinychat.com\\\/wp-content\\\/uploads\\\/2023\\\/11\\\/Tinychat-icon-square.png\",\"width\":284,\"height\":284,\"caption\":\"TinyChat\"},\"image\":{\"@id\":\"https:\\\/\\\/tinychat.com\\\/#\\\/schema\\\/logo\\\/image\\\/\"},\"sameAs\":[\"https:\\\/\\\/www.facebook.com\\\/tinychat\",\"https:\\\/\\\/x.com\\\/tinychat\"]}]}<\/script>\n<!-- \/ Yoast SEO plugin. -->","yoast_head_json":{"title":"Chat Alternative - Bate-papo por v\u00eddeo gratuito - TinyChat.com","description":"Est\u00e1 gostando do Chat Alternative? Junte-se a mais de 50.000.000 de estranhos no TinyChat! Ligue sua c\u00e2mera e comece a conhecer novas pessoas ou encontre um par.","robots":{"index":"index","follow":"follow","max-snippet":"max-snippet:-1","max-image-preview":"max-image-preview:large","max-video-preview":"max-video-preview:-1"},"canonical":"https:\/\/tinychat.com\/pt-br\/chat-alternative\/","og_locale":"pt_BR","og_type":"article","og_title":"Chat Alternative - Free Video Chat - TinyChat.com","og_description":"Enjoying Chat Alternative? Join over 50,000,000 strangers on TinyChat! Turn on your cam and start meeting new people, or find a match.","og_url":"https:\/\/tinychat.com\/pt-br\/chat-alternative\/","og_site_name":"TinyChat","article_publisher":"https:\/\/www.facebook.com\/tinychat","article_modified_time":"2025-08-27T07:35:21+00:00","og_image":[{"width":1280,"height":284,"url":"https:\/\/tinychat.com\/wp-content\/uploads\/2020\/04\/Tinychat-logo-1280x284-new-black.png","type":"image\/png"}],"twitter_card":"summary_large_image","twitter_site":"@tinychat","twitter_misc":{"Est. tempo de leitura":"5 minutos"},"schema":{"@context":"https:\/\/schema.org","@graph":[{"@type":"WebPage","@id":"https:\/\/tinychat.com\/chat-alternative\/","url":"https:\/\/tinychat.com\/chat-alternative\/","name":"Chat Alternative - Bate-papo por v\u00eddeo gratuito - TinyChat.com","isPartOf":{"@id":"https:\/\/tinychat.com\/#website"},"datePublished":"2025-08-27T06:35:29+00:00","dateModified":"2025-08-27T07:35:21+00:00","description":"Est\u00e1 gostando do Chat Alternative? Junte-se a mais de 50.000.000 de estranhos no TinyChat! Ligue sua c\u00e2mera e comece a conhecer novas pessoas ou encontre um par.","breadcrumb":{"@id":"https:\/\/tinychat.com\/chat-alternative\/#breadcrumb"},"inLanguage":"pt-BR","potentialAction":[{"@type":"ReadAction","target":["https:\/\/tinychat.com\/chat-alternative\/"]}]},{"@type":"BreadcrumbList","@id":"https:\/\/tinychat.com\/chat-alternative\/#breadcrumb","itemListElement":[{"@type":"ListItem","position":1,"name":"Home","item":"https:\/\/tinychat.com\/"},{"@type":"ListItem","position":2,"name":"Chat Alternative"}]},{"@type":"WebSite","@id":"https:\/\/tinychat.com\/#website","url":"https:\/\/tinychat.com\/","name":"TinyChat","description":"Bate-papo por v\u00eddeo aleat\u00f3rio com estranhos","publisher":{"@id":"https:\/\/tinychat.com\/#organization"},"alternateName":"TinyChat.com","potentialAction":[{"@type":"SearchAction","target":{"@type":"EntryPoint","urlTemplate":"https:\/\/tinychat.com\/?s={search_term_string}"},"query-input":{"@type":"PropertyValueSpecification","valueRequired":true,"valueName":"search_term_string"}}],"inLanguage":"pt-BR"},{"@type":"Organization","@id":"https:\/\/tinychat.com\/#organization","name":"TinyChat","alternateName":"TinyChat.com","url":"https:\/\/tinychat.com\/","logo":{"@type":"ImageObject","inLanguage":"pt-BR","@id":"https:\/\/tinychat.com\/#\/schema\/logo\/image\/","url":"https:\/\/tinychat.com\/wp-content\/uploads\/2023\/11\/Tinychat-icon-square.png","contentUrl":"https:\/\/tinychat.com\/wp-content\/uploads\/2023\/11\/Tinychat-icon-square.png","width":284,"height":284,"caption":"TinyChat"},"image":{"@id":"https:\/\/tinychat.com\/#\/schema\/logo\/image\/"},"sameAs":["https:\/\/www.facebook.com\/tinychat","https:\/\/x.com\/tinychat"]}]}},"_links":{"self":[{"href":"https:\/\/tinychat.com\/pt-br\/wp-json\/wp\/v2\/pages\/80","targetHints":{"allow":["GET"]}}],"collection":[{"href":"https:\/\/tinychat.com\/pt-br\/wp-json\/wp\/v2\/pages"}],"about":[{"href":"https:\/\/tinychat.com\/pt-br\/wp-json\/wp\/v2\/types\/page"}],"author":[{"embeddable":true,"href":"https:\/\/tinychat.com\/pt-br\/wp-json\/wp\/v2\/users\/6"}],"replies":[{"embeddable":true,"href":"https:\/\/tinychat.com\/pt-br\/wp-json\/wp\/v2\/comments?post=80"}],"version-history":[{"count":3,"href":"https:\/\/tinychat.com\/pt-br\/wp-json\/wp\/v2\/pages\/80\/revisions"}],"predecessor-version":[{"id":13476,"href":"https:\/\/tinychat.com\/pt-br\/wp-json\/wp\/v2\/pages\/80\/revisions\/13476"}],"wp:attachment":[{"href":"https:\/\/tinychat.com\/pt-br\/wp-json\/wp\/v2\/media?parent=80"}],"curies":[{"name":"wp","href":"https:\/\/api.w.org\/{rel}","templated":true}]}}