{"id":8192,"date":"2025-08-18T09:10:14","date_gmt":"2025-08-18T07:10:14","guid":{"rendered":"https:\/\/tinychat.com\/?page_id=8192"},"modified":"2025-08-18T10:11:49","modified_gmt":"2025-08-18T08:11:49","slug":"voojio","status":"publish","type":"page","link":"https:\/\/tinychat.com\/pt-br\/voojio\/","title":{"rendered":"Voojio"},"content":{"rendered":"<p>A Internet est\u00e1 repleta de maneiras de se conectar, mas poucas coisas se comparam \u00e0 emo\u00e7\u00e3o de conhecer algu\u00e9m novo por meio de um bate-papo por v\u00eddeo aleat\u00f3rio. Plataformas como a Voojio aproveitaram essa empolga\u00e7\u00e3o criando espa\u00e7os onde estranhos de todos os cantos do mundo podem se encontrar instantaneamente - cara a cara, em tempo real e sem as barreiras de perfis ou longas inscri\u00e7\u00f5es.<\/p>\n<p>Ao contr\u00e1rio dos feeds sociais com curadoria, o Voojio adota a autenticidade e a espontaneidade. Cada novo bate-papo pode trazer um amigo, uma risada ou at\u00e9 mesmo uma conex\u00e3o que mude sua vida. Neste artigo, exploraremos o que faz o Voojio se destacar, como ele funciona e por que est\u00e1 ganhando aten\u00e7\u00e3o entre os f\u00e3s de plataformas como Omegle, Chatroulette e ChatHub.<\/p>\n<h2>O que \u00e9 Voojio?<\/h2>\n<p>O Voojio \u00e9 um servi\u00e7o de bate-papo por v\u00eddeo aleat\u00f3rio criado para conectar pessoas instantaneamente por v\u00eddeo, \u00e1udio ou texto. Em sua ess\u00eancia, trata-se de criar um ambiente em que conhecer novas pessoas seja f\u00e1cil, seguro e divertido. Voc\u00ea n\u00e3o precisa criar um perfil ou pagar para come\u00e7ar. Em vez disso, basta clicar, combinar e conversar.<\/p>\n<p>Ele faz parte de uma onda crescente de alternativas modernas a plataformas mais antigas, como o Omegle. Ao adicionar filtros atualizados, qualidade de v\u00eddeo mais suave e ferramentas de seguran\u00e7a incorporadas, o Voojio oferece uma experi\u00eancia mais refinada, mantendo intacta a emo\u00e7\u00e3o do bate-papo aleat\u00f3rio.<\/p>\n<h2>Principais recursos do Voojio<\/h2>\n<p>O sucesso do Voojio vem da combina\u00e7\u00e3o de simplicidade com recursos que aumentam a seguran\u00e7a e o controle do usu\u00e1rio. Veja a seguir uma vis\u00e3o mais detalhada:<\/p>\n<h3>1. Correspond\u00eancia instant\u00e2nea<\/h3>\n<ul>\n<li>Conecte-se com um estranho em segundos.<\/li>\n<li>Use \"Next\" quando estiver pronto para continuar.<\/li>\n<li>Projetado para ser r\u00e1pido e tranquilo, com o m\u00ednimo de espera.<\/li>\n<\/ul>\n<h3>2. Conex\u00f5es globais<\/h3>\n<ul>\n<li>Conhe\u00e7a usu\u00e1rios de todo o mundo.<\/li>\n<li>Ou filtre as correspond\u00eancias por local, se preferir.<\/li>\n<\/ul>\n<h3>3. Filtros de g\u00eanero<\/h3>\n<ul>\n<li>Refine suas correspond\u00eancias por g\u00eanero para conversas mais personalizadas.<\/li>\n<li>Ajuda quando voc\u00ea deseja um tipo espec\u00edfico de intera\u00e7\u00e3o.<\/li>\n<\/ul>\n<h3>4. Op\u00e7\u00f5es de texto e v\u00eddeo<\/h3>\n<ul>\n<li>Alterne entre v\u00eddeo, \u00e1udio e bate-papo de texto sem interrup\u00e7\u00f5es.<\/li>\n<li>\u00d3timo se voc\u00ea estiver em um ambiente barulhento ou preferir apresenta\u00e7\u00f5es baseadas em texto.<\/li>\n<\/ul>\n<h3>5. Interface amig\u00e1vel ao usu\u00e1rio<\/h3>\n<ul>\n<li>Design limpo e organizado para desktop e dispositivos m\u00f3veis.<\/li>\n<li>F\u00e1cil de navegar para os novatos.<\/li>\n<\/ul>\n<h3>6. Op\u00e7\u00e3o Friend &amp; Reconnect<\/h3>\n<ul>\n<li>Salve as conex\u00f5es favoritas e retorne mais tarde.<\/li>\n<li>Reduz a frustra\u00e7\u00e3o de perder bate-papos interessantes.<\/li>\n<\/ul>\n<h3>7. Ferramentas de seguran\u00e7a incorporadas<\/h3>\n<ul>\n<li>Bot\u00f5es de den\u00fancia r\u00e1pida e bloqueio.<\/li>\n<li>A modera\u00e7\u00e3o filtra conte\u00fado ofensivo ou prejudicial.<\/li>\n<\/ul>\n<h2>Como usar o Voojio<\/h2>\n<p>Iniciar uma conversa no Voojio \u00e9 simples e n\u00e3o requer conhecimento t\u00e9cnico.<\/p>\n<h3>Etapa 1: Visite o site<\/h3>\n<ul>\n<li>Abra o Voojio em seu navegador ou dispositivo m\u00f3vel.<\/li>\n<li>N\u00e3o \u00e9 necess\u00e1rio registro.<\/li>\n<\/ul>\n<h3>Etapa 2: Habilite a c\u00e2mera e o microfone<\/h3>\n<ul>\n<li>Permitir o acesso a bate-papos por v\u00eddeo sem problemas.<\/li>\n<li>Verifique as configura\u00e7\u00f5es do dispositivo se houver problemas.<\/li>\n<\/ul>\n<h3>Etapa 3: Aplicar filtros<\/h3>\n<ul>\n<li>Escolha as prefer\u00eancias de local ou g\u00eanero (opcional).<\/li>\n<li>Deixe os filtros desligados para obter a aleatoriedade total.<\/li>\n<\/ul>\n<h3>Etapa 4: Iniciar o bate-papo<\/h3>\n<ul>\n<li>Clique em \"Start\" (Iniciar) para se conectar instantaneamente.<\/li>\n<li>Use \"Next\" a qualquer momento para avan\u00e7ar.<\/li>\n<\/ul>\n<h3>Etapa 5: Adicionar amigos ou continuar explorando<\/h3>\n<ul>\n<li>Continue conversando com pessoas de quem voc\u00ea gosta.<\/li>\n<li>Ou volte para o conjunto de partidas aleat\u00f3rias.<\/li>\n<\/ul>\n<h2>Experi\u00eancia do usu\u00e1rio no Voojio<\/h2>\n<p>O design minimalista torna o Voojio f\u00e1cil de usar, enquanto seus recursos oferecem flexibilidade aos usu\u00e1rios.<\/p>\n<h3>O que os usu\u00e1rios gostam<\/h3>\n<ul>\n<li>Conex\u00f5es aleat\u00f3rias instant\u00e2neas.<\/li>\n<li>V\u00eddeo e \u00e1udio de alta qualidade.<\/li>\n<li>Filtros que realmente funcionam.<\/li>\n<li>Design que prioriza a seguran\u00e7a.<\/li>\n<\/ul>\n<h3>O que os usu\u00e1rios n\u00e3o gostam<\/h3>\n<ul>\n<li>Alguns filtros podem ser limitados a premium.<\/li>\n<li>Base de usu\u00e1rios menor do que nomes maiores como Omegle.<\/li>\n<li>Menos integra\u00e7\u00f5es de aplicativos em compara\u00e7\u00e3o com o Azar ou o LivU.<\/li>\n<\/ul>\n<h2>Voojio vs. outras plataformas<\/h2>\n<table>\n<thead>\n<tr>\n<th>Recurso<\/th>\n<th>Voojio<\/th>\n<th>Omegle<\/th>\n<th>Chatroulette<\/th>\n<th>ChatHub<\/th>\n<th>LuckyCrush<\/th>\n<th>Azar<\/th>\n<\/tr>\n<\/thead>\n<tbody>\n<tr>\n<td>Random Video Chat com Estranhos<\/td>\n<td>\u2705 Sim<\/td>\n<td>\u2705 Sim<\/td>\n<td>\u2705 Sim<\/td>\n<td>\u2705 Sim<\/td>\n<td>\u2705 Sim<\/td>\n<td>\u2705 Sim<\/td>\n<\/tr>\n<tr>\n<td>Filtros de g\u00eanero\/localiza\u00e7\u00e3o<\/td>\n<td>\u2705 Sim<\/td>\n<td>\u274c N\u00e3o<\/td>\n<td>\u274c Limitada<\/td>\n<td>\u2705 Sim<\/td>\n<td>\u2705 Sim<\/td>\n<td>\u2705 Sim<\/td>\n<\/tr>\n<tr>\n<td>Op\u00e7\u00e3o de reconex\u00e3o de amigos<\/td>\n<td>\u2705 Sim<\/td>\n<td>\u274c N\u00e3o<\/td>\n<td>\u274c N\u00e3o<\/td>\n<td>\u2705 Sim<\/td>\n<td>\u2705 Sim<\/td>\n<td>\u2705 Sim<\/td>\n<\/tr>\n<tr>\n<td>Op\u00e7\u00e3o de bate-papo por texto<\/td>\n<td>\u2705 Sim<\/td>\n<td>\u2705 Sim<\/td>\n<td>\u2705 Sim<\/td>\n<td>\u2705 Sim<\/td>\n<td>\u274c N\u00e3o<\/td>\n<td>\u2705 Sim<\/td>\n<\/tr>\n<tr>\n<td>Compat\u00edvel com dispositivos m\u00f3veis<\/td>\n<td>\u2705 Sim<\/td>\n<td>\u2705 Sim<\/td>\n<td>\u2705 Sim<\/td>\n<td>\u2705 Sim<\/td>\n<td>\u2705 Sim<\/td>\n<td>\u2705 Sim<\/td>\n<\/tr>\n<tr>\n<td>Modera\u00e7\u00e3o de seguran\u00e7a<\/td>\n<td>\u2705 Sim<\/td>\n<td>\u274c Limitada<\/td>\n<td>\u274c Limitada<\/td>\n<td>\u2705 Sim<\/td>\n<td>\u2705 Sim<\/td>\n<td>\u2705 Sim<\/td>\n<\/tr>\n<\/tbody>\n<\/table>\n<p>Resumo: O Voojio est\u00e1 no meio termo - oferece recursos modernos, ferramentas de seguran\u00e7a robustas e uma experi\u00eancia limpa sem sobrecarregar os usu\u00e1rios com extras.<\/p>\n<h2>O Voojio \u00e9 seguro?<\/h2>\n<p>A seguran\u00e7a \u00e9 um dos maiores pontos fortes do Voojio. Embora o bate-papo aleat\u00f3rio sempre traga riscos, a plataforma implementa uma combina\u00e7\u00e3o de ferramentas de modera\u00e7\u00e3o e controle de usu\u00e1rios para manter as coisas mais seguras.<\/p>\n<h3>Recursos de seguran\u00e7a<\/h3>\n<ul>\n<li>Bot\u00f5es de den\u00fancia e bloqueio sempre dispon\u00edveis.<\/li>\n<li>Anonimato - nenhum perfil ou detalhes pessoais s\u00e3o necess\u00e1rios.<\/li>\n<li>A modera\u00e7\u00e3o da comunidade reduz o conte\u00fado ofensivo.<\/li>\n<li>Funciona melhor para usu\u00e1rios que seguem os princ\u00edpios b\u00e1sicos de seguran\u00e7a on-line.<\/li>\n<\/ul>\n<h3>Dicas de seguran\u00e7a<\/h3>\n<ul>\n<li>N\u00e3o compartilhe informa\u00e7\u00f5es pessoais ou financeiras.<\/li>\n<li>Mantenha conversas leves com estranhos.<\/li>\n<li>Comunique comportamentos inadequados imediatamente.<\/li>\n<li>Os pais devem supervisionar os usu\u00e1rios mais jovens.<\/li>\n<\/ul>\n<h2>Dicas para aproveitar ao m\u00e1ximo o Voojio<\/h2>\n<ul>\n<li>Use filtros de localiza\u00e7\u00e3o para encontrar pessoas pr\u00f3ximas ou em n\u00edvel global.<\/li>\n<li>Fa\u00e7a login nos hor\u00e1rios de pico para obter mais partidas.<\/li>\n<li>Tente quebrar o gelo ou usar adere\u00e7os para tornar as conversas divertidas.<\/li>\n<li>Garanta uma boa ilumina\u00e7\u00e3o para uma melhor impress\u00e3o.<\/li>\n<li>N\u00e3o hesite em usar o bot\u00e3o bloquear\/relatar.<\/li>\n<\/ul>\n<h2>Solu\u00e7\u00e3o de problemas comuns<\/h2>\n<h3>A c\u00e2mera\/microfone n\u00e3o est\u00e1 funcionando<\/h3>\n<ul>\n<li>Verifique as permiss\u00f5es em seu navegador ou aplicativo.<\/li>\n<li>Reinicie o dispositivo se os problemas persistirem.<\/li>\n<\/ul>\n<h3>Qualidade de v\u00eddeo ruim<\/h3>\n<ul>\n<li>Mude para Wi-Fi se estiver usando dados m\u00f3veis.<\/li>\n<li>Feche outros aplicativos que usam largura de banda.<\/li>\n<\/ul>\n<h3>O filtro n\u00e3o est\u00e1 funcionando<\/h3>\n<ul>\n<li>Atualize a p\u00e1gina e reaplique as configura\u00e7\u00f5es.<\/li>\n<li>Alguns filtros avan\u00e7ados podem exigir pr\u00eamio.<\/li>\n<\/ul>\n<h2>Por que as pessoas escolhem o Voojio<\/h2>\n<p>O apelo do Voojio est\u00e1 em sua abordagem nova e leve ao bate-papo por v\u00eddeo aleat\u00f3rio. Embora n\u00e3o tenha a enorme base de usu\u00e1rios do Omegle, seu design moderno e a mentalidade de seguran\u00e7a em primeiro lugar o tornam um espa\u00e7o confort\u00e1vel para pessoas que desejam explorar bate-papos aleat\u00f3rios sem toda a desordem.<\/p>\n<p>Ele preenche a lacuna entre a simplicidade e a personaliza\u00e7\u00e3o, oferecendo aos usu\u00e1rios mais controle e, ao mesmo tempo, mantendo o elemento de surpresa que caracteriza o bate-papo aleat\u00f3rio.<\/p>\n<p>Se voc\u00ea estiver procurando uma alternativa moderna ao Omegle que equilibre divers\u00e3o, espontaneidade e seguran\u00e7a, vale a pena experimentar o Voojio. Ele \u00e9 r\u00e1pido, intuitivo e f\u00e1cil de usar, ao mesmo tempo em que oferece os filtros e as ferramentas de que voc\u00ea precisa para tornar sua experi\u00eancia agrad\u00e1vel.<\/p>\n<p>N\u00e3o importa se voc\u00ea est\u00e1 a fim de um bate-papo r\u00e1pido, um interc\u00e2mbio cultural global ou uma poss\u00edvel amizade, o Voojio foi criado para proporcionar esses momentos. Ele n\u00e3o complica demais as coisas - basta clicar, conectar-se e ver aonde a conversa o levar\u00e1.<\/p>\n<p>Pronto para experimentar o Voojio? Visite o site, pressione start e descubra o mundo, um estranho de cada vez.<\/p>","protected":false},"excerpt":{"rendered":"<p>The internet is overflowing with ways to connect, but few things compare to the thrill of meeting someone new through a random video chat. Platforms like Voojio have tapped into this excitement by creating spaces where strangers from all corners of the globe can meet instantly\u2014face-to-face, in real time, and without the barriers of profiles [&hellip;]<\/p>\n","protected":false},"author":6,"featured_media":0,"parent":0,"menu_order":0,"comment_status":"closed","ping_status":"closed","template":"","meta":{"footnotes":""},"class_list":["post-8192","page","type-page","status-publish","hentry"],"yoast_head":"<!-- This site is optimized with the Yoast SEO plugin v27.6 - https:\/\/yoast.com\/product\/yoast-seo-wordpress\/ -->\n<title>Voojio - Random Video Chat like Omegle - TinyChat.com<\/title>\n<meta name=\"description\" content=\"Enjoying Voojio? Join over 50,000,000 strangers on TinyChat! Turn on your cam and start meeting new people, or find a match.\" \/>\n<meta name=\"robots\" content=\"index, follow, max-snippet:-1, max-image-preview:large, max-video-preview:-1\" \/>\n<link rel=\"canonical\" href=\"https:\/\/tinychat.com\/pt-br\/voojio\/\" \/>\n<meta property=\"og:locale\" content=\"pt_BR\" \/>\n<meta property=\"og:type\" content=\"article\" \/>\n<meta property=\"og:title\" content=\"Voojio - Random Video Chat like Omegle - TinyChat.com\" \/>\n<meta property=\"og:description\" content=\"Enjoying Voojio? Join over 50,000,000 strangers on TinyChat! Turn on your cam and start meeting new people, or find a match.\" \/>\n<meta property=\"og:url\" content=\"https:\/\/tinychat.com\/pt-br\/voojio\/\" \/>\n<meta property=\"og:site_name\" content=\"TinyChat\" \/>\n<meta property=\"article:publisher\" content=\"https:\/\/www.facebook.com\/tinychat\" \/>\n<meta property=\"article:modified_time\" content=\"2025-08-18T08:11:49+00:00\" \/>\n<meta property=\"og:image\" content=\"https:\/\/tinychat.com\/wp-content\/uploads\/2020\/04\/Tinychat-logo-1280x284-new-black.png\" \/>\n\t<meta property=\"og:image:width\" content=\"1280\" \/>\n\t<meta property=\"og:image:height\" content=\"284\" \/>\n\t<meta property=\"og:image:type\" content=\"image\/png\" \/>\n<meta name=\"twitter:card\" content=\"summary_large_image\" \/>\n<meta name=\"twitter:site\" content=\"@tinychat\" \/>\n<meta name=\"twitter:label1\" content=\"Est. tempo de leitura\" \/>\n\t<meta name=\"twitter:data1\" content=\"5 minutos\" \/>\n<script type=\"application\/ld+json\" class=\"yoast-schema-graph\">{\"@context\":\"https:\\\/\\\/schema.org\",\"@graph\":[{\"@type\":\"WebPage\",\"@id\":\"https:\\\/\\\/tinychat.com\\\/voojio\\\/\",\"url\":\"https:\\\/\\\/tinychat.com\\\/voojio\\\/\",\"name\":\"Voojio - Random Video Chat like Omegle - TinyChat.com\",\"isPartOf\":{\"@id\":\"https:\\\/\\\/tinychat.com\\\/#website\"},\"datePublished\":\"2025-08-18T07:10:14+00:00\",\"dateModified\":\"2025-08-18T08:11:49+00:00\",\"description\":\"Enjoying Voojio? Join over 50,000,000 strangers on TinyChat! Turn on your cam and start meeting new people, or find a match.\",\"breadcrumb\":{\"@id\":\"https:\\\/\\\/tinychat.com\\\/voojio\\\/#breadcrumb\"},\"inLanguage\":\"pt-BR\",\"potentialAction\":[{\"@type\":\"ReadAction\",\"target\":[\"https:\\\/\\\/tinychat.com\\\/voojio\\\/\"]}]},{\"@type\":\"BreadcrumbList\",\"@id\":\"https:\\\/\\\/tinychat.com\\\/voojio\\\/#breadcrumb\",\"itemListElement\":[{\"@type\":\"ListItem\",\"position\":1,\"name\":\"Home\",\"item\":\"https:\\\/\\\/tinychat.com\\\/\"},{\"@type\":\"ListItem\",\"position\":2,\"name\":\"Voojio\"}]},{\"@type\":\"WebSite\",\"@id\":\"https:\\\/\\\/tinychat.com\\\/#website\",\"url\":\"https:\\\/\\\/tinychat.com\\\/\",\"name\":\"TinyChat\",\"description\":\"Random Video Chat with Strangers\",\"publisher\":{\"@id\":\"https:\\\/\\\/tinychat.com\\\/#organization\"},\"alternateName\":\"TinyChat.com\",\"potentialAction\":[{\"@type\":\"SearchAction\",\"target\":{\"@type\":\"EntryPoint\",\"urlTemplate\":\"https:\\\/\\\/tinychat.com\\\/?s={search_term_string}\"},\"query-input\":{\"@type\":\"PropertyValueSpecification\",\"valueRequired\":true,\"valueName\":\"search_term_string\"}}],\"inLanguage\":\"pt-BR\"},{\"@type\":\"Organization\",\"@id\":\"https:\\\/\\\/tinychat.com\\\/#organization\",\"name\":\"TinyChat\",\"alternateName\":\"TinyChat.com\",\"url\":\"https:\\\/\\\/tinychat.com\\\/\",\"logo\":{\"@type\":\"ImageObject\",\"inLanguage\":\"pt-BR\",\"@id\":\"https:\\\/\\\/tinychat.com\\\/#\\\/schema\\\/logo\\\/image\\\/\",\"url\":\"https:\\\/\\\/tinychat.com\\\/wp-content\\\/uploads\\\/2023\\\/11\\\/Tinychat-icon-square.png\",\"contentUrl\":\"https:\\\/\\\/tinychat.com\\\/wp-content\\\/uploads\\\/2023\\\/11\\\/Tinychat-icon-square.png\",\"width\":284,\"height\":284,\"caption\":\"TinyChat\"},\"image\":{\"@id\":\"https:\\\/\\\/tinychat.com\\\/#\\\/schema\\\/logo\\\/image\\\/\"},\"sameAs\":[\"https:\\\/\\\/www.facebook.com\\\/tinychat\",\"https:\\\/\\\/x.com\\\/tinychat\"]}]}<\/script>\n<!-- \/ Yoast SEO plugin. -->","yoast_head_json":{"title":"Voojio - Bate-papo por v\u00eddeo aleat\u00f3rio como o Omegle - TinyChat.com","description":"Est\u00e1 gostando do Voojio? Junte-se a mais de 50.000.000 de estranhos no TinyChat! Ligue sua c\u00e2mera e comece a conhecer novas pessoas ou encontre um par.","robots":{"index":"index","follow":"follow","max-snippet":"max-snippet:-1","max-image-preview":"max-image-preview:large","max-video-preview":"max-video-preview:-1"},"canonical":"https:\/\/tinychat.com\/pt-br\/voojio\/","og_locale":"pt_BR","og_type":"article","og_title":"Voojio - Random Video Chat like Omegle - TinyChat.com","og_description":"Enjoying Voojio? Join over 50,000,000 strangers on TinyChat! Turn on your cam and start meeting new people, or find a match.","og_url":"https:\/\/tinychat.com\/pt-br\/voojio\/","og_site_name":"TinyChat","article_publisher":"https:\/\/www.facebook.com\/tinychat","article_modified_time":"2025-08-18T08:11:49+00:00","og_image":[{"width":1280,"height":284,"url":"https:\/\/tinychat.com\/wp-content\/uploads\/2020\/04\/Tinychat-logo-1280x284-new-black.png","type":"image\/png"}],"twitter_card":"summary_large_image","twitter_site":"@tinychat","twitter_misc":{"Est. tempo de leitura":"5 minutos"},"schema":{"@context":"https:\/\/schema.org","@graph":[{"@type":"WebPage","@id":"https:\/\/tinychat.com\/voojio\/","url":"https:\/\/tinychat.com\/voojio\/","name":"Voojio - Bate-papo por v\u00eddeo aleat\u00f3rio como o Omegle - TinyChat.com","isPartOf":{"@id":"https:\/\/tinychat.com\/#website"},"datePublished":"2025-08-18T07:10:14+00:00","dateModified":"2025-08-18T08:11:49+00:00","description":"Est\u00e1 gostando do Voojio? Junte-se a mais de 50.000.000 de estranhos no TinyChat! Ligue sua c\u00e2mera e comece a conhecer novas pessoas ou encontre um par.","breadcrumb":{"@id":"https:\/\/tinychat.com\/voojio\/#breadcrumb"},"inLanguage":"pt-BR","potentialAction":[{"@type":"ReadAction","target":["https:\/\/tinychat.com\/voojio\/"]}]},{"@type":"BreadcrumbList","@id":"https:\/\/tinychat.com\/voojio\/#breadcrumb","itemListElement":[{"@type":"ListItem","position":1,"name":"Home","item":"https:\/\/tinychat.com\/"},{"@type":"ListItem","position":2,"name":"Voojio"}]},{"@type":"WebSite","@id":"https:\/\/tinychat.com\/#website","url":"https:\/\/tinychat.com\/","name":"TinyChat","description":"Bate-papo por v\u00eddeo aleat\u00f3rio com estranhos","publisher":{"@id":"https:\/\/tinychat.com\/#organization"},"alternateName":"TinyChat.com","potentialAction":[{"@type":"SearchAction","target":{"@type":"EntryPoint","urlTemplate":"https:\/\/tinychat.com\/?s={search_term_string}"},"query-input":{"@type":"PropertyValueSpecification","valueRequired":true,"valueName":"search_term_string"}}],"inLanguage":"pt-BR"},{"@type":"Organization","@id":"https:\/\/tinychat.com\/#organization","name":"TinyChat","alternateName":"TinyChat.com","url":"https:\/\/tinychat.com\/","logo":{"@type":"ImageObject","inLanguage":"pt-BR","@id":"https:\/\/tinychat.com\/#\/schema\/logo\/image\/","url":"https:\/\/tinychat.com\/wp-content\/uploads\/2023\/11\/Tinychat-icon-square.png","contentUrl":"https:\/\/tinychat.com\/wp-content\/uploads\/2023\/11\/Tinychat-icon-square.png","width":284,"height":284,"caption":"TinyChat"},"image":{"@id":"https:\/\/tinychat.com\/#\/schema\/logo\/image\/"},"sameAs":["https:\/\/www.facebook.com\/tinychat","https:\/\/x.com\/tinychat"]}]}},"_links":{"self":[{"href":"https:\/\/tinychat.com\/pt-br\/wp-json\/wp\/v2\/pages\/8192","targetHints":{"allow":["GET"]}}],"collection":[{"href":"https:\/\/tinychat.com\/pt-br\/wp-json\/wp\/v2\/pages"}],"about":[{"href":"https:\/\/tinychat.com\/pt-br\/wp-json\/wp\/v2\/types\/page"}],"author":[{"embeddable":true,"href":"https:\/\/tinychat.com\/pt-br\/wp-json\/wp\/v2\/users\/6"}],"replies":[{"embeddable":true,"href":"https:\/\/tinychat.com\/pt-br\/wp-json\/wp\/v2\/comments?post=8192"}],"version-history":[{"count":3,"href":"https:\/\/tinychat.com\/pt-br\/wp-json\/wp\/v2\/pages\/8192\/revisions"}],"predecessor-version":[{"id":13458,"href":"https:\/\/tinychat.com\/pt-br\/wp-json\/wp\/v2\/pages\/8192\/revisions\/13458"}],"wp:attachment":[{"href":"https:\/\/tinychat.com\/pt-br\/wp-json\/wp\/v2\/media?parent=8192"}],"curies":[{"name":"wp","href":"https:\/\/api.w.org\/{rel}","templated":true}]}}