{"id":8554,"date":"2021-10-18T10:33:50","date_gmt":"2021-10-18T08:33:50","guid":{"rendered":"https:\/\/tinychat.com\/?page_id=8554"},"modified":"2025-05-03T17:25:13","modified_gmt":"2025-05-03T15:25:13","slug":"refund","status":"publish","type":"page","link":"https:\/\/tinychat.com\/pt-br\/refund\/","title":{"rendered":"Reembolsos e estornos"},"content":{"rendered":"<p class=\"\" data-start=\"351\" data-end=\"740\">Obrigado por usar nosso site. Informamos que todas as consultas de faturamento, reembolso, estorno e suporte ao cliente relacionadas a compras feitas por meio de links neste site s\u00e3o gerenciadas exclusivamente pela CooMeet. Como uma afiliada independente, n\u00e3o processamos pagamentos, lidamos com problemas de cobran\u00e7a nem fornecemos suporte direto ao cliente para transa\u00e7\u00f5es que envolvam os servi\u00e7os da CooMeet.<\/p>\n<h2 data-start=\"747\" data-end=\"782\">Produtos e servi\u00e7os digitais<\/h2>\n<p class=\"\" data-start=\"784\" data-end=\"1106\">Nosso site promove servi\u00e7os e produtos digitais n\u00e3o tang\u00edveis fornecidos pela CooMeet. Eles podem incluir assinaturas, associa\u00e7\u00f5es premium ou recursos adicionais.<br data-start=\"951\" data-end=\"954\" \/>Antes de fazer qualquer compra, recomendamos que voc\u00ea analise cuidadosamente a descri\u00e7\u00e3o do produto ou servi\u00e7o para garantir que ele esteja de acordo com suas expectativas.<\/p>\n<p class=\"\" data-start=\"1108\" data-end=\"1335\">Se tiver d\u00favidas sobre o produto, os recursos, os pre\u00e7os ou os termos da assinatura, entre em contato com a equipe de suporte oficial da CooMeet antes de concluir o pagamento. N\u00e3o estamos autorizados a esclarecer ou modificar essas ofertas.<\/p>\n<h2 data-start=\"1342\" data-end=\"1363\">Pol\u00edtica de reembolso<\/h2>\n<p class=\"\" data-start=\"1365\" data-end=\"1560\">Como a CooMeet lida com todo o processamento de pagamentos, qualquer solicita\u00e7\u00e3o de reembolso deve ser enviada diretamente \u00e0 equipe de suporte ao cliente. Os reembolsos podem ser considerados em circunst\u00e2ncias espec\u00edficas, tais como:<\/p>\n<ul>\n<li data-start=\"1564\" data-end=\"1588\">Transa\u00e7\u00f5es duplicadas<\/li>\n<li data-start=\"1591\" data-end=\"1609\">Erros t\u00e9cnicos<\/li>\n<li data-start=\"1612\" data-end=\"1632\">Cobran\u00e7as n\u00e3o autorizadas<\/li>\n<\/ul>\n<p class=\"\" data-start=\"1634\" data-end=\"1709\">Para solicitar um reembolso, forne\u00e7a \u00e0 CooMeet as seguintes informa\u00e7\u00f5es:<\/p>\n<ul>\n<li data-start=\"1713\" data-end=\"1741\">Data e valor do pagamento<\/li>\n<li data-start=\"1744\" data-end=\"1765\">M\u00e9todo de pagamento usado<\/li>\n<li data-start=\"1768\" data-end=\"1800\">ID da transa\u00e7\u00e3o ou n\u00famero do pedido<\/li>\n<li data-start=\"1803\" data-end=\"1833\">Motivo de sua solicita\u00e7\u00e3o de reembolso<\/li>\n<\/ul>\n<p class=\"\" data-start=\"1835\" data-end=\"2106\">Se o seu reembolso for aprovado, aguarde de 3 a 10 dias \u00fateis para que seu banco ou emissor de cart\u00e3o processe o reembolso. N\u00e3o podemos rastrear ou influenciar o tempo do reembolso depois que ele for emitido. Para atualiza\u00e7\u00f5es ou d\u00favidas, entre em contato diretamente com o suporte da CooMeet.<\/p>\n<h2 data-start=\"2113\" data-end=\"2132\">Estornos<\/h2>\n<p class=\"\" data-start=\"2134\" data-end=\"2385\">Se estiver pensando em iniciar um estorno, recomendamos entrar em contato com o suporte da CooMeet primeiro para resolver o problema. A apresenta\u00e7\u00e3o de um estorno sem antes procurar o suporte pode atrasar a resolu\u00e7\u00e3o e resultar em restri\u00e7\u00f5es \u00e0 sua conta ou acesso futuro.<\/p>\n<p class=\"\" data-start=\"2387\" data-end=\"2567\">Todos os estornos s\u00e3o analisados e investigados pela CooMeet. O envio de um estorno fraudulento ou n\u00e3o comprovado pode violar os termos de uso e resultar na suspens\u00e3o do servi\u00e7o.<\/p>\n<h2 data-start=\"2574\" data-end=\"2610\">Servi\u00e7os e links de terceiros<\/h2>\n<p class=\"\" data-start=\"2612\" data-end=\"2818\">Nosso site pode incluir links para plataformas de terceiros, incluindo a CooMeet. Quaisquer produtos ou servi\u00e7os acessados por meio desses links s\u00e3o regidos pelos pr\u00f3prios termos e pol\u00edticas do terceiro, e n\u00e3o pelos nossos.<\/p>\n<p class=\"\" data-start=\"2820\" data-end=\"3042\">N\u00e3o somos respons\u00e1veis pela forma como esses servi\u00e7os externos operam, nem podemos intervir em seus procedimentos de atendimento ao cliente ou reembolso. Para qualquer problema com compras externas, entre em contato diretamente com o fornecedor terceirizado.<\/p>\n<h2 data-start=\"3049\" data-end=\"3070\">Como entrar em contato conosco<\/h2>\n<p class=\"\" data-start=\"3072\" data-end=\"3376\">Se tiver d\u00favidas sobre o conte\u00fado do nosso site ou sobre o nosso relacionamento de afiliado com a CooMeet, sinta-se \u00e0 vontade para entrar em contato por meio da nossa p\u00e1gina de contato. Observe, no entanto, que n\u00e3o podemos ajudar com quest\u00f5es de cobran\u00e7a, reembolso ou assinatura - elas devem ser encaminhadas \u00e0 equipe de suporte ao cliente da CooMeet.<\/p>","protected":false},"excerpt":{"rendered":"<p>Thank you for using our website. Please be advised that all billing, refunds, chargebacks, and customer support inquiries related to purchases made through links on this website are exclusively managed by CooMeet. As an independent affiliate, we do not process payments, handle billing issues, or provide direct customer support for transactions involving CooMeet services. Digital [&hellip;]<\/p>\n","protected":false},"author":1,"featured_media":0,"parent":0,"menu_order":0,"comment_status":"closed","ping_status":"closed","template":"","meta":{"footnotes":""},"class_list":["post-8554","page","type-page","status-publish","hentry"],"yoast_head":"<!-- This site is optimized with the Yoast SEO plugin v27.6 - https:\/\/yoast.com\/product\/yoast-seo-wordpress\/ -->\n<title>Refunds &amp; Chargeback - TinyChat<\/title>\n<meta name=\"robots\" content=\"index, follow, max-snippet:-1, max-image-preview:large, max-video-preview:-1\" \/>\n<link rel=\"canonical\" href=\"https:\/\/tinychat.com\/pt-br\/refund\/\" \/>\n<meta property=\"og:locale\" content=\"pt_BR\" \/>\n<meta property=\"og:type\" content=\"article\" \/>\n<meta property=\"og:title\" content=\"Refunds &amp; Chargeback - TinyChat\" \/>\n<meta property=\"og:description\" content=\"Thank you for using our website. Please be advised that all billing, refunds, chargebacks, and customer support inquiries related to purchases made through links on this website are exclusively managed by CooMeet. As an independent affiliate, we do not process payments, handle billing issues, or provide direct customer support for transactions involving CooMeet services. Digital [&hellip;]\" \/>\n<meta property=\"og:url\" content=\"https:\/\/tinychat.com\/pt-br\/refund\/\" \/>\n<meta property=\"og:site_name\" content=\"TinyChat\" \/>\n<meta property=\"article:publisher\" content=\"https:\/\/www.facebook.com\/tinychat\" \/>\n<meta property=\"article:modified_time\" content=\"2025-05-03T15:25:13+00:00\" \/>\n<meta property=\"og:image\" content=\"https:\/\/tinychat.com\/wp-content\/uploads\/2020\/04\/Tinychat-logo-1280x284-new-black.png\" \/>\n\t<meta property=\"og:image:width\" content=\"1280\" \/>\n\t<meta property=\"og:image:height\" content=\"284\" \/>\n\t<meta property=\"og:image:type\" content=\"image\/png\" \/>\n<meta name=\"twitter:card\" content=\"summary_large_image\" \/>\n<meta name=\"twitter:site\" content=\"@tinychat\" \/>\n<meta name=\"twitter:label1\" content=\"Est. tempo de leitura\" \/>\n\t<meta name=\"twitter:data1\" content=\"2 minutos\" \/>\n<script type=\"application\/ld+json\" class=\"yoast-schema-graph\">{\"@context\":\"https:\\\/\\\/schema.org\",\"@graph\":[{\"@type\":\"WebPage\",\"@id\":\"https:\\\/\\\/tinychat.com\\\/refund\\\/\",\"url\":\"https:\\\/\\\/tinychat.com\\\/refund\\\/\",\"name\":\"Refunds & Chargeback - TinyChat\",\"isPartOf\":{\"@id\":\"https:\\\/\\\/tinychat.com\\\/#website\"},\"datePublished\":\"2021-10-18T08:33:50+00:00\",\"dateModified\":\"2025-05-03T15:25:13+00:00\",\"breadcrumb\":{\"@id\":\"https:\\\/\\\/tinychat.com\\\/refund\\\/#breadcrumb\"},\"inLanguage\":\"pt-BR\",\"potentialAction\":[{\"@type\":\"ReadAction\",\"target\":[\"https:\\\/\\\/tinychat.com\\\/refund\\\/\"]}]},{\"@type\":\"BreadcrumbList\",\"@id\":\"https:\\\/\\\/tinychat.com\\\/refund\\\/#breadcrumb\",\"itemListElement\":[{\"@type\":\"ListItem\",\"position\":1,\"name\":\"Home\",\"item\":\"https:\\\/\\\/tinychat.com\\\/\"},{\"@type\":\"ListItem\",\"position\":2,\"name\":\"Refunds &#038; Chargeback\"}]},{\"@type\":\"WebSite\",\"@id\":\"https:\\\/\\\/tinychat.com\\\/#website\",\"url\":\"https:\\\/\\\/tinychat.com\\\/\",\"name\":\"TinyChat\",\"description\":\"Random Video Chat with Strangers\",\"publisher\":{\"@id\":\"https:\\\/\\\/tinychat.com\\\/#organization\"},\"alternateName\":\"TinyChat.com\",\"potentialAction\":[{\"@type\":\"SearchAction\",\"target\":{\"@type\":\"EntryPoint\",\"urlTemplate\":\"https:\\\/\\\/tinychat.com\\\/?s={search_term_string}\"},\"query-input\":{\"@type\":\"PropertyValueSpecification\",\"valueRequired\":true,\"valueName\":\"search_term_string\"}}],\"inLanguage\":\"pt-BR\"},{\"@type\":\"Organization\",\"@id\":\"https:\\\/\\\/tinychat.com\\\/#organization\",\"name\":\"TinyChat\",\"alternateName\":\"TinyChat.com\",\"url\":\"https:\\\/\\\/tinychat.com\\\/\",\"logo\":{\"@type\":\"ImageObject\",\"inLanguage\":\"pt-BR\",\"@id\":\"https:\\\/\\\/tinychat.com\\\/#\\\/schema\\\/logo\\\/image\\\/\",\"url\":\"https:\\\/\\\/tinychat.com\\\/wp-content\\\/uploads\\\/2023\\\/11\\\/Tinychat-icon-square.png\",\"contentUrl\":\"https:\\\/\\\/tinychat.com\\\/wp-content\\\/uploads\\\/2023\\\/11\\\/Tinychat-icon-square.png\",\"width\":284,\"height\":284,\"caption\":\"TinyChat\"},\"image\":{\"@id\":\"https:\\\/\\\/tinychat.com\\\/#\\\/schema\\\/logo\\\/image\\\/\"},\"sameAs\":[\"https:\\\/\\\/www.facebook.com\\\/tinychat\",\"https:\\\/\\\/x.com\\\/tinychat\"]}]}<\/script>\n<!-- \/ Yoast SEO plugin. -->","yoast_head_json":{"title":"Reembolsos e estornos - TinyChat","robots":{"index":"index","follow":"follow","max-snippet":"max-snippet:-1","max-image-preview":"max-image-preview:large","max-video-preview":"max-video-preview:-1"},"canonical":"https:\/\/tinychat.com\/pt-br\/refund\/","og_locale":"pt_BR","og_type":"article","og_title":"Refunds & Chargeback - TinyChat","og_description":"Thank you for using our website. Please be advised that all billing, refunds, chargebacks, and customer support inquiries related to purchases made through links on this website are exclusively managed by CooMeet. As an independent affiliate, we do not process payments, handle billing issues, or provide direct customer support for transactions involving CooMeet services. Digital [&hellip;]","og_url":"https:\/\/tinychat.com\/pt-br\/refund\/","og_site_name":"TinyChat","article_publisher":"https:\/\/www.facebook.com\/tinychat","article_modified_time":"2025-05-03T15:25:13+00:00","og_image":[{"width":1280,"height":284,"url":"https:\/\/tinychat.com\/wp-content\/uploads\/2020\/04\/Tinychat-logo-1280x284-new-black.png","type":"image\/png"}],"twitter_card":"summary_large_image","twitter_site":"@tinychat","twitter_misc":{"Est. tempo de leitura":"2 minutos"},"schema":{"@context":"https:\/\/schema.org","@graph":[{"@type":"WebPage","@id":"https:\/\/tinychat.com\/refund\/","url":"https:\/\/tinychat.com\/refund\/","name":"Reembolsos e estornos - TinyChat","isPartOf":{"@id":"https:\/\/tinychat.com\/#website"},"datePublished":"2021-10-18T08:33:50+00:00","dateModified":"2025-05-03T15:25:13+00:00","breadcrumb":{"@id":"https:\/\/tinychat.com\/refund\/#breadcrumb"},"inLanguage":"pt-BR","potentialAction":[{"@type":"ReadAction","target":["https:\/\/tinychat.com\/refund\/"]}]},{"@type":"BreadcrumbList","@id":"https:\/\/tinychat.com\/refund\/#breadcrumb","itemListElement":[{"@type":"ListItem","position":1,"name":"Home","item":"https:\/\/tinychat.com\/"},{"@type":"ListItem","position":2,"name":"Refunds &#038; Chargeback"}]},{"@type":"WebSite","@id":"https:\/\/tinychat.com\/#website","url":"https:\/\/tinychat.com\/","name":"TinyChat","description":"Bate-papo por v\u00eddeo aleat\u00f3rio com estranhos","publisher":{"@id":"https:\/\/tinychat.com\/#organization"},"alternateName":"TinyChat.com","potentialAction":[{"@type":"SearchAction","target":{"@type":"EntryPoint","urlTemplate":"https:\/\/tinychat.com\/?s={search_term_string}"},"query-input":{"@type":"PropertyValueSpecification","valueRequired":true,"valueName":"search_term_string"}}],"inLanguage":"pt-BR"},{"@type":"Organization","@id":"https:\/\/tinychat.com\/#organization","name":"TinyChat","alternateName":"TinyChat.com","url":"https:\/\/tinychat.com\/","logo":{"@type":"ImageObject","inLanguage":"pt-BR","@id":"https:\/\/tinychat.com\/#\/schema\/logo\/image\/","url":"https:\/\/tinychat.com\/wp-content\/uploads\/2023\/11\/Tinychat-icon-square.png","contentUrl":"https:\/\/tinychat.com\/wp-content\/uploads\/2023\/11\/Tinychat-icon-square.png","width":284,"height":284,"caption":"TinyChat"},"image":{"@id":"https:\/\/tinychat.com\/#\/schema\/logo\/image\/"},"sameAs":["https:\/\/www.facebook.com\/tinychat","https:\/\/x.com\/tinychat"]}]}},"_links":{"self":[{"href":"https:\/\/tinychat.com\/pt-br\/wp-json\/wp\/v2\/pages\/8554","targetHints":{"allow":["GET"]}}],"collection":[{"href":"https:\/\/tinychat.com\/pt-br\/wp-json\/wp\/v2\/pages"}],"about":[{"href":"https:\/\/tinychat.com\/pt-br\/wp-json\/wp\/v2\/types\/page"}],"author":[{"embeddable":true,"href":"https:\/\/tinychat.com\/pt-br\/wp-json\/wp\/v2\/users\/1"}],"replies":[{"embeddable":true,"href":"https:\/\/tinychat.com\/pt-br\/wp-json\/wp\/v2\/comments?post=8554"}],"version-history":[{"count":3,"href":"https:\/\/tinychat.com\/pt-br\/wp-json\/wp\/v2\/pages\/8554\/revisions"}],"predecessor-version":[{"id":13054,"href":"https:\/\/tinychat.com\/pt-br\/wp-json\/wp\/v2\/pages\/8554\/revisions\/13054"}],"wp:attachment":[{"href":"https:\/\/tinychat.com\/pt-br\/wp-json\/wp\/v2\/media?parent=8554"}],"curies":[{"name":"wp","href":"https:\/\/api.w.org\/{rel}","templated":true}]}}