{"id":8588,"date":"2025-07-26T15:30:39","date_gmt":"2025-07-26T13:30:39","guid":{"rendered":"https:\/\/tinychat.com\/?page_id=8588"},"modified":"2025-07-26T17:42:37","modified_gmt":"2025-07-26T15:42:37","slug":"wireclub","status":"publish","type":"page","link":"https:\/\/tinychat.com\/pt-br\/wireclub\/","title":{"rendered":"Wireclub"},"content":{"rendered":"<p>Em um mundo repleto de momentos fugazes de m\u00eddia social e conex\u00f5es superficiais, muitas pessoas est\u00e3o procurando algo mais genu\u00edno - um lugar onde voc\u00ea possa realmente conversar, fazer amigos duradouros ou participar de grupos de interesse sobre tudo, desde filosofia at\u00e9 m\u00fasica e namoro. O Wireclub \u00e9 uma das comunidades de bate-papo mais estabelecidas, vibrantes e repletas de recursos da Web, oferecendo milhares de salas de bate-papo, personaliza\u00e7\u00e3o avan\u00e7ada e uma base de usu\u00e1rios ativa e amig\u00e1vel.<\/p>\n<p>Se voc\u00ea est\u00e1 aqui para conhecer novas pessoas, encontrar apoio, discutir hobbies ou at\u00e9 mesmo encontrar um romance, as salas flex\u00edveis e a plataforma robusta do Wireclub fazem dele o destino ideal para uma verdadeira intera\u00e7\u00e3o social on-line. N\u00e3o se trata apenas de mais um site de bate-papo: \u00e9 uma rede de comunidades constru\u00edda em torno de conversas, respeito e um amor compartilhado pela conex\u00e3o on-line.<\/p>\n<p>Este guia detalhado abrange tudo o que voc\u00ea precisa saber sobre o Wireclub: como ele funciona, seus recursos de destaque, experi\u00eancia do usu\u00e1rio, privacidade e seguran\u00e7a, compara\u00e7\u00f5es com outras plataformas, solu\u00e7\u00e3o de problemas e dicas de especialistas para obter o m\u00e1ximo de cada bate-papo.<\/p>\n<h2>O que \u00e9 Wireclub?<\/h2>\n<p>O Wireclub \u00e9 uma plataforma de bate-papo e rede social baseada em navegador que permite aos usu\u00e1rios criar, ingressar e participar de milhares de salas de bate-papo sobre quase todos os t\u00f3picos imagin\u00e1veis. Lan\u00e7ado em 2003, o Wireclub rapidamente se transformou em uma comunidade mundial, com milh\u00f5es de membros registrados e uma reputa\u00e7\u00e3o de ser aberto, amig\u00e1vel e altamente personaliz\u00e1vel.<\/p>\n<p>Em sua ess\u00eancia, o Wireclub trata de:<\/p>\n<ul>\n<li>Salas de bate-papo abertas e mensagens privadas<\/li>\n<li>Grupos regionais e baseados em interesses<\/li>\n<li>Conte\u00fado gerado pelo usu\u00e1rio e modera\u00e7\u00e3o orientada pela comunidade<\/li>\n<li>Uma combina\u00e7\u00e3o de anonimato, privacidade e rede social persistente<\/li>\n<\/ul>\n<p>O modelo do Wireclub \u00e9 diferente da maioria dos sites de \"bate-papo aleat\u00f3rio\": enquanto voc\u00ea <em>pode<\/em> Para entrar no bate-papo aberto como convidado, a melhor maneira de experimentar a plataforma \u00e9 criar uma conta gratuita para desbloquear recursos sociais, listas de amigos e uma identidade on-line realmente persistente.<\/p>\n<h2>Principais recursos do Wireclub<\/h2>\n<p>O conjunto de recursos do Wireclub est\u00e1 entre os mais avan\u00e7ados do bate-papo on-line:<\/p>\n<h3>1. Milhares de salas de bate-papo p\u00fablicas e privadas<\/h3>\n<ul>\n<li>Salas tem\u00e1ticas: Namoro, m\u00fasica, jogos, filosofia, sa\u00fade, paternidade, bate-papo para adultos e muito mais.<\/li>\n<li>Salas de pa\u00eds\/regi\u00e3o: Conhe\u00e7a pessoas de sua regi\u00e3o ou explore comunidades globais.<\/li>\n<li>Salas criadas pelo usu\u00e1rio: Inicie seu pr\u00f3prio grupo, defina o t\u00f3pico e modere a discuss\u00e3o.<\/li>\n<\/ul>\n<h3>2. Registro gratuito e identidade persistente<\/h3>\n<ul>\n<li>Crie uma conta gratuita: Reserve seu apelido, configure um perfil e entre ou crie salas de bate-papo.<\/li>\n<li>Personalize seu perfil: Fotos, status, publica\u00e7\u00f5es no mural, emblemas e muito mais.<\/li>\n<li>Lista de amigos e seguidores: Crie sua rede e veja quando seus amigos est\u00e3o on-line.<\/li>\n<\/ul>\n<h3>3. Mensagens privadas e bate-papos em grupo<\/h3>\n<ul>\n<li>Mensagens individuais: Envie notas privadas para amigos ou novos contatos.<\/li>\n<li>PMs de grupo: Crie pequenos grupos de bate-papo privados para c\u00edrculos pr\u00f3ximos.<\/li>\n<\/ul>\n<h3>4. Compartilhamento de m\u00eddia e recursos divertidos<\/h3>\n<ul>\n<li>Compartilhe imagens e v\u00eddeos: Carregue e compartilhe m\u00eddia instantaneamente em salas ou PMs.<\/li>\n<li>Emojis, adesivos e presentes: Expresse-se com uma enorme cole\u00e7\u00e3o de aprimoramentos de bate-papo.<\/li>\n<li>Jogos e testes: Jogue com outras pessoas em tempo real para quebrar o gelo.<\/li>\n<\/ul>\n<h3>5. Modera\u00e7\u00e3o de sala e controles de usu\u00e1rio<\/h3>\n<ul>\n<li>Crie suas pr\u00f3prias salas: Defina regras, convide amigos, indique moderadores e mantenha o controle.<\/li>\n<li>Recursos de den\u00fancia\/bloqueio: Gerencie sua pr\u00f3pria experi\u00eancia; moderadores est\u00e3o presentes na maioria das salas ocupadas.<\/li>\n<li>Personaliza\u00e7\u00e3o da sala: Defina o tema, as regras, a mensagem de boas-vindas e as fun\u00e7\u00f5es do usu\u00e1rio.<\/li>\n<\/ul>\n<h3>6. F\u00f3runs e publica\u00e7\u00f5es no mural<\/h3>\n<ul>\n<li>N\u00e3o apenas bate-papo: Interaja com a comunidade mais ampla do Wireclub por meio de f\u00f3runs, publica\u00e7\u00f5es no mural e discuss\u00f5es sobre t\u00f3picos.<\/li>\n<\/ul>\n<h3>7. Moedas e recursos premium<\/h3>\n<ul>\n<li>Moedas Wireclub: A moeda virtual do site permite que voc\u00ea desbloqueie atualiza\u00e7\u00f5es de perfil, envie presentes, compre acesso premium ou crie salas extragrandes.<\/li>\n<li>Associa\u00e7\u00f5es premium: Remova an\u00fancios, acesse salas especiais e melhore seu perfil.<\/li>\n<\/ul>\n<h3>8. Acesso a celulares e desktops<\/h3>\n<p>O Wireclub \u00e9 totalmente baseado em navegador, otimizado para celular e desktop. N\u00e3o \u00e9 necess\u00e1rio fazer download ou instalar aplicativos.<\/p>\n<h2>Como usar o Wireclub<\/h2>\n<p>Come\u00e7ar \u00e9 f\u00e1cil, seja para bater papo como convidado ou para participar de toda a comunidade.<\/p>\n<h3>Etapa 1: Visite o site do Wireclub<\/h3>\n<p>Abra o wireclub.com em qualquer navegador moderno.<\/p>\n<h3>Etapa 2: Registre-se (recomendado) ou converse como convidado<\/h3>\n<ul>\n<li>Registre uma conta gratuita: Desbloqueie todos os recursos, perfis persistentes e listas de amigos.<\/li>\n<li>Converse como convidado: Explore salas p\u00fablicas com recursos limitados.<\/li>\n<\/ul>\n<h3>Etapa 3: Configure seu perfil<\/h3>\n<p>Adicione uma foto, escreva uma breve biografia, defina seus interesses e fa\u00e7a seu perfil se destacar. Adicione amigos e siga pessoas interessantes.<\/p>\n<h3>Etapa 4: Localizar ou criar uma sala de bate-papo<\/h3>\n<ul>\n<li>Navegue pelas salas mais populares ou pesquise por t\u00f3pico.<\/li>\n<li>Participe de salas de pa\u00edses\/idiomas ou grupos de interesses espec\u00edficos.<\/li>\n<li>Crie sua pr\u00f3pria sala - personalize-a com regras, temas e moderadores.<\/li>\n<\/ul>\n<h3>Etapa 5: Participe da conversa<\/h3>\n<p>Digite mensagens, envie emojis, publique imagens ou jogue jogos. Alterne entre as salas ou acomode-se em suas favoritas.<\/p>\n<h3>Etapa 6: Mensagem privada e adicionar amigos<\/h3>\n<p>Clique em qualquer usu\u00e1rio para abrir seu perfil, enviar uma mensagem privada ou adicion\u00e1-lo como amigo.<\/p>\n<h3>Etapa 7: Explore f\u00f3runs e publica\u00e7\u00f5es no mural<\/h3>\n<p>Al\u00e9m do bate-papo, os f\u00f3runs e murais de usu\u00e1rios do Wireclub s\u00e3o \u00f3timos para discuss\u00f5es e an\u00fancios ass\u00edncronos.<\/p>\n<h3>Etapa 8: Desbloqueie os extras com moedas<\/h3>\n<p>Participe, jogue jogos ou compre moedas para atualiza\u00e7\u00f5es de perfil, presentes ou associa\u00e7\u00e3o premium.<\/p>\n<h2>Experi\u00eancia do usu\u00e1rio no Wireclub<\/h2>\n<p>A experi\u00eancia do Wireclub \u00e9 constru\u00edda em torno de abertura, controle e variedade:<\/p>\n<h3>O que os usu\u00e1rios adoram<\/h3>\n<ul>\n<li>Grande variedade de salas: Sempre h\u00e1 algo para todos - namoro, amizade, hobbies, conselhos e muito mais.<\/li>\n<li>Comunidade forte e persistente: Crie amizades reais e perfis reconhec\u00edveis.<\/li>\n<li>Personaliza\u00e7\u00e3o avan\u00e7ada do perfil: Destaque-se e conecte-se com pessoas que pensam como voc\u00ea.<\/li>\n<li>Compartilhamento de m\u00eddia e jogos: Torna os bate-papos animados e envolventes.<\/li>\n<li>Ferramentas poderosas de modera\u00e7\u00e3o: Mantenha suas salas limpas e sem dramas.<\/li>\n<li>Compat\u00edvel com celulares e desktops: Converse em qualquer lugar, a qualquer hora.<\/li>\n<\/ul>\n<h3>Onde os usu\u00e1rios veem espa\u00e7o para melhorias<\/h3>\n<ul>\n<li>Alguns recursos (salas grandes, presentes premium, aus\u00eancia de an\u00fancios) exigem moedas ou premium.<\/li>\n<li>Salas movimentadas podem se mover rapidamente - salas privadas ajudam a manter conversas mais focadas.<\/li>\n<li>Como em todos os sites de bate-papo abertos, podem aparecer trolls (a modera\u00e7\u00e3o ativa ajuda).<\/li>\n<li>Os f\u00f3runs s\u00e3o menos ativos do que as salas de bate-papo.<\/li>\n<\/ul>\n<h3>Feedback real do usu\u00e1rio<\/h3>\n<blockquote><p>\"O Wireclub \u00e9 meu lar on-line. Fiz amigos em todo o mundo e at\u00e9 conheci meu parceiro aqui.\"<br \/>\n- <em>Helen B., Trustpilot<\/em><\/p><\/blockquote>\n<blockquote><p>\"Adoro a variedade - h\u00e1 espa\u00e7o para literalmente qualquer interesse, e a comunidade \u00e9 \u00f3tima.\"<br \/>\n- <em>Manuel S., Coment\u00e1rios do Google<\/em><\/p><\/blockquote>\n<blockquote><p>\"Criar minha pr\u00f3pria sala e definir as regras foi um divisor de \u00e1guas para meu clube do livro.\"<br \/>\n- <em>Sarah T., App Store<\/em><\/p><\/blockquote>\n<h2>Wireclub vs. outras plataformas de salas de bate-papo<\/h2>\n<p>Como o Wireclub se compara aos principais sites de bate-papo?<\/p>\n<table>\n<thead>\n<tr>\n<th>Recurso<\/th>\n<th>Wireclub<\/th>\n<th>321Chat<\/th>\n<th>Sala de bate-papo2000<\/th>\n<th>Yesichat<\/th>\n<th>Chatzy<\/th>\n<th>Disc\u00f3rdia<\/th>\n<\/tr>\n<\/thead>\n<tbody>\n<tr>\n<td>Registro gratuito<\/td>\n<td>\u2705 Sim<\/td>\n<td>\u2705 Sim<\/td>\n<td>\u2705 Opcional<\/td>\n<td>\u2705 Sim<\/td>\n<td>\u2705 Opcional<\/td>\n<td>\u2705 Sim<\/td>\n<\/tr>\n<tr>\n<td>Salas de bate-papo p\u00fablicas\/em grupo<\/td>\n<td>\u2705 Sim<\/td>\n<td>\u2705 Sim<\/td>\n<td>\u2705 Sim<\/td>\n<td>\u2705 Sim<\/td>\n<td>\u2705 Sim<\/td>\n<td>\u2705 Sim<\/td>\n<\/tr>\n<tr>\n<td>Crie suas pr\u00f3prias salas<\/td>\n<td>\u2705 Sim<\/td>\n<td>\u2705 Limitada<\/td>\n<td>\u2705 Sim<\/td>\n<td>\u2705 Sim<\/td>\n<td>\u2705 Sim<\/td>\n<td>\u2705 Sim<\/td>\n<\/tr>\n<tr>\n<td>Compartilhamento de m\u00eddia<\/td>\n<td>\u2705 Sim<\/td>\n<td>\u2705 Sim<\/td>\n<td>\u2705 Sim<\/td>\n<td>\u2705 Sim<\/td>\n<td>\u2705 Sim<\/td>\n<td>\u2705 Sim<\/td>\n<\/tr>\n<tr>\n<td>Personaliza\u00e7\u00e3o de perfil<\/td>\n<td>\u2705 Sim<\/td>\n<td>\u2705 Limitada<\/td>\n<td>\u2705 Limitada<\/td>\n<td>\u2705 Sim<\/td>\n<td>\u2705 Sim<\/td>\n<td>\u2705 Sim<\/td>\n<\/tr>\n<tr>\n<td>Otimizado para celular<\/td>\n<td>\u2705 Sim<\/td>\n<td>\u2705 Sim<\/td>\n<td>\u2705 Sim<\/td>\n<td>\u2705 Sim<\/td>\n<td>\u2705 Sim<\/td>\n<td>\u2705 Sim<\/td>\n<\/tr>\n<tr>\n<td>Jogos e presentes<\/td>\n<td>\u2705 Sim<\/td>\n<td>\u274c N\u00e3o<\/td>\n<td>\u274c N\u00e3o<\/td>\n<td>\u2705 Limitada<\/td>\n<td>\u274c N\u00e3o<\/td>\n<td>\u2705 Sim<\/td>\n<\/tr>\n<tr>\n<td>Moedas\/moeda virtual<\/td>\n<td>\u2705 Sim<\/td>\n<td>\u274c N\u00e3o<\/td>\n<td>\u274c N\u00e3o<\/td>\n<td>\u274c N\u00e3o<\/td>\n<td>\u274c N\u00e3o<\/td>\n<td>\u274c N\u00e3o<\/td>\n<\/tr>\n<tr>\n<td>F\u00f3runs\/Posts de parede<\/td>\n<td>\u2705 Sim<\/td>\n<td>\u274c N\u00e3o<\/td>\n<td>\u274c N\u00e3o<\/td>\n<td>\u274c N\u00e3o<\/td>\n<td>\u274c N\u00e3o<\/td>\n<td>F\u00f3runs<\/td>\n<\/tr>\n<tr>\n<td>Forte modera\u00e7\u00e3o<\/td>\n<td>\u2705 Sim<\/td>\n<td>\u2705 Sim<\/td>\n<td>\u2705 Sim<\/td>\n<td>\u2705 Sim<\/td>\n<td>\u2705 Sim<\/td>\n<td>\u2705 Sim<\/td>\n<\/tr>\n<\/tbody>\n<\/table>\n<p>Resumo: O Wireclub oferece a personaliza\u00e7\u00e3o mais profunda, a maior variedade de salas de bate-papo e os melhores recursos sociais de qualquer plataforma de bate-papo baseada em navegador - ideal para usu\u00e1rios que buscam mais do que apenas bate-papo an\u00f4nimo.<\/p>\n<h2>O Wireclub \u00e9 seguro?<\/h2>\n<p>A Wireclub leva a s\u00e9rio a privacidade e a seguran\u00e7a:<\/p>\n<ul>\n<li>Privacidade do perfil e da sala: Controle quem v\u00ea suas informa\u00e7\u00f5es e quem entra em sua sala.<\/li>\n<li>Moderadores humanos ativos: Em salas ocupadas e prontos para responder a den\u00fancias.<\/li>\n<li>Ferramentas f\u00e1ceis de bloquear\/relatar: Silencie ou sinalize instantaneamente usu\u00e1rios abusivos.<\/li>\n<li>Salas adequadas \u00e0 idade: Separa\u00e7\u00e3o clara entre os espa\u00e7os para adultos, geral e para jovens.<\/li>\n<li>Controles de anonimato: Use apelidos, sem exig\u00eancia de nomes reais.<\/li>\n<\/ul>\n<h3>Dicas de seguran\u00e7a<\/h3>\n<ul>\n<li>N\u00e3o compartilhe informa\u00e7\u00f5es pessoais confidenciais, especialmente em salas p\u00fablicas.<\/li>\n<li>Use salas privadas e convites para conversas confi\u00e1veis.<\/li>\n<li>Bloqueie ou denuncie qualquer pessoa que esteja lhe causando desconforto.<\/li>\n<li>Registre-se para ter um perfil persistente e gerencie seus amigos\/seguidores com cuidado.<\/li>\n<li>Evite clicar em links desconhecidos ou aceitar compartilhamentos de arquivos aleat\u00f3rios.<\/li>\n<\/ul>\n<h2>Dicas para obter o m\u00e1ximo do Wireclub<\/h2>\n<ul>\n<li>Explore as salas: H\u00e1 um grupo para cada hobby ou t\u00f3pico - entre e se apresente.<\/li>\n<li>Crie sua pr\u00f3pria sala: Defina as regras, convide amigos e crie uma comunidade.<\/li>\n<li>Personalize seu perfil: Destaque-se e atraia as conex\u00f5es certas.<\/li>\n<li>Compartilhe m\u00eddia: Mantenha as conversas animadas com fotos, GIFs e v\u00eddeos.<\/li>\n<li>Jogue jogos: Quebre o gelo e divirta-se com jogos e question\u00e1rios baseados em bate-papo.<\/li>\n<li>Use ferramentas de modera\u00e7\u00e3o: Mantenha seu espa\u00e7o de bate-papo livre de dramas.<\/li>\n<li>Experimente o premium: se voc\u00ea gosta do Wireclub, considere a possibilidade de usar moedas ou ser membro para obter vantagens extras.<\/li>\n<li>Alterne entre celular e desktop: Funcionalidade total, n\u00e3o importa onde voc\u00ea esteja.<\/li>\n<\/ul>\n<h2>Solu\u00e7\u00e3o de problemas comuns do Wireclub<\/h2>\n<h3>N\u00e3o \u00e9 poss\u00edvel entrar em uma sala<\/h3>\n<p>Verifique se a sala \u00e9 privada ou se requer um convite. Tente se registrar ou fazer login para ter acesso total.<\/p>\n<h3>N\u00e3o \u00e9 poss\u00edvel enviar imagens ou presentes<\/h3>\n<p>Alguns recursos exigem moedas ou uma conta premium; ganhe moedas participando ou compre-as.<\/p>\n<h3>Encontrando trolls ou spam<\/h3>\n<p>Bloqueie e denuncie instantaneamente; os moderadores est\u00e3o presentes em todas as salas principais.<\/p>\n<h3>Amigos perdidos ou perfil<\/h3>\n<p>Registre-se em uma conta e fa\u00e7a login sempre para manter seu perfil, amigos e prefer\u00eancias.<\/p>\n<h3>Problemas com dispositivos m\u00f3veis<\/h3>\n<p>O Wireclub \u00e9 baseado em navegador - verifique se voc\u00ea est\u00e1 usando um navegador moderno e atualizado para obter o melhor desempenho.<\/p>\n<p>Com certeza, especialmente para quem procura uma comunidade de bate-papo social real, variedade infinita de salas e mais profundidade do que aplicativos de bate-papo aleat\u00f3rios ou mensageiros simples. O Wireclub combina o cl\u00e1ssico bate-papo em grupo com a moderna rede social, tornando-o um ponto de encontro digital para amigos, amadores, solteiros e pessoas que buscam apoio.<\/p>\n<p>Seja para conhecer novas pessoas, participar de debates, compartilhar m\u00eddia ou criar seu pr\u00f3prio grupo, o Wireclub \u00e9 o seu clube social on-line - sempre aberto, sempre animado e sempre gratuito no n\u00edvel b\u00e1sico.<\/p>\n<p>Pronto para participar da conversa? Visite wireclub.com, crie seu perfil, explore as salas e inicie sua pr\u00f3xima grande conversa hoje mesmo.<\/p>","protected":false},"excerpt":{"rendered":"<p>In a world full of fleeting social media moments and surface-level connections, many people are searching for something more genuine\u2014a place where you can truly engage in conversation, make lasting friends, or join interest groups on everything from philosophy to music to dating. Wireclub stands as one of the most established, vibrant, and feature-rich chat [&hellip;]<\/p>\n","protected":false},"author":6,"featured_media":0,"parent":0,"menu_order":0,"comment_status":"closed","ping_status":"closed","template":"","meta":{"footnotes":""},"class_list":["post-8588","page","type-page","status-publish","hentry"],"yoast_head":"<!-- This site is optimized with the Yoast SEO plugin v27.4 - https:\/\/yoast.com\/product\/yoast-seo-wordpress\/ -->\n<title>Wireclub - Free Online Chat Rooms - TinyChat.com<\/title>\n<meta name=\"description\" content=\"Enjoying Wireclub? Join over 50,000,000 strangers on TinyChat! Turn on your cam and start meeting new people, or find a match.\" \/>\n<meta name=\"robots\" content=\"index, follow, max-snippet:-1, max-image-preview:large, max-video-preview:-1\" \/>\n<link rel=\"canonical\" href=\"https:\/\/tinychat.com\/pt-br\/wireclub\/\" \/>\n<meta property=\"og:locale\" content=\"pt_BR\" \/>\n<meta property=\"og:type\" content=\"article\" \/>\n<meta property=\"og:title\" content=\"Wireclub - Free Online Chat Rooms - TinyChat.com\" \/>\n<meta property=\"og:description\" content=\"Enjoying Wireclub? Join over 50,000,000 strangers on TinyChat! Turn on your cam and start meeting new people, or find a match.\" \/>\n<meta property=\"og:url\" content=\"https:\/\/tinychat.com\/pt-br\/wireclub\/\" \/>\n<meta property=\"og:site_name\" content=\"TinyChat\" \/>\n<meta property=\"article:publisher\" content=\"https:\/\/www.facebook.com\/tinychat\" \/>\n<meta property=\"article:modified_time\" content=\"2025-07-26T15:42:37+00:00\" \/>\n<meta property=\"og:image\" content=\"https:\/\/tinychat.com\/wp-content\/uploads\/2020\/04\/Tinychat-logo-1280x284-new-black.png\" \/>\n\t<meta property=\"og:image:width\" content=\"1280\" \/>\n\t<meta property=\"og:image:height\" content=\"284\" \/>\n\t<meta property=\"og:image:type\" content=\"image\/png\" \/>\n<meta name=\"twitter:card\" content=\"summary_large_image\" \/>\n<meta name=\"twitter:site\" content=\"@tinychat\" \/>\n<meta name=\"twitter:label1\" content=\"Est. tempo de leitura\" \/>\n\t<meta name=\"twitter:data1\" content=\"7 minutos\" \/>\n<script type=\"application\/ld+json\" class=\"yoast-schema-graph\">{\"@context\":\"https:\\\/\\\/schema.org\",\"@graph\":[{\"@type\":\"WebPage\",\"@id\":\"https:\\\/\\\/tinychat.com\\\/wireclub\\\/\",\"url\":\"https:\\\/\\\/tinychat.com\\\/wireclub\\\/\",\"name\":\"Wireclub - Free Online Chat Rooms - TinyChat.com\",\"isPartOf\":{\"@id\":\"https:\\\/\\\/tinychat.com\\\/#website\"},\"datePublished\":\"2025-07-26T13:30:39+00:00\",\"dateModified\":\"2025-07-26T15:42:37+00:00\",\"description\":\"Enjoying Wireclub? Join over 50,000,000 strangers on TinyChat! Turn on your cam and start meeting new people, or find a match.\",\"breadcrumb\":{\"@id\":\"https:\\\/\\\/tinychat.com\\\/wireclub\\\/#breadcrumb\"},\"inLanguage\":\"pt-BR\",\"potentialAction\":[{\"@type\":\"ReadAction\",\"target\":[\"https:\\\/\\\/tinychat.com\\\/wireclub\\\/\"]}]},{\"@type\":\"BreadcrumbList\",\"@id\":\"https:\\\/\\\/tinychat.com\\\/wireclub\\\/#breadcrumb\",\"itemListElement\":[{\"@type\":\"ListItem\",\"position\":1,\"name\":\"Home\",\"item\":\"https:\\\/\\\/tinychat.com\\\/\"},{\"@type\":\"ListItem\",\"position\":2,\"name\":\"Wireclub\"}]},{\"@type\":\"WebSite\",\"@id\":\"https:\\\/\\\/tinychat.com\\\/#website\",\"url\":\"https:\\\/\\\/tinychat.com\\\/\",\"name\":\"TinyChat\",\"description\":\"Random Video Chat with Strangers\",\"publisher\":{\"@id\":\"https:\\\/\\\/tinychat.com\\\/#organization\"},\"alternateName\":\"TinyChat.com\",\"potentialAction\":[{\"@type\":\"SearchAction\",\"target\":{\"@type\":\"EntryPoint\",\"urlTemplate\":\"https:\\\/\\\/tinychat.com\\\/?s={search_term_string}\"},\"query-input\":{\"@type\":\"PropertyValueSpecification\",\"valueRequired\":true,\"valueName\":\"search_term_string\"}}],\"inLanguage\":\"pt-BR\"},{\"@type\":\"Organization\",\"@id\":\"https:\\\/\\\/tinychat.com\\\/#organization\",\"name\":\"TinyChat\",\"alternateName\":\"TinyChat.com\",\"url\":\"https:\\\/\\\/tinychat.com\\\/\",\"logo\":{\"@type\":\"ImageObject\",\"inLanguage\":\"pt-BR\",\"@id\":\"https:\\\/\\\/tinychat.com\\\/#\\\/schema\\\/logo\\\/image\\\/\",\"url\":\"https:\\\/\\\/tinychat.com\\\/wp-content\\\/uploads\\\/2023\\\/11\\\/Tinychat-icon-square.png\",\"contentUrl\":\"https:\\\/\\\/tinychat.com\\\/wp-content\\\/uploads\\\/2023\\\/11\\\/Tinychat-icon-square.png\",\"width\":284,\"height\":284,\"caption\":\"TinyChat\"},\"image\":{\"@id\":\"https:\\\/\\\/tinychat.com\\\/#\\\/schema\\\/logo\\\/image\\\/\"},\"sameAs\":[\"https:\\\/\\\/www.facebook.com\\\/tinychat\",\"https:\\\/\\\/x.com\\\/tinychat\"]}]}<\/script>\n<!-- \/ Yoast SEO plugin. -->","yoast_head_json":{"title":"Wireclub - Salas de bate-papo on-line gratuitas - TinyChat.com","description":"Est\u00e1 gostando do Wireclub? Junte-se a mais de 50.000.000 de estranhos no TinyChat! Ligue sua c\u00e2mera e comece a conhecer novas pessoas ou encontre um par.","robots":{"index":"index","follow":"follow","max-snippet":"max-snippet:-1","max-image-preview":"max-image-preview:large","max-video-preview":"max-video-preview:-1"},"canonical":"https:\/\/tinychat.com\/pt-br\/wireclub\/","og_locale":"pt_BR","og_type":"article","og_title":"Wireclub - Free Online Chat Rooms - TinyChat.com","og_description":"Enjoying Wireclub? Join over 50,000,000 strangers on TinyChat! Turn on your cam and start meeting new people, or find a match.","og_url":"https:\/\/tinychat.com\/pt-br\/wireclub\/","og_site_name":"TinyChat","article_publisher":"https:\/\/www.facebook.com\/tinychat","article_modified_time":"2025-07-26T15:42:37+00:00","og_image":[{"width":1280,"height":284,"url":"https:\/\/tinychat.com\/wp-content\/uploads\/2020\/04\/Tinychat-logo-1280x284-new-black.png","type":"image\/png"}],"twitter_card":"summary_large_image","twitter_site":"@tinychat","twitter_misc":{"Est. tempo de leitura":"7 minutos"},"schema":{"@context":"https:\/\/schema.org","@graph":[{"@type":"WebPage","@id":"https:\/\/tinychat.com\/wireclub\/","url":"https:\/\/tinychat.com\/wireclub\/","name":"Wireclub - Salas de bate-papo on-line gratuitas - TinyChat.com","isPartOf":{"@id":"https:\/\/tinychat.com\/#website"},"datePublished":"2025-07-26T13:30:39+00:00","dateModified":"2025-07-26T15:42:37+00:00","description":"Est\u00e1 gostando do Wireclub? Junte-se a mais de 50.000.000 de estranhos no TinyChat! Ligue sua c\u00e2mera e comece a conhecer novas pessoas ou encontre um par.","breadcrumb":{"@id":"https:\/\/tinychat.com\/wireclub\/#breadcrumb"},"inLanguage":"pt-BR","potentialAction":[{"@type":"ReadAction","target":["https:\/\/tinychat.com\/wireclub\/"]}]},{"@type":"BreadcrumbList","@id":"https:\/\/tinychat.com\/wireclub\/#breadcrumb","itemListElement":[{"@type":"ListItem","position":1,"name":"Home","item":"https:\/\/tinychat.com\/"},{"@type":"ListItem","position":2,"name":"Wireclub"}]},{"@type":"WebSite","@id":"https:\/\/tinychat.com\/#website","url":"https:\/\/tinychat.com\/","name":"TinyChat","description":"Bate-papo por v\u00eddeo aleat\u00f3rio com estranhos","publisher":{"@id":"https:\/\/tinychat.com\/#organization"},"alternateName":"TinyChat.com","potentialAction":[{"@type":"SearchAction","target":{"@type":"EntryPoint","urlTemplate":"https:\/\/tinychat.com\/?s={search_term_string}"},"query-input":{"@type":"PropertyValueSpecification","valueRequired":true,"valueName":"search_term_string"}}],"inLanguage":"pt-BR"},{"@type":"Organization","@id":"https:\/\/tinychat.com\/#organization","name":"TinyChat","alternateName":"TinyChat.com","url":"https:\/\/tinychat.com\/","logo":{"@type":"ImageObject","inLanguage":"pt-BR","@id":"https:\/\/tinychat.com\/#\/schema\/logo\/image\/","url":"https:\/\/tinychat.com\/wp-content\/uploads\/2023\/11\/Tinychat-icon-square.png","contentUrl":"https:\/\/tinychat.com\/wp-content\/uploads\/2023\/11\/Tinychat-icon-square.png","width":284,"height":284,"caption":"TinyChat"},"image":{"@id":"https:\/\/tinychat.com\/#\/schema\/logo\/image\/"},"sameAs":["https:\/\/www.facebook.com\/tinychat","https:\/\/x.com\/tinychat"]}]}},"_links":{"self":[{"href":"https:\/\/tinychat.com\/pt-br\/wp-json\/wp\/v2\/pages\/8588","targetHints":{"allow":["GET"]}}],"collection":[{"href":"https:\/\/tinychat.com\/pt-br\/wp-json\/wp\/v2\/pages"}],"about":[{"href":"https:\/\/tinychat.com\/pt-br\/wp-json\/wp\/v2\/types\/page"}],"author":[{"embeddable":true,"href":"https:\/\/tinychat.com\/pt-br\/wp-json\/wp\/v2\/users\/6"}],"replies":[{"embeddable":true,"href":"https:\/\/tinychat.com\/pt-br\/wp-json\/wp\/v2\/comments?post=8588"}],"version-history":[{"count":3,"href":"https:\/\/tinychat.com\/pt-br\/wp-json\/wp\/v2\/pages\/8588\/revisions"}],"predecessor-version":[{"id":13365,"href":"https:\/\/tinychat.com\/pt-br\/wp-json\/wp\/v2\/pages\/8588\/revisions\/13365"}],"wp:attachment":[{"href":"https:\/\/tinychat.com\/pt-br\/wp-json\/wp\/v2\/media?parent=8588"}],"curies":[{"name":"wp","href":"https:\/\/api.w.org\/{rel}","templated":true}]}}