{"id":86,"date":"2025-06-27T12:05:16","date_gmt":"2025-06-27T10:05:16","guid":{"rendered":"https:\/\/tinychat.com\/?page_id=86"},"modified":"2025-07-07T18:18:57","modified_gmt":"2025-07-07T16:18:57","slug":"chatroulette","status":"publish","type":"page","link":"https:\/\/tinychat.com\/pt-br\/chatroulette\/","title":{"rendered":"Chatroulette"},"content":{"rendered":"<p>O Chatroulette ocupa um lugar especial como o pioneiro do <a href=\"https:\/\/tinychat.com\/pt-br\/\">bate-papo por v\u00eddeo aleat\u00f3rio<\/a> plataformas. Muito antes de o bate-papo por v\u00eddeo com estranhos se tornar uma tend\u00eancia global, o Chatroulette chamou a aten\u00e7\u00e3o da Internet ao oferecer algo novo, arriscado e emocionante: uma maneira de conhecer instantaneamente algu\u00e9m de qualquer lugar do mundo com apenas um clique. Lan\u00e7ada em 2009 por um estudante russo de 17 anos, a plataforma rapidamente viralizou e se tornou um fen\u00f4meno cultural.<\/p>\n<p>Hoje, o Chatroulette evoluiu para uma plataforma mais refinada, amig\u00e1vel e moderada que combina a nostalgia de seus prim\u00f3rdios com a seguran\u00e7a e as expectativas da comunica\u00e7\u00e3o on-line moderna. Ele continua sendo o destino preferido de milh\u00f5es de pessoas que desejam uma intera\u00e7\u00e3o humana sem filtros, al\u00e9m dos limites dos feeds de m\u00eddia social ou aplicativos de namoro.<\/p>\n<p>Quer voc\u00ea seja um usu\u00e1rio antigo ou um novato curioso, o Chatroulette oferece uma experi\u00eancia \u00fanica, constru\u00edda em torno da autenticidade, espontaneidade e surpresa. Vamos nos aprofundar no que faz o Chatroulette se destacar no mundo do v\u00eddeo on-line <a href=\"https:\/\/tinychat.com\/pt-br\/chathub\/\">bate-papo<\/a>.<\/p>\n<h2>Principais recursos do Chatroulette<\/h2>\n<p>Embora muitas plataformas tenham tentado replicar o sucesso do Chatroulette, poucas conseguiram igualar sua simplicidade e alcance global. Aqui est\u00e3o os principais recursos que continuam a definir a experi\u00eancia do Chatroulette:<\/p>\n<h3>Bate-papo por v\u00eddeo aleat\u00f3rio instant\u00e2neo<\/h3>\n<p>O principal apelo do Chatroulette sempre foi seu modelo de conex\u00e3o instant\u00e2nea. Voc\u00ea abre o site, permite o acesso \u00e0 sua webcam e ao seu microfone e \u00e9 imediatamente emparelhado com um usu\u00e1rio aleat\u00f3rio. <a href=\"https:\/\/tinychat.com\/pt-br\/strangercam\/\">estranho<\/a> para uma conversa cara a cara.<\/p>\n<p>N\u00e3o h\u00e1 necessidade de criar um perfil, baixar um aplicativo ou fazer uma configura\u00e7\u00e3o demorada. \u00c9 um v\u00eddeo <a href=\"https:\/\/tinychat.com\/pt-br\/chathub\/\">bate-papo<\/a> em sua forma mais pura: r\u00e1pido, fluido e completamente imprevis\u00edvel.<\/p>\n<h3>Intera\u00e7\u00f5es an\u00f4nimas<\/h3>\n<p>O Chatroulette continua a valorizar o anonimato do usu\u00e1rio, permitindo que as pessoas interajam sem revelar informa\u00e7\u00f5es pessoais. N\u00e3o \u00e9 necess\u00e1rio se registrar ou fazer login para usar o servi\u00e7o. Isso significa que cada sess\u00e3o \u00e9 tempor\u00e1ria e ef\u00eamera - os usu\u00e1rios s\u00e3o livres para se expressar sem consequ\u00eancias ou julgamentos de longo prazo.<\/p>\n<h3>Alcance global<\/h3>\n<p>Com usu\u00e1rios de todo o mundo on-line a qualquer momento, o Chatroulette oferece uma experi\u00eancia verdadeiramente internacional. N\u00e3o importa se voc\u00ea est\u00e1 conversando com algu\u00e9m de T\u00f3quio, Toronto, Berlim ou Cidade do Cabo, cada sess\u00e3o \u00e9 uma oportunidade de obter novas perspectivas e explorar diferentes culturas.<\/p>\n<h3>Modera\u00e7\u00e3o com tecnologia de IA<\/h3>\n<p>Uma das principais melhorias do Chatroulette nos \u00faltimos anos \u00e9 a implementa\u00e7\u00e3o da modera\u00e7\u00e3o baseada em IA. Para combater os problemas que assolaram seus primeiros dias, a plataforma agora usa o aprendizado de m\u00e1quina para detectar conte\u00fado e comportamento inadequados em tempo real.<\/p>\n<p>Esse sistema automatizado conta com o apoio de uma equipe de moderadores humanos que respondem \u00e0s den\u00fancias dos usu\u00e1rios. O resultado \u00e9 um ambiente muito mais seguro e respeitoso para todos os usu\u00e1rios.<\/p>\n<h3>Sistema de verifica\u00e7\u00e3o facial (opcional)<\/h3>\n<p>Para aqueles que buscam ainda mais credibilidade e experi\u00eancias mais limpas, o Chatroulette oferece um sistema opcional de verifica\u00e7\u00e3o facial. Os usu\u00e1rios verificados s\u00e3o priorizados em <a href=\"https:\/\/tinychat.com\/pt-br\/chathub\/\">bate-papo<\/a> aumentando a probabilidade de conversas significativas com pessoas reais e respeitosas.<\/p>\n<p>Esse recurso \u00e9 especialmente \u00fatil para usu\u00e1rios cansados de bots, trolls ou encontros NSFW, e \u00e9 um passo em dire\u00e7\u00e3o \u00e0 responsabilidade em ambientes an\u00f4nimos.<\/p>\n<h3>Op\u00e7\u00e3o de bate-papo por texto<\/h3>\n<p>Al\u00e9m do v\u00eddeo, o Chatroulette inclui um aplicativo de texto <a href=\"https:\/\/tinychat.com\/pt-br\/chathub\/\">bate-papo<\/a> durante cada sess\u00e3o. Isso permite que os usu\u00e1rios que n\u00e3o queiram falar ou usar v\u00eddeo ainda assim se envolvam com os outros, o que \u00e9 ideal para aqueles em ambientes mais silenciosos ou com conectividade limitada.<\/p>\n<h3>Sistema Skip and Connect<\/h3>\n<p>Se voc\u00ea n\u00e3o estiver se sentindo bem com o seu parceiro atual, o bot\u00e3o cl\u00e1ssico \"Next\" permite que voc\u00ea passe instantaneamente para a pr\u00f3xima pessoa. N\u00e3o h\u00e1 penalidade, nem necessidade de explica\u00e7\u00e3o - apenas uma transi\u00e7\u00e3o limpa para a pr\u00f3xima intera\u00e7\u00e3o.<\/p>\n<p>Esse modelo de troca r\u00e1pida incentiva a explora\u00e7\u00e3o e mant\u00e9m as coisas frescas, facilitando a transi\u00e7\u00e3o de conversas inc\u00f4modas ou entediantes.<\/p>\n<h2>Como usar o Chatroulette<\/h2>\n<p>Come\u00e7ar a usar o Chatroulette \u00e9 uma das coisas mais f\u00e1ceis que voc\u00ea pode fazer on-line. Ele foi projetado para ser leve, amig\u00e1vel ao navegador e instantaneamente acess\u00edvel. Aqui est\u00e1 um guia passo a passo para aproveitar ao m\u00e1ximo:<\/p>\n<h3>Etapa 1: Visite o site<\/h3>\n<p>Acesse Chatroulette. Voc\u00ea n\u00e3o precisa se inscrever nem baixar nenhum aplicativo. Tudo funciona diretamente de seu navegador.<\/p>\n<h3>Etapa 2: Permitir acesso \u00e0 webcam e ao microfone<\/h3>\n<p>Quando solicitado, d\u00ea ao Chatroulette acesso \u00e0 sua webcam e ao seu microfone. Eles s\u00e3o essenciais para o v\u00eddeo <a href=\"https:\/\/tinychat.com\/pt-br\/chathub\/\">bate-papo<\/a>. Certifique-se de estar em um ambiente confort\u00e1vel com ilumina\u00e7\u00e3o decente para ter a melhor experi\u00eancia.<\/p>\n<h3>Etapa 3: Clique em \"Start\" para come\u00e7ar<\/h3>\n<p>Pressione o bot\u00e3o \"Start\" (Iniciar) e voc\u00ea ser\u00e1 instantaneamente emparelhado com um usu\u00e1rio aleat\u00f3rio. Se a conex\u00e3o n\u00e3o for do seu agrado, basta clicar em \"Next\" para tentar novamente.<\/p>\n<h3>Etapa 4: Envolver-se ou ignorar<\/h3>\n<p>Voc\u00ea pode <a href=\"https:\/\/tinychat.com\/pt-br\/chathub\/\">bate-papo<\/a> usando seu microfone e webcam, ou use o texto <a href=\"https:\/\/tinychat.com\/pt-br\/chathub\/\">bate-papo<\/a> caixa. Se a vibra\u00e7\u00e3o n\u00e3o parecer boa ou se voc\u00ea estiver pronto para seguir em frente, clique em \"Next\" (Avan\u00e7ar) para conhecer algu\u00e9m novo.<\/p>\n<h3>Etapa 5: Relat\u00f3rio ou bloqueio (se necess\u00e1rio)<\/h3>\n<p>Se algu\u00e9m se comportar de forma inadequada, use o bot\u00e3o de den\u00fancia para sinalizar a intera\u00e7\u00e3o. Voc\u00ea tamb\u00e9m pode bloquear usu\u00e1rios que violam as diretrizes da comunidade. Isso ajuda a manter a comunidade limpa e agrad\u00e1vel para os outros.<\/p>\n<h2>Seguran\u00e7a e privacidade no Chatroulette<\/h2>\n<p>O Chatroulette fez avan\u00e7os significativos em termos de seguran\u00e7a, especialmente em compara\u00e7\u00e3o com seus primeiros dias. Veja como ele protege os usu\u00e1rios e cria um espa\u00e7o digital respeitoso:<\/p>\n<h3>Modera\u00e7\u00e3o em tempo real com tecnologia de IA<\/h3>\n<p>A plataforma emprega aprendizado de m\u00e1quina para detectar nudez, comportamento inadequado ou discurso de \u00f3dio. As viola\u00e7\u00f5es detectadas resultam no encerramento imediato da sess\u00e3o e, em muitos casos, no banimento da conta dos infratores reincidentes.<\/p>\n<p>Essa abordagem proativa reduziu muito o tipo de conte\u00fado que anteriormente dava ao Chatroulette uma m\u00e1 reputa\u00e7\u00e3o.<\/p>\n<h3>Sistema de relat\u00f3rios de usu\u00e1rios<\/h3>\n<p>Os usu\u00e1rios podem denunciar comportamentos que passam despercebidos pela modera\u00e7\u00e3o da IA. As den\u00fancias s\u00e3o analisadas por moderadores humanos e s\u00e3o tomadas medidas quando necess\u00e1rio. O sistema \u00e9 r\u00e1pido e \u00e1gil, ajudando a manter um ambiente mais seguro.<\/p>\n<h3>Verifica\u00e7\u00e3o facial opcional<\/h3>\n<p>Os usu\u00e1rios podem verificar sua identidade por meio de um sistema de verifica\u00e7\u00e3o facial. Embora n\u00e3o seja obrigat\u00f3rio, os usu\u00e1rios verificados costumam ter prioridade nos bate-papos e s\u00e3o considerados mais confi\u00e1veis pela comunidade.<\/p>\n<h3>An\u00f4nimo por padr\u00e3o<\/h3>\n<p>N\u00e3o \u00e9 necess\u00e1rio inserir nenhuma informa\u00e7\u00e3o pessoal para usar o Chatroulette. N\u00e3o h\u00e1 configura\u00e7\u00e3o de conta, nem cria\u00e7\u00e3o de perfil, nem necessidade de compartilhar seu nome ou e-mail. Voc\u00ea \u00e9 livre para permanecer an\u00f4nimo, a menos que escolha o contr\u00e1rio.<\/p>\n<h3>Criptografia SSL<\/h3>\n<p>Todos os dados transferidos durante sua sess\u00e3o, incluindo v\u00eddeo, \u00e1udio e <a href=\"https:\/\/tinychat.com\/pt-br\/chathub\/\">bate-papo<\/a> - \u00e9 criptografado com protocolos SSL, garantindo que sua privacidade seja protegida durante o uso.<\/p>\n<h2>Experi\u00eancia do usu\u00e1rio no Chatroulette<\/h2>\n<p>Apesar de sua interface minimalista, o Chatroulette oferece uma experi\u00eancia de usu\u00e1rio surpreendentemente imersiva e envolvente. Veja o que os usu\u00e1rios adoram e o que eles gostariam que fosse melhorado.<\/p>\n<h3>O que os usu\u00e1rios adoram<\/h3>\n<ul>\n<li>Velocidade: a capacidade de entrar em uma conversa instantaneamente \u00e9 um dos pontos fortes do Chatroulette.<\/li>\n<li>Nostalgia: Muitos usu\u00e1rios que retornam apreciam o valor nost\u00e1lgico do Chatroulette como o \"original\" <a href=\"https:\/\/tinychat.com\/pt-br\/\">bate-papo por v\u00eddeo aleat\u00f3rio<\/a> local.<\/li>\n<li>Simplicidade: Sem aplicativo, sem registro, apenas clique e <a href=\"https:\/\/tinychat.com\/pt-br\/chathub\/\">bate-papo<\/a>.<\/li>\n<li>Conversas diversificadas: Com usu\u00e1rios de todo o mundo, n\u00e3o h\u00e1 dois bate-papos iguais.<\/li>\n<\/ul>\n<h3>O que poderia ser melhor<\/h3>\n<ul>\n<li>Op\u00e7\u00f5es de filtro: Ao contr\u00e1rio dos concorrentes, o Chatroulette ainda n\u00e3o permite a filtragem gratuita de g\u00eanero ou local.<\/li>\n<li>Recursos limitados: Alguns usu\u00e1rios sentem falta dos recursos de jogos ou interativos encontrados em plataformas mais novas.<\/li>\n<li>Uso indevido ocasional: Apesar dos aprimoramentos, alguns conte\u00fados inadequados ainda s\u00e3o transmitidos.<\/li>\n<\/ul>\n<h3>Avalia\u00e7\u00f5es reais de usu\u00e1rios<\/h3>\n<blockquote><p>\"O Chatroulette \u00e9 como uma roleta para sua vida social. Voc\u00ea nunca sabe quem vai conhecer. \u00c0s vezes \u00e9 estranho, mas \u00e0s vezes \u00e9 incr\u00edvel.\"<br \/>\n- <em>Daniel K., Twitter<\/em><\/p><\/blockquote>\n<blockquote><p>\"Eles limparam muito o site. Eu costumava evit\u00e1-lo por causa de todas as coisas NSFW, mas agora parece muito mais seguro.\"<br \/>\n- <em>Lena V., Reddit<\/em><\/p><\/blockquote>\n<blockquote><p>\"\u00d3timo para bate-papos tarde da noite ou quando voc\u00ea est\u00e1 entediado e s\u00f3 quer conversar com algu\u00e9m novo. Sinceramente, \u00e9 melhor do que ficar navegando nas m\u00eddias sociais.\"<br \/>\n- <em>Ajay T., Trustpilot<\/em><\/p><\/blockquote>\n<h2>Chatroulette vs. outras plataformas de bate-papo por v\u00eddeo<\/h2>\n<p>Vamos analisar como o Chatroulette se compara a outras plataformas l\u00edderes no mesmo espa\u00e7o:<\/p>\n<table>\n<thead>\n<tr>\n<th>Recurso<\/th>\n<th>Chatroulette<\/th>\n<th><a href=\"https:\/\/tinychat.com\/pt-br\/omegle\/\">Omegle<\/a><\/th>\n<th><a href=\"https:\/\/tinychat.com\/pt-br\/strangercam\/\">StrangerCam<\/a><\/th>\n<th>Bazoocam<\/th>\n<th>Esmeralda <a href=\"https:\/\/tinychat.com\/pt-br\/chathub\/\">Bate-papo<\/a><\/th>\n<\/tr>\n<\/thead>\n<tbody>\n<tr>\n<td>Registro<\/td>\n<td>\u274c N\u00e3o<\/td>\n<td>\u274c N\u00e3o<\/td>\n<td>\u274c N\u00e3o<\/td>\n<td>\u274c N\u00e3o<\/td>\n<td>\u2705 Sim<\/td>\n<\/tr>\n<tr>\n<td>Texto + v\u00eddeo <a href=\"https:\/\/tinychat.com\/pt-br\/chathub\/\">Bate-papo<\/a><\/td>\n<td>\u2705 Sim<\/td>\n<td>\u2705 Sim<\/td>\n<td>\u2705 Sim<\/td>\n<td>\u2705 Sim<\/td>\n<td>\u2705 Sim<\/td>\n<\/tr>\n<tr>\n<td>Filtro de g\u00eanero<\/td>\n<td>\u274c N\u00e3o<\/td>\n<td>\u274c N\u00e3o<\/td>\n<td>\u2705 (Premium)<\/td>\n<td>\u2705 (Premium)<\/td>\n<td>\u2705 Sim<\/td>\n<\/tr>\n<tr>\n<td>Integra\u00e7\u00e3o de jogos<\/td>\n<td>\u274c N\u00e3o<\/td>\n<td>\u274c N\u00e3o<\/td>\n<td>\u274c N\u00e3o<\/td>\n<td>\u2705 Sim<\/td>\n<td>\u2705 Sim<\/td>\n<\/tr>\n<tr>\n<td>Compat\u00edvel com dispositivos m\u00f3veis<\/td>\n<td>\u2705 Sim<\/td>\n<td>\u2705 Sim<\/td>\n<td>\u2705 Sim<\/td>\n<td>\u2705 Sim<\/td>\n<td>\u2705 Sim<\/td>\n<\/tr>\n<tr>\n<td>Modera\u00e7\u00e3o<\/td>\n<td>IA forte<\/td>\n<td>\u26a0\ufe0f Fraco<\/td>\n<td>Bom<\/td>\n<td>\u2705 Moderado<\/td>\n<td>\u2705 Forte<\/td>\n<\/tr>\n<tr>\n<td>Anonimato<\/td>\n<td>\u2705 Completo<\/td>\n<td>\u2705 Completo<\/td>\n<td>\u2705 Completo<\/td>\n<td>\u2705 Completo<\/td>\n<td>Parcial<\/td>\n<\/tr>\n<tr>\n<td>Verifica\u00e7\u00e3o de rosto<\/td>\n<td>\u2705 Opcional<\/td>\n<td>\u274c N\u00e3o<\/td>\n<td>\u274c N\u00e3o<\/td>\n<td>\u274c N\u00e3o<\/td>\n<td>Obrigat\u00f3rio<\/td>\n<\/tr>\n<\/tbody>\n<\/table>\n<p>Embora o Chatroulette tenha menos recursos do que algumas plataformas mais novas, sua simplicidade, velocidade e comunidade global continuam sendo seus principais pontos fortes.<\/p>\n<h2>Dicas para um uso seguro e agrad\u00e1vel<\/h2>\n<p>Para aproveitar ao m\u00e1ximo sua experi\u00eancia com o Chatroulette, tenha em mente estas dicas:<\/p>\n<ul>\n<li>Evite compartilhar informa\u00e7\u00f5es pessoais: Mantenha seu nome, endere\u00e7o, e-mail e n\u00famero de telefone em sigilo.<\/li>\n<li>Use uma VPN: adicione uma camada extra de privacidade e seguran\u00e7a.<\/li>\n<li>Permita uma boa ilumina\u00e7\u00e3o: Isso ajuda voc\u00ea a parecer apresent\u00e1vel e gera confian\u00e7a.<\/li>\n<li>Use fones de ouvido: Melhora a qualidade do \u00e1udio e mant\u00e9m a privacidade de sua conversa.<\/li>\n<li>Confie em seus instintos: se algo parecer estranho, clique em \"Next\" (Avan\u00e7ar) ou denuncie o usu\u00e1rio.<\/li>\n<li>Seja respeitoso: Trate os outros como voc\u00ea gostaria de ser tratado. O Chatroulette tem toler\u00e2ncia zero para ass\u00e9dio ou comportamento ofensivo.<\/li>\n<\/ul>\n<h2>Solu\u00e7\u00e3o de problemas comuns<\/h2>\n<p>Mesmo em uma plataforma t\u00e3o simples como o Chatroulette, os usu\u00e1rios podem se deparar com problemas ocasionais. Veja a seguir como corrigir os mais comuns:<\/p>\n<h3>A c\u00e2mera ou o microfone n\u00e3o funcionam<\/h3>\n<p>Verifique se o navegador tem permiss\u00e3o para acessar esses dispositivos. Reinicie o navegador ou o computador se o problema persistir.<\/p>\n<h3>Tela preta ou sem conex\u00e3o<\/h3>\n<p>Atualize a p\u00e1gina ou troque de navegador. Al\u00e9m disso, verifique se sua conex\u00e3o com a Internet est\u00e1 est\u00e1vel.<\/p>\n<h3>Como ser banido<\/h3>\n<p>Se voc\u00ea foi banido, isso pode ser devido a um comportamento sinalizado pelo sistema de IA. Voc\u00ea precisar\u00e1 aguardar a suspens\u00e3o da proibi\u00e7\u00e3o ou tentar se conectar com um IP diferente usando uma VPN.<\/p>\n<h3>N\u00e3o encontrar ningu\u00e9m para conversar<\/h3>\n<p>A atividade do Chatroulette varia de acordo com o fuso hor\u00e1rio. Tente hor\u00e1rios diferentes, especialmente \u00e0 noite e nos fins de semana, quando h\u00e1 mais usu\u00e1rios on-line.<\/p>\n<p>Embora os primeiros dias do Chatroulette tenham sido marcados pelo caos e pela controv\u00e9rsia, desde ent\u00e3o ele passou por uma transforma\u00e7\u00e3o que o tornou um dos v\u00eddeos mais seguros, simples e aut\u00eanticos do mundo. <a href=\"https:\/\/tinychat.com\/pt-br\/chathub\/\">bate-papo<\/a> plataformas on-line.<\/p>\n<p>Ele permanece fiel \u00e0s suas origens - oferecendo conversas globais e n\u00e3o filtradas com estranhos - mas agora inclui modera\u00e7\u00e3o respons\u00e1vel e prote\u00e7\u00f5es de privacidade para atender \u00e0s expectativas modernas.<\/p>\n<p>Se voc\u00ea estiver procurando uma conex\u00e3o humana real, quiser conhecer pessoas de todo o mundo ou simplesmente quiser dar um tempo dos feeds sociais com curadoria, o Chatroulette oferece uma experi\u00eancia \u00fanica e espont\u00e2nea que poucas plataformas podem igualar.<\/p>\n<p>Portanto, v\u00e1 em frente, abra uma nova guia, visite o Chatroulette e arrisque-se na pr\u00f3xima conversa. Nunca se sabe quem pode estar do outro lado da tela.<\/p>","protected":false},"excerpt":{"rendered":"<p>Chatroulette holds a special place as the pioneer of random video chat platforms. Long before video chatting with strangers became a global trend, Chatroulette captured the internet\u2019s attention by offering something novel, risky, and thrilling: a way to instantly meet someone from anywhere in the world with just one click. Launched in 2009 by a [&hellip;]<\/p>\n","protected":false},"author":6,"featured_media":0,"parent":0,"menu_order":0,"comment_status":"closed","ping_status":"closed","template":"","meta":{"footnotes":""},"class_list":["post-86","page","type-page","status-publish","hentry"],"yoast_head":"<!-- This site is optimized with the Yoast SEO plugin v27.4 - https:\/\/yoast.com\/product\/yoast-seo-wordpress\/ -->\n<title>Chatroulette - Meet With Strangers Worldwide - TinyChat.com<\/title>\n<meta name=\"description\" content=\"Enjoying Chatroulette? Join over 50,000,000 strangers on TinyChat! Turn on your cam and start meeting new people, or find a match.\" \/>\n<meta name=\"robots\" content=\"index, follow, max-snippet:-1, max-image-preview:large, max-video-preview:-1\" \/>\n<link rel=\"canonical\" href=\"https:\/\/tinychat.com\/pt-br\/chatroulette\/\" \/>\n<meta property=\"og:locale\" content=\"pt_BR\" \/>\n<meta property=\"og:type\" content=\"article\" \/>\n<meta property=\"og:title\" content=\"Chatroulette - Meet With Strangers Worldwide - TinyChat.com\" \/>\n<meta property=\"og:description\" content=\"Enjoying Chatroulette? Join over 50,000,000 strangers on TinyChat! Turn on your cam and start meeting new people, or find a match.\" \/>\n<meta property=\"og:url\" content=\"https:\/\/tinychat.com\/pt-br\/chatroulette\/\" \/>\n<meta property=\"og:site_name\" content=\"TinyChat\" \/>\n<meta property=\"article:publisher\" content=\"https:\/\/www.facebook.com\/tinychat\" \/>\n<meta property=\"article:modified_time\" content=\"2025-07-07T16:18:57+00:00\" \/>\n<meta property=\"og:image\" content=\"https:\/\/tinychat.com\/wp-content\/uploads\/2020\/04\/Tinychat-logo-1280x284-new-black.png\" \/>\n\t<meta property=\"og:image:width\" content=\"1280\" \/>\n\t<meta property=\"og:image:height\" content=\"284\" \/>\n\t<meta property=\"og:image:type\" content=\"image\/png\" \/>\n<meta name=\"twitter:card\" content=\"summary_large_image\" \/>\n<meta name=\"twitter:site\" content=\"@tinychat\" \/>\n<meta name=\"twitter:label1\" content=\"Est. tempo de leitura\" \/>\n\t<meta name=\"twitter:data1\" content=\"8 minutos\" \/>\n<script type=\"application\/ld+json\" class=\"yoast-schema-graph\">{\"@context\":\"https:\\\/\\\/schema.org\",\"@graph\":[{\"@type\":\"WebPage\",\"@id\":\"https:\\\/\\\/tinychat.com\\\/chatroulette\\\/\",\"url\":\"https:\\\/\\\/tinychat.com\\\/chatroulette\\\/\",\"name\":\"Chatroulette - Meet With Strangers Worldwide - TinyChat.com\",\"isPartOf\":{\"@id\":\"https:\\\/\\\/tinychat.com\\\/#website\"},\"datePublished\":\"2025-06-27T10:05:16+00:00\",\"dateModified\":\"2025-07-07T16:18:57+00:00\",\"description\":\"Enjoying Chatroulette? Join over 50,000,000 strangers on TinyChat! Turn on your cam and start meeting new people, or find a match.\",\"breadcrumb\":{\"@id\":\"https:\\\/\\\/tinychat.com\\\/chatroulette\\\/#breadcrumb\"},\"inLanguage\":\"pt-BR\",\"potentialAction\":[{\"@type\":\"ReadAction\",\"target\":[\"https:\\\/\\\/tinychat.com\\\/chatroulette\\\/\"]}]},{\"@type\":\"BreadcrumbList\",\"@id\":\"https:\\\/\\\/tinychat.com\\\/chatroulette\\\/#breadcrumb\",\"itemListElement\":[{\"@type\":\"ListItem\",\"position\":1,\"name\":\"Home\",\"item\":\"https:\\\/\\\/tinychat.com\\\/\"},{\"@type\":\"ListItem\",\"position\":2,\"name\":\"Chatroulette\"}]},{\"@type\":\"WebSite\",\"@id\":\"https:\\\/\\\/tinychat.com\\\/#website\",\"url\":\"https:\\\/\\\/tinychat.com\\\/\",\"name\":\"TinyChat\",\"description\":\"Random Video Chat with Strangers\",\"publisher\":{\"@id\":\"https:\\\/\\\/tinychat.com\\\/#organization\"},\"alternateName\":\"TinyChat.com\",\"potentialAction\":[{\"@type\":\"SearchAction\",\"target\":{\"@type\":\"EntryPoint\",\"urlTemplate\":\"https:\\\/\\\/tinychat.com\\\/?s={search_term_string}\"},\"query-input\":{\"@type\":\"PropertyValueSpecification\",\"valueRequired\":true,\"valueName\":\"search_term_string\"}}],\"inLanguage\":\"pt-BR\"},{\"@type\":\"Organization\",\"@id\":\"https:\\\/\\\/tinychat.com\\\/#organization\",\"name\":\"TinyChat\",\"alternateName\":\"TinyChat.com\",\"url\":\"https:\\\/\\\/tinychat.com\\\/\",\"logo\":{\"@type\":\"ImageObject\",\"inLanguage\":\"pt-BR\",\"@id\":\"https:\\\/\\\/tinychat.com\\\/#\\\/schema\\\/logo\\\/image\\\/\",\"url\":\"https:\\\/\\\/tinychat.com\\\/wp-content\\\/uploads\\\/2023\\\/11\\\/Tinychat-icon-square.png\",\"contentUrl\":\"https:\\\/\\\/tinychat.com\\\/wp-content\\\/uploads\\\/2023\\\/11\\\/Tinychat-icon-square.png\",\"width\":284,\"height\":284,\"caption\":\"TinyChat\"},\"image\":{\"@id\":\"https:\\\/\\\/tinychat.com\\\/#\\\/schema\\\/logo\\\/image\\\/\"},\"sameAs\":[\"https:\\\/\\\/www.facebook.com\\\/tinychat\",\"https:\\\/\\\/x.com\\\/tinychat\"]}]}<\/script>\n<!-- \/ Yoast SEO plugin. -->","yoast_head_json":{"title":"Chatroulette - Encontre com estranhos em todo o mundo - TinyChat.com","description":"Est\u00e1 gostando do Chatroulette? Junte-se a mais de 50.000.000 de estranhos no TinyChat! Ligue sua c\u00e2mera e comece a conhecer novas pessoas ou encontre um par.","robots":{"index":"index","follow":"follow","max-snippet":"max-snippet:-1","max-image-preview":"max-image-preview:large","max-video-preview":"max-video-preview:-1"},"canonical":"https:\/\/tinychat.com\/pt-br\/chatroulette\/","og_locale":"pt_BR","og_type":"article","og_title":"Chatroulette - Meet With Strangers Worldwide - TinyChat.com","og_description":"Enjoying Chatroulette? Join over 50,000,000 strangers on TinyChat! Turn on your cam and start meeting new people, or find a match.","og_url":"https:\/\/tinychat.com\/pt-br\/chatroulette\/","og_site_name":"TinyChat","article_publisher":"https:\/\/www.facebook.com\/tinychat","article_modified_time":"2025-07-07T16:18:57+00:00","og_image":[{"width":1280,"height":284,"url":"https:\/\/tinychat.com\/wp-content\/uploads\/2020\/04\/Tinychat-logo-1280x284-new-black.png","type":"image\/png"}],"twitter_card":"summary_large_image","twitter_site":"@tinychat","twitter_misc":{"Est. tempo de leitura":"8 minutos"},"schema":{"@context":"https:\/\/schema.org","@graph":[{"@type":"WebPage","@id":"https:\/\/tinychat.com\/chatroulette\/","url":"https:\/\/tinychat.com\/chatroulette\/","name":"Chatroulette - Encontre com estranhos em todo o mundo - TinyChat.com","isPartOf":{"@id":"https:\/\/tinychat.com\/#website"},"datePublished":"2025-06-27T10:05:16+00:00","dateModified":"2025-07-07T16:18:57+00:00","description":"Est\u00e1 gostando do Chatroulette? Junte-se a mais de 50.000.000 de estranhos no TinyChat! Ligue sua c\u00e2mera e comece a conhecer novas pessoas ou encontre um par.","breadcrumb":{"@id":"https:\/\/tinychat.com\/chatroulette\/#breadcrumb"},"inLanguage":"pt-BR","potentialAction":[{"@type":"ReadAction","target":["https:\/\/tinychat.com\/chatroulette\/"]}]},{"@type":"BreadcrumbList","@id":"https:\/\/tinychat.com\/chatroulette\/#breadcrumb","itemListElement":[{"@type":"ListItem","position":1,"name":"Home","item":"https:\/\/tinychat.com\/"},{"@type":"ListItem","position":2,"name":"Chatroulette"}]},{"@type":"WebSite","@id":"https:\/\/tinychat.com\/#website","url":"https:\/\/tinychat.com\/","name":"TinyChat","description":"Bate-papo por v\u00eddeo aleat\u00f3rio com estranhos","publisher":{"@id":"https:\/\/tinychat.com\/#organization"},"alternateName":"TinyChat.com","potentialAction":[{"@type":"SearchAction","target":{"@type":"EntryPoint","urlTemplate":"https:\/\/tinychat.com\/?s={search_term_string}"},"query-input":{"@type":"PropertyValueSpecification","valueRequired":true,"valueName":"search_term_string"}}],"inLanguage":"pt-BR"},{"@type":"Organization","@id":"https:\/\/tinychat.com\/#organization","name":"TinyChat","alternateName":"TinyChat.com","url":"https:\/\/tinychat.com\/","logo":{"@type":"ImageObject","inLanguage":"pt-BR","@id":"https:\/\/tinychat.com\/#\/schema\/logo\/image\/","url":"https:\/\/tinychat.com\/wp-content\/uploads\/2023\/11\/Tinychat-icon-square.png","contentUrl":"https:\/\/tinychat.com\/wp-content\/uploads\/2023\/11\/Tinychat-icon-square.png","width":284,"height":284,"caption":"TinyChat"},"image":{"@id":"https:\/\/tinychat.com\/#\/schema\/logo\/image\/"},"sameAs":["https:\/\/www.facebook.com\/tinychat","https:\/\/x.com\/tinychat"]}]}},"_links":{"self":[{"href":"https:\/\/tinychat.com\/pt-br\/wp-json\/wp\/v2\/pages\/86","targetHints":{"allow":["GET"]}}],"collection":[{"href":"https:\/\/tinychat.com\/pt-br\/wp-json\/wp\/v2\/pages"}],"about":[{"href":"https:\/\/tinychat.com\/pt-br\/wp-json\/wp\/v2\/types\/page"}],"author":[{"embeddable":true,"href":"https:\/\/tinychat.com\/pt-br\/wp-json\/wp\/v2\/users\/6"}],"replies":[{"embeddable":true,"href":"https:\/\/tinychat.com\/pt-br\/wp-json\/wp\/v2\/comments?post=86"}],"version-history":[{"count":2,"href":"https:\/\/tinychat.com\/pt-br\/wp-json\/wp\/v2\/pages\/86\/revisions"}],"predecessor-version":[{"id":13168,"href":"https:\/\/tinychat.com\/pt-br\/wp-json\/wp\/v2\/pages\/86\/revisions\/13168"}],"wp:attachment":[{"href":"https:\/\/tinychat.com\/pt-br\/wp-json\/wp\/v2\/media?parent=86"}],"curies":[{"name":"wp","href":"https:\/\/api.w.org\/{rel}","templated":true}]}}