{"id":8647,"date":"2025-05-26T09:38:47","date_gmt":"2025-05-26T07:38:47","guid":{"rendered":"https:\/\/tinychat.com\/?page_id=8647"},"modified":"2025-07-07T18:18:24","modified_gmt":"2025-07-07T16:18:24","slug":"chatib","status":"publish","type":"page","link":"https:\/\/tinychat.com\/pt-br\/chatib\/","title":{"rendered":"Chatib"},"content":{"rendered":"<p>Como a comunica\u00e7\u00e3o on-line continua evoluindo, h\u00e1 um apelo ineg\u00e1vel \u00e0s plataformas que eliminam a complexidade e colocam a conversa real e espont\u00e2nea no centro. O Chatib \u00e9 uma dessas plataformas - um retorno \u00e0 era de ouro das salas de bate-papo on-line, mas atualizado para a Web moderna. Se voc\u00ea quiser conhecer novas pessoas, fazer amigos ou apenas passar o tempo conversando com estranhos em todo o mundo, o Chatib \u00e9 o melhor destino - e voc\u00ea n\u00e3o precisar\u00e1 se inscrever, baixar nada ou revelar sua identidade real.<\/p>\n<p>O Chatib tem tudo a ver com intera\u00e7\u00e3o instant\u00e2nea baseada em texto, acess\u00edvel por meio de qualquer navegador, em qualquer dispositivo, sem nenhum obst\u00e1culo. Se voc\u00ea est\u00e1 procurando novos amigos, bate-papo de paquera ou um espa\u00e7o comunit\u00e1rio para seus interesses, as salas p\u00fablicas e os recursos de bate-papo privado do Chatib facilitam a conex\u00e3o, a comunica\u00e7\u00e3o e o compartilhamento - tudo gratuitamente.<\/p>\n<p>Este artigo se aprofunda em como o Chatib funciona, seus principais recursos, o que o diferencia de outros sites de bate-papo, dicas de seguran\u00e7a, compara\u00e7\u00f5es e como obter o m\u00e1ximo de cada sess\u00e3o de bate-papo.<\/p>\n<h2>O que \u00e9 Chatib?<\/h2>\n<p>O Chatib \u00e9 uma plataforma de bate-papo an\u00f4nima e gratuita que conecta usu\u00e1rios de todo o mundo por meio de salas de bate-papo abertas e mensagens privadas, tudo em tempo real. Sem necessidade de registro e sem necessidade de instalar nenhum aplicativo, o Chatib se destaca pela facilidade de acesso e pelo design leve.<\/p>\n<p>Criado para reviver a experi\u00eancia cl\u00e1ssica das salas de bate-papo, o Chatib oferece uma sele\u00e7\u00e3o de salas baseadas em t\u00f3picos e pa\u00edses (como \"Singles Chat\", \"USA Chat\" ou \"Music Lovers\"), bem como a op\u00e7\u00e3o de bate-papo individual em particular. Basta escolher um apelido, selecionar uma sala e come\u00e7ar a digitar. Se voc\u00ea encontrar algu\u00e9m interessante, poder\u00e1 bater papo em particular ou adicion\u00e1-lo como amigo para facilitar a reconex\u00e3o.<\/p>\n<p>O foco do Chatib na comunica\u00e7\u00e3o somente por texto \u00e9 perfeito para quem prefere o anonimato ou deseja conversar sem ligar uma c\u00e2mera ou um microfone. Ele \u00e9 baseado na Web, compat\u00edvel com dispositivos m\u00f3veis e totalmente gratuito.<\/p>\n<h2>Principais recursos do Chatib<\/h2>\n<p>O Chatib pode parecer simples, mas est\u00e1 repleto de recursos \u00fateis que o tornam um dos sites de bate-papo mais flex\u00edveis e acolhedores da Web.<\/p>\n<h3>1. N\u00e3o \u00e9 necess\u00e1rio registro ou download<\/h3>\n<p>O principal atrativo do Chatib \u00e9 sua entrada instant\u00e2nea e sem complica\u00e7\u00f5es. N\u00e3o \u00e9 necess\u00e1rio registrar-se em uma conta para uso b\u00e1sico:<\/p>\n<ul>\n<li>Escolha um apelido<\/li>\n<li>Selecione seu g\u00eanero e faixa et\u00e1ria<\/li>\n<li>Escolha uma sala de bate-papo (por t\u00f3pico ou pa\u00eds)<\/li>\n<li>Concorde com os termos e voc\u00ea est\u00e1 dentro!<\/li>\n<\/ul>\n<p>N\u00e3o s\u00e3o coletados e-mails, n\u00fameros de telefone ou dados pessoais de usu\u00e1rios convidados.<\/p>\n<h3>2. Salas de bate-papo p\u00fablicas por t\u00f3pico e regi\u00e3o<\/h3>\n<p>O Chatib apresenta uma grande variedade de salas de bate-papo abertas, organizadas por:<\/p>\n<ul>\n<li>Pa\u00eds\/Regi\u00e3o: por exemplo, EUA, Reino Unido, \u00cdndia, Filipinas, \u00c1frica do Sul e muitos outros<\/li>\n<li>Interesse\/T\u00f3pico: por exemplo, solteiros, adolescentes, m\u00fasica, namoro, esportes, educa\u00e7\u00e3o, paquera, etc.<\/li>\n<\/ul>\n<p>Isso permite que voc\u00ea entre em uma sala que corresponda aos seus interesses ou idioma preferido, facilitando a conex\u00e3o com pessoas de todo o mundo que pensam da mesma forma.<\/p>\n<h3>3. Bate-papo individual privado<\/h3>\n<p>Se voc\u00ea clicar com algu\u00e9m em uma sala p\u00fablica, poder\u00e1 convid\u00e1-lo instantaneamente para uma janela de bate-papo individual privada. Aqui, a conversa fica vis\u00edvel apenas para voc\u00ea e seu parceiro de bate-papo, o que lhes d\u00e1 privacidade para conversar mais abertamente ou se conhecerem melhor.<\/p>\n<h3>4. Lista de amigos e bloqueio<\/h3>\n<p>Para aqueles que criam uma conta Chatib gratuita (opcional), \u00e9 poss\u00edvel adicionar usu\u00e1rios \u00e0 sua lista de amigos para reconex\u00f5es r\u00e1pidas, bloquear usu\u00e1rios indesejados e gerenciar suas conversas privadas. As ferramentas de bloqueio e den\u00fancia ajudam a manter sua experi\u00eancia segura e respeitosa.<\/p>\n<h3>5. Design que prioriza os dispositivos m\u00f3veis<\/h3>\n<p>O Chatib funciona perfeitamente em qualquer navegador m\u00f3vel, adaptando-se automaticamente ao tamanho da sua tela. Voc\u00ea n\u00e3o precisa de um aplicativo dedicado - basta acessar Chatib.com em seu telefone ou tablet e come\u00e7ar a conversar. A interface \u00e9 leve, carrega rapidamente e usa poucos dados.<\/p>\n<h3>6. Filtros de idioma e pa\u00eds<\/h3>\n<p>Voc\u00ea pode filtrar facilmente as salas de bate-papo ou procurar usu\u00e1rios por idioma e pa\u00eds, o que \u00e9 \u00f3timo para praticar um idioma, conhecer pessoas locais ou conectar-se com pessoas de culturas ou regi\u00f5es espec\u00edficas.<\/p>\n<h3>7. Perfis b\u00e1sicos de usu\u00e1rio<\/h3>\n<p>Para usu\u00e1rios registrados, o Chatib permite configurar um perfil b\u00e1sico com uma foto, apelido, pa\u00eds e uma breve descri\u00e7\u00e3o. Isso facilita que seus amigos o reconhe\u00e7am ou que outros usu\u00e1rios saibam um pouco sobre com quem est\u00e3o conversando.<\/p>\n<h3>8. Emoji, adesivos e compartilhamento de m\u00eddia<\/h3>\n<p>Para animar as conversas, o Chatib \u00e9 compat\u00edvel:<\/p>\n<ul>\n<li>Pacotes de emojis e adesivos<\/li>\n<li>Compartilhamento b\u00e1sico de imagens (sujeito a modera\u00e7\u00e3o)<\/li>\n<li>Formata\u00e7\u00e3o de texto divertida e expressiva<\/li>\n<\/ul>\n<p>Isso torna o bate-papo mais envolvente e ajuda a quebrar o gelo com novas pessoas.<\/p>\n<h2>Como usar o Chatib<\/h2>\n<p>O maior ponto forte do Chatib \u00e9 sua acessibilidade. Veja a seguir como come\u00e7ar a usar em menos de um minuto:<\/p>\n<h3>Etapa 1: V\u00e1 para Chatib.com<\/h3>\n<p>Visite chatib.com em qualquer navegador (desktop, tablet ou celular).<\/p>\n<h3>Etapa 2: Escolha um apelido e detalhes<\/h3>\n<p>Digite um apelido, selecione seu g\u00eanero e faixa et\u00e1ria e escolha seu pa\u00eds. Voc\u00ea pode usar um pseud\u00f4nimo para obter o m\u00e1ximo de privacidade.<\/p>\n<h3>Etapa 3: Escolha uma sala de bate-papo<\/h3>\n<p>Percorra as salas de bate-papo dispon\u00edveis, organizadas por pa\u00eds e t\u00f3pico. Clique para entrar na sala de seu interesse.<\/p>\n<h3>Etapa 4: Iniciar o bate-papo<\/h3>\n<p>Quando estiver em uma sala, basta digitar sua mensagem e participar da conversa p\u00fablica. Voc\u00ea pode enviar convites para bate-papos privados clicando no nome de um usu\u00e1rio.<\/p>\n<h3>Etapa 5: (Opcional) Registre-se para obter mais recursos<\/h3>\n<p>Crie uma conta gratuita para desbloquear listas de amigos, hist\u00f3rico de bate-papo, compartilhamento de m\u00eddia e controles de modera\u00e7\u00e3o aprimorados.<\/p>\n<h2>Experi\u00eancia do usu\u00e1rio no Chatib<\/h2>\n<p>O Chatib \u00e9 amado por sua vibra\u00e7\u00e3o de sala de bate-papo tradicional e sem sentido. Tudo foi projetado para proporcionar acesso r\u00e1pido, anonimato e bate-papo f\u00e1cil - sem complica\u00e7\u00f5es extras.<\/p>\n<h3>O que os usu\u00e1rios adoram<\/h3>\n<ul>\n<li>N\u00e3o \u00e9 necess\u00e1rio registrar-se para bate-papo b\u00e1sico<\/li>\n<li>Dezenas de salas de bate-papo para escolher (por interesse e regi\u00e3o)<\/li>\n<li>Gerenciamento f\u00e1cil de bate-papo privado e de amigos<\/li>\n<li>Compatibilidade com o navegador m\u00f3vel<\/li>\n<li>Carregamento r\u00e1pido e poucos an\u00fancios<\/li>\n<li>Comunidade divertida com frequentadores regulares e novatos<\/li>\n<\/ul>\n<h3>Onde o Chatib poderia melhorar<\/h3>\n<ul>\n<li>Ocasionalmente, spam ou trollagem, especialmente em salas p\u00fablicas movimentadas<\/li>\n<li>N\u00e3o h\u00e1 bate-papo por v\u00eddeo ou chamadas de voz<\/li>\n<li>Modera\u00e7\u00e3o limitada em salas menores<\/li>\n<li>Alguns an\u00fancios na vers\u00e3o gratuita<\/li>\n<li>O compartilhamento de m\u00eddia \u00e9 restrito e monitorado por seguran\u00e7a<\/li>\n<\/ul>\n<h3>Feedback real do usu\u00e1rio<\/h3>\n<blockquote><p>\"Me lembra as cl\u00e1ssicas salas de bate-papo do Yahoo, mas no meu celular. Adoro o fato de poder participar sem me registrar!\"<br \/>\n- <em>Tina V., Sitejabber<\/em><\/p><\/blockquote>\n<blockquote><p>\"Conheci alguns bons amigos da \u00c1frica do Sul e do Brasil aqui. \u00c0s vezes, h\u00e1 pessoas estranhas, mas o bot\u00e3o de bloqueio funciona.\"<br \/>\n- <em>James L., Trustpilot<\/em><\/p><\/blockquote>\n<blockquote><p>\"\u00c9 bom que voc\u00ea possa conversar em particular com qualquer pessoa, mas gostaria que houvesse uma op\u00e7\u00e3o de v\u00eddeo. Ainda assim, para um simples bate-papo, \u00e9 \u00f3timo.\"<br \/>\n- <em>Priya M., Avalia\u00e7\u00e3o do Google Play<\/em><\/p><\/blockquote>\n<h2>Chatib vs. outras plataformas de bate-papo<\/h2>\n<p>Vamos ver como o Chatib se comporta em rela\u00e7\u00e3o \u00e0 concorr\u00eancia:<\/p>\n<table>\n<thead>\n<tr>\n<th>Recurso<\/th>\n<th>Chatib<\/th>\n<th>Chatiw<\/th>\n<th>Omegle<\/th>\n<th>Camfrog<\/th>\n<th>ChatHub<\/th>\n<th>Thundr<\/th>\n<\/tr>\n<\/thead>\n<tbody>\n<tr>\n<td>Bate-papo an\u00f4nimo<\/td>\n<td>\u2705 Sim<\/td>\n<td>\u2705 Sim<\/td>\n<td>\u2705 Sim<\/td>\n<td>\u2705 Convidado<\/td>\n<td>\u2705 Sim<\/td>\n<td>\u2705 Sim<\/td>\n<\/tr>\n<tr>\n<td>N\u00e3o \u00e9 necess\u00e1rio registro<\/td>\n<td>\u2705 Sim<\/td>\n<td>\u2705 Sim<\/td>\n<td>\u2705 Sim<\/td>\n<td>\u2705 Opcional<\/td>\n<td>\u2705 Sim<\/td>\n<td>\u2705 Sim<\/td>\n<\/tr>\n<tr>\n<td>Bate-papo por texto<\/td>\n<td>\u2705 Sim<\/td>\n<td>\u2705 Sim<\/td>\n<td>\u2705 Sim<\/td>\n<td>\u2705 Sim<\/td>\n<td>\u2705 Sim<\/td>\n<td>\u2705 Sim<\/td>\n<\/tr>\n<tr>\n<td>Bate-papo por v\u00eddeo<\/td>\n<td>\u274c N\u00e3o<\/td>\n<td>\u274c N\u00e3o<\/td>\n<td>\u2705 Sim<\/td>\n<td>\u2705 Sim<\/td>\n<td>\u2705 Sim<\/td>\n<td>\u2705 Sim<\/td>\n<\/tr>\n<tr>\n<td>Salas de bate-papo em grupo<\/td>\n<td>\u2705 Sim<\/td>\n<td>\u2705 Sim<\/td>\n<td>\u274c N\u00e3o<\/td>\n<td>\u2705 Sim<\/td>\n<td>\u274c N\u00e3o<\/td>\n<td>\u274c N\u00e3o<\/td>\n<\/tr>\n<tr>\n<td>Mensagens privadas<\/td>\n<td>\u2705 Sim<\/td>\n<td>\u2705 Sim<\/td>\n<td>\u2705 Sim<\/td>\n<td>\u2705 Sim<\/td>\n<td>\u2705 Sim<\/td>\n<td>\u2705 Sim<\/td>\n<\/tr>\n<tr>\n<td>Otimizado para celular<\/td>\n<td>\u2705 Sim<\/td>\n<td>\u2705 Sim<\/td>\n<td>\u26a0\ufe0f Misto<\/td>\n<td>\u2705 Sim<\/td>\n<td>\u2705 Sim<\/td>\n<td>\u2705 Sim<\/td>\n<\/tr>\n<tr>\n<td>Op\u00e7\u00e3o de perfil<\/td>\n<td>\u2705 Opcional<\/td>\n<td>\u2705 Opcional<\/td>\n<td>\u274c N\u00e3o<\/td>\n<td>\u2705 Sim<\/td>\n<td>\u2705 Sim<\/td>\n<td>\u274c N\u00e3o<\/td>\n<\/tr>\n<tr>\n<td>M\u00eddia\/Emojis<\/td>\n<td>\u2705 Sim<\/td>\n<td>\u2705 Sim<\/td>\n<td>\u26a0\ufe0f Basic<\/td>\n<td>\u2705 Sim<\/td>\n<td>\u2705 Sim<\/td>\n<td>\u26a0\ufe0f Basic<\/td>\n<\/tr>\n<\/tbody>\n<\/table>\n<p>Resumo: o Chatib \u00e9 excelente para usu\u00e1rios que buscam bate-papo de texto an\u00f4nimo, instant\u00e2neo e baseado em t\u00f3picos, com um sistema de salas animado e uma interface compat\u00edvel com dispositivos m\u00f3veis. N\u00e3o se trata tanto de recursos visuais ou encontros, mas sim de pura conversa.<\/p>\n<h2>O Chatib \u00e9 seguro?<\/h2>\n<p>O Chatib trabalha arduamente para oferecer um espa\u00e7o seguro e acolhedor para os usu\u00e1rios, mas, como em qualquer sala de bate-papo aberta, \u00e9 necess\u00e1rio ter cuidado pessoal.<\/p>\n<h3>Recursos de seguran\u00e7a<\/h3>\n<ul>\n<li>N\u00e3o \u00e9 necess\u00e1rio nome real ou e-mail para os convidados<\/li>\n<li>Fun\u00e7\u00f5es de bloqueio e relat\u00f3rio para cada usu\u00e1rio<\/li>\n<li>Moderadores em salas grandes\/p\u00fablicas<\/li>\n<li>Regras r\u00edgidas sobre compartilhamento de informa\u00e7\u00f5es pessoais, conte\u00fado expl\u00edcito e ass\u00e9dio<\/li>\n<li>O compartilhamento de m\u00eddia \u00e9 restrito para evitar abusos<\/li>\n<\/ul>\n<h3>Dicas para um bate-papo seguro<\/h3>\n<ul>\n<li>Nunca compartilhe seu nome verdadeiro, endere\u00e7o, telefone ou detalhes particulares<\/li>\n<li>Use um apelido exclusivo (n\u00e3o o seu nome verdadeiro)<\/li>\n<li>Passe para o bate-papo privado somente se voc\u00ea se sentir confort\u00e1vel<\/li>\n<li>Bloquear\/denunciar qualquer pessoa que esteja se comportando de forma inadequada<\/li>\n<li>N\u00e3o clique em links suspeitos nem fa\u00e7a download de arquivos<\/li>\n<li>Fa\u00e7a logout e limpe o hist\u00f3rico de bate-papo se estiver usando um dispositivo compartilhado\/p\u00fablico<\/li>\n<\/ul>\n<h2>Dicas para aproveitar ao m\u00e1ximo o Chatib<\/h2>\n<ul>\n<li>Experimente as salas internacionais: Conhe\u00e7a pessoas de diferentes culturas e pratique novos idiomas<\/li>\n<li>Encontre seu t\u00f3pico: De esportes a solteiros, participe de uma sala que atenda aos seus interesses<\/li>\n<li>Seja amig\u00e1vel: Um simples \"ol\u00e1\" pode iniciar uma \u00f3tima conversa<\/li>\n<li>Tenha a mente aberta: Espere uma variedade de personalidades, do flerte ao filos\u00f3fico<\/li>\n<li>Mobilidade: o Chatib funciona muito bem em telefones e tablets, portanto, fique conectado onde quer que esteja<\/li>\n<li>Use ferramentas de bloqueio\/den\u00fancia: Proteja sua experi\u00eancia de bate-papo com um clique<\/li>\n<\/ul>\n<h2>Solu\u00e7\u00e3o de problemas comuns do Chatib<\/h2>\n<h3>N\u00e3o \u00e9 poss\u00edvel se conectar a uma sala<\/h3>\n<p>Solu\u00e7\u00e3o: Atualize a p\u00e1gina, verifique sua conex\u00e3o com a Internet ou tente usar outro navegador.<\/p>\n<h3>Muito spam ou bots<\/h3>\n<p>Solu\u00e7\u00e3o: Fique em salas com modera\u00e7\u00e3o ativa e use os recursos de bloqueio\/den\u00fancia.<\/p>\n<h3>O bate-papo privado n\u00e3o est\u00e1 funcionando<\/h3>\n<p>Solu\u00e7\u00e3o: O outro usu\u00e1rio pode ter desativado os bate-papos privados; tente novamente ou escolha outro usu\u00e1rio.<\/p>\n<h3>N\u00e3o \u00e9 poss\u00edvel enviar imagens<\/h3>\n<p>Certifique-se de estar registrado e siga as diretrizes de upload de imagens. Evite enviar imagens privadas.<\/p>\n<h3>O aplicativo ou site est\u00e1 lento<\/h3>\n<p>Feche as guias em segundo plano, verifique sua conex\u00e3o ou tente mudar do celular para o desktop (ou vice-versa).<\/p>\n<h2>Considera\u00e7\u00f5es finais: Vale a pena usar o Chatib?<\/h2>\n<p>Com certeza - para qualquer pessoa que valorize a nostalgia das salas de bate-papo, a conversa an\u00f4nima r\u00e1pida e a comunidade global real. O Chatib \u00e9 a melhor op\u00e7\u00e3o para bate-papo puro e baseado em texto. N\u00e3o h\u00e1 press\u00e3o para revelar sua identidade, nem espera pela aprova\u00e7\u00e3o de perfis, nem necessidade de webcams ou microfones. O que importa \u00e9 a conex\u00e3o, a conversa e a descoberta.<\/p>\n<p>Seja para matar o tempo, fazer novos amigos, praticar um idioma ou at\u00e9 mesmo encontrar um romance, o Chatib oferece um ambiente de bate-papo flex\u00edvel, aberto e divertido - acess\u00edvel em segundos, em qualquer dispositivo e sempre gratuito.<\/p>\n<p>Pronto para participar da conversa?<br \/>\nVisite chatib.com agora, escolha uma sala e comece a conversar. A pr\u00f3xima pessoa que voc\u00ea conhecer poder\u00e1 ser seu novo amigo do outro lado do mundo.<\/p>","protected":false},"excerpt":{"rendered":"<p>As online communication keeps evolving, there\u2019s an undeniable appeal to platforms that strip away complexity and put real, spontaneous conversation at the center. Chatib is one of those platforms \u2014 a throwback to the golden era of online chatrooms, but updated for the modern web. If you want to meet new people, make friends, or [&hellip;]<\/p>\n","protected":false},"author":6,"featured_media":0,"parent":0,"menu_order":0,"comment_status":"closed","ping_status":"closed","template":"","meta":{"footnotes":""},"class_list":["post-8647","page","type-page","status-publish","hentry"],"yoast_head":"<!-- This site is optimized with the Yoast SEO plugin v27.6 - https:\/\/yoast.com\/product\/yoast-seo-wordpress\/ -->\n<title>Chatib - Chat Online With No Registration - TinyChat.com<\/title>\n<meta name=\"description\" content=\"Enjoying Chatib? Join over 50,000,000 strangers on TinyChat! Turn on your cam and start meeting new people, or find a match.\" \/>\n<meta name=\"robots\" content=\"index, follow, max-snippet:-1, max-image-preview:large, max-video-preview:-1\" \/>\n<link rel=\"canonical\" href=\"https:\/\/tinychat.com\/pt-br\/chatib\/\" \/>\n<meta property=\"og:locale\" content=\"pt_BR\" \/>\n<meta property=\"og:type\" content=\"article\" \/>\n<meta property=\"og:title\" content=\"Chatib - Chat Online With No Registration - TinyChat.com\" \/>\n<meta property=\"og:description\" content=\"Enjoying Chatib? Join over 50,000,000 strangers on TinyChat! Turn on your cam and start meeting new people, or find a match.\" \/>\n<meta property=\"og:url\" content=\"https:\/\/tinychat.com\/pt-br\/chatib\/\" \/>\n<meta property=\"og:site_name\" content=\"TinyChat\" \/>\n<meta property=\"article:publisher\" content=\"https:\/\/www.facebook.com\/tinychat\" \/>\n<meta property=\"article:modified_time\" content=\"2025-07-07T16:18:24+00:00\" \/>\n<meta property=\"og:image\" content=\"https:\/\/tinychat.com\/wp-content\/uploads\/2020\/04\/Tinychat-logo-1280x284-new-black.png\" \/>\n\t<meta property=\"og:image:width\" content=\"1280\" \/>\n\t<meta property=\"og:image:height\" content=\"284\" \/>\n\t<meta property=\"og:image:type\" content=\"image\/png\" \/>\n<meta name=\"twitter:card\" content=\"summary_large_image\" \/>\n<meta name=\"twitter:site\" content=\"@tinychat\" \/>\n<meta name=\"twitter:label1\" content=\"Est. tempo de leitura\" \/>\n\t<meta name=\"twitter:data1\" content=\"7 minutos\" \/>\n<script type=\"application\/ld+json\" class=\"yoast-schema-graph\">{\"@context\":\"https:\\\/\\\/schema.org\",\"@graph\":[{\"@type\":\"WebPage\",\"@id\":\"https:\\\/\\\/tinychat.com\\\/chatib\\\/\",\"url\":\"https:\\\/\\\/tinychat.com\\\/chatib\\\/\",\"name\":\"Chatib - Chat Online With No Registration - TinyChat.com\",\"isPartOf\":{\"@id\":\"https:\\\/\\\/tinychat.com\\\/#website\"},\"datePublished\":\"2025-05-26T07:38:47+00:00\",\"dateModified\":\"2025-07-07T16:18:24+00:00\",\"description\":\"Enjoying Chatib? Join over 50,000,000 strangers on TinyChat! Turn on your cam and start meeting new people, or find a match.\",\"breadcrumb\":{\"@id\":\"https:\\\/\\\/tinychat.com\\\/chatib\\\/#breadcrumb\"},\"inLanguage\":\"pt-BR\",\"potentialAction\":[{\"@type\":\"ReadAction\",\"target\":[\"https:\\\/\\\/tinychat.com\\\/chatib\\\/\"]}]},{\"@type\":\"BreadcrumbList\",\"@id\":\"https:\\\/\\\/tinychat.com\\\/chatib\\\/#breadcrumb\",\"itemListElement\":[{\"@type\":\"ListItem\",\"position\":1,\"name\":\"Home\",\"item\":\"https:\\\/\\\/tinychat.com\\\/\"},{\"@type\":\"ListItem\",\"position\":2,\"name\":\"Chatib\"}]},{\"@type\":\"WebSite\",\"@id\":\"https:\\\/\\\/tinychat.com\\\/#website\",\"url\":\"https:\\\/\\\/tinychat.com\\\/\",\"name\":\"TinyChat\",\"description\":\"Random Video Chat with Strangers\",\"publisher\":{\"@id\":\"https:\\\/\\\/tinychat.com\\\/#organization\"},\"alternateName\":\"TinyChat.com\",\"potentialAction\":[{\"@type\":\"SearchAction\",\"target\":{\"@type\":\"EntryPoint\",\"urlTemplate\":\"https:\\\/\\\/tinychat.com\\\/?s={search_term_string}\"},\"query-input\":{\"@type\":\"PropertyValueSpecification\",\"valueRequired\":true,\"valueName\":\"search_term_string\"}}],\"inLanguage\":\"pt-BR\"},{\"@type\":\"Organization\",\"@id\":\"https:\\\/\\\/tinychat.com\\\/#organization\",\"name\":\"TinyChat\",\"alternateName\":\"TinyChat.com\",\"url\":\"https:\\\/\\\/tinychat.com\\\/\",\"logo\":{\"@type\":\"ImageObject\",\"inLanguage\":\"pt-BR\",\"@id\":\"https:\\\/\\\/tinychat.com\\\/#\\\/schema\\\/logo\\\/image\\\/\",\"url\":\"https:\\\/\\\/tinychat.com\\\/wp-content\\\/uploads\\\/2023\\\/11\\\/Tinychat-icon-square.png\",\"contentUrl\":\"https:\\\/\\\/tinychat.com\\\/wp-content\\\/uploads\\\/2023\\\/11\\\/Tinychat-icon-square.png\",\"width\":284,\"height\":284,\"caption\":\"TinyChat\"},\"image\":{\"@id\":\"https:\\\/\\\/tinychat.com\\\/#\\\/schema\\\/logo\\\/image\\\/\"},\"sameAs\":[\"https:\\\/\\\/www.facebook.com\\\/tinychat\",\"https:\\\/\\\/x.com\\\/tinychat\"]}]}<\/script>\n<!-- \/ Yoast SEO plugin. -->","yoast_head_json":{"title":"Chatib - Bate-papo on-line sem registro - TinyChat.com","description":"Est\u00e1 gostando do Chatib? Junte-se a mais de 50.000.000 de estranhos no TinyChat! Ligue sua c\u00e2mera e comece a conhecer novas pessoas ou encontre um par.","robots":{"index":"index","follow":"follow","max-snippet":"max-snippet:-1","max-image-preview":"max-image-preview:large","max-video-preview":"max-video-preview:-1"},"canonical":"https:\/\/tinychat.com\/pt-br\/chatib\/","og_locale":"pt_BR","og_type":"article","og_title":"Chatib - Chat Online With No Registration - TinyChat.com","og_description":"Enjoying Chatib? Join over 50,000,000 strangers on TinyChat! Turn on your cam and start meeting new people, or find a match.","og_url":"https:\/\/tinychat.com\/pt-br\/chatib\/","og_site_name":"TinyChat","article_publisher":"https:\/\/www.facebook.com\/tinychat","article_modified_time":"2025-07-07T16:18:24+00:00","og_image":[{"width":1280,"height":284,"url":"https:\/\/tinychat.com\/wp-content\/uploads\/2020\/04\/Tinychat-logo-1280x284-new-black.png","type":"image\/png"}],"twitter_card":"summary_large_image","twitter_site":"@tinychat","twitter_misc":{"Est. tempo de leitura":"7 minutos"},"schema":{"@context":"https:\/\/schema.org","@graph":[{"@type":"WebPage","@id":"https:\/\/tinychat.com\/chatib\/","url":"https:\/\/tinychat.com\/chatib\/","name":"Chatib - Bate-papo on-line sem registro - TinyChat.com","isPartOf":{"@id":"https:\/\/tinychat.com\/#website"},"datePublished":"2025-05-26T07:38:47+00:00","dateModified":"2025-07-07T16:18:24+00:00","description":"Est\u00e1 gostando do Chatib? Junte-se a mais de 50.000.000 de estranhos no TinyChat! Ligue sua c\u00e2mera e comece a conhecer novas pessoas ou encontre um par.","breadcrumb":{"@id":"https:\/\/tinychat.com\/chatib\/#breadcrumb"},"inLanguage":"pt-BR","potentialAction":[{"@type":"ReadAction","target":["https:\/\/tinychat.com\/chatib\/"]}]},{"@type":"BreadcrumbList","@id":"https:\/\/tinychat.com\/chatib\/#breadcrumb","itemListElement":[{"@type":"ListItem","position":1,"name":"Home","item":"https:\/\/tinychat.com\/"},{"@type":"ListItem","position":2,"name":"Chatib"}]},{"@type":"WebSite","@id":"https:\/\/tinychat.com\/#website","url":"https:\/\/tinychat.com\/","name":"TinyChat","description":"Bate-papo por v\u00eddeo aleat\u00f3rio com estranhos","publisher":{"@id":"https:\/\/tinychat.com\/#organization"},"alternateName":"TinyChat.com","potentialAction":[{"@type":"SearchAction","target":{"@type":"EntryPoint","urlTemplate":"https:\/\/tinychat.com\/?s={search_term_string}"},"query-input":{"@type":"PropertyValueSpecification","valueRequired":true,"valueName":"search_term_string"}}],"inLanguage":"pt-BR"},{"@type":"Organization","@id":"https:\/\/tinychat.com\/#organization","name":"TinyChat","alternateName":"TinyChat.com","url":"https:\/\/tinychat.com\/","logo":{"@type":"ImageObject","inLanguage":"pt-BR","@id":"https:\/\/tinychat.com\/#\/schema\/logo\/image\/","url":"https:\/\/tinychat.com\/wp-content\/uploads\/2023\/11\/Tinychat-icon-square.png","contentUrl":"https:\/\/tinychat.com\/wp-content\/uploads\/2023\/11\/Tinychat-icon-square.png","width":284,"height":284,"caption":"TinyChat"},"image":{"@id":"https:\/\/tinychat.com\/#\/schema\/logo\/image\/"},"sameAs":["https:\/\/www.facebook.com\/tinychat","https:\/\/x.com\/tinychat"]}]}},"_links":{"self":[{"href":"https:\/\/tinychat.com\/pt-br\/wp-json\/wp\/v2\/pages\/8647","targetHints":{"allow":["GET"]}}],"collection":[{"href":"https:\/\/tinychat.com\/pt-br\/wp-json\/wp\/v2\/pages"}],"about":[{"href":"https:\/\/tinychat.com\/pt-br\/wp-json\/wp\/v2\/types\/page"}],"author":[{"embeddable":true,"href":"https:\/\/tinychat.com\/pt-br\/wp-json\/wp\/v2\/users\/6"}],"replies":[{"embeddable":true,"href":"https:\/\/tinychat.com\/pt-br\/wp-json\/wp\/v2\/comments?post=8647"}],"version-history":[{"count":3,"href":"https:\/\/tinychat.com\/pt-br\/wp-json\/wp\/v2\/pages\/8647\/revisions"}],"predecessor-version":[{"id":13291,"href":"https:\/\/tinychat.com\/pt-br\/wp-json\/wp\/v2\/pages\/8647\/revisions\/13291"}],"wp:attachment":[{"href":"https:\/\/tinychat.com\/pt-br\/wp-json\/wp\/v2\/media?parent=8647"}],"curies":[{"name":"wp","href":"https:\/\/api.w.org\/{rel}","templated":true}]}}