{"id":8689,"date":"2025-10-21T11:18:47","date_gmt":"2025-10-21T09:18:47","guid":{"rendered":"https:\/\/tinychat.com\/?page_id=8689"},"modified":"2025-10-21T13:17:16","modified_gmt":"2025-10-21T11:17:16","slug":"chathour","status":"publish","type":"page","link":"https:\/\/tinychat.com\/pt-br\/chathour\/","title":{"rendered":"ChatHour"},"content":{"rendered":"<p>Em uma \u00e9poca dominada por algoritmos de m\u00eddia social e aplicativos de namoro, o ChatHour oferece um retorno refrescante \u00e0s ra\u00edzes da comunica\u00e7\u00e3o on-line: as salas de bate-papo. \u00c9 uma plataforma que celebra a arte da conversa, em que as pessoas se conhecem n\u00e3o por meio de deslizes ou feeds selecionados, mas por meio de interesses compartilhados e intera\u00e7\u00e3o espont\u00e2nea.<\/p>\n<p>Com milhares de usu\u00e1rios ativos em v\u00e1rias salas de bate-papo tem\u00e1ticas, o ChatHour funciona como um h\u00edbrido entre a experi\u00eancia cl\u00e1ssica das salas de bate-papo e a moderna rede on-line. Se voc\u00ea est\u00e1 procurando fazer amigos, explorar t\u00f3picos que adora ou simplesmente passar o tempo conversando com novas pessoas, o ChatHour torna isso f\u00e1cil, r\u00e1pido e surpreendentemente envolvente.<\/p>\n<p>Esta an\u00e1lise explora o que \u00e9 o ChatHour, como ele funciona, seus recursos de destaque, a experi\u00eancia do usu\u00e1rio, compara\u00e7\u00f5es com concorrentes, dicas de seguran\u00e7a e por que ele continua a atrair um p\u00fablico global fiel.<\/p>\n<h2>O que \u00e9 ChatHour?<\/h2>\n<p>O ChatHour \u00e9 uma plataforma de bate-papo on-line gratuita que conecta usu\u00e1rios por meio de salas de bate-papo p\u00fablicas e conversas particulares. Ele n\u00e3o depende de emparelhamento aleat\u00f3rio de v\u00eddeo como o Omegle ou o Chatroulette - em vez disso, d\u00e1 aos usu\u00e1rios uma escolha. Voc\u00ea pode entrar em salas de bate-papo tem\u00e1ticas, participar de discuss\u00f5es em grupo ou iniciar bate-papos particulares com pessoas que compartilham seus interesses.<\/p>\n<p>Lan\u00e7ado em meados dos anos 2000, o ChatHour manteve uma forte base de usu\u00e1rios gra\u00e7as \u00e0 sua simplicidade, ampla variedade de t\u00f3picos de bate-papo e \u00eanfase na comunica\u00e7\u00e3o baseada em texto. Para aqueles que preferem conversar sem a press\u00e3o da c\u00e2mera, ele continua sendo uma das comunidades de bate-papo por texto mais ativas on-line.<\/p>\n<h2>Principais recursos do ChatHour<\/h2>\n<p>O ChatHour se destaca por seu equil\u00edbrio entre o charme da velha guarda e a usabilidade moderna. Seus principais recursos foram criados com base na flexibilidade e na facilidade de comunica\u00e7\u00e3o.<\/p>\n<h3>1. Salas de bate-papo p\u00fablicas tem\u00e1ticas<\/h3>\n<ul>\n<li>Participe de milhares de salas de bate-papo com base em interesses como m\u00fasica, viagens, esportes, relacionamentos ou \u00e1reas locais.<\/li>\n<li>As salas de bate-papo est\u00e3o ativas 24 horas por dia, 7 dias por semana, com usu\u00e1rios de todo o mundo.<\/li>\n<li>Crie sua pr\u00f3pria sala se n\u00e3o conseguir encontrar um t\u00f3pico que lhe agrade.<\/li>\n<\/ul>\n<h3>2. Mensagens privadas<\/h3>\n<ul>\n<li>Inicie bate-papos individuais com usu\u00e1rios que encontrar em salas p\u00fablicas.<\/li>\n<li>Continue as conversas em particular sem sair da plataforma.<\/li>\n<\/ul>\n<h3>3. Perfis de usu\u00e1rio<\/h3>\n<ul>\n<li>Crie um perfil simples com fotos e uma breve biografia.<\/li>\n<li>Ajuda outras pessoas a conhecer seus interesses e a iniciar bate-papos significativos.<\/li>\n<\/ul>\n<h3>4. Compatibilidade com dispositivos m\u00f3veis e desktops<\/h3>\n<ul>\n<li>Funciona sem problemas em navegadores da Web e dispositivos m\u00f3veis.<\/li>\n<li>N\u00e3o \u00e9 necess\u00e1rio fazer download de um aplicativo, embora os usu\u00e1rios m\u00f3veis possam marcar o site como favorito para acesso r\u00e1pido.<\/li>\n<\/ul>\n<h3>5. Pesquisa e filtros<\/h3>\n<ul>\n<li>Pesquise pessoas por nome de usu\u00e1rio, g\u00eanero ou local.<\/li>\n<li>Os filtros o ajudam a encontrar salas de bate-papo ou usu\u00e1rios que correspondam aos seus interesses.<\/li>\n<\/ul>\n<h3>6. Acesso gratuito<\/h3>\n<ul>\n<li>Os principais recursos s\u00e3o totalmente gratuitos.<\/li>\n<li>Sem paywalls ocultos ou armadilhas de assinatura premium.<\/li>\n<\/ul>\n<h3>7. Salas de bate-papo personalizadas<\/h3>\n<ul>\n<li>Os usu\u00e1rios registrados podem criar suas pr\u00f3prias salas de bate-papo p\u00fablicas ou privadas.<\/li>\n<li>As ferramentas de modera\u00e7\u00e3o ajudam a gerenciar quem pode entrar e participar.<\/li>\n<\/ul>\n<h2>Como usar o ChatHour<\/h2>\n<p>O ChatHour foi projetado para ser direto e f\u00e1cil de usar por qualquer pessoa, mesmo sem experi\u00eancia pr\u00e9via em salas de bate-papo.<\/p>\n<h3>Etapa 1: Visite o site do ChatHour<\/h3>\n<p>Abra o ChatHour em seu navegador no desktop ou no celular.<\/p>\n<h3>Etapa 2: Escolha uma sala ou crie uma<\/h3>\n<p>Navegue pelas categorias dispon\u00edveis e entre em uma sala de seu interesse ou crie sua pr\u00f3pria sala de bate-papo personalizada.<\/p>\n<h3>Etapa 3: Criar um perfil (opcional)<\/h3>\n<p>Voc\u00ea pode bater papo como convidado, mas a cria\u00e7\u00e3o de uma conta gratuita permite que voc\u00ea carregue uma foto, salve suas salas favoritas e envie mensagens privadas aos usu\u00e1rios.<\/p>\n<h3>Etapa 4: Iniciar o bate-papo<\/h3>\n<p>Entre em qualquer sala e participe da conversa. A maioria das salas de bate-papo tem discuss\u00f5es em andamento, o que facilita a participa\u00e7\u00e3o.<\/p>\n<h3>Etapa 5: Conecte-se de forma privada<\/h3>\n<p>Se voc\u00ea encontrar algu\u00e9m interessante, poder\u00e1 iniciar um bate-papo particular para uma intera\u00e7\u00e3o mais pessoal.<\/p>\n<p>O processo inteiro leva menos de um minuto - sem downloads, sem espera, apenas conversa.<\/p>\n<h2>Experi\u00eancia do usu\u00e1rio no ChatHour<\/h2>\n<p>O ChatHour manteve a simplicidade que tornou populares as primeiras plataformas de bate-papo, como o Yahoo! Chat ou o IRC, e introduziu recursos modernos suficientes para mant\u00ea-lo relevante.<\/p>\n<h3>O que os usu\u00e1rios gostam<\/h3>\n<ul>\n<li>Grande variedade de salas de bate-papo por t\u00f3pico e regi\u00e3o.<\/li>\n<li>Op\u00e7\u00e3o de bate-papo p\u00fablico ou privado.<\/li>\n<li>Interface simples e objetiva.<\/li>\n<li>Funciona em qualquer dispositivo.<\/li>\n<li>Base de usu\u00e1rios ativa 24 horas por dia, 7 dias por semana.<\/li>\n<\/ul>\n<h3>Onde os usu\u00e1rios veem espa\u00e7o para melhorias<\/h3>\n<ul>\n<li>Falta a funcionalidade de bate-papo por v\u00eddeo.<\/li>\n<li>Algumas salas de bate-papo podem ficar inativas em determinados hor\u00e1rios.<\/li>\n<li>A interface pode parecer ultrapassada para usu\u00e1rios mais jovens.<\/li>\n<li>Usu\u00e1rios ocasionais de spam em salas p\u00fablicas.<\/li>\n<\/ul>\n<p>No geral, a experi\u00eancia do usu\u00e1rio \u00e9 nost\u00e1lgica, mas confi\u00e1vel - ela prioriza a conversa em vez do design chamativo, atraindo pessoas que valorizam a simplicidade e as trocas significativas.<\/p>\n<h2>ChatHour vs. outras plataformas de bate-papo<\/h2>\n<p>Veja como o ChatHour se compara a outras plataformas sociais e de bate-papo:<\/p>\n<table>\n<thead>\n<tr>\n<th>Recurso<\/th>\n<th>ChatHour<\/th>\n<th>Omegle<\/th>\n<th>Chatroulette<\/th>\n<th>ChatHub<\/th>\n<th>Wireclub<\/th>\n<th>Paltalk<\/th>\n<\/tr>\n<\/thead>\n<tbody>\n<tr>\n<td>Salas de bate-papo p\u00fablicas<\/td>\n<td>\u2705 Sim<\/td>\n<td>\u274c N\u00e3o<\/td>\n<td>\u274c N\u00e3o<\/td>\n<td>\u274c N\u00e3o<\/td>\n<td>\u2705 Sim<\/td>\n<td>\u2705 Sim<\/td>\n<\/tr>\n<tr>\n<td>Mensagens privadas<\/td>\n<td>\u2705 Sim<\/td>\n<td>\u274c N\u00e3o<\/td>\n<td>\u274c N\u00e3o<\/td>\n<td>\u2705 Sim<\/td>\n<td>\u2705 Sim<\/td>\n<td>\u2705 Sim<\/td>\n<\/tr>\n<tr>\n<td>Perfis de usu\u00e1rio<\/td>\n<td>\u2705 Sim<\/td>\n<td>\u274c N\u00e3o<\/td>\n<td>\u274c N\u00e3o<\/td>\n<td>\u2705 Sim<\/td>\n<td>\u2705 Sim<\/td>\n<td>\u2705 Sim<\/td>\n<\/tr>\n<tr>\n<td>Bate-papo por v\u00eddeo<\/td>\n<td>\u274c N\u00e3o<\/td>\n<td>\u2705 Sim<\/td>\n<td>\u2705 Sim<\/td>\n<td>\u2705 Sim<\/td>\n<td>\u2705 Sim<\/td>\n<td>\u2705 Sim<\/td>\n<\/tr>\n<tr>\n<td>Bate-papo por voz<\/td>\n<td>\u274c N\u00e3o<\/td>\n<td>\u274c N\u00e3o<\/td>\n<td>\u274c N\u00e3o<\/td>\n<td>\u274c N\u00e3o<\/td>\n<td>\u2705 Limitada<\/td>\n<td>\u2705 Sim<\/td>\n<\/tr>\n<tr>\n<td>Anonimato<\/td>\n<td>\u2705 Moderado<\/td>\n<td>\u2705 Forte<\/td>\n<td>\u2705 Forte<\/td>\n<td>\u2705 Moderado<\/td>\n<td>\u2705 Moderado<\/td>\n<td>\u274c Limitada<\/td>\n<\/tr>\n<tr>\n<td>Compat\u00edvel com dispositivos m\u00f3veis<\/td>\n<td>\u2705 Sim<\/td>\n<td>\u2705 Sim<\/td>\n<td>\u2705 Sim<\/td>\n<td>\u2705 Sim<\/td>\n<td>\u2705 Sim<\/td>\n<td>\u2705 Sim<\/td>\n<\/tr>\n<\/tbody>\n<\/table>\n<p>Resumo: o ChatHour \u00e9 mais voltado para a comunidade do que aplicativos de bate-papo aleat\u00f3rios como o Omegle e mais acess\u00edvel do que plataformas complexas como o Paltalk. \u00c9 um ponto ideal para usu\u00e1rios que preferem bate-papo de texto estruturado a conex\u00f5es de v\u00eddeo imprevis\u00edveis.<\/p>\n<h2>O ChatHour \u00e9 seguro?<\/h2>\n<p>O ChatHour leva a seguran\u00e7a do usu\u00e1rio a s\u00e9rio, mas, como em qualquer plataforma de bate-papo p\u00fablico, o uso respons\u00e1vel \u00e9 essencial.<\/p>\n<h3>Recursos de seguran\u00e7a incorporados<\/h3>\n<ul>\n<li>Modera\u00e7\u00e3o b\u00e1sica em salas de bate-papo populares.<\/li>\n<li>Op\u00e7\u00f5es de bloqueio e den\u00fancia para usu\u00e1rios inadequados.<\/li>\n<li>Controles de bate-papo privado.<\/li>\n<\/ul>\n<h3>Dicas de seguran\u00e7a para usu\u00e1rios<\/h3>\n<ul>\n<li>Evite compartilhar informa\u00e7\u00f5es pessoais ou financeiras.<\/li>\n<li>Permane\u00e7a em salas de bate-papo moderadas ou bem povoadas.<\/li>\n<li>Seja cauteloso ao clicar em links externos.<\/li>\n<li>Os pais devem supervisionar os menores de idade que estiverem usando o site.<\/li>\n<\/ul>\n<p>A estrutura somente de texto do ChatHour limita naturalmente os riscos associados a bate-papos com v\u00eddeo, tornando-o uma das op\u00e7\u00f5es mais seguras para bate-papos casuais quando usado com sabedoria.<\/p>\n<h2>Dicas para aproveitar ao m\u00e1ximo o ChatHour<\/h2>\n<ul>\n<li>Explore v\u00e1rias salas de bate-papo - n\u00e3o se limite a apenas uma; h\u00e1 uma sala para quase todos os t\u00f3picos imagin\u00e1veis.<\/li>\n<li>Verifique os hor\u00e1rios de pico - as noites e os fins de semana geralmente t\u00eam os usu\u00e1rios mais ativos.<\/li>\n<li>Envolva-se de forma educada - usu\u00e1rios amig\u00e1veis tendem a atrair mais respostas.<\/li>\n<li>Personalize seu perfil - uma biografia breve e genu\u00edna ajuda as pessoas a se conectarem com voc\u00ea.<\/li>\n<li>Denuncie spammers - manter as salas limpas ajuda a comunidade a prosperar.<\/li>\n<li>Marque seus quartos favoritos para que voc\u00ea possa retornar facilmente na pr\u00f3xima vez.<\/li>\n<\/ul>\n<p>Esses pequenos h\u00e1bitos tornam a experi\u00eancia com o ChatHour mais gratificante e agrad\u00e1vel.<\/p>\n<h2>Problemas comuns e corre\u00e7\u00f5es<\/h2>\n<h3>Problema: n\u00e3o \u00e9 poss\u00edvel fazer login<\/h3>\n<ul>\n<li>Verifique se os cookies est\u00e3o ativados.<\/li>\n<li>Tente redefinir sua senha ou limpar o cache do navegador.<\/li>\n<\/ul>\n<h3>Problema: as mensagens n\u00e3o est\u00e3o sendo enviadas<\/h3>\n<ul>\n<li>Atualize a sala de bate-papo.<\/li>\n<li>Verifique sua conex\u00e3o com a Internet.<\/li>\n<\/ul>\n<h3>Problema: muitos usu\u00e1rios ociosos<\/h3>\n<ul>\n<li>Explore outras salas ou tente em hor\u00e1rios mais movimentados do dia.<\/li>\n<\/ul>\n<h3>Problema: usu\u00e1rios inadequados<\/h3>\n<ul>\n<li>Bloqueie e denuncie-os imediatamente.<\/li>\n<li>Fique em salas moderadas para intera\u00e7\u00f5es mais seguras.<\/li>\n<\/ul>\n<h2>Por que as pessoas escolhem o ChatHour<\/h2>\n<p>As pessoas escolhem o ChatHour por v\u00e1rios motivos:<\/p>\n<ul>\n<li>Liberdade de escolha - participe de bate-papos p\u00fablicos ou privados a qualquer momento.<\/li>\n<li>Diversidade - milhares de t\u00f3picos e usu\u00e1rios de todo o mundo.<\/li>\n<li>Simplicidade - r\u00e1pido de entrar, f\u00e1cil de usar.<\/li>\n<li>Comunidade - construa amizades que v\u00e3o al\u00e9m de encontros ocasionais.<\/li>\n<\/ul>\n<p>Em um mundo digital dominado por plataformas baseadas em v\u00eddeo, o ChatHour prova que o bate-papo por texto ainda \u00e9 poderoso, especialmente para aqueles que preferem conversar sem c\u00e2meras.<\/p>\n<h2>Considera\u00e7\u00f5es finais: Vale a pena usar o ChatHour?<\/h2>\n<p>Se voc\u00ea sente falta dos dias das salas de bate-papo cl\u00e1ssicas ou simplesmente gosta de conhecer pessoas com interesses em comum, vale a pena experimentar o ChatHour. Ele n\u00e3o persegue tend\u00eancias nem reinventa a roda - em vez disso, ele refina a f\u00f3rmula atemporal que fez com que as primeiras comunidades da Internet prosperassem.<\/p>\n<p>Embora n\u00e3o ofere\u00e7a bate-papo por v\u00eddeo aleat\u00f3rio ou filtros chamativos, a confiabilidade, o foco na comunidade e o alcance global do ChatHour fazem dele uma op\u00e7\u00e3o de destaque para conversas on-line significativas.<\/p>\n<p>Se voc\u00ea quiser:<\/p>\n<ul>\n<li>Conhecer novos amigos,<\/li>\n<li>Discuta seus t\u00f3picos favoritos,<\/li>\n<li>Ou simplesmente converse a noite toda...<\/li>\n<\/ul>\n<p>O ChatHour oferece o espa\u00e7o digital para fazer isso - livremente e sem esfor\u00e7o.<\/p>\n<p>Em resumo: o ChatHour \u00e9 uma continua\u00e7\u00e3o moderna das salas de bate-papo on-line cl\u00e1ssicas, oferecendo uma maneira segura, social e f\u00e1cil de conhecer pessoas por meio de texto. \u00c9 ideal para usu\u00e1rios que preferem conversas reais em vez de algoritmos e que gostam de um senso de comunidade on-line.<\/p>\n<p>Pronto para come\u00e7ar a conversar? Visite o ChatHour, entre em uma sala de seu interesse e veja onde a conversa vai dar.<\/p>","protected":false},"excerpt":{"rendered":"<p>In an age dominated by social media algorithms and dating apps, ChatHour offers a refreshing throwback to the roots of online communication \u2014 chatrooms. It\u2019s a platform that celebrates the art of conversation, where people meet not through swipes or curated feeds, but through shared interests and spontaneous interaction. With thousands of active users across [&hellip;]<\/p>\n","protected":false},"author":6,"featured_media":0,"parent":0,"menu_order":0,"comment_status":"closed","ping_status":"closed","template":"","meta":{"footnotes":""},"class_list":["post-8689","page","type-page","status-publish","hentry"],"yoast_head":"<!-- This site is optimized with the Yoast SEO plugin v27.4 - https:\/\/yoast.com\/product\/yoast-seo-wordpress\/ -->\n<title>ChatHour - Mobile Free Chat Rooms - TinyChat.com<\/title>\n<meta name=\"description\" content=\"Enjoying ChatHour? Join over 50,000,000 strangers on TinyChat! Turn on your cam and start meeting new people, or find a match.\" \/>\n<meta name=\"robots\" content=\"index, follow, max-snippet:-1, max-image-preview:large, max-video-preview:-1\" \/>\n<link rel=\"canonical\" href=\"https:\/\/tinychat.com\/pt-br\/chathour\/\" \/>\n<meta property=\"og:locale\" content=\"pt_BR\" \/>\n<meta property=\"og:type\" content=\"article\" \/>\n<meta property=\"og:title\" content=\"ChatHour - Mobile Free Chat Rooms - TinyChat.com\" \/>\n<meta property=\"og:description\" content=\"Enjoying ChatHour? Join over 50,000,000 strangers on TinyChat! Turn on your cam and start meeting new people, or find a match.\" \/>\n<meta property=\"og:url\" content=\"https:\/\/tinychat.com\/pt-br\/chathour\/\" \/>\n<meta property=\"og:site_name\" content=\"TinyChat\" \/>\n<meta property=\"article:publisher\" content=\"https:\/\/www.facebook.com\/tinychat\" \/>\n<meta property=\"article:modified_time\" content=\"2025-10-21T11:17:16+00:00\" \/>\n<meta property=\"og:image\" content=\"https:\/\/tinychat.com\/wp-content\/uploads\/2020\/04\/Tinychat-logo-1280x284-new-black.png\" \/>\n\t<meta property=\"og:image:width\" content=\"1280\" \/>\n\t<meta property=\"og:image:height\" content=\"284\" \/>\n\t<meta property=\"og:image:type\" content=\"image\/png\" \/>\n<meta name=\"twitter:card\" content=\"summary_large_image\" \/>\n<meta name=\"twitter:site\" content=\"@tinychat\" \/>\n<meta name=\"twitter:label1\" content=\"Est. tempo de leitura\" \/>\n\t<meta name=\"twitter:data1\" content=\"6 minutos\" \/>\n<script type=\"application\/ld+json\" class=\"yoast-schema-graph\">{\"@context\":\"https:\\\/\\\/schema.org\",\"@graph\":[{\"@type\":\"WebPage\",\"@id\":\"https:\\\/\\\/tinychat.com\\\/chathour\\\/\",\"url\":\"https:\\\/\\\/tinychat.com\\\/chathour\\\/\",\"name\":\"ChatHour - Mobile Free Chat Rooms - TinyChat.com\",\"isPartOf\":{\"@id\":\"https:\\\/\\\/tinychat.com\\\/#website\"},\"datePublished\":\"2025-10-21T09:18:47+00:00\",\"dateModified\":\"2025-10-21T11:17:16+00:00\",\"description\":\"Enjoying ChatHour? Join over 50,000,000 strangers on TinyChat! Turn on your cam and start meeting new people, or find a match.\",\"breadcrumb\":{\"@id\":\"https:\\\/\\\/tinychat.com\\\/chathour\\\/#breadcrumb\"},\"inLanguage\":\"pt-BR\",\"potentialAction\":[{\"@type\":\"ReadAction\",\"target\":[\"https:\\\/\\\/tinychat.com\\\/chathour\\\/\"]}]},{\"@type\":\"BreadcrumbList\",\"@id\":\"https:\\\/\\\/tinychat.com\\\/chathour\\\/#breadcrumb\",\"itemListElement\":[{\"@type\":\"ListItem\",\"position\":1,\"name\":\"Home\",\"item\":\"https:\\\/\\\/tinychat.com\\\/\"},{\"@type\":\"ListItem\",\"position\":2,\"name\":\"ChatHour\"}]},{\"@type\":\"WebSite\",\"@id\":\"https:\\\/\\\/tinychat.com\\\/#website\",\"url\":\"https:\\\/\\\/tinychat.com\\\/\",\"name\":\"TinyChat\",\"description\":\"Random Video Chat with Strangers\",\"publisher\":{\"@id\":\"https:\\\/\\\/tinychat.com\\\/#organization\"},\"alternateName\":\"TinyChat.com\",\"potentialAction\":[{\"@type\":\"SearchAction\",\"target\":{\"@type\":\"EntryPoint\",\"urlTemplate\":\"https:\\\/\\\/tinychat.com\\\/?s={search_term_string}\"},\"query-input\":{\"@type\":\"PropertyValueSpecification\",\"valueRequired\":true,\"valueName\":\"search_term_string\"}}],\"inLanguage\":\"pt-BR\"},{\"@type\":\"Organization\",\"@id\":\"https:\\\/\\\/tinychat.com\\\/#organization\",\"name\":\"TinyChat\",\"alternateName\":\"TinyChat.com\",\"url\":\"https:\\\/\\\/tinychat.com\\\/\",\"logo\":{\"@type\":\"ImageObject\",\"inLanguage\":\"pt-BR\",\"@id\":\"https:\\\/\\\/tinychat.com\\\/#\\\/schema\\\/logo\\\/image\\\/\",\"url\":\"https:\\\/\\\/tinychat.com\\\/wp-content\\\/uploads\\\/2023\\\/11\\\/Tinychat-icon-square.png\",\"contentUrl\":\"https:\\\/\\\/tinychat.com\\\/wp-content\\\/uploads\\\/2023\\\/11\\\/Tinychat-icon-square.png\",\"width\":284,\"height\":284,\"caption\":\"TinyChat\"},\"image\":{\"@id\":\"https:\\\/\\\/tinychat.com\\\/#\\\/schema\\\/logo\\\/image\\\/\"},\"sameAs\":[\"https:\\\/\\\/www.facebook.com\\\/tinychat\",\"https:\\\/\\\/x.com\\\/tinychat\"]}]}<\/script>\n<!-- \/ Yoast SEO plugin. -->","yoast_head_json":{"title":"ChatHour - Salas de bate-papo gratuitas para celular - TinyChat.com","description":"Est\u00e1 gostando do ChatHour? Junte-se a mais de 50.000.000 de estranhos no TinyChat! Ligue sua c\u00e2mera e comece a conhecer novas pessoas ou encontre um par.","robots":{"index":"index","follow":"follow","max-snippet":"max-snippet:-1","max-image-preview":"max-image-preview:large","max-video-preview":"max-video-preview:-1"},"canonical":"https:\/\/tinychat.com\/pt-br\/chathour\/","og_locale":"pt_BR","og_type":"article","og_title":"ChatHour - Mobile Free Chat Rooms - TinyChat.com","og_description":"Enjoying ChatHour? Join over 50,000,000 strangers on TinyChat! Turn on your cam and start meeting new people, or find a match.","og_url":"https:\/\/tinychat.com\/pt-br\/chathour\/","og_site_name":"TinyChat","article_publisher":"https:\/\/www.facebook.com\/tinychat","article_modified_time":"2025-10-21T11:17:16+00:00","og_image":[{"width":1280,"height":284,"url":"https:\/\/tinychat.com\/wp-content\/uploads\/2020\/04\/Tinychat-logo-1280x284-new-black.png","type":"image\/png"}],"twitter_card":"summary_large_image","twitter_site":"@tinychat","twitter_misc":{"Est. tempo de leitura":"6 minutos"},"schema":{"@context":"https:\/\/schema.org","@graph":[{"@type":"WebPage","@id":"https:\/\/tinychat.com\/chathour\/","url":"https:\/\/tinychat.com\/chathour\/","name":"ChatHour - Salas de bate-papo gratuitas para celular - TinyChat.com","isPartOf":{"@id":"https:\/\/tinychat.com\/#website"},"datePublished":"2025-10-21T09:18:47+00:00","dateModified":"2025-10-21T11:17:16+00:00","description":"Est\u00e1 gostando do ChatHour? Junte-se a mais de 50.000.000 de estranhos no TinyChat! Ligue sua c\u00e2mera e comece a conhecer novas pessoas ou encontre um par.","breadcrumb":{"@id":"https:\/\/tinychat.com\/chathour\/#breadcrumb"},"inLanguage":"pt-BR","potentialAction":[{"@type":"ReadAction","target":["https:\/\/tinychat.com\/chathour\/"]}]},{"@type":"BreadcrumbList","@id":"https:\/\/tinychat.com\/chathour\/#breadcrumb","itemListElement":[{"@type":"ListItem","position":1,"name":"Home","item":"https:\/\/tinychat.com\/"},{"@type":"ListItem","position":2,"name":"ChatHour"}]},{"@type":"WebSite","@id":"https:\/\/tinychat.com\/#website","url":"https:\/\/tinychat.com\/","name":"TinyChat","description":"Bate-papo por v\u00eddeo aleat\u00f3rio com estranhos","publisher":{"@id":"https:\/\/tinychat.com\/#organization"},"alternateName":"TinyChat.com","potentialAction":[{"@type":"SearchAction","target":{"@type":"EntryPoint","urlTemplate":"https:\/\/tinychat.com\/?s={search_term_string}"},"query-input":{"@type":"PropertyValueSpecification","valueRequired":true,"valueName":"search_term_string"}}],"inLanguage":"pt-BR"},{"@type":"Organization","@id":"https:\/\/tinychat.com\/#organization","name":"TinyChat","alternateName":"TinyChat.com","url":"https:\/\/tinychat.com\/","logo":{"@type":"ImageObject","inLanguage":"pt-BR","@id":"https:\/\/tinychat.com\/#\/schema\/logo\/image\/","url":"https:\/\/tinychat.com\/wp-content\/uploads\/2023\/11\/Tinychat-icon-square.png","contentUrl":"https:\/\/tinychat.com\/wp-content\/uploads\/2023\/11\/Tinychat-icon-square.png","width":284,"height":284,"caption":"TinyChat"},"image":{"@id":"https:\/\/tinychat.com\/#\/schema\/logo\/image\/"},"sameAs":["https:\/\/www.facebook.com\/tinychat","https:\/\/x.com\/tinychat"]}]}},"_links":{"self":[{"href":"https:\/\/tinychat.com\/pt-br\/wp-json\/wp\/v2\/pages\/8689","targetHints":{"allow":["GET"]}}],"collection":[{"href":"https:\/\/tinychat.com\/pt-br\/wp-json\/wp\/v2\/pages"}],"about":[{"href":"https:\/\/tinychat.com\/pt-br\/wp-json\/wp\/v2\/types\/page"}],"author":[{"embeddable":true,"href":"https:\/\/tinychat.com\/pt-br\/wp-json\/wp\/v2\/users\/6"}],"replies":[{"embeddable":true,"href":"https:\/\/tinychat.com\/pt-br\/wp-json\/wp\/v2\/comments?post=8689"}],"version-history":[{"count":3,"href":"https:\/\/tinychat.com\/pt-br\/wp-json\/wp\/v2\/pages\/8689\/revisions"}],"predecessor-version":[{"id":13560,"href":"https:\/\/tinychat.com\/pt-br\/wp-json\/wp\/v2\/pages\/8689\/revisions\/13560"}],"wp:attachment":[{"href":"https:\/\/tinychat.com\/pt-br\/wp-json\/wp\/v2\/media?parent=8689"}],"curies":[{"name":"wp","href":"https:\/\/api.w.org\/{rel}","templated":true}]}}