{"id":881,"date":"2024-12-02T19:15:37","date_gmt":"2024-12-02T17:15:37","guid":{"rendered":"https:\/\/tinychat.com\/?page_id=881"},"modified":"2025-06-12T10:27:21","modified_gmt":"2025-06-12T08:27:21","slug":"ometv","status":"publish","type":"page","link":"https:\/\/tinychat.com\/pt-br\/ometv\/","title":{"rendered":"OmeTV"},"content":{"rendered":"<p>O OmeTV surgiu como uma das principais op\u00e7\u00f5es para usu\u00e1rios que desejam conversas em tempo real com estranhos, sem sacrificar a seguran\u00e7a, a privacidade ou a qualidade. Embora muitas plataformas, incluindo a lend\u00e1ria <a href=\"https:\/\/tinychat.com\/pt-br\/omegle\/\">Omegle<\/a> e <a href=\"https:\/\/tinychat.com\/pt-br\/chatroulette\/\">Chatroulette<\/a>O OmeTV, que popularizou a ideia de bate-papos aleat\u00f3rios, adotou esse conceito e adicionou o polimento, a modera\u00e7\u00e3o e o suporte m\u00f3vel moderno que os usu\u00e1rios de hoje esperam.<\/p>\n<p>O OmeTV n\u00e3o se trata de truques ou jogos - trata-se de conversas por v\u00eddeo significativas e individuais que s\u00e3o t\u00e3o f\u00e1ceis de iniciar quanto de encerrar. Se voc\u00ea deseja conhecer novas pessoas, praticar um idioma estrangeiro, fazer amigos em todo o mundo ou simplesmente <a href=\"https:\/\/tinychat.com\/pt-br\/chatroulette\/\">bate-papo<\/a> com algu\u00e9m novo, o OmeTV oferece uma plataforma segura e f\u00e1cil de usar, criada para a intera\u00e7\u00e3o global.<\/p>\n<p>Desde sua interface simples at\u00e9 seu ambiente moderado, o OmeTV oferece uma alternativa atraente \u00e0s plataformas que t\u00eam sido afetadas por trolls, bots ou conte\u00fado expl\u00edcito. Neste artigo, exploraremos os recursos do OmeTV, os protocolos de seguran\u00e7a, a experi\u00eancia do usu\u00e1rio, as compara\u00e7\u00f5es e as dicas pr\u00e1ticas para aproveitar ao m\u00e1ximo seus bate-papos.<\/p>\n<h2>O que \u00e9 OmeTV?<\/h2>\n<p>O OmeTV \u00e9 um v\u00eddeo baseado em navegador e compat\u00edvel com dispositivos m\u00f3veis <a href=\"https:\/\/tinychat.com\/pt-br\/chatroulette\/\">bate-papo<\/a> plataforma que conecta usu\u00e1rios de todo o mundo para conversas an\u00f4nimas de v\u00eddeo um-a-um. Como o <a href=\"https:\/\/tinychat.com\/pt-br\/omegle\/\">Omegle<\/a> e <a href=\"https:\/\/tinychat.com\/pt-br\/chatroulette\/\">Chatroulette<\/a>O conceito central \u00e9 simples: clique em um bot\u00e3o e encontre uma pessoa <a href=\"https:\/\/tinychat.com\/pt-br\/strangercam\/\">estranho<\/a>e come\u00e7ar a falar.<\/p>\n<p>Mas o que faz o OmeTV realmente brilhar \u00e9 seu compromisso com a seguran\u00e7a, a modera\u00e7\u00e3o e a acessibilidade internacional. A plataforma est\u00e1 dispon\u00edvel em mais de 100 pa\u00edses, traduzida em dezenas de idiomas e moderada em tempo real para garantir um ambiente mais limpo e amig\u00e1vel. <a href=\"https:\/\/tinychat.com\/pt-br\/chatroulette\/\">bate-papo<\/a> ambiente.<\/p>\n<h2>Principais recursos do OmeTV<\/h2>\n<p>A for\u00e7a do OmeTV est\u00e1 em seu minimalismo, apoiado por uma forte \u00eanfase em seguran\u00e7a e desempenho. Aqui est\u00e3o os principais recursos que o tornam uma op\u00e7\u00e3o de destaque no mercado <a href=\"https:\/\/tinychat.com\/pt-br\/\">bate-papo por v\u00eddeo aleat\u00f3rio<\/a> espa\u00e7o:<\/p>\n<h3>1. Correspond\u00eancia instant\u00e2nea de v\u00eddeos<\/h3>\n<p>Com o OmeTV, voc\u00ea n\u00e3o precisa se inscrever ou criar um perfil para come\u00e7ar. Assim que entrar no site (ou abrir o aplicativo), voc\u00ea poder\u00e1 come\u00e7ar a conversar instantaneamente. Basta permitir o acesso \u00e0 c\u00e2mera e ao microfone e clicar no bot\u00e3o \"Start\" (Iniciar).<\/p>\n<p>A plataforma coloca voc\u00ea em contato com um <a href=\"https:\/\/tinychat.com\/pt-br\/strangercam\/\">estranho<\/a> com base em seu idioma e configura\u00e7\u00f5es geogr\u00e1ficas, permitindo uma experi\u00eancia global e cont\u00ednua.<\/p>\n<h3>2. Tradu\u00e7\u00e3o de texto<\/h3>\n<p>Um dos recursos de destaque do OmeTV \u00e9 a tradu\u00e7\u00e3o autom\u00e1tica de mensagens. Se voc\u00ea estiver conversando com algu\u00e9m que digita em um idioma diferente, o OmeTV traduz automaticamente a mensagem para o seu idioma preferido em tempo real.<\/p>\n<p>Esse recurso rompe as barreiras lingu\u00edsticas e ajuda a promover a comunica\u00e7\u00e3o entre usu\u00e1rios que, de outra forma, teriam dificuldade de se entender.<\/p>\n<h3>3. Filtro de g\u00eanero (pago)<\/h3>\n<p>Para usu\u00e1rios que desejam uma experi\u00eancia mais personalizada, o OmeTV oferece um filtro de g\u00eanero por meio de seu modelo de assinatura premium. Isso permite que voc\u00ea escolha se quer ser combinado com homens, mulheres ou ambos.<\/p>\n<p>Isso \u00e9 particularmente \u00fatil para aqueles que buscam conversas rom\u00e2nticas ou que se sentem mais \u00e0 vontade para falar com um g\u00eanero espec\u00edfico.<\/p>\n<h3>4. Integra\u00e7\u00e3o de aplicativos m\u00f3veis<\/h3>\n<p>O OmeTV adotou totalmente a era m\u00f3vel. Seus aplicativos para iOS e Android est\u00e3o entre os mais bem avaliados da categoria, oferecendo v\u00eddeo sem problemas <a href=\"https:\/\/tinychat.com\/pt-br\/chatroulette\/\">bate-papo<\/a>ferramentas de modera\u00e7\u00e3o e consist\u00eancia da interface do usu\u00e1rio entre dispositivos.<\/p>\n<p>A vers\u00e3o m\u00f3vel inclui todos os principais recursos do site para desktop, garantindo que voc\u00ea possa se conectar em qualquer lugar com a mesma qualidade e seguran\u00e7a.<\/p>\n<h3>5. Sem bots, sem an\u00fancios durante os bate-papos<\/h3>\n<p>Ao contr\u00e1rio de muitos <a href=\"https:\/\/tinychat.com\/pt-br\/chatroulette\/\">bate-papo<\/a> plataformas que bombardeiam os usu\u00e1rios com an\u00fancios ou permitem que os bots simulem conversas, o OmeTV se orgulha de oferecer um servi\u00e7o sem bots e sem an\u00fancios. <a href=\"https:\/\/tinychat.com\/pt-br\/chatroulette\/\">bate-papo<\/a> sess\u00f5es.<\/p>\n<p>A aus\u00eancia de an\u00fancios durante os bate-papos melhora o foco, minimiza as distra\u00e7\u00f5es e cria uma experi\u00eancia mais aut\u00eantica.<\/p>\n<h3>6. Modera\u00e7\u00e3o em tempo real<\/h3>\n<p>O OmeTV tem uma equipe de moderadores ativos apoiados por sistemas de sinaliza\u00e7\u00e3o orientados por IA que monitoram o comportamento e filtram o conte\u00fado em tempo real. O comportamento inadequado pode resultar em banimentos instant\u00e2neos, ajudando a manter um espa\u00e7o respeitoso e acolhedor.<\/p>\n<p>Isso diferencia o OmeTV das plataformas em que a modera\u00e7\u00e3o \u00e9 muito branda ou inexistente.<\/p>\n<h3>7. Uso an\u00f4nimo<\/h3>\n<p>Apesar de seus recursos modernos, o OmeTV mant\u00e9m o elemento central do anonimato. N\u00e3o \u00e9 necess\u00e1rio nenhum registro. Voc\u00ea pode come\u00e7ar a conversar sem enviar nenhum detalhe pessoal. Voc\u00ea tem controle total sobre o que revela e para quem.<\/p>\n<h2>Como usar o OmeTV<\/h2>\n<p>Um dos maiores atrativos do OmeTV \u00e9 a facilidade de come\u00e7ar a us\u00e1-lo. Aqui est\u00e1 um guia simples para navegar na plataforma:<\/p>\n<h3>Etapa 1: Visite o OmeTV<\/h3>\n<p>Acesse o OmeTV em seu navegador ou fa\u00e7a o download do aplicativo OmeTV na Apple App Store ou na Google Play Store.<\/p>\n<h3>Etapa 2: Permitir acesso \u00e0 c\u00e2mera e ao microfone<\/h3>\n<p>A plataforma solicitar\u00e1 acesso \u00e0 sua webcam e ao seu microfone. Conceder acesso para ativar o v\u00eddeo <a href=\"https:\/\/tinychat.com\/pt-br\/chatroulette\/\">bate-papo<\/a>. Voc\u00ea sempre pode desativar a c\u00e2mera se preferir intera\u00e7\u00f5es somente com texto.<\/p>\n<h3>Etapa 3: Selecione suas prefer\u00eancias<\/h3>\n<p>Na p\u00e1gina inicial ou na interface do aplicativo, selecione seu idioma e pa\u00eds para melhorar a qualidade de suas correspond\u00eancias. Os usu\u00e1rios Premium tamb\u00e9m podem definir filtros de g\u00eanero aqui.<\/p>\n<h3>Etapa 4: Clique em \"Start\" (Iniciar)<\/h3>\n<p>Clique no bot\u00e3o Iniciar para come\u00e7ar sua jornada. Voc\u00ea ser\u00e1 emparelhado com outro usu\u00e1rio em segundos. Se voc\u00ea n\u00e3o estiver interessado na pessoa com a qual est\u00e1 emparelhado, basta clicar em \"Next\" (Pr\u00f3ximo) para seguir em frente.<\/p>\n<h3>Etapa 5: usar a caixa de texto<\/h3>\n<p>Se falar n\u00e3o for uma op\u00e7\u00e3o, voc\u00ea pode usar o texto incorporado <a href=\"https:\/\/tinychat.com\/pt-br\/chatroulette\/\">bate-papo<\/a> caixa para se comunicar. As tradu\u00e7\u00f5es autom\u00e1ticas facilitam a conversa com pessoas de diferentes pa\u00edses.<\/p>\n<h3>Etapa 6: Denunciar ou bloquear, se necess\u00e1rio<\/h3>\n<p>O OmeTV oferece bot\u00f5es para denunciar, bloquear ou silenciar usu\u00e1rios. Use essas ferramentas para ajudar a manter um ambiente seguro e sinalizar comportamentos inadequados.<\/p>\n<h2>Seguran\u00e7a e privacidade no OmeTV<\/h2>\n<p>Com tantas coisas aleat\u00f3rias <a href=\"https:\/\/tinychat.com\/pt-br\/chatroulette\/\">bate-papo<\/a> sites que enfrentam cr\u00edticas por conte\u00fado inseguro e modera\u00e7\u00e3o deficiente, o OmeTV se diferencia por levar a seguran\u00e7a do usu\u00e1rio a s\u00e9rio.<\/p>\n<h3>1. IA + modera\u00e7\u00e3o humana<\/h3>\n<p>O OmeTV combina sistemas de monitoramento de IA com uma equipe de moderadores humanos para detectar comportamentos inadequados e aplicar as diretrizes da comunidade. Esse modelo h\u00edbrido ajuda a plataforma a reagir rapidamente \u00e0s viola\u00e7\u00f5es.<\/p>\n<h3>2. Filtros anti-nudez e de abuso<\/h3>\n<p>A IA do OmeTV \u00e9 treinada para detectar conte\u00fado expl\u00edcito, incluindo nudez ou gestos ofensivos. Esse conte\u00fado resulta em proibi\u00e7\u00f5es imediatas, geralmente sem a necessidade de den\u00fancia do usu\u00e1rio.<\/p>\n<h3>3. N\u00e3o h\u00e1 coleta de dados pessoais<\/h3>\n<p>A plataforma n\u00e3o exige nomes de usu\u00e1rio, e-mails ou senhas, o que a torna uma das plataformas mais privadas do mundo. <a href=\"https:\/\/tinychat.com\/pt-br\/chatroulette\/\">bate-papo<\/a> ambientes dispon\u00edveis. Voc\u00ea \u00e9 livre para permanecer an\u00f4nimo o tempo todo.<\/p>\n<h3>4. Conex\u00f5es seguras<\/h3>\n<p>Todos os bate-papos s\u00e3o protegidos com criptografia HTTPS, protegendo seus dados durante a transmiss\u00e3o. Isso impede que terceiros escutem suas conversas.<\/p>\n<h3>5. Diretrizes da comunidade<\/h3>\n<p>Os usu\u00e1rios devem concordar com os termos de uso rigorosos do OmeTV, que pro\u00edbem discurso de \u00f3dio, nudez, ass\u00e9dio e comportamento abusivo. A viola\u00e7\u00e3o dessas regras pode resultar em banimentos permanentes.<\/p>\n<h2>Experi\u00eancia do usu\u00e1rio no OmeTV<\/h2>\n<p>A experi\u00eancia do usu\u00e1rio no OmeTV \u00e9 um de seus pontos de venda mais fortes. Veja a seguir o que o torna t\u00e3o atraente:<\/p>\n<h3>Interface limpa<\/h3>\n<p>O design \u00e9 moderno, r\u00e1pido e sem distra\u00e7\u00f5es. N\u00e3o h\u00e1 desordem ou recursos desnecess\u00e1rios. A interface funciona perfeitamente tanto no desktop quanto no celular.<\/p>\n<h3>Matchmaking r\u00e1pido<\/h3>\n<p>Os usu\u00e1rios s\u00e3o emparelhados em segundos, e a qualidade do v\u00eddeo \u00e9 geralmente suave e est\u00e1vel, desde que voc\u00ea tenha uma conex\u00e3o decente com a Internet.<\/p>\n<h3>Usu\u00e1rios de alta qualidade<\/h3>\n<p>Devido \u00e0 melhor modera\u00e7\u00e3o e ao menor n\u00famero de bots, o OmeTV tende a atrair usu\u00e1rios mais s\u00e9rios que est\u00e3o genuinamente interessados em conversas.<\/p>\n<h3>Acessibilidade m\u00f3vel<\/h3>\n<p>Com aplicativos dedicados, o OmeTV oferece uma excelente experi\u00eancia m\u00f3vel, permitindo que os usu\u00e1rios <a href=\"https:\/\/tinychat.com\/pt-br\/chatroulette\/\">bate-papo<\/a> confortavelmente de qualquer lugar.<\/p>\n<h2>Avalia\u00e7\u00f5es reais de usu\u00e1rios<\/h2>\n<blockquote><p>\"Eu usei <a href=\"https:\/\/tinychat.com\/pt-br\/omegle\/\">Omegle<\/a> e <a href=\"https:\/\/tinychat.com\/pt-br\/chatroulette\/\">Chatroulette<\/a>mas o OmeTV parece mais seguro e leg\u00edtimo. Ele tamb\u00e9m \u00e9 mais limpo e parece moderno.\"<br \/>\n- <em>Sasha R., Avalia\u00e7\u00e3o da App Store<\/em><\/p><\/blockquote>\n<blockquote><p>\"A ferramenta de tradu\u00e7\u00e3o \u00e9 um divisor de \u00e1guas. Falei com pessoas da Coreia do Sul, do Brasil e da Turquia e realmente as entendi.\"<br \/>\n- <em>Diego M., Google Play<\/em><\/p><\/blockquote>\n<blockquote><p>\"Melhor aplicativo para v\u00eddeo <a href=\"https:\/\/tinychat.com\/pt-br\/chatroulette\/\">bate-papo<\/a> se voc\u00ea quiser apenas conhecer pessoas sem todo o lixo. Na verdade, parece monitorado\".<br \/>\n- <em>Keisha L., Reddit<\/em><\/p><\/blockquote>\n<h2>OmeTV vs. outras plataformas de bate-papo<\/h2>\n<p>Como o OmeTV se compara aos concorrentes no v\u00eddeo <a href=\"https:\/\/tinychat.com\/pt-br\/chatroulette\/\">bate-papo<\/a> espa\u00e7o?<\/p>\n<table>\n<thead>\n<tr>\n<th>Recurso<\/th>\n<th>OmeTV<\/th>\n<th><a href=\"https:\/\/tinychat.com\/pt-br\/omegle\/\">Omegle<\/a><\/th>\n<th><a href=\"https:\/\/tinychat.com\/pt-br\/chatroulette\/\">Chatroulette<\/a><\/th>\n<th>Bazoocam<\/th>\n<th><a href=\"https:\/\/tinychat.com\/pt-br\/strangercam\/\">StrangerCam<\/a><\/th>\n<\/tr>\n<\/thead>\n<tbody>\n<tr>\n<td>V\u00eddeo <a href=\"https:\/\/tinychat.com\/pt-br\/chatroulette\/\">Bate-papo<\/a><\/td>\n<td>\u2705 Sim<\/td>\n<td>\u2705 Sim<\/td>\n<td>\u2705 Sim<\/td>\n<td>\u2705 Sim<\/td>\n<td>\u2705 Sim<\/td>\n<\/tr>\n<tr>\n<td>Texto <a href=\"https:\/\/tinychat.com\/pt-br\/chatroulette\/\">Bate-papo<\/a><\/td>\n<td>\u2705 Sim<\/td>\n<td>\u2705 Sim<\/td>\n<td>\u2705 Sim<\/td>\n<td>\u2705 Sim<\/td>\n<td>\u2705 Sim<\/td>\n<\/tr>\n<tr>\n<td>Registro<\/td>\n<td>\u274c N\u00e3o<\/td>\n<td>\u274c N\u00e3o<\/td>\n<td>\u274c N\u00e3o<\/td>\n<td>\u274c N\u00e3o<\/td>\n<td>\u274c N\u00e3o<\/td>\n<\/tr>\n<tr>\n<td>Aplicativo m\u00f3vel<\/td>\n<td>\u2705 Nativo<\/td>\n<td>\u26a0\ufe0f Nenhum<\/td>\n<td>\u2705 Sim<\/td>\n<td>\u2705 Sim<\/td>\n<td>\u2705 Sim<\/td>\n<\/tr>\n<tr>\n<td>Filtro de g\u00eanero<\/td>\n<td>\u2705 Premium<\/td>\n<td>\u274c N\u00e3o<\/td>\n<td>\u274c N\u00e3o<\/td>\n<td>\u2705 Premium<\/td>\n<td>\u2705 Premium<\/td>\n<\/tr>\n<tr>\n<td>Sistema de modera\u00e7\u00e3o<\/td>\n<td>\u2705 Forte<\/td>\n<td>\u26a0\ufe0f Fraco<\/td>\n<td>\u2705 Aprimorado<\/td>\n<td>\u2705 Moderado<\/td>\n<td>Bom<\/td>\n<\/tr>\n<tr>\n<td>Ferramenta de tradu\u00e7\u00e3o<\/td>\n<td>\u2705 Sim<\/td>\n<td>\u274c N\u00e3o<\/td>\n<td>\u274c N\u00e3o<\/td>\n<td>\u274c N\u00e3o<\/td>\n<td>\u274c N\u00e3o<\/td>\n<\/tr>\n<tr>\n<td>Sem an\u00fancios <a href=\"https:\/\/tinychat.com\/pt-br\/chatroulette\/\">Bate-papo<\/a><\/td>\n<td>\u2705 Sim<\/td>\n<td>\u274c N\u00e3o<\/td>\n<td>\u26a0\ufe0f Alguns an\u00fancios<\/td>\n<td>\u26a0\ufe0f Alguns an\u00fancios<\/td>\n<td>\u2705 Sim<\/td>\n<\/tr>\n<\/tbody>\n<\/table>\n<p>O OmeTV tem alta pontua\u00e7\u00e3o em termos de seguran\u00e7a, recursos de tradu\u00e7\u00e3o, otimiza\u00e7\u00e3o m\u00f3vel e modera\u00e7\u00e3o. \u00c9 ideal para usu\u00e1rios que procuram uma plataforma limpa e s\u00e9ria, em vez de uma plataforma que aceita tudo <a href=\"https:\/\/tinychat.com\/pt-br\/chatroulette\/\">bate-papo<\/a> local.<\/p>\n<h2>Dicas para usar o OmeTV de forma segura e eficaz<\/h2>\n<ul>\n<li>Use a caixa de texto se voc\u00ea for t\u00edmido: Voc\u00ea nem sempre precisa falar - use o texto <a href=\"https:\/\/tinychat.com\/pt-br\/chatroulette\/\">bate-papo<\/a> para quebrar o gelo.<\/li>\n<li>Use tradu\u00e7\u00f5es: N\u00e3o deixe que as barreiras lingu\u00edsticas o impe\u00e7am de bater papo globalmente. Use o recurso de tradu\u00e7\u00e3o incorporado.<\/li>\n<li>Evite compartilhar informa\u00e7\u00f5es pessoais: Como em todos os bate-papos an\u00f4nimos, nunca compartilhe seu nome verdadeiro, e-mail ou contas sociais.<\/li>\n<li>Denunciar m\u00e1 conduta: Ajude a manter a comunidade limpa, denunciando qualquer abuso ou conte\u00fado inadequado.<\/li>\n<li>Use uma boa ilumina\u00e7\u00e3o: Um espa\u00e7o bem iluminado ajuda a criar uma melhor qualidade de v\u00eddeo e aumenta a confian\u00e7a do usu\u00e1rio.<\/li>\n<li>Mantenha-se calmo e gentil: As conversas s\u00e3o mais tranquilas quando voc\u00ea \u00e9 amig\u00e1vel e paciente, mesmo com estranhos.<\/li>\n<\/ul>\n<h2>Solu\u00e7\u00e3o de problemas comuns do OmeTV<\/h2>\n<p>Aqui est\u00e3o as corre\u00e7\u00f5es para os problemas mais frequentes dos usu\u00e1rios:<\/p>\n<h3>A c\u00e2mera ou o microfone n\u00e3o funcionam<\/h3>\n<p>Certifique-se de que seu navegador ou aplicativo m\u00f3vel tenha permiss\u00e3o. Reinicie o navegador ou verifique as configura\u00e7\u00f5es no n\u00edvel do sistema operacional.<\/p>\n<h3>Banido sem aviso<\/h3>\n<p>A modera\u00e7\u00e3o do OmeTV pode ser rigorosa. Recorra por meio do site da empresa ou aguarde a expira\u00e7\u00e3o do banimento. Considere a possibilidade de usar uma rede diferente ou uma VPN.<\/p>\n<h3>Partidas repetitivas<\/h3>\n<p>Amplie suas configura\u00e7\u00f5es de pa\u00eds ou idioma. Filtros mais espec\u00edficos resultam em menos correspond\u00eancias.<\/p>\n<h3>O aplicativo trava<\/h3>\n<p>Verifique se o aplicativo est\u00e1 atualizado. Reinstale se necess\u00e1rio. Limpe o cache do aplicativo no Android.<\/p>\n<p>Com certeza. O OmeTV se destaca no aleat\u00f3rio <a href=\"https:\/\/tinychat.com\/pt-br\/chatroulette\/\">bate-papo<\/a> por todos os motivos certos: seguran\u00e7a, desempenho, acessibilidade multil\u00edngue e conveni\u00eancia m\u00f3vel. Ele foi criado para pessoas que querem conversas reais, n\u00e3o absurdas.<\/p>\n<p>Embora n\u00e3o possua recursos chamativos, como jogos ou f\u00f3runs de t\u00f3picos, ele oferece o que \u00e9 mais importante: chats de v\u00eddeo globais, instant\u00e2neos e limpos, com um sistema de modera\u00e7\u00e3o confi\u00e1vel.<\/p>\n<p>Se voc\u00ea est\u00e1 procurando fazer novos amigos, explorar culturas ou apenas desfrutar de uma experi\u00eancia espont\u00e2nea, n\u00e3o importa. <a href=\"https:\/\/tinychat.com\/pt-br\/chatroulette\/\">bate-papo<\/a>O OmeTV oferece uma experi\u00eancia inteligente, segura e envolvente, especialmente em compara\u00e7\u00e3o com a natureza selvagem das plataformas mais antigas.<\/p>\n<p>Portanto, se voc\u00ea estiver pronto para conhecer algu\u00e9m novo, experimente o OmeTV. Nunca se sabe quem voc\u00ea poder\u00e1 conhecer.<\/p>","protected":false},"excerpt":{"rendered":"<p>OmeTV has emerged as a leading choice for users who want real-time conversations with strangers\u2014without sacrificing safety, privacy, or quality. While many platforms, including the legendary Omegle and Chatroulette, popularized the idea of random chats, OmeTV has taken this concept and added the polish, moderation, and modern mobile support today\u2019s users expect. OmeTV isn\u2019t about [&hellip;]<\/p>\n","protected":false},"author":6,"featured_media":0,"parent":0,"menu_order":0,"comment_status":"closed","ping_status":"closed","template":"","meta":{"footnotes":""},"class_list":["post-881","page","type-page","status-publish","hentry"],"yoast_head":"<!-- This site is optimized with the Yoast SEO plugin v27.5 - https:\/\/yoast.com\/product\/yoast-seo-wordpress\/ -->\n<title>OmeTV - Omegle Random Chat Alternative on TinyChat.com<\/title>\n<meta name=\"description\" content=\"Enjoying OmeTV? Join over 50,000,000 strangers on TinyChat! Turn on your cam and start meeting new people, or find a match.\" \/>\n<meta name=\"robots\" content=\"index, follow, max-snippet:-1, max-image-preview:large, max-video-preview:-1\" \/>\n<link rel=\"canonical\" href=\"https:\/\/tinychat.com\/pt-br\/ometv\/\" \/>\n<meta property=\"og:locale\" content=\"pt_BR\" \/>\n<meta property=\"og:type\" content=\"article\" \/>\n<meta property=\"og:title\" content=\"OmeTV - Omegle Random Chat Alternative on TinyChat.com\" \/>\n<meta property=\"og:description\" content=\"Enjoying OmeTV? Join over 50,000,000 strangers on TinyChat! Turn on your cam and start meeting new people, or find a match.\" \/>\n<meta property=\"og:url\" content=\"https:\/\/tinychat.com\/pt-br\/ometv\/\" \/>\n<meta property=\"og:site_name\" content=\"TinyChat\" \/>\n<meta property=\"article:publisher\" content=\"https:\/\/www.facebook.com\/tinychat\" \/>\n<meta property=\"article:modified_time\" content=\"2025-06-12T08:27:21+00:00\" \/>\n<meta property=\"og:image\" content=\"https:\/\/tinychat.com\/wp-content\/uploads\/2020\/04\/Tinychat-logo-1280x284-new-black.png\" \/>\n\t<meta property=\"og:image:width\" content=\"1280\" \/>\n\t<meta property=\"og:image:height\" content=\"284\" \/>\n\t<meta property=\"og:image:type\" content=\"image\/png\" \/>\n<meta name=\"twitter:card\" content=\"summary_large_image\" \/>\n<meta name=\"twitter:site\" content=\"@tinychat\" \/>\n<meta name=\"twitter:label1\" content=\"Est. tempo de leitura\" \/>\n\t<meta name=\"twitter:data1\" content=\"8 minutos\" \/>\n<script type=\"application\/ld+json\" class=\"yoast-schema-graph\">{\"@context\":\"https:\\\/\\\/schema.org\",\"@graph\":[{\"@type\":\"WebPage\",\"@id\":\"https:\\\/\\\/tinychat.com\\\/ometv\\\/\",\"url\":\"https:\\\/\\\/tinychat.com\\\/ometv\\\/\",\"name\":\"OmeTV - Omegle Random Chat Alternative on TinyChat.com\",\"isPartOf\":{\"@id\":\"https:\\\/\\\/tinychat.com\\\/#website\"},\"datePublished\":\"2024-12-02T17:15:37+00:00\",\"dateModified\":\"2025-06-12T08:27:21+00:00\",\"description\":\"Enjoying OmeTV? Join over 50,000,000 strangers on TinyChat! Turn on your cam and start meeting new people, or find a match.\",\"breadcrumb\":{\"@id\":\"https:\\\/\\\/tinychat.com\\\/ometv\\\/#breadcrumb\"},\"inLanguage\":\"pt-BR\",\"potentialAction\":[{\"@type\":\"ReadAction\",\"target\":[\"https:\\\/\\\/tinychat.com\\\/ometv\\\/\"]}]},{\"@type\":\"BreadcrumbList\",\"@id\":\"https:\\\/\\\/tinychat.com\\\/ometv\\\/#breadcrumb\",\"itemListElement\":[{\"@type\":\"ListItem\",\"position\":1,\"name\":\"Home\",\"item\":\"https:\\\/\\\/tinychat.com\\\/\"},{\"@type\":\"ListItem\",\"position\":2,\"name\":\"OmeTV\"}]},{\"@type\":\"WebSite\",\"@id\":\"https:\\\/\\\/tinychat.com\\\/#website\",\"url\":\"https:\\\/\\\/tinychat.com\\\/\",\"name\":\"TinyChat\",\"description\":\"Random Video Chat with Strangers\",\"publisher\":{\"@id\":\"https:\\\/\\\/tinychat.com\\\/#organization\"},\"alternateName\":\"TinyChat.com\",\"potentialAction\":[{\"@type\":\"SearchAction\",\"target\":{\"@type\":\"EntryPoint\",\"urlTemplate\":\"https:\\\/\\\/tinychat.com\\\/?s={search_term_string}\"},\"query-input\":{\"@type\":\"PropertyValueSpecification\",\"valueRequired\":true,\"valueName\":\"search_term_string\"}}],\"inLanguage\":\"pt-BR\"},{\"@type\":\"Organization\",\"@id\":\"https:\\\/\\\/tinychat.com\\\/#organization\",\"name\":\"TinyChat\",\"alternateName\":\"TinyChat.com\",\"url\":\"https:\\\/\\\/tinychat.com\\\/\",\"logo\":{\"@type\":\"ImageObject\",\"inLanguage\":\"pt-BR\",\"@id\":\"https:\\\/\\\/tinychat.com\\\/#\\\/schema\\\/logo\\\/image\\\/\",\"url\":\"https:\\\/\\\/tinychat.com\\\/wp-content\\\/uploads\\\/2023\\\/11\\\/Tinychat-icon-square.png\",\"contentUrl\":\"https:\\\/\\\/tinychat.com\\\/wp-content\\\/uploads\\\/2023\\\/11\\\/Tinychat-icon-square.png\",\"width\":284,\"height\":284,\"caption\":\"TinyChat\"},\"image\":{\"@id\":\"https:\\\/\\\/tinychat.com\\\/#\\\/schema\\\/logo\\\/image\\\/\"},\"sameAs\":[\"https:\\\/\\\/www.facebook.com\\\/tinychat\",\"https:\\\/\\\/x.com\\\/tinychat\"]}]}<\/script>\n<!-- \/ Yoast SEO plugin. -->","yoast_head_json":{"title":"OmeTV - Omegle Random Chat Alternative em TinyChat.com","description":"Est\u00e1 gostando do OmeTV? Junte-se a mais de 50.000.000 de estranhos no TinyChat! Ligue sua c\u00e2mera e comece a conhecer novas pessoas ou encontre um par.","robots":{"index":"index","follow":"follow","max-snippet":"max-snippet:-1","max-image-preview":"max-image-preview:large","max-video-preview":"max-video-preview:-1"},"canonical":"https:\/\/tinychat.com\/pt-br\/ometv\/","og_locale":"pt_BR","og_type":"article","og_title":"OmeTV - Omegle Random Chat Alternative on TinyChat.com","og_description":"Enjoying OmeTV? Join over 50,000,000 strangers on TinyChat! Turn on your cam and start meeting new people, or find a match.","og_url":"https:\/\/tinychat.com\/pt-br\/ometv\/","og_site_name":"TinyChat","article_publisher":"https:\/\/www.facebook.com\/tinychat","article_modified_time":"2025-06-12T08:27:21+00:00","og_image":[{"width":1280,"height":284,"url":"https:\/\/tinychat.com\/wp-content\/uploads\/2020\/04\/Tinychat-logo-1280x284-new-black.png","type":"image\/png"}],"twitter_card":"summary_large_image","twitter_site":"@tinychat","twitter_misc":{"Est. tempo de leitura":"8 minutos"},"schema":{"@context":"https:\/\/schema.org","@graph":[{"@type":"WebPage","@id":"https:\/\/tinychat.com\/ometv\/","url":"https:\/\/tinychat.com\/ometv\/","name":"OmeTV - Omegle Random Chat Alternative em TinyChat.com","isPartOf":{"@id":"https:\/\/tinychat.com\/#website"},"datePublished":"2024-12-02T17:15:37+00:00","dateModified":"2025-06-12T08:27:21+00:00","description":"Est\u00e1 gostando do OmeTV? Junte-se a mais de 50.000.000 de estranhos no TinyChat! Ligue sua c\u00e2mera e comece a conhecer novas pessoas ou encontre um par.","breadcrumb":{"@id":"https:\/\/tinychat.com\/ometv\/#breadcrumb"},"inLanguage":"pt-BR","potentialAction":[{"@type":"ReadAction","target":["https:\/\/tinychat.com\/ometv\/"]}]},{"@type":"BreadcrumbList","@id":"https:\/\/tinychat.com\/ometv\/#breadcrumb","itemListElement":[{"@type":"ListItem","position":1,"name":"Home","item":"https:\/\/tinychat.com\/"},{"@type":"ListItem","position":2,"name":"OmeTV"}]},{"@type":"WebSite","@id":"https:\/\/tinychat.com\/#website","url":"https:\/\/tinychat.com\/","name":"TinyChat","description":"Bate-papo por v\u00eddeo aleat\u00f3rio com estranhos","publisher":{"@id":"https:\/\/tinychat.com\/#organization"},"alternateName":"TinyChat.com","potentialAction":[{"@type":"SearchAction","target":{"@type":"EntryPoint","urlTemplate":"https:\/\/tinychat.com\/?s={search_term_string}"},"query-input":{"@type":"PropertyValueSpecification","valueRequired":true,"valueName":"search_term_string"}}],"inLanguage":"pt-BR"},{"@type":"Organization","@id":"https:\/\/tinychat.com\/#organization","name":"TinyChat","alternateName":"TinyChat.com","url":"https:\/\/tinychat.com\/","logo":{"@type":"ImageObject","inLanguage":"pt-BR","@id":"https:\/\/tinychat.com\/#\/schema\/logo\/image\/","url":"https:\/\/tinychat.com\/wp-content\/uploads\/2023\/11\/Tinychat-icon-square.png","contentUrl":"https:\/\/tinychat.com\/wp-content\/uploads\/2023\/11\/Tinychat-icon-square.png","width":284,"height":284,"caption":"TinyChat"},"image":{"@id":"https:\/\/tinychat.com\/#\/schema\/logo\/image\/"},"sameAs":["https:\/\/www.facebook.com\/tinychat","https:\/\/x.com\/tinychat"]}]}},"_links":{"self":[{"href":"https:\/\/tinychat.com\/pt-br\/wp-json\/wp\/v2\/pages\/881","targetHints":{"allow":["GET"]}}],"collection":[{"href":"https:\/\/tinychat.com\/pt-br\/wp-json\/wp\/v2\/pages"}],"about":[{"href":"https:\/\/tinychat.com\/pt-br\/wp-json\/wp\/v2\/types\/page"}],"author":[{"embeddable":true,"href":"https:\/\/tinychat.com\/pt-br\/wp-json\/wp\/v2\/users\/6"}],"replies":[{"embeddable":true,"href":"https:\/\/tinychat.com\/pt-br\/wp-json\/wp\/v2\/comments?post=881"}],"version-history":[{"count":2,"href":"https:\/\/tinychat.com\/pt-br\/wp-json\/wp\/v2\/pages\/881\/revisions"}],"predecessor-version":[{"id":13174,"href":"https:\/\/tinychat.com\/pt-br\/wp-json\/wp\/v2\/pages\/881\/revisions\/13174"}],"wp:attachment":[{"href":"https:\/\/tinychat.com\/pt-br\/wp-json\/wp\/v2\/media?parent=881"}],"curies":[{"name":"wp","href":"https:\/\/api.w.org\/{rel}","templated":true}]}}