{"id":8857,"date":"2021-11-11T13:53:57","date_gmt":"2021-11-11T11:53:57","guid":{"rendered":"https:\/\/tinychat.com\/?page_id=8857"},"modified":"2025-07-16T14:57:09","modified_gmt":"2025-07-16T12:57:09","slug":"teen-chat","status":"publish","type":"page","link":"https:\/\/tinychat.com\/pt-br\/teen-chat\/","title":{"rendered":"Bate-papo com adolescentes"},"content":{"rendered":"<p>No mundo digital de hoje, o bate-papo para adolescentes tornou-se uma das maneiras mais populares e empolgantes para os jovens conhecerem novos amigos, compartilharem hist\u00f3rias, obterem conselhos e simplesmente se divertirem - tudo no conforto de casa. Se voc\u00ea est\u00e1 procurando um lugar para falar sobre seus interesses, participar de bate-papos em grupo ou at\u00e9 mesmo tentar um bate-papo por v\u00eddeo seguro com outros adolescentes, h\u00e1 uma sala de bate-papo ou um aplicativo para voc\u00ea.<\/p>\n<p>Mas, por mais que o bate-papo com adolescentes possa ser incr\u00edvel para fazer conex\u00f5es, \u00e9 importante saber onde ir, o que esperar e como se manter seguro. Este guia aborda tudo o que voc\u00ea precisa saber: os melhores sites e aplicativos gratuitos de bate-papo para adolescentes, por que os adolescentes adoram conversar on-line, como encontrar seu p\u00fablico e dicas inteligentes para garantir que sua experi\u00eancia seja sempre positiva.<\/p>\n<h2>O que \u00e9 o Teen Chat e por que ele \u00e9 t\u00e3o popular?<\/h2>\n<p>O bate-papo para adolescentes \u00e9 qualquer servi\u00e7o de bate-papo on-line - texto, voz ou v\u00eddeo - em que os adolescentes podem se conectar e conversar com outras pessoas da mesma idade. Diferentemente da m\u00eddia social tradicional, em que voc\u00ea conversa principalmente com pessoas que j\u00e1 conhece, as salas e os aplicativos de bate-papo para adolescentes permitem que voc\u00ea conhe\u00e7a estranhos, participe de grupos e converse abertamente sobre o que quiser.<\/p>\n<p>Por que ele \u00e9 t\u00e3o popular?<\/p>\n<ul>\n<li>\u00c9 instant\u00e2neo e f\u00e1cil: voc\u00ea n\u00e3o precisa de muitos seguidores ou amigos para entrar em um chat e come\u00e7ar a conversar.<\/li>\n<li>Conhe\u00e7a novas pessoas: Conecte-se com adolescentes de sua escola, cidade, pa\u00eds ou at\u00e9 mesmo do outro lado do mundo.<\/li>\n<li>Encontre sua comunidade: H\u00e1 salas e servidores para todos os interesses - m\u00fasica, jogos, arte, esportes, sa\u00fade mental, suporte LGBTQ+ e muito mais.<\/li>\n<li>Seja voc\u00ea mesmo: Voc\u00ea pode compartilhar o m\u00e1ximo ou o m\u00ednimo que quiser e, \u00e0s vezes, \u00e9 mais f\u00e1cil se abrir com pessoas que voc\u00ea ainda n\u00e3o conhece.<\/li>\n<\/ul>\n<p>Quer voc\u00ea seja t\u00edmido ou extrovertido, introvertido ou extrovertido, h\u00e1 um lugar para todos no mundo do bate-papo para adolescentes.<\/p>\n<h2>Tipos de bate-papo para adolescentes: Texto, voz e v\u00eddeo<\/h2>\n<p>Quando as pessoas falam sobre bate-papo com adolescentes, geralmente se referem a um (ou mais) desses formatos:<\/p>\n<ul>\n<li>Salas de bate-papo por texto: A maneira mais cl\u00e1ssica de se conectar. Basta digitar e enviar mensagens em uma sala p\u00fablica ou DM privada.<\/li>\n<li>Bate-papo por voz: Participe de chamadas em grupo ou bate-papos de voz privados para uma conversa real.<\/li>\n<li>Bate-papo com v\u00eddeo para adolescentes: Algumas plataformas oferecem bate-papo por v\u00eddeo seguro para adolescentes, acrescentando uma sensa\u00e7\u00e3o mais \"real\" \u00e0s amizades on-line.<\/li>\n<li>Salas de bate-papo tem\u00e1ticas: Encontre espa\u00e7os focados em t\u00f3picos espec\u00edficos, jogos, m\u00fasica, conselhos ou \u00e1reas locais.<\/li>\n<\/ul>\n<p>A maioria das plataformas oferece uma combina\u00e7\u00e3o, permitindo que voc\u00ea comece com texto e experimente voz ou v\u00eddeo quando se sentir confort\u00e1vel.<\/p>\n<h2>Melhores aplicativos e salas de bate-papo gr\u00e1tis para adolescentes<\/h2>\n<p>Procurando um lugar para conversar com seguran\u00e7a e conhecer pessoas de sua idade? Aqui est\u00e3o algumas das op\u00e7\u00f5es mais confi\u00e1veis e populares para bate-papo gratuito com adolescentes:<\/p>\n<h3>1. Teen Chat (teen-chat.org)<\/h3>\n<p>Uma das salas de bate-papo on-line originais para adolescentes, essa plataforma oferece salas moderadas para idades de 13 a 19 anos. H\u00e1 salas tem\u00e1ticas para conselhos, jogos, m\u00fasica e muito mais. N\u00e3o \u00e9 necess\u00e1rio se registrar, mas os moderadores s\u00e3o ativos para manter as coisas seguras.<\/p>\n<h3>2. Disc\u00f3rdia (servidores para adolescentes)<\/h3>\n<p>O Discord \u00e9 o melhor aplicativo de bate-papo da comunidade. Procure servidores \"teen\" verificados - moderados por adultos e colegas adolescentes, com regras r\u00edgidas de idade e salas privadas. Voc\u00ea pode entrar com um link de convite e encontrar grupos para quase todos os interesses.<\/p>\n<h3>3. Amino<\/h3>\n<p>Um aplicativo social com centenas de comunidades (chamadas \"Aminos\"), incluindo muitas para adolescentes. Apresenta bate-papo por texto, f\u00f3runs de grupo e compartilhamento de multim\u00eddia. Algumas s\u00e3o p\u00fablicas, enquanto outras s\u00e3o somente para convidados ou privadas.<\/p>\n<h3>4. Chat Avenue (Sala de bate-papo para adolescentes)<\/h3>\n<p>Um site de bate-papo bem conhecido com uma sala dedicada e moderada para adolescentes. As regras s\u00e3o claras e rigorosamente aplicadas - \u00f3timo para bate-papos em grupo ou para conhecer pessoas individualmente.<\/p>\n<h3>5. Telegram e Kik (grupos de adolescentes)<\/h3>\n<p>Embora n\u00e3o sejam espec\u00edficos para adolescentes, ambos os aplicativos t\u00eam comunidades grandes e ativas de adolescentes. Sempre use grupos p\u00fablicos e evite compartilhar informa\u00e7\u00f5es pessoais nas mensagens diretas.<\/p>\n<h3>6. Chats em grupo do Snapchat<\/h3>\n<p>O Snapchat \u00e9 geralmente usado para bater papo com amigos, mas h\u00e1 grupos p\u00fablicos e recursos de compartilhamento de hist\u00f3rias que permitem encontrar novas pessoas com interesses em comum.<\/p>\n<blockquote><p>Observa\u00e7\u00e3o: Sempre verifique a reputa\u00e7\u00e3o de seguran\u00e7a e as pr\u00e1ticas de modera\u00e7\u00e3o atuais de qualquer aplicativo que voc\u00ea usa.<\/p><\/blockquote>\n<h2>Por que os adolescentes adoram bater papo on-line?<\/h2>\n<ul>\n<li>Liberdade para se expressar: \u00c0s vezes, \u00e9 mais f\u00e1cil se abrir on-line, especialmente se voc\u00ea estiver se sentindo t\u00edmido ou diferente.<\/li>\n<li>Apoio e aconselhamento: Os amigos on-line podem ser uma grande fonte de incentivo em momentos dif\u00edceis - muitos adolescentes dizem que encontraram apoio emocional por meio do bate-papo.<\/li>\n<li>Interesses compartilhados: Encontre pessoas que realmente \"entendam\" suas m\u00fasicas, animes, jogos ou experi\u00eancias de vida favoritas.<\/li>\n<li>Aprenda sobre o mundo: Conhe\u00e7a adolescentes de outros pa\u00edses, aprenda sobre novas culturas e fa\u00e7a amigos em n\u00edvel global.<\/li>\n<li>Sem press\u00e3o: se voc\u00ea n\u00e3o se sentir \u00e0 vontade com algu\u00e9m, basta sair do bate-papo e tentar outra sala.<\/li>\n<\/ul>\n<h2>Como come\u00e7ar a usar o Teen Chat Online<\/h2>\n<p>\u00c9 simples, mas h\u00e1 algumas coisas que voc\u00ea deve ter em mente para ter uma experi\u00eancia segura e positiva:<\/p>\n<ol>\n<li>Escolha uma plataforma respeit\u00e1vel. Evite sites ou aplicativos com registros de seguran\u00e7a ruins ou sem modera\u00e7\u00e3o.<\/li>\n<li>Crie um apelido ou nome de usu\u00e1rio. N\u00e3o use seu nome verdadeiro. Escolha algo divertido ou exclusivo.<\/li>\n<li>Defina sua idade ou entre em salas adequadas \u00e0 idade. A maioria dos sites permite que voc\u00ea especifique sua faixa et\u00e1ria.<\/li>\n<li>Leia as regras. Cada bate-papo tem diretrizes - leia-as para evitar ser banido e para manter todos seguros.<\/li>\n<li>Comece com o bate-papo p\u00fablico. Mensagens privadas s\u00e3o boas, mas sempre se sinta confort\u00e1vel primeiro e confie em seus instintos.<\/li>\n<\/ol>\n<p>Se estiver pronto, basta entrar em uma sala de bate-papo, apresentar-se e come\u00e7ar a conversar!<\/p>\n<h2>Como se manter seguro em salas de bate-papo e aplicativos para adolescentes<\/h2>\n<p>A seguran\u00e7a vem em primeiro lugar, sempre. Veja como se proteger ao fazer amigos:<\/p>\n<ul>\n<li>Nunca compartilhe seu nome verdadeiro, endere\u00e7o, escola, n\u00famero de telefone ou m\u00eddia social com estranhos.<\/li>\n<li>N\u00e3o envie fotos ou v\u00eddeos particulares. Mesmo que algu\u00e9m pare\u00e7a confi\u00e1vel.<\/li>\n<li>Evite conhecer pessoas na vida real, a menos que tenha um dos pais ou um adulto de confian\u00e7a com voc\u00ea.<\/li>\n<li>Cuidado com hist\u00f3rias \"boas demais para serem verdadeiras\" - algumas pessoas podem mentir ou exagerar on-line.<\/li>\n<li>Denuncie e bloqueie qualquer pessoa que o deixe desconfort\u00e1vel. Os moderadores est\u00e3o \u00e0 disposi\u00e7\u00e3o para ajudar.<\/li>\n<li>Converse com um pai ou adulto se voc\u00ea se sentir pressionado ou preocupado com algo on-line.<\/li>\n<\/ul>\n<p>Muitos aplicativos oferecem recursos de den\u00fancia e bloqueio - use-os sempre que necess\u00e1rio.<\/p>\n<h2>Como encontrar a sala de bate-papo para adolescentes certa para voc\u00ea<\/h2>\n<ul>\n<li>Salas baseadas em interesses: Gosta de jogos, anime, m\u00fasica ou arte? Procure servidores tem\u00e1ticos ou salas de bate-papo dedicadas a seus interesses.<\/li>\n<li>Bate-papo local: Algumas plataformas oferecem salas baseadas em cidades ou pa\u00edses para que voc\u00ea possa conhecer pessoas pr\u00f3ximas a voc\u00ea (\u00f3timo para ajuda com a li\u00e7\u00e3o de casa ou conselhos locais).<\/li>\n<li>Grupos de apoio: Se estiver com dificuldades na escola, nos relacionamentos ou na sa\u00fade mental, procure chats ou linhas de apoio de colegas.<\/li>\n<li>Bate-papos em grupos pequenos: Se as salas grandes parecerem muito grandes, experimente grupos menores, somente para convidados, para ter uma comunidade mais pr\u00f3xima.<\/li>\n<\/ul>\n<p>Experimente at\u00e9 encontrar o ajuste certo - cada pessoa \u00e9 diferente!<\/p>\n<h2>Sobre o que se pode falar nas salas de bate-papo para adolescentes?<\/h2>\n<p>A melhor parte? Voc\u00ea pode falar sobre quase tudo, desde que siga as regras:<\/p>\n<ul>\n<li>M\u00fasica, filmes e programas de TV favoritos<\/li>\n<li>Dicas escolares e de estudo<\/li>\n<li>Dicas de vida, hist\u00f3rias engra\u00e7adas e memes<\/li>\n<li>Lidar com estresse, ansiedade ou dias dif\u00edceis<\/li>\n<li>Hobbies criativos - compartilhe suas realiza\u00e7\u00f5es art\u00edsticas, escritas ou em jogos<\/li>\n<li>Conselhos sobre amizades, namoro ou assuntos familiares<\/li>\n<li>Sonhos futuros, planos de viagem e experi\u00eancias interessantes<\/li>\n<\/ul>\n<p>N\u00e3o se preocupe se voc\u00ea for t\u00edmido no in\u00edcio. A maioria dos adolescentes fica um pouco nervosa quando come\u00e7a, mas fica mais f\u00e1cil quanto mais voc\u00ea conversa.<\/p>\n<h2>Bate-papo por v\u00eddeo para adolescentes: \u00c9 seguro?<\/h2>\n<p>Algumas plataformas oferecem bate-papo por v\u00eddeo para adolescentes para uma conex\u00e3o ainda mais real. Se voc\u00ea tentar, siga estas dicas:<\/p>\n<ul>\n<li>Use apenas aplicativos confi\u00e1veis e moderados.<\/li>\n<li>Mantenha o fundo de sua webcam privado (evite mostrar seu quarto, escola, etc.).<\/li>\n<li>N\u00e3o se sinta pressionado a ligar a c\u00e2mera se n\u00e3o se sentir \u00e0 vontade.<\/li>\n<li>Nunca grave ou compartilhe bate-papos fora da plataforma.<\/li>\n<li>Sempre informe imediatamente qualquer comportamento inadequado.<\/li>\n<\/ul>\n<p>O bate-papo por v\u00eddeo pode ser divertido e genu\u00edno, mas sempre coloque sua seguran\u00e7a e seu conforto em primeiro lugar.<\/p>\n<h2>Bate-papo para adolescentes vs. m\u00eddia social e outras op\u00e7\u00f5es<\/h2>\n<table>\n<thead>\n<tr>\n<th>Recurso<\/th>\n<th>Salas de bate-papo para adolescentes<\/th>\n<th>M\u00eddia social<\/th>\n<th>Chats em grupo<\/th>\n<th>Aplicativos de mensagens<\/th>\n<\/tr>\n<\/thead>\n<tbody>\n<tr>\n<td>Seguran\u00e7a com foco na idade<\/td>\n<td>\u2705<\/td>\n<td>\u274c<\/td>\n<td>\u274c<\/td>\n<td>\u274c<\/td>\n<\/tr>\n<tr>\n<td>Perfis an\u00f4nimos<\/td>\n<td>\u2705<\/td>\n<td>\u274c<\/td>\n<td>\u274c<\/td>\n<td>\u2705<\/td>\n<\/tr>\n<tr>\n<td>Correspond\u00eancia em tempo real<\/td>\n<td>\u2705<\/td>\n<td>\u274c<\/td>\n<td>\u2705<\/td>\n<td>\u2705<\/td>\n<\/tr>\n<tr>\n<td>Grupo ou individual<\/td>\n<td>\u2705<\/td>\n<td>\u2705<\/td>\n<td>\u2705<\/td>\n<td>\u2705<\/td>\n<\/tr>\n<tr>\n<td>Salas baseadas em interesses<\/td>\n<td>\u2705<\/td>\n<td>\u2705<\/td>\n<td>\u2705<\/td>\n<td>\u2705<\/td>\n<\/tr>\n<tr>\n<td>Modera\u00e7\u00e3o<\/td>\n<td>\u2705<\/td>\n<td>\u274c\/\u2705<\/td>\n<td>\u2705<\/td>\n<td>\u274c<\/td>\n<\/tr>\n<tr>\n<td>Uso gratuito<\/td>\n<td>\u2705<\/td>\n<td>\u2705<\/td>\n<td>\u2705<\/td>\n<td>\u2705<\/td>\n<\/tr>\n<\/tbody>\n<\/table>\n<p>O bate-papo para adolescentes costuma ser mais seguro e mais acolhedor para conversas reais do que a m\u00eddia social em geral.<\/p>\n<h2>Para os pais: Ajudando seu filho adolescente a se manter seguro on-line<\/h2>\n<p>Se voc\u00ea \u00e9 pai ou m\u00e3e, \u00e9 natural que se sinta um pouco ansioso com o fato de seu filho conversar com estranhos. Conversas abertas sobre seguran\u00e7a on-line s\u00e3o fundamentais. Aqui est\u00e3o algumas dicas:<\/p>\n<ul>\n<li>Pergunte sobre os aplicativos que seu filho adolescente usa e por que ele gosta deles.<\/li>\n<li>Defina limites claros para o compartilhamento de informa\u00e7\u00f5es pessoais e fotos.<\/li>\n<li>Incentive seu filho adolescente a procur\u00e1-lo se ele se sentir desconfort\u00e1vel ou pressionado.<\/li>\n<li>Aprenda juntos sobre os recursos de relat\u00f3rio\/bloqueio.<\/li>\n<li>Mantenha computadores ou dispositivos em espa\u00e7os compartilhados, especialmente para adolescentes mais jovens.<\/li>\n<\/ul>\n<p>Quando os adolescentes sabem que voc\u00ea os apoia (e n\u00e3o apenas os controla), \u00e9 mais prov\u00e1vel que eles compartilhem suas preocupa\u00e7\u00f5es.<\/p>\n<p>O bate-papo para adolescentes \u00e9 mais do que apenas uma forma de passar o tempo on-line - \u00e9 uma chance de fazer amigos de verdade, encontrar apoio e aprender sobre si mesmo e sobre os outros. Se voc\u00ea gosta de bate-papos em grupo em ritmo acelerado, mensagens diretas tranquilas ou at\u00e9 mesmo chamadas de v\u00eddeo seguras, h\u00e1 uma plataforma perfeita para voc\u00ea.<\/p>\n<p>Lembre-se: divirta-se, seja gentil, seja inteligente e cuide de voc\u00ea e de seus amigos. A Internet est\u00e1 repleta de pessoas incr\u00edveis - seu pr\u00f3ximo melhor amigo, colega de estudo ou grupo favorito pode estar esperando por voc\u00ea na pr\u00f3xima sala de bate-papo.<\/p>\n<p>Pronto para experimentar? Entre em uma sala de bate-papo ou aplicativo gratuito para adolescentes hoje mesmo e veja quem voc\u00ea vai conhecer!<\/p>","protected":false},"excerpt":{"rendered":"<p>In today\u2019s digital world, teen chat has become one of the most popular and exciting ways for young people to meet new friends, share stories, get advice, and just have fun\u2014all from the comfort of home. Whether you\u2019re looking for a place to talk about your interests, join group chats, or even try safe video [&hellip;]<\/p>\n","protected":false},"author":8,"featured_media":0,"parent":0,"menu_order":0,"comment_status":"closed","ping_status":"closed","template":"","meta":{"footnotes":""},"class_list":["post-8857","page","type-page","status-publish","hentry"],"yoast_head":"<!-- This site is optimized with the Yoast SEO plugin v27.4 - https:\/\/yoast.com\/product\/yoast-seo-wordpress\/ -->\n<title>Teen Chat with Video Chat on TinyChat.com<\/title>\n<meta name=\"description\" content=\"Enjoying Teen Chat? Join over 50,000,000 strangers on TinyChat! Turn on your cam and start meeting new people, or find a match.\" \/>\n<meta name=\"robots\" content=\"index, follow, max-snippet:-1, max-image-preview:large, max-video-preview:-1\" \/>\n<link rel=\"canonical\" href=\"https:\/\/tinychat.com\/pt-br\/teen-chat\/\" \/>\n<meta property=\"og:locale\" content=\"pt_BR\" \/>\n<meta property=\"og:type\" content=\"article\" \/>\n<meta property=\"og:title\" content=\"Teen Chat with Video Chat on TinyChat.com\" \/>\n<meta property=\"og:description\" content=\"Enjoying Teen Chat? Join over 50,000,000 strangers on TinyChat! Turn on your cam and start meeting new people, or find a match.\" \/>\n<meta property=\"og:url\" content=\"https:\/\/tinychat.com\/pt-br\/teen-chat\/\" \/>\n<meta property=\"og:site_name\" content=\"TinyChat\" \/>\n<meta property=\"article:publisher\" content=\"https:\/\/www.facebook.com\/tinychat\" \/>\n<meta property=\"article:modified_time\" content=\"2025-07-16T12:57:09+00:00\" \/>\n<meta property=\"og:image\" content=\"https:\/\/tinychat.com\/wp-content\/uploads\/2020\/04\/Tinychat-logo-1280x284-new-black.png\" \/>\n\t<meta property=\"og:image:width\" content=\"1280\" \/>\n\t<meta property=\"og:image:height\" content=\"284\" \/>\n\t<meta property=\"og:image:type\" content=\"image\/png\" \/>\n<meta name=\"twitter:card\" content=\"summary_large_image\" \/>\n<meta name=\"twitter:site\" content=\"@tinychat\" \/>\n<meta name=\"twitter:label1\" content=\"Est. tempo de leitura\" \/>\n\t<meta name=\"twitter:data1\" content=\"7 minutos\" \/>\n<script type=\"application\/ld+json\" class=\"yoast-schema-graph\">{\"@context\":\"https:\\\/\\\/schema.org\",\"@graph\":[{\"@type\":\"WebPage\",\"@id\":\"https:\\\/\\\/tinychat.com\\\/teen-chat\\\/\",\"url\":\"https:\\\/\\\/tinychat.com\\\/teen-chat\\\/\",\"name\":\"Teen Chat with Video Chat on TinyChat.com\",\"isPartOf\":{\"@id\":\"https:\\\/\\\/tinychat.com\\\/#website\"},\"datePublished\":\"2021-11-11T11:53:57+00:00\",\"dateModified\":\"2025-07-16T12:57:09+00:00\",\"description\":\"Enjoying Teen Chat? Join over 50,000,000 strangers on TinyChat! Turn on your cam and start meeting new people, or find a match.\",\"breadcrumb\":{\"@id\":\"https:\\\/\\\/tinychat.com\\\/teen-chat\\\/#breadcrumb\"},\"inLanguage\":\"pt-BR\",\"potentialAction\":[{\"@type\":\"ReadAction\",\"target\":[\"https:\\\/\\\/tinychat.com\\\/teen-chat\\\/\"]}]},{\"@type\":\"BreadcrumbList\",\"@id\":\"https:\\\/\\\/tinychat.com\\\/teen-chat\\\/#breadcrumb\",\"itemListElement\":[{\"@type\":\"ListItem\",\"position\":1,\"name\":\"Home\",\"item\":\"https:\\\/\\\/tinychat.com\\\/\"},{\"@type\":\"ListItem\",\"position\":2,\"name\":\"Teen Chat\"}]},{\"@type\":\"WebSite\",\"@id\":\"https:\\\/\\\/tinychat.com\\\/#website\",\"url\":\"https:\\\/\\\/tinychat.com\\\/\",\"name\":\"TinyChat\",\"description\":\"Random Video Chat with Strangers\",\"publisher\":{\"@id\":\"https:\\\/\\\/tinychat.com\\\/#organization\"},\"alternateName\":\"TinyChat.com\",\"potentialAction\":[{\"@type\":\"SearchAction\",\"target\":{\"@type\":\"EntryPoint\",\"urlTemplate\":\"https:\\\/\\\/tinychat.com\\\/?s={search_term_string}\"},\"query-input\":{\"@type\":\"PropertyValueSpecification\",\"valueRequired\":true,\"valueName\":\"search_term_string\"}}],\"inLanguage\":\"pt-BR\"},{\"@type\":\"Organization\",\"@id\":\"https:\\\/\\\/tinychat.com\\\/#organization\",\"name\":\"TinyChat\",\"alternateName\":\"TinyChat.com\",\"url\":\"https:\\\/\\\/tinychat.com\\\/\",\"logo\":{\"@type\":\"ImageObject\",\"inLanguage\":\"pt-BR\",\"@id\":\"https:\\\/\\\/tinychat.com\\\/#\\\/schema\\\/logo\\\/image\\\/\",\"url\":\"https:\\\/\\\/tinychat.com\\\/wp-content\\\/uploads\\\/2023\\\/11\\\/Tinychat-icon-square.png\",\"contentUrl\":\"https:\\\/\\\/tinychat.com\\\/wp-content\\\/uploads\\\/2023\\\/11\\\/Tinychat-icon-square.png\",\"width\":284,\"height\":284,\"caption\":\"TinyChat\"},\"image\":{\"@id\":\"https:\\\/\\\/tinychat.com\\\/#\\\/schema\\\/logo\\\/image\\\/\"},\"sameAs\":[\"https:\\\/\\\/www.facebook.com\\\/tinychat\",\"https:\\\/\\\/x.com\\\/tinychat\"]}]}<\/script>\n<!-- \/ Yoast SEO plugin. -->","yoast_head_json":{"title":"Bate-papo para adolescentes com bate-papo por v\u00eddeo no TinyChat.com","description":"Est\u00e1 gostando do bate-papo para adolescentes? Junte-se a mais de 50.000.000 de estranhos no TinyChat! Ligue sua c\u00e2mera e comece a conhecer novas pessoas ou encontre um par.","robots":{"index":"index","follow":"follow","max-snippet":"max-snippet:-1","max-image-preview":"max-image-preview:large","max-video-preview":"max-video-preview:-1"},"canonical":"https:\/\/tinychat.com\/pt-br\/teen-chat\/","og_locale":"pt_BR","og_type":"article","og_title":"Teen Chat with Video Chat on TinyChat.com","og_description":"Enjoying Teen Chat? Join over 50,000,000 strangers on TinyChat! Turn on your cam and start meeting new people, or find a match.","og_url":"https:\/\/tinychat.com\/pt-br\/teen-chat\/","og_site_name":"TinyChat","article_publisher":"https:\/\/www.facebook.com\/tinychat","article_modified_time":"2025-07-16T12:57:09+00:00","og_image":[{"width":1280,"height":284,"url":"https:\/\/tinychat.com\/wp-content\/uploads\/2020\/04\/Tinychat-logo-1280x284-new-black.png","type":"image\/png"}],"twitter_card":"summary_large_image","twitter_site":"@tinychat","twitter_misc":{"Est. tempo de leitura":"7 minutos"},"schema":{"@context":"https:\/\/schema.org","@graph":[{"@type":"WebPage","@id":"https:\/\/tinychat.com\/teen-chat\/","url":"https:\/\/tinychat.com\/teen-chat\/","name":"Bate-papo para adolescentes com bate-papo por v\u00eddeo no TinyChat.com","isPartOf":{"@id":"https:\/\/tinychat.com\/#website"},"datePublished":"2021-11-11T11:53:57+00:00","dateModified":"2025-07-16T12:57:09+00:00","description":"Est\u00e1 gostando do bate-papo para adolescentes? Junte-se a mais de 50.000.000 de estranhos no TinyChat! Ligue sua c\u00e2mera e comece a conhecer novas pessoas ou encontre um par.","breadcrumb":{"@id":"https:\/\/tinychat.com\/teen-chat\/#breadcrumb"},"inLanguage":"pt-BR","potentialAction":[{"@type":"ReadAction","target":["https:\/\/tinychat.com\/teen-chat\/"]}]},{"@type":"BreadcrumbList","@id":"https:\/\/tinychat.com\/teen-chat\/#breadcrumb","itemListElement":[{"@type":"ListItem","position":1,"name":"Home","item":"https:\/\/tinychat.com\/"},{"@type":"ListItem","position":2,"name":"Teen Chat"}]},{"@type":"WebSite","@id":"https:\/\/tinychat.com\/#website","url":"https:\/\/tinychat.com\/","name":"TinyChat","description":"Bate-papo por v\u00eddeo aleat\u00f3rio com estranhos","publisher":{"@id":"https:\/\/tinychat.com\/#organization"},"alternateName":"TinyChat.com","potentialAction":[{"@type":"SearchAction","target":{"@type":"EntryPoint","urlTemplate":"https:\/\/tinychat.com\/?s={search_term_string}"},"query-input":{"@type":"PropertyValueSpecification","valueRequired":true,"valueName":"search_term_string"}}],"inLanguage":"pt-BR"},{"@type":"Organization","@id":"https:\/\/tinychat.com\/#organization","name":"TinyChat","alternateName":"TinyChat.com","url":"https:\/\/tinychat.com\/","logo":{"@type":"ImageObject","inLanguage":"pt-BR","@id":"https:\/\/tinychat.com\/#\/schema\/logo\/image\/","url":"https:\/\/tinychat.com\/wp-content\/uploads\/2023\/11\/Tinychat-icon-square.png","contentUrl":"https:\/\/tinychat.com\/wp-content\/uploads\/2023\/11\/Tinychat-icon-square.png","width":284,"height":284,"caption":"TinyChat"},"image":{"@id":"https:\/\/tinychat.com\/#\/schema\/logo\/image\/"},"sameAs":["https:\/\/www.facebook.com\/tinychat","https:\/\/x.com\/tinychat"]}]}},"_links":{"self":[{"href":"https:\/\/tinychat.com\/pt-br\/wp-json\/wp\/v2\/pages\/8857","targetHints":{"allow":["GET"]}}],"collection":[{"href":"https:\/\/tinychat.com\/pt-br\/wp-json\/wp\/v2\/pages"}],"about":[{"href":"https:\/\/tinychat.com\/pt-br\/wp-json\/wp\/v2\/types\/page"}],"author":[{"embeddable":true,"href":"https:\/\/tinychat.com\/pt-br\/wp-json\/wp\/v2\/users\/8"}],"replies":[{"embeddable":true,"href":"https:\/\/tinychat.com\/pt-br\/wp-json\/wp\/v2\/comments?post=8857"}],"version-history":[{"count":2,"href":"https:\/\/tinychat.com\/pt-br\/wp-json\/wp\/v2\/pages\/8857\/revisions"}],"predecessor-version":[{"id":13334,"href":"https:\/\/tinychat.com\/pt-br\/wp-json\/wp\/v2\/pages\/8857\/revisions\/13334"}],"wp:attachment":[{"href":"https:\/\/tinychat.com\/pt-br\/wp-json\/wp\/v2\/media?parent=8857"}],"curies":[{"name":"wp","href":"https:\/\/api.w.org\/{rel}","templated":true}]}}