{"id":9038,"date":"2025-08-14T09:37:31","date_gmt":"2025-08-14T07:37:31","guid":{"rendered":"https:\/\/tinychat.com\/?page_id=9038"},"modified":"2025-08-14T09:58:55","modified_gmt":"2025-08-14T07:58:55","slug":"free-online-chat","status":"publish","type":"page","link":"https:\/\/tinychat.com\/pt-br\/free-online-chat\/","title":{"rendered":"Chat on-line gratuito"},"content":{"rendered":"<p>Em uma era em que a maioria das plataformas sociais est\u00e1 vinculada a algoritmos, curtidas e rolagem intermin\u00e1vel, o bate-papo on-line gratuito oferece algo simples e refrescante: uma conversa real. Seja para passar o tempo, conhecer algu\u00e9m de outro pa\u00eds, compartilhar interesses ou apenas dizer ol\u00e1, essas plataformas de bate-papo oferecem acesso instant\u00e2neo a pessoas de todo o mundo.<\/p>\n<p>E o melhor de tudo? Voc\u00ea n\u00e3o precisa gastar um centavo ou baixar um software complicado para come\u00e7ar.<\/p>\n<h2>O que \u00e9 o bate-papo on-line gratuito?<\/h2>\n<p>O bate-papo on-line gratuito \u00e9 um servi\u00e7o que permite que voc\u00ea se conecte instantaneamente com outras pessoas por meio de texto, \u00e1udio ou v\u00eddeo - sem nenhum custo. O conceito \u00e9 simples: voc\u00ea entra em uma sala de bate-papo ou em uma conversa individual e come\u00e7a a conversar. Muitas plataformas n\u00e3o exigem inscri\u00e7\u00e3o, o que significa que voc\u00ea pode come\u00e7ar a conversar em segundos.<\/p>\n<p>Dependendo do site ou aplicativo, sua experi\u00eancia de bate-papo on-line gratuito pode assumir diferentes formas:<\/p>\n<ul>\n<li>Salas de bate-papo somente de texto - \u00f3timas para conversas r\u00e1pidas e an\u00f4nimas.<\/li>\n<li>Bate-papo por v\u00eddeo - Intera\u00e7\u00e3o face a face sem encontros presenciais.<\/li>\n<li>Bate-papo por voz - Perfeito se voc\u00ea prefere conversar sem usar uma c\u00e2mera.<\/li>\n<li>Espa\u00e7os de bate-papo em grupo - Participe de conversas sobre t\u00f3picos ou interesses espec\u00edficos.<\/li>\n<\/ul>\n<h2>Por que as pessoas escolhem o bate-papo on-line gratuito em vez da m\u00eddia social<\/h2>\n<p>A m\u00eddia social pode conectar bilh\u00f5es de pessoas, mas est\u00e1 longe de ser pessoal. O bate-papo on-line gratuito, por outro lado, \u00e9 uma conversa direta e em tempo real, sem a press\u00e3o de manter um perfil ou um n\u00famero de seguidores.<\/p>\n<p>Veja por que isso \u00e9 t\u00e3o atraente:<\/p>\n<ul>\n<li>Conex\u00e3o instant\u00e2nea - N\u00e3o \u00e9 preciso esperar que uma solicita\u00e7\u00e3o de amizade seja aceita.<\/li>\n<li>Sem algoritmo - As conversas acontecem em tempo real, n\u00e3o s\u00e3o filtradas por um feed.<\/li>\n<li>Privacidade - N\u00e3o h\u00e1 necessidade de revelar sua identidade se n\u00e3o quiser.<\/li>\n<li>Diversidade - Converse com pessoas de diferentes pa\u00edses, culturas e origens.<\/li>\n<li>Variedade - De bate-papo casual a discuss\u00f5es profundas, voc\u00ea define o tom.<\/li>\n<\/ul>\n<h2>Como funciona o bate-papo on-line gratuito<\/h2>\n<p>Come\u00e7ar \u00e9 mais f\u00e1cil do que voc\u00ea imagina. Este \u00e9 o processo t\u00edpico:<\/p>\n<ol>\n<li>Escolha uma plataforma - As op\u00e7\u00f5es variam de salas de bate-papo on-line gratuitas dedicadas a sites de bate-papo por v\u00eddeo, como TinyChat, Chatspin e CooMeet.<\/li>\n<li>Decida seu estilo - Voc\u00ea quer um bate-papo por texto, voz ou v\u00eddeo?<\/li>\n<li>Cadastre-se instantaneamente - Muitos sites n\u00e3o exigem registro - basta clicar em \"Start\" e voc\u00ea estar\u00e1 conectado.<\/li>\n<li>Envolver-se ou seguir em frente - Mantenha uma conversa de que goste ou mude para uma nova a qualquer momento.<\/li>\n<\/ol>\n<h2>Tipos de plataformas de bate-papo on-line gratuitas<\/h2>\n<p>Nem todos os servi\u00e7os de bate-papo on-line gratuitos s\u00e3o iguais. Aqui est\u00e3o os principais estilos:<\/p>\n<h3>1. Salas de bate-papo on-line gratuitas<\/h3>\n<p>S\u00e3o espa\u00e7os digitais em que v\u00e1rias pessoas podem digitar mensagens em tempo real. Eles podem ser abertos a todos ou focados em t\u00f3picos como m\u00fasica, jogos ou viagens.<\/p>\n<h3>2. Bate-papo on-line gratuito individual<\/h3>\n<p>Semelhante \u00e0s mensagens diretas, mas com estranhos. Pode ser somente de texto ou incluir v\u00eddeo e \u00e1udio.<\/p>\n<h3>3. Bate-papo aleat\u00f3rio gratuito<\/h3>\n<p>Uma maneira totalmente sem filtros de conhecer algu\u00e9m novo, geralmente combinando voc\u00ea com um usu\u00e1rio aleat\u00f3rio em qualquer lugar do mundo. Voc\u00ea pode pular e se conectar a uma nova pessoa instantaneamente.<\/p>\n<h3>4. Bate-papo por v\u00eddeo on-line gratuito<\/h3>\n<p>Para aqueles que preferem a comunica\u00e7\u00e3o face a face, as plataformas permitem conversas por v\u00eddeo ao vivo, sem necessidade de inscri\u00e7\u00e3o ou pagamento.<\/p>\n<h3>5. Plataformas de bate-papo de nicho<\/h3>\n<p>Alguns servi\u00e7os de bate-papo se concentram em comunidades espec\u00edficas, como jogadores, solteiros ou estudantes de idiomas.<\/p>\n<h2>TinyChat: uma op\u00e7\u00e3o de destaque para o bate-papo on-line gratuito<\/h2>\n<p>Embora existam dezenas de plataformas, a TinyChat \u00e9 uma que oferece consistentemente uma variedade de experi\u00eancias de bate-papo de maneira f\u00e1cil de usar.<\/p>\n<p>Por que vale a pena experimentar:<\/p>\n<ul>\n<li>Participe sem se registrar - Entre imediatamente em uma sala p\u00fablica.<\/li>\n<li>V\u00e1rios formatos de bate-papo - V\u00eddeo, \u00e1udio e texto est\u00e3o dispon\u00edveis.<\/li>\n<li>Salas baseadas em t\u00f3picos - Encontre espa\u00e7os para namoro, m\u00fasica, pol\u00edtica ou encontros em geral.<\/li>\n<li>Crie sua pr\u00f3pria sala - Organize uma conversa particular ou convide outras pessoas.<\/li>\n<li>Funciona em qualquer dispositivo - Use-o em seu navegador ou por meio do aplicativo para iOS\/Android.<\/li>\n<\/ul>\n<p>Se voc\u00ea deseja um equil\u00edbrio entre bate-papo aleat\u00f3rio e conversas estruturadas com base em interesses, o TinyChat \u00e9 uma \u00f3tima op\u00e7\u00e3o.<\/p>\n<h2>Como se manter seguro ao usar o bate-papo on-line gratuito<\/h2>\n<p>Embora a maioria das pessoas use esses servi\u00e7os de forma respeitosa, \u00e9 importante manter a seguran\u00e7a em mente, especialmente ao conversar com estranhos.<\/p>\n<ul>\n<li>Mantenha seus dados privados - Evite compartilhar seu endere\u00e7o, n\u00famero de telefone ou local de trabalho.<\/li>\n<li>Use um apelido - Mantenha-se an\u00f4nimo at\u00e9 se sentir \u00e0 vontade para revelar mais.<\/li>\n<li>Controle sua c\u00e2mera - Preste aten\u00e7\u00e3o ao que est\u00e1 vis\u00edvel no plano de fundo.<\/li>\n<li>Encerre imediatamente as conversas indesejadas - N\u00e3o hesite em sair de uma conversa que pare\u00e7a errada.<\/li>\n<li>Denuncie mau comportamento - A maioria das plataformas tem um sistema de den\u00fancia f\u00e1cil.<\/li>\n<\/ul>\n<h2>Quem usa o bate-papo on-line gratuito?<\/h2>\n<p>Um dos aspectos fascinantes das salas de bate-papo on-line gratuitas \u00e9 a diversidade de pessoas que voc\u00ea pode conhecer. Voc\u00ea pode se conectar com:<\/p>\n<ul>\n<li>Alunos que desejam praticar um segundo idioma.<\/li>\n<li>Viajantes compartilhando dicas e hist\u00f3rias.<\/li>\n<li>Solteiros em busca de conversa casual ou namoro.<\/li>\n<li>Pessoas que trabalham em casa e querem intera\u00e7\u00e3o social.<\/li>\n<li>Hobbyists discutindo seus passatempos favoritos.<\/li>\n<\/ul>\n<h2>Benef\u00edcios do bate-papo on-line gratuito<\/h2>\n<p>H\u00e1 um motivo pelo qual as pessoas continuam voltando \u00e0s plataformas de bate-papo on-line gratuito. Algumas das principais vantagens incluem:<\/p>\n<ul>\n<li>Acessibilidade - N\u00e3o s\u00e3o necess\u00e1rias taxas ou equipamentos caros.<\/li>\n<li>Velocidade - Voc\u00ea pode come\u00e7ar a conversar em segundos.<\/li>\n<li>Flexibilidade - Participe por alguns minutos ou permane\u00e7a por horas.<\/li>\n<li>Baixa press\u00e3o - N\u00e3o h\u00e1 obriga\u00e7\u00e3o de manter contato se voc\u00ea n\u00e3o quiser.<\/li>\n<li>Serendipidade - Cada bate-papo \u00e9 diferente; voc\u00ea nunca sabe quem vai encontrar.<\/li>\n<\/ul>\n<h2>Chat on-line gratuito vs. servi\u00e7os de chat pagos<\/h2>\n<p>As plataformas de bate-papo pagas \u00e0s vezes oferecem mais op\u00e7\u00f5es de filtragem, recursos avan\u00e7ados ou ambientes sem an\u00fancios. Mas, para muitas pessoas, os sites de bate-papo gratuitos s\u00e3o mais do que suficientes.<\/p>\n<table>\n<thead>\n<tr>\n<th>Recurso<\/th>\n<th>Chat on-line gratuito<\/th>\n<th>Servi\u00e7os de bate-papo pagos<\/th>\n<\/tr>\n<\/thead>\n<tbody>\n<tr>\n<td>Custo<\/td>\n<td>\u2705 Gr\u00e1tis<\/td>\n<td>Assinatura<\/td>\n<\/tr>\n<tr>\n<td>Acesso instant\u00e2neo<\/td>\n<td>\u2705 Sim<\/td>\n<td>\u26a0\ufe0f Sometimes limited<\/td>\n<\/tr>\n<tr>\n<td>Alcance global<\/td>\n<td>\u2705 Sim<\/td>\n<td>\u2705 Sim<\/td>\n<\/tr>\n<tr>\n<td>Filtros de interesse<\/td>\n<td>\u26a0\ufe0f Limited<\/td>\n<td>Extensivo<\/td>\n<\/tr>\n<tr>\n<td>Sem compromisso<\/td>\n<td>\u2705 Sim<\/td>\n<td>\u26a0\ufe0f Normalmente requer registro<\/td>\n<\/tr>\n<\/tbody>\n<\/table>\n<h2>Dicas para uma \u00f3tima experi\u00eancia de bate-papo on-line gratuito<\/h2>\n<p>Quer tirar o m\u00e1ximo proveito de suas sess\u00f5es de bate-papo on-line gratuitas? Aqui est\u00e3o algumas dicas:<\/p>\n<ul>\n<li>Seja educado e respeitoso - Isso d\u00e1 o tom para conversas melhores.<\/li>\n<li>Use tags de interesse - Elas ajudam a encontrar pessoas que compartilham seus hobbies.<\/li>\n<li>Experimente hor\u00e1rios diferentes - Voc\u00ea conhecer\u00e1 tipos diferentes de pessoas dependendo da hora.<\/li>\n<li>N\u00e3o leve isso muito a s\u00e9rio - entre com a mente aberta e divirta-se.<\/li>\n<li>Esteja pronto para pular - Nem todo bate-papo ser\u00e1 envolvente, e n\u00e3o h\u00e1 problema nisso.<\/li>\n<\/ul>\n<h2>Por que o bate-papo on-line gratuito veio para ficar<\/h2>\n<p>Em uma \u00e9poca em que muitas plataformas on-line t\u00eam como objetivo criar p\u00fablicos ou vender an\u00fancios, o bate-papo on-line gratuito se concentra naquilo em que a Internet era originalmente excelente: conectar pessoas. Sem algoritmos que controlam quem voc\u00ea encontra e sem custos que o impe\u00e7am, \u00e9 uma maneira f\u00e1cil e agrad\u00e1vel de compartilhar um momento com algu\u00e9m novo.<\/p>\n<p>Se voc\u00ea estiver a fim de uma conversa casual, uma discuss\u00e3o profunda ou apenas quiser passar o tempo com estranhos amig\u00e1veis, sempre haver\u00e1 uma sala de bate-papo ou uma conversa ao vivo esperando por voc\u00ea.<\/p>\n<p>O bate-papo on-line gratuito \u00e9 uma das maneiras mais simples, r\u00e1pidas e acess\u00edveis de se conectar com pessoas de todo o mundo. Independentemente de voc\u00ea escolher uma sala de bate-papo baseada em texto, uma conversa individual por v\u00eddeo ou uma discuss\u00e3o em grupo sobre seu hobby favorito, voc\u00ea pode come\u00e7ar a conversar instantaneamente, sem cart\u00e3o de cr\u00e9dito, sem downloads, sem complica\u00e7\u00f5es.<\/p>\n<p>A beleza est\u00e1 na liberdade: voc\u00ea pode conhecer algu\u00e9m novo em segundos, conversar pelo tempo que quiser e seguir em frente quando quiser. Em um mundo onde pode ser dif\u00edcil encontrar uma conex\u00e3o humana genu\u00edna, o bate-papo on-line gratuito facilita as coisas.<\/p>","protected":false},"excerpt":{"rendered":"<p>In an era where most social platforms are tied to algorithms, likes, and endless scrolling, free online chat offers something refreshingly simple\u2014real conversation. Whether it\u2019s to pass the time, meet someone from another country, share interests, or just say hello, these chat platforms give you instant access to people from all over the world. Best [&hellip;]<\/p>\n","protected":false},"author":8,"featured_media":0,"parent":0,"menu_order":0,"comment_status":"closed","ping_status":"closed","template":"","meta":{"footnotes":""},"class_list":["post-9038","page","type-page","status-publish","hentry"],"yoast_head":"<!-- This site is optimized with the Yoast SEO plugin v27.6 - https:\/\/yoast.com\/product\/yoast-seo-wordpress\/ -->\n<title>Free Online Chat with Video Chat on TinyChat.com<\/title>\n<meta name=\"description\" content=\"Enjoying Free Online Chat? Join over 50,000,000 strangers on TinyChat! Turn on your cam and start meeting new people, or find a match.\" \/>\n<meta name=\"robots\" content=\"index, follow, max-snippet:-1, max-image-preview:large, max-video-preview:-1\" \/>\n<link rel=\"canonical\" href=\"https:\/\/tinychat.com\/pt-br\/free-online-chat\/\" \/>\n<meta property=\"og:locale\" content=\"pt_BR\" \/>\n<meta property=\"og:type\" content=\"article\" \/>\n<meta property=\"og:title\" content=\"Free Online Chat with Video Chat on TinyChat.com\" \/>\n<meta property=\"og:description\" content=\"Enjoying Free Online Chat? Join over 50,000,000 strangers on TinyChat! Turn on your cam and start meeting new people, or find a match.\" \/>\n<meta property=\"og:url\" content=\"https:\/\/tinychat.com\/pt-br\/free-online-chat\/\" \/>\n<meta property=\"og:site_name\" content=\"TinyChat\" \/>\n<meta property=\"article:publisher\" content=\"https:\/\/www.facebook.com\/tinychat\" \/>\n<meta property=\"article:modified_time\" content=\"2025-08-14T07:58:55+00:00\" \/>\n<meta property=\"og:image\" content=\"https:\/\/tinychat.com\/wp-content\/uploads\/2020\/04\/Tinychat-logo-1280x284-new-black.png\" \/>\n\t<meta property=\"og:image:width\" content=\"1280\" \/>\n\t<meta property=\"og:image:height\" content=\"284\" \/>\n\t<meta property=\"og:image:type\" content=\"image\/png\" \/>\n<meta name=\"twitter:card\" content=\"summary_large_image\" \/>\n<meta name=\"twitter:site\" content=\"@tinychat\" \/>\n<meta name=\"twitter:label1\" content=\"Est. tempo de leitura\" \/>\n\t<meta name=\"twitter:data1\" content=\"6 minutos\" \/>\n<script type=\"application\/ld+json\" class=\"yoast-schema-graph\">{\"@context\":\"https:\\\/\\\/schema.org\",\"@graph\":[{\"@type\":\"WebPage\",\"@id\":\"https:\\\/\\\/tinychat.com\\\/free-online-chat\\\/\",\"url\":\"https:\\\/\\\/tinychat.com\\\/free-online-chat\\\/\",\"name\":\"Free Online Chat with Video Chat on TinyChat.com\",\"isPartOf\":{\"@id\":\"https:\\\/\\\/tinychat.com\\\/#website\"},\"datePublished\":\"2025-08-14T07:37:31+00:00\",\"dateModified\":\"2025-08-14T07:58:55+00:00\",\"description\":\"Enjoying Free Online Chat? Join over 50,000,000 strangers on TinyChat! Turn on your cam and start meeting new people, or find a match.\",\"breadcrumb\":{\"@id\":\"https:\\\/\\\/tinychat.com\\\/free-online-chat\\\/#breadcrumb\"},\"inLanguage\":\"pt-BR\",\"potentialAction\":[{\"@type\":\"ReadAction\",\"target\":[\"https:\\\/\\\/tinychat.com\\\/free-online-chat\\\/\"]}]},{\"@type\":\"BreadcrumbList\",\"@id\":\"https:\\\/\\\/tinychat.com\\\/free-online-chat\\\/#breadcrumb\",\"itemListElement\":[{\"@type\":\"ListItem\",\"position\":1,\"name\":\"Home\",\"item\":\"https:\\\/\\\/tinychat.com\\\/\"},{\"@type\":\"ListItem\",\"position\":2,\"name\":\"Free Online Chat\"}]},{\"@type\":\"WebSite\",\"@id\":\"https:\\\/\\\/tinychat.com\\\/#website\",\"url\":\"https:\\\/\\\/tinychat.com\\\/\",\"name\":\"TinyChat\",\"description\":\"Random Video Chat with Strangers\",\"publisher\":{\"@id\":\"https:\\\/\\\/tinychat.com\\\/#organization\"},\"alternateName\":\"TinyChat.com\",\"potentialAction\":[{\"@type\":\"SearchAction\",\"target\":{\"@type\":\"EntryPoint\",\"urlTemplate\":\"https:\\\/\\\/tinychat.com\\\/?s={search_term_string}\"},\"query-input\":{\"@type\":\"PropertyValueSpecification\",\"valueRequired\":true,\"valueName\":\"search_term_string\"}}],\"inLanguage\":\"pt-BR\"},{\"@type\":\"Organization\",\"@id\":\"https:\\\/\\\/tinychat.com\\\/#organization\",\"name\":\"TinyChat\",\"alternateName\":\"TinyChat.com\",\"url\":\"https:\\\/\\\/tinychat.com\\\/\",\"logo\":{\"@type\":\"ImageObject\",\"inLanguage\":\"pt-BR\",\"@id\":\"https:\\\/\\\/tinychat.com\\\/#\\\/schema\\\/logo\\\/image\\\/\",\"url\":\"https:\\\/\\\/tinychat.com\\\/wp-content\\\/uploads\\\/2023\\\/11\\\/Tinychat-icon-square.png\",\"contentUrl\":\"https:\\\/\\\/tinychat.com\\\/wp-content\\\/uploads\\\/2023\\\/11\\\/Tinychat-icon-square.png\",\"width\":284,\"height\":284,\"caption\":\"TinyChat\"},\"image\":{\"@id\":\"https:\\\/\\\/tinychat.com\\\/#\\\/schema\\\/logo\\\/image\\\/\"},\"sameAs\":[\"https:\\\/\\\/www.facebook.com\\\/tinychat\",\"https:\\\/\\\/x.com\\\/tinychat\"]}]}<\/script>\n<!-- \/ Yoast SEO plugin. -->","yoast_head_json":{"title":"Bate-papo on-line gratuito com bate-papo por v\u00eddeo no TinyChat.com","description":"Est\u00e1 gostando do bate-papo on-line gratuito? Junte-se a mais de 50.000.000 de estranhos no TinyChat! Ligue sua c\u00e2mera e comece a conhecer novas pessoas ou encontre um par.","robots":{"index":"index","follow":"follow","max-snippet":"max-snippet:-1","max-image-preview":"max-image-preview:large","max-video-preview":"max-video-preview:-1"},"canonical":"https:\/\/tinychat.com\/pt-br\/free-online-chat\/","og_locale":"pt_BR","og_type":"article","og_title":"Free Online Chat with Video Chat on TinyChat.com","og_description":"Enjoying Free Online Chat? Join over 50,000,000 strangers on TinyChat! Turn on your cam and start meeting new people, or find a match.","og_url":"https:\/\/tinychat.com\/pt-br\/free-online-chat\/","og_site_name":"TinyChat","article_publisher":"https:\/\/www.facebook.com\/tinychat","article_modified_time":"2025-08-14T07:58:55+00:00","og_image":[{"width":1280,"height":284,"url":"https:\/\/tinychat.com\/wp-content\/uploads\/2020\/04\/Tinychat-logo-1280x284-new-black.png","type":"image\/png"}],"twitter_card":"summary_large_image","twitter_site":"@tinychat","twitter_misc":{"Est. tempo de leitura":"6 minutos"},"schema":{"@context":"https:\/\/schema.org","@graph":[{"@type":"WebPage","@id":"https:\/\/tinychat.com\/free-online-chat\/","url":"https:\/\/tinychat.com\/free-online-chat\/","name":"Bate-papo on-line gratuito com bate-papo por v\u00eddeo no TinyChat.com","isPartOf":{"@id":"https:\/\/tinychat.com\/#website"},"datePublished":"2025-08-14T07:37:31+00:00","dateModified":"2025-08-14T07:58:55+00:00","description":"Est\u00e1 gostando do bate-papo on-line gratuito? Junte-se a mais de 50.000.000 de estranhos no TinyChat! Ligue sua c\u00e2mera e comece a conhecer novas pessoas ou encontre um par.","breadcrumb":{"@id":"https:\/\/tinychat.com\/free-online-chat\/#breadcrumb"},"inLanguage":"pt-BR","potentialAction":[{"@type":"ReadAction","target":["https:\/\/tinychat.com\/free-online-chat\/"]}]},{"@type":"BreadcrumbList","@id":"https:\/\/tinychat.com\/free-online-chat\/#breadcrumb","itemListElement":[{"@type":"ListItem","position":1,"name":"Home","item":"https:\/\/tinychat.com\/"},{"@type":"ListItem","position":2,"name":"Free Online Chat"}]},{"@type":"WebSite","@id":"https:\/\/tinychat.com\/#website","url":"https:\/\/tinychat.com\/","name":"TinyChat","description":"Bate-papo por v\u00eddeo aleat\u00f3rio com estranhos","publisher":{"@id":"https:\/\/tinychat.com\/#organization"},"alternateName":"TinyChat.com","potentialAction":[{"@type":"SearchAction","target":{"@type":"EntryPoint","urlTemplate":"https:\/\/tinychat.com\/?s={search_term_string}"},"query-input":{"@type":"PropertyValueSpecification","valueRequired":true,"valueName":"search_term_string"}}],"inLanguage":"pt-BR"},{"@type":"Organization","@id":"https:\/\/tinychat.com\/#organization","name":"TinyChat","alternateName":"TinyChat.com","url":"https:\/\/tinychat.com\/","logo":{"@type":"ImageObject","inLanguage":"pt-BR","@id":"https:\/\/tinychat.com\/#\/schema\/logo\/image\/","url":"https:\/\/tinychat.com\/wp-content\/uploads\/2023\/11\/Tinychat-icon-square.png","contentUrl":"https:\/\/tinychat.com\/wp-content\/uploads\/2023\/11\/Tinychat-icon-square.png","width":284,"height":284,"caption":"TinyChat"},"image":{"@id":"https:\/\/tinychat.com\/#\/schema\/logo\/image\/"},"sameAs":["https:\/\/www.facebook.com\/tinychat","https:\/\/x.com\/tinychat"]}]}},"_links":{"self":[{"href":"https:\/\/tinychat.com\/pt-br\/wp-json\/wp\/v2\/pages\/9038","targetHints":{"allow":["GET"]}}],"collection":[{"href":"https:\/\/tinychat.com\/pt-br\/wp-json\/wp\/v2\/pages"}],"about":[{"href":"https:\/\/tinychat.com\/pt-br\/wp-json\/wp\/v2\/types\/page"}],"author":[{"embeddable":true,"href":"https:\/\/tinychat.com\/pt-br\/wp-json\/wp\/v2\/users\/8"}],"replies":[{"embeddable":true,"href":"https:\/\/tinychat.com\/pt-br\/wp-json\/wp\/v2\/comments?post=9038"}],"version-history":[{"count":3,"href":"https:\/\/tinychat.com\/pt-br\/wp-json\/wp\/v2\/pages\/9038\/revisions"}],"predecessor-version":[{"id":13444,"href":"https:\/\/tinychat.com\/pt-br\/wp-json\/wp\/v2\/pages\/9038\/revisions\/13444"}],"wp:attachment":[{"href":"https:\/\/tinychat.com\/pt-br\/wp-json\/wp\/v2\/media?parent=9038"}],"curies":[{"name":"wp","href":"https:\/\/api.w.org\/{rel}","templated":true}]}}