{"id":909,"date":"2025-04-04T12:10:29","date_gmt":"2025-04-04T10:10:29","guid":{"rendered":"https:\/\/tinychat.com\/?page_id=909"},"modified":"2025-07-07T18:18:13","modified_gmt":"2025-07-07T16:18:13","slug":"chathub","status":"publish","type":"page","link":"https:\/\/tinychat.com\/pt-br\/chathub\/","title":{"rendered":"Chathub"},"content":{"rendered":"<p>Em um cen\u00e1rio digital em que se conectar com estranhos on-line se tornou um passatempo e uma linha de vida para milh\u00f5es de pessoas, o ChatHub se destaca como um servi\u00e7o de v\u00eddeo moderno, refinado e altamente personaliz\u00e1vel <a href=\"https:\/\/tinychat.com\/pt-br\/chatroulette\/\">bate-papo<\/a> plataforma. Com o surgimento de plataformas como <a href=\"https:\/\/tinychat.com\/pt-br\/omegle\/\">Omegle<\/a>, <a href=\"https:\/\/tinychat.com\/pt-br\/chatroulette\/\">Chatroulette<\/a>e <a href=\"https:\/\/tinychat.com\/pt-br\/ometv\/\">OmeTV<\/a>A ideia de encontrar pessoas aleatoriamente pela webcam n\u00e3o \u00e9 mais novidade, mas o ChatHub a traz para o presente com janelas de v\u00e1rios bate-papos, modera\u00e7\u00e3o forte, filtros avan\u00e7ados e uma experi\u00eancia de usu\u00e1rio elegante.<\/p>\n<p>Seja para conhecer novas pessoas, flertar anonimamente, praticar um novo idioma ou apenas passar o tempo com estranhos do mundo todo, o ChatHub oferece uma plataforma mais limpa, segura e avan\u00e7ada do que muitas de suas antecessoras. Ele oferece toda a aleatoriedade e espontaneidade que as pessoas adoram no bate-papo por v\u00eddeo, mas sem o caos.<\/p>\n<p>Vamos explorar como o ChatHub funciona, o que o torna \u00fanico e por que ele pode ser uma das melhores alternativas ao <a href=\"https:\/\/tinychat.com\/pt-br\/omegle\/\">Omegle<\/a> no v\u00eddeo de hoje <a href=\"https:\/\/tinychat.com\/pt-br\/chatroulette\/\">bate-papo<\/a> ecossistema.<\/p>\n<h2>O que \u00e9 o ChatHub?<\/h2>\n<p>O ChatHub \u00e9 um aplicativo aleat\u00f3rio gratuito, baseado em navegador <a href=\"https:\/\/tinychat.com\/pt-br\/chatroulette\/\">bate-papo<\/a> site que permite que os usu\u00e1rios se conectem por v\u00eddeo ou texto com estranhos de todo o mundo. Lan\u00e7ado em resposta ao decl\u00ednio da qualidade e da modera\u00e7\u00e3o de plataformas mais antigas, o ChatHub foi projetado para oferecer uma experi\u00eancia de usu\u00e1rio mais limpa, segura e eficiente.<\/p>\n<p>Ao contr\u00e1rio de muitos concorrentes, o ChatHub suporta at\u00e9 quatro <a href=\"https:\/\/tinychat.com\/pt-br\/chatroulette\/\">bate-papo<\/a> janelas, o que o torna uma das poucas c\u00e2meras aleat\u00f3rias com v\u00e1rias c\u00e2meras. <a href=\"https:\/\/tinychat.com\/pt-br\/chatroulette\/\">bate-papo<\/a> experi\u00eancias on-line. Ele tamb\u00e9m oferece filtros por idioma, g\u00eanero (para usu\u00e1rios premium) e localiza\u00e7\u00e3o, ajudando os usu\u00e1rios a restringir suas <a href=\"https:\/\/tinychat.com\/pt-br\/chatroulette\/\">bate-papo<\/a> parceiros com base em suas prefer\u00eancias.<\/p>\n<p>O melhor de tudo \u00e9 que n\u00e3o h\u00e1 necessidade de registro, o que significa que voc\u00ea pode mergulhar de cabe\u00e7a - instantaneamente, anonimamente e de gra\u00e7a.<\/p>\n<h2>Principais recursos do ChatHub<\/h2>\n<p>O que diferencia o ChatHub de um mar de <a href=\"https:\/\/tinychat.com\/pt-br\/\">bate-papo por v\u00eddeo aleat\u00f3rio<\/a> sites? Na verdade, muitos. Aqui est\u00e1 um detalhamento de seus recursos mais not\u00e1veis:<\/p>\n<h3>1. Bate-papo por v\u00eddeo aleat\u00f3rio individual<\/h3>\n<p>Em sua ess\u00eancia, o ChatHub oferece v\u00eddeo instant\u00e2neo <a href=\"https:\/\/tinychat.com\/pt-br\/chatroulette\/\">bate-papo<\/a> com estranhos de qualquer lugar do mundo. Basta clicar em \"Start\" e voc\u00ea estar\u00e1 conectado com algu\u00e9m novo em segundos.<\/p>\n<p>A experi\u00eancia \u00e9 simplificada e m\u00ednima: sem pop-ups, sem anima\u00e7\u00f5es desnecess\u00e1rias - apenas uma conversa cara a cara.<\/p>\n<h3>2. Bate-papo com v\u00e1rias c\u00e2meras (at\u00e9 4 estranhos)<\/h3>\n<p>Um recurso exclusivo e de destaque, o ChatHub permite ativar o modo de v\u00e1rios bate-papos, no qual voc\u00ea pode se conectar com at\u00e9 quatro pessoas simultaneamente em janelas diferentes. Isso \u00e9 perfeito para usu\u00e1rios que desejam mais op\u00e7\u00f5es ou gostam de intera\u00e7\u00f5es em grupo.<\/p>\n<p>Voc\u00ea pode alternar qualquer um dos <a href=\"https:\/\/tinychat.com\/pt-br\/chatroulette\/\">bate-papo<\/a> se destacam independentemente, tornando-se uma maneira eficiente de encontrar a pessoa certa para conversar sem encerrar todas as conversas de uma s\u00f3 vez.<\/p>\n<h3>3. Filtros de idioma e localiza\u00e7\u00e3o<\/h3>\n<p>O ChatHub oferece aos usu\u00e1rios a capacidade de filtrar <a href=\"https:\/\/tinychat.com\/pt-br\/chatroulette\/\">bate-papo<\/a> parceiros por idioma, ajudando a criar conversas mais fluidas e compreens\u00edveis. Deseja apenas <a href=\"https:\/\/tinychat.com\/pt-br\/chatroulette\/\">bate-papo<\/a> com falantes de ingl\u00eas, espanhol ou franc\u00eas? Voc\u00ea pode fazer isso.<\/p>\n<p>Um filtro de localiza\u00e7\u00e3o tamb\u00e9m est\u00e1 dispon\u00edvel, permitindo que voc\u00ea priorize usu\u00e1rios de pa\u00edses espec\u00edficos. Isso \u00e9 especialmente \u00fatil para interc\u00e2mbios culturais, interesses regionais ou se voc\u00ea estiver tentando conhecer pessoas de uma determinada \u00e1rea.<\/p>\n<h3>4. Filtro de g\u00eanero (somente Premium)<\/h3>\n<p>O ChatHub oferece um filtro de g\u00eanero pago que permite que voc\u00ea escolha entre conversar com homens, mulheres ou ambos. Isso \u00e9 ideal para usu\u00e1rios que buscam intera\u00e7\u00f5es mais personalizadas, incluindo conversas voltadas para encontros.<\/p>\n<p>O recurso est\u00e1 dispon\u00edvel por meio de assinatura premium, que ajuda a financiar as ferramentas de modera\u00e7\u00e3o e a experi\u00eancia sem an\u00fancios.<\/p>\n<h3>5. Modo de bate-papo por texto<\/h3>\n<p>Se voc\u00ea n\u00e3o estiver pronto para o v\u00eddeo ou se estiver em um ambiente p\u00fablico, o ChatHub tamb\u00e9m oferece uma op\u00e7\u00e3o somente de texto <a href=\"https:\/\/tinychat.com\/pt-br\/chatroulette\/\">bate-papo<\/a> modo. \u00c9 poss\u00edvel alternar entre os modos de texto e v\u00eddeo a qualquer momento, e essa op\u00e7\u00e3o \u00e9 perfeita para usu\u00e1rios que preferem intera\u00e7\u00f5es mais discretas.<\/p>\n<h3>6. N\u00e3o \u00e9 necess\u00e1rio registro<\/h3>\n<p>Como <a href=\"https:\/\/tinychat.com\/pt-br\/omegle\/\">Omegle<\/a> e <a href=\"https:\/\/tinychat.com\/pt-br\/chatroulette\/\">Chatroulette<\/a>O ChatHub mant\u00e9m um modelo de acesso an\u00f4nimo. Voc\u00ea n\u00e3o precisa criar uma conta, fornecer um endere\u00e7o de e-mail ou fazer download de nenhum software. Tudo \u00e9 feito por meio de seu navegador.<\/p>\n<p>Essa entrada sem barreiras incentiva a explora\u00e7\u00e3o e as intera\u00e7\u00f5es espont\u00e2neas.<\/p>\n<h3>7. Interface limpa e m\u00ednima<\/h3>\n<p>Projetada para oferecer o m\u00e1ximo de usabilidade, a interface do ChatHub \u00e9 livre de desordem, leve e intuitiva. Com navega\u00e7\u00e3o simples, bot\u00f5es r\u00e1pidos para pular\/relatar\/bloquear e carregamento r\u00e1pido, a plataforma facilita a concentra\u00e7\u00e3o em suas conversas.<\/p>\n<h2>Como usar o ChatHub<\/h2>\n<p>Come\u00e7ar a usar o ChatHub \u00e9 simples e r\u00e1pido. Aqui est\u00e1 um guia passo a passo para ajud\u00e1-lo a come\u00e7ar:<\/p>\n<h3>Etapa 1: Visite o site<\/h3>\n<p>Acesse o ChatHub. A p\u00e1gina inicial lhe apresentar\u00e1 v\u00eddeo e texto <a href=\"https:\/\/tinychat.com\/pt-br\/chatroulette\/\">bate-papo<\/a> op\u00e7\u00f5es.<\/p>\n<h3>Etapa 2: Escolha o modo de bate-papo<\/h3>\n<p>Selecione se voc\u00ea deseja iniciar com v\u00eddeo ou texto <a href=\"https:\/\/tinychat.com\/pt-br\/chatroulette\/\">bate-papo<\/a>. Se escolher v\u00eddeo, permita o acesso \u00e0 sua c\u00e2mera e ao microfone.<\/p>\n<h3>Etapa 3: Definir prefer\u00eancias (opcional)<\/h3>\n<p>Antes de come\u00e7ar, voc\u00ea pode definir filtros, como:<\/p>\n<ul>\n<li>Idioma<\/li>\n<li>Pa\u00eds<\/li>\n<li>G\u00eanero (somente para usu\u00e1rios Premium)<\/li>\n<\/ul>\n<p>Voc\u00ea tamb\u00e9m pode ativar o modo multi-chat se quiser falar com v\u00e1rias pessoas ao mesmo tempo.<\/p>\n<h3>Etapa 4: Clique em \"Start\" (Iniciar)<\/h3>\n<p>Quando estiver pronto, clique no bot\u00e3o \"Start\" (Iniciar) e voc\u00ea ser\u00e1 conectado a um site aleat\u00f3rio <a href=\"https:\/\/tinychat.com\/pt-br\/strangercam\/\">estranho<\/a>. Voc\u00ea pode encerrar o <a href=\"https:\/\/tinychat.com\/pt-br\/chatroulette\/\">bate-papo<\/a> a qualquer momento ou clique em \"Next\" (Avan\u00e7ar) para passar para o pr\u00f3ximo usu\u00e1rio.<\/p>\n<h3>Etapa 5: Use os controles na tela<\/h3>\n<p>Voc\u00ea pode silenciar, desligar a c\u00e2mera ou bloquear\/denunciar usu\u00e1rios diretamente da interface. Essas ferramentas s\u00e3o facilmente acess\u00edveis a qualquer momento durante sua sess\u00e3o.<\/p>\n<h2>Seguran\u00e7a e privacidade no ChatHub<\/h2>\n<p>O ChatHub enfatiza muito a cria\u00e7\u00e3o de um ambiente seguro e respeitoso e oferece v\u00e1rias camadas de prote\u00e7\u00e3o para os usu\u00e1rios.<\/p>\n<h3>1. Ferramentas de modera\u00e7\u00e3o<\/h3>\n<p>O ChatHub usa uma combina\u00e7\u00e3o de IA e moderadores humanos para detectar e bloquear conte\u00fado inadequado. Os usu\u00e1rios que violam as diretrizes (por exemplo, nudez, discurso de \u00f3dio, ass\u00e9dio) s\u00e3o banidos da plataforma.<\/p>\n<h3>2. Den\u00fancias e bloqueios<\/h3>\n<p>Todos os usu\u00e1rios t\u00eam acesso aos bot\u00f5es de den\u00fancia e bloqueio. Se voc\u00ea encontrar algu\u00e9m se comportando de forma inadequada, clique no bot\u00e3o \"Denunciar\". Os usu\u00e1rios denunciados repetidamente s\u00e3o sinalizados para an\u00e1lise e poss\u00edveis banimentos.<\/p>\n<h3>3. Opcional V\u00eddeo desligado\/\u00c1udio desligado<\/h3>\n<p>N\u00e3o quer ser visto ou ouvido imediatamente? Voc\u00ea pode desativar a webcam ou o microfone antes de iniciar uma <a href=\"https:\/\/tinychat.com\/pt-br\/chatroulette\/\">bate-papo<\/a> ou em qualquer momento durante sua sess\u00e3o.<\/p>\n<h3>4. Anonimato<\/h3>\n<p>N\u00e3o s\u00e3o necess\u00e1rias contas, nem informa\u00e7\u00f5es pessoais ou nomes de usu\u00e1rio. O ChatHub \u00e9 totalmente an\u00f4nimo, a menos que voc\u00ea decida revelar algo durante o seu <a href=\"https:\/\/tinychat.com\/pt-br\/chatroulette\/\">bate-papo<\/a>.<\/p>\n<h3>5. Conex\u00e3o segura<\/h3>\n<p>Todos os dados s\u00e3o transmitidos via HTTPS, garantindo uma conex\u00e3o segura entre os usu\u00e1rios e a plataforma.<\/p>\n<h2>Experi\u00eancia do usu\u00e1rio no ChatHub<\/h2>\n<p>O ChatHub \u00e9 amplamente elogiado por sua interface suave, filtros responsivos e velocidades de conex\u00e3o r\u00e1pidas. Aqui est\u00e1 uma an\u00e1lise da experi\u00eancia do ponto de vista do usu\u00e1rio:<\/p>\n<h3>Pontos fortes<\/h3>\n<ul>\n<li>Matchmaking r\u00e1pido: As conex\u00f5es s\u00e3o estabelecidas em segundos.<\/li>\n<li>Multic\u00e2mera <a href=\"https:\/\/tinychat.com\/pt-br\/chatroulette\/\">Bate-papo<\/a>: Permite mais engajamento, mais op\u00e7\u00f5es.<\/li>\n<li>Menos atividade de spam\/bots: Uma melhor filtragem reduz o tr\u00e1fego de baixa qualidade.<\/li>\n<li>Interface de usu\u00e1rio moderna: Limpo, f\u00e1cil de navegar, otimizado para desktop e celular.<\/li>\n<\/ul>\n<h3>Pontos fracos<\/h3>\n<ul>\n<li>Filtro de g\u00eanero atr\u00e1s do paywall: Alguns usu\u00e1rios preferem acesso gratuito a essa op\u00e7\u00e3o.<\/li>\n<li>Ainda n\u00e3o h\u00e1 aplicativo m\u00f3vel: Diferente de <a href=\"https:\/\/tinychat.com\/pt-br\/ometv\/\">OmeTV<\/a> ou Emerald <a href=\"https:\/\/tinychat.com\/pt-br\/chatroulette\/\">Bate-papo<\/a>O ChatHub est\u00e1 dispon\u00edvel apenas em navegadores.<\/li>\n<\/ul>\n<h3>Feedback real do usu\u00e1rio<\/h3>\n<blockquote><p>\"O ChatHub \u00e9 como o Omegle, mas realmente utiliz\u00e1vel. Adoro o layout e a sensa\u00e7\u00e3o de limpeza.\"<br \/>\n- <em>Marcus P., Trustpilot<\/em><\/p><\/blockquote>\n<blockquote><p>\"O multi-chat \u00e9 um divisor de \u00e1guas. N\u00e3o preciso continuar encerrando boas conversas s\u00f3 para continuar explorando.\"<br \/>\n- <em>Elise R., Reddit<\/em><\/p><\/blockquote>\n<blockquote><p>\"Eu me sinto mais seguro no ChatHub do que no <a href=\"https:\/\/tinychat.com\/pt-br\/chatroulette\/\">Chatroulette<\/a> ou <a href=\"https:\/\/tinychat.com\/pt-br\/omegle\/\">Omegle<\/a>. A modera\u00e7\u00e3o realmente funciona aqui\".<br \/>\n- <em>Daniel G., Sitejabber<\/em><\/p><\/blockquote>\n<h2>ChatHub vs. outras plataformas de bate-papo<\/h2>\n<p>Como o ChatHub se compara a outros <a href=\"https:\/\/tinychat.com\/pt-br\/\">bate-papo por v\u00eddeo aleat\u00f3rio<\/a> sites? Aqui est\u00e1 uma vis\u00e3o geral r\u00e1pida:<\/p>\n<table>\n<thead>\n<tr>\n<th>Recurso<\/th>\n<th>ChatHub<\/th>\n<th><a href=\"https:\/\/tinychat.com\/pt-br\/omegle\/\">Omegle<\/a><\/th>\n<th><a href=\"https:\/\/tinychat.com\/pt-br\/chatroulette\/\">Chatroulette<\/a><\/th>\n<th><a href=\"https:\/\/tinychat.com\/pt-br\/ometv\/\">OmeTV<\/a><\/th>\n<th><a href=\"https:\/\/tinychat.com\/pt-br\/strangercam\/\">StrangerCam<\/a><\/th>\n<\/tr>\n<\/thead>\n<tbody>\n<tr>\n<td>Multic\u00e2mera <a href=\"https:\/\/tinychat.com\/pt-br\/chatroulette\/\">Bate-papo<\/a><\/td>\n<td>\u2705 Sim<\/td>\n<td>\u274c N\u00e3o<\/td>\n<td>\u274c N\u00e3o<\/td>\n<td>\u274c N\u00e3o<\/td>\n<td>\u274c N\u00e3o<\/td>\n<\/tr>\n<tr>\n<td>Texto <a href=\"https:\/\/tinychat.com\/pt-br\/chatroulette\/\">Bate-papo<\/a><\/td>\n<td>\u2705 Sim<\/td>\n<td>\u2705 Sim<\/td>\n<td>\u2705 Sim<\/td>\n<td>\u2705 Sim<\/td>\n<td>\u2705 Sim<\/td>\n<\/tr>\n<tr>\n<td>V\u00eddeo <a href=\"https:\/\/tinychat.com\/pt-br\/chatroulette\/\">Bate-papo<\/a><\/td>\n<td>\u2705 Sim<\/td>\n<td>\u2705 Sim<\/td>\n<td>\u2705 Sim<\/td>\n<td>\u2705 Sim<\/td>\n<td>\u2705 Sim<\/td>\n<\/tr>\n<tr>\n<td>Filtro de idiomas<\/td>\n<td>\u2705 Sim<\/td>\n<td>\u2705 Limitada<\/td>\n<td>\u274c N\u00e3o<\/td>\n<td>\u2705 Sim<\/td>\n<td>\u274c N\u00e3o<\/td>\n<\/tr>\n<tr>\n<td>Filtro de localiza\u00e7\u00e3o<\/td>\n<td>\u2705 Sim<\/td>\n<td>\u274c N\u00e3o<\/td>\n<td>\u2705 Sim<\/td>\n<td>\u2705 Sim<\/td>\n<td>\u2705 Premium<\/td>\n<\/tr>\n<tr>\n<td>Filtro de g\u00eanero<\/td>\n<td>\u2705 Premium<\/td>\n<td>\u274c N\u00e3o<\/td>\n<td>\u274c N\u00e3o<\/td>\n<td>\u2705 Premium<\/td>\n<td>\u2705 Premium<\/td>\n<\/tr>\n<tr>\n<td>Aplicativo m\u00f3vel<\/td>\n<td>Somente navegador<\/td>\n<td>\u274c N\u00e3o<\/td>\n<td>\u2705 Sim<\/td>\n<td>\u2705 Sim<\/td>\n<td>\u2705 Sim<\/td>\n<\/tr>\n<tr>\n<td>Qualidade da modera\u00e7\u00e3o<\/td>\n<td>Alto<\/td>\n<td>\u26a0\ufe0f Baixo<\/td>\n<td>\u2705 Moderado<\/td>\n<td>Bom<\/td>\n<td>Bom<\/td>\n<\/tr>\n<\/tbody>\n<\/table>\n<p>Resumo: o ChatHub se destaca em termos de usabilidade, filtros avan\u00e7ados e bate-papo m\u00faltiplo, mas n\u00e3o tem um aplicativo dedicado. \u00c9 ideal para usu\u00e1rios que valorizam o controle e a flexibilidade em vez da aleatoriedade casual.<\/p>\n<h2>Dicas para aproveitar o ChatHub com seguran\u00e7a<\/h2>\n<p>Para aproveitar ao m\u00e1ximo sua experi\u00eancia, siga estas dicas:<\/p>\n<ul>\n<li>Mantenha-se an\u00f4nimo, a menos que tenha certeza de com quem est\u00e1 falando.<\/li>\n<li>Use o filtro de idioma para obter conversas mais fluidas.<\/li>\n<li>Experimente o multi-chat para um envolvimento mais amplo.<\/li>\n<li>Denuncie comportamentos inadequados para ajudar a melhorar a comunidade.<\/li>\n<li>Evite compartilhar detalhes pessoais, como nome completo, e-mail ou contas sociais.<\/li>\n<li>Use boa ilumina\u00e7\u00e3o e fones de ouvido para aumentar a qualidade.<\/li>\n<\/ul>\n<h2>Solu\u00e7\u00e3o de problemas comuns do ChatHub<\/h2>\n<h3>C\u00e2mera ou microfone n\u00e3o detectado<\/h3>\n<p>Verifique as permiss\u00f5es do navegador e as configura\u00e7\u00f5es do sistema operacional. Recarregue o site ou reinicie o navegador.<\/p>\n<h3>Os filtros n\u00e3o est\u00e3o funcionando<\/h3>\n<p>Atualize a p\u00e1gina ou limpe o cache do navegador. Os recursos premium podem ser necess\u00e1rios para filtros avan\u00e7ados.<\/p>\n<h3>Conex\u00e3o lenta<\/h3>\n<p>Mude para uma conex\u00e3o Wi-Fi est\u00e1vel. Desative downloads em segundo plano ou aplicativos de alta largura de banda.<\/p>\n<h3>Obtendo correspond\u00eancias repetidas<\/h3>\n<p>Ajuste seus filtros ou tente novamente durante os hor\u00e1rios de pico, quando mais usu\u00e1rios estiverem on-line.<\/p>\n<h3>Banido do site<\/h3>\n<p>As proibi\u00e7\u00f5es geralmente s\u00e3o tempor\u00e1rias. Use uma VPN para alterar o IP ou entre em contato com o suporte se achar que houve um erro.<\/p>\n<p>O ChatHub \u00e9 um dos aplicativos mais bem projetados <a href=\"https:\/\/tinychat.com\/pt-br\/\">bate-papo por v\u00eddeo aleat\u00f3rio<\/a> plataformas dispon\u00edveis atualmente. Ela \u00e9 limpa, r\u00e1pida, respeitosa e oferece aos usu\u00e1rios mais controle sobre sua experi\u00eancia do que muitos de seus concorrentes mais antigos e ca\u00f3ticos.<\/p>\n<p>Com recursos como multic\u00e2mera <a href=\"https:\/\/tinychat.com\/pt-br\/chatroulette\/\">bate-papo<\/a>Com a ajuda de filtros de idioma\/localiza\u00e7\u00e3o e uma modera\u00e7\u00e3o s\u00f3lida, ele oferece o que a maioria das pessoas realmente deseja de um site de relacionamento. <a href=\"https:\/\/tinychat.com\/pt-br\/\">bate-papo por v\u00eddeo aleat\u00f3rio<\/a> experi\u00eancia: divers\u00e3o, seguran\u00e7a e conex\u00e3o - sem bobagens.<\/p>\n<p>Se estiver procurando fazer amigos, paquerar, praticar habilidades de conversa\u00e7\u00e3o ou apenas passar o tempo de uma forma interessante, vale a pena conferir o ChatHub.<\/p>\n<p>Visite o ChatHub e d\u00ea seu pr\u00f3ximo salto social - um clique, uma conversa e talvez uma conex\u00e3o significativa de cada vez.<\/p>","protected":false},"excerpt":{"rendered":"<p>In a digital landscape where connecting with strangers online has become both a pastime and a lifeline for millions, ChatHub stands out as a modern, refined, and highly customizable video chat platform. With the rise of platforms like Omegle, Chatroulette, and OmeTV, the idea of meeting people randomly via webcam is no longer novel\u2014but ChatHub [&hellip;]<\/p>\n","protected":false},"author":6,"featured_media":0,"parent":0,"menu_order":0,"comment_status":"closed","ping_status":"closed","template":"","meta":{"footnotes":""},"class_list":["post-909","page","type-page","status-publish","hentry"],"yoast_head":"<!-- This site is optimized with the Yoast SEO plugin v27.5 - https:\/\/yoast.com\/product\/yoast-seo-wordpress\/ -->\n<title>Chathub - 100% Free Random Video Chat - TinyChat<\/title>\n<meta name=\"description\" content=\"Chathub: Enjoy 100% free random video chat. Connect instantly and meet new people with no hidden costs on TinyChat.com.\" \/>\n<meta name=\"robots\" content=\"index, follow, max-snippet:-1, max-image-preview:large, max-video-preview:-1\" \/>\n<link rel=\"canonical\" href=\"https:\/\/tinychat.com\/pt-br\/chathub\/\" \/>\n<meta property=\"og:locale\" content=\"pt_BR\" \/>\n<meta property=\"og:type\" content=\"article\" \/>\n<meta property=\"og:title\" content=\"Chathub - 100% Free Random Video Chat - TinyChat\" \/>\n<meta property=\"og:description\" content=\"Chathub: Enjoy 100% free random video chat. Connect instantly and meet new people with no hidden costs on TinyChat.com.\" \/>\n<meta property=\"og:url\" content=\"https:\/\/tinychat.com\/pt-br\/chathub\/\" \/>\n<meta property=\"og:site_name\" content=\"TinyChat\" \/>\n<meta property=\"article:publisher\" content=\"https:\/\/www.facebook.com\/tinychat\" \/>\n<meta property=\"article:modified_time\" content=\"2025-07-07T16:18:13+00:00\" \/>\n<meta property=\"og:image\" content=\"https:\/\/tinychat.com\/wp-content\/uploads\/2020\/04\/Tinychat-logo-1280x284-new-black.png\" \/>\n\t<meta property=\"og:image:width\" content=\"1280\" \/>\n\t<meta property=\"og:image:height\" content=\"284\" \/>\n\t<meta property=\"og:image:type\" content=\"image\/png\" \/>\n<meta name=\"twitter:card\" content=\"summary_large_image\" \/>\n<meta name=\"twitter:site\" content=\"@tinychat\" \/>\n<meta name=\"twitter:label1\" content=\"Est. tempo de leitura\" \/>\n\t<meta name=\"twitter:data1\" content=\"7 minutos\" \/>\n<script type=\"application\/ld+json\" class=\"yoast-schema-graph\">{\"@context\":\"https:\\\/\\\/schema.org\",\"@graph\":[{\"@type\":\"WebPage\",\"@id\":\"https:\\\/\\\/tinychat.com\\\/chathub\\\/\",\"url\":\"https:\\\/\\\/tinychat.com\\\/chathub\\\/\",\"name\":\"Chathub - 100% Free Random Video Chat - TinyChat\",\"isPartOf\":{\"@id\":\"https:\\\/\\\/tinychat.com\\\/#website\"},\"datePublished\":\"2025-04-04T10:10:29+00:00\",\"dateModified\":\"2025-07-07T16:18:13+00:00\",\"description\":\"Chathub: Enjoy 100% free random video chat. Connect instantly and meet new people with no hidden costs on TinyChat.com.\",\"breadcrumb\":{\"@id\":\"https:\\\/\\\/tinychat.com\\\/chathub\\\/#breadcrumb\"},\"inLanguage\":\"pt-BR\",\"potentialAction\":[{\"@type\":\"ReadAction\",\"target\":[\"https:\\\/\\\/tinychat.com\\\/chathub\\\/\"]}]},{\"@type\":\"BreadcrumbList\",\"@id\":\"https:\\\/\\\/tinychat.com\\\/chathub\\\/#breadcrumb\",\"itemListElement\":[{\"@type\":\"ListItem\",\"position\":1,\"name\":\"Home\",\"item\":\"https:\\\/\\\/tinychat.com\\\/\"},{\"@type\":\"ListItem\",\"position\":2,\"name\":\"Chathub\"}]},{\"@type\":\"WebSite\",\"@id\":\"https:\\\/\\\/tinychat.com\\\/#website\",\"url\":\"https:\\\/\\\/tinychat.com\\\/\",\"name\":\"TinyChat\",\"description\":\"Random Video Chat with Strangers\",\"publisher\":{\"@id\":\"https:\\\/\\\/tinychat.com\\\/#organization\"},\"alternateName\":\"TinyChat.com\",\"potentialAction\":[{\"@type\":\"SearchAction\",\"target\":{\"@type\":\"EntryPoint\",\"urlTemplate\":\"https:\\\/\\\/tinychat.com\\\/?s={search_term_string}\"},\"query-input\":{\"@type\":\"PropertyValueSpecification\",\"valueRequired\":true,\"valueName\":\"search_term_string\"}}],\"inLanguage\":\"pt-BR\"},{\"@type\":\"Organization\",\"@id\":\"https:\\\/\\\/tinychat.com\\\/#organization\",\"name\":\"TinyChat\",\"alternateName\":\"TinyChat.com\",\"url\":\"https:\\\/\\\/tinychat.com\\\/\",\"logo\":{\"@type\":\"ImageObject\",\"inLanguage\":\"pt-BR\",\"@id\":\"https:\\\/\\\/tinychat.com\\\/#\\\/schema\\\/logo\\\/image\\\/\",\"url\":\"https:\\\/\\\/tinychat.com\\\/wp-content\\\/uploads\\\/2023\\\/11\\\/Tinychat-icon-square.png\",\"contentUrl\":\"https:\\\/\\\/tinychat.com\\\/wp-content\\\/uploads\\\/2023\\\/11\\\/Tinychat-icon-square.png\",\"width\":284,\"height\":284,\"caption\":\"TinyChat\"},\"image\":{\"@id\":\"https:\\\/\\\/tinychat.com\\\/#\\\/schema\\\/logo\\\/image\\\/\"},\"sameAs\":[\"https:\\\/\\\/www.facebook.com\\\/tinychat\",\"https:\\\/\\\/x.com\\\/tinychat\"]}]}<\/script>\n<!-- \/ Yoast SEO plugin. -->","yoast_head_json":{"title":"Chathub - 100% Bate-papo por v\u00eddeo aleat\u00f3rio gratuito - TinyChat","description":"Chathub: Desfrute do bate-papo por v\u00eddeo aleat\u00f3rio gratuito 100%. Conecte-se instantaneamente e conhe\u00e7a novas pessoas sem custos ocultos no TinyChat.com.","robots":{"index":"index","follow":"follow","max-snippet":"max-snippet:-1","max-image-preview":"max-image-preview:large","max-video-preview":"max-video-preview:-1"},"canonical":"https:\/\/tinychat.com\/pt-br\/chathub\/","og_locale":"pt_BR","og_type":"article","og_title":"Chathub - 100% Free Random Video Chat - TinyChat","og_description":"Chathub: Enjoy 100% free random video chat. Connect instantly and meet new people with no hidden costs on TinyChat.com.","og_url":"https:\/\/tinychat.com\/pt-br\/chathub\/","og_site_name":"TinyChat","article_publisher":"https:\/\/www.facebook.com\/tinychat","article_modified_time":"2025-07-07T16:18:13+00:00","og_image":[{"width":1280,"height":284,"url":"https:\/\/tinychat.com\/wp-content\/uploads\/2020\/04\/Tinychat-logo-1280x284-new-black.png","type":"image\/png"}],"twitter_card":"summary_large_image","twitter_site":"@tinychat","twitter_misc":{"Est. tempo de leitura":"7 minutos"},"schema":{"@context":"https:\/\/schema.org","@graph":[{"@type":"WebPage","@id":"https:\/\/tinychat.com\/chathub\/","url":"https:\/\/tinychat.com\/chathub\/","name":"Chathub - 100% Bate-papo por v\u00eddeo aleat\u00f3rio gratuito - TinyChat","isPartOf":{"@id":"https:\/\/tinychat.com\/#website"},"datePublished":"2025-04-04T10:10:29+00:00","dateModified":"2025-07-07T16:18:13+00:00","description":"Chathub: Desfrute do bate-papo por v\u00eddeo aleat\u00f3rio gratuito 100%. Conecte-se instantaneamente e conhe\u00e7a novas pessoas sem custos ocultos no TinyChat.com.","breadcrumb":{"@id":"https:\/\/tinychat.com\/chathub\/#breadcrumb"},"inLanguage":"pt-BR","potentialAction":[{"@type":"ReadAction","target":["https:\/\/tinychat.com\/chathub\/"]}]},{"@type":"BreadcrumbList","@id":"https:\/\/tinychat.com\/chathub\/#breadcrumb","itemListElement":[{"@type":"ListItem","position":1,"name":"Home","item":"https:\/\/tinychat.com\/"},{"@type":"ListItem","position":2,"name":"Chathub"}]},{"@type":"WebSite","@id":"https:\/\/tinychat.com\/#website","url":"https:\/\/tinychat.com\/","name":"TinyChat","description":"Bate-papo por v\u00eddeo aleat\u00f3rio com estranhos","publisher":{"@id":"https:\/\/tinychat.com\/#organization"},"alternateName":"TinyChat.com","potentialAction":[{"@type":"SearchAction","target":{"@type":"EntryPoint","urlTemplate":"https:\/\/tinychat.com\/?s={search_term_string}"},"query-input":{"@type":"PropertyValueSpecification","valueRequired":true,"valueName":"search_term_string"}}],"inLanguage":"pt-BR"},{"@type":"Organization","@id":"https:\/\/tinychat.com\/#organization","name":"TinyChat","alternateName":"TinyChat.com","url":"https:\/\/tinychat.com\/","logo":{"@type":"ImageObject","inLanguage":"pt-BR","@id":"https:\/\/tinychat.com\/#\/schema\/logo\/image\/","url":"https:\/\/tinychat.com\/wp-content\/uploads\/2023\/11\/Tinychat-icon-square.png","contentUrl":"https:\/\/tinychat.com\/wp-content\/uploads\/2023\/11\/Tinychat-icon-square.png","width":284,"height":284,"caption":"TinyChat"},"image":{"@id":"https:\/\/tinychat.com\/#\/schema\/logo\/image\/"},"sameAs":["https:\/\/www.facebook.com\/tinychat","https:\/\/x.com\/tinychat"]}]}},"_links":{"self":[{"href":"https:\/\/tinychat.com\/pt-br\/wp-json\/wp\/v2\/pages\/909","targetHints":{"allow":["GET"]}}],"collection":[{"href":"https:\/\/tinychat.com\/pt-br\/wp-json\/wp\/v2\/pages"}],"about":[{"href":"https:\/\/tinychat.com\/pt-br\/wp-json\/wp\/v2\/types\/page"}],"author":[{"embeddable":true,"href":"https:\/\/tinychat.com\/pt-br\/wp-json\/wp\/v2\/users\/6"}],"replies":[{"embeddable":true,"href":"https:\/\/tinychat.com\/pt-br\/wp-json\/wp\/v2\/comments?post=909"}],"version-history":[{"count":3,"href":"https:\/\/tinychat.com\/pt-br\/wp-json\/wp\/v2\/pages\/909\/revisions"}],"predecessor-version":[{"id":13177,"href":"https:\/\/tinychat.com\/pt-br\/wp-json\/wp\/v2\/pages\/909\/revisions\/13177"}],"wp:attachment":[{"href":"https:\/\/tinychat.com\/pt-br\/wp-json\/wp\/v2\/media?parent=909"}],"curies":[{"name":"wp","href":"https:\/\/api.w.org\/{rel}","templated":true}]}}