{"id":980,"date":"2025-08-11T09:06:16","date_gmt":"2025-08-11T07:06:16","guid":{"rendered":"https:\/\/tinychat.com\/?page_id=980"},"modified":"2025-08-11T09:12:11","modified_gmt":"2025-08-11T07:12:11","slug":"azar","status":"publish","type":"page","link":"https:\/\/tinychat.com\/pt-br\/azar\/","title":{"rendered":"Azar"},"content":{"rendered":"<p>Em um mundo que se sente mais conectado do que nunca, mas ainda dividido pelo idioma, pela cultura e pela dist\u00e2ncia, o Azar se destaca como uma plataforma que realmente preenche essas lacunas. Esse popular aplicativo m\u00f3vel combina bate-papo por v\u00eddeo aleat\u00f3rio, descoberta social e tradu\u00e7\u00e3o em tempo real em uma experi\u00eancia perfeita, tornando-o uma das ferramentas mais poderosas para conhecer pessoas em todo o mundo.<\/p>\n<p>Com mais de 500 milh\u00f5es de downloads e usu\u00e1rios em mais de 190 pa\u00edses, o Azar redefiniu o significado de conhecer estranhos on-line. Se voc\u00ea deseja fazer amigos no exterior, praticar um idioma, explorar outras culturas ou apenas desfrutar de conversas espont\u00e2neas por v\u00eddeo, o Azar \u00e9 a solu\u00e7\u00e3o, mantendo uma interface polida e m\u00f3vel e controles de seguran\u00e7a robustos.<\/p>\n<p>Esta an\u00e1lise detalhada o guiar\u00e1 por tudo o que voc\u00ea precisa saber sobre o Azar, desde seus recursos e configura\u00e7\u00e3o at\u00e9 a compara\u00e7\u00e3o com outras plataformas, al\u00e9m de dicas de especialistas para aproveitar ao m\u00e1ximo seu tempo no aplicativo.<\/p>\n<h2>O que \u00e9 o Azar?<\/h2>\n<p>O Azar \u00e9 um aplicativo de rede social e bate-papo por v\u00eddeo instant\u00e2neo que permite que voc\u00ea se conecte com pessoas de qualquer lugar do mundo em segundos. Ao contr\u00e1rio das simples salas de bate-papo baseadas em texto, o foco principal do Azar \u00e9 a conversa face a face, trazendo o elemento humano de volta \u00e0 intera\u00e7\u00e3o on-line.<\/p>\n<p>Lan\u00e7ado pela Hyperconnect em 2014 (posteriormente adquirido pelo Match Group em 2021), o Azar se tornou um dos nomes mais reconhecidos no bate-papo por v\u00eddeo aleat\u00f3rio. Seus recursos definidores - tradu\u00e7\u00e3o ao vivo, filtros de g\u00eanero\/localiza\u00e7\u00e3o e ferramentas para fazer amigos - o tornam igualmente popular para conversas casuais, troca de idiomas e explora\u00e7\u00e3o cultural.<\/p>\n<h2>Principais recursos do Azar<\/h2>\n<p>A popularidade do Azar n\u00e3o \u00e9 por acaso - ele \u00e9 repleto de ferramentas exclusivas que aprimoram a conex\u00e3o e a seguran\u00e7a.<\/p>\n<h3>1. Bate-papo por v\u00eddeo aleat\u00f3rio<\/h3>\n<ul>\n<li>Combine instantaneamente com usu\u00e1rios de qualquer lugar do mundo.<\/li>\n<li>Passe o dedo para se conectar com a pr\u00f3xima pessoa.<\/li>\n<li>V\u00eddeo e \u00e1udio HD em tempo real para conversas tranquilas.<\/li>\n<\/ul>\n<h3>2. Filtros de localiza\u00e7\u00e3o e g\u00eanero<\/h3>\n<ul>\n<li>Escolha se conectar com pessoas de pa\u00edses ou regi\u00f5es espec\u00edficos.<\/li>\n<li>Filtre por g\u00eanero para obter uma experi\u00eancia mais personalizada.<\/li>\n<li>Alguns filtros exigem moedas ou acesso premium.<\/li>\n<\/ul>\n<h3>3. Tradu\u00e7\u00e3o em tempo real<\/h3>\n<ul>\n<li>Tradu\u00e7\u00e3o autom\u00e1tica de texto e voz em v\u00e1rios idiomas.<\/li>\n<li>Rompe as barreiras do idioma instantaneamente.<\/li>\n<li>Ideal para alunos de idiomas ou conex\u00f5es interculturais.<\/li>\n<\/ul>\n<h3>4. Sistema de amigos e mensagens<\/h3>\n<ul>\n<li>Adicione pessoas com as quais voc\u00ea se conecta como amigos.<\/li>\n<li>Continue as conversas por meio de mensagens de texto e v\u00eddeo no aplicativo.<\/li>\n<li>Compartilhe imagens, adesivos e emojis no bate-papo.<\/li>\n<\/ul>\n<h3>5. Efeitos virtuais e personaliza\u00e7\u00e3o<\/h3>\n<ul>\n<li>Filtros de v\u00eddeo, molduras e adesivos divertidos para dar personalidade \u00e0s chamadas.<\/li>\n<li>Personalize seu perfil com fotos e interesses.<\/li>\n<\/ul>\n<h3>6. Seguran\u00e7a e modera\u00e7\u00e3o<\/h3>\n<ul>\n<li>Modera\u00e7\u00e3o humana e com intelig\u00eancia artificial 24 horas por dia, 7 dias por semana.<\/li>\n<li>Ferramentas de relat\u00f3rio\/bloqueio no aplicativo.<\/li>\n<li>Filtro de desfoque opcional para visualizar as correspond\u00eancias antes da conex\u00e3o.<\/li>\n<\/ul>\n<h3>7. Sistema de moedas e pr\u00eamios<\/h3>\n<ul>\n<li>Ganhe ou compre moedas para desbloquear determinados filtros e recursos.<\/li>\n<li>O Premium desbloqueia uma segmenta\u00e7\u00e3o por local mais espec\u00edfica, bate-papos ilimitados e recursos avan\u00e7ados.<\/li>\n<\/ul>\n<h2>Como usar o Azar<\/h2>\n<p>O Azar foi projetado para ser simples para usu\u00e1rios iniciantes e oferecer profundidade suficiente para os usu\u00e1rios regulares.<\/p>\n<h3>Etapa 1: Fa\u00e7a o download do aplicativo<\/h3>\n<ul>\n<li>Dispon\u00edvel gratuitamente para iOS e Android.<\/li>\n<li>Instale a partir da App Store ou do Google Play.<\/li>\n<\/ul>\n<h3>Etapa 2: Registre-se ou fa\u00e7a login<\/h3>\n<ul>\n<li>Registre-se com e-mail, Facebook, Google ou Apple ID.<\/li>\n<li>Adicione uma foto de perfil para aumentar o engajamento.<\/li>\n<\/ul>\n<h3>Etapa 3: Defina suas prefer\u00eancias<\/h3>\n<ul>\n<li>Selecione o g\u00eanero e a faixa et\u00e1ria.<\/li>\n<li>Escolha as prefer\u00eancias de localiza\u00e7\u00e3o (global ou pa\u00edses espec\u00edficos).<\/li>\n<li>Ajustar as configura\u00e7\u00f5es de privacidade.<\/li>\n<\/ul>\n<h3>Etapa 4: Iniciar o bate-papo<\/h3>\n<ul>\n<li>Toque no \u00edcone do v\u00eddeo para ser correspondido instantaneamente.<\/li>\n<li>Passe o dedo para pular e encontrar algu\u00e9m novo.<\/li>\n<li>Use o recurso de tradu\u00e7\u00e3o em tempo real, se necess\u00e1rio.<\/li>\n<\/ul>\n<h3>Etapa 5: Adicionar amigos e continuar o bate-papo<\/h3>\n<ul>\n<li>Clique no bot\u00e3o \"add friend\" (adicionar amigo) para salvar boas conex\u00f5es.<\/li>\n<li>Use o bate-papo de texto ou mensagens de v\u00eddeo no aplicativo para manter contato.<\/li>\n<\/ul>\n<h2>Experi\u00eancia do usu\u00e1rio no Azar<\/h2>\n<p>O design do Azar, que prioriza os dispositivos m\u00f3veis e \u00e9 baseado em deslizamento, faz com que ele pare\u00e7a natural para qualquer pessoa familiarizada com aplicativos modernos.<\/p>\n<h3>O que os usu\u00e1rios adoram<\/h3>\n<ul>\n<li>Alcance global: Conhe\u00e7a pessoas de mais de 190 pa\u00edses.<\/li>\n<li>Tradu\u00e7\u00e3o em tempo real: Elimina as barreiras de comunica\u00e7\u00e3o.<\/li>\n<li>Qualidade de v\u00eddeo suave: Mesmo com conex\u00f5es internacionais.<\/li>\n<li>Filtros e adesivos divertidos: Adicione personalidade \u00e0s chamadas.<\/li>\n<li>Ambiente seguro: A modera\u00e7\u00e3o ativa mant\u00e9m as coisas respeitosas.<\/li>\n<li>Sistema de amigos: Crie conex\u00f5es cont\u00ednuas.<\/li>\n<\/ul>\n<h3>Onde os usu\u00e1rios veem espa\u00e7o para melhorias<\/h3>\n<ul>\n<li>Alguns filtros avan\u00e7ados exigem moedas ou pr\u00eamio.<\/li>\n<li>Ocasionalmente, h\u00e1 incompatibilidade de idioma na tradu\u00e7\u00e3o.<\/li>\n<li>Partidas gratuitas limitadas em compara\u00e7\u00e3o com plataformas totalmente gratuitas.<\/li>\n<li>O custo do pr\u00eamio pode ser alto para usu\u00e1rios casuais.<\/li>\n<\/ul>\n<h2>Azar vs. outros aplicativos de bate-papo por v\u00eddeo<\/h2>\n<table>\n<thead>\n<tr>\n<th>Recurso<\/th>\n<th>Azar<\/th>\n<th>HOLLA<\/th>\n<th>LivU<\/th>\n<th>Macaco<\/th>\n<th>ChatHub<\/th>\n<th>OmegleWeb<\/th>\n<\/tr>\n<\/thead>\n<tbody>\n<tr>\n<td>Random Video Chat com Estranhos<\/td>\n<td>\u2705 Sim<\/td>\n<td>\u2705 Sim<\/td>\n<td>\u2705 Sim<\/td>\n<td>\u2705 Sim<\/td>\n<td>\u2705 Sim<\/td>\n<td>\u2705 Sim<\/td>\n<\/tr>\n<tr>\n<td>Tradu\u00e7\u00e3o em tempo real<\/td>\n<td>\u2705 Sim<\/td>\n<td>\u274c N\u00e3o<\/td>\n<td>\u274c N\u00e3o<\/td>\n<td>\u274c N\u00e3o<\/td>\n<td>\u274c N\u00e3o<\/td>\n<td>\u274c N\u00e3o<\/td>\n<\/tr>\n<tr>\n<td>Sistema de amigos<\/td>\n<td>\u2705 Sim<\/td>\n<td>\u2705 Sim<\/td>\n<td>\u2705 Sim<\/td>\n<td>\u2705 Sim<\/td>\n<td>\u2705 Sim<\/td>\n<td>\u274c N\u00e3o<\/td>\n<\/tr>\n<tr>\n<td>Filtros de g\u00eanero\/localiza\u00e7\u00e3o<\/td>\n<td>\u2705 Sim<\/td>\n<td>\u2705 Sim<\/td>\n<td>\u2705 Sim<\/td>\n<td>\u2705 Sim<\/td>\n<td>\u2705 Sim<\/td>\n<td>\u26a0\ufe0f Limited<\/td>\n<\/tr>\n<tr>\n<td>Aplicativo m\u00f3vel<\/td>\n<td>\u2705 Sim<\/td>\n<td>\u2705 Sim<\/td>\n<td>\u2705 Sim<\/td>\n<td>\u2705 Sim<\/td>\n<td>\u2705 Sim<\/td>\n<td>\u2705 Sim<\/td>\n<\/tr>\n<tr>\n<td>Filtros e efeitos<\/td>\n<td>\u2705 Sim<\/td>\n<td>\u2705 Sim<\/td>\n<td>\u2705 Sim<\/td>\n<td>\u2705 Sim<\/td>\n<td>\u2705 Sim<\/td>\n<td>\u274c N\u00e3o<\/td>\n<\/tr>\n<tr>\n<td>Op\u00e7\u00e3o Premium<\/td>\n<td>\u2705 Sim<\/td>\n<td>\u2705 Sim<\/td>\n<td>\u2705 Sim<\/td>\n<td>\u2705 Sim<\/td>\n<td>\u274c N\u00e3o<\/td>\n<td>\u274c N\u00e3o<\/td>\n<\/tr>\n<\/tbody>\n<\/table>\n<p>Resumo: O Azar \u00e9 ideal para quem deseja conex\u00f5es internacionais sem barreiras de idioma. Suas ferramentas de tradu\u00e7\u00e3o e a enorme base de usu\u00e1rios o diferenciam das plataformas de bate-papo aleat\u00f3rias mais b\u00e1sicas.<\/p>\n<h2>O Azar \u00e9 seguro?<\/h2>\n<p>Sim - desde que voc\u00ea siga as diretrizes b\u00e1sicas de seguran\u00e7a on-line. Azar usa:<\/p>\n<ul>\n<li>IA e modera\u00e7\u00e3o humana para filtrar conte\u00fado inadequado.<\/li>\n<li>Verifica\u00e7\u00e3o de perfil para reduzir contas falsas.<\/li>\n<li>Visualiza\u00e7\u00e3o do desfoque para maior conforto.<\/li>\n<li>Relatar\/bloquear ferramentas para quaisquer viola\u00e7\u00f5es.<\/li>\n<\/ul>\n<h3>Dicas de seguran\u00e7a para usu\u00e1rios<\/h3>\n<ul>\n<li>Evite compartilhar informa\u00e7\u00f5es pessoais.<\/li>\n<li>Use a tradu\u00e7\u00e3o com cuidado - as tradu\u00e7\u00f5es autom\u00e1ticas podem, \u00e0s vezes, alterar o significado.<\/li>\n<li>Confie em seus instintos - encerre qualquer conversa que o deixe desconfort\u00e1vel.<\/li>\n<li>Os pais devem monitorar o uso se estiver instalado em dispositivos de adolescentes.<\/li>\n<\/ul>\n<h2>Dicas para obter o m\u00e1ximo do Azar<\/h2>\n<ul>\n<li>Experimente regi\u00f5es diferentes: Amplie seus horizontes culturais.<\/li>\n<li>Use a tradu\u00e7\u00e3o ativamente: Aprenda frases enquanto estiver conversando.<\/li>\n<li>Bate-papo nos hor\u00e1rios de pico: Aumenta a variedade de partidas.<\/li>\n<li>Use uma foto de perfil clara: Aumenta as taxas de engajamento.<\/li>\n<li>Seja amig\u00e1vel e tenha a mente aberta: A energia positiva atrai melhores conversas.<\/li>\n<li>Denunciar mau comportamento: Ajuda a manter a seguran\u00e7a da comunidade.<\/li>\n<\/ul>\n<h2>Problemas e corre\u00e7\u00f5es comuns do Azar<\/h2>\n<h3>O v\u00eddeo n\u00e3o est\u00e1 se conectando<\/h3>\n<p>Verifique a velocidade da Internet, mude para Wi-Fi e permita permiss\u00f5es de c\u00e2mera\/microfone.<\/p>\n<h3>Os filtros n\u00e3o est\u00e3o funcionando<\/h3>\n<p>Verifique se voc\u00ea tem moedas suficientes ou se o pr\u00eamio est\u00e1 habilitado.<\/p>\n<h3>Qualidade de tradu\u00e7\u00e3o ruim<\/h3>\n<p>Fale claramente, evite g\u00edrias e use frases curtas.<\/p>\n<h3>Usu\u00e1rios inadequados<\/h3>\n<p>Bloqueie e denuncie imediatamente - a modera\u00e7\u00e3o \u00e9 responsiva.<\/p>\n<p>Se sua meta \u00e9 conhecer pessoas do mundo todo, aprender sobre outras culturas e conversar sem se preocupar com as diferen\u00e7as de idioma, o Azar \u00e9 uma das op\u00e7\u00f5es mais avan\u00e7adas e refinadas dispon\u00edveis atualmente. Seu recurso de tradu\u00e7\u00e3o por si s\u00f3 o torna \u00fanico no espa\u00e7o de bate-papo por v\u00eddeo aleat\u00f3rio.<\/p>\n<p>Embora alguns recursos exijam moedas ou acesso premium, a vers\u00e3o gratuita ainda oferece muitas oportunidades para se conectar globalmente. O Azar \u00e9 uma excelente op\u00e7\u00e3o para socializa\u00e7\u00e3o internacional, interc\u00e2mbio de idiomas e para fazer amizades duradouras al\u00e9m das fronteiras.<\/p>\n<p>Pronto para come\u00e7ar a conversar? Baixe o Azar para iOS ou Android, defina suas prefer\u00eancias e explore o mundo - uma conversa cara a cara de cada vez.<\/p>","protected":false},"excerpt":{"rendered":"<p>In a world that feels more connected than ever yet still divided by language, culture, and distance, Azar stands out as a platform that truly bridges those gaps. This popular mobile app blends random video chat, social discovery, and real-time translation into a seamless experience, making it one of the most powerful tools for meeting [&hellip;]<\/p>\n","protected":false},"author":6,"featured_media":0,"parent":0,"menu_order":0,"comment_status":"closed","ping_status":"closed","template":"","meta":{"footnotes":""},"class_list":["post-980","page","type-page","status-publish","hentry"],"yoast_head":"<!-- This site is optimized with the Yoast SEO plugin v27.6 - https:\/\/yoast.com\/product\/yoast-seo-wordpress\/ -->\n<title>Azar - Alternative to OmeTV &amp; Monkey App - TinyChat.com<\/title>\n<meta name=\"description\" content=\"Enjoying Azar? Join over 50,000,000 strangers on TinyChat! Turn on your cam and start meeting new people, or find a match.\" \/>\n<meta name=\"robots\" content=\"index, follow, max-snippet:-1, max-image-preview:large, max-video-preview:-1\" \/>\n<link rel=\"canonical\" href=\"https:\/\/tinychat.com\/pt-br\/azar\/\" \/>\n<meta property=\"og:locale\" content=\"pt_BR\" \/>\n<meta property=\"og:type\" content=\"article\" \/>\n<meta property=\"og:title\" content=\"Azar - Alternative to OmeTV &amp; Monkey App - TinyChat.com\" \/>\n<meta property=\"og:description\" content=\"Enjoying Azar? Join over 50,000,000 strangers on TinyChat! Turn on your cam and start meeting new people, or find a match.\" \/>\n<meta property=\"og:url\" content=\"https:\/\/tinychat.com\/pt-br\/azar\/\" \/>\n<meta property=\"og:site_name\" content=\"TinyChat\" \/>\n<meta property=\"article:publisher\" content=\"https:\/\/www.facebook.com\/tinychat\" \/>\n<meta property=\"article:modified_time\" content=\"2025-08-11T07:12:11+00:00\" \/>\n<meta property=\"og:image\" content=\"https:\/\/tinychat.com\/wp-content\/uploads\/2020\/04\/Tinychat-logo-1280x284-new-black.png\" \/>\n\t<meta property=\"og:image:width\" content=\"1280\" \/>\n\t<meta property=\"og:image:height\" content=\"284\" \/>\n\t<meta property=\"og:image:type\" content=\"image\/png\" \/>\n<meta name=\"twitter:card\" content=\"summary_large_image\" \/>\n<meta name=\"twitter:site\" content=\"@tinychat\" \/>\n<meta name=\"twitter:label1\" content=\"Est. tempo de leitura\" \/>\n\t<meta name=\"twitter:data1\" content=\"5 minutos\" \/>\n<script type=\"application\/ld+json\" class=\"yoast-schema-graph\">{\"@context\":\"https:\\\/\\\/schema.org\",\"@graph\":[{\"@type\":\"WebPage\",\"@id\":\"https:\\\/\\\/tinychat.com\\\/azar\\\/\",\"url\":\"https:\\\/\\\/tinychat.com\\\/azar\\\/\",\"name\":\"Azar - Alternative to OmeTV & Monkey App - TinyChat.com\",\"isPartOf\":{\"@id\":\"https:\\\/\\\/tinychat.com\\\/#website\"},\"datePublished\":\"2025-08-11T07:06:16+00:00\",\"dateModified\":\"2025-08-11T07:12:11+00:00\",\"description\":\"Enjoying Azar? Join over 50,000,000 strangers on TinyChat! Turn on your cam and start meeting new people, or find a match.\",\"breadcrumb\":{\"@id\":\"https:\\\/\\\/tinychat.com\\\/azar\\\/#breadcrumb\"},\"inLanguage\":\"pt-BR\",\"potentialAction\":[{\"@type\":\"ReadAction\",\"target\":[\"https:\\\/\\\/tinychat.com\\\/azar\\\/\"]}]},{\"@type\":\"BreadcrumbList\",\"@id\":\"https:\\\/\\\/tinychat.com\\\/azar\\\/#breadcrumb\",\"itemListElement\":[{\"@type\":\"ListItem\",\"position\":1,\"name\":\"Home\",\"item\":\"https:\\\/\\\/tinychat.com\\\/\"},{\"@type\":\"ListItem\",\"position\":2,\"name\":\"Azar\"}]},{\"@type\":\"WebSite\",\"@id\":\"https:\\\/\\\/tinychat.com\\\/#website\",\"url\":\"https:\\\/\\\/tinychat.com\\\/\",\"name\":\"TinyChat\",\"description\":\"Random Video Chat with Strangers\",\"publisher\":{\"@id\":\"https:\\\/\\\/tinychat.com\\\/#organization\"},\"alternateName\":\"TinyChat.com\",\"potentialAction\":[{\"@type\":\"SearchAction\",\"target\":{\"@type\":\"EntryPoint\",\"urlTemplate\":\"https:\\\/\\\/tinychat.com\\\/?s={search_term_string}\"},\"query-input\":{\"@type\":\"PropertyValueSpecification\",\"valueRequired\":true,\"valueName\":\"search_term_string\"}}],\"inLanguage\":\"pt-BR\"},{\"@type\":\"Organization\",\"@id\":\"https:\\\/\\\/tinychat.com\\\/#organization\",\"name\":\"TinyChat\",\"alternateName\":\"TinyChat.com\",\"url\":\"https:\\\/\\\/tinychat.com\\\/\",\"logo\":{\"@type\":\"ImageObject\",\"inLanguage\":\"pt-BR\",\"@id\":\"https:\\\/\\\/tinychat.com\\\/#\\\/schema\\\/logo\\\/image\\\/\",\"url\":\"https:\\\/\\\/tinychat.com\\\/wp-content\\\/uploads\\\/2023\\\/11\\\/Tinychat-icon-square.png\",\"contentUrl\":\"https:\\\/\\\/tinychat.com\\\/wp-content\\\/uploads\\\/2023\\\/11\\\/Tinychat-icon-square.png\",\"width\":284,\"height\":284,\"caption\":\"TinyChat\"},\"image\":{\"@id\":\"https:\\\/\\\/tinychat.com\\\/#\\\/schema\\\/logo\\\/image\\\/\"},\"sameAs\":[\"https:\\\/\\\/www.facebook.com\\\/tinychat\",\"https:\\\/\\\/x.com\\\/tinychat\"]}]}<\/script>\n<!-- \/ Yoast SEO plugin. -->","yoast_head_json":{"title":"Azar - Alternativa ao OmeTV e Monkey App - TinyChat.com","description":"Est\u00e1 gostando do Azar? Junte-se a mais de 50.000.000 de estranhos no TinyChat! Ligue sua c\u00e2mera e comece a conhecer novas pessoas ou encontre um par.","robots":{"index":"index","follow":"follow","max-snippet":"max-snippet:-1","max-image-preview":"max-image-preview:large","max-video-preview":"max-video-preview:-1"},"canonical":"https:\/\/tinychat.com\/pt-br\/azar\/","og_locale":"pt_BR","og_type":"article","og_title":"Azar - Alternative to OmeTV & Monkey App - TinyChat.com","og_description":"Enjoying Azar? Join over 50,000,000 strangers on TinyChat! Turn on your cam and start meeting new people, or find a match.","og_url":"https:\/\/tinychat.com\/pt-br\/azar\/","og_site_name":"TinyChat","article_publisher":"https:\/\/www.facebook.com\/tinychat","article_modified_time":"2025-08-11T07:12:11+00:00","og_image":[{"width":1280,"height":284,"url":"https:\/\/tinychat.com\/wp-content\/uploads\/2020\/04\/Tinychat-logo-1280x284-new-black.png","type":"image\/png"}],"twitter_card":"summary_large_image","twitter_site":"@tinychat","twitter_misc":{"Est. tempo de leitura":"5 minutos"},"schema":{"@context":"https:\/\/schema.org","@graph":[{"@type":"WebPage","@id":"https:\/\/tinychat.com\/azar\/","url":"https:\/\/tinychat.com\/azar\/","name":"Azar - Alternativa ao OmeTV e Monkey App - TinyChat.com","isPartOf":{"@id":"https:\/\/tinychat.com\/#website"},"datePublished":"2025-08-11T07:06:16+00:00","dateModified":"2025-08-11T07:12:11+00:00","description":"Est\u00e1 gostando do Azar? Junte-se a mais de 50.000.000 de estranhos no TinyChat! Ligue sua c\u00e2mera e comece a conhecer novas pessoas ou encontre um par.","breadcrumb":{"@id":"https:\/\/tinychat.com\/azar\/#breadcrumb"},"inLanguage":"pt-BR","potentialAction":[{"@type":"ReadAction","target":["https:\/\/tinychat.com\/azar\/"]}]},{"@type":"BreadcrumbList","@id":"https:\/\/tinychat.com\/azar\/#breadcrumb","itemListElement":[{"@type":"ListItem","position":1,"name":"Home","item":"https:\/\/tinychat.com\/"},{"@type":"ListItem","position":2,"name":"Azar"}]},{"@type":"WebSite","@id":"https:\/\/tinychat.com\/#website","url":"https:\/\/tinychat.com\/","name":"TinyChat","description":"Bate-papo por v\u00eddeo aleat\u00f3rio com estranhos","publisher":{"@id":"https:\/\/tinychat.com\/#organization"},"alternateName":"TinyChat.com","potentialAction":[{"@type":"SearchAction","target":{"@type":"EntryPoint","urlTemplate":"https:\/\/tinychat.com\/?s={search_term_string}"},"query-input":{"@type":"PropertyValueSpecification","valueRequired":true,"valueName":"search_term_string"}}],"inLanguage":"pt-BR"},{"@type":"Organization","@id":"https:\/\/tinychat.com\/#organization","name":"TinyChat","alternateName":"TinyChat.com","url":"https:\/\/tinychat.com\/","logo":{"@type":"ImageObject","inLanguage":"pt-BR","@id":"https:\/\/tinychat.com\/#\/schema\/logo\/image\/","url":"https:\/\/tinychat.com\/wp-content\/uploads\/2023\/11\/Tinychat-icon-square.png","contentUrl":"https:\/\/tinychat.com\/wp-content\/uploads\/2023\/11\/Tinychat-icon-square.png","width":284,"height":284,"caption":"TinyChat"},"image":{"@id":"https:\/\/tinychat.com\/#\/schema\/logo\/image\/"},"sameAs":["https:\/\/www.facebook.com\/tinychat","https:\/\/x.com\/tinychat"]}]}},"_links":{"self":[{"href":"https:\/\/tinychat.com\/pt-br\/wp-json\/wp\/v2\/pages\/980","targetHints":{"allow":["GET"]}}],"collection":[{"href":"https:\/\/tinychat.com\/pt-br\/wp-json\/wp\/v2\/pages"}],"about":[{"href":"https:\/\/tinychat.com\/pt-br\/wp-json\/wp\/v2\/types\/page"}],"author":[{"embeddable":true,"href":"https:\/\/tinychat.com\/pt-br\/wp-json\/wp\/v2\/users\/6"}],"replies":[{"embeddable":true,"href":"https:\/\/tinychat.com\/pt-br\/wp-json\/wp\/v2\/comments?post=980"}],"version-history":[{"count":4,"href":"https:\/\/tinychat.com\/pt-br\/wp-json\/wp\/v2\/pages\/980\/revisions"}],"predecessor-version":[{"id":13425,"href":"https:\/\/tinychat.com\/pt-br\/wp-json\/wp\/v2\/pages\/980\/revisions\/13425"}],"wp:attachment":[{"href":"https:\/\/tinychat.com\/pt-br\/wp-json\/wp\/v2\/media?parent=980"}],"curies":[{"name":"wp","href":"https:\/\/api.w.org\/{rel}","templated":true}]}}