{"id":10021,"date":"2025-12-02T08:48:35","date_gmt":"2025-12-02T06:48:35","guid":{"rendered":"https:\/\/tinychat.com\/?page_id=10021"},"modified":"2025-12-02T10:48:18","modified_gmt":"2025-12-02T08:48:18","slug":"randochat","status":"publish","type":"page","link":"https:\/\/tinychat.com\/tr\/randochat\/","title":{"rendered":"Randochat"},"content":{"rendered":"<p>\u00c7evrimi\u00e7i sohbet d\u00fcnyas\u0131 geli\u015fmeye devam ediyor, ancak bir kavram zamans\u0131zl\u0131\u011f\u0131n\u0131 koruyor: yeni biriyle an\u0131nda ve anonim olarak tan\u0131\u015fman\u0131n heyecan\u0131. RandoChat bu ruhu m\u00fckemmel bir \u015fekilde yans\u0131t\u0131yor. Kay\u0131t, profil veya ki\u015fisel bilgi gerektirmeden sizi d\u00fcnyan\u0131n d\u00f6rt bir yan\u0131ndaki yabanc\u0131larla bulu\u015fturan basit, h\u0131zl\u0131 ve gizlilik odakl\u0131 bir rastgele sohbet platformudur.<\/p>\n<p>H\u0131zl\u0131 bir sohbet, zaman ge\u00e7irmek i\u00e7in bir yol veya yeni insanlarla anonim olarak tan\u0131\u015fmak i\u00e7in bir alan ar\u0131yorsan\u0131z, RandoChat tamamen spontan insan etkile\u015fimi etraf\u0131nda olu\u015fturulmu\u015f temiz ve modern bir deneyim sunar. B\u00f6lgenize ba\u011fl\u0131 olarak hem mobil uygulama s\u00fcr\u00fcmleri hem de web tabanl\u0131 \u00e7\u00f6z\u00fcmler sunan RandoChat, anonim sohbet alan\u0131nda en tan\u0131nm\u0131\u015f isimlerden biri haline gelmi\u015ftir.<\/p>\n<p>Bu ayr\u0131nt\u0131l\u0131 k\u0131lavuz, RandoChat'in ne oldu\u011funu, nas\u0131l \u00e7al\u0131\u015ft\u0131\u011f\u0131n\u0131, \u00f6zelliklerini, kullan\u0131c\u0131 deneyimini, kar\u015f\u0131la\u015ft\u0131rmalar\u0131n\u0131, g\u00fcvenlik ipu\u00e7lar\u0131n\u0131, sorun giderme tavsiyelerini ve neden bu kadar \u00e7ok ki\u015finin onu kullanmaya devam etti\u011fini inceliyor.<\/p>\n<h2>RandoChat nedir?<\/h2>\n<p>RandoChat, kullan\u0131c\u0131lar\u0131 oturum a\u00e7ma veya ki\u015fisel veri gerektirmeden an\u0131nda birbirine ba\u011flayan anonim bir rastgele sohbet platformudur. Chatroulette veya Omegle alternatifleri gibi video tabanl\u0131 sohbet platformlar\u0131n\u0131n aksine, RandoChat yaln\u0131zca metin tabanl\u0131 bire bir sohbete odaklanmaktad\u0131r.<\/p>\n<p>Bu format, a\u015fa\u011f\u0131dakileri isteyen kullan\u0131c\u0131lara hitap eder:<\/p>\n<ul>\n<li>D\u00fc\u015f\u00fck bas\u0131n\u00e7l\u0131, yaln\u0131zca metin i\u00e7eren ileti\u015fim<\/li>\n<li>Tamamen anonimlik<\/li>\n<li>Kamera veya mikrofon gereksinimi yoktur<\/li>\n<li>H\u0131zl\u0131 ve dikkat da\u011f\u0131t\u0131c\u0131 unsurlar i\u00e7ermeyen sohbet deneyimi<\/li>\n<li>Gizlilik \u00f6ncelikli tasar\u0131m<\/li>\n<\/ul>\n<p>Basitli\u011fi, en b\u00fcy\u00fck g\u00fcc\u00fc: uygulamay\u0131 veya siteyi a\u00e7\u0131n, sohbet etmeye ba\u015flay\u0131n ve yeni biriyle ba\u011flant\u0131 kurun \u2014 profil, kullan\u0131c\u0131 ad\u0131 ve kimlik bilgileri payla\u015f\u0131lmaz, siz payla\u015fmak istemedi\u011finiz s\u00fcrece.<\/p>\n<p>RandoChat \u015funlar i\u00e7in idealdir:<\/p>\n<ul>\n<li>G\u00fcndelik, anonim sohbet etmek isteyen ki\u015filer<\/li>\n<li>Sosyal medya algoritmalar\u0131ndan uzakla\u015fmak isteyen kullan\u0131c\u0131lar<\/li>\n<li>Spontane ba\u011flant\u0131lardan ho\u015flanan herkes<\/li>\n<li>Video sohbeti kullanmay\u0131 tercih etmeyenler<\/li>\n<li>Yabanc\u0131 uyruklu ki\u015filerle konu\u015fmak isteyen gezginler veya dil \u00f6\u011frenenler<\/li>\n<\/ul>\n<h2>RandoChat'in Temel \u00d6zellikleri<\/h2>\n<p>RandoChat, rastgele sohbeti en temel unsurlar\u0131na indirger. \u0130\u015fte platformun temel \u00f6zellikleri:<\/p>\n<h3>1. Tamamen Anonim Sohbet<\/h3>\n<ul>\n<li>Giri\u015f veya e-posta gerekmez<\/li>\n<li>Kullan\u0131c\u0131 ad\u0131 veya kimlik numaras\u0131 yok<\/li>\n<li>Sohbetler her oturumdan sonra otomatik olarak silinir<\/li>\n<li>Profil, foto\u011fraf veya ki\u015fisel bilgi gerekmez<\/li>\n<\/ul>\n<p>Bu, kullan\u0131c\u0131lar\u0131n kendilerini \u00f6zg\u00fcrce ifade edebilecekleri ger\u00e7ek anlamda \u00f6zel bir ortam yarat\u0131r.<\/p>\n<h3>2. Yaln\u0131zca Metin \u0130\u00e7eren Sohbetler<\/h3>\n<ul>\n<li>Tamamen metin mesajla\u015fmas\u0131na odaklan\u0131r<\/li>\n<li>Y\u00fcz\u00fcn\u00fc g\u00f6stermek istemeyen kullan\u0131c\u0131lar i\u00e7in ideal<\/li>\n<li>Video sohbetinden daha h\u0131zl\u0131 ve daha d\u00fc\u015f\u00fck bant geni\u015fli\u011fi<\/li>\n<li>Her zaman, her yerde gizlice sohbet etmek i\u00e7in harika<\/li>\n<\/ul>\n<h3>3. An\u0131nda E\u015fle\u015ftirme<\/h3>\n<ul>\n<li>Saniyeler i\u00e7inde sizi bir yabanc\u0131yla bulu\u015fturur<\/li>\n<li>Uzun kuyruklar veya e\u015fle\u015ftirme gecikmeleri yok<\/li>\n<li>Sohbet edin, ard\u0131ndan kayd\u0131r\u0131n veya dokunun ve an\u0131nda yeni birini bulun<\/li>\n<\/ul>\n<h3>4. Temiz, Minimal Aray\u00fcz<\/h3>\n<ul>\n<li>Dikkatinizi da\u011f\u0131tmayan basit sohbet penceresi<\/li>\n<li>Her ya\u015f grubu i\u00e7in uygun, kullan\u0131m\u0131 kolay d\u00fczen<\/li>\n<li>H\u0131zl\u0131 mesaj iletimi ve sorunsuz performans<\/li>\n<\/ul>\n<h3>5. Mobil Uygulama Deste\u011fi<\/h3>\n<ul>\n<li>Bir\u00e7ok b\u00f6lgede Android ve iOS'ta mevcuttur<\/li>\n<li>Mobil cihazlar i\u00e7in \u00f6zel olarak tasarlanm\u0131\u015f ileti\u015fim<\/li>\n<li>Hafif ve pil dostu<\/li>\n<\/ul>\n<h3>6. Otomatik Mesaj Silme<\/h3>\n<ul>\n<li>Sohbetler, konu\u015fmadan ayr\u0131ld\u0131\u011f\u0131n\u0131zda kaybolur.<\/li>\n<li>Cihaz\u0131n\u0131zda hi\u00e7bir \u015fey kaydedilmez<\/li>\n<li>Mesajlar kurtar\u0131lamaz<\/li>\n<\/ul>\n<p>Bu, RandoChat'in gizlilik konusunda hassas kullan\u0131c\u0131lar aras\u0131nda pop\u00fcler olmas\u0131n\u0131n ana nedenlerinden biridir.<\/p>\n<h3>7. \u00dccretsiz Kullan\u0131m<\/h3>\n<ul>\n<li>Sohbet etmeye ba\u015flamak i\u00e7in \u00f6deme gerekmez<\/li>\n<li>Temel i\u015flevler i\u00e7in \u00fccretli y\u00fckseltme gerekmez<\/li>\n<\/ul>\n<h2>RandoChat Nas\u0131l Kullan\u0131l\u0131r?<\/h2>\n<p>RandoChat basitlik i\u00e7in tasarlanm\u0131\u015ft\u0131r \u2014 i\u015fte nas\u0131l ba\u015flayaca\u011f\u0131n\u0131z:<\/p>\n<h3>Ad\u0131m 1: Web sitesini veya uygulamay\u0131 a\u00e7\u0131n<\/h3>\n<p>B\u00f6lgenize ba\u011fl\u0131 olarak \u015funlar\u0131 kullanabilirsiniz:<\/p>\n<ul>\n<li>RandoChat mobil uygulamas\u0131<\/li>\n<li>Taray\u0131c\u0131 tabanl\u0131 alternatifler (\u00fc\u00e7\u00fcnc\u00fc taraf RandoChat siteleri)<\/li>\n<\/ul>\n<p>Her ikisi de kay\u0131t olmadan \u00e7al\u0131\u015f\u0131r.<\/p>\n<h3>Ad\u0131m 2: \u015eartlar ve Kurallar\u0131 Kabul Et<\/h3>\n<p>\u00c7o\u011fu s\u00fcr\u00fcmde temel topluluk kurallar\u0131na uyulmas\u0131 gerekir.<\/p>\n<h3>Ad\u0131m 3: Sohbete Ba\u015flay\u0131n<\/h3>\n<p>Ba\u015flat, Sohbet Et veya Ba\u015fla'ya dokundu\u011funuzda, hemen bir yabanc\u0131yla e\u015fle\u015ftirilirsiniz.<\/p>\n<h3>Ad\u0131m 4: Mesaj G\u00f6nderme<\/h3>\n<p>\u00d6zg\u00fcrce yaz\u0131n \u2014 sohbet anonimdir.<\/p>\n<h3>Ad\u0131m 5: Sohbeti Atlay\u0131n veya Sonland\u0131r\u0131n<\/h3>\n<p>Konu\u015fma uygun de\u011filse, konu\u015fmay\u0131 sonland\u0131r\u0131n ve hemen bir sonraki ki\u015fiye ge\u00e7in.<\/p>\n<p>Konu\u015fabilece\u011finiz ki\u015fi say\u0131s\u0131nda herhangi bir s\u0131n\u0131rlama yoktur.<\/p>\n<h2>RandoChat'te Kullan\u0131c\u0131 Deneyimi<\/h2>\n<p>RandoChat, yaln\u0131zca metin tabanl\u0131 ve gizlilik odakl\u0131 yakla\u015f\u0131m\u0131 sayesinde rastgele sohbet ekosisteminde benzersiz bir deneyim sunar.<\/p>\n<h3>Kullan\u0131c\u0131lar Neyi Seviyor?<\/h3>\n<ul>\n<li>Tamamen anonim<\/li>\n<li>Kamera gerekmez \u2014 bir\u00e7ok kullan\u0131c\u0131 i\u00e7in daha rahatt\u0131r<\/li>\n<li>Video sohbetinden daha h\u0131zl\u0131 ve daha g\u00fcvenli hissettirir<\/li>\n<li>Hafif, mobil cihazlara uygun deneyim<\/li>\n<li>Mesajlar otomatik olarak silinir<\/li>\n<li>H\u0131zl\u0131 konu\u015fmalar i\u00e7in kullan\u0131m\u0131 kolay<\/li>\n<\/ul>\n<h3>Kullan\u0131c\u0131lar\u0131n \u0130yile\u015ftirme \u0130\u00e7in Yer G\u00f6rd\u00fc\u011f\u00fc Noktalar<\/h3>\n<ul>\n<li>Cinsiyet veya \u00fclke filtresi yok (\u00e7o\u011fu s\u00fcr\u00fcmde)<\/li>\n<li>S\u0131n\u0131rl\u0131 moderasyon \u00f6zellikleri<\/li>\n<li>Ara s\u0131ra spam g\u00f6nderen kullan\u0131c\u0131lar<\/li>\n<li>\u00d6nceki sohbet ortaklar\u0131yla yeniden ba\u011flant\u0131 kurulam\u0131yor<\/li>\n<li>Baz\u0131 b\u00f6lgesel versiyonlar\u0131n kalitesi farkl\u0131l\u0131k g\u00f6sterir.<\/li>\n<\/ul>\n<p>Yine de, kullan\u0131c\u0131lar\u0131n \u00e7o\u011fu RandoChat'in yeni insanlarla anonim olarak tan\u0131\u015fmak i\u00e7in basit, g\u00fcvenli ve e\u011flenceli bir platform oldu\u011fu konusunda hemfikir \u2014 \u00f6zellikle video sohbet yerine metin sohbetini tercih edenler i\u00e7in.<\/p>\n<h2>RandoChat ve Di\u011fer Sohbet Platformlar\u0131<\/h2>\n<p>RandoChat'in ba\u015fl\u0131ca rakipleriyle kar\u015f\u0131la\u015ft\u0131rmas\u0131 \u015fu \u015fekildedir:<\/p>\n<table>\n<thead>\n<tr>\n<th>\u00d6zellik<\/th>\n<th>RandoChat<\/th>\n<th>Omegle<\/th>\n<th>Chatroulette<\/th>\n<th>ChatHub<\/th>\n<th>Randomskip<\/th>\n<th>Umingle<\/th>\n<\/tr>\n<\/thead>\n<tbody>\n<tr>\n<td>Metin Sohbeti<\/td>\n<td>Evet<\/td>\n<td>Evet<\/td>\n<td>\u274c Esas olarak Video<\/td>\n<td>Evet<\/td>\n<td>\u274c Minimal<\/td>\n<td>Evet<\/td>\n<\/tr>\n<tr>\n<td>G\u00f6r\u00fcnt\u00fcl\u00fc Sohbet<\/td>\n<td>\u274c Hay\u0131r<\/td>\n<td>Evet<\/td>\n<td>Evet<\/td>\n<td>Evet<\/td>\n<td>Evet<\/td>\n<td>Evet<\/td>\n<\/tr>\n<tr>\n<td>Anonimlik Seviyesi<\/td>\n<td>\u2b50 \u00c7ok Y\u00fcksek<\/td>\n<td>Y\u00fcksek<\/td>\n<td>Y\u00fcksek<\/td>\n<td>Orta<\/td>\n<td>Y\u00fcksek<\/td>\n<td>Y\u00fcksek<\/td>\n<\/tr>\n<tr>\n<td>Kay\u0131t Gerekli<\/td>\n<td>\u274c Hay\u0131r<\/td>\n<td>\u274c Hay\u0131r<\/td>\n<td>\u274c Hay\u0131r<\/td>\n<td>Opsiyonel<\/td>\n<td>\u274c Hay\u0131r<\/td>\n<td>\u274c Hay\u0131r<\/td>\n<\/tr>\n<tr>\n<td>Filtreler<\/td>\n<td>\u274c Hay\u0131r<\/td>\n<td>\u274c Hay\u0131r<\/td>\n<td>S\u0131n\u0131rl\u0131<\/td>\n<td>Evet<\/td>\n<td>\u274c Hay\u0131r<\/td>\n<td>\u274c Hay\u0131r<\/td>\n<\/tr>\n<tr>\n<td>Mobil Uygulama<\/td>\n<td>Evet<\/td>\n<td>\u274c Hay\u0131r<\/td>\n<td>\u274c Hay\u0131r<\/td>\n<td>Yar\u0131<\/td>\n<td>\u274c Hay\u0131r<\/td>\n<td>\u274c Hay\u0131r<\/td>\n<\/tr>\n<tr>\n<td>\u00dccretsiz Kullan\u0131m<\/td>\n<td>Evet<\/td>\n<td>Evet<\/td>\n<td>Evet<\/td>\n<td>Evet<\/td>\n<td>Evet<\/td>\n<td>Evet<\/td>\n<\/tr>\n<\/tbody>\n<\/table>\n<p>\u00d6zet:<br \/>\nRandoChat, yaln\u0131zca metin tabanl\u0131 ve tamamen anonim olmas\u0131yla \u00f6ne \u00e7\u0131k\u0131yor ve bu da onu \u00e7o\u011fu rastgele g\u00f6r\u00fcnt\u00fcl\u00fc sohbet platformundan daha \u00f6zel hale getiriyor. Kamera kar\u015f\u0131s\u0131nda olma bask\u0131s\u0131 olmadan sohbet etmek isteyen kullan\u0131c\u0131lar i\u00e7in m\u00fckemmel bir se\u00e7imdir.<\/p>\n<h2>RandoChat g\u00fcvenli mi?<\/h2>\n<p>RandoChat gizlili\u011fe \u00f6nem verir, ancak kullan\u0131c\u0131 g\u00fcvenli\u011fi b\u00fcy\u00fck \u00f6l\u00e7\u00fcde sorumlu davran\u0131\u015flara ba\u011fl\u0131d\u0131r.<\/p>\n<h3>Yerle\u015fik G\u00fcvenlik \u00d6zellikleri<\/h3>\n<ul>\n<li>Varsay\u0131lan olarak anonim sohbet<\/li>\n<li>Ki\u015fisel bilgi gerekmez<\/li>\n<li>Otomatik mesaj silme<\/li>\n<li>Uygunsuz davran\u0131\u015flar\u0131 bildirme se\u00e7ene\u011fi<\/li>\n<li>Profil, kimlik veya ki\u015fisel veriler saklanmaz<\/li>\n<\/ul>\n<h3>\u00d6nerilen G\u00fcvenlik Uygulamalar\u0131<\/h3>\n<ul>\n<li>Asla ger\u00e7ek ad\u0131n\u0131z\u0131, telefon numaran\u0131z\u0131 veya sosyal medya hesaplar\u0131n\u0131z\u0131 payla\u015fmay\u0131n.<\/li>\n<li>Ki\u015fisel foto\u011fraf g\u00f6ndermeyin<\/li>\n<li>Yabanc\u0131lardan gelen ba\u011flant\u0131lara t\u0131klamay\u0131n<\/li>\n<li>Rahats\u0131z edici konu\u015fmalar\u0131 hemen sonland\u0131r\u0131n.<\/li>\n<li>Ekstra anonimlik i\u00e7in VPN kullan\u0131n<\/li>\n<li>Ebeveynler, re\u015fit olmayan \u00e7ocuklar\u0131n\u0131 yak\u0131ndan takip etmelidir.<\/li>\n<\/ul>\n<p>Ak\u0131ll\u0131ca kullan\u0131ld\u0131\u011f\u0131nda, RandoChat \u00f6zellikle video tabanl\u0131 alternatiflere k\u0131yasla en g\u00fcvenli anonim sohbet platformlar\u0131ndan biridir.<\/p>\n<h2>RandoChat'i Keyifle Kullanmak \u0130\u00e7in \u0130pu\u00e7lar\u0131<\/h2>\n<p>Deneyiminizi iyile\u015ftirmek i\u00e7in baz\u0131 y\u00f6ntemler:<\/p>\n<ul>\n<li>Basit ve samimi selamlamalarla ba\u015flay\u0131n<\/li>\n<li>Farkl\u0131 k\u00fclt\u00fcrlerden insanlarla tan\u0131\u015fmaya a\u00e7\u0131k olun<\/li>\n<li>Daha aktif sohbetler i\u00e7in yo\u011fun saatlerde uygulamay\u0131 kullan\u0131n<\/li>\n<li>Tonu hafif ve sayg\u0131l\u0131 tutun<\/li>\n<li>Teredd\u00fct etmeyin \u2014 her sohbetin t\u0131klanaca\u011f\u0131 anlam\u0131na gelmez<\/li>\n<li>Anonimli\u011fi kullanarak kendinizi \u00f6zg\u00fcrce ve sorumlu bir \u015fekilde ifade edin.<\/li>\n<\/ul>\n<p>Metin tabanl\u0131 platformlar, \u00f6zellikle her iki kullan\u0131c\u0131 da kendilerini g\u00fcvende ve rahat hissettiklerinde, genellikle daha uzun ve daha derin sohbetlere yol a\u00e7ar.<\/p>\n<h2>S\u0131k Kar\u015f\u0131la\u015f\u0131lan Sorunlar ve \u00c7\u00f6z\u00fcmleri<\/h2>\n<h3>Sorun: \u201c\u00c7evrimi\u00e7i kullan\u0131c\u0131 yok\u201d mesaj\u0131<\/h3>\n<ul>\n<li>B\u00f6lgenizdeki yo\u011fun saatlerde tekrar deneyin.<\/li>\n<li>M\u00fcmk\u00fcnse uygulama ve taray\u0131c\u0131 s\u00fcr\u00fcmleri aras\u0131nda ge\u00e7i\u015f yap\u0131n<\/li>\n<\/ul>\n<h3>Sorun: Sohbet rastgele kesiliyor<\/h3>\n<ul>\n<li>\u0130nternet ba\u011flant\u0131n\u0131z\u0131 kontrol edin<\/li>\n<li>Uygulamay\u0131 yeniden ba\u015flat\u0131n veya sayfay\u0131 yenileyin.<\/li>\n<\/ul>\n<h3>Sorun: Spam kullan\u0131c\u0131larla kar\u015f\u0131la\u015fma<\/h3>\n<ul>\n<li>Hemen atla<\/li>\n<li>Rapor i\u015flevini kullan\u0131n<\/li>\n<\/ul>\n<h3>Sorun: Uygulama a\u00e7\u0131lm\u0131yor veya \u00e7\u00f6k\u00fcyor<\/h3>\n<ul>\n<li>En son s\u00fcr\u00fcme g\u00fcncelleme<\/li>\n<li>\u00d6nbelle\u011fi temizle<\/li>\n<li>Telefonunuzu yeniden ba\u015flat\u0131n<\/li>\n<\/ul>\n<h3>Sorun: Mesaj g\u00f6nderilemiyor<\/h3>\n<ul>\n<li>VPN veya g\u00fcvenlik duvar\u0131n\u0131n ba\u011flant\u0131y\u0131 engellemedi\u011finden emin olun.<\/li>\n<li>Gerekirse uygulamay\u0131 yeniden y\u00fckleyin.<\/li>\n<\/ul>\n<h2>\u0130nsanlar Neden RandoChat'i Tercih Ediyor?<\/h2>\n<p>RandoChat, \u00e7e\u015fitli nedenlerle sad\u0131k bir k\u00fcresel kitle olu\u015fturmu\u015ftur:<\/p>\n<ul>\n<li>Ger\u00e7ek anonimlik<\/li>\n<li>Kamera stresi veya bask\u0131s\u0131 yok<\/li>\n<li>H\u0131zl\u0131, basit, temiz aray\u00fcz<\/li>\n<li>\u00dccretsiz ve her zaman eri\u015filebilir<\/li>\n<li>Videodan \u00e7ok metni tercih eden i\u00e7e d\u00f6n\u00fck ki\u015filer i\u00e7in m\u00fckemmel<\/li>\n<li>Hafif ve mobil uyumlu<\/li>\n<\/ul>\n<p>\u00c7o\u011fu ki\u015fi i\u00e7in RandoChat, video sohbet alternatiflerine g\u00f6re daha \u00f6zel ve rahat hissettiriyor, bu da onu hareket halindeyken spontane sohbetler i\u00e7in ideal hale getiriyor.<\/p>\n<h2>Son D\u00fc\u015f\u00fcnceler: RandoChat Kullanmaya De\u011fer mi?<\/h2>\n<p>\u00dccretsiz, anonim, metin tabanl\u0131 rastgele sohbet deneyimi ar\u0131yorsan\u0131z, RandoChat kesinlikle denemeye de\u011fer. Sosyal medyan\u0131n cilal\u0131, kimlik odakl\u0131 d\u00fcnyas\u0131ndan uzakla\u015farak ferahlat\u0131c\u0131 bir ka\u00e7\u0131\u015f sunar \u2014 \u00f6zg\u00fcrce konu\u015fabilece\u011finiz, an\u0131nda yabanc\u0131larla tan\u0131\u015fabilece\u011finiz ve yarg\u0131lama veya y\u00fck\u00fcml\u00fcl\u00fck olmadan ger\u00e7ek sohbetlerin tad\u0131n\u0131 \u00e7\u0131karabilece\u011finiz bir yer sa\u011flar.<\/p>\n<p>\u0130steseniz de istemeseniz de:<\/p>\n<ul>\n<li>Zaman ge\u00e7irmek<\/li>\n<li>Yeni insanlarla tan\u0131\u015f\u0131n<\/li>\n<li>Dil prati\u011fi<\/li>\n<li>Anonim olarak rahatlay\u0131n<\/li>\n<li>Spontane sohbetlerin tad\u0131n\u0131 \u00e7\u0131kar\u0131n<\/li>\n<\/ul>\n<p>RandoChat bunu yapmak i\u00e7in m\u00fckemmel derecede basit ve \u00f6zel bir platform sunar.<\/p>\n<p>RandoChat, ki\u015fisel bilgilerinizi payla\u015fmadan rastgele ki\u015filerle tan\u0131\u015fmak i\u00e7in tasarlanm\u0131\u015f h\u0131zl\u0131, g\u00fcvenli ve anonim bir metin sohbet uygulamas\u0131d\u0131r. Temiz, mobil uyumlu, hafif ve video sohbet yerine gizlilik ve basitli\u011fi tercih eden kullan\u0131c\u0131lar i\u00e7in idealdir.<\/p>\n<p>Sohbet etmeye haz\u0131r m\u0131s\u0131n\u0131z? RandoChat'i a\u00e7\u0131n, \u201cBa\u015fla\u201dya dokunun ve saniyeler i\u00e7inde yeni biriyle tan\u0131\u015f\u0131n.<\/p>","protected":false},"excerpt":{"rendered":"<p>The online chat world continues to evolve, yet one concept remains timeless: the thrill of meeting someone new, instantly and anonymously. RandoChat embodies that spirit perfectly. It\u2019s a simple, fast, and privacy-focused random chat platform that connects you with strangers around the world \u2014 without requiring registration, profiles, or personal information. Whether you\u2019re looking for [&hellip;]<\/p>\n","protected":false},"author":6,"featured_media":0,"parent":0,"menu_order":0,"comment_status":"closed","ping_status":"closed","template":"","meta":{"footnotes":""},"class_list":["post-10021","page","type-page","status-publish","hentry"],"yoast_head":"<!-- This site is optimized with the Yoast SEO plugin v27.4 - https:\/\/yoast.com\/product\/yoast-seo-wordpress\/ -->\n<title>Randochat - Chat Anonymously &amp; Meet People - TinyChat.com<\/title>\n<meta name=\"description\" content=\"Enjoying Randochat? Join over 50,000,000 strangers on TinyChat! Turn on your cam and start meeting new people, or find a match.\" \/>\n<meta name=\"robots\" content=\"index, follow, max-snippet:-1, max-image-preview:large, max-video-preview:-1\" \/>\n<link rel=\"canonical\" href=\"https:\/\/tinychat.com\/tr\/randochat\/\" \/>\n<meta property=\"og:locale\" content=\"tr_TR\" \/>\n<meta property=\"og:type\" content=\"article\" \/>\n<meta property=\"og:title\" content=\"Randochat - Chat Anonymously &amp; Meet People - TinyChat.com\" \/>\n<meta property=\"og:description\" content=\"Enjoying Randochat? Join over 50,000,000 strangers on TinyChat! Turn on your cam and start meeting new people, or find a match.\" \/>\n<meta property=\"og:url\" content=\"https:\/\/tinychat.com\/tr\/randochat\/\" \/>\n<meta property=\"og:site_name\" content=\"TinyChat\" \/>\n<meta property=\"article:publisher\" content=\"https:\/\/www.facebook.com\/tinychat\" \/>\n<meta property=\"article:modified_time\" content=\"2025-12-02T08:48:18+00:00\" \/>\n<meta property=\"og:image\" content=\"https:\/\/tinychat.com\/wp-content\/uploads\/2020\/04\/Tinychat-logo-1280x284-new-black.png\" \/>\n\t<meta property=\"og:image:width\" content=\"1280\" \/>\n\t<meta property=\"og:image:height\" content=\"284\" \/>\n\t<meta property=\"og:image:type\" content=\"image\/png\" \/>\n<meta name=\"twitter:card\" content=\"summary_large_image\" \/>\n<meta name=\"twitter:site\" content=\"@tinychat\" \/>\n<meta name=\"twitter:label1\" content=\"Tahmini okuma s\u00fcresi\" \/>\n\t<meta name=\"twitter:data1\" content=\"6 dakika\" \/>\n<script type=\"application\/ld+json\" class=\"yoast-schema-graph\">{\"@context\":\"https:\\\/\\\/schema.org\",\"@graph\":[{\"@type\":\"WebPage\",\"@id\":\"https:\\\/\\\/tinychat.com\\\/randochat\\\/\",\"url\":\"https:\\\/\\\/tinychat.com\\\/randochat\\\/\",\"name\":\"Randochat - Chat Anonymously & Meet People - TinyChat.com\",\"isPartOf\":{\"@id\":\"https:\\\/\\\/tinychat.com\\\/#website\"},\"datePublished\":\"2025-12-02T06:48:35+00:00\",\"dateModified\":\"2025-12-02T08:48:18+00:00\",\"description\":\"Enjoying Randochat? Join over 50,000,000 strangers on TinyChat! Turn on your cam and start meeting new people, or find a match.\",\"breadcrumb\":{\"@id\":\"https:\\\/\\\/tinychat.com\\\/randochat\\\/#breadcrumb\"},\"inLanguage\":\"tr\",\"potentialAction\":[{\"@type\":\"ReadAction\",\"target\":[\"https:\\\/\\\/tinychat.com\\\/randochat\\\/\"]}]},{\"@type\":\"BreadcrumbList\",\"@id\":\"https:\\\/\\\/tinychat.com\\\/randochat\\\/#breadcrumb\",\"itemListElement\":[{\"@type\":\"ListItem\",\"position\":1,\"name\":\"Home\",\"item\":\"https:\\\/\\\/tinychat.com\\\/\"},{\"@type\":\"ListItem\",\"position\":2,\"name\":\"Randochat\"}]},{\"@type\":\"WebSite\",\"@id\":\"https:\\\/\\\/tinychat.com\\\/#website\",\"url\":\"https:\\\/\\\/tinychat.com\\\/\",\"name\":\"TinyChat\",\"description\":\"Random Video Chat with Strangers\",\"publisher\":{\"@id\":\"https:\\\/\\\/tinychat.com\\\/#organization\"},\"alternateName\":\"TinyChat.com\",\"potentialAction\":[{\"@type\":\"SearchAction\",\"target\":{\"@type\":\"EntryPoint\",\"urlTemplate\":\"https:\\\/\\\/tinychat.com\\\/?s={search_term_string}\"},\"query-input\":{\"@type\":\"PropertyValueSpecification\",\"valueRequired\":true,\"valueName\":\"search_term_string\"}}],\"inLanguage\":\"tr\"},{\"@type\":\"Organization\",\"@id\":\"https:\\\/\\\/tinychat.com\\\/#organization\",\"name\":\"TinyChat\",\"alternateName\":\"TinyChat.com\",\"url\":\"https:\\\/\\\/tinychat.com\\\/\",\"logo\":{\"@type\":\"ImageObject\",\"inLanguage\":\"tr\",\"@id\":\"https:\\\/\\\/tinychat.com\\\/#\\\/schema\\\/logo\\\/image\\\/\",\"url\":\"https:\\\/\\\/tinychat.com\\\/wp-content\\\/uploads\\\/2023\\\/11\\\/Tinychat-icon-square.png\",\"contentUrl\":\"https:\\\/\\\/tinychat.com\\\/wp-content\\\/uploads\\\/2023\\\/11\\\/Tinychat-icon-square.png\",\"width\":284,\"height\":284,\"caption\":\"TinyChat\"},\"image\":{\"@id\":\"https:\\\/\\\/tinychat.com\\\/#\\\/schema\\\/logo\\\/image\\\/\"},\"sameAs\":[\"https:\\\/\\\/www.facebook.com\\\/tinychat\",\"https:\\\/\\\/x.com\\\/tinychat\"]}]}<\/script>\n<!-- \/ Yoast SEO plugin. -->","yoast_head_json":{"title":"Randochat - Anonim Sohbet Et ve \u0130nsanlarla Tan\u0131\u015f - TinyChat.com","description":"Randochat'yi be\u011fendiniz mi? TinyChat'de 50.000.000'den fazla yabanc\u0131yla tan\u0131\u015f\u0131n! Kameran\u0131z\u0131 a\u00e7\u0131n ve yeni insanlarla tan\u0131\u015fmaya ba\u015flay\u0131n veya bir e\u015fle\u015fme bulun.","robots":{"index":"index","follow":"follow","max-snippet":"max-snippet:-1","max-image-preview":"max-image-preview:large","max-video-preview":"max-video-preview:-1"},"canonical":"https:\/\/tinychat.com\/tr\/randochat\/","og_locale":"tr_TR","og_type":"article","og_title":"Randochat - Chat Anonymously & Meet People - TinyChat.com","og_description":"Enjoying Randochat? Join over 50,000,000 strangers on TinyChat! Turn on your cam and start meeting new people, or find a match.","og_url":"https:\/\/tinychat.com\/tr\/randochat\/","og_site_name":"TinyChat","article_publisher":"https:\/\/www.facebook.com\/tinychat","article_modified_time":"2025-12-02T08:48:18+00:00","og_image":[{"width":1280,"height":284,"url":"https:\/\/tinychat.com\/wp-content\/uploads\/2020\/04\/Tinychat-logo-1280x284-new-black.png","type":"image\/png"}],"twitter_card":"summary_large_image","twitter_site":"@tinychat","twitter_misc":{"Tahmini okuma s\u00fcresi":"6 dakika"},"schema":{"@context":"https:\/\/schema.org","@graph":[{"@type":"WebPage","@id":"https:\/\/tinychat.com\/randochat\/","url":"https:\/\/tinychat.com\/randochat\/","name":"Randochat - Anonim Sohbet Et ve \u0130nsanlarla Tan\u0131\u015f - TinyChat.com","isPartOf":{"@id":"https:\/\/tinychat.com\/#website"},"datePublished":"2025-12-02T06:48:35+00:00","dateModified":"2025-12-02T08:48:18+00:00","description":"Randochat'yi be\u011fendiniz mi? TinyChat'de 50.000.000'den fazla yabanc\u0131yla tan\u0131\u015f\u0131n! Kameran\u0131z\u0131 a\u00e7\u0131n ve yeni insanlarla tan\u0131\u015fmaya ba\u015flay\u0131n veya bir e\u015fle\u015fme bulun.","breadcrumb":{"@id":"https:\/\/tinychat.com\/randochat\/#breadcrumb"},"inLanguage":"tr","potentialAction":[{"@type":"ReadAction","target":["https:\/\/tinychat.com\/randochat\/"]}]},{"@type":"BreadcrumbList","@id":"https:\/\/tinychat.com\/randochat\/#breadcrumb","itemListElement":[{"@type":"ListItem","position":1,"name":"Home","item":"https:\/\/tinychat.com\/"},{"@type":"ListItem","position":2,"name":"Randochat"}]},{"@type":"WebSite","@id":"https:\/\/tinychat.com\/#website","url":"https:\/\/tinychat.com\/","name":"TinyChat","description":"Yabanc\u0131larla Rastgele G\u00f6r\u00fcnt\u00fcl\u00fc Sohbet","publisher":{"@id":"https:\/\/tinychat.com\/#organization"},"alternateName":"TinyChat.com","potentialAction":[{"@type":"SearchAction","target":{"@type":"EntryPoint","urlTemplate":"https:\/\/tinychat.com\/?s={search_term_string}"},"query-input":{"@type":"PropertyValueSpecification","valueRequired":true,"valueName":"search_term_string"}}],"inLanguage":"tr"},{"@type":"Organization","@id":"https:\/\/tinychat.com\/#organization","name":"TinyChat","alternateName":"TinyChat.com","url":"https:\/\/tinychat.com\/","logo":{"@type":"ImageObject","inLanguage":"tr","@id":"https:\/\/tinychat.com\/#\/schema\/logo\/image\/","url":"https:\/\/tinychat.com\/wp-content\/uploads\/2023\/11\/Tinychat-icon-square.png","contentUrl":"https:\/\/tinychat.com\/wp-content\/uploads\/2023\/11\/Tinychat-icon-square.png","width":284,"height":284,"caption":"TinyChat"},"image":{"@id":"https:\/\/tinychat.com\/#\/schema\/logo\/image\/"},"sameAs":["https:\/\/www.facebook.com\/tinychat","https:\/\/x.com\/tinychat"]}]}},"_links":{"self":[{"href":"https:\/\/tinychat.com\/tr\/wp-json\/wp\/v2\/pages\/10021","targetHints":{"allow":["GET"]}}],"collection":[{"href":"https:\/\/tinychat.com\/tr\/wp-json\/wp\/v2\/pages"}],"about":[{"href":"https:\/\/tinychat.com\/tr\/wp-json\/wp\/v2\/types\/page"}],"author":[{"embeddable":true,"href":"https:\/\/tinychat.com\/tr\/wp-json\/wp\/v2\/users\/6"}],"replies":[{"embeddable":true,"href":"https:\/\/tinychat.com\/tr\/wp-json\/wp\/v2\/comments?post=10021"}],"version-history":[{"count":3,"href":"https:\/\/tinychat.com\/tr\/wp-json\/wp\/v2\/pages\/10021\/revisions"}],"predecessor-version":[{"id":13583,"href":"https:\/\/tinychat.com\/tr\/wp-json\/wp\/v2\/pages\/10021\/revisions\/13583"}],"wp:attachment":[{"href":"https:\/\/tinychat.com\/tr\/wp-json\/wp\/v2\/media?parent=10021"}],"curies":[{"name":"wp","href":"https:\/\/api.w.org\/{rel}","templated":true}]}}