{"id":10206,"date":"2025-05-30T14:48:39","date_gmt":"2025-05-30T12:48:39","guid":{"rendered":"https:\/\/tinychat.com\/?page_id=10206"},"modified":"2025-07-07T18:31:23","modified_gmt":"2025-07-07T16:31:23","slug":"joingy","status":"publish","type":"page","link":"https:\/\/tinychat.com\/tr\/joingy\/","title":{"rendered":"Joingy"},"content":{"rendered":"<p>Joingy, tamamen h\u0131z, basitlik ve anonimlikle ilgili bir platform sunarak kendisi i\u00e7in bir ni\u015f olu\u015fturdu. E\u011fer rastgele biriyle an\u0131nda sohbet etmek istiyorsan\u0131z <a href=\"https:\/\/tinychat.com\/tr\/strangercam\/\">yabanc\u0131<\/a> - profil yok, indirme yok, karma\u015f\u0131kl\u0131k yok - Joingy sadece <a href=\"https:\/\/tinychat.com\/tr\/chatroulette\/\">sohbet<\/a> Arad\u0131\u011f\u0131n\u0131z site.<\/p>\n<p>\u00d6ncelikle rastgele video ve metinlere odakland\u0131 <a href=\"https:\/\/tinychat.com\/tr\/chatroulette\/\">sohbet<\/a>Joingy, d\u00fcnyan\u0131n d\u00f6rt bir yan\u0131ndaki insanlarla ger\u00e7ek zamanl\u0131 etkile\u015fim kurmak isteyen kullan\u0131c\u0131lar i\u00e7in temiz ve verimli bir deneyim sunar. \u0130ster e\u011flenmek, ister yeni insanlarla tan\u0131\u015fmak veya sadece zaman \u00f6ld\u00fcrmek i\u00e7in olsun, Joingy'nin h\u0131zl\u0131 e\u015fle\u015ftirme ve g\u00f6steri\u015fsiz aray\u00fcz\u00fc, onu spontane sohbetler i\u00e7in gidilecek bir platform haline getiriyor.<\/p>\n<p>Bu kapsaml\u0131 k\u0131lavuzda, Joingy'nin ne oldu\u011funu, \u00f6ne \u00e7\u0131kan \u00f6zelliklerini, rakipleriyle kar\u015f\u0131la\u015ft\u0131rmas\u0131n\u0131, g\u00fcvenlikle ilgili hususlar\u0131 ve giderek daha pop\u00fcler hale gelen bu cihazda deneyiminizden en iyi \u015fekilde nas\u0131l yararlanabilece\u011finizi inceleyece\u011fiz. <a href=\"https:\/\/tinychat.com\/tr\/strangercam\/\">yabanc\u0131<\/a> <a href=\"https:\/\/tinychat.com\/tr\/chatroulette\/\">sohbet<\/a> Site.<\/p>\n<h2>Joingy Nedir?<\/h2>\n<p>Joingy \u00fccretsiz, anonim bir video ve metin <a href=\"https:\/\/tinychat.com\/tr\/chatroulette\/\">sohbet<\/a> Kullan\u0131c\u0131lar\u0131 ger\u00e7ek zamanl\u0131 sohbetler i\u00e7in rastgele birbirine ba\u011flayan platform. Gibi <a href=\"https:\/\/tinychat.com\/tr\/omegle\/\">Omegle<\/a> ve <a href=\"https:\/\/tinychat.com\/tr\/chatroulette\/\">Chatroulette<\/a>herhangi bir kay\u0131t veya profil olu\u015fturma gerektirmez - kullan\u0131c\u0131lar sadece bir <a href=\"https:\/\/tinychat.com\/tr\/chatroulette\/\">sohbet<\/a> modu ile e\u015fle\u015ftirilir ve an\u0131nda bir <a href=\"https:\/\/tinychat.com\/tr\/strangercam\/\">yabanc\u0131<\/a>.<\/p>\n<p>Joingy'yi di\u011ferlerinden ay\u0131ran \u015fey, iste\u011fe ba\u011fl\u0131 ilgi alan\u0131na dayal\u0131 filtreleme ve masa\u00fcst\u00fc ve mobil cihazlarda iyi \u00e7al\u0131\u015fan \u015f\u0131k, duyarl\u0131 bir tasar\u0131mla birlikte h\u0131zl\u0131, bire bir video e\u015fle\u015ftirmeye odaklanmas\u0131d\u0131r.<\/p>\n<p>Sunmasa da <a href=\"https:\/\/tinychat.com\/tr\/chatroulette\/\">sohbet<\/a> odalar veya geli\u015fmi\u015f topluluk \u00f6zellikleri, Joingy \u00e7ok iyi yapt\u0131\u011f\u0131 \u015feyi yapar: ayn\u0131 anda iki ki\u015fi aras\u0131nda \u00f6zel, anonim etkile\u015fimleri kolayla\u015ft\u0131r\u0131r.<\/p>\n<h2>Joingy'nin Temel \u00d6zellikleri<\/h2>\n<p>Joingy i\u015fleri basit tutuyor - ve \u00e7ekicili\u011finin b\u00fcy\u00fck bir k\u0131sm\u0131 da bu. \u0130\u015fte platformun temel \u00f6zellikleri:<\/p>\n<h3>1. An\u0131nda G\u00f6r\u00fcnt\u00fcl\u00fc veya Metin Sohbeti<\/h3>\n<p>Joingy'nin kalbi bire bir <a href=\"https:\/\/tinychat.com\/tr\/chatroulette\/\">sohbet<\/a> Sistem. Siteye girer girmez, yaln\u0131zca metin veya video aras\u0131nda se\u00e7im yapars\u0131n\u0131z <a href=\"https:\/\/tinychat.com\/tr\/chatroulette\/\">sohbet<\/a>ard\u0131ndan \"Ba\u015flat \"a t\u0131klayarak an\u0131nda rastgele bir <a href=\"https:\/\/tinychat.com\/tr\/strangercam\/\">yabanc\u0131<\/a>.<\/p>\n<p>Aray\u00fcz h\u0131zl\u0131, hafif ve yava\u015f ba\u011flant\u0131larda bile gecikme olmadan \u00e7al\u0131\u015facak \u015fekilde tasarlanm\u0131\u015ft\u0131r.<\/p>\n<h3>2. \u0130lgi Alan\u0131 Etiketleri (Anahtar Kelime E\u015fle\u015ftirme)<\/h3>\n<p>Anlaml\u0131 bir etkile\u015fim olas\u0131l\u0131\u011f\u0131n\u0131 art\u0131rmak i\u00e7in Joingy ilgi alan\u0131na dayal\u0131 e\u015fle\u015ftirme sunar. Bir oturuma ba\u015flamadan \u00f6nce, kullan\u0131c\u0131lar bir veya daha fazla anahtar kelime veya konu girebilir. Sistem sizi benzer ilgi alanlar\u0131 girmi\u015f di\u011fer ki\u015filerle e\u015fle\u015ftirmeye \u00e7al\u0131\u015facakt\u0131r.<\/p>\n<p>Bu \u00f6zellik, belirli konular\u0131 tart\u0131\u015fmak, benzer d\u00fc\u015f\u00fcnen kullan\u0131c\u0131larla tan\u0131\u015fmak veya tamamen rastgele konu\u015fmalardan ka\u00e7\u0131nmak isteyen ki\u015filer i\u00e7in idealdir.<\/p>\n<h3>3. Varsay\u0131lan Olarak Anonim<\/h3>\n<p>Joingy kullanmak i\u00e7in herhangi bir ki\u015fisel bilgi gerektirmez. Oturum a\u00e7ma, hesap a\u00e7ma ve e-posta yakalama yok. Ba\u015fkalar\u0131 taraf\u0131ndan sadece \"Yabanc\u0131\" olarak tan\u0131mlan\u0131rs\u0131n\u0131z ve oturumunuz ge\u00e7ici ve tek kullan\u0131ml\u0131kt\u0131r.<\/p>\n<p>Bu anonimlik, Joingy'nin temel de\u011ferlerinden biridir - kimlik veya uzun vadeli ba\u011flant\u0131 bask\u0131s\u0131 olmadan d\u00fcr\u00fcst, filtrelenmemi\u015f ileti\u015fime izin verir.<\/p>\n<h3>4. Taray\u0131c\u0131 Tabanl\u0131 ve Mobil Dostu<\/h3>\n<p>Uygulamaya gerek yok. Joingy, telefonlarda ve tabletlerde sorunsuz \u00e7al\u0131\u015fan mobil uyumlu bir aray\u00fczle tamamen taray\u0131c\u0131n\u0131zda \u00e7al\u0131\u015f\u0131r.<\/p>\n<p>Platform mobil uygulamalar (iOS\/Android) sunmazken, web s\u00fcr\u00fcm\u00fc daha k\u00fc\u00e7\u00fck ekranlar ve dokunmatik tabanl\u0131 etkile\u015fim i\u00e7in tamamen optimize edilmi\u015ftir.<\/p>\n<h3>5. Otomatik Atlama ve H\u0131zl\u0131 Yeniden Ba\u011flanma<\/h3>\n<p>Mevcut durumunuzdan keyif alm\u0131yor <a href=\"https:\/\/tinychat.com\/tr\/chatroulette\/\">sohbet<\/a>? Yeni biriyle an\u0131nda e\u015fle\u015fmek i\u00e7in \"\u0130leri \"ye t\u0131klaman\u0131z yeterlidir. Joingy h\u0131za \u00f6nem verir, bu nedenle bir sonraki ba\u011flant\u0131n\u0131za ge\u00e7erken y\u00fckleme ekran\u0131 veya gecikme olmaz.<\/p>\n<p>Ayr\u0131ca oturumunuz s\u0131ras\u0131nda istedi\u011finiz zaman kameran\u0131z\u0131 ve mikrofonunuzu yeniden etkinle\u015ftirebilir veya devre d\u0131\u015f\u0131 b\u0131rakabilirsiniz.<\/p>\n<h2>Joingy Nas\u0131l Kullan\u0131l\u0131r<\/h2>\n<p>Joingy'yi kullanmaya ba\u015flamak olabildi\u011fince basittir. \u0130\u015fte platformu kullanmak i\u00e7in ad\u0131m ad\u0131m bir k\u0131lavuz:<\/p>\n<h3>Ad\u0131m 1: Web Sitesini Ziyaret Edin<\/h3>\n<p>Herhangi bir modern taray\u0131c\u0131y\u0131 kullanarak joingy.com adresine gidin. Do\u011frudan ana sayfaya ineceksiniz <a href=\"https:\/\/tinychat.com\/tr\/chatroulette\/\">sohbet<\/a> aray\u00fcz.<\/p>\n<h3>Ad\u0131m 2: Sohbet Modunu Se\u00e7in<\/h3>\n<p>Aralar\u0131ndan se\u00e7im yap\u0131n:<\/p>\n<ul>\n<li>Video <a href=\"https:\/\/tinychat.com\/tr\/chatroulette\/\">Sohbet<\/a><\/li>\n<li>Metin <a href=\"https:\/\/tinychat.com\/tr\/chatroulette\/\">Sohbet<\/a><\/li>\n<\/ul>\n<p>Video i\u00e7in kamera ve mikrofon eri\u015fimi vermeniz gerekir <a href=\"https:\/\/tinychat.com\/tr\/chatroulette\/\">sohbet<\/a>.<\/p>\n<h3>Ad\u0131m 3: \u0130lgi Alan\u0131 Etiketleri Ekleyin (\u0130ste\u011fe Ba\u011fl\u0131)<\/h3>\n<p>\u0130lginizi \u00e7eken konular\u0131 yaz\u0131n - \u00f6rne\u011fin: \"m\u00fczik\", \"anime\", \"felsefe\" veya \"komik insanlar\". Bu, sistemin sizi benzer etiketleri payla\u015fan di\u011fer ki\u015filerle e\u015fle\u015ftirmesine yard\u0131mc\u0131 olur.<\/p>\n<h3>Ad\u0131m 4: \"Ba\u015flat \"a t\u0131klay\u0131n<\/h3>\n<p>Haz\u0131r oldu\u011funuzda, \"Ba\u015flat \"a t\u0131klay\u0131n ve bir <a href=\"https:\/\/tinychat.com\/tr\/strangercam\/\">yabanc\u0131<\/a> an\u0131nda. Ve <a href=\"https:\/\/tinychat.com\/tr\/chatroulette\/\">sohbet<\/a> penceresi, basit bir mesaj aray\u00fcz\u00fc ile birlikte videonuzu ve onlar\u0131nkini (video kullan\u0131yorsan\u0131z) g\u00f6sterecektir.<\/p>\n<h3>Ad\u0131m 5: Sohbeti Atlay\u0131n veya Sonland\u0131r\u0131n<\/h3>\n<p>Yeni bir b\u00f6l\u00fcme ge\u00e7mek i\u00e7in \"Atla\" d\u00fc\u011fmesine t\u0131klayarak istedi\u011finiz zaman g\u00f6r\u00fc\u015fmeden ayr\u0131labilirsiniz. <a href=\"https:\/\/tinychat.com\/tr\/strangercam\/\">yabanc\u0131<\/a> veya oturumu tamamen sonland\u0131rmak i\u00e7in \"Durdur\" se\u00e7ene\u011fini belirleyin.<\/p>\n<h2>Joingy'de Kullan\u0131c\u0131 Deneyimi<\/h2>\n<p>Joingy h\u0131z, basitlik ve temiz tasar\u0131ma odaklanm\u0131\u015ft\u0131r. Hantal aray\u00fczlere veya reklam a\u011f\u0131rl\u0131kl\u0131 aray\u00fczlere al\u0131\u015fk\u0131n olan ki\u015filer i\u00e7in <a href=\"https:\/\/tinychat.com\/tr\/chatroulette\/\">sohbet<\/a> Joingy, ferahlat\u0131c\u0131 derecede modern ve p\u00fcr\u00fczs\u00fcz bir his veriyor.<\/p>\n<h3>Kullan\u0131c\u0131lar Neyi Sever<\/h3>\n<ul>\n<li>Dikkat da\u011f\u0131t\u0131c\u0131 unsurlar i\u00e7ermeyen minimalist d\u00fczen<\/li>\n<li>Gecikme olmadan h\u0131zl\u0131 e\u015fle\u015ftirme<\/li>\n<li>Kay\u0131t gerekmiyor<\/li>\n<li>\u0130lgi alan\u0131 etiketleri sohbeti y\u00f6nlendirmeye yard\u0131mc\u0131 olur<\/li>\n<li>Masa\u00fcst\u00fc ve mobil cihazlarda e\u015fit derecede iyi \u00e7al\u0131\u015f\u0131r<\/li>\n<\/ul>\n<h3>Neler Geli\u015ftirilebilir<\/h3>\n<ul>\n<li>Mobil uygulama yok - yaln\u0131zca taray\u0131c\u0131 deneyimi<\/li>\n<li>Kullan\u0131c\u0131 profilleri, arkada\u015f listesi veya <a href=\"https:\/\/tinychat.com\/tr\/chatroulette\/\">sohbet<\/a> TAR\u0130H<\/li>\n<li>Kullan\u0131c\u0131lar i\u00e7in moderasyon ara\u00e7lar\u0131 yok (\u00f6rn. rapor d\u00fc\u011fmesi)<\/li>\n<li>Baz\u0131 botlar veya troller hala aradan s\u0131yr\u0131labiliyor<\/li>\n<\/ul>\n<h2>Ger\u00e7ek Kullan\u0131c\u0131 Yorumlar\u0131<\/h2>\n<blockquote><p>\"D\u00fcr\u00fcst olmak gerekirse, Joingy sadece h\u0131zl\u0131 ve temiz. Kaydolmama gerek yok ve be\u015f saniyeden k\u0131sa bir s\u00fcrede biriyle konu\u015fabiliyorum.\"<br \/>\n- Marco J., Trustpilot<\/p><\/blockquote>\n<blockquote><p>\"Bunu rastgele insanlarla \u0130spanyolca pratik yapmak i\u00e7in kullan\u0131yorum. Faiz etiketleri bazen ger\u00e7ekten i\u015fe yar\u0131yor. Daha iyi <a href=\"https:\/\/tinychat.com\/tr\/omegle\/\">Omegle<\/a>.\"<br \/>\n- Anya T., Reddit<\/p><\/blockquote>\n<blockquote><p>\"H\u0131zl\u0131 sohbetler i\u00e7in iyi. Ama \u00e7o\u011fu gibi <a href=\"https:\/\/tinychat.com\/tr\/chatroulette\/\">sohbet<\/a> Sitelerde iyi bir sohbet bulabilmek i\u00e7in birka\u00e7 tuhaf tipin \u00fcst\u00fcnden ge\u00e7meniz gerekiyor.\"<br \/>\n- Raymond M., Sitejabber<\/p><\/blockquote>\n<h2>Joingy vs Di\u011fer G\u00f6r\u00fcnt\u00fcl\u00fc Sohbet Platformlar\u0131<\/h2>\n<p>Joingy'nin pop\u00fcler alternatifler kar\u015f\u0131s\u0131nda nas\u0131l bir performans sergiledi\u011fini g\u00f6relim <a href=\"https:\/\/tinychat.com\/tr\/chatroulette\/\">sohbet<\/a> uzay:<\/p>\n<table>\n<thead>\n<tr>\n<th>\u00d6zellik<\/th>\n<th>Joingy<\/th>\n<th><a href=\"https:\/\/tinychat.com\/tr\/omegle\/\">Omegle<\/a><\/th>\n<th><a href=\"https:\/\/tinychat.com\/tr\/chatroulette\/\">Chatroulette<\/a><\/th>\n<th><a href=\"https:\/\/tinychat.com\/tr\/chathub\/\">ChatHub<\/a><\/th>\n<th><a href=\"https:\/\/tinychat.com\/tr\/ometv\/\">OmeTV<\/a><\/th>\n<\/tr>\n<\/thead>\n<tbody>\n<tr>\n<td>An\u0131nda Video <a href=\"https:\/\/tinychat.com\/tr\/chatroulette\/\">Sohbet<\/a><\/td>\n<td>Evet<\/td>\n<td>Evet<\/td>\n<td>Evet<\/td>\n<td>Evet<\/td>\n<td>Evet<\/td>\n<\/tr>\n<tr>\n<td>Metin <a href=\"https:\/\/tinychat.com\/tr\/chatroulette\/\">Sohbet<\/a> Opsiyon<\/td>\n<td>Evet<\/td>\n<td>Evet<\/td>\n<td>Evet<\/td>\n<td>Evet<\/td>\n<td>Evet<\/td>\n<\/tr>\n<tr>\n<td>\u0130lgi Etiketleri<\/td>\n<td>Evet<\/td>\n<td>Evet<\/td>\n<td>\u274c Hay\u0131r<\/td>\n<td>\u274c Hay\u0131r<\/td>\n<td>\u274c Hay\u0131r<\/td>\n<\/tr>\n<tr>\n<td>Anonim Kullan\u0131m<\/td>\n<td>Evet<\/td>\n<td>Evet<\/td>\n<td>Evet<\/td>\n<td>Evet<\/td>\n<td>Evet<\/td>\n<\/tr>\n<tr>\n<td>Kay\u0131t Yok<\/td>\n<td>Evet<\/td>\n<td>Evet<\/td>\n<td>Evet<\/td>\n<td>Evet<\/td>\n<td>Evet<\/td>\n<\/tr>\n<tr>\n<td>Moderasyon Ara\u00e7lar\u0131<\/td>\n<td>\u26a0\ufe0f Minimal<\/td>\n<td>\u26a0\ufe0f Fakir<\/td>\n<td>\u2705 Il\u0131ml\u0131<\/td>\n<td>G\u00fc\u00e7l\u00fc<\/td>\n<td>G\u00fc\u00e7l\u00fc<\/td>\n<\/tr>\n<tr>\n<td>Mobil Uygulama<\/td>\n<td>\u274c Uygulama Yok<\/td>\n<td>\u274c Hay\u0131r<\/td>\n<td>Evet<\/td>\n<td>\u274c Uygulama Yok<\/td>\n<td>Evet<\/td>\n<\/tr>\n<tr>\n<td>Video Kalitesi<\/td>\n<td>\u0130yi<\/td>\n<td>\u26a0\ufe0f De\u011fi\u015fir<\/td>\n<td>\u0130yi<\/td>\n<td>M\u00fckemmel<\/td>\n<td>\u0130yi<\/td>\n<\/tr>\n<\/tbody>\n<\/table>\n<p>\u00d6zet: Joingy en h\u0131zl\u0131 ve en basit videolardan birini sunuyor <a href=\"https:\/\/tinychat.com\/tr\/chatroulette\/\">sohbet<\/a> \u00e7evrimi\u00e7i deneyimler, rakip <a href=\"https:\/\/tinychat.com\/tr\/omegle\/\">Omegle<\/a> ancak daha temiz bir tasar\u0131ma ve kullan\u0131\u015fl\u0131 ilgi alan\u0131 filtrelerine sahip.<\/p>\n<h2>Joingy G\u00fcvenli mi?<\/h2>\n<p>Joingy anonim, \u00f6zel bire bir sohbetler sunmak i\u00e7in elinden geleni yapar, ancak g\u00fcvenlik b\u00fcy\u00fck \u00f6l\u00e7\u00fcde kullan\u0131c\u0131ya ba\u011fl\u0131d\u0131r. Di\u011fer baz\u0131 platformlar\u0131n aksine, Joingy bariz raporlama ara\u00e7lar\u0131 veya g\u00f6r\u00fcn\u00fcr moderat\u00f6rler sunmaz.<\/p>\n<h3>Potansiyel Riskler<\/h3>\n<ul>\n<li>G\u00f6r\u00fcnt\u00fcl\u00fc sohbetlerde uygunsuz i\u00e7erik<\/li>\n<li>Metin modunda botlar veya komut dosyas\u0131 spam'i<\/li>\n<li>Ya\u015f do\u011frulamas\u0131 yok - gen\u00e7ler yeti\u015fkin i\u00e7eri\u011fine maruz kalabilir<\/li>\n<\/ul>\n<h3>G\u00fcvenli Kullan\u0131m i\u00e7in En \u0130yi Uygulamalar<\/h3>\n<ul>\n<li>Ki\u015fisel bilgileri asla payla\u015fmay\u0131n (isim, adres, sosyal medya)<\/li>\n<li>Di\u011fer kullan\u0131c\u0131lar taraf\u0131ndan payla\u015f\u0131lan ba\u011flant\u0131lara t\u0131klamay\u0131n<\/li>\n<li>Bir kullan\u0131c\u0131 uygunsuz davran\u0131yorsa hemen atlay\u0131n<\/li>\n<li>Siteyi denetlenen ortamlarda kullan\u0131n (\u00f6rn. ev, halka a\u00e7\u0131k Wi-Fi de\u011fil)<\/li>\n<li>Daha fazla gizlilik i\u00e7in VPN kullanmay\u0131 d\u00fc\u015f\u00fcn\u00fcn<\/li>\n<\/ul>\n<h2>Joingy'den En \u0130yi \u015eekilde Yararlanmak \u0130\u00e7in \u0130pu\u00e7lar\u0131<\/h2>\n<ul>\n<li>\u0130lgi alan\u0131 etiketlerini ak\u0131ll\u0131ca kullan\u0131n - ni\u015f konular daha iyi e\u015fle\u015fmeleri filtrelemeye yard\u0131mc\u0131 olur<\/li>\n<li>Daha net ses ve daha fazla gizlilik i\u00e7in kulakl\u0131k kullan\u0131n<\/li>\n<li>Daha ilgi \u00e7ekici g\u00f6r\u00fcnt\u00fcl\u00fc sohbetler i\u00e7in iyi bir ayd\u0131nlatmaya sahip olun<\/li>\n<li>Atlamaktan korkmay\u0131n - herhangi bir yerde kalmak zorunda de\u011filsiniz <a href=\"https:\/\/tinychat.com\/tr\/chatroulette\/\">sohbet<\/a><\/li>\n<li>Farkl\u0131 saatlerde sohbet etmeyi deneyin - kullan\u0131c\u0131 demografisi b\u00f6lgeye ve saat dilimine g\u00f6re de\u011fi\u015fir<\/li>\n<\/ul>\n<h2>S\u0131k Kar\u015f\u0131la\u015f\u0131lan Sorunlar\u0131n Giderilmesi<\/h2>\n<h3>Kamera veya Mikrofon \u00c7al\u0131\u015fm\u0131yor<\/h3>\n<p>Taray\u0131c\u0131n\u0131zda izinlerin etkin oldu\u011fundan emin olun. Yenilemeyi veya farkl\u0131 bir taray\u0131c\u0131 kullanmay\u0131 deneyin (Chrome en iyi sonucu verir).<\/p>\n<h3>Bo\u015f veya Siyah Video Ekran\u0131<\/h3>\n<p>Di\u011fer kullan\u0131c\u0131n\u0131n taraf\u0131nda olabilir. Atlay\u0131n ve tekrar deneyin. Ayr\u0131ca kameran\u0131z\u0131n ba\u015fka bir uygulama taraf\u0131ndan kullan\u0131lmad\u0131\u011f\u0131n\u0131 kontrol edin.<\/p>\n<h3>Faiz E\u015fle\u015ftirme \u0130\u015fe Yaram\u0131yor<\/h3>\n<p>Daha geni\u015f veya daha yayg\u0131n anahtar kelimeler kullan\u0131n. Bazen ni\u015f konular yeterince aktif kullan\u0131c\u0131ya sahip olmayabilir.<\/p>\n<h3>Uygunsuz Davran\u0131\u015f<\/h3>\n<p>Joingy'de \u015fu anda bir kullan\u0131c\u0131 raporu d\u00fc\u011fmesi yok. En iyi hareket tarz\u0131 hemen atlamakt\u0131r.<\/p>\n<p>Joingy tam olarak vaat etti\u011fi \u015feyi sunar: temiz, giri\u015f gerektirmeyen bir yol <a href=\"https:\/\/tinychat.com\/tr\/talk-to-strangers\/\">yabanc\u0131larla konu\u015fmak<\/a> metin veya video arac\u0131l\u0131\u011f\u0131yla. \u0130lgi alan\u0131 etiketleri ve mobil uyumluluk gibi \u00f6zellikleriyle, yeni biriyle tan\u0131\u015fman\u0131n kolay bir yolunu arayan s\u0131radan kullan\u0131c\u0131lar i\u00e7in m\u00fckemmel bir se\u00e7imdir.<\/p>\n<p>Kusurlar\u0131 yok de\u011fil - s\u0131n\u0131rl\u0131 moderasyon ve uygulama deste\u011finin olmamas\u0131 baz\u0131 kullan\u0131c\u0131lar\u0131 uzakla\u015ft\u0131rabilir - ancak basitlik, h\u0131z ve anonimli\u011fe \u00f6ncelik verenler i\u00e7in Joingy rastgele se\u00e7imlerde g\u00fc\u00e7l\u00fc bir rakip <a href=\"https:\/\/tinychat.com\/tr\/chatroulette\/\">sohbet<\/a> uzay.<\/p>\n<p>E\u011fer filtresiz bir sohbet havas\u0131ndaysan\u0131z ya da sadece biriyle tan\u0131\u015fmak istiyorsan\u0131z <a href=\"https:\/\/tinychat.com\/tr\/strangercam\/\">yabanc\u0131<\/a> ve nereye gitti\u011fini g\u00f6rmek i\u00e7in joingy.com'da Joingy'yi deneyin. Tek yapman\u0131z gereken bir t\u0131klama.<\/p>","protected":false},"excerpt":{"rendered":"<p>Joingy has carved out a niche for itself by offering a platform that is all about speed, simplicity, and anonymity. If you&#8217;re looking to instantly jump into a conversation with a random stranger \u2014 no profiles, no downloads, no complications \u2014 Joingy might just be the chat site you&#8217;re looking for. Focused primarily on random [&hellip;]<\/p>\n","protected":false},"author":6,"featured_media":0,"parent":0,"menu_order":0,"comment_status":"closed","ping_status":"closed","template":"","meta":{"footnotes":""},"class_list":["post-10206","page","type-page","status-publish","hentry"],"yoast_head":"<!-- This site is optimized with the Yoast SEO plugin v27.6 - https:\/\/yoast.com\/product\/yoast-seo-wordpress\/ -->\n<title>Joingy - Join the Stranger Cam Chat - TinyChat.com<\/title>\n<meta name=\"description\" content=\"Enjoying Joingy? Join over 50,000,000 strangers on TinyChat! Turn on your cam and start meeting new people, or find a match.\" \/>\n<meta name=\"robots\" content=\"index, follow, max-snippet:-1, max-image-preview:large, max-video-preview:-1\" \/>\n<link rel=\"canonical\" href=\"https:\/\/tinychat.com\/tr\/joingy\/\" \/>\n<meta property=\"og:locale\" content=\"tr_TR\" \/>\n<meta property=\"og:type\" content=\"article\" \/>\n<meta property=\"og:title\" content=\"Joingy - Join the Stranger Cam Chat - TinyChat.com\" \/>\n<meta property=\"og:description\" content=\"Enjoying Joingy? Join over 50,000,000 strangers on TinyChat! Turn on your cam and start meeting new people, or find a match.\" \/>\n<meta property=\"og:url\" content=\"https:\/\/tinychat.com\/tr\/joingy\/\" \/>\n<meta property=\"og:site_name\" content=\"TinyChat\" \/>\n<meta property=\"article:publisher\" content=\"https:\/\/www.facebook.com\/tinychat\" \/>\n<meta property=\"article:modified_time\" content=\"2025-07-07T16:31:23+00:00\" \/>\n<meta property=\"og:image\" content=\"https:\/\/tinychat.com\/wp-content\/uploads\/2020\/04\/Tinychat-logo-1280x284-new-black.png\" \/>\n\t<meta property=\"og:image:width\" content=\"1280\" \/>\n\t<meta property=\"og:image:height\" content=\"284\" \/>\n\t<meta property=\"og:image:type\" content=\"image\/png\" \/>\n<meta name=\"twitter:card\" content=\"summary_large_image\" \/>\n<meta name=\"twitter:site\" content=\"@tinychat\" \/>\n<meta name=\"twitter:label1\" content=\"Tahmini okuma s\u00fcresi\" \/>\n\t<meta name=\"twitter:data1\" content=\"6 dakika\" \/>\n<script type=\"application\/ld+json\" class=\"yoast-schema-graph\">{\"@context\":\"https:\\\/\\\/schema.org\",\"@graph\":[{\"@type\":\"WebPage\",\"@id\":\"https:\\\/\\\/tinychat.com\\\/joingy\\\/\",\"url\":\"https:\\\/\\\/tinychat.com\\\/joingy\\\/\",\"name\":\"Joingy - Join the Stranger Cam Chat - TinyChat.com\",\"isPartOf\":{\"@id\":\"https:\\\/\\\/tinychat.com\\\/#website\"},\"datePublished\":\"2025-05-30T12:48:39+00:00\",\"dateModified\":\"2025-07-07T16:31:23+00:00\",\"description\":\"Enjoying Joingy? Join over 50,000,000 strangers on TinyChat! Turn on your cam and start meeting new people, or find a match.\",\"breadcrumb\":{\"@id\":\"https:\\\/\\\/tinychat.com\\\/joingy\\\/#breadcrumb\"},\"inLanguage\":\"tr\",\"potentialAction\":[{\"@type\":\"ReadAction\",\"target\":[\"https:\\\/\\\/tinychat.com\\\/joingy\\\/\"]}]},{\"@type\":\"BreadcrumbList\",\"@id\":\"https:\\\/\\\/tinychat.com\\\/joingy\\\/#breadcrumb\",\"itemListElement\":[{\"@type\":\"ListItem\",\"position\":1,\"name\":\"Home\",\"item\":\"https:\\\/\\\/tinychat.com\\\/\"},{\"@type\":\"ListItem\",\"position\":2,\"name\":\"Joingy\"}]},{\"@type\":\"WebSite\",\"@id\":\"https:\\\/\\\/tinychat.com\\\/#website\",\"url\":\"https:\\\/\\\/tinychat.com\\\/\",\"name\":\"TinyChat\",\"description\":\"Random Video Chat with Strangers\",\"publisher\":{\"@id\":\"https:\\\/\\\/tinychat.com\\\/#organization\"},\"alternateName\":\"TinyChat.com\",\"potentialAction\":[{\"@type\":\"SearchAction\",\"target\":{\"@type\":\"EntryPoint\",\"urlTemplate\":\"https:\\\/\\\/tinychat.com\\\/?s={search_term_string}\"},\"query-input\":{\"@type\":\"PropertyValueSpecification\",\"valueRequired\":true,\"valueName\":\"search_term_string\"}}],\"inLanguage\":\"tr\"},{\"@type\":\"Organization\",\"@id\":\"https:\\\/\\\/tinychat.com\\\/#organization\",\"name\":\"TinyChat\",\"alternateName\":\"TinyChat.com\",\"url\":\"https:\\\/\\\/tinychat.com\\\/\",\"logo\":{\"@type\":\"ImageObject\",\"inLanguage\":\"tr\",\"@id\":\"https:\\\/\\\/tinychat.com\\\/#\\\/schema\\\/logo\\\/image\\\/\",\"url\":\"https:\\\/\\\/tinychat.com\\\/wp-content\\\/uploads\\\/2023\\\/11\\\/Tinychat-icon-square.png\",\"contentUrl\":\"https:\\\/\\\/tinychat.com\\\/wp-content\\\/uploads\\\/2023\\\/11\\\/Tinychat-icon-square.png\",\"width\":284,\"height\":284,\"caption\":\"TinyChat\"},\"image\":{\"@id\":\"https:\\\/\\\/tinychat.com\\\/#\\\/schema\\\/logo\\\/image\\\/\"},\"sameAs\":[\"https:\\\/\\\/www.facebook.com\\\/tinychat\",\"https:\\\/\\\/x.com\\\/tinychat\"]}]}<\/script>\n<!-- \/ Yoast SEO plugin. -->","yoast_head_json":{"title":"Joingy - Stranger Cam Sohbetine Kat\u0131l\u0131n - TinyChat.com","description":"Joingy'yi be\u011feniyor musunuz? TinyChat'de 50.000.000'dan fazla yabanc\u0131ya kat\u0131l\u0131n! Kameran\u0131z\u0131 a\u00e7\u0131n ve yeni insanlarla tan\u0131\u015fmaya ba\u015flay\u0131n veya bir e\u015fle\u015fme bulun.","robots":{"index":"index","follow":"follow","max-snippet":"max-snippet:-1","max-image-preview":"max-image-preview:large","max-video-preview":"max-video-preview:-1"},"canonical":"https:\/\/tinychat.com\/tr\/joingy\/","og_locale":"tr_TR","og_type":"article","og_title":"Joingy - Join the Stranger Cam Chat - TinyChat.com","og_description":"Enjoying Joingy? Join over 50,000,000 strangers on TinyChat! Turn on your cam and start meeting new people, or find a match.","og_url":"https:\/\/tinychat.com\/tr\/joingy\/","og_site_name":"TinyChat","article_publisher":"https:\/\/www.facebook.com\/tinychat","article_modified_time":"2025-07-07T16:31:23+00:00","og_image":[{"width":1280,"height":284,"url":"https:\/\/tinychat.com\/wp-content\/uploads\/2020\/04\/Tinychat-logo-1280x284-new-black.png","type":"image\/png"}],"twitter_card":"summary_large_image","twitter_site":"@tinychat","twitter_misc":{"Tahmini okuma s\u00fcresi":"6 dakika"},"schema":{"@context":"https:\/\/schema.org","@graph":[{"@type":"WebPage","@id":"https:\/\/tinychat.com\/joingy\/","url":"https:\/\/tinychat.com\/joingy\/","name":"Joingy - Stranger Cam Sohbetine Kat\u0131l\u0131n - TinyChat.com","isPartOf":{"@id":"https:\/\/tinychat.com\/#website"},"datePublished":"2025-05-30T12:48:39+00:00","dateModified":"2025-07-07T16:31:23+00:00","description":"Joingy'yi be\u011feniyor musunuz? TinyChat'de 50.000.000'dan fazla yabanc\u0131ya kat\u0131l\u0131n! Kameran\u0131z\u0131 a\u00e7\u0131n ve yeni insanlarla tan\u0131\u015fmaya ba\u015flay\u0131n veya bir e\u015fle\u015fme bulun.","breadcrumb":{"@id":"https:\/\/tinychat.com\/joingy\/#breadcrumb"},"inLanguage":"tr","potentialAction":[{"@type":"ReadAction","target":["https:\/\/tinychat.com\/joingy\/"]}]},{"@type":"BreadcrumbList","@id":"https:\/\/tinychat.com\/joingy\/#breadcrumb","itemListElement":[{"@type":"ListItem","position":1,"name":"Home","item":"https:\/\/tinychat.com\/"},{"@type":"ListItem","position":2,"name":"Joingy"}]},{"@type":"WebSite","@id":"https:\/\/tinychat.com\/#website","url":"https:\/\/tinychat.com\/","name":"TinyChat","description":"Yabanc\u0131larla Rastgele G\u00f6r\u00fcnt\u00fcl\u00fc Sohbet","publisher":{"@id":"https:\/\/tinychat.com\/#organization"},"alternateName":"TinyChat.com","potentialAction":[{"@type":"SearchAction","target":{"@type":"EntryPoint","urlTemplate":"https:\/\/tinychat.com\/?s={search_term_string}"},"query-input":{"@type":"PropertyValueSpecification","valueRequired":true,"valueName":"search_term_string"}}],"inLanguage":"tr"},{"@type":"Organization","@id":"https:\/\/tinychat.com\/#organization","name":"TinyChat","alternateName":"TinyChat.com","url":"https:\/\/tinychat.com\/","logo":{"@type":"ImageObject","inLanguage":"tr","@id":"https:\/\/tinychat.com\/#\/schema\/logo\/image\/","url":"https:\/\/tinychat.com\/wp-content\/uploads\/2023\/11\/Tinychat-icon-square.png","contentUrl":"https:\/\/tinychat.com\/wp-content\/uploads\/2023\/11\/Tinychat-icon-square.png","width":284,"height":284,"caption":"TinyChat"},"image":{"@id":"https:\/\/tinychat.com\/#\/schema\/logo\/image\/"},"sameAs":["https:\/\/www.facebook.com\/tinychat","https:\/\/x.com\/tinychat"]}]}},"_links":{"self":[{"href":"https:\/\/tinychat.com\/tr\/wp-json\/wp\/v2\/pages\/10206","targetHints":{"allow":["GET"]}}],"collection":[{"href":"https:\/\/tinychat.com\/tr\/wp-json\/wp\/v2\/pages"}],"about":[{"href":"https:\/\/tinychat.com\/tr\/wp-json\/wp\/v2\/types\/page"}],"author":[{"embeddable":true,"href":"https:\/\/tinychat.com\/tr\/wp-json\/wp\/v2\/users\/6"}],"replies":[{"embeddable":true,"href":"https:\/\/tinychat.com\/tr\/wp-json\/wp\/v2\/comments?post=10206"}],"version-history":[{"count":3,"href":"https:\/\/tinychat.com\/tr\/wp-json\/wp\/v2\/pages\/10206\/revisions"}],"predecessor-version":[{"id":13198,"href":"https:\/\/tinychat.com\/tr\/wp-json\/wp\/v2\/pages\/10206\/revisions\/13198"}],"wp:attachment":[{"href":"https:\/\/tinychat.com\/tr\/wp-json\/wp\/v2\/media?parent=10206"}],"curies":[{"name":"wp","href":"https:\/\/api.w.org\/{rel}","templated":true}]}}