{"id":11180,"date":"2025-12-02T08:44:24","date_gmt":"2025-12-02T06:44:24","guid":{"rendered":"https:\/\/tinychat.com\/?page_id=11180"},"modified":"2025-12-02T10:48:23","modified_gmt":"2025-12-02T08:48:23","slug":"randomskip","status":"publish","type":"page","link":"https:\/\/tinychat.com\/tr\/randomskip\/","title":{"rendered":"Randomskip"},"content":{"rendered":"<p>En iyi \u00e7evrimi\u00e7i deneyimler genellikle en basit olanlard\u0131r ve Randomskip bunu kan\u0131tlamaktad\u0131r. Ger\u00e7ek, spontan etkile\u015fim isteyenler i\u00e7in tasarlanan Randomskip, kay\u0131t, \u00fccret veya karma\u015f\u0131k \u00f6zellikler olmadan canl\u0131 video sohbeti arac\u0131l\u0131\u011f\u0131yla an\u0131nda yeni insanlarla tan\u0131\u015fman\u0131za olanak tan\u0131r. Siteyi a\u00e7\u0131n, \u201cBa\u015flat\u201d d\u00fc\u011fmesine bas\u0131n ve d\u00fcnyan\u0131n herhangi bir yerinden yeni biriyle y\u00fcz y\u00fcze gelin.<\/p>\n<p>H\u0131zl\u0131, anonim ve \u015fa\u015f\u0131rt\u0131c\u0131 derecede ilgi \u00e7ekici olan bu uygulama, internetin ilk d\u00f6nemlerindeki rastgele sohbet k\u00fclt\u00fcr\u00fcn\u00fcn heyecan\u0131n\u0131 geri getiriyor, ancak daha sorunsuz bir teknoloji ve modern bir tasar\u0131mla. \u0130ster zaman ge\u00e7irmek, ister s\u0131n\u0131rlar\u0131n \u00f6tesindeki insanlarla tan\u0131\u015fmak, ister sadece do\u011fa\u00e7lama bir sohbetin tad\u0131n\u0131 \u00e7\u0131karmak isteyin, Randomskip bunu zahmetsiz hale getiriyor.<\/p>\n<p>Bu ayr\u0131nt\u0131l\u0131 inceleme, Randomskip'nin ne oldu\u011fu, temel \u00f6zellikleri, nas\u0131l kullan\u0131ld\u0131\u011f\u0131, kullan\u0131c\u0131 deneyiminin nas\u0131l oldu\u011fu, rakiplerine k\u0131yasla nas\u0131l oldu\u011fu ve \u00e7evrimi\u00e7i sohbet zaman\u0131n\u0131z\u0131 en iyi \u015fekilde de\u011ferlendirmek i\u00e7in gerekli g\u00fcvenlik ve kullan\u0131m ipu\u00e7lar\u0131n\u0131 kapsamaktad\u0131r.<\/p>\n<h2>Randomskip nedir?<\/h2>\n<p>Randomskip, web kameras\u0131 arac\u0131l\u0131\u011f\u0131yla yabanc\u0131larla an\u0131nda ba\u011flant\u0131 kurmak i\u00e7in tasarlanm\u0131\u015f \u00fccretsiz bir rastgele g\u00f6r\u00fcnt\u00fcl\u00fc sohbet platformudur. Konsepti basit ama ba\u011f\u0131ml\u0131l\u0131k yap\u0131c\u0131d\u0131r: \u201c\u0130leri\u201d d\u00fc\u011fmesine her t\u0131klad\u0131\u011f\u0131n\u0131zda, yeni bir ki\u015fiyle e\u015fle\u015ftirilirsiniz \u2014 bu y\u00fczden ad\u0131 da budur. <em>Randomskip.<\/em><\/p>\n<p>Hesap, profil veya uygulama gerekmez. Tamamen taray\u0131c\u0131 tabanl\u0131, \u00f6zel ve an\u0131nda kullan\u0131ma haz\u0131rd\u0131r. Randomskip tamamen h\u0131z ve spontanl\u0131\u011fa odaklan\u0131r, kullan\u0131c\u0131lar\u0131n istedikleri zaman girip sohbet edip istedikleri zaman \u00e7\u0131kmalar\u0131na olanak tan\u0131r.<\/p>\n<p>Platformun basitli\u011fi en b\u00fcy\u00fck g\u00fcc\u00fc: dikkatinizi da\u011f\u0131tan unsurlar, bekleme s\u00fcreleri ve kiminle tan\u0131\u015faca\u011f\u0131n\u0131z\u0131 belirleyen algoritmalar yok \u2014 sadece saf, rastgele ba\u011flant\u0131lar var.<\/p>\n<h2>Randomskip'nin Temel \u00d6zellikleri<\/h2>\n<p>Randomskip, kullan\u0131m kolayl\u0131\u011f\u0131 ile sa\u011flam i\u015flevselli\u011fi bir araya getirerek harika bir rastgele sohbet deneyiminin t\u00fcm temel \u00f6zelliklerini sunar.<\/p>\n<h3>1. Bire Bir G\u00f6r\u00fcnt\u00fcl\u00fc Sohbet<\/h3>\n<ul>\n<li>Canl\u0131 web kameras\u0131 arac\u0131l\u0131\u011f\u0131yla an\u0131nda yeni insanlarla tan\u0131\u015f\u0131n.<\/li>\n<li>Do\u011fal konu\u015fmalar i\u00e7in p\u00fcr\u00fczs\u00fcz video ve ses kalitesi.<\/li>\n<li>Tamamen taray\u0131c\u0131n\u0131zda \u00e7al\u0131\u015f\u0131r \u2014 uygulama veya indirme gerekmez.<\/li>\n<\/ul>\n<h3>2. Atla D\u00fc\u011fmesi<\/h3>\n<ul>\n<li>Tek bir t\u0131klama ile an\u0131nda bir sonraki sohbete ge\u00e7in.<\/li>\n<li>Deneyimi h\u0131zl\u0131 ve heyecan verici tutar.<\/li>\n<li>Ke\u015fif ve spontanl\u0131\u011f\u0131 te\u015fvik eder.<\/li>\n<\/ul>\n<h3>3. Metin Sohbeti Entegrasyonu<\/h3>\n<ul>\n<li>Video ile birlikte yerle\u015fik metin se\u00e7ene\u011fi.<\/li>\n<li>Sessiz ortamlar i\u00e7in veya yazmay\u0131 tercih etti\u011finiz durumlar i\u00e7in m\u00fckemmeldir.<\/li>\n<\/ul>\n<h3>4. K\u00fcresel Kullan\u0131c\u0131 Taban\u0131<\/h3>\n<ul>\n<li>D\u00fcnyan\u0131n her yerinden insanlarla ba\u011flant\u0131 kurun.<\/li>\n<li>Yeni k\u00fclt\u00fcrler hakk\u0131nda bilgi edinin veya ba\u015fka dilleri \u00f6\u011frenin.<\/li>\n<\/ul>\n<h3>5. Mobil ve Masa\u00fcst\u00fc Uyumlulu\u011fu<\/h3>\n<ul>\n<li>Ak\u0131ll\u0131 telefonlar, tabletler ve bilgisayarlarda sorunsuz \u00e7al\u0131\u015f\u0131r.<\/li>\n<li>Cihaz\u0131n\u0131za uyum sa\u011flayan tamamen duyarl\u0131 aray\u00fcz.<\/li>\n<\/ul>\n<h3>6. Kay\u0131t Gerekmiyor<\/h3>\n<ul>\n<li>Kay\u0131t veya hesap olu\u015fturmadan an\u0131nda sohbet etmeye ba\u015flay\u0131n.<\/li>\n<li>Gizlili\u011fe \u00f6nem veren kullan\u0131c\u0131lar i\u00e7in tam anonimlik.<\/li>\n<\/ul>\n<h3>7. 100% \u00dccretsiz Eri\u015fim<\/h3>\n<ul>\n<li>Abonelik, gizli maliyet veya \u00fccretli a\u00e7ma \u00f6zellikleri yoktur.<\/li>\n<li>Her \u00f6zellik t\u00fcm kullan\u0131c\u0131lara a\u00e7\u0131kt\u0131r.<\/li>\n<\/ul>\n<h3>8. Modern, Temiz Aray\u00fcz<\/h3>\n<ul>\n<li>Kolay gezinme i\u00e7in minimalist tasar\u0131m.<\/li>\n<li>Odak noktas\u0131, karma\u015f\u0131k men\u00fcler de\u011fil, ger\u00e7ek konu\u015fmalar olmaya devam ediyor.<\/li>\n<\/ul>\n<h2>Randomskip Nas\u0131l Kullan\u0131l\u0131r?<\/h2>\n<p>Randomskip'yi kullanmaya ba\u015flamak sadece birka\u00e7 saniye s\u00fcrer \u2014 indirmek, kurmak veya yap\u0131land\u0131rmak i\u00e7in hi\u00e7bir \u015fey yapman\u0131z gerekmez.<\/p>\n<h3>Ad\u0131m 1: Web Sitesini Ziyaret Edin<\/h3>\n<p>Web taray\u0131c\u0131n\u0131zda Randomskip.com adresine gidin.<\/p>\n<h3>Ad\u0131m 2: \u0130zinlere \u0130zin Verin<\/h3>\n<p>\u0130stenildi\u011finde kameran\u0131za ve mikrofonunuza eri\u015fim izni verin.<\/p>\n<h3>3. Ad\u0131m: \u201cBa\u015flat \u201da t\u0131klay\u0131n\u201d<\/h3>\n<p>An\u0131nda rastgele bir yabanc\u0131yla ba\u011flant\u0131 kuracaks\u0131n\u0131z.<\/p>\n<h3>Ad\u0131m 4: Sohbet Edin veya Atlay\u0131n<\/h3>\n<p>Sohbetin tad\u0131n\u0131 \u00e7\u0131kar\u0131n veya \u201c\u0130leri\u201dyi t\u0131klayarak yeni biriyle tan\u0131\u015f\u0131n.<\/p>\n<h3>Ad\u0131m 5: Ke\u015ffetmeye Devam Edin<\/h3>\n<p>Tan\u0131\u015fabilece\u011finiz ki\u015fi say\u0131s\u0131nda bir s\u0131n\u0131r yoktur. Her \u201catlama\u201d yeni bir olas\u0131l\u0131k a\u00e7ar.<\/p>\n<p>Hepsi bu kadar \u2014 giri\u015f yapmaya gerek yok, profil olu\u015fturmaya gerek yok, sadece ger\u00e7ek zamanl\u0131 sohbet.<\/p>\n<h2>Randomskip'de Kullan\u0131c\u0131 Deneyimi<\/h2>\n<p>Randomskip, h\u0131z, basitlik ve spontanl\u0131k ile ilgilidir. Karma\u015f\u0131kl\u0131k olmadan an\u0131nda insan etkile\u015fimi isteyen kullan\u0131c\u0131lar i\u00e7in tasarlanm\u0131\u015ft\u0131r.<\/p>\n<h3>Kullan\u0131c\u0131lar Neyi Sever<\/h3>\n<ul>\n<li>Kullan\u0131m\u0131 son derece kolayd\u0131r \u2014 sadece t\u0131klay\u0131n ve sohbet edin.<\/li>\n<li>Kay\u0131t veya kurulum gerekmez.<\/li>\n<li>H\u0131zl\u0131, sorunsuz ba\u011flant\u0131lar ve minimum gecikme.<\/li>\n<li>Mobil ve masa\u00fcst\u00fcnde iyi \u00e7al\u0131\u015f\u0131r.<\/li>\n<li>100% \u00fccretsiz ve \u00f6zel.<\/li>\n<\/ul>\n<h3>Kullan\u0131c\u0131lar\u0131n \u0130yile\u015ftirme \u0130\u00e7in Yer G\u00f6rd\u00fc\u011f\u00fc Noktalar<\/h3>\n<ul>\n<li>Cinsiyet veya konum filtresi yok (tamamen rastgele).<\/li>\n<li>Yo\u011fun olmayan saatlerde s\u0131n\u0131rl\u0131 moderasyon ara\u00e7lar\u0131.<\/li>\n<li>\u00d6nceki sohbetlere yeniden ba\u011flanam\u0131yorum.<\/li>\n<li>Zaman dilimine ba\u011fl\u0131 olarak ara s\u0131ra d\u00fc\u015f\u00fck aktivite d\u00f6nemleri olabilir.<\/li>\n<\/ul>\n<p>Bu s\u0131n\u0131rlamalara ra\u011fmen, Randomskip \u00e7evrimi\u00e7i olarak en basit ve e\u011flenceli rastgele g\u00f6r\u00fcnt\u00fcl\u00fc sohbet deneyimlerinden biri olmaya devam ediyor.<\/p>\n<h2>Randomskip ve Di\u011fer Sohbet Platformlar\u0131<\/h2>\n<p>Randomskip'nin di\u011fer b\u00fcy\u00fck platformlarla kar\u015f\u0131la\u015ft\u0131rmas\u0131 \u015fu \u015fekildedir:<\/p>\n<table>\n<thead>\n<tr>\n<th>\u00d6zellik<\/th>\n<th>Randomskip<\/th>\n<th>Omegle<\/th>\n<th>Chatroulette<\/th>\n<th>ChatHub<\/th>\n<th>Emerald Chat<\/th>\n<th>Umingle<\/th>\n<\/tr>\n<\/thead>\n<tbody>\n<tr>\n<td>Rastgele G\u00f6r\u00fcnt\u00fcl\u00fc Sohbet<\/td>\n<td>Evet<\/td>\n<td>Evet<\/td>\n<td>Evet<\/td>\n<td>Evet<\/td>\n<td>Evet<\/td>\n<td>Evet<\/td>\n<\/tr>\n<tr>\n<td>Metin Sohbeti Se\u00e7ene\u011fi<\/td>\n<td>Evet<\/td>\n<td>Evet<\/td>\n<td>Evet<\/td>\n<td>Evet<\/td>\n<td>Evet<\/td>\n<td>Evet<\/td>\n<\/tr>\n<tr>\n<td>Atla D\u00fc\u011fmesi<\/td>\n<td>Evet<\/td>\n<td>Evet<\/td>\n<td>Evet<\/td>\n<td>Evet<\/td>\n<td>Evet<\/td>\n<td>Evet<\/td>\n<\/tr>\n<tr>\n<td>Kay\u0131t Gerekli<\/td>\n<td>\u274c Hay\u0131r<\/td>\n<td>\u274c Hay\u0131r<\/td>\n<td>\u274c Hay\u0131r<\/td>\n<td>\u2705 \u0130ste\u011fe ba\u011fl\u0131<\/td>\n<td>\u2705 \u0130ste\u011fe ba\u011fl\u0131<\/td>\n<td>\u274c Hay\u0131r<\/td>\n<\/tr>\n<tr>\n<td>Filtreler (Cinsiyet\/Konum)<\/td>\n<td>\u274c Hay\u0131r<\/td>\n<td>\u274c Hay\u0131r<\/td>\n<td>S\u0131n\u0131rl\u0131<\/td>\n<td>Evet<\/td>\n<td>Evet<\/td>\n<td>\u274c Hay\u0131r<\/td>\n<\/tr>\n<tr>\n<td>\u00dccretsiz Eri\u015fim<\/td>\n<td>Her zaman<\/td>\n<td>Her zaman<\/td>\n<td>Her zaman<\/td>\n<td>Evet<\/td>\n<td>Evet<\/td>\n<td>Her zaman<\/td>\n<\/tr>\n<tr>\n<td>Mobil Dostu<\/td>\n<td>Evet<\/td>\n<td>Evet<\/td>\n<td>Evet<\/td>\n<td>Evet<\/td>\n<td>Evet<\/td>\n<td>Evet<\/td>\n<\/tr>\n<tr>\n<td>Anonimlik<\/td>\n<td>G\u00fc\u00e7l\u00fc<\/td>\n<td>G\u00fc\u00e7l\u00fc<\/td>\n<td>G\u00fc\u00e7l\u00fc<\/td>\n<td>\u2705 Il\u0131ml\u0131<\/td>\n<td>\u2705 Il\u0131ml\u0131<\/td>\n<td>G\u00fc\u00e7l\u00fc<\/td>\n<\/tr>\n<\/tbody>\n<\/table>\n<p>\u00d6zet: Randomskip, Omegle'nin spontanl\u0131\u011f\u0131n\u0131 daha temiz ve modern bir aray\u00fczle birle\u015ftirir. H\u0131zl\u0131, \u00fccretsiz ve ko\u015fulsuz sohbetler isteyen kullan\u0131c\u0131lar i\u00e7in ideal bir platformdur.<\/p>\n<h2>Randomskip g\u00fcvenli midir?<\/h2>\n<p>Randomskip, gizlilik ve kullan\u0131c\u0131 kontrol\u00fcn\u00fc \u00f6n plana \u00e7\u0131kar\u0131r \u2014 sohbeti ne zaman ba\u015flataca\u011f\u0131n\u0131z\u0131, atlayaca\u011f\u0131n\u0131z\u0131 veya terk edece\u011finizi siz belirlersiniz. Herhangi bir ki\u015fisel bilgi talep etmez, b\u00f6ylece etkile\u015fimler m\u00fcmk\u00fcn oldu\u011funca gizli kal\u0131r.<\/p>\n<h3>Yerle\u015fik G\u00fcvenlik \u00d6zellikleri<\/h3>\n<ul>\n<li>Hesap veya profil gerektirmeyen anonim sohbet.<\/li>\n<li>Herhangi bir sohbetten an\u0131nda \u00e7\u0131kmak i\u00e7in atla d\u00fc\u011fmesine bas\u0131n.<\/li>\n<li>Sohbetler ge\u00e7icidir ve kaydedilmez.<\/li>\n<li>K\u00f6t\u00fcye kullan\u0131m veya uygunsuz davran\u0131\u015flar\u0131 bildirme se\u00e7ene\u011fi.<\/li>\n<\/ul>\n<h3>Kullan\u0131c\u0131lar i\u00e7in G\u00fcvenlik \u0130pu\u00e7lar\u0131<\/h3>\n<ul>\n<li>Ki\u015fisel bilgilerinizi (ad, adres, sosyal medya hesaplar\u0131) asla payla\u015fmay\u0131n.<\/li>\n<li>Kamera kar\u015f\u0131s\u0131nda n\u00f6tr bir arka plan kullan\u0131n.<\/li>\n<li>Rahats\u0131z edici veya \u015f\u00fcpheli hissettiren t\u00fcm sohbetleri sonland\u0131r\u0131n.<\/li>\n<li>Ebeveynler, re\u015fit olmayan \u00e7ocuklar\u0131n\u0131n rastgele sohbet platformlar\u0131n\u0131 kullan\u0131m\u0131n\u0131 denetlemelidir.<\/li>\n<li>Daha fazla gizlilik ve koruma i\u00e7in VPN kullan\u0131n.<\/li>\n<\/ul>\n<p>Bu \u00f6nlemler sayesinde, Randomskip, ger\u00e7ek \u00e7evrimi\u00e7i etkile\u015fim arayan herkes taraf\u0131ndan g\u00fcvenle ve emin bir \u015fekilde kullan\u0131labilir.<\/p>\n<hr \/>\n<h2>Randomskip'den En \u0130yi \u015eekilde Yararlanmak \u0130\u00e7in \u0130pu\u00e7lar\u0131<\/h2>\n<ul>\n<li>Rastlant\u0131sall\u0131\u011fa a\u00e7\u0131k olun: E\u011flence, ba\u015fka t\u00fcrl\u00fc asla kar\u015f\u0131la\u015fmayaca\u011f\u0131n\u0131z insanlarla tan\u0131\u015fmakta yat\u0131yor.<\/li>\n<li>Konu\u015fmalar\u0131 hafif tutun: Mizah, m\u00fczik veya seyahat harika ba\u015flang\u0131\u00e7lar olur.<\/li>\n<li>Kulakl\u0131k kullan\u0131n: Ses kalitesini ve gizlili\u011fi art\u0131r\u0131r.<\/li>\n<li>\u0130yi ayd\u0131nlatma yard\u0131mc\u0131 olur: Videonuzu daha \u00e7ekici ve samimi hale getirir.<\/li>\n<li>Yo\u011fun saatlerde sohbet: Ak\u015famlar\u0131 ve hafta sonlar\u0131 genellikle daha fazla kullan\u0131c\u0131 vard\u0131r.<\/li>\n<li>Teredd\u00fct etmeyin: Her sohbet uyumlu olmayabilir \u2014 bu da deneyimin bir par\u00e7as\u0131d\u0131r.<\/li>\n<\/ul>\n<p>Bu k\u00fc\u00e7\u00fck ipu\u00e7lar\u0131, daha iyi bir ilk izlenim b\u0131rakman\u0131za ve daha sorunsuz, daha tatmin edici sohbetler yapman\u0131za yard\u0131mc\u0131 olur.<\/p>\n<h2>Yayg\u0131n Sorunlar ve D\u00fczeltmeler<\/h2>\n<h3>Sorun: Kamera veya Mikrofon \u00c7al\u0131\u015fm\u0131yor<\/h3>\n<ul>\n<li>Taray\u0131c\u0131n\u0131z\u0131n gizlilik ayarlar\u0131n\u0131 kontrol edin.<\/li>\n<li>Sayfay\u0131 yenileyin veya cihaz\u0131n\u0131z\u0131 yeniden ba\u015flat\u0131n.<\/li>\n<li>Ba\u015fka hi\u00e7bir uygulaman\u0131n kameran\u0131z\u0131 kullanmad\u0131\u011f\u0131ndan emin olun.<\/li>\n<\/ul>\n<h3>Sorun: Yava\u015f veya Kesilen Ba\u011flant\u0131<\/h3>\n<ul>\n<li>Mobil veri yerine sabit bir Wi-Fi ba\u011flant\u0131s\u0131 kullan\u0131n.<\/li>\n<li>Kullan\u0131lmayan sekmeleri veya arka plan programlar\u0131n\u0131 kapat\u0131n.<\/li>\n<\/ul>\n<h3>Sorun: \u00c7evrimi\u00e7i Kullan\u0131c\u0131 Say\u0131s\u0131 Az<\/h3>\n<ul>\n<li>Ak\u015fam veya hafta sonu saatlerinde deneyin.<\/li>\n<li>Sab\u0131rl\u0131 olun \u2014 k\u00fcresel trafik b\u00f6lgeye g\u00f6re de\u011fi\u015fiklik g\u00f6sterir.<\/li>\n<\/ul>\n<h3>Sorun: Uygunsuz Davran\u0131\u015f<\/h3>\n<ul>\n<li>An\u0131nda atla.<\/li>\n<li>Ara\u00e7lar mevcutsa kullan\u0131c\u0131y\u0131 bildirin.<\/li>\n<\/ul>\n<h2>\u0130nsanlar Neden Randomskip'yi Tercih Ediyor?<\/h2>\n<p>\u0130nsanlar Randomskip'ye ilgi duyuyorlar \u00e7\u00fcnk\u00fc bu uygulama, bir\u00e7ok modern sosyal uygulaman\u0131n sunamad\u0131\u011f\u0131 \u015feyleri sunuyor: \u00f6zg\u00fcrl\u00fck, spontanl\u0131k ve \u00f6zg\u00fcnl\u00fck.<\/p>\n<p>Bunu \u015funun i\u00e7in se\u00e7iyorlar:<\/p>\n<ul>\n<li>An\u0131nda eri\u015fim: kay\u0131t veya oturum a\u00e7ma gerekmez.<\/li>\n<li>Anonimlik: Bask\u0131 olmadan \u00f6zg\u00fcrce sohbet edin.<\/li>\n<li>H\u0131z: saniyeler i\u00e7inde ba\u011flan\u0131n veya atlay\u0131n.<\/li>\n<li>Sadelik: temiz, dikkat da\u011f\u0131t\u0131c\u0131 unsurlar i\u00e7ermeyen d\u00fczen.<\/li>\n<li>Eri\u015filebilirlik: Herhangi bir cihazda, herhangi bir zamanda \u00e7al\u0131\u015f\u0131r.<\/li>\n<\/ul>\n<p>Ger\u00e7ek insanlar\u0131, ger\u00e7ek sohbetleri ve ger\u00e7ek \u00f6ng\u00f6r\u00fclemezli\u011fi kutlayan bir platformdur.<\/p>\n<h2>Son D\u00fc\u015f\u00fcnceler: Randomskip Kullanmaya De\u011fer mi?<\/h2>\n<p>Yeni insanlarla tan\u0131\u015fmak i\u00e7in h\u0131zl\u0131, \u00fccretsiz ve anonim bir yol ar\u0131yorsan\u0131z, Randomskip kesinlikle denemeye de\u011fer. Rastgele g\u00f6r\u00fcnt\u00fcl\u00fc sohbeti bu kadar heyecan verici k\u0131lan en iyi \u00f6zellikleri (tek bir t\u0131klama ile ger\u00e7ek insan etkile\u015fimi) bar\u0131nd\u0131r\u0131rken, daha sorunsuz bir teknoloji ve modern performans sunuyor.<\/p>\n<p>Giri\u015f bilgisi, \u00f6deme duvar\u0131 ve engel yok \u2014 sadece ger\u00e7ek, filtrelenmemi\u015f ve spontan sohbetler var.<\/p>\n<p>\u0130steseniz de istemeseniz de:<\/p>\n<ul>\n<li>E\u011flenceli, rastgele sohbetlerle zaman ge\u00e7irin.,<\/li>\n<li>Farkl\u0131 k\u00fclt\u00fcrlerden insanlar\u0131 ke\u015ffedin veya<\/li>\n<li>Yabanc\u0131larla \u00e7evrimi\u00e7i sohbet etmenin heyecan\u0131n\u0131 yeniden ya\u015fay\u0131n\u2026<\/li>\n<\/ul>\n<p>Randomskip bunu yapmak i\u00e7in en uygun yer.<\/p>\n<p>Randomskip, sizi d\u00fcnya \u00e7ap\u0131nda yabanc\u0131larla an\u0131nda bulu\u015fturan basit, h\u0131zl\u0131 ve \u00fccretsiz bir rastgele g\u00f6r\u00fcnt\u00fcl\u00fc sohbet sitesidir. \u00d6zel, taray\u0131c\u0131 tabanl\u0131 ve tamamen do\u011fal, senaryosuz ba\u011flant\u0131lar i\u00e7in tasarlanm\u0131\u015ft\u0131r \u2014 sadece siz, kameran\u0131z ve di\u011fer tarafta sizi bekleyen d\u00fcnya.<\/p>\n<p>Bir sonraki sohbete ge\u00e7meye haz\u0131r m\u0131s\u0131n\u0131z? Randomskip'yi ziyaret edin, \u201cBa\u015flat\u201d\u0131 t\u0131klay\u0131n ve bir sonraki sohbetinizde kiminle tan\u0131\u015faca\u011f\u0131n\u0131z\u0131 g\u00f6r\u00fcn.<\/p>","protected":false},"excerpt":{"rendered":"<p>The best online experiences are often the simplest \u2014 and Randomskip proves it. Built for those who crave genuine, spontaneous interaction, Randomskip lets you meet new people instantly through live video chat, without sign-ups, fees, or complicated features. Just open the site, hit \u201cStart,\u201d and you\u2019re face-to-face with someone new from anywhere in the world. [&hellip;]<\/p>\n","protected":false},"author":6,"featured_media":0,"parent":0,"menu_order":0,"comment_status":"closed","ping_status":"closed","template":"","meta":{"footnotes":""},"class_list":["post-11180","page","type-page","status-publish","hentry"],"yoast_head":"<!-- This site is optimized with the Yoast SEO plugin v27.4 - https:\/\/yoast.com\/product\/yoast-seo-wordpress\/ -->\n<title>Randomskip - Free Webcam Chat - TinyChat.com<\/title>\n<meta name=\"description\" content=\"Enjoying Randomskip? Join over 50,000,000 strangers on TinyChat! Turn on your cam and start meeting new people, or find a match.\" \/>\n<meta name=\"robots\" content=\"index, follow, max-snippet:-1, max-image-preview:large, max-video-preview:-1\" \/>\n<link rel=\"canonical\" href=\"https:\/\/tinychat.com\/tr\/randomskip\/\" \/>\n<meta property=\"og:locale\" content=\"tr_TR\" \/>\n<meta property=\"og:type\" content=\"article\" \/>\n<meta property=\"og:title\" content=\"Randomskip - Free Webcam Chat - TinyChat.com\" \/>\n<meta property=\"og:description\" content=\"Enjoying Randomskip? Join over 50,000,000 strangers on TinyChat! Turn on your cam and start meeting new people, or find a match.\" \/>\n<meta property=\"og:url\" content=\"https:\/\/tinychat.com\/tr\/randomskip\/\" \/>\n<meta property=\"og:site_name\" content=\"TinyChat\" \/>\n<meta property=\"article:publisher\" content=\"https:\/\/www.facebook.com\/tinychat\" \/>\n<meta property=\"article:modified_time\" content=\"2025-12-02T08:48:23+00:00\" \/>\n<meta property=\"og:image\" content=\"https:\/\/tinychat.com\/wp-content\/uploads\/2020\/04\/Tinychat-logo-1280x284-new-black.png\" \/>\n\t<meta property=\"og:image:width\" content=\"1280\" \/>\n\t<meta property=\"og:image:height\" content=\"284\" \/>\n\t<meta property=\"og:image:type\" content=\"image\/png\" \/>\n<meta name=\"twitter:card\" content=\"summary_large_image\" \/>\n<meta name=\"twitter:site\" content=\"@tinychat\" \/>\n<meta name=\"twitter:label1\" content=\"Tahmini okuma s\u00fcresi\" \/>\n\t<meta name=\"twitter:data1\" content=\"6 dakika\" \/>\n<script type=\"application\/ld+json\" class=\"yoast-schema-graph\">{\"@context\":\"https:\\\/\\\/schema.org\",\"@graph\":[{\"@type\":\"WebPage\",\"@id\":\"https:\\\/\\\/tinychat.com\\\/randomskip\\\/\",\"url\":\"https:\\\/\\\/tinychat.com\\\/randomskip\\\/\",\"name\":\"Randomskip - Free Webcam Chat - TinyChat.com\",\"isPartOf\":{\"@id\":\"https:\\\/\\\/tinychat.com\\\/#website\"},\"datePublished\":\"2025-12-02T06:44:24+00:00\",\"dateModified\":\"2025-12-02T08:48:23+00:00\",\"description\":\"Enjoying Randomskip? Join over 50,000,000 strangers on TinyChat! Turn on your cam and start meeting new people, or find a match.\",\"breadcrumb\":{\"@id\":\"https:\\\/\\\/tinychat.com\\\/randomskip\\\/#breadcrumb\"},\"inLanguage\":\"tr\",\"potentialAction\":[{\"@type\":\"ReadAction\",\"target\":[\"https:\\\/\\\/tinychat.com\\\/randomskip\\\/\"]}]},{\"@type\":\"BreadcrumbList\",\"@id\":\"https:\\\/\\\/tinychat.com\\\/randomskip\\\/#breadcrumb\",\"itemListElement\":[{\"@type\":\"ListItem\",\"position\":1,\"name\":\"Home\",\"item\":\"https:\\\/\\\/tinychat.com\\\/\"},{\"@type\":\"ListItem\",\"position\":2,\"name\":\"Randomskip\"}]},{\"@type\":\"WebSite\",\"@id\":\"https:\\\/\\\/tinychat.com\\\/#website\",\"url\":\"https:\\\/\\\/tinychat.com\\\/\",\"name\":\"TinyChat\",\"description\":\"Random Video Chat with Strangers\",\"publisher\":{\"@id\":\"https:\\\/\\\/tinychat.com\\\/#organization\"},\"alternateName\":\"TinyChat.com\",\"potentialAction\":[{\"@type\":\"SearchAction\",\"target\":{\"@type\":\"EntryPoint\",\"urlTemplate\":\"https:\\\/\\\/tinychat.com\\\/?s={search_term_string}\"},\"query-input\":{\"@type\":\"PropertyValueSpecification\",\"valueRequired\":true,\"valueName\":\"search_term_string\"}}],\"inLanguage\":\"tr\"},{\"@type\":\"Organization\",\"@id\":\"https:\\\/\\\/tinychat.com\\\/#organization\",\"name\":\"TinyChat\",\"alternateName\":\"TinyChat.com\",\"url\":\"https:\\\/\\\/tinychat.com\\\/\",\"logo\":{\"@type\":\"ImageObject\",\"inLanguage\":\"tr\",\"@id\":\"https:\\\/\\\/tinychat.com\\\/#\\\/schema\\\/logo\\\/image\\\/\",\"url\":\"https:\\\/\\\/tinychat.com\\\/wp-content\\\/uploads\\\/2023\\\/11\\\/Tinychat-icon-square.png\",\"contentUrl\":\"https:\\\/\\\/tinychat.com\\\/wp-content\\\/uploads\\\/2023\\\/11\\\/Tinychat-icon-square.png\",\"width\":284,\"height\":284,\"caption\":\"TinyChat\"},\"image\":{\"@id\":\"https:\\\/\\\/tinychat.com\\\/#\\\/schema\\\/logo\\\/image\\\/\"},\"sameAs\":[\"https:\\\/\\\/www.facebook.com\\\/tinychat\",\"https:\\\/\\\/x.com\\\/tinychat\"]}]}<\/script>\n<!-- \/ Yoast SEO plugin. -->","yoast_head_json":{"title":"Randomskip - \u00dccretsiz Web Kameras\u0131 Sohbeti - TinyChat.com","description":"Randomskip'yi be\u011fendiniz mi? TinyChat'de 50.000.000'den fazla yabanc\u0131yla tan\u0131\u015f\u0131n! Kameran\u0131z\u0131 a\u00e7\u0131n ve yeni insanlarla tan\u0131\u015fmaya ba\u015flay\u0131n veya bir e\u015fle\u015fme bulun.","robots":{"index":"index","follow":"follow","max-snippet":"max-snippet:-1","max-image-preview":"max-image-preview:large","max-video-preview":"max-video-preview:-1"},"canonical":"https:\/\/tinychat.com\/tr\/randomskip\/","og_locale":"tr_TR","og_type":"article","og_title":"Randomskip - Free Webcam Chat - TinyChat.com","og_description":"Enjoying Randomskip? Join over 50,000,000 strangers on TinyChat! Turn on your cam and start meeting new people, or find a match.","og_url":"https:\/\/tinychat.com\/tr\/randomskip\/","og_site_name":"TinyChat","article_publisher":"https:\/\/www.facebook.com\/tinychat","article_modified_time":"2025-12-02T08:48:23+00:00","og_image":[{"width":1280,"height":284,"url":"https:\/\/tinychat.com\/wp-content\/uploads\/2020\/04\/Tinychat-logo-1280x284-new-black.png","type":"image\/png"}],"twitter_card":"summary_large_image","twitter_site":"@tinychat","twitter_misc":{"Tahmini okuma s\u00fcresi":"6 dakika"},"schema":{"@context":"https:\/\/schema.org","@graph":[{"@type":"WebPage","@id":"https:\/\/tinychat.com\/randomskip\/","url":"https:\/\/tinychat.com\/randomskip\/","name":"Randomskip - \u00dccretsiz Web Kameras\u0131 Sohbeti - TinyChat.com","isPartOf":{"@id":"https:\/\/tinychat.com\/#website"},"datePublished":"2025-12-02T06:44:24+00:00","dateModified":"2025-12-02T08:48:23+00:00","description":"Randomskip'yi be\u011fendiniz mi? TinyChat'de 50.000.000'den fazla yabanc\u0131yla tan\u0131\u015f\u0131n! Kameran\u0131z\u0131 a\u00e7\u0131n ve yeni insanlarla tan\u0131\u015fmaya ba\u015flay\u0131n veya bir e\u015fle\u015fme bulun.","breadcrumb":{"@id":"https:\/\/tinychat.com\/randomskip\/#breadcrumb"},"inLanguage":"tr","potentialAction":[{"@type":"ReadAction","target":["https:\/\/tinychat.com\/randomskip\/"]}]},{"@type":"BreadcrumbList","@id":"https:\/\/tinychat.com\/randomskip\/#breadcrumb","itemListElement":[{"@type":"ListItem","position":1,"name":"Home","item":"https:\/\/tinychat.com\/"},{"@type":"ListItem","position":2,"name":"Randomskip"}]},{"@type":"WebSite","@id":"https:\/\/tinychat.com\/#website","url":"https:\/\/tinychat.com\/","name":"TinyChat","description":"Yabanc\u0131larla Rastgele G\u00f6r\u00fcnt\u00fcl\u00fc Sohbet","publisher":{"@id":"https:\/\/tinychat.com\/#organization"},"alternateName":"TinyChat.com","potentialAction":[{"@type":"SearchAction","target":{"@type":"EntryPoint","urlTemplate":"https:\/\/tinychat.com\/?s={search_term_string}"},"query-input":{"@type":"PropertyValueSpecification","valueRequired":true,"valueName":"search_term_string"}}],"inLanguage":"tr"},{"@type":"Organization","@id":"https:\/\/tinychat.com\/#organization","name":"TinyChat","alternateName":"TinyChat.com","url":"https:\/\/tinychat.com\/","logo":{"@type":"ImageObject","inLanguage":"tr","@id":"https:\/\/tinychat.com\/#\/schema\/logo\/image\/","url":"https:\/\/tinychat.com\/wp-content\/uploads\/2023\/11\/Tinychat-icon-square.png","contentUrl":"https:\/\/tinychat.com\/wp-content\/uploads\/2023\/11\/Tinychat-icon-square.png","width":284,"height":284,"caption":"TinyChat"},"image":{"@id":"https:\/\/tinychat.com\/#\/schema\/logo\/image\/"},"sameAs":["https:\/\/www.facebook.com\/tinychat","https:\/\/x.com\/tinychat"]}]}},"_links":{"self":[{"href":"https:\/\/tinychat.com\/tr\/wp-json\/wp\/v2\/pages\/11180","targetHints":{"allow":["GET"]}}],"collection":[{"href":"https:\/\/tinychat.com\/tr\/wp-json\/wp\/v2\/pages"}],"about":[{"href":"https:\/\/tinychat.com\/tr\/wp-json\/wp\/v2\/types\/page"}],"author":[{"embeddable":true,"href":"https:\/\/tinychat.com\/tr\/wp-json\/wp\/v2\/users\/6"}],"replies":[{"embeddable":true,"href":"https:\/\/tinychat.com\/tr\/wp-json\/wp\/v2\/comments?post=11180"}],"version-history":[{"count":4,"href":"https:\/\/tinychat.com\/tr\/wp-json\/wp\/v2\/pages\/11180\/revisions"}],"predecessor-version":[{"id":13582,"href":"https:\/\/tinychat.com\/tr\/wp-json\/wp\/v2\/pages\/11180\/revisions\/13582"}],"wp:attachment":[{"href":"https:\/\/tinychat.com\/tr\/wp-json\/wp\/v2\/media?parent=11180"}],"curies":[{"name":"wp","href":"https:\/\/api.w.org\/{rel}","templated":true}]}}