{"id":11248,"date":"2025-12-02T08:53:16","date_gmt":"2025-12-02T06:53:16","guid":{"rendered":"https:\/\/tinychat.com\/?page_id=11248"},"modified":"2025-12-02T10:53:45","modified_gmt":"2025-12-02T08:53:45","slug":"spinchat","status":"publish","type":"page","link":"https:\/\/tinychat.com\/tr\/spinchat\/","title":{"rendered":"Spinchat"},"content":{"rendered":"<p>Modern sosyal a\u011flar interneti domine etmeden \u00e7ok \u00f6nce, ger\u00e7ek zamanl\u0131 sohbet ve spontan sosyal etkile\u015fim etraf\u0131nda olu\u015fturulmu\u015f \u00e7evrimi\u00e7i topluluklar vard\u0131. Spinchat, bu platformlardan biridir \u2014 eski tarz sohbet odalar\u0131n\u0131 modern bir dokunu\u015fla birle\u015ftiren, uzun s\u00fcredir faaliyet g\u00f6steren, topluluk odakl\u0131 bir sohbet sitesidir.<\/p>\n<p>D\u00fcnya \u00e7ap\u0131nda insanlarla ba\u011flant\u0131 kurmak, aktif sohbet odalar\u0131na kat\u0131lmak, \u00f6zel mesajlar g\u00f6ndermek, mini oyunlar oynamak veya ortak ilgi alanlar\u0131 etraf\u0131nda olu\u015fturulmu\u015f \u00e7evrimi\u00e7i topluluklara kat\u0131lmak istiyorsan\u0131z, Spinchat bug\u00fcn hala ge\u00e7erlili\u011fini koruyan, \u015fa\u015f\u0131rt\u0131c\u0131 derecede zengin ve nostaljik bir deneyim sunar.<\/p>\n<p>Bu ayr\u0131nt\u0131l\u0131 k\u0131lavuz, Spinchat'nin ne oldu\u011funu, temel \u00f6zelliklerini, nas\u0131l \u00e7al\u0131\u015ft\u0131\u011f\u0131n\u0131, kimler i\u00e7in oldu\u011funu, di\u011fer sohbet platformlar\u0131yla kar\u015f\u0131la\u015ft\u0131rmas\u0131n\u0131, g\u00fcvenlik kurallar\u0131n\u0131, sorun giderme ipu\u00e7lar\u0131n\u0131 ve \u00e7evrimi\u00e7i sohbet alan\u0131nda onu \u00f6ne \u00e7\u0131karan \u00f6zellikleri ele almaktad\u0131r.<\/p>\n<h2>Spinchat nedir?<\/h2>\n<p>Spinchat, ger\u00e7ek zamanl\u0131 sohbet odalar\u0131, \u00f6zel mesajla\u015fma, kullan\u0131c\u0131 profilleri, mini oyunlar ve sosyal \u00f6zellikler sunan bir \u00e7evrimi\u00e7i topluluk platformudur. Omegle veya Chatroulette gibi rastgele bir g\u00f6r\u00fcnt\u00fcl\u00fc sohbet hizmeti de\u011fildir. Bunun yerine, Spinchat grup tabanl\u0131 etkile\u015fimlere odaklan\u0131r ve kullan\u0131c\u0131lar\u0131n temal\u0131 sohbet odalar\u0131na kat\u0131l\u0131p ortak ilgi alanlar\u0131 \u00fczerinden insanlarla tan\u0131\u015fmas\u0131na olanak tan\u0131r.<\/p>\n<p>Bunu \u015fu ikisinin kar\u0131\u015f\u0131m\u0131 olarak d\u00fc\u015f\u00fcn\u00fcn:<\/p>\n<ul>\n<li>Klasik IRC tarz\u0131 sohbet<\/li>\n<li>Eski tarz sosyal a\u011flar<\/li>\n<li>Hafif oyun ve sanal etkile\u015fim<\/li>\n<li>Modern kullan\u0131c\u0131 profilleri ve topluluk ara\u00e7lar\u0131<\/li>\n<\/ul>\n<p>Spinchat uzun y\u0131llard\u0131r varl\u0131\u011f\u0131n\u0131 s\u00fcrd\u00fcrmekte ve \u00f6zellikle anonim bire bir sohbetler yerine daha yava\u015f, daha topluluk odakl\u0131 bir sohbet deneyimi arayan ki\u015filer aras\u0131nda istikrarl\u0131 ve sad\u0131k bir kullan\u0131c\u0131 kitlesi olu\u015fturmu\u015ftur.<\/p>\n<p>A\u015fa\u011f\u0131dakileri isteyen kullan\u0131c\u0131lar i\u00e7in m\u00fckemmeldir:<\/p>\n<ul>\n<li>H\u0131zl\u0131 ge\u00e7i\u015fler yerine kal\u0131c\u0131 topluluklar<\/li>\n<li>Konulara g\u00f6re grupland\u0131r\u0131lm\u0131\u015f metin tabanl\u0131 sohbet odalar\u0131<\/li>\n<li>Varl\u0131klar\u0131n\u0131 ki\u015fiselle\u015ftirmek i\u00e7in profiller<\/li>\n<li>\u00d6zel mesajla\u015fma ve arkada\u015f listeleri<\/li>\n<li>E\u011flenceli mini oyunlar ve etkile\u015fimli \u00f6zellikler<\/li>\n<li>Rastgele sohbetlere g\u00f6re daha g\u00fcvenli ve yap\u0131land\u0131r\u0131lm\u0131\u015f bir alternatif<\/li>\n<\/ul>\n<h2>Spinchat'nin Temel \u00d6zellikleri<\/h2>\n<p>Spinchat, basit sohbetin \u00f6tesinde \u015fa\u015f\u0131rt\u0131c\u0131 derecede kapsaml\u0131 bir dizi \u00f6zellik sunar. Platformu di\u011ferlerinden ay\u0131ran \u00f6zellikler \u015funlard\u0131r:<\/p>\n<h3>1. \u0130lgi Alanlar\u0131na Dayal\u0131 Sohbet Odalar\u0131<\/h3>\n<p>A\u015fa\u011f\u0131daki konulara \u00f6zel odalara kat\u0131l\u0131n:<\/p>\n<ul>\n<li>Fl\u00f6rt<\/li>\n<li>M\u00fczik<\/li>\n<li>Oyun<\/li>\n<li>Ya\u015fam tarz\u0131 konular\u0131<\/li>\n<li>Yerel diller<\/li>\n<li>Gen\u00e7 ve gen\u00e7 yeti\u015fkin topluluklar\u0131<\/li>\n<li>Uluslararas\u0131 sohbet<\/li>\n<\/ul>\n<p>Sohbet odalar\u0131, kullan\u0131c\u0131lar\u0131n ortak ilgi alanlar\u0131na sahip ki\u015filerle do\u011fal bir \u015fekilde tan\u0131\u015fmas\u0131na yard\u0131mc\u0131 olur.<\/p>\n<h3>2. Kullan\u0131c\u0131 Profilleri<\/h3>\n<p>Anonim g\u00f6r\u00fcnt\u00fcl\u00fc sohbet sitelerinden farkl\u0131 olarak, Spinchat size a\u015fa\u011f\u0131dakileri i\u00e7eren ki\u015fisel bir profil olu\u015fturma imkan\u0131 sunar:<\/p>\n<ul>\n<li>Avatar veya profil resmi<\/li>\n<li>Kendinizle ilgili temel bilgiler<\/li>\n<li>Durum mesajlar\u0131<\/li>\n<li>Arkada\u015f listeleri<\/li>\n<\/ul>\n<p>Bu, daha sosyal, a\u011f benzeri bir ortam yarat\u0131r.<\/p>\n<h3>3. \u00d6zel Mesajla\u015fma<\/h3>\n<p>G\u00f6nderebilirsiniz:<\/p>\n<ul>\n<li>Kullan\u0131c\u0131lara do\u011frudan mesajlar<\/li>\n<li>Arkada\u015fl\u0131k istekleri<\/li>\n<li>Birisi \u00e7evrimi\u00e7i olmad\u0131\u011f\u0131nda \u00e7evrimd\u0131\u015f\u0131 mesajlar<\/li>\n<\/ul>\n<p>\u00d6zel mesajla\u015fma, ana odalar\u0131n d\u0131\u015f\u0131nda daha derin sohbetler yap\u0131lmas\u0131na olanak tan\u0131r.<\/p>\n<h3>4. Mini Oyunlar ve Etkile\u015fimli \u00d6zellikler<\/h3>\n<p>Spinchat, di\u011fer kullan\u0131c\u0131larla birlikte oynayabilece\u011finiz k\u00fc\u00e7\u00fck \u00e7evrimi\u00e7i oyunlar i\u00e7erir. Bu oyunlar, platformda ge\u00e7irdi\u011finiz zaman\u0131 daha e\u011flenceli hale getirir ve ortam\u0131 \u0131s\u0131tmaya yard\u0131mc\u0131 olur.<\/p>\n<p>Pop\u00fcler etkile\u015fimli \u00f6\u011feler \u015funlard\u0131r:<\/p>\n<ul>\n<li>Ma\u00e7 tabanl\u0131 oyunlar<\/li>\n<li>Trivia tarz\u0131 oyunlar<\/li>\n<li>Basit arcade tarz\u0131 \u00f6zellikler<\/li>\n<\/ul>\n<p>Bu oyunlar, metin sohbetinin \u00f6tesinde etkile\u015fimi te\u015fvik eder.<\/p>\n<h3>5. Mobil ve Masa\u00fcst\u00fc Deste\u011fi<\/h3>\n<p>Spinchat \u015fu platformlarda \u00e7al\u0131\u015f\u0131r:<\/p>\n<ul>\n<li>Masa\u00fcst\u00fc taray\u0131c\u0131lar<\/li>\n<li>Mobil taray\u0131c\u0131lar<\/li>\n<li>Mobil cihazlar i\u00e7in optimize edilmi\u015f d\u00fczenler<\/li>\n<\/ul>\n<p>Uygulama y\u00fcklemesi gerekmedi\u011finden, platform her yerden eri\u015filebilir.<\/p>\n<h3>6. Moderasyon Ara\u00e7lar\u0131<\/h3>\n<p>Spinchat \u015funlar\u0131 i\u00e7erir:<\/p>\n<ul>\n<li>Oda moderat\u00f6rleri<\/li>\n<li>Kullan\u0131c\u0131 raporlama<\/li>\n<li>Topluluk kurallar\u0131<\/li>\n<\/ul>\n<p>Bu, konu\u015fmalar\u0131n sayg\u0131l\u0131 bir \u015fekilde devam etmesine yard\u0131mc\u0131 olur ve sorunlu davran\u0131\u015flar\u0131 azalt\u0131r.<\/p>\n<h3>7. \u00dccretsiz Kullan\u0131m<\/h3>\n<p>\u00c7o\u011fu \u00f6zellik tamamen \u00fccretsizdir. \u0130ste\u011fe ba\u011fl\u0131 premium y\u00fckseltmeler mevcuttur, ancak temel sohbet ve topluluk kat\u0131l\u0131m\u0131 hi\u00e7bir \u00fccret gerektirmez.<\/p>\n<h2>Spinchat Nas\u0131l Kullan\u0131l\u0131r?<\/h2>\n<p>Spinchat'ye ba\u015flamak \u00e7ok kolay \u2014 misafir olarak kat\u0131labilir veya bir hesap olu\u015fturabilirsiniz.<\/p>\n<h3>Ad\u0131m 1: Web Sitesini Ziyaret Edin<\/h3>\n<p>Taray\u0131c\u0131n\u0131zda Spinchat.com adresine gidin.<\/p>\n<h3>Ad\u0131m 2: Misafir Modunu Se\u00e7in veya Hesap Olu\u015fturun<\/h3>\n<p>\u015eunlar\u0131 yapabilirsiniz:<\/p>\n<ul>\n<li>S\u0131n\u0131rl\u0131 \u00f6zelliklerle misafir olarak hemen ba\u015flay\u0131n<\/li>\n<li>T\u00fcm \u00f6zelliklere eri\u015fmek i\u00e7in \u00fccretsiz bir hesap olu\u015fturun (\u00f6nerilir)<\/li>\n<\/ul>\n<h3>Ad\u0131m 3: Sohbet Odalar\u0131na Gir<\/h3>\n<p>Kategorileri g\u00f6zden ge\u00e7ir ve ilgi alanlar\u0131na uygun bir sohbet odas\u0131na gir.<\/p>\n<h3>Ad\u0131m 4: Profilinizi Ki\u015fiselle\u015ftirin<\/h3>\n<p>Hesap olu\u015fturursan\u0131z, resim y\u00fckleyin, ayr\u0131nt\u0131lar\u0131 ekleyin ve durumunuzu belirleyin.<\/p>\n<h3>Ad\u0131m 5: Sohbete Ba\u015flay\u0131n<\/h3>\n<p>Halka a\u00e7\u0131k sohbetlere kat\u0131l\u0131n, \u00f6zel mesajlar g\u00f6nderin veya mini oyunlarla etkile\u015fim kurun.<\/p>\n<h3>Ad\u0131m 6: Toplulu\u011fu Ke\u015ffedin<\/h3>\n<p>Arkada\u015f ekleyin, farkl\u0131 sohbet odalar\u0131na kat\u0131l\u0131n ve platformun sosyal \u00f6zelliklerine kat\u0131l\u0131n.<\/p>\n<h2>Spinchat'de Kullan\u0131c\u0131 Deneyimi<\/h2>\n<p>Spinchat, modern kayd\u0131rma tabanl\u0131 veya rastgele g\u00f6r\u00fcnt\u00fcl\u00fc sohbet platformlar\u0131ndan farkl\u0131 olarak, topluluk odakl\u0131 bir deneyim sunar. Kullan\u0131c\u0131lar, rahat ortam\u0131n\u0131n ve an\u0131nda de\u011fil, zamanla insanlarla tan\u0131\u015fma olana\u011f\u0131n\u0131n keyfini \u00e7\u0131kar\u0131r.<\/p>\n<h3>Kullan\u0131c\u0131lar Neyi Seviyor?<\/h3>\n<ul>\n<li>Samimi, topluluk odakl\u0131 ortam<\/li>\n<li>\u0130lgi alanlar\u0131na g\u00f6re grupland\u0131r\u0131lm\u0131\u015f net sohbet odalar\u0131<\/li>\n<li>Kal\u0131c\u0131 dostluklar kurma becerisi<\/li>\n<li>Etkile\u015fimli mini oyunlar<\/li>\n<li>Kullan\u0131c\u0131 profilleri sosyal kimlik olu\u015fturmaya yard\u0131mc\u0131 olur<\/li>\n<li>Anonim uygulamalara k\u0131yasla g\u00fc\u00e7l\u00fc denetim<\/li>\n<li>Temel \u00f6zelliklere \u00fccretsiz eri\u015fim<\/li>\n<\/ul>\n<h3>Kullan\u0131c\u0131lar\u0131n \u0130yile\u015ftirme \u0130\u00e7in Yer G\u00f6rd\u00fc\u011f\u00fc Noktalar<\/h3>\n<ul>\n<li>Aray\u00fcz, modern uygulamalara k\u0131yasla daha eski g\u00f6r\u00fcn\u00fcyor.<\/li>\n<li>Baz\u0131 odalar yo\u011fun olmayan saatlerde sessiz olabilir.<\/li>\n<li>\u0130ste\u011fe ba\u011fl\u0131 premium \u00f6zellikler yeni kullan\u0131c\u0131lar\u0131n kafas\u0131n\u0131 kar\u0131\u015ft\u0131rabilir<\/li>\n<li>Anonim rastgele g\u00f6r\u00fcnt\u00fcl\u00fc sohbet arayan kullan\u0131c\u0131lar i\u00e7in ideal de\u011fildir.<\/li>\n<li>Baz\u0131 durumlarda masa\u00fcst\u00fc deneyimi mobil deneyimden daha iyi hissettiriyor.<\/li>\n<\/ul>\n<p>Yine de, Spinchat'nin klasik hissi, cazibesinin bir par\u00e7as\u0131d\u0131r ve uzun s\u00fcredir kullan\u0131c\u0131lar\u0131n sad\u0131k kalmas\u0131n\u0131n \u00f6nemli bir nedenidir.<\/p>\n<h2>Spinchat ve Di\u011fer \u00c7evrimi\u00e7i Sohbet Platformlar\u0131<\/h2>\n<p>Spinchat'nin kar\u015f\u0131la\u015ft\u0131rmas\u0131 \u015fu \u015fekildedir:<\/p>\n<table>\n<thead>\n<tr>\n<th>\u00d6zellik<\/th>\n<th>Spinchat<\/th>\n<th>Omegle<\/th>\n<th>Chatroulette<\/th>\n<th>ChatHub<\/th>\n<th>Tinychat<\/th>\n<th>Wireclub<\/th>\n<\/tr>\n<\/thead>\n<tbody>\n<tr>\n<td>Rastgele E\u015fle\u015ftirme<\/td>\n<td>\u274c Hay\u0131r<\/td>\n<td>Evet<\/td>\n<td>Evet<\/td>\n<td>Evet<\/td>\n<td>\u274c Hay\u0131r<\/td>\n<td>\u274c Hay\u0131r<\/td>\n<\/tr>\n<tr>\n<td>Sohbet Odalar\u0131<\/td>\n<td>Evet<\/td>\n<td>\u274c Hay\u0131r<\/td>\n<td>\u274c Hay\u0131r<\/td>\n<td>S\u0131n\u0131rl\u0131<\/td>\n<td>Evet<\/td>\n<td>Evet<\/td>\n<\/tr>\n<tr>\n<td>Kullan\u0131c\u0131 Profilleri<\/td>\n<td>Evet<\/td>\n<td>\u274c Hay\u0131r<\/td>\n<td>\u274c Hay\u0131r<\/td>\n<td>Evet<\/td>\n<td>Evet<\/td>\n<td>Evet<\/td>\n<\/tr>\n<tr>\n<td>\u00d6zel Mesajla\u015fma<\/td>\n<td>Evet<\/td>\n<td>\u274c Hay\u0131r<\/td>\n<td>\u274c Hay\u0131r<\/td>\n<td>Evet<\/td>\n<td>Evet<\/td>\n<td>Evet<\/td>\n<\/tr>\n<tr>\n<td>G\u00f6r\u00fcnt\u00fcl\u00fc Sohbet<\/td>\n<td>\u274c Birincil de\u011fil<\/td>\n<td>Evet<\/td>\n<td>Evet<\/td>\n<td>Evet<\/td>\n<td>Evet<\/td>\n<td>S\u0131n\u0131rl\u0131<\/td>\n<\/tr>\n<tr>\n<td>Mini Oyunlar<\/td>\n<td>Evet<\/td>\n<td>\u274c Hay\u0131r<\/td>\n<td>\u274c Hay\u0131r<\/td>\n<td>\u274c Hay\u0131r<\/td>\n<td>\u274c Hay\u0131r<\/td>\n<td>S\u0131n\u0131rl\u0131<\/td>\n<\/tr>\n<tr>\n<td>\u0130\u00e7in En \u0130yisi<\/td>\n<td>Topluluklar<\/td>\n<td>Rastgele sohbetler<\/td>\n<td>H\u0131zl\u0131 atlamalar<\/td>\n<td>Filtreler<\/td>\n<td>Grup g\u00f6r\u00fcnt\u00fcl\u00fc sohbet<\/td>\n<td>Sosyal sohbet odalar\u0131<\/td>\n<\/tr>\n<\/tbody>\n<\/table>\n<p>\u00d6zet:<br \/>\nSpinchat, Omegle gibi rastgele g\u00f6r\u00fcnt\u00fcl\u00fc sohbet sitelerinden \u00e7ok Wireclub, Chatroom2000, Chatiw ve klasik IRC sohbet odalar\u0131na daha yak\u0131nd\u0131r. Anl\u0131k anonim kar\u015f\u0131la\u015fmalar i\u00e7in de\u011fil, topluluk olu\u015fturmak i\u00e7in idealdir.<\/p>\n<h2>Spinchat'de G\u00fcvenlik ve Gizlilik<\/h2>\n<p>Spinchat, rastgele g\u00f6r\u00fcnt\u00fcl\u00fc sohbet platformlar\u0131na g\u00f6re daha fazla yap\u0131 ve denetim sunar. Yine de kullan\u0131c\u0131lar dikkatli olmal\u0131d\u0131r.<\/p>\n<h3>Yerle\u015fik G\u00fcvenlik Ara\u00e7lar\u0131<\/h3>\n<ul>\n<li>Modere edilen odalar<\/li>\n<li>Raporlama sistemi<\/li>\n<li>Kullan\u0131c\u0131 i\u015flevini engelle<\/li>\n<li>Profil g\u00f6r\u00fcn\u00fcrl\u00fck ayarlar\u0131<\/li>\n<\/ul>\n<h3>G\u00fcvenli Kalmak \u0130\u00e7in \u0130pu\u00e7lar\u0131<\/h3>\n<ul>\n<li>\u00d6zel bilgilerinizi payla\u015fmaktan ka\u00e7\u0131n\u0131n<\/li>\n<li>Uygunsuz kullan\u0131c\u0131lar\u0131 bildirin<\/li>\n<li>Sizi rahats\u0131z eden herkesi engelleyin<\/li>\n<li>Ger\u00e7ek ad\u0131n\u0131z\u0131 de\u011fil, takma ad\u0131n\u0131z\u0131 kullan\u0131n.<\/li>\n<li>Ebeveynler re\u015fit olmayan \u00e7ocuklar\u0131n\u0131 denetlemelidir.<\/li>\n<\/ul>\n<p>Bu ara\u00e7larla Spinchat, \u00e7o\u011fu anonim platformdan daha g\u00fcvenli bir ortam sunar.<\/p>\n<h2>Spinchat'den En \u0130yi \u015eekilde Yararlanmak \u0130\u00e7in \u0130pu\u00e7lar\u0131<\/h2>\n<p>Deneyiminizi iyile\u015ftirmenin yolu:<\/p>\n<ul>\n<li>Varl\u0131\u011f\u0131n\u0131z\u0131 olu\u015fturmak i\u00e7in tan\u0131nabilir bir kullan\u0131c\u0131 ad\u0131 olu\u015fturun<\/li>\n<li>Konu\u015fmalar\u0131n aktif oldu\u011fu odalara kat\u0131l\u0131n<\/li>\n<li>S\u00fcrekli kat\u0131l\u0131n \u2014 etkile\u015fim yoluyla topluluklar olu\u015fur<\/li>\n<li>Buzlar\u0131 k\u0131rmak i\u00e7in mini oyunlar\u0131 deneyin<\/li>\n<li>Profilinizi doldurun, b\u00f6ylece insanlar sizin kim oldu\u011funuzu anlayabilirler.<\/li>\n<li>Ba\u011flant\u0131 kurdu\u011funuz arkada\u015flar\u0131 ekleyin<\/li>\n<li>Daha aktif sohbetler i\u00e7in yo\u011fun saatlerde ziyaret edin<\/li>\n<\/ul>\n<p>Ne kadar \u00e7ok kat\u0131l\u0131m g\u00f6sterirseniz, deneyiminiz o kadar iyi olur.<\/p>\n<h2>S\u0131k Kar\u015f\u0131la\u015f\u0131lan Sorunlar ve Sorun Giderme<\/h2>\n<h3>Sorun: Sohbet Odas\u0131 Y\u00fcklenmiyor<\/h3>\n<ul>\n<li>Sayfay\u0131 yenile<\/li>\n<li>Farkl\u0131 bir taray\u0131c\u0131 deneyin<\/li>\n<li>Adblock'u ge\u00e7ici olarak devre d\u0131\u015f\u0131 b\u0131rak<\/li>\n<\/ul>\n<h3>Sorun: Mesajlar G\u00f6nderilmiyor<\/h3>\n<ul>\n<li>Ba\u011flant\u0131 kesilmi\u015f olabilir<\/li>\n<li>Oturumu kapat ve tekrar oturum a\u00e7<\/li>\n<li>Taray\u0131c\u0131 \u00f6nbelle\u011fini temizle<\/li>\n<\/ul>\n<h3>Sorun: \u00c7evrimi\u00e7i olan \u00e7ok az ki\u015fi var<\/h3>\n<ul>\n<li>Yo\u011fun saatleri deneyin<\/li>\n<li>Birden fazla sohbet odas\u0131n\u0131 ke\u015ffedin<\/li>\n<\/ul>\n<h3>Sorun: Profil resmini y\u00fckleyemiyorum<\/h3>\n<ul>\n<li>Do\u011fru dosya boyutunu sa\u011flay\u0131n<\/li>\n<li>Farkl\u0131 bir taray\u0131c\u0131 deneyin<\/li>\n<\/ul>\n<p>Spinchat genel olarak g\u00fcvenilirdir, ancak eski platformlarda ara s\u0131ra sorun giderme gerekebilir.<\/p>\n<h2>\u0130nsanlar Neden Spinchat'yi Se\u00e7iyor?<\/h2>\n<p>Spinchat, a\u015fa\u011f\u0131dakileri sundu\u011fu i\u00e7in kullan\u0131c\u0131lar\u0131n ilgisini \u00e7ekmeye devam ediyor:<\/p>\n<ul>\n<li>\u0130stikrarl\u0131, uzun s\u00fcredir var olan bir topluluk<\/li>\n<li>Sohbet odalar\u0131 ve \u00f6zel mesajla\u015fman\u0131n bir kar\u0131\u015f\u0131m\u0131<\/li>\n<li>Rastgele sohbet sitelerinde eksik olan profiller ve sosyal \u00f6zellikler<\/li>\n<li>Daha kontroll\u00fc, denetlenmi\u015f bir ortam<\/li>\n<li>Uzun s\u00fcredir internet kullananlar\u0131n takdir etti\u011fi nostaljik bir his<\/li>\n<\/ul>\n<p>Anonim bire bir g\u00f6r\u00fcnt\u00fcl\u00fc sohbetlerden s\u0131k\u0131lanlar i\u00e7in Spinchat, daha ki\u015fisel ve topluluk odakl\u0131 hissettiren yenilik\u00e7i bir alternatif sunuyor.<\/p>\n<h2>Son D\u00fc\u015f\u00fcnceler: Spinchat Kullanmaya De\u011fer mi?<\/h2>\n<p>Yap\u0131land\u0131r\u0131lm\u0131\u015f sohbet odalar\u0131, sosyal etkile\u015fim ve \u00e7evrimi\u00e7i bir topluluk atmosferi ar\u0131yorsan\u0131z, Spinchat kesinlikle denemeye de\u011fer. Bu, rastgele bir g\u00f6r\u00fcnt\u00fcl\u00fc sohbet sitesi de\u011fil, arkada\u015fl\u0131klar\u0131n, sohbetlerin ve uzun vadeli etkile\u015fimlerin geli\u015fti\u011fi tam bir sosyal sohbet toplulu\u011fudur.<\/p>\n<p>\u0130steseniz de istemeseniz de:<\/p>\n<ul>\n<li>Rahat\u00e7a sohbet etmek<\/li>\n<li>Konu bazl\u0131 odalara kat\u0131l\u0131n<\/li>\n<li>Tekrarlayan arkada\u015flar edin<\/li>\n<li>Mini oyunlar oyna<\/li>\n<li>Klasik sohbet topluluklar\u0131n\u0131n nostaljisini ya\u015fay\u0131n<\/li>\n<\/ul>\n<p>Spinchat, anonim uygulamalarla dolu bir ortamda \u00f6ne \u00e7\u0131kan s\u0131cak ve tan\u0131d\u0131k bir ortam sunar.<\/p>\n<p>Spinchat, odalar, profiller, mesajla\u015fma ve oyunlar i\u00e7eren, e\u011flenceli, samimi ve \u015fa\u015f\u0131rt\u0131c\u0131 derecede aktif olan klasik bir sosyal deneyim sunan, topluluk odakl\u0131 bir sohbet platformudur.<\/p>\n<p>Sohbete kat\u0131lmaya haz\u0131r m\u0131s\u0131n\u0131z? Spinchat'yi ziyaret edin, bir odaya girin ve ilgi alanlar\u0131n\u0131z\u0131 payla\u015fan ki\u015filerle sohbet etmeye ba\u015flay\u0131n.<\/p>","protected":false},"excerpt":{"rendered":"<p>Long before modern social networks dominated the internet, there were online communities built around real-time conversation and spontaneous social interaction. Spinchat is one of those platforms \u2014 a long-running, community-driven chat site that combines old-school chatrooms with a modern twist. Whether you&#8217;re looking to connect with people worldwide, join active chatrooms, send private messages, play [&hellip;]<\/p>\n","protected":false},"author":6,"featured_media":0,"parent":0,"menu_order":0,"comment_status":"closed","ping_status":"closed","template":"","meta":{"footnotes":""},"class_list":["post-11248","page","type-page","status-publish","hentry"],"yoast_head":"<!-- This site is optimized with the Yoast SEO plugin v27.4 - https:\/\/yoast.com\/product\/yoast-seo-wordpress\/ -->\n<title>Spinchat - Free Chat, Meet Friends, Play Games - TinyChat.com<\/title>\n<meta name=\"description\" content=\"Enjoying Spinchat? Join over 50,000,000 strangers on TinyChat! Turn on your cam and start meeting new people, or find a match.\" \/>\n<meta name=\"robots\" content=\"index, follow, max-snippet:-1, max-image-preview:large, max-video-preview:-1\" \/>\n<link rel=\"canonical\" href=\"https:\/\/tinychat.com\/tr\/spinchat\/\" \/>\n<meta property=\"og:locale\" content=\"tr_TR\" \/>\n<meta property=\"og:type\" content=\"article\" \/>\n<meta property=\"og:title\" content=\"Spinchat - Free Chat, Meet Friends, Play Games - TinyChat.com\" \/>\n<meta property=\"og:description\" content=\"Enjoying Spinchat? Join over 50,000,000 strangers on TinyChat! Turn on your cam and start meeting new people, or find a match.\" \/>\n<meta property=\"og:url\" content=\"https:\/\/tinychat.com\/tr\/spinchat\/\" \/>\n<meta property=\"og:site_name\" content=\"TinyChat\" \/>\n<meta property=\"article:publisher\" content=\"https:\/\/www.facebook.com\/tinychat\" \/>\n<meta property=\"article:modified_time\" content=\"2025-12-02T08:53:45+00:00\" \/>\n<meta property=\"og:image\" content=\"https:\/\/tinychat.com\/wp-content\/uploads\/2020\/04\/Tinychat-logo-1280x284-new-black.png\" \/>\n\t<meta property=\"og:image:width\" content=\"1280\" \/>\n\t<meta property=\"og:image:height\" content=\"284\" \/>\n\t<meta property=\"og:image:type\" content=\"image\/png\" \/>\n<meta name=\"twitter:card\" content=\"summary_large_image\" \/>\n<meta name=\"twitter:site\" content=\"@tinychat\" \/>\n<meta name=\"twitter:label1\" content=\"Tahmini okuma s\u00fcresi\" \/>\n\t<meta name=\"twitter:data1\" content=\"6 dakika\" \/>\n<script type=\"application\/ld+json\" class=\"yoast-schema-graph\">{\"@context\":\"https:\\\/\\\/schema.org\",\"@graph\":[{\"@type\":\"WebPage\",\"@id\":\"https:\\\/\\\/tinychat.com\\\/spinchat\\\/\",\"url\":\"https:\\\/\\\/tinychat.com\\\/spinchat\\\/\",\"name\":\"Spinchat - Free Chat, Meet Friends, Play Games - TinyChat.com\",\"isPartOf\":{\"@id\":\"https:\\\/\\\/tinychat.com\\\/#website\"},\"datePublished\":\"2025-12-02T06:53:16+00:00\",\"dateModified\":\"2025-12-02T08:53:45+00:00\",\"description\":\"Enjoying Spinchat? Join over 50,000,000 strangers on TinyChat! Turn on your cam and start meeting new people, or find a match.\",\"breadcrumb\":{\"@id\":\"https:\\\/\\\/tinychat.com\\\/spinchat\\\/#breadcrumb\"},\"inLanguage\":\"tr\",\"potentialAction\":[{\"@type\":\"ReadAction\",\"target\":[\"https:\\\/\\\/tinychat.com\\\/spinchat\\\/\"]}]},{\"@type\":\"BreadcrumbList\",\"@id\":\"https:\\\/\\\/tinychat.com\\\/spinchat\\\/#breadcrumb\",\"itemListElement\":[{\"@type\":\"ListItem\",\"position\":1,\"name\":\"Home\",\"item\":\"https:\\\/\\\/tinychat.com\\\/\"},{\"@type\":\"ListItem\",\"position\":2,\"name\":\"Spinchat\"}]},{\"@type\":\"WebSite\",\"@id\":\"https:\\\/\\\/tinychat.com\\\/#website\",\"url\":\"https:\\\/\\\/tinychat.com\\\/\",\"name\":\"TinyChat\",\"description\":\"Random Video Chat with Strangers\",\"publisher\":{\"@id\":\"https:\\\/\\\/tinychat.com\\\/#organization\"},\"alternateName\":\"TinyChat.com\",\"potentialAction\":[{\"@type\":\"SearchAction\",\"target\":{\"@type\":\"EntryPoint\",\"urlTemplate\":\"https:\\\/\\\/tinychat.com\\\/?s={search_term_string}\"},\"query-input\":{\"@type\":\"PropertyValueSpecification\",\"valueRequired\":true,\"valueName\":\"search_term_string\"}}],\"inLanguage\":\"tr\"},{\"@type\":\"Organization\",\"@id\":\"https:\\\/\\\/tinychat.com\\\/#organization\",\"name\":\"TinyChat\",\"alternateName\":\"TinyChat.com\",\"url\":\"https:\\\/\\\/tinychat.com\\\/\",\"logo\":{\"@type\":\"ImageObject\",\"inLanguage\":\"tr\",\"@id\":\"https:\\\/\\\/tinychat.com\\\/#\\\/schema\\\/logo\\\/image\\\/\",\"url\":\"https:\\\/\\\/tinychat.com\\\/wp-content\\\/uploads\\\/2023\\\/11\\\/Tinychat-icon-square.png\",\"contentUrl\":\"https:\\\/\\\/tinychat.com\\\/wp-content\\\/uploads\\\/2023\\\/11\\\/Tinychat-icon-square.png\",\"width\":284,\"height\":284,\"caption\":\"TinyChat\"},\"image\":{\"@id\":\"https:\\\/\\\/tinychat.com\\\/#\\\/schema\\\/logo\\\/image\\\/\"},\"sameAs\":[\"https:\\\/\\\/www.facebook.com\\\/tinychat\",\"https:\\\/\\\/x.com\\\/tinychat\"]}]}<\/script>\n<!-- \/ Yoast SEO plugin. -->","yoast_head_json":{"title":"Spinchat - \u00dccretsiz Sohbet, Arkada\u015flarla Tan\u0131\u015f, Oyun Oynay\u0131n - TinyChat.com","description":"Spinchat'yi be\u011fendiniz mi? TinyChat'de 50.000.000'den fazla yabanc\u0131yla tan\u0131\u015f\u0131n! Kameran\u0131z\u0131 a\u00e7\u0131n ve yeni insanlarla tan\u0131\u015fmaya ba\u015flay\u0131n veya e\u015fle\u015fen birini bulun.","robots":{"index":"index","follow":"follow","max-snippet":"max-snippet:-1","max-image-preview":"max-image-preview:large","max-video-preview":"max-video-preview:-1"},"canonical":"https:\/\/tinychat.com\/tr\/spinchat\/","og_locale":"tr_TR","og_type":"article","og_title":"Spinchat - Free Chat, Meet Friends, Play Games - TinyChat.com","og_description":"Enjoying Spinchat? Join over 50,000,000 strangers on TinyChat! Turn on your cam and start meeting new people, or find a match.","og_url":"https:\/\/tinychat.com\/tr\/spinchat\/","og_site_name":"TinyChat","article_publisher":"https:\/\/www.facebook.com\/tinychat","article_modified_time":"2025-12-02T08:53:45+00:00","og_image":[{"width":1280,"height":284,"url":"https:\/\/tinychat.com\/wp-content\/uploads\/2020\/04\/Tinychat-logo-1280x284-new-black.png","type":"image\/png"}],"twitter_card":"summary_large_image","twitter_site":"@tinychat","twitter_misc":{"Tahmini okuma s\u00fcresi":"6 dakika"},"schema":{"@context":"https:\/\/schema.org","@graph":[{"@type":"WebPage","@id":"https:\/\/tinychat.com\/spinchat\/","url":"https:\/\/tinychat.com\/spinchat\/","name":"Spinchat - \u00dccretsiz Sohbet, Arkada\u015flarla Tan\u0131\u015f, Oyun Oynay\u0131n - TinyChat.com","isPartOf":{"@id":"https:\/\/tinychat.com\/#website"},"datePublished":"2025-12-02T06:53:16+00:00","dateModified":"2025-12-02T08:53:45+00:00","description":"Spinchat'yi be\u011fendiniz mi? TinyChat'de 50.000.000'den fazla yabanc\u0131yla tan\u0131\u015f\u0131n! Kameran\u0131z\u0131 a\u00e7\u0131n ve yeni insanlarla tan\u0131\u015fmaya ba\u015flay\u0131n veya e\u015fle\u015fen birini bulun.","breadcrumb":{"@id":"https:\/\/tinychat.com\/spinchat\/#breadcrumb"},"inLanguage":"tr","potentialAction":[{"@type":"ReadAction","target":["https:\/\/tinychat.com\/spinchat\/"]}]},{"@type":"BreadcrumbList","@id":"https:\/\/tinychat.com\/spinchat\/#breadcrumb","itemListElement":[{"@type":"ListItem","position":1,"name":"Home","item":"https:\/\/tinychat.com\/"},{"@type":"ListItem","position":2,"name":"Spinchat"}]},{"@type":"WebSite","@id":"https:\/\/tinychat.com\/#website","url":"https:\/\/tinychat.com\/","name":"TinyChat","description":"Yabanc\u0131larla Rastgele G\u00f6r\u00fcnt\u00fcl\u00fc Sohbet","publisher":{"@id":"https:\/\/tinychat.com\/#organization"},"alternateName":"TinyChat.com","potentialAction":[{"@type":"SearchAction","target":{"@type":"EntryPoint","urlTemplate":"https:\/\/tinychat.com\/?s={search_term_string}"},"query-input":{"@type":"PropertyValueSpecification","valueRequired":true,"valueName":"search_term_string"}}],"inLanguage":"tr"},{"@type":"Organization","@id":"https:\/\/tinychat.com\/#organization","name":"TinyChat","alternateName":"TinyChat.com","url":"https:\/\/tinychat.com\/","logo":{"@type":"ImageObject","inLanguage":"tr","@id":"https:\/\/tinychat.com\/#\/schema\/logo\/image\/","url":"https:\/\/tinychat.com\/wp-content\/uploads\/2023\/11\/Tinychat-icon-square.png","contentUrl":"https:\/\/tinychat.com\/wp-content\/uploads\/2023\/11\/Tinychat-icon-square.png","width":284,"height":284,"caption":"TinyChat"},"image":{"@id":"https:\/\/tinychat.com\/#\/schema\/logo\/image\/"},"sameAs":["https:\/\/www.facebook.com\/tinychat","https:\/\/x.com\/tinychat"]}]}},"_links":{"self":[{"href":"https:\/\/tinychat.com\/tr\/wp-json\/wp\/v2\/pages\/11248","targetHints":{"allow":["GET"]}}],"collection":[{"href":"https:\/\/tinychat.com\/tr\/wp-json\/wp\/v2\/pages"}],"about":[{"href":"https:\/\/tinychat.com\/tr\/wp-json\/wp\/v2\/types\/page"}],"author":[{"embeddable":true,"href":"https:\/\/tinychat.com\/tr\/wp-json\/wp\/v2\/users\/6"}],"replies":[{"embeddable":true,"href":"https:\/\/tinychat.com\/tr\/wp-json\/wp\/v2\/comments?post=11248"}],"version-history":[{"count":3,"href":"https:\/\/tinychat.com\/tr\/wp-json\/wp\/v2\/pages\/11248\/revisions"}],"predecessor-version":[{"id":13585,"href":"https:\/\/tinychat.com\/tr\/wp-json\/wp\/v2\/pages\/11248\/revisions\/13585"}],"wp:attachment":[{"href":"https:\/\/tinychat.com\/tr\/wp-json\/wp\/v2\/media?parent=11248"}],"curies":[{"name":"wp","href":"https:\/\/api.w.org\/{rel}","templated":true}]}}