{"id":11922,"date":"2025-12-02T10:01:20","date_gmt":"2025-12-02T08:01:20","guid":{"rendered":"https:\/\/tinychat.com\/?page_id=11922"},"modified":"2025-12-02T12:01:14","modified_gmt":"2025-12-02T10:01:14","slug":"strangermeetup","status":"publish","type":"page","link":"https:\/\/tinychat.com\/tr\/strangermeetup\/","title":{"rendered":"StrangerMeetup"},"content":{"rendered":"<p>Filtrelerin, profillerin ve algoritma tabanl\u0131 beslemelerin hakim oldu\u011fu \u00e7evrimi\u00e7i d\u00fcnyada, StrangerMeetup ferahlat\u0131c\u0131 bir insanl\u0131k sunuyor: d\u00fcnyan\u0131n d\u00f6rt bir yan\u0131ndan gelen yabanc\u0131larla h\u0131zl\u0131, anonim metin sohbetleri. Kay\u0131t yok, ki\u015fisel bilgi yok, karma\u015f\u0131k \u00f6zellikler yok \u2014 sadece hi\u00e7 tan\u0131\u015fmad\u0131\u011f\u0131n\u0131z insanlarla saf, spontane sohbetler.<\/p>\n<p>Metin tabanl\u0131 ileti\u015fimin basitli\u011fini ve gizlili\u011fini tercih eden kullan\u0131c\u0131lar i\u00e7in tasarlanan StrangerMeetup, a\u00e7\u0131k\u00e7a konu\u015fmak, yeni insanlarla tan\u0131\u015fmak veya sadece g\u00fcndelik \u00e7evrimi\u00e7i sohbetlerle vakit ge\u00e7irmek isteyenler i\u00e7in vazge\u00e7ilmez bir platform haline gelmi\u015ftir. Hafif, stressiz ve neredeyse t\u00fcm cihazlardan eri\u015filebilir bir platformdur.<\/p>\n<p>Bu kapsaml\u0131 incelemede, StrangerMeetup'nin ne oldu\u011fu, nas\u0131l \u00e7al\u0131\u015ft\u0131\u011f\u0131, temel \u00f6zellikleri, kullan\u0131c\u0131 deneyimi, g\u00fcvenlik kurallar\u0131, rakipleriyle kar\u015f\u0131la\u015ft\u0131rmas\u0131, sorun giderme \u00e7\u00f6z\u00fcmleri ve bug\u00fcn kullanmaya de\u011fer olup olmad\u0131\u011f\u0131 hakk\u0131nda bilgi edineceksiniz.<\/p>\n<h2>StrangerMeetup nedir?<\/h2>\n<p>StrangerMeetup, sizi yabanc\u0131larla an\u0131nda ba\u011flant\u0131ya ge\u00e7iren \u00fccretsiz ve anonim bir metin sohbet hizmetidir. Rastgele g\u00f6r\u00fcnt\u00fcl\u00fc sohbet platformlar\u0131ndan farkl\u0131 olarak, StrangerMeetup yaln\u0131zca metin ileti\u015fimine odaklan\u0131r ve bu da onu a\u015fa\u011f\u0131daki kullan\u0131c\u0131lar i\u00e7in ideal hale getirir:<\/p>\n<ul>\n<li>Gizlili\u011fi tercih edin<\/li>\n<li>Y\u00fczlerini g\u00f6stermek istemiyorlar<\/li>\n<li>Rahat, bask\u0131 hissetmeden sohbet etmenin keyfini \u00e7\u0131kar\u0131n<\/li>\n<li>Farkl\u0131 k\u00fclt\u00fcrlerden insanlarla tan\u0131\u015fmak ister misiniz?<\/li>\n<li>H\u0131zl\u0131 bire bir konu\u015fmalar gibi<\/li>\n<\/ul>\n<p>Hesap veya profil olu\u015fturman\u0131za gerek yoktur \u2014 her oturum ge\u00e7icidir, anonimdir ve sohbetten ayr\u0131ld\u0131\u011f\u0131n\u0131zda s\u0131f\u0131rlan\u0131r. Bu, StrangerMeetup'yi sosyal medya kimli\u011finin y\u00fck\u00fc olmadan \u00f6zg\u00fcrce konu\u015fmaktan ho\u015flanan ki\u015filer i\u00e7in m\u00fckemmel bir se\u00e7im haline getirir.<\/p>\n<h2>StrangerMeetup'nin Temel \u00d6zellikleri<\/h2>\n<p>StrangerMeetup, her \u015feyi temel unsurlar\u0131na indirger, ancak sorunsuz bir sohbet deneyimi yaratmak i\u00e7in yeterli yap\u0131y\u0131 korur.<\/p>\n<h3>1. Rastgele Metin Sohbeti<\/h3>\n<ul>\n<li>Bir yabanc\u0131yla an\u0131nda ba\u011flant\u0131 kurun<\/li>\n<li>Kamera veya mikrofon gerekmez<\/li>\n<li>D\u00fc\u015f\u00fck bas\u0131n\u00e7l\u0131 etkile\u015fim<\/li>\n<\/ul>\n<p>Bu format, g\u00f6r\u00fcn\u00fcm veya video kalitesi konusunda endi\u015felenmeden kolay ve ak\u0131c\u0131 sohbetler yap\u0131lmas\u0131na olanak tan\u0131r.<\/p>\n<h3>2. 100% Anonim<\/h3>\n<ul>\n<li>Giri\u015f gerekmez<\/li>\n<li>E-posta veya telefon numaras\u0131 gerekmez<\/li>\n<li>Ki\u015fisel veriler saklanmaz<\/li>\n<\/ul>\n<p>Sohbeti kapatt\u0131\u011f\u0131n\u0131zda konu\u015fmalar kaybolur ve maksimum gizlilik sa\u011flan\u0131r.<\/p>\n<h3>3. Basit ve Temiz Aray\u00fcz<\/h3>\n<ul>\n<li>Minimalist tasar\u0131m<\/li>\n<li>Her cihazda sorunsuz \u00e7al\u0131\u015f\u0131r<\/li>\n<li>Az dikkat da\u011f\u0131n\u0131kl\u0131\u011f\u0131 ve da\u011f\u0131n\u0131kl\u0131k yok<\/li>\n<\/ul>\n<p>Kullan\u0131c\u0131lar, her \u015feyin anla\u015f\u0131l\u0131r ve kolay oldu\u011funu takdir ediyorlar.<\/p>\n<h3>4. H\u0131zl\u0131 E\u015fle\u015ftirme Sistemi<\/h3>\n<ul>\n<li>E\u015fle\u015ftirme saniyeler s\u00fcrer<\/li>\n<li>Bekleme kuyru\u011fu yok<\/li>\n<li>\u0130stedi\u011finiz zaman atlay\u0131n veya ba\u011flant\u0131y\u0131 kesin<\/li>\n<\/ul>\n<p>H\u0131zl\u0131 ve spontan ba\u011flant\u0131lardan ho\u015flananlar i\u00e7in m\u00fckemmel.<\/p>\n<h3>5. K\u00fcresel Eri\u015fim<\/h3>\n<ul>\n<li>D\u00fcnyan\u0131n her yerinden insanlarla sohbet edin<\/li>\n<li>Konu\u015fmada y\u00fcksek \u00e7e\u015fitlilik<\/li>\n<li>K\u00fclt\u00fcrel al\u0131\u015fveri\u015f i\u00e7in harika<\/li>\n<\/ul>\n<p>Bir\u00e7ok kullan\u0131c\u0131, farkl\u0131 \u00fclkelerden insanlarla konu\u015fmak i\u00e7in \u00f6zel olarak \u00fcye oluyor.<\/p>\n<h3>6. Mobil Uyumlu<\/h3>\n<ul>\n<li>Mobil taray\u0131c\u0131larda tam olarak \u00e7al\u0131\u015f\u0131r<\/li>\n<li>Uygulama indirmek gerekmez<\/li>\n<\/ul>\n<p>Bu, StrangerMeetup'yi hareket halindeyken sohbet etmek i\u00e7in ideal hale getirir.<\/p>\n<h3>7. \u00dccretsiz Kullan\u0131m<\/h3>\n<ul>\n<li>S\u0131n\u0131rs\u0131z sohbet<\/li>\n<li>Premium \u00f6zellikler gerekmez<\/li>\n<li>\u00d6deme duvar\u0131 yok<\/li>\n<\/ul>\n<p>Gerekli olan her \u015feye para harcamadan eri\u015filebilir.<\/p>\n<h2>StrangerMeetup Nas\u0131l Kullan\u0131l\u0131r?<\/h2>\n<p>StrangerMeetup'yi kullanmak son derece basittir:<\/p>\n<h3>Ad\u0131m 1: Web Sitesini Ziyaret Edin<\/h3>\n<p>Herhangi bir taray\u0131c\u0131y\u0131 kullanarak StrangerMeetup.com adresine gidin.<\/p>\n<h3>Ad\u0131m 2: Modunuzu Se\u00e7in<\/h3>\n<p>\u00c7o\u011fu s\u00fcr\u00fcm d\u00fcz metin sohbeti veya temal\u0131 kategoriler sunar.<\/p>\n<h3>3. Ad\u0131m: \u201cBa\u015flat \u201da t\u0131klay\u0131n\u201d<\/h3>\n<p>Hemen yeni biriyle ba\u011flant\u0131 kuracaks\u0131n\u0131z.<\/p>\n<h3>Ad\u0131m 4: Sohbet Edin veya Atlay\u0131n<\/h3>\n<p>\u0130stedi\u011finiz kadar sohbet edebilir veya \u0130leri'ye t\u0131klayarak ba\u015fka bir yabanc\u0131yla sohbet etmeye ba\u015flayabilirsiniz.<\/p>\n<h3>Ad\u0131m 5: \u0130stedi\u011finiz zaman ayr\u0131l\u0131n<\/h3>\n<p>Sohbeti sonland\u0131rd\u0131\u011f\u0131n\u0131zda veya sayfay\u0131 kapatt\u0131\u011f\u0131n\u0131zda, konu\u015fma sonsuza kadar kaybolur.<\/p>\n<p>Hesap yok, bekleme yok \u2014 sadece d\u00fcnya \u00e7ap\u0131nda yabanc\u0131larla anl\u0131k mesajla\u015fma.<\/p>\n<h2>StrangerMeetup'de Kullan\u0131c\u0131 Deneyimi<\/h2>\n<p>StrangerMeetup, kullan\u0131m kolayl\u0131\u011f\u0131 ve anonimli\u011fi sayesinde g\u00fc\u00e7l\u00fc bir takip\u00e7i kitlesi kazanm\u0131\u015ft\u0131r.<\/p>\n<h3>Kullan\u0131c\u0131lar Neyi Seviyor?<\/h3>\n<ul>\n<li>Anonim ve \u00f6zel<\/li>\n<li>Kamera gerekmez<\/li>\n<li>H\u0131zl\u0131 e\u015fle\u015ftirme h\u0131z\u0131<\/li>\n<li>\u0130\u00e7ine kapan\u0131k veya utanga\u00e7 kullan\u0131c\u0131lar i\u00e7in ideal<\/li>\n<li>Basit, minimalist aray\u00fcz<\/li>\n<li>Mobil ve masa\u00fcst\u00fcnde iyi \u00e7al\u0131\u015f\u0131r<\/li>\n<li>T\u00fcm \u00f6zelliklere \u00fccretsiz eri\u015fim<\/li>\n<\/ul>\n<h3>Kullan\u0131c\u0131lar\u0131n \u0130yile\u015ftirme \u0130\u00e7in Yer G\u00f6rd\u00fc\u011f\u00fc Noktalar<\/h3>\n<ul>\n<li>\u00dclke veya cinsiyet filtresi yok<\/li>\n<li>Ara s\u0131ra spam g\u00f6nderen kullan\u0131c\u0131lar<\/li>\n<li>Arkada\u015f listesi veya yeniden ba\u011flanma se\u00e7ene\u011fi yok<\/li>\n<li>Kapat\u0131ld\u0131\u011f\u0131nda konu\u015fmalar kal\u0131c\u0131 olarak s\u0131f\u0131rlan\u0131r<\/li>\n<li>Baz\u0131 sohbet oturumlar\u0131 k\u0131sa veya d\u00fc\u015f\u00fck kaliteli olabilir.<\/li>\n<\/ul>\n<p>Buna ra\u011fmen, \u00e7o\u011fu kullan\u0131c\u0131, \u00f6zellikle video sohbet alternatifleriyle kar\u015f\u0131la\u015ft\u0131r\u0131ld\u0131\u011f\u0131nda, platformun basitli\u011fini ve gizlilik odakl\u0131 yakla\u015f\u0131m\u0131n\u0131 takdir ediyor.<\/p>\n<h2>StrangerMeetup ve Di\u011fer Sohbet Platformlar\u0131 Kar\u015f\u0131la\u015ft\u0131rmas\u0131<\/h2>\n<p>StrangerMeetup'nin di\u011fer pop\u00fcler sohbet hizmetleriyle kar\u015f\u0131la\u015ft\u0131rmas\u0131 \u015fu \u015fekildedir:<\/p>\n<table>\n<thead>\n<tr>\n<th>\u00d6zellik<\/th>\n<th>StrangerMeetup<\/th>\n<th>Omegle<\/th>\n<th>Chatroulette<\/th>\n<th>ChatHub<\/th>\n<th>RandoChat<\/th>\n<th>Chatiw<\/th>\n<\/tr>\n<\/thead>\n<tbody>\n<tr>\n<td>Metin Sohbeti<\/td>\n<td>Evet<\/td>\n<td>Evet<\/td>\n<td>S\u0131n\u0131rl\u0131<\/td>\n<td>Evet<\/td>\n<td>Evet<\/td>\n<td>Evet<\/td>\n<\/tr>\n<tr>\n<td>G\u00f6r\u00fcnt\u00fcl\u00fc Sohbet<\/td>\n<td>\u274c Hay\u0131r<\/td>\n<td>Evet<\/td>\n<td>Evet<\/td>\n<td>Evet<\/td>\n<td>Hay\u0131r<\/td>\n<td>Hay\u0131r<\/td>\n<\/tr>\n<tr>\n<td>Kay\u0131t Gerekli<\/td>\n<td>\u274c Hay\u0131r<\/td>\n<td>\u274c Hay\u0131r<\/td>\n<td>\u274c Hay\u0131r<\/td>\n<td>Opsiyonel<\/td>\n<td>\u274c Hay\u0131r<\/td>\n<td>\u274c Hay\u0131r<\/td>\n<\/tr>\n<tr>\n<td>Anonimlik<\/td>\n<td>\u2b50 \u00c7ok Y\u00fcksek<\/td>\n<td>Y\u00fcksek<\/td>\n<td>Orta d\u00fczeyde<\/td>\n<td>Orta<\/td>\n<td>\u00c7ok Y\u00fcksek<\/td>\n<td>Orta d\u00fczeyde<\/td>\n<\/tr>\n<tr>\n<td>Filtreler (Cinsiyet\/B\u00f6lge)<\/td>\n<td>\u274c Hay\u0131r<\/td>\n<td>\u274c Hay\u0131r<\/td>\n<td>S\u0131n\u0131rl\u0131<\/td>\n<td>Evet<\/td>\n<td>\u274c Hay\u0131r<\/td>\n<td>\u274c Hay\u0131r<\/td>\n<\/tr>\n<tr>\n<td>Mobil Dostu<\/td>\n<td>Evet<\/td>\n<td>Evet<\/td>\n<td>Evet<\/td>\n<td>Evet<\/td>\n<td>Evet<\/td>\n<td>Evet<\/td>\n<\/tr>\n<tr>\n<td>\u00dccretsiz Kullan\u0131m<\/td>\n<td>Evet<\/td>\n<td>Evet<\/td>\n<td>Evet<\/td>\n<td>Evet<\/td>\n<td>Evet<\/td>\n<td>Evet<\/td>\n<\/tr>\n<\/tbody>\n<\/table>\n<p>\u00d6zet:<br \/>\nStrangerMeetup, video bask\u0131s\u0131 olmadan anonim, yaln\u0131zca metin tabanl\u0131 ileti\u015fim isteyen kullan\u0131c\u0131lar i\u00e7in idealdir. Bir\u00e7ok rakipten daha basit ve daha gizlidir.<\/p>\n<h2>StrangerMeetup'de G\u00fcvenlik ve Gizlilik<\/h2>\n<p>Metin tabanl\u0131 rastgele sohbet genellikle g\u00f6r\u00fcnt\u00fcl\u00fc sohbetten daha g\u00fcvenlidir ve StrangerMeetup, kullan\u0131c\u0131 gizlili\u011fini korumada iyi bir i\u015f \u00e7\u0131kar\u0131r.<\/p>\n<h3>Yerle\u015fik G\u00fcvenlik \u00d6zellikleri<\/h3>\n<ul>\n<li>Anonim ba\u011flant\u0131lar<\/li>\n<li>Veri toplanm\u0131yor<\/li>\n<li>Kay\u0131t sistemi yok<\/li>\n<li>Herhangi bir sohbetten \u00e7\u0131kmak i\u00e7in atla d\u00fc\u011fmesi<\/li>\n<li>Kural ihlallerine y\u00f6nelik denetim<\/li>\n<\/ul>\n<h3>Kullan\u0131c\u0131lar i\u00e7in G\u00fcvenlik \u0130pu\u00e7lar\u0131<\/h3>\n<p>Korunmak i\u00e7in:<\/p>\n<ul>\n<li>Ki\u015fisel bilgilerinizi payla\u015fmay\u0131n<\/li>\n<li>Foto\u011fraf g\u00f6ndermeyin<\/li>\n<li>Yabanc\u0131lardan gelen ba\u011flant\u0131lara t\u0131klamay\u0131n<\/li>\n<li>Rahats\u0131z edici sohbetleri sonland\u0131r\u0131n<\/li>\n<li>Daha fazla gizlilik i\u00e7in VPN kullan\u0131n<\/li>\n<li>Ebeveynler re\u015fit olmayan \u00e7ocuklar\u0131n\u0131 denetlemelidir.<\/li>\n<\/ul>\n<p>Bu \u00f6nlemler al\u0131narak, StrangerMeetup \u00e7o\u011fu ki\u015fi taraf\u0131ndan g\u00fcvenle kullan\u0131labilir.<\/p>\n<h2>StrangerMeetup'den En \u0130yi \u015eekilde Yararlanmak \u0130\u00e7in \u0130pu\u00e7lar\u0131<\/h2>\n<p>Deneyiminizi iyile\u015ftirmenin yolu:<\/p>\n<ul>\n<li>Basit selamlamalarla ba\u015flay\u0131n<\/li>\n<li>Konu\u015fmay\u0131 rahat ve samimi tutun.<\/li>\n<li>Farkl\u0131 k\u00fclt\u00fcrlerden insanlarla tan\u0131\u015fmaya a\u00e7\u0131k olun<\/li>\n<li>Daha aktif kullan\u0131c\u0131lar i\u00e7in yo\u011fun saatleri deneyin<\/li>\n<li>Anonimlik \u00f6zelli\u011fini kullanarak rahat\u00e7a kendinizi ifade edin<\/li>\n<li>Sohbet ak\u0131c\u0131 de\u011filse h\u0131zl\u0131ca ge\u00e7in<\/li>\n<\/ul>\n<p>StrangerMeetup'nin sadece metin i\u00e7eren yap\u0131s\u0131, \u00f6zellikle her iki kullan\u0131c\u0131 da rahat oldu\u011funda, daha derin veya daha samimi sohbetlere yol a\u00e7ar.<\/p>\n<h2>S\u0131k Kar\u015f\u0131la\u015f\u0131lan Sorunlar ve \u00c7\u00f6z\u00fcmleri<\/h2>\n<h3>Sorun: \u201c\u00c7evrimi\u00e7i kullan\u0131c\u0131 yok\u201d<\/h3>\n<ul>\n<li>Yo\u011fun saatlerde tekrar deneyin<\/li>\n<li>Sayfay\u0131 yenile<\/li>\n<li>Ba\u015fka bir taray\u0131c\u0131y\u0131 kontrol edin<\/li>\n<\/ul>\n<h3>Sorun: Mesajlar g\u00f6nderilmiyor<\/h3>\n<ul>\n<li>Sohbet oturumunu yenile<\/li>\n<li>Taray\u0131c\u0131n\u0131z\u0131n \u00f6nbelle\u011fini temizleyin<\/li>\n<li>\u0130nternet ba\u011flant\u0131s\u0131n\u0131n kararl\u0131 oldu\u011fundan emin olun<\/li>\n<\/ul>\n<h3>Sorun: \u00c7ok fazla spam kullan\u0131c\u0131s\u0131<\/h3>\n<ul>\n<li>Hemen ayr\u0131l\u0131n<\/li>\n<li>S\u0131k s\u0131k atlama \u00f6zelli\u011fini kullan\u0131n<\/li>\n<\/ul>\n<h3>Sorun: Ba\u011flant\u0131 kesiliyor veya sohbet s\u0131f\u0131rlan\u0131yor<\/h3>\n<ul>\n<li>Taray\u0131c\u0131 yenilenmi\u015f olabilir<\/li>\n<li>Her iki u\u00e7ta da ba\u011flant\u0131 sorunlar\u0131<\/li>\n<\/ul>\n<p>StrangerMeetup genellikle stabildir, ancak t\u00fcm \u00fccretsiz rastgele sohbet hizmetleri gibi, deneyim k\u0131smen ba\u011flant\u0131n\u0131za ve zamanlaman\u0131za ba\u011fl\u0131d\u0131r.<\/p>\n<h2>\u0130nsanlar Neden StrangerMeetup'yi Tercih Ediyor?<\/h2>\n<p>StrangerMeetup, a\u015fa\u011f\u0131daki \u00f6zellikleri nedeniyle kullan\u0131c\u0131lar i\u00e7in caziptir:<\/p>\n<ul>\n<li>\u00d6zel<\/li>\n<li>Anonim<\/li>\n<li>Yaln\u0131zca metin<\/li>\n<li>H\u0131zl\u0131<\/li>\n<li>\u00dccretsiz<\/li>\n<li>Basit<\/li>\n<li>Kay\u0131t gerekmiyor<\/li>\n<\/ul>\n<p>\u00c7o\u011fu ki\u015fi i\u00e7in, videonun olmamas\u0131 sosyal bask\u0131y\u0131 ortadan kald\u0131rarak daha \u00f6zg\u00fcrce ileti\u015fim kurmalar\u0131n\u0131 sa\u011flar.<\/p>\n<p>\u00d6zellikle \u015fu ki\u015filer aras\u0131nda pop\u00fclerdir:<\/p>\n<ul>\n<li>\u0130\u00e7ine kapan\u0131k ki\u015filer<\/li>\n<li>Dil \u00f6\u011frenenler<\/li>\n<li>Video tabanl\u0131 platformlardan ka\u00e7\u0131nan ki\u015filer<\/li>\n<li>Sosyal medyadan b\u0131km\u0131\u015f kullan\u0131c\u0131lar<\/li>\n<li>Uluslararas\u0131 konu\u015fma yapmak isteyen gezginler<\/li>\n<li>Kimli\u011fini if\u015fa etmeden duygusal ba\u011f kurmak isteyen ki\u015filer<\/li>\n<\/ul>\n<h2>Son D\u00fc\u015f\u00fcnceler: StrangerMeetup Kullanmaya De\u011fer mi?<\/h2>\n<p>Saf, anonim bir metin sohbet platformu ar\u0131yorsan\u0131z, StrangerMeetup kesinlikle denemeye de\u011fer. Basit, h\u0131zl\u0131, \u00f6zel ve herhangi bir cihazdan eri\u015filebilir olmas\u0131, ki\u015fisel bilgilerinizi payla\u015fmadan \u00e7evrimi\u00e7i olarak rastgele yabanc\u0131larla konu\u015fman\u0131n en kolay yollar\u0131ndan biri olmas\u0131n\u0131 sa\u011flar.<\/p>\n<p>\u0130ster:<\/p>\n<ul>\n<li>S\u0131k\u0131lm\u0131\u015f ve sohbet etmek isteyen<\/li>\n<li>Di\u011fer \u00fclkelerden gelen insanlara merakl\u0131<\/li>\n<li>D\u00fc\u015f\u00fcncelerini \u00f6zg\u00fcrce ifade edebilece\u011fin g\u00fcvenli bir yer ar\u0131yorsan<\/li>\n<li>D\u00fcr\u00fcst bir konu\u015fma ar\u0131yorum<\/li>\n<li>Sosyal medya yorgunlu\u011fundan kurtulmay\u0131 umarak<\/li>\n<\/ul>\n<p>StrangerMeetup, gizlilik, basitlik ve ger\u00e7ek zamanl\u0131 ba\u011flant\u0131y\u0131 \u00f6n planda tutan yenilik\u00e7i bir alternatif sunar.<\/p>\n<p>StrangerMeetup, d\u00fcnya \u00e7ap\u0131nda yabanc\u0131larla h\u0131zl\u0131 ve bask\u0131 hissetmeden sohbet etmek isteyenler i\u00e7in m\u00fckemmel, temiz, anonim ve sadece metin tabanl\u0131 bir rastgele sohbet platformudur.<\/p>\n<p>Denemeye haz\u0131r m\u0131s\u0131n\u0131z? StrangerMeetup'yi ziyaret edin, \u201cBa\u015fla\u201dy\u0131 t\u0131klay\u0131n ve bir sonraki kar\u015f\u0131la\u015fman\u0131z\u0131n kim olaca\u011f\u0131n\u0131 g\u00f6r\u00fcn.<\/p>","protected":false},"excerpt":{"rendered":"<p>In an online world dominated by filters, profiles, and algorithm-driven feeds, StrangerMeetup offers something refreshingly human: quick, anonymous text conversations with strangers from around the world. No sign-ups, no personal details, and no complicated features \u2014 just pure, spontaneous chatting with people you\u2019ve never met. Designed for users who prefer the simplicity and privacy of [&hellip;]<\/p>\n","protected":false},"author":6,"featured_media":0,"parent":0,"menu_order":0,"comment_status":"closed","ping_status":"closed","template":"","meta":{"footnotes":""},"class_list":["post-11922","page","type-page","status-publish","hentry"],"yoast_head":"<!-- This site is optimized with the Yoast SEO plugin v27.4 - https:\/\/yoast.com\/product\/yoast-seo-wordpress\/ -->\n<title>StrangerMeetup - Meet New Friends Online - TinyChat.com<\/title>\n<meta name=\"description\" content=\"Enjoying StrangerMeetup? Join over 50,000,000 strangers on TinyChat! Turn on your cam and start meeting new people, or find a match.\" \/>\n<meta name=\"robots\" content=\"index, follow, max-snippet:-1, max-image-preview:large, max-video-preview:-1\" \/>\n<link rel=\"canonical\" href=\"https:\/\/tinychat.com\/tr\/strangermeetup\/\" \/>\n<meta property=\"og:locale\" content=\"tr_TR\" \/>\n<meta property=\"og:type\" content=\"article\" \/>\n<meta property=\"og:title\" content=\"StrangerMeetup - Meet New Friends Online - TinyChat.com\" \/>\n<meta property=\"og:description\" content=\"Enjoying StrangerMeetup? Join over 50,000,000 strangers on TinyChat! Turn on your cam and start meeting new people, or find a match.\" \/>\n<meta property=\"og:url\" content=\"https:\/\/tinychat.com\/tr\/strangermeetup\/\" \/>\n<meta property=\"og:site_name\" content=\"TinyChat\" \/>\n<meta property=\"article:publisher\" content=\"https:\/\/www.facebook.com\/tinychat\" \/>\n<meta property=\"article:modified_time\" content=\"2025-12-02T10:01:14+00:00\" \/>\n<meta property=\"og:image\" content=\"https:\/\/tinychat.com\/wp-content\/uploads\/2020\/04\/Tinychat-logo-1280x284-new-black.png\" \/>\n\t<meta property=\"og:image:width\" content=\"1280\" \/>\n\t<meta property=\"og:image:height\" content=\"284\" \/>\n\t<meta property=\"og:image:type\" content=\"image\/png\" \/>\n<meta name=\"twitter:card\" content=\"summary_large_image\" \/>\n<meta name=\"twitter:site\" content=\"@tinychat\" \/>\n<meta name=\"twitter:label1\" content=\"Tahmini okuma s\u00fcresi\" \/>\n\t<meta name=\"twitter:data1\" content=\"6 dakika\" \/>\n<script type=\"application\/ld+json\" class=\"yoast-schema-graph\">{\"@context\":\"https:\\\/\\\/schema.org\",\"@graph\":[{\"@type\":\"WebPage\",\"@id\":\"https:\\\/\\\/tinychat.com\\\/strangermeetup\\\/\",\"url\":\"https:\\\/\\\/tinychat.com\\\/strangermeetup\\\/\",\"name\":\"StrangerMeetup - Meet New Friends Online - TinyChat.com\",\"isPartOf\":{\"@id\":\"https:\\\/\\\/tinychat.com\\\/#website\"},\"datePublished\":\"2025-12-02T08:01:20+00:00\",\"dateModified\":\"2025-12-02T10:01:14+00:00\",\"description\":\"Enjoying StrangerMeetup? Join over 50,000,000 strangers on TinyChat! Turn on your cam and start meeting new people, or find a match.\",\"breadcrumb\":{\"@id\":\"https:\\\/\\\/tinychat.com\\\/strangermeetup\\\/#breadcrumb\"},\"inLanguage\":\"tr\",\"potentialAction\":[{\"@type\":\"ReadAction\",\"target\":[\"https:\\\/\\\/tinychat.com\\\/strangermeetup\\\/\"]}]},{\"@type\":\"BreadcrumbList\",\"@id\":\"https:\\\/\\\/tinychat.com\\\/strangermeetup\\\/#breadcrumb\",\"itemListElement\":[{\"@type\":\"ListItem\",\"position\":1,\"name\":\"Home\",\"item\":\"https:\\\/\\\/tinychat.com\\\/\"},{\"@type\":\"ListItem\",\"position\":2,\"name\":\"StrangerMeetup\"}]},{\"@type\":\"WebSite\",\"@id\":\"https:\\\/\\\/tinychat.com\\\/#website\",\"url\":\"https:\\\/\\\/tinychat.com\\\/\",\"name\":\"TinyChat\",\"description\":\"Random Video Chat with Strangers\",\"publisher\":{\"@id\":\"https:\\\/\\\/tinychat.com\\\/#organization\"},\"alternateName\":\"TinyChat.com\",\"potentialAction\":[{\"@type\":\"SearchAction\",\"target\":{\"@type\":\"EntryPoint\",\"urlTemplate\":\"https:\\\/\\\/tinychat.com\\\/?s={search_term_string}\"},\"query-input\":{\"@type\":\"PropertyValueSpecification\",\"valueRequired\":true,\"valueName\":\"search_term_string\"}}],\"inLanguage\":\"tr\"},{\"@type\":\"Organization\",\"@id\":\"https:\\\/\\\/tinychat.com\\\/#organization\",\"name\":\"TinyChat\",\"alternateName\":\"TinyChat.com\",\"url\":\"https:\\\/\\\/tinychat.com\\\/\",\"logo\":{\"@type\":\"ImageObject\",\"inLanguage\":\"tr\",\"@id\":\"https:\\\/\\\/tinychat.com\\\/#\\\/schema\\\/logo\\\/image\\\/\",\"url\":\"https:\\\/\\\/tinychat.com\\\/wp-content\\\/uploads\\\/2023\\\/11\\\/Tinychat-icon-square.png\",\"contentUrl\":\"https:\\\/\\\/tinychat.com\\\/wp-content\\\/uploads\\\/2023\\\/11\\\/Tinychat-icon-square.png\",\"width\":284,\"height\":284,\"caption\":\"TinyChat\"},\"image\":{\"@id\":\"https:\\\/\\\/tinychat.com\\\/#\\\/schema\\\/logo\\\/image\\\/\"},\"sameAs\":[\"https:\\\/\\\/www.facebook.com\\\/tinychat\",\"https:\\\/\\\/x.com\\\/tinychat\"]}]}<\/script>\n<!-- \/ Yoast SEO plugin. -->","yoast_head_json":{"title":"StrangerMeetup - \u00c7evrimi\u00e7i Yeni Arkada\u015flar Edin - TinyChat.com","description":"StrangerMeetup'yi be\u011fendiniz mi? TinyChat'de 50.000.000'den fazla yabanc\u0131yla tan\u0131\u015f\u0131n! Kameran\u0131z\u0131 a\u00e7\u0131n ve yeni insanlarla tan\u0131\u015fmaya ba\u015flay\u0131n veya bir e\u015fle\u015fme bulun.","robots":{"index":"index","follow":"follow","max-snippet":"max-snippet:-1","max-image-preview":"max-image-preview:large","max-video-preview":"max-video-preview:-1"},"canonical":"https:\/\/tinychat.com\/tr\/strangermeetup\/","og_locale":"tr_TR","og_type":"article","og_title":"StrangerMeetup - Meet New Friends Online - TinyChat.com","og_description":"Enjoying StrangerMeetup? Join over 50,000,000 strangers on TinyChat! Turn on your cam and start meeting new people, or find a match.","og_url":"https:\/\/tinychat.com\/tr\/strangermeetup\/","og_site_name":"TinyChat","article_publisher":"https:\/\/www.facebook.com\/tinychat","article_modified_time":"2025-12-02T10:01:14+00:00","og_image":[{"width":1280,"height":284,"url":"https:\/\/tinychat.com\/wp-content\/uploads\/2020\/04\/Tinychat-logo-1280x284-new-black.png","type":"image\/png"}],"twitter_card":"summary_large_image","twitter_site":"@tinychat","twitter_misc":{"Tahmini okuma s\u00fcresi":"6 dakika"},"schema":{"@context":"https:\/\/schema.org","@graph":[{"@type":"WebPage","@id":"https:\/\/tinychat.com\/strangermeetup\/","url":"https:\/\/tinychat.com\/strangermeetup\/","name":"StrangerMeetup - \u00c7evrimi\u00e7i Yeni Arkada\u015flar Edin - TinyChat.com","isPartOf":{"@id":"https:\/\/tinychat.com\/#website"},"datePublished":"2025-12-02T08:01:20+00:00","dateModified":"2025-12-02T10:01:14+00:00","description":"StrangerMeetup'yi be\u011fendiniz mi? TinyChat'de 50.000.000'den fazla yabanc\u0131yla tan\u0131\u015f\u0131n! Kameran\u0131z\u0131 a\u00e7\u0131n ve yeni insanlarla tan\u0131\u015fmaya ba\u015flay\u0131n veya bir e\u015fle\u015fme bulun.","breadcrumb":{"@id":"https:\/\/tinychat.com\/strangermeetup\/#breadcrumb"},"inLanguage":"tr","potentialAction":[{"@type":"ReadAction","target":["https:\/\/tinychat.com\/strangermeetup\/"]}]},{"@type":"BreadcrumbList","@id":"https:\/\/tinychat.com\/strangermeetup\/#breadcrumb","itemListElement":[{"@type":"ListItem","position":1,"name":"Home","item":"https:\/\/tinychat.com\/"},{"@type":"ListItem","position":2,"name":"StrangerMeetup"}]},{"@type":"WebSite","@id":"https:\/\/tinychat.com\/#website","url":"https:\/\/tinychat.com\/","name":"TinyChat","description":"Yabanc\u0131larla Rastgele G\u00f6r\u00fcnt\u00fcl\u00fc Sohbet","publisher":{"@id":"https:\/\/tinychat.com\/#organization"},"alternateName":"TinyChat.com","potentialAction":[{"@type":"SearchAction","target":{"@type":"EntryPoint","urlTemplate":"https:\/\/tinychat.com\/?s={search_term_string}"},"query-input":{"@type":"PropertyValueSpecification","valueRequired":true,"valueName":"search_term_string"}}],"inLanguage":"tr"},{"@type":"Organization","@id":"https:\/\/tinychat.com\/#organization","name":"TinyChat","alternateName":"TinyChat.com","url":"https:\/\/tinychat.com\/","logo":{"@type":"ImageObject","inLanguage":"tr","@id":"https:\/\/tinychat.com\/#\/schema\/logo\/image\/","url":"https:\/\/tinychat.com\/wp-content\/uploads\/2023\/11\/Tinychat-icon-square.png","contentUrl":"https:\/\/tinychat.com\/wp-content\/uploads\/2023\/11\/Tinychat-icon-square.png","width":284,"height":284,"caption":"TinyChat"},"image":{"@id":"https:\/\/tinychat.com\/#\/schema\/logo\/image\/"},"sameAs":["https:\/\/www.facebook.com\/tinychat","https:\/\/x.com\/tinychat"]}]}},"_links":{"self":[{"href":"https:\/\/tinychat.com\/tr\/wp-json\/wp\/v2\/pages\/11922","targetHints":{"allow":["GET"]}}],"collection":[{"href":"https:\/\/tinychat.com\/tr\/wp-json\/wp\/v2\/pages"}],"about":[{"href":"https:\/\/tinychat.com\/tr\/wp-json\/wp\/v2\/types\/page"}],"author":[{"embeddable":true,"href":"https:\/\/tinychat.com\/tr\/wp-json\/wp\/v2\/users\/6"}],"replies":[{"embeddable":true,"href":"https:\/\/tinychat.com\/tr\/wp-json\/wp\/v2\/comments?post=11922"}],"version-history":[{"count":3,"href":"https:\/\/tinychat.com\/tr\/wp-json\/wp\/v2\/pages\/11922\/revisions"}],"predecessor-version":[{"id":13577,"href":"https:\/\/tinychat.com\/tr\/wp-json\/wp\/v2\/pages\/11922\/revisions\/13577"}],"wp:attachment":[{"href":"https:\/\/tinychat.com\/tr\/wp-json\/wp\/v2\/media?parent=11922"}],"curies":[{"name":"wp","href":"https:\/\/api.w.org\/{rel}","templated":true}]}}