{"id":11954,"date":"2024-10-24T12:21:22","date_gmt":"2024-10-24T10:21:22","guid":{"rendered":"https:\/\/tinychat.com\/?page_id=11954"},"modified":"2025-06-12T10:28:41","modified_gmt":"2025-06-12T08:28:41","slug":"luckycrush","status":"publish","type":"page","link":"https:\/\/tinychat.com\/tr\/luckycrush\/","title":{"rendered":"LuckyCrush"},"content":{"rendered":"<p>Sadece erkekler ve kad\u0131nlar aras\u0131nda rastgele bire bir g\u00f6r\u00fcnt\u00fcl\u00fc sohbet, fl\u00f6rt\u00f6z, e\u011flenceli ve muhtemelen romantik sohbetler i\u00e7in an\u0131nda e\u015fle\u015fir. Kullan\u0131c\u0131lar\u0131 cinsiyetten ba\u011f\u0131ms\u0131z olarak birbirine ba\u011flayan geleneksel rastgele sohbet platformlar\u0131n\u0131n aksine, LuckyCrush form\u00fcl\u00fc tersine \u00e7evirir - erkekseniz, her zaman bir kad\u0131na ba\u011flan\u0131rs\u0131n\u0131z ve bunun tersi de ge\u00e7erlidir.<\/p>\n<p>Bu bilin\u00e7li tasar\u0131m, LuckyCrush'\u0131 rastgele sohbet alan\u0131ndaki en ama\u00e7l\u0131 platformlardan biri haline getiriyor. D\u00fcnya \u00e7ap\u0131nda on milyonlarca kullan\u0131c\u0131 ve temiz tasar\u0131m, h\u0131zl\u0131 e\u015fle\u015ftirme ve y\u00fcksek etkile\u015fim konusunda artan bir \u00fcne sahip olan bu platformda, daha fl\u00f6rt odakl\u0131 rastgele bir video deneyimi arad\u0131klar\u0131nda neden bu kadar \u00e7ok insan\u0131n LuckyCrush'a y\u00f6neldi\u011fini anlamak kolayd\u0131r.<\/p>\n<p>Bu derinlemesine incelemede, LuckyCrush hakk\u0131nda bilmeniz gereken her \u015feyi ke\u015ffedece\u011fiz - nas\u0131l \u00e7al\u0131\u015f\u0131r, onu farkl\u0131 k\u0131lan nedir, benzer platformlarla nas\u0131l kar\u015f\u0131la\u015ft\u0131r\u0131l\u0131r ve sohbetlerinizden en iyi \u015fekilde nas\u0131l yararlanabilirsiniz.<\/p>\n<h2>LuckyCrush Nedir?<\/h2>\n<p>LuckyCrush, erkekleri yaln\u0131zca kad\u0131nlarla e\u015fle\u015ftiren ve bunun tersini yapan uluslararas\u0131 bir rastgele g\u00f6r\u00fcnt\u00fcl\u00fc sohbet platformudur. Site 2019'da a\u00e7\u0131ld\u0131 ve kar\u015f\u0131 cinsle h\u0131zl\u0131, anonim g\u00f6r\u00fcnt\u00fcl\u00fc sohbetler isteyen, profil kurulumu ve genel odalar olmadan kullan\u0131c\u0131lara hitap ederek h\u0131zla k\u00fcresel bir takip\u00e7i kazand\u0131.<\/p>\n<p>Omegle veya Chatroulette gibi sitelerin aksine - cinsiyetten ba\u011f\u0131ms\u0131z olarak herhangi biriyle ba\u011flant\u0131 kurdu\u011funuzda - LuckyCrush her seferinde cinsiyet e\u015fle\u015fmesini sa\u011flamak i\u00e7in bir algoritma kullan\u0131r. Erkekler yaln\u0131zca kad\u0131nlarla ve kad\u0131nlar yaln\u0131zca erkeklerle e\u015fle\u015ftirilir. LuckyCrush'a farkl\u0131 bir ki\u015filik kazand\u0131ran, modern kullan\u0131c\u0131 aray\u00fcz\u00fc ve k\u00fcresel kullan\u0131c\u0131 taban\u0131yla birle\u015fen bu basitliktir.<\/p>\n<p>Platformu denemek \u00fccretsizdir ancak erkekler i\u00e7in kredi sistemiyle \u00e7al\u0131\u015fmaktad\u0131r. \u00d6te yandan kad\u0131nlar siteyi tamamen \u00fccretsiz kullanabiliyor - cinsiyet oranlar\u0131n\u0131 dengede tutmak ve daha \u00f6zg\u00fcn, kar\u015f\u0131 cins e\u015fle\u015fmelerini te\u015fvik etmek i\u00e7in tasarlanm\u0131\u015f bir i\u015f modeli.<\/p>\n<h2>LuckyCrush'\u0131n Temel \u00d6zellikleri<\/h2>\n<p>LuckyCrush hem i\u015flev hem de tasar\u0131m a\u00e7\u0131s\u0131ndan benzersizdir. \u0130\u015fte onu \u00f6ne \u00e7\u0131karan \u015fey:<\/p>\n<h3>1. Cinsiyete Dayal\u0131 E\u015fle\u015ftirme<\/h3>\n<p>LuckyCrush'\u0131n ana sat\u0131\u015f noktas\u0131 varsay\u0131lan olarak cinsiyet filtrelemesidir. Ba\u011flan\u0131yor:<\/p>\n<ul>\n<li>Erkekler sadece kad\u0131nlara<\/li>\n<li>Kad\u0131nlar sadece erkeklere<\/li>\n<\/ul>\n<p>Bu, fl\u00f6rt, romantizm veya dost\u00e7a cinsiyetler aras\u0131 \u015fakala\u015fma i\u00e7in an\u0131nda tonu belirler. Daha genel sohbet platformlar\u0131nda s\u0131kl\u0131kla bulunan kaosu ortadan kald\u0131r\u0131r.<\/p>\n<h3>2. Bire Bir Rastgele G\u00f6r\u00fcnt\u00fcl\u00fc Sohbet<\/h3>\n<p>Grup odalar\u0131, sadece metin se\u00e7enekleri ve anonim forumlar yoktur. Her oturum, her seferinde bir ki\u015fiyle yap\u0131lan \u00f6zel, canl\u0131, y\u00fcz y\u00fcze g\u00f6r\u00fcnt\u00fcl\u00fc sohbettir.<\/p>\n<p>E\u015fle\u015fmeyi be\u011fenmezseniz, ba\u015fka birine ge\u00e7mek i\u00e7in \"\u0130leri \"ye t\u0131klaman\u0131z yeterlidir.<\/p>\n<h3>3. An\u0131nda E\u015fle\u015ftirme - Kay\u0131t Gerekmez<\/h3>\n<p>Sadece tek bir t\u0131klama ile sohbete ba\u015flayabilirsiniz. E-posta adresi yok. Kay\u0131t yok. Profil yok. Bu s\u00fcrt\u00fcnmesiz yakla\u015f\u0131m, LuckyCrush'\u0131n ba\u015far\u0131s\u0131n\u0131n bir par\u00e7as\u0131d\u0131r - \u00f6zellikle kullan\u0131c\u0131lar\u0131n h\u0131z ve kolayl\u0131k bekledi\u011fi mobil cihazlarda.<\/p>\n<p>(Bununla birlikte, \u00fccretsiz kredi kazanmak, sohbet ge\u00e7mi\u015fine eri\u015fmek veya kullan\u0131m\u0131 takip etmek istiyorsan\u0131z kaydolman\u0131z \u00f6nerilir).<\/p>\n<h3>4. Krediye Dayal\u0131 Sistem (Erkekler i\u00e7in)<\/h3>\n<p>LuckyCrush'\u0131 denemek \u00fccretsizdir, ancak erkekler deneme s\u00fcresinden sonra sohbete devam etmek i\u00e7in kredi kullanmal\u0131d\u0131r. Krediler paketler halinde sat\u0131n al\u0131n\u0131r ve g\u00f6r\u00fcnt\u00fcl\u00fc sohbetin her saniyesi k\u00fc\u00e7\u00fck bir miktar kullan\u0131r.<\/p>\n<p>\u00d6te yandan, kad\u0131nlar siteyi tamamen \u00fccretsiz olarak kullan\u0131yor, bu da ger\u00e7ek kad\u0131n kullan\u0131c\u0131lar\u0131n tutarl\u0131 bir \u015fekilde var olmas\u0131n\u0131 sa\u011flamaya yard\u0131mc\u0131 oluyor.<\/p>\n<h3>5. K\u00fcresel Eri\u015fim<\/h3>\n<p>LuckyCrush, daha h\u0131zl\u0131 yerel konu\u015fmalar i\u00e7in otomatik b\u00f6lge e\u015fle\u015ftirme ile 100'den fazla \u00fclkede kullan\u0131c\u0131ya sahiptir. Daha geni\u015f bir deneyim i\u00e7in uluslararas\u0131 sohbete de ge\u00e7ebilirsiniz.<\/p>\n<p>Bu uluslararas\u0131 hava LuckyCrush'\u0131 a\u015fa\u011f\u0131dakiler i\u00e7in m\u00fckemmel k\u0131l\u0131yor:<\/p>\n<ul>\n<li>K\u00fclt\u00fcrler aras\u0131 fl\u00f6rt<\/li>\n<li>Dil prati\u011fi yapmak<\/li>\n<li>Yeni aksanlar ve ki\u015filikler ke\u015ffetmek<\/li>\n<\/ul>\n<h3>6. G\u00fc\u00e7l\u00fc Mobil Destek ile Basit Aray\u00fcz<\/h3>\n<p>Tasar\u0131m temiz, mobil cihazlar i\u00e7in optimize edilmi\u015f ve sezgiseldir:<\/p>\n<ul>\n<li>Tam ekran video aray\u00fcz\u00fc<\/li>\n<li>Gerekirse metin i\u00e7in sohbet kutusu<\/li>\n<li>H\u0131zl\u0131 y\u00fckleme s\u00fcreleri ve minimum dikkat da\u011f\u0131t\u0131c\u0131 unsurlar<\/li>\n<\/ul>\n<p>\u0130ster masa\u00fcst\u00fcnde ister mobil cihazlarda kullan\u0131n, LuckyCrush sorunsuz bir \u015fekilde \u00e7al\u0131\u015f\u0131r.<\/p>\n<h2>LuckyCrush Nas\u0131l Kullan\u0131l\u0131r<\/h2>\n<p>LuckyCrush'\u0131 kullanmak h\u0131zl\u0131 ve basittir. \u0130\u015fte nas\u0131l ba\u015flayaca\u011f\u0131n\u0131z:<\/p>\n<h3>Ad\u0131m 1: Siteyi Ziyaret Edin<\/h3>\n<p>Herhangi bir taray\u0131c\u0131da luckycrush.live adresine gidin. Cinsiyetinizi se\u00e7meniz istenecektir.<\/p>\n<h3>Ad\u0131m 2: Web Kameras\u0131 ve Mikrofon Eri\u015fimi Verin<\/h3>\n<p>Platformu kullanmak i\u00e7in kameran\u0131z\u0131 ve mikrofonunuzu etkinle\u015ftirmeniz gerekir. Site bunlar\u0131 yaln\u0131zca g\u00f6r\u00fcnt\u00fcl\u00fc sohbet i\u00e7in kullan\u0131r.<\/p>\n<h3>Ad\u0131m 3: Sohbete Ba\u015flay\u0131n<\/h3>\n<p>E\u015fle\u015ftikten sonra sohbet oturumunuz hemen ba\u015flar. Di\u011fer ki\u015fiyi videoda g\u00f6receksiniz ve o da sizi g\u00f6recek. Gerekirse sohbet kutusuna da yazabilirsiniz.<\/p>\n<h3>Ad\u0131m 4: Atlamak i\u00e7in \"\u0130leri \"ye t\u0131klay\u0131n<\/h3>\n<p>Yeni bir e\u015fle\u015fme denemek ister misiniz? E\u015fleri an\u0131nda de\u011fi\u015ftirmek i\u00e7in \"\u0130leri\" d\u00fc\u011fmesine bas\u0131n.<\/p>\n<h3>Ad\u0131m 5: Kredileri Y\u00f6netin (Yaln\u0131zca Erkekler)<\/h3>\n<p>Erkek kullan\u0131c\u0131ysan\u0131z, \u00fccretsiz denemeniz birka\u00e7 dakika sonra sona erer. Hizmeti kullanmaya devam etmek i\u00e7in kredi sat\u0131n alman\u0131z gerekir.<\/p>\n<h2>LuckyCrush'ta Kullan\u0131c\u0131 Deneyimi<\/h2>\n<p>LuckyCrush, rastgele sohbet kategorisindeki en sorunsuz ve en odakl\u0131 kullan\u0131c\u0131 deneyimlerinden birini sunar. Gereksiz \u00f6zelliklerle a\u015f\u0131r\u0131 y\u00fckl\u00fc de\u011fildir - vurgu tamamen kar\u015f\u0131 cinsten biriyle y\u00fcz y\u00fcze etkile\u015fim \u00fczerinedir.<\/p>\n<h3>\u0130nsanlar Neyi Seviyor<\/h3>\n<ul>\n<li>H\u0131zl\u0131 ve kolay eri\u015fim<\/li>\n<li>Cinsiyet e\u015fle\u015ftirme garantisi<\/li>\n<li>Kad\u0131nlar i\u00e7in \u00fccretsiz<\/li>\n<li>Ger\u00e7ek kullan\u0131c\u0131lar - \u00e7ok daha az bot ve trol<\/li>\n<li>Sadece yeti\u015fkinlere \u00f6zel olmadan fl\u00f6rt dostu tasar\u0131m<\/li>\n<li>M\u00fckemmel mobil uyumlulu\u011fa sahip cilal\u0131 kullan\u0131c\u0131 aray\u00fcz\u00fc<\/li>\n<\/ul>\n<h3>Ne Daha \u0130yi Olabilirdi<\/h3>\n<ul>\n<li>Erkekler k\u0131sa bir \u00fccretsiz denemeden sonra \u00f6deme yapmal\u0131d\u0131r<\/li>\n<li>Ayn\u0131 cinsiyetten sohbet se\u00e7ene\u011fi yok<\/li>\n<li>\u0130lgi alan\u0131 veya konu e\u015fle\u015fmesi yok<\/li>\n<li>Oturum i\u00e7i s\u0131n\u0131rl\u0131 g\u00fcvenlik\/rapor ara\u00e7lar\u0131<\/li>\n<\/ul>\n<h2>Ger\u00e7ek Kullan\u0131c\u0131 Geri Bildirimi<\/h2>\n<blockquote><p>\"Omegle'den \u00e7ok daha iyi. En az\u0131ndan her zaman ger\u00e7ek bir kad\u0131nla e\u015fle\u015fti\u011fimi biliyorum. E\u011fer ciddiyseniz kredi almaya de\u011fer.\"<br \/>\n- <em>Eric S., Google Play<\/em><\/p><\/blockquote>\n<blockquote><p>\"Baz\u0131 harika sohbetler yapt\u0131m - ma\u00e7lar\u0131n her zaman erkek\/kad\u0131n olmas\u0131 harika. \u0130yi anlamda daha az rastgele hissettiriyor.\"<br \/>\n- <em>Laura G., Sitejabber<\/em><\/p><\/blockquote>\n<blockquote><p>\"Kay\u0131tl\u0131 arkada\u015flar gibi daha fazla \u00f6zelli\u011fe ihtiya\u00e7lar\u0131 var, ancak h\u0131zl\u0131 ve e\u011flenceli sohbetler i\u00e7in ger\u00e7ekten iyi \u00e7al\u0131\u015f\u0131yor.\"<br \/>\n- <em>Dan V., Reddit<\/em><\/p><\/blockquote>\n<h2>LuckyCrush vs Di\u011fer G\u00f6r\u00fcnt\u00fcl\u00fc Sohbet Platformlar\u0131<\/h2>\n<p>LuckyCrush'\u0131n alandaki di\u011fer b\u00fcy\u00fck isimlerle nas\u0131l kar\u015f\u0131la\u015ft\u0131r\u0131ld\u0131\u011f\u0131 a\u015fa\u011f\u0131da a\u00e7\u0131klanm\u0131\u015ft\u0131r:<\/p>\n<table>\n<thead>\n<tr>\n<th>\u00d6zellik<\/th>\n<th>LuckyCrush<\/th>\n<th>Omegle<\/th>\n<th>ChatHub<\/th>\n<th>Emerald Chat<\/th>\n<th>Thundr<\/th>\n<\/tr>\n<\/thead>\n<tbody>\n<tr>\n<td>Cinsiyet E\u015fle\u015ftirme<\/td>\n<td>\u2705 Garantili<\/td>\n<td>Rastgele<\/td>\n<td>\u2705 Premium<\/td>\n<td>Karma tabanl\u0131<\/td>\n<td>\u2705 Premium<\/td>\n<\/tr>\n<tr>\n<td>G\u00f6r\u00fcnt\u00fcl\u00fc Sohbet<\/td>\n<td>Evet<\/td>\n<td>Evet<\/td>\n<td>Evet<\/td>\n<td>Evet<\/td>\n<td>Evet<\/td>\n<\/tr>\n<tr>\n<td>Kad\u0131nlar i\u00e7in \u00dccretsiz<\/td>\n<td>Evet<\/td>\n<td>Evet<\/td>\n<td>Evet<\/td>\n<td>Evet<\/td>\n<td>Evet<\/td>\n<\/tr>\n<tr>\n<td>Anonim Kullan\u0131m<\/td>\n<td>Evet<\/td>\n<td>Evet<\/td>\n<td>Evet<\/td>\n<td>\u2705 \u0130ste\u011fe ba\u011fl\u0131<\/td>\n<td>Evet<\/td>\n<\/tr>\n<tr>\n<td>Mobil-Optimize Edilmi\u015f<\/td>\n<td>M\u00fckemmel<\/td>\n<td>\u26a0\ufe0f Kar\u0131\u015f\u0131k<\/td>\n<td>\u0130yi<\/td>\n<td>\u0130yi<\/td>\n<td>M\u00fckemmel<\/td>\n<\/tr>\n<tr>\n<td>Faiz E\u015fle\u015ftirme<\/td>\n<td>\u274c Hay\u0131r<\/td>\n<td>Evet<\/td>\n<td>\u274c Hay\u0131r<\/td>\n<td>Evet<\/td>\n<td>\u274c Hay\u0131r<\/td>\n<\/tr>\n<tr>\n<td>Kredi Sistemi (\u00dccretli Kullan\u0131m)<\/td>\n<td>Erkekler i\u00e7in<\/td>\n<td>\u274c Hay\u0131r<\/td>\n<td>\u274c Hay\u0131r<\/td>\n<td>\u274c Hay\u0131r<\/td>\n<td>\u274c Hay\u0131r<\/td>\n<\/tr>\n<tr>\n<td>Yeti\u015fkinlere Uygun Kullan\u0131c\u0131 Aray\u00fcz\u00fc<\/td>\n<td>Evet<\/td>\n<td>\u26a0\ufe0f G\u00fcvenli De\u011fil<\/td>\n<td>Evet<\/td>\n<td>Evet<\/td>\n<td>Evet<\/td>\n<\/tr>\n<\/tbody>\n<\/table>\n<p>\u00d6zet: LuckyCrush, kar\u015f\u0131 cinse ayr\u0131cal\u0131k, kullan\u0131c\u0131 kalitesi ve fl\u00f6rt odakl\u0131 bir deneyimle kazan\u0131yor. En \u00f6zelle\u015ftirilebilir platform de\u011fil, ancak basit, anonim, video tabanl\u0131 fl\u00f6rt i\u00e7in en amaca y\u00f6nelik olu\u015fturulmu\u015f platformlardan biri.<\/p>\n<h2>LuckyCrush G\u00fcvenli mi?<\/h2>\n<p>LuckyCrush, \u00e7o\u011fu rastgele g\u00f6r\u00fcnt\u00fcl\u00fc sohbet sitesinden daha iyi g\u00fcvenlik sunar - ancak yine de kullan\u0131c\u0131 taraf\u0131ndan d\u00fczenlenen bir ortamd\u0131r, bu nedenle sa\u011fduyu esast\u0131r.<\/p>\n<h3>G\u00fcvenlik Olumlu Y\u00f6nleri<\/h3>\n<ul>\n<li>Bire bir sohbetler trollemeyi azalt\u0131r<\/li>\n<li>Cinsiyet ayr\u0131m\u0131 daha iyi bir davran\u0131\u015fsal denge yarat\u0131r<\/li>\n<li>Ortak oda yok<\/li>\n<li>Kal\u0131c\u0131 veri depolama yok<\/li>\n<li>\u015eifreli ba\u011flant\u0131lar<\/li>\n<\/ul>\n<h3>S\u0131n\u0131rlamalar<\/h3>\n<ul>\n<li>Her sohbette ger\u00e7ek zamanl\u0131 moderasyon yok<\/li>\n<li>Aramalar s\u0131ras\u0131nda g\u00f6r\u00fcn\u00fcr rapor d\u00fc\u011fmesi yok<\/li>\n<li>Kullan\u0131c\u0131 onur sistemi d\u0131\u015f\u0131nda ya\u015f do\u011frulamas\u0131 yok<\/li>\n<\/ul>\n<h2>LuckyCrush'\u0131 Etkili Kullanmak \u0130\u00e7in \u0130pu\u00e7lar\u0131<\/h2>\n<ul>\n<li>Daha iyi ses ve gizlilik i\u00e7in kulakl\u0131k kullan\u0131n<\/li>\n<li>Konu\u015fma size uygun de\u011filse h\u0131zl\u0131ca atlay\u0131n<\/li>\n<li>Ki\u015fisel bilgileri (sosyal medya, e-posta vb.) payla\u015fmaktan ka\u00e7\u0131n\u0131n<\/li>\n<li>Kameran\u0131z\u0131 iyi \u0131\u015f\u0131kta g\u00f6z hizas\u0131nda tutun<\/li>\n<li>Kad\u0131nlar: Uluslararas\u0131 ma\u00e7lar i\u00e7in g\u00fcn\u00fcn farkl\u0131 saatlerini deneyin<\/li>\n<li>Erkekler: Sat\u0131n almadan \u00f6nce test etmek i\u00e7in \u00fccretsiz kredilerinizi kullan\u0131n<\/li>\n<\/ul>\n<h2>S\u0131k Kar\u015f\u0131la\u015f\u0131lan Sorunlar\u0131n Giderilmesi<\/h2>\n<h3>Kameraya Eri\u015filemiyor<\/h3>\n<p>Taray\u0131c\u0131n\u0131z\u0131n kamera\/mikrofon kullan\u0131m\u0131 i\u00e7in izni oldu\u011fundan emin olun. Kameray\u0131 kullan\u0131yor olabilecek di\u011fer uygulamalar\u0131 kapat\u0131n.<\/p>\n<h3>Gecikme veya D\u00fc\u015f\u00fck Video Kalitesi<\/h3>\n<p>Sabit bir Wi-Fi ba\u011flant\u0131s\u0131na ge\u00e7in. Arka plandaki sekmeleri kapat\u0131n veya taray\u0131c\u0131lar\u0131 de\u011fi\u015ftirin.<\/p>\n<h3>E\u015fle\u015fme Bulunamad\u0131<\/h3>\n<p>Yo\u011fun saatlerde (ak\u015famlar\/hafta sonlar\u0131) deneyin. Talep b\u00f6lgesel olabilir; k\u00fcresel olarak ge\u00e7i\u015f yapmak yard\u0131mc\u0131 olabilir.<\/p>\n<h3>Krediler Bitti<\/h3>\n<p>\u00dccretsiz kredi kazanmak i\u00e7in kaydolun veya sohbete devam etmek i\u00e7in bir paket sat\u0131n al\u0131n.<\/p>\n<p>LuckyCrush bir arkada\u015fl\u0131k sitesi ya da arkada\u015fl\u0131k merkezi olmaya \u00e7al\u0131\u015fm\u0131yor. Size spontane, g\u00fcvenli ve varsay\u0131lan olarak cinsiyetler aras\u0131 \u00f6zel, bire bir g\u00f6r\u00fcnt\u00fcl\u00fc sohbetler sunmak i\u00e7in burada.<\/p>\n<p>Milyonlarca kullan\u0131c\u0131s\u0131, ak\u0131c\u0131 aray\u00fcz\u00fc ve rastgele sohbet kullan\u0131c\u0131lar\u0131n\u0131n \u00e7o\u011funun ger\u00e7ekte ne istedi\u011fini sunan cinsiyet e\u015fle\u015ftirme algoritmas\u0131yla LuckyCrush, a\u00e7\u0131k ve b\u00fcy\u00fcyen bir talebi kar\u015f\u0131l\u0131yor.<\/p>\n<p>Buras\u0131 uzun biyografiler veya derin \u00e7\u00f6p\u00e7atanl\u0131k i\u00e7in uygun bir yer de\u011fil - burada s\u00f6z konusu olan anl\u0131k canl\u0131 ba\u011flant\u0131lar.<\/p>\n<p>Dolay\u0131s\u0131yla, Omegle veya Chatroulette'nin \u00f6tesinde bir sonraki ad\u0131m\u0131 ar\u0131yorsan\u0131z ve spam, botlar veya kiminle e\u015fle\u015fece\u011finizi bilmemekten b\u0131kt\u0131ysan\u0131z, LuckyCrush'a bir \u015fans verin.<\/p>\n<p>Luckycrush.live adresini ziyaret edin ve an\u0131nda sohbete ba\u015flay\u0131n - kay\u0131t yok, yarg\u0131lama yok, sadece ger\u00e7ek insanlar, ger\u00e7ek \u00e7ekim, ger\u00e7ek zamanl\u0131.<\/p>","protected":false},"excerpt":{"rendered":"<p>Random one-on-one video chat exclusively between men and women, matched instantly for flirty, fun, and possibly romantic conversations. Unlike traditional random chat platforms that connect users regardless of gender, LuckyCrush flips the formula \u2014 if you\u2019re a man, you\u2019ll always be connected to a woman, and vice versa. That deliberate design makes LuckyCrush one of [&hellip;]<\/p>\n","protected":false},"author":6,"featured_media":0,"parent":0,"menu_order":0,"comment_status":"closed","ping_status":"closed","template":"","meta":{"footnotes":""},"class_list":["post-11954","page","type-page","status-publish","hentry"],"yoast_head":"<!-- This site is optimized with the Yoast SEO plugin v27.4 - https:\/\/yoast.com\/product\/yoast-seo-wordpress\/ -->\n<title>LuckyCrush - Online Video Chat Website with Girls - TinyChat.com<\/title>\n<meta name=\"description\" content=\"Enjoying LuckyCrush? Join over 50,000,000 strangers on TinyChat! Turn on your cam and start meeting new people, or find a match.\" \/>\n<meta name=\"robots\" content=\"index, follow, max-snippet:-1, max-image-preview:large, max-video-preview:-1\" \/>\n<link rel=\"canonical\" href=\"https:\/\/tinychat.com\/tr\/luckycrush\/\" \/>\n<meta property=\"og:locale\" content=\"tr_TR\" \/>\n<meta property=\"og:type\" content=\"article\" \/>\n<meta property=\"og:title\" content=\"LuckyCrush - Online Video Chat Website with Girls - TinyChat.com\" \/>\n<meta property=\"og:description\" content=\"Enjoying LuckyCrush? Join over 50,000,000 strangers on TinyChat! Turn on your cam and start meeting new people, or find a match.\" \/>\n<meta property=\"og:url\" content=\"https:\/\/tinychat.com\/tr\/luckycrush\/\" \/>\n<meta property=\"og:site_name\" content=\"TinyChat\" \/>\n<meta property=\"article:publisher\" content=\"https:\/\/www.facebook.com\/tinychat\" \/>\n<meta property=\"article:modified_time\" content=\"2025-06-12T08:28:41+00:00\" \/>\n<meta property=\"og:image\" content=\"https:\/\/tinychat.com\/wp-content\/uploads\/2020\/04\/Tinychat-logo-1280x284-new-black.png\" \/>\n\t<meta property=\"og:image:width\" content=\"1280\" \/>\n\t<meta property=\"og:image:height\" content=\"284\" \/>\n\t<meta property=\"og:image:type\" content=\"image\/png\" \/>\n<meta name=\"twitter:card\" content=\"summary_large_image\" \/>\n<meta name=\"twitter:site\" content=\"@tinychat\" \/>\n<meta name=\"twitter:label1\" content=\"Tahmini okuma s\u00fcresi\" \/>\n\t<meta name=\"twitter:data1\" content=\"6 dakika\" \/>\n<script type=\"application\/ld+json\" class=\"yoast-schema-graph\">{\"@context\":\"https:\\\/\\\/schema.org\",\"@graph\":[{\"@type\":\"WebPage\",\"@id\":\"https:\\\/\\\/tinychat.com\\\/luckycrush\\\/\",\"url\":\"https:\\\/\\\/tinychat.com\\\/luckycrush\\\/\",\"name\":\"LuckyCrush - Online Video Chat Website with Girls - TinyChat.com\",\"isPartOf\":{\"@id\":\"https:\\\/\\\/tinychat.com\\\/#website\"},\"datePublished\":\"2024-10-24T10:21:22+00:00\",\"dateModified\":\"2025-06-12T08:28:41+00:00\",\"description\":\"Enjoying LuckyCrush? Join over 50,000,000 strangers on TinyChat! Turn on your cam and start meeting new people, or find a match.\",\"breadcrumb\":{\"@id\":\"https:\\\/\\\/tinychat.com\\\/luckycrush\\\/#breadcrumb\"},\"inLanguage\":\"tr\",\"potentialAction\":[{\"@type\":\"ReadAction\",\"target\":[\"https:\\\/\\\/tinychat.com\\\/luckycrush\\\/\"]}]},{\"@type\":\"BreadcrumbList\",\"@id\":\"https:\\\/\\\/tinychat.com\\\/luckycrush\\\/#breadcrumb\",\"itemListElement\":[{\"@type\":\"ListItem\",\"position\":1,\"name\":\"Home\",\"item\":\"https:\\\/\\\/tinychat.com\\\/\"},{\"@type\":\"ListItem\",\"position\":2,\"name\":\"LuckyCrush\"}]},{\"@type\":\"WebSite\",\"@id\":\"https:\\\/\\\/tinychat.com\\\/#website\",\"url\":\"https:\\\/\\\/tinychat.com\\\/\",\"name\":\"TinyChat\",\"description\":\"Random Video Chat with Strangers\",\"publisher\":{\"@id\":\"https:\\\/\\\/tinychat.com\\\/#organization\"},\"alternateName\":\"TinyChat.com\",\"potentialAction\":[{\"@type\":\"SearchAction\",\"target\":{\"@type\":\"EntryPoint\",\"urlTemplate\":\"https:\\\/\\\/tinychat.com\\\/?s={search_term_string}\"},\"query-input\":{\"@type\":\"PropertyValueSpecification\",\"valueRequired\":true,\"valueName\":\"search_term_string\"}}],\"inLanguage\":\"tr\"},{\"@type\":\"Organization\",\"@id\":\"https:\\\/\\\/tinychat.com\\\/#organization\",\"name\":\"TinyChat\",\"alternateName\":\"TinyChat.com\",\"url\":\"https:\\\/\\\/tinychat.com\\\/\",\"logo\":{\"@type\":\"ImageObject\",\"inLanguage\":\"tr\",\"@id\":\"https:\\\/\\\/tinychat.com\\\/#\\\/schema\\\/logo\\\/image\\\/\",\"url\":\"https:\\\/\\\/tinychat.com\\\/wp-content\\\/uploads\\\/2023\\\/11\\\/Tinychat-icon-square.png\",\"contentUrl\":\"https:\\\/\\\/tinychat.com\\\/wp-content\\\/uploads\\\/2023\\\/11\\\/Tinychat-icon-square.png\",\"width\":284,\"height\":284,\"caption\":\"TinyChat\"},\"image\":{\"@id\":\"https:\\\/\\\/tinychat.com\\\/#\\\/schema\\\/logo\\\/image\\\/\"},\"sameAs\":[\"https:\\\/\\\/www.facebook.com\\\/tinychat\",\"https:\\\/\\\/x.com\\\/tinychat\"]}]}<\/script>\n<!-- \/ Yoast SEO plugin. -->","yoast_head_json":{"title":"LuckyCrush - K\u0131zlarla \u00c7evrimi\u00e7i G\u00f6r\u00fcnt\u00fcl\u00fc Sohbet Sitesi - TinyChat.com","description":"LuckyCrush'tan ho\u015flan\u0131yor musunuz? TinyChat'de 50.000.000'dan fazla yabanc\u0131ya kat\u0131l\u0131n! Kameran\u0131 a\u00e7 ve yeni insanlarla tan\u0131\u015fmaya ba\u015fla ya da bir e\u015f bul.","robots":{"index":"index","follow":"follow","max-snippet":"max-snippet:-1","max-image-preview":"max-image-preview:large","max-video-preview":"max-video-preview:-1"},"canonical":"https:\/\/tinychat.com\/tr\/luckycrush\/","og_locale":"tr_TR","og_type":"article","og_title":"LuckyCrush - Online Video Chat Website with Girls - TinyChat.com","og_description":"Enjoying LuckyCrush? Join over 50,000,000 strangers on TinyChat! Turn on your cam and start meeting new people, or find a match.","og_url":"https:\/\/tinychat.com\/tr\/luckycrush\/","og_site_name":"TinyChat","article_publisher":"https:\/\/www.facebook.com\/tinychat","article_modified_time":"2025-06-12T08:28:41+00:00","og_image":[{"width":1280,"height":284,"url":"https:\/\/tinychat.com\/wp-content\/uploads\/2020\/04\/Tinychat-logo-1280x284-new-black.png","type":"image\/png"}],"twitter_card":"summary_large_image","twitter_site":"@tinychat","twitter_misc":{"Tahmini okuma s\u00fcresi":"6 dakika"},"schema":{"@context":"https:\/\/schema.org","@graph":[{"@type":"WebPage","@id":"https:\/\/tinychat.com\/luckycrush\/","url":"https:\/\/tinychat.com\/luckycrush\/","name":"LuckyCrush - K\u0131zlarla \u00c7evrimi\u00e7i G\u00f6r\u00fcnt\u00fcl\u00fc Sohbet Sitesi - TinyChat.com","isPartOf":{"@id":"https:\/\/tinychat.com\/#website"},"datePublished":"2024-10-24T10:21:22+00:00","dateModified":"2025-06-12T08:28:41+00:00","description":"LuckyCrush'tan ho\u015flan\u0131yor musunuz? TinyChat'de 50.000.000'dan fazla yabanc\u0131ya kat\u0131l\u0131n! Kameran\u0131 a\u00e7 ve yeni insanlarla tan\u0131\u015fmaya ba\u015fla ya da bir e\u015f bul.","breadcrumb":{"@id":"https:\/\/tinychat.com\/luckycrush\/#breadcrumb"},"inLanguage":"tr","potentialAction":[{"@type":"ReadAction","target":["https:\/\/tinychat.com\/luckycrush\/"]}]},{"@type":"BreadcrumbList","@id":"https:\/\/tinychat.com\/luckycrush\/#breadcrumb","itemListElement":[{"@type":"ListItem","position":1,"name":"Home","item":"https:\/\/tinychat.com\/"},{"@type":"ListItem","position":2,"name":"LuckyCrush"}]},{"@type":"WebSite","@id":"https:\/\/tinychat.com\/#website","url":"https:\/\/tinychat.com\/","name":"TinyChat","description":"Yabanc\u0131larla Rastgele G\u00f6r\u00fcnt\u00fcl\u00fc Sohbet","publisher":{"@id":"https:\/\/tinychat.com\/#organization"},"alternateName":"TinyChat.com","potentialAction":[{"@type":"SearchAction","target":{"@type":"EntryPoint","urlTemplate":"https:\/\/tinychat.com\/?s={search_term_string}"},"query-input":{"@type":"PropertyValueSpecification","valueRequired":true,"valueName":"search_term_string"}}],"inLanguage":"tr"},{"@type":"Organization","@id":"https:\/\/tinychat.com\/#organization","name":"TinyChat","alternateName":"TinyChat.com","url":"https:\/\/tinychat.com\/","logo":{"@type":"ImageObject","inLanguage":"tr","@id":"https:\/\/tinychat.com\/#\/schema\/logo\/image\/","url":"https:\/\/tinychat.com\/wp-content\/uploads\/2023\/11\/Tinychat-icon-square.png","contentUrl":"https:\/\/tinychat.com\/wp-content\/uploads\/2023\/11\/Tinychat-icon-square.png","width":284,"height":284,"caption":"TinyChat"},"image":{"@id":"https:\/\/tinychat.com\/#\/schema\/logo\/image\/"},"sameAs":["https:\/\/www.facebook.com\/tinychat","https:\/\/x.com\/tinychat"]}]}},"_links":{"self":[{"href":"https:\/\/tinychat.com\/tr\/wp-json\/wp\/v2\/pages\/11954","targetHints":{"allow":["GET"]}}],"collection":[{"href":"https:\/\/tinychat.com\/tr\/wp-json\/wp\/v2\/pages"}],"about":[{"href":"https:\/\/tinychat.com\/tr\/wp-json\/wp\/v2\/types\/page"}],"author":[{"embeddable":true,"href":"https:\/\/tinychat.com\/tr\/wp-json\/wp\/v2\/users\/6"}],"replies":[{"embeddable":true,"href":"https:\/\/tinychat.com\/tr\/wp-json\/wp\/v2\/comments?post=11954"}],"version-history":[{"count":3,"href":"https:\/\/tinychat.com\/tr\/wp-json\/wp\/v2\/pages\/11954\/revisions"}],"predecessor-version":[{"id":13218,"href":"https:\/\/tinychat.com\/tr\/wp-json\/wp\/v2\/pages\/11954\/revisions\/13218"}],"wp:attachment":[{"href":"https:\/\/tinychat.com\/tr\/wp-json\/wp\/v2\/media?parent=11954"}],"curies":[{"name":"wp","href":"https:\/\/api.w.org\/{rel}","templated":true}]}}