{"id":12021,"date":"2025-08-07T10:51:13","date_gmt":"2025-08-07T08:51:13","guid":{"rendered":"https:\/\/tinychat.com\/?page_id=12021"},"modified":"2025-08-07T10:56:26","modified_gmt":"2025-08-07T08:56:26","slug":"omegle-alternative","status":"publish","type":"page","link":"https:\/\/tinychat.com\/tr\/omegle-alternative\/","title":{"rendered":"Omegle Alternatif"},"content":{"rendered":"<p>Omegle, y\u0131llarca yabanc\u0131larla metin veya video yoluyla an\u0131nda ba\u011flant\u0131 kurmak isteyen herkesin ba\u015fvurdu\u011fu bir platform oldu. Basitli\u011fi ve spontanl\u0131\u011f\u0131, milyonlarca insan\u0131n \u00e7evrimi\u00e7i yeni arkada\u015flar edinme \u015feklini de\u011fi\u015ftirdi. Ancak rastgele g\u00f6r\u00fcnt\u00fcl\u00fc sohbet d\u00fcnyas\u0131 geli\u015ftik\u00e7e, kullan\u0131c\u0131 beklentileri de geli\u015fti ve \u015fimdi bir\u00e7ok ki\u015fi daha g\u00fcvenli, daha ilgi \u00e7ekici bir Omegle alternatifi ar\u0131yor.<\/p>\n<p>\u0130ster botlardan b\u0131km\u0131\u015f olun, ister daha fazla \u00f6zellik ar\u0131yor olun ya da sadece bir topluluk gibi hissettiren bir platform istiyorsan\u0131z, bug\u00fcn d\u00fczinelerce Omegle alternatifi mevcut. Bunlar aras\u0131nda TinyChat, ger\u00e7ek sohbetler i\u00e7in daha zengin, daha etkile\u015fimli ve daha g\u00fcvenli bir alan sunan en iyilerden biri olarak \u00f6ne \u00e7\u0131k\u0131yor. \u0130\u015fte nedeni.<\/p>\n<h2>Neden Omegle Alternatifi Aramal\u0131s\u0131n\u0131z?<\/h2>\n<p>Omegle yeni bir \u00e7\u0131\u011f\u0131r a\u00e7t\u0131, ancak kusurlar\u0131 da yok de\u011fil. \u0130\u015fte bu y\u00fczden pek \u00e7ok kullan\u0131c\u0131 \u015fu anda en iyi Omegle alternatifinin pe\u015finde:<\/p>\n<ul>\n<li>Moderasyon eksikli\u011fi: Omegle botlar, spam ve uygunsuz i\u00e7erik nedeniyle k\u00f6t\u00fc \u015f\u00f6hretli hale geldi.<\/li>\n<li>Ger\u00e7ek bir topluluk yok: \u00c7o\u011fu sohbet k\u0131sa s\u00fcrelidir ve o an\u0131n \u00f6tesinde ba\u011flant\u0131 kurmak i\u00e7in \u00e7ok az f\u0131rsat vard\u0131r.<\/li>\n<li>S\u0131n\u0131rl\u0131 \u00f6zellikler: Grup sohbet odalar\u0131 yok, mobil destek zay\u0131f ve \u00e7ok az \u00f6zelle\u015ftirme se\u00e7ene\u011fi var.<\/li>\n<li>G\u00fcvenlik endi\u015feleri: Sa\u011flam kullan\u0131c\u0131 kontrolleri ve raporlama ara\u00e7lar\u0131 olmadan, bir\u00e7ok kullan\u0131c\u0131 (\u00f6zellikle kad\u0131nlar ve gen\u00e7ler) kendilerini g\u00fcvende hissetmemektedir.<\/li>\n<li>Temal\u0131 sohbetler yok: \u0130lgi alanlar\u0131n\u0131z\u0131 payla\u015fan veya belirli bir \u015fey hakk\u0131nda konu\u015fmak isteyen ki\u015fileri bulmak zordur.<\/li>\n<\/ul>\n<p>Bu nedenle TinyChat gibi platformlar pop\u00fclerlik kazanarak Omegle'de eksik olan her \u015feyi ve \u00e7ok daha fazlas\u0131n\u0131 sunuyor.<\/p>\n<h2>Omegle'yi Harika Bir Alternatif Yapan Nedir?<\/h2>\n<p>T\u00fcm rastgele g\u00f6r\u00fcnt\u00fcl\u00fc sohbet platformlar\u0131 e\u015fit yarat\u0131lmam\u0131\u015ft\u0131r. En iyi Omegle alternatifleri sunar:<\/p>\n<ul>\n<li>Daha g\u00fc\u00e7l\u00fc moderasyon ve raporlama ara\u00e7lar\u0131<\/li>\n<li>\u00c7oklu sohbet formatlar\u0131: metin, ses ve video, hem \u00f6zel hem de grup<\/li>\n<li>Konu tabanl\u0131 odalar ve topluluklar<\/li>\n<li>Mobil uygulamalar ve \u00e7apraz platform deste\u011fi<\/li>\n<li>Kullan\u0131c\u0131 \u00f6zelle\u015ftirmesi ve kontrol\u00fc<\/li>\n<li>Misafirperver, aktif bir kullan\u0131c\u0131 taban\u0131<\/li>\n<\/ul>\n<p>TinyChat t\u00fcm bu kutular\u0131 i\u015faretler ve \u00f6tesine ge\u00e7er.<\/p>\n<h2>TinyChat: Ger\u00e7ek G\u00f6r\u00fc\u015fmeler \u0130\u00e7in En \u0130yi Omegle Alternatifi<\/h2>\n<p>TinyChat y\u0131llard\u0131r \u00e7evrimi\u00e7i sohbetin temel dayanaklar\u0131ndan biri olmu\u015ftur, ancak son zamanlarda kendisini \u00f6nde gelen bir Omegle alternatifi olarak yeniden tasarlad\u0131 - rastgele sohbetin kendili\u011findenli\u011fini ger\u00e7ek bir \u00e7evrimi\u00e7i toplulu\u011fun derinli\u011fi ve g\u00fcvenli\u011fi ile harmanlad\u0131.<\/p>\n<h3>TinyChat'yi Di\u011ferlerinden Ay\u0131ran Nedir?<\/h3>\n<h4>1. Grup ve \u00d6zel G\u00f6r\u00fcnt\u00fcl\u00fc Sohbet Odalar\u0131<\/h4>\n<p>Omegle'nin saf bire bir rastgele e\u015fle\u015ftirmesinin aksine, TinyChat konulara, ilgi alanlar\u0131na ve hatta co\u011frafyaya g\u00f6re genel veya \u00f6zel g\u00f6r\u00fcnt\u00fcl\u00fc sohbet odalar\u0131na kat\u0131lman\u0131za olanak tan\u0131r. M\u00fczik, oyun, fl\u00f6rt, ak\u0131l sa\u011fl\u0131\u011f\u0131 hakk\u0131nda konu\u015fmak veya sadece yeni arkada\u015flarla rahatlamak m\u0131 istiyorsunuz? Bunun i\u00e7in bir oda var.<\/p>\n<h4>2. Daha G\u00fcvenli, Il\u0131ml\u0131 Deneyim<\/h4>\n<p>TinyChat, ortam\u0131 dostane ve g\u00fcvenli tutmak i\u00e7in aktif moderasyon ve kullan\u0131c\u0131 raporlama ara\u00e7lar\u0131 kullan\u0131r. Botlar, troller veya m\u00fcstehcen i\u00e7eriklerle kar\u015f\u0131la\u015fma olas\u0131l\u0131\u011f\u0131n\u0131z Omegle'ye k\u0131yasla \u00e7ok daha d\u00fc\u015f\u00fckt\u00fcr.<\/p>\n<h4>3. Metin, Ses ve Video-Se\u00e7iminiz<\/h4>\n<p>\u0130ster kameraya haz\u0131r olun, ister sadece yaz\u0131l\u0131 veya sesli sohbet etmek isteyin, TinyChat her \u00fc\u00e7 se\u00e7ene\u011fi de sunar. Nas\u0131l ba\u011flanaca\u011f\u0131n\u0131z\u0131 siz kontrol edersiniz ve tercih etti\u011finiz formatta odalara kat\u0131labilirsiniz.<\/p>\n<h4>4. Ba\u015flamak i\u00e7in Kay\u0131t Gerekmiyor<\/h4>\n<p>Bir sohbet odas\u0131na do\u011frudan misafir olarak girebilir veya daha fazla \u00f6zellik ve kendi odalar\u0131n\u0131z\u0131 olu\u015fturma yetene\u011fi i\u00e7in kaydolabilirsiniz.<\/p>\n<h4>5. Topluluk Havas\u0131<\/h4>\n<p>TinyChat sadece k\u0131sa sohbetler i\u00e7in bir yer de\u011fildir. Bir\u00e7ok kullan\u0131c\u0131 ger\u00e7ek arkada\u015flar ediniyor, ilgi alanlar\u0131na dayal\u0131 gruplar olu\u015fturuyor ve hatta etkinlikler d\u00fczenliyor. Bu, ya\u015fayan, nefes alan bir topluluktur - Omegle'nin sunamayaca\u011f\u0131 bir \u015fey.<\/p>\n<h4>6. \u00c7apraz Platform Deste\u011fi<\/h4>\n<p>TinyChat web, iOS ve Android \u00fczerinden kullan\u0131labilir; b\u00f6ylece hareket halindeyken herhangi bir cihazdan ba\u011flanabilirsiniz.<\/p>\n<h2>TinyChat Di\u011fer Omegle Alternatifleriyle Nas\u0131l Kar\u015f\u0131la\u015ft\u0131r\u0131l\u0131r?<\/h2>\n<table>\n<thead>\n<tr>\n<th>\u00d6zellik<\/th>\n<th>TinyChat<\/th>\n<th>Omegle<\/th>\n<th>Chatroulette<\/th>\n<th>Chatspin<\/th>\n<th>Camsurf<\/th>\n<\/tr>\n<\/thead>\n<tbody>\n<tr>\n<td>Grup g\u00f6r\u00fcnt\u00fcl\u00fc sohbet odalar\u0131<\/td>\n<td>\u2705<\/td>\n<td>\u274c<\/td>\n<td>\u274c<\/td>\n<td>\u274c<\/td>\n<td>\u274c<\/td>\n<\/tr>\n<tr>\n<td>Temal\u0131\/konulu sohbet odalar\u0131<\/td>\n<td>\u2705<\/td>\n<td>\u274c<\/td>\n<td>\u274c<\/td>\n<td>\u2705<\/td>\n<td>\u274c<\/td>\n<\/tr>\n<tr>\n<td>Metin, sesli ve g\u00f6r\u00fcnt\u00fcl\u00fc sohbet<\/td>\n<td>\u2705<\/td>\n<td>\u2705<\/td>\n<td>\u2705<\/td>\n<td>\u2705<\/td>\n<td>\u2705<\/td>\n<\/tr>\n<tr>\n<td>G\u00fc\u00e7l\u00fc \u0131l\u0131ml\u0131l\u0131k<\/td>\n<td>\u2705<\/td>\n<td>\u274c<\/td>\n<td>\u2705<\/td>\n<td>\u2705<\/td>\n<td>\u2705<\/td>\n<\/tr>\n<tr>\n<td>Mobil uygulamalar<\/td>\n<td>\u2705<\/td>\n<td>\u274c<\/td>\n<td>\u2705<\/td>\n<td>\u2705<\/td>\n<td>\u2705<\/td>\n<\/tr>\n<tr>\n<td>Topluluk ve etkinlikler<\/td>\n<td>\u2705<\/td>\n<td>\u274c<\/td>\n<td>\u274c<\/td>\n<td>\u274c<\/td>\n<td>\u274c<\/td>\n<\/tr>\n<tr>\n<td>Kay\u0131t gerekmiyor<\/td>\n<td>\u2705<\/td>\n<td>\u2705<\/td>\n<td>\u2705<\/td>\n<td>\u2705<\/td>\n<td>\u2705<\/td>\n<\/tr>\n<\/tbody>\n<\/table>\n<p>G\u00f6rd\u00fc\u011f\u00fcn\u00fcz gibi TinyChat, di\u011fer Omegle alternatiflerinin \u00e7o\u011fundan daha zengin, daha \u00f6zelle\u015ftirilebilir ve daha g\u00fcvenli bir deneyim sunuyor.<\/p>\n<h2>Kullan\u0131c\u0131lar Omegle Alternatifi Olarak TinyChat'yi Neden Seviyor?<\/h2>\n<ul>\n<li>Kiminle konu\u015ftu\u011funuz \u00fczerinde daha fazla kontrol: Bir oda se\u00e7in, bir gruba kat\u0131l\u0131n veya kendi odan\u0131z\u0131 olu\u015fturun; art\u0131k \"s\u0131radaki\" ruleti yok.<\/li>\n<li>\u0130lgi alanlar\u0131n\u0131z\u0131 payla\u015fan insanlarla tan\u0131\u015f\u0131n: M\u00fczik ve oyundan fl\u00f6rt ve ruh sa\u011fl\u0131\u011f\u0131na kadar, kalabal\u0131\u011f\u0131n\u0131z\u0131 bulun.<\/li>\n<li>Anonim kal\u0131n veya bir profil olu\u015fturun: Se\u00e7im sizin; gizlili\u011fe her zaman sayg\u0131 duyulur.<\/li>\n<li>Kendi h\u0131z\u0131n\u0131zda etkile\u015fime ge\u00e7in: \u00d6nce g\u00f6zlemleyin, metinle sohbet edin veya do\u011frudan videoya ge\u00e7in. TinyChat konfor seviyenize uyum sa\u011flar.<\/li>\n<li>Aktif, arkada\u015f canl\u0131s\u0131 topluluk: TinyChat, sadece gizlenmek veya trollemek de\u011fil, ger\u00e7ekten sohbet etmek isteyen insanlar\u0131 \u00e7eker.<\/li>\n<\/ul>\n<h2>TinyChat'den En \u0130yi \u015eekilde Yararlanmak \u0130\u00e7in \u0130pu\u00e7lar\u0131<\/h2>\n<ul>\n<li>Farkl\u0131 odalar\u0131 ke\u015ffedin: En sevdi\u011finiz alanlar\u0131 bulana kadar genel, \u00f6zel ve temal\u0131 odalar\u0131 deneyin.<\/li>\n<li>Utanga\u00e7 olmay\u0131n: Bir\u00e7ok kullan\u0131c\u0131 g\u00f6zlemci olarak ba\u015flar - kendinizi rahat hissetti\u011finizde kat\u0131l\u0131n.<\/li>\n<li>Ba\u015fkalar\u0131na sayg\u0131 g\u00f6sterin: Herkese nazik davran\u0131n ve k\u00f6t\u00fc davran\u0131\u015flar\u0131 rapor edin.<\/li>\n<li>Haz\u0131r oldu\u011funuzda video kullan\u0131n: G\u00f6r\u00fcnt\u00fcl\u00fc sohbet ger\u00e7ek ba\u011flant\u0131lar kurmak i\u00e7in harika bir yoldur, ancak her zaman iste\u011fe ba\u011fl\u0131d\u0131r.<\/li>\n<li>Kendi odan\u0131za ev sahipli\u011fi yapmay\u0131 deneyin: Sevdi\u011finiz konular hakk\u0131nda sohbet etmek i\u00e7in arkada\u015flar\u0131n\u0131z\u0131 veya yabanc\u0131lar\u0131 bir araya getirin.<\/li>\n<\/ul>\n<h2>TinyChat ve Di\u011fer Omegle Alternatiflerinde G\u00fcvende Kalmak<\/h2>\n<p>\u00c7o\u011fu insan e\u011flenmek, ba\u011flant\u0131 kurmak ve sohbet etmek i\u00e7in \u00e7evrimi\u00e7i olur; ancak bu \u00f6nemlidir:<\/p>\n<ul>\n<li>Ki\u015fisel bilgilerinizi (tam ad, adres, ileti\u015fim bilgileri) asla yabanc\u0131larla payla\u015fmay\u0131n.<\/li>\n<li>Kendinizi rahat hissedene kadar benzersiz bir takma ad veya misafir modu kullan\u0131n.<\/li>\n<li>Sizi huzursuz eden herhangi bir oday\u0131 veya sohbeti terk edin.<\/li>\n<li>K\u00f6t\u00fc davran\u0131\u015flar\u0131 bildirin - aktif moderat\u00f6rler yard\u0131m etmek i\u00e7in oradad\u0131r.<\/li>\n<li>Gen\u00e7ler ve daha gen\u00e7 kullan\u0131c\u0131lar i\u00e7in: ya\u015fa uygun odalara gidin ve t\u00fcm g\u00fcvenlik y\u00f6nergelerini okuyun.<\/li>\n<\/ul>\n<h2>\u00dccretsiz ya da \u00dccretli: Para Harcaman\u0131z Gerekiyor mu?<\/h2>\n<p>TinyChat'nin ana \u00f6zellikleri -odalara kat\u0131lma, sohbet, video ve ses- \u00fccretsizdir. Ekstra avantajlar (sanal hediyeler veya profil \u00f6zelle\u015ftirme gibi) i\u00e7in \u00fccretli y\u00fckseltmeler vard\u0131r, ancak temel deneyimin tad\u0131n\u0131 \u00e7\u0131karmak i\u00e7in bunlara ihtiyac\u0131n\u0131z yoktur. Bu ger\u00e7ek bir \u00fccretsiz Omegle alternatifi.<\/p>\n<h2>TinyChat Gibi Bir Omegle Alternatifi Ne Zaman Denenmelidir?<\/h2>\n<ul>\n<li>Rastgele bire bir sohbetten daha fazlas\u0131n\u0131 istedi\u011finizde<\/li>\n<li>G\u00fcvenli\u011fe, \u00f6l\u00e7\u00fcl\u00fcl\u00fc\u011fe ve toplulu\u011fa de\u011fer veriyorsan\u0131z<\/li>\n<li>\u0130lgi alan\u0131na dayal\u0131 sohbetler, etkinlikler veya grup konu\u015fmalar\u0131 i\u00e7in<\/li>\n<li>S\u0131k\u0131ld\u0131\u011f\u0131n\u0131zda, yaln\u0131z oldu\u011funuzda veya yeni insanlarla tan\u0131\u015fmay\u0131 merak etti\u011finizde<\/li>\n<li>Yeni bir heyecan ve daha olumlu bir \u00e7evrimi\u00e7i topluluk deneyimi ya\u015famak i\u00e7in<\/li>\n<\/ul>\n<p>Daha g\u00fcvenli, daha e\u011flenceli ve ger\u00e7ekten etkile\u015fimli bir Omegle alternatifi ar\u0131yorsan\u0131z, TinyChat en iyi se\u00e7ene\u011finizdir. Canl\u0131 sohbet odalar\u0131, aktif moderasyonu ve esnek sohbet se\u00e7enekleriyle, yabanc\u0131larla tan\u0131\u015fmak, arkada\u015f edinmek ve yeni topluluklar\u0131 ke\u015ffetmek i\u00e7in m\u00fckemmel bir yerdir - hepsi de deneyiminizin kontrol\u00fcn\u00fc elinizde tutarken.<\/p>\n<p>\u00c7evrimi\u00e7i sohbet oyununuzun seviyesini y\u00fckseltmeye haz\u0131r m\u0131s\u0131n\u0131z? Bug\u00fcn bir TinyChat odas\u0131na kat\u0131l\u0131n ve \u00e7evrimi\u00e7i yeni insanlarla ba\u011flant\u0131 kurman\u0131n en \u00f6d\u00fcllendirici yolunu ke\u015ffedin!<\/p>","protected":false},"excerpt":{"rendered":"<p>For years, Omegle was the go-to platform for anyone looking to connect instantly with strangers via text or video. Its simplicity and spontaneity changed the way millions of people made new friends online. But as the world of random video chat has evolved, so have user expectations\u2014and now, many people are searching for a safer, [&hellip;]<\/p>\n","protected":false},"author":8,"featured_media":0,"parent":0,"menu_order":0,"comment_status":"closed","ping_status":"closed","template":"","meta":{"footnotes":""},"class_list":["post-12021","page","type-page","status-publish","hentry"],"yoast_head":"<!-- This site is optimized with the Yoast SEO plugin v27.5 - https:\/\/yoast.com\/product\/yoast-seo-wordpress\/ -->\n<title>Omegle Alternative with Video Chat on TinyChat.com<\/title>\n<meta name=\"description\" content=\"Enjoying Omegle Alternative? Join over 50,000,000 strangers on TinyChat! Turn on your cam and start meeting new people, or find a match.\" \/>\n<meta name=\"robots\" content=\"index, follow, max-snippet:-1, max-image-preview:large, max-video-preview:-1\" \/>\n<link rel=\"canonical\" href=\"https:\/\/tinychat.com\/tr\/omegle-alternative\/\" \/>\n<meta property=\"og:locale\" content=\"tr_TR\" \/>\n<meta property=\"og:type\" content=\"article\" \/>\n<meta property=\"og:title\" content=\"Omegle Alternative with Video Chat on TinyChat.com\" \/>\n<meta property=\"og:description\" content=\"Enjoying Omegle Alternative? Join over 50,000,000 strangers on TinyChat! Turn on your cam and start meeting new people, or find a match.\" \/>\n<meta property=\"og:url\" content=\"https:\/\/tinychat.com\/tr\/omegle-alternative\/\" \/>\n<meta property=\"og:site_name\" content=\"TinyChat\" \/>\n<meta property=\"article:publisher\" content=\"https:\/\/www.facebook.com\/tinychat\" \/>\n<meta property=\"article:modified_time\" content=\"2025-08-07T08:56:26+00:00\" \/>\n<meta property=\"og:image\" content=\"https:\/\/tinychat.com\/wp-content\/uploads\/2020\/04\/Tinychat-logo-1280x284-new-black.png\" \/>\n\t<meta property=\"og:image:width\" content=\"1280\" \/>\n\t<meta property=\"og:image:height\" content=\"284\" \/>\n\t<meta property=\"og:image:type\" content=\"image\/png\" \/>\n<meta name=\"twitter:card\" content=\"summary_large_image\" \/>\n<meta name=\"twitter:site\" content=\"@tinychat\" \/>\n<meta name=\"twitter:label1\" content=\"Tahmini okuma s\u00fcresi\" \/>\n\t<meta name=\"twitter:data1\" content=\"5 dakika\" \/>\n<script type=\"application\/ld+json\" class=\"yoast-schema-graph\">{\"@context\":\"https:\\\/\\\/schema.org\",\"@graph\":[{\"@type\":\"WebPage\",\"@id\":\"https:\\\/\\\/tinychat.com\\\/omegle-alternative\\\/\",\"url\":\"https:\\\/\\\/tinychat.com\\\/omegle-alternative\\\/\",\"name\":\"Omegle Alternative with Video Chat on TinyChat.com\",\"isPartOf\":{\"@id\":\"https:\\\/\\\/tinychat.com\\\/#website\"},\"datePublished\":\"2025-08-07T08:51:13+00:00\",\"dateModified\":\"2025-08-07T08:56:26+00:00\",\"description\":\"Enjoying Omegle Alternative? Join over 50,000,000 strangers on TinyChat! Turn on your cam and start meeting new people, or find a match.\",\"breadcrumb\":{\"@id\":\"https:\\\/\\\/tinychat.com\\\/omegle-alternative\\\/#breadcrumb\"},\"inLanguage\":\"tr\",\"potentialAction\":[{\"@type\":\"ReadAction\",\"target\":[\"https:\\\/\\\/tinychat.com\\\/omegle-alternative\\\/\"]}]},{\"@type\":\"BreadcrumbList\",\"@id\":\"https:\\\/\\\/tinychat.com\\\/omegle-alternative\\\/#breadcrumb\",\"itemListElement\":[{\"@type\":\"ListItem\",\"position\":1,\"name\":\"Home\",\"item\":\"https:\\\/\\\/tinychat.com\\\/\"},{\"@type\":\"ListItem\",\"position\":2,\"name\":\"Omegle Alternative\"}]},{\"@type\":\"WebSite\",\"@id\":\"https:\\\/\\\/tinychat.com\\\/#website\",\"url\":\"https:\\\/\\\/tinychat.com\\\/\",\"name\":\"TinyChat\",\"description\":\"Random Video Chat with Strangers\",\"publisher\":{\"@id\":\"https:\\\/\\\/tinychat.com\\\/#organization\"},\"alternateName\":\"TinyChat.com\",\"potentialAction\":[{\"@type\":\"SearchAction\",\"target\":{\"@type\":\"EntryPoint\",\"urlTemplate\":\"https:\\\/\\\/tinychat.com\\\/?s={search_term_string}\"},\"query-input\":{\"@type\":\"PropertyValueSpecification\",\"valueRequired\":true,\"valueName\":\"search_term_string\"}}],\"inLanguage\":\"tr\"},{\"@type\":\"Organization\",\"@id\":\"https:\\\/\\\/tinychat.com\\\/#organization\",\"name\":\"TinyChat\",\"alternateName\":\"TinyChat.com\",\"url\":\"https:\\\/\\\/tinychat.com\\\/\",\"logo\":{\"@type\":\"ImageObject\",\"inLanguage\":\"tr\",\"@id\":\"https:\\\/\\\/tinychat.com\\\/#\\\/schema\\\/logo\\\/image\\\/\",\"url\":\"https:\\\/\\\/tinychat.com\\\/wp-content\\\/uploads\\\/2023\\\/11\\\/Tinychat-icon-square.png\",\"contentUrl\":\"https:\\\/\\\/tinychat.com\\\/wp-content\\\/uploads\\\/2023\\\/11\\\/Tinychat-icon-square.png\",\"width\":284,\"height\":284,\"caption\":\"TinyChat\"},\"image\":{\"@id\":\"https:\\\/\\\/tinychat.com\\\/#\\\/schema\\\/logo\\\/image\\\/\"},\"sameAs\":[\"https:\\\/\\\/www.facebook.com\\\/tinychat\",\"https:\\\/\\\/x.com\\\/tinychat\"]}]}<\/script>\n<!-- \/ Yoast SEO plugin. -->","yoast_head_json":{"title":"TinyChat.com'da G\u00f6r\u00fcnt\u00fcl\u00fc Sohbet ile Omegle Alternatifi","description":"Omegle Alternatifini be\u011feniyor musunuz? TinyChat'de 50.000.000'dan fazla yabanc\u0131ya kat\u0131l\u0131n! Kameran\u0131z\u0131 a\u00e7\u0131n ve yeni insanlarla tan\u0131\u015fmaya ba\u015flay\u0131n veya bir e\u015fle\u015fme bulun.","robots":{"index":"index","follow":"follow","max-snippet":"max-snippet:-1","max-image-preview":"max-image-preview:large","max-video-preview":"max-video-preview:-1"},"canonical":"https:\/\/tinychat.com\/tr\/omegle-alternative\/","og_locale":"tr_TR","og_type":"article","og_title":"Omegle Alternative with Video Chat on TinyChat.com","og_description":"Enjoying Omegle Alternative? Join over 50,000,000 strangers on TinyChat! Turn on your cam and start meeting new people, or find a match.","og_url":"https:\/\/tinychat.com\/tr\/omegle-alternative\/","og_site_name":"TinyChat","article_publisher":"https:\/\/www.facebook.com\/tinychat","article_modified_time":"2025-08-07T08:56:26+00:00","og_image":[{"width":1280,"height":284,"url":"https:\/\/tinychat.com\/wp-content\/uploads\/2020\/04\/Tinychat-logo-1280x284-new-black.png","type":"image\/png"}],"twitter_card":"summary_large_image","twitter_site":"@tinychat","twitter_misc":{"Tahmini okuma s\u00fcresi":"5 dakika"},"schema":{"@context":"https:\/\/schema.org","@graph":[{"@type":"WebPage","@id":"https:\/\/tinychat.com\/omegle-alternative\/","url":"https:\/\/tinychat.com\/omegle-alternative\/","name":"TinyChat.com'da G\u00f6r\u00fcnt\u00fcl\u00fc Sohbet ile Omegle Alternatifi","isPartOf":{"@id":"https:\/\/tinychat.com\/#website"},"datePublished":"2025-08-07T08:51:13+00:00","dateModified":"2025-08-07T08:56:26+00:00","description":"Omegle Alternatifini be\u011feniyor musunuz? TinyChat'de 50.000.000'dan fazla yabanc\u0131ya kat\u0131l\u0131n! Kameran\u0131z\u0131 a\u00e7\u0131n ve yeni insanlarla tan\u0131\u015fmaya ba\u015flay\u0131n veya bir e\u015fle\u015fme bulun.","breadcrumb":{"@id":"https:\/\/tinychat.com\/omegle-alternative\/#breadcrumb"},"inLanguage":"tr","potentialAction":[{"@type":"ReadAction","target":["https:\/\/tinychat.com\/omegle-alternative\/"]}]},{"@type":"BreadcrumbList","@id":"https:\/\/tinychat.com\/omegle-alternative\/#breadcrumb","itemListElement":[{"@type":"ListItem","position":1,"name":"Home","item":"https:\/\/tinychat.com\/"},{"@type":"ListItem","position":2,"name":"Omegle Alternative"}]},{"@type":"WebSite","@id":"https:\/\/tinychat.com\/#website","url":"https:\/\/tinychat.com\/","name":"TinyChat","description":"Yabanc\u0131larla Rastgele G\u00f6r\u00fcnt\u00fcl\u00fc Sohbet","publisher":{"@id":"https:\/\/tinychat.com\/#organization"},"alternateName":"TinyChat.com","potentialAction":[{"@type":"SearchAction","target":{"@type":"EntryPoint","urlTemplate":"https:\/\/tinychat.com\/?s={search_term_string}"},"query-input":{"@type":"PropertyValueSpecification","valueRequired":true,"valueName":"search_term_string"}}],"inLanguage":"tr"},{"@type":"Organization","@id":"https:\/\/tinychat.com\/#organization","name":"TinyChat","alternateName":"TinyChat.com","url":"https:\/\/tinychat.com\/","logo":{"@type":"ImageObject","inLanguage":"tr","@id":"https:\/\/tinychat.com\/#\/schema\/logo\/image\/","url":"https:\/\/tinychat.com\/wp-content\/uploads\/2023\/11\/Tinychat-icon-square.png","contentUrl":"https:\/\/tinychat.com\/wp-content\/uploads\/2023\/11\/Tinychat-icon-square.png","width":284,"height":284,"caption":"TinyChat"},"image":{"@id":"https:\/\/tinychat.com\/#\/schema\/logo\/image\/"},"sameAs":["https:\/\/www.facebook.com\/tinychat","https:\/\/x.com\/tinychat"]}]}},"_links":{"self":[{"href":"https:\/\/tinychat.com\/tr\/wp-json\/wp\/v2\/pages\/12021","targetHints":{"allow":["GET"]}}],"collection":[{"href":"https:\/\/tinychat.com\/tr\/wp-json\/wp\/v2\/pages"}],"about":[{"href":"https:\/\/tinychat.com\/tr\/wp-json\/wp\/v2\/types\/page"}],"author":[{"embeddable":true,"href":"https:\/\/tinychat.com\/tr\/wp-json\/wp\/v2\/users\/8"}],"replies":[{"embeddable":true,"href":"https:\/\/tinychat.com\/tr\/wp-json\/wp\/v2\/comments?post=12021"}],"version-history":[{"count":2,"href":"https:\/\/tinychat.com\/tr\/wp-json\/wp\/v2\/pages\/12021\/revisions"}],"predecessor-version":[{"id":13417,"href":"https:\/\/tinychat.com\/tr\/wp-json\/wp\/v2\/pages\/12021\/revisions\/13417"}],"wp:attachment":[{"href":"https:\/\/tinychat.com\/tr\/wp-json\/wp\/v2\/media?parent=12021"}],"curies":[{"name":"wp","href":"https:\/\/api.w.org\/{rel}","templated":true}]}}