{"id":12071,"date":"2025-08-11T08:47:15","date_gmt":"2025-08-11T06:47:15","guid":{"rendered":"https:\/\/tinychat.com\/?page_id=12071"},"modified":"2025-08-11T09:25:19","modified_gmt":"2025-08-11T07:25:19","slug":"callmechat","status":"publish","type":"page","link":"https:\/\/tinychat.com\/tr\/callmechat\/","title":{"rendered":"Callmechat"},"content":{"rendered":"<p>Sosyal medya ak\u0131\u015flar\u0131n\u0131n giderek daha k\u00fcrat\u00f6rl\u00fc ve \u00f6ng\u00f6r\u00fclebilir hale geldi\u011fi g\u00fcn\u00fcm\u00fcz dijital ortam\u0131nda, Callmechat canland\u0131r\u0131c\u0131 bir alternatif sunuyor. Cilal\u0131 profillere g\u00f6z atmak veya i\u00e7erik algoritmalar\u0131n\u0131 takip etmek yerine, Callmechat do\u011frudan, ger\u00e7ek zamanl\u0131 insan ba\u011flant\u0131s\u0131na odaklan\u0131r - sizi birka\u00e7 saniye i\u00e7inde d\u00fcnyan\u0131n d\u00f6rt bir yan\u0131ndan yabanc\u0131larla y\u00fcz y\u00fcze getirir.<\/p>\n<p>\u0130ster s\u0131radan bir sohbet ar\u0131yor, ister yabanc\u0131 dil prati\u011fi yap\u0131yor, yeni k\u00fclt\u00fcrler ke\u015ffediyor, hatta romantik bir k\u0131v\u0131lc\u0131m umuyor olun, Callmechat filtrelenmemi\u015f, \u00f6zg\u00fcn bir \u015fekilde \u00e7evrimi\u00e7i insanlarla tan\u0131\u015fmay\u0131 kolayla\u015ft\u0131r\u0131r.<\/p>\n<p>Bu derinlemesine k\u0131lavuz, Callmechat'nin ne oldu\u011funu, \u00f6zelliklerini, g\u00fcvenlik ara\u00e7lar\u0131n\u0131, nas\u0131l kullan\u0131laca\u011f\u0131n\u0131 ve di\u011fer rastgele g\u00f6r\u00fcnt\u00fcl\u00fc sohbet platformlar\u0131yla nas\u0131l kar\u015f\u0131la\u015ft\u0131r\u0131ld\u0131\u011f\u0131n\u0131 ara\u015ft\u0131r\u0131yor.<\/p>\n<h2>Callmechat Nedir?<\/h2>\n<p>Callmechat, kullan\u0131c\u0131lar\u0131 canl\u0131 video, ses ve iste\u011fe ba\u011fl\u0131 metin mesajla\u015fma yoluyla an\u0131nda birbirine ba\u011flayan rastgele bir g\u00f6r\u00fcnt\u00fcl\u00fc sohbet platformudur. T\u0131pk\u0131 Omegle, Chatroulette veya ChatHub gibi, spontane etkile\u015fimler i\u00e7in tasarlanm\u0131\u015ft\u0131r - ancak daha iyi bir genel deneyim olu\u015fturmak i\u00e7in modern ak\u0131\u015f teknolojisi, daha temiz bir aray\u00fcz ve ek g\u00fcvenlik \u00f6nlemleri kullan\u0131r.<\/p>\n<p>Uzun kay\u0131t i\u015flemleri veya karma\u015f\u0131k ayarlar gerekmeden tek bir t\u0131klama veya dokunu\u015fla sohbetlere kat\u0131labilirsiniz. Bu basitlik, Callmechat'yi ilk kez kullanacaklardan her g\u00fcn kimlerle tan\u0131\u015facaklar\u0131n\u0131 g\u00f6rmek isteyen m\u00fcdavimlere kadar geni\u015f bir kullan\u0131c\u0131 kitlesine hitap eder hale getirdi.<\/p>\n<h2>Callmechat'nin Temel \u00d6zellikleri<\/h2>\n<p>Callmechat e\u011flence, g\u00fcvenlik ve kullan\u0131m kolayl\u0131\u011f\u0131 dengesi ile tasarlanm\u0131\u015ft\u0131r ve rastgele g\u00f6r\u00fcnt\u00fcl\u00fc sohbetle ilgilenen herkes i\u00e7in sa\u011flam bir se\u00e7imdir.<\/p>\n<h3>1. An\u0131nda Rastgele E\u015fle\u015ftirme<\/h3>\n<ul>\n<li>D\u00fcnyan\u0131n her yerinden yabanc\u0131larla saniyeler i\u00e7inde ba\u011flant\u0131 kurun.<\/li>\n<li>Kuyruk yok, beklemek yok; sadece dokunun ve sohbete ba\u015flay\u0131n.<\/li>\n<li>Ortam uygun de\u011filse hemen bir sonraki ki\u015fiye ge\u00e7in.<\/li>\n<\/ul>\n<h3>2. Konum ve Cinsiyet Filtreleri<\/h3>\n<ul>\n<li>Ma\u00e7lar\u0131n\u0131za odaklanmak i\u00e7in belirli b\u00f6lgeler se\u00e7in.<\/li>\n<li>Daha ki\u015fiselle\u015ftirilmi\u015f bir deneyim i\u00e7in cinsiyete g\u00f6re filtreleyin.<\/li>\n<li>\u0130ste\u011fe ba\u011fl\u0131 - tam rastgelelik i\u00e7in filtreleri kapal\u0131 b\u0131rak\u0131n.<\/li>\n<\/ul>\n<h3>3. Entegre Metin Sohbeti<\/h3>\n<ul>\n<li>Video ak\u0131\u015f\u0131n\u0131z\u0131n yan\u0131 s\u0131ra metin yoluyla sohbet edin.<\/li>\n<li>H\u0131zl\u0131 notlar, \u00e7eviriler veya ba\u011flant\u0131lar payla\u015fmak i\u00e7in m\u00fckemmeldir.<\/li>\n<\/ul>\n<h3>4. Arkada\u015fl\u0131k ve Yeniden Ba\u011flanma Se\u00e7ene\u011fi<\/h3>\n<ul>\n<li>Konu\u015fmaktan keyif ald\u0131\u011f\u0131n\u0131z ki\u015fileri ekleyin, b\u00f6ylece tekrar ba\u011flant\u0131 kurabilirsiniz.<\/li>\n<li>\u0130kinci bir bulu\u015fma i\u00e7in tesad\u00fcflere bel ba\u011flamaya gerek yok.<\/li>\n<\/ul>\n<h3>5. E\u011flenceli G\u00f6rsel Efektler<\/h3>\n<ul>\n<li>Buzlar\u0131 k\u0131rmak i\u00e7in maskeler, \u00e7\u0131kartmalar ve AR filtreleri kullan\u0131n.<\/li>\n<li>Konu\u015fmalar\u0131n\u0131za mizah veya stil kat\u0131n.<\/li>\n<\/ul>\n<h3>6. G\u00fcvenlik ve Gizlilik Ara\u00e7lar\u0131<\/h3>\n<ul>\n<li>Bulan\u0131k \u00d6nizleme Modu, videonun tamam\u0131n\u0131 g\u00f6stermeden \u00f6nce bir siluet g\u00f6rmenizi sa\u011flar.<\/li>\n<li>H\u0131zl\u0131 raporlama ve engelleme d\u00fc\u011fmeleri her zaman kullan\u0131labilir.<\/li>\n<li>Uygunsuz davran\u0131\u015flar\u0131 ele almak i\u00e7in aktif moderasyon ekibi.<\/li>\n<\/ul>\n<h3>7. Platformlar Aras\u0131 Eri\u015filebilirlik<\/h3>\n<ul>\n<li>Masa\u00fcst\u00fc taray\u0131c\u0131larda ve mobil cihazlarda sorunsuz \u00e7al\u0131\u015f\u0131r.<\/li>\n<li>Her ekran boyutu i\u00e7in duyarl\u0131 aray\u00fcz.<\/li>\n<\/ul>\n<h2>Callmechat Nas\u0131l Kullan\u0131l\u0131r<\/h2>\n<p>Callmechat'nin g\u00fc\u00e7l\u00fc y\u00f6nlerinden biri de acemi dostu kurulumudur.<\/p>\n<h3>Ad\u0131m 1: Platforma Eri\u015fim<\/h3>\n<ul>\n<li>Masa\u00fcst\u00fc veya mobil cihazlarda resmi Callmechat web sitesini ziyaret edin.<\/li>\n<li>Baz\u0131 b\u00f6lgelerde uygulama ma\u011fazalar\u0131 \u00fczerinden uygulama eri\u015fimi de vard\u0131r.<\/li>\n<\/ul>\n<h3>Ad\u0131m 2: Ayarlar\u0131n\u0131z\u0131 Yap\u0131n<\/h3>\n<ul>\n<li>Tercih etti\u011finiz konumu se\u00e7in veya genel olarak b\u0131rak\u0131n.<\/li>\n<li>\u0130sterseniz cinsiyet filtresini se\u00e7in.<\/li>\n<li>Ekstra g\u00fcvenlik i\u00e7in bulan\u0131kl\u0131k \u00f6nizlemesini etkinle\u015ftirin.<\/li>\n<\/ul>\n<h3>Ad\u0131m 3: Sohbete Ba\u015flay\u0131n<\/h3>\n<ul>\n<li>Ba\u015flat'a t\u0131klay\u0131n ve an\u0131nda e\u015fle\u015fin.<\/li>\n<li>\u0130stedi\u011finiz zaman yeni bir e\u015fle\u015fmeye ge\u00e7mek i\u00e7in \u0130leri d\u00fc\u011fmesini kullan\u0131n.<\/li>\n<\/ul>\n<h3>Ad\u0131m 4: Arkada\u015f Ekleme veya Gezinmeye Devam Etme<\/h3>\n<ul>\n<li>\u0130lgin\u00e7 ki\u015fileri arkada\u015f listenize kaydedin.<\/li>\n<li>Yeni insanlarla istedi\u011finiz kadar sohbet etmeye devam edin.<\/li>\n<\/ul>\n<h2>Callmechat'de Kullan\u0131c\u0131 Deneyimi<\/h2>\n<p>Callmechat'nin p\u00fcr\u00fczs\u00fcz aray\u00fcz\u00fc ve d\u00fc\u015f\u00fck giri\u015f bariyeri, sad\u0131k bir kullan\u0131c\u0131 taban\u0131 kazanmas\u0131na yard\u0131mc\u0131 oldu.<\/p>\n<h3>Kullan\u0131c\u0131lar Neyi Sever<\/h3>\n<ul>\n<li>H\u0131zl\u0131 kurulum-zorunlu kay\u0131t yok.<\/li>\n<li>Minimum gecikme ile istikrarl\u0131 video kalitesi.<\/li>\n<li>Daha alakal\u0131 e\u015fle\u015fmeler i\u00e7in \u00f6zelle\u015ftirilebilir filtreler.<\/li>\n<li>Bulan\u0131k \u00f6nizleme gibi g\u00fcvenlik se\u00e7enekleri.<\/li>\n<li>Cihazlar aras\u0131nda \u00e7al\u0131\u015fan basit aray\u00fcz.<\/li>\n<\/ul>\n<h3>Yayg\u0131n Dezavantajlar<\/h3>\n<ul>\n<li>Baz\u0131 filtreler premium eri\u015fim gerektirebilir.<\/li>\n<li>Belirli zaman dilimlerinde daha k\u00fc\u00e7\u00fck kullan\u0131c\u0131 taban\u0131.<\/li>\n<li>\u00c7ok dilli sohbetler i\u00e7in yerle\u015fik \u00e7eviriden yoksundur.<\/li>\n<li>Uygulaman\u0131n kullan\u0131labilirli\u011fi \u00fclkeye g\u00f6re de\u011fi\u015febilir.<\/li>\n<\/ul>\n<h2>Callmechat vs Di\u011fer Rastgele G\u00f6r\u00fcnt\u00fcl\u00fc Sohbet Platformlar\u0131<\/h2>\n<table>\n<thead>\n<tr>\n<th>\u00d6zellik<\/th>\n<th>Callmechat<\/th>\n<th>OmegleWeb<\/th>\n<th>ChatHub<\/th>\n<th>Camloo<\/th>\n<th>LuckyCrush<\/th>\n<th>Azar<\/th>\n<\/tr>\n<\/thead>\n<tbody>\n<tr>\n<td>Rastgele G\u00f6r\u00fcnt\u00fcl\u00fc Sohbet<\/td>\n<td>Evet<\/td>\n<td>Evet<\/td>\n<td>Evet<\/td>\n<td>Evet<\/td>\n<td>Evet<\/td>\n<td>Evet<\/td>\n<\/tr>\n<tr>\n<td>Cinsiyet\/Konum Filtreleri<\/td>\n<td>Evet<\/td>\n<td>\u26a0\ufe0f Limited<\/td>\n<td>Evet<\/td>\n<td>Evet<\/td>\n<td>Evet<\/td>\n<td>Evet<\/td>\n<\/tr>\n<tr>\n<td>Bulan\u0131kl\u0131k \u00d6nizleme Modu<\/td>\n<td>Evet<\/td>\n<td>\u274c Hay\u0131r<\/td>\n<td>Evet<\/td>\n<td>Evet<\/td>\n<td>\u274c Hay\u0131r<\/td>\n<td>Evet<\/td>\n<\/tr>\n<tr>\n<td>E\u011flenceli Efektler\/Filtreler<\/td>\n<td>Evet<\/td>\n<td>\u274c Hay\u0131r<\/td>\n<td>Evet<\/td>\n<td>Evet<\/td>\n<td>\u274c Hay\u0131r<\/td>\n<td>Evet<\/td>\n<\/tr>\n<tr>\n<td>Arkada\u015f Sistemi<\/td>\n<td>Evet<\/td>\n<td>\u274c Hay\u0131r<\/td>\n<td>Evet<\/td>\n<td>Evet<\/td>\n<td>Evet<\/td>\n<td>Evet<\/td>\n<\/tr>\n<tr>\n<td>\u00c7eviri<\/td>\n<td>\u274c Hay\u0131r<\/td>\n<td>\u274c Hay\u0131r<\/td>\n<td>\u274c Hay\u0131r<\/td>\n<td>\u274c Hay\u0131r<\/td>\n<td>\u274c Hay\u0131r<\/td>\n<td>Evet<\/td>\n<\/tr>\n<tr>\n<td>\u00c7apraz Platform<\/td>\n<td>Evet<\/td>\n<td>Evet<\/td>\n<td>Evet<\/td>\n<td>Evet<\/td>\n<td>Evet<\/td>\n<td>Evet<\/td>\n<\/tr>\n<\/tbody>\n<\/table>\n<p>\u00d6zet: Callmechat sa\u011flam bir \u00f6zellik, gizlilik ara\u00e7lar\u0131 ve performans dengesi sunarak g\u00fcvenlikten \u00f6d\u00fcn vermeden h\u0131zl\u0131, karma\u015f\u0131k olmayan rastgele sohbetler yapmak isteyen kullan\u0131c\u0131lar i\u00e7in m\u00fckemmel bir se\u00e7imdir.<\/p>\n<h2>Callmechat G\u00fcvenli mi?<\/h2>\n<p>Yes-Callmechat kullan\u0131c\u0131 g\u00fcvenli\u011fini ciddiye al\u0131r:<\/p>\n<ul>\n<li>Yapay zeka tabanl\u0131 moderasyon a\u00e7\u0131k i\u00e7erikleri filtreler.<\/li>\n<li>Engelleme\/raporlama ara\u00e7lar\u0131 her zaman kullan\u0131labilir.<\/li>\n<li>Bulan\u0131kla\u015ft\u0131rma modu, siz onaylayana kadar videonuzu gizli tutar.<\/li>\n<li>Anonim olarak sohbet edebilirsiniz - ki\u015fisel bilgilerinizi a\u00e7\u0131klaman\u0131za gerek yoktur.<\/li>\n<\/ul>\n<h3>G\u00fcvenlik \u0130pu\u00e7lar\u0131<\/h3>\n<ul>\n<li>Konumunuzu veya ki\u015fisel bilgilerinizi payla\u015fmaktan ka\u00e7\u0131n\u0131n.<\/li>\n<li>\u0130lk izlenimler i\u00e7in bulan\u0131kl\u0131k modunu kullan\u0131n.<\/li>\n<li>Uygunsuz davran\u0131\u015flar\u0131 derhal bildirin.<\/li>\n<li>Ebeveynler k\u00fc\u00e7\u00fck kullan\u0131c\u0131lar\u0131 denetlemelidir.<\/li>\n<\/ul>\n<h2>Callmechat'den En \u0130yi \u015eekilde Yararlanmak \u0130\u00e7in \u0130pu\u00e7lar\u0131<\/h2>\n<ul>\n<li>K\u00fclt\u00fcrel ba\u011flant\u0131lar\u0131n\u0131z\u0131 geni\u015fletmek i\u00e7in k\u00fcresel modu kullan\u0131n.<\/li>\n<li>Hedefli e\u015fle\u015fmeler istedi\u011finizde filtreleri a\u00e7\u0131n.<\/li>\n<li>Daha fazla kullan\u0131c\u0131 etkinli\u011fi i\u00e7in yo\u011fun zamanlarda oturum a\u00e7\u0131n.<\/li>\n<li>Etkile\u015fimleri daha e\u011flenceli hale getirmek i\u00e7in efektlerle oynay\u0131n.<\/li>\n<li>Daha iyi bir video izlenimi i\u00e7in ayd\u0131nlatmay\u0131 iyi tutun.<\/li>\n<li>Kurallar\u0131 ihlal edenleri bildirerek toplulu\u011fa yard\u0131mc\u0131 olun.<\/li>\n<\/ul>\n<h2>Yayg\u0131n Callmechat Sorunlar\u0131 ve \u00c7\u00f6z\u00fcmleri<\/h2>\n<h3>Kamera\/Mikrofon \u00c7al\u0131\u015fm\u0131yor<\/h3>\n<p>Taray\u0131c\u0131n\u0131zda veya uygulama ayarlar\u0131n\u0131zda izinlere izin verin.<\/p>\n<h3>K\u00f6t\u00fc Video Kalitesi<\/h3>\n<p>Sabit bir Wi-Fi ba\u011flant\u0131s\u0131 kullan\u0131n ve arka plandaki uygulamalar\u0131 kapat\u0131n.<\/p>\n<h3>Filtreler Uygulanm\u0131yor<\/h3>\n<p>Oturum a\u00e7\u0131n ve gerekirse premium \u00f6zelliklere eri\u015febildi\u011finizden emin olun.<\/p>\n<h3>Sald\u0131rgan Kullan\u0131c\u0131larla Kar\u015f\u0131la\u015fma<\/h3>\n<p>Engelleyin, raporlay\u0131n ve hemen bir sonraki ma\u00e7a ge\u00e7in.<\/p>\n<p>Basit, g\u00fcvenli ve ilgi \u00e7ekici bir rastgele g\u00f6r\u00fcnt\u00fcl\u00fc sohbet deneyimi istiyorsan\u0131z, Callmechat bunu sa\u011flar. Hile ile a\u015f\u0131r\u0131 y\u00fcklenmez - h\u0131zl\u0131 e\u015fle\u015ftirme, iyi gizlilik ara\u00e7lar\u0131 ve temiz tasar\u0131ma odaklan\u0131r, bu da bir\u00e7ok insan\u0131n bu t\u00fcr bir platformda tam olarak istedi\u011fi \u015feydir.<\/p>\n<p>Piyasadaki her geli\u015fmi\u015f \u00f6zelli\u011fe sahip olmasa da, zaman\u0131n\u0131z\u0131 keyifli ve e\u015fle\u015fmelerinizi anlaml\u0131 k\u0131lmak i\u00e7in yeterli i\u015flevsellik sunar. \u0130ster h\u0131zl\u0131 bir sohbet i\u00e7in ister yeni bir ba\u011flant\u0131 kurmak i\u00e7in burada olun, Callmechat rastgele sohbet dizinize sa\u011flam bir ektir.<\/p>\n<p>Ba\u015flamaya haz\u0131r m\u0131s\u0131n\u0131z? Callmechat'yi ziyaret edin, ba\u015fla d\u00fc\u011fmesine bas\u0131n ve bir sonraki sohbetinizin sizi nereye g\u00f6t\u00fcrece\u011fini g\u00f6r\u00fcn.<\/p>","protected":false},"excerpt":{"rendered":"<p>In today\u2019s digital landscape, where social media feeds are increasingly curated and predictable, Callmechat offers a refreshing alternative. Instead of browsing polished profiles or following content algorithms, Callmechat focuses on direct, real-time human connection\u2014putting you face-to-face with strangers from around the globe in a matter of seconds. Whether you\u2019re looking for casual conversation, practicing a [&hellip;]<\/p>\n","protected":false},"author":6,"featured_media":0,"parent":0,"menu_order":0,"comment_status":"closed","ping_status":"closed","template":"","meta":{"footnotes":""},"class_list":["post-12071","page","type-page","status-publish","hentry"],"yoast_head":"<!-- This site is optimized with the Yoast SEO plugin v27.5 - https:\/\/yoast.com\/product\/yoast-seo-wordpress\/ -->\n<title>Callmechat - Alternative to OmeTV &amp; Monkey App - TinyChat.com<\/title>\n<meta name=\"description\" content=\"Enjoying Callmechat? Join over 50,000,000 strangers on TinyChat! Turn on your cam and start meeting new people, or find a match.\" \/>\n<meta name=\"robots\" content=\"index, follow, max-snippet:-1, max-image-preview:large, max-video-preview:-1\" \/>\n<link rel=\"canonical\" href=\"https:\/\/tinychat.com\/tr\/callmechat\/\" \/>\n<meta property=\"og:locale\" content=\"tr_TR\" \/>\n<meta property=\"og:type\" content=\"article\" \/>\n<meta property=\"og:title\" content=\"Callmechat - Alternative to OmeTV &amp; Monkey App - TinyChat.com\" \/>\n<meta property=\"og:description\" content=\"Enjoying Callmechat? Join over 50,000,000 strangers on TinyChat! Turn on your cam and start meeting new people, or find a match.\" \/>\n<meta property=\"og:url\" content=\"https:\/\/tinychat.com\/tr\/callmechat\/\" \/>\n<meta property=\"og:site_name\" content=\"TinyChat\" \/>\n<meta property=\"article:publisher\" content=\"https:\/\/www.facebook.com\/tinychat\" \/>\n<meta property=\"article:modified_time\" content=\"2025-08-11T07:25:19+00:00\" \/>\n<meta property=\"og:image\" content=\"https:\/\/tinychat.com\/wp-content\/uploads\/2020\/04\/Tinychat-logo-1280x284-new-black.png\" \/>\n\t<meta property=\"og:image:width\" content=\"1280\" \/>\n\t<meta property=\"og:image:height\" content=\"284\" \/>\n\t<meta property=\"og:image:type\" content=\"image\/png\" \/>\n<meta name=\"twitter:card\" content=\"summary_large_image\" \/>\n<meta name=\"twitter:site\" content=\"@tinychat\" \/>\n<meta name=\"twitter:label1\" content=\"Tahmini okuma s\u00fcresi\" \/>\n\t<meta name=\"twitter:data1\" content=\"5 dakika\" \/>\n<script type=\"application\/ld+json\" class=\"yoast-schema-graph\">{\"@context\":\"https:\\\/\\\/schema.org\",\"@graph\":[{\"@type\":\"WebPage\",\"@id\":\"https:\\\/\\\/tinychat.com\\\/callmechat\\\/\",\"url\":\"https:\\\/\\\/tinychat.com\\\/callmechat\\\/\",\"name\":\"Callmechat - Alternative to OmeTV & Monkey App - TinyChat.com\",\"isPartOf\":{\"@id\":\"https:\\\/\\\/tinychat.com\\\/#website\"},\"datePublished\":\"2025-08-11T06:47:15+00:00\",\"dateModified\":\"2025-08-11T07:25:19+00:00\",\"description\":\"Enjoying Callmechat? Join over 50,000,000 strangers on TinyChat! Turn on your cam and start meeting new people, or find a match.\",\"breadcrumb\":{\"@id\":\"https:\\\/\\\/tinychat.com\\\/callmechat\\\/#breadcrumb\"},\"inLanguage\":\"tr\",\"potentialAction\":[{\"@type\":\"ReadAction\",\"target\":[\"https:\\\/\\\/tinychat.com\\\/callmechat\\\/\"]}]},{\"@type\":\"BreadcrumbList\",\"@id\":\"https:\\\/\\\/tinychat.com\\\/callmechat\\\/#breadcrumb\",\"itemListElement\":[{\"@type\":\"ListItem\",\"position\":1,\"name\":\"Home\",\"item\":\"https:\\\/\\\/tinychat.com\\\/\"},{\"@type\":\"ListItem\",\"position\":2,\"name\":\"Callmechat\"}]},{\"@type\":\"WebSite\",\"@id\":\"https:\\\/\\\/tinychat.com\\\/#website\",\"url\":\"https:\\\/\\\/tinychat.com\\\/\",\"name\":\"TinyChat\",\"description\":\"Random Video Chat with Strangers\",\"publisher\":{\"@id\":\"https:\\\/\\\/tinychat.com\\\/#organization\"},\"alternateName\":\"TinyChat.com\",\"potentialAction\":[{\"@type\":\"SearchAction\",\"target\":{\"@type\":\"EntryPoint\",\"urlTemplate\":\"https:\\\/\\\/tinychat.com\\\/?s={search_term_string}\"},\"query-input\":{\"@type\":\"PropertyValueSpecification\",\"valueRequired\":true,\"valueName\":\"search_term_string\"}}],\"inLanguage\":\"tr\"},{\"@type\":\"Organization\",\"@id\":\"https:\\\/\\\/tinychat.com\\\/#organization\",\"name\":\"TinyChat\",\"alternateName\":\"TinyChat.com\",\"url\":\"https:\\\/\\\/tinychat.com\\\/\",\"logo\":{\"@type\":\"ImageObject\",\"inLanguage\":\"tr\",\"@id\":\"https:\\\/\\\/tinychat.com\\\/#\\\/schema\\\/logo\\\/image\\\/\",\"url\":\"https:\\\/\\\/tinychat.com\\\/wp-content\\\/uploads\\\/2023\\\/11\\\/Tinychat-icon-square.png\",\"contentUrl\":\"https:\\\/\\\/tinychat.com\\\/wp-content\\\/uploads\\\/2023\\\/11\\\/Tinychat-icon-square.png\",\"width\":284,\"height\":284,\"caption\":\"TinyChat\"},\"image\":{\"@id\":\"https:\\\/\\\/tinychat.com\\\/#\\\/schema\\\/logo\\\/image\\\/\"},\"sameAs\":[\"https:\\\/\\\/www.facebook.com\\\/tinychat\",\"https:\\\/\\\/x.com\\\/tinychat\"]}]}<\/script>\n<!-- \/ Yoast SEO plugin. -->","yoast_head_json":{"title":"Callmechat - OmeTV ve Monkey App'ye Alternatif - TinyChat.com","description":"Callmechat'yi be\u011fendiniz mi? TinyChat'de 50.000.000'dan fazla yabanc\u0131ya kat\u0131l\u0131n! Kameran\u0131z\u0131 a\u00e7\u0131n ve yeni insanlarla tan\u0131\u015fmaya ba\u015flay\u0131n veya bir e\u015fle\u015fme bulun.","robots":{"index":"index","follow":"follow","max-snippet":"max-snippet:-1","max-image-preview":"max-image-preview:large","max-video-preview":"max-video-preview:-1"},"canonical":"https:\/\/tinychat.com\/tr\/callmechat\/","og_locale":"tr_TR","og_type":"article","og_title":"Callmechat - Alternative to OmeTV & Monkey App - TinyChat.com","og_description":"Enjoying Callmechat? Join over 50,000,000 strangers on TinyChat! Turn on your cam and start meeting new people, or find a match.","og_url":"https:\/\/tinychat.com\/tr\/callmechat\/","og_site_name":"TinyChat","article_publisher":"https:\/\/www.facebook.com\/tinychat","article_modified_time":"2025-08-11T07:25:19+00:00","og_image":[{"width":1280,"height":284,"url":"https:\/\/tinychat.com\/wp-content\/uploads\/2020\/04\/Tinychat-logo-1280x284-new-black.png","type":"image\/png"}],"twitter_card":"summary_large_image","twitter_site":"@tinychat","twitter_misc":{"Tahmini okuma s\u00fcresi":"5 dakika"},"schema":{"@context":"https:\/\/schema.org","@graph":[{"@type":"WebPage","@id":"https:\/\/tinychat.com\/callmechat\/","url":"https:\/\/tinychat.com\/callmechat\/","name":"Callmechat - OmeTV ve Monkey App'ye Alternatif - TinyChat.com","isPartOf":{"@id":"https:\/\/tinychat.com\/#website"},"datePublished":"2025-08-11T06:47:15+00:00","dateModified":"2025-08-11T07:25:19+00:00","description":"Callmechat'yi be\u011fendiniz mi? TinyChat'de 50.000.000'dan fazla yabanc\u0131ya kat\u0131l\u0131n! Kameran\u0131z\u0131 a\u00e7\u0131n ve yeni insanlarla tan\u0131\u015fmaya ba\u015flay\u0131n veya bir e\u015fle\u015fme bulun.","breadcrumb":{"@id":"https:\/\/tinychat.com\/callmechat\/#breadcrumb"},"inLanguage":"tr","potentialAction":[{"@type":"ReadAction","target":["https:\/\/tinychat.com\/callmechat\/"]}]},{"@type":"BreadcrumbList","@id":"https:\/\/tinychat.com\/callmechat\/#breadcrumb","itemListElement":[{"@type":"ListItem","position":1,"name":"Home","item":"https:\/\/tinychat.com\/"},{"@type":"ListItem","position":2,"name":"Callmechat"}]},{"@type":"WebSite","@id":"https:\/\/tinychat.com\/#website","url":"https:\/\/tinychat.com\/","name":"TinyChat","description":"Yabanc\u0131larla Rastgele G\u00f6r\u00fcnt\u00fcl\u00fc Sohbet","publisher":{"@id":"https:\/\/tinychat.com\/#organization"},"alternateName":"TinyChat.com","potentialAction":[{"@type":"SearchAction","target":{"@type":"EntryPoint","urlTemplate":"https:\/\/tinychat.com\/?s={search_term_string}"},"query-input":{"@type":"PropertyValueSpecification","valueRequired":true,"valueName":"search_term_string"}}],"inLanguage":"tr"},{"@type":"Organization","@id":"https:\/\/tinychat.com\/#organization","name":"TinyChat","alternateName":"TinyChat.com","url":"https:\/\/tinychat.com\/","logo":{"@type":"ImageObject","inLanguage":"tr","@id":"https:\/\/tinychat.com\/#\/schema\/logo\/image\/","url":"https:\/\/tinychat.com\/wp-content\/uploads\/2023\/11\/Tinychat-icon-square.png","contentUrl":"https:\/\/tinychat.com\/wp-content\/uploads\/2023\/11\/Tinychat-icon-square.png","width":284,"height":284,"caption":"TinyChat"},"image":{"@id":"https:\/\/tinychat.com\/#\/schema\/logo\/image\/"},"sameAs":["https:\/\/www.facebook.com\/tinychat","https:\/\/x.com\/tinychat"]}]}},"_links":{"self":[{"href":"https:\/\/tinychat.com\/tr\/wp-json\/wp\/v2\/pages\/12071","targetHints":{"allow":["GET"]}}],"collection":[{"href":"https:\/\/tinychat.com\/tr\/wp-json\/wp\/v2\/pages"}],"about":[{"href":"https:\/\/tinychat.com\/tr\/wp-json\/wp\/v2\/types\/page"}],"author":[{"embeddable":true,"href":"https:\/\/tinychat.com\/tr\/wp-json\/wp\/v2\/users\/6"}],"replies":[{"embeddable":true,"href":"https:\/\/tinychat.com\/tr\/wp-json\/wp\/v2\/comments?post=12071"}],"version-history":[{"count":4,"href":"https:\/\/tinychat.com\/tr\/wp-json\/wp\/v2\/pages\/12071\/revisions"}],"predecessor-version":[{"id":13434,"href":"https:\/\/tinychat.com\/tr\/wp-json\/wp\/v2\/pages\/12071\/revisions\/13434"}],"wp:attachment":[{"href":"https:\/\/tinychat.com\/tr\/wp-json\/wp\/v2\/media?parent=12071"}],"curies":[{"name":"wp","href":"https:\/\/api.w.org\/{rel}","templated":true}]}}