{"id":12310,"date":"2025-08-04T11:29:50","date_gmt":"2025-08-04T09:29:50","guid":{"rendered":"https:\/\/tinychat.com\/?page_id=12310"},"modified":"2025-08-04T11:57:45","modified_gmt":"2025-08-04T09:57:45","slug":"mirami","status":"publish","type":"page","link":"https:\/\/tinychat.com\/tr\/mirami\/","title":{"rendered":"Mirami"},"content":{"rendered":"<p>Gizlili\u011fin, ger\u00e7ek zamanl\u0131 ba\u011flant\u0131lar\u0131n ve basitli\u011fin her zamankinden daha de\u011ferli oldu\u011fu g\u00fcn\u00fcm\u00fcz dijital \u00e7a\u011f\u0131nda, eski sosyal medya veya karma\u015f\u0131k uygulamalar\u0131n y\u00fck\u00fc olmadan bu ihtiya\u00e7lar\u0131 kar\u015f\u0131lamak i\u00e7in yeni platformlar ortaya \u00e7\u0131k\u0131yor. mirami.chat adresinde bulunan Mirami, rastgele \u00e7evrimi\u00e7i sohbet d\u00fcnyas\u0131na yap\u0131lan en heyecan verici, kullan\u0131c\u0131 odakl\u0131 eklemelerden biridir ve yabanc\u0131larla tan\u0131\u015fmak, arkada\u015f edinmek veya sadece ger\u00e7ek sohbeti deneyimlemek isteyen insanlar i\u00e7in kolayla\u015ft\u0131r\u0131lm\u0131\u015f, gizlilik \u00f6ncelikli bir ortam sunar.<\/p>\n<p>Mirami, g\u00f6r\u00fcnt\u00fcl\u00fc ve yaz\u0131l\u0131 sohbetin zarif kar\u0131\u015f\u0131m\u0131, kay\u0131ts\u0131z politikas\u0131 ve g\u00fcvenlik, kapsay\u0131c\u0131l\u0131k ve k\u00fcresel eri\u015fime verdi\u011fi g\u00fc\u00e7l\u00fc \u00f6nemle \u00f6ne \u00e7\u0131k\u0131yor. \u0130ster e\u011flenmek i\u00e7in sohbet etmek, ister destek bulmak, yeni k\u00fclt\u00fcrler hakk\u0131nda bilgi edinmek veya sadece orada kimlerin oldu\u011funu g\u00f6rmek isteyin, Mirami.chat spontane ve g\u00fcvenli bir \u00e7evrimi\u00e7i deneyim sunar - her zaman \u00fccretsiz, her zaman anonim.<\/p>\n<p>Bu derinlemesine k\u0131lavuzda, Mirami hakk\u0131nda her \u015feyi ke\u015ffedeceksiniz: nedir, nas\u0131l \u00e7al\u0131\u015f\u0131r, temel \u00f6zellikleri, kullan\u0131c\u0131 deneyimi, gizlilik ve g\u00fcvenlik, \u00f6nde gelen sohbet platformlar\u0131yla kar\u015f\u0131la\u015ft\u0131rmalar, sorun giderme ve her oturumdan en iyi \u015fekilde yararlanmak i\u00e7in profesyonel ipu\u00e7lar\u0131.<\/p>\n<h2>Mirami Nedir?<\/h2>\n<p>Mirami, d\u00fcnyan\u0131n her yerinden insanlar\u0131 g\u00f6r\u00fcnt\u00fcl\u00fc veya yaz\u0131l\u0131 sohbetler yoluyla - tamamen anonim ve kay\u0131t olmadan - birbirine ba\u011flamak i\u00e7in tasarlanm\u0131\u015f yeni nesil bir rastgele sohbet platformudur. T\u0131pk\u0131 Omegle, Chatrandom veya ChatHub gibi, Mirami de spontane sohbetler i\u00e7in yabanc\u0131lar\u0131 bire bir \u00f6zel odalarda bir araya getirir.<\/p>\n<p>Ancak Mirami kendisini di\u011ferlerinden ay\u0131r\u0131r:<\/p>\n<ul>\n<li>Yeni, modern bir kullan\u0131c\u0131 aray\u00fcz\u00fc<\/li>\n<li>Reklam veya uygulama y\u00fcklemesi gerekmez<\/li>\n<li>Kullan\u0131c\u0131 gizlili\u011fine ve moderasyona g\u00fc\u00e7l\u00fc ba\u011fl\u0131l\u0131k<\/li>\n<li>Hem video hem de sadece metin se\u00e7enekleri<\/li>\n<li>Ak\u0131ll\u0131 filtreleme (dil, konum ve ilgi alanlar\u0131)<\/li>\n<li>S\u0131f\u0131r kay\u0131t, s\u0131f\u0131r ki\u015fisel veri gerekli<\/li>\n<\/ul>\n<p>Mirami'nin misyonu, arkada\u015fl\u0131k, fl\u00f6rt, destek veya sadece merak i\u00e7in olsun, yabanc\u0131lar aras\u0131nda ger\u00e7ek sohbetler i\u00e7in \u00e7evrimi\u00e7i olarak en g\u00fcvenli, en kolay ve en e\u011flenceli yer olmakt\u0131r.<\/p>\n<h2>Mirami Sohbetin Temel \u00d6zellikleri<\/h2>\n<p>Mirami'nin cazibesi, temel \u00f6zellikleri ve kullan\u0131c\u0131 korumalar\u0131n\u0131 dikkatli bir \u015fekilde harmanlamas\u0131nda yat\u0131yor:<\/p>\n<h3>1. An\u0131nda Rastgele G\u00f6r\u00fcnt\u00fcl\u00fc ve Metin Sohbeti<\/h3>\n<ul>\n<li>Saniyeler i\u00e7inde ba\u011flan\u0131n: Kaydolman\u0131za veya form doldurman\u0131za gerek yok. Sadece t\u0131klay\u0131n ve sohbet edin.<\/li>\n<li>Video veya metin: Metinle ba\u015flay\u0131n ve rahat oldu\u011funuzda videoya ge\u00e7in veya tercih ederseniz yaln\u0131zca metin olarak kal\u0131n.<\/li>\n<\/ul>\n<h3>2. Kay\u0131t veya Ki\u015fisel Bilgi Gerekmez<\/h3>\n<ul>\n<li>100% anonim: Hi\u00e7bir zaman bir isim, e-posta veya sosyal medya profili sa\u011flaman\u0131z gerekmez.<\/li>\n<li>Gizlili\u011fe odaklan\u0131n: Mirami asla veri istemez ve konu\u015fmalar\u0131 kaydetmez.<\/li>\n<\/ul>\n<h3>3. Geli\u015fmi\u015f Filtreleme<\/h3>\n<ul>\n<li>Dil ve konum filtreleri: Kendi dilinizi konu\u015fan veya belirli bir \u00fclke ya da b\u00f6lgeden olan ki\u015filerle ba\u011flant\u0131 kurun.<\/li>\n<li>\u0130lgi alan\u0131 etiketleri: Benzer d\u00fc\u015f\u00fcnen kullan\u0131c\u0131larla e\u015fle\u015fmek i\u00e7in iste\u011fe ba\u011fl\u0131 olarak ilgi alanlar\u0131n\u0131 se\u00e7in.<\/li>\n<\/ul>\n<h3>4. Basit, Modern Aray\u00fcz<\/h3>\n<ul>\n<li>Temiz ve sezgisel: Site, net bir tasar\u0131m ve h\u0131zl\u0131 performansla hem masa\u00fcst\u00fc hem de mobil taray\u0131c\u0131larda sorunsuz bir \u015fekilde \u00e7al\u0131\u015f\u0131r.<\/li>\n<li>Reklams\u0131z: Pop-up, banner veya izleme olmadan dikkat da\u011f\u0131tmayan sohbetin keyfini \u00e7\u0131kar\u0131n.<\/li>\n<\/ul>\n<h3>5. G\u00fcvenli ve Sayg\u0131l\u0131 Toplum<\/h3>\n<ul>\n<li>Aktif moderasyon: Otomatik ve insan moderat\u00f6rler k\u00f6t\u00fcye kullan\u0131m, spam ve botlar\u0131 engellemek i\u00e7in \u00e7al\u0131\u015f\u0131r.<\/li>\n<li>H\u0131zl\u0131 raporlama\/engelleme \u00f6zellikleri: Rahats\u0131z edici konu\u015fmalar\u0131 an\u0131nda sonland\u0131r\u0131n ve yolunuza devam edin.<\/li>\n<\/ul>\n<h3>6. Sohbet Kay\u0131tlar\u0131 veya Veri Saklama Yok<\/h3>\n<ul>\n<li>Sohbetler ge\u00e7icidir: Sohbeti terk etti\u011finizde veya kapatt\u0131\u011f\u0131n\u0131zda, her \u015fey kaybolur - Mirami'nin sunucular\u0131nda hi\u00e7bir \u015fey kaydedilmez.<\/li>\n<\/ul>\n<h3>7. Herkes i\u00e7in \u00dccretsiz<\/h3>\n<ul>\n<li>Gizli \u00fccret veya \u00f6deme duvar\u0131 yok: T\u00fcm \u00f6zellikler \u00f6deme veya y\u00fckseltme olmadan kullan\u0131labilir.<\/li>\n<\/ul>\n<h2>Mirami Nas\u0131l Kullan\u0131l\u0131r<\/h2>\n<p>Mirami, m\u00fcmk\u00fcn olan en eri\u015filebilir rastgele sohbet deneyimi olacak \u015fekilde tasarlanm\u0131\u015ft\u0131r. \u0130\u015fte nas\u0131l ba\u015flayaca\u011f\u0131n\u0131z:<\/p>\n<h3>Ad\u0131m 1: Mirami Web Sitesini Ziyaret Edin<\/h3>\n<p>Herhangi bir web taray\u0131c\u0131s\u0131nda (masa\u00fcst\u00fc veya mobil) mirami.chat adresini a\u00e7\u0131n.<\/p>\n<h3>Ad\u0131m 2: Sohbet Modunuzu Se\u00e7in<\/h3>\n<ul>\n<li>Metin Sohbeti: Utanga\u00e7 kullan\u0131c\u0131lar veya \u00f6zel konu\u015fmalar i\u00e7in idealdir.<\/li>\n<li>G\u00f6r\u00fcnt\u00fcl\u00fc Sohbet: Ger\u00e7ek y\u00fcz y\u00fcze sohbetler i\u00e7in kamera ve mikrofon izinlerini etkinle\u015ftirin.<\/li>\n<\/ul>\n<h3>Ad\u0131m 3: Filtreleri Ayarlay\u0131n (\u0130ste\u011fe Ba\u011fl\u0131)<\/h3>\n<ul>\n<li>Daha alakal\u0131 e\u015fle\u015fmeler i\u00e7in dilinizi veya \u00fclkenizi se\u00e7in.<\/li>\n<li>Varsa ilgi etiketlerini se\u00e7in.<\/li>\n<\/ul>\n<h3>Ad\u0131m 4: Sohbete Ba\u015flay\u0131n<\/h3>\n<ul>\n<li>Bir yabanc\u0131yla an\u0131nda ba\u011flant\u0131 kuracaks\u0131n\u0131z.<\/li>\n<li>Merhaba deyin, sohbet ba\u015flat\u0131n veya ilgi alanlar\u0131n\u0131z\u0131 payla\u015f\u0131n.<\/li>\n<\/ul>\n<h3>Ad\u0131m 5: Sonland\u0131r veya Devam Et<\/h3>\n<ul>\n<li>\u0130stedi\u011finiz zaman yeni bir kullan\u0131c\u0131ya ge\u00e7mek i\u00e7in \u0130leri d\u00fc\u011fmesini kullan\u0131n.<\/li>\n<li>Bir sohbet iyi gidiyorsa, istedi\u011finiz kadar sohbetin tad\u0131n\u0131 \u00e7\u0131kar\u0131n.<\/li>\n<\/ul>\n<h3>Ad\u0131m 6: Raporlay\u0131n veya Engelleyin (Gerekiyorsa)<\/h3>\n<ul>\n<li>Birisi uygunsuz davran\u0131yorsa, raporlama\/engelleme arac\u0131n\u0131 kullan\u0131n-Mirami moderat\u00f6rleri ihlalcileri kald\u0131rmak i\u00e7in h\u0131zl\u0131 hareket eder.<\/li>\n<\/ul>\n<h2>Mirami'de Kullan\u0131c\u0131 Deneyimi<\/h2>\n<p>Mirami'nin yakla\u015f\u0131m\u0131 tamamen kolayl\u0131k, gizlilik ve ger\u00e7ek ba\u011flant\u0131 ile ilgilidir:<\/p>\n<h3>Kullan\u0131c\u0131lar Neyi Seviyor?<\/h3>\n<ul>\n<li>Kay\u0131t zahmeti yok: Saniyeler i\u00e7inde sohbet etmeye ba\u015flay\u0131n, form veya hesap yok.<\/li>\n<li>Reklams\u0131z, temiz aray\u00fcz: Dikkat da\u011f\u0131t\u0131c\u0131 veya kesinti yok.<\/li>\n<li>Mobil ve masa\u00fcst\u00fc i\u00e7in optimize edilmi\u015ftir: Her cihazda sorunsuz, p\u00fcr\u00fczs\u00fcz bir deneyim.<\/li>\n<li>Hem video hem de metin se\u00e7enekleri: Rahatl\u0131k ve kat\u0131l\u0131m seviyenizi se\u00e7in.<\/li>\n<li>H\u0131zl\u0131 moderasyon: Troller ve spamlar nadirdir ve h\u0131zl\u0131 bir \u015fekilde ele al\u0131n\u0131r.<\/li>\n<li>Ak\u0131ll\u0131 filtreler: Ba\u011flant\u0131 kurma olas\u0131l\u0131\u011f\u0131n\u0131z\u0131n daha y\u00fcksek oldu\u011fu ki\u015fileri bulman\u0131za yard\u0131mc\u0131 olur.<\/li>\n<li>G\u00fc\u00e7l\u00fc gizlilik: Kay\u0131t yok, izleme yok, hi\u00e7bir veri depolanmad\u0131.<\/li>\n<\/ul>\n<h3>Kullan\u0131c\u0131lar\u0131n \u0130yile\u015ftirme \u0130\u00e7in Yer G\u00f6rd\u00fc\u011f\u00fc Noktalar<\/h3>\n<ul>\n<li>Grup sohbeti yok (\u015fu anda sadece bire bir).<\/li>\n<li>G\u00f6r\u00fcnt\u00fcl\u00fc sohbet i\u00e7in taray\u0131c\u0131 kamera\/mikrofon izinleri gerekir.<\/li>\n<li>Kullan\u0131c\u0131 taban\u0131 dalgalanabilir - ak\u015famlar\u0131\/hafta sonlar\u0131 daha fazla kullan\u0131c\u0131 \u00e7evrimi\u00e7i olur.<\/li>\n<li>Baz\u0131 \u00f6zellikler (\u00f6rne\u011fin, ilgi etiketleri) geli\u015ftirme a\u015famas\u0131ndad\u0131r ve de\u011fi\u015fiklik g\u00f6sterebilir.<\/li>\n<\/ul>\n<h3>Ger\u00e7ek Kullan\u0131c\u0131 Geri Bildirimi<\/h3>\n<blockquote><p>\"Mirami, rastgele sohbetin olmas\u0131 gereken \u015feydir - sa\u00e7mal\u0131k yok, kay\u0131t yok ve asl\u0131nda her yerden ger\u00e7ek insanlarla tan\u0131\u015fabilirsiniz.\"<br \/>\n- <em>James P., Trustpilot<\/em><\/p><\/blockquote>\n<blockquote><p>\"\u0130ngilizce pratik yapmak ve Avrupa ve Asya'dan arkada\u015flarla tan\u0131\u015fmak i\u00e7in kullan\u0131yorum. S\u00fcper kolay, rahats\u0131z edici reklamlar yok.\"<br \/>\n- <em>Lina W., Google Yorumlar\u0131<\/em><\/p><\/blockquote>\n<blockquote><p>\"H\u0131zl\u0131, \u00f6zel ve di\u011fer sohbet sitelerinin \u00e7o\u011fundan \u00e7ok daha temiz.\"<br \/>\n- <em>Oscar R., App Store<\/em><\/p><\/blockquote>\n<h2>Mirami vs. Di\u011fer Rastgele Sohbet Platformlar\u0131<\/h2>\n<p>Mirami, alandaki en iyi isimlere kar\u015f\u0131 nas\u0131l bir performans sergiliyor?<\/p>\n<table>\n<thead>\n<tr>\n<th>\u00d6zellik<\/th>\n<th>Mirami<\/th>\n<th>OmegleWeb<\/th>\n<th>ChatHub<\/th>\n<th>Chatiwi<\/th>\n<th>StrangerCam<\/th>\n<th>Chatrandom<\/th>\n<\/tr>\n<\/thead>\n<tbody>\n<tr>\n<td>Kay\u0131t Gerekmiyor<\/td>\n<td>Evet<\/td>\n<td>Evet<\/td>\n<td>Evet<\/td>\n<td>Evet<\/td>\n<td>Evet<\/td>\n<td>Evet<\/td>\n<\/tr>\n<tr>\n<td>G\u00f6r\u00fcnt\u00fcl\u00fc ve Metin Sohbeti<\/td>\n<td>\u2705 Her ikisi de<\/td>\n<td>\u2705 Her ikisi de<\/td>\n<td>\u2705 Her ikisi de<\/td>\n<td>\u274c Metin<\/td>\n<td>\u2705 Her ikisi de<\/td>\n<td>\u2705 Her ikisi de<\/td>\n<\/tr>\n<tr>\n<td>Reklam\/\u0130zleme Yok<\/td>\n<td>Evet<\/td>\n<td>\u274c Hay\u0131r<\/td>\n<td>\u274c Hay\u0131r<\/td>\n<td>Evet<\/td>\n<td>\u26a0\ufe0f Limited<\/td>\n<td>\u274c Hay\u0131r<\/td>\n<\/tr>\n<tr>\n<td>U\u00e7tan Uca Gizlilik<\/td>\n<td>Evet<\/td>\n<td>\u274c Hay\u0131r<\/td>\n<td>\u26a0\ufe0f K\u0131smi<\/td>\n<td>Evet<\/td>\n<td>\u26a0\ufe0f K\u0131smi<\/td>\n<td>\u274c Hay\u0131r<\/td>\n<\/tr>\n<tr>\n<td>\u0130lgi Alan\u0131\/Konum Filtreleri<\/td>\n<td>Evet<\/td>\n<td>Evet<\/td>\n<td>Evet<\/td>\n<td>Evet<\/td>\n<td>Evet<\/td>\n<td>Evet<\/td>\n<\/tr>\n<tr>\n<td>Grup Sohbeti<\/td>\n<td>\u274c Hay\u0131r<\/td>\n<td>\u274c Hay\u0131r<\/td>\n<td>Evet<\/td>\n<td>Evet<\/td>\n<td>\u274c Hay\u0131r<\/td>\n<td>Evet<\/td>\n<\/tr>\n<tr>\n<td>Aktif Moderasyon<\/td>\n<td>Evet<\/td>\n<td>Evet<\/td>\n<td>Evet<\/td>\n<td>Evet<\/td>\n<td>Evet<\/td>\n<td>Evet<\/td>\n<\/tr>\n<tr>\n<td>Mobil Dostu<\/td>\n<td>Evet<\/td>\n<td>Evet<\/td>\n<td>Evet<\/td>\n<td>Evet<\/td>\n<td>Evet<\/td>\n<td>Evet<\/td>\n<\/tr>\n<\/tbody>\n<\/table>\n<p>\u00d6zet: Mirami, modern, reklams\u0131z tasar\u0131m\u0131, bire bir odaklanma, ger\u00e7ek gizlilik ve an\u0131nda eri\u015fim \u00f6zellikleriyle dikkat \u00e7ekiyor; dikkat da\u011f\u0131tmayan, g\u00fcvenli ve keyifli bir sohbet deneyimi isteyen kullan\u0131c\u0131lar i\u00e7in m\u00fckemmel.<\/p>\n<h2>Mirami G\u00fcvenli mi?<\/h2>\n<p>Mirami'de g\u00fcvenlik ve gizlilik en \u00f6nemli \u00f6nceliklerdir:<\/p>\n<ul>\n<li>Kay\u0131t yok, ki\u015fisel bilgi toplanm\u0131yor<\/li>\n<li>Veri kay\u0131tlar\u0131 veya konu\u015fma ge\u00e7mi\u015fi saklanmaz<\/li>\n<li>T\u00fcm sohbetler i\u00e7in u\u00e7tan uca gizlilik<\/li>\n<li>Anl\u0131k rapor\/blok \u00f6zellikleri<\/li>\n<li>Aktif otomatik ve insan moderasyonu<\/li>\n<\/ul>\n<h3>G\u00fcvenlik \u0130pu\u00e7lar\u0131<\/h3>\n<ul>\n<li>Ger\u00e7ek ad\u0131n\u0131z\u0131, adresinizi veya hassas bilgilerinizi asla payla\u015fmay\u0131n.<\/li>\n<li>\u00dclkenizden veya sizin dilinizi konu\u015fan kullan\u0131c\u0131larla e\u015fle\u015fmek i\u00e7in filtreleri kullan\u0131n.<\/li>\n<li>Sizi rahats\u0131z eden herhangi bir sohbeti sonland\u0131r\u0131n veya bildirin.<\/li>\n<li>\u0130\u00e7g\u00fcd\u00fclerinize g\u00fcvenin ve anonimli\u011fin \u00f6zg\u00fcrl\u00fc\u011f\u00fcn\u00fcn tad\u0131n\u0131 \u00e7\u0131kar\u0131n.<\/li>\n<\/ul>\n<h2>Mirami'den En \u0130yi \u015eekilde Yararlanmak \u0130\u00e7in \u0130pu\u00e7lar\u0131<\/h2>\n<ul>\n<li>Dost\u00e7a bir selamlama ile ba\u015flay\u0131n: Daha fazla sohbete yol a\u00e7ar.<\/li>\n<li>Dil\/\u00fclke filtreleri ile denemeler yap\u0131n: Yeni diller \u00f6\u011frenin veya yerel halkla ba\u011flant\u0131 kurun.<\/li>\n<li>Anonim kal\u0131n: 100% rahat olmad\u0131\u011f\u0131n\u0131z s\u00fcrece ki\u015fisel bilgilerinizi gizli tutun.<\/li>\n<li>Metin ve video aras\u0131nda ge\u00e7i\u015f yap\u0131n: Ruh halinize ve rahat\u0131n\u0131za hangisi uygunsa onu kullan\u0131n.<\/li>\n<li>Rapor et\/engelle d\u00fc\u011fmesini kullan\u0131n: Mirami'nin toplulu\u011funu g\u00fcvende tutmaya yard\u0131mc\u0131 olun.<\/li>\n<li>Hem masa\u00fcst\u00fc hem de mobil cihazlarda deneyin: T\u00fcm cihazlar\u0131n\u0131zda sorunsuz bir deneyimin keyfini \u00e7\u0131kar\u0131n.<\/li>\n<li>Farkl\u0131 zamanlarda kontrol edin: En yo\u011fun faaliyetler genellikle ak\u015famlar\u0131 ve hafta sonlar\u0131d\u0131r.<\/li>\n<\/ul>\n<h2>Yayg\u0131n Mirami Sorunlar\u0131n\u0131 Giderme<\/h2>\n<h3>G\u00f6r\u00fcnt\u00fcl\u00fc Sohbet Ba\u015flat\u0131lam\u0131yor<\/h3>\n<p>Taray\u0131c\u0131 izinlerini kontrol edin ve kameran\u0131z ile mikrofonunuza eri\u015fime izin verin.<\/p>\n<h3>Kullan\u0131c\u0131lar Ba\u011flanam\u0131yor veya Bulunam\u0131yor<\/h3>\n<p>Farkl\u0131 filtreler kullanmay\u0131 deneyin, internet ba\u011flant\u0131n\u0131z\u0131 kontrol edin veya daha yo\u011fun bir zamanda geri d\u00f6n\u00fcn.<\/p>\n<h3>Spam veya \u0130stismarla Kar\u015f\u0131la\u015fma<\/h3>\n<p>Raporlama\/engelleme arac\u0131n\u0131 kullan\u0131n-moderat\u00f6rler hemen bilgilendirilir.<\/p>\n<h3>\u0130yi Bir Sohbeti Kaybettik<\/h3>\n<p>Mirami gizlilik i\u00e7in tasarlanm\u0131\u015ft\u0131r - hi\u00e7bir sohbet kayd\u0131 kaydedilmez. \u0130leti\u015fimde kalmak istiyorsan\u0131z, ileti\u015fim bilgilerinizi payla\u015f\u0131n (dikkatlice ve yaln\u0131zca kendinizi g\u00fcvende hissediyorsan\u0131z).<\/p>\n<h3>Web Sitesi Y\u00fcklenmiyor<\/h3>\n<p>Taray\u0131c\u0131n\u0131z\u0131 yenileyin, \u00f6nbelle\u011fi temizleyin veya ba\u015fka bir cihaz\/taray\u0131c\u0131 deneyin.<\/p>\n<p>Kesinlikle - \u00f6zellikle modern, temiz ve ger\u00e7ekten \u00f6zel bir rastgele sohbet deneyimi isteyen herkes i\u00e7in. Mirami, Omegle tarz\u0131 spontanl\u0131\u011f\u0131n en iyisini g\u00fcn\u00fcm\u00fcz\u00fcn g\u00fcvenlik, gizlilik ve kullan\u0131m kolayl\u0131\u011f\u0131 standartlar\u0131yla harmanlayan anonim \u00e7evrimi\u00e7i sohbetler i\u00e7in yeni bir \u00f6l\u00e7\u00fctt\u00fcr.<\/p>\n<p>\u0130ster yeni arkada\u015flar edinmek, ister e\u011flence i\u00e7in sohbet etmek, fl\u00f6rt etmek, dil prati\u011fi yapmak veya sadece orada kimlerin oldu\u011funu g\u00f6rmek isteyin, Mirami.chat g\u00fcvenli, anonim ve unutulmaz \u00e7evrimi\u00e7i sohbetlere a\u00e7\u0131lan kap\u0131n\u0131zd\u0131r - hi\u00e7bir \u015farta ba\u011fl\u0131 de\u011fildir.<\/p>\n<p>Yeni biriyle tan\u0131\u015fmaya haz\u0131r m\u0131s\u0131n\u0131z? Mirami.chat'i ziyaret edin, modunuzu se\u00e7in ve bug\u00fcn g\u00fcvenli, an\u0131nda sohbetin tad\u0131n\u0131 \u00e7\u0131kar\u0131n.<\/p>","protected":false},"excerpt":{"rendered":"<p>In today\u2019s digital age, where privacy, real-time connections, and simplicity are valued more than ever, new platforms are emerging to meet these needs without the baggage of legacy social media or complex apps. Mirami\u2014found at mirami.chat\u2014is one of the most exciting, user-focused additions to the world of random online chatting, offering a streamlined, privacy-first environment [&hellip;]<\/p>\n","protected":false},"author":6,"featured_media":0,"parent":0,"menu_order":0,"comment_status":"closed","ping_status":"closed","template":"","meta":{"footnotes":""},"class_list":["post-12310","page","type-page","status-publish","hentry"],"yoast_head":"<!-- This site is optimized with the Yoast SEO plugin v27.5 - https:\/\/yoast.com\/product\/yoast-seo-wordpress\/ -->\n<title>Mirami - Random Video Chat With Girls - TinyChat.com<\/title>\n<meta name=\"description\" content=\"Enjoying Mirami? Join over 50,000,000 strangers on TinyChat! Turn on your cam and start meeting new people, or find a match.\" \/>\n<meta name=\"robots\" content=\"index, follow, max-snippet:-1, max-image-preview:large, max-video-preview:-1\" \/>\n<link rel=\"canonical\" href=\"https:\/\/tinychat.com\/tr\/mirami\/\" \/>\n<meta property=\"og:locale\" content=\"tr_TR\" \/>\n<meta property=\"og:type\" content=\"article\" \/>\n<meta property=\"og:title\" content=\"Mirami - Random Video Chat With Girls - TinyChat.com\" \/>\n<meta property=\"og:description\" content=\"Enjoying Mirami? Join over 50,000,000 strangers on TinyChat! Turn on your cam and start meeting new people, or find a match.\" \/>\n<meta property=\"og:url\" content=\"https:\/\/tinychat.com\/tr\/mirami\/\" \/>\n<meta property=\"og:site_name\" content=\"TinyChat\" \/>\n<meta property=\"article:publisher\" content=\"https:\/\/www.facebook.com\/tinychat\" \/>\n<meta property=\"article:modified_time\" content=\"2025-08-04T09:57:45+00:00\" \/>\n<meta property=\"og:image\" content=\"https:\/\/tinychat.com\/wp-content\/uploads\/2020\/04\/Tinychat-logo-1280x284-new-black.png\" \/>\n\t<meta property=\"og:image:width\" content=\"1280\" \/>\n\t<meta property=\"og:image:height\" content=\"284\" \/>\n\t<meta property=\"og:image:type\" content=\"image\/png\" \/>\n<meta name=\"twitter:card\" content=\"summary_large_image\" \/>\n<meta name=\"twitter:site\" content=\"@tinychat\" \/>\n<meta name=\"twitter:label1\" content=\"Tahmini okuma s\u00fcresi\" \/>\n\t<meta name=\"twitter:data1\" content=\"6 dakika\" \/>\n<script type=\"application\/ld+json\" class=\"yoast-schema-graph\">{\"@context\":\"https:\\\/\\\/schema.org\",\"@graph\":[{\"@type\":\"WebPage\",\"@id\":\"https:\\\/\\\/tinychat.com\\\/mirami\\\/\",\"url\":\"https:\\\/\\\/tinychat.com\\\/mirami\\\/\",\"name\":\"Mirami - Random Video Chat With Girls - TinyChat.com\",\"isPartOf\":{\"@id\":\"https:\\\/\\\/tinychat.com\\\/#website\"},\"datePublished\":\"2025-08-04T09:29:50+00:00\",\"dateModified\":\"2025-08-04T09:57:45+00:00\",\"description\":\"Enjoying Mirami? Join over 50,000,000 strangers on TinyChat! Turn on your cam and start meeting new people, or find a match.\",\"breadcrumb\":{\"@id\":\"https:\\\/\\\/tinychat.com\\\/mirami\\\/#breadcrumb\"},\"inLanguage\":\"tr\",\"potentialAction\":[{\"@type\":\"ReadAction\",\"target\":[\"https:\\\/\\\/tinychat.com\\\/mirami\\\/\"]}]},{\"@type\":\"BreadcrumbList\",\"@id\":\"https:\\\/\\\/tinychat.com\\\/mirami\\\/#breadcrumb\",\"itemListElement\":[{\"@type\":\"ListItem\",\"position\":1,\"name\":\"Home\",\"item\":\"https:\\\/\\\/tinychat.com\\\/\"},{\"@type\":\"ListItem\",\"position\":2,\"name\":\"Mirami\"}]},{\"@type\":\"WebSite\",\"@id\":\"https:\\\/\\\/tinychat.com\\\/#website\",\"url\":\"https:\\\/\\\/tinychat.com\\\/\",\"name\":\"TinyChat\",\"description\":\"Random Video Chat with Strangers\",\"publisher\":{\"@id\":\"https:\\\/\\\/tinychat.com\\\/#organization\"},\"alternateName\":\"TinyChat.com\",\"potentialAction\":[{\"@type\":\"SearchAction\",\"target\":{\"@type\":\"EntryPoint\",\"urlTemplate\":\"https:\\\/\\\/tinychat.com\\\/?s={search_term_string}\"},\"query-input\":{\"@type\":\"PropertyValueSpecification\",\"valueRequired\":true,\"valueName\":\"search_term_string\"}}],\"inLanguage\":\"tr\"},{\"@type\":\"Organization\",\"@id\":\"https:\\\/\\\/tinychat.com\\\/#organization\",\"name\":\"TinyChat\",\"alternateName\":\"TinyChat.com\",\"url\":\"https:\\\/\\\/tinychat.com\\\/\",\"logo\":{\"@type\":\"ImageObject\",\"inLanguage\":\"tr\",\"@id\":\"https:\\\/\\\/tinychat.com\\\/#\\\/schema\\\/logo\\\/image\\\/\",\"url\":\"https:\\\/\\\/tinychat.com\\\/wp-content\\\/uploads\\\/2023\\\/11\\\/Tinychat-icon-square.png\",\"contentUrl\":\"https:\\\/\\\/tinychat.com\\\/wp-content\\\/uploads\\\/2023\\\/11\\\/Tinychat-icon-square.png\",\"width\":284,\"height\":284,\"caption\":\"TinyChat\"},\"image\":{\"@id\":\"https:\\\/\\\/tinychat.com\\\/#\\\/schema\\\/logo\\\/image\\\/\"},\"sameAs\":[\"https:\\\/\\\/www.facebook.com\\\/tinychat\",\"https:\\\/\\\/x.com\\\/tinychat\"]}]}<\/script>\n<!-- \/ Yoast SEO plugin. -->","yoast_head_json":{"title":"Mirami - K\u0131zlarla Rastgele G\u00f6r\u00fcnt\u00fcl\u00fc Sohbet - TinyChat.com","description":"Mirami'yi be\u011feniyor musunuz? TinyChat'de 50.000.000'dan fazla yabanc\u0131ya kat\u0131l\u0131n! Kameran\u0131z\u0131 a\u00e7\u0131n ve yeni insanlarla tan\u0131\u015fmaya ba\u015flay\u0131n veya bir e\u015fle\u015fme bulun.","robots":{"index":"index","follow":"follow","max-snippet":"max-snippet:-1","max-image-preview":"max-image-preview:large","max-video-preview":"max-video-preview:-1"},"canonical":"https:\/\/tinychat.com\/tr\/mirami\/","og_locale":"tr_TR","og_type":"article","og_title":"Mirami - Random Video Chat With Girls - TinyChat.com","og_description":"Enjoying Mirami? Join over 50,000,000 strangers on TinyChat! Turn on your cam and start meeting new people, or find a match.","og_url":"https:\/\/tinychat.com\/tr\/mirami\/","og_site_name":"TinyChat","article_publisher":"https:\/\/www.facebook.com\/tinychat","article_modified_time":"2025-08-04T09:57:45+00:00","og_image":[{"width":1280,"height":284,"url":"https:\/\/tinychat.com\/wp-content\/uploads\/2020\/04\/Tinychat-logo-1280x284-new-black.png","type":"image\/png"}],"twitter_card":"summary_large_image","twitter_site":"@tinychat","twitter_misc":{"Tahmini okuma s\u00fcresi":"6 dakika"},"schema":{"@context":"https:\/\/schema.org","@graph":[{"@type":"WebPage","@id":"https:\/\/tinychat.com\/mirami\/","url":"https:\/\/tinychat.com\/mirami\/","name":"Mirami - K\u0131zlarla Rastgele G\u00f6r\u00fcnt\u00fcl\u00fc Sohbet - TinyChat.com","isPartOf":{"@id":"https:\/\/tinychat.com\/#website"},"datePublished":"2025-08-04T09:29:50+00:00","dateModified":"2025-08-04T09:57:45+00:00","description":"Mirami'yi be\u011feniyor musunuz? TinyChat'de 50.000.000'dan fazla yabanc\u0131ya kat\u0131l\u0131n! Kameran\u0131z\u0131 a\u00e7\u0131n ve yeni insanlarla tan\u0131\u015fmaya ba\u015flay\u0131n veya bir e\u015fle\u015fme bulun.","breadcrumb":{"@id":"https:\/\/tinychat.com\/mirami\/#breadcrumb"},"inLanguage":"tr","potentialAction":[{"@type":"ReadAction","target":["https:\/\/tinychat.com\/mirami\/"]}]},{"@type":"BreadcrumbList","@id":"https:\/\/tinychat.com\/mirami\/#breadcrumb","itemListElement":[{"@type":"ListItem","position":1,"name":"Home","item":"https:\/\/tinychat.com\/"},{"@type":"ListItem","position":2,"name":"Mirami"}]},{"@type":"WebSite","@id":"https:\/\/tinychat.com\/#website","url":"https:\/\/tinychat.com\/","name":"TinyChat","description":"Yabanc\u0131larla Rastgele G\u00f6r\u00fcnt\u00fcl\u00fc Sohbet","publisher":{"@id":"https:\/\/tinychat.com\/#organization"},"alternateName":"TinyChat.com","potentialAction":[{"@type":"SearchAction","target":{"@type":"EntryPoint","urlTemplate":"https:\/\/tinychat.com\/?s={search_term_string}"},"query-input":{"@type":"PropertyValueSpecification","valueRequired":true,"valueName":"search_term_string"}}],"inLanguage":"tr"},{"@type":"Organization","@id":"https:\/\/tinychat.com\/#organization","name":"TinyChat","alternateName":"TinyChat.com","url":"https:\/\/tinychat.com\/","logo":{"@type":"ImageObject","inLanguage":"tr","@id":"https:\/\/tinychat.com\/#\/schema\/logo\/image\/","url":"https:\/\/tinychat.com\/wp-content\/uploads\/2023\/11\/Tinychat-icon-square.png","contentUrl":"https:\/\/tinychat.com\/wp-content\/uploads\/2023\/11\/Tinychat-icon-square.png","width":284,"height":284,"caption":"TinyChat"},"image":{"@id":"https:\/\/tinychat.com\/#\/schema\/logo\/image\/"},"sameAs":["https:\/\/www.facebook.com\/tinychat","https:\/\/x.com\/tinychat"]}]}},"_links":{"self":[{"href":"https:\/\/tinychat.com\/tr\/wp-json\/wp\/v2\/pages\/12310","targetHints":{"allow":["GET"]}}],"collection":[{"href":"https:\/\/tinychat.com\/tr\/wp-json\/wp\/v2\/pages"}],"about":[{"href":"https:\/\/tinychat.com\/tr\/wp-json\/wp\/v2\/types\/page"}],"author":[{"embeddable":true,"href":"https:\/\/tinychat.com\/tr\/wp-json\/wp\/v2\/users\/6"}],"replies":[{"embeddable":true,"href":"https:\/\/tinychat.com\/tr\/wp-json\/wp\/v2\/comments?post=12310"}],"version-history":[{"count":4,"href":"https:\/\/tinychat.com\/tr\/wp-json\/wp\/v2\/pages\/12310\/revisions"}],"predecessor-version":[{"id":13386,"href":"https:\/\/tinychat.com\/tr\/wp-json\/wp\/v2\/pages\/12310\/revisions\/13386"}],"wp:attachment":[{"href":"https:\/\/tinychat.com\/tr\/wp-json\/wp\/v2\/media?parent=12310"}],"curies":[{"name":"wp","href":"https:\/\/api.w.org\/{rel}","templated":true}]}}