{"id":12455,"date":"2025-07-07T17:15:56","date_gmt":"2025-07-07T15:15:56","guid":{"rendered":"https:\/\/tinychat.com\/?page_id=12455"},"modified":"2025-07-07T18:36:16","modified_gmt":"2025-07-07T16:36:16","slug":"ftf-live","status":"publish","type":"page","link":"https:\/\/tinychat.com\/tr\/ftf-live\/","title":{"rendered":"FTF Canl\u0131"},"content":{"rendered":"<p>\u0130nternet insanlarla tan\u0131\u015fma, arkada\u015f edinme ve hayatlar\u0131m\u0131z\u0131 payla\u015fma y\u00f6ntemlerimizde devrim yaratt\u0131. Karma\u015f\u0131k sosyal a\u011flar, arkada\u015fl\u0131k uygulamalar\u0131 ve video platformlar\u0131 denizinin ortas\u0131nda, h\u0131zl\u0131, anonim ve ger\u00e7ekten \u00fccretsiz sohbet deneyimleri i\u00e7in s\u00fcrekli bir talep var. Spontane sohbet, k\u00fcresel arkada\u015fl\u0131klar ve sorunsuz etkile\u015fimin temel fikrini savunan bir platform olan FTF Live'a girin.<\/p>\n<p>Baz\u0131 platformlar \u00f6zellikleri ve \u00f6deme duvarlar\u0131n\u0131 \u00fcst \u00fcste y\u0131\u011farken, FTF Live i\u015fleri canland\u0131r\u0131c\u0131 bir \u015fekilde basit tutuyor. Genel sohbet odalar\u0131nda veya \u00f6zel bire bir oturumlarda yabanc\u0131larla ger\u00e7ek zamanl\u0131 olarak ba\u011flant\u0131 kurmakla ilgilidir. \u0130ster s\u0131radan \u015fakala\u015fmalar, ister anlaml\u0131 tart\u0131\u015fmalar ya da sadece zaman \u00f6ld\u00fcrmek i\u00e7in burada olun, FTF Live bunu kolayla\u015ft\u0131r\u0131r - kay\u0131t yok, indirme yok, engel yok.<\/p>\n<p>Bu makalede FTF Live'\u0131 derinlemesine inceleyece\u011fiz: nedir, nas\u0131l \u00e7al\u0131\u015f\u0131r, ana \u00f6zellikleri, benzer sitelerle kar\u015f\u0131la\u015ft\u0131rmalar, g\u00fcvenlik ipu\u00e7lar\u0131 ve her sohbetten en iyi \u015fekilde yararlanmak i\u00e7in profesyonel tavsiyeler. H\u0131zl\u0131, anonim sohbete ve istedi\u011finiz gibi sohbet etme \u00f6zg\u00fcrl\u00fc\u011f\u00fcne de\u011fer veriyorsan\u0131z, FTF Live yer imlerine eklemek isteyece\u011finiz bir sitedir.<\/p>\n<h2>FTF Live Nedir?<\/h2>\n<p>FTF Live, kullan\u0131c\u0131lar\u0131 \u00f6ncelikle metin tabanl\u0131 sohbet yoluyla d\u00fcnyan\u0131n d\u00f6rt bir yan\u0131ndaki yabanc\u0131larla an\u0131nda bulu\u015fturan \u00fccretsiz bir \u00e7evrimi\u00e7i sohbet platformudur. Kay\u0131t olman\u0131za, uygulama indirmenize ve ki\u015fisel bilgilerinizi vermenize gerek yoktur. Sadece bir takma ad se\u00e7in, ya\u015f\u0131n\u0131z\u0131 ve cinsiyetinizi se\u00e7in ve saniyeler i\u00e7inde sohbet etmeye ba\u015flay\u0131n.<\/p>\n<p>FTF Live'\u0131n tasar\u0131m\u0131 tamamen h\u0131z ve eri\u015filebilirlikle ilgilidir. \u0130ster masa\u00fcst\u00fc, ister diz\u00fcst\u00fc bilgisayar veya ak\u0131ll\u0131 telefon kullan\u0131yor olun, aray\u00fcz h\u0131zl\u0131 y\u00fcklenir ve sorunsuz \u00e7al\u0131\u015f\u0131r. Platform, herkesin sohbete kat\u0131labilece\u011fi genel sohbet odalar\u0131n\u0131n yan\u0131 s\u0131ra daha ki\u015fisel bire bir g\u00f6r\u00fc\u015fmeler i\u00e7in \u00f6zel mesajla\u015fmay\u0131 da destekliyor.<\/p>\n<p>Herhangi bir zamanda \u00e7evrimi\u00e7i olan binlerce kullan\u0131c\u0131s\u0131yla FTF Live, arkada\u015fl\u0131k, fl\u00f6rt, tavsiye, k\u00fclt\u00fcrel al\u0131\u015fveri\u015f ve sadece e\u011flence i\u00e7in canl\u0131 bir merkezdir.<\/p>\n<h2>FTF Live'\u0131n Temel \u00d6zellikleri<\/h2>\n<p>FTF Live i\u015fleri basit tutarken, sohbet deneyiminizi hem g\u00fcvenli hem de keyifli hale getirmek i\u00e7in bir dizi ak\u0131ll\u0131 \u00f6zellik sunar:<\/p>\n<h3>1. Kay\u0131t Gerekmiyor<\/h3>\n<p>FTF Live olabildi\u011fince anonimdir. Bir hesap olu\u015fturman\u0131z, e-posta g\u00f6ndermeniz veya kimli\u011finizi do\u011frulaman\u0131z gerekmez. Sadece bir takma ad se\u00e7in, birka\u00e7 ayr\u0131nt\u0131 se\u00e7in ve i\u00e7eridesiniz.<\/p>\n<p>Bu engelsiz eri\u015fim, utanga\u00e7 kullan\u0131c\u0131lar, gizlilik risklerinden \u00e7ekinenler veya ba\u011fl\u0131l\u0131k olmadan sohbet etmek isteyen herkes i\u00e7in m\u00fckemmeldir.<\/p>\n<h3>2. Genel Sohbet Odalar\u0131<\/h3>\n<p>FTF Live'\u0131n kalbinin att\u0131\u011f\u0131 yer herkese a\u00e7\u0131k sohbet odalar\u0131d\u0131r. Burada, d\u00fcnyan\u0131n her yerinden kullan\u0131c\u0131lar\u0131n grup sohbetlerine kat\u0131ld\u0131\u011f\u0131n\u0131 g\u00f6receksiniz. Konular sa\u00e7mal\u0131ktan derinli\u011fe kadar de\u011fi\u015febilir ve kendi h\u0131z\u0131n\u0131zda katk\u0131da bulunmakta, g\u00f6zlemlemekte veya arkada\u015f edinmekte \u00f6zg\u00fcrs\u00fcn\u00fcz.<\/p>\n<p>Baz\u0131 odalar temal\u0131 olabilir - \u00f6rne\u011fin, b\u00f6lge, ya\u015f veya ilgi alanlar\u0131na g\u00f6re - di\u011ferleri ise tamamen serbesttir.<\/p>\n<h3>3. Bire Bir \u00d6zel Sohbet<\/h3>\n<p>Herkese a\u00e7\u0131k sohbette birine t\u0131klarsan\u0131z, onu \u00f6zel bir sohbet penceresine davet edebilirsiniz. Burada daha \u00f6zg\u00fcrce konu\u015fabilir, hikayelerinizi payla\u015fabilir veya ba\u011flant\u0131n\u0131z\u0131 derinle\u015ftirebilirsiniz - hepsi hala tamamen anonim.<\/p>\n<h3>4. Kullan\u0131c\u0131 Engelleme ve Raporlama<\/h3>\n<p>FTF Live kullan\u0131c\u0131 g\u00fcvenli\u011fini ciddiye al\u0131r. Herhangi biri uygunsuz davran\u0131yor, spam g\u00f6nderiyor veya sizi taciz ediyorsa, platform h\u0131zl\u0131 engelleme ve raporlama ara\u00e7lar\u0131 sa\u011flar. Moderat\u00f6rler k\u00f6t\u00fcye kullan\u0131m\u0131 izler ve sohbet odalar\u0131n\u0131 herkes i\u00e7in g\u00fcvenli tutmak i\u00e7in harekete ge\u00e7er.<\/p>\n<h3>5. Mobil Uyumlu Tasar\u0131m<\/h3>\n<p>Uygulamaya gerek yok! FTF Live mobil taray\u0131c\u0131lar i\u00e7in tamamen optimize edilmi\u015ftir. Android, iPhone veya tablet kullan\u0131yor olsan\u0131z da, site sorunsuz bir \u015fekilde \u00e7al\u0131\u015f\u0131r ve nereye giderseniz gidin sohbet etmenize olanak tan\u0131r.<\/p>\n<h3>6. \u0130ste\u011fe Ba\u011fl\u0131 Kay\u0131t ve Profiller<\/h3>\n<p>FTF Live'\u0131 misafir olarak kullanabilseniz de, \u00fccretsiz bir hesap a\u00e7arak ekstra \u00f6zelliklerin kilidini a\u00e7abilirsiniz:<\/p>\n<ul>\n<li>Bir profil foto\u011fraf\u0131 veya avatar ekleyin<\/li>\n<li>Gelecekteki sohbetler i\u00e7in arkada\u015f listesini kaydetme<\/li>\n<li>Sohbet ge\u00e7mi\u015fine eri\u015fin (varsa)<\/li>\n<li>Gizlilik tercihlerini ayarlama<\/li>\n<\/ul>\n<p>Kay\u0131t h\u0131zl\u0131d\u0131r ve minimum bilgi gerektirir.<\/p>\n<h3>7. K\u00fcresel ve Yerel Sohbet Filtreleri<\/h3>\n<p>FTF Live, kullan\u0131c\u0131lar\u0131 \u00fclkeye, b\u00f6lgeye veya dile g\u00f6re filtrelemenizi sa\u011flar. Yak\u0131n\u0131n\u0131zdaki veya belirli bir yerden biriyle sohbet etmek mi istiyorsunuz? M\u00fckemmel e\u015fle\u015fmeyi bulmak i\u00e7in ayarlar\u0131n\u0131z\u0131 yap\u0131n.<\/p>\n<h3>8. Emojiler, \u00c7\u0131kartmalar ve E\u011flenceli Metinler<\/h3>\n<p>Kendinizi ifade edin! FTF Live emojileri, e\u011flenceli \u00e7\u0131kartmalar\u0131 ve e\u011flenceli metin bi\u00e7imlendirmesini destekleyerek her konu\u015fmay\u0131 daha ilgi \u00e7ekici ve canl\u0131 hale getirir.<\/p>\n<h2>FTF Live Nas\u0131l Kullan\u0131l\u0131r<\/h2>\n<p>FTF Live'a ba\u015flamak daha kolay olamazd\u0131. \u0130\u015fte ad\u0131m ad\u0131m bir k\u0131lavuz:<\/p>\n<h3>Ad\u0131m 1: FTF Live Web Sitesini Ziyaret Edin<\/h3>\n<p>FTF Live'\u0131 favori taray\u0131c\u0131n\u0131zda a\u00e7\u0131n - masa\u00fcst\u00fc, tablet veya mobil.<\/p>\n<h3>Ad\u0131m 2: Takma Ad\u0131n\u0131z\u0131 ve Ayr\u0131nt\u0131lar\u0131 Se\u00e7in<\/h3>\n<p>Bir takma ad girin (ger\u00e7ek veya uydurma), ya\u015f\u0131n\u0131z\u0131 ve cinsiyetinizi se\u00e7in ve istenirse \u00fclkenizi veya tercih etti\u011finiz dili se\u00e7in.<\/p>\n<h3>3. Ad\u0131m: \u015eartlar\u0131 Kabul Edin<\/h3>\n<p>Sitenin temel kurallar\u0131n\u0131 ve kullan\u0131m ko\u015fullar\u0131n\u0131 kabul etmek i\u00e7in kutuyu i\u015faretleyin.<\/p>\n<h3>Ad\u0131m 4: Bir Sohbet Odas\u0131na Atlay\u0131n<\/h3>\n<p>D\u00fcnyan\u0131n d\u00f6rt bir yan\u0131ndaki kullan\u0131c\u0131lardan gelen mesajlar\u0131 g\u00f6rece\u011finiz genel sohbet odas\u0131na girmek i\u00e7in t\u0131klay\u0131n. Merhaba deyin, soru sorun veya kat\u0131lmaya haz\u0131r olana kadar sadece g\u00f6zlemleyin.<\/p>\n<h3>Ad\u0131m 5: \u00d6zel Sohbet Ba\u015flat\u0131n (\u0130ste\u011fe Ba\u011fl\u0131)<\/h3>\n<p>Bir kullan\u0131c\u0131n\u0131n ad\u0131na t\u0131klayarak onu \u00f6zel, bire bir sohbete davet edebilirsiniz. Ba\u015fkalar\u0131ndan gelen \u00f6zel davetleri de kabul edebilir veya reddedebilirsiniz.<\/p>\n<h3>Ad\u0131m 6: Kay\u0131t Olun (\u0130ste\u011fe Ba\u011fl\u0131)<\/h3>\n<p>Arkada\u015f listeleri, sohbet ge\u00e7mi\u015fi veya profil foto\u011fraf\u0131 gibi ekstra \u00f6zellikler istiyorsan\u0131z, temel bilgilerle \u00fccretsiz bir hesap a\u00e7\u0131n. Her zaman misafir olarak devam edebilirsiniz.<\/p>\n<h2>FTF Live'da Kullan\u0131c\u0131 Deneyimi<\/h2>\n<p>FTF Live kolayl\u0131k, h\u0131z ve kapsay\u0131c\u0131l\u0131k i\u00e7in tasarlanm\u0131\u015ft\u0131r. Aray\u00fcz, net gezinme ve h\u0131zl\u0131 mesaj iletimi ile d\u00fczenli bir yap\u0131ya sahiptir.<\/p>\n<h3>Kullan\u0131c\u0131lar Neyi Seviyor?<\/h3>\n<ul>\n<li>\u2705 \u00c7o\u011fu \u00f6zellik i\u00e7in kay\u0131t gerekmez<\/li>\n<li>\u2705 Herhangi bir cihazdan an\u0131nda eri\u015fim<\/li>\n<li>\u2705 H\u0131zl\u0131 y\u00fckleme ve d\u00fc\u015f\u00fck veri kullan\u0131m\u0131<\/li>\n<li>\u2705 Grup sohbeti ve \u00f6zel sohbet se\u00e7enekleri<\/li>\n<li>\u2705 Dost canl\u0131s\u0131, k\u00fcresel kullan\u0131c\u0131 taban\u0131<\/li>\n<li>\u2705 \u0130stedi\u011finiz kadar \u00e7ok veya az sohbet etme \u00f6zg\u00fcrl\u00fc\u011f\u00fc<\/li>\n<\/ul>\n<h3>FTF Live'\u0131n Geli\u015ftirebilece\u011fi Noktalar<\/h3>\n<ul>\n<li>\u274c Genel odalarda ara s\u0131ra spam veya botlar<\/li>\n<li>\u274c Yaln\u0131zca metin (g\u00f6r\u00fcnt\u00fcl\u00fc veya sesli sohbet yok)<\/li>\n<li>\u274c \u00dccretsiz s\u00fcr\u00fcmde reklamlar g\u00f6r\u00fcnebilir<\/li>\n<li>\u274c Misafirler i\u00e7in s\u0131n\u0131rl\u0131 profil \u00f6zellikleri<\/li>\n<\/ul>\n<h3>Ger\u00e7ek Kullan\u0131c\u0131 Geri Bildirimi<\/h3>\n<blockquote><p>\"Siteye girdikten bir dakika sonra ba\u015fka bir \u00fclkeden biriyle sohbet ediyordum. Kay\u0131t olmaya gerek yok - bay\u0131ld\u0131m!\"<br \/>\n- <em>Aimee R., Trustpilot<\/em><\/p><\/blockquote>\n<blockquote><p>\"Bazen herkese a\u00e7\u0131k odalarda troller oluyor ama onlar\u0131 engellemek kolay ve moderat\u00f6rler iyi i\u015f \u00e7\u0131kar\u0131yor.\"<br \/>\n- <em>Elias M., Sitejabber<\/em><\/p><\/blockquote>\n<blockquote><p>\"FTF Live'\u0131 \u0130ngilizce pratik yapmak ve yeni arkada\u015flarla tan\u0131\u015fmak i\u00e7in kullan\u0131yorum. \u00c7ok basit ve telefonumda harika \u00e7al\u0131\u015f\u0131yor.\"<br \/>\n- <em>Raj P., Google Play \u0130ncelemesi<\/em><\/p><\/blockquote>\n<h2>FTF Live vs Di\u011fer Sohbet Platformlar\u0131<\/h2>\n<p>FTF Live di\u011fer b\u00fcy\u00fck sohbet sitelerine k\u0131yasla nas\u0131l?<\/p>\n<table>\n<thead>\n<tr>\n<th>\u00d6zellik<\/th>\n<th>FTF Canl\u0131<\/th>\n<th>Chatib<\/th>\n<th>Chatiw<\/th>\n<th>Omegle<\/th>\n<th>Camfrog<\/th>\n<th>Thundr<\/th>\n<\/tr>\n<\/thead>\n<tbody>\n<tr>\n<td>Anonim Sohbet<\/td>\n<td>Evet<\/td>\n<td>Evet<\/td>\n<td>Evet<\/td>\n<td>Evet<\/td>\n<td>\u2705 Misafir<\/td>\n<td>Evet<\/td>\n<\/tr>\n<tr>\n<td>Kay\u0131t Gerekmiyor<\/td>\n<td>Evet<\/td>\n<td>Evet<\/td>\n<td>Evet<\/td>\n<td>Evet<\/td>\n<td>\u2705 \u0130ste\u011fe ba\u011fl\u0131<\/td>\n<td>Evet<\/td>\n<\/tr>\n<tr>\n<td>Metin Sohbeti<\/td>\n<td>Evet<\/td>\n<td>Evet<\/td>\n<td>Evet<\/td>\n<td>Evet<\/td>\n<td>Evet<\/td>\n<td>Evet<\/td>\n<\/tr>\n<tr>\n<td>G\u00f6r\u00fcnt\u00fcl\u00fc Sohbet<\/td>\n<td>\u274c Hay\u0131r<\/td>\n<td>\u274c Hay\u0131r<\/td>\n<td>\u274c Hay\u0131r<\/td>\n<td>Evet<\/td>\n<td>Evet<\/td>\n<td>Evet<\/td>\n<\/tr>\n<tr>\n<td>Genel Sohbet Odalar\u0131<\/td>\n<td>Evet<\/td>\n<td>Evet<\/td>\n<td>Evet<\/td>\n<td>\u274c Hay\u0131r<\/td>\n<td>Evet<\/td>\n<td>\u274c Hay\u0131r<\/td>\n<\/tr>\n<tr>\n<td>\u00d6zel Mesajla\u015fma<\/td>\n<td>Evet<\/td>\n<td>Evet<\/td>\n<td>Evet<\/td>\n<td>Evet<\/td>\n<td>Evet<\/td>\n<td>Evet<\/td>\n<\/tr>\n<tr>\n<td>Profil Se\u00e7ene\u011fi<\/td>\n<td>\u2705 \u0130ste\u011fe ba\u011fl\u0131<\/td>\n<td>\u2705 \u0130ste\u011fe ba\u011fl\u0131<\/td>\n<td>\u2705 \u0130ste\u011fe ba\u011fl\u0131<\/td>\n<td>\u274c Hay\u0131r<\/td>\n<td>Evet<\/td>\n<td>\u274c Hay\u0131r<\/td>\n<\/tr>\n<tr>\n<td>Mobil-Optimize Edilmi\u015f<\/td>\n<td>Evet<\/td>\n<td>Evet<\/td>\n<td>Evet<\/td>\n<td>\u26a0\ufe0f Kar\u0131\u015f\u0131k<\/td>\n<td>Evet<\/td>\n<td>Evet<\/td>\n<\/tr>\n<tr>\n<td>K\u00fcresel\/Yerel Filtreler<\/td>\n<td>Evet<\/td>\n<td>Evet<\/td>\n<td>Evet<\/td>\n<td>Evet<\/td>\n<td>Evet<\/td>\n<td>Evet<\/td>\n<\/tr>\n<\/tbody>\n<\/table>\n<p>\u00d6zet: FTF Live, hem genel hem de \u00f6zel se\u00e7eneklerle h\u0131zl\u0131, anonim, yaln\u0131zca metin sohbeti yapmak isteyenler ve kay\u0131t veya indirme i\u015flemleriyle u\u011fra\u015fmak istemeyenler i\u00e7in m\u00fckemmeldir.<\/p>\n<h2>FTF Live G\u00fcvenli mi?<\/h2>\n<p>Her a\u00e7\u0131k sohbet platformu gibi FTF Live da kullan\u0131c\u0131lar\u0131 g\u00fcvende tutmak i\u00e7in ad\u0131mlar atar, ancak her zaman biraz dikkatli olmak gerekir.<\/p>\n<h3>G\u00fcvenlik \u00d6zellikleri<\/h3>\n<ul>\n<li>Her kullan\u0131c\u0131 i\u00e7in engelleme ve raporlama ara\u00e7lar\u0131<\/li>\n<li>Moderat\u00f6rler halka a\u00e7\u0131k odalara g\u00f6z kulak oluyor<\/li>\n<li>Temel spam ve i\u00e7erik filtreleri<\/li>\n<li>Misafirler i\u00e7in e-posta veya ger\u00e7ek isim gerekmez<\/li>\n<li>Gizlilik odakl\u0131 - yaln\u0131zca isterseniz bilgi payla\u015f\u0131n<\/li>\n<\/ul>\n<h3>G\u00fcvenlik \u0130pu\u00e7lar\u0131<\/h3>\n<ul>\n<li>Asla ki\u015fisel bilgilerinizi payla\u015fmay\u0131n (ger\u00e7ek isim, telefon numaras\u0131, adres, sosyal medya hesaplar\u0131)<\/li>\n<li>\u00d6zellikle misafir olarak bir takma ad veya m\u00fcstear isim kullan\u0131n<\/li>\n<li>Tacizci, spam yapan veya sizi rahats\u0131z eden ki\u015fileri engelleyin\/rapor edin<\/li>\n<li>Bilinmeyen ba\u011flant\u0131lara t\u0131klamay\u0131n veya dosya indirmeyin<\/li>\n<li>Herkese a\u00e7\u0131k\/payla\u015f\u0131lan bir cihaz kullan\u0131yorsan\u0131z sohbetten \u00e7\u0131k\u0131n ve ge\u00e7mi\u015finizi temizleyin<\/li>\n<\/ul>\n<h2>FTF Live'dan En \u0130yi \u015eekilde Yararlanmak \u0130\u00e7in \u0130pu\u00e7lar\u0131<\/h2>\n<ul>\n<li>Farkl\u0131 sohbet odalar\u0131n\u0131 deneyin: \u00c7e\u015fitli b\u00f6lgelerden ve ge\u00e7mi\u015flerden insanlarla tan\u0131\u015f\u0131n.<\/li>\n<li>Grup sohbeti ile ba\u015flay\u0131n: \u00d6zel sohbete ge\u00e7meden \u00f6nce oda hakk\u0131nda bir fikir edinin.<\/li>\n<li>Mobil cihazlarda kullan\u0131n: Site telefonlarda ve tabletlerde g\u00fczel \u00e7al\u0131\u015f\u0131yor.<\/li>\n<li>Kibar ve a\u00e7\u0131k fikirli olun: Dostane sohbetler genellikle yeni arkada\u015fl\u0131klara yol a\u00e7ar.<\/li>\n<li>Gizlili\u011finizi koruyun: Daha fazlas\u0131n\u0131 payla\u015fma konusunda rahat de\u011filseniz anonim kal\u0131n.<\/li>\n<li>Konum veya dile g\u00f6re filtreleyin: Yeni bir dil prati\u011fi yap\u0131n veya sohbet etmek i\u00e7in yerel halk bulun.<\/li>\n<\/ul>\n<h2>Yayg\u0131n FTF Live Sorunlar\u0131n\u0131 Giderme<\/h2>\n<h3>Odaya Giremiyorum<\/h3>\n<p>Sayfay\u0131 yenileyin, farkl\u0131 bir taray\u0131c\u0131 deneyin veya internet ba\u011flant\u0131n\u0131z\u0131 kontrol edin. Baz\u0131 odalar ge\u00e7ici olarak dolu veya k\u0131s\u0131tl\u0131 olabilir.<\/p>\n<h3>\u00c7ok Fazla Spam veya Bot<\/h3>\n<p>Engelleme ve raporlama \u00f6zelliklerini kullan\u0131n. Daha yo\u011fun odalara veya aktif moderat\u00f6rlerin oldu\u011fu odalara gidin.<\/p>\n<h3>\u00d6zel Sohbet \u00c7al\u0131\u015fm\u0131yor<\/h3>\n<p>Di\u011fer kullan\u0131c\u0131n\u0131n \u00f6zel sohbeti etkin olmayabilir veya davetinizi reddetmi\u015f olabilir.<\/p>\n<h3>Profil Foto\u011fraf\u0131 Y\u00fckleyemiyorum<\/h3>\n<p>Kay\u0131tl\u0131 oldu\u011funuzdan ve sitenin y\u00fckleme y\u00f6nergelerini takip etti\u011finizden emin olun. Gerekirse yeniden y\u00fcklemeyi veya yeniden giri\u015f yapmay\u0131 deneyin.<\/p>\n<h3>Mesajlar G\u00f6nderilmiyor<\/h3>\n<p>\u0130nternet ba\u011flant\u0131n\u0131z\u0131 kontrol edin, sayfay\u0131 yenileyin veya oturumu kapat\u0131p tekrar a\u00e7\u0131n.<\/p>\n<h2>Son D\u00fc\u015f\u00fcnceler: FTF Live Denemeye De\u011fer mi?<\/h2>\n<p>Kesinlikle - \u00f6zellikle de engeller veya karma\u015f\u0131kl\u0131k olmadan an\u0131nda, anonim, metin tabanl\u0131 sohbet istiyorsan\u0131z. FTF Live, \u00e7evrimi\u00e7i sohbetin en saf halini sunar: a\u00e7\u0131k, samimi ve herkesin kullanabilece\u011fi kadar kolay.<\/p>\n<p>\u0130ster yeni arkada\u015flar ar\u0131yor, ister fl\u00f6rt ediyor, fikirlerinizi payla\u015f\u0131yor veya sadece zaman ge\u00e7iriyor olun, FTF Live m\u00fckemmel bir se\u00e7imdir. Platform gizlili\u011finize sayg\u0131 duyar, sizi kay\u0131t olmaya zorlamaz ve her yerden, her cihazdan sohbet etmenizi sa\u011flar.<\/p>\n<p>FTF Live'\u0131 ziyaret edin, bir takma ad se\u00e7in ve sohbete ba\u015flay\u0131n - bir sonraki arkada\u015f\u0131n\u0131z, sohbetiniz veya maceran\u0131z sadece bir mesaj uzakta olabilir!<\/p>","protected":false},"excerpt":{"rendered":"<p>The internet has revolutionized the way we meet people, make friends, and share our lives. Amidst a sea of complex social networks, dating apps, and video platforms, there remains a steady demand for fast, anonymous, and truly free chat experiences. Enter FTF Live \u2014 a platform that champions the core idea of spontaneous conversation, global [&hellip;]<\/p>\n","protected":false},"author":6,"featured_media":0,"parent":0,"menu_order":0,"comment_status":"closed","ping_status":"closed","template":"","meta":{"footnotes":""},"class_list":["post-12455","page","type-page","status-publish","hentry"],"yoast_head":"<!-- This site is optimized with the Yoast SEO plugin v27.3 - https:\/\/yoast.com\/product\/yoast-seo-wordpress\/ -->\n<title>FTF Live - Secure Live Video Chat Online - TinyChat.com<\/title>\n<meta name=\"description\" content=\"Enjoying FTF Live? Join over 50,000,000 strangers on TinyChat! Turn on your cam and start meeting new people, or find a match.\" \/>\n<meta name=\"robots\" content=\"index, follow, max-snippet:-1, max-image-preview:large, max-video-preview:-1\" \/>\n<link rel=\"canonical\" href=\"https:\/\/tinychat.com\/tr\/ftf-live\/\" \/>\n<meta property=\"og:locale\" content=\"tr_TR\" \/>\n<meta property=\"og:type\" content=\"article\" \/>\n<meta property=\"og:title\" content=\"FTF Live - Secure Live Video Chat Online - TinyChat.com\" \/>\n<meta property=\"og:description\" content=\"Enjoying FTF Live? Join over 50,000,000 strangers on TinyChat! Turn on your cam and start meeting new people, or find a match.\" \/>\n<meta property=\"og:url\" content=\"https:\/\/tinychat.com\/tr\/ftf-live\/\" \/>\n<meta property=\"og:site_name\" content=\"TinyChat\" \/>\n<meta property=\"article:publisher\" content=\"https:\/\/www.facebook.com\/tinychat\" \/>\n<meta property=\"article:modified_time\" content=\"2025-07-07T16:36:16+00:00\" \/>\n<meta property=\"og:image\" content=\"https:\/\/tinychat.com\/wp-content\/uploads\/2020\/04\/Tinychat-logo-1280x284-new-black.png\" \/>\n\t<meta property=\"og:image:width\" content=\"1280\" \/>\n\t<meta property=\"og:image:height\" content=\"284\" \/>\n\t<meta property=\"og:image:type\" content=\"image\/png\" \/>\n<meta name=\"twitter:card\" content=\"summary_large_image\" \/>\n<meta name=\"twitter:site\" content=\"@tinychat\" \/>\n<meta name=\"twitter:label1\" content=\"Tahmini okuma s\u00fcresi\" \/>\n\t<meta name=\"twitter:data1\" content=\"7 dakika\" \/>\n<script type=\"application\/ld+json\" class=\"yoast-schema-graph\">{\"@context\":\"https:\\\/\\\/schema.org\",\"@graph\":[{\"@type\":\"WebPage\",\"@id\":\"https:\\\/\\\/tinychat.com\\\/ftf-live\\\/\",\"url\":\"https:\\\/\\\/tinychat.com\\\/ftf-live\\\/\",\"name\":\"FTF Live - Secure Live Video Chat Online - TinyChat.com\",\"isPartOf\":{\"@id\":\"https:\\\/\\\/tinychat.com\\\/#website\"},\"datePublished\":\"2025-07-07T15:15:56+00:00\",\"dateModified\":\"2025-07-07T16:36:16+00:00\",\"description\":\"Enjoying FTF Live? Join over 50,000,000 strangers on TinyChat! Turn on your cam and start meeting new people, or find a match.\",\"breadcrumb\":{\"@id\":\"https:\\\/\\\/tinychat.com\\\/ftf-live\\\/#breadcrumb\"},\"inLanguage\":\"tr\",\"potentialAction\":[{\"@type\":\"ReadAction\",\"target\":[\"https:\\\/\\\/tinychat.com\\\/ftf-live\\\/\"]}]},{\"@type\":\"BreadcrumbList\",\"@id\":\"https:\\\/\\\/tinychat.com\\\/ftf-live\\\/#breadcrumb\",\"itemListElement\":[{\"@type\":\"ListItem\",\"position\":1,\"name\":\"Home\",\"item\":\"https:\\\/\\\/tinychat.com\\\/\"},{\"@type\":\"ListItem\",\"position\":2,\"name\":\"FTF Live\"}]},{\"@type\":\"WebSite\",\"@id\":\"https:\\\/\\\/tinychat.com\\\/#website\",\"url\":\"https:\\\/\\\/tinychat.com\\\/\",\"name\":\"TinyChat\",\"description\":\"Random Video Chat with Strangers\",\"publisher\":{\"@id\":\"https:\\\/\\\/tinychat.com\\\/#organization\"},\"alternateName\":\"TinyChat.com\",\"potentialAction\":[{\"@type\":\"SearchAction\",\"target\":{\"@type\":\"EntryPoint\",\"urlTemplate\":\"https:\\\/\\\/tinychat.com\\\/?s={search_term_string}\"},\"query-input\":{\"@type\":\"PropertyValueSpecification\",\"valueRequired\":true,\"valueName\":\"search_term_string\"}}],\"inLanguage\":\"tr\"},{\"@type\":\"Organization\",\"@id\":\"https:\\\/\\\/tinychat.com\\\/#organization\",\"name\":\"TinyChat\",\"alternateName\":\"TinyChat.com\",\"url\":\"https:\\\/\\\/tinychat.com\\\/\",\"logo\":{\"@type\":\"ImageObject\",\"inLanguage\":\"tr\",\"@id\":\"https:\\\/\\\/tinychat.com\\\/#\\\/schema\\\/logo\\\/image\\\/\",\"url\":\"https:\\\/\\\/tinychat.com\\\/wp-content\\\/uploads\\\/2023\\\/11\\\/Tinychat-icon-square.png\",\"contentUrl\":\"https:\\\/\\\/tinychat.com\\\/wp-content\\\/uploads\\\/2023\\\/11\\\/Tinychat-icon-square.png\",\"width\":284,\"height\":284,\"caption\":\"TinyChat\"},\"image\":{\"@id\":\"https:\\\/\\\/tinychat.com\\\/#\\\/schema\\\/logo\\\/image\\\/\"},\"sameAs\":[\"https:\\\/\\\/www.facebook.com\\\/tinychat\",\"https:\\\/\\\/x.com\\\/tinychat\"]}]}<\/script>\n<!-- \/ Yoast SEO plugin. -->","yoast_head_json":{"title":"FTF Live - \u00c7evrimi\u00e7i G\u00fcvenli Canl\u0131 G\u00f6r\u00fcnt\u00fcl\u00fc Sohbet - TinyChat.com","description":"FTF Live'\u0131n tad\u0131n\u0131 \u00e7\u0131kar\u0131yor musunuz? TinyChat'de 50.000.000'dan fazla yabanc\u0131ya kat\u0131l\u0131n! Kameran\u0131z\u0131 a\u00e7\u0131n ve yeni insanlarla tan\u0131\u015fmaya ba\u015flay\u0131n veya bir e\u015fle\u015fme bulun.","robots":{"index":"index","follow":"follow","max-snippet":"max-snippet:-1","max-image-preview":"max-image-preview:large","max-video-preview":"max-video-preview:-1"},"canonical":"https:\/\/tinychat.com\/tr\/ftf-live\/","og_locale":"tr_TR","og_type":"article","og_title":"FTF Live - Secure Live Video Chat Online - TinyChat.com","og_description":"Enjoying FTF Live? Join over 50,000,000 strangers on TinyChat! Turn on your cam and start meeting new people, or find a match.","og_url":"https:\/\/tinychat.com\/tr\/ftf-live\/","og_site_name":"TinyChat","article_publisher":"https:\/\/www.facebook.com\/tinychat","article_modified_time":"2025-07-07T16:36:16+00:00","og_image":[{"width":1280,"height":284,"url":"https:\/\/tinychat.com\/wp-content\/uploads\/2020\/04\/Tinychat-logo-1280x284-new-black.png","type":"image\/png"}],"twitter_card":"summary_large_image","twitter_site":"@tinychat","twitter_misc":{"Tahmini okuma s\u00fcresi":"7 dakika"},"schema":{"@context":"https:\/\/schema.org","@graph":[{"@type":"WebPage","@id":"https:\/\/tinychat.com\/ftf-live\/","url":"https:\/\/tinychat.com\/ftf-live\/","name":"FTF Live - \u00c7evrimi\u00e7i G\u00fcvenli Canl\u0131 G\u00f6r\u00fcnt\u00fcl\u00fc Sohbet - TinyChat.com","isPartOf":{"@id":"https:\/\/tinychat.com\/#website"},"datePublished":"2025-07-07T15:15:56+00:00","dateModified":"2025-07-07T16:36:16+00:00","description":"FTF Live'\u0131n tad\u0131n\u0131 \u00e7\u0131kar\u0131yor musunuz? TinyChat'de 50.000.000'dan fazla yabanc\u0131ya kat\u0131l\u0131n! Kameran\u0131z\u0131 a\u00e7\u0131n ve yeni insanlarla tan\u0131\u015fmaya ba\u015flay\u0131n veya bir e\u015fle\u015fme bulun.","breadcrumb":{"@id":"https:\/\/tinychat.com\/ftf-live\/#breadcrumb"},"inLanguage":"tr","potentialAction":[{"@type":"ReadAction","target":["https:\/\/tinychat.com\/ftf-live\/"]}]},{"@type":"BreadcrumbList","@id":"https:\/\/tinychat.com\/ftf-live\/#breadcrumb","itemListElement":[{"@type":"ListItem","position":1,"name":"Home","item":"https:\/\/tinychat.com\/"},{"@type":"ListItem","position":2,"name":"FTF Live"}]},{"@type":"WebSite","@id":"https:\/\/tinychat.com\/#website","url":"https:\/\/tinychat.com\/","name":"TinyChat","description":"Yabanc\u0131larla Rastgele G\u00f6r\u00fcnt\u00fcl\u00fc Sohbet","publisher":{"@id":"https:\/\/tinychat.com\/#organization"},"alternateName":"TinyChat.com","potentialAction":[{"@type":"SearchAction","target":{"@type":"EntryPoint","urlTemplate":"https:\/\/tinychat.com\/?s={search_term_string}"},"query-input":{"@type":"PropertyValueSpecification","valueRequired":true,"valueName":"search_term_string"}}],"inLanguage":"tr"},{"@type":"Organization","@id":"https:\/\/tinychat.com\/#organization","name":"TinyChat","alternateName":"TinyChat.com","url":"https:\/\/tinychat.com\/","logo":{"@type":"ImageObject","inLanguage":"tr","@id":"https:\/\/tinychat.com\/#\/schema\/logo\/image\/","url":"https:\/\/tinychat.com\/wp-content\/uploads\/2023\/11\/Tinychat-icon-square.png","contentUrl":"https:\/\/tinychat.com\/wp-content\/uploads\/2023\/11\/Tinychat-icon-square.png","width":284,"height":284,"caption":"TinyChat"},"image":{"@id":"https:\/\/tinychat.com\/#\/schema\/logo\/image\/"},"sameAs":["https:\/\/www.facebook.com\/tinychat","https:\/\/x.com\/tinychat"]}]}},"_links":{"self":[{"href":"https:\/\/tinychat.com\/tr\/wp-json\/wp\/v2\/pages\/12455","targetHints":{"allow":["GET"]}}],"collection":[{"href":"https:\/\/tinychat.com\/tr\/wp-json\/wp\/v2\/pages"}],"about":[{"href":"https:\/\/tinychat.com\/tr\/wp-json\/wp\/v2\/types\/page"}],"author":[{"embeddable":true,"href":"https:\/\/tinychat.com\/tr\/wp-json\/wp\/v2\/users\/6"}],"replies":[{"embeddable":true,"href":"https:\/\/tinychat.com\/tr\/wp-json\/wp\/v2\/comments?post=12455"}],"version-history":[{"count":3,"href":"https:\/\/tinychat.com\/tr\/wp-json\/wp\/v2\/pages\/12455\/revisions"}],"predecessor-version":[{"id":13319,"href":"https:\/\/tinychat.com\/tr\/wp-json\/wp\/v2\/pages\/12455\/revisions\/13319"}],"wp:attachment":[{"href":"https:\/\/tinychat.com\/tr\/wp-json\/wp\/v2\/media?parent=12455"}],"curies":[{"name":"wp","href":"https:\/\/api.w.org\/{rel}","templated":true}]}}