{"id":12463,"date":"2025-08-04T11:13:51","date_gmt":"2025-08-04T09:13:51","guid":{"rendered":"https:\/\/tinychat.com\/?page_id=12463"},"modified":"2025-08-04T11:49:51","modified_gmt":"2025-08-04T09:49:51","slug":"chitchat","status":"publish","type":"page","link":"https:\/\/tinychat.com\/tr\/chitchat\/","title":{"rendered":"ChitChat"},"content":{"rendered":"<p>\u00c7evrimi\u00e7i d\u00fcnya sosyal a\u011flar ve uygulama odakl\u0131 platformlarla giderek kalabal\u0131kla\u015f\u0131rken, bir\u00e7ok kullan\u0131c\u0131 algoritmalar, profiller veya istilac\u0131 veri toplama olmadan konu\u015fmak, arkada\u015f edinmek ve fikirlerini payla\u015fmak i\u00e7in daha \u00f6zg\u00fcn ve basit bir yer ar\u0131yor. ChitChat, eski usul sohbet odas\u0131 enerjisi ile modern gizlilik, kullan\u0131labilirlik ve toplulu\u011fun m\u00fckemmel bir kar\u0131\u015f\u0131m\u0131n\u0131 sunarak \u00fccretsiz, anonim, taray\u0131c\u0131 tabanl\u0131 sohbet i\u00e7in \u00f6nde gelen bir hedef olarak ortaya \u00e7\u0131km\u0131\u015ft\u0131r.<\/p>\n<p>\u0130ster yeni insanlarla tan\u0131\u015fmak, ister ilgi alanlar\u0131n\u0131z\u0131 bir grupta tart\u0131\u015fmak, tavsiye almak veya sadece bir yabanc\u0131yla rastgele sohbet etmek isteyin, ChitChat d\u00fcnyan\u0131n her yerinden insanlar\u0131 s\u0131cak, g\u00fcvenli ve kullan\u0131m\u0131 kolay bir ortamda bir araya getirir - indirme veya kay\u0131t gerekmez.<\/p>\n<p>Bu derinlemesine k\u0131lavuz size ChitChat hakk\u0131nda bilmeniz gereken her \u015feyi g\u00f6sterecek: ne oldu\u011fu, \u00f6ne \u00e7\u0131kan \u00f6zellikleri, kullan\u0131c\u0131 deneyimi, gizlilik ve g\u00fcvenlik, di\u011fer sohbet platformlar\u0131yla kar\u015f\u0131la\u015ft\u0131r\u0131lmas\u0131, sorun giderme ve her oturumdan en iyi \u015fekilde yararlanman\u0131z i\u00e7in uzman ipu\u00e7lar\u0131.<\/p>\n<h2>ChitChat Nedir?<\/h2>\n<p>ChitChat, hem rastgele bire bir sohbetler hem de a\u00e7\u0131k grup sohbet odalar\u0131 sunan taray\u0131c\u0131 tabanl\u0131 anonim bir sohbet platformudur. Gizlili\u011fe ve spontanl\u0131\u011fa de\u011fer verenler i\u00e7in tasarlanan ChitChat, kay\u0131t, e-posta ve karma\u015f\u0131k kurulum olmadan an\u0131nda sohbetlere atlaman\u0131z\u0131 sa\u011flar.<\/p>\n<p>ChitChat \u015funlar i\u00e7in idealdir:<\/p>\n<ul>\n<li>Yabanc\u0131larla anonim bire bir sohbetler<\/li>\n<li>Temal\u0131 grup odalar\u0131 (ilgi alan\u0131, dil, \u00fclke, ya\u015f grubu vb.)<\/li>\n<li>G\u00fcvenli, gizlilik odakl\u0131 sohbet<\/li>\n<li>S\u0131radan sosyalle\u015fme, fl\u00f6rt, destek veya tavsiye<\/li>\n<li>Her yerden, her cihazdan ba\u011flanma<\/li>\n<\/ul>\n<p>Platform tamamen engelsiz ger\u00e7ek zamanl\u0131 ileti\u015fimle ilgilidir - sosyal profiller yok, takip yok ve kendiniz olmak i\u00e7in tam bir \u00f6zg\u00fcrl\u00fck.<\/p>\n<h2>ChitChat'in Temel \u00d6zellikleri<\/h2>\n<p>ChitChat, kullan\u0131c\u0131 g\u00fc\u00e7lendirme, g\u00fcvenlik ve kullan\u0131m kolayl\u0131\u011f\u0131na odaklanarak kendisini di\u011fer platformlardan ay\u0131r\u0131r:<\/p>\n<h3>1. Kay\u0131t Gerekmiyor<\/h3>\n<p>Herhangi bir sohbete saniyeler i\u00e7inde atlay\u0131n; sadece bir takma ad se\u00e7in ve sohbete ba\u015flay\u0131n. Ki\u015fisel bilgi, e-posta veya telefon numaras\u0131 vermenize gerek yok.<\/p>\n<h3>2. Varsay\u0131lan Olarak Anonim<\/h3>\n<p>\u0130stedi\u011finiz kadar \u00f6zel kal\u0131n. ChitChat ger\u00e7ek isim gerektirmez veya tan\u0131mlay\u0131c\u0131 bilgileri saklamaz, b\u00f6ylece her sohbeti a\u00e7\u0131k diyalog i\u00e7in g\u00fcvenli bir alan haline getirir.<\/p>\n<h3>3. Rastgele Bire Bir Sohbet<\/h3>\n<p>\u00d6zel bire bir sohbetlerde yabanc\u0131larla an\u0131nda ba\u011flant\u0131 kurun. \"Sonraki\" d\u00fc\u011fmesi, konu\u015fma do\u011fru de\u011filse h\u0131zl\u0131 bir \u015fekilde yeni bir e\u015fle\u015fmeye ge\u00e7menizi sa\u011flar.<\/p>\n<h3>4. Grup Sohbet Odalar\u0131<\/h3>\n<p>\u0130lgi alan\u0131, \u00fclke, dil, ya\u015f grubu veya konuya g\u00f6re \u00e7ok \u00e7e\u015fitli grup sohbet odalar\u0131n\u0131 ke\u015ffedin. K\u00fcresel sohbete kat\u0131l\u0131n veya kendi \u00f6zel grubunuzu olu\u015fturun.<\/p>\n<h3>5. Basit, Modern Aray\u00fcz<\/h3>\n<p>ChitChat'in temiz ve sezgisel d\u00fczeni hem masa\u00fcst\u00fc hem de mobil taray\u0131c\u0131larda sorunsuz \u00e7al\u0131\u015f\u0131r. Reklam yok, karma\u015fa yok - sadece sohbet.<\/p>\n<h3>6. Emoji ve Medya Payla\u015f\u0131m\u0131<\/h3>\n<p>Eksiksiz bir emoji kitapl\u0131\u011f\u0131 ve (etkin oldu\u011fu yerlerde) g\u00fcvenli resim veya GIF payla\u015f\u0131m\u0131 ile kendinizi ifade edin, konu\u015fmalar\u0131 daha canl\u0131 ve etkileyici hale getirin.<\/p>\n<h3>7. \u00d6zel Oda Olu\u015fturma<\/h3>\n<p>Kullan\u0131c\u0131lar \u00f6zel isimler, konular ve eri\u015fim kontrolleri ile \u00f6zel veya genel grup odalar\u0131 olu\u015fturabilir. Arkada\u015flar\u0131n\u0131z\u0131 davet etmek i\u00e7in bir ba\u011flant\u0131 payla\u015f\u0131n veya herkese a\u00e7\u0131k hale getirin.<\/p>\n<h3>8. An\u0131nda Moderasyon Ara\u00e7lar\u0131<\/h3>\n<p>Tek bir t\u0131klamayla kullan\u0131c\u0131lar\u0131 rapor edin veya engelleyin. ChitChat'in aktif moderasyonu ortam\u0131 sayg\u0131l\u0131 ve spam'den uzak tutar.<\/p>\n<h3>9. Ge\u00e7ici, G\u00fcvenli Sohbetler<\/h3>\n<p>ChitChat sohbet ge\u00e7mi\u015fini kaydetmez - bir odadan ayr\u0131ld\u0131\u011f\u0131n\u0131zda veya bir sohbeti kapatt\u0131\u011f\u0131n\u0131zda, mesajlar\u0131n\u0131z temelli olarak kaybolur ve geride hi\u00e7bir iz b\u0131rakmaz.<\/p>\n<h3>10. Dil ve Konum Filtreleri<\/h3>\n<p>Belirli \u00fclkelerden gelen veya sizin dilinizi konu\u015fan ki\u015filerle e\u015fle\u015fmeyi se\u00e7in; dil prati\u011fi yapmak veya eve daha yak\u0131n arkada\u015flar edinmek i\u00e7in idealdir.<\/p>\n<h2>ChitChat Nas\u0131l Kullan\u0131l\u0131r<\/h2>\n<p>ChitChat kullan\u0131m\u0131 sorunsuz ve sezgisel olacak \u015fekilde tasarlanm\u0131\u015ft\u0131r:<\/p>\n<h3>Ad\u0131m 1: ChitChat Web Sitesini Ziyaret Edin<\/h3>\n<p>Herhangi bir web taray\u0131c\u0131s\u0131nda chitchat.com adresine (veya yerel s\u00fcr\u00fcm\u00fcn\u00fcze) gidin.<\/p>\n<h3>Ad\u0131m 2: Bir Takma Ad Se\u00e7in<\/h3>\n<p>\u0130stedi\u011finiz bir takma ad girin-ger\u00e7ek adlara gerek yok.<\/p>\n<h3>3. Ad\u0131m: Bir Sohbet Modu Se\u00e7in<\/h3>\n<ul>\n<li>Rastgele Sohbet: Bire bir \u00f6zel sohbet i\u00e7in an\u0131nda bir yabanc\u0131yla e\u015fle\u015fin.<\/li>\n<li>Grup Odalar\u0131: Konuya, \u00fclkeye, dile veya ilgi alan\u0131na g\u00f6re grup odalar\u0131na g\u00f6z at\u0131n veya arama yap\u0131n.<\/li>\n<li>Bir Oda Olu\u015fturun: Arkada\u015flar\u0131n\u0131z veya genel sohbet i\u00e7in kendi grup odan\u0131z\u0131 kurun.<\/li>\n<\/ul>\n<h3>Ad\u0131m 4: Sohbete Ba\u015flay\u0131n<\/h3>\n<p>Merhaba deyin, sorular sorun veya do\u011frudan tart\u0131\u015fmaya atlay\u0131n. Rastgele modda yeni bir sohbete ge\u00e7mek veya ba\u015fka bir grup odas\u0131na kat\u0131lmak i\u00e7in \"\u0130leri\" d\u00fc\u011fmesini kullan\u0131n.<\/p>\n<h3>Ad\u0131m 5: Emojileri ve Medyay\u0131 Kullan\u0131n<\/h3>\n<p>Sohbetlerinizi daha etkileyici hale getirmek i\u00e7in mesajlar\u0131n\u0131za emojiler ekleyin veya izin verilen yerlerde g\u00fcvenli resimler ve GIF'ler payla\u015f\u0131n.<\/p>\n<h3>Ad\u0131m 6: Gerekti\u011finde Raporlay\u0131n veya Engelleyin<\/h3>\n<p>Troller, spam veya k\u00f6t\u00fcye kullan\u0131mla kar\u015f\u0131la\u015f\u0131rsan\u0131z, rapor et veya engelle \u00f6zelli\u011fini kullan\u0131n; moderat\u00f6rler platformu temiz tutmak i\u00e7in h\u0131zl\u0131 hareket eder.<\/p>\n<h2>ChitChat'te Kullan\u0131c\u0131 Deneyimi<\/h2>\n<p>ChitChat tamamen \u00f6zg\u00fcrl\u00fck, basitlik ve \u00f6zg\u00fcn sohbetle ilgilidir:<\/p>\n<h3>Kullan\u0131c\u0131lar Neyi Seviyor?<\/h3>\n<ul>\n<li>Kay\u0131t zahmeti yok: T\u00fcm sohbetlere an\u0131nda, anonim eri\u015fim.<\/li>\n<li>K\u00fcresel topluluk: G\u00fcn\u00fcn her saatinde, her k\u0131tadan insanlarla tan\u0131\u015f\u0131n.<\/li>\n<li>Modern, mobil uyumlu tasar\u0131m: Temiz bir d\u00fczen ile her cihazda harika \u00e7al\u0131\u015f\u0131r.<\/li>\n<li>G\u00fc\u00e7l\u00fc gizlilik: Kay\u0131t yok, profil yok, takip yok.<\/li>\n<li>\u00d6zelle\u015ftirilebilir odalar: Kendi konular\u0131n\u0131z\u0131 belirleyin ve bir ba\u011flant\u0131yla arkada\u015flar\u0131n\u0131z\u0131 davet edin.<\/li>\n<li>Aktif moderasyon: Spam veya k\u00f6t\u00fcye kullan\u0131ma h\u0131zl\u0131 yan\u0131t.<\/li>\n<li>E\u011flenceli emojiler ve resim payla\u015f\u0131m\u0131: Konu\u015fmalar\u0131 daha canl\u0131 hale getirin.<\/li>\n<\/ul>\n<h3>Kullan\u0131c\u0131lar\u0131n \u0130yile\u015ftirme \u0130\u00e7in Yer G\u00f6rd\u00fc\u011f\u00fc Noktalar<\/h3>\n<ul>\n<li>G\u00f6r\u00fcnt\u00fcl\u00fc veya sesli sohbet yok (\u015fu anda yaln\u0131zca metin tabanl\u0131).<\/li>\n<li>Baz\u0131 \u00f6zellikler (resim payla\u015f\u0131m\u0131 gibi) g\u00fcvenlik i\u00e7in rastgele sohbette s\u0131n\u0131rl\u0131d\u0131r.<\/li>\n<li>Devasa k\u00fcresel platformlara k\u0131yasla gece ge\u00e7 saatlerde daha az kullan\u0131c\u0131.<\/li>\n<li>Tam konu\u015fma ge\u00e7mi\u015fi mevcut de\u011fildir (tasar\u0131m gere\u011fi, gizlilik i\u00e7in).<\/li>\n<\/ul>\n<h3>Ger\u00e7ek Kullan\u0131c\u0131 Geri Bildirimi<\/h3>\n<blockquote><p>\"ChitChat'i g\u00fcn\u00fcn sonunda gev\u015femek i\u00e7in kullan\u0131yorum - kay\u0131t olmak yok, u\u011fra\u015fmak yok, sadece yabanc\u0131larla veya arkada\u015flarla ger\u00e7ek sohbet.\"<br \/>\n- <em>Emily R., Trustpilot<\/em><\/p><\/blockquote>\n<blockquote><p>\"Grup odalar\u0131n\u0131 seviyorum. Gizlilik konusunda endi\u015felenmeden benzer ilgi alanlar\u0131na sahip insanlarla tan\u0131\u015fman\u0131n en iyi yolu.\"<br \/>\n- <em>Ali M., Google Yorumlar\u0131<\/em><\/p><\/blockquote>\n<blockquote><p>\"Rapor d\u00fc\u011fmesi ger\u00e7ekten i\u015fe yar\u0131yor-moderat\u00f6rler trolleri h\u0131zl\u0131 bir \u015fekilde yasakl\u0131yor. \u00c7o\u011fu rastgele sohbet uygulamas\u0131ndan \u00e7ok daha g\u00fcvenli hissettiriyor.\"<br \/>\n- <em>Sophie T., App Store<\/em><\/p><\/blockquote>\n<h2>ChitChat ve Di\u011fer Anonim Sohbet Platformlar\u0131<\/h2>\n<p>ChitChat \u00f6nde gelen anonim sohbet platformlar\u0131yla nas\u0131l kar\u015f\u0131la\u015ft\u0131r\u0131l\u0131r?<\/p>\n<table>\n<thead>\n<tr>\n<th>\u00d6zellik<\/th>\n<th>ChitChat<\/th>\n<th>Chatiwi<\/th>\n<th>Chatiw<\/th>\n<th>Chatib<\/th>\n<th>Yesichat<\/th>\n<th>Chatzy<\/th>\n<\/tr>\n<\/thead>\n<tbody>\n<tr>\n<td>Kay\u0131t Gerekmiyor<\/td>\n<td>Evet<\/td>\n<td>Evet<\/td>\n<td>Evet<\/td>\n<td>Evet<\/td>\n<td>Evet<\/td>\n<td>Evet<\/td>\n<\/tr>\n<tr>\n<td>Varsay\u0131lan Olarak Anonim<\/td>\n<td>Evet<\/td>\n<td>Evet<\/td>\n<td>Evet<\/td>\n<td>Evet<\/td>\n<td>Evet<\/td>\n<td>Evet<\/td>\n<\/tr>\n<tr>\n<td>Rastgele ve Grup Sohbeti<\/td>\n<td>\u2705 Her ikisi de<\/td>\n<td>\u2705 Her ikisi de<\/td>\n<td>\u2705 Her ikisi de<\/td>\n<td>\u2705 Her ikisi de<\/td>\n<td>\u2705 Her ikisi de<\/td>\n<td>\u2705 Her ikisi de<\/td>\n<\/tr>\n<tr>\n<td>Medya\/Emoji Payla\u015f\u0131m\u0131<\/td>\n<td>Evet<\/td>\n<td>Evet<\/td>\n<td>Evet<\/td>\n<td>Evet<\/td>\n<td>Evet<\/td>\n<td>Evet<\/td>\n<\/tr>\n<tr>\n<td>\u00d6zel Oda Olu\u015fturma<\/td>\n<td>Evet<\/td>\n<td>Evet<\/td>\n<td>\u274c Hay\u0131r<\/td>\n<td>\u274c Hay\u0131r<\/td>\n<td>Evet<\/td>\n<td>Evet<\/td>\n<\/tr>\n<tr>\n<td>Moderasyon Ara\u00e7lar\u0131<\/td>\n<td>G\u00fc\u00e7l\u00fc<\/td>\n<td>G\u00fc\u00e7l\u00fc<\/td>\n<td>\u26a0\ufe0f Baz\u0131lar\u0131<\/td>\n<td>Evet<\/td>\n<td>Evet<\/td>\n<td>Evet<\/td>\n<\/tr>\n<tr>\n<td>Sohbet Ge\u00e7mi\u015fi Saklanm\u0131yor<\/td>\n<td>Evet<\/td>\n<td>Evet<\/td>\n<td>\u274c Hay\u0131r<\/td>\n<td>\u274c Hay\u0131r<\/td>\n<td>Evet<\/td>\n<td>Evet<\/td>\n<\/tr>\n<tr>\n<td>Mobil Optimize Edilmi\u015f<\/td>\n<td>Evet<\/td>\n<td>Evet<\/td>\n<td>Evet<\/td>\n<td>Evet<\/td>\n<td>Evet<\/td>\n<td>Evet<\/td>\n<\/tr>\n<\/tbody>\n<\/table>\n<p>\u00d6zet: ChitChat kullan\u0131m kolayl\u0131\u011f\u0131, rastgele ve grup sohbeti kar\u0131\u015f\u0131m\u0131, g\u00fc\u00e7l\u00fc gizlilik ve \u00f6zelle\u015ftirilebilir grup odalar\u0131 ile \u00f6ne \u00e7\u0131k\u0131yor - hem spontane sohbet hem de devam eden topluluk i\u00e7in m\u00fckemmel.<\/p>\n<h2>ChitChat G\u00fcvenli mi?<\/h2>\n<p>ChitChat, \u00f6z\u00fcnde gizlilik ve kullan\u0131c\u0131 g\u00fcvenli\u011fi ile tasarlanm\u0131\u015ft\u0131r:<\/p>\n<ul>\n<li>Kay\u0131t yok, ki\u015fisel bilgi toplanm\u0131yor<\/li>\n<li>Anonim sohbet-kendi takma ad\u0131n\u0131z\u0131 se\u00e7in<\/li>\n<li>Konu\u015fma kayd\u0131 veya veri saklama yok<\/li>\n<li>K\u00f6t\u00fcye kullan\u0131m veya spam i\u00e7in aktif moderasyon ekibi<\/li>\n<li>Kullan\u0131c\u0131 raporlama ve engelleme ara\u00e7lar\u0131<\/li>\n<li>Reklam veya \u00fc\u00e7\u00fcnc\u00fc taraf takibi yok<\/li>\n<\/ul>\n<h3>G\u00fcvenlik \u0130pu\u00e7lar\u0131<\/h3>\n<ul>\n<li>Hi\u00e7bir sohbette ki\u015fisel bilgilerinizi veya ger\u00e7ek isimlerinizi payla\u015fmay\u0131n.<\/li>\n<li>G\u00fcvenilir sohbetler i\u00e7in \u00f6zel odalar\u0131, topluluk i\u00e7in genel grup odalar\u0131n\u0131 kullan\u0131n.<\/li>\n<li>Her t\u00fcrl\u00fc taciz, spam veya uygunsuz i\u00e7eri\u011fi bildirin.<\/li>\n<li>\u0130\u00e7g\u00fcd\u00fclerinize g\u00fcvenin - rahats\u0131z hissetti\u011finiz herhangi bir sohbetten uzakla\u015f\u0131n.<\/li>\n<\/ul>\n<h2>ChitChat'ten En \u0130yi \u015eekilde Yararlanmak \u0130\u00e7in \u0130pu\u00e7lar\u0131<\/h2>\n<ul>\n<li>Dost\u00e7a bir selamlama ile ba\u015flay\u0131n: Daha fazla sohbete yol a\u00e7ar.<\/li>\n<li>Grup odalar\u0131n\u0131 ke\u015ffedin: Arkada\u015f bulmak veya konular\u0131 derinlemesine tart\u0131\u015fmak i\u00e7in harika bir yol.<\/li>\n<li>Kendi odan\u0131z\u0131 olu\u015fturun: \u00d6zel sohbetler veya temal\u0131 tart\u0131\u015fmalar i\u00e7in m\u00fckemmeldir.<\/li>\n<li>Kendinizi ifade edin: Daha ilgi \u00e7ekici sohbetler i\u00e7in emojileri ve etkin oldu\u011fu durumlarda resimleri kullan\u0131n.<\/li>\n<li>Deneyiminizi denetleyin: Gerekti\u011finde engelleme\/raporlama ara\u00e7lar\u0131n\u0131 kullan\u0131n.<\/li>\n<li>Cihazlar aras\u0131nda ge\u00e7i\u015f yap\u0131n: Mobil veya masa\u00fcst\u00fcnde sorunsuz bir deneyimin keyfini \u00e7\u0131kar\u0131n.<\/li>\n<li>Anonim kal\u0131n: Gizlili\u011finizi koruyun; hassas bilgileri asla payla\u015fmay\u0131n.<\/li>\n<\/ul>\n<h2>Yayg\u0131n ChitChat Sorunlar\u0131n\u0131 Giderme<\/h2>\n<h3>Ba\u011flan\u0131lam\u0131yor veya Sohbet Y\u00fcklenmiyor<\/h3>\n<p>\u0130nternet ba\u011flant\u0131n\u0131z\u0131 kontrol edin, taray\u0131c\u0131n\u0131z\u0131 yenileyin veya ba\u015fka bir cihaz deneyin.<\/p>\n<h3>G\u00f6r\u00fcnt\u00fc Payla\u015f\u0131m\u0131 \u00c7al\u0131\u015fm\u0131yor<\/h3>\n<p>Dosya boyutu\/t\u00fcr\u00fc s\u0131n\u0131rlar\u0131n\u0131 kontrol edin; rastgele sohbette g\u00fcvenlik i\u00e7in g\u00f6r\u00fcnt\u00fc payla\u015f\u0131m\u0131 s\u0131n\u0131rland\u0131r\u0131labilir.<\/p>\n<h3>Troller veya Spam ile Kar\u015f\u0131la\u015fma<\/h3>\n<p>Kullan\u0131c\u0131y\u0131 engelleyin veya rapor edin-moderat\u00f6rler su\u00e7lular\u0131 kald\u0131rmak i\u00e7in h\u0131zl\u0131 hareket eder.<\/p>\n<h3>Kay\u0131p Sohbet Ge\u00e7mi\u015fi<\/h3>\n<p>Tasar\u0131m gere\u011fi, sohbetler gizlilik i\u00e7in saklanmaz. Odadan ayr\u0131lmadan \u00f6nce \u00f6nemli bilgilerinizi kaydedin.<\/p>\n<h3>\u00c7evrimi\u00e7i \u00c7ok Az Kullan\u0131c\u0131<\/h3>\n<p>Farkl\u0131 grup odalar\u0131n\u0131 veya g\u00fcn\u00fcn saatlerini deneyin. Kendi odan\u0131z\u0131 olu\u015fturun ve \u00f6zel bir sohbet i\u00e7in arkada\u015flar\u0131n\u0131z\u0131 davet edin.<\/p>\n<p>Kesinlikle - \u00f6zellikle kay\u0131t, izleme veya m\u00fcdahaleci reklamlar\u0131n y\u00fck\u00fc olmadan h\u0131zl\u0131, \u00f6zel ve anonim bir sohbet deneyimi arayan herkes i\u00e7in. ChitChat, klasik sohbet odas\u0131 e\u011flencesi ile g\u00fcn\u00fcm\u00fcz\u00fcn en iyi gizlilik \u00f6zelliklerinin m\u00fckemmel ve modern bir kar\u0131\u015f\u0131m\u0131d\u0131r.<\/p>\n<p>\u0130ster bire bir sohbet etmek, ister bir grup tart\u0131\u015fmas\u0131na kat\u0131lmak veya kendi sohbet toplulu\u011funuzu olu\u015fturmak isteyin, ChitChat her zaman, her yerde, herkesle ger\u00e7ek \u00e7evrimi\u00e7i sohbetler i\u00e7in g\u00fcvenli ve samimi bir platform sa\u011flar.<\/p>\n<p>Sohbete ba\u015flamaya haz\u0131r m\u0131s\u0131n\u0131z? chitchat.com adresini ziyaret edin, takma ad\u0131n\u0131z\u0131 ve modunuzu se\u00e7in ve bir sonraki sohbetinize hemen ba\u015flay\u0131n.<\/p>","protected":false},"excerpt":{"rendered":"<p>As the online world becomes increasingly crowded with social networks and app-driven platforms, many users are searching for something more authentic and simple\u2014a place to talk, make friends, and share ideas without algorithms, profiles, or invasive data collection. ChitChat has emerged as a leading destination for free, anonymous, browser-based chat, offering the perfect blend of [&hellip;]<\/p>\n","protected":false},"author":6,"featured_media":0,"parent":0,"menu_order":0,"comment_status":"closed","ping_status":"closed","template":"","meta":{"footnotes":""},"class_list":["post-12463","page","type-page","status-publish","hentry"],"yoast_head":"<!-- This site is optimized with the Yoast SEO plugin v27.5 - https:\/\/yoast.com\/product\/yoast-seo-wordpress\/ -->\n<title>ChitChat - Talk to Strangers Online - TinyChat.com<\/title>\n<meta name=\"description\" content=\"Enjoying ChitChat? Join over 50,000,000 strangers on TinyChat! Turn on your cam and start meeting new people, or find a match.\" \/>\n<meta name=\"robots\" content=\"index, follow, max-snippet:-1, max-image-preview:large, max-video-preview:-1\" \/>\n<link rel=\"canonical\" href=\"https:\/\/tinychat.com\/tr\/chitchat\/\" \/>\n<meta property=\"og:locale\" content=\"tr_TR\" \/>\n<meta property=\"og:type\" content=\"article\" \/>\n<meta property=\"og:title\" content=\"ChitChat - Talk to Strangers Online - TinyChat.com\" \/>\n<meta property=\"og:description\" content=\"Enjoying ChitChat? Join over 50,000,000 strangers on TinyChat! Turn on your cam and start meeting new people, or find a match.\" \/>\n<meta property=\"og:url\" content=\"https:\/\/tinychat.com\/tr\/chitchat\/\" \/>\n<meta property=\"og:site_name\" content=\"TinyChat\" \/>\n<meta property=\"article:publisher\" content=\"https:\/\/www.facebook.com\/tinychat\" \/>\n<meta property=\"article:modified_time\" content=\"2025-08-04T09:49:51+00:00\" \/>\n<meta property=\"og:image\" content=\"https:\/\/tinychat.com\/wp-content\/uploads\/2020\/04\/Tinychat-logo-1280x284-new-black.png\" \/>\n\t<meta property=\"og:image:width\" content=\"1280\" \/>\n\t<meta property=\"og:image:height\" content=\"284\" \/>\n\t<meta property=\"og:image:type\" content=\"image\/png\" \/>\n<meta name=\"twitter:card\" content=\"summary_large_image\" \/>\n<meta name=\"twitter:site\" content=\"@tinychat\" \/>\n<meta name=\"twitter:label1\" content=\"Tahmini okuma s\u00fcresi\" \/>\n\t<meta name=\"twitter:data1\" content=\"7 dakika\" \/>\n<script type=\"application\/ld+json\" class=\"yoast-schema-graph\">{\"@context\":\"https:\\\/\\\/schema.org\",\"@graph\":[{\"@type\":\"WebPage\",\"@id\":\"https:\\\/\\\/tinychat.com\\\/chitchat\\\/\",\"url\":\"https:\\\/\\\/tinychat.com\\\/chitchat\\\/\",\"name\":\"ChitChat - Talk to Strangers Online - TinyChat.com\",\"isPartOf\":{\"@id\":\"https:\\\/\\\/tinychat.com\\\/#website\"},\"datePublished\":\"2025-08-04T09:13:51+00:00\",\"dateModified\":\"2025-08-04T09:49:51+00:00\",\"description\":\"Enjoying ChitChat? Join over 50,000,000 strangers on TinyChat! Turn on your cam and start meeting new people, or find a match.\",\"breadcrumb\":{\"@id\":\"https:\\\/\\\/tinychat.com\\\/chitchat\\\/#breadcrumb\"},\"inLanguage\":\"tr\",\"potentialAction\":[{\"@type\":\"ReadAction\",\"target\":[\"https:\\\/\\\/tinychat.com\\\/chitchat\\\/\"]}]},{\"@type\":\"BreadcrumbList\",\"@id\":\"https:\\\/\\\/tinychat.com\\\/chitchat\\\/#breadcrumb\",\"itemListElement\":[{\"@type\":\"ListItem\",\"position\":1,\"name\":\"Home\",\"item\":\"https:\\\/\\\/tinychat.com\\\/\"},{\"@type\":\"ListItem\",\"position\":2,\"name\":\"ChitChat\"}]},{\"@type\":\"WebSite\",\"@id\":\"https:\\\/\\\/tinychat.com\\\/#website\",\"url\":\"https:\\\/\\\/tinychat.com\\\/\",\"name\":\"TinyChat\",\"description\":\"Random Video Chat with Strangers\",\"publisher\":{\"@id\":\"https:\\\/\\\/tinychat.com\\\/#organization\"},\"alternateName\":\"TinyChat.com\",\"potentialAction\":[{\"@type\":\"SearchAction\",\"target\":{\"@type\":\"EntryPoint\",\"urlTemplate\":\"https:\\\/\\\/tinychat.com\\\/?s={search_term_string}\"},\"query-input\":{\"@type\":\"PropertyValueSpecification\",\"valueRequired\":true,\"valueName\":\"search_term_string\"}}],\"inLanguage\":\"tr\"},{\"@type\":\"Organization\",\"@id\":\"https:\\\/\\\/tinychat.com\\\/#organization\",\"name\":\"TinyChat\",\"alternateName\":\"TinyChat.com\",\"url\":\"https:\\\/\\\/tinychat.com\\\/\",\"logo\":{\"@type\":\"ImageObject\",\"inLanguage\":\"tr\",\"@id\":\"https:\\\/\\\/tinychat.com\\\/#\\\/schema\\\/logo\\\/image\\\/\",\"url\":\"https:\\\/\\\/tinychat.com\\\/wp-content\\\/uploads\\\/2023\\\/11\\\/Tinychat-icon-square.png\",\"contentUrl\":\"https:\\\/\\\/tinychat.com\\\/wp-content\\\/uploads\\\/2023\\\/11\\\/Tinychat-icon-square.png\",\"width\":284,\"height\":284,\"caption\":\"TinyChat\"},\"image\":{\"@id\":\"https:\\\/\\\/tinychat.com\\\/#\\\/schema\\\/logo\\\/image\\\/\"},\"sameAs\":[\"https:\\\/\\\/www.facebook.com\\\/tinychat\",\"https:\\\/\\\/x.com\\\/tinychat\"]}]}<\/script>\n<!-- \/ Yoast SEO plugin. -->","yoast_head_json":{"title":"ChitChat - Yabanc\u0131larla \u00c7evrimi\u00e7i Konu\u015fun - TinyChat.com","description":"ChitChat ho\u015funuza m\u0131 gidiyor? TinyChat'de 50.000.000'dan fazla yabanc\u0131ya kat\u0131l\u0131n! Kameran\u0131z\u0131 a\u00e7\u0131n ve yeni insanlarla tan\u0131\u015fmaya ba\u015flay\u0131n veya bir e\u015fle\u015fme bulun.","robots":{"index":"index","follow":"follow","max-snippet":"max-snippet:-1","max-image-preview":"max-image-preview:large","max-video-preview":"max-video-preview:-1"},"canonical":"https:\/\/tinychat.com\/tr\/chitchat\/","og_locale":"tr_TR","og_type":"article","og_title":"ChitChat - Talk to Strangers Online - TinyChat.com","og_description":"Enjoying ChitChat? Join over 50,000,000 strangers on TinyChat! Turn on your cam and start meeting new people, or find a match.","og_url":"https:\/\/tinychat.com\/tr\/chitchat\/","og_site_name":"TinyChat","article_publisher":"https:\/\/www.facebook.com\/tinychat","article_modified_time":"2025-08-04T09:49:51+00:00","og_image":[{"width":1280,"height":284,"url":"https:\/\/tinychat.com\/wp-content\/uploads\/2020\/04\/Tinychat-logo-1280x284-new-black.png","type":"image\/png"}],"twitter_card":"summary_large_image","twitter_site":"@tinychat","twitter_misc":{"Tahmini okuma s\u00fcresi":"7 dakika"},"schema":{"@context":"https:\/\/schema.org","@graph":[{"@type":"WebPage","@id":"https:\/\/tinychat.com\/chitchat\/","url":"https:\/\/tinychat.com\/chitchat\/","name":"ChitChat - Yabanc\u0131larla \u00c7evrimi\u00e7i Konu\u015fun - TinyChat.com","isPartOf":{"@id":"https:\/\/tinychat.com\/#website"},"datePublished":"2025-08-04T09:13:51+00:00","dateModified":"2025-08-04T09:49:51+00:00","description":"ChitChat ho\u015funuza m\u0131 gidiyor? TinyChat'de 50.000.000'dan fazla yabanc\u0131ya kat\u0131l\u0131n! Kameran\u0131z\u0131 a\u00e7\u0131n ve yeni insanlarla tan\u0131\u015fmaya ba\u015flay\u0131n veya bir e\u015fle\u015fme bulun.","breadcrumb":{"@id":"https:\/\/tinychat.com\/chitchat\/#breadcrumb"},"inLanguage":"tr","potentialAction":[{"@type":"ReadAction","target":["https:\/\/tinychat.com\/chitchat\/"]}]},{"@type":"BreadcrumbList","@id":"https:\/\/tinychat.com\/chitchat\/#breadcrumb","itemListElement":[{"@type":"ListItem","position":1,"name":"Home","item":"https:\/\/tinychat.com\/"},{"@type":"ListItem","position":2,"name":"ChitChat"}]},{"@type":"WebSite","@id":"https:\/\/tinychat.com\/#website","url":"https:\/\/tinychat.com\/","name":"TinyChat","description":"Yabanc\u0131larla Rastgele G\u00f6r\u00fcnt\u00fcl\u00fc Sohbet","publisher":{"@id":"https:\/\/tinychat.com\/#organization"},"alternateName":"TinyChat.com","potentialAction":[{"@type":"SearchAction","target":{"@type":"EntryPoint","urlTemplate":"https:\/\/tinychat.com\/?s={search_term_string}"},"query-input":{"@type":"PropertyValueSpecification","valueRequired":true,"valueName":"search_term_string"}}],"inLanguage":"tr"},{"@type":"Organization","@id":"https:\/\/tinychat.com\/#organization","name":"TinyChat","alternateName":"TinyChat.com","url":"https:\/\/tinychat.com\/","logo":{"@type":"ImageObject","inLanguage":"tr","@id":"https:\/\/tinychat.com\/#\/schema\/logo\/image\/","url":"https:\/\/tinychat.com\/wp-content\/uploads\/2023\/11\/Tinychat-icon-square.png","contentUrl":"https:\/\/tinychat.com\/wp-content\/uploads\/2023\/11\/Tinychat-icon-square.png","width":284,"height":284,"caption":"TinyChat"},"image":{"@id":"https:\/\/tinychat.com\/#\/schema\/logo\/image\/"},"sameAs":["https:\/\/www.facebook.com\/tinychat","https:\/\/x.com\/tinychat"]}]}},"_links":{"self":[{"href":"https:\/\/tinychat.com\/tr\/wp-json\/wp\/v2\/pages\/12463","targetHints":{"allow":["GET"]}}],"collection":[{"href":"https:\/\/tinychat.com\/tr\/wp-json\/wp\/v2\/pages"}],"about":[{"href":"https:\/\/tinychat.com\/tr\/wp-json\/wp\/v2\/types\/page"}],"author":[{"embeddable":true,"href":"https:\/\/tinychat.com\/tr\/wp-json\/wp\/v2\/users\/6"}],"replies":[{"embeddable":true,"href":"https:\/\/tinychat.com\/tr\/wp-json\/wp\/v2\/comments?post=12463"}],"version-history":[{"count":4,"href":"https:\/\/tinychat.com\/tr\/wp-json\/wp\/v2\/pages\/12463\/revisions"}],"predecessor-version":[{"id":13379,"href":"https:\/\/tinychat.com\/tr\/wp-json\/wp\/v2\/pages\/12463\/revisions\/13379"}],"wp:attachment":[{"href":"https:\/\/tinychat.com\/tr\/wp-json\/wp\/v2\/media?parent=12463"}],"curies":[{"name":"wp","href":"https:\/\/api.w.org\/{rel}","templated":true}]}}