{"id":12465,"date":"2024-09-12T13:32:48","date_gmt":"2024-09-12T11:32:48","guid":{"rendered":"https:\/\/tinychat.com\/?page_id=12465"},"modified":"2025-05-22T09:42:48","modified_gmt":"2025-05-22T07:42:48","slug":"thundr","status":"publish","type":"page","link":"https:\/\/tinychat.com\/tr\/thundr\/","title":{"rendered":"Thundr"},"content":{"rendered":"<p>Ad\u0131ndan da anla\u015f\u0131laca\u011f\u0131 gibi, Thundr tamamen h\u0131zl\u0131 tempolu, spontane ba\u011flant\u0131larla ilgilidir. \u0130ster yeni biriyle tan\u0131\u015fmak, fl\u00f6rt etmek, dertle\u015fmek ya da sadece beklenmedik bir \u015fekilde zaman ge\u00e7irmek istiyor olun, Thundr bunu saniyeler i\u00e7inde ger\u00e7ekle\u015ftirir.<\/p>\n<p>T\u00fcr\u00fcn devleri (Omegle, Chatroulette, ChatHub) gibi Thundr da yabanc\u0131lar\u0131 canl\u0131, bire bir g\u00f6r\u00fcnt\u00fcl\u00fc sohbetler arac\u0131l\u0131\u011f\u0131yla an\u0131nda ve anonim olarak birbirine ba\u011fl\u0131yor. Ancak kullan\u0131c\u0131 deneyimi, aray\u00fcz cilas\u0131 ve mobil optimizasyona odaklanmas\u0131 onu di\u011ferlerinden ay\u0131r\u0131yor ve h\u0131z, basitlik ve abart\u0131s\u0131z insan ba\u011flant\u0131s\u0131 isteyen kullan\u0131c\u0131lar i\u00e7in en iyi se\u00e7enek haline getiriyor.<\/p>\n<p>Bu tam incelemede, Thundr'\u0131n nas\u0131l \u00e7al\u0131\u015ft\u0131\u011f\u0131n\u0131, temel \u00f6zelliklerini, rakiplerinden neleri daha iyi (ve daha k\u00f6t\u00fc) yapt\u0131\u011f\u0131n\u0131 ve onu kullan\u0131rken nas\u0131l g\u00fcvende kalaca\u011f\u0131n\u0131z\u0131 ele alaca\u011f\u0131z. Temiz, modern ve ba\u011f\u0131ml\u0131l\u0131k yaratan rastgele bir g\u00f6r\u00fcnt\u00fcl\u00fc sohbet platformu ar\u0131yorsan\u0131z, okumaya devam edin - Thundr, \u00e7evrimi\u00e7i yabanc\u0131larla tan\u0131\u015fmak i\u00e7in bir sonraki favori yeriniz olabilir.<\/p>\n<h2>Thundr Nedir?<\/h2>\n<p>Thundr, d\u00fcnyan\u0131n d\u00f6rt bir yan\u0131ndaki yabanc\u0131larla anl\u0131k, anonim sohbetler i\u00e7in tasarlanm\u0131\u015f rastgele bir g\u00f6r\u00fcnt\u00fcl\u00fc sohbet platformudur. Tamamen taray\u0131c\u0131 i\u00e7inde \u00e7al\u0131\u015f\u0131r, kay\u0131t, indirme ve oturum a\u00e7ma gerektirmez. Sadece \"Ba\u015flat \"a t\u0131klay\u0131n ve yeni biriyle y\u00fcz y\u00fcze gelin - bire bir.<\/p>\n<p>Platform h\u0131z, kullan\u0131m kolayl\u0131\u011f\u0131 ve temiz tasar\u0131ma odaklan\u0131r. \u0130ster masa\u00fcst\u00fcnden ister mobilden eri\u015fiyor olun, Thundr h\u0131zl\u0131 bir \u015fekilde y\u00fcklenir ve sizi daha da h\u0131zl\u0131 ba\u011flar.<\/p>\n<p>Thundr, zay\u0131f moderasyon, modas\u0131 ge\u00e7mi\u015f kullan\u0131c\u0131 aray\u00fczleri ve spam botlar\u0131 gibi seleflerini rahats\u0131z eden sorunlar\u0131 \u00e7\u00f6zmeyi ama\u00e7layan yeni nesil sohbet sitelerinin bir par\u00e7as\u0131d\u0131r. \u00d6zellikler a\u00e7\u0131s\u0131ndan hala hafif bir \u00fcr\u00fcn olsa da, kullan\u0131c\u0131 deneyimi ve ger\u00e7ek zamanl\u0131 etkile\u015fim konusunda m\u00fckemmeldir.<\/p>\n<h2>Thundr'\u0131n Temel \u00d6zellikleri<\/h2>\n<p>Thundr i\u015fleri son derece basit tutuyor, ancak deneyiminizi geli\u015ftiren d\u00fc\u015f\u00fcnceli \u00f6zellikler de yok de\u011fil:<\/p>\n<h3>1. An\u0131nda Rastgele G\u00f6r\u00fcnt\u00fcl\u00fc Sohbet<\/h3>\n<p>Thundr'\u0131n kalbi, milisaniyeler i\u00e7inde bir yabanc\u0131yla canl\u0131, y\u00fcz y\u00fcze ba\u011flant\u0131 kurmakt\u0131r. Ba\u015flamak i\u00e7in kaydolman\u0131z, kimli\u011finizi do\u011frulaman\u0131z veya herhangi bir \u015fey yazman\u0131z bile gerekmez.<\/p>\n<p>Sadece siteyi a\u00e7\u0131n, \"Sohbete Ba\u015fla \"ya t\u0131klay\u0131n ve yeni biriyle e\u015fle\u015fin - tamamen rastgele.<\/p>\n<h3>2. Varsay\u0131lan Olarak Anonim<\/h3>\n<p>Thundr tam gizlilik ve anonimlik sunar. Hi\u00e7bir zaman ger\u00e7ek ad\u0131n\u0131z\u0131, foto\u011fraf\u0131n\u0131z\u0131 veya ileti\u015fim bilgilerinizi vermeniz gerekmez. Sohbetler ge\u00e7icidir ve kaydedilmez.<\/p>\n<p>Bu, a\u00e7\u0131kl\u0131\u011f\u0131 ve spontanl\u0131\u011f\u0131 te\u015fvik ederken, istedi\u011finiz zaman hi\u00e7bir ko\u015ful olmadan ba\u011flant\u0131n\u0131z\u0131 kesmenize olanak tan\u0131r.<\/p>\n<h3>3. \"Sonraki Sohbet\" Atlama D\u00fc\u011fmesi<\/h3>\n<p>Havaya girmediniz mi? Sadece \"Sonraki\" d\u00fc\u011fmesine bas\u0131n. Hemen ba\u015fka bir kullan\u0131c\u0131yla e\u015fle\u015ftirileceksiniz. Gecikme yok, beklemek yok, garip \u00e7\u0131k\u0131\u015flar yok.<\/p>\n<p>Bu \u00f6zellik temponun h\u0131zl\u0131, ilgi \u00e7ekici ve kontrol\u00fcn\u00fczde olmas\u0131n\u0131 sa\u011flar.<\/p>\n<h3>4. \u0130ste\u011fe Ba\u011fl\u0131 Metin Sohbeti Entegrasyonu<\/h3>\n<p>Her video oturumu ayr\u0131ca bir metin kutusu ile donat\u0131lm\u0131\u015ft\u0131r ve \u015funlar\u0131 yapman\u0131za olanak tan\u0131r:<\/p>\n<ul>\n<li>Halka a\u00e7\u0131k bir alandaysan\u0131z sessizce sohbet edin<\/li>\n<li>Mikrofonunuz kapal\u0131yken yaz\u0131n<\/li>\n<li>H\u0131zl\u0131 mesajlar payla\u015f\u0131n veya konu\u015fmay\u0131 netle\u015ftirin<\/li>\n<\/ul>\n<p>Bu \u00e7ift modlu sohbet, kullan\u0131c\u0131lar\u0131n kendilerini daha rahat hissetmelerine yard\u0131mc\u0131 olur ve Thundr'\u0131 daha fazla ki\u015fi i\u00e7in eri\u015filebilir hale getirir.<\/p>\n<h3>5. Cinsiyet Filtresi (Premium)<\/h3>\n<p>Temel kullan\u0131m \u00fccretsiz olsa da Thundr, yaln\u0131zca erkeklerle, yaln\u0131zca kad\u0131nlarla veya t\u00fcm kullan\u0131c\u0131larla e\u015fle\u015fmenizi sa\u011flayan premium bir cinsiyet filtresi sunar. Bu \u00f6zellikle \u015funlar i\u00e7in faydal\u0131d\u0131r:<\/p>\n<ul>\n<li>Fl\u00f6rt veya bulu\u015fma ile ilgilenen kullan\u0131c\u0131lar<\/li>\n<li>Sohbette daha fazla rahatl\u0131k arayan insanlar<\/li>\n<li>Ni\u015f sosyal hedefleme<\/li>\n<\/ul>\n<p>Cinsiyet filtresi iste\u011fe ba\u011fl\u0131d\u0131r ve \u00fccretsiz s\u00fcr\u00fcm yine de s\u0131n\u0131rs\u0131z e\u015fle\u015fme sa\u011flar.<\/p>\n<h3>6. Temiz, Gecikmesiz Kullan\u0131c\u0131 Aray\u00fcz\u00fc<\/h3>\n<p>Thundr'\u0131n aray\u00fcz\u00fc rastgele sohbet alan\u0131ndaki en iyilerden biridir:<\/p>\n<ul>\n<li>Temiz, karanl\u0131k mod tasar\u0131m\u0131<\/li>\n<li>Kullan\u0131m\u0131 kolay d\u00fc\u011fmeler<\/li>\n<li>B\u00fcy\u00fck, ortalanm\u0131\u015f video kutular\u0131<\/li>\n<li>H\u0131zl\u0131 y\u00fckleme ge\u00e7i\u015fleri<\/li>\n<li>Mobil uyumlu d\u00fczen<\/li>\n<\/ul>\n<p>Site hafif, modern ve sizi a\u00e7\u0131l\u0131r pencerelere veya reklamlara bo\u011fmuyor - bu da bir\u00e7ok rakibine g\u00f6re b\u00fcy\u00fck bir art\u0131.<\/p>\n<h2>Thundr Nas\u0131l Kullan\u0131l\u0131r<\/h2>\n<p>Thundr'a ba\u015flamak zahmetsizdir:<\/p>\n<h3>Ad\u0131m 1: Siteyi Ziyaret Edin<\/h3>\n<p>Herhangi bir taray\u0131c\u0131 kullanarak Thundr'a gidin (Chrome veya Safari \u00f6nerilir). \u0130ndirmeye gerek yoktur.<\/p>\n<h3>Ad\u0131m 2: Kamera ve Mikrofona \u0130zin Verin<\/h3>\n<p>Web kameran\u0131z\u0131 ve mikrofonunuzu etkinle\u015ftirmeniz istenecektir. Devam etmek i\u00e7in eri\u015fim izni verin.<\/p>\n<h3>3. Ad\u0131m: \"Sohbeti Ba\u015flat \"a t\u0131klay\u0131n<\/h3>\n<p>\u0130zinler verildikten sonra \"Ba\u015flat\" d\u00fc\u011fmesine t\u0131klay\u0131n. An\u0131nda rastgele bir yabanc\u0131ya ba\u011flanacaks\u0131n\u0131z.<\/p>\n<h3>Ad\u0131m 4: Serbest\u00e7e Sohbet Edin veya Atlay\u0131n<\/h3>\n<p>Ki\u015fi ilgin\u00e7se sohbete devam edin. De\u011filse, yeni bir e\u015fle\u015fmeye ge\u00e7mek i\u00e7in \"\u0130leri\" ye t\u0131klay\u0131n.<\/p>\n<h3>Ad\u0131m 5: \u0130ste\u011fe Ba\u011fl\u0131 Y\u00fckseltme<\/h3>\n<p>Cinsiyete g\u00f6re filtrelemek i\u00e7in y\u00fckseltme se\u00e7ene\u011fine t\u0131klay\u0131n. Aksi takdirde, k\u00fcresel bir kullan\u0131c\u0131 taban\u0131yla s\u0131n\u0131rs\u0131z \u00fccretsiz sohbetin tad\u0131n\u0131 \u00e7\u0131kar\u0131n.<\/p>\n<h2>Thundr'da Kullan\u0131c\u0131 Deneyimi<\/h2>\n<p>Thundr h\u0131zl\u0131, dikkat da\u011f\u0131tmayan ve \u015fa\u015f\u0131rt\u0131c\u0131 derecede ak\u0131c\u0131 bir deneyim sunar. \u0130ster yeni biriyle birka\u00e7 dakika konu\u015fmak isteyin, ister s\u0131n\u0131rlar \u00f6tesinde saatlerce sosyalle\u015fmek isteyin, platform bunu sa\u011fl\u0131yor.<\/p>\n<h3>\u0130nsanlar Neyi Seviyor<\/h3>\n<ul>\n<li>Kay\u0131t olmadan an\u0131nda ba\u011flant\u0131<\/li>\n<li>Da\u011f\u0131n\u0131kl\u0131k veya reklam i\u00e7ermeyen temiz kullan\u0131c\u0131 aray\u00fcz\u00fc<\/li>\n<li>S\u00fcrekli ak\u0131c\u0131 video ve ses<\/li>\n<li>Sessiz alanlar i\u00e7in metin sohbeti deste\u011fi<\/li>\n<li>Uygulama olmadan bile mobil cihazlarda harika<\/li>\n<\/ul>\n<h3>\u0130yile\u015ftirme i\u00e7in Alan<\/h3>\n<ul>\n<li>Faiz e\u015fle\u015fmesi yok (hen\u00fcz)<\/li>\n<li>Sohbet s\u0131ras\u0131nda rapor d\u00fc\u011fmesi g\u00f6r\u00fcnm\u00fcyor<\/li>\n<li>Arkada\u015f listesi veya kay\u0131tl\u0131 ba\u011flant\u0131 yok<\/li>\n<li>S\u0131n\u0131rl\u0131 moderasyon \u015feffafl\u0131\u011f\u0131<\/li>\n<\/ul>\n<h3>Ger\u00e7ek Kullan\u0131c\u0131 Yorumlar\u0131<\/h3>\n<blockquote><p>\"Thundr bu alanda g\u00f6rd\u00fc\u011f\u00fcm en temiz aray\u00fcze sahip. T\u00fcm spam'lerden \u00f6nce Omegle neyse o.\"<br \/>\n- <em>Leon R., Reddit<\/em><\/p><\/blockquote>\n<blockquote><p>\"Sadece atlayarak harika insanlarla tan\u0131\u015ft\u0131m. Giri\u015f yok, gecikme yok, sadece anl\u0131k sohbetler. Haftalard\u0131r telefonumda kullan\u0131yorum.\"<br \/>\n- <em>Lara G., Trustpilot<\/em><\/p><\/blockquote>\n<blockquote><p>\"Daha iyi filtrelere ihtiyac\u0131 var, ancak basitli\u011fi onu kullanmam\u0131n nedeni. Omegle veya rastgele klon sitelerden \u00e7ok daha iyi.\"<br \/>\n- <em>Raymond T., Google Yorumlar\u0131<\/em><\/p><\/blockquote>\n<h2>Thundr vs Di\u011fer Rastgele G\u00f6r\u00fcnt\u00fcl\u00fc Sohbet Platformlar\u0131<\/h2>\n<p>Thundr'\u0131 en pop\u00fcler alternatiflerle kar\u015f\u0131la\u015ft\u0131ral\u0131m:<\/p>\n<table>\n<thead>\n<tr>\n<th>\u00d6zellik<\/th>\n<th>Thundr<\/th>\n<th>Omegle<\/th>\n<th>ChatHub<\/th>\n<th>Joingy<\/th>\n<th>Vidizzy<\/th>\n<\/tr>\n<\/thead>\n<tbody>\n<tr>\n<td>G\u00f6r\u00fcnt\u00fcl\u00fc Sohbet<\/td>\n<td>Evet<\/td>\n<td>Evet<\/td>\n<td>Evet<\/td>\n<td>Evet<\/td>\n<td>Evet<\/td>\n<\/tr>\n<tr>\n<td>Metin Sohbeti<\/td>\n<td>Evet<\/td>\n<td>Evet<\/td>\n<td>Evet<\/td>\n<td>Evet<\/td>\n<td>Evet<\/td>\n<\/tr>\n<tr>\n<td>Kay\u0131t Gerekmiyor<\/td>\n<td>Evet<\/td>\n<td>Evet<\/td>\n<td>Evet<\/td>\n<td>Evet<\/td>\n<td>Evet<\/td>\n<\/tr>\n<tr>\n<td>Mobil Optimizasyon<\/td>\n<td>M\u00fckemmel<\/td>\n<td>\u26a0\ufe0f Kar\u0131\u015f\u0131k<\/td>\n<td>\u0130yi<\/td>\n<td>\u0130yi<\/td>\n<td>M\u00fckemmel<\/td>\n<\/tr>\n<tr>\n<td>Cinsiyet Filtresi<\/td>\n<td>\u2705 Premium<\/td>\n<td>\u274c Hay\u0131r<\/td>\n<td>\u2705 Premium<\/td>\n<td>\u2705 Premium<\/td>\n<td>\u2705 Premium<\/td>\n<\/tr>\n<tr>\n<td>Faiz E\u015fle\u015ftirme<\/td>\n<td>\u274c Hay\u0131r<\/td>\n<td>Evet<\/td>\n<td>\u274c Hay\u0131r<\/td>\n<td>\u2705 Temel<\/td>\n<td>\u274c Hay\u0131r<\/td>\n<\/tr>\n<tr>\n<td>Moderasyon Ara\u00e7lar\u0131<\/td>\n<td>\u26a0\ufe0f Limited<\/td>\n<td>\u26a0\ufe0f Zay\u0131f<\/td>\n<td>\u2705 Il\u0131ml\u0131<\/td>\n<td>\u26a0\ufe0f Minimal<\/td>\n<td>\u26a0\ufe0f Limited<\/td>\n<\/tr>\n<tr>\n<td>Arkada\u015f Sistemi<\/td>\n<td>\u274c Hay\u0131r<\/td>\n<td>\u274c Hay\u0131r<\/td>\n<td>\u274c Hay\u0131r<\/td>\n<td>\u274c Hay\u0131r<\/td>\n<td>\u274c Hay\u0131r<\/td>\n<\/tr>\n<\/tbody>\n<\/table>\n<h2>Thundr G\u00fcvenli mi?<\/h2>\n<p>Thundr tasar\u0131m\u0131 gere\u011fi anonimdir, bu da hem gizlilik hem de risk sunar. \u00c7o\u011fu kullan\u0131c\u0131 arkada\u015f canl\u0131s\u0131 olsa da, baz\u0131lar\u0131 uygunsuz davranabilir. \u015eu anda Thundr'\u0131n moderasyon sistemi pasiftir ve do\u011frudan raporlardan ziyade kullan\u0131c\u0131 davran\u0131\u015f s\u0131n\u0131rlar\u0131na dayanmaktad\u0131r.<\/p>\n<h3>Art\u0131lar\u0131:<\/h3>\n<ul>\n<li>Ki\u015fisel veri gerekmez<\/li>\n<li>Ele ge\u00e7irilecek hesap veya parola yok<\/li>\n<li>Kolay \u00e7\u0131k\u0131\u015f ve k\u00f6t\u00fc etkile\u015fimleri atlama<\/li>\n<\/ul>\n<h3>Eksiler:<\/h3>\n<ul>\n<li>G\u00f6r\u00fcn\u00fcr rapor d\u00fc\u011fmesi yok<\/li>\n<li>G\u00f6r\u00fcn\u00fcr \u015fart uygulamas\u0131 yok<\/li>\n<li>Ya\u015f do\u011frulamas\u0131 veya g\u00fcvenlik uyar\u0131lar\u0131 yok<\/li>\n<\/ul>\n<h2>Per\u015fembe G\u00fcn\u00fc G\u00fcvende Kalmak \u0130\u00e7in \u0130pu\u00e7lar\u0131<\/h2>\n<ul>\n<li>Ad\u0131n\u0131z\u0131, numaran\u0131z\u0131 veya sosyal medya hesaplar\u0131n\u0131z\u0131 payla\u015fmay\u0131n<\/li>\n<li>Herhangi bir rahats\u0131zl\u0131k belirtisinde sohbeti atlay\u0131n veya kapat\u0131n<\/li>\n<li>Platformu \u00f6zel, g\u00fcvenli ortamlarda kullan\u0131n<\/li>\n<li>Haz\u0131r olana kadar kameran\u0131z\u0131n \u00fczerini \u00f6rt\u00fcn<\/li>\n<li>Gizlili\u011fe \u00f6nem veriyorsan\u0131z VPN kullan\u0131n<\/li>\n<\/ul>\n<h2>S\u0131k Kar\u015f\u0131la\u015f\u0131lan Sorunlar\u0131n Giderilmesi<\/h2>\n<h3>Web Kameras\u0131na Eri\u015filemiyor<\/h3>\n<p>Taray\u0131c\u0131 izinlerini kontrol edin (\u00f6zellikle Chrome\/Firefox). Kameran\u0131z\u0131 ba\u015fka hi\u00e7bir uygulaman\u0131n kullanmad\u0131\u011f\u0131ndan emin olun.<\/p>\n<h3>Bo\u015f Ekran<\/h3>\n<p>Di\u011fer ki\u015fi ayr\u0131lm\u0131\u015f olabilir. Sohbeti yeniden y\u00fcklemek i\u00e7in \"\u0130leri \"ye t\u0131klay\u0131n.<\/p>\n<h3>Ses \u00c7al\u0131\u015fm\u0131yor<\/h3>\n<p>Sistem ayarlar\u0131ndan mikrofon giri\u015finizi kontrol edin. Farkl\u0131 bir taray\u0131c\u0131da test edin.<\/p>\n<h3>Yava\u015f E\u015fle\u015ftirme<\/h3>\n<p>Yo\u011fun saatlerde deneyin. ABD ve Avrupa'da ak\u015fam saatlerinde daha fazla kullan\u0131c\u0131 \u00e7evrimi\u00e7i olur.<\/p>\n<p>Yabanc\u0131larla video arac\u0131l\u0131\u011f\u0131yla konu\u015fman\u0131n h\u0131zl\u0131, kolay ve modern bir yolunu ar\u0131yorsan\u0131z, Thundr tam olarak ihtiyac\u0131n\u0131z olan\u0131 sunar - eski platformlar\u0131n dramas\u0131, karma\u015fas\u0131 veya gecikmesi olmadan.<\/p>\n<p>En zengin \u00f6zelliklere sahip site de\u011fil, ancak bu cazibenin bir par\u00e7as\u0131. Thundr, deneyimi \u00f6nemli olana indirgiyor: yeni biriyle canl\u0131, y\u00fcz y\u00fcze ba\u011flant\u0131.<\/p>\n<ul>\n<li>Giri\u015f yok<\/li>\n<li>Uygulama indirme yok<\/li>\n<li>Hile yok<\/li>\n<\/ul>\n<p>Sadece siz, kameran\u0131z ve d\u00fcnyan\u0131n \u00f6b\u00fcr ucundaki biri.<\/p>\n<p>\u0130ster merakl\u0131, ister yaln\u0131z, ister s\u0131k\u0131lm\u0131\u015f ya da sadece yeni bir \u015fey denemek istiyor olun, Thundr spontane, insan etkile\u015fimini ke\u015ffetmek i\u00e7in m\u00fckemmel bir platformdur - an\u0131nda.<\/p>\n<p>thundr.com adresini ziyaret edin ve kendiniz deneyin.<\/p>","protected":false},"excerpt":{"rendered":"<p>As the name suggests, Thundr is all about fast-paced, spontaneous connections that strike without warning. Whether you\u2019re in the mood to meet someone new, flirt, vent, or simply pass the time in an unexpected way, Thundr makes it happen \u2014 in seconds. Much like the giants of the genre (Omegle, Chatroulette, ChatHub), Thundr connects strangers [&hellip;]<\/p>\n","protected":false},"author":6,"featured_media":0,"parent":0,"menu_order":0,"comment_status":"closed","ping_status":"closed","template":"","meta":{"footnotes":""},"class_list":["post-12465","page","type-page","status-publish","hentry"],"yoast_head":"<!-- This site is optimized with the Yoast SEO plugin v27.5 - https:\/\/yoast.com\/product\/yoast-seo-wordpress\/ -->\n<title>Thundr - The New Omegle Video Chat - TinyChat.com<\/title>\n<meta name=\"description\" content=\"Enjoying Thundr? Join over 50,000,000 strangers on TinyChat! Turn on your cam and start meeting new people, or find a match.\" \/>\n<meta name=\"robots\" content=\"index, follow, max-snippet:-1, max-image-preview:large, max-video-preview:-1\" \/>\n<link rel=\"canonical\" href=\"https:\/\/tinychat.com\/tr\/thundr\/\" \/>\n<meta property=\"og:locale\" content=\"tr_TR\" \/>\n<meta property=\"og:type\" content=\"article\" \/>\n<meta property=\"og:title\" content=\"Thundr - The New Omegle Video Chat - TinyChat.com\" \/>\n<meta property=\"og:description\" content=\"Enjoying Thundr? Join over 50,000,000 strangers on TinyChat! Turn on your cam and start meeting new people, or find a match.\" \/>\n<meta property=\"og:url\" content=\"https:\/\/tinychat.com\/tr\/thundr\/\" \/>\n<meta property=\"og:site_name\" content=\"TinyChat\" \/>\n<meta property=\"article:publisher\" content=\"https:\/\/www.facebook.com\/tinychat\" \/>\n<meta property=\"article:modified_time\" content=\"2025-05-22T07:42:48+00:00\" \/>\n<meta property=\"og:image\" content=\"https:\/\/tinychat.com\/wp-content\/uploads\/2020\/04\/Tinychat-logo-1280x284-new-black.png\" \/>\n\t<meta property=\"og:image:width\" content=\"1280\" \/>\n\t<meta property=\"og:image:height\" content=\"284\" \/>\n\t<meta property=\"og:image:type\" content=\"image\/png\" \/>\n<meta name=\"twitter:card\" content=\"summary_large_image\" \/>\n<meta name=\"twitter:site\" content=\"@tinychat\" \/>\n<meta name=\"twitter:label1\" content=\"Tahmini okuma s\u00fcresi\" \/>\n\t<meta name=\"twitter:data1\" content=\"6 dakika\" \/>\n<script type=\"application\/ld+json\" class=\"yoast-schema-graph\">{\"@context\":\"https:\\\/\\\/schema.org\",\"@graph\":[{\"@type\":\"WebPage\",\"@id\":\"https:\\\/\\\/tinychat.com\\\/thundr\\\/\",\"url\":\"https:\\\/\\\/tinychat.com\\\/thundr\\\/\",\"name\":\"Thundr - The New Omegle Video Chat - TinyChat.com\",\"isPartOf\":{\"@id\":\"https:\\\/\\\/tinychat.com\\\/#website\"},\"datePublished\":\"2024-09-12T11:32:48+00:00\",\"dateModified\":\"2025-05-22T07:42:48+00:00\",\"description\":\"Enjoying Thundr? Join over 50,000,000 strangers on TinyChat! Turn on your cam and start meeting new people, or find a match.\",\"breadcrumb\":{\"@id\":\"https:\\\/\\\/tinychat.com\\\/thundr\\\/#breadcrumb\"},\"inLanguage\":\"tr\",\"potentialAction\":[{\"@type\":\"ReadAction\",\"target\":[\"https:\\\/\\\/tinychat.com\\\/thundr\\\/\"]}]},{\"@type\":\"BreadcrumbList\",\"@id\":\"https:\\\/\\\/tinychat.com\\\/thundr\\\/#breadcrumb\",\"itemListElement\":[{\"@type\":\"ListItem\",\"position\":1,\"name\":\"Home\",\"item\":\"https:\\\/\\\/tinychat.com\\\/\"},{\"@type\":\"ListItem\",\"position\":2,\"name\":\"Thundr\"}]},{\"@type\":\"WebSite\",\"@id\":\"https:\\\/\\\/tinychat.com\\\/#website\",\"url\":\"https:\\\/\\\/tinychat.com\\\/\",\"name\":\"TinyChat\",\"description\":\"Random Video Chat with Strangers\",\"publisher\":{\"@id\":\"https:\\\/\\\/tinychat.com\\\/#organization\"},\"alternateName\":\"TinyChat.com\",\"potentialAction\":[{\"@type\":\"SearchAction\",\"target\":{\"@type\":\"EntryPoint\",\"urlTemplate\":\"https:\\\/\\\/tinychat.com\\\/?s={search_term_string}\"},\"query-input\":{\"@type\":\"PropertyValueSpecification\",\"valueRequired\":true,\"valueName\":\"search_term_string\"}}],\"inLanguage\":\"tr\"},{\"@type\":\"Organization\",\"@id\":\"https:\\\/\\\/tinychat.com\\\/#organization\",\"name\":\"TinyChat\",\"alternateName\":\"TinyChat.com\",\"url\":\"https:\\\/\\\/tinychat.com\\\/\",\"logo\":{\"@type\":\"ImageObject\",\"inLanguage\":\"tr\",\"@id\":\"https:\\\/\\\/tinychat.com\\\/#\\\/schema\\\/logo\\\/image\\\/\",\"url\":\"https:\\\/\\\/tinychat.com\\\/wp-content\\\/uploads\\\/2023\\\/11\\\/Tinychat-icon-square.png\",\"contentUrl\":\"https:\\\/\\\/tinychat.com\\\/wp-content\\\/uploads\\\/2023\\\/11\\\/Tinychat-icon-square.png\",\"width\":284,\"height\":284,\"caption\":\"TinyChat\"},\"image\":{\"@id\":\"https:\\\/\\\/tinychat.com\\\/#\\\/schema\\\/logo\\\/image\\\/\"},\"sameAs\":[\"https:\\\/\\\/www.facebook.com\\\/tinychat\",\"https:\\\/\\\/x.com\\\/tinychat\"]}]}<\/script>\n<!-- \/ Yoast SEO plugin. -->","yoast_head_json":{"title":"Thundr - Yeni Omegle G\u00f6r\u00fcnt\u00fcl\u00fc Sohbet - TinyChat.com","description":"Thundr'\u0131n tad\u0131n\u0131 \u00e7\u0131kar\u0131yor musunuz? TinyChat'de 50.000.000'dan fazla yabanc\u0131ya kat\u0131l\u0131n! Kameran\u0131z\u0131 a\u00e7\u0131n ve yeni insanlarla tan\u0131\u015fmaya ba\u015flay\u0131n veya bir e\u015fle\u015fme bulun.","robots":{"index":"index","follow":"follow","max-snippet":"max-snippet:-1","max-image-preview":"max-image-preview:large","max-video-preview":"max-video-preview:-1"},"canonical":"https:\/\/tinychat.com\/tr\/thundr\/","og_locale":"tr_TR","og_type":"article","og_title":"Thundr - The New Omegle Video Chat - TinyChat.com","og_description":"Enjoying Thundr? Join over 50,000,000 strangers on TinyChat! Turn on your cam and start meeting new people, or find a match.","og_url":"https:\/\/tinychat.com\/tr\/thundr\/","og_site_name":"TinyChat","article_publisher":"https:\/\/www.facebook.com\/tinychat","article_modified_time":"2025-05-22T07:42:48+00:00","og_image":[{"width":1280,"height":284,"url":"https:\/\/tinychat.com\/wp-content\/uploads\/2020\/04\/Tinychat-logo-1280x284-new-black.png","type":"image\/png"}],"twitter_card":"summary_large_image","twitter_site":"@tinychat","twitter_misc":{"Tahmini okuma s\u00fcresi":"6 dakika"},"schema":{"@context":"https:\/\/schema.org","@graph":[{"@type":"WebPage","@id":"https:\/\/tinychat.com\/thundr\/","url":"https:\/\/tinychat.com\/thundr\/","name":"Thundr - Yeni Omegle G\u00f6r\u00fcnt\u00fcl\u00fc Sohbet - TinyChat.com","isPartOf":{"@id":"https:\/\/tinychat.com\/#website"},"datePublished":"2024-09-12T11:32:48+00:00","dateModified":"2025-05-22T07:42:48+00:00","description":"Thundr'\u0131n tad\u0131n\u0131 \u00e7\u0131kar\u0131yor musunuz? TinyChat'de 50.000.000'dan fazla yabanc\u0131ya kat\u0131l\u0131n! Kameran\u0131z\u0131 a\u00e7\u0131n ve yeni insanlarla tan\u0131\u015fmaya ba\u015flay\u0131n veya bir e\u015fle\u015fme bulun.","breadcrumb":{"@id":"https:\/\/tinychat.com\/thundr\/#breadcrumb"},"inLanguage":"tr","potentialAction":[{"@type":"ReadAction","target":["https:\/\/tinychat.com\/thundr\/"]}]},{"@type":"BreadcrumbList","@id":"https:\/\/tinychat.com\/thundr\/#breadcrumb","itemListElement":[{"@type":"ListItem","position":1,"name":"Home","item":"https:\/\/tinychat.com\/"},{"@type":"ListItem","position":2,"name":"Thundr"}]},{"@type":"WebSite","@id":"https:\/\/tinychat.com\/#website","url":"https:\/\/tinychat.com\/","name":"TinyChat","description":"Yabanc\u0131larla Rastgele G\u00f6r\u00fcnt\u00fcl\u00fc Sohbet","publisher":{"@id":"https:\/\/tinychat.com\/#organization"},"alternateName":"TinyChat.com","potentialAction":[{"@type":"SearchAction","target":{"@type":"EntryPoint","urlTemplate":"https:\/\/tinychat.com\/?s={search_term_string}"},"query-input":{"@type":"PropertyValueSpecification","valueRequired":true,"valueName":"search_term_string"}}],"inLanguage":"tr"},{"@type":"Organization","@id":"https:\/\/tinychat.com\/#organization","name":"TinyChat","alternateName":"TinyChat.com","url":"https:\/\/tinychat.com\/","logo":{"@type":"ImageObject","inLanguage":"tr","@id":"https:\/\/tinychat.com\/#\/schema\/logo\/image\/","url":"https:\/\/tinychat.com\/wp-content\/uploads\/2023\/11\/Tinychat-icon-square.png","contentUrl":"https:\/\/tinychat.com\/wp-content\/uploads\/2023\/11\/Tinychat-icon-square.png","width":284,"height":284,"caption":"TinyChat"},"image":{"@id":"https:\/\/tinychat.com\/#\/schema\/logo\/image\/"},"sameAs":["https:\/\/www.facebook.com\/tinychat","https:\/\/x.com\/tinychat"]}]}},"_links":{"self":[{"href":"https:\/\/tinychat.com\/tr\/wp-json\/wp\/v2\/pages\/12465","targetHints":{"allow":["GET"]}}],"collection":[{"href":"https:\/\/tinychat.com\/tr\/wp-json\/wp\/v2\/pages"}],"about":[{"href":"https:\/\/tinychat.com\/tr\/wp-json\/wp\/v2\/types\/page"}],"author":[{"embeddable":true,"href":"https:\/\/tinychat.com\/tr\/wp-json\/wp\/v2\/users\/6"}],"replies":[{"embeddable":true,"href":"https:\/\/tinychat.com\/tr\/wp-json\/wp\/v2\/comments?post=12465"}],"version-history":[{"count":4,"href":"https:\/\/tinychat.com\/tr\/wp-json\/wp\/v2\/pages\/12465\/revisions"}],"predecessor-version":[{"id":13211,"href":"https:\/\/tinychat.com\/tr\/wp-json\/wp\/v2\/pages\/12465\/revisions\/13211"}],"wp:attachment":[{"href":"https:\/\/tinychat.com\/tr\/wp-json\/wp\/v2\/media?parent=12465"}],"curies":[{"name":"wp","href":"https:\/\/api.w.org\/{rel}","templated":true}]}}