{"id":12724,"date":"2025-08-07T10:14:49","date_gmt":"2025-08-07T08:14:49","guid":{"rendered":"https:\/\/tinychat.com\/?page_id=12724"},"modified":"2025-08-07T11:00:11","modified_gmt":"2025-08-07T09:00:11","slug":"incognito-chat","status":"publish","type":"page","link":"https:\/\/tinychat.com\/tr\/incognito-chat\/","title":{"rendered":"Gizli Sohbet"},"content":{"rendered":"<p>Hi\u00e7 kim oldu\u011funuzu belli etmeden \u00e7evrimi\u00e7i olarak biriyle konu\u015fmak, soru sormak, hikaye payla\u015fmak ya da sadece sohbet etmek istediniz mi? Gizli sohbetin cazibesi i\u015fte budur: tam gizlilik, tam \u00f6zg\u00fcrl\u00fck ve y\u00fcz\u00fcn\u00fcz\u00fc g\u00f6stermenize veya ad\u0131n\u0131z\u0131 payla\u015fman\u0131za gerek kalmadan ger\u00e7ek sohbetler.<\/p>\n<p>\u0130ster ki\u015fisel konular\u0131 tart\u0131\u015fmak i\u00e7in g\u00fcvenli bir alan ar\u0131yor olun, ister bask\u0131 alt\u0131nda kalmadan yeni insanlarla tan\u0131\u015fmak isteyin ya da sadece tam bir anonimli\u011fin heyecan\u0131n\u0131 arzulay\u0131n, gizli sohbet odalar\u0131 ve uygulamalar\u0131 sizin dijital saklanma yerinizdir. Gizli modda sohbet hakk\u0131nda bilmeniz gereken her \u015feyi ve neden bu kadar pop\u00fcler oldu\u011funu burada bulabilirsiniz.<\/p>\n<h2>Gizli Sohbet Nedir?<\/h2>\n<p>Gizli sohbet, kullan\u0131c\u0131lar\u0131n ba\u015fkalar\u0131yla anonim olarak konu\u015fmas\u0131na olanak tan\u0131yan \u00e7evrimi\u00e7i sohbet platformlar\u0131n\u0131, uygulamalar\u0131 veya sohbet odalar\u0131n\u0131 ifade eder. Sosyal medya veya geleneksel mesajla\u015fma uygulamalar\u0131n\u0131n aksine, ger\u00e7ek ad\u0131n\u0131zla kaydolman\u0131z, foto\u011fraf\u0131n\u0131z\u0131 kullanman\u0131z veya hatta bir profil olu\u015fturman\u0131z gerekmez. Ger\u00e7ek sohbetler yaparken herhangi biri (ya da hi\u00e7 kimse) olmakta \u00f6zg\u00fcrs\u00fcn\u00fcz.<\/p>\n<p>\u00c7evrimi\u00e7i gizli sohbet tamamen bununla ilgilidir:<\/p>\n<ul>\n<li>Anonimlik: Kimli\u011finizi a\u00e7\u0131klaman\u0131za gerek yok; bir takma ad kullan\u0131n, \"gizli\" kal\u0131n veya uygulaman\u0131n sizin i\u00e7in rastgele bir ad olu\u015fturmas\u0131na izin verin.<\/li>\n<li>Gizlilik: Konu\u015fmalar hesaplar\u0131n\u0131za ba\u011fl\u0131 de\u011fildir ve genellikle kaydedilmez.<\/li>\n<li>\u00d6zg\u00fcrl\u00fck: Yarg\u0131lanmaktan veya sonu\u00e7lar\u0131ndan korkmadan akl\u0131n\u0131zdan ge\u00e7enleri s\u00f6yleyin.<\/li>\n<\/ul>\n<p>Platformlar metin, ses ve hatta g\u00f6r\u00fcnt\u00fcl\u00fc sohbet sunabilir - ancak her zaman \u00f6z\u00fcnde anonimlik vard\u0131r.<\/p>\n<h2>Neden \u00c7evrimi\u00e7i Gizli Sohbet Kullanmal\u0131?<\/h2>\n<p>\u0130nsanlar her t\u00fcrl\u00fc nedenden dolay\u0131 gizli sohbete y\u00f6nelirler:<\/p>\n<ul>\n<li>\u00d6zg\u00fcrce payla\u015f\u0131n: Anonim oldu\u011funuzda duygular, s\u0131rlar veya zor konular hakk\u0131nda a\u00e7\u0131k\u00e7a konu\u015fmak daha kolayd\u0131r.<\/li>\n<li>D\u00fcr\u00fcst tavsiyeler al\u0131n: \u0130nsanlar, sosyal sonu\u00e7lar\u0131 olmad\u0131\u011f\u0131nda daha samimi geri bildirimler verme e\u011filimindedir.<\/li>\n<li>Yeni insanlarla tan\u0131\u015f\u0131n: D\u00fcnyan\u0131n d\u00f6rt bir yan\u0131ndaki yabanc\u0131larla ba\u011flant\u0131 kurun - bask\u0131 yok, \u015fart yok.<\/li>\n<li>Gariplikten ka\u00e7\u0131n\u0131n: Tan\u0131d\u0131\u011f\u0131n\u0131z insanlarla kar\u015f\u0131la\u015fmaktan veya utan\u00e7 verici bir \u015fey s\u00f6ylemekten korkmay\u0131n.<\/li>\n<li>Destek ve yard\u0131m: Destek gruplar\u0131, ruh sa\u011fl\u0131\u011f\u0131 sohbetleri veya e\u015fler aras\u0131 dan\u0131\u015fmanl\u0131k bulmak i\u00e7in harika.<\/li>\n<\/ul>\n<blockquote><p>\"Arkada\u015flar\u0131mla konu\u015famad\u0131\u011f\u0131m konularda tavsiyeye ihtiyac\u0131m oldu\u011funda gizli sohbet uygulamalar\u0131n\u0131 kullan\u0131yorum. En d\u00fcr\u00fcst ve faydal\u0131 sohbetlerimden baz\u0131lar\u0131n\u0131 orada yapt\u0131m.\"<\/p><\/blockquote>\n<h2>Pop\u00fcler Gizli Sohbet T\u00fcrleri<\/h2>\n<p>Ke\u015ffedilecek koca bir gizli sohbet uygulamalar\u0131 ve platformlar\u0131 d\u00fcnyas\u0131 var:<\/p>\n<h3>1. Anonim Gizli Sohbet Odalar\u0131<\/h3>\n<p>Bunlar herkesin anonim oldu\u011fu klasik metin tabanl\u0131 odalard\u0131r. Chat Avenue, Wireclub ve TinyChat, an\u0131nda kat\u0131labilece\u011finiz genel ve \u00f6zel odalar sunar.<\/p>\n<h3>2. Gizli Sohbet Uygulamalar\u0131<\/h3>\n<p>Chatous, Whisper ve Wakie gibi mobil uygulamalar anonim sohbet i\u00e7in tasarlanm\u0131\u015ft\u0131r. Takma ad\u0131n\u0131z\u0131 se\u00e7in ve mesajla\u015fmaya ba\u015flay\u0131n; telefon numaras\u0131 veya sosyal giri\u015f gerekmez.<\/p>\n<h3>3. Bire Bir Gizli G\u00f6r\u00fcnt\u00fcl\u00fc Sohbet<\/h3>\n<p>Omegle ve Chatroulette gibi platformlar kay\u0131t olmadan g\u00f6r\u00fcnt\u00fcl\u00fc sohbet etmenizi sa\u011flar. Siz istemedi\u011finiz s\u00fcrece ger\u00e7ek kimli\u011finiz asla g\u00f6sterilmez.<\/p>\n<h3>4. Gizli Grup Sohbetleri<\/h3>\n<p>Temal\u0131 veya ilgi alan\u0131na dayal\u0131 odalara (m\u00fczik, ruh sa\u011fl\u0131\u011f\u0131, fl\u00f6rt vb.) kat\u0131l\u0131n ve gizli kalmak isteyen di\u011fer ki\u015filerle de ba\u011flant\u0131 kurun.<\/p>\n<h2>Gizli Sohbet ve Normal \u00c7evrimi\u00e7i Sohbet<\/h2>\n<table>\n<thead>\n<tr>\n<th>\u00d6zellik<\/th>\n<th>Gizli Sohbet<\/th>\n<th>Normal Sohbet Uygulamalar\u0131<\/th>\n<th>Sosyal Medya<\/th>\n<\/tr>\n<\/thead>\n<tbody>\n<tr>\n<td>Ger\u00e7ek isim\/profil gerekmiyor<\/td>\n<td>\u2705<\/td>\n<td>\u274c<\/td>\n<td>\u274c<\/td>\n<\/tr>\n<tr>\n<td>Anonim giri\u015f<\/td>\n<td>\u2705<\/td>\n<td>\u274c<\/td>\n<td>\u274c<\/td>\n<\/tr>\n<tr>\n<td>Kaydedilmeyen konu\u015fmalar<\/td>\n<td>\u2705\/\u274c<\/td>\n<td>\u274c<\/td>\n<td>\u274c<\/td>\n<\/tr>\n<tr>\n<td>Grup veya \u00f6zel se\u00e7enekler<\/td>\n<td>\u2705<\/td>\n<td>\u2705<\/td>\n<td>\u2705<\/td>\n<\/tr>\n<tr>\n<td>Kullan\u0131m\u0131 \u00fccretsiz<\/td>\n<td>\u2705<\/td>\n<td>\u2705<\/td>\n<td>\u2705<\/td>\n<\/tr>\n<tr>\n<td>Rastgele e\u015fle\u015ftirme m\u00fcmk\u00fcn<\/td>\n<td>\u2705<\/td>\n<td>\u274c<\/td>\n<td>\u274c<\/td>\n<\/tr>\n<\/tbody>\n<\/table>\n<p>Incognito sohbet size \u00f6zg\u00fcrl\u00fck, esneklik ve g\u00f6n\u00fcl rahatl\u0131\u011f\u0131 sa\u011flamas\u0131yla \u00f6ne \u00e7\u0131kar.<\/p>\n<h2>Gizli Sohbet Nas\u0131l \u00c7al\u0131\u015f\u0131r?<\/h2>\n<p>\u00c7evrimi\u00e7i gizli sohbete ba\u015flamak \u00e7ok basittir:<\/p>\n<ol>\n<li>Bir platform veya uygulama se\u00e7in: Metin mi, sesli mi yoksa g\u00f6r\u00fcnt\u00fcl\u00fc sohbet mi istedi\u011finize karar verin.<\/li>\n<li>Bir takma ad olu\u015fturun (veya \"Misafir\" olarak girin): \u00c7o\u011fu site kay\u0131t olmadan giri\u015f yapman\u0131za izin verir.<\/li>\n<li>Bir sohbet odas\u0131 se\u00e7in veya bire bir sohbet ba\u015flat\u0131n: Baz\u0131 platformlar belirli konular i\u00e7in temal\u0131 odalar sunar.<\/li>\n<li>Sohbet etmeye ba\u015flay\u0131n! \u0130stedi\u011finizi payla\u015f\u0131n, dinleyin ve her yerden insanlarla ba\u011flant\u0131 kurun.<\/li>\n<li>\u0130stedi\u011finiz zaman \u00e7\u0131kabilir veya atlayabilirsiniz: Konu\u015fma istedi\u011finiz gibi de\u011filse, devam etmekte \u00f6zg\u00fcrs\u00fcn\u00fcz.<\/li>\n<\/ol>\n<p>\u00c7o\u011fu uygulama ve site \u00fccretsizdir; baz\u0131lar\u0131 reklam kald\u0131rma, geli\u015fmi\u015f filtreler veya VIP odalar\u0131 gibi \u00fccretli \u00f6zellikler sunar.<\/p>\n<h2>Gizli Sohbeti Kimler Kullan\u0131r?<\/h2>\n<p>Herkes! Tipik kullan\u0131c\u0131lar \u015funlard\u0131r:<\/p>\n<ul>\n<li>Tavsiye veya akran deste\u011fi arayan gen\u00e7ler ve gen\u00e7 yeti\u015fkinler<\/li>\n<li>\u0130li\u015fkiler, sa\u011fl\u0131k veya ki\u015fisel m\u00fccadeleler hakk\u0131nda sorular\u0131 olan ki\u015filer<\/li>\n<li>\u00d6zel bilgilerini payla\u015fmadan fl\u00f6rt etmek veya yeni insanlarla tan\u0131\u015fmak isteyen bekarlar<\/li>\n<li>\u0130\u015f veya okul stresi hakk\u0131nda a\u00e7\u0131k\u00e7a konu\u015fmak isteyen profesyoneller veya \u00f6\u011frenciler<\/li>\n<li>D\u00fcr\u00fcst, bask\u0131s\u0131z bir sohbet isteyen herkes<\/li>\n<\/ul>\n<p>Biraz mahremiyete ihtiya\u00e7 duyman\u0131n ya\u015f s\u0131n\u0131r\u0131 yoktur.<\/p>\n<h2>Gizli Sohbet Ger\u00e7ekten G\u00fcvenli mi?<\/h2>\n<p>Gizli sohbet \u00e7o\u011fu sosyal platformdan daha g\u00fcvenlidir - ancak her zaman sa\u011fduyulu olun:<\/p>\n<ul>\n<li>Ger\u00e7ek isimlerinizi, adreslerinizi, telefon numaralar\u0131n\u0131z\u0131 veya ki\u015fisel bilgilerinizi payla\u015fmay\u0131n.<\/li>\n<li>Foto\u011fraflar veya videolar konusunda dikkatli olun: Herkese a\u00e7\u0131k olmas\u0131n\u0131 istemedi\u011finiz g\u00f6r\u00fcnt\u00fcleri asla g\u00f6ndermeyin.<\/li>\n<li>Bir sohbette kendinizi rahats\u0131z hissediyorsan\u0131z hemen oradan ayr\u0131l\u0131n.<\/li>\n<li>Moderasyon ve raporlama \u00f6zelliklerine sahip platformlar kullan\u0131n.<\/li>\n<li>Unutmay\u0131n, anonimlik iki y\u00f6nl\u00fcd\u00fcr: Di\u011fer kullan\u0131c\u0131lar da anonimdir-i\u00e7g\u00fcd\u00fclerinize g\u00fcvenin.<\/li>\n<\/ul>\n<p>Gizli sohbeti ruh sa\u011fl\u0131\u011f\u0131 veya destek i\u00e7in kullan\u0131yorsan\u0131z, e\u011fitimli moderat\u00f6rleri veya do\u011frulanm\u0131\u015f yard\u0131mc\u0131lar\u0131 olan hizmetleri aray\u0131n.<\/p>\n<h2>Gizli Sohbet Uygulamalar\u0131n\u0131n ve Sitelerinin En \u0130yi \u00d6zellikleri<\/h2>\n<ul>\n<li>Kay\u0131t gerekmez: E-posta veya telefon numaras\u0131 gerekmeden an\u0131nda kat\u0131l\u0131n.<\/li>\n<li>\u00d6zel gizli sohbet odalar\u0131: Her t\u00fcrl\u00fc ruh hali i\u00e7in konu tabanl\u0131 veya genel sohbet odalar\u0131na kat\u0131l\u0131n.<\/li>\n<li>Ge\u00e7ici sohbet ge\u00e7mi\u015fleri: Bir\u00e7ok uygulama konu\u015fmalar\u0131 kaydetmez, bu nedenle ayr\u0131ld\u0131\u011f\u0131n\u0131zda s\u00f6zleriniz kaybolur.<\/li>\n<li>Kullan\u0131c\u0131 kontrolleri: \u00c7izgiyi a\u015fan herkesi engelleyin veya rapor edin.<\/li>\n<li>Metin, ses veya video se\u00e7ene\u011fi: Ne kadar payla\u015fmak istedi\u011finizi se\u00e7in.<\/li>\n<li>\u0130lgi alan\u0131na dayal\u0131 e\u015fle\u015ftirme: Daha alakal\u0131 sohbetler i\u00e7in odalar\u0131 konuya, konuma veya ya\u015fa g\u00f6re filtreleyin.<\/li>\n<\/ul>\n<h2>En \u0130yi Gizli Sohbet Deneyimi \u0130\u00e7in \u0130pu\u00e7lar\u0131<\/h2>\n<ul>\n<li>Genel odalarla ba\u015flay\u0131n: \u00d6zel sohbetlerde daha fazla payla\u015f\u0131mda bulunmadan \u00f6nce rahat olun.<\/li>\n<li>Kibar ve sayg\u0131l\u0131 olun: Anonimlik, kaba davranmak i\u00e7in bir lisans de\u011fildir - iyi hisler uzun bir yol kat eder.<\/li>\n<li>Fazla payla\u015fmay\u0131n: Anonim olsan\u0131z bile, baz\u0131 s\u0131n\u0131rlar\u0131 koruyun.<\/li>\n<li>\u0130lgi alan\u0131 etiketlerini kullan\u0131n: Ger\u00e7ekten konu\u015fmak isteyece\u011finiz ki\u015fileri bulman\u0131za yard\u0131mc\u0131 olurlar.<\/li>\n<li>Farkl\u0131 platformlarla denemeler yap\u0131n: Her birinin kendine has bir havas\u0131 ve \u00f6zellikleri vard\u0131r.<\/li>\n<\/ul>\n<h2>Gizli Sohbet Ne Zaman Kullan\u0131l\u0131r?<\/h2>\n<ul>\n<li>Tavsiyeye ihtiyac\u0131n\u0131z oldu\u011funda veya anonim olarak i\u00e7inizi d\u00f6kmek istedi\u011finizde<\/li>\n<li>Kimli\u011finizi payla\u015fmadan arkada\u015f edinmek<\/li>\n<li>\u00d6zel fl\u00f6rt veya tan\u0131\u015fma sohbetleri i\u00e7in<\/li>\n<li>Ba\u015fka bir yerde konu\u015famayaca\u011f\u0131n\u0131z hassas konular\u0131 ke\u015ffederken<\/li>\n<li>\u00c7evrimi\u00e7i sohbette yeniyseniz ve risksiz bir \u015fekilde denemek istiyorsan\u0131z<\/li>\n<\/ul>\n<h2>\u00dccretsiz ve \u00dccretli Gizli Sohbet \u00d6zellikleri<\/h2>\n<p>\u00c7o\u011fu gizli sohbet platformunun kullan\u0131m\u0131 \u00fccretsizdir. \u00dccretli y\u00fckseltmeler \u015funlar\u0131 i\u00e7erebilir:<\/p>\n<ul>\n<li>Reklams\u0131z deneyim<\/li>\n<li>Geli\u015fmi\u015f e\u015fle\u015ftirme filtreleri<\/li>\n<li>VIP veya \u00f6zel odalar<\/li>\n<li>\u00d6zel emojiler veya \u00e7\u0131kartmalar<\/li>\n<\/ul>\n<p>Ancak \u00e7o\u011fu kullan\u0131c\u0131 i\u00e7in \u00fccretsiz s\u00fcr\u00fcm bol miktarda gizlilik ve esneklik sunuyor.<\/p>\n<p>Gizli sohbet, akl\u0131n\u0131zdan ge\u00e7enleri s\u00f6yleyebilece\u011finiz, ba\u015fka hi\u00e7bir yerde soramayaca\u011f\u0131n\u0131z sorular\u0131 sorabilece\u011finiz ve tamamen anonim kalarak d\u00fcnyan\u0131n her yerinden insanlarla tan\u0131\u015fabilece\u011finiz nihai \u00e7evrimi\u00e7i g\u00fcvenli aland\u0131r. \u0130ster tavsiye, ister arkada\u015fl\u0131k, ister e\u011flence veya sadece yeni bir bak\u0131\u015f a\u00e7\u0131s\u0131 ar\u0131yor olun, orada sizi bekleyen bir gizli sohbet uygulamas\u0131 veya odas\u0131 var.<\/p>\n<p>Denemeye haz\u0131r m\u0131s\u0131n\u0131z? Bu gece gizli bir sohbet odas\u0131na atlay\u0131n ve ger\u00e7ekten \u00f6zel \u00e7evrimi\u00e7i ba\u011flant\u0131n\u0131n \u00f6zg\u00fcrl\u00fc\u011f\u00fcn\u00fc ke\u015ffedin.<\/p>","protected":false},"excerpt":{"rendered":"<p>Have you ever wanted to talk to someone online\u2014ask a question, share a story, or just vent\u2014without revealing who you are? That\u2019s the appeal of incognito chat: complete privacy, total freedom, and real conversations, with no need to show your face or share your name. Whether you\u2019re looking for a safe space to discuss personal [&hellip;]<\/p>\n","protected":false},"author":8,"featured_media":0,"parent":0,"menu_order":0,"comment_status":"closed","ping_status":"closed","template":"","meta":{"footnotes":""},"class_list":["post-12724","page","type-page","status-publish","hentry"],"yoast_head":"<!-- This site is optimized with the Yoast SEO plugin v27.5 - https:\/\/yoast.com\/product\/yoast-seo-wordpress\/ -->\n<title>Incognito Chat with Video Chat on TinyChat.com<\/title>\n<meta name=\"description\" content=\"Enjoying Incognito Chat? Join over 50,000,000 strangers on TinyChat! Turn on your cam and start meeting new people, or find a match.\" \/>\n<meta name=\"robots\" content=\"index, follow, max-snippet:-1, max-image-preview:large, max-video-preview:-1\" \/>\n<link rel=\"canonical\" href=\"https:\/\/tinychat.com\/tr\/incognito-chat\/\" \/>\n<meta property=\"og:locale\" content=\"tr_TR\" \/>\n<meta property=\"og:type\" content=\"article\" \/>\n<meta property=\"og:title\" content=\"Incognito Chat with Video Chat on TinyChat.com\" \/>\n<meta property=\"og:description\" content=\"Enjoying Incognito Chat? Join over 50,000,000 strangers on TinyChat! Turn on your cam and start meeting new people, or find a match.\" \/>\n<meta property=\"og:url\" content=\"https:\/\/tinychat.com\/tr\/incognito-chat\/\" \/>\n<meta property=\"og:site_name\" content=\"TinyChat\" \/>\n<meta property=\"article:publisher\" content=\"https:\/\/www.facebook.com\/tinychat\" \/>\n<meta property=\"article:modified_time\" content=\"2025-08-07T09:00:11+00:00\" \/>\n<meta property=\"og:image\" content=\"https:\/\/tinychat.com\/wp-content\/uploads\/2020\/04\/Tinychat-logo-1280x284-new-black.png\" \/>\n\t<meta property=\"og:image:width\" content=\"1280\" \/>\n\t<meta property=\"og:image:height\" content=\"284\" \/>\n\t<meta property=\"og:image:type\" content=\"image\/png\" \/>\n<meta name=\"twitter:card\" content=\"summary_large_image\" \/>\n<meta name=\"twitter:site\" content=\"@tinychat\" \/>\n<meta name=\"twitter:label1\" content=\"Tahmini okuma s\u00fcresi\" \/>\n\t<meta name=\"twitter:data1\" content=\"5 dakika\" \/>\n<script type=\"application\/ld+json\" class=\"yoast-schema-graph\">{\"@context\":\"https:\\\/\\\/schema.org\",\"@graph\":[{\"@type\":\"WebPage\",\"@id\":\"https:\\\/\\\/tinychat.com\\\/incognito-chat\\\/\",\"url\":\"https:\\\/\\\/tinychat.com\\\/incognito-chat\\\/\",\"name\":\"Incognito Chat with Video Chat on TinyChat.com\",\"isPartOf\":{\"@id\":\"https:\\\/\\\/tinychat.com\\\/#website\"},\"datePublished\":\"2025-08-07T08:14:49+00:00\",\"dateModified\":\"2025-08-07T09:00:11+00:00\",\"description\":\"Enjoying Incognito Chat? Join over 50,000,000 strangers on TinyChat! Turn on your cam and start meeting new people, or find a match.\",\"breadcrumb\":{\"@id\":\"https:\\\/\\\/tinychat.com\\\/incognito-chat\\\/#breadcrumb\"},\"inLanguage\":\"tr\",\"potentialAction\":[{\"@type\":\"ReadAction\",\"target\":[\"https:\\\/\\\/tinychat.com\\\/incognito-chat\\\/\"]}]},{\"@type\":\"BreadcrumbList\",\"@id\":\"https:\\\/\\\/tinychat.com\\\/incognito-chat\\\/#breadcrumb\",\"itemListElement\":[{\"@type\":\"ListItem\",\"position\":1,\"name\":\"Home\",\"item\":\"https:\\\/\\\/tinychat.com\\\/\"},{\"@type\":\"ListItem\",\"position\":2,\"name\":\"Incognito Chat\"}]},{\"@type\":\"WebSite\",\"@id\":\"https:\\\/\\\/tinychat.com\\\/#website\",\"url\":\"https:\\\/\\\/tinychat.com\\\/\",\"name\":\"TinyChat\",\"description\":\"Random Video Chat with Strangers\",\"publisher\":{\"@id\":\"https:\\\/\\\/tinychat.com\\\/#organization\"},\"alternateName\":\"TinyChat.com\",\"potentialAction\":[{\"@type\":\"SearchAction\",\"target\":{\"@type\":\"EntryPoint\",\"urlTemplate\":\"https:\\\/\\\/tinychat.com\\\/?s={search_term_string}\"},\"query-input\":{\"@type\":\"PropertyValueSpecification\",\"valueRequired\":true,\"valueName\":\"search_term_string\"}}],\"inLanguage\":\"tr\"},{\"@type\":\"Organization\",\"@id\":\"https:\\\/\\\/tinychat.com\\\/#organization\",\"name\":\"TinyChat\",\"alternateName\":\"TinyChat.com\",\"url\":\"https:\\\/\\\/tinychat.com\\\/\",\"logo\":{\"@type\":\"ImageObject\",\"inLanguage\":\"tr\",\"@id\":\"https:\\\/\\\/tinychat.com\\\/#\\\/schema\\\/logo\\\/image\\\/\",\"url\":\"https:\\\/\\\/tinychat.com\\\/wp-content\\\/uploads\\\/2023\\\/11\\\/Tinychat-icon-square.png\",\"contentUrl\":\"https:\\\/\\\/tinychat.com\\\/wp-content\\\/uploads\\\/2023\\\/11\\\/Tinychat-icon-square.png\",\"width\":284,\"height\":284,\"caption\":\"TinyChat\"},\"image\":{\"@id\":\"https:\\\/\\\/tinychat.com\\\/#\\\/schema\\\/logo\\\/image\\\/\"},\"sameAs\":[\"https:\\\/\\\/www.facebook.com\\\/tinychat\",\"https:\\\/\\\/x.com\\\/tinychat\"]}]}<\/script>\n<!-- \/ Yoast SEO plugin. -->","yoast_head_json":{"title":"TinyChat.com'da G\u00f6r\u00fcnt\u00fcl\u00fc Sohbet ile Gizli Sohbet","description":"Gizli Sohbet ho\u015funuza m\u0131 gidiyor? TinyChat'de 50.000.000'dan fazla yabanc\u0131ya kat\u0131l\u0131n! Kameran\u0131z\u0131 a\u00e7\u0131n ve yeni insanlarla tan\u0131\u015fmaya ba\u015flay\u0131n veya bir e\u015fle\u015fme bulun.","robots":{"index":"index","follow":"follow","max-snippet":"max-snippet:-1","max-image-preview":"max-image-preview:large","max-video-preview":"max-video-preview:-1"},"canonical":"https:\/\/tinychat.com\/tr\/incognito-chat\/","og_locale":"tr_TR","og_type":"article","og_title":"Incognito Chat with Video Chat on TinyChat.com","og_description":"Enjoying Incognito Chat? Join over 50,000,000 strangers on TinyChat! Turn on your cam and start meeting new people, or find a match.","og_url":"https:\/\/tinychat.com\/tr\/incognito-chat\/","og_site_name":"TinyChat","article_publisher":"https:\/\/www.facebook.com\/tinychat","article_modified_time":"2025-08-07T09:00:11+00:00","og_image":[{"width":1280,"height":284,"url":"https:\/\/tinychat.com\/wp-content\/uploads\/2020\/04\/Tinychat-logo-1280x284-new-black.png","type":"image\/png"}],"twitter_card":"summary_large_image","twitter_site":"@tinychat","twitter_misc":{"Tahmini okuma s\u00fcresi":"5 dakika"},"schema":{"@context":"https:\/\/schema.org","@graph":[{"@type":"WebPage","@id":"https:\/\/tinychat.com\/incognito-chat\/","url":"https:\/\/tinychat.com\/incognito-chat\/","name":"TinyChat.com'da G\u00f6r\u00fcnt\u00fcl\u00fc Sohbet ile Gizli Sohbet","isPartOf":{"@id":"https:\/\/tinychat.com\/#website"},"datePublished":"2025-08-07T08:14:49+00:00","dateModified":"2025-08-07T09:00:11+00:00","description":"Gizli Sohbet ho\u015funuza m\u0131 gidiyor? TinyChat'de 50.000.000'dan fazla yabanc\u0131ya kat\u0131l\u0131n! Kameran\u0131z\u0131 a\u00e7\u0131n ve yeni insanlarla tan\u0131\u015fmaya ba\u015flay\u0131n veya bir e\u015fle\u015fme bulun.","breadcrumb":{"@id":"https:\/\/tinychat.com\/incognito-chat\/#breadcrumb"},"inLanguage":"tr","potentialAction":[{"@type":"ReadAction","target":["https:\/\/tinychat.com\/incognito-chat\/"]}]},{"@type":"BreadcrumbList","@id":"https:\/\/tinychat.com\/incognito-chat\/#breadcrumb","itemListElement":[{"@type":"ListItem","position":1,"name":"Home","item":"https:\/\/tinychat.com\/"},{"@type":"ListItem","position":2,"name":"Incognito Chat"}]},{"@type":"WebSite","@id":"https:\/\/tinychat.com\/#website","url":"https:\/\/tinychat.com\/","name":"TinyChat","description":"Yabanc\u0131larla Rastgele G\u00f6r\u00fcnt\u00fcl\u00fc Sohbet","publisher":{"@id":"https:\/\/tinychat.com\/#organization"},"alternateName":"TinyChat.com","potentialAction":[{"@type":"SearchAction","target":{"@type":"EntryPoint","urlTemplate":"https:\/\/tinychat.com\/?s={search_term_string}"},"query-input":{"@type":"PropertyValueSpecification","valueRequired":true,"valueName":"search_term_string"}}],"inLanguage":"tr"},{"@type":"Organization","@id":"https:\/\/tinychat.com\/#organization","name":"TinyChat","alternateName":"TinyChat.com","url":"https:\/\/tinychat.com\/","logo":{"@type":"ImageObject","inLanguage":"tr","@id":"https:\/\/tinychat.com\/#\/schema\/logo\/image\/","url":"https:\/\/tinychat.com\/wp-content\/uploads\/2023\/11\/Tinychat-icon-square.png","contentUrl":"https:\/\/tinychat.com\/wp-content\/uploads\/2023\/11\/Tinychat-icon-square.png","width":284,"height":284,"caption":"TinyChat"},"image":{"@id":"https:\/\/tinychat.com\/#\/schema\/logo\/image\/"},"sameAs":["https:\/\/www.facebook.com\/tinychat","https:\/\/x.com\/tinychat"]}]}},"_links":{"self":[{"href":"https:\/\/tinychat.com\/tr\/wp-json\/wp\/v2\/pages\/12724","targetHints":{"allow":["GET"]}}],"collection":[{"href":"https:\/\/tinychat.com\/tr\/wp-json\/wp\/v2\/pages"}],"about":[{"href":"https:\/\/tinychat.com\/tr\/wp-json\/wp\/v2\/types\/page"}],"author":[{"embeddable":true,"href":"https:\/\/tinychat.com\/tr\/wp-json\/wp\/v2\/users\/8"}],"replies":[{"embeddable":true,"href":"https:\/\/tinychat.com\/tr\/wp-json\/wp\/v2\/comments?post=12724"}],"version-history":[{"count":2,"href":"https:\/\/tinychat.com\/tr\/wp-json\/wp\/v2\/pages\/12724\/revisions"}],"predecessor-version":[{"id":13418,"href":"https:\/\/tinychat.com\/tr\/wp-json\/wp\/v2\/pages\/12724\/revisions\/13418"}],"wp:attachment":[{"href":"https:\/\/tinychat.com\/tr\/wp-json\/wp\/v2\/media?parent=12724"}],"curies":[{"name":"wp","href":"https:\/\/api.w.org\/{rel}","templated":true}]}}