{"id":13225,"date":"2025-06-12T09:44:17","date_gmt":"2025-06-12T07:44:17","guid":{"rendered":"https:\/\/tinychat.com\/?page_id=13225"},"modified":"2025-06-12T09:44:51","modified_gmt":"2025-06-12T07:44:51","slug":"talk-to-people-online","status":"publish","type":"page","link":"https:\/\/tinychat.com\/tr\/talk-to-people-online\/","title":{"rendered":"\u0130nsanlarla \u00c7evrimi\u00e7i Konu\u015fun"},"content":{"rendered":"<p>Ger\u00e7ek\u00e7i olal\u0131m: bazen insanlarla sadece \u00e7evrimi\u00e7i konu\u015fmak istersiniz. Hava durumu hakk\u0131nda havadan sudan konu\u015fmak i\u00e7in de\u011fil, ba\u015fka hi\u00e7bir yerde bulamayaca\u011f\u0131n\u0131z rastgele, unutulmaz veya sadece ilgin\u00e7 sohbetler i\u00e7in. Belki gece yar\u0131s\u0131 s\u0131k\u0131lm\u0131\u015fs\u0131n\u0131zd\u0131r, belki yeni bir fikir edinmek istersiniz ya da belki de sadece d\u00fcnyan\u0131n tamamen farkl\u0131 bir yerindeki insanlar\u0131n nas\u0131l oldu\u011funu g\u00f6rmek istersiniz. Sebep ne olursa olsun, \u00e7evrimi\u00e7i olarak yeni insanlara ula\u015fma ve onlarla ba\u011flant\u0131 kurma d\u00fcrt\u00fcs\u00fc bug\u00fcnlerde evrenseldir.<\/p>\n<p>\u0130\u015fte bu noktada TinyChat gibi platformlar devreye giriyor. Her zaman, her yerde insanlarla \u00e7evrimi\u00e7i konu\u015fmay\u0131 s\u00fcper kolay (ve d\u00fcr\u00fcst olmak gerekirse e\u011flenceli) hale getiriyorlar. Bu makale size neden bu kadar \u00e7o\u011fumuzun bunu yapt\u0131\u011f\u0131n\u0131, nas\u0131l g\u00fcvende kalaca\u011f\u0131m\u0131z\u0131 ve TinyChat'nin neden denemek i\u00e7in en rahat yer olabilece\u011fini anlatacak.<\/p>\n<h2>\u0130nsanlarla \u0130nternet \u00dczerinden Konu\u015fman\u0131n Nesi Var?<\/h2>\n<p>Hadi \u00e7ekicili\u011fi inceleyelim. \u0130nsanlar neden internette insanlarla konu\u015fmaya zahmet ediyor? \u0130\u015fte fark ettiklerim (ve arkada\u015flar\u0131mdan duyduklar\u0131m):<\/p>\n<p><strong>1. Kendiniz ya da \u0130stedi\u011finiz Ki\u015fi Olabilirsiniz<\/strong><br \/>\nBask\u0131 yok, beklenti yok. \u0130nsanlarla \u00e7evrimi\u00e7i konu\u015ftu\u011funuzda, gev\u015feyebilir, i\u00e7inizi d\u00f6kebilir veya sadece tak\u0131labilirsiniz. Kimsenin ne d\u00fc\u015f\u00fcnd\u00fc\u011f\u00fc konusunda endi\u015felenmenize gerek yok - bu insanlar sizi tan\u0131m\u0131yor.<\/p>\n<p><strong>2. Merak Kediyi \u00d6ld\u00fcrd\u00fc, Ama Memnuniyet Onu Geri Getirdi<\/strong><br \/>\nDi\u011fer insanlar\u0131n nas\u0131l ya\u015fad\u0131klar\u0131n\u0131, nelere \u00f6nem verdiklerini ve baz\u0131 \u015feyler hakk\u0131nda ne d\u00fc\u015f\u00fcnd\u00fcklerini \u00f6\u011frenmek \u00e7ok ilgin\u00e7. Bazen internette g\u00f6zlerinizi tamamen farkl\u0131 bir bak\u0131\u015f a\u00e7\u0131s\u0131na a\u00e7an insanlarla tan\u0131\u015f\u0131rs\u0131n\u0131z.<\/p>\n<p><strong>3. Yaln\u0131zl\u0131\u011f\u0131 \u00d6ld\u00fcrmek, Her Seferinde Bir Sohbet<\/strong><br \/>\nYaln\u0131z ya\u015f\u0131yorsan\u0131z, evden \u00e7al\u0131\u015f\u0131yorsan\u0131z veya kendinizi kopuk hissediyorsan\u0131z, \u00e7evrimi\u00e7i insanlarla konu\u015fmak size sosyal enerji verebilir. Bu, sohbet etmek i\u00e7in kalabal\u0131k bir kafeye gitmek gibidir; ancak koltu\u011funuzdan kalkman\u0131za bile gerek yoktur.<\/p>\n<p><strong>4. Yeni Arkada\u015flar, Garip Gevezelikler Yok<\/strong><br \/>\nEvet, \u00e7evrimi\u00e7i sohbetlerin \u00e7o\u011fu k\u0131sa ve tatl\u0131d\u0131r. Ancak arada s\u0131rada biriyle t\u0131klars\u0131n\u0131z ve sonunda \u00e7alma listelerini, hayat hikayelerini ve hatta Instagram adreslerini de\u011fi\u015f toku\u015f edersiniz.<\/p>\n<p><strong>5. Sosyal Oyununuzun Seviyesini Y\u00fckseltmek<\/strong><br \/>\n\u0130nternette insanlarla konu\u015ftu\u011funuzda, kendiniz hakk\u0131nda, d\u00fcnya hakk\u0131nda, her t\u00fcrl\u00fc ki\u015filikle nas\u0131l ba\u015fa \u00e7\u0131kaca\u011f\u0131n\u0131z hakk\u0131nda \u00e7ok \u015fey \u00f6\u011frenirsiniz. Bu olduk\u00e7a sa\u011flam bir \"ya\u015fam XP'si\".<\/p>\n<h2>Bug\u00fcnlerde \"\u0130nsanlarla \u00c7evrimi\u00e7i Konu\u015fmak\" Asl\u0131nda Ne Anlama Geliyor?<\/h2>\n<p>Art\u0131k sadece DM'ler veya eski usul forumlar de\u011fil. \u0130nsanlarla \u00e7evrimi\u00e7i konu\u015fmak art\u0131k tam bir olay:<\/p>\n<ul>\n<li>Bir d\u00fc\u011fmeye bas\u0131n ve d\u00fcnyan\u0131n di\u011fer ucundaki rastgele bir ki\u015fiyle y\u00fcz y\u00fcze (veya metinden metine) konu\u015fun.<\/li>\n<li>M\u00fczik, politika, fl\u00f6rt veya ba\u015fka bir \u015fey hakk\u0131nda kafa yoran insanlarla dolu temal\u0131 sohbet odalar\u0131na atlay\u0131n.<\/li>\n<li>Mini bir a\u00e7\u0131k mikrofon gecesi gibi, ancak konu\u015fmak i\u00e7in canl\u0131 bir g\u00f6r\u00fcnt\u00fcl\u00fc sohbet izleyin (veya ev sahipli\u011fi yap\u0131n).<\/li>\n<li>Tamamen anonim kal\u0131n ya da her \u015feyi g\u00f6ze al\u0131p ger\u00e7ek y\u00fcz\u00fcn\u00fcz\u00fc g\u00f6sterin; bu size kalm\u0131\u015f.<\/li>\n<\/ul>\n<p>Mesele \u015fu ki, s\u00fcper esnek. Kendinizi ne kadar (veya ne kadar az) ortaya koymak istedi\u011finize siz karar verirsiniz.<\/p>\n<h2>\u0130nternette \u0130nsanlarla Konu\u015fmak \u0130\u00e7in Nereye Gidiyorsunuz?<\/h2>\n<p>Bunun i\u00e7in \u00e7ok say\u0131da site ve uygulama var, ancak hepsi birbirinden farkl\u0131. \u0130\u015fte orada ne var:<\/p>\n<p><strong>1. Bire Bir Rastgele Sohbet<\/strong><br \/>\nOmegle, StrangerCam, bu tipleri d\u00fc\u015f\u00fcn\u00fcn. Rastgele biriyle e\u015fle\u015ftiriliyorsunuz. Gariple\u015firse (ya da s\u0131k\u0131c\u0131 olursa) \"ileri\" tu\u015funa basman\u0131z yeterli.<\/p>\n<p><strong>2. Grup Sohbet Odalar\u0131<\/strong><br \/>\nTinyChat gibi yerler, genellikle konuya g\u00f6re s\u0131ralanm\u0131\u015f genel veya \u00f6zel odalara girmenizi sa\u011flar. Kimseyi tan\u0131mad\u0131\u011f\u0131n\u0131z ama herkesin en sevdi\u011finiz grup veya TV \u015fovu hakk\u0131nda konu\u015ftu\u011fu bir partiye kat\u0131lmak gibi.<\/p>\n<p><strong>3. Canl\u0131 G\u00f6r\u00fcnt\u00fcl\u00fc Sohbet Alanlar\u0131<\/strong><br \/>\nBaz\u0131 platformlarda canl\u0131 yay\u0131nlar vard\u0131r, b\u00f6ylece izleyebilir veya kat\u0131labilirsiniz. Bir nevi Twitch gibi, ama ama\u00e7 sadece izlemek de\u011fil, konu\u015fmak ve tak\u0131lmak.<\/p>\n<p><strong>4. Yaln\u0131zca Sesli Sohbet<\/strong><br \/>\nVideo hayran\u0131 de\u011fil misiniz? Hi\u00e7 sorun de\u011fil. Pek \u00e7ok uygulama sizi yaln\u0131zca sesli sohbetler i\u00e7in insanlarla bulu\u015fturur; pijamalar\u0131n\u0131zla iseniz veya sadece rahatlamak istiyorsan\u0131z harikad\u0131r.<\/p>\n<h2>TinyChat Neden \u0130nsanlarla \u00c7evrimi\u00e7i Konu\u015fmak \u0130\u00e7in Asl\u0131nda Harika Bir Yer<\/h2>\n<p>TinyChat uzun zamand\u0131r var ve bunun iyi bir nedeni var. \u0130nsanlarla \u00e7evrimi\u00e7i konu\u015fmak i\u00e7in bir yer ar\u0131yorsan\u0131z - her zamanki drama olmadan - sa\u011flam bir se\u00e7imdir.<\/p>\n<p><strong>\u0130\u015fte onu \u00f6ne \u00e7\u0131karan \u015fey:<\/strong><\/p>\n<ul>\n<li><strong>Can S\u0131k\u0131c\u0131 Kay\u0131tlar Yok:<\/strong> Sadece bir takma ad se\u00e7in ve hemen ba\u015flay\u0131n. Daha fazla \u00f6zellik mi istiyorsunuz? Bir hesap a\u00e7abilirsiniz, ancak a\u00e7mak zorunda de\u011filsiniz.<\/li>\n<li><strong>Modunu Se\u00e7:<\/strong> Video, ses, metin - hepsi orada, b\u00f6ylece kendinizi nas\u0131l rahat hissediyorsan\u0131z \u00f6yle kat\u0131labilirsiniz.<\/li>\n<li><strong>Konu Odalar\u0131:<\/strong> \u0130ster memlerden, ister fl\u00f6rt etmekten, ister politikadan ho\u015flan\u0131yor olun ya da sadece vibe yapmak isteyin, muhtemelen sizin i\u00e7in bir oda vard\u0131r.<\/li>\n<li><strong>Kamu ya da \u00f6zel:<\/strong> Kalabal\u0131k bir oda m\u0131 istiyorsunuz? Hadi bakal\u0131m. G\u00f6steri\u015fsiz bir \u015fey mi istiyorsunuz? Kendinizinkini ba\u015flat\u0131n ve birka\u00e7 ki\u015fiyi davet edin.<\/li>\n<li><strong>Canl\u0131 yay\u0131na ge\u00e7:<\/strong> Cesur hissediyorsan\u0131z, kendinizi yay\u0131nlay\u0131n ve kimin sohbet etmek i\u00e7in u\u011frad\u0131\u011f\u0131n\u0131 g\u00f6r\u00fcn. Ya da sadece rahatlay\u0131n ve di\u011ferlerinin i\u015flerini yapmalar\u0131n\u0131 izleyin.<\/li>\n<li><strong>Her Yerde \u00c7al\u0131\u015f\u0131r:<\/strong> Taray\u0131c\u0131, iPhone, Android - hareket halindeyken veya evde kullan\u0131n.<\/li>\n<\/ul>\n<h2>Tamam, Ama \u0130nsanlarla \u0130nternet \u00dczerinden Konu\u015fmak G\u00fcvenli mi?<\/h2>\n<p>Ger\u00e7ekten mi? Olabilir. \u00c7o\u011fu insan sadece konu\u015fmak ve e\u011flenmek i\u00e7in oradad\u0131r, ancak yine de kafan\u0131z\u0131 kullanmak istersiniz.<\/p>\n<p><strong>\u0130nsanlarla \u00e7evrimi\u00e7i konu\u015fmak i\u00e7in h\u0131zl\u0131 g\u00fcvenlik ipu\u00e7lar\u0131:<\/strong><\/p>\n<ul>\n<li>Takma adlara ba\u011fl\u0131 kal\u0131n; ger\u00e7ek bilgilerinizi gizli tutun.<\/li>\n<li>Adresinizi, okulunuzu veya i\u015finizi payla\u015fmay\u0131n.<\/li>\n<li>Foto\u011fraf g\u00f6nderme veya \u015f\u00fcpheli ba\u011flant\u0131lara t\u0131klama konusunda dikkatli olun.<\/li>\n<li>Terbiyesizli\u011fe katlanmay\u0131n - birisi \u00e7izgiyi a\u015farsa raporlama\/engelleme \u00f6zelliklerini kullan\u0131n.<\/li>\n<li>Bir sohbeti sosyal medyaya ta\u015f\u0131maya karar verirseniz, o ki\u015fiye g\u00fcvendi\u011finizden emin olun.<\/li>\n<\/ul>\n<h2>\u0130nsanlar TinyChat'de \u0130nsanlarla \u00c7evrimi\u00e7i Konu\u015fmaktan Neden Ger\u00e7ekten Ho\u015flan\u0131yor?<\/h2>\n<ul>\n<li><strong>Grup Atmosferi:<\/strong> Bazen sadece arka planda tak\u0131lmak, dinlemek ve s\u00f6yleyecek bir \u015feyiniz oldu\u011funda s\u00f6ze girmek istersiniz. Grup odalar\u0131 bunu kolayla\u015ft\u0131r\u0131r.<\/li>\n<li><strong>Her Yerden \u0130nsanlar:<\/strong> Her yerden insanlarla sohbet edeceksiniz - farkl\u0131 k\u00fclt\u00fcrler, farkl\u0131 bak\u0131\u015f a\u00e7\u0131lar\u0131. Her zaman yeni bir \u015feyler.<\/li>\n<li><strong>Bask\u0131 yok:<\/strong> Bir konu\u015fmaya kilitli de\u011filsiniz. Mikrofonunuzu sessize al\u0131n, videonuzu kapat\u0131n veya istedi\u011finiz zaman z\u0131play\u0131n.<\/li>\n<li><strong>Ba\u011flant\u0131 Kurman\u0131n Pek \u00c7ok Yolu:<\/strong> Derin sohbetlerden m\u00fczik payla\u015f\u0131m\u0131na kadar kendi deneyiminizi \u015fekillendirebilirsiniz.<\/li>\n<\/ul>\n<h2>Ger\u00e7ek Kullan\u0131c\u0131lar \u0130nsanlarla \u00c7evrimi\u00e7i Konu\u015fma Konusunda \u0130\u00e7lerini D\u00f6k\u00fcyor<\/h2>\n<blockquote><p>\"Bir adamla pizza hakk\u0131nda bir saat kadar konu\u015ftum. Garip bir \u015fekilde, haftam\u0131n en \u00f6nemli an\u0131yd\u0131.\"<br \/>\n- Molly P., ABD<\/p><\/blockquote>\n<blockquote><p>\"TinyChat sadece insanlar\u0131n sohbetini dinlemek istedi\u011fimde gitti\u011fim yer, d\u00fcr\u00fcst olmak gerekirse. Bazen kat\u0131lm\u0131yorum bile - sadece arka plandaki g\u00fcr\u00fclt\u00fcy\u00fc seviyorum.\"<br \/>\n- Thabo S., G\u00fcney Afrika<\/p><\/blockquote>\n<blockquote><p>\"Di\u011fer rastgele sohbet sitelerinden \u00e7ok daha az garip. Sadece tak\u0131labilirsiniz ve bir s\u00fcre konu\u015fmazsan\u0131z kimse umursamaz.\"<br \/>\n- Emma J., Birle\u015fik Krall\u0131k<\/p><\/blockquote>\n<h2>TinyChat'nin Durumu Nas\u0131l?<\/h2>\n<table>\n<thead>\n<tr>\n<th>\u00d6zellik<\/th>\n<th>TinyChat<\/th>\n<th>Omegle<\/th>\n<th>Chatroulette<\/th>\n<th>OmeTV<\/th>\n<th>StrangerCam<\/th>\n<\/tr>\n<\/thead>\n<tbody>\n<tr>\n<td>Grup Sohbet Odalar\u0131<\/td>\n<td>\u2705<\/td>\n<td>\u274c<\/td>\n<td>\u274c<\/td>\n<td>\u274c<\/td>\n<td>\u274c<\/td>\n<\/tr>\n<tr>\n<td>Metin\/Video\/Ses<\/td>\n<td>\u2705<\/td>\n<td>\u2705<\/td>\n<td>\u2705<\/td>\n<td>\u2705<\/td>\n<td>\u2705<\/td>\n<\/tr>\n<tr>\n<td>Kay\u0131t Gerekmiyor<\/td>\n<td>\u2705<\/td>\n<td>\u2705<\/td>\n<td>\u2705<\/td>\n<td>\u2705<\/td>\n<td>\u2705<\/td>\n<\/tr>\n<tr>\n<td>Konu Odalar\u0131<\/td>\n<td>\u2705<\/td>\n<td>\u274c<\/td>\n<td>\u274c<\/td>\n<td>\u274c<\/td>\n<td>\u274c<\/td>\n<\/tr>\n<tr>\n<td>Canl\u0131 Yay\u0131n<\/td>\n<td>\u2705<\/td>\n<td>\u274c<\/td>\n<td>\u274c<\/td>\n<td>\u274c<\/td>\n<td>\u274c<\/td>\n<\/tr>\n<tr>\n<td>Mobil Uygulamalar<\/td>\n<td>\u2705<\/td>\n<td>\u274c<\/td>\n<td>\u2705<\/td>\n<td>\u2705<\/td>\n<td>\u2705<\/td>\n<\/tr>\n<tr>\n<td>Moderasyon\/Raporlama<\/td>\n<td>\u2705<\/td>\n<td>\u26a0\ufe0f<\/td>\n<td>\u2705<\/td>\n<td>\u2705<\/td>\n<td>\u2705<\/td>\n<\/tr>\n<\/tbody>\n<\/table>\n<p><strong>K\u0131sa versiyon mu?<\/strong> TinyChat, grup titre\u015fimleri, konu sohbetleri ve \u00e7evrimi\u00e7i insanlarla konu\u015fman\u0131n stressiz bir yolunu isteyen insanlar i\u00e7indir.<\/p>\n<h2>\u0130nsanlarla \u00c7evrimi\u00e7i Konu\u015fmaktan En \u0130yi \u015eekilde Yararlanmak \u0130ster misiniz? Bunu deneyin:<\/h2>\n<ul>\n<li><strong>Sadece dinle:<\/strong> Gizlenerek ba\u015flamak ve i\u015flerin nas\u0131l y\u00fcr\u00fcd\u00fc\u011f\u00fcn\u00fc g\u00f6rmek iyidir.<\/li>\n<li><strong>Farkl\u0131 Odalar Deneyin:<\/strong> Her ilgi alan\u0131 i\u00e7in bir yer vard\u0131r; kabilenizi bulana kadar ke\u015ffedin.<\/li>\n<li><strong>Video Opsiyonel:<\/strong> Sadece kendinizi haz\u0131r hissetti\u011finizde kameraya \u00e7\u0131k\u0131n.<\/li>\n<li><strong>Endi\u015felenme:<\/strong> Her sohbet harika olmayabilir. Denemeye devam edin, baz\u0131 cevherler bulacaks\u0131n\u0131z.<\/li>\n<li><strong>Buralarda tak\u0131l:<\/strong> Ne kadar s\u0131k u\u011frarsan\u0131z, o kadar do\u011fal hissedersiniz.<\/li>\n<\/ul>\n<p>\"\u0130nternette insanlarla konu\u015fmak\" eskiden kula\u011fa biraz tuhaf gelirdi. \u015eimdi ise bir\u00e7o\u011fumuz yeni arkada\u015flarla tan\u0131\u015f\u0131yor, bir \u015feyler \u00f6\u011freniyor ve zaman ge\u00e7iriyoruz. Do\u011fru yap\u0131ld\u0131\u011f\u0131nda e\u011flenceli, kolay ve hatta belki biraz da ba\u011f\u0131ml\u0131l\u0131k yap\u0131c\u0131.<\/p>\n<p>Denemek i\u00e7in rahat ve samimi bir yer ar\u0131yorsan\u0131z, TinyChat'ye bir \u015fans verin. Belki sadece dinlersiniz, belki bir tart\u0131\u015fmaya atlars\u0131n\u0131z ya da belki sizi tamamen \u015fa\u015f\u0131rtan biriyle tan\u0131\u015f\u0131rs\u0131n\u0131z.<\/p>\n<p>Kim bilir? En iyi sohbetlerden baz\u0131lar\u0131 internette tan\u0131\u015ft\u0131\u011f\u0131n\u0131z insanlarla yap\u0131l\u0131r.<\/p>","protected":false},"excerpt":{"rendered":"<p>Let\u2019s be real: sometimes you just want to talk to people online. Not to make small talk about the weather, but for those random, memorable, or just plain interesting chats you can\u2019t get anywhere else. Maybe you\u2019re bored at midnight, maybe you want a fresh opinion, or maybe you just want to see what people [&hellip;]<\/p>\n","protected":false},"author":8,"featured_media":0,"parent":0,"menu_order":0,"comment_status":"closed","ping_status":"closed","template":"","meta":{"footnotes":""},"class_list":["post-13225","page","type-page","status-publish","hentry"],"yoast_head":"<!-- This site is optimized with the Yoast SEO plugin v27.4 - https:\/\/yoast.com\/product\/yoast-seo-wordpress\/ -->\n<title>Talk to People Online with Video Chat on TinyChat.com<\/title>\n<meta name=\"description\" content=\"Enjoying Talk to People Online? Join over 50,000,000 strangers on TinyChat! Turn on your cam and start meeting new people, or find a match.\" \/>\n<meta name=\"robots\" content=\"index, follow, max-snippet:-1, max-image-preview:large, max-video-preview:-1\" \/>\n<link rel=\"canonical\" href=\"https:\/\/tinychat.com\/tr\/talk-to-people-online\/\" \/>\n<meta property=\"og:locale\" content=\"tr_TR\" \/>\n<meta property=\"og:type\" content=\"article\" \/>\n<meta property=\"og:title\" content=\"Talk to People Online with Video Chat on TinyChat.com\" \/>\n<meta property=\"og:description\" content=\"Enjoying Talk to People Online? Join over 50,000,000 strangers on TinyChat! Turn on your cam and start meeting new people, or find a match.\" \/>\n<meta property=\"og:url\" content=\"https:\/\/tinychat.com\/tr\/talk-to-people-online\/\" \/>\n<meta property=\"og:site_name\" content=\"TinyChat\" \/>\n<meta property=\"article:publisher\" content=\"https:\/\/www.facebook.com\/tinychat\" \/>\n<meta property=\"article:modified_time\" content=\"2025-06-12T07:44:51+00:00\" \/>\n<meta property=\"og:image\" content=\"https:\/\/tinychat.com\/wp-content\/uploads\/2020\/04\/Tinychat-logo-1280x284-new-black.png\" \/>\n\t<meta property=\"og:image:width\" content=\"1280\" \/>\n\t<meta property=\"og:image:height\" content=\"284\" \/>\n\t<meta property=\"og:image:type\" content=\"image\/png\" \/>\n<meta name=\"twitter:card\" content=\"summary_large_image\" \/>\n<meta name=\"twitter:site\" content=\"@tinychat\" \/>\n<meta name=\"twitter:label1\" content=\"Tahmini okuma s\u00fcresi\" \/>\n\t<meta name=\"twitter:data1\" content=\"6 dakika\" \/>\n<script type=\"application\/ld+json\" class=\"yoast-schema-graph\">{\"@context\":\"https:\\\/\\\/schema.org\",\"@graph\":[{\"@type\":\"WebPage\",\"@id\":\"https:\\\/\\\/tinychat.com\\\/talk-to-people-online\\\/\",\"url\":\"https:\\\/\\\/tinychat.com\\\/talk-to-people-online\\\/\",\"name\":\"Talk to People Online with Video Chat on TinyChat.com\",\"isPartOf\":{\"@id\":\"https:\\\/\\\/tinychat.com\\\/#website\"},\"datePublished\":\"2025-06-12T07:44:17+00:00\",\"dateModified\":\"2025-06-12T07:44:51+00:00\",\"description\":\"Enjoying Talk to People Online? Join over 50,000,000 strangers on TinyChat! Turn on your cam and start meeting new people, or find a match.\",\"breadcrumb\":{\"@id\":\"https:\\\/\\\/tinychat.com\\\/talk-to-people-online\\\/#breadcrumb\"},\"inLanguage\":\"tr\",\"potentialAction\":[{\"@type\":\"ReadAction\",\"target\":[\"https:\\\/\\\/tinychat.com\\\/talk-to-people-online\\\/\"]}]},{\"@type\":\"BreadcrumbList\",\"@id\":\"https:\\\/\\\/tinychat.com\\\/talk-to-people-online\\\/#breadcrumb\",\"itemListElement\":[{\"@type\":\"ListItem\",\"position\":1,\"name\":\"Home\",\"item\":\"https:\\\/\\\/tinychat.com\\\/\"},{\"@type\":\"ListItem\",\"position\":2,\"name\":\"Talk to People Online\"}]},{\"@type\":\"WebSite\",\"@id\":\"https:\\\/\\\/tinychat.com\\\/#website\",\"url\":\"https:\\\/\\\/tinychat.com\\\/\",\"name\":\"TinyChat\",\"description\":\"Random Video Chat with Strangers\",\"publisher\":{\"@id\":\"https:\\\/\\\/tinychat.com\\\/#organization\"},\"alternateName\":\"TinyChat.com\",\"potentialAction\":[{\"@type\":\"SearchAction\",\"target\":{\"@type\":\"EntryPoint\",\"urlTemplate\":\"https:\\\/\\\/tinychat.com\\\/?s={search_term_string}\"},\"query-input\":{\"@type\":\"PropertyValueSpecification\",\"valueRequired\":true,\"valueName\":\"search_term_string\"}}],\"inLanguage\":\"tr\"},{\"@type\":\"Organization\",\"@id\":\"https:\\\/\\\/tinychat.com\\\/#organization\",\"name\":\"TinyChat\",\"alternateName\":\"TinyChat.com\",\"url\":\"https:\\\/\\\/tinychat.com\\\/\",\"logo\":{\"@type\":\"ImageObject\",\"inLanguage\":\"tr\",\"@id\":\"https:\\\/\\\/tinychat.com\\\/#\\\/schema\\\/logo\\\/image\\\/\",\"url\":\"https:\\\/\\\/tinychat.com\\\/wp-content\\\/uploads\\\/2023\\\/11\\\/Tinychat-icon-square.png\",\"contentUrl\":\"https:\\\/\\\/tinychat.com\\\/wp-content\\\/uploads\\\/2023\\\/11\\\/Tinychat-icon-square.png\",\"width\":284,\"height\":284,\"caption\":\"TinyChat\"},\"image\":{\"@id\":\"https:\\\/\\\/tinychat.com\\\/#\\\/schema\\\/logo\\\/image\\\/\"},\"sameAs\":[\"https:\\\/\\\/www.facebook.com\\\/tinychat\",\"https:\\\/\\\/x.com\\\/tinychat\"]}]}<\/script>\n<!-- \/ Yoast SEO plugin. -->","yoast_head_json":{"title":"TinyChat.com'da G\u00f6r\u00fcnt\u00fcl\u00fc Sohbet ile \u0130nsanlarla \u00c7evrimi\u00e7i Konu\u015fun","description":"\u00c7evrimi\u00e7i \u0130nsanlarla Konu\u015fmaktan Ho\u015flan\u0131yor musunuz? TinyChat'de 50.000.000'dan fazla yabanc\u0131ya kat\u0131l\u0131n! Kameran\u0131z\u0131 a\u00e7\u0131n ve yeni insanlarla tan\u0131\u015fmaya ba\u015flay\u0131n veya bir e\u015fle\u015fme bulun.","robots":{"index":"index","follow":"follow","max-snippet":"max-snippet:-1","max-image-preview":"max-image-preview:large","max-video-preview":"max-video-preview:-1"},"canonical":"https:\/\/tinychat.com\/tr\/talk-to-people-online\/","og_locale":"tr_TR","og_type":"article","og_title":"Talk to People Online with Video Chat on TinyChat.com","og_description":"Enjoying Talk to People Online? Join over 50,000,000 strangers on TinyChat! Turn on your cam and start meeting new people, or find a match.","og_url":"https:\/\/tinychat.com\/tr\/talk-to-people-online\/","og_site_name":"TinyChat","article_publisher":"https:\/\/www.facebook.com\/tinychat","article_modified_time":"2025-06-12T07:44:51+00:00","og_image":[{"width":1280,"height":284,"url":"https:\/\/tinychat.com\/wp-content\/uploads\/2020\/04\/Tinychat-logo-1280x284-new-black.png","type":"image\/png"}],"twitter_card":"summary_large_image","twitter_site":"@tinychat","twitter_misc":{"Tahmini okuma s\u00fcresi":"6 dakika"},"schema":{"@context":"https:\/\/schema.org","@graph":[{"@type":"WebPage","@id":"https:\/\/tinychat.com\/talk-to-people-online\/","url":"https:\/\/tinychat.com\/talk-to-people-online\/","name":"TinyChat.com'da G\u00f6r\u00fcnt\u00fcl\u00fc Sohbet ile \u0130nsanlarla \u00c7evrimi\u00e7i Konu\u015fun","isPartOf":{"@id":"https:\/\/tinychat.com\/#website"},"datePublished":"2025-06-12T07:44:17+00:00","dateModified":"2025-06-12T07:44:51+00:00","description":"\u00c7evrimi\u00e7i \u0130nsanlarla Konu\u015fmaktan Ho\u015flan\u0131yor musunuz? TinyChat'de 50.000.000'dan fazla yabanc\u0131ya kat\u0131l\u0131n! Kameran\u0131z\u0131 a\u00e7\u0131n ve yeni insanlarla tan\u0131\u015fmaya ba\u015flay\u0131n veya bir e\u015fle\u015fme bulun.","breadcrumb":{"@id":"https:\/\/tinychat.com\/talk-to-people-online\/#breadcrumb"},"inLanguage":"tr","potentialAction":[{"@type":"ReadAction","target":["https:\/\/tinychat.com\/talk-to-people-online\/"]}]},{"@type":"BreadcrumbList","@id":"https:\/\/tinychat.com\/talk-to-people-online\/#breadcrumb","itemListElement":[{"@type":"ListItem","position":1,"name":"Home","item":"https:\/\/tinychat.com\/"},{"@type":"ListItem","position":2,"name":"Talk to People Online"}]},{"@type":"WebSite","@id":"https:\/\/tinychat.com\/#website","url":"https:\/\/tinychat.com\/","name":"TinyChat","description":"Yabanc\u0131larla Rastgele G\u00f6r\u00fcnt\u00fcl\u00fc Sohbet","publisher":{"@id":"https:\/\/tinychat.com\/#organization"},"alternateName":"TinyChat.com","potentialAction":[{"@type":"SearchAction","target":{"@type":"EntryPoint","urlTemplate":"https:\/\/tinychat.com\/?s={search_term_string}"},"query-input":{"@type":"PropertyValueSpecification","valueRequired":true,"valueName":"search_term_string"}}],"inLanguage":"tr"},{"@type":"Organization","@id":"https:\/\/tinychat.com\/#organization","name":"TinyChat","alternateName":"TinyChat.com","url":"https:\/\/tinychat.com\/","logo":{"@type":"ImageObject","inLanguage":"tr","@id":"https:\/\/tinychat.com\/#\/schema\/logo\/image\/","url":"https:\/\/tinychat.com\/wp-content\/uploads\/2023\/11\/Tinychat-icon-square.png","contentUrl":"https:\/\/tinychat.com\/wp-content\/uploads\/2023\/11\/Tinychat-icon-square.png","width":284,"height":284,"caption":"TinyChat"},"image":{"@id":"https:\/\/tinychat.com\/#\/schema\/logo\/image\/"},"sameAs":["https:\/\/www.facebook.com\/tinychat","https:\/\/x.com\/tinychat"]}]}},"_links":{"self":[{"href":"https:\/\/tinychat.com\/tr\/wp-json\/wp\/v2\/pages\/13225","targetHints":{"allow":["GET"]}}],"collection":[{"href":"https:\/\/tinychat.com\/tr\/wp-json\/wp\/v2\/pages"}],"about":[{"href":"https:\/\/tinychat.com\/tr\/wp-json\/wp\/v2\/types\/page"}],"author":[{"embeddable":true,"href":"https:\/\/tinychat.com\/tr\/wp-json\/wp\/v2\/users\/8"}],"replies":[{"embeddable":true,"href":"https:\/\/tinychat.com\/tr\/wp-json\/wp\/v2\/comments?post=13225"}],"version-history":[{"count":2,"href":"https:\/\/tinychat.com\/tr\/wp-json\/wp\/v2\/pages\/13225\/revisions"}],"predecessor-version":[{"id":13227,"href":"https:\/\/tinychat.com\/tr\/wp-json\/wp\/v2\/pages\/13225\/revisions\/13227"}],"wp:attachment":[{"href":"https:\/\/tinychat.com\/tr\/wp-json\/wp\/v2\/media?parent=13225"}],"curies":[{"name":"wp","href":"https:\/\/api.w.org\/{rel}","templated":true}]}}