{"id":13236,"date":"2025-06-12T10:06:56","date_gmt":"2025-06-12T08:06:56","guid":{"rendered":"https:\/\/tinychat.com\/?page_id=13236"},"modified":"2025-06-12T10:06:56","modified_gmt":"2025-06-12T08:06:56","slug":"single-girl-chat-video-call","status":"publish","type":"page","link":"https:\/\/tinychat.com\/tr\/single-girl-chat-video-call\/","title":{"rendered":"Bekar K\u0131z Sohbet G\u00f6r\u00fcnt\u00fcl\u00fc Arama"},"content":{"rendered":"<p>Bekar bir k\u0131zla sohbet g\u00f6r\u00fcnt\u00fcl\u00fc g\u00f6r\u00fc\u015fmesine atlaman\u0131n ger\u00e7ekten heyecan verici bir yan\u0131 var. Belki yeni biriyle tan\u0131\u015fmak istiyorsunuz, e\u011flenceli bir sohbet istiyorsunuz veya geleneksel uygulamalar d\u0131\u015f\u0131nda fl\u00f6rt etmeyi merak ediyorsunuz. Bekar k\u0131zlarla g\u00f6r\u00fcnt\u00fcl\u00fc g\u00f6r\u00fc\u015fme, an\u0131nda ba\u011flant\u0131 kurma, uzun mesajla\u015fma a\u015famas\u0131n\u0131 atlama ve kiminle ger\u00e7ekten titre\u015fim kurdu\u011funuzu canl\u0131, filtrelenmemi\u015f ve ger\u00e7ek zamanl\u0131 olarak g\u00f6rme \u015fans\u0131 sunar.<\/p>\n<p>\u00c7evrimi\u00e7i pek \u00e7ok bekar kad\u0131nla, ger\u00e7ek sohbetleri, yeni ba\u011flant\u0131lar\u0131 ve hatta belki biraz kimyay\u0131 ke\u015ffetmekten sadece bir t\u0131k uzaktas\u0131n\u0131z. \u0130ster arkada\u015fl\u0131k, ister fl\u00f6rt, ister daha fazlas\u0131n\u0131 ar\u0131yor olun, bu platformlar bunu zahmetsiz hale getiriyor.<\/p>\n<h2>Bekar K\u0131z Sohbet G\u00f6r\u00fcnt\u00fcl\u00fc G\u00f6r\u00fc\u015fmesini Farkl\u0131 K\u0131lan Nedir?<\/h2>\n<p>Eski usul tan\u0131\u015fma sitelerinin veya uygulamalardaki sonsuz kayd\u0131rman\u0131n aksine, bekar bir k\u0131zla g\u00f6r\u00fcnt\u00fcl\u00fc sohbet g\u00f6r\u00fc\u015fmesi sizi hemen y\u00fcz y\u00fcze getirir. G\u00fcnlerce profil okumaz veya mesaj al\u0131\u015fveri\u015fi yapmazs\u0131n\u0131z; konu\u015fur, g\u00fcler ve birbirinizi canl\u0131 olarak g\u00f6r\u00fcrs\u00fcn\u00fcz.<\/p>\n<p>\u0130\u015fte bu platformlar\u0131 bu kadar cazip k\u0131lan \u015fey:<\/p>\n<ul>\n<li>An\u0131nda Ba\u011flant\u0131: Cevap beklemek yok, e\u015fle\u015fip e\u015fle\u015fmeyece\u011finizi tahmin etmek yok.<\/li>\n<li>G\u00f6r\u00fcn ve G\u00f6r\u00fcl\u00fcn: G\u00f6r\u00fcnt\u00fcl\u00fc aramalar ger\u00e7ek benli\u011finizi g\u00f6stermenizi ve kiminle konu\u015ftu\u011funuzu g\u00f6rmenizi sa\u011flar.<\/li>\n<li>Yaln\u0131zca Bekarlarla Tan\u0131\u015f\u0131n: \u00c7o\u011fu platform, ger\u00e7ekten sohbet etmek veya ba\u011flant\u0131 kurmak isteyen bekar kad\u0131nlar i\u00e7in filtreleme yapar.<\/li>\n<li>Bask\u0131 Yok: Sohbet i\u015fe yaram\u0131yorsa, sadece bir sonraki aramaya ge\u00e7in. Garip vedalar yok.<\/li>\n<\/ul>\n<h2>Bekar K\u0131z Sohbet G\u00f6r\u00fcnt\u00fcl\u00fc Arama Nas\u0131l \u00c7al\u0131\u015f\u0131r?<\/h2>\n<p>Olabildi\u011fince basit. \u00c7o\u011fu site bunu \u015fu \u015fekilde yap\u0131yor:<\/p>\n<ol>\n<li>Tek bir k\u0131z sohbet g\u00f6r\u00fcnt\u00fcl\u00fc arama platformu se\u00e7in.<\/li>\n<li>Kameran\u0131za ve mikrofonunuza eri\u015fime izin verin.<\/li>\n<li>\"Ba\u015flat\" veya \"Ba\u011flan\" d\u00fc\u011fmesine bas\u0131n ve sohbet etmek isteyen bekar bir k\u0131zla an\u0131nda e\u015fle\u015fin.<\/li>\n<li>Sohbet edin, fl\u00f6rt edin veya sadece tak\u0131l\u0131n. Hissetmiyorsan\u0131z, \"ileri\" d\u00fc\u011fmesine bas\u0131n ve yeni biriyle tan\u0131\u015f\u0131n.<\/li>\n<\/ol>\n<p>Baz\u0131 platformlar \u00fclke, ya\u015f veya ilgi alanlar\u0131 gibi tercihler belirlemenize bile izin verir, b\u00f6ylece e\u015fle\u015fmeleriniz daha da iyi olur.<\/p>\n<h2>En \u0130yi Bekar K\u0131z Sohbet G\u00f6r\u00fcnt\u00fcl\u00fc Arama Platformlar\u0131n\u0131 Nerede Bulabilirim?<\/h2>\n<p>T\u00fcm g\u00f6r\u00fcnt\u00fcl\u00fc arama siteleri ayn\u0131 de\u011fildir. En iyileri kaliteli ba\u011flant\u0131lara, g\u00fcvenli\u011fe ve e\u011flenceli bir deneyime odaklan\u0131r. Baz\u0131 favoriler \u015funlar\u0131 i\u00e7erir:<\/p>\n<ul>\n<li>CooMeet: Ger\u00e7ek zamanl\u0131 moderasyon ile sizi yaln\u0131zca do\u011frulanm\u0131\u015f bekar k\u0131zlarla bulu\u015fturur.<\/li>\n<li>Chatrandom (K\u0131zlarla Sohbet): Kad\u0131nlar i\u00e7in filtreleme yapman\u0131z\u0131 sa\u011flar, deneyimi odaklanm\u0131\u015f tutar.<\/li>\n<li>LuckyCrush: Bire bir g\u00f6r\u00fcnt\u00fcl\u00fc sohbetler i\u00e7in erkekleri bekar kad\u0131nlarla e\u015fle\u015ftirir.<\/li>\n<li>StrangerCam: H\u0131zl\u0131, kolay ve arkada\u015f canl\u0131s\u0131 y\u00fczlerle dolu.<\/li>\n<li>Chatspin: Cinsiyet filtreleri ve harika video efektleri sunar.<\/li>\n<\/ul>\n<p>Hangisinin sizin i\u00e7in do\u011fru oldu\u011funu g\u00f6rmek i\u00e7in birka\u00e7\u0131n\u0131 ke\u015ffedin. Atmosfer ve \u00f6zellikler, ne t\u00fcr sohbetler yapaca\u011f\u0131n\u0131z\u0131 ger\u00e7ekten \u015fekillendirebilir.<\/p>\n<h2>Bekar K\u0131zlarla Sohbet G\u00f6r\u00fcnt\u00fcl\u00fc G\u00f6r\u00fc\u015fmesinde G\u00fcvenli ve Sayg\u0131l\u0131 Kalmak<\/h2>\n<p>Sayg\u0131 ve g\u00fcvenlik iyi vakit ge\u00e7irmenin anahtar\u0131d\u0131r. \u00c7evrimi\u00e7i bekar k\u0131zlar\u0131n \u00e7o\u011fu yeni insanlarla tan\u0131\u015fmak i\u00e7in oradad\u0131r, ancak herkes kendini rahat hissetmek ister.<\/p>\n<p>Harika bir deneyim i\u00e7in birka\u00e7 ipucu:<\/p>\n<ul>\n<li>Samimi ve kibar olun - ilk izlenim \u00f6nemlidir.<\/li>\n<li>Ki\u015fisel bilgileri veya sosyal medyay\u0131 \u00e7ok erken istemeyin.<\/li>\n<li>Asla kimseye bir \u015fey i\u00e7in bask\u0131 yapmay\u0131n.<\/li>\n<li>Bir \u015feyler ters geliyorsa sohbeti sonland\u0131r\u0131n ve yolunuza devam edin.<\/li>\n<li>Herhangi bir sorunla kar\u015f\u0131la\u015f\u0131rsan\u0131z engelleme\/raporlama \u00f6zelliklerini kullan\u0131n.<\/li>\n<\/ul>\n<p>\u00c7o\u011fu platformun herkes i\u00e7in olumlu ve g\u00fcvenli olmas\u0131 i\u00e7in net y\u00f6nergeleri vard\u0131r.<\/p>\n<h2>\u0130nsanlar Neden Bekar K\u0131zlarla Sohbet G\u00f6r\u00fcnt\u00fcl\u00fc G\u00f6r\u00fc\u015fmelerini Seviyor?<\/h2>\n<p>Bu aramalar fl\u00f6rt etmekten ya da bulu\u015fmaktan \u00e7ok daha fazlas\u0131n\u0131 ifade ediyor. Kullan\u0131c\u0131lar\u0131n geri gelmesini sa\u011flayan anl\u0131k geri bildirimler, ger\u00e7ek kahkahalar ve spontane anlard\u0131r.<\/p>\n<p>\u0130\u015fte baz\u0131 insanlar\u0131n s\u00f6yledikleri:<\/p>\n<blockquote><p>\"Bekar k\u0131zlarla g\u00f6r\u00fcnt\u00fcl\u00fc g\u00f6r\u00fc\u015fme, sohbet etmekten \u00e7ok daha ger\u00e7ek. Uyu\u015fup uyu\u015fmad\u0131\u011f\u0131n\u0131z\u0131 hemen anl\u0131yorsunuz ve ger\u00e7ekten d\u00fczg\u00fcn bir konu\u015fma yapabiliyorsunuz.\"<\/p>\n<p>\"Bazen sadece rastgele \u015feyler hakk\u0131nda k\u0131sa bir sohbet olur, ama bazen de sizi anlayan biriyle tan\u0131\u015f\u0131rs\u0131n\u0131z.\"<\/p>\n<p>\"E\u011flenceli, kolay ve hi\u00e7 de garip de\u011fil; i\u015fe yaram\u0131yorsa devam ediyorsunuz.\"<\/p><\/blockquote>\n<h2>Bekar K\u0131z Sohbet G\u00f6r\u00fcnt\u00fcl\u00fc Arama Nas\u0131l Kar\u015f\u0131la\u015ft\u0131r\u0131l\u0131r<\/h2>\n<table>\n<thead>\n<tr>\n<th>\u00d6zellik<\/th>\n<th>Bekar K\u0131z Sohbet G\u00f6r\u00fcnt\u00fcl\u00fc Arama<\/th>\n<th>Arkada\u015fl\u0131k Uygulamalar\u0131<\/th>\n<th>Grup G\u00f6r\u00fcnt\u00fcl\u00fc Sohbet<\/th>\n<\/tr>\n<\/thead>\n<tbody>\n<tr>\n<td>Bire bir canl\u0131 video<\/td>\n<td>\u2705<\/td>\n<td>\u274c<\/td>\n<td>\u2705<\/td>\n<\/tr>\n<tr>\n<td>Sadece bekarlar, sadece k\u0131zlar<\/td>\n<td>\u2705<\/td>\n<td>\u2705<\/td>\n<td>\u274c<\/td>\n<\/tr>\n<tr>\n<td>Bekleme yok-an\u0131nda ba\u011flant\u0131<\/td>\n<td>\u2705<\/td>\n<td>\u274c<\/td>\n<td>\u2705<\/td>\n<\/tr>\n<tr>\n<td>\u0130stedi\u011finiz zaman bir sonraki ma\u00e7a atlay\u0131n<\/td>\n<td>\u2705<\/td>\n<td>\u274c<\/td>\n<td>\u2705<\/td>\n<\/tr>\n<tr>\n<td>Doldurulmas\u0131 gereken uzun profiller yok<\/td>\n<td>\u2705<\/td>\n<td>\u274c<\/td>\n<td>\u2705<\/td>\n<\/tr>\n<\/tbody>\n<\/table>\n<p>Do\u011frudan, ki\u015fisel ve odakl\u0131d\u0131r - sadece mesajla\u015fmak yerine ger\u00e7ekten konu\u015fmaya haz\u0131rsan\u0131z m\u00fckemmeldir.<\/p>\n<h2>En \u0130yi Bekar K\u0131z Sohbet G\u00f6r\u00fcnt\u00fcl\u00fc G\u00f6r\u00fc\u015fme Deneyimi \u0130\u00e7in \u0130pu\u00e7lar\u0131<\/h2>\n<p>Aramalar\u0131n\u0131zdan en iyi \u015fekilde yararlanmak ister misiniz? Bunu deneyin:<\/p>\n<ul>\n<li>G\u00fcl\u00fcmseyin ve ortam\u0131 olumlu tutun; bu uzun bir yol kat etmenizi sa\u011flar.<\/li>\n<li>S\u0131radan bir merhaba ile ba\u015flay\u0131n ve sohbetin nereye gidece\u011fini g\u00f6r\u00fcn.<\/li>\n<li>Her sohbet harika de\u011filse stres yapmay\u0131n; sadece \u00e7e\u015fitlili\u011fin tad\u0131n\u0131 \u00e7\u0131kar\u0131n.<\/li>\n<li>A\u00e7\u0131k fikirli olun; bir sonraki ad\u0131mda kiminle kar\u015f\u0131la\u015faca\u011f\u0131n\u0131z\u0131 asla bilemezsiniz.<\/li>\n<li>Uyu\u015fursan\u0131z, sohbeti uzatmaktan korkmay\u0131n (ancak her zaman s\u0131n\u0131rlara sayg\u0131 g\u00f6sterin).<\/li>\n<\/ul>\n<p>Bekar k\u0131z sohbet g\u00f6r\u00fcnt\u00fcl\u00fc arama platformlar\u0131, insanlar\u0131n \u00e7evrimi\u00e7i ba\u011flant\u0131 kurma ve tan\u0131\u015fma \u015feklini de\u011fi\u015ftiriyor. Spontane, ger\u00e7ek ve d\u00fcr\u00fcst olmak gerekirse, sonsuz profiller aras\u0131nda gezinmekten \u00e7ok daha e\u011flencelidirler. \u0130ster fl\u00f6rt etmek, ister bir arkada\u015f edinmek ya da sadece rutini k\u0131rmak istiyor olun, bekar bir k\u0131zla g\u00f6r\u00fcnt\u00fcl\u00fc g\u00f6r\u00fc\u015fmeye atlamak tam da ihtiyac\u0131n\u0131z olan \u015fey olabilir.<\/p>\n<p>Web kameran\u0131z\u0131 al\u0131n, kendinize biraz g\u00fcvenin ve sohbete ba\u015flay\u0131n. Bir sonraki harika sohbetiniz - hatta belki de bir k\u0131v\u0131lc\u0131m - sadece bir t\u0131k uza\u011f\u0131n\u0131zda olabilir.<\/p>","protected":false},"excerpt":{"rendered":"<p>There\u2019s something genuinely exciting about jumping into a single girl chat video call. Maybe you\u2019re looking to meet someone new, want a fun conversation, or are curious about dating outside of traditional apps. Video calling with single girls offers a chance to connect instantly, skip the long texting phase, and see who you really vibe [&hellip;]<\/p>\n","protected":false},"author":8,"featured_media":0,"parent":0,"menu_order":0,"comment_status":"closed","ping_status":"closed","template":"","meta":{"footnotes":""},"class_list":["post-13236","page","type-page","status-publish","hentry"],"yoast_head":"<!-- This site is optimized with the Yoast SEO plugin v27.5 - https:\/\/yoast.com\/product\/yoast-seo-wordpress\/ -->\n<title>Single Girl Chat Video Call with Video Chat on TinyChat.com<\/title>\n<meta name=\"description\" content=\"Enjoying Single Girl Chat Video Call? Join over 50,000,000 strangers on TinyChat! Turn on your cam and start meeting new people, or find a match.\" \/>\n<meta name=\"robots\" content=\"index, follow, max-snippet:-1, max-image-preview:large, max-video-preview:-1\" \/>\n<link rel=\"canonical\" href=\"https:\/\/tinychat.com\/tr\/single-girl-chat-video-call\/\" \/>\n<meta property=\"og:locale\" content=\"tr_TR\" \/>\n<meta property=\"og:type\" content=\"article\" \/>\n<meta property=\"og:title\" content=\"Single Girl Chat Video Call with Video Chat on TinyChat.com\" \/>\n<meta property=\"og:description\" content=\"Enjoying Single Girl Chat Video Call? Join over 50,000,000 strangers on TinyChat! Turn on your cam and start meeting new people, or find a match.\" \/>\n<meta property=\"og:url\" content=\"https:\/\/tinychat.com\/tr\/single-girl-chat-video-call\/\" \/>\n<meta property=\"og:site_name\" content=\"TinyChat\" \/>\n<meta property=\"article:publisher\" content=\"https:\/\/www.facebook.com\/tinychat\" \/>\n<meta property=\"og:image\" content=\"https:\/\/tinychat.com\/wp-content\/uploads\/2020\/04\/Tinychat-logo-1280x284-new-black.png\" \/>\n\t<meta property=\"og:image:width\" content=\"1280\" \/>\n\t<meta property=\"og:image:height\" content=\"284\" \/>\n\t<meta property=\"og:image:type\" content=\"image\/png\" \/>\n<meta name=\"twitter:card\" content=\"summary_large_image\" \/>\n<meta name=\"twitter:site\" content=\"@tinychat\" \/>\n<meta name=\"twitter:label1\" content=\"Tahmini okuma s\u00fcresi\" \/>\n\t<meta name=\"twitter:data1\" content=\"4 dakika\" \/>\n<script type=\"application\/ld+json\" class=\"yoast-schema-graph\">{\"@context\":\"https:\\\/\\\/schema.org\",\"@graph\":[{\"@type\":\"WebPage\",\"@id\":\"https:\\\/\\\/tinychat.com\\\/single-girl-chat-video-call\\\/\",\"url\":\"https:\\\/\\\/tinychat.com\\\/single-girl-chat-video-call\\\/\",\"name\":\"Single Girl Chat Video Call with Video Chat on TinyChat.com\",\"isPartOf\":{\"@id\":\"https:\\\/\\\/tinychat.com\\\/#website\"},\"datePublished\":\"2025-06-12T08:06:56+00:00\",\"description\":\"Enjoying Single Girl Chat Video Call? Join over 50,000,000 strangers on TinyChat! Turn on your cam and start meeting new people, or find a match.\",\"breadcrumb\":{\"@id\":\"https:\\\/\\\/tinychat.com\\\/single-girl-chat-video-call\\\/#breadcrumb\"},\"inLanguage\":\"tr\",\"potentialAction\":[{\"@type\":\"ReadAction\",\"target\":[\"https:\\\/\\\/tinychat.com\\\/single-girl-chat-video-call\\\/\"]}]},{\"@type\":\"BreadcrumbList\",\"@id\":\"https:\\\/\\\/tinychat.com\\\/single-girl-chat-video-call\\\/#breadcrumb\",\"itemListElement\":[{\"@type\":\"ListItem\",\"position\":1,\"name\":\"Home\",\"item\":\"https:\\\/\\\/tinychat.com\\\/\"},{\"@type\":\"ListItem\",\"position\":2,\"name\":\"Single Girl Chat Video Call\"}]},{\"@type\":\"WebSite\",\"@id\":\"https:\\\/\\\/tinychat.com\\\/#website\",\"url\":\"https:\\\/\\\/tinychat.com\\\/\",\"name\":\"TinyChat\",\"description\":\"Random Video Chat with Strangers\",\"publisher\":{\"@id\":\"https:\\\/\\\/tinychat.com\\\/#organization\"},\"alternateName\":\"TinyChat.com\",\"potentialAction\":[{\"@type\":\"SearchAction\",\"target\":{\"@type\":\"EntryPoint\",\"urlTemplate\":\"https:\\\/\\\/tinychat.com\\\/?s={search_term_string}\"},\"query-input\":{\"@type\":\"PropertyValueSpecification\",\"valueRequired\":true,\"valueName\":\"search_term_string\"}}],\"inLanguage\":\"tr\"},{\"@type\":\"Organization\",\"@id\":\"https:\\\/\\\/tinychat.com\\\/#organization\",\"name\":\"TinyChat\",\"alternateName\":\"TinyChat.com\",\"url\":\"https:\\\/\\\/tinychat.com\\\/\",\"logo\":{\"@type\":\"ImageObject\",\"inLanguage\":\"tr\",\"@id\":\"https:\\\/\\\/tinychat.com\\\/#\\\/schema\\\/logo\\\/image\\\/\",\"url\":\"https:\\\/\\\/tinychat.com\\\/wp-content\\\/uploads\\\/2023\\\/11\\\/Tinychat-icon-square.png\",\"contentUrl\":\"https:\\\/\\\/tinychat.com\\\/wp-content\\\/uploads\\\/2023\\\/11\\\/Tinychat-icon-square.png\",\"width\":284,\"height\":284,\"caption\":\"TinyChat\"},\"image\":{\"@id\":\"https:\\\/\\\/tinychat.com\\\/#\\\/schema\\\/logo\\\/image\\\/\"},\"sameAs\":[\"https:\\\/\\\/www.facebook.com\\\/tinychat\",\"https:\\\/\\\/x.com\\\/tinychat\"]}]}<\/script>\n<!-- \/ Yoast SEO plugin. -->","yoast_head_json":{"title":"TinyChat.com'da G\u00f6r\u00fcnt\u00fcl\u00fc Sohbet ile Bekar K\u0131z Sohbet G\u00f6r\u00fcnt\u00fcl\u00fc G\u00f6r\u00fc\u015fme","description":"Bekar K\u0131z Sohbet G\u00f6r\u00fcnt\u00fcl\u00fc G\u00f6r\u00fc\u015fmesinin tad\u0131n\u0131 m\u0131 \u00e7\u0131kar\u0131yorsunuz? TinyChat'de 50.000.000'dan fazla yabanc\u0131ya kat\u0131l\u0131n! Kameran\u0131z\u0131 a\u00e7\u0131n ve yeni insanlarla tan\u0131\u015fmaya ba\u015flay\u0131n veya bir e\u015fle\u015fme bulun.","robots":{"index":"index","follow":"follow","max-snippet":"max-snippet:-1","max-image-preview":"max-image-preview:large","max-video-preview":"max-video-preview:-1"},"canonical":"https:\/\/tinychat.com\/tr\/single-girl-chat-video-call\/","og_locale":"tr_TR","og_type":"article","og_title":"Single Girl Chat Video Call with Video Chat on TinyChat.com","og_description":"Enjoying Single Girl Chat Video Call? Join over 50,000,000 strangers on TinyChat! Turn on your cam and start meeting new people, or find a match.","og_url":"https:\/\/tinychat.com\/tr\/single-girl-chat-video-call\/","og_site_name":"TinyChat","article_publisher":"https:\/\/www.facebook.com\/tinychat","og_image":[{"width":1280,"height":284,"url":"https:\/\/tinychat.com\/wp-content\/uploads\/2020\/04\/Tinychat-logo-1280x284-new-black.png","type":"image\/png"}],"twitter_card":"summary_large_image","twitter_site":"@tinychat","twitter_misc":{"Tahmini okuma s\u00fcresi":"4 dakika"},"schema":{"@context":"https:\/\/schema.org","@graph":[{"@type":"WebPage","@id":"https:\/\/tinychat.com\/single-girl-chat-video-call\/","url":"https:\/\/tinychat.com\/single-girl-chat-video-call\/","name":"TinyChat.com'da G\u00f6r\u00fcnt\u00fcl\u00fc Sohbet ile Bekar K\u0131z Sohbet G\u00f6r\u00fcnt\u00fcl\u00fc G\u00f6r\u00fc\u015fme","isPartOf":{"@id":"https:\/\/tinychat.com\/#website"},"datePublished":"2025-06-12T08:06:56+00:00","description":"Bekar K\u0131z Sohbet G\u00f6r\u00fcnt\u00fcl\u00fc G\u00f6r\u00fc\u015fmesinin tad\u0131n\u0131 m\u0131 \u00e7\u0131kar\u0131yorsunuz? TinyChat'de 50.000.000'dan fazla yabanc\u0131ya kat\u0131l\u0131n! Kameran\u0131z\u0131 a\u00e7\u0131n ve yeni insanlarla tan\u0131\u015fmaya ba\u015flay\u0131n veya bir e\u015fle\u015fme bulun.","breadcrumb":{"@id":"https:\/\/tinychat.com\/single-girl-chat-video-call\/#breadcrumb"},"inLanguage":"tr","potentialAction":[{"@type":"ReadAction","target":["https:\/\/tinychat.com\/single-girl-chat-video-call\/"]}]},{"@type":"BreadcrumbList","@id":"https:\/\/tinychat.com\/single-girl-chat-video-call\/#breadcrumb","itemListElement":[{"@type":"ListItem","position":1,"name":"Home","item":"https:\/\/tinychat.com\/"},{"@type":"ListItem","position":2,"name":"Single Girl Chat Video Call"}]},{"@type":"WebSite","@id":"https:\/\/tinychat.com\/#website","url":"https:\/\/tinychat.com\/","name":"TinyChat","description":"Yabanc\u0131larla Rastgele G\u00f6r\u00fcnt\u00fcl\u00fc Sohbet","publisher":{"@id":"https:\/\/tinychat.com\/#organization"},"alternateName":"TinyChat.com","potentialAction":[{"@type":"SearchAction","target":{"@type":"EntryPoint","urlTemplate":"https:\/\/tinychat.com\/?s={search_term_string}"},"query-input":{"@type":"PropertyValueSpecification","valueRequired":true,"valueName":"search_term_string"}}],"inLanguage":"tr"},{"@type":"Organization","@id":"https:\/\/tinychat.com\/#organization","name":"TinyChat","alternateName":"TinyChat.com","url":"https:\/\/tinychat.com\/","logo":{"@type":"ImageObject","inLanguage":"tr","@id":"https:\/\/tinychat.com\/#\/schema\/logo\/image\/","url":"https:\/\/tinychat.com\/wp-content\/uploads\/2023\/11\/Tinychat-icon-square.png","contentUrl":"https:\/\/tinychat.com\/wp-content\/uploads\/2023\/11\/Tinychat-icon-square.png","width":284,"height":284,"caption":"TinyChat"},"image":{"@id":"https:\/\/tinychat.com\/#\/schema\/logo\/image\/"},"sameAs":["https:\/\/www.facebook.com\/tinychat","https:\/\/x.com\/tinychat"]}]}},"_links":{"self":[{"href":"https:\/\/tinychat.com\/tr\/wp-json\/wp\/v2\/pages\/13236","targetHints":{"allow":["GET"]}}],"collection":[{"href":"https:\/\/tinychat.com\/tr\/wp-json\/wp\/v2\/pages"}],"about":[{"href":"https:\/\/tinychat.com\/tr\/wp-json\/wp\/v2\/types\/page"}],"author":[{"embeddable":true,"href":"https:\/\/tinychat.com\/tr\/wp-json\/wp\/v2\/users\/8"}],"replies":[{"embeddable":true,"href":"https:\/\/tinychat.com\/tr\/wp-json\/wp\/v2\/comments?post=13236"}],"version-history":[{"count":2,"href":"https:\/\/tinychat.com\/tr\/wp-json\/wp\/v2\/pages\/13236\/revisions"}],"predecessor-version":[{"id":13238,"href":"https:\/\/tinychat.com\/tr\/wp-json\/wp\/v2\/pages\/13236\/revisions\/13238"}],"wp:attachment":[{"href":"https:\/\/tinychat.com\/tr\/wp-json\/wp\/v2\/media?parent=13236"}],"curies":[{"name":"wp","href":"https:\/\/api.w.org\/{rel}","templated":true}]}}