{"id":13261,"date":"2025-06-17T13:46:44","date_gmt":"2025-06-17T11:46:44","guid":{"rendered":"https:\/\/tinychat.com\/?page_id=13261"},"modified":"2025-06-17T13:47:34","modified_gmt":"2025-06-17T11:47:34","slug":"roulette-chat","status":"publish","type":"page","link":"https:\/\/tinychat.com\/tr\/roulette-chat\/","title":{"rendered":"Roulette Chat"},"content":{"rendered":"<p>Hi\u00e7 zar at\u0131p bir sonraki \u00e7evrimi\u00e7i bulu\u015fman\u0131z\u0131n kim olaca\u011f\u0131n\u0131 g\u00f6rmek istediniz mi? Rulet sohbetini bu kadar e\u011flenceli yapan \u015fey de tam olarak bu. Geleneksel mesajla\u015fma uygulamalar\u0131n\u0131n veya sosyal medyan\u0131n aksine, rulet sohbeti d\u00fcnyan\u0131n herhangi bir yerinden rastgele insanlarla an\u0131nda ba\u011flant\u0131 kurman\u0131z\u0131 sa\u011flar. \"S\u0131radaki\" tu\u015funa her bast\u0131\u011f\u0131n\u0131zda \u00e7ark\u0131 \u00e7evirmi\u015f gibi olursunuz; harika bir sohbet, yeni bir arkada\u015f ve hatta s\u00fcrpriz bir romantizmle kar\u015f\u0131la\u015fabilirsiniz.<\/p>\n<p>\u0130ster tembel bir ak\u015famda evde olun, ister can s\u0131k\u0131nt\u0131n\u0131z\u0131 gidermek isteyin ya da sadece d\u0131\u015far\u0131da ba\u015fka kimlerin oldu\u011funu merak edin, rulet sohbet siteleri size yeni y\u00fczler ke\u015ffetmeniz i\u00e7in kolay, s\u0131f\u0131r bas\u0131n\u00e7l\u0131 bir yol sunar. Cazibesi tamamen kendili\u011findenlikle ilgilidir: okunacak profiller, uzun tan\u0131t\u0131mlar yoktur, sadece saf, \u00f6ng\u00f6r\u00fclemeyen sohbet vard\u0131r.<\/p>\n<h2>Roulette Chat Nedir?<\/h2>\n<p>Rulet sohbeti, sizi rastgele kullan\u0131c\u0131larla ger\u00e7ek zamanl\u0131 olarak, genellikle video ve bazen de metin arac\u0131l\u0131\u011f\u0131yla e\u015fle\u015ftiren \u00e7evrimi\u00e7i bir sohbet platformudur. Rastgele e\u015fle\u015ftirme fikrine dayan\u0131r - bunu \u015fapkadan bir isim \u00e7ekmenin ve bir sonraki kiminle konu\u015faca\u011f\u0131n\u0131z\u0131 g\u00f6rmenin \u00e7evrimi\u00e7i versiyonu olarak d\u00fc\u015f\u00fcn\u00fcn.<\/p>\n<p>\u00c7o\u011fu rulet sohbet sitesi h\u0131zl\u0131, basit ve kullan\u0131c\u0131 dostu olacak \u015fekilde tasarlanm\u0131\u015ft\u0131r:<\/p>\n<ul>\n<li>Uzun kay\u0131tlara gerek yok (genellikle sadece bir takma ad se\u00e7ip gidersiniz)<\/li>\n<li>Rastgele bir partnerle sohbet oturumuna do\u011frudan atlay\u0131n<\/li>\n<li>E\u011fer sohbet size g\u00f6re de\u011filse, sadece \"ileri \"ye t\u0131klay\u0131n ve an\u0131nda yeni birini bulun<\/li>\n<\/ul>\n<p>Ekran\u0131n\u0131zda kimin g\u00f6r\u00fcnece\u011fini asla bilememenin heyecan verici bir yan\u0131 var. Bazen d\u00fcnyan\u0131n \u00f6b\u00fcr ucundaki bir \u00f6\u011frenci arkada\u015f\u0131n\u0131z, bazen bural\u0131 biri, bazen de sadece iyi bir kahkaha arayan biri.<\/p>\n<h2>Roulette Chat Nas\u0131l \u00c7al\u0131\u015f\u0131r?<\/h2>\n<p>S\u00fcre\u00e7 basittir ve neredeyse her zaman ayn\u0131d\u0131r:<\/p>\n<ol>\n<li>Bir rulet sohbet platformunu veya uygulamas\u0131n\u0131 ziyaret edin.<\/li>\n<li>Video istiyorsan\u0131z kamera ve mikrofon eri\u015fimine izin verin (\u00e7o\u011fu metin sohbeti de sunar).<\/li>\n<li>Rastgele kuyru\u011fa kat\u0131lmak i\u00e7in \"Ba\u015flat\" veya \"Ba\u011flan\" d\u00fc\u011fmesine bas\u0131n.<\/li>\n<li>Ba\u015fka bir kullan\u0131c\u0131yla an\u0131nda e\u015fle\u015fin.<\/li>\n<li>\u0130stedi\u011finiz kadar uzun (veya k\u0131sa) sohbet edin.<\/li>\n<li>Devam etmek ve yeni biriyle tan\u0131\u015fmak i\u00e7in istedi\u011finiz zaman \"ileri\" d\u00fc\u011fmesine bas\u0131n.<\/li>\n<\/ol>\n<p>Bir\u00e7ok rulet sohbet sitesinin kullan\u0131m\u0131 da tamamen \u00fccretsizdir, bu da onlar\u0131 spontane sosyalle\u015fme i\u00e7in m\u00fckemmel k\u0131lar.<\/p>\n<h2>Roulette Chat Deneyim T\u00fcrleri<\/h2>\n<p>Rulet sohbeti sadece tek bir \u015fey de\u011fildir - bir s\u00fcr\u00fc farkl\u0131 tatta gelir. En pop\u00fcler se\u00e7eneklerden baz\u0131lar\u0131 \u015funlard\u0131r:<\/p>\n<ul>\n<li>Rastgele rulet g\u00f6r\u00fcnt\u00fcl\u00fc sohbet: Klasik web kameras\u0131ndan web kameras\u0131na, yabanc\u0131larla y\u00fcz y\u00fcze.<\/li>\n<li>Sadece metin rulet sohbeti: Kameraya haz\u0131r de\u011filseniz, yazmaya devam edin.<\/li>\n<li>\u00dccretsiz rulet sohbeti: \u00c7o\u011fu site temel \u00f6zellikleri \u00fccretsiz olarak sunar.<\/li>\n<li>Mobil rulet sohbet uygulamalar\u0131: Nerede olursan\u0131z olun, hareket halindeyken sohbet etmek i\u00e7in.<\/li>\n<li>Temal\u0131 rulet sohbet odalar\u0131: Baz\u0131 siteler ilgi alanlar\u0131, diller veya ya\u015f i\u00e7in filtreler sunar.<\/li>\n<\/ul>\n<p>Neyle ilgileniyor olursan\u0131z olun, ruh halinize ve tarz\u0131n\u0131za uyan bir rulet sohbet se\u00e7ene\u011fi vard\u0131r.<\/p>\n<h2>\u0130nsanlar Roulette Chat'yi Neden Seviyor?<\/h2>\n<p>Rulet sohbetinin, \u00f6zellikle sonsuz kayd\u0131rma veya arkada\u015fl\u0131k uygulamalar\u0131n\u0131n bask\u0131s\u0131ndan b\u0131km\u0131\u015f insanlar aras\u0131nda bu kadar pop\u00fcler hale gelmesinin bir\u00e7ok nedeni var.<\/p>\n<ul>\n<li>Spontane geli\u015fir: Her sohbet yeni bir ba\u015flang\u0131\u00e7t\u0131r. Garip veya s\u0131k\u0131c\u0131 olursa, an\u0131nda devam edebilirsiniz.<\/li>\n<li>K\u00fcreseldir: D\u00fcnyan\u0131n her yerinden, hayat\u0131n her kesiminden insanlarla tan\u0131\u015f\u0131rs\u0131n\u0131z.<\/li>\n<li>Anonimdir: Bir takma ad kullan\u0131n, profili atlay\u0131n ve istedi\u011finiz kadar a\u00e7\u0131k (veya gizli) olun.<\/li>\n<li>D\u00fc\u015f\u00fck bask\u0131: \u0130stemedi\u011finiz s\u00fcrece numara veya sosyal medya al\u0131\u015fveri\u015fi beklentisi yok.<\/li>\n<li>Sadece e\u011flenceli: Her zaman unutulmaz biriyle tan\u0131\u015fma \u015fans\u0131 vard\u0131r.<\/li>\n<\/ul>\n<p>\"Rulet sohbeti utanga\u00e7l\u0131\u011f\u0131m\u0131 yenmeme yard\u0131mc\u0131 oldu. S\u0131rada kimin oldu\u011funu asla bilemezsiniz, bu y\u00fczden sadece rahatlay\u0131n ve ak\u0131\u015fa b\u0131rak\u0131n.\"<\/p>\n<p>\"Bazen arkada\u015f olaca\u011f\u0131n\u0131z insanlarla tan\u0131\u015f\u0131rs\u0131n\u0131z, bazen de sadece k\u0131sa bir kahkaha atars\u0131n\u0131z. Asla iki kez ayn\u0131 olmaz!\"<\/p>\n<h2>Pop\u00fcler Roulette Chat Platformlar\u0131<\/h2>\n<p>Birka\u00e7 rulet sohbet sitesi basitlikleri, geni\u015f kullan\u0131c\u0131 tabanlar\u0131 ve iyi moderasyonlar\u0131yla \u00f6ne \u00e7\u0131k\u0131yor:<\/p>\n<ul>\n<li>Chatroulette: Orijinal, hala en i\u015flek ve en k\u00fcresel olanlardan biri.<\/li>\n<li>Omegle (g\u00f6r\u00fcnt\u00fcl\u00fc sohbet): An\u0131nda e\u015fle\u015ftirme i\u00e7in bir \"ileri\" d\u00fc\u011fmesi ile hem metin hem de web kameras\u0131 se\u00e7enekleri sunar.<\/li>\n<li>Chatrandom: Cinsiyet ve \u00fclke gibi filtreler ve b\u00fcy\u00fck, aktif bir kullan\u0131c\u0131 taban\u0131 ile bilinir.<\/li>\n<li>Camsurf: Basit, mobil uyumlu ve h\u0131zl\u0131 rulet g\u00f6r\u00fcnt\u00fcl\u00fc sohbetlerine odaklanm\u0131\u015ft\u0131r.<\/li>\n<li>Chatspin: \u0130lgi filtreleri ve hem video hem de metin modlar\u0131 i\u00e7erir.<\/li>\n<\/ul>\n<p>Bunlar\u0131n her birinin kendine \u00f6zg\u00fc bir havas\u0131 vard\u0131r - baz\u0131lar\u0131 daha rahat, di\u011ferleri daha fl\u00f6rt\u00f6z veya macerac\u0131d\u0131r. Hangi rulet sohbetinin size uygun oldu\u011funu g\u00f6rmek i\u00e7in birka\u00e7\u0131n\u0131 deneyin.<\/p>\n<h2>Roulette Chat'de G\u00fcvende ve Sayg\u0131l\u0131 Kalmak<\/h2>\n<p>Rulet sohbeti genellikle g\u00fcvenli ve e\u011flencelidir, ancak di\u011fer tarafta kimin oldu\u011funu asla bilemeyece\u011finiz i\u00e7in, birka\u00e7 ak\u0131ll\u0131 al\u0131\u015fkanl\u0131k b\u00fcy\u00fck fark yaratabilir:<\/p>\n<ul>\n<li>Asla \u00f6zel bilgilerinizi (soyad\u0131n\u0131z, adresiniz, i\u015f yeriniz) payla\u015fmay\u0131n.<\/li>\n<li>\u00d6zellikle sohbete ilk ba\u015flad\u0131\u011f\u0131n\u0131zda bir takma ad kullan\u0131n.<\/li>\n<li>Biri sizi rahats\u0131z ederse, ayr\u0131l\u0131n veya \"sonraki \"ye bas\u0131n - a\u00e7\u0131klamaya gerek yok.<\/li>\n<li>\u00c7izgiyi a\u015fanlar\u0131 rapor edin veya engelleyin; \u00e7o\u011fu sitede bunun i\u00e7in kolay ara\u00e7lar vard\u0131r.<\/li>\n<li>Yeti\u015fkin rulet sohbeti kullan\u0131yorsan\u0131z, her zaman sayg\u0131n bir 18+ sitede oldu\u011funuzdan emin olun.<\/li>\n<\/ul>\n<p>\u00c7o\u011fu kullan\u0131c\u0131 sadece sohbet etmek, g\u00fclmek veya yeni biriyle tan\u0131\u015fmak i\u00e7in oradad\u0131r. Biraz dikkat uzun bir yol kat eder.<\/p>\n<h2>Roulette Chat vs Di\u011fer \u00c7evrimi\u00e7i Sohbet Se\u00e7enekleri<\/h2>\n<table>\n<thead>\n<tr>\n<th>\u00d6zellik<\/th>\n<th>Roulette Chat<\/th>\n<th>Sosyal Medya<\/th>\n<th>Arkada\u015fl\u0131k Uygulamalar\u0131<\/th>\n<th>Grup Sohbet Odalar\u0131<\/th>\n<\/tr>\n<\/thead>\n<tbody>\n<tr>\n<td>Rastgele anl\u0131k e\u015fle\u015ftirme<\/td>\n<td>\u2705<\/td>\n<td>\u274c<\/td>\n<td>\u274c<\/td>\n<td>\u274c<\/td>\n<\/tr>\n<tr>\n<td>Profil gerekmez<\/td>\n<td>\u2705<\/td>\n<td>\u274c<\/td>\n<td>\u274c<\/td>\n<td>\u274c<\/td>\n<\/tr>\n<tr>\n<td>Anonimlik<\/td>\n<td>\u2705<\/td>\n<td>\u274c<\/td>\n<td>\u2705<\/td>\n<td>\u2705<\/td>\n<\/tr>\n<tr>\n<td>G\u00f6r\u00fcnt\u00fcl\u00fc sohbet mevcut<\/td>\n<td>\u2705<\/td>\n<td>\u2705<\/td>\n<td>\u2705<\/td>\n<td>\u2705<\/td>\n<\/tr>\n<tr>\n<td>Kullan\u0131m\u0131 \u00fccretsiz<\/td>\n<td>\u2705<\/td>\n<td>\u2705<\/td>\n<td>\u274c<\/td>\n<td>\u2705<\/td>\n<\/tr>\n<tr>\n<td>\"Sonraki\"\/her zaman atla<\/td>\n<td>\u2705<\/td>\n<td>\u274c<\/td>\n<td>\u274c<\/td>\n<td>\u2705<\/td>\n<\/tr>\n<\/tbody>\n<\/table>\n<p>Rulet sohbeti tamamen h\u0131z, s\u00fcrpriz ve basitlikle ilgilidir - kay\u0131t duvarlar\u0131, sonsuz biyografiler ve y\u00fck\u00fcml\u00fcl\u00fckler yoktur.<\/p>\n<h2>Roulette Chat'den En \u0130yi \u015eekilde Nas\u0131l Yararlan\u0131l\u0131r<\/h2>\n<p>Birka\u00e7 basit ipucu rulet sohbetini daha da e\u011flenceli hale getirebilir:<\/p>\n<ul>\n<li>Pozitif olun; g\u00fcl\u00fcmseme, \u015fakalar ve merak \u00e7ok i\u015fe yarar.<\/li>\n<li>Garip sohbetler i\u00e7in stres yapmay\u0131n; sadece atlay\u0131n ve tekrar deneyin.<\/li>\n<li>Belirli sohbetler ar\u0131yorsan\u0131z (dil de\u011fi\u015fimi veya oyun gibi), bunu sohbetin ba\u015flar\u0131nda belirtin.<\/li>\n<li>Herkesin s\u0131n\u0131rlar\u0131na sayg\u0131 g\u00f6sterin - \u00e7o\u011fu insan sadece iyi vakit ge\u00e7irmek ister, drama de\u011fil.<\/li>\n<li>Di\u011fer zaman dilimlerinden insanlarla tan\u0131\u015fmak i\u00e7in g\u00fcn\u00fcn farkl\u0131 saatlerinde rulet sohbetini deneyin.<\/li>\n<\/ul>\n<p>Ve unutmay\u0131n: bunun e\u011flenceli olmas\u0131 gerekiyor! Her sohbeti yeni bir macera olarak de\u011ferlendirin.<\/p>\n<h2>Roulette Chat'yi Ne Zaman Denemelisiniz?<\/h2>\n<p>D\u00fcr\u00fcst olmak gerekirse, ger\u00e7ek bir sohbet veya farkl\u0131 bir \u015fey istedi\u011finizde. Baz\u0131 insanlar rulet sohbetini \u015fu ama\u00e7larla kullan\u0131r:<\/p>\n<ul>\n<li>Sakin bir gecede can s\u0131k\u0131nt\u0131s\u0131n\u0131 yenmek<\/li>\n<li>Yeni bir dil konu\u015fma prati\u011fi yap\u0131n<\/li>\n<li>Zor bir g\u00fcn\u00fcn ard\u0131ndan kahkaha at\u0131n<\/li>\n<li>Tamamen rahat bir ortamda yeni arkada\u015flarla tan\u0131\u015f\u0131n<\/li>\n<li>Fl\u00f6rt etmeyi ve fl\u00f6rt etmeyi ke\u015ffedin, bask\u0131 olmadan<\/li>\n<li>D\u00fcnyan\u0131n d\u00f6rt bir yan\u0131ndan bak\u0131\u015f a\u00e7\u0131lar\u0131n\u0131 ke\u015ffedin<\/li>\n<\/ul>\n<p>Rulet sohbeti, h\u0131zl\u0131 check-in'ler veya uzun, gece ge\u00e7 saatlerde yap\u0131lan g\u00f6r\u00fc\u015fmeler i\u00e7in m\u00fckemmeldir.<\/p>\n<p>Rulet sohbet, web'in spontane, s\u0131f\u0131r taahh\u00fctl\u00fc ba\u011flant\u0131ya cevab\u0131d\u0131r. Kolay, an\u0131nda ve herkese a\u00e7\u0131k - ister arkada\u015f edinmek, ister fl\u00f6rt etmek, ister sadece ne t\u00fcr rastgele e\u011flenceler bulabilece\u011finizi g\u00f6rmek isteyin. Kay\u0131t yok, bask\u0131 yok ve her sohbet yeni bir ba\u015flang\u0131\u00e7.<\/p>\n<p>D\u0131\u015far\u0131da kimlerin oldu\u011funu g\u00f6rmeye haz\u0131r m\u0131s\u0131n\u0131z? Bu gece \u00fccretsiz rulet sohbetini deneyin, ba\u015fka t\u00fcrl\u00fc asla bulamayaca\u011f\u0131n\u0131z insanlarla tan\u0131\u015f\u0131n ve s\u0131rada kimin oldu\u011funu bilmemenin heyecan\u0131n\u0131 ya\u015fay\u0131n.<\/p>\n<p>Rulet sohbeti ile d\u00fcnya her zaman bir t\u0131k uza\u011f\u0131n\u0131zda.<\/p>","protected":false},"excerpt":{"rendered":"<p>Ever wish you could just roll the dice and see who you meet next online? That\u2019s exactly what makes roulette chat so much fun. Unlike traditional messaging apps or social media, roulette chat lets you connect instantly with random people from anywhere in the world. Every time you hit \u201cnext,\u201d it\u2019s like spinning the wheel\u2014you [&hellip;]<\/p>\n","protected":false},"author":8,"featured_media":0,"parent":0,"menu_order":0,"comment_status":"closed","ping_status":"closed","template":"","meta":{"footnotes":""},"class_list":["post-13261","page","type-page","status-publish","hentry"],"yoast_head":"<!-- This site is optimized with the Yoast SEO plugin v27.5 - https:\/\/yoast.com\/product\/yoast-seo-wordpress\/ -->\n<title>Roulette Chat with Video Chat on TinyChat.com<\/title>\n<meta name=\"description\" content=\"Enjoying Roulette Chat? Join over 50,000,000 strangers on TinyChat! Turn on your cam and start meeting new people, or find a match.\" \/>\n<meta name=\"robots\" content=\"index, follow, max-snippet:-1, max-image-preview:large, max-video-preview:-1\" \/>\n<link rel=\"canonical\" href=\"https:\/\/tinychat.com\/tr\/roulette-chat\/\" \/>\n<meta property=\"og:locale\" content=\"tr_TR\" \/>\n<meta property=\"og:type\" content=\"article\" \/>\n<meta property=\"og:title\" content=\"Roulette Chat with Video Chat on TinyChat.com\" \/>\n<meta property=\"og:description\" content=\"Enjoying Roulette Chat? Join over 50,000,000 strangers on TinyChat! Turn on your cam and start meeting new people, or find a match.\" \/>\n<meta property=\"og:url\" content=\"https:\/\/tinychat.com\/tr\/roulette-chat\/\" \/>\n<meta property=\"og:site_name\" content=\"TinyChat\" \/>\n<meta property=\"article:publisher\" content=\"https:\/\/www.facebook.com\/tinychat\" \/>\n<meta property=\"article:modified_time\" content=\"2025-06-17T11:47:34+00:00\" \/>\n<meta property=\"og:image\" content=\"https:\/\/tinychat.com\/wp-content\/uploads\/2020\/04\/Tinychat-logo-1280x284-new-black.png\" \/>\n\t<meta property=\"og:image:width\" content=\"1280\" \/>\n\t<meta property=\"og:image:height\" content=\"284\" \/>\n\t<meta property=\"og:image:type\" content=\"image\/png\" \/>\n<meta name=\"twitter:card\" content=\"summary_large_image\" \/>\n<meta name=\"twitter:site\" content=\"@tinychat\" \/>\n<meta name=\"twitter:label1\" content=\"Tahmini okuma s\u00fcresi\" \/>\n\t<meta name=\"twitter:data1\" content=\"6 dakika\" \/>\n<script type=\"application\/ld+json\" class=\"yoast-schema-graph\">{\"@context\":\"https:\\\/\\\/schema.org\",\"@graph\":[{\"@type\":\"WebPage\",\"@id\":\"https:\\\/\\\/tinychat.com\\\/roulette-chat\\\/\",\"url\":\"https:\\\/\\\/tinychat.com\\\/roulette-chat\\\/\",\"name\":\"Roulette Chat with Video Chat on TinyChat.com\",\"isPartOf\":{\"@id\":\"https:\\\/\\\/tinychat.com\\\/#website\"},\"datePublished\":\"2025-06-17T11:46:44+00:00\",\"dateModified\":\"2025-06-17T11:47:34+00:00\",\"description\":\"Enjoying Roulette Chat? Join over 50,000,000 strangers on TinyChat! Turn on your cam and start meeting new people, or find a match.\",\"breadcrumb\":{\"@id\":\"https:\\\/\\\/tinychat.com\\\/roulette-chat\\\/#breadcrumb\"},\"inLanguage\":\"tr\",\"potentialAction\":[{\"@type\":\"ReadAction\",\"target\":[\"https:\\\/\\\/tinychat.com\\\/roulette-chat\\\/\"]}]},{\"@type\":\"BreadcrumbList\",\"@id\":\"https:\\\/\\\/tinychat.com\\\/roulette-chat\\\/#breadcrumb\",\"itemListElement\":[{\"@type\":\"ListItem\",\"position\":1,\"name\":\"Home\",\"item\":\"https:\\\/\\\/tinychat.com\\\/\"},{\"@type\":\"ListItem\",\"position\":2,\"name\":\"Roulette Chat\"}]},{\"@type\":\"WebSite\",\"@id\":\"https:\\\/\\\/tinychat.com\\\/#website\",\"url\":\"https:\\\/\\\/tinychat.com\\\/\",\"name\":\"TinyChat\",\"description\":\"Random Video Chat with Strangers\",\"publisher\":{\"@id\":\"https:\\\/\\\/tinychat.com\\\/#organization\"},\"alternateName\":\"TinyChat.com\",\"potentialAction\":[{\"@type\":\"SearchAction\",\"target\":{\"@type\":\"EntryPoint\",\"urlTemplate\":\"https:\\\/\\\/tinychat.com\\\/?s={search_term_string}\"},\"query-input\":{\"@type\":\"PropertyValueSpecification\",\"valueRequired\":true,\"valueName\":\"search_term_string\"}}],\"inLanguage\":\"tr\"},{\"@type\":\"Organization\",\"@id\":\"https:\\\/\\\/tinychat.com\\\/#organization\",\"name\":\"TinyChat\",\"alternateName\":\"TinyChat.com\",\"url\":\"https:\\\/\\\/tinychat.com\\\/\",\"logo\":{\"@type\":\"ImageObject\",\"inLanguage\":\"tr\",\"@id\":\"https:\\\/\\\/tinychat.com\\\/#\\\/schema\\\/logo\\\/image\\\/\",\"url\":\"https:\\\/\\\/tinychat.com\\\/wp-content\\\/uploads\\\/2023\\\/11\\\/Tinychat-icon-square.png\",\"contentUrl\":\"https:\\\/\\\/tinychat.com\\\/wp-content\\\/uploads\\\/2023\\\/11\\\/Tinychat-icon-square.png\",\"width\":284,\"height\":284,\"caption\":\"TinyChat\"},\"image\":{\"@id\":\"https:\\\/\\\/tinychat.com\\\/#\\\/schema\\\/logo\\\/image\\\/\"},\"sameAs\":[\"https:\\\/\\\/www.facebook.com\\\/tinychat\",\"https:\\\/\\\/x.com\\\/tinychat\"]}]}<\/script>\n<!-- \/ Yoast SEO plugin. -->","yoast_head_json":{"title":"TinyChat.com'da G\u00f6r\u00fcnt\u00fcl\u00fc Sohbet ile Roulette Chat","description":"Roulette Chat'yi be\u011feniyor musunuz? TinyChat'de 50.000.000'dan fazla yabanc\u0131ya kat\u0131l\u0131n! Kameran\u0131z\u0131 a\u00e7\u0131n ve yeni insanlarla tan\u0131\u015fmaya ba\u015flay\u0131n veya bir e\u015fle\u015fme bulun.","robots":{"index":"index","follow":"follow","max-snippet":"max-snippet:-1","max-image-preview":"max-image-preview:large","max-video-preview":"max-video-preview:-1"},"canonical":"https:\/\/tinychat.com\/tr\/roulette-chat\/","og_locale":"tr_TR","og_type":"article","og_title":"Roulette Chat with Video Chat on TinyChat.com","og_description":"Enjoying Roulette Chat? Join over 50,000,000 strangers on TinyChat! Turn on your cam and start meeting new people, or find a match.","og_url":"https:\/\/tinychat.com\/tr\/roulette-chat\/","og_site_name":"TinyChat","article_publisher":"https:\/\/www.facebook.com\/tinychat","article_modified_time":"2025-06-17T11:47:34+00:00","og_image":[{"width":1280,"height":284,"url":"https:\/\/tinychat.com\/wp-content\/uploads\/2020\/04\/Tinychat-logo-1280x284-new-black.png","type":"image\/png"}],"twitter_card":"summary_large_image","twitter_site":"@tinychat","twitter_misc":{"Tahmini okuma s\u00fcresi":"6 dakika"},"schema":{"@context":"https:\/\/schema.org","@graph":[{"@type":"WebPage","@id":"https:\/\/tinychat.com\/roulette-chat\/","url":"https:\/\/tinychat.com\/roulette-chat\/","name":"TinyChat.com'da G\u00f6r\u00fcnt\u00fcl\u00fc Sohbet ile Roulette Chat","isPartOf":{"@id":"https:\/\/tinychat.com\/#website"},"datePublished":"2025-06-17T11:46:44+00:00","dateModified":"2025-06-17T11:47:34+00:00","description":"Roulette Chat'yi be\u011feniyor musunuz? TinyChat'de 50.000.000'dan fazla yabanc\u0131ya kat\u0131l\u0131n! Kameran\u0131z\u0131 a\u00e7\u0131n ve yeni insanlarla tan\u0131\u015fmaya ba\u015flay\u0131n veya bir e\u015fle\u015fme bulun.","breadcrumb":{"@id":"https:\/\/tinychat.com\/roulette-chat\/#breadcrumb"},"inLanguage":"tr","potentialAction":[{"@type":"ReadAction","target":["https:\/\/tinychat.com\/roulette-chat\/"]}]},{"@type":"BreadcrumbList","@id":"https:\/\/tinychat.com\/roulette-chat\/#breadcrumb","itemListElement":[{"@type":"ListItem","position":1,"name":"Home","item":"https:\/\/tinychat.com\/"},{"@type":"ListItem","position":2,"name":"Roulette Chat"}]},{"@type":"WebSite","@id":"https:\/\/tinychat.com\/#website","url":"https:\/\/tinychat.com\/","name":"TinyChat","description":"Yabanc\u0131larla Rastgele G\u00f6r\u00fcnt\u00fcl\u00fc Sohbet","publisher":{"@id":"https:\/\/tinychat.com\/#organization"},"alternateName":"TinyChat.com","potentialAction":[{"@type":"SearchAction","target":{"@type":"EntryPoint","urlTemplate":"https:\/\/tinychat.com\/?s={search_term_string}"},"query-input":{"@type":"PropertyValueSpecification","valueRequired":true,"valueName":"search_term_string"}}],"inLanguage":"tr"},{"@type":"Organization","@id":"https:\/\/tinychat.com\/#organization","name":"TinyChat","alternateName":"TinyChat.com","url":"https:\/\/tinychat.com\/","logo":{"@type":"ImageObject","inLanguage":"tr","@id":"https:\/\/tinychat.com\/#\/schema\/logo\/image\/","url":"https:\/\/tinychat.com\/wp-content\/uploads\/2023\/11\/Tinychat-icon-square.png","contentUrl":"https:\/\/tinychat.com\/wp-content\/uploads\/2023\/11\/Tinychat-icon-square.png","width":284,"height":284,"caption":"TinyChat"},"image":{"@id":"https:\/\/tinychat.com\/#\/schema\/logo\/image\/"},"sameAs":["https:\/\/www.facebook.com\/tinychat","https:\/\/x.com\/tinychat"]}]}},"_links":{"self":[{"href":"https:\/\/tinychat.com\/tr\/wp-json\/wp\/v2\/pages\/13261","targetHints":{"allow":["GET"]}}],"collection":[{"href":"https:\/\/tinychat.com\/tr\/wp-json\/wp\/v2\/pages"}],"about":[{"href":"https:\/\/tinychat.com\/tr\/wp-json\/wp\/v2\/types\/page"}],"author":[{"embeddable":true,"href":"https:\/\/tinychat.com\/tr\/wp-json\/wp\/v2\/users\/8"}],"replies":[{"embeddable":true,"href":"https:\/\/tinychat.com\/tr\/wp-json\/wp\/v2\/comments?post=13261"}],"version-history":[{"count":1,"href":"https:\/\/tinychat.com\/tr\/wp-json\/wp\/v2\/pages\/13261\/revisions"}],"predecessor-version":[{"id":13262,"href":"https:\/\/tinychat.com\/tr\/wp-json\/wp\/v2\/pages\/13261\/revisions\/13262"}],"wp:attachment":[{"href":"https:\/\/tinychat.com\/tr\/wp-json\/wp\/v2\/media?parent=13261"}],"curies":[{"name":"wp","href":"https:\/\/api.w.org\/{rel}","templated":true}]}}