{"id":13273,"date":"2025-06-17T14:20:28","date_gmt":"2025-06-17T12:20:28","guid":{"rendered":"https:\/\/tinychat.com\/?page_id=13273"},"modified":"2025-06-17T14:20:28","modified_gmt":"2025-06-17T12:20:28","slug":"video-chat-with-women","status":"publish","type":"page","link":"https:\/\/tinychat.com\/tr\/video-chat-with-women\/","title":{"rendered":"Kad\u0131nlarla G\u00f6r\u00fcnt\u00fcl\u00fc Sohbet"},"content":{"rendered":"<p>Son birka\u00e7 y\u0131lda, giderek daha fazla insan \u00e7evrimi\u00e7i kad\u0131nlarla g\u00f6r\u00fcnt\u00fcl\u00fc sohbet etmenin yollar\u0131n\u0131 ar\u0131yor. Nedenini anlamak zor de\u011fil: g\u00f6r\u00fcnt\u00fcl\u00fc sohbet ki\u015fiseldir, ger\u00e7ek zamanl\u0131d\u0131r ve sonsuz mesajla\u015fmadan veya profiller aras\u0131nda gezinmekten \u00e7ok daha ger\u00e7ek\u00e7i hissettirir. \u0130ster yeni bir arkada\u015f edinmeyi, ister fl\u00f6rt etmeyi ya da d\u00fcnyan\u0131n d\u00f6rt bir yan\u0131ndan biriyle ger\u00e7ek bir sohbet etmeyi umuyor olun, kad\u0131nlarla g\u00f6r\u00fcnt\u00fcl\u00fc sohbet etmek ba\u011flant\u0131 kurmak i\u00e7in yeni ve spontane bir yol sunar.<\/p>\n<p>G\u00fcn\u00fcm\u00fcz\u00fcn platformlar\u0131 bunu kolayla\u015ft\u0131r\u0131yor - garip kurulumlar yok, yan\u0131tlar i\u00e7in g\u00fcnlerce beklemek yok. Sadece t\u0131klay\u0131n, ba\u011flan\u0131n ve sohbetin nereye gitti\u011fini g\u00f6r\u00fcn. Bu k\u0131lavuzda, nas\u0131l ba\u015flayaca\u011f\u0131n\u0131z\u0131, hangi platformlar\u0131 deneyece\u011finizi ve ister ilk kez ister deneyimli bir sohbet\u00e7i olun, deneyiminizden en iyi \u015fekilde nas\u0131l yararlanaca\u011f\u0131n\u0131z\u0131 ke\u015ffedeceksiniz.<\/p>\n<h2>Kad\u0131nlarla G\u00f6r\u00fcnt\u00fcl\u00fc Sohbet Etmeyi Bu Kadar \u00c7ekici K\u0131lan Nedir?<\/h2>\n<p>D\u00fcr\u00fcst olal\u0131m: y\u00fcz y\u00fcze konu\u015fmak farkl\u0131 hissettiriyor. G\u00f6r\u00fcnt\u00fcl\u00fc sohbet size g\u00fcl\u00fcmsemeleri g\u00f6rme, kahkahalar\u0131 duyma ve k\u0131sa mesajlarda kar\u015f\u0131n\u0131za \u00e7\u0131kmayan t\u00fcm k\u00fc\u00e7\u00fck \u015feyleri fark etme olana\u011f\u0131 verir. Bu y\u00fczden pek \u00e7ok insan geleneksel arkada\u015fl\u0131k uygulamalar\u0131 veya sosyal a\u011flar yerine kad\u0131nlarla g\u00f6r\u00fcnt\u00fcl\u00fc sohbeti tercih ediyor.<\/p>\n<p>\u0130\u015fte insanlar\u0131 \u00e7eken \u015fey:<\/p>\n<ul>\n<li>Ger\u00e7ek etkile\u015fim: Bu sadece ekrandaki bir metin de\u011fildir; kar\u015f\u0131n\u0131zdaki ki\u015fiyi ger\u00e7ek zamanl\u0131 olarak g\u00f6rebilir ve duyabilirsiniz.<\/li>\n<li>An\u0131nda kimya: Vibe'\u0131n do\u011fru olup olmad\u0131\u011f\u0131n\u0131 saniyeler i\u00e7inde anlayacak ve herkese zaman kazand\u0131racaks\u0131n\u0131z.<\/li>\n<li>Beklemek yok: Rastgele bir g\u00f6r\u00fcnt\u00fcl\u00fc sohbet sitesi kullan\u0131yorsan\u0131z, yeni biriyle g\u00fcnler de\u011fil saniyeler i\u00e7inde tan\u0131\u015fabilirsiniz.<\/li>\n<li>Daha sayg\u0131l\u0131 ba\u011flant\u0131lar: \u00c7o\u011fu platform, y\u00fcz y\u00fcze oldu\u011funuzda daha iyi davran\u0131\u015flar\u0131 te\u015fvik eder.<\/li>\n<li>E\u011flence ve \u00e7e\u015fitlilik: Her sohbet bir s\u00fcrprizdir. Bir sohbet hafif ve aptalca, bir sonraki derin ve anlaml\u0131 olabilir.<\/li>\n<\/ul>\n<h2>\u00c7evrimi\u00e7i Kad\u0131nlarla G\u00f6r\u00fcnt\u00fcl\u00fc Sohbet Nas\u0131l Ba\u015flat\u0131l\u0131r<\/h2>\n<p>Ba\u015flamak hi\u00e7 bu kadar kolay olmam\u0131\u015ft\u0131. \u0130\u015fte tipik yol:<\/p>\n<ol>\n<li>Bir platform se\u00e7in - \u00f6zellikle kad\u0131nlarla rastgele g\u00f6r\u00fcnt\u00fcl\u00fc sohbet i\u00e7in siteler veya cinsiyet filtreleri olan daha geni\u015f sohbet uygulamalar\u0131 vard\u0131r.<\/li>\n<li>Kameran\u0131z\u0131 ve mikrofonunuzu kurun. \u0130yi bir internet ba\u011flant\u0131s\u0131 da yard\u0131mc\u0131 olur.<\/li>\n<li>Bir takma ad veya ger\u00e7ek ad\u0131n\u0131z\u0131 kullan\u0131n - \u00e7o\u011fu platform tam profil gerektirmez.<\/li>\n<li>Sohbete ba\u015flamak i\u00e7in t\u0131klay\u0131n ve yeni insanlarla tan\u0131\u015fmak isteyen kad\u0131nlarla e\u015fle\u015ftirileceksiniz.<\/li>\n<li>Uygun de\u011filse, her zaman bir sonraki sohbete ge\u00e7ebilirsiniz - gariplik yok, bask\u0131 yok.<\/li>\n<\/ol>\n<p>Bir\u00e7ok platform metin veya sesle ba\u015flama se\u00e7enekleri de sunar, b\u00f6ylece utanga\u00e7san\u0131z veya \u00f6nce platform hakk\u0131nda bir fikir edinmek istiyorsan\u0131z rahatlayabilirsiniz.<\/p>\n<h2>Kad\u0131nlarla G\u00f6r\u00fcnt\u00fcl\u00fc Sohbet i\u00e7in En \u0130yi Platformlar<\/h2>\n<p>Do\u011fru platform tarz\u0131n\u0131za ba\u011fl\u0131d\u0131r - g\u00fcndelik, fl\u00f6rt\u00f6z veya arkada\u015fl\u0131\u011fa odaklanan bir \u015fey mi istiyorsunuz? \u0130\u015fte en iyi se\u00e7eneklerden baz\u0131lar\u0131:<\/p>\n<ul>\n<li>CooMeet: Erkekleri do\u011frulanm\u0131\u015f kad\u0131n kullan\u0131c\u0131larla bulu\u015fturmas\u0131yla bilinir ve kad\u0131nlarla ger\u00e7ek sohbetler yapmak isteyenlerin i\u015fini kolayla\u015ft\u0131r\u0131r.<\/li>\n<li>Chatspin: Cinsiyet filtreleri ve hem rastgele hem de \u00f6zel sohbetler i\u00e7in kolay bir aray\u00fcz i\u00e7erir.<\/li>\n<li>Chatrandom (K\u0131zlarla Sohbet): Di\u011fer kullan\u0131c\u0131lar\u0131 filtreleyerek sohbet etmek isteyen kad\u0131nlarla do\u011frudan ba\u011flant\u0131 kurman\u0131z\u0131 sa\u011flar.<\/li>\n<li>OmeTV ve Chatroulette: Her ikisi de geni\u015f bir \u00e7evrimi\u00e7i kad\u0131n toplulu\u011fuyla k\u00fcresel eri\u015fim ve rastgele e\u015fle\u015ftirmeler sunar.<\/li>\n<li>LuckyCrush: Erkekleri ve kad\u0131nlar\u0131 an\u0131nda bire bir g\u00f6r\u00fcnt\u00fcl\u00fc sohbet oturumlar\u0131 i\u00e7in rastgele e\u015fle\u015ftirir.<\/li>\n<li>TinyChat: Grup sohbetleri veya temal\u0131 video odalar\u0131 i\u00e7in en iyisidir, ancak kad\u0131nlarla \u00f6zel ba\u011flant\u0131lar da m\u00fcmk\u00fcnd\u00fcr.<\/li>\n<\/ul>\n<p>Hangi ortam\u0131n size uygun oldu\u011funu g\u00f6rmek i\u00e7in birka\u00e7\u0131n\u0131 deneyin; her birinin kendine \u00f6zg\u00fc bir toplulu\u011fu ve tarz\u0131 vard\u0131r.<\/p>\n<h2>Ne Beklemelisiniz? Kad\u0131nlarla Rastgele G\u00f6r\u00fcnt\u00fcl\u00fc Sohbet<\/h2>\n<p>Rastgele g\u00f6r\u00fcnt\u00fcl\u00fc sohbet biraz \u00e7evrimi\u00e7i h\u0131zl\u0131 bulu\u015fmaya benzer, ancak bask\u0131 yoktur. Bir platforma kat\u0131l\u0131r, ba\u015flamak i\u00e7in t\u0131klar ve an\u0131nda yeni biriyle e\u015fle\u015firsiniz. E\u011fer ba\u011flant\u0131 kurarsan\u0131z, konu\u015fmaya devam edersiniz. Olmazsa, sadece devam edersiniz - k\u0131rg\u0131nl\u0131k yok.<\/p>\n<p>\u0130\u015fte kad\u0131nlarla rastgele g\u00f6r\u00fcnt\u00fcl\u00fc sohbeti benzersiz k\u0131lan \u015fey:<\/p>\n<ul>\n<li>Toplam \u00e7e\u015fitlilik: Hayat\u0131n her kesiminden ve d\u00fcnyan\u0131n her yerinden kad\u0131nlarla tan\u0131\u015f\u0131n.<\/li>\n<li>Ger\u00e7ek tepkiler: Ger\u00e7ek ifadeleri g\u00f6r\u00fcn ve i\u00e7ten kahkahalar\u0131 (veya \u015fakalar\u0131n\u0131za inlemeleri) duyun.<\/li>\n<li>Tam kontrol: Bir sohbette istedi\u011finiz kadar kal\u0131n veya istedi\u011finiz zaman yeni bir ki\u015fiye ge\u00e7in.<\/li>\n<li>S\u0131f\u0131r ba\u011fl\u0131l\u0131k: Numara yok, sosyalle\u015fme yok-ikiniz de istemedi\u011finiz s\u00fcrece.<\/li>\n<\/ul>\n<h2>Kad\u0131nlarla Harika Bir G\u00f6r\u00fcnt\u00fcl\u00fc Sohbet \u0130\u00e7in \u0130pu\u00e7lar\u0131<\/h2>\n<p>\u0130ster e\u011flenmek i\u00e7in orada olun ister ger\u00e7ek bir ba\u011flant\u0131 kurmay\u0131 umuyor olun, bu ipu\u00e7lar\u0131 daha iyi sohbetler yapman\u0131za yard\u0131mc\u0131 olacakt\u0131r:<\/p>\n<ul>\n<li>Sayg\u0131l\u0131 olun: Tan\u0131\u015ft\u0131\u011f\u0131n\u0131z her kad\u0131na size davran\u0131lmas\u0131n\u0131 istedi\u011finiz \u015fekilde davran\u0131n. Basit davran\u0131\u015flar uzun bir yol kat eder.<\/li>\n<li>Samimi bir selamlama ile ba\u015flay\u0131n: \"Hey, nas\u0131l gidiyor?\" genel bir tavlama c\u00fcmlesinden daha iyidir.<\/li>\n<li>G\u00fcl\u00fcmseyin ve g\u00f6z temas\u0131 kurun: Bir ekran arac\u0131l\u0131\u011f\u0131yla bile olsa, g\u00fcven ve rahatl\u0131k olu\u015fturmaya yard\u0131mc\u0131 olur.<\/li>\n<li>Ortak bir zemin bulun: \u0130lgi alanlar\u0131, hobiler veya sevdi\u011finiz m\u00fczikler hakk\u0131nda sorular sorun. \u0130nsanlar ho\u015fland\u0131klar\u0131 \u015feyler hakk\u0131nda konu\u015fmay\u0131 severler.<\/li>\n<li>Acele etmeyin: Konu\u015fmay\u0131 ak\u0131\u015f\u0131na b\u0131rak\u0131n. Aran\u0131zda bir elektrik varsa, ikiniz de bunu hissedeceksiniz.<\/li>\n<li>S\u0131n\u0131rlara sayg\u0131 g\u00f6sterin: \u0130lgilenmiyorsa veya yoluna devam etmek istiyorsa, bunu ki\u015fisel alg\u0131lamay\u0131n.<\/li>\n<\/ul>\n<p>Unutmay\u0131n, her sohbet yeni bir \u015fanst\u0131r ve her ba\u011flant\u0131 \"o ba\u011flant\u0131\" olmayacakt\u0131r. Bu da e\u011flencenin bir par\u00e7as\u0131.<\/p>\n<h2>\u00dccretsiz G\u00f6r\u00fcnt\u00fcl\u00fc Sohbet Platformlar\u0131n\u0131 Kullan\u0131rken G\u00fcvende Kalmak<\/h2>\n<p>\u00c7o\u011fu platform g\u00fcvenlidir, ancak birka\u00e7 \u00f6nlem deneyiminizi olumlu tutacakt\u0131r:<\/p>\n<ul>\n<li>\u0130\u00e7iniz rahat edene kadar ki\u015fisel bilgilerinizi (tam ad, adres, telefon numaras\u0131) payla\u015fmay\u0131n.<\/li>\n<li>Ger\u00e7ek ad\u0131n\u0131z\u0131 a\u00e7\u0131klamaya haz\u0131r de\u011filseniz bir takma ad kullan\u0131n.<\/li>\n<li>Yeni tan\u0131\u015ft\u0131\u011f\u0131n\u0131z birine asla para veya hassas bilgiler g\u00f6ndermeyin.<\/li>\n<li>E\u011fer birisi uygunsuz davran\u0131yorsa, engelleme\/raporlama \u00f6zelliklerini kullan\u0131n. T\u00fcm iyi platformlarda vard\u0131r.<\/li>\n<li>Daha fazla gizlilik i\u00e7in n\u00f6tr bir arka plan kullan\u0131n ve kamerada tan\u0131mlanabilir bilgileri g\u00f6stermekten ka\u00e7\u0131n\u0131n.<\/li>\n<\/ul>\n<p>\u00d6nce g\u00fcvenlik - \u00f6zellikle de herkese a\u00e7\u0131k bir kad\u0131nlarla \u00fccretsiz g\u00f6r\u00fcnt\u00fcl\u00fc sohbet sitesi kullan\u0131yorsan\u0131z.<\/p>\n<h2>\u00dccretsiz ve \u00dccretli G\u00f6r\u00fcnt\u00fcl\u00fc Sohbet: Aradaki Fark Nedir?<\/h2>\n<p>\u00c7o\u011fu platform, ana \u00f6zellik olarak kad\u0131nlarla \u00fccretsiz g\u00f6r\u00fcnt\u00fcl\u00fc sohbet sunar. Baz\u0131lar\u0131 cinsiyet filtreleri, sanal hediyeler veya \u00f6ncelik e\u015fle\u015ftirme gibi ekstra \u00f6zellikler i\u00e7in \u00fccretli se\u00e7eneklere sahiptir. \u0130\u015fte h\u0131zl\u0131 bir d\u00f6k\u00fcm:<\/p>\n<table>\n<thead>\n<tr>\n<th>\u00d6zellik<\/th>\n<th>Kad\u0131nlarla \u00dccretsiz G\u00f6r\u00fcnt\u00fcl\u00fc Sohbet<\/th>\n<th>\u00dccretli G\u00f6r\u00fcnt\u00fcl\u00fc Sohbet<\/th>\n<\/tr>\n<\/thead>\n<tbody>\n<tr>\n<td>Maliyet yok<\/td>\n<td>\u2705<\/td>\n<td>\u274c<\/td>\n<\/tr>\n<tr>\n<td>Rastgele e\u015fle\u015ftirme<\/td>\n<td>\u2705<\/td>\n<td>\u2705<\/td>\n<\/tr>\n<tr>\n<td>Cinsiyet filtreleri<\/td>\n<td>\u2705 (baz\u0131lar\u0131nda)<\/td>\n<td>\u2705<\/td>\n<\/tr>\n<tr>\n<td>Grup sohbet odalar\u0131<\/td>\n<td>\u2705 (baz\u0131lar\u0131nda)<\/td>\n<td>\u2705<\/td>\n<\/tr>\n<tr>\n<td>\u00d6ncelikli veya \u00f6zel sohbetler<\/td>\n<td>\u274c<\/td>\n<td>\u2705<\/td>\n<\/tr>\n<tr>\n<td>Premium \u00f6zelliklere eri\u015fim<\/td>\n<td>\u274c<\/td>\n<td>\u2705<\/td>\n<\/tr>\n<\/tbody>\n<\/table>\n<p>\u00c7o\u011fu kullan\u0131c\u0131 i\u00e7in \u00fccretsiz platformlar harika sohbetler yapmak i\u00e7in fazlas\u0131yla yeterli. \u00dccretli s\u00fcr\u00fcmler yaln\u0131zca belirli bir deneyimi garanti etmek veya kuyruklar\u0131 atlamak istiyorsan\u0131z buna de\u011fer.<\/p>\n<h2>Kad\u0131nlarla G\u00f6r\u00fcnt\u00fcl\u00fc Sohbet Etmek Neden Kayd\u0131rma veya Mesajla\u015fmadan Daha \u0130yidir?<\/h2>\n<p>Metin sohbetleri ve fl\u00f6rt uygulamalar\u0131n\u0131n yeri ayr\u0131d\u0131r, ancak hi\u00e7bir \u015fey yeni biriyle ger\u00e7ek zamanl\u0131 sohbetin yerini tutamaz. \u0130\u015fte bu y\u00fczden bu kadar \u00e7ok insan k\u0131zlarla \u00e7evrimi\u00e7i g\u00f6r\u00fcnt\u00fcl\u00fc sohbeti sonsuz mesajla\u015fmaya tercih ediyor:<\/p>\n<ul>\n<li>Birinin ki\u015fili\u011fini \u00e7ok daha h\u0131zl\u0131 tan\u0131rs\u0131n\u0131z.<\/li>\n<li>\"Kedi av\u0131\" riski yok - ger\u00e7ek ki\u015fiyi hemen g\u00f6r\u00fcrs\u00fcn\u00fcz.<\/li>\n<li>Garip sessizlikler, birlikte g\u00fclebildi\u011finizde o kadar da garip hissettirmez.<\/li>\n<li>Kimyay\u0131 (ya da kimyan\u0131n eksikli\u011fini!) hissetmek daha kolayd\u0131r.<\/li>\n<li>\u0130lgilenmiyorsan\u0131z, yolunuza devam etmeniz basit ve kibar bir davran\u0131\u015f olacakt\u0131r.<\/li>\n<\/ul>\n<h2>Kad\u0131nlarla Ba\u011flant\u0131 Kurmak \u0130\u00e7in Kimler G\u00f6r\u00fcnt\u00fcl\u00fc Sohbet Kullan\u0131yor?<\/h2>\n<p>Bu sadece bekarlar i\u00e7in de\u011fil! Her ya\u015ftan ve ge\u00e7mi\u015ften insanlar farkl\u0131 nedenlerle g\u00f6r\u00fcnt\u00fcl\u00fc sohbet kullan\u0131yor:<\/p>\n<ul>\n<li>Arkada\u015fl\u0131k veya fl\u00f6rt arayan bekarlar<\/li>\n<li>Yurtd\u0131\u015f\u0131nda yeni arkada\u015flar arayan gurbet\u00e7iler ve gezginler<\/li>\n<li>Dil \u00f6\u011frenenlerin anadili \u0130ngilizce olan ki\u015filerle pratik yapmas\u0131<\/li>\n<li>Evde s\u0131k\u0131lan ve yeni bir bak\u0131\u015f a\u00e7\u0131s\u0131 arayan insanlar<\/li>\n<li>G\u00fcvenli ve sayg\u0131l\u0131 bir \u015fekilde ke\u015ffetmek ve e\u011flenmek isteyen herkes<\/li>\n<\/ul>\n<p>Kad\u0131nlarla g\u00f6r\u00fcnt\u00fcl\u00fc sohbet etmek sadece romantizmle ilgili de\u011fildir; \u00f6\u011frenmek, payla\u015fmak, g\u00fclmek ve ba\u011flant\u0131 kurmakla ilgilidir.<\/p>\n<h2>Ne Hakk\u0131nda Konu\u015fabilirsiniz?<\/h2>\n<p>\u0130\u015fin g\u00fczel yan\u0131 da bu - neredeyse her \u015fey! Temel bilgilerle ba\u015flay\u0131n veya do\u011frudan en sevdi\u011finiz konulara dal\u0131n. \u0130\u015fte birka\u00e7 fikir:<\/p>\n<ul>\n<li>Favori m\u00fczik, film veya TV \u015fovlar\u0131<\/li>\n<li>Seyahat r\u00fcyalar\u0131 veya hikayeleri<\/li>\n<li>Hobiler, sporlar veya gizli yetenekler<\/li>\n<li>\u015eimdiye kadar yedi\u011finiz en iyi yemek<\/li>\n<li>K\u00fclt\u00fcrler, gelenekler veya \"sizin \u00fclkenizde durum nas\u0131l?\"<\/li>\n<li>Aptalca oyunlar veya sanal meydan okumalar<\/li>\n<\/ul>\n<p>Hafif, a\u00e7\u0131k ve e\u011flenceli tutun - unutmay\u0131n, herkes sadece ba\u011flant\u0131 kurmak ve iyi bir sohbetin tad\u0131n\u0131 \u00e7\u0131karmak i\u00e7in orada.<\/p>\n<h2>Kad\u0131nlarla G\u00f6r\u00fcnt\u00fcl\u00fc Sohbet ve Di\u011fer \u00c7evrimi\u00e7i Se\u00e7enekler<\/h2>\n<table>\n<thead>\n<tr>\n<th>\u00d6zellik<\/th>\n<th>Kad\u0131nlarla G\u00f6r\u00fcnt\u00fcl\u00fc Sohbet<\/th>\n<th>Arkada\u015fl\u0131k Uygulamalar\u0131<\/th>\n<th>Sosyal Medya DM'leri<\/th>\n<th>Grup Sohbet Odalar\u0131<\/th>\n<\/tr>\n<\/thead>\n<tbody>\n<tr>\n<td>Ger\u00e7ek zamanl\u0131 y\u00fcz y\u00fcze<\/td>\n<td>\u2705<\/td>\n<td>\u274c<\/td>\n<td>\u274c<\/td>\n<td>\u2705<\/td>\n<\/tr>\n<tr>\n<td>Rastgele e\u015fle\u015ftirme mevcut<\/td>\n<td>\u2705<\/td>\n<td>\u274c<\/td>\n<td>\u274c<\/td>\n<td>\u2705<\/td>\n<\/tr>\n<tr>\n<td>Profil gerekmiyor<\/td>\n<td>\u2705<\/td>\n<td>\u274c<\/td>\n<td>\u274c<\/td>\n<td>\u274c<\/td>\n<\/tr>\n<tr>\n<td>Kullan\u0131m\u0131 \u00fccretsiz<\/td>\n<td>\u2705<\/td>\n<td>\u2705\/\u274c<\/td>\n<td>\u2705<\/td>\n<td>\u2705<\/td>\n<\/tr>\n<tr>\n<td>Atlama\/sonraki se\u00e7ene\u011fi<\/td>\n<td>\u2705<\/td>\n<td>\u274c<\/td>\n<td>\u274c<\/td>\n<td>\u2705<\/td>\n<\/tr>\n<\/tbody>\n<\/table>\n<h2>Deneyiminizden En \u0130yi \u015eekilde Nas\u0131l Yararlanabilirsiniz?<\/h2>\n<ul>\n<li>Hangi toplulu\u011fun size en uygun oldu\u011funu g\u00f6rmek i\u00e7in birka\u00e7 farkl\u0131 platform deneyin.<\/li>\n<li>Yakla\u015f\u0131m\u0131n\u0131z\u0131 de\u011fi\u015ftirin-bazen dost\u00e7a bir iltifat veya payla\u015f\u0131lan bir ilgi en iyi sohbeti ba\u015flat\u0131r.<\/li>\n<li>Gerginseniz grup odalar\u0131n\u0131 kullan\u0131n; bire bire ge\u00e7meden \u00f6nce daha rahat edersiniz.<\/li>\n<li>Farkl\u0131 \u00fclkelerden ve ge\u00e7mi\u015flerden gelen kad\u0131nlarla tan\u0131\u015fmak i\u00e7in g\u00fcn\u00fcn saatlerini kar\u0131\u015ft\u0131r\u0131n.<\/li>\n<li>Birka\u00e7 garip sohbetiniz olursa cesaretiniz k\u0131r\u0131lmas\u0131n. Bir sonraki en sevdi\u011finiz sohbet olabilir.<\/li>\n<\/ul>\n<p>Farkl\u0131 bir \u015feye haz\u0131rsan\u0131z - daha ger\u00e7ek, an\u0131nda ve ki\u015fisel bir \u015fey - kad\u0131nlarla g\u00f6r\u00fcnt\u00fcl\u00fc sohbet gitmenin yoludur. \u0130ster arkada\u015f edinmek, ister dil prati\u011fi yapmak, ister biraz fl\u00f6rt etmek ya da sadece d\u00fcnyan\u0131n di\u011fer ucunda hayat\u0131n nas\u0131l oldu\u011funu g\u00f6rmek isteyin, sizi bekleyen bir platform (ve bir sohbet) var.<\/p>\n<p>\u00d6yleyse neden denemiyorsunuz? Bir sonraki harika sohbet, hikaye ve hatta arkada\u015fl\u0131k sadece bir t\u0131k uza\u011f\u0131n\u0131zda olabilir.<\/p>\n<p>Fi\u015fi tak\u0131n, oturum a\u00e7\u0131n ve bu gece ilk sohbetinize ba\u015flay\u0131n.<\/p>","protected":false},"excerpt":{"rendered":"<p>In the last few years, more and more people are searching for ways to video chat with women online. It\u2019s not hard to see why: video chat is personal, real-time, and feels so much more authentic than endless texting or swiping through profiles. Whether you\u2019re hoping to make a new friend, flirt, or just have [&hellip;]<\/p>\n","protected":false},"author":8,"featured_media":0,"parent":0,"menu_order":0,"comment_status":"closed","ping_status":"closed","template":"","meta":{"footnotes":""},"class_list":["post-13273","page","type-page","status-publish","hentry"],"yoast_head":"<!-- This site is optimized with the Yoast SEO plugin v27.5 - https:\/\/yoast.com\/product\/yoast-seo-wordpress\/ -->\n<title>Video Chat with Women with Video Chat on TinyChat.com<\/title>\n<meta name=\"description\" content=\"Enjoying Video Chat with Women? Join over 50,000,000 strangers on TinyChat! Turn on your cam and start meeting new people, or find a match.\" \/>\n<meta name=\"robots\" content=\"index, follow, max-snippet:-1, max-image-preview:large, max-video-preview:-1\" \/>\n<link rel=\"canonical\" href=\"https:\/\/tinychat.com\/tr\/video-chat-with-women\/\" \/>\n<meta property=\"og:locale\" content=\"tr_TR\" \/>\n<meta property=\"og:type\" content=\"article\" \/>\n<meta property=\"og:title\" content=\"Video Chat with Women with Video Chat on TinyChat.com\" \/>\n<meta property=\"og:description\" content=\"Enjoying Video Chat with Women? Join over 50,000,000 strangers on TinyChat! Turn on your cam and start meeting new people, or find a match.\" \/>\n<meta property=\"og:url\" content=\"https:\/\/tinychat.com\/tr\/video-chat-with-women\/\" \/>\n<meta property=\"og:site_name\" content=\"TinyChat\" \/>\n<meta property=\"article:publisher\" content=\"https:\/\/www.facebook.com\/tinychat\" \/>\n<meta property=\"og:image\" content=\"https:\/\/tinychat.com\/wp-content\/uploads\/2020\/04\/Tinychat-logo-1280x284-new-black.png\" \/>\n\t<meta property=\"og:image:width\" content=\"1280\" \/>\n\t<meta property=\"og:image:height\" content=\"284\" \/>\n\t<meta property=\"og:image:type\" content=\"image\/png\" \/>\n<meta name=\"twitter:card\" content=\"summary_large_image\" \/>\n<meta name=\"twitter:site\" content=\"@tinychat\" \/>\n<meta name=\"twitter:label1\" content=\"Tahmini okuma s\u00fcresi\" \/>\n\t<meta name=\"twitter:data1\" content=\"7 dakika\" \/>\n<script type=\"application\/ld+json\" class=\"yoast-schema-graph\">{\"@context\":\"https:\\\/\\\/schema.org\",\"@graph\":[{\"@type\":\"WebPage\",\"@id\":\"https:\\\/\\\/tinychat.com\\\/video-chat-with-women\\\/\",\"url\":\"https:\\\/\\\/tinychat.com\\\/video-chat-with-women\\\/\",\"name\":\"Video Chat with Women with Video Chat on TinyChat.com\",\"isPartOf\":{\"@id\":\"https:\\\/\\\/tinychat.com\\\/#website\"},\"datePublished\":\"2025-06-17T12:20:28+00:00\",\"description\":\"Enjoying Video Chat with Women? Join over 50,000,000 strangers on TinyChat! Turn on your cam and start meeting new people, or find a match.\",\"breadcrumb\":{\"@id\":\"https:\\\/\\\/tinychat.com\\\/video-chat-with-women\\\/#breadcrumb\"},\"inLanguage\":\"tr\",\"potentialAction\":[{\"@type\":\"ReadAction\",\"target\":[\"https:\\\/\\\/tinychat.com\\\/video-chat-with-women\\\/\"]}]},{\"@type\":\"BreadcrumbList\",\"@id\":\"https:\\\/\\\/tinychat.com\\\/video-chat-with-women\\\/#breadcrumb\",\"itemListElement\":[{\"@type\":\"ListItem\",\"position\":1,\"name\":\"Home\",\"item\":\"https:\\\/\\\/tinychat.com\\\/\"},{\"@type\":\"ListItem\",\"position\":2,\"name\":\"Video Chat with Women\"}]},{\"@type\":\"WebSite\",\"@id\":\"https:\\\/\\\/tinychat.com\\\/#website\",\"url\":\"https:\\\/\\\/tinychat.com\\\/\",\"name\":\"TinyChat\",\"description\":\"Random Video Chat with Strangers\",\"publisher\":{\"@id\":\"https:\\\/\\\/tinychat.com\\\/#organization\"},\"alternateName\":\"TinyChat.com\",\"potentialAction\":[{\"@type\":\"SearchAction\",\"target\":{\"@type\":\"EntryPoint\",\"urlTemplate\":\"https:\\\/\\\/tinychat.com\\\/?s={search_term_string}\"},\"query-input\":{\"@type\":\"PropertyValueSpecification\",\"valueRequired\":true,\"valueName\":\"search_term_string\"}}],\"inLanguage\":\"tr\"},{\"@type\":\"Organization\",\"@id\":\"https:\\\/\\\/tinychat.com\\\/#organization\",\"name\":\"TinyChat\",\"alternateName\":\"TinyChat.com\",\"url\":\"https:\\\/\\\/tinychat.com\\\/\",\"logo\":{\"@type\":\"ImageObject\",\"inLanguage\":\"tr\",\"@id\":\"https:\\\/\\\/tinychat.com\\\/#\\\/schema\\\/logo\\\/image\\\/\",\"url\":\"https:\\\/\\\/tinychat.com\\\/wp-content\\\/uploads\\\/2023\\\/11\\\/Tinychat-icon-square.png\",\"contentUrl\":\"https:\\\/\\\/tinychat.com\\\/wp-content\\\/uploads\\\/2023\\\/11\\\/Tinychat-icon-square.png\",\"width\":284,\"height\":284,\"caption\":\"TinyChat\"},\"image\":{\"@id\":\"https:\\\/\\\/tinychat.com\\\/#\\\/schema\\\/logo\\\/image\\\/\"},\"sameAs\":[\"https:\\\/\\\/www.facebook.com\\\/tinychat\",\"https:\\\/\\\/x.com\\\/tinychat\"]}]}<\/script>\n<!-- \/ Yoast SEO plugin. -->","yoast_head_json":{"title":"TinyChat.com'da G\u00f6r\u00fcnt\u00fcl\u00fc Sohbet ile Kad\u0131nlarla G\u00f6r\u00fcnt\u00fcl\u00fc Sohbet","description":"Kad\u0131nlarla G\u00f6r\u00fcnt\u00fcl\u00fc Sohbetten Ho\u015flan\u0131yor musunuz? TinyChat'de 50.000.000'dan fazla yabanc\u0131ya kat\u0131l\u0131n! Kameran\u0131z\u0131 a\u00e7\u0131n ve yeni insanlarla tan\u0131\u015fmaya ba\u015flay\u0131n veya bir e\u015fle\u015fme bulun.","robots":{"index":"index","follow":"follow","max-snippet":"max-snippet:-1","max-image-preview":"max-image-preview:large","max-video-preview":"max-video-preview:-1"},"canonical":"https:\/\/tinychat.com\/tr\/video-chat-with-women\/","og_locale":"tr_TR","og_type":"article","og_title":"Video Chat with Women with Video Chat on TinyChat.com","og_description":"Enjoying Video Chat with Women? Join over 50,000,000 strangers on TinyChat! Turn on your cam and start meeting new people, or find a match.","og_url":"https:\/\/tinychat.com\/tr\/video-chat-with-women\/","og_site_name":"TinyChat","article_publisher":"https:\/\/www.facebook.com\/tinychat","og_image":[{"width":1280,"height":284,"url":"https:\/\/tinychat.com\/wp-content\/uploads\/2020\/04\/Tinychat-logo-1280x284-new-black.png","type":"image\/png"}],"twitter_card":"summary_large_image","twitter_site":"@tinychat","twitter_misc":{"Tahmini okuma s\u00fcresi":"7 dakika"},"schema":{"@context":"https:\/\/schema.org","@graph":[{"@type":"WebPage","@id":"https:\/\/tinychat.com\/video-chat-with-women\/","url":"https:\/\/tinychat.com\/video-chat-with-women\/","name":"TinyChat.com'da G\u00f6r\u00fcnt\u00fcl\u00fc Sohbet ile Kad\u0131nlarla G\u00f6r\u00fcnt\u00fcl\u00fc Sohbet","isPartOf":{"@id":"https:\/\/tinychat.com\/#website"},"datePublished":"2025-06-17T12:20:28+00:00","description":"Kad\u0131nlarla G\u00f6r\u00fcnt\u00fcl\u00fc Sohbetten Ho\u015flan\u0131yor musunuz? TinyChat'de 50.000.000'dan fazla yabanc\u0131ya kat\u0131l\u0131n! Kameran\u0131z\u0131 a\u00e7\u0131n ve yeni insanlarla tan\u0131\u015fmaya ba\u015flay\u0131n veya bir e\u015fle\u015fme bulun.","breadcrumb":{"@id":"https:\/\/tinychat.com\/video-chat-with-women\/#breadcrumb"},"inLanguage":"tr","potentialAction":[{"@type":"ReadAction","target":["https:\/\/tinychat.com\/video-chat-with-women\/"]}]},{"@type":"BreadcrumbList","@id":"https:\/\/tinychat.com\/video-chat-with-women\/#breadcrumb","itemListElement":[{"@type":"ListItem","position":1,"name":"Home","item":"https:\/\/tinychat.com\/"},{"@type":"ListItem","position":2,"name":"Video Chat with Women"}]},{"@type":"WebSite","@id":"https:\/\/tinychat.com\/#website","url":"https:\/\/tinychat.com\/","name":"TinyChat","description":"Yabanc\u0131larla Rastgele G\u00f6r\u00fcnt\u00fcl\u00fc Sohbet","publisher":{"@id":"https:\/\/tinychat.com\/#organization"},"alternateName":"TinyChat.com","potentialAction":[{"@type":"SearchAction","target":{"@type":"EntryPoint","urlTemplate":"https:\/\/tinychat.com\/?s={search_term_string}"},"query-input":{"@type":"PropertyValueSpecification","valueRequired":true,"valueName":"search_term_string"}}],"inLanguage":"tr"},{"@type":"Organization","@id":"https:\/\/tinychat.com\/#organization","name":"TinyChat","alternateName":"TinyChat.com","url":"https:\/\/tinychat.com\/","logo":{"@type":"ImageObject","inLanguage":"tr","@id":"https:\/\/tinychat.com\/#\/schema\/logo\/image\/","url":"https:\/\/tinychat.com\/wp-content\/uploads\/2023\/11\/Tinychat-icon-square.png","contentUrl":"https:\/\/tinychat.com\/wp-content\/uploads\/2023\/11\/Tinychat-icon-square.png","width":284,"height":284,"caption":"TinyChat"},"image":{"@id":"https:\/\/tinychat.com\/#\/schema\/logo\/image\/"},"sameAs":["https:\/\/www.facebook.com\/tinychat","https:\/\/x.com\/tinychat"]}]}},"_links":{"self":[{"href":"https:\/\/tinychat.com\/tr\/wp-json\/wp\/v2\/pages\/13273","targetHints":{"allow":["GET"]}}],"collection":[{"href":"https:\/\/tinychat.com\/tr\/wp-json\/wp\/v2\/pages"}],"about":[{"href":"https:\/\/tinychat.com\/tr\/wp-json\/wp\/v2\/types\/page"}],"author":[{"embeddable":true,"href":"https:\/\/tinychat.com\/tr\/wp-json\/wp\/v2\/users\/8"}],"replies":[{"embeddable":true,"href":"https:\/\/tinychat.com\/tr\/wp-json\/wp\/v2\/comments?post=13273"}],"version-history":[{"count":2,"href":"https:\/\/tinychat.com\/tr\/wp-json\/wp\/v2\/pages\/13273\/revisions"}],"predecessor-version":[{"id":13275,"href":"https:\/\/tinychat.com\/tr\/wp-json\/wp\/v2\/pages\/13273\/revisions\/13275"}],"wp:attachment":[{"href":"https:\/\/tinychat.com\/tr\/wp-json\/wp\/v2\/media?parent=13273"}],"curies":[{"name":"wp","href":"https:\/\/api.w.org\/{rel}","templated":true}]}}