{"id":13277,"date":"2025-06-17T14:25:46","date_gmt":"2025-06-17T12:25:46","guid":{"rendered":"https:\/\/tinychat.com\/?page_id=13277"},"modified":"2025-06-17T14:25:46","modified_gmt":"2025-06-17T12:25:46","slug":"video-chat-hot","status":"publish","type":"page","link":"https:\/\/tinychat.com\/tr\/video-chat-hot\/","title":{"rendered":"G\u00f6r\u00fcnt\u00fcl\u00fc Sohbet S\u0131cak"},"content":{"rendered":"<p>Dost\u00e7a bir merhabadan daha fazlas\u0131n\u0131 m\u0131 ar\u0131yorsunuz? Gecenize biraz k\u0131v\u0131lc\u0131m katmak veya sizin kadar cesur ve spontane olan yeni biriyle tan\u0131\u015fmak m\u0131 istiyorsunuz? \u0130\u015fte burada s\u0131cak g\u00f6r\u00fcnt\u00fcl\u00fc sohbet siteleri devreye giriyor. Bu platformlar sadece merhaba demekle ilgili de\u011fildir - heyecan, kimya ve e\u011flenceye, fl\u00f6rt etmeye ve bazen biraz daha fazlas\u0131na a\u00e7\u0131k insanlarla ba\u011flant\u0131 kurmakla ilgilidir.<\/p>\n<p>Herkesin otantik ama biraz da heyecan verici bir \u015feyler arad\u0131\u011f\u0131 bir d\u00fcnyada, s\u0131cak g\u00f6r\u00fcnt\u00fcl\u00fc sohbet siteleri her iki d\u00fcnyan\u0131n da en iyisini sunar: ger\u00e7ek insanlarla ger\u00e7ek zamanl\u0131 g\u00f6r\u00fcnt\u00fcl\u00fc sohbetler, ancak e\u011flenceli, fl\u00f6rt\u00f6z ve biraz da vah\u015fi olma \u00f6zg\u00fcrl\u00fc\u011f\u00fc ile.<\/p>\n<h2>\"S\u0131cak\" G\u00f6r\u00fcnt\u00fcl\u00fc Sohbet Sitesi Nedir?<\/h2>\n<p>S\u0131cak bir g\u00f6r\u00fcnt\u00fcl\u00fc sohbet platformu, kullan\u0131c\u0131lar\u0131n s\u0131radan konu\u015fmalardan daha fazlas\u0131n\u0131 arad\u0131\u011f\u0131 herhangi bir g\u00f6r\u00fcnt\u00fcl\u00fc sohbet sitesi veya uygulamas\u0131d\u0131r. Bu, fl\u00f6rt sohbetleri, yeti\u015fkinlere y\u00f6nelik g\u00f6r\u00fcnt\u00fcl\u00fc aramalar veya sadece s\u0131n\u0131rlar\u0131 zorlamay\u0131 ve i\u015fleri ilgin\u00e7 tutmay\u0131 seven insanlarla yap\u0131lan sohbetler anlam\u0131na gelebilir. Bu siteler genellikle \u015funlar\u0131 sunar:<\/p>\n<ul>\n<li>Canl\u0131, bire bir g\u00f6r\u00fcnt\u00fcl\u00fc sohbet: B\u00f6ylece an\u0131nda g\u00f6rebilir ve g\u00f6r\u00fclebilirsiniz.<\/li>\n<li>Anonimlik ve gizlilik: Bir takma ad kullan\u0131n, her \u015feyi gizli tutun ve istedi\u011finiz kadar a\u00e7\u0131k olun.<\/li>\n<li>Rastgele s\u0131cak g\u00f6r\u00fcnt\u00fcl\u00fc sohbet se\u00e7enekleri: Kiminle tan\u0131\u015faca\u011f\u0131n\u0131z\u0131 veya ortam\u0131n nas\u0131l olaca\u011f\u0131n\u0131 asla bilemezsiniz.<\/li>\n<li>Cinsiyet ve ilgi alan\u0131 filtreleri: Arad\u0131klar\u0131n\u0131zla e\u015fle\u015fen ki\u015fileri bulmak i\u00e7in.<\/li>\n<li>Yarg\u0131lama yok, bask\u0131 yok: Size uygun de\u011filse bir sonraki ki\u015fiye ge\u00e7in - k\u0131rg\u0131nl\u0131k yok.<\/li>\n<\/ul>\n<p>Baz\u0131 siteler \"sadece yeti\u015fkinler i\u00e7in\" iken, di\u011ferleri sadece ekstra e\u011flenceli ve a\u00e7\u0131kt\u0131r. Her iki durumda da, k\u00fc\u00e7\u00fck konu\u015fmalardan daha fazlas\u0131n\u0131 isteyen insanlar i\u00e7in tasarlanm\u0131\u015ft\u0131r.<\/p>\n<h2>S\u0131cak G\u00f6r\u00fcnt\u00fcl\u00fc Sohbet Nas\u0131l \u00c7al\u0131\u015f\u0131r?<\/h2>\n<p>Yeni olsan\u0131z bile ba\u015flamak kolayd\u0131r:<\/p>\n<ol>\n<li>\u00dccretsiz bir s\u0131cak g\u00f6r\u00fcnt\u00fcl\u00fc sohbet sitesi se\u00e7in veya sayg\u0131n bir uygulama indirin.<\/li>\n<li>Kamera ve mikrofon eri\u015fimine izin verin.<\/li>\n<li>Filtrelerinizi ayarlay\u0131n-kimlerle sohbet etmek istedi\u011finizi se\u00e7in (cinsiyet, ilgi alanlar\u0131 vb.).<\/li>\n<li>Ba\u015flamak i\u00e7in t\u0131klay\u0131n ve e\u011flenceli, s\u0131cak bir sohbete haz\u0131r biriyle an\u0131nda e\u015fle\u015fin.<\/li>\n<li>\u0130\u015fler garip, \u00e7ok uysal ya da size g\u00f6re de\u011filse? \"Sonraki\" tu\u015funa bas\u0131n ve ke\u015ffetmeye devam edin.<\/li>\n<\/ol>\n<p>\u00c7o\u011fu platform \u00e7ok fazla ki\u015fisel bilgi gerektirmez. Bir takma ad kullan\u0131n, i\u015fleri hafif tutun ve ne kadar\u0131n\u0131 a\u00e7\u0131klamak istedi\u011finize kendiniz karar verin.<\/p>\n<h2>S\u0131cak G\u00f6r\u00fcnt\u00fcl\u00fc Sohbet i\u00e7in Pop\u00fcler Platformlar<\/h2>\n<p>Ate\u015fi y\u00fckseltmek i\u00e7in do\u011fru yeri mi ar\u0131yorsunuz? Baharatl\u0131, e\u011flenceli g\u00f6r\u00fcnt\u00fcl\u00fc sohbet i\u00e7in en iyi platformlardan baz\u0131lar\u0131 \u015funlard\u0131r:<\/p>\n<ul>\n<li>Flingster: T\u00fcm cinsiyetler ve \u00e7iftlerle anonim, yaln\u0131zca yeti\u015fkinlere \u00f6zel s\u0131cak g\u00f6r\u00fcnt\u00fcl\u00fc sohbet ile \u00fcnl\u00fcd\u00fcr.<\/li>\n<li>Chatrandom (yeti\u015fkin b\u00f6l\u00fcm\u00fc): Cinsiyet ve \u00e7ift filtreleri ve \u00e7ok say\u0131da vah\u015fi, rastgele kar\u015f\u0131la\u015fmalar sunar.<\/li>\n<li>CooMeet: Kad\u0131n do\u011frulanm\u0131\u015f kad\u0131n kullan\u0131c\u0131larla s\u0131cak g\u00f6r\u00fcnt\u00fcl\u00fc sohbet ve anl\u0131k ba\u011flant\u0131larla tan\u0131n\u0131r.<\/li>\n<li>LuckyCrush: Canl\u0131, fl\u00f6rt\u00f6z sohbetler i\u00e7in erkekleri kad\u0131nlarla rastgele e\u015fle\u015ftirir.<\/li>\n<li>Chatspin (yeti\u015fkin modu): E\u011flenceli filtreler ve yeti\u015fkin sohbet se\u00e7enekleri ekler.<\/li>\n<li>Bazoocam: A\u00e7\u0131k fikirli, \u00e7ok say\u0131da fl\u00f6rt ve grup e\u011flencesi ile rastgele g\u00f6r\u00fcnt\u00fcl\u00fc sohbet.<\/li>\n<\/ul>\n<p>Her zaman ya\u015f gereksinimlerini kontrol edin - \u00e7o\u011fu s\u0131cak g\u00f6r\u00fcnt\u00fcl\u00fc sohbet sitesi yaln\u0131zca 18+ kullan\u0131c\u0131lar i\u00e7indir.<\/p>\n<h2>\u0130nsanlar Neden S\u0131cak G\u00f6r\u00fcnt\u00fcl\u00fc Sohbeti Seviyor?<\/h2>\n<p>Bir\u00e7oklar\u0131 i\u00e7in cazibesi a\u00e7\u0131kt\u0131r: ger\u00e7ek hayattaki fl\u00f6rt\u00fcn t\u00fcm heyecan\u0131, ancak daha g\u00fcvenli ve daha esnektir.<\/p>\n<ul>\n<li>An\u0131nda kimya: Aran\u0131zda bir k\u0131v\u0131lc\u0131m olup olmad\u0131\u011f\u0131n\u0131 hemen g\u00f6r\u00fcn, sonu gelmeyen mesajla\u015fmalar yok.<\/li>\n<li>K\u00fcresel eri\u015fim: D\u00fcnyan\u0131n her yerinden fl\u00f6rt\u00f6z, e\u011flenceli insanlarla tan\u0131\u015f\u0131n.<\/li>\n<li>S\u0131f\u0131r bask\u0131: Senin sahnen de\u011fil mi? Sadece atla ve yeni birini bul.<\/li>\n<li>Do\u011fall\u0131k: Her konu\u015fma bir s\u00fcrprizdir - bazen vah\u015fi, bazen aptalca, her zaman ger\u00e7ek.<\/li>\n<li>\u00d6zg\u00fcrl\u00fck: S\u0131n\u0131rlar belirleyebilir, h\u0131z\u0131n\u0131z\u0131 se\u00e7ebilir ve g\u00fcvenli bir \u015fekilde ke\u015ffedebilirsiniz.<\/li>\n<\/ul>\n<p>\"S\u0131cak g\u00f6r\u00fcnt\u00fcl\u00fc sohbeti seviyorum \u00e7\u00fcnk\u00fc kiminle tan\u0131\u015faca\u011f\u0131n\u0131z\u0131 asla bilemiyorsunuz. Bazen fl\u00f6rt\u00f6z, bazen sadece komik oluyor ve e\u011fer uyu\u015fmazsan\u0131z her zaman yolunuza devam edebiliyorsunuz.\"<\/p>\n<p>\"Bir partiye gitmek gibi, ama kanepemden. \u0130nternette her zaman ilgin\u00e7 birileri var!\"<\/p>\n<h2>\u00dccretsiz S\u0131cak G\u00f6r\u00fcnt\u00fcl\u00fc Sohbette G\u00fcvende Kalmak<\/h2>\n<p>\u00c7o\u011fu insan e\u011flence ve dostane ba\u011flant\u0131lar i\u00e7in orada olsa da, birka\u00e7 ak\u0131ll\u0131 hareket deneyiminizi olumlu tutacakt\u0131r:<\/p>\n<ul>\n<li>Asla ki\u015fisel bilgilerinizi payla\u015fmay\u0131n - bir takma ad kullan\u0131n ve ge\u00e7mi\u015finizi tarafs\u0131z tutun.<\/li>\n<li>Kendi s\u0131n\u0131rlar\u0131n\u0131z\u0131 belirleyin ve bunlar\u0131 a\u00e7\u0131k\u00e7a ifade edin.<\/li>\n<li>Birisi kaba davran\u0131rsa veya sizi rahats\u0131z ederse, hemen engelle veya bildir d\u00fc\u011fmesini kullan\u0131n.<\/li>\n<li>100% emin olmad\u0131\u011f\u0131n\u0131z s\u00fcrece a\u00e7\u0131k g\u00f6r\u00fcnt\u00fcler veya ki\u015fisel bilgiler g\u00f6ndermeyin.<\/li>\n<li>Gizlilik istiyorsan\u0131z, kay\u0131t gerektirmeyen veya sohbet g\u00fcnl\u00fcklerini saklamayan platformlar\u0131 kullan\u0131n.<\/li>\n<\/ul>\n<p>Biraz dikkat \u00e7ok daha fazla e\u011flence sa\u011flar.<\/p>\n<h2>\u00dccretsiz ve \u00dccretli S\u0131cak G\u00f6r\u00fcnt\u00fcl\u00fc Sohbet<\/h2>\n<p>\u00c7o\u011fu platform, temel deneyim olarak \u00fccretsiz rastgele s\u0131cak g\u00f6r\u00fcnt\u00fcl\u00fc sohbet sunar. Baz\u0131lar\u0131 \u00f6zel filtreler, hediyeler veya \"\u00f6ncelikli\" e\u015fle\u015fmeler gibi \u00fccretli \u00f6zellikler ekler. \u0130\u015fte nas\u0131l kar\u015f\u0131la\u015ft\u0131r\u0131ld\u0131klar\u0131:<\/p>\n<table>\n<thead>\n<tr>\n<th>\u00d6zellik<\/th>\n<th>\u00dccretsiz S\u0131cak G\u00f6r\u00fcnt\u00fcl\u00fc Sohbet<\/th>\n<th>\u00dccretli S\u0131cak G\u00f6r\u00fcnt\u00fcl\u00fc Sohbet<\/th>\n<\/tr>\n<\/thead>\n<tbody>\n<tr>\n<td>Maliyet yok<\/td>\n<td>\u2705<\/td>\n<td>\u274c<\/td>\n<\/tr>\n<tr>\n<td>Anonim\/rastgele<\/td>\n<td>\u2705<\/td>\n<td>\u2705<\/td>\n<\/tr>\n<tr>\n<td>Cinsiyet ve ilgi alan\u0131 filtreleri<\/td>\n<td>\u2705 (baz\u0131lar\u0131nda)<\/td>\n<td>\u2705<\/td>\n<\/tr>\n<tr>\n<td>Sanal hediyeler ve ekstralar<\/td>\n<td>\u274c<\/td>\n<td>\u2705<\/td>\n<\/tr>\n<tr>\n<td>\u00d6ncelikli e\u015fle\u015ftirme<\/td>\n<td>\u274c<\/td>\n<td>\u2705<\/td>\n<\/tr>\n<tr>\n<td>Sadece yeti\u015fkinlere \u00f6zel odalar<\/td>\n<td>\u2705 (\u00e7o\u011fu site)<\/td>\n<td>\u2705<\/td>\n<\/tr>\n<\/tbody>\n<\/table>\n<p>\u00c7o\u011fu kullan\u0131c\u0131 \u00fccretsiz se\u00e7eneklerden ihtiya\u00e7 duyduklar\u0131 her \u015feyi al\u0131r. \u00dccretli \u00f6zellikler, biraz daha fazla kontrol veya e\u011flence isteyenler i\u00e7in sadece ekstralard\u0131r.<\/p>\n<h2>S\u0131cak G\u00f6r\u00fcnt\u00fcl\u00fc Sohbet ve Normal G\u00f6r\u00fcnt\u00fcl\u00fc Sohbet<\/h2>\n<table>\n<thead>\n<tr>\n<th>\u00d6zellik<\/th>\n<th>S\u0131cak G\u00f6r\u00fcnt\u00fcl\u00fc Sohbet<\/th>\n<th>D\u00fczenli G\u00f6r\u00fcnt\u00fcl\u00fc Sohbet<\/th>\n<th>Arkada\u015fl\u0131k Uygulamalar\u0131<\/th>\n<th>Metin Sohbeti<\/th>\n<\/tr>\n<\/thead>\n<tbody>\n<tr>\n<td>Fl\u00f6rt\u00f6z, a\u00e7\u0131k fikirli kullan\u0131c\u0131lar<\/td>\n<td>\u2705<\/td>\n<td>\u274c<\/td>\n<td>\u2705<\/td>\n<td>\u274c<\/td>\n<\/tr>\n<tr>\n<td>Anonim\/h\u0131zl\u0131 atlama<\/td>\n<td>\u2705<\/td>\n<td>\u2705<\/td>\n<td>\u274c<\/td>\n<td>\u2705<\/td>\n<\/tr>\n<tr>\n<td>Yeti\u015fkin i\u00e7eri\u011fine izin verilir<\/td>\n<td>\u2705<\/td>\n<td>\u274c<\/td>\n<td>\u2705\/\u274c<\/td>\n<td>\u274c<\/td>\n<\/tr>\n<tr>\n<td>Bire bir ve grup<\/td>\n<td>\u2705<\/td>\n<td>\u2705<\/td>\n<td>\u2705<\/td>\n<td>\u2705<\/td>\n<\/tr>\n<tr>\n<td>Kullan\u0131m\u0131 \u00fccretsiz<\/td>\n<td>\u2705<\/td>\n<td>\u2705<\/td>\n<td>\u2705\/\u274c<\/td>\n<td>\u2705<\/td>\n<\/tr>\n<\/tbody>\n<\/table>\n<p>S\u0131cak g\u00f6r\u00fcnt\u00fcl\u00fc sohbet yaln\u0131zca fl\u00f6rt etmekle ilgili de\u011fildir - an\u0131nda, filtrelenmemi\u015f ba\u011flant\u0131, e\u011flence ve heyecanla ilgilidir.<\/p>\n<h2>Deneyiminizden En \u0130yi \u015eekilde Yararlanmak \u0130\u00e7in \u0130pu\u00e7lar\u0131<\/h2>\n<ul>\n<li>Kendiniz olun: S\u0131cak sohbet, rahat ve ger\u00e7ek oldu\u011funuzda en iyisidir.<\/li>\n<li>S\u0131n\u0131rlar\u0131 belirleyin: Neyle rahat edece\u011finize \u00f6nceden karar verin ve buna sad\u0131k kal\u0131n.<\/li>\n<li>Sayg\u0131l\u0131 bir \u015fekilde fl\u00f6rt edin: Kendine g\u00fcven \u00e7ekicidir, kabal\u0131k de\u011fil.<\/li>\n<li>E\u011flenin: Buzlar\u0131 k\u0131rmak i\u00e7in e\u011flenceli filtreler, oyunlar veya konular deneyin.<\/li>\n<li>\u00c7ok ciddiye almay\u0131n: E\u011fer ortam uygun de\u011filse, yolunuza devam edin.<\/li>\n<\/ul>\n<p>Ve her zaman, her zaman di\u011fer ki\u015finin rahatl\u0131k seviyesine sayg\u0131 g\u00f6sterin. En iyi s\u0131cak g\u00f6r\u00fcnt\u00fcl\u00fc sohbetler, her iki ki\u015fi de e\u011flendi\u011finde ger\u00e7ekle\u015fir.<\/p>\n<h2>S\u0131cak G\u00f6r\u00fcnt\u00fcl\u00fc Sohbet Ne Zaman ve Neden Denenmeli?<\/h2>\n<p>Dalmak i\u00e7in pek \u00e7ok neden var:<\/p>\n<ul>\n<li>S\u0131k\u0131c\u0131 bir ak\u015fam\u0131 ger\u00e7ek bir sohbet ve fl\u00f6rt\u00f6z bir hava ile renklendirin<\/li>\n<li>G\u00fcvenli ve anonim bir alanda e\u011flenceli y\u00f6n\u00fcn\u00fcz\u00fc ke\u015ffedin<\/li>\n<li>D\u00fcnyan\u0131n d\u00f6rt bir yan\u0131ndan a\u00e7\u0131k fikirli insanlarla tan\u0131\u015f\u0131n - seyahat gerekmez!<\/li>\n<li>An\u0131nda ba\u011flant\u0131lar\u0131n keyfini \u00e7\u0131kar\u0131n, uzun beklemeler veya karma\u015f\u0131k kay\u0131tlar yok<\/li>\n<li>S\u0131rada kimin oldu\u011funu asla bilememenin heyecan\u0131n\u0131 ya\u015fay\u0131n<\/li>\n<\/ul>\n<p>\u0130ster bekar olun, ister bir ili\u015fki i\u00e7inde olun ya da sadece orada neler oldu\u011funu g\u00f6rmek isteyin, s\u0131cak g\u00f6r\u00fcnt\u00fcl\u00fc sohbet merak\u0131n\u0131z\u0131 ke\u015ffetmenize ve kendi yolunuzla ba\u011flant\u0131 kurman\u0131za olanak tan\u0131r.<\/p>\n<p>S\u0131cak g\u00f6r\u00fcnt\u00fcl\u00fc sohbet platformlar\u0131 bir trendden daha fazlas\u0131d\u0131r - \u00e7evrimi\u00e7i tan\u0131\u015fmak, fl\u00f6rt etmek ve e\u011flenmek i\u00e7in yeni bir yoldur. Yabanc\u0131larla \u00fccretsiz rastgele g\u00f6r\u00fcnt\u00fcl\u00fc sohbetten \u00f6zel, yaln\u0131zca yeti\u015fkinlere \u00f6zel odalara kadar, \u0131s\u0131y\u0131 y\u00fckseltmek ve ger\u00e7ek, unutulmaz ba\u011flant\u0131lar kurmak isteyen herkes i\u00e7in bir \u015feyler var.<\/p>\n<p>Ekran\u0131n di\u011fer taraf\u0131nda nelerin bekledi\u011fini g\u00f6rmeye haz\u0131r m\u0131s\u0131n\u0131z? Bug\u00fcn s\u0131cak bir g\u00f6r\u00fcnt\u00fcl\u00fc sohbete atlay\u0131n ve \u00e7evrimi\u00e7i sohbetlerin ne kadar heyecan verici olabilece\u011fini ke\u015ffedin.<\/p>\n<p>Kim bilir? Bir sonraki unutulmaz an\u0131n\u0131z sadece bir t\u0131k uza\u011f\u0131n\u0131zda olabilir.<\/p>","protected":false},"excerpt":{"rendered":"<p>Looking for more than just a friendly hello? Want to add a little spark to your night, or meet someone new who\u2019s as bold and spontaneous as you are? That\u2019s where video chat hot sites come in. These platforms aren\u2019t just about saying hi\u2014they\u2019re about excitement, chemistry, and connecting with people who are open to [&hellip;]<\/p>\n","protected":false},"author":8,"featured_media":0,"parent":0,"menu_order":0,"comment_status":"closed","ping_status":"closed","template":"","meta":{"footnotes":""},"class_list":["post-13277","page","type-page","status-publish","hentry"],"yoast_head":"<!-- This site is optimized with the Yoast SEO plugin v27.5 - https:\/\/yoast.com\/product\/yoast-seo-wordpress\/ -->\n<title>Video Chat Hot with Video Chat on TinyChat.com<\/title>\n<meta name=\"description\" content=\"Enjoying Video Chat Hot? Join over 50,000,000 strangers on TinyChat! Turn on your cam and start meeting new people, or find a match.\" \/>\n<meta name=\"robots\" content=\"index, follow, max-snippet:-1, max-image-preview:large, max-video-preview:-1\" \/>\n<link rel=\"canonical\" href=\"https:\/\/tinychat.com\/tr\/video-chat-hot\/\" \/>\n<meta property=\"og:locale\" content=\"tr_TR\" \/>\n<meta property=\"og:type\" content=\"article\" \/>\n<meta property=\"og:title\" content=\"Video Chat Hot with Video Chat on TinyChat.com\" \/>\n<meta property=\"og:description\" content=\"Enjoying Video Chat Hot? Join over 50,000,000 strangers on TinyChat! Turn on your cam and start meeting new people, or find a match.\" \/>\n<meta property=\"og:url\" content=\"https:\/\/tinychat.com\/tr\/video-chat-hot\/\" \/>\n<meta property=\"og:site_name\" content=\"TinyChat\" \/>\n<meta property=\"article:publisher\" content=\"https:\/\/www.facebook.com\/tinychat\" \/>\n<meta property=\"og:image\" content=\"https:\/\/tinychat.com\/wp-content\/uploads\/2020\/04\/Tinychat-logo-1280x284-new-black.png\" \/>\n\t<meta property=\"og:image:width\" content=\"1280\" \/>\n\t<meta property=\"og:image:height\" content=\"284\" \/>\n\t<meta property=\"og:image:type\" content=\"image\/png\" \/>\n<meta name=\"twitter:card\" content=\"summary_large_image\" \/>\n<meta name=\"twitter:site\" content=\"@tinychat\" \/>\n<meta name=\"twitter:label1\" content=\"Tahmini okuma s\u00fcresi\" \/>\n\t<meta name=\"twitter:data1\" content=\"5 dakika\" \/>\n<script type=\"application\/ld+json\" class=\"yoast-schema-graph\">{\"@context\":\"https:\\\/\\\/schema.org\",\"@graph\":[{\"@type\":\"WebPage\",\"@id\":\"https:\\\/\\\/tinychat.com\\\/video-chat-hot\\\/\",\"url\":\"https:\\\/\\\/tinychat.com\\\/video-chat-hot\\\/\",\"name\":\"Video Chat Hot with Video Chat on TinyChat.com\",\"isPartOf\":{\"@id\":\"https:\\\/\\\/tinychat.com\\\/#website\"},\"datePublished\":\"2025-06-17T12:25:46+00:00\",\"description\":\"Enjoying Video Chat Hot? Join over 50,000,000 strangers on TinyChat! Turn on your cam and start meeting new people, or find a match.\",\"breadcrumb\":{\"@id\":\"https:\\\/\\\/tinychat.com\\\/video-chat-hot\\\/#breadcrumb\"},\"inLanguage\":\"tr\",\"potentialAction\":[{\"@type\":\"ReadAction\",\"target\":[\"https:\\\/\\\/tinychat.com\\\/video-chat-hot\\\/\"]}]},{\"@type\":\"BreadcrumbList\",\"@id\":\"https:\\\/\\\/tinychat.com\\\/video-chat-hot\\\/#breadcrumb\",\"itemListElement\":[{\"@type\":\"ListItem\",\"position\":1,\"name\":\"Home\",\"item\":\"https:\\\/\\\/tinychat.com\\\/\"},{\"@type\":\"ListItem\",\"position\":2,\"name\":\"Video Chat Hot\"}]},{\"@type\":\"WebSite\",\"@id\":\"https:\\\/\\\/tinychat.com\\\/#website\",\"url\":\"https:\\\/\\\/tinychat.com\\\/\",\"name\":\"TinyChat\",\"description\":\"Random Video Chat with Strangers\",\"publisher\":{\"@id\":\"https:\\\/\\\/tinychat.com\\\/#organization\"},\"alternateName\":\"TinyChat.com\",\"potentialAction\":[{\"@type\":\"SearchAction\",\"target\":{\"@type\":\"EntryPoint\",\"urlTemplate\":\"https:\\\/\\\/tinychat.com\\\/?s={search_term_string}\"},\"query-input\":{\"@type\":\"PropertyValueSpecification\",\"valueRequired\":true,\"valueName\":\"search_term_string\"}}],\"inLanguage\":\"tr\"},{\"@type\":\"Organization\",\"@id\":\"https:\\\/\\\/tinychat.com\\\/#organization\",\"name\":\"TinyChat\",\"alternateName\":\"TinyChat.com\",\"url\":\"https:\\\/\\\/tinychat.com\\\/\",\"logo\":{\"@type\":\"ImageObject\",\"inLanguage\":\"tr\",\"@id\":\"https:\\\/\\\/tinychat.com\\\/#\\\/schema\\\/logo\\\/image\\\/\",\"url\":\"https:\\\/\\\/tinychat.com\\\/wp-content\\\/uploads\\\/2023\\\/11\\\/Tinychat-icon-square.png\",\"contentUrl\":\"https:\\\/\\\/tinychat.com\\\/wp-content\\\/uploads\\\/2023\\\/11\\\/Tinychat-icon-square.png\",\"width\":284,\"height\":284,\"caption\":\"TinyChat\"},\"image\":{\"@id\":\"https:\\\/\\\/tinychat.com\\\/#\\\/schema\\\/logo\\\/image\\\/\"},\"sameAs\":[\"https:\\\/\\\/www.facebook.com\\\/tinychat\",\"https:\\\/\\\/x.com\\\/tinychat\"]}]}<\/script>\n<!-- \/ Yoast SEO plugin. -->","yoast_head_json":{"title":"TinyChat.com'da G\u00f6r\u00fcnt\u00fcl\u00fc Sohbet ile S\u0131cak G\u00f6r\u00fcnt\u00fcl\u00fc Sohbet","description":"S\u0131cak G\u00f6r\u00fcnt\u00fcl\u00fc Sohbetin tad\u0131n\u0131 m\u0131 \u00e7\u0131kar\u0131yorsunuz? TinyChat'de 50.000.000'dan fazla yabanc\u0131ya kat\u0131l\u0131n! Kameran\u0131z\u0131 a\u00e7\u0131n ve yeni insanlarla tan\u0131\u015fmaya ba\u015flay\u0131n veya bir e\u015fle\u015fme bulun.","robots":{"index":"index","follow":"follow","max-snippet":"max-snippet:-1","max-image-preview":"max-image-preview:large","max-video-preview":"max-video-preview:-1"},"canonical":"https:\/\/tinychat.com\/tr\/video-chat-hot\/","og_locale":"tr_TR","og_type":"article","og_title":"Video Chat Hot with Video Chat on TinyChat.com","og_description":"Enjoying Video Chat Hot? Join over 50,000,000 strangers on TinyChat! Turn on your cam and start meeting new people, or find a match.","og_url":"https:\/\/tinychat.com\/tr\/video-chat-hot\/","og_site_name":"TinyChat","article_publisher":"https:\/\/www.facebook.com\/tinychat","og_image":[{"width":1280,"height":284,"url":"https:\/\/tinychat.com\/wp-content\/uploads\/2020\/04\/Tinychat-logo-1280x284-new-black.png","type":"image\/png"}],"twitter_card":"summary_large_image","twitter_site":"@tinychat","twitter_misc":{"Tahmini okuma s\u00fcresi":"5 dakika"},"schema":{"@context":"https:\/\/schema.org","@graph":[{"@type":"WebPage","@id":"https:\/\/tinychat.com\/video-chat-hot\/","url":"https:\/\/tinychat.com\/video-chat-hot\/","name":"TinyChat.com'da G\u00f6r\u00fcnt\u00fcl\u00fc Sohbet ile S\u0131cak G\u00f6r\u00fcnt\u00fcl\u00fc Sohbet","isPartOf":{"@id":"https:\/\/tinychat.com\/#website"},"datePublished":"2025-06-17T12:25:46+00:00","description":"S\u0131cak G\u00f6r\u00fcnt\u00fcl\u00fc Sohbetin tad\u0131n\u0131 m\u0131 \u00e7\u0131kar\u0131yorsunuz? TinyChat'de 50.000.000'dan fazla yabanc\u0131ya kat\u0131l\u0131n! Kameran\u0131z\u0131 a\u00e7\u0131n ve yeni insanlarla tan\u0131\u015fmaya ba\u015flay\u0131n veya bir e\u015fle\u015fme bulun.","breadcrumb":{"@id":"https:\/\/tinychat.com\/video-chat-hot\/#breadcrumb"},"inLanguage":"tr","potentialAction":[{"@type":"ReadAction","target":["https:\/\/tinychat.com\/video-chat-hot\/"]}]},{"@type":"BreadcrumbList","@id":"https:\/\/tinychat.com\/video-chat-hot\/#breadcrumb","itemListElement":[{"@type":"ListItem","position":1,"name":"Home","item":"https:\/\/tinychat.com\/"},{"@type":"ListItem","position":2,"name":"Video Chat Hot"}]},{"@type":"WebSite","@id":"https:\/\/tinychat.com\/#website","url":"https:\/\/tinychat.com\/","name":"TinyChat","description":"Yabanc\u0131larla Rastgele G\u00f6r\u00fcnt\u00fcl\u00fc Sohbet","publisher":{"@id":"https:\/\/tinychat.com\/#organization"},"alternateName":"TinyChat.com","potentialAction":[{"@type":"SearchAction","target":{"@type":"EntryPoint","urlTemplate":"https:\/\/tinychat.com\/?s={search_term_string}"},"query-input":{"@type":"PropertyValueSpecification","valueRequired":true,"valueName":"search_term_string"}}],"inLanguage":"tr"},{"@type":"Organization","@id":"https:\/\/tinychat.com\/#organization","name":"TinyChat","alternateName":"TinyChat.com","url":"https:\/\/tinychat.com\/","logo":{"@type":"ImageObject","inLanguage":"tr","@id":"https:\/\/tinychat.com\/#\/schema\/logo\/image\/","url":"https:\/\/tinychat.com\/wp-content\/uploads\/2023\/11\/Tinychat-icon-square.png","contentUrl":"https:\/\/tinychat.com\/wp-content\/uploads\/2023\/11\/Tinychat-icon-square.png","width":284,"height":284,"caption":"TinyChat"},"image":{"@id":"https:\/\/tinychat.com\/#\/schema\/logo\/image\/"},"sameAs":["https:\/\/www.facebook.com\/tinychat","https:\/\/x.com\/tinychat"]}]}},"_links":{"self":[{"href":"https:\/\/tinychat.com\/tr\/wp-json\/wp\/v2\/pages\/13277","targetHints":{"allow":["GET"]}}],"collection":[{"href":"https:\/\/tinychat.com\/tr\/wp-json\/wp\/v2\/pages"}],"about":[{"href":"https:\/\/tinychat.com\/tr\/wp-json\/wp\/v2\/types\/page"}],"author":[{"embeddable":true,"href":"https:\/\/tinychat.com\/tr\/wp-json\/wp\/v2\/users\/8"}],"replies":[{"embeddable":true,"href":"https:\/\/tinychat.com\/tr\/wp-json\/wp\/v2\/comments?post=13277"}],"version-history":[{"count":2,"href":"https:\/\/tinychat.com\/tr\/wp-json\/wp\/v2\/pages\/13277\/revisions"}],"predecessor-version":[{"id":13279,"href":"https:\/\/tinychat.com\/tr\/wp-json\/wp\/v2\/pages\/13277\/revisions\/13279"}],"wp:attachment":[{"href":"https:\/\/tinychat.com\/tr\/wp-json\/wp\/v2\/media?parent=13277"}],"curies":[{"name":"wp","href":"https:\/\/api.w.org\/{rel}","templated":true}]}}