{"id":13358,"date":"2025-07-26T17:37:58","date_gmt":"2025-07-26T15:37:58","guid":{"rendered":"https:\/\/tinychat.com\/?page_id=13358"},"modified":"2025-07-26T17:38:19","modified_gmt":"2025-07-26T15:38:19","slug":"chatiwi","status":"publish","type":"page","link":"https:\/\/tinychat.com\/tr\/chatiwi\/","title":{"rendered":"Chatiwi"},"content":{"rendered":"<p>Kullan\u0131c\u0131lar sadece h\u0131z ve kolayl\u0131k de\u011fil, ayn\u0131 zamanda ger\u00e7ek gizlilik, veri g\u00fcvenli\u011fi ve kay\u0131t, profil ve g\u00f6zetim y\u00fck\u00fcnden kurtulmay\u0131 talep ettik\u00e7e, \u00e7evrimi\u00e7i sohbet ortam\u0131 s\u00fcrekli olarak geli\u015fmektedir. Ki\u015fisel bilgilerinizi payla\u015fmaktan veya platformlar aras\u0131nda takip edilmekten b\u0131kt\u0131ysan\u0131z, Chatiwi sizin i\u00e7in tasarland\u0131. Bu yenilik\u00e7i sohbet sitesi, insanlar\u0131n Chatiw hakk\u0131nda sevdi\u011fi her \u015feyi - h\u0131zl\u0131 eri\u015fim, k\u00fcresel sohbet ve kullan\u0131c\u0131 dostu bir aray\u00fcz - geli\u015fmi\u015f \u015fifreleme ve gizlili\u011fe s\u0131k\u0131 bir ba\u011fl\u0131l\u0131kla birle\u015ftirir.<\/p>\n<p>\u0130ster yabanc\u0131larla sohbet etmek, ister yeni arkada\u015flar edinmek, destek bulmak, fl\u00f6rt etmek ya da sadece sosyal medyan\u0131n g\u00fcr\u00fclt\u00fcs\u00fcnden ka\u00e7mak isteyin, Chatiwi basitlik, g\u00fcvenlik ve mutlak anonimli\u011fin benzersiz bir kar\u0131\u015f\u0131m\u0131n\u0131 sunar; \u00fcstelik uygulama indirme ya da karma\u015f\u0131k kay\u0131t formlar\u0131 olmadan.<\/p>\n<p>Bu nihai k\u0131lavuz, Chatiwi hakk\u0131nda bilmeniz gereken her \u015feyi kapsar: nedir, nas\u0131l \u00e7al\u0131\u015f\u0131r, temel \u00f6zellikleri, kullan\u0131c\u0131 deneyimi, g\u00fcvenlik protokolleri, di\u011fer sohbet platformlar\u0131yla kar\u015f\u0131la\u015ft\u0131rma, sorun giderme ipu\u00e7lar\u0131 ve her oturumdan en iyi \u015fekilde yararlanmak i\u00e7in uzman tavsiyeleri.<\/p>\n<h2>Chatiwi Nedir?<\/h2>\n<p>Chatiwi, d\u00fcnyan\u0131n d\u00f6rt bir yan\u0131ndaki insanlarla an\u0131nda, bire bir veya grup sohbetleri sunan taray\u0131c\u0131 tabanl\u0131 bir anonim sohbet platformudur - kay\u0131t gerekmez. Klasik Chatiw gibi, sadece bir takma adla do\u011frudan bir sohbet odas\u0131na atlayabilirsiniz, ancak Chatiwi modern \u015fifreleme ve gizlilik kontrolleri ekleyerek konu\u015fmalar\u0131n\u0131 g\u00fcvenli ve gizli tutmaya \u00f6nem veren herkes i\u00e7in en iyi se\u00e7imdir.<\/p>\n<p>\u015eunlar i\u00e7in idealdir:<\/p>\n<ul>\n<li>Anonim ve g\u00fcvenli konu\u015fmalar<\/li>\n<li>D\u00fcnyan\u0131n d\u00f6rt bir yan\u0131ndan yeni insanlarla tan\u0131\u015fmak<\/li>\n<li>Giri\u015f yapmadan metin tabanl\u0131 sohbet<\/li>\n<li>Veri takibi ve pazarlamadan ka\u00e7\u0131nma<\/li>\n<li>Gizlili\u011fe, sadeli\u011fe ve \u00f6zg\u00fcrl\u00fc\u011fe de\u011fer verenler<\/li>\n<\/ul>\n<p>Chatiwi'nin misyonu, kimlikleri ve verileri hakk\u0131nda mutlak g\u00f6n\u00fcl rahatl\u0131\u011f\u0131yla ger\u00e7ek, an\u0131nda sohbet etmek isteyen herkes i\u00e7in ba\u015fvurulacak platform olmakt\u0131r.<\/p>\n<h2>Chatiwi'nin Temel \u00d6zellikleri<\/h2>\n<p>Chatiwi, g\u00fcn\u00fcm\u00fcz kullan\u0131c\u0131lar\u0131n\u0131n en \u00e7ok istedi\u011fi \u015feylere odaklanarak kalabal\u0131k sohbet alan\u0131nda \u00f6ne \u00e7\u0131k\u0131yor: g\u00fcvenlik, anonimlik ve eri\u015filebilirlik.<\/p>\n<h3>1. Kay\u0131t Gerekmiyor<\/h3>\n<p>Saniyeler i\u00e7inde kat\u0131l\u0131n; sadece bir takma ad se\u00e7in ve girin. Hi\u00e7bir zaman e-posta, telefon veya sosyal medya profili gerekmez.<\/p>\n<h3>2. U\u00e7tan Uca \u015eifreli Sohbet<\/h3>\n<p>Chatiwi'deki t\u00fcm mesajlar u\u00e7tan uca \u015fifrelenmi\u015ftir. Bu, mesajlar\u0131n\u0131z\u0131 yaln\u0131zca sizin ve sohbet partner(ler)inizin okuyabilece\u011fi anlam\u0131na gelir; Chatiwi'nin kendi sunucular\u0131 bile konu\u015fmalar\u0131n\u0131za eri\u015femez.<\/p>\n<h3>3. Varsay\u0131lan Olarak Anonim<\/h3>\n<p>Kim oldu\u011funuzu a\u00e7\u0131klaman\u0131za gerek yok-Chatiwi ki\u015fisel bilgilerinizi istemez, toplamaz veya saklamaz. Her zaman istedi\u011finiz kadar gizli kal\u0131n.<\/p>\n<h3>4. Bire Bir ve Grup Sohbeti<\/h3>\n<ul>\n<li>Rastgele sohbet: \u00d6zel bir sohbet i\u00e7in an\u0131nda bir yabanc\u0131yla e\u015fle\u015fin.<\/li>\n<li>Grup sohbet odalar\u0131: \u0130lgi alan\u0131n\u0131za veya \u00fclkenize g\u00f6re genel odalara kat\u0131l\u0131n veya kendi \u00f6zel grubunuzu olu\u015fturun.<\/li>\n<\/ul>\n<h3>5. Basit, Modern Aray\u00fcz<\/h3>\n<p>Aray\u00fcz temiz, d\u00fczenli ve hem masa\u00fcst\u00fc hem de mobil taray\u0131c\u0131larda m\u00fckemmel \u00e7al\u0131\u015f\u0131yor. Reklam yok, a\u00e7\u0131l\u0131r pencere yok, sadece sohbet.<\/p>\n<h3>6. Ge\u00e7ici Sohbet G\u00fcnl\u00fckleri<\/h3>\n<p>Ayr\u0131ld\u0131\u011f\u0131n\u0131zda sohbetler kaybolur - Chatiwi'nin sunucular\u0131nda hi\u00e7bir g\u00fcnl\u00fck saklanmaz ve hi\u00e7bir \u015fey indekslenmez veya herkese a\u00e7\u0131k hale getirilmez.<\/p>\n<h3>7. Emoji ve Medya Payla\u015f\u0131m\u0131 (Gizlilik Kontrolleri ile)<\/h3>\n<p>\u00c7ok \u00e7e\u015fitli emojilerle kendinizi ifade edin. G\u00f6r\u00fcnt\u00fcler veya medya i\u00e7in payla\u015f\u0131m s\u0131k\u0131 bir \u015fekilde kontrol edilir ve her zaman \u00f6zeldir; herkese a\u00e7\u0131k yay\u0131nlar yoktur.<\/p>\n<h3>8. Aktif Moderasyon ve Kullan\u0131c\u0131 Kontrolleri<\/h3>\n<p>Chatiwi tamamen anonim olsa da, aktif moderasyon ve an\u0131nda raporlama\/engelleme ara\u00e7lar\u0131 spam, k\u00f6t\u00fcye kullan\u0131m ve botlar\u0131 minimumda tutmaya yard\u0131mc\u0131 olur.<\/p>\n<h3>9. Konum ve Dil Filtreleri<\/h3>\n<p>Belirli \u00fclkelerden ki\u015fileri bulun veya daha alakal\u0131 bir sohbet deneyimi i\u00e7in dile g\u00f6re filtreleyin (t\u00fcm\u00fc ger\u00e7ek IP'nizi veya konumunuzu izlemeden).<\/p>\n<h3>10. \u0130ndirme Yok, Uygulama Gerekmiyor<\/h3>\n<p>Chatiwi 100% taray\u0131c\u0131 tabanl\u0131d\u0131r, mobil ve masa\u00fcst\u00fc i\u00e7in optimize edilmi\u015ftir; kurulum veya g\u00fcncelleme gerektirmez.<\/p>\n<h2>Chatiwi Nas\u0131l Kullan\u0131l\u0131r<\/h2>\n<p>Chatiwi bir sohbete kat\u0131lmak i\u00e7in olabildi\u011fince kolay ve h\u0131zl\u0131d\u0131r:<\/p>\n<h3>Ad\u0131m 1: Chatiwi Web Sitesini Ziyaret Edin<\/h3>\n<p>Herhangi bir taray\u0131c\u0131da chatiwi.com adresini veya ilgili yerel s\u00fcr\u00fcm\u00fc a\u00e7\u0131n.<\/p>\n<h3>Ad\u0131m 2: Bir Takma Ad Se\u00e7in<\/h3>\n<p>Bir takma ad girin - ger\u00e7ek adlara veya ayr\u0131nt\u0131lara gerek yok.<\/p>\n<h3>Ad\u0131m 3: Sohbet Modunu Se\u00e7in<\/h3>\n<ul>\n<li>Rastgele sohbet: Bire bir anonim sohbet i\u00e7in an\u0131nda e\u015fle\u015fin.<\/li>\n<li>Grup sohbeti: Konuya\/\u00fclkeye g\u00f6re genel bir odaya girin veya kendi \u00f6zel grup odan\u0131z\u0131 olu\u015fturun ve ba\u011flant\u0131y\u0131 payla\u015f\u0131n.<\/li>\n<\/ul>\n<h3>Ad\u0131m 4: Sohbete Ba\u015flay\u0131n<\/h3>\n<p>Merhaba deyin! Rahat\u00e7a konu\u015fabilir, sorular sorabilir, tavsiye isteyebilir veya sadece zaman ge\u00e7irebilirsiniz.<\/p>\n<h3>Ad\u0131m 5: Filtreleri Kullan\u0131n (\u0130ste\u011fe Ba\u011fl\u0131)<\/h3>\n<p>Daha ilgili kullan\u0131c\u0131larla ba\u011flant\u0131 kurmak i\u00e7in \u00fclke veya dil tercihinizi se\u00e7in.<\/p>\n<h3>Ad\u0131m 6: Emoji ve Medya Payla\u015f\u0131m\u0131<\/h3>\n<p>Mesajlar\u0131n\u0131za emojiler ekleyin veya resim\/medya payla\u015f\u0131n (etkinle\u015ftirilmi\u015fse) -hepsi u\u00e7tan uca \u015fifreleme ve \u00f6zel teslimat ile.<\/p>\n<h3>Ad\u0131m 7: Gerekti\u011finde Raporlay\u0131n veya Engelleyin<\/h3>\n<p>Spam veya k\u00f6t\u00fcye kullan\u0131mla kar\u015f\u0131la\u015f\u0131rsan\u0131z, hemen harekete ge\u00e7mek i\u00e7in rapor et\/engelle d\u00fc\u011fmelerini kullan\u0131n.<\/p>\n<h2>Chatiwi'de Kullan\u0131c\u0131 Deneyimi<\/h2>\n<p>Chatiwi saf, dikkat da\u011f\u0131tmayan, g\u00fcvenli konu\u015fma i\u00e7in tasarlanm\u0131\u015ft\u0131r:<\/p>\n<h3>Kullan\u0131c\u0131lar Neyi Seviyor?<\/h3>\n<ul>\n<li>Ger\u00e7ekten anonim sohbet: Kay\u0131t yok, ki\u015fisel bilgi yok, takip yok.<\/li>\n<li>U\u00e7tan uca \u015fifreleme: Siz ve sohbet partner(ler)iniz d\u0131\u015f\u0131nda kimsenin mesajlar\u0131n\u0131z\u0131 okuyamamas\u0131n\u0131 sa\u011flar.<\/li>\n<li>Modern, d\u00fczenli aray\u00fcz: H\u0131zl\u0131, duyarl\u0131 ve reklams\u0131z.<\/li>\n<li>K\u00fcresel kullan\u0131c\u0131 taban\u0131: D\u00fcnyan\u0131n d\u00f6rt bir yan\u0131ndan insanlarla an\u0131nda tan\u0131\u015f\u0131n.<\/li>\n<li>Mobil ve masa\u00fcst\u00fc dostu: T\u00fcm cihazlarda sorunsuz deneyim.<\/li>\n<li>Kay\u0131t yok, veri saklama yok: Gizlilik asla tehlikeye at\u0131lmaz.<\/li>\n<li>Destek ve moderasyona h\u0131zl\u0131 eri\u015fim: K\u00f6t\u00fcye kullan\u0131m\u0131 minimumda tutar.<\/li>\n<\/ul>\n<h3>Kullan\u0131c\u0131lar\u0131n \u0130yile\u015ftirme \u0130\u00e7in Yer G\u00f6rd\u00fc\u011f\u00fc Noktalar<\/h3>\n<ul>\n<li>G\u00f6r\u00fcnt\u00fcl\u00fc veya sesli sohbet yok (odak noktas\u0131 g\u00fcvenli metin sohbeti).<\/li>\n<li>Medya payla\u015f\u0131m\u0131 gizlilik i\u00e7in s\u0131n\u0131rl\u0131d\u0131r (baz\u0131lar\u0131 bunu k\u0131s\u0131tlay\u0131c\u0131 bulabilir).<\/li>\n<li>Bazen ana ak\u0131m platformlardan daha az kullan\u0131c\u0131 (kalite ve gizlilik i\u00e7in nicelik ticareti).<\/li>\n<li>T\u00fcm anonimlik, k\u00f6t\u00fc akt\u00f6rleri bildirmek i\u00e7in proaktif olman\u0131z gerekti\u011fi anlam\u0131na gelir (ancak ara\u00e7lar sa\u011flanm\u0131\u015ft\u0131r).<\/li>\n<\/ul>\n<h3>Ger\u00e7ek Kullan\u0131c\u0131 Geri Bildirimi<\/h3>\n<blockquote><p>\"Sonunda kaydolmak zorunda olmad\u0131\u011f\u0131m veya bilgilerimin payla\u015f\u0131lmas\u0131ndan endi\u015fe etmedi\u011fim bir sohbet sitesi. Di\u011fer rastgele sohbet uygulamalar\u0131ndan \u00e7ok daha g\u00fcvenli hissettiriyor.\"<br \/>\n- <em>Khaled A., Trustpilot<\/em><\/p><\/blockquote>\n<blockquote><p>\"Chatiwi'yi kullanmam\u0131n nedeni u\u00e7tan uca \u015fifreleme. Basit, temiz ve tamamen anonim.\"<br \/>\n- <em>Ella P., Google Play<\/em><\/p><\/blockquote>\n<blockquote><p>\"Bot yok, spam yok ve kimse verilerimi satm\u0131yor. Sadece sohbet, olmas\u0131 gerekti\u011fi gibi.\"<br \/>\n- <em>David L., App Store<\/em><\/p><\/blockquote>\n<h2>Chatiwi vs. Di\u011fer Anonim Sohbet Platformlar\u0131<\/h2>\n<p>Chatiwi en pop\u00fcler alternatiflerle kar\u015f\u0131la\u015ft\u0131r\u0131ld\u0131\u011f\u0131nda nas\u0131l?<\/p>\n<table>\n<thead>\n<tr>\n<th>\u00d6zellik<\/th>\n<th>Chatiwi<\/th>\n<th>Chatiw<\/th>\n<th>Chatib<\/th>\n<th>Yesichat<\/th>\n<th>Chatzy<\/th>\n<th>OmegleWeb<\/th>\n<\/tr>\n<\/thead>\n<tbody>\n<tr>\n<td>Kay\u0131t Gerekmiyor<\/td>\n<td>Evet<\/td>\n<td>Evet<\/td>\n<td>Evet<\/td>\n<td>Evet<\/td>\n<td>Evet<\/td>\n<td>Evet<\/td>\n<\/tr>\n<tr>\n<td>U\u00e7tan Uca \u015eifreleme<\/td>\n<td>Evet<\/td>\n<td>\u274c Hay\u0131r<\/td>\n<td>\u274c Hay\u0131r<\/td>\n<td>\u274c Hay\u0131r<\/td>\n<td>\u274c Hay\u0131r<\/td>\n<td>\u274c Hay\u0131r<\/td>\n<\/tr>\n<tr>\n<td>Veri Saklama Yok<\/td>\n<td>Evet<\/td>\n<td>\u274c Hay\u0131r<\/td>\n<td>\u274c Hay\u0131r<\/td>\n<td>\u274c Hay\u0131r<\/td>\n<td>Evet<\/td>\n<td>\u274c Hay\u0131r<\/td>\n<\/tr>\n<tr>\n<td>Grup ve Bire Bir Sohbet<\/td>\n<td>\u2705 Her ikisi de<\/td>\n<td>\u2705 Her ikisi de<\/td>\n<td>\u2705 Her ikisi de<\/td>\n<td>\u2705 Her ikisi de<\/td>\n<td>\u2705 Her ikisi de<\/td>\n<td>\u2705 Her ikisi de<\/td>\n<\/tr>\n<tr>\n<td>Medya\/Emoji Payla\u015f\u0131m\u0131<\/td>\n<td>Evet<\/td>\n<td>Evet<\/td>\n<td>Evet<\/td>\n<td>Evet<\/td>\n<td>Evet<\/td>\n<td>Evet<\/td>\n<\/tr>\n<tr>\n<td>G\u00fc\u00e7l\u00fc Moderasyon<\/td>\n<td>Evet<\/td>\n<td>\u26a0\ufe0f Baz\u0131lar\u0131<\/td>\n<td>Evet<\/td>\n<td>Evet<\/td>\n<td>Evet<\/td>\n<td>Evet<\/td>\n<\/tr>\n<tr>\n<td>Mobil Optimize Edilmi\u015f<\/td>\n<td>Evet<\/td>\n<td>Evet<\/td>\n<td>Evet<\/td>\n<td>Evet<\/td>\n<td>Evet<\/td>\n<td>Evet<\/td>\n<\/tr>\n<tr>\n<td>Reklam\/\u0130zleme Yok<\/td>\n<td>Evet<\/td>\n<td>\u274c Hay\u0131r<\/td>\n<td>\u274c Hay\u0131r<\/td>\n<td>\u26a0\ufe0f Baz\u0131lar\u0131<\/td>\n<td>Evet<\/td>\n<td>\u274c Hay\u0131r<\/td>\n<\/tr>\n<\/tbody>\n<\/table>\n<p>\u00d6zet: Chatiwi, ger\u00e7ek u\u00e7tan uca \u015fifreleme, s\u0131k\u0131 anonimlik, veri saklama yok ve h\u0131zl\u0131, temiz bir aray\u00fcz ile \u00f6ne \u00e7\u0131k\u0131yor - \u00e7evrimi\u00e7i sohbette ger\u00e7ek gizlilik ve g\u00fcvenli\u011fe de\u011fer veren herkes i\u00e7in m\u00fckemmel.<\/p>\n<h2>Chatiwi G\u00fcvenli mi?<\/h2>\n<p>Chatiwi, sayesinde en g\u00fcvenli anonim sohbet platformlar\u0131ndan biridir:<\/p>\n<ul>\n<li>U\u00e7tan uca \u015fifreleme: Mesajlar siz ve partneriniz d\u0131\u015f\u0131nda kimse taraf\u0131ndan ele ge\u00e7irilemez veya okunamaz.<\/li>\n<li>S\u0131f\u0131r veri saklama: Sohbet kay\u0131tlar\u0131 siz ayr\u0131ld\u0131\u011f\u0131n\u0131zda kaybolur.<\/li>\n<li>Hi\u00e7bir kay\u0131t veya ki\u015fisel bilgi toplanmam\u0131\u015ft\u0131r.<\/li>\n<li>Aktif moderasyon: Spam, k\u00f6t\u00fcye kullan\u0131m ve botlar h\u0131zla kald\u0131r\u0131l\u0131r.<\/li>\n<li>Kullan\u0131c\u0131 kontrolleri: Sorunlarla kar\u015f\u0131la\u015f\u0131rsan\u0131z an\u0131nda engelleyin veya raporlay\u0131n.<\/li>\n<li>Reklam veya \u00fc\u00e7\u00fcnc\u00fc taraf izleme komut dosyalar\u0131 yok.<\/li>\n<\/ul>\n<h3>G\u00fcvenlik \u0130pu\u00e7lar\u0131<\/h3>\n<ul>\n<li>\u00d6zel sohbetlerde bile ki\u015fisel bilgilerinizi payla\u015fmay\u0131n.<\/li>\n<li>Ekstra anonimlik i\u00e7in grup odalar\u0131n\u0131 veya bire bir g\u00fcvenli konu\u015fma i\u00e7in \u00f6zel odalar\u0131 kullan\u0131n.<\/li>\n<li>Kar\u015f\u0131n\u0131zdaki ki\u015fiye tam olarak g\u00fcvenmedi\u011finiz s\u00fcrece asla ba\u011flant\u0131lara t\u0131klamay\u0131n veya dosya indirmeyin.<\/li>\n<li>K\u00f6t\u00fcye kullan\u0131m, spam veya \u015f\u00fcpheli kullan\u0131c\u0131lar\u0131 hemen bildirin-moderat\u00f6rler h\u0131zl\u0131 hareket eder.<\/li>\n<li>\u00d6zg\u00fcrl\u00fc\u011f\u00fcn tad\u0131n\u0131 \u00e7\u0131kar\u0131n, ancak ba\u015fkalar\u0131n\u0131n s\u0131n\u0131rlar\u0131na ve mahremiyetine sayg\u0131 g\u00f6sterin.<\/li>\n<\/ul>\n<h2>Chatiwi'den En \u0130yi \u015eekilde Yararlanmak \u0130\u00e7in \u0130pu\u00e7lar\u0131<\/h2>\n<ul>\n<li>Arkada\u015f\u00e7a ba\u015flay\u0131n: Basit bir \"merhaba\" veya soru harika sohbetlerin k\u0131v\u0131lc\u0131m\u0131n\u0131 ate\u015fleyebilir.<\/li>\n<li>\u015eifrelemeyi ak\u0131ll\u0131ca kullan\u0131n: Sohbetinizin ger\u00e7ekten gizli oldu\u011funu bilerek hassas konular\u0131 tart\u0131\u015f\u0131n.<\/li>\n<li>Dil ve \u00fclke filtrelerini deneyin: Belirli ge\u00e7mi\u015flerden gelen insanlarla tan\u0131\u015f\u0131n.<\/li>\n<li>Gerekti\u011finde rapor verin ve engelleyin: Alan\u0131 herkes i\u00e7in g\u00fcvenli tutmaya yard\u0131mc\u0131 olun.<\/li>\n<li>Gerekti\u011finde cihazlar\u0131 de\u011fi\u015ftirin: Site t\u00fcm ekranlar i\u00e7in optimize edilmi\u015ftir.<\/li>\n<li>Emojilerle kendinizi ifade edin: Konu\u015fmalar\u0131 canl\u0131 tutun.<\/li>\n<li>Anonim kal\u0131n: Kendinizi tamamen rahat hissetmedi\u011finiz s\u00fcrece ger\u00e7ek ayr\u0131nt\u0131lar\u0131 a\u00e7\u0131klamay\u0131n.<\/li>\n<\/ul>\n<h2>Yayg\u0131n Chatiwi Sorunlar\u0131n\u0131 Giderme<\/h2>\n<h3>Ba\u011flan\u0131lam\u0131yor veya Sohbet Y\u00fcklenmiyor<\/h3>\n<p>\u0130nternet ba\u011flant\u0131n\u0131z\u0131 kontrol edin, sayfay\u0131 yenileyin veya farkl\u0131 bir taray\u0131c\u0131\/cihaz deneyin.<\/p>\n<h3>Medya Payla\u015f\u0131lam\u0131yor<\/h3>\n<p>Dosyan\u0131n boyut\/t\u00fcr s\u0131n\u0131rlar\u0131 i\u00e7inde oldu\u011fundan emin olun; baz\u0131 medya payla\u015f\u0131mlar\u0131 gizlilik i\u00e7in devre d\u0131\u015f\u0131 b\u0131rak\u0131labilir.<\/p>\n<h3>Troller veya Spam ile Kar\u015f\u0131la\u015fma<\/h3>\n<p>Rapor et\/engelle d\u00fc\u011fmelerini kullan\u0131n. K\u00f6t\u00fcye kullan\u0131m moderat\u00f6rler taraf\u0131ndan h\u0131zl\u0131 bir \u015fekilde ele al\u0131n\u0131r.<\/p>\n<h3>Kay\u0131p Sohbet Ge\u00e7mi\u015fi<\/h3>\n<p>Tasar\u0131m gere\u011fi, sohbetler gizlilik i\u00e7in saklanmaz. Pencereyi kapatmadan \u00f6nce \u00f6nemli olan her \u015feyi kaydedin.<\/p>\n<h3>D\u00fc\u015f\u00fck Kullan\u0131c\u0131 Etkinli\u011fi<\/h3>\n<p>Daha fazla e\u015fle\u015fme i\u00e7in g\u00fcn\u00fcn farkl\u0131 saatlerini deneyin veya dil\/\u00fclke filtrelerini kullan\u0131n.<\/p>\n<p>Kesinlikle - \u00f6zellikle de ger\u00e7ekten anonim, g\u00fcvenli ve kay\u0131t gerektirmeyen bir sohbet deneyimi isteyen herkes i\u00e7in. Chatiwi, bir\u00e7ok eski sohbet platformunu rahats\u0131z eden gizlilik endi\u015felerine modern bir cevapt\u0131r ve \u00f6d\u00fcn vermeden ba\u011flant\u0131 kurman\u0131n yeni, \u015fifreli ve kolay bir yolunu sunar.<\/p>\n<p>\u0130ster yabanc\u0131larla tan\u0131\u015fmak, ister yeni arkada\u015flar edinmek ya da sadece tamamen gizlilik i\u00e7inde sohbet etmek isteyin, Chatiwi sizin g\u00fcvenli s\u0131\u011f\u0131na\u011f\u0131n\u0131zd\u0131r - h\u0131zl\u0131, temiz ve veri takibi, kay\u0131t veya g\u00f6zetim i\u00e7ermez.<\/p>\n<p>G\u00fcvenli bir \u015fekilde sohbet etmeye haz\u0131r m\u0131s\u0131n\u0131z?<br \/>\nchatiwi.com adresini ziyaret edin, takma ad\u0131n\u0131z\u0131 se\u00e7in ve bir sonraki anonim, \u015fifreli g\u00f6r\u00fc\u015fmenize hemen ba\u015flay\u0131n.<\/p>","protected":false},"excerpt":{"rendered":"<p>The landscape of online chatting is constantly evolving, as users demand not just speed and ease, but also real privacy, data security, and freedom from the baggage of signups, profiles, and surveillance. If you\u2019re tired of sharing your personal details or being tracked across platforms, Chatiwi is designed with you in mind. This innovative chat [&hellip;]<\/p>\n","protected":false},"author":6,"featured_media":0,"parent":0,"menu_order":0,"comment_status":"closed","ping_status":"closed","template":"","meta":{"footnotes":""},"class_list":["post-13358","page","type-page","status-publish","hentry"],"yoast_head":"<!-- This site is optimized with the Yoast SEO plugin v27.4 - https:\/\/yoast.com\/product\/yoast-seo-wordpress\/ -->\n<title>Chatiwi - Anonymous Encrypted Chat No Registration - TinyChat.com<\/title>\n<meta name=\"description\" content=\"Enjoying Chatiwi? Join over 50,000,000 strangers on TinyChat! Turn on your cam and start meeting new people, or find a match.\" \/>\n<meta name=\"robots\" content=\"index, follow, max-snippet:-1, max-image-preview:large, max-video-preview:-1\" \/>\n<link rel=\"canonical\" href=\"https:\/\/tinychat.com\/tr\/chatiwi\/\" \/>\n<meta property=\"og:locale\" content=\"tr_TR\" \/>\n<meta property=\"og:type\" content=\"article\" \/>\n<meta property=\"og:title\" content=\"Chatiwi - Anonymous Encrypted Chat No Registration - TinyChat.com\" \/>\n<meta property=\"og:description\" content=\"Enjoying Chatiwi? Join over 50,000,000 strangers on TinyChat! Turn on your cam and start meeting new people, or find a match.\" \/>\n<meta property=\"og:url\" content=\"https:\/\/tinychat.com\/tr\/chatiwi\/\" \/>\n<meta property=\"og:site_name\" content=\"TinyChat\" \/>\n<meta property=\"article:publisher\" content=\"https:\/\/www.facebook.com\/tinychat\" \/>\n<meta property=\"article:modified_time\" content=\"2025-07-26T15:38:19+00:00\" \/>\n<meta property=\"og:image\" content=\"https:\/\/tinychat.com\/wp-content\/uploads\/2020\/04\/Tinychat-logo-1280x284-new-black.png\" \/>\n\t<meta property=\"og:image:width\" content=\"1280\" \/>\n\t<meta property=\"og:image:height\" content=\"284\" \/>\n\t<meta property=\"og:image:type\" content=\"image\/png\" \/>\n<meta name=\"twitter:card\" content=\"summary_large_image\" \/>\n<meta name=\"twitter:site\" content=\"@tinychat\" \/>\n<meta name=\"twitter:label1\" content=\"Tahmini okuma s\u00fcresi\" \/>\n\t<meta name=\"twitter:data1\" content=\"7 dakika\" \/>\n<script type=\"application\/ld+json\" class=\"yoast-schema-graph\">{\"@context\":\"https:\\\/\\\/schema.org\",\"@graph\":[{\"@type\":\"WebPage\",\"@id\":\"https:\\\/\\\/tinychat.com\\\/chatiwi\\\/\",\"url\":\"https:\\\/\\\/tinychat.com\\\/chatiwi\\\/\",\"name\":\"Chatiwi - Anonymous Encrypted Chat No Registration - TinyChat.com\",\"isPartOf\":{\"@id\":\"https:\\\/\\\/tinychat.com\\\/#website\"},\"datePublished\":\"2025-07-26T15:37:58+00:00\",\"dateModified\":\"2025-07-26T15:38:19+00:00\",\"description\":\"Enjoying Chatiwi? Join over 50,000,000 strangers on TinyChat! Turn on your cam and start meeting new people, or find a match.\",\"breadcrumb\":{\"@id\":\"https:\\\/\\\/tinychat.com\\\/chatiwi\\\/#breadcrumb\"},\"inLanguage\":\"tr\",\"potentialAction\":[{\"@type\":\"ReadAction\",\"target\":[\"https:\\\/\\\/tinychat.com\\\/chatiwi\\\/\"]}]},{\"@type\":\"BreadcrumbList\",\"@id\":\"https:\\\/\\\/tinychat.com\\\/chatiwi\\\/#breadcrumb\",\"itemListElement\":[{\"@type\":\"ListItem\",\"position\":1,\"name\":\"Home\",\"item\":\"https:\\\/\\\/tinychat.com\\\/\"},{\"@type\":\"ListItem\",\"position\":2,\"name\":\"Chatiwi\"}]},{\"@type\":\"WebSite\",\"@id\":\"https:\\\/\\\/tinychat.com\\\/#website\",\"url\":\"https:\\\/\\\/tinychat.com\\\/\",\"name\":\"TinyChat\",\"description\":\"Random Video Chat with Strangers\",\"publisher\":{\"@id\":\"https:\\\/\\\/tinychat.com\\\/#organization\"},\"alternateName\":\"TinyChat.com\",\"potentialAction\":[{\"@type\":\"SearchAction\",\"target\":{\"@type\":\"EntryPoint\",\"urlTemplate\":\"https:\\\/\\\/tinychat.com\\\/?s={search_term_string}\"},\"query-input\":{\"@type\":\"PropertyValueSpecification\",\"valueRequired\":true,\"valueName\":\"search_term_string\"}}],\"inLanguage\":\"tr\"},{\"@type\":\"Organization\",\"@id\":\"https:\\\/\\\/tinychat.com\\\/#organization\",\"name\":\"TinyChat\",\"alternateName\":\"TinyChat.com\",\"url\":\"https:\\\/\\\/tinychat.com\\\/\",\"logo\":{\"@type\":\"ImageObject\",\"inLanguage\":\"tr\",\"@id\":\"https:\\\/\\\/tinychat.com\\\/#\\\/schema\\\/logo\\\/image\\\/\",\"url\":\"https:\\\/\\\/tinychat.com\\\/wp-content\\\/uploads\\\/2023\\\/11\\\/Tinychat-icon-square.png\",\"contentUrl\":\"https:\\\/\\\/tinychat.com\\\/wp-content\\\/uploads\\\/2023\\\/11\\\/Tinychat-icon-square.png\",\"width\":284,\"height\":284,\"caption\":\"TinyChat\"},\"image\":{\"@id\":\"https:\\\/\\\/tinychat.com\\\/#\\\/schema\\\/logo\\\/image\\\/\"},\"sameAs\":[\"https:\\\/\\\/www.facebook.com\\\/tinychat\",\"https:\\\/\\\/x.com\\\/tinychat\"]}]}<\/script>\n<!-- \/ Yoast SEO plugin. -->","yoast_head_json":{"title":"Chatiwi - Anonim \u015eifreli Sohbet Kay\u0131t Yok - TinyChat.com","description":"Chatiwi'yi be\u011feniyor musunuz? TinyChat'de 50.000.000'dan fazla yabanc\u0131ya kat\u0131l\u0131n! Kameran\u0131z\u0131 a\u00e7\u0131n ve yeni insanlarla tan\u0131\u015fmaya ba\u015flay\u0131n veya bir e\u015fle\u015fme bulun.","robots":{"index":"index","follow":"follow","max-snippet":"max-snippet:-1","max-image-preview":"max-image-preview:large","max-video-preview":"max-video-preview:-1"},"canonical":"https:\/\/tinychat.com\/tr\/chatiwi\/","og_locale":"tr_TR","og_type":"article","og_title":"Chatiwi - Anonymous Encrypted Chat No Registration - TinyChat.com","og_description":"Enjoying Chatiwi? Join over 50,000,000 strangers on TinyChat! Turn on your cam and start meeting new people, or find a match.","og_url":"https:\/\/tinychat.com\/tr\/chatiwi\/","og_site_name":"TinyChat","article_publisher":"https:\/\/www.facebook.com\/tinychat","article_modified_time":"2025-07-26T15:38:19+00:00","og_image":[{"width":1280,"height":284,"url":"https:\/\/tinychat.com\/wp-content\/uploads\/2020\/04\/Tinychat-logo-1280x284-new-black.png","type":"image\/png"}],"twitter_card":"summary_large_image","twitter_site":"@tinychat","twitter_misc":{"Tahmini okuma s\u00fcresi":"7 dakika"},"schema":{"@context":"https:\/\/schema.org","@graph":[{"@type":"WebPage","@id":"https:\/\/tinychat.com\/chatiwi\/","url":"https:\/\/tinychat.com\/chatiwi\/","name":"Chatiwi - Anonim \u015eifreli Sohbet Kay\u0131t Yok - TinyChat.com","isPartOf":{"@id":"https:\/\/tinychat.com\/#website"},"datePublished":"2025-07-26T15:37:58+00:00","dateModified":"2025-07-26T15:38:19+00:00","description":"Chatiwi'yi be\u011feniyor musunuz? TinyChat'de 50.000.000'dan fazla yabanc\u0131ya kat\u0131l\u0131n! Kameran\u0131z\u0131 a\u00e7\u0131n ve yeni insanlarla tan\u0131\u015fmaya ba\u015flay\u0131n veya bir e\u015fle\u015fme bulun.","breadcrumb":{"@id":"https:\/\/tinychat.com\/chatiwi\/#breadcrumb"},"inLanguage":"tr","potentialAction":[{"@type":"ReadAction","target":["https:\/\/tinychat.com\/chatiwi\/"]}]},{"@type":"BreadcrumbList","@id":"https:\/\/tinychat.com\/chatiwi\/#breadcrumb","itemListElement":[{"@type":"ListItem","position":1,"name":"Home","item":"https:\/\/tinychat.com\/"},{"@type":"ListItem","position":2,"name":"Chatiwi"}]},{"@type":"WebSite","@id":"https:\/\/tinychat.com\/#website","url":"https:\/\/tinychat.com\/","name":"TinyChat","description":"Yabanc\u0131larla Rastgele G\u00f6r\u00fcnt\u00fcl\u00fc Sohbet","publisher":{"@id":"https:\/\/tinychat.com\/#organization"},"alternateName":"TinyChat.com","potentialAction":[{"@type":"SearchAction","target":{"@type":"EntryPoint","urlTemplate":"https:\/\/tinychat.com\/?s={search_term_string}"},"query-input":{"@type":"PropertyValueSpecification","valueRequired":true,"valueName":"search_term_string"}}],"inLanguage":"tr"},{"@type":"Organization","@id":"https:\/\/tinychat.com\/#organization","name":"TinyChat","alternateName":"TinyChat.com","url":"https:\/\/tinychat.com\/","logo":{"@type":"ImageObject","inLanguage":"tr","@id":"https:\/\/tinychat.com\/#\/schema\/logo\/image\/","url":"https:\/\/tinychat.com\/wp-content\/uploads\/2023\/11\/Tinychat-icon-square.png","contentUrl":"https:\/\/tinychat.com\/wp-content\/uploads\/2023\/11\/Tinychat-icon-square.png","width":284,"height":284,"caption":"TinyChat"},"image":{"@id":"https:\/\/tinychat.com\/#\/schema\/logo\/image\/"},"sameAs":["https:\/\/www.facebook.com\/tinychat","https:\/\/x.com\/tinychat"]}]}},"_links":{"self":[{"href":"https:\/\/tinychat.com\/tr\/wp-json\/wp\/v2\/pages\/13358","targetHints":{"allow":["GET"]}}],"collection":[{"href":"https:\/\/tinychat.com\/tr\/wp-json\/wp\/v2\/pages"}],"about":[{"href":"https:\/\/tinychat.com\/tr\/wp-json\/wp\/v2\/types\/page"}],"author":[{"embeddable":true,"href":"https:\/\/tinychat.com\/tr\/wp-json\/wp\/v2\/users\/6"}],"replies":[{"embeddable":true,"href":"https:\/\/tinychat.com\/tr\/wp-json\/wp\/v2\/comments?post=13358"}],"version-history":[{"count":1,"href":"https:\/\/tinychat.com\/tr\/wp-json\/wp\/v2\/pages\/13358\/revisions"}],"predecessor-version":[{"id":13364,"href":"https:\/\/tinychat.com\/tr\/wp-json\/wp\/v2\/pages\/13358\/revisions\/13364"}],"wp:attachment":[{"href":"https:\/\/tinychat.com\/tr\/wp-json\/wp\/v2\/media?parent=13358"}],"curies":[{"name":"wp","href":"https:\/\/api.w.org\/{rel}","templated":true}]}}