{"id":13409,"date":"2025-08-05T11:01:10","date_gmt":"2025-08-05T09:01:10","guid":{"rendered":"https:\/\/tinychat.com\/?page_id=13409"},"modified":"2025-08-05T11:01:10","modified_gmt":"2025-08-05T09:01:10","slug":"omegle-replacement","status":"publish","type":"page","link":"https:\/\/tinychat.com\/tr\/omegle-replacement\/","title":{"rendered":"Omegle'nin De\u011fi\u015ftirilmesi"},"content":{"rendered":"<p>Omegle ilk piyasaya s\u00fcr\u00fcld\u00fc\u011f\u00fcnde, \u00e7evrimi\u00e7i insanlarla tan\u0131\u015fma \u015feklimizi de\u011fi\u015ftirdi. An\u0131nda, herkes bir yabanc\u0131yla rastgele bir g\u00f6r\u00fcnt\u00fcl\u00fc sohbete atlayabilirdi, profil yok, yaygara yok. Ancak internet b\u00fcy\u00fcd\u00fck\u00e7e ve kullan\u0131c\u0131 ihtiya\u00e7lar\u0131 de\u011fi\u015ftik\u00e7e, insanlar\u0131n beklentileri de de\u011fi\u015fti ve Omegle'nin de\u011fi\u015ftirilmesi ihtiyac\u0131 her zamankinden daha b\u00fcy\u00fck oldu.<\/p>\n<p>Belki Omegle kapal\u0131, \u00e7ok kalabal\u0131k ya da art\u0131k size g\u00f6re de\u011fil. Ya da belki daha g\u00fcvenli, daha zengin \u00f6zelliklere sahip, hatta daha \u0131l\u0131ml\u0131 bir deneyim ar\u0131yorsunuz. Sebebiniz ne olursa olsun, art\u0131k size \u00e7evrimi\u00e7i yeni insanlarla tan\u0131\u015fman\u0131n yeni ve heyecan verici yollar\u0131n\u0131 sunmaya haz\u0131r d\u00fczinelerce harika Omegle alternatifi var.<\/p>\n<h2>Neden bir Omegle De\u011fi\u015fimi Ar\u0131yorsunuz?<\/h2>\n<p>Omegle bir \u00f6nc\u00fcyd\u00fc, ancak d\u00fcr\u00fcst olal\u0131m: m\u00fckemmel de\u011fildi. Y\u0131llar ge\u00e7tik\u00e7e, bir\u00e7ok kullan\u0131c\u0131 kendilerini Omegle'nin yerine ge\u00e7ecek bir \u00fcr\u00fcn ararken buldu:<\/p>\n<ul>\n<li>Tutars\u0131z moderasyon: \u00c7ok fazla bot veya uygunsuz kullan\u0131c\u0131.<\/li>\n<li>Filtre eksikli\u011fi: \u0130nsanlar\u0131 ya\u015fa, cinsiyete veya ilgi alanlar\u0131na g\u00f6re bulmak zor.<\/li>\n<li>Mobil uygulama yok: Omegle her zaman mobil uyumlu de\u011fildir.<\/li>\n<li>S\u0131n\u0131rl\u0131 \u00f6zellikler: Oyunlar, \u00e7\u0131kartmalar, hediyeler veya temal\u0131 sohbet odalar\u0131 a\u00e7\u0131s\u0131ndan \u00e7ok az \u015fey var.<\/li>\n<li>G\u00fcvenlik endi\u015feleri: Anonimlik harikad\u0131r, ancak bazen daha fazla koruma istersiniz.<\/li>\n<\/ul>\n<p>Bu y\u00fczden pek \u00e7ok insan Omegle alternatif sitelerini ve uygulamalar\u0131n\u0131 ke\u015ffediyor - ayn\u0131 spontanl\u0131\u011f\u0131 ar\u0131yor, ancak daha fazla kontrol ve daha iyi titre\u015fimlerle.<\/p>\n<h2>\u0130yi Bir Omegle Alternatifini Ne Yapar?<\/h2>\n<p>En iyi Omegle yedek platformlar\u0131n\u0131n hepsinin birka\u00e7 ortak noktas\u0131 vard\u0131r:<\/p>\n<ul>\n<li>Kullan\u0131m\u0131 \u00fccretsiz: Sohbete ba\u015flamak i\u00e7in b\u00fcy\u00fck \u00f6deme duvarlar\u0131 veya gizli maliyetler yok.<\/li>\n<li>An\u0131nda g\u00f6r\u00fcnt\u00fcl\u00fc ve yaz\u0131l\u0131 sohbet: Atlay\u0131n ve saniyeler i\u00e7inde yeni biriyle tan\u0131\u015f\u0131n.<\/li>\n<li>Anonim e\u015fle\u015ftirme: Gizli kal\u0131n, bir takma ad kullan\u0131n ve yaln\u0131zca istediklerinizi payla\u015f\u0131n.<\/li>\n<li>Filtreler ve kontroller: Cinsiyet, konum, ilgi alanlar\u0131 ve daha fazlas\u0131.<\/li>\n<li>Aktif moderasyon: Engelleme, raporlama ve aktif topluluk standartlar\u0131.<\/li>\n<li>Mobil uyumluluk: Uygulamalar veya mobil uyumlu siteler.<\/li>\n<\/ul>\n<p>Bu temel bilgilerle birlikte, her Omegle de\u011fi\u015fimi kendi benzersiz dokunu\u015funu sunar - baz\u0131lar\u0131 e\u011flenceye, di\u011ferleri g\u00fcvenli\u011fe ve di\u011ferleri daha ger\u00e7ek ba\u011flant\u0131lar bulmaya odaklan\u0131r.<\/p>\n<h2>En \u0130yi Omegle De\u011fi\u015ftirme Siteleri ve Uygulamalar\u0131<\/h2>\n<p>Yeni bir \u015fey denemeye haz\u0131r m\u0131s\u0131n\u0131z? \u0130\u015fte her biri kendi lezzetine ve hayran kitlesine sahip en iyi Omegle alternatifleri:<\/p>\n<h3>1. Chatroulette<\/h3>\n<p>Orijinal rastgele g\u00f6r\u00fcnt\u00fcl\u00fc sohbet rakibi. H\u0131zl\u0131 e\u015fle\u015ftirme, basit bir aray\u00fcz ve b\u00fcy\u00fck, k\u00fcresel bir kullan\u0131c\u0131 taban\u0131 ile bilinir. G\u00fc\u00e7l\u00fc moderasyon kullan\u0131c\u0131 deneyimini geli\u015ftirdi.<\/p>\n<h3>2. Chatspin<\/h3>\n<p>Video, metin ve grup sohbeti se\u00e7enekleri sunar. Cinsiyet ve konum i\u00e7in filtreler, e\u011flenceli video efektleri ve hem masa\u00fcst\u00fc hem de mobil cihazlarda kullan\u0131labilir.<\/p>\n<h3>3. Camsurf<\/h3>\n<p>Moderasyon ve \u00fclke\/dil filtreleri ile g\u00fcvenli ve temiz bir ortam. H\u0131zl\u0131 ba\u011flant\u0131lar ve mobil dostu bir platform.<\/p>\n<h3>4. Chatrandom<\/h3>\n<p>Cinsiyete, konuma ve hatta cinsel tercihe g\u00f6re filtreleme yapman\u0131z\u0131 sa\u011flar. Temal\u0131 sohbet odalar\u0131 ve \"sadece k\u0131zlarla sohbet\" se\u00e7ene\u011fi i\u00e7erir.<\/p>\n<h3>5. TinyChat<\/h3>\n<p>Genel ve \u00f6zel odalara sahip grup tabanl\u0131 sohbet - herhangi bir konudaki sohbetlere kat\u0131lmak ve hatta kendi g\u00f6r\u00fcnt\u00fcl\u00fc sohbetinizi yay\u0131nlamak i\u00e7in harika.<\/p>\n<h3>6. Bazoocam<\/h3>\n<p>Avrupa'da pop\u00fcler olan Bazoocam, buzlar\u0131 k\u0131rmaya yard\u0131mc\u0131 olmak i\u00e7in h\u0131zl\u0131 e\u015fle\u015ftirme ve sohbet i\u00e7i oyunlar sunar.<\/p>\n<h3>7. Emerald Chat<\/h3>\n<p>G\u00fc\u00e7l\u00fc moderasyon, ilgi alan\u0131 e\u015fle\u015ftirme ve iyi davran\u0131\u015flar i\u00e7in karma puanlar\u0131 ile topluluk ve anti-bot teknolojisine odaklan\u0131r.<\/p>\n<h3>8. CooMeet<\/h3>\n<p>Do\u011frulanm\u0131\u015f kad\u0131nlarla sohbet etmek isteyen erkekler i\u00e7in CooMeet, video do\u011frulama ve y\u00fcksek kad\u0131n-erkek oran\u0131na sahip birinci s\u0131n\u0131f bir Omegle ikamesidir.<\/p>\n<h3>9. Shagle<\/h3>\n<p>Cinsiyet ve konum filtreleri, sanal hediyeler ve e\u011flenceli video filtreleri ile k\u00fcresel rastgele g\u00f6r\u00fcnt\u00fcl\u00fc sohbet.<\/p>\n<blockquote><p>\u0130pucu: Birka\u00e7 tane deneyin! Her Omegle de\u011fi\u015ftirme platformunun kendi toplulu\u011fu ve ki\u015fili\u011fi vard\u0131r.<\/p><\/blockquote>\n<h2>Omegle De\u011fi\u015ftirme vs. Omegle: Nas\u0131l Kar\u015f\u0131la\u015ft\u0131r\u0131l\u0131rlar?<\/h2>\n<table>\n<thead>\n<tr>\n<th>\u00d6zellik<\/th>\n<th>Omegle<\/th>\n<th>Chatroulette<\/th>\n<th>Chatspin<\/th>\n<th>Chatrandom<\/th>\n<th>Camsurf<\/th>\n<th>Emerald Chat<\/th>\n<\/tr>\n<\/thead>\n<tbody>\n<tr>\n<td>Kullan\u0131m\u0131 \u00fccretsiz<\/td>\n<td>\u2705<\/td>\n<td>\u2705<\/td>\n<td>\u2705<\/td>\n<td>\u2705<\/td>\n<td>\u2705<\/td>\n<td>\u2705<\/td>\n<\/tr>\n<tr>\n<td>G\u00f6r\u00fcnt\u00fcl\u00fc ve yaz\u0131l\u0131 sohbet<\/td>\n<td>\u2705<\/td>\n<td>\u2705<\/td>\n<td>\u2705<\/td>\n<td>\u2705<\/td>\n<td>\u2705<\/td>\n<td>\u2705<\/td>\n<\/tr>\n<tr>\n<td>Cinsiyet filtreleri<\/td>\n<td>\u274c<\/td>\n<td>\u274c<\/td>\n<td>\u2705<\/td>\n<td>\u2705<\/td>\n<td>\u2705<\/td>\n<td>\u2705<\/td>\n<\/tr>\n<tr>\n<td>\u0130lgi filtreleri<\/td>\n<td>\u2705<\/td>\n<td>\u274c<\/td>\n<td>\u2705<\/td>\n<td>\u2705<\/td>\n<td>\u2705<\/td>\n<td>\u2705<\/td>\n<\/tr>\n<tr>\n<td>G\u00fc\u00e7l\u00fc \u0131l\u0131ml\u0131l\u0131k<\/td>\n<td>\u274c<\/td>\n<td>\u2705<\/td>\n<td>\u2705<\/td>\n<td>\u2705<\/td>\n<td>\u2705<\/td>\n<td>\u2705<\/td>\n<\/tr>\n<tr>\n<td>Mobil uyumlu\/uygulama<\/td>\n<td>\u274c<\/td>\n<td>\u2705<\/td>\n<td>\u2705<\/td>\n<td>\u2705<\/td>\n<td>\u2705<\/td>\n<td>\u2705<\/td>\n<\/tr>\n<tr>\n<td>Benzersiz \u00f6zellikler<\/td>\n<td>Casus modu<\/td>\n<td>Oyunlar<\/td>\n<td>Etkileri<\/td>\n<td>Temal\u0131 odalar<\/td>\n<td>Dil<\/td>\n<td>Karma sistem<\/td>\n<\/tr>\n<\/tbody>\n<\/table>\n<p>Omegle alternatifleri genellikle daha fazla filtre, daha iyi moderasyon ve ekstra \u00f6zellikler ekler.<\/p>\n<h2>\u00dccretsiz Omegle De\u011fi\u015fimi: Ne Beklemeli<\/h2>\n<p>\u00c7o\u011fu Omegle de\u011fi\u015ftirme platformunun kullan\u0131m\u0131 tamamen \u00fccretsizdir, ancak baz\u0131lar\u0131 a\u015fa\u011f\u0131daki gibi \u015feyler i\u00e7in \u00fccretli ekstralar sunar:<\/p>\n<ul>\n<li>S\u0131n\u0131rs\u0131z filtre<\/li>\n<li>\u00d6ncelikli e\u015fle\u015fmeler<\/li>\n<li>Reklam yok<\/li>\n<li>\"VIP\" odalara veya \u00f6zelliklere eri\u015fim<\/li>\n<\/ul>\n<p>Ancak harika konu\u015fmalar yapmak i\u00e7in para harcaman\u0131za gerek yok. Neredeyse her alternatifin \u00fccretsiz s\u00fcr\u00fcm\u00fc sa\u011flam ve olanaklarla doludur.<\/p>\n<h2>Omegle Alternatifinizden En \u0130yi \u015eekilde Yararlanmak \u0130\u00e7in \u0130pu\u00e7lar\u0131<\/h2>\n<ul>\n<li>A\u00e7\u0131k ve arkada\u015f canl\u0131s\u0131 olun: \u0130lk izlenimler \u00f6nemlidir! \u0130\u00e7ten bir merhaba uzun bir yol kat ettirir.<\/li>\n<li>Farkl\u0131 zamanlar\u0131 deneyin: Farkl\u0131 \u00fclkelerden ve saat dilimlerinden kullan\u0131c\u0131lar g\u00fcn\u00fcn her saati \u00e7evrimi\u00e7idir.<\/li>\n<li>Filtreleri kullan\u0131n: Cinsiyet, konum ve ilgi alanlar\u0131 daha iyi e\u015fle\u015fmeler bulman\u0131za yard\u0131mc\u0131 olabilir.<\/li>\n<li>Cesaretiniz k\u0131r\u0131lmas\u0131n: Bir sohbet garip veya k\u0131sa ise, sadece \"ileri\" yi t\u0131klay\u0131n.<\/li>\n<li>Temal\u0131 odalar\u0131 ke\u015ffedin: Bir\u00e7ok site m\u00fczik, oyun, fl\u00f6rt ve daha fazlas\u0131 i\u00e7in gruplara kat\u0131lman\u0131za izin verir.<\/li>\n<li>Kar\u0131\u015ft\u0131r\u0131n: Rahatl\u0131k seviyenize ba\u011fl\u0131 olarak metin ve video aras\u0131nda ge\u00e7i\u015f yap\u0131n.<\/li>\n<\/ul>\n<h2>Omegle De\u011fi\u015fimlerinde G\u00fcvende Kalmak<\/h2>\n<p>Rastgele g\u00f6r\u00fcnt\u00fcl\u00fc sohbet e\u011flencelidir, ancak her zaman g\u00fcvende kal\u0131n:<\/p>\n<ul>\n<li>Ger\u00e7ek ad\u0131n\u0131z\u0131, adresinizi veya ki\u015fisel bilgilerinizi asla payla\u015fmay\u0131n.<\/li>\n<li>Bir takma ad kullan\u0131n ve web kameras\u0131 arka plan\u0131n\u0131z\u0131 tarafs\u0131z tutun.<\/li>\n<li>Yabanc\u0131lardan gelen ba\u011flant\u0131lara t\u0131klamay\u0131n veya dosya indirmeyin.<\/li>\n<li>Kaba veya uygunsuz davranan ki\u015fileri engelleyin\/rapor edin.<\/li>\n<li>18 ya\u015f\u0131n alt\u0131ndaysan\u0131z, yaln\u0131zca ya\u015f grubunuz i\u00e7in tasarlanm\u0131\u015f platformlar\u0131 ve g\u00fc\u00e7l\u00fc bir \u0131l\u0131ml\u0131l\u0131kla kullan\u0131n.<\/li>\n<\/ul>\n<p>Sayg\u0131n alternatiflerin \u00e7o\u011fu g\u00fcvenli\u011fi ciddiye al\u0131r, ancak kendi karar\u0131n\u0131z\u0131 kullanmak her zaman ak\u0131ll\u0131ca olacakt\u0131r.<\/p>\n<h2>Omegle Yedek Sitelerini Kimler Kullan\u0131yor?<\/h2>\n<p>Herkes! Tan\u0131\u015facaks\u0131n\u0131z:<\/p>\n<ul>\n<li>Fl\u00f6rt etmek, \u00e7\u0131kmak veya arkada\u015f edinmek isteyen bekarlar<\/li>\n<li>K\u00fcresel olarak ba\u011flant\u0131 kurmak isteyen gezginler ve gurbet\u00e7iler<\/li>\n<li>Dil becerilerini geli\u015ftiren \u00f6\u011frenciler<\/li>\n<li>S\u0131k\u0131lm\u0131\u015f gece ku\u015flar\u0131 ve uykusuzlar<\/li>\n<li>Taze, ger\u00e7ek zamanl\u0131 sohbete a\u00e7\u0131k olan herkes<\/li>\n<\/ul>\n<p>Kameran\u0131n di\u011fer taraf\u0131nda kimin oldu\u011funu asla bilemezsiniz - her sohbet yeni bir hikayedir.<\/p>\n<h2>Omegle De\u011fi\u015fimini Ne Zaman Kullanmal\u0131s\u0131n\u0131z?<\/h2>\n<ul>\n<li>Omegle kapal\u0131 oldu\u011funda veya \u00e7al\u0131\u015fmad\u0131\u011f\u0131nda<\/li>\n<li>Daha g\u00fcvenli, daha \u0131l\u0131ml\u0131 bir ortam i\u00e7in<\/li>\n<li>Daha iyi e\u015fle\u015ftirme i\u00e7in filtreler kullanmak istiyorsan\u0131z<\/li>\n<li>S\u0131k\u0131ld\u0131\u011f\u0131n\u0131zda ve yeni bir arkada\u015fa ihtiya\u00e7 duydu\u011funuzda<\/li>\n<li>Dil prati\u011fi yapmak veya yeni k\u00fclt\u00fcrler hakk\u0131nda bilgi edinmek<\/li>\n<li>Grup sohbeti veya temal\u0131 topluluklar i\u00e7in<\/li>\n<\/ul>\n<h2>Mobil i\u00e7in Omegle De\u011fi\u015ftirme: Hareket Halindeyken Sohbet<\/h2>\n<p>En iyi Omegle alternatiflerinin \u00e7o\u011funun art\u0131k mobil uygulamalar\u0131 veya mobil cihazlar i\u00e7in optimize edilmi\u015f web siteleri var:<\/p>\n<ul>\n<li>Hareket halindeyken, s\u0131rada beklerken, molada veya gece ge\u00e7 saatlerde sohbet edin<\/li>\n<li>G\u00f6r\u00fcnt\u00fcl\u00fc, metin ve grup sohbetleri aras\u0131nda kolayca ge\u00e7i\u015f yap\u0131n<\/li>\n<li>D\u00fcnyan\u0131n d\u00f6rt bir yan\u0131ndan insanlarla her zaman, her yerde tan\u0131\u015f\u0131n<\/li>\n<\/ul>\n<p>Uygulama ma\u011fazan\u0131zda Chatspin, Chatrandom veya Camsurf gibi isimleri aray\u0131n ve saniyeler i\u00e7inde sohbete ba\u015flay\u0131n.<\/p>\n<p>Omegle her \u015feyi ba\u015flatm\u0131\u015f olabilir, ancak her biri ba\u011flant\u0131 kurmak i\u00e7in daha g\u00fcvenli, daha ak\u0131ll\u0131 ve daha zengin \u00f6zelliklere sahip yollar sunan yepyeni bir Omegle yerine ge\u00e7en siteler ve uygulamalar d\u00fcnyas\u0131 var. Daha iyi moderasyon, ger\u00e7ek filtreler, mobil eri\u015fim ve k\u00fcresel topluluklarla, ister arkada\u015fl\u0131k, ister fl\u00f6rt, ister sadece e\u011flenceli bir sohbet ar\u0131yor olun, her zaman do\u011fru ortam\u0131 bulabilirsiniz.<\/p>\n<p>Omegle'den ta\u015f\u0131nmaya haz\u0131r m\u0131s\u0131n\u0131z? Bu gece birka\u00e7 alternatifi ke\u015ffedin - bir sonraki harika sohbetiniz sadece bir t\u0131k uza\u011f\u0131n\u0131zda olabilir.<\/p>","protected":false},"excerpt":{"rendered":"<p>When Omegle first launched, it changed how we met people online. Instantly, anyone could jump into a random video chat with a stranger, no profiles, no fuss. But as the internet has grown and user needs have changed, so have people\u2019s expectations\u2014and the need for an Omegle replacement is bigger than ever. Maybe Omegle is [&hellip;]<\/p>\n","protected":false},"author":8,"featured_media":0,"parent":0,"menu_order":0,"comment_status":"closed","ping_status":"closed","template":"","meta":{"footnotes":""},"class_list":["post-13409","page","type-page","status-publish","hentry"],"yoast_head":"<!-- This site is optimized with the Yoast SEO plugin v27.5 - https:\/\/yoast.com\/product\/yoast-seo-wordpress\/ -->\n<title>Omegle Replacement on TinyChat.com<\/title>\n<meta name=\"description\" content=\"Looking for an Omegle Replacement? Join over 50,000,000 strangers on TinyChat! Turn on your cam and start meeting new people.\" \/>\n<meta name=\"robots\" content=\"index, follow, max-snippet:-1, max-image-preview:large, max-video-preview:-1\" \/>\n<link rel=\"canonical\" href=\"https:\/\/tinychat.com\/tr\/omegle-replacement\/\" \/>\n<meta property=\"og:locale\" content=\"tr_TR\" \/>\n<meta property=\"og:type\" content=\"article\" \/>\n<meta property=\"og:title\" content=\"Omegle Replacement on TinyChat.com\" \/>\n<meta property=\"og:description\" content=\"Looking for an Omegle Replacement? Join over 50,000,000 strangers on TinyChat! Turn on your cam and start meeting new people.\" \/>\n<meta property=\"og:url\" content=\"https:\/\/tinychat.com\/tr\/omegle-replacement\/\" \/>\n<meta property=\"og:site_name\" content=\"TinyChat\" \/>\n<meta property=\"article:publisher\" content=\"https:\/\/www.facebook.com\/tinychat\" \/>\n<meta property=\"og:image\" content=\"https:\/\/tinychat.com\/wp-content\/uploads\/2020\/04\/Tinychat-logo-1280x284-new-black.png\" \/>\n\t<meta property=\"og:image:width\" content=\"1280\" \/>\n\t<meta property=\"og:image:height\" content=\"284\" \/>\n\t<meta property=\"og:image:type\" content=\"image\/png\" \/>\n<meta name=\"twitter:card\" content=\"summary_large_image\" \/>\n<meta name=\"twitter:site\" content=\"@tinychat\" \/>\n<meta name=\"twitter:label1\" content=\"Tahmini okuma s\u00fcresi\" \/>\n\t<meta name=\"twitter:data1\" content=\"5 dakika\" \/>\n<script type=\"application\/ld+json\" class=\"yoast-schema-graph\">{\"@context\":\"https:\\\/\\\/schema.org\",\"@graph\":[{\"@type\":\"WebPage\",\"@id\":\"https:\\\/\\\/tinychat.com\\\/omegle-replacement\\\/\",\"url\":\"https:\\\/\\\/tinychat.com\\\/omegle-replacement\\\/\",\"name\":\"Omegle Replacement on TinyChat.com\",\"isPartOf\":{\"@id\":\"https:\\\/\\\/tinychat.com\\\/#website\"},\"datePublished\":\"2025-08-05T09:01:10+00:00\",\"description\":\"Looking for an Omegle Replacement? Join over 50,000,000 strangers on TinyChat! Turn on your cam and start meeting new people.\",\"breadcrumb\":{\"@id\":\"https:\\\/\\\/tinychat.com\\\/omegle-replacement\\\/#breadcrumb\"},\"inLanguage\":\"tr\",\"potentialAction\":[{\"@type\":\"ReadAction\",\"target\":[\"https:\\\/\\\/tinychat.com\\\/omegle-replacement\\\/\"]}]},{\"@type\":\"BreadcrumbList\",\"@id\":\"https:\\\/\\\/tinychat.com\\\/omegle-replacement\\\/#breadcrumb\",\"itemListElement\":[{\"@type\":\"ListItem\",\"position\":1,\"name\":\"Home\",\"item\":\"https:\\\/\\\/tinychat.com\\\/\"},{\"@type\":\"ListItem\",\"position\":2,\"name\":\"Omegle Replacement\"}]},{\"@type\":\"WebSite\",\"@id\":\"https:\\\/\\\/tinychat.com\\\/#website\",\"url\":\"https:\\\/\\\/tinychat.com\\\/\",\"name\":\"TinyChat\",\"description\":\"Random Video Chat with Strangers\",\"publisher\":{\"@id\":\"https:\\\/\\\/tinychat.com\\\/#organization\"},\"alternateName\":\"TinyChat.com\",\"potentialAction\":[{\"@type\":\"SearchAction\",\"target\":{\"@type\":\"EntryPoint\",\"urlTemplate\":\"https:\\\/\\\/tinychat.com\\\/?s={search_term_string}\"},\"query-input\":{\"@type\":\"PropertyValueSpecification\",\"valueRequired\":true,\"valueName\":\"search_term_string\"}}],\"inLanguage\":\"tr\"},{\"@type\":\"Organization\",\"@id\":\"https:\\\/\\\/tinychat.com\\\/#organization\",\"name\":\"TinyChat\",\"alternateName\":\"TinyChat.com\",\"url\":\"https:\\\/\\\/tinychat.com\\\/\",\"logo\":{\"@type\":\"ImageObject\",\"inLanguage\":\"tr\",\"@id\":\"https:\\\/\\\/tinychat.com\\\/#\\\/schema\\\/logo\\\/image\\\/\",\"url\":\"https:\\\/\\\/tinychat.com\\\/wp-content\\\/uploads\\\/2023\\\/11\\\/Tinychat-icon-square.png\",\"contentUrl\":\"https:\\\/\\\/tinychat.com\\\/wp-content\\\/uploads\\\/2023\\\/11\\\/Tinychat-icon-square.png\",\"width\":284,\"height\":284,\"caption\":\"TinyChat\"},\"image\":{\"@id\":\"https:\\\/\\\/tinychat.com\\\/#\\\/schema\\\/logo\\\/image\\\/\"},\"sameAs\":[\"https:\\\/\\\/www.facebook.com\\\/tinychat\",\"https:\\\/\\\/x.com\\\/tinychat\"]}]}<\/script>\n<!-- \/ Yoast SEO plugin. -->","yoast_head_json":{"title":"TinyChat.com \u00fczerinde Omegle De\u011fi\u015fimi","description":"Omegle i\u00e7in yedek par\u00e7a m\u0131 ar\u0131yorsunuz? TinyChat'de 50.000.000'dan fazla yabanc\u0131ya kat\u0131l\u0131n! Kameran\u0131z\u0131 a\u00e7\u0131n ve yeni insanlarla tan\u0131\u015fmaya ba\u015flay\u0131n.","robots":{"index":"index","follow":"follow","max-snippet":"max-snippet:-1","max-image-preview":"max-image-preview:large","max-video-preview":"max-video-preview:-1"},"canonical":"https:\/\/tinychat.com\/tr\/omegle-replacement\/","og_locale":"tr_TR","og_type":"article","og_title":"Omegle Replacement on TinyChat.com","og_description":"Looking for an Omegle Replacement? Join over 50,000,000 strangers on TinyChat! Turn on your cam and start meeting new people.","og_url":"https:\/\/tinychat.com\/tr\/omegle-replacement\/","og_site_name":"TinyChat","article_publisher":"https:\/\/www.facebook.com\/tinychat","og_image":[{"width":1280,"height":284,"url":"https:\/\/tinychat.com\/wp-content\/uploads\/2020\/04\/Tinychat-logo-1280x284-new-black.png","type":"image\/png"}],"twitter_card":"summary_large_image","twitter_site":"@tinychat","twitter_misc":{"Tahmini okuma s\u00fcresi":"5 dakika"},"schema":{"@context":"https:\/\/schema.org","@graph":[{"@type":"WebPage","@id":"https:\/\/tinychat.com\/omegle-replacement\/","url":"https:\/\/tinychat.com\/omegle-replacement\/","name":"TinyChat.com \u00fczerinde Omegle De\u011fi\u015fimi","isPartOf":{"@id":"https:\/\/tinychat.com\/#website"},"datePublished":"2025-08-05T09:01:10+00:00","description":"Omegle i\u00e7in yedek par\u00e7a m\u0131 ar\u0131yorsunuz? TinyChat'de 50.000.000'dan fazla yabanc\u0131ya kat\u0131l\u0131n! Kameran\u0131z\u0131 a\u00e7\u0131n ve yeni insanlarla tan\u0131\u015fmaya ba\u015flay\u0131n.","breadcrumb":{"@id":"https:\/\/tinychat.com\/omegle-replacement\/#breadcrumb"},"inLanguage":"tr","potentialAction":[{"@type":"ReadAction","target":["https:\/\/tinychat.com\/omegle-replacement\/"]}]},{"@type":"BreadcrumbList","@id":"https:\/\/tinychat.com\/omegle-replacement\/#breadcrumb","itemListElement":[{"@type":"ListItem","position":1,"name":"Home","item":"https:\/\/tinychat.com\/"},{"@type":"ListItem","position":2,"name":"Omegle Replacement"}]},{"@type":"WebSite","@id":"https:\/\/tinychat.com\/#website","url":"https:\/\/tinychat.com\/","name":"TinyChat","description":"Yabanc\u0131larla Rastgele G\u00f6r\u00fcnt\u00fcl\u00fc Sohbet","publisher":{"@id":"https:\/\/tinychat.com\/#organization"},"alternateName":"TinyChat.com","potentialAction":[{"@type":"SearchAction","target":{"@type":"EntryPoint","urlTemplate":"https:\/\/tinychat.com\/?s={search_term_string}"},"query-input":{"@type":"PropertyValueSpecification","valueRequired":true,"valueName":"search_term_string"}}],"inLanguage":"tr"},{"@type":"Organization","@id":"https:\/\/tinychat.com\/#organization","name":"TinyChat","alternateName":"TinyChat.com","url":"https:\/\/tinychat.com\/","logo":{"@type":"ImageObject","inLanguage":"tr","@id":"https:\/\/tinychat.com\/#\/schema\/logo\/image\/","url":"https:\/\/tinychat.com\/wp-content\/uploads\/2023\/11\/Tinychat-icon-square.png","contentUrl":"https:\/\/tinychat.com\/wp-content\/uploads\/2023\/11\/Tinychat-icon-square.png","width":284,"height":284,"caption":"TinyChat"},"image":{"@id":"https:\/\/tinychat.com\/#\/schema\/logo\/image\/"},"sameAs":["https:\/\/www.facebook.com\/tinychat","https:\/\/x.com\/tinychat"]}]}},"_links":{"self":[{"href":"https:\/\/tinychat.com\/tr\/wp-json\/wp\/v2\/pages\/13409","targetHints":{"allow":["GET"]}}],"collection":[{"href":"https:\/\/tinychat.com\/tr\/wp-json\/wp\/v2\/pages"}],"about":[{"href":"https:\/\/tinychat.com\/tr\/wp-json\/wp\/v2\/types\/page"}],"author":[{"embeddable":true,"href":"https:\/\/tinychat.com\/tr\/wp-json\/wp\/v2\/users\/8"}],"replies":[{"embeddable":true,"href":"https:\/\/tinychat.com\/tr\/wp-json\/wp\/v2\/comments?post=13409"}],"version-history":[{"count":1,"href":"https:\/\/tinychat.com\/tr\/wp-json\/wp\/v2\/pages\/13409\/revisions"}],"predecessor-version":[{"id":13410,"href":"https:\/\/tinychat.com\/tr\/wp-json\/wp\/v2\/pages\/13409\/revisions\/13410"}],"wp:attachment":[{"href":"https:\/\/tinychat.com\/tr\/wp-json\/wp\/v2\/media?parent=13409"}],"curies":[{"name":"wp","href":"https:\/\/api.w.org\/{rel}","templated":true}]}}