{"id":13413,"date":"2025-08-07T10:47:03","date_gmt":"2025-08-07T08:47:03","guid":{"rendered":"https:\/\/tinychat.com\/?page_id=13413"},"modified":"2025-08-07T10:47:03","modified_gmt":"2025-08-07T08:47:03","slug":"talk-to-strangers-online-video","status":"publish","type":"page","link":"https:\/\/tinychat.com\/tr\/talk-to-strangers-online-video\/","title":{"rendered":"Yabanc\u0131larla Konu\u015fun Online Video"},"content":{"rendered":"<p>\u0130nternet, insanlarla ba\u011flant\u0131 kurma \u015feklimizi tamamen de\u011fi\u015ftirdi; ancak hala sonu gelmeyen grup mesajlar\u0131na, yorum b\u00f6l\u00fcmlerine veya s\u0131k\u0131c\u0131 mesaj panolar\u0131na tak\u0131l\u0131p kald\u0131ysan\u0131z, yeni insanlarla tan\u0131\u015fman\u0131n en heyecan verici yolunu ka\u00e7\u0131r\u0131yor olabilirsiniz: Yabanc\u0131larla \u00c7evrimi\u00e7i Video ile Konu\u015fun. Bu, her t\u0131klaman\u0131n yeni bir hikaye, yeni bir kahkaha ve hatta bazen yeni bir arkada\u015f getirdi\u011fi ger\u00e7ek, y\u00fcz y\u00fcze ba\u011flant\u0131n\u0131n gelece\u011fidir.<\/p>\n<p>\u0130ster e\u011flence, ister arkada\u015fl\u0131k, ister k\u00fclt\u00fcrel al\u0131\u015fveri\u015f, hatta biraz fl\u00f6rt ar\u0131yor olun, \u00e7evrimi\u00e7i g\u00f6r\u00fcnt\u00fcl\u00fc sohbet yoluyla yabanc\u0131larla konu\u015fmak, d\u00fcnyay\u0131 kendi evinizden deneyimlemenin en h\u0131zl\u0131 ve en otantik yoludur.<\/p>\n<h2>\"Talk to Strangers Online Video\" Nedir?<\/h2>\n<p>Basit\u00e7e s\u00f6ylemek gerekirse, yabanc\u0131larla konu\u015fma \u00e7evrimi\u00e7i video platformlar\u0131, hi\u00e7 tan\u0131mad\u0131\u011f\u0131n\u0131z ki\u015filerle canl\u0131, ger\u00e7ek zamanl\u0131 g\u00f6r\u00fcnt\u00fcl\u00fc konu\u015fmalar yapman\u0131za olanak tan\u0131yan web siteleri veya uygulamalard\u0131r. Kay\u0131t olman\u0131za, uzun profiller doldurman\u0131za veya bir e\u015fle\u015fme beklemenize gerek yok; sadece web kameran\u0131z\u0131 a\u00e7\u0131n, \"Ba\u015flat \"a t\u0131klay\u0131n ve d\u00fcnyan\u0131n herhangi bir yerindeki rastgele bir yabanc\u0131yla an\u0131nda y\u00fcz y\u00fcze gelin.<\/p>\n<p>Bu platformlarda bulabilece\u011finiz baz\u0131 pop\u00fcler \u00f6zellikler \u015funlard\u0131r:<\/p>\n<ul>\n<li>Rastgele e\u015fle\u015ftirme: Her sohbet ba\u015flatt\u0131\u011f\u0131n\u0131zda yeni biriyle e\u015fle\u015fin.<\/li>\n<li>Yabanc\u0131larla \u00fccretsiz \u00e7evrimi\u00e7i g\u00f6r\u00fcnt\u00fcl\u00fc sohbet: Bir\u00e7ok site s\u0131n\u0131rs\u0131z \u00fccretsiz ba\u011flant\u0131 sunar.<\/li>\n<li>\u0130lgi alan\u0131 ve konum filtreleri: Benzer hobilere sahip veya merak etti\u011finiz yerlerden ki\u015fileri bulun.<\/li>\n<li>Anonimlik ve gizlilik: Bir takma ad kullan\u0131n ve ne payla\u015ft\u0131\u011f\u0131n\u0131z\u0131 kontrol edin.<\/li>\n<\/ul>\n<p>Amac\u0131n\u0131z ne olursa olsun-dost\u00e7a sohbet, dil de\u011fi\u015fimi, yeni arkada\u015flar edinmek veya sadece orada ne oldu\u011funu g\u00f6rmek-heyecan\u0131n\u0131za uyan bir platform var.<\/p>\n<h2>Neden Yabanc\u0131larla Video \u00dczerinden \u00c7evrimi\u00e7i Konu\u015fmay\u0131 Denemelisiniz?<\/h2>\n<p>Milyonlarca insan\u0131n yabanc\u0131larla eski usul mesajla\u015fma veya geleneksel sosyal medya yerine g\u00f6r\u00fcnt\u00fcl\u00fc sohbet yoluyla \u00e7evrimi\u00e7i konu\u015fmay\u0131 tercih etmesinin pek \u00e7ok nedeni var:<\/p>\n<ul>\n<li>An\u0131nda ba\u011flant\u0131: Ger\u00e7ek zamanl\u0131 geri bildirimler, g\u00fcl\u00fcmsemeler ve kahkahalar al\u0131n; art\u0131k yan\u0131t beklemek yok.<\/li>\n<li>Ger\u00e7ek insanlar\u0131 g\u00f6r\u00fcn: Sahte foto\u011fraflar veya sonu gelmeyen profiller yok; ne g\u00f6r\u00fcyorsan\u0131z onu al\u0131rs\u0131n\u0131z.<\/li>\n<li>K\u00fclt\u00fcrel ke\u015fif: Di\u011fer \u00fclkelerden insanlarla tan\u0131\u015f\u0131n ve yeni yerler, gelenekler ve bak\u0131\u015f a\u00e7\u0131lar\u0131 hakk\u0131nda bilgi edinin.<\/li>\n<li>S\u0131f\u0131r bask\u0131: Birinden ho\u015flanmad\u0131n\u0131z m\u0131? Sadece \"Sonraki\" d\u00fc\u011fmesine bas\u0131n ve bir sonraki sohbete ge\u00e7in.<\/li>\n<li>Yaln\u0131zl\u0131kla m\u00fccadele edin: Evde, seyahatte veya ge\u00e7 saatlere kadar \u00e7al\u0131\u015f\u0131yor olsan\u0131z da, size e\u015flik edecek birileri her zaman \u00e7evrimi\u00e7i olabilir.<\/li>\n<li>Dil becerilerini geli\u015ftirin: \u00d6\u011frenciler veya ana dili \u0130ngilizce olan ki\u015filerle ikinci bir dili geli\u015ftirmek isteyen herkes i\u00e7in harika.<\/li>\n<li>E\u011flence ve heyecan: Her sohbet bir gizemdir - kiminle tan\u0131\u015faca\u011f\u0131n\u0131z\u0131 asla bilemezsiniz!<\/li>\n<\/ul>\n<blockquote><p>\"\u00c7evrimi\u00e7i g\u00f6r\u00fcnt\u00fcl\u00fc sohbeti sadece tecrit s\u0131ras\u0131nda vakit ge\u00e7irmek i\u00e7in kullanmaya ba\u015flad\u0131m ama \u015fimdi be\u015f farkl\u0131 \u00fclkeden arkada\u015f\u0131m var. Her gece yeni bir macera!\"<\/p><\/blockquote>\n<h2>\u00c7evrimi\u00e7i Yabanc\u0131larla Rastgele G\u00f6r\u00fcnt\u00fcl\u00fc Sohbet Nas\u0131l \u00c7al\u0131\u015f\u0131r?<\/h2>\n<p>Teknoloji merakl\u0131s\u0131 olmasan\u0131z bile ba\u015flamak son derece basittir:<\/p>\n<ol>\n<li>Bir platform se\u00e7in: Pop\u00fcler se\u00e7enekler aras\u0131nda Omegle, Chatroulette, Chatspin, Camsurf ve Chatrandom bulunmaktad\u0131r.<\/li>\n<li>Kamera ve mikrofon eri\u015fimine izin verin: Kontrol her zaman sizde; kameran\u0131z\u0131 veya mikrofonunuzu istedi\u011finiz gibi a\u00e7\u0131p kapatabilirsiniz.<\/li>\n<li>\"Ba\u015flat\" veya \"Ba\u011flan \"a t\u0131klay\u0131n: \u00c7evrimi\u00e7i bir yabanc\u0131yla an\u0131nda e\u015fle\u015fin.<\/li>\n<li>\u0130stedi\u011finiz kadar sohbet edin: E\u011fer sohbet iyiyse, devam edin. De\u011filse, ba\u015fka biriyle tan\u0131\u015fmak i\u00e7in \"Sonraki\" d\u00fc\u011fmesine bas\u0131n.<\/li>\n<li>Filtreleri veya etiketleri kullan\u0131n: Bir\u00e7ok site daha iyi e\u015fle\u015fmeler i\u00e7in ilgi alanlar\u0131na veya konuma g\u00f6re arama yapman\u0131z\u0131 sa\u011flar.<\/li>\n<li>Kay\u0131t olman\u0131za gerek yok: \u00c7o\u011fu platform, isterseniz yaln\u0131zca bir takma ad kullanarak tamamen anonim kalman\u0131za izin verir.<\/li>\n<\/ol>\n<p>\u0130\u015fte bu kadar! Sadece saniyeler i\u00e7inde, tamamen yeni biriyle sohbet ediyor, g\u00fcl\u00fcyor ve \u00f6\u011freniyor olabilirsiniz.<\/p>\n<h2>Yabanc\u0131larla Video \u00dczerinden \u00c7evrimi\u00e7i Konu\u015fmak \u0130\u00e7in En \u0130yi Platformlar<\/h2>\n<p>Her biri kendi \u00f6zelliklerine ve toplulu\u011funa sahip d\u00fczinelerce se\u00e7enek vard\u0131r. \u0130\u015fte en g\u00fcvenilir ve yayg\u0131n olarak kullan\u0131lanlardan baz\u0131lar\u0131:<\/p>\n<ul>\n<li>Omegle: Orijinal rastgele \u00e7evrimi\u00e7i g\u00f6r\u00fcnt\u00fcl\u00fc sohbet-metin veya video, tamamen \u00fccretsiz ve d\u00fcnya \u00e7ap\u0131nda milyonlarca kullan\u0131c\u0131.<\/li>\n<li>Chatroulette: Y\u0131ld\u0131r\u0131m h\u0131z\u0131nda e\u015fle\u015ftirme ve ger\u00e7ek g\u00f6r\u00fcnt\u00fcl\u00fc konu\u015fmalar\u0131yla \u00fcnl\u00fcd\u00fcr.<\/li>\n<li>Chatspin: \u0130lgi alan\u0131 ve cinsiyet filtrelerinin yan\u0131 s\u0131ra e\u011flenceli video efektleri ekler.<\/li>\n<li>Camsurf: Temiz aray\u00fcz, g\u00fc\u00e7l\u00fc moderasyon ve arkada\u015f canl\u0131s\u0131 bir topluluk.<\/li>\n<li>Chatrandom: Hem bire bir hem de grup g\u00f6r\u00fcnt\u00fcl\u00fc sohbet odalar\u0131, ayr\u0131ca b\u00f6lge ve ilgi alan\u0131 filtreleri sunar.<\/li>\n<li>Bazoocam: Avrupa'da pop\u00fcler, buzlar\u0131 k\u0131rmak i\u00e7in oyunlar ve benzersiz \u00f6zellikler.<\/li>\n<\/ul>\n<p>Birka\u00e7\u0131n\u0131 deneyin ve hangisinin ruh halinize uygun oldu\u011funu g\u00f6r\u00fcn; en iyi deneyim farkl\u0131 platformlar\u0131 ve g\u00fcn\u00fcn farkl\u0131 saatlerini ke\u015ffetmekle elde edilir.<\/p>\n<h2>Yabanc\u0131larla \u00c7evrimi\u00e7i Video ve Di\u011fer Ba\u011flant\u0131 Yollar\u0131yla Konu\u015fun<\/h2>\n<table>\n<thead>\n<tr>\n<th>\u00d6zellik<\/th>\n<th>\u00c7evrimi\u00e7i G\u00f6r\u00fcnt\u00fcl\u00fc Sohbet<\/th>\n<th>Metin Sohbeti<\/th>\n<th>Sosyal Medya<\/th>\n<th>Arkada\u015fl\u0131k Uygulamalar\u0131<\/th>\n<\/tr>\n<\/thead>\n<tbody>\n<tr>\n<td>Ger\u00e7ek zamanl\u0131 y\u00fcz y\u00fcze<\/td>\n<td>\u2705<\/td>\n<td>\u274c<\/td>\n<td>\u2705<\/td>\n<td>\u2705\/\u274c<\/td>\n<\/tr>\n<tr>\n<td>Rastgele e\u015fle\u015ftirme<\/td>\n<td>\u2705<\/td>\n<td>\u2705<\/td>\n<td>\u274c<\/td>\n<td>\u2705<\/td>\n<\/tr>\n<tr>\n<td>Profil gerekmiyor<\/td>\n<td>\u2705<\/td>\n<td>\u2705<\/td>\n<td>\u274c<\/td>\n<td>\u274c<\/td>\n<\/tr>\n<tr>\n<td>Kullan\u0131m\u0131 \u00fccretsiz<\/td>\n<td>\u2705<\/td>\n<td>\u2705<\/td>\n<td>\u2705<\/td>\n<td>\u2705\/\u274c<\/td>\n<\/tr>\n<tr>\n<td>Anonimlik<\/td>\n<td>\u2705<\/td>\n<td>\u2705<\/td>\n<td>\u274c<\/td>\n<td>\u274c<\/td>\n<\/tr>\n<tr>\n<td>\"Next\"\/skip fonksiyonu<\/td>\n<td>\u2705<\/td>\n<td>\u2705<\/td>\n<td>\u274c<\/td>\n<td>\u274c<\/td>\n<\/tr>\n<\/tbody>\n<\/table>\n<p>Yabanc\u0131larla yap\u0131lan canl\u0131 g\u00f6r\u00fcnt\u00fcl\u00fc sohbet, yak\u0131nl\u0131\u011f\u0131, do\u011fall\u0131\u011f\u0131 ve ger\u00e7ek ba\u011flant\u0131s\u0131yla \u00f6ne \u00e7\u0131k\u0131yor.<\/p>\n<h2>Yabanc\u0131larla \u00c7evrimi\u00e7i Konu\u015furken G\u00fcvende Kalmak Video<\/h2>\n<p>\u00c7o\u011fu insan sadece dost\u00e7a bir sohbet ar\u0131yor olsa da, g\u00fcvenlik her zaman \u00f6nce gelmelidir:<\/p>\n<ul>\n<li>\u00d6zel bilgilerinizi payla\u015fmay\u0131n: Ger\u00e7ek ad\u0131n\u0131z\u0131, adresinizi, telefon numaran\u0131z\u0131 veya i\u015f yerinizi asla a\u00e7\u0131klamay\u0131n.<\/li>\n<li>Tarafs\u0131z bir takma ad kullan\u0131n: Kendinizi rahat hissedene kadar kimli\u011finizi gizli tutun.<\/li>\n<li>Kameran\u0131z\u0131 kullan\u0131rken dikkatli olun: Arka plan\u0131n\u0131z\u0131 n\u00f6tr tutun ve ki\u015fisel belgelerinizi veya ayr\u0131nt\u0131lar\u0131 g\u00f6stermeyin.<\/li>\n<li>Gerekti\u011finde bildirin ve engelleyin: \u00c7o\u011fu platform uygunsuz davranan ki\u015fileri an\u0131nda engellemenize\/raporlaman\u0131za izin verir.<\/li>\n<li>\u0130\u00e7g\u00fcd\u00fclerinize g\u00fcvenin: Bir \u015feyler ters geliyorsa sohbeti hemen sonland\u0131r\u0131n.<\/li>\n<\/ul>\n<p>Sayg\u0131n sitelere ba\u011fl\u0131 kal\u0131n ve her zaman rahat\u0131n\u0131za ve g\u00fcvenli\u011finize \u00f6ncelik verin.<\/p>\n<h2>Yabanc\u0131larla \u00c7evrimi\u00e7i G\u00f6r\u00fcnt\u00fcl\u00fc Sohbeti Kim Kullan\u0131r?<\/h2>\n<p>Bu k\u00fcresel bir topluluk! Bulacaks\u0131n:<\/p>\n<ul>\n<li>E\u011flence ve yeni arkada\u015fl\u0131klar arayan gen\u00e7ler ve gen\u00e7 yeti\u015fkinler<\/li>\n<li>D\u00fcnya \u00e7ap\u0131nda insanlarla ba\u011flant\u0131 kuran gezginler ve gurbet\u00e7iler<\/li>\n<li>Dil \u00f6\u011frencileri ger\u00e7ek konu\u015fma becerilerini uyguluyor<\/li>\n<li>Fl\u00f6rt\u00f6z bir sohbet veya hatta bir k\u0131v\u0131lc\u0131m arayan bekarlar<\/li>\n<li>Can\u0131 s\u0131k\u0131lan, yaln\u0131zl\u0131k \u00e7eken ya da yeni bir \u015feyler yapmak isteyen herkes<\/li>\n<\/ul>\n<p>Ya\u015f\u0131n\u0131z, ilgi alanlar\u0131n\u0131z veya ge\u00e7mi\u015finiz ne olursa olsun herkes i\u00e7in birileri vard\u0131r.<\/p>\n<h2>\u00c7evrimi\u00e7i Yabanc\u0131larla Ne Konu\u015fmal\u0131?<\/h2>\n<p>Nas\u0131l ba\u015flayaca\u011f\u0131n\u0131zdan emin de\u011fil misiniz? \u0130\u015fte buzlar\u0131 k\u0131rmak i\u00e7in baz\u0131 fikirler:<\/p>\n<ul>\n<li>M\u00fczik, filmler ve favori \u015fovlar<\/li>\n<li>Seyahat hikayeleri ve r\u00fcya destinasyonlar<\/li>\n<li>Komik \u00e7ocukluk an\u0131lar\u0131 veya \"tercih eder miydiniz\" sorular\u0131<\/li>\n<li>\u015eehrinizde veya \u00fclkenizde ya\u015fam - ya\u015fad\u0131\u011f\u0131n\u0131z yerle ilgili benzersiz olan nedir?<\/li>\n<li>Hobiler, spor veya yarat\u0131c\u0131 ilgi alanlar\u0131<\/li>\n<li>G\u00fcncel olaylar, okul veya kariyer sorular\u0131<\/li>\n<li>Aptalca oyunlar, \u00f6nemsiz \u015feyler veya hafif meydan okumalar<\/li>\n<\/ul>\n<p>Unutmay\u0131n: Bir senaryoya ihtiyac\u0131n\u0131z yok. En iyi sohbetler genellikle spontane ve ger\u00e7ektir.<\/p>\n<h2>\u00c7evrimi\u00e7i G\u00f6r\u00fcnt\u00fcl\u00fc Sohbette \u00dccretsiz ve \u00dccretli \u00d6zellikler<\/h2>\n<p>\u00c7o\u011fu platform ana \u00f6zelliklerini \u00fccretsiz olarak sunar. Baz\u0131lar\u0131 \u00fccretli y\u00fckseltmeler ekler:<\/p>\n<ul>\n<li>Geli\u015fmi\u015f filtreler (cinsiyet, \u00fclke, dil)<\/li>\n<li>\u00d6ncelikli e\u015fle\u015ftirme veya s\u0131n\u0131rs\u0131z atlama<\/li>\n<li>Reklams\u0131z deneyim<\/li>\n<li>\u00d6zel sohbet odalar\u0131na veya etkinliklere eri\u015fim<\/li>\n<\/ul>\n<p>Ancak harika sohbetlerin tad\u0131n\u0131 \u00e7\u0131karmak i\u00e7in hi\u00e7bir \u015fey harcaman\u0131za gerek yok - \u00fccretsiz deneyim genellikle fazlas\u0131yla yeterli.<\/p>\n<h2>Harika Bir \"Yabanc\u0131larla \u00c7evrimi\u00e7i Video Konu\u015fma\" Deneyimi \u0130\u00e7in \u0130pu\u00e7lar\u0131<\/h2>\n<ul>\n<li>A\u00e7\u0131k fikirli ve sayg\u0131l\u0131 olun-herkes farkl\u0131 bir nedenle oradad\u0131r.<\/li>\n<li>G\u00fcl\u00fcmseyin ve rahatlay\u0131n; \u00f6zg\u00fcven \u00e7evrimi\u00e7i ortamda bile b\u00fcy\u00fck fark yarat\u0131r.<\/li>\n<li>Birka\u00e7 k\u0131sa veya garip sohbet cesaretinizi k\u0131rmas\u0131n; bir sonraki sohbet harika olabilir.<\/li>\n<li>D\u00fcnyan\u0131n her yerinden insanlarla tan\u0131\u015fmak i\u00e7in farkl\u0131 zamanlarda ke\u015ffe \u00e7\u0131k\u0131n.<\/li>\n<li>Yava\u015f yava\u015f al\u0131\u015fmak istiyorsan\u0131z g\u00f6r\u00fcnt\u00fcl\u00fc ve yaz\u0131l\u0131 sohbeti kar\u0131\u015ft\u0131r\u0131n.<\/li>\n<\/ul>\n<h2>Yabanc\u0131larla \u00c7evrimi\u00e7i G\u00f6r\u00fcnt\u00fcl\u00fc Sohbet Ne Zaman Kullan\u0131lmal\u0131?<\/h2>\n<ul>\n<li>Can\u0131n\u0131z s\u0131k\u0131ld\u0131\u011f\u0131nda veya gece ge\u00e7 saatlerde arkada\u015fa ihtiya\u00e7 duydu\u011funuzda<\/li>\n<li>Di\u011fer k\u00fclt\u00fcrler hakk\u0131nda bilgi edinmek veya bir dili pratik etmek<\/li>\n<li>Arkada\u015f edinmek, fl\u00f6rt etmek veya sadece yeni hikayeler duymak istiyorsan\u0131z<\/li>\n<li>Sosyal baloncu\u011funuzdan \u00e7\u0131kmak istedi\u011finizde<\/li>\n<\/ul>\n<p>Yabanc\u0131larla konu\u015fmak i\u00e7in \u00e7evrimi\u00e7i video platformlar\u0131 bir trend olman\u0131n \u00f6tesinde, insanlarla tan\u0131\u015fman\u0131n, yeni fikirler ke\u015ffetmenin ve ger\u00e7ek, kurgusuz e\u011flenceyi evden ya\u015faman\u0131n modern yoludur. Bu kadar \u00e7ok \u00fccretsiz, kullan\u0131m\u0131 kolay se\u00e7enekle, rastgele bir sohbeti kal\u0131c\u0131 bir an\u0131ya, hatta yeni bir arkada\u015fl\u0131\u011fa d\u00f6n\u00fc\u015ft\u00fcrmek hi\u00e7 bu kadar kolay olmam\u0131\u015ft\u0131.<\/p>\n<p>Denemeye haz\u0131r m\u0131s\u0131n\u0131z? Web kameran\u0131z\u0131 a\u00e7\u0131n, bir site se\u00e7in ve spontane ba\u011flant\u0131 d\u00fcnyas\u0131na dal\u0131n. S\u0131rada kiminle tan\u0131\u015faca\u011f\u0131n\u0131z\u0131 asla bilemezsiniz.<\/p>","protected":false},"excerpt":{"rendered":"<p>The internet has completely changed how we connect with people\u2014but if you\u2019re still stuck in endless group texts, comments sections, or boring message boards, you might be missing the most exciting way to meet new people: Talk to Strangers Online Video. This is the future of real, face-to-face connection, where every click brings a new [&hellip;]<\/p>\n","protected":false},"author":8,"featured_media":0,"parent":0,"menu_order":0,"comment_status":"closed","ping_status":"closed","template":"","meta":{"footnotes":""},"class_list":["post-13413","page","type-page","status-publish","hentry"],"yoast_head":"<!-- This site is optimized with the Yoast SEO plugin v27.5 - https:\/\/yoast.com\/product\/yoast-seo-wordpress\/ -->\n<title>Talk to Strangers Online Video with Video Chat on TinyChat.com<\/title>\n<meta name=\"description\" content=\"Enjoying Talk to Strangers Online Video? Join over 50,000,000 strangers on TinyChat! Turn on your cam and start meeting new people, or find a match.\" \/>\n<meta name=\"robots\" content=\"index, follow, max-snippet:-1, max-image-preview:large, max-video-preview:-1\" \/>\n<link rel=\"canonical\" href=\"https:\/\/tinychat.com\/tr\/talk-to-strangers-online-video\/\" \/>\n<meta property=\"og:locale\" content=\"tr_TR\" \/>\n<meta property=\"og:type\" content=\"article\" \/>\n<meta property=\"og:title\" content=\"Talk to Strangers Online Video with Video Chat on TinyChat.com\" \/>\n<meta property=\"og:description\" content=\"Enjoying Talk to Strangers Online Video? Join over 50,000,000 strangers on TinyChat! Turn on your cam and start meeting new people, or find a match.\" \/>\n<meta property=\"og:url\" content=\"https:\/\/tinychat.com\/tr\/talk-to-strangers-online-video\/\" \/>\n<meta property=\"og:site_name\" content=\"TinyChat\" \/>\n<meta property=\"article:publisher\" content=\"https:\/\/www.facebook.com\/tinychat\" \/>\n<meta property=\"og:image\" content=\"https:\/\/tinychat.com\/wp-content\/uploads\/2020\/04\/Tinychat-logo-1280x284-new-black.png\" \/>\n\t<meta property=\"og:image:width\" content=\"1280\" \/>\n\t<meta property=\"og:image:height\" content=\"284\" \/>\n\t<meta property=\"og:image:type\" content=\"image\/png\" \/>\n<meta name=\"twitter:card\" content=\"summary_large_image\" \/>\n<meta name=\"twitter:site\" content=\"@tinychat\" \/>\n<meta name=\"twitter:label1\" content=\"Tahmini okuma s\u00fcresi\" \/>\n\t<meta name=\"twitter:data1\" content=\"6 dakika\" \/>\n<script type=\"application\/ld+json\" class=\"yoast-schema-graph\">{\"@context\":\"https:\\\/\\\/schema.org\",\"@graph\":[{\"@type\":\"WebPage\",\"@id\":\"https:\\\/\\\/tinychat.com\\\/talk-to-strangers-online-video\\\/\",\"url\":\"https:\\\/\\\/tinychat.com\\\/talk-to-strangers-online-video\\\/\",\"name\":\"Talk to Strangers Online Video with Video Chat on TinyChat.com\",\"isPartOf\":{\"@id\":\"https:\\\/\\\/tinychat.com\\\/#website\"},\"datePublished\":\"2025-08-07T08:47:03+00:00\",\"description\":\"Enjoying Talk to Strangers Online Video? Join over 50,000,000 strangers on TinyChat! Turn on your cam and start meeting new people, or find a match.\",\"breadcrumb\":{\"@id\":\"https:\\\/\\\/tinychat.com\\\/talk-to-strangers-online-video\\\/#breadcrumb\"},\"inLanguage\":\"tr\",\"potentialAction\":[{\"@type\":\"ReadAction\",\"target\":[\"https:\\\/\\\/tinychat.com\\\/talk-to-strangers-online-video\\\/\"]}]},{\"@type\":\"BreadcrumbList\",\"@id\":\"https:\\\/\\\/tinychat.com\\\/talk-to-strangers-online-video\\\/#breadcrumb\",\"itemListElement\":[{\"@type\":\"ListItem\",\"position\":1,\"name\":\"Home\",\"item\":\"https:\\\/\\\/tinychat.com\\\/\"},{\"@type\":\"ListItem\",\"position\":2,\"name\":\"Talk to Strangers Online Video\"}]},{\"@type\":\"WebSite\",\"@id\":\"https:\\\/\\\/tinychat.com\\\/#website\",\"url\":\"https:\\\/\\\/tinychat.com\\\/\",\"name\":\"TinyChat\",\"description\":\"Random Video Chat with Strangers\",\"publisher\":{\"@id\":\"https:\\\/\\\/tinychat.com\\\/#organization\"},\"alternateName\":\"TinyChat.com\",\"potentialAction\":[{\"@type\":\"SearchAction\",\"target\":{\"@type\":\"EntryPoint\",\"urlTemplate\":\"https:\\\/\\\/tinychat.com\\\/?s={search_term_string}\"},\"query-input\":{\"@type\":\"PropertyValueSpecification\",\"valueRequired\":true,\"valueName\":\"search_term_string\"}}],\"inLanguage\":\"tr\"},{\"@type\":\"Organization\",\"@id\":\"https:\\\/\\\/tinychat.com\\\/#organization\",\"name\":\"TinyChat\",\"alternateName\":\"TinyChat.com\",\"url\":\"https:\\\/\\\/tinychat.com\\\/\",\"logo\":{\"@type\":\"ImageObject\",\"inLanguage\":\"tr\",\"@id\":\"https:\\\/\\\/tinychat.com\\\/#\\\/schema\\\/logo\\\/image\\\/\",\"url\":\"https:\\\/\\\/tinychat.com\\\/wp-content\\\/uploads\\\/2023\\\/11\\\/Tinychat-icon-square.png\",\"contentUrl\":\"https:\\\/\\\/tinychat.com\\\/wp-content\\\/uploads\\\/2023\\\/11\\\/Tinychat-icon-square.png\",\"width\":284,\"height\":284,\"caption\":\"TinyChat\"},\"image\":{\"@id\":\"https:\\\/\\\/tinychat.com\\\/#\\\/schema\\\/logo\\\/image\\\/\"},\"sameAs\":[\"https:\\\/\\\/www.facebook.com\\\/tinychat\",\"https:\\\/\\\/x.com\\\/tinychat\"]}]}<\/script>\n<!-- \/ Yoast SEO plugin. -->","yoast_head_json":{"title":"TinyChat.com'da G\u00f6r\u00fcnt\u00fcl\u00fc Sohbet ile Yabanc\u0131larla \u00c7evrimi\u00e7i G\u00f6r\u00fcnt\u00fcl\u00fc Konu\u015fun","description":"Yabanc\u0131larla Konu\u015f Online Video'yu mu seviyorsunuz? TinyChat'de 50.000.000'dan fazla yabanc\u0131ya kat\u0131l\u0131n! Kameran\u0131z\u0131 a\u00e7\u0131n ve yeni insanlarla tan\u0131\u015fmaya ba\u015flay\u0131n veya bir e\u015fle\u015fme bulun.","robots":{"index":"index","follow":"follow","max-snippet":"max-snippet:-1","max-image-preview":"max-image-preview:large","max-video-preview":"max-video-preview:-1"},"canonical":"https:\/\/tinychat.com\/tr\/talk-to-strangers-online-video\/","og_locale":"tr_TR","og_type":"article","og_title":"Talk to Strangers Online Video with Video Chat on TinyChat.com","og_description":"Enjoying Talk to Strangers Online Video? Join over 50,000,000 strangers on TinyChat! Turn on your cam and start meeting new people, or find a match.","og_url":"https:\/\/tinychat.com\/tr\/talk-to-strangers-online-video\/","og_site_name":"TinyChat","article_publisher":"https:\/\/www.facebook.com\/tinychat","og_image":[{"width":1280,"height":284,"url":"https:\/\/tinychat.com\/wp-content\/uploads\/2020\/04\/Tinychat-logo-1280x284-new-black.png","type":"image\/png"}],"twitter_card":"summary_large_image","twitter_site":"@tinychat","twitter_misc":{"Tahmini okuma s\u00fcresi":"6 dakika"},"schema":{"@context":"https:\/\/schema.org","@graph":[{"@type":"WebPage","@id":"https:\/\/tinychat.com\/talk-to-strangers-online-video\/","url":"https:\/\/tinychat.com\/talk-to-strangers-online-video\/","name":"TinyChat.com'da G\u00f6r\u00fcnt\u00fcl\u00fc Sohbet ile Yabanc\u0131larla \u00c7evrimi\u00e7i G\u00f6r\u00fcnt\u00fcl\u00fc Konu\u015fun","isPartOf":{"@id":"https:\/\/tinychat.com\/#website"},"datePublished":"2025-08-07T08:47:03+00:00","description":"Yabanc\u0131larla Konu\u015f Online Video'yu mu seviyorsunuz? TinyChat'de 50.000.000'dan fazla yabanc\u0131ya kat\u0131l\u0131n! Kameran\u0131z\u0131 a\u00e7\u0131n ve yeni insanlarla tan\u0131\u015fmaya ba\u015flay\u0131n veya bir e\u015fle\u015fme bulun.","breadcrumb":{"@id":"https:\/\/tinychat.com\/talk-to-strangers-online-video\/#breadcrumb"},"inLanguage":"tr","potentialAction":[{"@type":"ReadAction","target":["https:\/\/tinychat.com\/talk-to-strangers-online-video\/"]}]},{"@type":"BreadcrumbList","@id":"https:\/\/tinychat.com\/talk-to-strangers-online-video\/#breadcrumb","itemListElement":[{"@type":"ListItem","position":1,"name":"Home","item":"https:\/\/tinychat.com\/"},{"@type":"ListItem","position":2,"name":"Talk to Strangers Online Video"}]},{"@type":"WebSite","@id":"https:\/\/tinychat.com\/#website","url":"https:\/\/tinychat.com\/","name":"TinyChat","description":"Yabanc\u0131larla Rastgele G\u00f6r\u00fcnt\u00fcl\u00fc Sohbet","publisher":{"@id":"https:\/\/tinychat.com\/#organization"},"alternateName":"TinyChat.com","potentialAction":[{"@type":"SearchAction","target":{"@type":"EntryPoint","urlTemplate":"https:\/\/tinychat.com\/?s={search_term_string}"},"query-input":{"@type":"PropertyValueSpecification","valueRequired":true,"valueName":"search_term_string"}}],"inLanguage":"tr"},{"@type":"Organization","@id":"https:\/\/tinychat.com\/#organization","name":"TinyChat","alternateName":"TinyChat.com","url":"https:\/\/tinychat.com\/","logo":{"@type":"ImageObject","inLanguage":"tr","@id":"https:\/\/tinychat.com\/#\/schema\/logo\/image\/","url":"https:\/\/tinychat.com\/wp-content\/uploads\/2023\/11\/Tinychat-icon-square.png","contentUrl":"https:\/\/tinychat.com\/wp-content\/uploads\/2023\/11\/Tinychat-icon-square.png","width":284,"height":284,"caption":"TinyChat"},"image":{"@id":"https:\/\/tinychat.com\/#\/schema\/logo\/image\/"},"sameAs":["https:\/\/www.facebook.com\/tinychat","https:\/\/x.com\/tinychat"]}]}},"_links":{"self":[{"href":"https:\/\/tinychat.com\/tr\/wp-json\/wp\/v2\/pages\/13413","targetHints":{"allow":["GET"]}}],"collection":[{"href":"https:\/\/tinychat.com\/tr\/wp-json\/wp\/v2\/pages"}],"about":[{"href":"https:\/\/tinychat.com\/tr\/wp-json\/wp\/v2\/types\/page"}],"author":[{"embeddable":true,"href":"https:\/\/tinychat.com\/tr\/wp-json\/wp\/v2\/users\/8"}],"replies":[{"embeddable":true,"href":"https:\/\/tinychat.com\/tr\/wp-json\/wp\/v2\/comments?post=13413"}],"version-history":[{"count":2,"href":"https:\/\/tinychat.com\/tr\/wp-json\/wp\/v2\/pages\/13413\/revisions"}],"predecessor-version":[{"id":13415,"href":"https:\/\/tinychat.com\/tr\/wp-json\/wp\/v2\/pages\/13413\/revisions\/13415"}],"wp:attachment":[{"href":"https:\/\/tinychat.com\/tr\/wp-json\/wp\/v2\/media?parent=13413"}],"curies":[{"name":"wp","href":"https:\/\/api.w.org\/{rel}","templated":true}]}}