{"id":13507,"date":"2025-09-10T10:48:49","date_gmt":"2025-09-10T08:48:49","guid":{"rendered":"https:\/\/tinychat.com\/?page_id=13507"},"modified":"2025-09-10T10:48:49","modified_gmt":"2025-09-10T08:48:49","slug":"chatroulette-alternative","status":"publish","type":"page","link":"https:\/\/tinychat.com\/tr\/chatroulette-alternative\/","title":{"rendered":"Chatroulette Alternatif"},"content":{"rendered":"<p>Chatroulette 2009 y\u0131l\u0131nda piyasaya s\u00fcr\u00fcld\u00fc\u011f\u00fcnde \u00e7\u0131\u011f\u0131r a\u00e7m\u0131\u015ft\u0131. Birdenbire, web kameras\u0131 olan herkes bir d\u00fc\u011fmeye t\u0131klayabilir ve an\u0131nda d\u00fcnyan\u0131n ba\u015fka bir yerindeki bir yabanc\u0131yla y\u00fcz y\u00fcze gelebilirdi. \u00d6ng\u00f6r\u00fclemez, e\u011flenceli ve o zamanlar tamamen yeniydi.<\/p>\n<p>Ancak y\u0131llar ge\u00e7tik\u00e7e Chatroulette'nin parlakl\u0131\u011f\u0131 azald\u0131. Hala var olsa da, bir\u00e7ok kullan\u0131c\u0131 botlardan, trollerden veya uygunsuz i\u00e7eriklerden \u015fikayet ediyor. Bu nedenle pek \u00e7ok ki\u015fi art\u0131k en iyi Chatroulette alternatifini ar\u0131yor - rastgele g\u00f6r\u00fcnt\u00fcl\u00fc sohbet heyecan\u0131n\u0131 koruyan ancak daha fazla g\u00fcvenlik, \u00f6zellik ve topluluk ekleyen platformlar.<\/p>\n<p>Yeni bir \u015feyler ke\u015ffetmeye haz\u0131rsan\u0131z, i\u015fte en iyi alternatifler i\u00e7in rehberiniz.<\/p>\n<h2>Neden Chatroulette Alternatifi Aramal\u0131s\u0131n\u0131z?<\/h2>\n<p>Chatroulette bir \u00f6nc\u00fcyd\u00fc, ancak art\u0131k her zaman en iyi se\u00e7enek de\u011fil. \u0130\u015fte bu y\u00fczden bir\u00e7ok kullan\u0131c\u0131 yoluna devam ediyor:<\/p>\n<ul>\n<li>Moderasyon sorunlar\u0131 - Platform, a\u00e7\u0131k i\u00e7erik ve topluluk kontrol\u00fc eksikli\u011fi ile m\u00fccadele etti.<\/li>\n<li>Botlar ve spam - Otomatik hesaplar genellikle siteyi doldurur.<\/li>\n<li>S\u0131n\u0131rl\u0131 \u00f6zellikler - Ger\u00e7ek ilgi alan\u0131 filtreleri, topluluk odalar\u0131 veya yap\u0131land\u0131r\u0131lm\u0131\u015f konu\u015fma se\u00e7enekleri yok.<\/li>\n<li>Zay\u0131f mobil deneyim - Baz\u0131 kullan\u0131c\u0131lar ak\u0131ll\u0131 telefonlarda daha yeni platformlara k\u0131yasla sorunlar bildiriyor.<\/li>\n<\/ul>\n<p>Bu, rastgele g\u00f6r\u00fcnt\u00fcl\u00fc sohbetin \u00f6ld\u00fc\u011f\u00fc anlam\u0131na gelmiyor; sadece g\u00fcn\u00fcm\u00fczde daha iyi alternatiflerin mevcut oldu\u011fu anlam\u0131na geliyor.<\/p>\n<h2>\u0130yi Bir Chatroulette Alternatifini Ne Yapar?<\/h2>\n<p>En iyi alternatifler rastgele g\u00f6r\u00fcnt\u00fcl\u00fc sohbet ruhunu korur ancak ayr\u0131nt\u0131lar\u0131 geli\u015ftirir:<\/p>\n<ul>\n<li>Daha iyi moderasyon - K\u00f6t\u00fc davran\u0131\u015flar\u0131 engellemek ve bildirmek i\u00e7in aktif ara\u00e7lar.<\/li>\n<li>\u00c7e\u015fitli sohbet se\u00e7enekleri - Esneklik i\u00e7in metin, ses ve video.<\/li>\n<li>\u0130lgi alan\u0131 filtreleri - Hobilerinizi ger\u00e7ekten payla\u015fan ki\u015filerle e\u015fle\u015fin.<\/li>\n<li>Mobil uyumlu - Sorunsuz uygulamalar veya duyarl\u0131 web siteleri.<\/li>\n<li>Topluluk havas\u0131 - \u0130nsanlar\u0131n sadece u\u011framak de\u011fil, tak\u0131lmak istedikleri bir yer.<\/li>\n<\/ul>\n<h2>Denenebilecek En \u0130yi Chatroulette Alternatifleri<\/h2>\n<p>E\u011fer bir \u015feyleri de\u011fi\u015ftirmek istiyorsan\u0131z i\u015fte size Chatroulette gibi en iyi sitelerden baz\u0131lar\u0131:<\/p>\n<h3>1. TinyChat<\/h3>\n<p>TinyChat en g\u00fc\u00e7l\u00fc Chatroulette alternatiflerinden biridir \u00e7\u00fcnk\u00fc sizi sadece bire bir ba\u011flamaz, tam bir topluluk deneyimi sunar.<\/p>\n<ul>\n<li>Herkese a\u00e7\u0131k sohbet odalar\u0131 - M\u00fczik, fl\u00f6rt, oyun veya genel tak\u0131lmalar gibi konulara dayal\u0131 g\u00f6r\u00fcnt\u00fcl\u00fc sohbetlere kat\u0131l\u0131n.<\/li>\n<li>\u00d6zel odalar - Kendi alan\u0131n\u0131z\u0131 yarat\u0131n ve insanlar\u0131 i\u00e7eri davet edin.<\/li>\n<li>Metin, ses ve video - Konfor seviyenizi se\u00e7in.<\/li>\n<li>\u00c7apraz platform - Taray\u0131c\u0131n\u0131zda veya iOS ve Android uygulamalar\u0131 arac\u0131l\u0131\u011f\u0131yla kullan\u0131n.<\/li>\n<li>Kay\u0131t olman\u0131za gerek yok - Hemen kat\u0131l\u0131n veya daha fazla \u00f6zellik i\u00e7in kaydolun.<\/li>\n<\/ul>\n<p>Chatroulette'nin rastgeleli\u011fini seven ancak daha fazla yap\u0131 ve g\u00fcvenlik isteyen ki\u015filer i\u00e7in TinyChat m\u00fckemmel bir se\u00e7imdir.<\/p>\n<h3>2. StrangerCam<\/h3>\n<p>StrangerCam muhtemelen en \u00fcnl\u00fc Chatroulette rakibidir. Sizi metin veya g\u00f6r\u00fcnt\u00fcl\u00fc sohbetler i\u00e7in yabanc\u0131larla bulu\u015fturur ve benzer hobilere sahip ki\u015fileri bulmak i\u00e7in \"ilgi etiketleri\" ekleyebilirsiniz.<\/p>\n<p>Hala pop\u00fcler olsa da, StrangerCam, Chatroulette ile ayn\u0131 sorunlardan baz\u0131lar\u0131yla kar\u015f\u0131 kar\u015f\u0131yad\u0131r (moderasyon ve botlar). Yine de, basit bir rastgele sohbet deneyimi istiyorsan\u0131z denemeye de\u011fer.<\/p>\n<h3>3. ChatHub<\/h3>\n<p>ChatHub basit tasar\u0131m\u0131 ve kullan\u0131\u015fl\u0131 filtreleri sayesinde h\u0131zla b\u00fcy\u00fcd\u00fc.<\/p>\n<ul>\n<li>Cinsiyet ve konum filtreleri<\/li>\n<li>E\u011flenceli video efektleri<\/li>\n<li>Hem mobil uygulama hem de web s\u00fcr\u00fcmleri<\/li>\n<li>Geni\u015f aktif kullan\u0131c\u0131 taban\u0131<\/li>\n<\/ul>\n<p>Chatroulette modelini be\u011fendiyseniz ancak kiminle ba\u011flant\u0131 kuraca\u011f\u0131n\u0131z konusunda daha fazla kontrol istiyorsan\u0131z ChatHub iyi bir se\u00e7imdir.<\/p>\n<h3>4. Camsurf<\/h3>\n<p>Camsurf kendisini en g\u00fcvenli Chatroulette alternatiflerinden biri olarak pazarlamaktad\u0131r. Topluluk kurallar\u0131n\u0131, \u0131l\u0131ml\u0131l\u0131\u011f\u0131 ve pozitifli\u011fi vurgular.<\/p>\n<ul>\n<li>7\/24 moderasyon ekibi<\/li>\n<li>Masa\u00fcst\u00fc ve mobil cihazlarda \u00e7al\u0131\u015f\u0131r<\/li>\n<li>H\u0131zl\u0131 rastgele video e\u015fle\u015ftirme<\/li>\n<li>Dost\u00e7a ve basit aray\u00fcz<\/li>\n<\/ul>\n<p>\u00c7ok fazla kaos olmadan e\u011flence istiyorsan\u0131z g\u00fc\u00e7l\u00fc bir se\u00e7enektir.<\/p>\n<h3>5. Chatrandom<\/h3>\n<p>Chatrandom hem bire bir video g\u00f6r\u00fc\u015fmeleri hem de grup sohbet odalar\u0131 ile \u00e7e\u015fitlilik kat\u0131yor.<\/p>\n<ul>\n<li>\"Sadece k\u0131zlar\" sohbet se\u00e7ene\u011fi<\/li>\n<li>Fl\u00f6rt, LGBTQ+ veya genel sohbet i\u00e7in temal\u0131 odalar<\/li>\n<li>H\u0131zl\u0131 atlama fonksiyonu<\/li>\n<li>\u00dccretsiz ve an\u0131nda eri\u015fim<\/li>\n<\/ul>\n<p>Chatroulette'den daha zengin \u00f6zelliklere sahip olmas\u0131, se\u00e7eneklerden ho\u015flanan kullan\u0131c\u0131lar i\u00e7in cazip hale getiriyor.<\/p>\n<h3>6. Bazoocam<\/h3>\n<p>Avrupa'da pop\u00fcler olan Bazoocam, buzlar\u0131 k\u0131rmak i\u00e7in rastgele g\u00f6r\u00fcnt\u00fcl\u00fc sohbeti oyunlarla kar\u0131\u015ft\u0131r\u0131r. Sohbetlerin akmas\u0131n\u0131 sa\u011flamak i\u00e7in e\u011flenceli bir \u015fey istiyorsan\u0131z, bir g\u00f6z atmaya de\u011fer.<\/p>\n<h2>\u00dccretsiz Chatroulette Alternatifleri ve \u00dccretli \u00d6zellikler<\/h2>\n<p>\u00c7o\u011fu platform \u00fccretsizdir, ancak baz\u0131lar\u0131 iste\u011fe ba\u011fl\u0131 y\u00fckseltmeler sunar.<\/p>\n<table>\n<thead>\n<tr>\n<th>\u00d6zellik<\/th>\n<th>\u00dccretsiz S\u00fcr\u00fcm<\/th>\n<th>\u00dccretli S\u00fcr\u00fcm<\/th>\n<\/tr>\n<\/thead>\n<tbody>\n<tr>\n<td>Rastgele video e\u015fle\u015ftirme<\/td>\n<td>Evet<\/td>\n<td>Evet<\/td>\n<\/tr>\n<tr>\n<td>S\u0131n\u0131rs\u0131z atlama<\/td>\n<td>\u26a0\ufe0f Sometimes limited<\/td>\n<td>\u2705 S\u0131n\u0131rs\u0131z<\/td>\n<\/tr>\n<tr>\n<td>Cinsiyet\/konum filtreleri<\/td>\n<td>\u26a0\ufe0f Temel<\/td>\n<td>Geli\u015fmi\u015f<\/td>\n<\/tr>\n<tr>\n<td>Reklams\u0131z deneyim<\/td>\n<td>\u274c<\/td>\n<td>Evet<\/td>\n<\/tr>\n<tr>\n<td>\u00d6zel odalar<\/td>\n<td>\u2705 Evet (TinyChat)<\/td>\n<td>\u2705 VIP ekstralar<\/td>\n<\/tr>\n<\/tbody>\n<\/table>\n<p>S\u0131radan kullan\u0131c\u0131lar i\u00e7in \u00fccretsiz olmas\u0131 genellikle yeterlidir; ancak filtreler veya reklams\u0131z tarama istiyorsan\u0131z, y\u00fckseltmeler faydal\u0131 olabilir.<\/p>\n<h2>TinyChat Neden Chatroulette Alternatifi Olarak \u00d6ne \u00c7\u0131k\u0131yor?<\/h2>\n<p>Bir\u00e7ok platform Chatroulette'nin bire bir modelini kopyalarken, TinyChat hem rastgele etkile\u015fimler hem de yap\u0131land\u0131r\u0131lm\u0131\u015f topluluk sohbeti sunarak daha da ileri gidiyor.<\/p>\n<ul>\n<li>Esneklik - Bire bir yabanc\u0131 sohbetler veya b\u00fcy\u00fck genel odalar.<\/li>\n<li>Topluluk hissi - Sonsuz atlama yerine, kalabilir ve ba\u011flant\u0131lar kurabilirsiniz.<\/li>\n<li>Etkinlikler ve yay\u0131nlar - Kullan\u0131c\u0131lar gruplara canl\u0131 yay\u0131n yaparak sosyal bir \"sahne\" olu\u015fturabilir.<\/li>\n<li>\u00c7apraz platform deste\u011fi - Masa\u00fcst\u00fc, mobil web ve uygulamalar her yerde kullan\u0131m\u0131 kolayla\u015ft\u0131r\u0131r.<\/li>\n<\/ul>\n<p>Sonsuz rastgelelikten s\u0131k\u0131ld\u0131ysan\u0131z ve daha \u00e7ok dijital bir mek\u00e2n gibi hissettiren bir yer istiyorsan\u0131z, TinyChat, 2025'teki en iyi Chatroulette alternatiflerinden biridir.<\/p>\n<h2>Chatroulette Alternatiflerinden En \u0130yi \u015eekilde Yararlanmak \u0130\u00e7in \u0130pu\u00e7lar\u0131<\/h2>\n<ul>\n<li>\u00d6nce g\u00fcl\u00fcmseyin - Dost\u00e7a bir ba\u015flang\u0131\u00e7 buzlar\u0131 k\u0131rmaya yard\u0131mc\u0131 olur.<\/li>\n<li>Sab\u0131rl\u0131 olun - Her sohbet t\u0131klanmayacakt\u0131r; bu e\u011flencenin bir par\u00e7as\u0131d\u0131r.<\/li>\n<li>Farkl\u0131 platformlar\u0131 deneyin - Her sitenin kendine \u00f6zg\u00fc bir havas\u0131 ve toplulu\u011fu vard\u0131r.<\/li>\n<li>G\u00fcvende kal\u0131n - Ki\u015fisel bilgilerinizi payla\u015fmay\u0131n ve \u015f\u00fcpheli ki\u015fileri atlay\u0131n\/rapor edin.<\/li>\n<li>Temal\u0131 odalar\u0131 ke\u015ffedin - \u00d6zellikle konular\u0131n kabilenizi bulman\u0131z\u0131 kolayla\u015ft\u0131rd\u0131\u011f\u0131 TinyChat'de.<\/li>\n<\/ul>\n<h2>Rastgele G\u00f6r\u00fcnt\u00fcl\u00fc Sohbetin Gelece\u011fi<\/h2>\n<p>Chatroulette bu trendi ba\u015flatm\u0131\u015f olsa da, rastgele g\u00f6r\u00fcnt\u00fcl\u00fc sohbet \u00e7ok daha b\u00fcy\u00fck bir \u015feye d\u00f6n\u00fc\u015ft\u00fc. G\u00fcn\u00fcm\u00fcz\u00fcn alternatifleri daha iyi moderasyon, mobil destek ve daha fazla topluluk odakl\u0131 \u00f6zellikler sunuyor. Bir sonraki e\u015fle\u015fmeniz i\u00e7in sadece \"zar atmak\" yerine, anlaml\u0131 gruplara kat\u0131labilir, ilgi alanlar\u0131n\u0131z\u0131 payla\u015fan ki\u015fileri bulabilir veya kendi sohbet odan\u0131za ev sahipli\u011fi yapabilirsiniz.<\/p>\n<p>H\u00e2l\u00e2 spontane, h\u00e2l\u00e2 k\u00fcresel ama daha fazla g\u00fcvenlik ve yap\u0131 i\u00e7eriyor.<\/p>\n<p>E\u011fer bir Chatroulette alternatifi ar\u0131yorsan\u0131z, iyi haber \u015fu ki her zamankinden daha fazla se\u00e7enek var. Omegle ve Chatspin gibi h\u0131zl\u0131 tempolu sitelerden TinyChat gibi topluluk odakl\u0131 platformlara kadar, ruh halinize en uygun deneyimi se\u00e7ebilirsiniz.<\/p>\n<p>Saf rastgelelik mi istiyorsunuz? Omegle veya Chatroulette tarz\u0131 sitelere ba\u011fl\u0131 kal\u0131n. Spontanl\u0131k ve topluluk dengesi mi istiyorsunuz? TinyChat size her iki d\u00fcnyan\u0131n da en iyisini sunar.<\/p>\n<p>Bir dahaki sefere merak etti\u011finizde, s\u0131k\u0131ld\u0131\u011f\u0131n\u0131zda veya sadece yeni biriyle tan\u0131\u015fma havas\u0131na girdi\u011finizde, bu alternatiflerden birini deneyin. Asla bilemezsiniz - bir sonraki harika sohbetiniz sadece bir video g\u00f6r\u00fc\u015fmesi uzakl\u0131\u011f\u0131nda olabilir.<\/p>","protected":false},"excerpt":{"rendered":"<p>When Chatroulette launched back in 2009, it was groundbreaking. Suddenly, anyone with a webcam could click a button and instantly be face-to-face with a stranger somewhere else in the world. It was unpredictable, fun, and\u2014at the time\u2014completely new. But over the years, Chatroulette\u2019s shine has faded. While it still exists, many users complain about bots, [&hellip;]<\/p>\n","protected":false},"author":8,"featured_media":0,"parent":0,"menu_order":0,"comment_status":"closed","ping_status":"closed","template":"","meta":{"footnotes":""},"class_list":["post-13507","page","type-page","status-publish","hentry"],"yoast_head":"<!-- This site is optimized with the Yoast SEO plugin v27.4 - https:\/\/yoast.com\/product\/yoast-seo-wordpress\/ -->\n<title>Chatroulette Alternative with Video Chat on TinyChat.com<\/title>\n<meta name=\"description\" content=\"Enjoying Chatroulette Alternative? Join over 50,000,000 strangers on TinyChat! Turn on your cam and start meeting new people, or find a match.\" \/>\n<meta name=\"robots\" content=\"index, follow, max-snippet:-1, max-image-preview:large, max-video-preview:-1\" \/>\n<link rel=\"canonical\" href=\"https:\/\/tinychat.com\/tr\/chatroulette-alternative\/\" \/>\n<meta property=\"og:locale\" content=\"tr_TR\" \/>\n<meta property=\"og:type\" content=\"article\" \/>\n<meta property=\"og:title\" content=\"Chatroulette Alternative with Video Chat on TinyChat.com\" \/>\n<meta property=\"og:description\" content=\"Enjoying Chatroulette Alternative? Join over 50,000,000 strangers on TinyChat! Turn on your cam and start meeting new people, or find a match.\" \/>\n<meta property=\"og:url\" content=\"https:\/\/tinychat.com\/tr\/chatroulette-alternative\/\" \/>\n<meta property=\"og:site_name\" content=\"TinyChat\" \/>\n<meta property=\"article:publisher\" content=\"https:\/\/www.facebook.com\/tinychat\" \/>\n<meta property=\"og:image\" content=\"https:\/\/tinychat.com\/wp-content\/uploads\/2020\/04\/Tinychat-logo-1280x284-new-black.png\" \/>\n\t<meta property=\"og:image:width\" content=\"1280\" \/>\n\t<meta property=\"og:image:height\" content=\"284\" \/>\n\t<meta property=\"og:image:type\" content=\"image\/png\" \/>\n<meta name=\"twitter:card\" content=\"summary_large_image\" \/>\n<meta name=\"twitter:site\" content=\"@tinychat\" \/>\n<meta name=\"twitter:label1\" content=\"Tahmini okuma s\u00fcresi\" \/>\n\t<meta name=\"twitter:data1\" content=\"5 dakika\" \/>\n<script type=\"application\/ld+json\" class=\"yoast-schema-graph\">{\"@context\":\"https:\\\/\\\/schema.org\",\"@graph\":[{\"@type\":\"WebPage\",\"@id\":\"https:\\\/\\\/tinychat.com\\\/chatroulette-alternative\\\/\",\"url\":\"https:\\\/\\\/tinychat.com\\\/chatroulette-alternative\\\/\",\"name\":\"Chatroulette Alternative with Video Chat on TinyChat.com\",\"isPartOf\":{\"@id\":\"https:\\\/\\\/tinychat.com\\\/#website\"},\"datePublished\":\"2025-09-10T08:48:49+00:00\",\"description\":\"Enjoying Chatroulette Alternative? Join over 50,000,000 strangers on TinyChat! Turn on your cam and start meeting new people, or find a match.\",\"breadcrumb\":{\"@id\":\"https:\\\/\\\/tinychat.com\\\/chatroulette-alternative\\\/#breadcrumb\"},\"inLanguage\":\"tr\",\"potentialAction\":[{\"@type\":\"ReadAction\",\"target\":[\"https:\\\/\\\/tinychat.com\\\/chatroulette-alternative\\\/\"]}]},{\"@type\":\"BreadcrumbList\",\"@id\":\"https:\\\/\\\/tinychat.com\\\/chatroulette-alternative\\\/#breadcrumb\",\"itemListElement\":[{\"@type\":\"ListItem\",\"position\":1,\"name\":\"Home\",\"item\":\"https:\\\/\\\/tinychat.com\\\/\"},{\"@type\":\"ListItem\",\"position\":2,\"name\":\"Chatroulette Alternative\"}]},{\"@type\":\"WebSite\",\"@id\":\"https:\\\/\\\/tinychat.com\\\/#website\",\"url\":\"https:\\\/\\\/tinychat.com\\\/\",\"name\":\"TinyChat\",\"description\":\"Random Video Chat with Strangers\",\"publisher\":{\"@id\":\"https:\\\/\\\/tinychat.com\\\/#organization\"},\"alternateName\":\"TinyChat.com\",\"potentialAction\":[{\"@type\":\"SearchAction\",\"target\":{\"@type\":\"EntryPoint\",\"urlTemplate\":\"https:\\\/\\\/tinychat.com\\\/?s={search_term_string}\"},\"query-input\":{\"@type\":\"PropertyValueSpecification\",\"valueRequired\":true,\"valueName\":\"search_term_string\"}}],\"inLanguage\":\"tr\"},{\"@type\":\"Organization\",\"@id\":\"https:\\\/\\\/tinychat.com\\\/#organization\",\"name\":\"TinyChat\",\"alternateName\":\"TinyChat.com\",\"url\":\"https:\\\/\\\/tinychat.com\\\/\",\"logo\":{\"@type\":\"ImageObject\",\"inLanguage\":\"tr\",\"@id\":\"https:\\\/\\\/tinychat.com\\\/#\\\/schema\\\/logo\\\/image\\\/\",\"url\":\"https:\\\/\\\/tinychat.com\\\/wp-content\\\/uploads\\\/2023\\\/11\\\/Tinychat-icon-square.png\",\"contentUrl\":\"https:\\\/\\\/tinychat.com\\\/wp-content\\\/uploads\\\/2023\\\/11\\\/Tinychat-icon-square.png\",\"width\":284,\"height\":284,\"caption\":\"TinyChat\"},\"image\":{\"@id\":\"https:\\\/\\\/tinychat.com\\\/#\\\/schema\\\/logo\\\/image\\\/\"},\"sameAs\":[\"https:\\\/\\\/www.facebook.com\\\/tinychat\",\"https:\\\/\\\/x.com\\\/tinychat\"]}]}<\/script>\n<!-- \/ Yoast SEO plugin. -->","yoast_head_json":{"title":"TinyChat.com'da G\u00f6r\u00fcnt\u00fcl\u00fc Sohbet ile Chatroulette Alternatifi","description":"Chatroulette Alternatifini be\u011feniyor musunuz? TinyChat'de 50.000.000'dan fazla yabanc\u0131ya kat\u0131l\u0131n! Kameran\u0131z\u0131 a\u00e7\u0131n ve yeni insanlarla tan\u0131\u015fmaya ba\u015flay\u0131n veya bir e\u015fle\u015fme bulun.","robots":{"index":"index","follow":"follow","max-snippet":"max-snippet:-1","max-image-preview":"max-image-preview:large","max-video-preview":"max-video-preview:-1"},"canonical":"https:\/\/tinychat.com\/tr\/chatroulette-alternative\/","og_locale":"tr_TR","og_type":"article","og_title":"Chatroulette Alternative with Video Chat on TinyChat.com","og_description":"Enjoying Chatroulette Alternative? Join over 50,000,000 strangers on TinyChat! Turn on your cam and start meeting new people, or find a match.","og_url":"https:\/\/tinychat.com\/tr\/chatroulette-alternative\/","og_site_name":"TinyChat","article_publisher":"https:\/\/www.facebook.com\/tinychat","og_image":[{"width":1280,"height":284,"url":"https:\/\/tinychat.com\/wp-content\/uploads\/2020\/04\/Tinychat-logo-1280x284-new-black.png","type":"image\/png"}],"twitter_card":"summary_large_image","twitter_site":"@tinychat","twitter_misc":{"Tahmini okuma s\u00fcresi":"5 dakika"},"schema":{"@context":"https:\/\/schema.org","@graph":[{"@type":"WebPage","@id":"https:\/\/tinychat.com\/chatroulette-alternative\/","url":"https:\/\/tinychat.com\/chatroulette-alternative\/","name":"TinyChat.com'da G\u00f6r\u00fcnt\u00fcl\u00fc Sohbet ile Chatroulette Alternatifi","isPartOf":{"@id":"https:\/\/tinychat.com\/#website"},"datePublished":"2025-09-10T08:48:49+00:00","description":"Chatroulette Alternatifini be\u011feniyor musunuz? TinyChat'de 50.000.000'dan fazla yabanc\u0131ya kat\u0131l\u0131n! Kameran\u0131z\u0131 a\u00e7\u0131n ve yeni insanlarla tan\u0131\u015fmaya ba\u015flay\u0131n veya bir e\u015fle\u015fme bulun.","breadcrumb":{"@id":"https:\/\/tinychat.com\/chatroulette-alternative\/#breadcrumb"},"inLanguage":"tr","potentialAction":[{"@type":"ReadAction","target":["https:\/\/tinychat.com\/chatroulette-alternative\/"]}]},{"@type":"BreadcrumbList","@id":"https:\/\/tinychat.com\/chatroulette-alternative\/#breadcrumb","itemListElement":[{"@type":"ListItem","position":1,"name":"Home","item":"https:\/\/tinychat.com\/"},{"@type":"ListItem","position":2,"name":"Chatroulette Alternative"}]},{"@type":"WebSite","@id":"https:\/\/tinychat.com\/#website","url":"https:\/\/tinychat.com\/","name":"TinyChat","description":"Yabanc\u0131larla Rastgele G\u00f6r\u00fcnt\u00fcl\u00fc Sohbet","publisher":{"@id":"https:\/\/tinychat.com\/#organization"},"alternateName":"TinyChat.com","potentialAction":[{"@type":"SearchAction","target":{"@type":"EntryPoint","urlTemplate":"https:\/\/tinychat.com\/?s={search_term_string}"},"query-input":{"@type":"PropertyValueSpecification","valueRequired":true,"valueName":"search_term_string"}}],"inLanguage":"tr"},{"@type":"Organization","@id":"https:\/\/tinychat.com\/#organization","name":"TinyChat","alternateName":"TinyChat.com","url":"https:\/\/tinychat.com\/","logo":{"@type":"ImageObject","inLanguage":"tr","@id":"https:\/\/tinychat.com\/#\/schema\/logo\/image\/","url":"https:\/\/tinychat.com\/wp-content\/uploads\/2023\/11\/Tinychat-icon-square.png","contentUrl":"https:\/\/tinychat.com\/wp-content\/uploads\/2023\/11\/Tinychat-icon-square.png","width":284,"height":284,"caption":"TinyChat"},"image":{"@id":"https:\/\/tinychat.com\/#\/schema\/logo\/image\/"},"sameAs":["https:\/\/www.facebook.com\/tinychat","https:\/\/x.com\/tinychat"]}]}},"_links":{"self":[{"href":"https:\/\/tinychat.com\/tr\/wp-json\/wp\/v2\/pages\/13507","targetHints":{"allow":["GET"]}}],"collection":[{"href":"https:\/\/tinychat.com\/tr\/wp-json\/wp\/v2\/pages"}],"about":[{"href":"https:\/\/tinychat.com\/tr\/wp-json\/wp\/v2\/types\/page"}],"author":[{"embeddable":true,"href":"https:\/\/tinychat.com\/tr\/wp-json\/wp\/v2\/users\/8"}],"replies":[{"embeddable":true,"href":"https:\/\/tinychat.com\/tr\/wp-json\/wp\/v2\/comments?post=13507"}],"version-history":[{"count":1,"href":"https:\/\/tinychat.com\/tr\/wp-json\/wp\/v2\/pages\/13507\/revisions"}],"predecessor-version":[{"id":13508,"href":"https:\/\/tinychat.com\/tr\/wp-json\/wp\/v2\/pages\/13507\/revisions\/13508"}],"wp:attachment":[{"href":"https:\/\/tinychat.com\/tr\/wp-json\/wp\/v2\/media?parent=13507"}],"curies":[{"name":"wp","href":"https:\/\/api.w.org\/{rel}","templated":true}]}}