{"id":13511,"date":"2025-09-10T10:58:25","date_gmt":"2025-09-10T08:58:25","guid":{"rendered":"https:\/\/tinychat.com\/?page_id=13511"},"modified":"2025-09-10T11:03:40","modified_gmt":"2025-09-10T09:03:40","slug":"random-chat","status":"publish","type":"page","link":"https:\/\/tinychat.com\/tr\/random-chat\/","title":{"rendered":"Rastgele Sohbet"},"content":{"rendered":"<p>\u0130nternetle ilgili en heyecan verici \u015feylerden biri, bizi ba\u015fka t\u00fcrl\u00fc asla tan\u0131\u015famayaca\u011f\u0131m\u0131z insanlara bu kadar kolay ba\u011flamas\u0131d\u0131r. Rastgele sohbet, d\u00fcnyan\u0131n d\u00f6rt bir yan\u0131ndan yabanc\u0131larla an\u0131nda konu\u015fman\u0131za izin vererek bunu bir \u00fcst seviyeye ta\u015f\u0131yor. Profil yok, kayd\u0131rma yok, algoritma yok; sadece siz, cihaz\u0131n\u0131z ve di\u011fer tarafta kar\u015f\u0131n\u0131za kim \u00e7\u0131karsa.<\/p>\n<p>En basit ve en spontane haliyle sosyalle\u015fmektir. \u0130ster zaman ge\u00e7irmek, ister di\u011fer k\u00fclt\u00fcrler hakk\u0131nda bilgi edinmek, yeni arkada\u015flar edinmek, hatta biraz fl\u00f6rt etmek isteyin, rastgele sohbet bilinmeyene a\u00e7\u0131lan bir pencere sunar.<\/p>\n<h2>Rastgele Sohbet Nedir?<\/h2>\n<p>\u00d6z\u00fcnde rastgele sohbet, sizi rastgele di\u011fer kullan\u0131c\u0131larla e\u015fle\u015ftiren \u00e7evrimi\u00e7i bir hizmettir. Metin tabanl\u0131, yaln\u0131zca sesli veya canl\u0131 video olabilir. Fikir basittir: sohbete ba\u015flay\u0131n, konu\u015fman\u0131n nereye gitti\u011fini g\u00f6r\u00fcn ve t\u0131klamazsa bir sonraki ki\u015fiye ge\u00e7in.<\/p>\n<p>\u00c7o\u011fu rastgele sohbet platformu birka\u00e7 temel \u00f6zelli\u011fi payla\u015f\u0131r:<\/p>\n<ul>\n<li>An\u0131nda eri\u015fim - Kay\u0131t gerekmez, sadece t\u0131klay\u0131n ve ba\u015flay\u0131n.<\/li>\n<li>Anonimlik - Bir takma ad kullan\u0131n veya tamamen gizli kal\u0131n.<\/li>\n<li>Kullan\u0131m\u0131 \u00fccretsiz - Bir\u00e7ok platform hi\u00e7bir \u00fccret \u00f6demeden s\u0131n\u0131rs\u0131z sohbet sunar.<\/li>\n<li>K\u00fcresel eri\u015fim - Farkl\u0131 \u00fclkelerden, k\u00fclt\u00fcrlerden ve ya\u015fam tarzlar\u0131ndan insanlarla tan\u0131\u015f\u0131n.<\/li>\n<li>Atla se\u00e7ene\u011fi - Sohbet \u00e7al\u0131\u015fm\u0131yorsa, \"ileri\" d\u00fc\u011fmesine bas\u0131n ve tekrar deneyin.<\/li>\n<\/ul>\n<p>Basit, h\u0131zl\u0131 ve \u00e7o\u011fu zaman \u015fa\u015f\u0131rt\u0131c\u0131 derecede e\u011flenceli.<\/p>\n<h2>\u0130nsanlar Rastgele Sohbeti Neden Seviyor?<\/h2>\n<p>Peki rastgele sohbet neden on y\u0131l\u0131 a\u015fk\u0131n bir s\u00fcredir pop\u00fclerli\u011fini koruyor? \u00c7\u00fcnk\u00fc sosyal medyan\u0131n sunamad\u0131\u011f\u0131 bir \u015feyi sunuyor: spontanl\u0131k.<\/p>\n<ul>\n<li>S\u00fcrpriz fakt\u00f6r\u00fc - S\u0131rada kimin oldu\u011funu asla bilemezsiniz ve bu \u00f6ng\u00f6r\u00fclemezlik heyecan vericidir.<\/li>\n<li>Ba\u011fl\u0131l\u0131k yok - Arkada\u015fl\u0131k iste\u011fi yok, takip\u00e7i say\u0131s\u0131 yok, sadece ger\u00e7ek zamanl\u0131 sohbetler.<\/li>\n<li>Ger\u00e7ek etkile\u015fim - Canl\u0131 sohbet, g\u00f6nderilerden veya yorumlardan daha ki\u015fisel bir his verir.<\/li>\n<li>\u00d6zg\u00fcrl\u00fck - Uzun vadeli sonu\u00e7lar\u0131 hakk\u0131nda endi\u015felenmeden istedi\u011finizi s\u00f6yleyebilirsiniz.<\/li>\n<li>Sonsuz \u00e7e\u015fitlilik - H\u0131zl\u0131 kahkahalardan derin sohbetlere kadar her sohbet benzersizdir.<\/li>\n<\/ul>\n<p>Bir\u00e7ok insan i\u00e7in rastgele sohbet, g\u00f6steri\u015fli profillerin ve senaryolu etkile\u015fimlerin oldu\u011fu bir d\u00fcnyada ferahlat\u0131c\u0131 bir his veriyor.<\/p>\n<h2>Rastgele Sohbet Nas\u0131l \u00c7al\u0131\u015f\u0131r?<\/h2>\n<p>\u00c7o\u011fu rastgele sohbet platformunun kullan\u0131m\u0131 inan\u0131lmaz derecede basittir:<\/p>\n<ol>\n<li>Bir platform se\u00e7in - Pop\u00fcler siteler aras\u0131nda Omegle, Chatroulette, Chatrandom ve TinyChat bulunmaktad\u0131r.<\/li>\n<li>Bir mod se\u00e7in - Metin, sesli veya g\u00f6r\u00fcnt\u00fcl\u00fc sohbet.<\/li>\n<li>\"Ba\u015flat \"a t\u0131klay\u0131n - An\u0131nda bir yabanc\u0131yla e\u015fle\u015fin.<\/li>\n<li>Sohbet edin ya da atlay\u0131n - \u0130yiyse kal\u0131n, de\u011filse devam edin.<\/li>\n<li>Filtreleri ke\u015ffedin - Baz\u0131 siteler ilgi alanlar\u0131, konumlar veya cinsiyet filtreleri eklemenize izin verir.<\/li>\n<\/ol>\n<p>Bir dakikadan k\u0131sa bir s\u00fcre i\u00e7inde d\u00fcnyan\u0131n \u00f6b\u00fcr ucundaki biriyle konu\u015fuyor olabilirsiniz.<\/p>\n<h2>Rastgele Sohbet Platformlar\u0131n\u0131n T\u00fcrleri<\/h2>\n<p>Farkl\u0131 platformlar farkl\u0131 sohbet tarzlar\u0131na hitap eder:<\/p>\n<h3>1. Yaln\u0131zca Metinle Rastgele Sohbet<\/h3>\n<p>Utanga\u00e7san\u0131z veya video i\u00e7in haz\u0131r de\u011filseniz m\u00fckemmel. Anonim kal\u0131rs\u0131n\u0131z ve sohbete odaklan\u0131rs\u0131n\u0131z.<\/p>\n<h3>2. Rastgele G\u00f6r\u00fcnt\u00fcl\u00fc Sohbet<\/h3>\n<p>Ki\u015fisel, y\u00fcz y\u00fcze bir unsur ekler. Yabanc\u0131lar\u0131 ger\u00e7ek zamanl\u0131 olarak g\u00f6rebilir ve duyabilirsiniz.<\/p>\n<h3>3. Yaln\u0131zca Sesli Rastgele Sohbet<\/h3>\n<p>Video istemiyor ama konu\u015fmay\u0131 yazmaya tercih ediyorsan\u0131z orta yol.<\/p>\n<h3>4. Konu Bazl\u0131 Sohbet Odalar\u0131<\/h3>\n<p>Hobiler, fl\u00f6rt, seyahat, oyun veya sadece genel sohbet i\u00e7in ayr\u0131lm\u0131\u015f odalara kat\u0131l\u0131n.<\/p>\n<h3>5. Yeti\u015fkin Rastgele Sohbet<\/h3>\n<p>Fl\u00f6rt ve daha a\u00e7\u0131k konu\u015fmalar i\u00e7in tasarlanm\u0131\u015f 18+ alanlar.<\/p>\n<h2>Rastgele Sohbet i\u00e7in En \u0130yi Platformlar<\/h2>\n<p>\u0130\u015fte en pop\u00fcler ve g\u00fcvenilir se\u00e7eneklerden baz\u0131lar\u0131:<\/p>\n<ul>\n<li>Omegle - Klasik metin ve video rastgele sohbet sitesi.<\/li>\n<li>Chatroulette - D\u00fcnya \u00e7ap\u0131nda yabanc\u0131larla h\u0131zl\u0131 tempolu rastgele g\u00f6r\u00fcnt\u00fcl\u00fc sohbet.<\/li>\n<li>Chatrandom - Temal\u0131 odalar ve cinsiyet filtreleri sunar.<\/li>\n<li>Chatspin - E\u011flenceli video efektleri ve mobil uygulamalar i\u00e7erir.<\/li>\n<li>Camsurf - G\u00fcvenlik odakl\u0131 moderat\u00f6rl\u00fc platform.<\/li>\n<li>TinyChat - Genel ve \u00f6zel odalarla topluluk tarz\u0131 sohbet.<\/li>\n<li>Bazoocam - Yerle\u015fik buz k\u0131r\u0131c\u0131 oyunlarla Avrupa'n\u0131n favorisi.<\/li>\n<\/ul>\n<p>Her birinin kendine has bir havas\u0131 vard\u0131r, bu y\u00fczden hangisinin sizin havan\u0131za uydu\u011funu g\u00f6rmek i\u00e7in birka\u00e7 tanesini deneyin.<\/p>\n<h2>Rastgele Sohbet vs Sosyal Medya<\/h2>\n<p>Her ikisi de insanlar\u0131 birbirine ba\u011flarken, rastgele sohbet \u00e7ok farkl\u0131 bir deneyim sunar.<\/p>\n<table>\n<thead>\n<tr>\n<th>\u00d6zellik<\/th>\n<th>Rastgele Sohbet<\/th>\n<th>Sosyal Medya<\/th>\n<\/tr>\n<\/thead>\n<tbody>\n<tr>\n<td>Rastgele yabanc\u0131 e\u015fle\u015ftirme<\/td>\n<td>Evet<\/td>\n<td>\u274c Hay\u0131r<\/td>\n<\/tr>\n<tr>\n<td>Ger\u00e7ek zamanl\u0131 konu\u015fma<\/td>\n<td>An\u0131nda<\/td>\n<td>\u26a0\ufe0f Gecikmeli<\/td>\n<\/tr>\n<tr>\n<td>Profil gerekli<\/td>\n<td>\u274c Her zaman de\u011fil<\/td>\n<td>Her zaman<\/td>\n<\/tr>\n<tr>\n<td>Anonimlik<\/td>\n<td>Evet<\/td>\n<td>S\u0131n\u0131rl\u0131<\/td>\n<\/tr>\n<tr>\n<td>Atla se\u00e7ene\u011fi<\/td>\n<td>Evet<\/td>\n<td>\u274c Hay\u0131r<\/td>\n<\/tr>\n<\/tbody>\n<\/table>\n<p>E\u011fer sosyal medya \u00e7ok derli toplu geliyorsa, rastgele sohbet panzehirdir.<\/p>\n<h2>Rastgele Sohbet Kullan\u0131rken G\u00fcvende Kalmak<\/h2>\n<p>Yabanc\u0131larla konu\u015ftu\u011funuz i\u00e7in g\u00fcvenlik \u00f6nemlidir:<\/p>\n<ul>\n<li>Ki\u015fisel bilgilerinizi payla\u015fmay\u0131n - Ad\u0131n\u0131z\u0131, telefon numaran\u0131z\u0131 ve adresinizi gizli tutun.<\/li>\n<li>Bir takma ad kullan\u0131n - Kendinizi rahat hissedene kadar anonim kal\u0131n.<\/li>\n<li>Serbest\u00e7e atlay\u0131n - Yanl\u0131\u015f hissettiren konu\u015fmalarda kalmay\u0131n.<\/li>\n<li>Uygunsuz kullan\u0131c\u0131lar\u0131 bildirin - \u00c7o\u011fu platformun moderasyon \u00f6zellikleri vard\u0131r.<\/li>\n<li>Video konusunda dikkatli olun - Arka plan\u0131n\u0131z\u0131n \u00f6zel ayr\u0131nt\u0131lar\u0131 a\u00e7\u0131\u011fa vurmad\u0131\u011f\u0131ndan emin olun.<\/li>\n<\/ul>\n<p>S\u0131n\u0131rlar\u0131 belirledi\u011finizde rastgele sohbet e\u011flenceli ve g\u00fcvenlidir.<\/p>\n<h2>Rastgele Sohbeti Kimler Kullan\u0131r?<\/h2>\n<p>Tan\u0131\u015faca\u011f\u0131n\u0131z insanlar\u0131n \u00e7e\u015fitlili\u011fi, onu bu kadar ba\u011f\u0131ml\u0131l\u0131k yap\u0131c\u0131 yapan \u015feydir. Yayg\u0131n kullan\u0131c\u0131lar \u015funlar\u0131 i\u00e7erir:<\/p>\n<ul>\n<li>\u00d6\u011frenciler - Sosyal etkile\u015fim veya dil prati\u011fi ar\u0131yor.<\/li>\n<li>Bekarlar - Fl\u00f6rt eden veya g\u00fcndelik bulu\u015fma f\u0131rsatlar\u0131 arayanlar.<\/li>\n<li>Gece ku\u015flar\u0131 - Ge\u00e7 saatlerde arkada\u015f bulmak.<\/li>\n<li>Gezginler - Yerel halkla sanal ortamda tan\u0131\u015fma ve destinasyonlar hakk\u0131nda bilgi edinme.<\/li>\n<li>Merakl\u0131 insanlar - Sadece d\u0131\u015far\u0131da kimlerin oldu\u011funu ke\u015ffetmek.<\/li>\n<\/ul>\n<p>Bu ger\u00e7ekten k\u00fcresel bir kar\u0131\u015f\u0131m.<\/p>\n<h2>TinyChat: Topluluk Tarz\u0131 Rastgele Bir Chat Alternative<\/h2>\n<p>Rastgele sohbeti seviyorsan\u0131z ancak daha organize bir \u015fey istiyorsan\u0131z, TinyChat g\u00fc\u00e7l\u00fc bir se\u00e7enektir. Bire bir platformlar\u0131n aksine, rastgeleli\u011fi bir topluluk duygusuyla harmanl\u0131yor.<\/p>\n<ul>\n<li>Genel odalar - M\u00fczik, politika, fl\u00f6rt veya genel tak\u0131lmalar hakk\u0131nda konu\u015fun.<\/li>\n<li>\u00d6zel odalar - Kendi sohbet alan\u0131n\u0131z\u0131 olu\u015fturun.<\/li>\n<li>Video, ses ve metin - Tercih etti\u011finiz format\u0131 se\u00e7in.<\/li>\n<li>\u00c7apraz platform - Masa\u00fcst\u00fc taray\u0131c\u0131larda ve mobil uygulamalarda \u00e7al\u0131\u015f\u0131r.<\/li>\n<li>An\u0131nda eri\u015fim - Kat\u0131lmak i\u00e7in kay\u0131t gerekmez.<\/li>\n<\/ul>\n<p>TinyChat size temal\u0131 topluluklar\u0131n derinli\u011fi ile rastgele sohbet \u00f6zg\u00fcrl\u00fc\u011f\u00fc sunar.<\/p>\n<h2>Rastgele Sohbetten En \u0130yi \u015eekilde Yararlanmak \u0130\u00e7in \u0130pu\u00e7lar\u0131<\/h2>\n<ul>\n<li>Ba\u011flant\u0131 kurdu\u011funuzda g\u00fcl\u00fcmseyin - Dostane hisler yabanc\u0131lar\u0131n kalma olas\u0131l\u0131\u011f\u0131n\u0131 art\u0131r\u0131r.<\/li>\n<li>\u0130lgin\u00e7 sorular sorun - \u0130lgi \u00e7ekici giri\u015flerle \"merhaba \"n\u0131n \u00f6tesine ge\u00e7in.<\/li>\n<li>Sayg\u0131l\u0131 olun - Yabanc\u0131lara size davran\u0131lmas\u0131n\u0131 istedi\u011finiz gibi davran\u0131n.<\/li>\n<li>Farkl\u0131 zamanlar\u0131 ke\u015ffedin - Kullan\u0131c\u0131 tabanlar\u0131 saat ba\u015f\u0131 de\u011fi\u015fir.<\/li>\n<li>\u00c7ok ciddiye almay\u0131n - Baz\u0131 sohbetler h\u0131zl\u0131d\u0131r, baz\u0131lar\u0131 ise daha uzun s\u00fcrer. \u00c7e\u015fitlili\u011fin tad\u0131n\u0131 \u00e7\u0131kar\u0131n.<\/li>\n<\/ul>\n<h2>\u00dccretsiz vs \u00dccretli Rastgele Sohbet<\/h2>\n<p>\u00c7o\u011fu rastgele sohbet platformu \u00fccretsizdir, ancak baz\u0131lar\u0131 premium avantajlar sunar.<\/p>\n<table>\n<thead>\n<tr>\n<th>\u00d6zellik<\/th>\n<th>\u00dccretsiz Rastgele Sohbet<\/th>\n<th>\u00dccretli S\u00fcr\u00fcmler<\/th>\n<\/tr>\n<\/thead>\n<tbody>\n<tr>\n<td>S\u0131n\u0131rs\u0131z rastgele e\u015fle\u015fme<\/td>\n<td>Evet<\/td>\n<td>Evet<\/td>\n<\/tr>\n<tr>\n<td>Atla d\u00fc\u011fmesi<\/td>\n<td>Evet<\/td>\n<td>Evet<\/td>\n<\/tr>\n<tr>\n<td>Cinsiyet\/konum filtreleri<\/td>\n<td>\u26a0\ufe0f Temel veya s\u0131n\u0131rl\u0131<\/td>\n<td>Geli\u015fmi\u015f<\/td>\n<\/tr>\n<tr>\n<td>Reklamlar kald\u0131r\u0131ld\u0131<\/td>\n<td>\u274c<\/td>\n<td>Evet<\/td>\n<\/tr>\n<tr>\n<td>VIP\/\u00f6zel odalar<\/td>\n<td>\u274c<\/td>\n<td>Evet<\/td>\n<\/tr>\n<\/tbody>\n<\/table>\n<p>G\u00fcndelik kullan\u0131m i\u00e7in \u00fccretsiz s\u00fcr\u00fcmler fazlas\u0131yla yeterli.<\/p>\n<h2>Bilinmeyenin Heyecan\u0131<\/h2>\n<p>\u0130nsanlar\u0131n rastgele sohbete geri d\u00f6nmesini sa\u011flayan \u015fey, s\u0131rada kimin oldu\u011funu bilmemenin verdi\u011fi heyecand\u0131r. Tek bir ak\u015famda, \u015funlar\u0131 yapabilirsiniz:<\/p>\n<ul>\n<li>D\u00fcnyan\u0131n \u00f6b\u00fcr ucundaki biriyle g\u00fcl\u00fcn.<\/li>\n<li>Yeni bir k\u00fclt\u00fcr hakk\u0131nda bilgi edinin.<\/li>\n<li>Sevdi\u011finiz yeni bir grubu veya filmi ke\u015ffedin.<\/li>\n<li>Bir yabanc\u0131yla hayat hikayelerinizi payla\u015f\u0131n.<\/li>\n<li>Bir arkada\u015f bulun - hatta bir romantizm k\u0131v\u0131lc\u0131m\u0131.<\/li>\n<\/ul>\n<p>Her sohbet beklenmedik bir \u015fey i\u00e7in bir \u015fanst\u0131r.<\/p>\n<p>Rastgele sohbet, \u00e7evrimi\u00e7i insanlarla tan\u0131\u015fman\u0131n en basit ve en heyecan verici yollar\u0131ndan biridir. Hi\u00e7bir \u00fccret, profil ve bask\u0131 olmadan, dijital sosyalle\u015fmenin saf bir \u015feklidir - h\u0131zl\u0131, spontane ve k\u00fcresel.<\/p>\n<p>\u0130ster can s\u0131k\u0131nt\u0131s\u0131n\u0131 gidermek, ister dil prati\u011fi yapmak, ister yabanc\u0131larla fl\u00f6rt etmek ya da sadece insanlarla ileti\u015fim kurman\u0131n tad\u0131n\u0131 \u00e7\u0131karmak isteyin, rastgele sohbet platformlar\u0131 bunu tek bir t\u0131klamayla m\u00fcmk\u00fcn k\u0131lar.<\/p>\n<p>Yeni bir \u015feylere haz\u0131rsan\u0131z, bir sohbet penceresi a\u00e7\u0131n, \"Ba\u015flat \"a bas\u0131n ve kimlerin bekledi\u011fini g\u00f6r\u00fcn. Bir sonraki rastgele sohbetiniz g\u00fcn\u00fcn\u00fcz\u00fcn en \u00f6nemli olay\u0131 olabilir.<\/p>","protected":false},"excerpt":{"rendered":"<p>One of the most exciting things about the internet is how easily it connects us to people we\u2019d never meet otherwise. Random chat takes that to the next level by letting you talk instantly with strangers from around the world. No profiles, no swiping, no algorithms\u2014just you, your device, and whoever shows up on the [&hellip;]<\/p>\n","protected":false},"author":8,"featured_media":0,"parent":0,"menu_order":0,"comment_status":"closed","ping_status":"closed","template":"","meta":{"footnotes":""},"class_list":["post-13511","page","type-page","status-publish","hentry"],"yoast_head":"<!-- This site is optimized with the Yoast SEO plugin v27.4 - https:\/\/yoast.com\/product\/yoast-seo-wordpress\/ -->\n<title>Random Chat with Video Chat on TinyChat.com<\/title>\n<meta name=\"description\" content=\"Enjoying Random Chat? Join over 50,000,000 strangers on TinyChat! Turn on your cam and start meeting new people, or find a match.\" \/>\n<meta name=\"robots\" content=\"index, follow, max-snippet:-1, max-image-preview:large, max-video-preview:-1\" \/>\n<link rel=\"canonical\" href=\"https:\/\/tinychat.com\/tr\/random-chat\/\" \/>\n<meta property=\"og:locale\" content=\"tr_TR\" \/>\n<meta property=\"og:type\" content=\"article\" \/>\n<meta property=\"og:title\" content=\"Random Chat with Video Chat on TinyChat.com\" \/>\n<meta property=\"og:description\" content=\"Enjoying Random Chat? Join over 50,000,000 strangers on TinyChat! Turn on your cam and start meeting new people, or find a match.\" \/>\n<meta property=\"og:url\" content=\"https:\/\/tinychat.com\/tr\/random-chat\/\" \/>\n<meta property=\"og:site_name\" content=\"TinyChat\" \/>\n<meta property=\"article:publisher\" content=\"https:\/\/www.facebook.com\/tinychat\" \/>\n<meta property=\"article:modified_time\" content=\"2025-09-10T09:03:40+00:00\" \/>\n<meta property=\"og:image\" content=\"https:\/\/tinychat.com\/wp-content\/uploads\/2020\/04\/Tinychat-logo-1280x284-new-black.png\" \/>\n\t<meta property=\"og:image:width\" content=\"1280\" \/>\n\t<meta property=\"og:image:height\" content=\"284\" \/>\n\t<meta property=\"og:image:type\" content=\"image\/png\" \/>\n<meta name=\"twitter:card\" content=\"summary_large_image\" \/>\n<meta name=\"twitter:site\" content=\"@tinychat\" \/>\n<meta name=\"twitter:label1\" content=\"Tahmini okuma s\u00fcresi\" \/>\n\t<meta name=\"twitter:data1\" content=\"5 dakika\" \/>\n<script type=\"application\/ld+json\" class=\"yoast-schema-graph\">{\"@context\":\"https:\\\/\\\/schema.org\",\"@graph\":[{\"@type\":\"WebPage\",\"@id\":\"https:\\\/\\\/tinychat.com\\\/random-chat\\\/\",\"url\":\"https:\\\/\\\/tinychat.com\\\/random-chat\\\/\",\"name\":\"Random Chat with Video Chat on TinyChat.com\",\"isPartOf\":{\"@id\":\"https:\\\/\\\/tinychat.com\\\/#website\"},\"datePublished\":\"2025-09-10T08:58:25+00:00\",\"dateModified\":\"2025-09-10T09:03:40+00:00\",\"description\":\"Enjoying Random Chat? Join over 50,000,000 strangers on TinyChat! Turn on your cam and start meeting new people, or find a match.\",\"breadcrumb\":{\"@id\":\"https:\\\/\\\/tinychat.com\\\/random-chat\\\/#breadcrumb\"},\"inLanguage\":\"tr\",\"potentialAction\":[{\"@type\":\"ReadAction\",\"target\":[\"https:\\\/\\\/tinychat.com\\\/random-chat\\\/\"]}]},{\"@type\":\"BreadcrumbList\",\"@id\":\"https:\\\/\\\/tinychat.com\\\/random-chat\\\/#breadcrumb\",\"itemListElement\":[{\"@type\":\"ListItem\",\"position\":1,\"name\":\"Home\",\"item\":\"https:\\\/\\\/tinychat.com\\\/\"},{\"@type\":\"ListItem\",\"position\":2,\"name\":\"Random Chat\"}]},{\"@type\":\"WebSite\",\"@id\":\"https:\\\/\\\/tinychat.com\\\/#website\",\"url\":\"https:\\\/\\\/tinychat.com\\\/\",\"name\":\"TinyChat\",\"description\":\"Random Video Chat with Strangers\",\"publisher\":{\"@id\":\"https:\\\/\\\/tinychat.com\\\/#organization\"},\"alternateName\":\"TinyChat.com\",\"potentialAction\":[{\"@type\":\"SearchAction\",\"target\":{\"@type\":\"EntryPoint\",\"urlTemplate\":\"https:\\\/\\\/tinychat.com\\\/?s={search_term_string}\"},\"query-input\":{\"@type\":\"PropertyValueSpecification\",\"valueRequired\":true,\"valueName\":\"search_term_string\"}}],\"inLanguage\":\"tr\"},{\"@type\":\"Organization\",\"@id\":\"https:\\\/\\\/tinychat.com\\\/#organization\",\"name\":\"TinyChat\",\"alternateName\":\"TinyChat.com\",\"url\":\"https:\\\/\\\/tinychat.com\\\/\",\"logo\":{\"@type\":\"ImageObject\",\"inLanguage\":\"tr\",\"@id\":\"https:\\\/\\\/tinychat.com\\\/#\\\/schema\\\/logo\\\/image\\\/\",\"url\":\"https:\\\/\\\/tinychat.com\\\/wp-content\\\/uploads\\\/2023\\\/11\\\/Tinychat-icon-square.png\",\"contentUrl\":\"https:\\\/\\\/tinychat.com\\\/wp-content\\\/uploads\\\/2023\\\/11\\\/Tinychat-icon-square.png\",\"width\":284,\"height\":284,\"caption\":\"TinyChat\"},\"image\":{\"@id\":\"https:\\\/\\\/tinychat.com\\\/#\\\/schema\\\/logo\\\/image\\\/\"},\"sameAs\":[\"https:\\\/\\\/www.facebook.com\\\/tinychat\",\"https:\\\/\\\/x.com\\\/tinychat\"]}]}<\/script>\n<!-- \/ Yoast SEO plugin. -->","yoast_head_json":{"title":"TinyChat.com'da G\u00f6r\u00fcnt\u00fcl\u00fc Sohbet ile Rastgele Sohbet","description":"Rastgele Sohbet ho\u015funuza m\u0131 gidiyor? TinyChat'de 50.000.000'dan fazla yabanc\u0131ya kat\u0131l\u0131n! Kameran\u0131z\u0131 a\u00e7\u0131n ve yeni insanlarla tan\u0131\u015fmaya ba\u015flay\u0131n veya bir e\u015fle\u015fme bulun.","robots":{"index":"index","follow":"follow","max-snippet":"max-snippet:-1","max-image-preview":"max-image-preview:large","max-video-preview":"max-video-preview:-1"},"canonical":"https:\/\/tinychat.com\/tr\/random-chat\/","og_locale":"tr_TR","og_type":"article","og_title":"Random Chat with Video Chat on TinyChat.com","og_description":"Enjoying Random Chat? Join over 50,000,000 strangers on TinyChat! Turn on your cam and start meeting new people, or find a match.","og_url":"https:\/\/tinychat.com\/tr\/random-chat\/","og_site_name":"TinyChat","article_publisher":"https:\/\/www.facebook.com\/tinychat","article_modified_time":"2025-09-10T09:03:40+00:00","og_image":[{"width":1280,"height":284,"url":"https:\/\/tinychat.com\/wp-content\/uploads\/2020\/04\/Tinychat-logo-1280x284-new-black.png","type":"image\/png"}],"twitter_card":"summary_large_image","twitter_site":"@tinychat","twitter_misc":{"Tahmini okuma s\u00fcresi":"5 dakika"},"schema":{"@context":"https:\/\/schema.org","@graph":[{"@type":"WebPage","@id":"https:\/\/tinychat.com\/random-chat\/","url":"https:\/\/tinychat.com\/random-chat\/","name":"TinyChat.com'da G\u00f6r\u00fcnt\u00fcl\u00fc Sohbet ile Rastgele Sohbet","isPartOf":{"@id":"https:\/\/tinychat.com\/#website"},"datePublished":"2025-09-10T08:58:25+00:00","dateModified":"2025-09-10T09:03:40+00:00","description":"Rastgele Sohbet ho\u015funuza m\u0131 gidiyor? TinyChat'de 50.000.000'dan fazla yabanc\u0131ya kat\u0131l\u0131n! Kameran\u0131z\u0131 a\u00e7\u0131n ve yeni insanlarla tan\u0131\u015fmaya ba\u015flay\u0131n veya bir e\u015fle\u015fme bulun.","breadcrumb":{"@id":"https:\/\/tinychat.com\/random-chat\/#breadcrumb"},"inLanguage":"tr","potentialAction":[{"@type":"ReadAction","target":["https:\/\/tinychat.com\/random-chat\/"]}]},{"@type":"BreadcrumbList","@id":"https:\/\/tinychat.com\/random-chat\/#breadcrumb","itemListElement":[{"@type":"ListItem","position":1,"name":"Home","item":"https:\/\/tinychat.com\/"},{"@type":"ListItem","position":2,"name":"Random Chat"}]},{"@type":"WebSite","@id":"https:\/\/tinychat.com\/#website","url":"https:\/\/tinychat.com\/","name":"TinyChat","description":"Yabanc\u0131larla Rastgele G\u00f6r\u00fcnt\u00fcl\u00fc Sohbet","publisher":{"@id":"https:\/\/tinychat.com\/#organization"},"alternateName":"TinyChat.com","potentialAction":[{"@type":"SearchAction","target":{"@type":"EntryPoint","urlTemplate":"https:\/\/tinychat.com\/?s={search_term_string}"},"query-input":{"@type":"PropertyValueSpecification","valueRequired":true,"valueName":"search_term_string"}}],"inLanguage":"tr"},{"@type":"Organization","@id":"https:\/\/tinychat.com\/#organization","name":"TinyChat","alternateName":"TinyChat.com","url":"https:\/\/tinychat.com\/","logo":{"@type":"ImageObject","inLanguage":"tr","@id":"https:\/\/tinychat.com\/#\/schema\/logo\/image\/","url":"https:\/\/tinychat.com\/wp-content\/uploads\/2023\/11\/Tinychat-icon-square.png","contentUrl":"https:\/\/tinychat.com\/wp-content\/uploads\/2023\/11\/Tinychat-icon-square.png","width":284,"height":284,"caption":"TinyChat"},"image":{"@id":"https:\/\/tinychat.com\/#\/schema\/logo\/image\/"},"sameAs":["https:\/\/www.facebook.com\/tinychat","https:\/\/x.com\/tinychat"]}]}},"_links":{"self":[{"href":"https:\/\/tinychat.com\/tr\/wp-json\/wp\/v2\/pages\/13511","targetHints":{"allow":["GET"]}}],"collection":[{"href":"https:\/\/tinychat.com\/tr\/wp-json\/wp\/v2\/pages"}],"about":[{"href":"https:\/\/tinychat.com\/tr\/wp-json\/wp\/v2\/types\/page"}],"author":[{"embeddable":true,"href":"https:\/\/tinychat.com\/tr\/wp-json\/wp\/v2\/users\/8"}],"replies":[{"embeddable":true,"href":"https:\/\/tinychat.com\/tr\/wp-json\/wp\/v2\/comments?post=13511"}],"version-history":[{"count":1,"href":"https:\/\/tinychat.com\/tr\/wp-json\/wp\/v2\/pages\/13511\/revisions"}],"predecessor-version":[{"id":13512,"href":"https:\/\/tinychat.com\/tr\/wp-json\/wp\/v2\/pages\/13511\/revisions\/13512"}],"wp:attachment":[{"href":"https:\/\/tinychat.com\/tr\/wp-json\/wp\/v2\/media?parent=13511"}],"curies":[{"name":"wp","href":"https:\/\/api.w.org\/{rel}","templated":true}]}}