{"id":13525,"date":"2025-09-18T09:57:22","date_gmt":"2025-09-18T07:57:22","guid":{"rendered":"https:\/\/tinychat.com\/?page_id=13525"},"modified":"2025-09-18T09:57:22","modified_gmt":"2025-09-18T07:57:22","slug":"american-random-video-call","status":"publish","type":"page","link":"https:\/\/tinychat.com\/tr\/american-random-video-call\/","title":{"rendered":"Amerikan Rastgele G\u00f6r\u00fcnt\u00fcl\u00fc Arama"},"content":{"rendered":"<p>\u0130nternet d\u00fcnyan\u0131n her yerinden insanlarla ba\u011flant\u0131 kurmay\u0131 m\u00fcmk\u00fcn k\u0131ld\u0131, ancak bazen eve daha yak\u0131n bir \u015fey istersiniz. \u0130\u015fte burada Amerikan rastgele g\u00f6r\u00fcnt\u00fcl\u00fc arama platformlar\u0131 devreye giriyor. Bu hizmetler, ister yeni arkada\u015flar edinmeyi, ister biraz fl\u00f6rt etmeyi ya da sadece s\u0131radan bir sohbetle vakit ge\u00e7irmeyi umuyor olun, Amerika Birle\u015fik Devletleri'ndeki insanlarla an\u0131nda ba\u011flant\u0131 kurman\u0131z\u0131 sa\u011flar.<\/p>\n<p>New York'taki \u00fcniversite \u00f6\u011frencilerinden Los Angeles'taki profesyonellere kadar, ekran\u0131n\u0131za kimin gelece\u011fini asla bilemezsiniz. Spontane, heyecan verici ve 100% canl\u0131.<\/p>\n<h2>Amerikan Rastgele G\u00f6r\u00fcnt\u00fcl\u00fc Arama Nedir?<\/h2>\n<p>Amerika'dan rastgele g\u00f6r\u00fcnt\u00fcl\u00fc arama, ABD'deki biriyle rastgele bir e\u015fle\u015ftirme sistemi arac\u0131l\u0131\u011f\u0131yla an\u0131nda ger\u00e7ekle\u015fen ger\u00e7ek zamanl\u0131 bir sohbettir. Kiminle konu\u015faca\u011f\u0131n\u0131z\u0131 siz se\u00e7mezsiniz, platform bunu sizin i\u00e7in yapar.<\/p>\n<p>Genellikle bulaca\u011f\u0131n\u0131z \u00f6zellikler \u015funlard\u0131r:<\/p>\n<ul>\n<li>An\u0131nda e\u015fle\u015ftirme - Saniyeler i\u00e7inde rastgele bir Amerikal\u0131 yabanc\u0131yla ba\u011flant\u0131 kurun.<\/li>\n<li>\u00dccretsiz eri\u015fim - Bir\u00e7ok site \u00f6deme yapmadan kat\u0131lman\u0131za izin verir.<\/li>\n<li>\u00d6nce g\u00f6r\u00fcnt\u00fcl\u00fc sohbet - Birbirinizi canl\u0131 olarak g\u00f6r\u00fcn ve duyun.<\/li>\n<li>Atla d\u00fc\u011fmesi - Vibing de\u011fil mi? Yeni biriyle tan\u0131\u015fmak i\u00e7in \"sonraki\" d\u00fc\u011fmesine dokunun.<\/li>\n<li>\u0130ste\u011fe ba\u011fl\u0131 filtreler - E\u015fle\u015fmeleri cinsiyet, konum veya ilgi alanlar\u0131na g\u00f6re daralt\u0131n.<\/li>\n<\/ul>\n<p>\u0130nternette h\u0131zl\u0131 bulu\u015fma gibi, ama bask\u0131 olmadan - sadece bir kamera, bir mikrofon ve bilinmeyenin heyecan\u0131.<\/p>\n<h2>\u0130nsanlar Neden Amerikan Rastgele G\u00f6r\u00fcnt\u00fcl\u00fc Sohbetini Kullan\u0131yor?<\/h2>\n<p>\u0130nsanlar\u0131n k\u00fcresel platformlar yerine ABD odakl\u0131 platformlar\u0131 tercih etmesinin pek \u00e7ok nedeni var:<\/p>\n<ul>\n<li>K\u00fclt\u00fcrel a\u015final\u0131k - Benzer argo, mizah veya referanslar\u0131 payla\u015fan ki\u015filerle daha kolay sohbet.<\/li>\n<li>Fl\u00f6rt f\u0131rsatlar\u0131 - Bir\u00e7ok ki\u015fi fl\u00f6rt etmek veya potansiyel partnerlerle tan\u0131\u015fmak i\u00e7in rastgele g\u00f6r\u00fcnt\u00fcl\u00fc aramalar kullan\u0131r.<\/li>\n<li>Arkada\u015fl\u0131k - Ayn\u0131 \u00fclke i\u00e7inde yeni insanlarla tan\u0131\u015fman\u0131n bir yolu.<\/li>\n<li>Dil konforu - \u0130ngilizce sohbet ederken \u00e7eviri ile u\u011fra\u015fman\u0131za gerek yok.<\/li>\n<li>Kolayl\u0131k - Zaman dilimleri ayn\u0131 hizada oldu\u011fundan uzun konu\u015fmalar yapmak daha kolayd\u0131r.<\/li>\n<\/ul>\n<p>\u0130ster e\u011flence ister daha derin bir \u015fey ar\u0131yor olun, Amerikal\u0131larla rastgele g\u00f6r\u00fcnt\u00fcl\u00fc sohbet daha ili\u015fkilendirilebilir hissettirir.<\/p>\n<h2>Amerikan Rastgele G\u00f6r\u00fcnt\u00fcl\u00fc Arama Nas\u0131l \u00c7al\u0131\u015f\u0131r?<\/h2>\n<p>Bu platformlardan birini kullanmak, daha \u00f6nce hi\u00e7 rastgele g\u00f6r\u00fcnt\u00fcl\u00fc sohbet denememi\u015f olsan\u0131z bile basittir:<\/p>\n<ol>\n<li>Bir platform se\u00e7in - Se\u00e7enekler aras\u0131nda Omegle, Chatspin, Chatrandom ve TinyChat bulunmaktad\u0131r.<\/li>\n<li>Kamera ve mikrofon eri\u015fimine izin verin - Bu platformlar web kameran\u0131za ve sesinize ihtiya\u00e7 duyar.<\/li>\n<li>\"Ba\u015flat \"a t\u0131klay\u0131n - ABD'deki biriyle an\u0131nda e\u015fle\u015fin.<\/li>\n<li>Kal\u0131n ya da atlay\u0131n - Sohbet i\u015fe yar\u0131yorsa, sohbete devam edin; yaram\u0131yorsa, devam edin.<\/li>\n<li>Tekrarlay\u0131n - Her ba\u011flant\u0131 farkl\u0131d\u0131r ve e\u011flence \u00e7e\u015fitliliktedir.<\/li>\n<\/ol>\n<p>\u0130\u015fte bu kadar; karma\u015f\u0131k kay\u0131tlar, uzun formlar ve beklemek yok.<\/p>\n<h2>Amerikan Rastgele G\u00f6r\u00fcnt\u00fcl\u00fc Arama T\u00fcrleri<\/h2>\n<p>Ba\u011flant\u0131 kurman\u0131n tek bir yolu yoktur. Farkl\u0131 platformlar farkl\u0131 tarzlara hitap eder:<\/p>\n<h3>1. Bire Bir G\u00f6r\u00fcnt\u00fcl\u00fc G\u00f6r\u00fc\u015fmeler<\/h3>\n<p>Klasik Omegle tarz\u0131 sohbet: sadece siz ve bir Amerikal\u0131 yabanc\u0131.<\/p>\n<h3>2. Grup G\u00f6r\u00fcnt\u00fcl\u00fc Sohbet Odalar\u0131<\/h3>\n<p>Birden fazla Amerikal\u0131n\u0131n birlikte sohbet etti\u011fi daha b\u00fcy\u00fck bir odaya kat\u0131l\u0131n - ayn\u0131 anda birka\u00e7 ki\u015fiyle tan\u0131\u015fmak i\u00e7in harika.<\/p>\n<h3>3. Konu Bazl\u0131 Odalar<\/h3>\n<p>\u0130lgi alanlar\u0131n\u0131z\u0131 payla\u015fan Amerikal\u0131larla spor, fl\u00f6rt, oyun, politika veya sadece genel sosyalle\u015fme hakk\u0131nda sohbet edin.<\/p>\n<h3>4. Canl\u0131 Yay\u0131nlar<\/h3>\n<p>TinyChat gibi baz\u0131 platformlar, kullan\u0131c\u0131lar\u0131n bir odaya yay\u0131n yapmas\u0131na ve izleyicilerle ger\u00e7ek zamanl\u0131 olarak etkile\u015fime girmesine olanak tan\u0131r.<\/p>\n<h3>5. Sadece Yeti\u015fkinlere \u00d6zel Rastgele Aramalar<\/h3>\n<p>18 ya\u015f\u0131ndan b\u00fcy\u00fckler i\u00e7in baz\u0131 platformlar fl\u00f6rt\u00f6z veya daha a\u00e7\u0131k konu\u015fmalara odaklan\u0131r.<\/p>\n<h2>Amerikan Rastgele G\u00f6r\u00fcnt\u00fcl\u00fc Arama i\u00e7in En \u0130yi Platformlar<\/h2>\n<p>ABD'deki insanlarla ba\u011flant\u0131 kurmak istiyorsan\u0131z i\u015fte en iyi se\u00e7eneklerden baz\u0131lar\u0131:<\/p>\n<ul>\n<li>Omegle - Klasik rastgele sohbet sitesi, ancak moderasyon zay\u0131f olabilir.<\/li>\n<li>Chatspin - Cinsiyet ve konum filtreleriyle ABD'de pop\u00fcler.<\/li>\n<li>Chatrandom - \"Sadece k\u0131zlar\" modu ve ABD odakl\u0131 sohbet odalar\u0131 i\u00e7erir.<\/li>\n<li>Camsurf - Daha iyi moderasyon ile daha g\u00fcvenli bir alternatif.<\/li>\n<li>TinyChat - Rastgele g\u00f6r\u00fcnt\u00fcl\u00fc aramalar\u0131 konu tabanl\u0131 grup sohbet odalar\u0131 ile harmanlar.<\/li>\n<li>Bazoocam - Avrupa merkezli ancak hala aktif ABD kullan\u0131c\u0131lar\u0131 var.<\/li>\n<\/ul>\n<h2>TinyChat Neden \u00d6ne \u00c7\u0131k\u0131yor?<\/h2>\n<p>\u00d6zellikle bir Amerikan rastgele g\u00f6r\u00fcnt\u00fcl\u00fc sohbet ar\u0131yorsan\u0131z ancak Omegle'nin kaosunu istemiyorsan\u0131z, TinyChat en iyi se\u00e7eneklerden biridir.<\/p>\n<ul>\n<li>Genel odalar - ABD odakl\u0131 sohbet odalar\u0131na veya temal\u0131 alanlara kat\u0131l\u0131n.<\/li>\n<li>\u00d6zel odalar - Daha k\u00fc\u00e7\u00fck bir grupla kendi sohbetinizi olu\u015fturun.<\/li>\n<li>Video, ses ve metin - Ba\u011flanmak i\u00e7in tercih etti\u011finiz yolu se\u00e7in.<\/li>\n<li>\u00c7apraz platform - Taray\u0131c\u0131larda, iOS ve Android'de \u00e7al\u0131\u015f\u0131r.<\/li>\n<li>Topluluk hissi - Sonsuz bire bir atlamadan daha yap\u0131land\u0131r\u0131lm\u0131\u015f.<\/li>\n<\/ul>\n<p>Hem spontane olmak hem de tek bir yerde kal\u0131p birden fazla insanla tan\u0131\u015fma \u015fans\u0131 istiyorsan\u0131z idealdir.<\/p>\n<h2>Amerikan Rastgele G\u00f6r\u00fcnt\u00fcl\u00fc Arama vs. K\u00fcresel Sohbet<\/h2>\n<p>\u00d6yleyse neden k\u00fcresel bir platform yerine Amerikan odakl\u0131 bir platform se\u00e7ilsin?<\/p>\n<table>\n<thead>\n<tr>\n<th>\u00d6zellik<\/th>\n<th>Amerikan Rastgele G\u00f6r\u00fcnt\u00fcl\u00fc Arama<\/th>\n<th>K\u00fcresel Rastgele G\u00f6r\u00fcnt\u00fcl\u00fc Arama<\/th>\n<\/tr>\n<\/thead>\n<tbody>\n<tr>\n<td>K\u00fclt\u00fcrel yak\u0131nl\u0131k<\/td>\n<td>Y\u00fcksek<\/td>\n<td>\u26a0\ufe0f Kar\u0131\u015f\u0131k<\/td>\n<\/tr>\n<tr>\n<td>Dil engeli<\/td>\n<td>\u274c Minimal<\/td>\n<td>\u26a0\ufe0f M\u00fcmk\u00fcn<\/td>\n<\/tr>\n<tr>\n<td>Saat dilimi hizalamas\u0131<\/td>\n<td>Evet<\/td>\n<td>\u274c Her zaman de\u011fil<\/td>\n<\/tr>\n<tr>\n<td>Fl\u00f6rt potansiyeli<\/td>\n<td>\u2705 Yerel olarak daha kolay<\/td>\n<td>\u2705 Daha geni\u015f eri\u015fim<\/td>\n<\/tr>\n<tr>\n<td>Deneyim \u00e7e\u015fitlili\u011fi<\/td>\n<td>\u26a0\ufe0f Limited<\/td>\n<td>\u2705 \u00c7ok y\u00fcksek<\/td>\n<\/tr>\n<\/tbody>\n<\/table>\n<p>Her ikisinin de avantajlar\u0131 vard\u0131r, ancak ili\u015fkilendirilebilirlik ve daha kolay ileti\u015fim istiyorsan\u0131z, Amerikan odakl\u0131 sohbetler mant\u0131kl\u0131d\u0131r.<\/p>\n<h2>Yabanc\u0131lar\u0131 G\u00f6r\u00fcnt\u00fcl\u00fc Ararken G\u00fcvende Kalmak<\/h2>\n<p>Herhangi bir yabanc\u0131 sohbet platformunda oldu\u011fu gibi, g\u00fcvenlik \u00f6nemlidir:<\/p>\n<ul>\n<li>Fazla payla\u015fmay\u0131n - Ad\u0131n\u0131z\u0131, numaran\u0131z\u0131 ve adresinizi gizli tutun.<\/li>\n<li>Bir takma ad kullan\u0131n - Anonimlik sizi g\u00fcvende tutar.<\/li>\n<li>Atla\/rapor et - Bir sohbet rahats\u0131z edici geliyorsa, hemen devam edin.<\/li>\n<li>Ge\u00e7mi\u015finize dikkat edin - Kamera kar\u015f\u0131s\u0131nda ki\u015fisel bilgilerinizi g\u00f6stermekten ka\u00e7\u0131n\u0131n.<\/li>\n<li>Denetlenen platformlara ba\u011fl\u0131 kal\u0131n - TinyChat ve Chatspin denetlenmeyen sitelerden daha g\u00fcvenlidir.<\/li>\n<\/ul>\n<h2>Amerikan Rastgele G\u00f6r\u00fcnt\u00fcl\u00fc Aramalar\u0131n\u0131 Kimler Kullan\u0131yor?<\/h2>\n<p>Kar\u015f\u0131la\u015faca\u011f\u0131n\u0131z insan \u00e7e\u015fitlili\u011fi \u00e7ok fazlad\u0131r. Yayg\u0131n kullan\u0131c\u0131lar \u015funlar\u0131 i\u00e7erir:<\/p>\n<ul>\n<li>\u00d6\u011frenciler - ABD'nin d\u00f6rt bir yan\u0131ndaki \u00fcniversitelerden e\u011flenceli sohbetler arayanlar.<\/li>\n<li>Bekarlar - Fl\u00f6rt etmeyi veya geli\u015fig\u00fczel bulu\u015fmay\u0131 umanlar.<\/li>\n<li>Yurtd\u0131\u015f\u0131ndaki gurbet\u00e7iler - Yurtd\u0131\u015f\u0131ndaki Amerikal\u0131lar memleketlerindeki insanlarla ba\u011flant\u0131 kurmak istiyorlar.<\/li>\n<li>Gezginler - Yeni bir \u015fehri ziyaret etmeden \u00f6nce yerel halkla sohbet etmek.<\/li>\n<li>Merakl\u0131 kullan\u0131c\u0131lar - Sadece \u00e7evrimi\u00e7i yeni insanlarla tan\u0131\u015fmak isteyenler.<\/li>\n<\/ul>\n<p>Her arama farkl\u0131d\u0131r, cazibesi de budur.<\/p>\n<h2>Harika Bir Amerikan Rastgele Video G\u00f6r\u00fc\u015fmesi \u0130\u00e7in \u0130pu\u00e7lar\u0131<\/h2>\n<p>Daha iyi konu\u015fmalar m\u0131 istiyorsunuz? Bunlar\u0131 akl\u0131n\u0131zda tutun:<\/p>\n<ul>\n<li>Ba\u011flant\u0131 kurarken g\u00fcl\u00fcmseyin - \u0130lk izlenimler \u00f6nemlidir.<\/li>\n<li>A\u00e7\u0131k u\u00e7lu sorular sorun - \"ABD'de en sevdi\u011finiz \u015fehir hangisi?\" sorusu \"merhaba \"dan daha ileri gider.<\/li>\n<li>Sayg\u0131l\u0131 olun - \u0130yi davran\u0131\u015flar = daha iyi sohbetler.<\/li>\n<li>Sab\u0131rl\u0131 olun - Baz\u0131 sohbetler k\u0131sa s\u00fcrecektir; di\u011ferleri sizi \u015fa\u015f\u0131rtabilir.<\/li>\n<li>Zamanlamay\u0131 deneyin - ABD'de \u00f6\u011fleden sonralar\u0131 ve ak\u015famlar\u0131 en yo\u011fun zamanlard\u0131r.<\/li>\n<\/ul>\n<h2>\u00dccretsiz vs \u00dccretli Amerikan G\u00f6r\u00fcnt\u00fcl\u00fc Sohbet<\/h2>\n<p>\u00c7o\u011fu platform \u00fccretsizdir, ancak \u00fccretli y\u00fckseltmeler deneyiminizi geli\u015ftirebilir.<\/p>\n<table>\n<thead>\n<tr>\n<th>\u00d6zellik<\/th>\n<th>\u00dccretsiz S\u00fcr\u00fcm<\/th>\n<th>\u00dccretli S\u00fcr\u00fcm<\/th>\n<\/tr>\n<\/thead>\n<tbody>\n<tr>\n<td>Rastgele e\u015fle\u015ftirme<\/td>\n<td>Evet<\/td>\n<td>Evet<\/td>\n<\/tr>\n<tr>\n<td>S\u0131n\u0131rs\u0131z atlama<\/td>\n<td>\u26a0\ufe0f Sometimes limited<\/td>\n<td>\u2705 S\u0131n\u0131rs\u0131z<\/td>\n<\/tr>\n<tr>\n<td>Cinsiyet\/konum filtreleri<\/td>\n<td>\u26a0\ufe0f Temel<\/td>\n<td>Geli\u015fmi\u015f<\/td>\n<\/tr>\n<tr>\n<td>Reklamlar kald\u0131r\u0131ld\u0131<\/td>\n<td>\u274c<\/td>\n<td>Evet<\/td>\n<\/tr>\n<tr>\n<td>VIP\/\u00f6zel odalar<\/td>\n<td>\u274c<\/td>\n<td>Evet<\/td>\n<\/tr>\n<\/tbody>\n<\/table>\n<p>G\u00fcndelik kullan\u0131m i\u00e7in \u00fccretsiz s\u00fcr\u00fcmler genellikle yeterlidir.<\/p>\n<h2>Rastgele Kar\u015f\u0131la\u015fmalar\u0131n Heyecan\u0131<\/h2>\n<p>Amerikan rastgele g\u00f6r\u00fcnt\u00fcl\u00fc aramalar\u0131n\u0131n en iyi yan\u0131 \u00f6ng\u00f6r\u00fclemez olmas\u0131d\u0131r. Sadece bir ak\u015fam i\u00e7inde<\/p>\n<ul>\n<li>Teksas'ta biriyle \u015fakala\u015f.<\/li>\n<li>Chicago'daki bir taraftarla spor konu\u015fun.<\/li>\n<li>New York'taki g\u00fcnl\u00fck ya\u015fam\u0131 dinleyin.<\/li>\n<li>Kaliforniya'da bir k\u0131zla geli\u015fig\u00fczel fl\u00f6rt et.<\/li>\n<li>Florida'da d\u00fczenli sohbet arkada\u015f\u0131n\u0131z olacak bir arkada\u015f edinin.<\/li>\n<\/ul>\n<p>Ger\u00e7ek insanlar, ger\u00e7ek sesler ve ger\u00e7ek anlar; hepsi canl\u0131 olarak ger\u00e7ekle\u015fiyor.<\/p>\n<p>Amerikan rastgele g\u00f6r\u00fcnt\u00fcl\u00fc arama platformlar\u0131, \u00e7evrimi\u00e7i insanlarla tan\u0131\u015fman\u0131n en heyecan verici yollar\u0131ndan biridir. Spontanl\u0131\u011f\u0131 k\u00fclt\u00fcrel a\u015final\u0131kla birle\u015ftirerek ABD genelinde sohbet etmeyi, g\u00fclmeyi, fl\u00f6rt etmeyi veya arkada\u015f edinmeyi kolayla\u015ft\u0131r\u0131rlar.<\/p>\n<p>Omegle ve Chatroulette bu fikri me\u015fhur ederken, TinyChat, Chatspin ve Chatrandom gibi platformlar art\u0131k daha g\u00fcvenli, daha ilgi \u00e7ekici ve daha topluluk odakl\u0131 se\u00e7enekler sunuyor.<\/p>\n<p>Amerikal\u0131larla \u00e7evrimi\u00e7i ba\u011flant\u0131 kurmaya haz\u0131rsan\u0131z, web kameran\u0131z\u0131 \u00e7al\u0131\u015ft\u0131r\u0131n, \"Ba\u015flat\" d\u00fc\u011fmesine bas\u0131n ve kimin g\u00f6r\u00fcnd\u00fc\u011f\u00fcne bak\u0131n. Bir sonraki sohbetiniz sadece bir t\u0131k uza\u011f\u0131n\u0131zda olabilir.<\/p>","protected":false},"excerpt":{"rendered":"<p>The internet has made it possible to connect with people all over the world, but sometimes, you want something closer to home. That\u2019s where American random video call platforms come in. These services let you connect instantly with people in the United States\u2014whether you\u2019re hoping to make new friends, flirt a little, or just pass [&hellip;]<\/p>\n","protected":false},"author":8,"featured_media":0,"parent":0,"menu_order":0,"comment_status":"closed","ping_status":"closed","template":"","meta":{"footnotes":""},"class_list":["post-13525","page","type-page","status-publish","hentry"],"yoast_head":"<!-- This site is optimized with the Yoast SEO plugin v27.5 - https:\/\/yoast.com\/product\/yoast-seo-wordpress\/ -->\n<title>American Random Video Call with Video Chat on TinyChat.com<\/title>\n<meta name=\"description\" content=\"Enjoying American Random Video Call? Join over 50,000,000 strangers on TinyChat! Turn on your cam and start meeting new people, or find a match.\" \/>\n<meta name=\"robots\" content=\"index, follow, max-snippet:-1, max-image-preview:large, max-video-preview:-1\" \/>\n<link rel=\"canonical\" href=\"https:\/\/tinychat.com\/tr\/american-random-video-call\/\" \/>\n<meta property=\"og:locale\" content=\"tr_TR\" \/>\n<meta property=\"og:type\" content=\"article\" \/>\n<meta property=\"og:title\" content=\"American Random Video Call with Video Chat on TinyChat.com\" \/>\n<meta property=\"og:description\" content=\"Enjoying American Random Video Call? Join over 50,000,000 strangers on TinyChat! Turn on your cam and start meeting new people, or find a match.\" \/>\n<meta property=\"og:url\" content=\"https:\/\/tinychat.com\/tr\/american-random-video-call\/\" \/>\n<meta property=\"og:site_name\" content=\"TinyChat\" \/>\n<meta property=\"article:publisher\" content=\"https:\/\/www.facebook.com\/tinychat\" \/>\n<meta property=\"og:image\" content=\"https:\/\/tinychat.com\/wp-content\/uploads\/2020\/04\/Tinychat-logo-1280x284-new-black.png\" \/>\n\t<meta property=\"og:image:width\" content=\"1280\" \/>\n\t<meta property=\"og:image:height\" content=\"284\" \/>\n\t<meta property=\"og:image:type\" content=\"image\/png\" \/>\n<meta name=\"twitter:card\" content=\"summary_large_image\" \/>\n<meta name=\"twitter:site\" content=\"@tinychat\" \/>\n<meta name=\"twitter:label1\" content=\"Tahmini okuma s\u00fcresi\" \/>\n\t<meta name=\"twitter:data1\" content=\"6 dakika\" \/>\n<script type=\"application\/ld+json\" class=\"yoast-schema-graph\">{\"@context\":\"https:\\\/\\\/schema.org\",\"@graph\":[{\"@type\":\"WebPage\",\"@id\":\"https:\\\/\\\/tinychat.com\\\/american-random-video-call\\\/\",\"url\":\"https:\\\/\\\/tinychat.com\\\/american-random-video-call\\\/\",\"name\":\"American Random Video Call with Video Chat on TinyChat.com\",\"isPartOf\":{\"@id\":\"https:\\\/\\\/tinychat.com\\\/#website\"},\"datePublished\":\"2025-09-18T07:57:22+00:00\",\"description\":\"Enjoying American Random Video Call? Join over 50,000,000 strangers on TinyChat! Turn on your cam and start meeting new people, or find a match.\",\"breadcrumb\":{\"@id\":\"https:\\\/\\\/tinychat.com\\\/american-random-video-call\\\/#breadcrumb\"},\"inLanguage\":\"tr\",\"potentialAction\":[{\"@type\":\"ReadAction\",\"target\":[\"https:\\\/\\\/tinychat.com\\\/american-random-video-call\\\/\"]}]},{\"@type\":\"BreadcrumbList\",\"@id\":\"https:\\\/\\\/tinychat.com\\\/american-random-video-call\\\/#breadcrumb\",\"itemListElement\":[{\"@type\":\"ListItem\",\"position\":1,\"name\":\"Home\",\"item\":\"https:\\\/\\\/tinychat.com\\\/\"},{\"@type\":\"ListItem\",\"position\":2,\"name\":\"American Random Video Call\"}]},{\"@type\":\"WebSite\",\"@id\":\"https:\\\/\\\/tinychat.com\\\/#website\",\"url\":\"https:\\\/\\\/tinychat.com\\\/\",\"name\":\"TinyChat\",\"description\":\"Random Video Chat with Strangers\",\"publisher\":{\"@id\":\"https:\\\/\\\/tinychat.com\\\/#organization\"},\"alternateName\":\"TinyChat.com\",\"potentialAction\":[{\"@type\":\"SearchAction\",\"target\":{\"@type\":\"EntryPoint\",\"urlTemplate\":\"https:\\\/\\\/tinychat.com\\\/?s={search_term_string}\"},\"query-input\":{\"@type\":\"PropertyValueSpecification\",\"valueRequired\":true,\"valueName\":\"search_term_string\"}}],\"inLanguage\":\"tr\"},{\"@type\":\"Organization\",\"@id\":\"https:\\\/\\\/tinychat.com\\\/#organization\",\"name\":\"TinyChat\",\"alternateName\":\"TinyChat.com\",\"url\":\"https:\\\/\\\/tinychat.com\\\/\",\"logo\":{\"@type\":\"ImageObject\",\"inLanguage\":\"tr\",\"@id\":\"https:\\\/\\\/tinychat.com\\\/#\\\/schema\\\/logo\\\/image\\\/\",\"url\":\"https:\\\/\\\/tinychat.com\\\/wp-content\\\/uploads\\\/2023\\\/11\\\/Tinychat-icon-square.png\",\"contentUrl\":\"https:\\\/\\\/tinychat.com\\\/wp-content\\\/uploads\\\/2023\\\/11\\\/Tinychat-icon-square.png\",\"width\":284,\"height\":284,\"caption\":\"TinyChat\"},\"image\":{\"@id\":\"https:\\\/\\\/tinychat.com\\\/#\\\/schema\\\/logo\\\/image\\\/\"},\"sameAs\":[\"https:\\\/\\\/www.facebook.com\\\/tinychat\",\"https:\\\/\\\/x.com\\\/tinychat\"]}]}<\/script>\n<!-- \/ Yoast SEO plugin. -->","yoast_head_json":{"title":"TinyChat.com'da G\u00f6r\u00fcnt\u00fcl\u00fc Sohbet ile Amerikan Rastgele G\u00f6r\u00fcnt\u00fcl\u00fc G\u00f6r\u00fc\u015fme","description":"Amerikan Rastgele G\u00f6r\u00fcnt\u00fcl\u00fc G\u00f6r\u00fc\u015fmesinin tad\u0131n\u0131 m\u0131 \u00e7\u0131kar\u0131yorsunuz? TinyChat'de 50.000.000'dan fazla yabanc\u0131ya kat\u0131l\u0131n! Kameran\u0131z\u0131 a\u00e7\u0131n ve yeni insanlarla tan\u0131\u015fmaya ba\u015flay\u0131n veya bir e\u015fle\u015fme bulun.","robots":{"index":"index","follow":"follow","max-snippet":"max-snippet:-1","max-image-preview":"max-image-preview:large","max-video-preview":"max-video-preview:-1"},"canonical":"https:\/\/tinychat.com\/tr\/american-random-video-call\/","og_locale":"tr_TR","og_type":"article","og_title":"American Random Video Call with Video Chat on TinyChat.com","og_description":"Enjoying American Random Video Call? Join over 50,000,000 strangers on TinyChat! Turn on your cam and start meeting new people, or find a match.","og_url":"https:\/\/tinychat.com\/tr\/american-random-video-call\/","og_site_name":"TinyChat","article_publisher":"https:\/\/www.facebook.com\/tinychat","og_image":[{"width":1280,"height":284,"url":"https:\/\/tinychat.com\/wp-content\/uploads\/2020\/04\/Tinychat-logo-1280x284-new-black.png","type":"image\/png"}],"twitter_card":"summary_large_image","twitter_site":"@tinychat","twitter_misc":{"Tahmini okuma s\u00fcresi":"6 dakika"},"schema":{"@context":"https:\/\/schema.org","@graph":[{"@type":"WebPage","@id":"https:\/\/tinychat.com\/american-random-video-call\/","url":"https:\/\/tinychat.com\/american-random-video-call\/","name":"TinyChat.com'da G\u00f6r\u00fcnt\u00fcl\u00fc Sohbet ile Amerikan Rastgele G\u00f6r\u00fcnt\u00fcl\u00fc G\u00f6r\u00fc\u015fme","isPartOf":{"@id":"https:\/\/tinychat.com\/#website"},"datePublished":"2025-09-18T07:57:22+00:00","description":"Amerikan Rastgele G\u00f6r\u00fcnt\u00fcl\u00fc G\u00f6r\u00fc\u015fmesinin tad\u0131n\u0131 m\u0131 \u00e7\u0131kar\u0131yorsunuz? TinyChat'de 50.000.000'dan fazla yabanc\u0131ya kat\u0131l\u0131n! Kameran\u0131z\u0131 a\u00e7\u0131n ve yeni insanlarla tan\u0131\u015fmaya ba\u015flay\u0131n veya bir e\u015fle\u015fme bulun.","breadcrumb":{"@id":"https:\/\/tinychat.com\/american-random-video-call\/#breadcrumb"},"inLanguage":"tr","potentialAction":[{"@type":"ReadAction","target":["https:\/\/tinychat.com\/american-random-video-call\/"]}]},{"@type":"BreadcrumbList","@id":"https:\/\/tinychat.com\/american-random-video-call\/#breadcrumb","itemListElement":[{"@type":"ListItem","position":1,"name":"Home","item":"https:\/\/tinychat.com\/"},{"@type":"ListItem","position":2,"name":"American Random Video Call"}]},{"@type":"WebSite","@id":"https:\/\/tinychat.com\/#website","url":"https:\/\/tinychat.com\/","name":"TinyChat","description":"Yabanc\u0131larla Rastgele G\u00f6r\u00fcnt\u00fcl\u00fc Sohbet","publisher":{"@id":"https:\/\/tinychat.com\/#organization"},"alternateName":"TinyChat.com","potentialAction":[{"@type":"SearchAction","target":{"@type":"EntryPoint","urlTemplate":"https:\/\/tinychat.com\/?s={search_term_string}"},"query-input":{"@type":"PropertyValueSpecification","valueRequired":true,"valueName":"search_term_string"}}],"inLanguage":"tr"},{"@type":"Organization","@id":"https:\/\/tinychat.com\/#organization","name":"TinyChat","alternateName":"TinyChat.com","url":"https:\/\/tinychat.com\/","logo":{"@type":"ImageObject","inLanguage":"tr","@id":"https:\/\/tinychat.com\/#\/schema\/logo\/image\/","url":"https:\/\/tinychat.com\/wp-content\/uploads\/2023\/11\/Tinychat-icon-square.png","contentUrl":"https:\/\/tinychat.com\/wp-content\/uploads\/2023\/11\/Tinychat-icon-square.png","width":284,"height":284,"caption":"TinyChat"},"image":{"@id":"https:\/\/tinychat.com\/#\/schema\/logo\/image\/"},"sameAs":["https:\/\/www.facebook.com\/tinychat","https:\/\/x.com\/tinychat"]}]}},"_links":{"self":[{"href":"https:\/\/tinychat.com\/tr\/wp-json\/wp\/v2\/pages\/13525","targetHints":{"allow":["GET"]}}],"collection":[{"href":"https:\/\/tinychat.com\/tr\/wp-json\/wp\/v2\/pages"}],"about":[{"href":"https:\/\/tinychat.com\/tr\/wp-json\/wp\/v2\/types\/page"}],"author":[{"embeddable":true,"href":"https:\/\/tinychat.com\/tr\/wp-json\/wp\/v2\/users\/8"}],"replies":[{"embeddable":true,"href":"https:\/\/tinychat.com\/tr\/wp-json\/wp\/v2\/comments?post=13525"}],"version-history":[{"count":2,"href":"https:\/\/tinychat.com\/tr\/wp-json\/wp\/v2\/pages\/13525\/revisions"}],"predecessor-version":[{"id":13527,"href":"https:\/\/tinychat.com\/tr\/wp-json\/wp\/v2\/pages\/13525\/revisions\/13527"}],"wp:attachment":[{"href":"https:\/\/tinychat.com\/tr\/wp-json\/wp\/v2\/media?parent=13525"}],"curies":[{"name":"wp","href":"https:\/\/api.w.org\/{rel}","templated":true}]}}