{"id":13528,"date":"2025-09-18T10:00:10","date_gmt":"2025-09-18T08:00:10","guid":{"rendered":"https:\/\/tinychat.com\/?page_id=13528"},"modified":"2025-09-18T10:00:10","modified_gmt":"2025-09-18T08:00:10","slug":"free-chat-now","status":"publish","type":"page","link":"https:\/\/tinychat.com\/tr\/free-chat-now\/","title":{"rendered":"\u015eimdi \u00dccretsiz Sohbet"},"content":{"rendered":"<p>Bazen beklemek istemezsiniz. Bir hesap olu\u015fturmak, bir profil resmi y\u00fcklemek veya isimler aras\u0131nda gezinmek i\u00e7in saatler harcamak istemezsiniz. Sadece \u00e7evrimi\u00e7i olmak ve biriyle konu\u015fmaya ba\u015flamak istersiniz. \u00dccretsiz sohbet platformlar\u0131 tam olarak bunun i\u00e7in olu\u015fturulmu\u015ftur.<\/p>\n<p>Sadece bir t\u0131klama ile an\u0131nda bir sohbet odas\u0131na veya bire bir sohbete girebilirsiniz. \u00d6deme yok, beklemek yok, ba\u011flanmak yok - sadece d\u00fcnyan\u0131n d\u00f6rt bir yan\u0131ndan yabanc\u0131larla (veya t\u00fcm gruplarla) canl\u0131, ger\u00e7ek zamanl\u0131 ba\u011flant\u0131.<\/p>\n<h2>\u015eimdi \u00dccretsiz Sohbet Ne Anlama Geliyor?<\/h2>\n<p>\u00dccretsiz sohbet ifadesi art\u0131k genellikle kay\u0131t veya \u00f6deme gerektirmeden an\u0131nda \u00e7evrimi\u00e7i konu\u015fmalara izin veren platformlar\u0131 ifade eder. H\u0131z ve basitlik i\u00e7in tasarlanm\u0131\u015flard\u0131r: oturum a\u00e7\u0131n, bir odaya kat\u0131l\u0131n veya bir yabanc\u0131yla rastgele ba\u011flant\u0131 kurun.<\/p>\n<p>Bu platformlar genellikle \u015funlar\u0131 sunar:<\/p>\n<ul>\n<li>An\u0131nda eri\u015fim - Saniyeler i\u00e7inde konu\u015fmalara kat\u0131l\u0131n.<\/li>\n<li>Kay\u0131t gerekmez - \u00c7o\u011fu hesap istemez.<\/li>\n<li>\u00dccretsiz kullan\u0131m - Abonelik \u00f6demeden sohbet edin.<\/li>\n<li>\u00c7oklu formatlar - Metin, ses ve video se\u00e7enekleri.<\/li>\n<li>K\u00fcresel topluluk - D\u00fcnyan\u0131n her yerinden insanlarla konu\u015fun.<\/li>\n<\/ul>\n<p>\u00d6zellikle s\u0131k\u0131ld\u0131ysan\u0131z, yaln\u0131zsan\u0131z veya sadece merak ediyorsan\u0131z, \u00e7evrimi\u00e7i sosyalle\u015fmenin en kolay yollar\u0131ndan biridir.<\/p>\n<h2>\u0130nsanlar Neden \u015eimdi \u00dccretsiz Sohbet Ar\u0131yor?<\/h2>\n<p>Cazibesi basit: h\u0131z ve eri\u015filebilirlik. \u0130nsanlar zahmetsizce sohbet etmek istiyor.<\/p>\n<p>\u0130\u015fte en yayg\u0131n nedenler:<\/p>\n<ul>\n<li>Can s\u0131k\u0131nt\u0131s\u0131n\u0131 giderin - Gece ge\u00e7 saatlerde yap\u0131lan sohbetler veya bo\u015f zamanlar i\u00e7in m\u00fckemmeldir.<\/li>\n<li>Sosyal ba\u011flant\u0131 - Kendinizi yaln\u0131z hissetti\u011finizde yabanc\u0131larla tan\u0131\u015f\u0131n.<\/li>\n<li>K\u00fcresel arkada\u015fl\u0131klar - Farkl\u0131 \u00fclkelerden ve k\u00fclt\u00fcrlerden insanlarla konu\u015fun.<\/li>\n<li>Fl\u00f6rt ve tan\u0131\u015fma - Bir\u00e7o\u011fu bekarlarla geli\u015fig\u00fczel tan\u0131\u015fmak i\u00e7in kat\u0131l\u0131r.<\/li>\n<li>Topluluk etkile\u015fimi - Sevdi\u011finiz konular etraf\u0131nda grup tart\u0131\u015fmalar\u0131na kat\u0131l\u0131n.<\/li>\n<\/ul>\n<p>Ba\u011flant\u0131 kurmak i\u00e7in \u00e7aba gerektiren sosyal a\u011flar\u0131n aksine, \u00fccretsiz sohbet platformlar\u0131 an\u0131nda ba\u011flant\u0131 kurman\u0131z\u0131 sa\u011flar.<\/p>\n<h2>\u015eu Anda Mevcut Olan \u00dccretsiz Sohbet Platformlar\u0131n\u0131n T\u00fcrleri<\/h2>\n<p>Her \u00fccretsiz sohbet sitesi ayn\u0131 \u015fekilde \u00e7al\u0131\u015fmaz. \u0130\u015fte ana kategoriler:<\/p>\n<h3>1. Rastgele Bire Bir Sohbet<\/h3>\n<p>Omegle, Chatroulette ve Chatrandom gibi siteler sizi metin veya g\u00f6r\u00fcnt\u00fcl\u00fc konu\u015fmalar i\u00e7in an\u0131nda bir yabanc\u0131yla e\u015fle\u015ftirir.<\/p>\n<h3>2. \u00dccretsiz Online Sohbet Odalar\u0131<\/h3>\n<p>Birden fazla ki\u015finin ayn\u0131 anda yazd\u0131\u011f\u0131 veya konu\u015ftu\u011fu, genellikle m\u00fczik, fl\u00f6rt veya oyun gibi konulara odaklanan klasik sohbet odalar\u0131.<\/p>\n<h3>3. G\u00f6r\u00fcnt\u00fcl\u00fc Sohbet Odalar\u0131<\/h3>\n<p>TinyChat gibi hizmetler, grup video aramalar\u0131na kat\u0131lman\u0131za veya kendinizi bir izleyici kitlesine yay\u0131nlaman\u0131za olanak tan\u0131r.<\/p>\n<h3>4. Mobil Sohbet Uygulamalar\u0131<\/h3>\n<p>Chatspin veya LivU gibi uygulamalar do\u011frudan telefonunuzdan an\u0131nda rastgele g\u00f6r\u00fcnt\u00fcl\u00fc aramalar sunar.<\/p>\n<h3>5. Yeti\u015fkin \u00dccretsiz Sohbet<\/h3>\n<p>18+ platformlar fl\u00f6rtle\u015fmeye veya daha a\u00e7\u0131k konu\u015fmalara odaklan\u0131r.<\/p>\n<h2>\u015eimdi \u00dccretsiz Sohbet \u0130stiyorsan\u0131z Denemeniz Gereken En \u0130yi Platformlar<\/h2>\n<p>Dalmaya haz\u0131rsan\u0131z, i\u015fte en iyi se\u00e7eneklerden baz\u0131lar\u0131:<\/p>\n<ul>\n<li>Omegle - Hem metin hem de video ile rastgele sohbetin \u00f6nc\u00fcs\u00fc.<\/li>\n<li>Chatroulette - D\u00fcnya \u00e7ap\u0131nda yabanc\u0131larla h\u0131zl\u0131 ve rastgele video g\u00f6r\u00fc\u015fmeleri.<\/li>\n<li>Chatrandom - Temal\u0131 sohbet odalar\u0131 ve \"sadece k\u0131zlar\" se\u00e7enekleri i\u00e7erir.<\/li>\n<li>Chatspin - Cinsiyet ve konum i\u00e7in filtreler ve video efektleri sunar.<\/li>\n<li>TinyChat - Rastgele konu\u015fmalar\u0131 genel ve \u00f6zel sohbet odalar\u0131 ile birle\u015ftirir.<\/li>\n<li>Camsurf - Moderasyon ve kullan\u0131c\u0131 g\u00fcvenli\u011fine odaklan\u0131r.<\/li>\n<li>Bazoocam - Sohbetleri e\u011flenceli k\u0131lmak i\u00e7in buz k\u0131r\u0131c\u0131 oyunlar ekler.<\/li>\n<\/ul>\n<h2>TinyChat \u00dccretsiz Sohbet i\u00e7in Neden G\u00fc\u00e7l\u00fc Bir Se\u00e7imdir?<\/h2>\n<p>Rastgeleli\u011fi seviyor ama ayn\u0131 zamanda se\u00e7enekler de istiyorsan\u0131z, TinyChat \u015fu anda mevcut olan en iyi \u00fccretsiz sohbet platformlar\u0131ndan biridir.<\/p>\n<ul>\n<li>Konu tabanl\u0131 sohbet odalar\u0131 - Arkada\u015fl\u0131k, oyun, m\u00fczik, politika ve daha fazlas\u0131.<\/li>\n<li>Bire bir veya grup sohbeti - Ruh halinize ba\u011fl\u0131 olarak esneklik.<\/li>\n<li>Video, ses veya metin - Etkile\u015fim seviyenizi se\u00e7in.<\/li>\n<li>Kay\u0131t olman\u0131za gerek yok - Hemen bir odaya atlay\u0131n.<\/li>\n<li>Platformlar aras\u0131 eri\u015fim - Masa\u00fcst\u00fc taray\u0131c\u0131larda veya mobil uygulamalarda kullan\u0131n.<\/li>\n<\/ul>\n<p>Bire bir rastgele sohbetin kaosu ile bir topluluk platformunun yap\u0131s\u0131 aras\u0131nda harika bir denge.<\/p>\n<h2>\u00dccretsiz Sohbet \u015eimdi vs Sosyal Medya<\/h2>\n<p>Her ikisi de insanlar\u0131 birbirine ba\u011flasa da, \u00e7ok farkl\u0131 ama\u00e7lara hizmet ederler.<\/p>\n<table>\n<thead>\n<tr>\n<th>\u00d6zellik<\/th>\n<th>\u015eimdi \u00dccretsiz Sohbet<\/th>\n<th>Sosyal Medya<\/th>\n<\/tr>\n<\/thead>\n<tbody>\n<tr>\n<td>An\u0131nda rastgele ba\u011flant\u0131lar<\/td>\n<td>Evet<\/td>\n<td>\u274c Hay\u0131r<\/td>\n<\/tr>\n<tr>\n<td>Profil gerekmez<\/td>\n<td>Evet<\/td>\n<td>\u274c Bir tane olu\u015fturmal\u0131<\/td>\n<\/tr>\n<tr>\n<td>Anonimlik<\/td>\n<td>M\u00fcmk\u00fcn<\/td>\n<td>S\u0131n\u0131rl\u0131<\/td>\n<\/tr>\n<tr>\n<td>Ger\u00e7ek zamanl\u0131 etkile\u015fim<\/td>\n<td>Her zaman<\/td>\n<td>\u26a0\ufe0f Sadece DM'lerde\/videolarda<\/td>\n<\/tr>\n<tr>\n<td>Grup\/topluluk hissi<\/td>\n<td>Evet<\/td>\n<td>Evet<\/td>\n<\/tr>\n<\/tbody>\n<\/table>\n<p>An\u0131nda, filtrelenmemi\u015f sohbetler ar\u0131yorsan\u0131z, \u00fccretsiz sohbet platformlar\u0131 her zaman kazan\u0131r.<\/p>\n<h2>\u015eimdi \u00dccretsiz Sohbet Kullan\u0131rken G\u00fcvende Kalmak<\/h2>\n<p>Bu platformlar sizi yabanc\u0131larla bulu\u015fturdu\u011fu i\u00e7in, g\u00fcvenlik her zaman bir \u00f6ncelik olmal\u0131d\u0131r:<\/p>\n<ul>\n<li>Ki\u015fisel bilgilerinizi payla\u015fmay\u0131n - Ad\u0131n\u0131z\u0131, numaran\u0131z\u0131 ve adresinizi gizli tutun.<\/li>\n<li>Bir takma ad kullan\u0131n - Kendinizi rahat hissedene kadar anonim kal\u0131n.<\/li>\n<li>Kamera arka plan\u0131n\u0131za dikkat edin - Ki\u015fisel ayr\u0131nt\u0131lar\u0131 g\u00f6stermekten ka\u00e7\u0131n\u0131n.<\/li>\n<li>Uygunsuz kullan\u0131c\u0131lar\u0131 atla\/rapor et - Uygunsuz hissettiren konu\u015fmalarda kalmay\u0131n.<\/li>\n<li>Denetlenen platformlar\u0131 se\u00e7in - TinyChat veya Camsurf gibi hizmetler daha g\u00fcvenlidir.<\/li>\n<\/ul>\n<h2>\u015eimdi \u00dccretsiz Sohbet Platformlar\u0131n\u0131 Kimler Kullan\u0131yor?<\/h2>\n<p>\u00c7ok \u00e7e\u015fitli insanlarla tan\u0131\u015facaks\u0131n\u0131z. En yayg\u0131n gruplardan baz\u0131lar\u0131 \u015funlard\u0131r:<\/p>\n<ul>\n<li>\u00d6\u011frenciler - E\u011flenceli sohbetler veya \u00e7al\u0131\u015fma molalar\u0131 ar\u0131yor.<\/li>\n<li>Bekarlar - Fl\u00f6rt etmeyi veya tesad\u00fcfen \u00e7\u0131kmay\u0131 umuyorlar.<\/li>\n<li>Gezginler - Yerel halkla sanal olarak ba\u011flant\u0131 kurmak.<\/li>\n<li>Gurbet\u00e7iler - Memleketteki insanlarla sohbet etmek.<\/li>\n<li>Gece ku\u015flar\u0131 - Ge\u00e7 saatlerde arkada\u015f bulmak.<\/li>\n<li>Merakl\u0131 kullan\u0131c\u0131lar - Sadece kimin \u00e7evrimi\u00e7i oldu\u011funu g\u00f6rmek.<\/li>\n<\/ul>\n<p>Bu, her sohbeti tahmin edilemez ve ilgi \u00e7ekici k\u0131lan bir kar\u0131\u015f\u0131md\u0131r.<\/p>\n<h2>Daha \u0130yi Bir \u00dccretsiz Sohbet Deneyimi \u0130\u00e7in \u0130pu\u00e7lar\u0131<\/h2>\n<p>\u00c7evrimi\u00e7i zaman\u0131n\u0131z\u0131 en iyi \u015fekilde de\u011ferlendirmek ister misiniz? Bunlar\u0131 deneyin:<\/p>\n<ul>\n<li>G\u00fcl\u00fcmseyerek ba\u015flay\u0131n - G\u00fcler y\u00fcz konu\u015fmay\u0131 te\u015fvik eder.<\/li>\n<li>\u0130lgin\u00e7 sorular sorun - Seyahat, m\u00fczik veya hobiler gibi konularla \"merhaba \"n\u0131n \u00f6tesine ge\u00e7in.<\/li>\n<li>Sayg\u0131l\u0131 olun - \u0130yi davran\u0131\u015flar anlaml\u0131 sohbetler yapma \u015fans\u0131n\u0131z\u0131 art\u0131r\u0131r.<\/li>\n<li>\u00c7ok ciddiye almay\u0131n - Baz\u0131 konu\u015fmalar h\u0131zl\u0131 olacakt\u0131r; di\u011ferleri sizi \u015fa\u015f\u0131rtabilir.<\/li>\n<li>Zamanlamay\u0131 deneyin - G\u00fcn\u00fcn farkl\u0131 saatleri farkl\u0131 kalabal\u0131klar getirir.<\/li>\n<\/ul>\n<h2>\u00dccretsiz ve \u00dccretli Sohbet \u00d6zellikleri<\/h2>\n<p>\u00c7o\u011fu \"\u015fimdi \u00fccretsiz sohbet\" platformu \u00fccret talep etmez, ancak baz\u0131lar\u0131 premium se\u00e7enekler sunar.<\/p>\n<table>\n<thead>\n<tr>\n<th>\u00d6zellik<\/th>\n<th>\u00dccretsiz Eri\u015fim<\/th>\n<th>\u00dccretli Eri\u015fim<\/th>\n<\/tr>\n<\/thead>\n<tbody>\n<tr>\n<td>Rastgele e\u015fle\u015ftirme<\/td>\n<td>Evet<\/td>\n<td>Evet<\/td>\n<\/tr>\n<tr>\n<td>S\u0131n\u0131rs\u0131z atlama<\/td>\n<td>\u26a0\ufe0f Sometimes limited<\/td>\n<td>Her zaman<\/td>\n<\/tr>\n<tr>\n<td>Cinsiyet\/konum filtreleri<\/td>\n<td>\u26a0\ufe0f Temel<\/td>\n<td>Geli\u015fmi\u015f<\/td>\n<\/tr>\n<tr>\n<td>Reklamlar kald\u0131r\u0131ld\u0131<\/td>\n<td>\u274c<\/td>\n<td>Evet<\/td>\n<\/tr>\n<tr>\n<td>VIP\/\u00f6zel odalar<\/td>\n<td>\u274c<\/td>\n<td>Evet<\/td>\n<\/tr>\n<\/tbody>\n<\/table>\n<p>G\u00fcndelik kullan\u0131m i\u00e7in \u00fccretsiz se\u00e7enekler genellikle yeterlidir.<\/p>\n<h2>Anl\u0131k Ba\u011flant\u0131n\u0131n Heyecan\u0131<\/h2>\n<p>\u00dccretsiz sohbetin b\u00fcy\u00fcs\u00fc \u00f6ng\u00f6r\u00fclemezli\u011fidir. Yapabilirsin:<\/p>\n<ul>\n<li>Ba\u015fka bir \u00fclkeden yeni bir arkada\u015f edinin.<\/li>\n<li>M\u00fczik \u00f6nerilerini ABD'nin her yerinden biriyle payla\u015f\u0131n.<\/li>\n<li>Gece ge\u00e7 saatlerde bir yabanc\u0131yla fl\u00f6rt et.<\/li>\n<li>Hi\u00e7 deneyimlemedi\u011finiz bir k\u00fclt\u00fcr hakk\u0131nda bilgi edinin.<\/li>\n<li>Beklenmedik konu\u015fmalarda kahkaha bulun.<\/li>\n<\/ul>\n<p>Her t\u0131klama yeni bir \u015feyin kap\u0131s\u0131n\u0131 a\u00e7ar.<\/p>\n<p>\u015eimdi \u00fccretsiz sohbet platformlar\u0131, \u00e7evrimi\u00e7i ba\u011flant\u0131 kurman\u0131n en kolay ve en heyecan verici yollar\u0131ndan biridir. Kay\u0131t olmadan, \u00fccret \u00f6demeden ve an\u0131nda eri\u015fimle, sohbeti temellerine geri d\u00f6nd\u00fcr\u00fcrler: spontane insan etkile\u015fimi.<\/p>\n<p>\u0130ster bir grup tart\u0131\u015fmas\u0131na kat\u0131lmak, ister yabanc\u0131 biriyle bire bir g\u00f6r\u00fcnt\u00fcl\u00fc g\u00f6r\u00fc\u015fme yapmak ya da sadece canl\u0131 bir odada zaman ge\u00e7irmek isteyin, sizin i\u00e7in \u00fccretsiz bir sohbet se\u00e7ene\u011fi var.<\/p>\n<p>H\u0131zl\u0131 ve \u00f6zg\u00fcn sohbetler i\u00e7in can at\u0131yorsan\u0131z, bug\u00fcn TinyChat, Chatspin veya Chatrandom gibi platformlara g\u00f6z at\u0131n. \u00c7\u00fcnk\u00fc bazen en iyi sohbetler hi\u00e7 beklemedi\u011finiz anda, tam da \u015fu anda ger\u00e7ekle\u015fir.<\/p>","protected":false},"excerpt":{"rendered":"<p>Sometimes you don\u2019t want to wait. You don\u2019t want to set up an account, upload a profile picture, or spend hours swiping through names. You just want to jump online and start talking to someone. That\u2019s exactly what free chat now platforms are built for. With just a click, you can enter a chat room [&hellip;]<\/p>\n","protected":false},"author":8,"featured_media":0,"parent":0,"menu_order":0,"comment_status":"closed","ping_status":"closed","template":"","meta":{"footnotes":""},"class_list":["post-13528","page","type-page","status-publish","hentry"],"yoast_head":"<!-- This site is optimized with the Yoast SEO plugin v27.5 - https:\/\/yoast.com\/product\/yoast-seo-wordpress\/ -->\n<title>Free Chat Now with Video Chat on TinyChat.com<\/title>\n<meta name=\"description\" content=\"Enjoying Free Chat Now? Join over 50,000,000 strangers on TinyChat! Turn on your cam and start meeting new people, or find a match.\" \/>\n<meta name=\"robots\" content=\"index, follow, max-snippet:-1, max-image-preview:large, max-video-preview:-1\" \/>\n<link rel=\"canonical\" href=\"https:\/\/tinychat.com\/tr\/free-chat-now\/\" \/>\n<meta property=\"og:locale\" content=\"tr_TR\" \/>\n<meta property=\"og:type\" content=\"article\" \/>\n<meta property=\"og:title\" content=\"Free Chat Now with Video Chat on TinyChat.com\" \/>\n<meta property=\"og:description\" content=\"Enjoying Free Chat Now? Join over 50,000,000 strangers on TinyChat! Turn on your cam and start meeting new people, or find a match.\" \/>\n<meta property=\"og:url\" content=\"https:\/\/tinychat.com\/tr\/free-chat-now\/\" \/>\n<meta property=\"og:site_name\" content=\"TinyChat\" \/>\n<meta property=\"article:publisher\" content=\"https:\/\/www.facebook.com\/tinychat\" \/>\n<meta property=\"og:image\" content=\"https:\/\/tinychat.com\/wp-content\/uploads\/2020\/04\/Tinychat-logo-1280x284-new-black.png\" \/>\n\t<meta property=\"og:image:width\" content=\"1280\" \/>\n\t<meta property=\"og:image:height\" content=\"284\" \/>\n\t<meta property=\"og:image:type\" content=\"image\/png\" \/>\n<meta name=\"twitter:card\" content=\"summary_large_image\" \/>\n<meta name=\"twitter:site\" content=\"@tinychat\" \/>\n<meta name=\"twitter:label1\" content=\"Tahmini okuma s\u00fcresi\" \/>\n\t<meta name=\"twitter:data1\" content=\"5 dakika\" \/>\n<script type=\"application\/ld+json\" class=\"yoast-schema-graph\">{\"@context\":\"https:\\\/\\\/schema.org\",\"@graph\":[{\"@type\":\"WebPage\",\"@id\":\"https:\\\/\\\/tinychat.com\\\/free-chat-now\\\/\",\"url\":\"https:\\\/\\\/tinychat.com\\\/free-chat-now\\\/\",\"name\":\"Free Chat Now with Video Chat on TinyChat.com\",\"isPartOf\":{\"@id\":\"https:\\\/\\\/tinychat.com\\\/#website\"},\"datePublished\":\"2025-09-18T08:00:10+00:00\",\"description\":\"Enjoying Free Chat Now? Join over 50,000,000 strangers on TinyChat! Turn on your cam and start meeting new people, or find a match.\",\"breadcrumb\":{\"@id\":\"https:\\\/\\\/tinychat.com\\\/free-chat-now\\\/#breadcrumb\"},\"inLanguage\":\"tr\",\"potentialAction\":[{\"@type\":\"ReadAction\",\"target\":[\"https:\\\/\\\/tinychat.com\\\/free-chat-now\\\/\"]}]},{\"@type\":\"BreadcrumbList\",\"@id\":\"https:\\\/\\\/tinychat.com\\\/free-chat-now\\\/#breadcrumb\",\"itemListElement\":[{\"@type\":\"ListItem\",\"position\":1,\"name\":\"Home\",\"item\":\"https:\\\/\\\/tinychat.com\\\/\"},{\"@type\":\"ListItem\",\"position\":2,\"name\":\"Free Chat Now\"}]},{\"@type\":\"WebSite\",\"@id\":\"https:\\\/\\\/tinychat.com\\\/#website\",\"url\":\"https:\\\/\\\/tinychat.com\\\/\",\"name\":\"TinyChat\",\"description\":\"Random Video Chat with Strangers\",\"publisher\":{\"@id\":\"https:\\\/\\\/tinychat.com\\\/#organization\"},\"alternateName\":\"TinyChat.com\",\"potentialAction\":[{\"@type\":\"SearchAction\",\"target\":{\"@type\":\"EntryPoint\",\"urlTemplate\":\"https:\\\/\\\/tinychat.com\\\/?s={search_term_string}\"},\"query-input\":{\"@type\":\"PropertyValueSpecification\",\"valueRequired\":true,\"valueName\":\"search_term_string\"}}],\"inLanguage\":\"tr\"},{\"@type\":\"Organization\",\"@id\":\"https:\\\/\\\/tinychat.com\\\/#organization\",\"name\":\"TinyChat\",\"alternateName\":\"TinyChat.com\",\"url\":\"https:\\\/\\\/tinychat.com\\\/\",\"logo\":{\"@type\":\"ImageObject\",\"inLanguage\":\"tr\",\"@id\":\"https:\\\/\\\/tinychat.com\\\/#\\\/schema\\\/logo\\\/image\\\/\",\"url\":\"https:\\\/\\\/tinychat.com\\\/wp-content\\\/uploads\\\/2023\\\/11\\\/Tinychat-icon-square.png\",\"contentUrl\":\"https:\\\/\\\/tinychat.com\\\/wp-content\\\/uploads\\\/2023\\\/11\\\/Tinychat-icon-square.png\",\"width\":284,\"height\":284,\"caption\":\"TinyChat\"},\"image\":{\"@id\":\"https:\\\/\\\/tinychat.com\\\/#\\\/schema\\\/logo\\\/image\\\/\"},\"sameAs\":[\"https:\\\/\\\/www.facebook.com\\\/tinychat\",\"https:\\\/\\\/x.com\\\/tinychat\"]}]}<\/script>\n<!-- \/ Yoast SEO plugin. -->","yoast_head_json":{"title":"TinyChat.com'da G\u00f6r\u00fcnt\u00fcl\u00fc Sohbet ile \u015eimdi \u00dccretsiz Sohbet Edin","description":"\u015eimdi \u00dccretsiz Sohbetin Keyfini \u00c7\u0131kar\u0131yor musunuz? TinyChat'de 50.000.000'dan fazla yabanc\u0131ya kat\u0131l\u0131n! Kameran\u0131z\u0131 a\u00e7\u0131n ve yeni insanlarla tan\u0131\u015fmaya ba\u015flay\u0131n veya bir e\u015fle\u015fme bulun.","robots":{"index":"index","follow":"follow","max-snippet":"max-snippet:-1","max-image-preview":"max-image-preview:large","max-video-preview":"max-video-preview:-1"},"canonical":"https:\/\/tinychat.com\/tr\/free-chat-now\/","og_locale":"tr_TR","og_type":"article","og_title":"Free Chat Now with Video Chat on TinyChat.com","og_description":"Enjoying Free Chat Now? Join over 50,000,000 strangers on TinyChat! Turn on your cam and start meeting new people, or find a match.","og_url":"https:\/\/tinychat.com\/tr\/free-chat-now\/","og_site_name":"TinyChat","article_publisher":"https:\/\/www.facebook.com\/tinychat","og_image":[{"width":1280,"height":284,"url":"https:\/\/tinychat.com\/wp-content\/uploads\/2020\/04\/Tinychat-logo-1280x284-new-black.png","type":"image\/png"}],"twitter_card":"summary_large_image","twitter_site":"@tinychat","twitter_misc":{"Tahmini okuma s\u00fcresi":"5 dakika"},"schema":{"@context":"https:\/\/schema.org","@graph":[{"@type":"WebPage","@id":"https:\/\/tinychat.com\/free-chat-now\/","url":"https:\/\/tinychat.com\/free-chat-now\/","name":"TinyChat.com'da G\u00f6r\u00fcnt\u00fcl\u00fc Sohbet ile \u015eimdi \u00dccretsiz Sohbet Edin","isPartOf":{"@id":"https:\/\/tinychat.com\/#website"},"datePublished":"2025-09-18T08:00:10+00:00","description":"\u015eimdi \u00dccretsiz Sohbetin Keyfini \u00c7\u0131kar\u0131yor musunuz? TinyChat'de 50.000.000'dan fazla yabanc\u0131ya kat\u0131l\u0131n! Kameran\u0131z\u0131 a\u00e7\u0131n ve yeni insanlarla tan\u0131\u015fmaya ba\u015flay\u0131n veya bir e\u015fle\u015fme bulun.","breadcrumb":{"@id":"https:\/\/tinychat.com\/free-chat-now\/#breadcrumb"},"inLanguage":"tr","potentialAction":[{"@type":"ReadAction","target":["https:\/\/tinychat.com\/free-chat-now\/"]}]},{"@type":"BreadcrumbList","@id":"https:\/\/tinychat.com\/free-chat-now\/#breadcrumb","itemListElement":[{"@type":"ListItem","position":1,"name":"Home","item":"https:\/\/tinychat.com\/"},{"@type":"ListItem","position":2,"name":"Free Chat Now"}]},{"@type":"WebSite","@id":"https:\/\/tinychat.com\/#website","url":"https:\/\/tinychat.com\/","name":"TinyChat","description":"Yabanc\u0131larla Rastgele G\u00f6r\u00fcnt\u00fcl\u00fc Sohbet","publisher":{"@id":"https:\/\/tinychat.com\/#organization"},"alternateName":"TinyChat.com","potentialAction":[{"@type":"SearchAction","target":{"@type":"EntryPoint","urlTemplate":"https:\/\/tinychat.com\/?s={search_term_string}"},"query-input":{"@type":"PropertyValueSpecification","valueRequired":true,"valueName":"search_term_string"}}],"inLanguage":"tr"},{"@type":"Organization","@id":"https:\/\/tinychat.com\/#organization","name":"TinyChat","alternateName":"TinyChat.com","url":"https:\/\/tinychat.com\/","logo":{"@type":"ImageObject","inLanguage":"tr","@id":"https:\/\/tinychat.com\/#\/schema\/logo\/image\/","url":"https:\/\/tinychat.com\/wp-content\/uploads\/2023\/11\/Tinychat-icon-square.png","contentUrl":"https:\/\/tinychat.com\/wp-content\/uploads\/2023\/11\/Tinychat-icon-square.png","width":284,"height":284,"caption":"TinyChat"},"image":{"@id":"https:\/\/tinychat.com\/#\/schema\/logo\/image\/"},"sameAs":["https:\/\/www.facebook.com\/tinychat","https:\/\/x.com\/tinychat"]}]}},"_links":{"self":[{"href":"https:\/\/tinychat.com\/tr\/wp-json\/wp\/v2\/pages\/13528","targetHints":{"allow":["GET"]}}],"collection":[{"href":"https:\/\/tinychat.com\/tr\/wp-json\/wp\/v2\/pages"}],"about":[{"href":"https:\/\/tinychat.com\/tr\/wp-json\/wp\/v2\/types\/page"}],"author":[{"embeddable":true,"href":"https:\/\/tinychat.com\/tr\/wp-json\/wp\/v2\/users\/8"}],"replies":[{"embeddable":true,"href":"https:\/\/tinychat.com\/tr\/wp-json\/wp\/v2\/comments?post=13528"}],"version-history":[{"count":1,"href":"https:\/\/tinychat.com\/tr\/wp-json\/wp\/v2\/pages\/13528\/revisions"}],"predecessor-version":[{"id":13529,"href":"https:\/\/tinychat.com\/tr\/wp-json\/wp\/v2\/pages\/13528\/revisions\/13529"}],"wp:attachment":[{"href":"https:\/\/tinychat.com\/tr\/wp-json\/wp\/v2\/media?parent=13528"}],"curies":[{"name":"wp","href":"https:\/\/api.w.org\/{rel}","templated":true}]}}