{"id":201,"date":"2025-08-14T09:43:14","date_gmt":"2025-08-14T07:43:14","guid":{"rendered":"https:\/\/tinychat.com\/?page_id=201"},"modified":"2025-08-14T10:02:20","modified_gmt":"2025-08-14T08:02:20","slug":"random-cam-chat","status":"publish","type":"page","link":"https:\/\/tinychat.com\/tr\/random-cam-chat\/","title":{"rendered":"Rastgele Kamera Sohbeti"},"content":{"rendered":"<p>S\u0131rada kiminle tan\u0131\u015faca\u011f\u0131n\u0131z\u0131 bilmemenin heyecan verici bir yan\u0131 var. Rastgele kameral\u0131 sohbet tam olarak bununla ilgilidir - sizi an\u0131nda d\u00fcnyan\u0131n d\u00f6rt bir yan\u0131ndan yabanc\u0131larla bulu\u015fturur. Kayd\u0131r\u0131lacak profiller yok, okunacak biyografiler yok - sadece ger\u00e7ek insanlar, y\u00fcz y\u00fcze, sohbete haz\u0131r.<\/p>\n<p>\u0130ster arkada\u015f edinmek, ister fl\u00f6rt etmek, ister g\u00fclmek ya da sadece neler oldu\u011funu g\u00f6rmek isteyin, rastgele kameral\u0131 g\u00f6r\u00fcnt\u00fcl\u00fc sohbet, \"ileri\" d\u00fc\u011fmesine her bast\u0131\u011f\u0131n\u0131zda size \u00f6ng\u00f6r\u00fclemezli\u011fin heyecan\u0131n\u0131 ya\u015fat\u0131r. Konu\u015fmalar i\u00e7in bir rulet tekerle\u011fi gibidir - \u00f6d\u00fcl\u00fcn yeni bir insan ba\u011flant\u0131s\u0131 olmas\u0131 d\u0131\u015f\u0131nda.<\/p>\n<h2>Rastgele Kamera Sohbeti Nedir?<\/h2>\n<p>Basit bir ifadeyle, rastgele kameral\u0131 sohbet, sizi rastgele bir yabanc\u0131yla e\u015fle\u015ftiren \u00e7evrimi\u00e7i bir g\u00f6r\u00fcnt\u00fcl\u00fc sohbet hizmetidir. Web kameran\u0131z\u0131 a\u00e7\u0131yorsunuz ve platform sizi an\u0131nda konu\u015fmak isteyen ba\u015fka biriyle bulu\u015fturuyor. Konu\u015fma sona erdi\u011finde -ya da devam etmek istedi\u011finizde- atlamak i\u00e7in t\u0131kl\u0131yorsunuz ve yeni bir y\u00fcz beliriyor.<\/p>\n<p>\u0130nsanlarla tan\u0131\u015fman\u0131n canl\u0131, g\u00f6rsel ve ki\u015fisel bir yoludur. Yaln\u0131zca metin i\u00e7eren sohbet odalar\u0131n\u0131n aksine, rastgele kameral\u0131 sohbet y\u00fcz ifadelerini g\u00f6rmenizi, sesleri duyman\u0131z\u0131 ve ger\u00e7ek zamanl\u0131 sohbetin do\u011fal ak\u0131\u015f\u0131n\u0131 hissetmenizi sa\u011flar.<\/p>\n<p>Baz\u0131 platformlar, videoya hemen haz\u0131r de\u011filseniz metin ve yaln\u0131zca ses se\u00e7eneklerini de i\u00e7erir, bu da deneyime al\u0131\u015fmay\u0131 kolayla\u015ft\u0131r\u0131r.<\/p>\n<h2>\u0130nsanlar Rastgele Kamera Sohbetini Neden Seviyor?<\/h2>\n<p>Rastgele kameral\u0131 sohbetin cazibesi basittir: \u00f6ng\u00f6r\u00fclemez, e\u011flencelidir ve anl\u0131kt\u0131r. \u0130\u015fte bu y\u00fczden bu kadar \u00e7ok insan ba\u011f\u0131ml\u0131s\u0131:<\/p>\n<ul>\n<li>An\u0131nda ba\u011flant\u0131lar: Kay\u0131t olmak yok, beklemek yok - sadece t\u0131klay\u0131n ve canl\u0131 bir sohbettesiniz.<\/li>\n<li>K\u00fcresel eri\u015fim: Farkl\u0131 \u00fclkelerden, k\u00fclt\u00fcrlerden ve ya\u015fam tarzlar\u0131ndan insanlarla tan\u0131\u015f\u0131n.<\/li>\n<li>Her \u015fey olabilir: Aptalca anlardan anlaml\u0131 sohbetlere kadar, bir sohbetin nereye gidece\u011fini asla bilemezsiniz.<\/li>\n<li>\u0130stedi\u011finiz zaman anonimlik: Bir takma ad kullan\u0131n veya kendinizi rahat hissedene kadar kameran\u0131z\u0131 kapal\u0131 tutun.<\/li>\n<li>Deneyiminiz \u00fczerinde kontrol: E\u011fer birinden ho\u015flanm\u0131yorsan\u0131z, sadece atlay\u0131n ve bir sonraki ma\u00e7\u0131 deneyin.<\/li>\n<\/ul>\n<p>\u00c7o\u011fu ki\u015fi i\u00e7in heyecan, ba\u011flant\u0131 kurulduktan sonraki ilk birka\u00e7 saniyede yatar - di\u011fer tarafta kimin oldu\u011funu ve ne s\u00f6yleyece\u011fini merak etmek.<\/p>\n<h2>Rastgele Kameral\u0131 Sohbet Nas\u0131l \u00c7al\u0131\u015f\u0131r?<\/h2>\n<p>Daha \u00f6nce hi\u00e7 denemediyseniz, ba\u015flamak inan\u0131lmaz derecede kolayd\u0131r:<\/p>\n<ol>\n<li>Bir platform se\u00e7in - TinyChat, CamSurf ve Bazoocam gibi aralar\u0131ndan se\u00e7im yapabilece\u011finiz bir\u00e7ok \u00fccretsiz rastgele kameral\u0131 sohbet sitesi ve uygulamas\u0131 vard\u0131r.<\/li>\n<li>Web kameran\u0131z\u0131 ve mikrofonunuzu etkinle\u015ftirin - Platform, kameran\u0131za ve mikrofonunuza eri\u015fmek i\u00e7in izin isteyecektir.<\/li>\n<li>Sohbete ba\u015flay\u0131n - D\u00fcnyan\u0131n herhangi bir yerinden rastgele biriyle an\u0131nda ba\u011flant\u0131 kuracaks\u0131n\u0131z.<\/li>\n<li>Atla veya devam et - Devam etmek istiyorsan\u0131z, sadece \"ileri \"ye t\u0131klay\u0131n ve sistem size ba\u015fka bir e\u015fle\u015fme bulacakt\u0131r.<\/li>\n<\/ol>\n<p>Bir\u00e7ok site, benzer hislere sahip insanlarla tan\u0131\u015fma \u015fans\u0131n\u0131z\u0131 art\u0131rmak i\u00e7in \u00fclkeye veya ilgi alan\u0131na g\u00f6re filtreleme yapman\u0131z\u0131 sa\u011flar.<\/p>\n<h2>Rastgele Kameral\u0131 Sohbet Deneyimlerinin T\u00fcrleri<\/h2>\n<p>Temel konsept ayn\u0131 olsa da, farkl\u0131 rastgele kameral\u0131 sohbet platformlar\u0131 farkl\u0131 \u00f6zellikler sunar:<\/p>\n<h3>1. \u00dccretsiz Rastgele Kameral\u0131 Sohbet<\/h3>\n<p>Yeni ba\u015flayanlar i\u00e7in m\u00fckemmel - tek kuru\u015f \u00f6demeden ba\u015flay\u0131n. \u00c7o\u011fu \u00fccretsiz platform hesap gerektirmez ve an\u0131nda ba\u011flanman\u0131za izin verir.<\/p>\n<h3>2. Anonim Rastgele Kameral\u0131 Sohbet<\/h3>\n<p>Tam gizlilik isteyenler i\u00e7in anonim modlar ad\u0131n\u0131z\u0131 gizler ve siz payla\u015fmay\u0131 se\u00e7ene kadar kameran\u0131z\u0131 kapatman\u0131z\u0131 sa\u011flar.<\/p>\n<h3>3. \u0130lgi Alan\u0131na Dayal\u0131 E\u015fle\u015ftirme<\/h3>\n<p>Baz\u0131 rastgele kamera siteleri ilgi alanlar\u0131n\u0131z\u0131 listelemenize izin verir, b\u00f6ylece hobilerinizi veya tutkular\u0131n\u0131z\u0131 payla\u015fan insanlarla tan\u0131\u015fabilirsiniz.<\/p>\n<h3>4. Yeti\u015fkin Rastgele Kameral\u0131 Sohbet<\/h3>\n<p>Herkes i\u00e7in olmasa da, insanlar\u0131n fl\u00f6rt\u00f6z veya a\u00e7\u0131k konu\u015fmalar i\u00e7in ba\u011fland\u0131\u011f\u0131 18+ s\u00fcr\u00fcmler vard\u0131r. Bunlar genellikle g\u00fcvenlik ve onay i\u00e7in genel platformlardan ayr\u0131l\u0131r.<\/p>\n<h2>Rastgele Kamera Sohbeti vs Metin Sohbeti<\/h2>\n<p>Metin tabanl\u0131 rastgele sohbet odalar\u0131 hala pop\u00fcler olsa da, rastgele kameral\u0131 sohbetin b\u00fcy\u00fck bir avantaj\u0131 vard\u0131r:<\/p>\n<table>\n<thead>\n<tr>\n<th>\u00d6zellik<\/th>\n<th>Rastgele Kamera Sohbeti<\/th>\n<th>Metin Sohbeti<\/th>\n<\/tr>\n<\/thead>\n<tbody>\n<tr>\n<td>Y\u00fcz ifadelerini g\u00f6r\u00fcn<\/td>\n<td>\u2705<\/td>\n<td>\u274c<\/td>\n<\/tr>\n<tr>\n<td>Ses tonunu duyun<\/td>\n<td>\u2705<\/td>\n<td>\u274c<\/td>\n<\/tr>\n<tr>\n<td>Daha fazla ki\u015fisel ba\u011flant\u0131<\/td>\n<td>\u2705<\/td>\n<td>\u26a0\ufe0f Daha az<\/td>\n<\/tr>\n<tr>\n<td>G\u00f6rsel etkile\u015fim<\/td>\n<td>\u2705<\/td>\n<td>\u274c<\/td>\n<\/tr>\n<tr>\n<td>Kamera\/mikrofon gerektirir<\/td>\n<td>\u2705<\/td>\n<td>\u274c<\/td>\n<\/tr>\n<\/tbody>\n<\/table>\n<p>Video bir \u00f6zg\u00fcnl\u00fck katman\u0131 ekler - birinin g\u00fcl\u00fcmsemesini veya g\u00fclmesini g\u00f6rmek etkile\u015fimi daha ger\u00e7ek k\u0131lar.<\/p>\n<h2>Rastgele Kamera Sohbetinde G\u00fcvende Kalmak<\/h2>\n<p>Yabanc\u0131larla tan\u0131\u015ft\u0131\u011f\u0131n\u0131z i\u00e7in g\u00fcvenlik her zaman \u00f6ncelikli olmal\u0131d\u0131r:<\/p>\n<ul>\n<li>Ki\u015fisel bilgilerinizi payla\u015fmay\u0131n - Tam ad\u0131n\u0131z\u0131, adresinizi veya ileti\u015fim bilgilerinizi vermekten ka\u00e7\u0131n\u0131n.<\/li>\n<li>Atla d\u00fc\u011fmesini kullan\u0131n - Biri sizi rahats\u0131z ediyorsa, hemen yolunuza devam edin.<\/li>\n<li>Uygunsuz davran\u0131\u015flar\u0131 bildirin - \u00c7o\u011fu platformda yerle\u015fik raporlama ara\u00e7lar\u0131 vard\u0131r.<\/li>\n<li>Kameran\u0131z\u0131 dikkatli kullan\u0131n - Sadece ba\u015fkalar\u0131n\u0131n g\u00f6rmesinden rahats\u0131z olmayaca\u011f\u0131n\u0131z \u015feyleri g\u00f6sterin.<\/li>\n<li>Sayg\u0131n platformlara ba\u011fl\u0131 kal\u0131n - Moderasyon ve a\u00e7\u0131k topluluk y\u00f6nergeleri olan hizmetleri se\u00e7in.<\/li>\n<\/ul>\n<p>S\u0131n\u0131rlar\u0131n\u0131z\u0131 belirler ve onlara sad\u0131k kal\u0131rsan\u0131z rastgele kameral\u0131 sohbet g\u00fcvenli ve e\u011flenceli olabilir.<\/p>\n<h2>Rastgele Kamera Sohbetinin Sosyal Y\u00f6n\u00fc<\/h2>\n<p>Rastgele kameral\u0131 sohbetin en iyi yanlar\u0131ndan biri tan\u0131\u015ft\u0131\u011f\u0131n\u0131z insanlar\u0131n \u00e7e\u015fitlili\u011fidir. Tek bir platformda Brezilya'da bir \u00f6\u011frenci, Fransa'da bir m\u00fczisyen, Japonya'da bir oyuncu ve G\u00fcney Afrika'da bir gezginle ayn\u0131 gece konu\u015fabilirsiniz.<\/p>\n<p>Seyahat masraf\u0131 olmayan k\u00fcresel bir sosyal mikser gibi. \u0130nsanlar bunu genellikle \u015fu ama\u00e7larla kullan\u0131yor:<\/p>\n<ul>\n<li>Yeni bir dil prati\u011fi yap\u0131n<\/li>\n<li>Di\u011fer k\u00fclt\u00fcrler hakk\u0131nda bilgi edinin<\/li>\n<li>M\u00fczik veya sanat payla\u015f\u0131n<\/li>\n<li>Yarat\u0131c\u0131 projeler \u00fczerinde i\u015fbirli\u011fi yap\u0131n<\/li>\n<li>Yeni arkada\u015flar edinin veya \u00e7evrimi\u00e7i bulu\u015fma f\u0131rsatlar\u0131 bulun<\/li>\n<\/ul>\n<h2>E\u011flence ve Fl\u00f6rt i\u00e7in Rastgele Kameral\u0131 Sohbet<\/h2>\n<p>Bir\u00e7ok ki\u015fi rastgele kameral\u0131 sohbeti g\u00fcndelik sohbet i\u00e7in kullan\u0131rken, ayn\u0131 zamanda \u00e7evrimi\u00e7i fl\u00f6rt i\u00e7in bir s\u0131cak nokta haline geldi. Birini y\u00fcz y\u00fcze g\u00f6rmek, kimyay\u0131 yakalamay\u0131 ve ger\u00e7ek zamanl\u0131 olarak bir ba\u011flant\u0131 kurmay\u0131 kolayla\u015ft\u0131r\u0131r.<\/p>\n<p>Hatta baz\u0131 sitelerde sizi daha e\u011flenceli sohbetlere a\u00e7\u0131k ki\u015filerle e\u015fle\u015ftirmek i\u00e7in \"fl\u00f6rt\" veya \"tan\u0131\u015fma\" modlar\u0131 bile vard\u0131r.<\/p>\n<h2>\u00dccretsiz Rastgele Kameral\u0131 Sohbet Uygulamalar\u0131<\/h2>\n<p>Telefonunuzdan sohbet etmeyi tercih ediyorsan\u0131z, Android ve iOS i\u00e7in rastgele kamera deneyimini cebinize getiren \u00e7ok say\u0131da \u00fccretsiz uygulama vard\u0131r. Bunlar genellikle \u015funlar\u0131 i\u00e7erir:<\/p>\n<ul>\n<li>Kayd\u0131rarak atlama \u00f6zellikleri<\/li>\n<li>Birisi sohbet etmek istedi\u011finde anl\u0131k bildirimler<\/li>\n<li>Daha iyi e\u015fle\u015fmeler i\u00e7in ilgi alan\u0131 etiketleri<\/li>\n<li>Video filtreleri ve e\u011flenceli efektler<\/li>\n<\/ul>\n<p>Mobil rastgele kameral\u0131 sohbet, hareket halindeyken zaman \u00f6ld\u00fcrmek veya koltu\u011funuzdan ba\u011flanmak i\u00e7in m\u00fckemmeldir.<\/p>\n<h2>Harika Bir Rastgele Kameral\u0131 Sohbet Deneyimi \u0130\u00e7in \u0130pu\u00e7lar\u0131<\/h2>\n<ul>\n<li>Ba\u011flant\u0131 kurdu\u011funuzda g\u00fcl\u00fcmseyin - \u0130lk izlenimler \u00f6nemlidir, \u00e7evrimi\u00e7i olsa bile.<\/li>\n<li>Merakl\u0131 olun - Konu\u015fmalar\u0131n akmas\u0131n\u0131 sa\u011flamak i\u00e7in a\u00e7\u0131k u\u00e7lu sorular sorun.<\/li>\n<li>\u0130yi ayd\u0131nlatma kullan\u0131n - Videonuzu daha net ve daha davetkar hale getirir.<\/li>\n<li>Rahat olun - Unutmay\u0131n, e\u011fer uyu\u015fmazsa, her zaman atlayabilirsiniz.<\/li>\n<li>G\u00fcn\u00fcn saatlerini deneyin - Farkl\u0131 saatler d\u00fcnyan\u0131n farkl\u0131 yerlerinden insanlarla tan\u0131\u015fmak anlam\u0131na gelebilir.<\/li>\n<\/ul>\n<h2>TinyChat Rastgele Kameral\u0131 Sohbet i\u00e7in Neden Harika Bir Se\u00e7enek?<\/h2>\n<p>Bir\u00e7ok platform rastgele g\u00f6r\u00fcnt\u00fcl\u00fc sohbet sunarken, TinyChat genel sohbet odalar\u0131, \u00f6zel aramalar ve grup video \u00f6zelliklerinin kar\u0131\u015f\u0131m\u0131yla \u00f6ne \u00e7\u0131k\u0131yor. Bir ki\u015fiyle rastgele bir kameral\u0131 sohbete atlayabilir veya ayn\u0131 anda birden fazla ak\u0131\u015f\u0131n devam etti\u011fi bir odaya kat\u0131labilirsiniz.<\/p>\n<p>Hem bire bir etkile\u015fim hem de daha sosyal, a\u00e7\u0131k bir sohbet ortam\u0131 isteyen insanlar i\u00e7in m\u00fckemmeldir. Ayr\u0131ca, ba\u015flamak i\u00e7in kaydolman\u0131za gerek yok.<\/p>\n<h2>Rastgele Ba\u011flant\u0131lar\u0131n Heyecan\u0131<\/h2>\n<p>Rastgele kameral\u0131 sohbetin b\u00fcy\u00fcs\u00fc, senaryo yaz\u0131lmam\u0131\u015f olmas\u0131d\u0131r. Profiller aras\u0131nda gezinmiyor veya bir e\u015fle\u015fme beklemiyorsunuz. Ger\u00e7ek insanlarla ger\u00e7ek zamanl\u0131 olarak ba\u011flant\u0131 kuruyorsunuz ve her \u015fey olabilir.<\/p>\n<p>Bazen h\u0131zl\u0131 bir kahkaha atars\u0131n\u0131z, bazen derin bir sohbet edersiniz ve bazen de tekrar tekrar konu\u015fmak isteyece\u011finiz biriyle tan\u0131\u015f\u0131rs\u0131n\u0131z. Bu \u00f6ng\u00f6r\u00fclemezlik, insanlar\u0131n geri gelmesini sa\u011flayan \u015feydir.<\/p>\n<p>Rastgele kameral\u0131 sohbet, \u00e7evrimi\u00e7i yeni insanlarla tan\u0131\u015fman\u0131n en h\u0131zl\u0131 ve en heyecan verici yollar\u0131ndan biridir. Anl\u0131k, k\u00fcresel ve ki\u015fiseldir - s\u0131radan sohbetlerden anlaml\u0131 arkada\u015fl\u0131klara kadar her \u015fey i\u00e7in d\u00fcnyan\u0131n d\u00f6rt bir yan\u0131ndan yabanc\u0131lar\u0131 bir araya getirir.<\/p>\n<p>\u0130ster e\u011flence, ister k\u00fclt\u00fcrel de\u011fi\u015fim, dil prati\u011fi ve hatta fl\u00f6rt i\u00e7in kullan\u0131n, rastgele kameral\u0131 g\u00f6r\u00fcnt\u00fcl\u00fc sohbet sonsuz olanaklar sunar. Sadece g\u00fcvende kalmay\u0131, ba\u015fkalar\u0131na sayg\u0131 duymay\u0131 ve a\u00e7\u0131k fikirli olmay\u0131 unutmay\u0131n.<\/p>\n<p>D\u0131\u015far\u0131da kimin oldu\u011funu g\u00f6rmeye haz\u0131rsan\u0131z, web kameran\u0131z\u0131 a\u00e7\u0131n ve bu gece rastgele bir kameral\u0131 sohbete dal\u0131n - di\u011fer tarafta kimin bekledi\u011fini asla bilemezsiniz.<\/p>","protected":false},"excerpt":{"rendered":"<p>There\u2019s something exciting about not knowing who you\u2019ll meet next. That\u2019s exactly what random cam chat is all about\u2014connecting you with strangers from around the world in an instant. No profiles to scroll, no bios to read\u2014just real people, face-to-face, ready to chat. Whether you\u2019re looking to make friends, flirt, share a laugh, or just [&hellip;]<\/p>\n","protected":false},"author":8,"featured_media":0,"parent":0,"menu_order":0,"comment_status":"closed","ping_status":"closed","template":"","meta":{"footnotes":""},"class_list":["post-201","page","type-page","status-publish","hentry"],"yoast_head":"<!-- This site is optimized with the Yoast SEO plugin v27.6 - https:\/\/yoast.com\/product\/yoast-seo-wordpress\/ -->\n<title>Random Cam Chat with Video Chat on TinyChat.com<\/title>\n<meta name=\"description\" content=\"Enjoying Random Cam Chat? Join over 50,000,000 strangers on TinyChat! Turn on your cam and start meeting new people, or find a match.\" \/>\n<meta name=\"robots\" content=\"index, follow, max-snippet:-1, max-image-preview:large, max-video-preview:-1\" \/>\n<link rel=\"canonical\" href=\"https:\/\/tinychat.com\/tr\/random-cam-chat\/\" \/>\n<meta property=\"og:locale\" content=\"tr_TR\" \/>\n<meta property=\"og:type\" content=\"article\" \/>\n<meta property=\"og:title\" content=\"Random Cam Chat with Video Chat on TinyChat.com\" \/>\n<meta property=\"og:description\" content=\"Enjoying Random Cam Chat? Join over 50,000,000 strangers on TinyChat! Turn on your cam and start meeting new people, or find a match.\" \/>\n<meta property=\"og:url\" content=\"https:\/\/tinychat.com\/tr\/random-cam-chat\/\" \/>\n<meta property=\"og:site_name\" content=\"TinyChat\" \/>\n<meta property=\"article:publisher\" content=\"https:\/\/www.facebook.com\/tinychat\" \/>\n<meta property=\"article:modified_time\" content=\"2025-08-14T08:02:20+00:00\" \/>\n<meta property=\"og:image\" content=\"https:\/\/tinychat.com\/wp-content\/uploads\/2020\/04\/Tinychat-logo-1280x284-new-black.png\" \/>\n\t<meta property=\"og:image:width\" content=\"1280\" \/>\n\t<meta property=\"og:image:height\" content=\"284\" \/>\n\t<meta property=\"og:image:type\" content=\"image\/png\" \/>\n<meta name=\"twitter:card\" content=\"summary_large_image\" \/>\n<meta name=\"twitter:site\" content=\"@tinychat\" \/>\n<meta name=\"twitter:label1\" content=\"Tahmini okuma s\u00fcresi\" \/>\n\t<meta name=\"twitter:data1\" content=\"6 dakika\" \/>\n<script type=\"application\/ld+json\" class=\"yoast-schema-graph\">{\"@context\":\"https:\\\/\\\/schema.org\",\"@graph\":[{\"@type\":\"WebPage\",\"@id\":\"https:\\\/\\\/tinychat.com\\\/random-cam-chat\\\/\",\"url\":\"https:\\\/\\\/tinychat.com\\\/random-cam-chat\\\/\",\"name\":\"Random Cam Chat with Video Chat on TinyChat.com\",\"isPartOf\":{\"@id\":\"https:\\\/\\\/tinychat.com\\\/#website\"},\"datePublished\":\"2025-08-14T07:43:14+00:00\",\"dateModified\":\"2025-08-14T08:02:20+00:00\",\"description\":\"Enjoying Random Cam Chat? Join over 50,000,000 strangers on TinyChat! Turn on your cam and start meeting new people, or find a match.\",\"breadcrumb\":{\"@id\":\"https:\\\/\\\/tinychat.com\\\/random-cam-chat\\\/#breadcrumb\"},\"inLanguage\":\"tr\",\"potentialAction\":[{\"@type\":\"ReadAction\",\"target\":[\"https:\\\/\\\/tinychat.com\\\/random-cam-chat\\\/\"]}]},{\"@type\":\"BreadcrumbList\",\"@id\":\"https:\\\/\\\/tinychat.com\\\/random-cam-chat\\\/#breadcrumb\",\"itemListElement\":[{\"@type\":\"ListItem\",\"position\":1,\"name\":\"Home\",\"item\":\"https:\\\/\\\/tinychat.com\\\/\"},{\"@type\":\"ListItem\",\"position\":2,\"name\":\"Random Cam Chat\"}]},{\"@type\":\"WebSite\",\"@id\":\"https:\\\/\\\/tinychat.com\\\/#website\",\"url\":\"https:\\\/\\\/tinychat.com\\\/\",\"name\":\"TinyChat\",\"description\":\"Random Video Chat with Strangers\",\"publisher\":{\"@id\":\"https:\\\/\\\/tinychat.com\\\/#organization\"},\"alternateName\":\"TinyChat.com\",\"potentialAction\":[{\"@type\":\"SearchAction\",\"target\":{\"@type\":\"EntryPoint\",\"urlTemplate\":\"https:\\\/\\\/tinychat.com\\\/?s={search_term_string}\"},\"query-input\":{\"@type\":\"PropertyValueSpecification\",\"valueRequired\":true,\"valueName\":\"search_term_string\"}}],\"inLanguage\":\"tr\"},{\"@type\":\"Organization\",\"@id\":\"https:\\\/\\\/tinychat.com\\\/#organization\",\"name\":\"TinyChat\",\"alternateName\":\"TinyChat.com\",\"url\":\"https:\\\/\\\/tinychat.com\\\/\",\"logo\":{\"@type\":\"ImageObject\",\"inLanguage\":\"tr\",\"@id\":\"https:\\\/\\\/tinychat.com\\\/#\\\/schema\\\/logo\\\/image\\\/\",\"url\":\"https:\\\/\\\/tinychat.com\\\/wp-content\\\/uploads\\\/2023\\\/11\\\/Tinychat-icon-square.png\",\"contentUrl\":\"https:\\\/\\\/tinychat.com\\\/wp-content\\\/uploads\\\/2023\\\/11\\\/Tinychat-icon-square.png\",\"width\":284,\"height\":284,\"caption\":\"TinyChat\"},\"image\":{\"@id\":\"https:\\\/\\\/tinychat.com\\\/#\\\/schema\\\/logo\\\/image\\\/\"},\"sameAs\":[\"https:\\\/\\\/www.facebook.com\\\/tinychat\",\"https:\\\/\\\/x.com\\\/tinychat\"]}]}<\/script>\n<!-- \/ Yoast SEO plugin. -->","yoast_head_json":{"title":"TinyChat.com'da G\u00f6r\u00fcnt\u00fcl\u00fc Sohbet ile Rastgele Kameral\u0131 Sohbet","description":"Rastgele Kamera Sohbetinin tad\u0131n\u0131 m\u0131 \u00e7\u0131kar\u0131yorsunuz? TinyChat'de 50.000.000'dan fazla yabanc\u0131ya kat\u0131l\u0131n! Kameran\u0131z\u0131 a\u00e7\u0131n ve yeni insanlarla tan\u0131\u015fmaya ba\u015flay\u0131n veya bir e\u015fle\u015fme bulun.","robots":{"index":"index","follow":"follow","max-snippet":"max-snippet:-1","max-image-preview":"max-image-preview:large","max-video-preview":"max-video-preview:-1"},"canonical":"https:\/\/tinychat.com\/tr\/random-cam-chat\/","og_locale":"tr_TR","og_type":"article","og_title":"Random Cam Chat with Video Chat on TinyChat.com","og_description":"Enjoying Random Cam Chat? Join over 50,000,000 strangers on TinyChat! Turn on your cam and start meeting new people, or find a match.","og_url":"https:\/\/tinychat.com\/tr\/random-cam-chat\/","og_site_name":"TinyChat","article_publisher":"https:\/\/www.facebook.com\/tinychat","article_modified_time":"2025-08-14T08:02:20+00:00","og_image":[{"width":1280,"height":284,"url":"https:\/\/tinychat.com\/wp-content\/uploads\/2020\/04\/Tinychat-logo-1280x284-new-black.png","type":"image\/png"}],"twitter_card":"summary_large_image","twitter_site":"@tinychat","twitter_misc":{"Tahmini okuma s\u00fcresi":"6 dakika"},"schema":{"@context":"https:\/\/schema.org","@graph":[{"@type":"WebPage","@id":"https:\/\/tinychat.com\/random-cam-chat\/","url":"https:\/\/tinychat.com\/random-cam-chat\/","name":"TinyChat.com'da G\u00f6r\u00fcnt\u00fcl\u00fc Sohbet ile Rastgele Kameral\u0131 Sohbet","isPartOf":{"@id":"https:\/\/tinychat.com\/#website"},"datePublished":"2025-08-14T07:43:14+00:00","dateModified":"2025-08-14T08:02:20+00:00","description":"Rastgele Kamera Sohbetinin tad\u0131n\u0131 m\u0131 \u00e7\u0131kar\u0131yorsunuz? TinyChat'de 50.000.000'dan fazla yabanc\u0131ya kat\u0131l\u0131n! Kameran\u0131z\u0131 a\u00e7\u0131n ve yeni insanlarla tan\u0131\u015fmaya ba\u015flay\u0131n veya bir e\u015fle\u015fme bulun.","breadcrumb":{"@id":"https:\/\/tinychat.com\/random-cam-chat\/#breadcrumb"},"inLanguage":"tr","potentialAction":[{"@type":"ReadAction","target":["https:\/\/tinychat.com\/random-cam-chat\/"]}]},{"@type":"BreadcrumbList","@id":"https:\/\/tinychat.com\/random-cam-chat\/#breadcrumb","itemListElement":[{"@type":"ListItem","position":1,"name":"Home","item":"https:\/\/tinychat.com\/"},{"@type":"ListItem","position":2,"name":"Random Cam Chat"}]},{"@type":"WebSite","@id":"https:\/\/tinychat.com\/#website","url":"https:\/\/tinychat.com\/","name":"TinyChat","description":"Yabanc\u0131larla Rastgele G\u00f6r\u00fcnt\u00fcl\u00fc Sohbet","publisher":{"@id":"https:\/\/tinychat.com\/#organization"},"alternateName":"TinyChat.com","potentialAction":[{"@type":"SearchAction","target":{"@type":"EntryPoint","urlTemplate":"https:\/\/tinychat.com\/?s={search_term_string}"},"query-input":{"@type":"PropertyValueSpecification","valueRequired":true,"valueName":"search_term_string"}}],"inLanguage":"tr"},{"@type":"Organization","@id":"https:\/\/tinychat.com\/#organization","name":"TinyChat","alternateName":"TinyChat.com","url":"https:\/\/tinychat.com\/","logo":{"@type":"ImageObject","inLanguage":"tr","@id":"https:\/\/tinychat.com\/#\/schema\/logo\/image\/","url":"https:\/\/tinychat.com\/wp-content\/uploads\/2023\/11\/Tinychat-icon-square.png","contentUrl":"https:\/\/tinychat.com\/wp-content\/uploads\/2023\/11\/Tinychat-icon-square.png","width":284,"height":284,"caption":"TinyChat"},"image":{"@id":"https:\/\/tinychat.com\/#\/schema\/logo\/image\/"},"sameAs":["https:\/\/www.facebook.com\/tinychat","https:\/\/x.com\/tinychat"]}]}},"_links":{"self":[{"href":"https:\/\/tinychat.com\/tr\/wp-json\/wp\/v2\/pages\/201","targetHints":{"allow":["GET"]}}],"collection":[{"href":"https:\/\/tinychat.com\/tr\/wp-json\/wp\/v2\/pages"}],"about":[{"href":"https:\/\/tinychat.com\/tr\/wp-json\/wp\/v2\/types\/page"}],"author":[{"embeddable":true,"href":"https:\/\/tinychat.com\/tr\/wp-json\/wp\/v2\/users\/8"}],"replies":[{"embeddable":true,"href":"https:\/\/tinychat.com\/tr\/wp-json\/wp\/v2\/comments?post=201"}],"version-history":[{"count":3,"href":"https:\/\/tinychat.com\/tr\/wp-json\/wp\/v2\/pages\/201\/revisions"}],"predecessor-version":[{"id":13447,"href":"https:\/\/tinychat.com\/tr\/wp-json\/wp\/v2\/pages\/201\/revisions\/13447"}],"wp:attachment":[{"href":"https:\/\/tinychat.com\/tr\/wp-json\/wp\/v2\/media?parent=201"}],"curies":[{"name":"wp","href":"https:\/\/api.w.org\/{rel}","templated":true}]}}