{"id":3266,"date":"2025-09-29T11:39:15","date_gmt":"2025-09-29T09:39:15","guid":{"rendered":"https:\/\/tinychat.com\/?page_id=3266"},"modified":"2025-09-29T12:44:51","modified_gmt":"2025-09-29T10:44:51","slug":"imeetzu","status":"publish","type":"page","link":"https:\/\/tinychat.com\/tr\/imeetzu\/","title":{"rendered":"iMeetzu"},"content":{"rendered":"<p>Rastgele g\u00f6r\u00fcnt\u00fcl\u00fc sohbet platformlar\u0131n\u0131n y\u00fckseli\u015fi, insanlar\u0131n \u00e7evrimi\u00e7i ba\u011flant\u0131 kurma \u015feklini yeniden \u015fekillendirdi. Sosyal a\u011flar bizi zaten tan\u0131d\u0131\u011f\u0131m\u0131z arkada\u015flar\u0131m\u0131za ba\u011fl\u0131 tutarken, Omegle, Chatroulette ve Chatrandom gibi platformlar tek bir t\u0131klamayla tamamen yabanc\u0131larla tan\u0131\u015fman\u0131n heyecan\u0131n\u0131 ya\u015fatt\u0131. Bu alanda daha az bilinen ancak yine de etkili platformlar aras\u0131nda, rastgele sohbet \u00f6zelliklerini sosyal a\u011f ara\u00e7lar\u0131yla harmanlayarak k\u0131sa s\u00fcreli kar\u015f\u0131la\u015fmalar\u0131n \u00f6tesine ge\u00e7en bir deneyim yaratan bir hizmet olan iMeetzu de yer al\u0131yor.<\/p>\n<p>\u0130ster h\u0131zl\u0131 bir metin sohbeti, ister spontane bir g\u00f6r\u00fcnt\u00fcl\u00fc arama, hatta devam eden arkada\u015fl\u0131klar ar\u0131yor olun, iMeetzu, rekabet\u00e7i sohbet alan\u0131nda alakal\u0131 kalmas\u0131n\u0131 sa\u011flayan bir rastgelelik ve topluluk kar\u0131\u015f\u0131m\u0131 sunar.<\/p>\n<p>Bu derinlemesine inceleme, iMeetzu'nin ne oldu\u011funu, \u00f6zelliklerini, nas\u0131l kullan\u0131laca\u011f\u0131n\u0131, kullan\u0131c\u0131 deneyimini, kar\u015f\u0131la\u015ft\u0131rmalar\u0131, g\u00fcvenlik ipu\u00e7lar\u0131n\u0131 ve ondan en iyi \u015fekilde yararlanmak i\u00e7in tavsiyeleri kapsayacakt\u0131r.<\/p>\n<h2>iMeetzu Nedir?<\/h2>\n<p>iMeetzu, Omegle tarz\u0131 \u00f6zellikleri sosyal a\u011f i\u015flevleriyle birle\u015ftiren rastgele bir sohbet platformudur. \u00d6z\u00fcnde, kullan\u0131c\u0131lar\u0131n yabanc\u0131larla metin veya video arac\u0131l\u0131\u011f\u0131yla an\u0131nda sohbet etmelerine olanak tan\u0131r. Ancak bir\u00e7ok tek seferlik sohbet hizmetinin aksine, iMeetzu ayr\u0131ca \u015funlar\u0131 i\u00e7erir:<\/p>\n<ul>\n<li>Herkese a\u00e7\u0131k sohbet odalar\u0131<\/li>\n<li>Arkada\u015f listeleri<\/li>\n<li>Kullan\u0131c\u0131 profilleri<\/li>\n<\/ul>\n<p>Bu hibrit yakla\u015f\u0131m, onu minimalist platformlardan daha \u00e7ok y\u00f6nl\u00fc hale getiriyor. Sadece rastgele kar\u015f\u0131la\u015fmalar sunmak yerine, iMeetzu sevdi\u011finiz insanlarla ba\u011flant\u0131da kalmak i\u00e7in ara\u00e7lar sa\u011flayarak ona sosyal bir boyut kazand\u0131r\u0131r.<\/p>\n<h2>iMeetzu'nin Temel \u00d6zellikleri<\/h2>\n<p>iMeetzu, hem s\u0131radan kullan\u0131c\u0131lar hem de daha uzun vadeli bir \u015feyler arayanlar i\u00e7in geni\u015f bir \u00f6zellik seti sunuyor.<\/p>\n<h3>1. Rastgele Metin Sohbeti<\/h3>\n<ul>\n<li>Yabanc\u0131larla an\u0131nda bire bir konu\u015fmalar.<\/li>\n<li>Omegle'nin klasik salt metin modu gibi \u00e7al\u0131\u015f\u0131r.<\/li>\n<li>H\u0131zl\u0131, d\u00fc\u015f\u00fck bas\u0131n\u00e7l\u0131 etkile\u015fimler i\u00e7in idealdir.<\/li>\n<\/ul>\n<h3>2. Rastgele G\u00f6r\u00fcnt\u00fcl\u00fc Sohbet<\/h3>\n<ul>\n<li>Yabanc\u0131larla y\u00fcz y\u00fcze konu\u015fmalar.<\/li>\n<li>Web kameras\u0131 ve mikrofon deste\u011fi.<\/li>\n<li>Atla d\u00fc\u011fmesi an\u0131nda devam etmenizi sa\u011flar.<\/li>\n<\/ul>\n<h3>3. Genel Sohbet Odalar\u0131<\/h3>\n<ul>\n<li>Birden fazla kullan\u0131c\u0131n\u0131n konu\u015fabildi\u011fi grup odalar\u0131.<\/li>\n<li>Ayn\u0131 anda birka\u00e7 ki\u015fiyle tan\u0131\u015fmak i\u00e7in harika.<\/li>\n<li>\u00c7e\u015fitli konular\u0131 ve ilgi alanlar\u0131n\u0131 kapsar.<\/li>\n<\/ul>\n<h3>4. Kullan\u0131c\u0131 Profilleri &amp; Arkada\u015flar<\/h3>\n<ul>\n<li>Saf rastgele platformlar\u0131n aksine, iMeetzu bir profil olu\u015fturman\u0131za izin verir.<\/li>\n<li>Konu\u015fmalara daha sonra devam etmek i\u00e7in ki\u015fileri arkada\u015f olarak ekleyin.<\/li>\n<li>Profiller ona bir \"sosyal a\u011f\" hissi verir.<\/li>\n<\/ul>\n<h3>5. Mobil Uyumluluk<\/h3>\n<ul>\n<li>Mobil taray\u0131c\u0131larda \u00e7al\u0131\u015f\u0131r.<\/li>\n<li>Daha kolay eri\u015fim i\u00e7in uygulama benzeri \u00f6zellikler sunar.<\/li>\n<\/ul>\n<h3>6. \u00dccretsiz Kullan\u0131m<\/h3>\n<ul>\n<li>Temel \u00f6zellikler \u00fccretsizdir ve zorunlu abonelikler yoktur.<\/li>\n<\/ul>\n<h2>iMeetzu Nas\u0131l Kullan\u0131l\u0131r<\/h2>\n<p>iMeetzu acemi dostu olacak \u015fekilde tasarlanm\u0131\u015ft\u0131r. \u0130\u015fte nas\u0131l ba\u015flayaca\u011f\u0131n\u0131z:<\/p>\n<h3>Ad\u0131m 1: Web Sitesini Ziyaret Edin<\/h3>\n<ul>\n<li>Taray\u0131c\u0131n\u0131zda (masa\u00fcst\u00fc veya mobil) iMeetzu'yi a\u00e7\u0131n.<\/li>\n<\/ul>\n<h3>Ad\u0131m 2: Bir Mod Se\u00e7in<\/h3>\n<ul>\n<li>Metin Sohbeti: Yazmaya dayal\u0131 konu\u015fmalar i\u00e7in.<\/li>\n<li>G\u00f6r\u00fcnt\u00fcl\u00fc Sohbet: Y\u00fcz y\u00fcze kar\u015f\u0131la\u015fmalar i\u00e7in.<\/li>\n<li>Sohbet odalar\u0131: Grup tart\u0131\u015fmalar\u0131 i\u00e7in.<\/li>\n<\/ul>\n<h3>Ad\u0131m 3: \u0130zinlere \u0130zin Ver (\u0130ste\u011fe Ba\u011fl\u0131)<\/h3>\n<ul>\n<li>Video kullan\u0131yorsan\u0131z, kameran\u0131za ve mikrofonunuza eri\u015fim izni verin.<\/li>\n<\/ul>\n<h3>Ad\u0131m 4: Sohbete Ba\u015flay\u0131n<\/h3>\n<ul>\n<li>An\u0131nda bir yabanc\u0131yla e\u015fle\u015fiyorsun.<\/li>\n<li>Daha sonra konu\u015fmaya devam etmek istiyorsan\u0131z arkada\u015flar\u0131n\u0131z\u0131 ekleyin.<\/li>\n<\/ul>\n<h3>Ad\u0131m 5: Ke\u015ffetmeye Devam Edin<\/h3>\n<ul>\n<li>Rastgele sohbet, sohbet odalar\u0131 ve arkada\u015f listeniz aras\u0131nda ge\u00e7i\u015f yap\u0131n.<\/li>\n<\/ul>\n<p>Bu, iMeetzu'yi yaln\u0131zca bir sohbet modu sunan platformlardan daha \u00e7ok y\u00f6nl\u00fc hale getirir.<\/p>\n<h2>iMeetzu'de Kullan\u0131c\u0131 Deneyimi<\/h2>\n<p>iMeetzu'nin rastgelelik ve topluluk kar\u0131\u015f\u0131m\u0131 onu di\u011ferlerinden ay\u0131r\u0131yor.<\/p>\n<h3>Kullan\u0131c\u0131lar Neyi Sever<\/h3>\n<ul>\n<li>Rastgele sohbeti sosyal \u00f6zelliklerle birle\u015ftirir.<\/li>\n<li>Arkada\u015f ekleyebilme ve profil olu\u015fturabilme.<\/li>\n<li>\u00c7oklu sohbet modlar\u0131 (metin, video, grup).<\/li>\n<li>B\u00fcy\u00fck k\u0131s\u0131tlamalar olmaks\u0131z\u0131n kullan\u0131m\u0131 \u00fccretsizdir.<\/li>\n<\/ul>\n<h3>Kullan\u0131c\u0131lar\u0131n \u0130yile\u015ftirme \u0130\u00e7in Yer G\u00f6rd\u00fc\u011f\u00fc Noktalar<\/h3>\n<ul>\n<li>Aray\u00fcz, modern uygulamalara k\u0131yasla modas\u0131 ge\u00e7mi\u015f hissettiriyor.<\/li>\n<li>Omegle veya Chatroulette'den daha k\u00fc\u00e7\u00fck kullan\u0131c\u0131 taban\u0131.<\/li>\n<li>Ma\u00e7 kalitesi g\u00fcn\u00fcn saatine ba\u011fl\u0131 olarak de\u011fi\u015fir.<\/li>\n<li>Yeni rakipler kadar mobil cihazlar i\u00e7in optimize edilmemi\u015ftir.<\/li>\n<\/ul>\n<p>Yine de bir\u00e7ok kullan\u0131c\u0131 i\u00e7in iMeetzu'nin arkada\u015f sistemi ve sohbet odalar\u0131, yaln\u0131zca rastgele e\u015fle\u015fmeler sunan platformlardan daha ilgi \u00e7ekici hale getiriyor.<\/p>\n<h2>iMeetzu ve Di\u011fer Platformlar<\/h2>\n<p>\u0130\u015fte iMeetzu'nin rakipleriyle kar\u015f\u0131la\u015ft\u0131rmas\u0131:<\/p>\n<table>\n<thead>\n<tr>\n<th>\u00d6zellik<\/th>\n<th>iMeetzu<\/th>\n<th>Omegle<\/th>\n<th>Chatroulette<\/th>\n<th>ChatHub<\/th>\n<th>Emerald Chat<\/th>\n<th>Y99<\/th>\n<\/tr>\n<\/thead>\n<tbody>\n<tr>\n<td>Rastgele Metin Sohbeti<\/td>\n<td>Evet<\/td>\n<td>Evet<\/td>\n<td>Evet<\/td>\n<td>Evet<\/td>\n<td>Evet<\/td>\n<td>Evet<\/td>\n<\/tr>\n<tr>\n<td>Rastgele G\u00f6r\u00fcnt\u00fcl\u00fc Sohbet<\/td>\n<td>Evet<\/td>\n<td>Evet<\/td>\n<td>Evet<\/td>\n<td>Evet<\/td>\n<td>Evet<\/td>\n<td>Evet<\/td>\n<\/tr>\n<tr>\n<td>Genel Sohbet Odalar\u0131<\/td>\n<td>Evet<\/td>\n<td>\u274c Hay\u0131r<\/td>\n<td>\u274c Hay\u0131r<\/td>\n<td>\u274c Hay\u0131r<\/td>\n<td>\u274c Hay\u0131r<\/td>\n<td>Evet<\/td>\n<\/tr>\n<tr>\n<td>Kullan\u0131c\u0131 Profilleri &amp; Arkada\u015flar<\/td>\n<td>Evet<\/td>\n<td>\u274c Hay\u0131r<\/td>\n<td>\u274c Hay\u0131r<\/td>\n<td>Evet<\/td>\n<td>Evet<\/td>\n<td>Evet<\/td>\n<\/tr>\n<tr>\n<td>Anonimlik<\/td>\n<td>\u2705 Il\u0131ml\u0131<\/td>\n<td>G\u00fc\u00e7l\u00fc<\/td>\n<td>G\u00fc\u00e7l\u00fc<\/td>\n<td>\u2705 Il\u0131ml\u0131<\/td>\n<td>\u2705 Il\u0131ml\u0131<\/td>\n<td>\u2705 Il\u0131ml\u0131<\/td>\n<\/tr>\n<tr>\n<td>Mobil Uygulama<\/td>\n<td>\u2705 K\u0131smi<\/td>\n<td>Evet<\/td>\n<td>Evet<\/td>\n<td>Evet<\/td>\n<td>Evet<\/td>\n<td>\u274c Hay\u0131r<\/td>\n<\/tr>\n<\/tbody>\n<\/table>\n<p>\u00d6zet: iMeetzu, Omegle tarz\u0131 rastgelelik ile Y99 tarz\u0131 topluluk olu\u015fturma aras\u0131nda yer al\u0131r ve hem anl\u0131k sohbetler hem de uzun vadeli sosyal se\u00e7enekler sunar.<\/p>\n<h2>iMeetzu G\u00fcvenli mi?<\/h2>\n<p>Yabanc\u0131lar\u0131 birbirine ba\u011flayan her platform gibi, iMeetzu'nin de g\u00fcvenlik s\u00f6z konusu oldu\u011funda hem art\u0131lar\u0131 hem de eksileri vard\u0131r.<\/p>\n<h3>Yerle\u015fik G\u00fcvenlik Ara\u00e7lar\u0131<\/h3>\n<ul>\n<li>Konu\u015fmalardan an\u0131nda ayr\u0131lmak i\u00e7in Atla d\u00fc\u011fmesi.<\/li>\n<li>Uygunsuz davran\u0131\u015flar i\u00e7in raporlama\/engelleme i\u015flevleri.<\/li>\n<li>Profil sistemi arkada\u015flar\u0131n\u0131z\u0131 y\u00f6netmenizi sa\u011flar.<\/li>\n<\/ul>\n<h3>Kullan\u0131c\u0131lar i\u00e7in G\u00fcvenlik \u0130pu\u00e7lar\u0131<\/h3>\n<ul>\n<li>Ki\u015fisel bilgilerinizi yabanc\u0131larla payla\u015fmay\u0131n.<\/li>\n<li>Rastgele sohbetlerde s\u0131radan konulara ba\u011fl\u0131 kal\u0131n.<\/li>\n<li>Ebeveynler k\u00fc\u00e7\u00fck kullan\u0131c\u0131lar\u0131 denetlemelidir.<\/li>\n<li>\u00d6zel mesajla\u015fmay\u0131 yaln\u0131zca g\u00fcvendi\u011finiz arkada\u015flar\u0131n\u0131zla kullan\u0131n.<\/li>\n<li>Ekstra gizlilik i\u00e7in bir VPN kullanmay\u0131 d\u00fc\u015f\u00fcn\u00fcn.<\/li>\n<\/ul>\n<h2>iMeetzu'den En \u0130yi \u015eekilde Yararlanmak \u0130\u00e7in \u0130pu\u00e7lar\u0131<\/h2>\n<ul>\n<li>Farkl\u0131 modlar\u0131 deneyin; metin, video ve sohbet odalar\u0131 aras\u0131nda ge\u00e7i\u015f yap\u0131n.<\/li>\n<li>S\u00fcrekli ba\u011flant\u0131lar kurmak i\u00e7in ilgin\u00e7 ki\u015fileri arkada\u015f listenize ekleyin.<\/li>\n<li>En iyi kararl\u0131l\u0131k ve video kalitesi i\u00e7in masa\u00fcst\u00fcnde kullan\u0131n.<\/li>\n<li>Rahat ve e\u011flenceli olun; rastgele sohbetler en \u00e7ok hafif konularla i\u015fe yarar.<\/li>\n<li>Atla d\u00fc\u011fmesini serbest\u00e7e kullan\u0131n; her sohbet uygun olmayabilir.<\/li>\n<li>Sohbet odalar\u0131n\u0131 ke\u015ffedin - genellikle aktif, temal\u0131 topluluklar\u0131 vard\u0131r.<\/li>\n<\/ul>\n<h2>Yayg\u0131n Sorunlar ve D\u00fczeltmeler<\/h2>\n<h3>Sorun: Video \u00c7al\u0131\u015fm\u0131yor<\/h3>\n<ul>\n<li>Taray\u0131c\u0131 izinlerini kontrol edin.<\/li>\n<li>Cihaz\u0131 veya taray\u0131c\u0131y\u0131 yeniden ba\u015flat\u0131n.<\/li>\n<\/ul>\n<h3>Sorun: \u00c7ok Az E\u015fle\u015fme Mevcut<\/h3>\n<ul>\n<li>Yo\u011fun saatlerde (ak\u015famlar\/hafta sonlar\u0131) deneyin.<\/li>\n<li>Daha aktif kat\u0131l\u0131m i\u00e7in sohbet odalar\u0131na kat\u0131l\u0131n.<\/li>\n<\/ul>\n<h3>Sorun: Mobil Cihazlarda Zay\u0131f Aray\u00fcz<\/h3>\n<ul>\n<li>Daha ak\u0131c\u0131 gezinme i\u00e7in masa\u00fcst\u00fcn\u00fc kullan\u0131n.<\/li>\n<li>Veya mobil taray\u0131c\u0131 \"masa\u00fcst\u00fc modunu\" etkinle\u015ftirin.<\/li>\n<\/ul>\n<h3>Sorun: Spam veya Botlar<\/h3>\n<ul>\n<li>Hemen atla.<\/li>\n<li>\u015e\u00fcpheli hesaplar\u0131 bildirin.<\/li>\n<\/ul>\n<h2>\u0130nsanlar Neden iMeetzu'yi Se\u00e7iyor?<\/h2>\n<p>\u0130nsanlar iMeetzu'ye y\u00f6neliyor \u00e7\u00fcnk\u00fc sunuyor:<\/p>\n<ul>\n<li>Tek bir yerde \u00e7e\u015fitli metin, video ve sohbet odalar\u0131.<\/li>\n<li>Devam eden ba\u011flant\u0131lar i\u00e7in topluluk-arkada\u015f listeleri ve profilleri.<\/li>\n<li>Basitlik - karma\u015f\u0131k kurulum yok, kullan\u0131m\u0131 \u00fccretsiz.<\/li>\n<li>Denge-rastgele e\u011flence art\u0131 yap\u0131land\u0131r\u0131lm\u0131\u015f etkile\u015fim.<\/li>\n<\/ul>\n<p>Kal\u0131c\u0131 ba\u011flant\u0131lar i\u00e7in sosyal bir katman eklerken rastgele sohbetin heyecan\u0131n\u0131 yakalar.<\/p>\n<h2>Son D\u00fc\u015f\u00fcnceler: iMeetzu Kullanmaya De\u011fer mi?<\/h2>\n<p>K\u0131sa s\u00fcreli rastgele sohbetlerden daha fazlas\u0131n\u0131 sunan bir platform ar\u0131yorsan\u0131z, iMeetzu denemeye de\u011fer. Omegle'nin spontanl\u0131\u011f\u0131 ile Y99 veya Wireclub'nin topluluk hissini birle\u015ftirerek farkl\u0131 kullan\u0131c\u0131 t\u00fcrleri i\u00e7in \u00e7ok y\u00f6nl\u00fc hale getirir.<\/p>\n<p>\u0130steseniz de istemeseniz de:<\/p>\n<ul>\n<li>Rastgele metin veya g\u00f6r\u00fcnt\u00fcl\u00fc sohbetlerle zaman ge\u00e7irin.<\/li>\n<li>Herkese a\u00e7\u0131k canl\u0131 sohbet odalar\u0131na kat\u0131l\u0131n.<\/li>\n<li>Ya da profiller ve arkada\u015f listeleri arac\u0131l\u0131\u011f\u0131yla arkada\u015fl\u0131klar kurun...<\/li>\n<\/ul>\n<p>iMeetzu t\u00fcm bunlar\u0131 tek bir pakette sunar.<\/p>\n<p>K\u0131sacas\u0131: iMeetzu, kullan\u0131c\u0131lara hem anl\u0131k kar\u015f\u0131la\u015fmalar hem de uzun vadeli ba\u011flant\u0131lar sa\u011flayan karma bir rastgele sohbet ve sosyal platformdur. E\u011fer Omegle'den daha fazla esneklik ama tam sosyal a\u011flardan daha az yap\u0131 istiyorsan\u0131z, bu m\u00fckemmel bir orta yol.<\/p>\n<p>Denemeye haz\u0131r m\u0131s\u0131n\u0131z? iMeetzu'yi ziyaret edin, sohbete ba\u015flay\u0131n ve bir sonraki ba\u011flant\u0131n\u0131z\u0131n sizi nereye g\u00f6t\u00fcrece\u011fini g\u00f6r\u00fcn.<\/p>","protected":false},"excerpt":{"rendered":"<p>The rise of random video chat platforms has reshaped how people connect online. While social networks keep us tied to friends we already know, platforms like Omegle, Chatroulette, and Chatrandom introduced the thrill of meeting complete strangers with just one click. Among the lesser-known but still impactful platforms in this space is iMeetzu, a service [&hellip;]<\/p>\n","protected":false},"author":6,"featured_media":0,"parent":0,"menu_order":0,"comment_status":"closed","ping_status":"closed","template":"","meta":{"footnotes":""},"class_list":["post-3266","page","type-page","status-publish","hentry"],"yoast_head":"<!-- This site is optimized with the Yoast SEO plugin v27.6 - https:\/\/yoast.com\/product\/yoast-seo-wordpress\/ -->\n<title>iMeetzu - Chatroulette &amp; Omegle Alternative - TinyChat.com<\/title>\n<meta name=\"description\" content=\"Enjoying iMeetzu? Join over 50,000,000 strangers on TinyChat! Turn on your cam and start meeting new people, or find a match.\" \/>\n<meta name=\"robots\" content=\"index, follow, max-snippet:-1, max-image-preview:large, max-video-preview:-1\" \/>\n<link rel=\"canonical\" href=\"https:\/\/tinychat.com\/tr\/imeetzu\/\" \/>\n<meta property=\"og:locale\" content=\"tr_TR\" \/>\n<meta property=\"og:type\" content=\"article\" \/>\n<meta property=\"og:title\" content=\"iMeetzu - Chatroulette &amp; Omegle Alternative - TinyChat.com\" \/>\n<meta property=\"og:description\" content=\"Enjoying iMeetzu? Join over 50,000,000 strangers on TinyChat! Turn on your cam and start meeting new people, or find a match.\" \/>\n<meta property=\"og:url\" content=\"https:\/\/tinychat.com\/tr\/imeetzu\/\" \/>\n<meta property=\"og:site_name\" content=\"TinyChat\" \/>\n<meta property=\"article:publisher\" content=\"https:\/\/www.facebook.com\/tinychat\" \/>\n<meta property=\"article:modified_time\" content=\"2025-09-29T10:44:51+00:00\" \/>\n<meta property=\"og:image\" content=\"https:\/\/tinychat.com\/wp-content\/uploads\/2020\/04\/Tinychat-logo-1280x284-new-black.png\" \/>\n\t<meta property=\"og:image:width\" content=\"1280\" \/>\n\t<meta property=\"og:image:height\" content=\"284\" \/>\n\t<meta property=\"og:image:type\" content=\"image\/png\" \/>\n<meta name=\"twitter:card\" content=\"summary_large_image\" \/>\n<meta name=\"twitter:site\" content=\"@tinychat\" \/>\n<meta name=\"twitter:label1\" content=\"Tahmini okuma s\u00fcresi\" \/>\n\t<meta name=\"twitter:data1\" content=\"5 dakika\" \/>\n<script type=\"application\/ld+json\" class=\"yoast-schema-graph\">{\"@context\":\"https:\\\/\\\/schema.org\",\"@graph\":[{\"@type\":\"WebPage\",\"@id\":\"https:\\\/\\\/tinychat.com\\\/imeetzu\\\/\",\"url\":\"https:\\\/\\\/tinychat.com\\\/imeetzu\\\/\",\"name\":\"iMeetzu - Chatroulette & Omegle Alternative - TinyChat.com\",\"isPartOf\":{\"@id\":\"https:\\\/\\\/tinychat.com\\\/#website\"},\"datePublished\":\"2025-09-29T09:39:15+00:00\",\"dateModified\":\"2025-09-29T10:44:51+00:00\",\"description\":\"Enjoying iMeetzu? Join over 50,000,000 strangers on TinyChat! Turn on your cam and start meeting new people, or find a match.\",\"breadcrumb\":{\"@id\":\"https:\\\/\\\/tinychat.com\\\/imeetzu\\\/#breadcrumb\"},\"inLanguage\":\"tr\",\"potentialAction\":[{\"@type\":\"ReadAction\",\"target\":[\"https:\\\/\\\/tinychat.com\\\/imeetzu\\\/\"]}]},{\"@type\":\"BreadcrumbList\",\"@id\":\"https:\\\/\\\/tinychat.com\\\/imeetzu\\\/#breadcrumb\",\"itemListElement\":[{\"@type\":\"ListItem\",\"position\":1,\"name\":\"Home\",\"item\":\"https:\\\/\\\/tinychat.com\\\/\"},{\"@type\":\"ListItem\",\"position\":2,\"name\":\"iMeetzu\"}]},{\"@type\":\"WebSite\",\"@id\":\"https:\\\/\\\/tinychat.com\\\/#website\",\"url\":\"https:\\\/\\\/tinychat.com\\\/\",\"name\":\"TinyChat\",\"description\":\"Random Video Chat with Strangers\",\"publisher\":{\"@id\":\"https:\\\/\\\/tinychat.com\\\/#organization\"},\"alternateName\":\"TinyChat.com\",\"potentialAction\":[{\"@type\":\"SearchAction\",\"target\":{\"@type\":\"EntryPoint\",\"urlTemplate\":\"https:\\\/\\\/tinychat.com\\\/?s={search_term_string}\"},\"query-input\":{\"@type\":\"PropertyValueSpecification\",\"valueRequired\":true,\"valueName\":\"search_term_string\"}}],\"inLanguage\":\"tr\"},{\"@type\":\"Organization\",\"@id\":\"https:\\\/\\\/tinychat.com\\\/#organization\",\"name\":\"TinyChat\",\"alternateName\":\"TinyChat.com\",\"url\":\"https:\\\/\\\/tinychat.com\\\/\",\"logo\":{\"@type\":\"ImageObject\",\"inLanguage\":\"tr\",\"@id\":\"https:\\\/\\\/tinychat.com\\\/#\\\/schema\\\/logo\\\/image\\\/\",\"url\":\"https:\\\/\\\/tinychat.com\\\/wp-content\\\/uploads\\\/2023\\\/11\\\/Tinychat-icon-square.png\",\"contentUrl\":\"https:\\\/\\\/tinychat.com\\\/wp-content\\\/uploads\\\/2023\\\/11\\\/Tinychat-icon-square.png\",\"width\":284,\"height\":284,\"caption\":\"TinyChat\"},\"image\":{\"@id\":\"https:\\\/\\\/tinychat.com\\\/#\\\/schema\\\/logo\\\/image\\\/\"},\"sameAs\":[\"https:\\\/\\\/www.facebook.com\\\/tinychat\",\"https:\\\/\\\/x.com\\\/tinychat\"]}]}<\/script>\n<!-- \/ Yoast SEO plugin. -->","yoast_head_json":{"title":"iMeetzu - Chatroulette &amp; Omegle Alternatifi - TinyChat.com","description":"iMeetzu'yi be\u011feniyor musunuz? TinyChat'de 50.000.000'dan fazla yabanc\u0131ya kat\u0131l\u0131n! Kameran\u0131z\u0131 a\u00e7\u0131n ve yeni insanlarla tan\u0131\u015fmaya ba\u015flay\u0131n veya bir e\u015fle\u015fme bulun.","robots":{"index":"index","follow":"follow","max-snippet":"max-snippet:-1","max-image-preview":"max-image-preview:large","max-video-preview":"max-video-preview:-1"},"canonical":"https:\/\/tinychat.com\/tr\/imeetzu\/","og_locale":"tr_TR","og_type":"article","og_title":"iMeetzu - Chatroulette & Omegle Alternative - TinyChat.com","og_description":"Enjoying iMeetzu? Join over 50,000,000 strangers on TinyChat! Turn on your cam and start meeting new people, or find a match.","og_url":"https:\/\/tinychat.com\/tr\/imeetzu\/","og_site_name":"TinyChat","article_publisher":"https:\/\/www.facebook.com\/tinychat","article_modified_time":"2025-09-29T10:44:51+00:00","og_image":[{"width":1280,"height":284,"url":"https:\/\/tinychat.com\/wp-content\/uploads\/2020\/04\/Tinychat-logo-1280x284-new-black.png","type":"image\/png"}],"twitter_card":"summary_large_image","twitter_site":"@tinychat","twitter_misc":{"Tahmini okuma s\u00fcresi":"5 dakika"},"schema":{"@context":"https:\/\/schema.org","@graph":[{"@type":"WebPage","@id":"https:\/\/tinychat.com\/imeetzu\/","url":"https:\/\/tinychat.com\/imeetzu\/","name":"iMeetzu - Chatroulette &amp; Omegle Alternatifi - TinyChat.com","isPartOf":{"@id":"https:\/\/tinychat.com\/#website"},"datePublished":"2025-09-29T09:39:15+00:00","dateModified":"2025-09-29T10:44:51+00:00","description":"iMeetzu'yi be\u011feniyor musunuz? TinyChat'de 50.000.000'dan fazla yabanc\u0131ya kat\u0131l\u0131n! Kameran\u0131z\u0131 a\u00e7\u0131n ve yeni insanlarla tan\u0131\u015fmaya ba\u015flay\u0131n veya bir e\u015fle\u015fme bulun.","breadcrumb":{"@id":"https:\/\/tinychat.com\/imeetzu\/#breadcrumb"},"inLanguage":"tr","potentialAction":[{"@type":"ReadAction","target":["https:\/\/tinychat.com\/imeetzu\/"]}]},{"@type":"BreadcrumbList","@id":"https:\/\/tinychat.com\/imeetzu\/#breadcrumb","itemListElement":[{"@type":"ListItem","position":1,"name":"Home","item":"https:\/\/tinychat.com\/"},{"@type":"ListItem","position":2,"name":"iMeetzu"}]},{"@type":"WebSite","@id":"https:\/\/tinychat.com\/#website","url":"https:\/\/tinychat.com\/","name":"TinyChat","description":"Yabanc\u0131larla Rastgele G\u00f6r\u00fcnt\u00fcl\u00fc Sohbet","publisher":{"@id":"https:\/\/tinychat.com\/#organization"},"alternateName":"TinyChat.com","potentialAction":[{"@type":"SearchAction","target":{"@type":"EntryPoint","urlTemplate":"https:\/\/tinychat.com\/?s={search_term_string}"},"query-input":{"@type":"PropertyValueSpecification","valueRequired":true,"valueName":"search_term_string"}}],"inLanguage":"tr"},{"@type":"Organization","@id":"https:\/\/tinychat.com\/#organization","name":"TinyChat","alternateName":"TinyChat.com","url":"https:\/\/tinychat.com\/","logo":{"@type":"ImageObject","inLanguage":"tr","@id":"https:\/\/tinychat.com\/#\/schema\/logo\/image\/","url":"https:\/\/tinychat.com\/wp-content\/uploads\/2023\/11\/Tinychat-icon-square.png","contentUrl":"https:\/\/tinychat.com\/wp-content\/uploads\/2023\/11\/Tinychat-icon-square.png","width":284,"height":284,"caption":"TinyChat"},"image":{"@id":"https:\/\/tinychat.com\/#\/schema\/logo\/image\/"},"sameAs":["https:\/\/www.facebook.com\/tinychat","https:\/\/x.com\/tinychat"]}]}},"_links":{"self":[{"href":"https:\/\/tinychat.com\/tr\/wp-json\/wp\/v2\/pages\/3266","targetHints":{"allow":["GET"]}}],"collection":[{"href":"https:\/\/tinychat.com\/tr\/wp-json\/wp\/v2\/pages"}],"about":[{"href":"https:\/\/tinychat.com\/tr\/wp-json\/wp\/v2\/types\/page"}],"author":[{"embeddable":true,"href":"https:\/\/tinychat.com\/tr\/wp-json\/wp\/v2\/users\/6"}],"replies":[{"embeddable":true,"href":"https:\/\/tinychat.com\/tr\/wp-json\/wp\/v2\/comments?post=3266"}],"version-history":[{"count":3,"href":"https:\/\/tinychat.com\/tr\/wp-json\/wp\/v2\/pages\/3266\/revisions"}],"predecessor-version":[{"id":13544,"href":"https:\/\/tinychat.com\/tr\/wp-json\/wp\/v2\/pages\/3266\/revisions\/13544"}],"wp:attachment":[{"href":"https:\/\/tinychat.com\/tr\/wp-json\/wp\/v2\/media?parent=3266"}],"curies":[{"name":"wp","href":"https:\/\/api.w.org\/{rel}","templated":true}]}}