{"id":3516,"date":"2025-07-16T00:21:58","date_gmt":"2025-07-15T22:21:58","guid":{"rendered":"https:\/\/tinychat.com\/?page_id=3516"},"modified":"2025-07-16T14:46:40","modified_gmt":"2025-07-16T12:46:40","slug":"video-chat-with-strangers","status":"publish","type":"page","link":"https:\/\/tinychat.com\/tr\/video-chat-with-strangers\/","title":{"rendered":"Yabanc\u0131larla G\u00f6r\u00fcnt\u00fcl\u00fc Sohbet"},"content":{"rendered":"<p>Ayn\u0131 eski grup sohbetlerinden, bitmek bilmeyen sosyal ak\u0131\u015flardan veya ki\u015fisel olmayan mesajla\u015fma uygulamalar\u0131ndan b\u0131kt\u0131n\u0131z m\u0131? Baloncu\u011funuzdan \u00e7\u0131kman\u0131n daha iyi bir yolu var: yabanc\u0131larla g\u00f6r\u00fcnt\u00fcl\u00fc sohbet. Sadece bir web kameras\u0131 ve merak duygusuyla, yeni y\u00fczler, yeni bak\u0131\u015f a\u00e7\u0131lar\u0131 ve ger\u00e7ek sohbetlerle dolu bir d\u00fcnyan\u0131n kap\u0131s\u0131n\u0131 a\u00e7abilirsiniz.<\/p>\n<p>\u0130ster anlaml\u0131 bir konu\u015fma, ister bir kahkaha, ister \u00e7apk\u0131n bir sohbet ya da sadece ba\u015fka birinin hayat\u0131na bir g\u00f6z atmay\u0131 umuyor olun, yabanc\u0131larla g\u00f6r\u00fcnt\u00fcl\u00fc sohbet ger\u00e7ek hayattaki kar\u015f\u0131la\u015fmalar\u0131n t\u00fcm heyecan\u0131n\u0131 sunar - seyahat yok, g\u00fc\u00e7l\u00fck yok, bask\u0131 yok.<\/p>\n<h2>Yabanc\u0131larla G\u00f6r\u00fcnt\u00fcl\u00fc Sohbet Etmek Ne Anlama Geliyor?<\/h2>\n<p>En basit ifadeyle, yabanc\u0131larla g\u00f6r\u00fcnt\u00fcl\u00fc sohbet, web kameran\u0131z\u0131 ve mikrofonunuzu kullanarak rastgele ki\u015filerle \u00e7evrimi\u00e7i olarak an\u0131nda ba\u011flant\u0131 kurmak anlam\u0131na gelir. Tipik sosyal a\u011flar\u0131n veya arkada\u015fl\u0131k uygulamalar\u0131n\u0131n aksine, doldurman\u0131z gereken bir profil veya uzun bir tan\u0131t\u0131m yaz\u0131s\u0131 yoktur; sadece \"ileri\" d\u00fc\u011fmesine her t\u0131klad\u0131\u011f\u0131n\u0131zda yeni biriyle an\u0131nda, canl\u0131, y\u00fcz y\u00fcze sohbet edebilirsiniz.<\/p>\n<p>Bu platformlar \u015funlar i\u00e7in tasarlanm\u0131\u015ft\u0131r:<\/p>\n<ul>\n<li>Yabanc\u0131larla \u00fccretsiz g\u00f6r\u00fcnt\u00fcl\u00fc sohbet: Kay\u0131t veya \u00f6deme gerekmez, sadece sohbete ba\u015flay\u0131n.<\/li>\n<li>Rastgele g\u00f6r\u00fcnt\u00fcl\u00fc sohbet: D\u00fcnyan\u0131n d\u00f6rt bir yan\u0131ndan insanlarla saniyeler i\u00e7inde e\u015fle\u015fin.<\/li>\n<li>Yabanc\u0131lar i\u00e7in g\u00f6r\u00fcnt\u00fcl\u00fc sohbet odalar\u0131: \u0130lgi alanlar\u0131na veya konulara g\u00f6re temal\u0131 odalara kat\u0131l\u0131n.<\/li>\n<\/ul>\n<p>\u0130ster be\u015f dakika ister be\u015f saat konu\u015fun, her \u015fey spontanl\u0131k, s\u00fcrpriz ve ger\u00e7ek ba\u011flant\u0131lar kurmakla ilgilidir.<\/p>\n<h2>\u0130nsanlar Neden Tan\u0131mad\u0131klar\u0131 Ki\u015filerle G\u00f6r\u00fcnt\u00fcl\u00fc Sohbet Etmeyi Tercih Ediyor?<\/h2>\n<p>Bu trendin y\u00fckseli\u015fe ge\u00e7mesinin pek \u00e7ok nedeni var:<\/p>\n<ul>\n<li>Do\u011fall\u0131k: Her sohbet benzersizdir. Kiminle tan\u0131\u015faca\u011f\u0131n\u0131z\u0131 ya da hangi hikayeyi dinleyece\u011finizi asla bilemezsiniz.<\/li>\n<li>K\u00fcresel eri\u015fim: Farkl\u0131 \u00fclkelerden ve k\u00fclt\u00fcrlerden insanlarla arkada\u015fl\u0131klar ve ba\u011flant\u0131lar kurun.<\/li>\n<li>Bask\u0131 yok: Hissetmiyor musunuz? Sadece \"ileri\" tu\u015funa bas\u0131n ve yeni bir sohbet ba\u015flat\u0131n - garip vedalar yok.<\/li>\n<li>Anonimlik: Bir takma ad kullan\u0131n, ge\u00e7mi\u015finizi tarafs\u0131z tutun ve yaln\u0131zca istediklerinizi payla\u015f\u0131n.<\/li>\n<li>Yaln\u0131zl\u0131kla sava\u015f\u0131n: Biraz arkada\u015fl\u0131k veya h\u0131zl\u0131 bir ruh hali deste\u011fi isteyen herkes i\u00e7in m\u00fckemmeldir.<\/li>\n<li>Sosyal veya dil becerilerini geli\u015ftirin: \u00d6\u011frenmek, fl\u00f6rt etmek veya sadece konfor alan\u0131n\u0131zdan \u00e7\u0131kmak i\u00e7in harika.<\/li>\n<\/ul>\n<p>\"Yabanc\u0131larla g\u00f6r\u00fcnt\u00fcl\u00fc sohbet etmeye sadece can s\u0131k\u0131nt\u0131s\u0131ndan ba\u015flad\u0131m ama \u015fimdi yeni insanlarla tan\u0131\u015fmak, farkl\u0131 k\u00fclt\u00fcrler hakk\u0131nda bilgi edinmek ve sadece iyi vakit ge\u00e7irmek i\u00e7in yap\u0131yorum. D\u00fcr\u00fcst olmak gerekirse biraz ba\u011f\u0131ml\u0131l\u0131k yap\u0131yor!\"<\/p>\n<h2>Yabanc\u0131larla \u00dccretsiz G\u00f6r\u00fcnt\u00fcl\u00fc Sohbet Nas\u0131l \u00c7al\u0131\u015f\u0131r?<\/h2>\n<p>Yeni ba\u015flayanlar i\u00e7in bile ba\u015flamak kolayd\u0131r:<\/p>\n<ol>\n<li>Yabanc\u0131larla \u00fccretsiz bir g\u00f6r\u00fcnt\u00fcl\u00fc sohbet sitesi veya uygulamas\u0131 se\u00e7in (Omegle, Chatroulette, Chatspin veya Camsurf'\u00fc d\u00fc\u015f\u00fcn\u00fcn).<\/li>\n<li>Kamera ve mikrofon eri\u015fimine izin verin (utanga\u00e7san\u0131z her zaman kameran\u0131n d\u0131\u015f\u0131nda kalabilirsiniz).<\/li>\n<li>Rastgele bir yabanc\u0131yla e\u015fle\u015fmek i\u00e7in \"Ba\u015flat\", \"Ba\u011flan\" veya \"\u0130leri \"ye t\u0131klay\u0131n.<\/li>\n<li>\u0130stedi\u011finiz kadar sohbet edin, sonra haz\u0131r oldu\u011funuzda bir sonraki ki\u015fiye ge\u00e7in.<\/li>\n<li>Bir\u00e7ok platformda ilgi filtreleri, dil ayarlar\u0131 ve anonim se\u00e7enekler de bulunmaktad\u0131r.<\/li>\n<\/ol>\n<p>Karma\u015f\u0131k kay\u0131tlar, uzun formlar yok; sadece saf, an\u0131nda ba\u011flant\u0131.<\/p>\n<h2>Tan\u0131mad\u0131\u011f\u0131n\u0131z Ki\u015filerle G\u00f6r\u00fcnt\u00fcl\u00fc Sohbet Etmek \u0130\u00e7in En \u0130yi Platformlar<\/h2>\n<p>Her ruh hali ve ki\u015filik i\u00e7in bir platform var. \u0130\u015fte baz\u0131 favoriler:<\/p>\n<ul>\n<li>Omegle: Basitli\u011fi ve b\u00fcy\u00fck k\u00fcresel eri\u015fimi ile \u00fcnl\u00fc, yabanc\u0131larla orijinal \u00fccretsiz g\u00f6r\u00fcnt\u00fcl\u00fc sohbet.<\/li>\n<li>Chatroulette: H\u0131zl\u0131, \u00f6ng\u00f6r\u00fclemez ve anl\u0131k video ba\u011flant\u0131lar\u0131na odaklanm\u0131\u015f.<\/li>\n<li>Chatspin: E\u015fle\u015ftirmeyi kolayla\u015ft\u0131rmak i\u00e7in cinsiyet, konum ve ilgi alanlar\u0131 i\u00e7in filtreler ekler.<\/li>\n<li>Camsurf: Temiz tasar\u0131m ve mobil dostu - yabanc\u0131larla h\u0131zl\u0131 bir \u015fekilde rastgele g\u00f6r\u00fcnt\u00fcl\u00fc sohbet etmek i\u00e7in harika.<\/li>\n<li>Chatrandom: Temal\u0131 odalar ve tan\u0131\u015ft\u0131\u011f\u0131n\u0131z ki\u015filer \u00fczerinde daha fazla kontrol sunar.<\/li>\n<li>Bazoocam: Dost canl\u0131s\u0131 bir topluluk ve buzlar\u0131 k\u0131rmak i\u00e7in e\u011flenceli oyunlarla tan\u0131n\u0131r.<\/li>\n<\/ul>\n<p>Hangisinin size uygun oldu\u011funu g\u00f6rmek i\u00e7in birka\u00e7\u0131n\u0131 deneyin; her birinin kendine \u00f6zg\u00fc bir toplulu\u011fu ve h\u0131z\u0131 vard\u0131r.<\/p>\n<h2>Yabanc\u0131larla G\u00f6r\u00fcnt\u00fcl\u00fc Sohbet ve Di\u011fer \u00c7evrimi\u00e7i \u0130leti\u015fim<\/h2>\n<table>\n<thead>\n<tr>\n<th>\u00d6zellik<\/th>\n<th>Yabanc\u0131larla G\u00f6r\u00fcnt\u00fcl\u00fc Sohbet<\/th>\n<th>Grup Sohbeti<\/th>\n<th>Mesajla\u015fma Uygulamalar\u0131<\/th>\n<th>Sosyal Medya<\/th>\n<\/tr>\n<\/thead>\n<tbody>\n<tr>\n<td>Ger\u00e7ek zamanl\u0131 y\u00fcz y\u00fcze<\/td>\n<td>\u2705<\/td>\n<td>\u2705<\/td>\n<td>\u274c<\/td>\n<td>\u2705<\/td>\n<\/tr>\n<tr>\n<td>Anonim\/rastgele e\u015fle\u015ftirme<\/td>\n<td>\u2705<\/td>\n<td>\u274c<\/td>\n<td>\u274c<\/td>\n<td>\u274c<\/td>\n<\/tr>\n<tr>\n<td>Kay\u0131t gerekmiyor<\/td>\n<td>\u2705<\/td>\n<td>\u2705\/\u274c<\/td>\n<td>\u274c<\/td>\n<td>\u274c<\/td>\n<\/tr>\n<tr>\n<td>\"Sonraki\" d\u00fc\u011fmesi (kullan\u0131c\u0131lar\u0131 atla)<\/td>\n<td>\u2705<\/td>\n<td>\u274c<\/td>\n<td>\u274c<\/td>\n<td>\u274c<\/td>\n<\/tr>\n<tr>\n<td>Kullan\u0131m\u0131 \u00fccretsiz<\/td>\n<td>\u2705<\/td>\n<td>\u2705<\/td>\n<td>\u2705<\/td>\n<td>\u2705<\/td>\n<\/tr>\n<\/tbody>\n<\/table>\n<p>Yabanc\u0131larla g\u00f6r\u00fcnt\u00fcl\u00fc sohbet, an\u0131ndal\u0131\u011f\u0131, spontanl\u0131\u011f\u0131 ve tamamen \u00f6ng\u00f6r\u00fclemezli\u011fi ile \u00f6ne \u00e7\u0131k\u0131yor.<\/p>\n<h2>Yabanc\u0131larla G\u00f6r\u00fcnt\u00fcl\u00fc Sohbet Ederken Nas\u0131l G\u00fcvende Kal\u0131n\u0131r?<\/h2>\n<p>\u00c7o\u011fu insan sadece e\u011flence veya ba\u011flant\u0131 arar, ancak gizlili\u011finiz \u00f6nemlidir. Bu ipu\u00e7lar\u0131n\u0131 akl\u0131n\u0131zda tutun:<\/p>\n<ul>\n<li>Bir sohbette asla ki\u015fisel bilgilerinizi (soyad\u0131, adres, telefon numaras\u0131) payla\u015fmay\u0131n.<\/li>\n<li>Bir takma ad kullan\u0131n ve arka plan\u0131n\u0131z\u0131 n\u00f6tr tutun.<\/li>\n<li>Birisi kaba davran\u0131rsa veya sizi rahats\u0131z ederse, bir sonraki ki\u015fiye ge\u00e7in veya raporlama\/engelleme \u00f6zelli\u011fini kullan\u0131n.<\/li>\n<li>Bilinmeyen ba\u011flant\u0131lara t\u0131klamay\u0131n veya hassas resimler payla\u015fmay\u0131n.<\/li>\n<li>Daha fazla gizlilik istiyorsan\u0131z, kay\u0131t gerektirmeyen veya sohbet g\u00fcnl\u00fcklerini saklamayan platformlar\u0131 kullan\u0131n.<\/li>\n<\/ul>\n<p>Dikkatli olmak, bu deneyimi herkes i\u00e7in daha g\u00fcvenli ve daha keyifli hale getirir.<\/p>\n<h2>Yabanc\u0131larla G\u00f6r\u00fcnt\u00fcl\u00fc Sohbeti Kim Kullan\u0131r?<\/h2>\n<p>Hayat\u0131n her kesiminden insanlar! Tan\u0131\u015facaks\u0131n\u0131z:<\/p>\n<ul>\n<li>Dil becerilerini geli\u015ftiren veya yurtd\u0131\u015f\u0131nda arkada\u015f edinen \u00f6\u011frenciler<\/li>\n<li>Fl\u00f6rt etmek ve bulu\u015fmak i\u00e7in d\u00fc\u015f\u00fck bas\u0131n\u00e7l\u0131 bir yol arayan bekarlar<\/li>\n<li>Sadece biriyle konu\u015fmak isteyen gece ku\u015flar\u0131 ve uykusuzlar<\/li>\n<li>Yeni topluluklarla ba\u011flant\u0131 kuran gezginler ve gurbet\u00e7iler<\/li>\n<li>Tavsiye, destek veya yeni bir bak\u0131\u015f a\u00e7\u0131s\u0131 arayan herkes<\/li>\n<\/ul>\n<p>\u0130ster utanga\u00e7 ister d\u0131\u015fa d\u00f6n\u00fck, ister gen\u00e7 ister ya\u015fl\u0131 olun, ekran\u0131n di\u011fer taraf\u0131nda her zaman ilgin\u00e7 biri vard\u0131r.<\/p>\n<h2>Rastgele G\u00f6r\u00fcnt\u00fcl\u00fc Sohbetten En \u0130yi \u015eekilde Yararlanmak \u0130\u00e7in \u0130pu\u00e7lar\u0131<\/h2>\n<ul>\n<li>G\u00fcl\u00fcmseyin ve a\u00e7\u0131k fikirli olun-ilk izlenimler \u00f6nemlidir, \u00e7evrimi\u00e7i olsa bile.<\/li>\n<li>M\u00fczik, seyahat, hobiler veya k\u00fclt\u00fcr hakk\u0131nda sorular sorun. Merak, sohbetleri daha e\u011flenceli hale getirir.<\/li>\n<li>Bir sohbet garip ge\u00e7erse stres yapmay\u0131n. Bir sonraki harika olabilir.<\/li>\n<li>Ba\u011flant\u0131 kurma olas\u0131l\u0131\u011f\u0131n\u0131z\u0131n daha y\u00fcksek oldu\u011fu ki\u015filerle tan\u0131\u015fmak i\u00e7in ilgi alan\u0131 filtrelerini kullan\u0131n.<\/li>\n<li>Gerginseniz, yaln\u0131zca metinle ba\u015flay\u0131n veya rahat olana kadar kameran\u0131z\u0131 kapal\u0131 tutun.<\/li>\n<\/ul>\n<p>Yeni y\u00fczler ve k\u00fcresel bak\u0131\u015f a\u00e7\u0131lar\u0131 i\u00e7in g\u00fcn\u00fcn farkl\u0131 saatlerinde ke\u015ffe \u00e7\u0131k\u0131n.<\/p>\n<h2>Yabanc\u0131larla G\u00f6r\u00fcnt\u00fcl\u00fc Sohbet Ne Zaman Denenmeli<\/h2>\n<ul>\n<li>E\u011fer s\u0131k\u0131ld\u0131ysan\u0131z ve biraz arkada\u015f istiyorsan\u0131z<\/li>\n<li>Yeni k\u00fclt\u00fcrler veya diller hakk\u0131nda bilgi edinmek<\/li>\n<li>H\u0131zl\u0131 kahkahalar, fl\u00f6rt\u00f6z sohbetler ve hatta derin konu\u015fmalar i\u00e7in<\/li>\n<li>Kendinizi yaln\u0131z hissetti\u011finizde veya sadece bir dost y\u00fcz\u00fc g\u00f6rmek istedi\u011finizde<\/li>\n<li>Sosyal \u00e7evrenizi her zamanki balonunuzun \u00f6tesine geni\u015fletmek i\u00e7in<\/li>\n<\/ul>\n<p>Bu gece plan\u0131n\u0131z yok mu? Yabanc\u0131larla yapaca\u011f\u0131n\u0131z rastgele bir g\u00f6r\u00fcnt\u00fcl\u00fc sohbet haftan\u0131z\u0131n en \u00f6nemli olay\u0131 olabilir.<\/p>\n<h2>Yabanc\u0131larla \u00dccretsiz G\u00f6r\u00fcnt\u00fcl\u00fc Sohbet ve \u00dccretli Se\u00e7enekler<\/h2>\n<p>\u00c7o\u011fu site t\u00fcm ana \u00f6zelliklerini \u00fccretsiz olarak sunar; abonelik veya kredi kart\u0131 gerekmez. Baz\u0131 \u00fccretli \u00f6zellikler \u015funlard\u0131r:<\/p>\n<ul>\n<li>Geli\u015fmi\u015f filtreler (cinsiyet, ilgi alanlar\u0131, konum)<\/li>\n<li>\u00d6ncelikli e\u015fle\u015ftirme veya reklams\u0131z deneyim<\/li>\n<li>Sanal hediyeler, \u00e7\u0131kartmalar veya sohbet i\u00e7i oyunlar<\/li>\n<li>\u00d6zel veya sadece davetlilere a\u00e7\u0131k odalar<\/li>\n<\/ul>\n<p>Ancak \u00e7o\u011fu insan i\u00e7in \u00fccretsiz platformlar tan\u0131\u015fmak, sohbet etmek ve ba\u011flant\u0131 kurmak i\u00e7in fazlas\u0131yla yeterli.<\/p>\n<p>Yabanc\u0131larla g\u00f6r\u00fcnt\u00fcl\u00fc sohbet, rutininizden \u00e7\u0131kman\u0131n ve d\u00fcnyan\u0131n her yerinden yeni insanlarla tan\u0131\u015fman\u0131n en heyecan verici ve \u00f6d\u00fcllendirici yollar\u0131ndan biridir. Sadece bir web kameras\u0131 ve biraz merakla, ger\u00e7ek sohbetler, s\u00fcrpriz kar\u015f\u0131la\u015fmalar ve ger\u00e7ek anlar ya\u015fayabilirsiniz - bask\u0131 yok, taahh\u00fct yok ve her zaman yeni bir \u015fey.<\/p>\n<p>Denemeye haz\u0131r m\u0131s\u0131n\u0131z? Bu gece \u00fccretsiz bir g\u00f6r\u00fcnt\u00fcl\u00fc sohbet platformuna atlay\u0131n ve kiminle tan\u0131\u015faca\u011f\u0131n\u0131z\u0131 g\u00f6r\u00fcn. Bir sonraki arkada\u015fl\u0131\u011f\u0131n\u0131z, hikayeniz ve hatta k\u00fc\u00e7\u00fck bir maceran\u0131z sadece bir t\u0131k uza\u011f\u0131n\u0131zda.<\/p>","protected":false},"excerpt":{"rendered":"<p>Tired of the same old group chats, endless social feeds, or messaging apps that feel impersonal? There\u2019s a better way to break out of your bubble\u2014video chat with strangers. With just a webcam and a sense of curiosity, you can open the door to a world of new faces, fresh perspectives, and genuine conversations. Whether [&hellip;]<\/p>\n","protected":false},"author":8,"featured_media":0,"parent":0,"menu_order":0,"comment_status":"closed","ping_status":"closed","template":"","meta":{"footnotes":""},"class_list":["post-3516","page","type-page","status-publish","hentry"],"yoast_head":"<!-- This site is optimized with the Yoast SEO plugin v27.4 - https:\/\/yoast.com\/product\/yoast-seo-wordpress\/ -->\n<title>Video Chat With Strangers with Video Chat on TinyChat.com<\/title>\n<meta name=\"description\" content=\"Enjoying Video Chat With Strangers? Join over 50,000,000 strangers on TinyChat! Turn on your cam and start meeting new people, or find a match.\" \/>\n<meta name=\"robots\" content=\"index, follow, max-snippet:-1, max-image-preview:large, max-video-preview:-1\" \/>\n<link rel=\"canonical\" href=\"https:\/\/tinychat.com\/tr\/video-chat-with-strangers\/\" \/>\n<meta property=\"og:locale\" content=\"tr_TR\" \/>\n<meta property=\"og:type\" content=\"article\" \/>\n<meta property=\"og:title\" content=\"Video Chat With Strangers with Video Chat on TinyChat.com\" \/>\n<meta property=\"og:description\" content=\"Enjoying Video Chat With Strangers? Join over 50,000,000 strangers on TinyChat! Turn on your cam and start meeting new people, or find a match.\" \/>\n<meta property=\"og:url\" content=\"https:\/\/tinychat.com\/tr\/video-chat-with-strangers\/\" \/>\n<meta property=\"og:site_name\" content=\"TinyChat\" \/>\n<meta property=\"article:publisher\" content=\"https:\/\/www.facebook.com\/tinychat\" \/>\n<meta property=\"article:modified_time\" content=\"2025-07-16T12:46:40+00:00\" \/>\n<meta property=\"og:image\" content=\"https:\/\/tinychat.com\/wp-content\/uploads\/2020\/04\/Tinychat-logo-1280x284-new-black.png\" \/>\n\t<meta property=\"og:image:width\" content=\"1280\" \/>\n\t<meta property=\"og:image:height\" content=\"284\" \/>\n\t<meta property=\"og:image:type\" content=\"image\/png\" \/>\n<meta name=\"twitter:card\" content=\"summary_large_image\" \/>\n<meta name=\"twitter:site\" content=\"@tinychat\" \/>\n<meta name=\"twitter:label1\" content=\"Tahmini okuma s\u00fcresi\" \/>\n\t<meta name=\"twitter:data1\" content=\"5 dakika\" \/>\n<script type=\"application\/ld+json\" class=\"yoast-schema-graph\">{\"@context\":\"https:\\\/\\\/schema.org\",\"@graph\":[{\"@type\":\"WebPage\",\"@id\":\"https:\\\/\\\/tinychat.com\\\/video-chat-with-strangers\\\/\",\"url\":\"https:\\\/\\\/tinychat.com\\\/video-chat-with-strangers\\\/\",\"name\":\"Video Chat With Strangers with Video Chat on TinyChat.com\",\"isPartOf\":{\"@id\":\"https:\\\/\\\/tinychat.com\\\/#website\"},\"datePublished\":\"2025-07-15T22:21:58+00:00\",\"dateModified\":\"2025-07-16T12:46:40+00:00\",\"description\":\"Enjoying Video Chat With Strangers? Join over 50,000,000 strangers on TinyChat! Turn on your cam and start meeting new people, or find a match.\",\"breadcrumb\":{\"@id\":\"https:\\\/\\\/tinychat.com\\\/video-chat-with-strangers\\\/#breadcrumb\"},\"inLanguage\":\"tr\",\"potentialAction\":[{\"@type\":\"ReadAction\",\"target\":[\"https:\\\/\\\/tinychat.com\\\/video-chat-with-strangers\\\/\"]}]},{\"@type\":\"BreadcrumbList\",\"@id\":\"https:\\\/\\\/tinychat.com\\\/video-chat-with-strangers\\\/#breadcrumb\",\"itemListElement\":[{\"@type\":\"ListItem\",\"position\":1,\"name\":\"Home\",\"item\":\"https:\\\/\\\/tinychat.com\\\/\"},{\"@type\":\"ListItem\",\"position\":2,\"name\":\"Video Chat With Strangers\"}]},{\"@type\":\"WebSite\",\"@id\":\"https:\\\/\\\/tinychat.com\\\/#website\",\"url\":\"https:\\\/\\\/tinychat.com\\\/\",\"name\":\"TinyChat\",\"description\":\"Random Video Chat with Strangers\",\"publisher\":{\"@id\":\"https:\\\/\\\/tinychat.com\\\/#organization\"},\"alternateName\":\"TinyChat.com\",\"potentialAction\":[{\"@type\":\"SearchAction\",\"target\":{\"@type\":\"EntryPoint\",\"urlTemplate\":\"https:\\\/\\\/tinychat.com\\\/?s={search_term_string}\"},\"query-input\":{\"@type\":\"PropertyValueSpecification\",\"valueRequired\":true,\"valueName\":\"search_term_string\"}}],\"inLanguage\":\"tr\"},{\"@type\":\"Organization\",\"@id\":\"https:\\\/\\\/tinychat.com\\\/#organization\",\"name\":\"TinyChat\",\"alternateName\":\"TinyChat.com\",\"url\":\"https:\\\/\\\/tinychat.com\\\/\",\"logo\":{\"@type\":\"ImageObject\",\"inLanguage\":\"tr\",\"@id\":\"https:\\\/\\\/tinychat.com\\\/#\\\/schema\\\/logo\\\/image\\\/\",\"url\":\"https:\\\/\\\/tinychat.com\\\/wp-content\\\/uploads\\\/2023\\\/11\\\/Tinychat-icon-square.png\",\"contentUrl\":\"https:\\\/\\\/tinychat.com\\\/wp-content\\\/uploads\\\/2023\\\/11\\\/Tinychat-icon-square.png\",\"width\":284,\"height\":284,\"caption\":\"TinyChat\"},\"image\":{\"@id\":\"https:\\\/\\\/tinychat.com\\\/#\\\/schema\\\/logo\\\/image\\\/\"},\"sameAs\":[\"https:\\\/\\\/www.facebook.com\\\/tinychat\",\"https:\\\/\\\/x.com\\\/tinychat\"]}]}<\/script>\n<!-- \/ Yoast SEO plugin. -->","yoast_head_json":{"title":"TinyChat.com'da G\u00f6r\u00fcnt\u00fcl\u00fc Sohbet ile Yabanc\u0131larla G\u00f6r\u00fcnt\u00fcl\u00fc Sohbet","description":"Yabanc\u0131larla G\u00f6r\u00fcnt\u00fcl\u00fc Sohbetin Keyfini mi \u00c7\u0131kar\u0131yorsunuz? TinyChat'de 50.000.000'dan fazla yabanc\u0131ya kat\u0131l\u0131n! Kameran\u0131z\u0131 a\u00e7\u0131n ve yeni insanlarla tan\u0131\u015fmaya ba\u015flay\u0131n veya bir e\u015fle\u015fme bulun.","robots":{"index":"index","follow":"follow","max-snippet":"max-snippet:-1","max-image-preview":"max-image-preview:large","max-video-preview":"max-video-preview:-1"},"canonical":"https:\/\/tinychat.com\/tr\/video-chat-with-strangers\/","og_locale":"tr_TR","og_type":"article","og_title":"Video Chat With Strangers with Video Chat on TinyChat.com","og_description":"Enjoying Video Chat With Strangers? Join over 50,000,000 strangers on TinyChat! Turn on your cam and start meeting new people, or find a match.","og_url":"https:\/\/tinychat.com\/tr\/video-chat-with-strangers\/","og_site_name":"TinyChat","article_publisher":"https:\/\/www.facebook.com\/tinychat","article_modified_time":"2025-07-16T12:46:40+00:00","og_image":[{"width":1280,"height":284,"url":"https:\/\/tinychat.com\/wp-content\/uploads\/2020\/04\/Tinychat-logo-1280x284-new-black.png","type":"image\/png"}],"twitter_card":"summary_large_image","twitter_site":"@tinychat","twitter_misc":{"Tahmini okuma s\u00fcresi":"5 dakika"},"schema":{"@context":"https:\/\/schema.org","@graph":[{"@type":"WebPage","@id":"https:\/\/tinychat.com\/video-chat-with-strangers\/","url":"https:\/\/tinychat.com\/video-chat-with-strangers\/","name":"TinyChat.com'da G\u00f6r\u00fcnt\u00fcl\u00fc Sohbet ile Yabanc\u0131larla G\u00f6r\u00fcnt\u00fcl\u00fc Sohbet","isPartOf":{"@id":"https:\/\/tinychat.com\/#website"},"datePublished":"2025-07-15T22:21:58+00:00","dateModified":"2025-07-16T12:46:40+00:00","description":"Yabanc\u0131larla G\u00f6r\u00fcnt\u00fcl\u00fc Sohbetin Keyfini mi \u00c7\u0131kar\u0131yorsunuz? TinyChat'de 50.000.000'dan fazla yabanc\u0131ya kat\u0131l\u0131n! Kameran\u0131z\u0131 a\u00e7\u0131n ve yeni insanlarla tan\u0131\u015fmaya ba\u015flay\u0131n veya bir e\u015fle\u015fme bulun.","breadcrumb":{"@id":"https:\/\/tinychat.com\/video-chat-with-strangers\/#breadcrumb"},"inLanguage":"tr","potentialAction":[{"@type":"ReadAction","target":["https:\/\/tinychat.com\/video-chat-with-strangers\/"]}]},{"@type":"BreadcrumbList","@id":"https:\/\/tinychat.com\/video-chat-with-strangers\/#breadcrumb","itemListElement":[{"@type":"ListItem","position":1,"name":"Home","item":"https:\/\/tinychat.com\/"},{"@type":"ListItem","position":2,"name":"Video Chat With Strangers"}]},{"@type":"WebSite","@id":"https:\/\/tinychat.com\/#website","url":"https:\/\/tinychat.com\/","name":"TinyChat","description":"Yabanc\u0131larla Rastgele G\u00f6r\u00fcnt\u00fcl\u00fc Sohbet","publisher":{"@id":"https:\/\/tinychat.com\/#organization"},"alternateName":"TinyChat.com","potentialAction":[{"@type":"SearchAction","target":{"@type":"EntryPoint","urlTemplate":"https:\/\/tinychat.com\/?s={search_term_string}"},"query-input":{"@type":"PropertyValueSpecification","valueRequired":true,"valueName":"search_term_string"}}],"inLanguage":"tr"},{"@type":"Organization","@id":"https:\/\/tinychat.com\/#organization","name":"TinyChat","alternateName":"TinyChat.com","url":"https:\/\/tinychat.com\/","logo":{"@type":"ImageObject","inLanguage":"tr","@id":"https:\/\/tinychat.com\/#\/schema\/logo\/image\/","url":"https:\/\/tinychat.com\/wp-content\/uploads\/2023\/11\/Tinychat-icon-square.png","contentUrl":"https:\/\/tinychat.com\/wp-content\/uploads\/2023\/11\/Tinychat-icon-square.png","width":284,"height":284,"caption":"TinyChat"},"image":{"@id":"https:\/\/tinychat.com\/#\/schema\/logo\/image\/"},"sameAs":["https:\/\/www.facebook.com\/tinychat","https:\/\/x.com\/tinychat"]}]}},"_links":{"self":[{"href":"https:\/\/tinychat.com\/tr\/wp-json\/wp\/v2\/pages\/3516","targetHints":{"allow":["GET"]}}],"collection":[{"href":"https:\/\/tinychat.com\/tr\/wp-json\/wp\/v2\/pages"}],"about":[{"href":"https:\/\/tinychat.com\/tr\/wp-json\/wp\/v2\/types\/page"}],"author":[{"embeddable":true,"href":"https:\/\/tinychat.com\/tr\/wp-json\/wp\/v2\/users\/8"}],"replies":[{"embeddable":true,"href":"https:\/\/tinychat.com\/tr\/wp-json\/wp\/v2\/comments?post=3516"}],"version-history":[{"count":2,"href":"https:\/\/tinychat.com\/tr\/wp-json\/wp\/v2\/pages\/3516\/revisions"}],"predecessor-version":[{"id":13330,"href":"https:\/\/tinychat.com\/tr\/wp-json\/wp\/v2\/pages\/3516\/revisions\/13330"}],"wp:attachment":[{"href":"https:\/\/tinychat.com\/tr\/wp-json\/wp\/v2\/media?parent=3516"}],"curies":[{"name":"wp","href":"https:\/\/api.w.org\/{rel}","templated":true}]}}