{"id":3634,"date":"2025-05-18T22:16:01","date_gmt":"2025-05-18T20:16:01","guid":{"rendered":"https:\/\/tinychat.com\/?page_id=3634"},"modified":"2025-06-12T10:27:50","modified_gmt":"2025-06-12T08:27:50","slug":"random-video-call","status":"publish","type":"page","link":"https:\/\/tinychat.com\/tr\/random-video-call\/","title":{"rendered":"Rastgele G\u00f6r\u00fcnt\u00fcl\u00fc Arama"},"content":{"rendered":"<p>Rastgele bir g\u00f6r\u00fcnt\u00fcl\u00fc aramaya atlaman\u0131n \u00e7\u0131lg\u0131nca bir yan\u0131 var - kiminle tan\u0131\u015faca\u011f\u0131n\u0131z\u0131 veya ne t\u00fcr bir sohbet yapaca\u011f\u0131n\u0131z\u0131 asla bilemezsiniz. Belki sohbet etme havas\u0131ndas\u0131n\u0131zd\u0131r, belki sadece farkl\u0131 \u00fclkelerden insanlar\u0131 merak ediyorsunuzdur ya da belki sadece g\u00fcn\u00fcn\u00fcze biraz heyecan katmak istiyorsunuzdur. Sebep ne olursa olsun, rastgele g\u00f6r\u00fcnt\u00fcl\u00fc arama platformlar\u0131n\u0131n pop\u00fclaritesi artt\u0131 ve yabanc\u0131larla y\u00fcz y\u00fcze, an\u0131nda ba\u011flant\u0131 kurmay\u0131 her zamankinden daha kolay hale getirdi.<\/p>\n<p>Bu sohbetler bazen komik, bazen \u015fa\u015f\u0131rt\u0131c\u0131 derecede derin ve bazen de tamamen yeni biriyle zaman ge\u00e7irmekle ilgilidir. Bu \u00f6ng\u00f6r\u00fclemezlik hissi mi? Rastgele g\u00f6r\u00fcnt\u00fcl\u00fc aramalar\u0131 bu kadar ba\u011f\u0131ml\u0131l\u0131k yapan \u015fey budur.<\/p>\n<h2>Rastgele G\u00f6r\u00fcnt\u00fcl\u00fc Arama Platformlar\u0131n\u0131 Bu Kadar E\u011flenceli K\u0131lan Nedir?<\/h2>\n<p>\u00c7o\u011fu sosyal uygulama zaten tan\u0131d\u0131\u011f\u0131n\u0131z insanlarla ilgilidir, ancak rastgele g\u00f6r\u00fcnt\u00fcl\u00fc arama bu fikri tersine \u00e7evirir. Her zamanki ak\u0131\u015f\u0131n\u0131z\u0131 kayd\u0131rmak yerine, bir d\u00fc\u011fmeye bas\u0131yor ve an\u0131nda yeni biriyle ba\u011flant\u0131 kuruyorsunuz - takip\u00e7i yok, garip tan\u0131t\u0131mlar yok, sadece bir yabanc\u0131yla canl\u0131 g\u00f6r\u00fcnt\u00fcl\u00fc sohbet.<\/p>\n<p>\u0130\u015fte insanlar\u0131n geri gelmesini sa\u011flayan \u015fey:<\/p>\n<ul>\n<li>Spontane geli\u015fir: Her konu\u015fma bir s\u00fcrprizdir.<\/li>\n<li>Bask\u0131 yok: \u0130stedi\u011finiz zaman atlay\u0131n veya devam edin.<\/li>\n<li>Ba\u011fl\u0131l\u0131k yok: \u0130stemedi\u011finiz s\u00fcrece numaralar\u0131n\u0131z\u0131 veya sosyal a\u011flar\u0131n\u0131z\u0131 de\u011fi\u015ftirmenize gerek yok.<\/li>\n<\/ul>\n<p>Her \u015feyi tamamen anonim tutabilir, bir dakika veya bir saat sohbet edebilir ve tan\u0131\u015facak yeni insanlarla asla t\u00fckenmezsiniz.<\/p>\n<h2>Rastgele G\u00f6r\u00fcnt\u00fcl\u00fc Arama Siteleri Nas\u0131l \u00c7al\u0131\u015f\u0131r?<\/h2>\n<p>Her \u015fey basitlikle ilgili. \u0130\u015fte \u00e7o\u011fu platformda bekleyebilecekleriniz:<\/p>\n<ol>\n<li>Rastgele bir g\u00f6r\u00fcnt\u00fcl\u00fc arama web sitesine gidin veya bir uygulama a\u00e7\u0131n<\/li>\n<li>\"Ba\u015flat\" veya \"Canl\u0131 Yay\u0131na Ge\u00e7\" se\u00e7ene\u011fine t\u0131klay\u0131n<\/li>\n<li>Ba\u015fka bir kullan\u0131c\u0131yla an\u0131nda e\u015fle\u015fin<\/li>\n<li>G\u00f6r\u00fcnt\u00fcl\u00fc sohbet edin - ve garipse veya i\u015finiz bittiyse, yeni bir e\u015fle\u015fme i\u00e7in \"Sonraki\" d\u00fc\u011fmesine bas\u0131n<\/li>\n<\/ol>\n<p>Baz\u0131 siteler \u00fclkeye veya ilgi alanlar\u0131na g\u00f6re filtreleme yapman\u0131za izin verir, ancak \u00e7o\u011fu zaman bu tamamen \u015fansa ba\u011fl\u0131d\u0131r. Metin veya ses ile ba\u015flamak istiyorsan\u0131z, bir\u00e7ok platform size bu se\u00e7ene\u011fi de sunar.<\/p>\n<h2>Rastgele G\u00f6r\u00fcnt\u00fcl\u00fc Arama Denemek \u0130\u00e7in En \u0130yi Yerler<\/h2>\n<p>Her biri kendi havas\u0131na sahip bir s\u00fcr\u00fc platform var. B\u00fcy\u00fck isimler \u015funlard\u0131r:<\/p>\n<ul>\n<li>Omegle: Rastgele g\u00f6r\u00fcnt\u00fcl\u00fc aramalar i\u00e7in klasik site, basit ve her zaman me\u015fgul.<\/li>\n<li>Chatroulette: H\u0131zl\u0131 e\u015fle\u015ftirme ve b\u00fcy\u00fck kullan\u0131c\u0131 taban\u0131 ile tan\u0131n\u0131r.<\/li>\n<li>OmeTV: D\u00fcnyan\u0131n her yerinden insanlarla h\u0131zl\u0131, g\u00f6steri\u015fsiz g\u00f6r\u00fcnt\u00fcl\u00fc sohbetler i\u00e7in pop\u00fclerdir.<\/li>\n<li>StrangerCam: Kolay video g\u00f6r\u00fc\u015fmelerine ve gizlili\u011fe odaklan\u0131r.<\/li>\n<li>TinyChat: Grup odalar\u0131 i\u00e7in en iyisidir, ancak \u00f6zel rastgele aramalar da m\u00fcmk\u00fcnd\u00fcr.<\/li>\n<\/ul>\n<p>Her sitenin kendine \u00f6zg\u00fc bir tarz\u0131 vard\u0131r, bu nedenle en \u00e7ok hangisini be\u011fendi\u011finizi g\u00f6rmek i\u00e7in birka\u00e7\u0131n\u0131 denemeye de\u011fer.<\/p>\n<h2>Rastgele G\u00f6r\u00fcnt\u00fcl\u00fc G\u00f6r\u00fc\u015fmeler S\u0131ras\u0131nda G\u00fcvende Kalmak<\/h2>\n<p>\u00c7o\u011fu insan sadece sohbet etmek ister, ancak g\u00fcvenlik her zaman iyi bir fikirdir. Birka\u00e7 h\u0131zl\u0131 ipucu:<\/p>\n<ul>\n<li>Takma adlara ba\u011fl\u0131 kal\u0131n - tam ad\u0131n\u0131z\u0131 kullanmay\u0131n.<\/li>\n<li>Adresiniz, telefon numaran\u0131z veya \u00e7al\u0131\u015ft\u0131\u011f\u0131n\u0131z yer gibi ki\u015fisel bilgilerinizi payla\u015fmay\u0131n.<\/li>\n<li>Asla \u015f\u00fcpheli ba\u011flant\u0131lara t\u0131klamay\u0131n veya \u00f6zel g\u00f6r\u00fcnt\u00fcleri payla\u015fmay\u0131n.<\/li>\n<li>Birisi sizi rahats\u0131z ederse, aramay\u0131 b\u0131rak\u0131n veya raporlama\/engelleme \u00f6zelli\u011fini kullan\u0131n.<\/li>\n<\/ul>\n<p>\u0130\u00e7g\u00fcd\u00fclerinize g\u00fcvenin. E\u011flenmek i\u00e7in oradas\u0131n\u0131z, tuhaf tiplerle u\u011fra\u015fmak i\u00e7in de\u011fil.<\/p>\n<h2>\u0130nsanlar Rastgele G\u00f6r\u00fcnt\u00fcl\u00fc G\u00f6r\u00fc\u015fmeyi Neden Seviyor?<\/h2>\n<p>Bu spontane g\u00f6r\u00fcnt\u00fcl\u00fc sohbetleri bu kadar \u00f6zel k\u0131lan nedir? Pek \u00e7ok insan i\u00e7in bu, ger\u00e7ek bir ba\u011flant\u0131 hissidir - sadece birka\u00e7 dakikal\u0131\u011f\u0131na bile olsa, her zamanki baloncu\u011funuzun d\u0131\u015f\u0131nda biriyle konu\u015fmak. Bu, her zamankinden bir kopu\u015f, yeni k\u00fclt\u00fcrler hakk\u0131nda bilgi edinmenin, dil prati\u011fi yapman\u0131n ya da sadece g\u00fclmenin bir yolu.<\/p>\n<p>Ruh halinizi tamamen de\u011fi\u015ftiren, size yeni bir \u015fey \u00f6\u011freten veya daha sonra anlataca\u011f\u0131n\u0131z unutulmaz bir hikayeye d\u00f6n\u00fc\u015fen biriyle tan\u0131\u015fabilirsiniz.<\/p>\n<blockquote><p>\"Karantina s\u0131ras\u0131nda rastgele g\u00f6r\u00fcnt\u00fcl\u00fc arama uygulamalar\u0131n\u0131 kullanmaya ba\u015flad\u0131m. Art\u0131k d\u00fcnyan\u0131n di\u011fer yerlerindeki insanlar\u0131n neler yapt\u0131\u011f\u0131n\u0131 g\u00f6rmek istedi\u011fimde a\u00e7\u0131yorum.\"<\/p>\n<p>\"Baz\u0131 aramalar komik, baz\u0131lar\u0131 garip ama her zaman bir hikayeyle ayr\u0131l\u0131yorsunuz.\"<\/p><\/blockquote>\n<h2>Rastgele G\u00f6r\u00fcnt\u00fcl\u00fc Arama ve Di\u011fer Ba\u011flant\u0131 Yollar\u0131<\/h2>\n<table>\n<thead>\n<tr>\n<th>\u00d6zellik<\/th>\n<th>Rastgele G\u00f6r\u00fcnt\u00fcl\u00fc Arama<\/th>\n<th>Grup G\u00f6r\u00fcnt\u00fcl\u00fc Sohbet<\/th>\n<th>Geleneksel Mesajla\u015fma<\/th>\n<\/tr>\n<\/thead>\n<tbody>\n<tr>\n<td>An\u0131nda y\u00fcz y\u00fcze e\u015fle\u015ftirme<\/td>\n<td>\u2705<\/td>\n<td>\u274c<\/td>\n<td>\u274c<\/td>\n<\/tr>\n<tr>\n<td>Tamamen anonim<\/td>\n<td>\u2705<\/td>\n<td>\u2705<\/td>\n<td>\u2705<\/td>\n<\/tr>\n<tr>\n<td>Bire bir odaklanma<\/td>\n<td>\u2705<\/td>\n<td>\u274c<\/td>\n<td>\u2705<\/td>\n<\/tr>\n<tr>\n<td>\u0130stedi\u011fin zaman ayr\u0131labilirsin<\/td>\n<td>\u2705<\/td>\n<td>\u2705<\/td>\n<td>\u2705<\/td>\n<\/tr>\n<tr>\n<td>Grup havas\u0131<\/td>\n<td>\u274c<\/td>\n<td>\u2705<\/td>\n<td>\u274c<\/td>\n<\/tr>\n<\/tbody>\n<\/table>\n<p>Sonu\u00e7 olarak: rastgele g\u00f6r\u00fcnt\u00fcl\u00fc arama tamamen do\u011frudan, spontane ve \u00f6ng\u00f6r\u00fclemeyen ba\u011flant\u0131 ile ilgilidir.<\/p>\n<h2>Rastgele Bir G\u00f6r\u00fcnt\u00fcl\u00fc G\u00f6r\u00fc\u015fmeden En \u0130yi \u015eekilde Nas\u0131l Yararlan\u0131l\u0131r?<\/h2>\n<p>Biraz \u00e7aba, daha iyi bir deneyim i\u00e7in uzun bir yol kat etmenizi sa\u011flar:<\/p>\n<ul>\n<li>A\u00e7\u0131k fikirli bir \u015fekilde atlay\u0131n - her sohbet yeni bir ba\u015flang\u0131\u00e7t\u0131r.<\/li>\n<li>Ortam k\u00f6t\u00fc ise atlamaktan korkmay\u0131n.<\/li>\n<li>D\u00fcnyan\u0131n her yerinden insanlarla tan\u0131\u015fmak i\u00e7in g\u00fcn\u00fcn farkl\u0131 saatlerini deneyin.<\/li>\n<li>S\u0131n\u0131rlara sayg\u0131 g\u00f6sterin - sizin ve onlar\u0131n s\u0131n\u0131rlar\u0131na.<\/li>\n<li>Kendiniz olun. En iyi konu\u015fmalar ger\u00e7ek oldu\u011funuzda ger\u00e7ekle\u015fir.<\/li>\n<\/ul>\n<p>Rastgele g\u00f6r\u00fcnt\u00fcl\u00fc g\u00f6r\u00fc\u015fme platformlar\u0131, senaryosuz ve yeni bir \u015fey arzulad\u0131\u011f\u0131n\u0131zda m\u00fckemmeldir. Can s\u0131k\u0131nt\u0131s\u0131n\u0131 yenmek, farkl\u0131 insanlar hakk\u0131nda bilgi edinmek ve g\u00fcn\u00fcn\u00fcze spontane bir k\u0131v\u0131lc\u0131m katmak i\u00e7in harika bir yoldur. \u0130htiyac\u0131n\u0131z olan tek \u015fey bir web kameras\u0131, biraz merak ve macera duygusu.<\/p>\n<p>Kendinizi sosyal hissediyorsan\u0131z (ya da sadece heyecan\u0131n ne oldu\u011funu g\u00f6rmek istiyorsan\u0131z), rastgele bir g\u00f6r\u00fcnt\u00fcl\u00fc arama ba\u015flat\u0131n ve s\u0131rada kiminle tan\u0131\u015faca\u011f\u0131n\u0131z\u0131 g\u00f6r\u00fcn. D\u00fcnya ekran\u0131n di\u011fer taraf\u0131nda sizi bekliyor.<\/p>","protected":false},"excerpt":{"rendered":"<p>There\u2019s something wild about hopping on a random video call\u2014you never know who you\u2019ll meet or what kind of conversation you\u2019ll have. Maybe you\u2019re in the mood to chat, maybe you\u2019re just curious about people from different countries, or maybe you just want a little excitement in your day. Whatever the reason, random video call [&hellip;]<\/p>\n","protected":false},"author":8,"featured_media":0,"parent":0,"menu_order":0,"comment_status":"closed","ping_status":"closed","template":"","meta":{"footnotes":""},"class_list":["post-3634","page","type-page","status-publish","hentry"],"yoast_head":"<!-- This site is optimized with the Yoast SEO plugin v27.4 - https:\/\/yoast.com\/product\/yoast-seo-wordpress\/ -->\n<title>Random Video Call with Video Chat on TinyChat.com<\/title>\n<meta name=\"description\" content=\"Enjoying Random Video Call? Join over 50,000,000 strangers on TinyChat! Turn on your cam and start meeting new people, or find a match.\" \/>\n<meta name=\"robots\" content=\"index, follow, max-snippet:-1, max-image-preview:large, max-video-preview:-1\" \/>\n<link rel=\"canonical\" href=\"https:\/\/tinychat.com\/tr\/random-video-call\/\" \/>\n<meta property=\"og:locale\" content=\"tr_TR\" \/>\n<meta property=\"og:type\" content=\"article\" \/>\n<meta property=\"og:title\" content=\"Random Video Call with Video Chat on TinyChat.com\" \/>\n<meta property=\"og:description\" content=\"Enjoying Random Video Call? Join over 50,000,000 strangers on TinyChat! Turn on your cam and start meeting new people, or find a match.\" \/>\n<meta property=\"og:url\" content=\"https:\/\/tinychat.com\/tr\/random-video-call\/\" \/>\n<meta property=\"og:site_name\" content=\"TinyChat\" \/>\n<meta property=\"article:publisher\" content=\"https:\/\/www.facebook.com\/tinychat\" \/>\n<meta property=\"article:modified_time\" content=\"2025-06-12T08:27:50+00:00\" \/>\n<meta property=\"og:image\" content=\"https:\/\/tinychat.com\/wp-content\/uploads\/2020\/04\/Tinychat-logo-1280x284-new-black.png\" \/>\n\t<meta property=\"og:image:width\" content=\"1280\" \/>\n\t<meta property=\"og:image:height\" content=\"284\" \/>\n\t<meta property=\"og:image:type\" content=\"image\/png\" \/>\n<meta name=\"twitter:card\" content=\"summary_large_image\" \/>\n<meta name=\"twitter:site\" content=\"@tinychat\" \/>\n<meta name=\"twitter:label1\" content=\"Tahmini okuma s\u00fcresi\" \/>\n\t<meta name=\"twitter:data1\" content=\"4 dakika\" \/>\n<script type=\"application\/ld+json\" class=\"yoast-schema-graph\">{\"@context\":\"https:\\\/\\\/schema.org\",\"@graph\":[{\"@type\":\"WebPage\",\"@id\":\"https:\\\/\\\/tinychat.com\\\/random-video-call\\\/\",\"url\":\"https:\\\/\\\/tinychat.com\\\/random-video-call\\\/\",\"name\":\"Random Video Call with Video Chat on TinyChat.com\",\"isPartOf\":{\"@id\":\"https:\\\/\\\/tinychat.com\\\/#website\"},\"datePublished\":\"2025-05-18T20:16:01+00:00\",\"dateModified\":\"2025-06-12T08:27:50+00:00\",\"description\":\"Enjoying Random Video Call? Join over 50,000,000 strangers on TinyChat! Turn on your cam and start meeting new people, or find a match.\",\"breadcrumb\":{\"@id\":\"https:\\\/\\\/tinychat.com\\\/random-video-call\\\/#breadcrumb\"},\"inLanguage\":\"tr\",\"potentialAction\":[{\"@type\":\"ReadAction\",\"target\":[\"https:\\\/\\\/tinychat.com\\\/random-video-call\\\/\"]}]},{\"@type\":\"BreadcrumbList\",\"@id\":\"https:\\\/\\\/tinychat.com\\\/random-video-call\\\/#breadcrumb\",\"itemListElement\":[{\"@type\":\"ListItem\",\"position\":1,\"name\":\"Home\",\"item\":\"https:\\\/\\\/tinychat.com\\\/\"},{\"@type\":\"ListItem\",\"position\":2,\"name\":\"Random Video Call\"}]},{\"@type\":\"WebSite\",\"@id\":\"https:\\\/\\\/tinychat.com\\\/#website\",\"url\":\"https:\\\/\\\/tinychat.com\\\/\",\"name\":\"TinyChat\",\"description\":\"Random Video Chat with Strangers\",\"publisher\":{\"@id\":\"https:\\\/\\\/tinychat.com\\\/#organization\"},\"alternateName\":\"TinyChat.com\",\"potentialAction\":[{\"@type\":\"SearchAction\",\"target\":{\"@type\":\"EntryPoint\",\"urlTemplate\":\"https:\\\/\\\/tinychat.com\\\/?s={search_term_string}\"},\"query-input\":{\"@type\":\"PropertyValueSpecification\",\"valueRequired\":true,\"valueName\":\"search_term_string\"}}],\"inLanguage\":\"tr\"},{\"@type\":\"Organization\",\"@id\":\"https:\\\/\\\/tinychat.com\\\/#organization\",\"name\":\"TinyChat\",\"alternateName\":\"TinyChat.com\",\"url\":\"https:\\\/\\\/tinychat.com\\\/\",\"logo\":{\"@type\":\"ImageObject\",\"inLanguage\":\"tr\",\"@id\":\"https:\\\/\\\/tinychat.com\\\/#\\\/schema\\\/logo\\\/image\\\/\",\"url\":\"https:\\\/\\\/tinychat.com\\\/wp-content\\\/uploads\\\/2023\\\/11\\\/Tinychat-icon-square.png\",\"contentUrl\":\"https:\\\/\\\/tinychat.com\\\/wp-content\\\/uploads\\\/2023\\\/11\\\/Tinychat-icon-square.png\",\"width\":284,\"height\":284,\"caption\":\"TinyChat\"},\"image\":{\"@id\":\"https:\\\/\\\/tinychat.com\\\/#\\\/schema\\\/logo\\\/image\\\/\"},\"sameAs\":[\"https:\\\/\\\/www.facebook.com\\\/tinychat\",\"https:\\\/\\\/x.com\\\/tinychat\"]}]}<\/script>\n<!-- \/ Yoast SEO plugin. -->","yoast_head_json":{"title":"TinyChat.com'da G\u00f6r\u00fcnt\u00fcl\u00fc Sohbet ile Rastgele G\u00f6r\u00fcnt\u00fcl\u00fc Arama","description":"Rastgele G\u00f6r\u00fcnt\u00fcl\u00fc G\u00f6r\u00fc\u015fmenin Keyfini mi \u00c7\u0131kar\u0131yorsunuz? TinyChat'de 50.000.000'dan fazla yabanc\u0131ya kat\u0131l\u0131n! Kameran\u0131z\u0131 a\u00e7\u0131n ve yeni insanlarla tan\u0131\u015fmaya ba\u015flay\u0131n veya bir e\u015fle\u015fme bulun.","robots":{"index":"index","follow":"follow","max-snippet":"max-snippet:-1","max-image-preview":"max-image-preview:large","max-video-preview":"max-video-preview:-1"},"canonical":"https:\/\/tinychat.com\/tr\/random-video-call\/","og_locale":"tr_TR","og_type":"article","og_title":"Random Video Call with Video Chat on TinyChat.com","og_description":"Enjoying Random Video Call? Join over 50,000,000 strangers on TinyChat! Turn on your cam and start meeting new people, or find a match.","og_url":"https:\/\/tinychat.com\/tr\/random-video-call\/","og_site_name":"TinyChat","article_publisher":"https:\/\/www.facebook.com\/tinychat","article_modified_time":"2025-06-12T08:27:50+00:00","og_image":[{"width":1280,"height":284,"url":"https:\/\/tinychat.com\/wp-content\/uploads\/2020\/04\/Tinychat-logo-1280x284-new-black.png","type":"image\/png"}],"twitter_card":"summary_large_image","twitter_site":"@tinychat","twitter_misc":{"Tahmini okuma s\u00fcresi":"4 dakika"},"schema":{"@context":"https:\/\/schema.org","@graph":[{"@type":"WebPage","@id":"https:\/\/tinychat.com\/random-video-call\/","url":"https:\/\/tinychat.com\/random-video-call\/","name":"TinyChat.com'da G\u00f6r\u00fcnt\u00fcl\u00fc Sohbet ile Rastgele G\u00f6r\u00fcnt\u00fcl\u00fc Arama","isPartOf":{"@id":"https:\/\/tinychat.com\/#website"},"datePublished":"2025-05-18T20:16:01+00:00","dateModified":"2025-06-12T08:27:50+00:00","description":"Rastgele G\u00f6r\u00fcnt\u00fcl\u00fc G\u00f6r\u00fc\u015fmenin Keyfini mi \u00c7\u0131kar\u0131yorsunuz? TinyChat'de 50.000.000'dan fazla yabanc\u0131ya kat\u0131l\u0131n! Kameran\u0131z\u0131 a\u00e7\u0131n ve yeni insanlarla tan\u0131\u015fmaya ba\u015flay\u0131n veya bir e\u015fle\u015fme bulun.","breadcrumb":{"@id":"https:\/\/tinychat.com\/random-video-call\/#breadcrumb"},"inLanguage":"tr","potentialAction":[{"@type":"ReadAction","target":["https:\/\/tinychat.com\/random-video-call\/"]}]},{"@type":"BreadcrumbList","@id":"https:\/\/tinychat.com\/random-video-call\/#breadcrumb","itemListElement":[{"@type":"ListItem","position":1,"name":"Home","item":"https:\/\/tinychat.com\/"},{"@type":"ListItem","position":2,"name":"Random Video Call"}]},{"@type":"WebSite","@id":"https:\/\/tinychat.com\/#website","url":"https:\/\/tinychat.com\/","name":"TinyChat","description":"Yabanc\u0131larla Rastgele G\u00f6r\u00fcnt\u00fcl\u00fc Sohbet","publisher":{"@id":"https:\/\/tinychat.com\/#organization"},"alternateName":"TinyChat.com","potentialAction":[{"@type":"SearchAction","target":{"@type":"EntryPoint","urlTemplate":"https:\/\/tinychat.com\/?s={search_term_string}"},"query-input":{"@type":"PropertyValueSpecification","valueRequired":true,"valueName":"search_term_string"}}],"inLanguage":"tr"},{"@type":"Organization","@id":"https:\/\/tinychat.com\/#organization","name":"TinyChat","alternateName":"TinyChat.com","url":"https:\/\/tinychat.com\/","logo":{"@type":"ImageObject","inLanguage":"tr","@id":"https:\/\/tinychat.com\/#\/schema\/logo\/image\/","url":"https:\/\/tinychat.com\/wp-content\/uploads\/2023\/11\/Tinychat-icon-square.png","contentUrl":"https:\/\/tinychat.com\/wp-content\/uploads\/2023\/11\/Tinychat-icon-square.png","width":284,"height":284,"caption":"TinyChat"},"image":{"@id":"https:\/\/tinychat.com\/#\/schema\/logo\/image\/"},"sameAs":["https:\/\/www.facebook.com\/tinychat","https:\/\/x.com\/tinychat"]}]}},"_links":{"self":[{"href":"https:\/\/tinychat.com\/tr\/wp-json\/wp\/v2\/pages\/3634","targetHints":{"allow":["GET"]}}],"collection":[{"href":"https:\/\/tinychat.com\/tr\/wp-json\/wp\/v2\/pages"}],"about":[{"href":"https:\/\/tinychat.com\/tr\/wp-json\/wp\/v2\/types\/page"}],"author":[{"embeddable":true,"href":"https:\/\/tinychat.com\/tr\/wp-json\/wp\/v2\/users\/8"}],"replies":[{"embeddable":true,"href":"https:\/\/tinychat.com\/tr\/wp-json\/wp\/v2\/comments?post=3634"}],"version-history":[{"count":3,"href":"https:\/\/tinychat.com\/tr\/wp-json\/wp\/v2\/pages\/3634\/revisions"}],"predecessor-version":[{"id":13233,"href":"https:\/\/tinychat.com\/tr\/wp-json\/wp\/v2\/pages\/3634\/revisions\/13233"}],"wp:attachment":[{"href":"https:\/\/tinychat.com\/tr\/wp-json\/wp\/v2\/media?parent=3634"}],"curies":[{"name":"wp","href":"https:\/\/api.w.org\/{rel}","templated":true}]}}