{"id":3970,"date":"2025-08-07T10:31:39","date_gmt":"2025-08-07T08:31:39","guid":{"rendered":"https:\/\/tinychat.com\/?page_id=3970"},"modified":"2025-08-07T10:52:50","modified_gmt":"2025-08-07T08:52:50","slug":"random-webcam-chat","status":"publish","type":"page","link":"https:\/\/tinychat.com\/tr\/random-webcam-chat\/","title":{"rendered":"Rastgele Webcam Sohbeti"},"content":{"rendered":"<p>\u0130nternet t\u00fcm d\u00fcnyay\u0131 b\u00fcy\u00fck bir mahalleye d\u00f6n\u00fc\u015ft\u00fcrd\u00fc ve hi\u00e7bir \u015fey bu ruhu rastgele webcam sohbeti kadar yakalayamaz. Sadece birka\u00e7 t\u0131klamayla oturma odan\u0131zdan d\u00fcnyan\u0131n \u00f6b\u00fcr ucundaki bir yabanc\u0131yla y\u00fcz y\u00fcze sohbete ge\u00e7ebilirsiniz. \u0130ster arkada\u015f edinmek, ister di\u011fer k\u00fclt\u00fcrler hakk\u0131nda bilgi edinmek ya da sadece spontane bir \u015fekilde e\u011flenmek isteyin, rastgele web kameras\u0131 sohbeti en \u00fcst d\u00fczey dijital macerad\u0131r.<\/p>\n<p>Peki, rastgele webcam sohbeti tam olarak nedir, nas\u0131l \u00e7al\u0131\u015f\u0131r ve neden \u00e7evrimi\u00e7i d\u00fcnyay\u0131 kas\u0131p kavuruyor? Hadi i\u00e7eri dalal\u0131m.<\/p>\n<h2>Rastgele Web Kameras\u0131 Sohbeti Nedir?<\/h2>\n<p>Rastgele web kameras\u0131 sohbeti basit ama g\u00fc\u00e7l\u00fc bir konsepttir: bir platforma giri\u015f yap\u0131n, web kameran\u0131z\u0131 a\u00e7\u0131n ve canl\u0131 bir g\u00f6r\u00fcnt\u00fcl\u00fc konu\u015fma i\u00e7in bir yabanc\u0131yla an\u0131nda e\u015fle\u015fin. Ki\u015fisel bilgilerinizi payla\u015fman\u0131za, profil olu\u015fturman\u0131za veya arkada\u015fl\u0131k iste\u011fi beklemenize gerek yok; sadece an\u0131nda, ger\u00e7ek zamanl\u0131 ba\u011flant\u0131.<\/p>\n<p>Temel \u00f6zellikler genellikle \u015funlar\u0131 i\u00e7erir:<\/p>\n<ul>\n<li>\u00dccretsiz rastgele web kameras\u0131 sohbeti: Ba\u015flamak i\u00e7in \u00fccret yok; \u00f6nde gelen bir\u00e7ok site s\u0131n\u0131rs\u0131z \u00fccretsiz sohbet sunar.<\/li>\n<li>Bire bir e\u015fle\u015ftirme: Ger\u00e7ek bir sohbet i\u00e7in her seferinde bir ki\u015fiyle e\u015fle\u015ftirilirsiniz.<\/li>\n<li>\"\u0130leri\" veya \"Atla\" d\u00fc\u011fmeleri: Sohbet size g\u00f6re de\u011filse, hemen yeni biriyle tan\u0131\u015fmak i\u00e7in t\u0131klay\u0131n.<\/li>\n<li>Anonimlik: Bir takma ad kullan\u0131n veya tamamen anonim kal\u0131n-sadece rahat oldu\u011funuz \u015feyleri payla\u015f\u0131n.<\/li>\n<\/ul>\n<p>S\u0131radan sohbetlerden derin konu\u015fmalara kadar her sohbet benzersizdir.<\/p>\n<h2>Neden Yabanc\u0131larla Rastgele Web Kameras\u0131 Sohbetini Denemelisiniz?<\/h2>\n<p>D\u00fcnyan\u0131n d\u00f6rt bir yan\u0131ndaki milyonlarca insan bir\u00e7ok nedenden dolay\u0131 rastgele web kameras\u0131 sohbetini seviyor:<\/p>\n<ul>\n<li>An\u0131nda ba\u011flant\u0131: Bir profil olu\u015fturman\u0131za veya saatlerce kayd\u0131rman\u0131za gerek yok - saniyeler i\u00e7inde sohbete ba\u015flay\u0131n.<\/li>\n<li>K\u00fcresel arkada\u015fl\u0131klar: Her k\u0131tadan, k\u00fclt\u00fcrden ve ge\u00e7mi\u015ften insanlarla tan\u0131\u015f\u0131n.<\/li>\n<li>Sosyal beceri prati\u011fi yap\u0131n: Utanga\u00e7 insanlar, dil \u00f6\u011frenenler veya \u00f6zg\u00fcvenini art\u0131rmak isteyen herkes i\u00e7in harika.<\/li>\n<li>Bask\u0131 yok: Ho\u015flanmad\u0131n\u0131z m\u0131? Sadece atlay\u0131n ve devam edin - zor duygular yok.<\/li>\n<li>Yaln\u0131zl\u0131kla sava\u015f\u0131n: Gece ge\u00e7 saatlerde, ya\u011fmurlu g\u00fcnlerde veya biraz insani ba\u011f kurmak istedi\u011finiz her an i\u00e7in m\u00fckemmeldir.<\/li>\n<li>Tahmin edilemez e\u011flence: Her sohbet yeni bir hikayedir; kiminle tan\u0131\u015faca\u011f\u0131n\u0131z\u0131 veya ne hakk\u0131nda konu\u015faca\u011f\u0131n\u0131z\u0131 asla bilemezsiniz.<\/li>\n<\/ul>\n<blockquote><p>\"Sadece zaman \u00f6ld\u00fcrmek i\u00e7in rastgele bir webcam sohbetine kat\u0131ld\u0131m ve \u015fimdi d\u00f6rt farkl\u0131 \u00fclkeden arkada\u015f\u0131m var. Baz\u0131 sohbetler aptalca, baz\u0131lar\u0131 derin ve baz\u0131lar\u0131 da beni sadece g\u00fcld\u00fcr\u00fcyor.\"<\/p><\/blockquote>\n<h2>\u00dccretsiz Rastgele Web Kameras\u0131 Sohbeti Nas\u0131l \u00c7al\u0131\u015f\u0131r?<\/h2>\n<p>Daha \u00f6nce hi\u00e7 denemediyseniz bile rastgele web kameras\u0131 sohbetine ba\u015flamak daha kolay olamazd\u0131:<\/p>\n<ol>\n<li>Bir platform se\u00e7in: D\u00fczinelerce \u00fccretsiz rastgele web kameras\u0131 sohbet sitesi ve uygulamas\u0131 vard\u0131r (en iyi se\u00e7imler i\u00e7in a\u015fa\u011f\u0131ya bak\u0131n).<\/li>\n<li>Kamera ve mikrofon eri\u015fimine izin verin: Taray\u0131c\u0131n\u0131z veya uygulaman\u0131z web kameran\u0131z\u0131 ve mikrofonunuzu kullanmak i\u00e7in izin isteyecektir.<\/li>\n<li>Se\u00e7eneklerinizi belirleyin: Baz\u0131 platformlar cinsiyet, \u00fclke veya ilgi alanlar\u0131na g\u00f6re filtreleme yapman\u0131z\u0131 sa\u011flar.<\/li>\n<li>\"Ba\u015flat\", \"Ba\u011flan\" veya \"\u0130leri \"ye t\u0131klay\u0131n: Canl\u0131 bir g\u00f6r\u00fcnt\u00fcl\u00fc sohbet i\u00e7in rastgele bir yabanc\u0131yla an\u0131nda e\u015fle\u015fin.<\/li>\n<li>\u0130stedi\u011finiz kadar sohbet edin: E\u011fer biriyle uyu\u015fursan\u0131z, burada kal\u0131n. De\u011filse, yeni bir e\u015fle\u015fme i\u00e7in \"ileri\" ye bas\u0131n.<\/li>\n<\/ol>\n<p>Kay\u0131t yok, \u015fart yok - sadece saf, canl\u0131 sohbet.<\/p>\n<h2>En \u0130yi Rastgele Webcam Sohbet Siteleri ve Uygulamalar\u0131<\/h2>\n<p>Nereden ba\u015flayaca\u011f\u0131n\u0131z\u0131 merak m\u0131 ediyorsunuz? \u0130\u015fte \u00fccretsiz rastgele web kameras\u0131 sohbeti i\u00e7in en be\u011fenilen, en g\u00fcvenilir platformlardan baz\u0131lar\u0131:<\/p>\n<ul>\n<li>Omegle: Orijinal, yabanc\u0131larla anonim g\u00f6r\u00fcnt\u00fcl\u00fc sohbet i\u00e7in hala g\u00fc\u00e7l\u00fc.<\/li>\n<li>Chatroulette: H\u0131zl\u0131 tempolu, her zaman aktif ve d\u00fcnya \u00e7ap\u0131nda pop\u00fcler.<\/li>\n<li>Chatspin: Cinsiyet, konum ve ilgi alanlar\u0131 i\u00e7in filtreler. E\u011flenceli video efektleri ve kullan\u0131m\u0131 kolay.<\/li>\n<li>Camsurf: G\u00fcvenlik ve pozitiflik i\u00e7in y\u00f6netilir; mobil uyumlu ve basit.<\/li>\n<li>Chatrandom: Grup ve \u00f6zel sohbetler, ayr\u0131ca \u00f6zel e\u015fle\u015fmeler i\u00e7in filtreler.<\/li>\n<li>Bazoocam: Buzlar\u0131 k\u0131rmak i\u00e7in oyunlarla Avrupa'da pop\u00fcler.<\/li>\n<\/ul>\n<p>Hangi ortam\u0131n ve \u00f6zelliklerin size en uygun oldu\u011funu g\u00f6rmek i\u00e7in birka\u00e7\u0131n\u0131 deneyin - her toplulu\u011fun kendine has bir enerjisi vard\u0131r.<\/p>\n<h2>Rastgele Web Kameras\u0131 Sohbeti ve Di\u011fer \u00c7evrimi\u00e7i Sohbet<\/h2>\n<table>\n<thead>\n<tr>\n<th>\u00d6zellik<\/th>\n<th>Rastgele Webcam Sohbeti<\/th>\n<th>Grup Sohbeti<\/th>\n<th>Sosyal Medya<\/th>\n<th>Mesajla\u015fma Uygulamalar\u0131<\/th>\n<\/tr>\n<\/thead>\n<tbody>\n<tr>\n<td>Ger\u00e7ek zamanl\u0131 video<\/td>\n<td>\u2705<\/td>\n<td>\u2705<\/td>\n<td>\u2705<\/td>\n<td>\u2705<\/td>\n<\/tr>\n<tr>\n<td>Rastgele, anonim e\u015fle\u015ftirme<\/td>\n<td>\u2705<\/td>\n<td>\u274c<\/td>\n<td>\u274c<\/td>\n<td>\u274c<\/td>\n<\/tr>\n<tr>\n<td>\"Sonraki\"\/atlama se\u00e7ene\u011fi<\/td>\n<td>\u2705<\/td>\n<td>\u274c<\/td>\n<td>\u274c<\/td>\n<td>\u274c<\/td>\n<\/tr>\n<tr>\n<td>Kay\u0131t gerekmiyor<\/td>\n<td>\u2705<\/td>\n<td>\u2705\/\u274c<\/td>\n<td>\u274c<\/td>\n<td>\u274c<\/td>\n<\/tr>\n<tr>\n<td>Kullan\u0131m\u0131 \u00fccretsiz<\/td>\n<td>\u2705<\/td>\n<td>\u2705<\/td>\n<td>\u2705<\/td>\n<td>\u2705<\/td>\n<\/tr>\n<\/tbody>\n<\/table>\n<p>Rastgele web kameras\u0131 sohbeti, kendili\u011findenli\u011fi, anonimli\u011fi ve daha sonra kiminle tan\u0131\u015faca\u011f\u0131n\u0131z\u0131 bilmemenin heyecan\u0131 ile e\u015fsizdir.<\/p>\n<h2>Rastgele Web Kameras\u0131 Sohbeti G\u00fcvenli mi?<\/h2>\n<p>\u00c7o\u011fu insan rastgele web kameras\u0131 sohbetini zarars\u0131z e\u011flence i\u00e7in kullan\u0131r, ancak \u00e7evrimi\u00e7i her \u015feyde oldu\u011fu gibi, g\u00fcvenlik \u00f6nce gelir:<\/p>\n<ul>\n<li>Ki\u015fisel bilgilerinizi asla payla\u015fmay\u0131n: Tam ad\u0131n\u0131z\u0131, adresinizi, telefon numaran\u0131z\u0131 ve sosyal medya hesaplar\u0131n\u0131z\u0131 gizli tutun.<\/li>\n<li>N\u00f6tr bir arka plan kullan\u0131n: Yabanc\u0131lar\u0131n g\u00f6rmesini istemeyece\u011finiz hi\u00e7bir \u015feyi g\u00f6stermeyin.<\/li>\n<li>\u0130\u00e7g\u00fcd\u00fclerinize g\u00fcvenin: Biri size k\u00f6t\u00fc hissettiriyorsa veya sizi rahats\u0131z ediyorsa, onu atlay\u0131n veya engelleyin.<\/li>\n<li>Uygunsuz davran\u0131\u015flar\u0131 bildirin: \u00c7o\u011fu platformun h\u0131zl\u0131 raporlama ve engelleme \u00f6zellikleri vard\u0131r.<\/li>\n<li>Ba\u011flant\u0131lar ve dosyalar konusunda dikkatli olun: Tan\u0131mad\u0131\u011f\u0131n\u0131z bir ki\u015fiye asla t\u0131klamay\u0131n veya ondan bir \u015fey indirmeyin.<\/li>\n<\/ul>\n<p>En iyi deneyim i\u00e7in aktif moderasyona ve net kurallara sahip sayg\u0131n sitelere ba\u011fl\u0131 kal\u0131n.<\/p>\n<h2>Rastgele Web Kameras\u0131 Sohbetini Kimler Kullan\u0131r?<\/h2>\n<p>Herkes i\u00e7in! Tipik kullan\u0131c\u0131lar \u015funlar\u0131 i\u00e7erir:<\/p>\n<ul>\n<li>Fl\u00f6rt etmek veya yeni arkada\u015flar bulmak isteyen bekarlar<\/li>\n<li>\u00d6\u011frenciler ve dil \u00f6\u011frenenler konu\u015fma prati\u011fi yap\u0131yor<\/li>\n<li>Arkada\u015f arayan gece ku\u015flar\u0131 ve s\u0131k\u0131lm\u0131\u015f uykusuzlar<\/li>\n<li>K\u00fcresel olarak ba\u011flant\u0131 kurmak veya yeni k\u00fclt\u00fcrler hakk\u0131nda bilgi edinmek isteyen ki\u015filer<\/li>\n<li>Sadece biraz spontane e\u011flence isteyen herkes<\/li>\n<\/ul>\n<p>Ya\u015f\u0131n\u0131z, ge\u00e7mi\u015finiz veya ilgi alanlar\u0131n\u0131z ne olursa olsun, sizi \u015fa\u015f\u0131rtan biriyle tan\u0131\u015fman\u0131z muhtemeldir.<\/p>\n<h2>Harika Bir Rastgele Webcam Sohbet Deneyimi \u0130\u00e7in \u0130pu\u00e7lar\u0131<\/h2>\n<ul>\n<li>Arkada\u015f canl\u0131s\u0131 olun: G\u00fcl\u00fcmseyin, merhaba deyin ve basit bir soruyla ba\u015flay\u0131n.<\/li>\n<li>Hafif tutun: Aptalca davranmaktan, bir \u015faka payla\u015fmaktan veya hobilerinizi sormaktan \u00e7ekinmeyin.<\/li>\n<li>Biri atlarsa bunu ki\u015fisel alg\u0131lamay\u0131n: Herkes farkl\u0131 bir \u015fey ar\u0131yor.<\/li>\n<li>Varsa filtreleri kullan\u0131n: Cinsiyet, \u00fclke veya ilgi alan\u0131 etiketleri daha iyi e\u015fle\u015fmeler bulman\u0131za yard\u0131mc\u0131 olur.<\/li>\n<li>Farkl\u0131 zamanlarda deneyin: D\u00fcnya her zaman bir yerlerde uyan\u0131kt\u0131r - yeni y\u00fczler i\u00e7in kar\u0131\u015ft\u0131r\u0131n.<\/li>\n<\/ul>\n<h2>Rastgele Web Kameras\u0131 Sohbeti Ne Zaman Kullan\u0131lmal\u0131<\/h2>\n<ul>\n<li>S\u0131k\u0131ld\u0131\u011f\u0131n\u0131zda ve spontane bir arkada\u015fl\u0131k istedi\u011finizde<\/li>\n<li>Di\u011fer \u00fclkelerden ve k\u00fclt\u00fcrlerden insanlarla tan\u0131\u015fmak<\/li>\n<li>Yeni diller veya sosyal beceriler geli\u015ftirmek i\u00e7in<\/li>\n<li>Kendinizi yaln\u0131z hissediyorsan\u0131z ya da sadece konu\u015fmak istiyorsan\u0131z<\/li>\n<li>Senaryosuz, ger\u00e7ek zamanl\u0131 bir macera istedi\u011finiz her an<\/li>\n<\/ul>\n<h2>\u00dccretsiz ve \u00dccretli \u00d6zellikler<\/h2>\n<p>\u00c7o\u011fu rastgele web kameras\u0131 sohbet platformu tamamen \u00fccretsizdir. Baz\u0131lar\u0131 iste\u011fe ba\u011fl\u0131 \u00fccretli ekstralar sunar:<\/p>\n<ul>\n<li>S\u0131n\u0131rs\u0131z filtre veya e\u015fle\u015ftirme<\/li>\n<li>Reklams\u0131z deneyim<\/li>\n<li>Kuyruklarda veya premium \u00f6zelliklerde \u00f6ncelik<\/li>\n<li>\u00d6zel veya ayr\u0131cal\u0131kl\u0131 sohbet odalar\u0131na eri\u015fim<\/li>\n<\/ul>\n<p>\u00dccretsiz s\u00fcr\u00fcm \u00e7o\u011fu kullan\u0131c\u0131 i\u00e7in fazlas\u0131yla yeterli; ekstra avantajlar istemiyorsan\u0131z \u00f6deme yapman\u0131za gerek yok.<\/p>\n<p>Rastgele web kameras\u0131 sohbeti, k\u00fcresel merak, ba\u011flant\u0131 ve e\u011flence i\u00e7in modern bir cevapt\u0131r. \u0130ster arkada\u015fl\u0131k, ister romantizm, ister dil prati\u011fi veya sadece rutini k\u0131racak bir \u015fey ar\u0131yor olun, bu platformlar parmaklar\u0131n\u0131z\u0131n ucuna bir d\u00fcnya y\u00fcz getiriyor - taahh\u00fct yok, bask\u0131 yok, sadece ger\u00e7ek insanlar ve ger\u00e7ek sohbetler.<\/p>\n<p>Denemeye haz\u0131r m\u0131s\u0131n\u0131z? Web kameran\u0131z\u0131 a\u00e7\u0131n, bir site se\u00e7in ve orada kimlerin oldu\u011funu g\u00f6r\u00fcn. Bir sonraki favori sohbetiniz sadece bir t\u0131k uza\u011f\u0131n\u0131zda olabilir.<\/p>","protected":false},"excerpt":{"rendered":"<p>The internet has turned the whole world into one big neighborhood\u2014and nothing captures that spirit quite like random webcam chat. In just a few clicks, you can go from your living room to a face-to-face conversation with a stranger across the globe. Whether you\u2019re looking to make friends, learn about other cultures, or just have [&hellip;]<\/p>\n","protected":false},"author":8,"featured_media":0,"parent":0,"menu_order":0,"comment_status":"closed","ping_status":"closed","template":"","meta":{"footnotes":""},"class_list":["post-3970","page","type-page","status-publish","hentry"],"yoast_head":"<!-- This site is optimized with the Yoast SEO plugin v27.5 - https:\/\/yoast.com\/product\/yoast-seo-wordpress\/ -->\n<title>Random Webcam Chat with Video Chat on TinyChat.com<\/title>\n<meta name=\"description\" content=\"Enjoying Random Webcam Chat? Join over 50,000,000 strangers on TinyChat! Turn on your cam and start meeting new people, or find a match.\" \/>\n<meta name=\"robots\" content=\"index, follow, max-snippet:-1, max-image-preview:large, max-video-preview:-1\" \/>\n<link rel=\"canonical\" href=\"https:\/\/tinychat.com\/tr\/random-webcam-chat\/\" \/>\n<meta property=\"og:locale\" content=\"tr_TR\" \/>\n<meta property=\"og:type\" content=\"article\" \/>\n<meta property=\"og:title\" content=\"Random Webcam Chat with Video Chat on TinyChat.com\" \/>\n<meta property=\"og:description\" content=\"Enjoying Random Webcam Chat? Join over 50,000,000 strangers on TinyChat! Turn on your cam and start meeting new people, or find a match.\" \/>\n<meta property=\"og:url\" content=\"https:\/\/tinychat.com\/tr\/random-webcam-chat\/\" \/>\n<meta property=\"og:site_name\" content=\"TinyChat\" \/>\n<meta property=\"article:publisher\" content=\"https:\/\/www.facebook.com\/tinychat\" \/>\n<meta property=\"article:modified_time\" content=\"2025-08-07T08:52:50+00:00\" \/>\n<meta property=\"og:image\" content=\"https:\/\/tinychat.com\/wp-content\/uploads\/2020\/04\/Tinychat-logo-1280x284-new-black.png\" \/>\n\t<meta property=\"og:image:width\" content=\"1280\" \/>\n\t<meta property=\"og:image:height\" content=\"284\" \/>\n\t<meta property=\"og:image:type\" content=\"image\/png\" \/>\n<meta name=\"twitter:card\" content=\"summary_large_image\" \/>\n<meta name=\"twitter:site\" content=\"@tinychat\" \/>\n<meta name=\"twitter:label1\" content=\"Tahmini okuma s\u00fcresi\" \/>\n\t<meta name=\"twitter:data1\" content=\"5 dakika\" \/>\n<script type=\"application\/ld+json\" class=\"yoast-schema-graph\">{\"@context\":\"https:\\\/\\\/schema.org\",\"@graph\":[{\"@type\":\"WebPage\",\"@id\":\"https:\\\/\\\/tinychat.com\\\/random-webcam-chat\\\/\",\"url\":\"https:\\\/\\\/tinychat.com\\\/random-webcam-chat\\\/\",\"name\":\"Random Webcam Chat with Video Chat on TinyChat.com\",\"isPartOf\":{\"@id\":\"https:\\\/\\\/tinychat.com\\\/#website\"},\"datePublished\":\"2025-08-07T08:31:39+00:00\",\"dateModified\":\"2025-08-07T08:52:50+00:00\",\"description\":\"Enjoying Random Webcam Chat? Join over 50,000,000 strangers on TinyChat! Turn on your cam and start meeting new people, or find a match.\",\"breadcrumb\":{\"@id\":\"https:\\\/\\\/tinychat.com\\\/random-webcam-chat\\\/#breadcrumb\"},\"inLanguage\":\"tr\",\"potentialAction\":[{\"@type\":\"ReadAction\",\"target\":[\"https:\\\/\\\/tinychat.com\\\/random-webcam-chat\\\/\"]}]},{\"@type\":\"BreadcrumbList\",\"@id\":\"https:\\\/\\\/tinychat.com\\\/random-webcam-chat\\\/#breadcrumb\",\"itemListElement\":[{\"@type\":\"ListItem\",\"position\":1,\"name\":\"Home\",\"item\":\"https:\\\/\\\/tinychat.com\\\/\"},{\"@type\":\"ListItem\",\"position\":2,\"name\":\"Random Webcam Chat\"}]},{\"@type\":\"WebSite\",\"@id\":\"https:\\\/\\\/tinychat.com\\\/#website\",\"url\":\"https:\\\/\\\/tinychat.com\\\/\",\"name\":\"TinyChat\",\"description\":\"Random Video Chat with Strangers\",\"publisher\":{\"@id\":\"https:\\\/\\\/tinychat.com\\\/#organization\"},\"alternateName\":\"TinyChat.com\",\"potentialAction\":[{\"@type\":\"SearchAction\",\"target\":{\"@type\":\"EntryPoint\",\"urlTemplate\":\"https:\\\/\\\/tinychat.com\\\/?s={search_term_string}\"},\"query-input\":{\"@type\":\"PropertyValueSpecification\",\"valueRequired\":true,\"valueName\":\"search_term_string\"}}],\"inLanguage\":\"tr\"},{\"@type\":\"Organization\",\"@id\":\"https:\\\/\\\/tinychat.com\\\/#organization\",\"name\":\"TinyChat\",\"alternateName\":\"TinyChat.com\",\"url\":\"https:\\\/\\\/tinychat.com\\\/\",\"logo\":{\"@type\":\"ImageObject\",\"inLanguage\":\"tr\",\"@id\":\"https:\\\/\\\/tinychat.com\\\/#\\\/schema\\\/logo\\\/image\\\/\",\"url\":\"https:\\\/\\\/tinychat.com\\\/wp-content\\\/uploads\\\/2023\\\/11\\\/Tinychat-icon-square.png\",\"contentUrl\":\"https:\\\/\\\/tinychat.com\\\/wp-content\\\/uploads\\\/2023\\\/11\\\/Tinychat-icon-square.png\",\"width\":284,\"height\":284,\"caption\":\"TinyChat\"},\"image\":{\"@id\":\"https:\\\/\\\/tinychat.com\\\/#\\\/schema\\\/logo\\\/image\\\/\"},\"sameAs\":[\"https:\\\/\\\/www.facebook.com\\\/tinychat\",\"https:\\\/\\\/x.com\\\/tinychat\"]}]}<\/script>\n<!-- \/ Yoast SEO plugin. -->","yoast_head_json":{"title":"TinyChat.com'da G\u00f6r\u00fcnt\u00fcl\u00fc Sohbet ile Rastgele Web Kameras\u0131 Sohbeti","description":"Rastgele Webcam Sohbetinin tad\u0131n\u0131 m\u0131 \u00e7\u0131kar\u0131yorsun? TinyChat'de 50.000.000'dan fazla yabanc\u0131ya kat\u0131l\u0131n! Kameran\u0131z\u0131 a\u00e7\u0131n ve yeni insanlarla tan\u0131\u015fmaya ba\u015flay\u0131n veya bir e\u015fle\u015fme bulun.","robots":{"index":"index","follow":"follow","max-snippet":"max-snippet:-1","max-image-preview":"max-image-preview:large","max-video-preview":"max-video-preview:-1"},"canonical":"https:\/\/tinychat.com\/tr\/random-webcam-chat\/","og_locale":"tr_TR","og_type":"article","og_title":"Random Webcam Chat with Video Chat on TinyChat.com","og_description":"Enjoying Random Webcam Chat? Join over 50,000,000 strangers on TinyChat! Turn on your cam and start meeting new people, or find a match.","og_url":"https:\/\/tinychat.com\/tr\/random-webcam-chat\/","og_site_name":"TinyChat","article_publisher":"https:\/\/www.facebook.com\/tinychat","article_modified_time":"2025-08-07T08:52:50+00:00","og_image":[{"width":1280,"height":284,"url":"https:\/\/tinychat.com\/wp-content\/uploads\/2020\/04\/Tinychat-logo-1280x284-new-black.png","type":"image\/png"}],"twitter_card":"summary_large_image","twitter_site":"@tinychat","twitter_misc":{"Tahmini okuma s\u00fcresi":"5 dakika"},"schema":{"@context":"https:\/\/schema.org","@graph":[{"@type":"WebPage","@id":"https:\/\/tinychat.com\/random-webcam-chat\/","url":"https:\/\/tinychat.com\/random-webcam-chat\/","name":"TinyChat.com'da G\u00f6r\u00fcnt\u00fcl\u00fc Sohbet ile Rastgele Web Kameras\u0131 Sohbeti","isPartOf":{"@id":"https:\/\/tinychat.com\/#website"},"datePublished":"2025-08-07T08:31:39+00:00","dateModified":"2025-08-07T08:52:50+00:00","description":"Rastgele Webcam Sohbetinin tad\u0131n\u0131 m\u0131 \u00e7\u0131kar\u0131yorsun? TinyChat'de 50.000.000'dan fazla yabanc\u0131ya kat\u0131l\u0131n! Kameran\u0131z\u0131 a\u00e7\u0131n ve yeni insanlarla tan\u0131\u015fmaya ba\u015flay\u0131n veya bir e\u015fle\u015fme bulun.","breadcrumb":{"@id":"https:\/\/tinychat.com\/random-webcam-chat\/#breadcrumb"},"inLanguage":"tr","potentialAction":[{"@type":"ReadAction","target":["https:\/\/tinychat.com\/random-webcam-chat\/"]}]},{"@type":"BreadcrumbList","@id":"https:\/\/tinychat.com\/random-webcam-chat\/#breadcrumb","itemListElement":[{"@type":"ListItem","position":1,"name":"Home","item":"https:\/\/tinychat.com\/"},{"@type":"ListItem","position":2,"name":"Random Webcam Chat"}]},{"@type":"WebSite","@id":"https:\/\/tinychat.com\/#website","url":"https:\/\/tinychat.com\/","name":"TinyChat","description":"Yabanc\u0131larla Rastgele G\u00f6r\u00fcnt\u00fcl\u00fc Sohbet","publisher":{"@id":"https:\/\/tinychat.com\/#organization"},"alternateName":"TinyChat.com","potentialAction":[{"@type":"SearchAction","target":{"@type":"EntryPoint","urlTemplate":"https:\/\/tinychat.com\/?s={search_term_string}"},"query-input":{"@type":"PropertyValueSpecification","valueRequired":true,"valueName":"search_term_string"}}],"inLanguage":"tr"},{"@type":"Organization","@id":"https:\/\/tinychat.com\/#organization","name":"TinyChat","alternateName":"TinyChat.com","url":"https:\/\/tinychat.com\/","logo":{"@type":"ImageObject","inLanguage":"tr","@id":"https:\/\/tinychat.com\/#\/schema\/logo\/image\/","url":"https:\/\/tinychat.com\/wp-content\/uploads\/2023\/11\/Tinychat-icon-square.png","contentUrl":"https:\/\/tinychat.com\/wp-content\/uploads\/2023\/11\/Tinychat-icon-square.png","width":284,"height":284,"caption":"TinyChat"},"image":{"@id":"https:\/\/tinychat.com\/#\/schema\/logo\/image\/"},"sameAs":["https:\/\/www.facebook.com\/tinychat","https:\/\/x.com\/tinychat"]}]}},"_links":{"self":[{"href":"https:\/\/tinychat.com\/tr\/wp-json\/wp\/v2\/pages\/3970","targetHints":{"allow":["GET"]}}],"collection":[{"href":"https:\/\/tinychat.com\/tr\/wp-json\/wp\/v2\/pages"}],"about":[{"href":"https:\/\/tinychat.com\/tr\/wp-json\/wp\/v2\/types\/page"}],"author":[{"embeddable":true,"href":"https:\/\/tinychat.com\/tr\/wp-json\/wp\/v2\/users\/8"}],"replies":[{"embeddable":true,"href":"https:\/\/tinychat.com\/tr\/wp-json\/wp\/v2\/comments?post=3970"}],"version-history":[{"count":2,"href":"https:\/\/tinychat.com\/tr\/wp-json\/wp\/v2\/pages\/3970\/revisions"}],"predecessor-version":[{"id":13416,"href":"https:\/\/tinychat.com\/tr\/wp-json\/wp\/v2\/pages\/3970\/revisions\/13416"}],"wp:attachment":[{"href":"https:\/\/tinychat.com\/tr\/wp-json\/wp\/v2\/media?parent=3970"}],"curies":[{"name":"wp","href":"https:\/\/api.w.org\/{rel}","templated":true}]}}