{"id":4022,"date":"2025-08-14T09:43:36","date_gmt":"2025-08-14T07:43:36","guid":{"rendered":"https:\/\/tinychat.com\/?page_id=4022"},"modified":"2025-08-14T10:00:09","modified_gmt":"2025-08-14T08:00:09","slug":"free-random-video-chat","status":"publish","type":"page","link":"https:\/\/tinychat.com\/tr\/free-random-video-chat\/","title":{"rendered":"\u00dccretsiz Rastgele G\u00f6r\u00fcnt\u00fcl\u00fc Sohbet"},"content":{"rendered":"<p>\u00c7evrimi\u00e7i etkile\u015fimlerin \u00e7o\u011funun dikkatlice se\u00e7ildi\u011fi bir d\u00fcnyada, \u00fccretsiz rastgele g\u00f6r\u00fcnt\u00fcl\u00fc sohbet, spontanl\u0131\u011f\u0131n heyecan\u0131n\u0131 geri getiriyor. S\u0131rada kiminle kar\u015f\u0131la\u015faca\u011f\u0131n\u0131z\u0131 asla bilemezsiniz - caddenin kar\u015f\u0131s\u0131ndan ya da d\u00fcnyan\u0131n \u00f6b\u00fcr ucundan biriyle. Tek bir t\u0131klamayla bir yabanc\u0131yla y\u00fcz y\u00fcze gelebilir, hikayelerinizi, \u015fakalar\u0131n\u0131z\u0131 ya da sadece birka\u00e7 dakikan\u0131z\u0131 payla\u015fabilirsiniz.<\/p>\n<p>Bu ger\u00e7ek, filtrelenmemi\u015f bir ba\u011flant\u0131d\u0131r - sosyal ak\u0131\u015flar\u0131n ve fl\u00f6rt uygulamalar\u0131n\u0131n tam olarak kopyalayamayaca\u011f\u0131 bir \u015fey.<\/p>\n<h2>\u00dccretsiz Rastgele G\u00f6r\u00fcnt\u00fcl\u00fc Sohbet Nedir?<\/h2>\n<p>\u00dccretsiz rastgele g\u00f6r\u00fcnt\u00fcl\u00fc sohbet tam olarak g\u00f6r\u00fcnd\u00fc\u011f\u00fc gibidir: bir kuru\u015f \u00f6demeden, tamamen rastgele e\u015fle\u015fen bir yabanc\u0131yla canl\u0131, bire bir g\u00f6r\u00fcnt\u00fcl\u00fc konu\u015fma. Siteyi veya uygulamay\u0131 a\u00e7ars\u0131n\u0131z, web kameran\u0131za ve mikrofonunuza izin verirsiniz ve platform sizi an\u0131nda ayn\u0131 \u015feyi yapan ba\u015fka bir ki\u015fiye ba\u011flar.<\/p>\n<p>Profil yok, kayd\u0131rma yok, uzun biyografiler yok - sadece an\u0131nda, ger\u00e7ek zamanl\u0131 ileti\u015fim.<\/p>\n<p>Baz\u0131 platformlar bunu tamamen rastgele tutarken, di\u011ferleri tan\u0131\u015ft\u0131\u011f\u0131n\u0131z ki\u015fileri y\u00f6nlendirmek i\u00e7in ilgi alanlar\u0131, konum veya cinsiyet gibi filtreler eklemenize izin verir.<\/p>\n<h2>\u0130nsanlar \u00dccretsiz G\u00f6r\u00fcnt\u00fcl\u00fc Aramay\u0131 Neden Seviyor?<\/h2>\n<p>Cazibesi tek bir kelimeye dayan\u0131yor: s\u00fcrpriz. Her t\u0131klama yeni bir ba\u015flang\u0131\u00e7t\u0131r ve istemedi\u011finiz takdirde sohbeti devam ettirme bask\u0131s\u0131 yoktur.<\/p>\n<p>\u0130\u015fte bu y\u00fczden bu kadar \u00e7ok insan \u00fccretsiz rastgele g\u00f6r\u00fcnt\u00fcl\u00fc sohbeti se\u00e7iyor:<\/p>\n<ul>\n<li>An\u0131nda - Kay\u0131t veya kredi kart\u0131 gerekmez. Sadece kat\u0131l\u0131n ve konu\u015fmaya ba\u015flay\u0131n.<\/li>\n<li>K\u00fcreseldir - Farkl\u0131 k\u00fclt\u00fcrlerden, zaman dilimlerinden ve ya\u015fam tarzlar\u0131ndan insanlarla tan\u0131\u015f\u0131n.<\/li>\n<li>Tahmin edilemez - Her g\u00f6r\u00fc\u015fme farkl\u0131d\u0131r; sonunda \u00f6\u011frenebilir, g\u00fclebilir ve hatta yeni bir arkada\u015f edinebilirsiniz.<\/li>\n<li>\u00d6zeldir - \u00c7o\u011fu platform ger\u00e7ek isim gerektirmez, bu da kimli\u011finizi g\u00fcvende tutar.<\/li>\n<li>Esnektir - Bir ki\u015fiyle saatlerce kal\u0131n veya birka\u00e7 saniye sonra atlay\u0131n - bu tamamen size kalm\u0131\u015f.<\/li>\n<\/ul>\n<h2>\u00dccretsiz Rastgele G\u00f6r\u00fcnt\u00fcl\u00fc Sohbet Nas\u0131l \u00c7al\u0131\u015f\u0131r?<\/h2>\n<p>Ba\u015flamak h\u0131zl\u0131 ve basittir:<\/p>\n<ol>\n<li>Bir platform se\u00e7in - Se\u00e7enekler aras\u0131nda TinyChat, Chatspin, CamSurf ve \u00fccretsiz rastgele canl\u0131 g\u00f6r\u00fcnt\u00fcl\u00fc sohbet sunan di\u011ferleri bulunur.<\/li>\n<li>Kamera ve mikrofonu etkinle\u015ftirin - Bu, di\u011fer ki\u015fiyi ger\u00e7ek zamanl\u0131 olarak g\u00f6rmenizi ve duyman\u0131z\u0131 sa\u011flar.<\/li>\n<li>Ba\u011flanmak i\u00e7in t\u0131klay\u0131n - Platform sizi rastgele ba\u015fka bir kullan\u0131c\u0131yla e\u015fle\u015ftirir.<\/li>\n<li>Kal\u0131p kalmayaca\u011f\u0131n\u0131za veya atlay\u0131p atlamayaca\u011f\u0131n\u0131za karar verin - Sohbetten keyif al\u0131yorsan\u0131z devam edin. De\u011filse, \"\u0130leri\" ye t\u0131klay\u0131n ve an\u0131nda yeni biriyle tan\u0131\u015f\u0131n.<\/li>\n<\/ol>\n<p>Bir\u00e7ok site hem masa\u00fcst\u00fc taray\u0131c\u0131larda hem de mobil cihazlarda \u00e7al\u0131\u015f\u0131r, b\u00f6ylece onlar\u0131 her yerde kullanabilirsiniz.<\/p>\n<h2>Pop\u00fcler Rastgele G\u00f6r\u00fcnt\u00fcl\u00fc Sohbet Deneyimi T\u00fcrleri<\/h2>\n<p>\u00dccretsiz rastgele kamera sohbetleri, her biri kendi havas\u0131na sahip birka\u00e7 farkl\u0131 formatta gelir:<\/p>\n<ul>\n<li>Bire Bir G\u00f6r\u00fcnt\u00fcl\u00fc Sohbetler - \u00d6zel sohbetler i\u00e7in klasik Omegle tarz\u0131 e\u015fle\u015fmeler.<\/li>\n<li>\u0130lgi Alan\u0131na Dayal\u0131 E\u015fle\u015ftirme - Benzer d\u00fc\u015f\u00fcnen insanlarla tan\u0131\u015fmak i\u00e7in \"m\u00fczik\", \"spor\" veya \"seyahat\" gibi konular\u0131 girin.<\/li>\n<li>Anonim G\u00f6r\u00fcnt\u00fcl\u00fc Sohbet - Payla\u015fmaya haz\u0131r olana kadar kameran\u0131z\u0131 kapal\u0131 tutun veya kimli\u011finizi gizleyin.<\/li>\n<li>Yaln\u0131zca Yeti\u015fkinlere \u00d6zel B\u00f6l\u00fcmler - Baz\u0131 platformlar, fl\u00f6rt\u00f6z veya m\u00fcstehcen sohbetler arayanlar i\u00e7in 18+ alanlar sunar.<\/li>\n<li>Grup Video Odalar\u0131 - Birden fazla web kameras\u0131n\u0131n ayn\u0131 anda canl\u0131 oldu\u011fu a\u00e7\u0131k odalara kat\u0131l\u0131n.<\/li>\n<\/ul>\n<h2>\u00dccretsiz Rastgele G\u00f6r\u00fcnt\u00fcl\u00fc Sohbet Kullan\u0131rken G\u00fcvende Kalmak<\/h2>\n<p>Tan\u0131\u015faca\u011f\u0131n\u0131z \u00e7o\u011fu insan arkada\u015f canl\u0131s\u0131 ve sayg\u0131l\u0131d\u0131r, ancak \u00e7evrimi\u00e7i g\u00fcvenlik her zaman bir \u00f6ncelik olmal\u0131d\u0131r.<\/p>\n<ul>\n<li>Kimli\u011finizi koruyun - Ger\u00e7ek ad\u0131n\u0131z yerine bir takma ad kullan\u0131n.<\/li>\n<li>Ki\u015fisel bilgilerinizi payla\u015fmaktan ka\u00e7\u0131n\u0131n - Adresinizi, i\u015f yerinizi veya telefon numaran\u0131z\u0131 vermeyin.<\/li>\n<li>Kamera arka plan\u0131n\u0131z\u0131 kontrol edin - \u00d6zel hi\u00e7bir \u015feyin g\u00f6r\u00fcnmedi\u011finden emin olun.<\/li>\n<li>Atla d\u00fc\u011fmesini \u00f6zg\u00fcrce kullan\u0131n - Hi\u00e7bir zaman bir sohbette kalmak zorunda de\u011filsiniz.<\/li>\n<li>K\u00f6t\u00fc davran\u0131\u015flar\u0131 bildirin - \u00c7o\u011fu platformda h\u0131zl\u0131 raporlama\/engelleme \u00f6zellikleri vard\u0131r.<\/li>\n<\/ul>\n<h2>TinyChat: Harika Bir \u00dccretsiz Rastgele G\u00f6r\u00fcnt\u00fcl\u00fc Sohbet Se\u00e7ene\u011fi<\/h2>\n<p>Bir\u00e7ok platform olsa da, TinyChat klasik rastgele g\u00f6r\u00fcnt\u00fcl\u00fc sohbet sitelerine \u00e7ok y\u00f6nl\u00fc bir alternatif olarak \u00f6ne \u00e7\u0131k\u0131yor. Bire bir rastgele aramalar\u0131n heyecan\u0131n\u0131, konuya g\u00f6re kat\u0131labilece\u011finiz grup sohbet odalar\u0131yla birle\u015ftiriyor.<\/p>\n<p>TinyChat neden denemeye de\u011fer?<\/p>\n<ul>\n<li>Zorla kay\u0131t yok - An\u0131nda kat\u0131l\u0131n veya daha fazla \u00f6zellik i\u00e7in kaydolun.<\/li>\n<li>Sohbet etmenin birden fazla yolu - Video, ses ve metin kullan\u0131labilir.<\/li>\n<li>Konu tabanl\u0131 odalar - M\u00fczik, fl\u00f6rt, politika veya g\u00fcndelik tak\u0131lmalara adanm\u0131\u015f alanlara kat\u0131l\u0131n.<\/li>\n<li>Genel veya \u00f6zel - Kalabal\u0131k genel odalarda yeni insanlarla tan\u0131\u015f\u0131n veya kendi \u00f6zel alan\u0131n\u0131z\u0131 yarat\u0131n.<\/li>\n<li>Platformlar aras\u0131 eri\u015fim - Taray\u0131c\u0131larda \u00e7al\u0131\u015f\u0131r ve hareket halindeyken sohbet etmek i\u00e7in iOS\/Android uygulamalar\u0131na sahiptir.<\/li>\n<\/ul>\n<p>\u00dccretsiz rastgele g\u00f6r\u00fcnt\u00fcl\u00fc sohbetlerin \u00f6ng\u00f6r\u00fclemezli\u011fini seviyor ancak kiminle tan\u0131\u015faca\u011f\u0131n\u0131z konusunda daha fazla kontrol istiyorsan\u0131z, TinyChat sa\u011flam bir se\u00e7imdir.<\/p>\n<h2>\u00dccretsiz Rastgele G\u00f6r\u00fcnt\u00fcl\u00fc Sohbet vs \u00dccretli G\u00f6r\u00fcnt\u00fcl\u00fc Sohbet<\/h2>\n<p>Bir sohbet hizmeti i\u00e7in \u00f6deme yapman\u0131n daha fazlas\u0131n\u0131 sunup sunmad\u0131\u011f\u0131n\u0131 merak edebilirsiniz. \u00dccretli platformlar daha y\u00fcksek e\u015fle\u015fme filtreleme veya reklams\u0131z gibi ekstralar i\u00e7erebilirken, \u00fccretsiz rastgele g\u00f6r\u00fcnt\u00fcl\u00fc sohbetin kendine \u00f6zg\u00fc g\u00fc\u00e7l\u00fc bir \u00e7ekicili\u011fi vard\u0131r.<\/p>\n<table>\n<thead>\n<tr>\n<th>\u00d6zellik<\/th>\n<th>\u00dccretsiz Rastgele G\u00f6r\u00fcnt\u00fcl\u00fc Sohbet<\/th>\n<th>\u00dccretli G\u00f6r\u00fcnt\u00fcl\u00fc Sohbet Hizmetleri<\/th>\n<\/tr>\n<\/thead>\n<tbody>\n<tr>\n<td>Maliyet<\/td>\n<td>\u00dccretsiz<\/td>\n<td>\u274c Abonelik gerekli<\/td>\n<\/tr>\n<tr>\n<td>An\u0131nda Eri\u015fim<\/td>\n<td>Evet<\/td>\n<td>\u26a0\ufe0f Sometimes limited<\/td>\n<\/tr>\n<tr>\n<td>K\u00fcresel Eri\u015fim<\/td>\n<td>Evet<\/td>\n<td>Evet<\/td>\n<\/tr>\n<tr>\n<td>Filtreler (Konum\/Cinsiyet)<\/td>\n<td>\u26a0\ufe0f Limited<\/td>\n<td>\u2705 Daha geli\u015fmi\u015f<\/td>\n<\/tr>\n<tr>\n<td>Taahh\u00fct Yok<\/td>\n<td>Evet<\/td>\n<td>\u26a0\ufe0f Genellikle kay\u0131t gerektirir<\/td>\n<\/tr>\n<\/tbody>\n<\/table>\n<p>\u00c7o\u011fu s\u0131radan kullan\u0131c\u0131 i\u00e7in \u00fccretsiz hizmetler fazlas\u0131yla yeterli.<\/p>\n<h2>\u0130nsanlar Neden Geri Gelmeye Devam Ediyor?<\/h2>\n<p>\u00dccretsiz rastgele canl\u0131 g\u00f6r\u00fcnt\u00fcl\u00fc sohbet sadece zaman \u00f6ld\u00fcrmek i\u00e7in de\u011fil, sosyal medya katmanlar\u0131 olmadan insanlarla ba\u011flant\u0131 kurmak i\u00e7indir. Ger\u00e7ek insanlarla ger\u00e7ek zamanl\u0131 olarak, beraberinde gelen t\u00fcm tuhafl\u0131klar ve \u00f6ng\u00f6r\u00fclemezliklerle konu\u015fabilirsiniz.<\/p>\n<p>Baz\u0131lar\u0131 bunun i\u00e7in kullan\u0131yor:<\/p>\n<ul>\n<li>Yeni bir dil konu\u015fma prati\u011fi yap\u0131n.<\/li>\n<li>Di\u011fer \u00fclkeler ve k\u00fclt\u00fcrler hakk\u0131nda bilgi edinin.<\/li>\n<li>Sohbet yoluyla yeni m\u00fczikler, g\u00f6steriler veya hobiler bulun.<\/li>\n<li>S\u0131k\u0131nt\u0131dan kurtulun ve daha az izole hissedin.<\/li>\n<li>Fl\u00f6rt edin veya \u00f6zel biriyle tan\u0131\u015f\u0131n.<\/li>\n<\/ul>\n<h2>Harika Bir Rastgele G\u00f6r\u00fcnt\u00fcl\u00fc Sohbet Deneyimi \u0130\u00e7in \u0130pu\u00e7lar\u0131<\/h2>\n<ul>\n<li>G\u00fcl\u00fcmseyerek ba\u015flay\u0131n - \u0130lk izlenimler \u00f6nemlidir, internette bile.<\/li>\n<li>A\u00e7\u0131k fikirli olun - E\u011flence her t\u00fcrden insanla tan\u0131\u015fmakta yatar.<\/li>\n<li>Sayg\u0131l\u0131 olun - Nezaket \u00e7o\u011fu zaman en iyi konu\u015fmalar\u0131 sa\u011flar.<\/li>\n<li>De\u011fi\u015ftirin - D\u00fcnyan\u0131n di\u011fer b\u00f6lgelerinden insanlarla tan\u0131\u015fmak i\u00e7in g\u00fcn\u00fcn farkl\u0131 saatlerini deneyin.<\/li>\n<li>Ne zaman bitirece\u011finizi bilin - Ho\u015funuza gitmeyen bir sohbeti uzatmay\u0131n.<\/li>\n<\/ul>\n<h2>Beklenmeyenin Sevinci<\/h2>\n<p>\u00dccretsiz rastgele kamera sohbetlerinin en iyi yanlar\u0131ndan biri \u00f6ng\u00f6r\u00fclemez olmalar\u0131d\u0131r. Tek bir ak\u015famda \u0130spanya'da bir \u00fcniversite \u00f6\u011frencisi, Japonya'da bir oyuncu ve Brezilya'da bir m\u00fczisyenle konu\u015fabilirsiniz. Baz\u0131 sohbetler 30 saniye, baz\u0131lar\u0131 bir saat s\u00fcrebilir ama her biri ba\u015fka bir hayata a\u00e7\u0131lan k\u00fc\u00e7\u00fck birer penceredir.<\/p>\n<p>\u00dccretsiz rastgele g\u00f6r\u00fcnt\u00fcl\u00fc sohbet bir trendden daha fazlas\u0131d\u0131r - bir kuru\u015f bile harcamadan ger\u00e7ek zamanl\u0131 olarak d\u00fcnyayla ba\u011flant\u0131 kurman\u0131n bir yoludur. \u0130ster arkada\u015f edinmek, ister dil prati\u011fi yapmak, ister biraz fl\u00f6rt etmek ya da sadece yeni biriyle sohbetin tad\u0131n\u0131 \u00e7\u0131karmak istiyor olun, sizin i\u00e7in bir platform var.<\/p>\n<p>G\u00fczelli\u011fi basitli\u011finde: kameran\u0131z\u0131 a\u00e7\u0131n, \"ba\u011flan \"a t\u0131klay\u0131n ve an\u0131n sizi nereye g\u00f6t\u00fcrece\u011fini g\u00f6r\u00fcn. Asla bilemezsiniz - bir sonraki sohbetiniz g\u00fcn\u00fcn\u00fcz\u00fcn en \u00f6nemli an\u0131 olabilir.<\/p>","protected":false},"excerpt":{"rendered":"<p>In a world where most online interactions are carefully curated, free random video chat brings back the thrill of spontaneity. You never know who you\u2019ll meet next\u2014someone from across the street, or halfway around the world. With just one click, you\u2019re face-to-face with a stranger, sharing stories, jokes, or simply a few minutes of your [&hellip;]<\/p>\n","protected":false},"author":8,"featured_media":0,"parent":0,"menu_order":0,"comment_status":"closed","ping_status":"closed","template":"","meta":{"footnotes":""},"class_list":["post-4022","page","type-page","status-publish","hentry"],"yoast_head":"<!-- This site is optimized with the Yoast SEO plugin v27.6 - https:\/\/yoast.com\/product\/yoast-seo-wordpress\/ -->\n<title>Free Random Video Chat with Video Chat on TinyChat.com<\/title>\n<meta name=\"description\" content=\"Enjoying Free Random Video Chat? Join over 50,000,000 strangers on TinyChat! Turn on your cam and start meeting new people, or find a match.\" \/>\n<meta name=\"robots\" content=\"index, follow, max-snippet:-1, max-image-preview:large, max-video-preview:-1\" \/>\n<link rel=\"canonical\" href=\"https:\/\/tinychat.com\/tr\/free-random-video-chat\/\" \/>\n<meta property=\"og:locale\" content=\"tr_TR\" \/>\n<meta property=\"og:type\" content=\"article\" \/>\n<meta property=\"og:title\" content=\"Free Random Video Chat with Video Chat on TinyChat.com\" \/>\n<meta property=\"og:description\" content=\"Enjoying Free Random Video Chat? Join over 50,000,000 strangers on TinyChat! Turn on your cam and start meeting new people, or find a match.\" \/>\n<meta property=\"og:url\" content=\"https:\/\/tinychat.com\/tr\/free-random-video-chat\/\" \/>\n<meta property=\"og:site_name\" content=\"TinyChat\" \/>\n<meta property=\"article:publisher\" content=\"https:\/\/www.facebook.com\/tinychat\" \/>\n<meta property=\"article:modified_time\" content=\"2025-08-14T08:00:09+00:00\" \/>\n<meta property=\"og:image\" content=\"https:\/\/tinychat.com\/wp-content\/uploads\/2020\/04\/Tinychat-logo-1280x284-new-black.png\" \/>\n\t<meta property=\"og:image:width\" content=\"1280\" \/>\n\t<meta property=\"og:image:height\" content=\"284\" \/>\n\t<meta property=\"og:image:type\" content=\"image\/png\" \/>\n<meta name=\"twitter:card\" content=\"summary_large_image\" \/>\n<meta name=\"twitter:site\" content=\"@tinychat\" \/>\n<meta name=\"twitter:label1\" content=\"Tahmini okuma s\u00fcresi\" \/>\n\t<meta name=\"twitter:data1\" content=\"5 dakika\" \/>\n<script type=\"application\/ld+json\" class=\"yoast-schema-graph\">{\"@context\":\"https:\\\/\\\/schema.org\",\"@graph\":[{\"@type\":\"WebPage\",\"@id\":\"https:\\\/\\\/tinychat.com\\\/free-random-video-chat\\\/\",\"url\":\"https:\\\/\\\/tinychat.com\\\/free-random-video-chat\\\/\",\"name\":\"Free Random Video Chat with Video Chat on TinyChat.com\",\"isPartOf\":{\"@id\":\"https:\\\/\\\/tinychat.com\\\/#website\"},\"datePublished\":\"2025-08-14T07:43:36+00:00\",\"dateModified\":\"2025-08-14T08:00:09+00:00\",\"description\":\"Enjoying Free Random Video Chat? Join over 50,000,000 strangers on TinyChat! Turn on your cam and start meeting new people, or find a match.\",\"breadcrumb\":{\"@id\":\"https:\\\/\\\/tinychat.com\\\/free-random-video-chat\\\/#breadcrumb\"},\"inLanguage\":\"tr\",\"potentialAction\":[{\"@type\":\"ReadAction\",\"target\":[\"https:\\\/\\\/tinychat.com\\\/free-random-video-chat\\\/\"]}]},{\"@type\":\"BreadcrumbList\",\"@id\":\"https:\\\/\\\/tinychat.com\\\/free-random-video-chat\\\/#breadcrumb\",\"itemListElement\":[{\"@type\":\"ListItem\",\"position\":1,\"name\":\"Home\",\"item\":\"https:\\\/\\\/tinychat.com\\\/\"},{\"@type\":\"ListItem\",\"position\":2,\"name\":\"Free Random Video Chat\"}]},{\"@type\":\"WebSite\",\"@id\":\"https:\\\/\\\/tinychat.com\\\/#website\",\"url\":\"https:\\\/\\\/tinychat.com\\\/\",\"name\":\"TinyChat\",\"description\":\"Random Video Chat with Strangers\",\"publisher\":{\"@id\":\"https:\\\/\\\/tinychat.com\\\/#organization\"},\"alternateName\":\"TinyChat.com\",\"potentialAction\":[{\"@type\":\"SearchAction\",\"target\":{\"@type\":\"EntryPoint\",\"urlTemplate\":\"https:\\\/\\\/tinychat.com\\\/?s={search_term_string}\"},\"query-input\":{\"@type\":\"PropertyValueSpecification\",\"valueRequired\":true,\"valueName\":\"search_term_string\"}}],\"inLanguage\":\"tr\"},{\"@type\":\"Organization\",\"@id\":\"https:\\\/\\\/tinychat.com\\\/#organization\",\"name\":\"TinyChat\",\"alternateName\":\"TinyChat.com\",\"url\":\"https:\\\/\\\/tinychat.com\\\/\",\"logo\":{\"@type\":\"ImageObject\",\"inLanguage\":\"tr\",\"@id\":\"https:\\\/\\\/tinychat.com\\\/#\\\/schema\\\/logo\\\/image\\\/\",\"url\":\"https:\\\/\\\/tinychat.com\\\/wp-content\\\/uploads\\\/2023\\\/11\\\/Tinychat-icon-square.png\",\"contentUrl\":\"https:\\\/\\\/tinychat.com\\\/wp-content\\\/uploads\\\/2023\\\/11\\\/Tinychat-icon-square.png\",\"width\":284,\"height\":284,\"caption\":\"TinyChat\"},\"image\":{\"@id\":\"https:\\\/\\\/tinychat.com\\\/#\\\/schema\\\/logo\\\/image\\\/\"},\"sameAs\":[\"https:\\\/\\\/www.facebook.com\\\/tinychat\",\"https:\\\/\\\/x.com\\\/tinychat\"]}]}<\/script>\n<!-- \/ Yoast SEO plugin. -->","yoast_head_json":{"title":"TinyChat.com'da G\u00f6r\u00fcnt\u00fcl\u00fc Sohbet ile \u00dccretsiz Rastgele G\u00f6r\u00fcnt\u00fcl\u00fc Sohbet","description":"\u00dccretsiz Rastgele G\u00f6r\u00fcnt\u00fcl\u00fc Sohbetin tad\u0131n\u0131 m\u0131 \u00e7\u0131kar\u0131yorsunuz? TinyChat'de 50.000.000'dan fazla yabanc\u0131ya kat\u0131l\u0131n! Kameran\u0131z\u0131 a\u00e7\u0131n ve yeni insanlarla tan\u0131\u015fmaya ba\u015flay\u0131n veya bir e\u015fle\u015fme bulun.","robots":{"index":"index","follow":"follow","max-snippet":"max-snippet:-1","max-image-preview":"max-image-preview:large","max-video-preview":"max-video-preview:-1"},"canonical":"https:\/\/tinychat.com\/tr\/free-random-video-chat\/","og_locale":"tr_TR","og_type":"article","og_title":"Free Random Video Chat with Video Chat on TinyChat.com","og_description":"Enjoying Free Random Video Chat? Join over 50,000,000 strangers on TinyChat! Turn on your cam and start meeting new people, or find a match.","og_url":"https:\/\/tinychat.com\/tr\/free-random-video-chat\/","og_site_name":"TinyChat","article_publisher":"https:\/\/www.facebook.com\/tinychat","article_modified_time":"2025-08-14T08:00:09+00:00","og_image":[{"width":1280,"height":284,"url":"https:\/\/tinychat.com\/wp-content\/uploads\/2020\/04\/Tinychat-logo-1280x284-new-black.png","type":"image\/png"}],"twitter_card":"summary_large_image","twitter_site":"@tinychat","twitter_misc":{"Tahmini okuma s\u00fcresi":"5 dakika"},"schema":{"@context":"https:\/\/schema.org","@graph":[{"@type":"WebPage","@id":"https:\/\/tinychat.com\/free-random-video-chat\/","url":"https:\/\/tinychat.com\/free-random-video-chat\/","name":"TinyChat.com'da G\u00f6r\u00fcnt\u00fcl\u00fc Sohbet ile \u00dccretsiz Rastgele G\u00f6r\u00fcnt\u00fcl\u00fc Sohbet","isPartOf":{"@id":"https:\/\/tinychat.com\/#website"},"datePublished":"2025-08-14T07:43:36+00:00","dateModified":"2025-08-14T08:00:09+00:00","description":"\u00dccretsiz Rastgele G\u00f6r\u00fcnt\u00fcl\u00fc Sohbetin tad\u0131n\u0131 m\u0131 \u00e7\u0131kar\u0131yorsunuz? TinyChat'de 50.000.000'dan fazla yabanc\u0131ya kat\u0131l\u0131n! Kameran\u0131z\u0131 a\u00e7\u0131n ve yeni insanlarla tan\u0131\u015fmaya ba\u015flay\u0131n veya bir e\u015fle\u015fme bulun.","breadcrumb":{"@id":"https:\/\/tinychat.com\/free-random-video-chat\/#breadcrumb"},"inLanguage":"tr","potentialAction":[{"@type":"ReadAction","target":["https:\/\/tinychat.com\/free-random-video-chat\/"]}]},{"@type":"BreadcrumbList","@id":"https:\/\/tinychat.com\/free-random-video-chat\/#breadcrumb","itemListElement":[{"@type":"ListItem","position":1,"name":"Home","item":"https:\/\/tinychat.com\/"},{"@type":"ListItem","position":2,"name":"Free Random Video Chat"}]},{"@type":"WebSite","@id":"https:\/\/tinychat.com\/#website","url":"https:\/\/tinychat.com\/","name":"TinyChat","description":"Yabanc\u0131larla Rastgele G\u00f6r\u00fcnt\u00fcl\u00fc Sohbet","publisher":{"@id":"https:\/\/tinychat.com\/#organization"},"alternateName":"TinyChat.com","potentialAction":[{"@type":"SearchAction","target":{"@type":"EntryPoint","urlTemplate":"https:\/\/tinychat.com\/?s={search_term_string}"},"query-input":{"@type":"PropertyValueSpecification","valueRequired":true,"valueName":"search_term_string"}}],"inLanguage":"tr"},{"@type":"Organization","@id":"https:\/\/tinychat.com\/#organization","name":"TinyChat","alternateName":"TinyChat.com","url":"https:\/\/tinychat.com\/","logo":{"@type":"ImageObject","inLanguage":"tr","@id":"https:\/\/tinychat.com\/#\/schema\/logo\/image\/","url":"https:\/\/tinychat.com\/wp-content\/uploads\/2023\/11\/Tinychat-icon-square.png","contentUrl":"https:\/\/tinychat.com\/wp-content\/uploads\/2023\/11\/Tinychat-icon-square.png","width":284,"height":284,"caption":"TinyChat"},"image":{"@id":"https:\/\/tinychat.com\/#\/schema\/logo\/image\/"},"sameAs":["https:\/\/www.facebook.com\/tinychat","https:\/\/x.com\/tinychat"]}]}},"_links":{"self":[{"href":"https:\/\/tinychat.com\/tr\/wp-json\/wp\/v2\/pages\/4022","targetHints":{"allow":["GET"]}}],"collection":[{"href":"https:\/\/tinychat.com\/tr\/wp-json\/wp\/v2\/pages"}],"about":[{"href":"https:\/\/tinychat.com\/tr\/wp-json\/wp\/v2\/types\/page"}],"author":[{"embeddable":true,"href":"https:\/\/tinychat.com\/tr\/wp-json\/wp\/v2\/users\/8"}],"replies":[{"embeddable":true,"href":"https:\/\/tinychat.com\/tr\/wp-json\/wp\/v2\/comments?post=4022"}],"version-history":[{"count":3,"href":"https:\/\/tinychat.com\/tr\/wp-json\/wp\/v2\/pages\/4022\/revisions"}],"predecessor-version":[{"id":13445,"href":"https:\/\/tinychat.com\/tr\/wp-json\/wp\/v2\/pages\/4022\/revisions\/13445"}],"wp:attachment":[{"href":"https:\/\/tinychat.com\/tr\/wp-json\/wp\/v2\/media?parent=4022"}],"curies":[{"name":"wp","href":"https:\/\/api.w.org\/{rel}","templated":true}]}}