{"id":4039,"date":"2025-09-03T08:47:55","date_gmt":"2025-09-03T06:47:55","guid":{"rendered":"https:\/\/tinychat.com\/?page_id=4039"},"modified":"2025-09-03T12:38:11","modified_gmt":"2025-09-03T10:38:11","slug":"random-video-chat-with-strangers","status":"publish","type":"page","link":"https:\/\/tinychat.com\/tr\/random-video-chat-with-strangers\/","title":{"rendered":"Yabanc\u0131larla Rastgele G\u00f6r\u00fcnt\u00fcl\u00fc Sohbet"},"content":{"rendered":"<p>Hi\u00e7 tan\u0131mad\u0131\u011f\u0131n\u0131z biriyle sohbet etmenin heyecan verici bir yan\u0131 vard\u0131r. \u0130\u015fin i\u00e7ine bir de video girince bu deneyim daha da ger\u00e7ek, ki\u015fisel ve spontane bir hal al\u0131yor. \u0130\u015fte bu y\u00fczden d\u00fcnya \u00e7ap\u0131nda milyonlarca insan her g\u00fcn yabanc\u0131larla rastgele g\u00f6r\u00fcnt\u00fcl\u00fc sohbete y\u00f6neliyor. Tek bir t\u0131klamayla, daha \u00f6nce hi\u00e7 tan\u0131\u015fmad\u0131\u011f\u0131n\u0131z biriyle y\u00fcz y\u00fcze geliyorsunuz; hikayeler, \u015fakalar payla\u015f\u0131yor ve hatta bazen uzun vadeli ba\u011flant\u0131lar kuruyorsunuz.<\/p>\n<p>Sosyal medya veya arkada\u015fl\u0131k uygulamalar\u0131n\u0131n aksine, kayd\u0131r\u0131lacak profiller veya okunacak biyografiler yoktur. Rastgele g\u00f6r\u00fcnt\u00fcl\u00fc sohbet, filtreleri ortadan kald\u0131r\u0131r ve do\u011frudan canl\u0131, filtrelenmemi\u015f sohbete atlaman\u0131z\u0131 sa\u011flar.<\/p>\n<h2>Yabanc\u0131larla Rastgele G\u00f6r\u00fcnt\u00fcl\u00fc Sohbet Nedir?<\/h2>\n<p>\u00d6z\u00fcnde, yabanc\u0131larla rastgele g\u00f6r\u00fcnt\u00fcl\u00fc sohbet, bire bir canl\u0131 video g\u00f6r\u00fc\u015fmesi i\u00e7in sizi tamamen rastgele ba\u015fka bir ki\u015fiyle e\u015fle\u015ftiren \u00e7evrimi\u00e7i bir platformdur. \u0130stedi\u011finiz kadar sohbet edebilir veya an\u0131nda ba\u015fka bir kullan\u0131c\u0131ya ge\u00e7mek i\u00e7in \"Sonraki\" d\u00fc\u011fmesine basabilirsiniz.<\/p>\n<p>Bu sohbetler:<\/p>\n<ul>\n<li>\u00dccretsiz ve an\u0131nda - Bir\u00e7ok platform kay\u0131t veya \u00f6deme gerektirmez.<\/li>\n<li>Anonim - Bir takma ad kullan\u0131n veya payla\u015fmaya haz\u0131r olana kadar gizli kal\u0131n.<\/li>\n<li>Esnek - G\u00f6r\u00fcnt\u00fcl\u00fc, yaln\u0131zca sesli veya metin tabanl\u0131 sohbet ile ba\u015flay\u0131n.<\/li>\n<li>Tahmin edilemez - S\u0131rada kiminle kar\u015f\u0131la\u015faca\u011f\u0131n\u0131z\u0131 asla bilemezsiniz.<\/li>\n<\/ul>\n<p>Dijital bir macera gibi - her ba\u011flant\u0131 ger\u00e7ekle\u015fmeyi bekleyen yeni bir hikaye.<\/p>\n<h2>\u0130nsanlar Rastgele G\u00f6r\u00fcnt\u00fcl\u00fc Sohbeti Neden Seviyor?<\/h2>\n<p>Peki, bu format\u0131 bu kadar pop\u00fcler yapan nedir? \u0130\u015fte en b\u00fcy\u00fck nedenlerden baz\u0131lar\u0131:<\/p>\n<ul>\n<li>Kendili\u011findenlik - Her arama taze ve beklenmediktir.<\/li>\n<li>K\u00fcresel eri\u015fim - Farkl\u0131 k\u00fclt\u00fcrlerden, zaman dilimlerinden ve ya\u015fam alanlar\u0131ndan insanlarla tan\u0131\u015f\u0131n.<\/li>\n<li>\u0130nsani ba\u011flant\u0131 - Video g\u00fcl\u00fcmsemeleri g\u00f6rmenizi, sesleri duyman\u0131z\u0131 ve ger\u00e7ek\u00e7i bir \u015fekilde ba\u011flant\u0131 kurman\u0131z\u0131 sa\u011flar.<\/li>\n<li>D\u00fc\u015f\u00fck bas\u0131n\u00e7 - Sohbet do\u011fru gelmiyorsa, atlay\u0131n ve devam edin.<\/li>\n<li>E\u011flence ve \u00e7e\u015fitlilik - Hafif \u015fakala\u015fmalardan derin gece sohbetlerine kadar, hi\u00e7bir sohbet ayn\u0131 de\u011fildir.<\/li>\n<\/ul>\n<p>Pek \u00e7ok ki\u015fi i\u00e7in rastgele g\u00f6r\u00fcnt\u00fcl\u00fc sohbet, fazla d\u00fc\u015f\u00fcnmeden konu\u015fman\u0131n keyfini yeniden ke\u015ffetmek anlam\u0131na geliyor.<\/p>\n<h2>Yabanc\u0131larla Rastgele G\u00f6r\u00fcnt\u00fcl\u00fc Sohbet Nas\u0131l \u00c7al\u0131\u015f\u0131r?<\/h2>\n<p>Teknoloji merakl\u0131s\u0131 olmasan\u0131z bile ba\u015flamak \u00e7ok kolay:<\/p>\n<ol>\n<li>Bir platform se\u00e7in - Omegle, Chatroulette, Chatspin ve TinyChat gibi siteler pop\u00fcler se\u00e7eneklerdir.<\/li>\n<li>Web kameran\u0131za ve mikrofonunuza izin verin - Platformlar g\u00f6r\u00fclebilmeniz ve duyulabilmeniz i\u00e7in eri\u015fim talep edecektir.<\/li>\n<li>\"Ba\u015flat\" veya \"Ba\u011flan \"a t\u0131klay\u0131n - Rastgele bir yabanc\u0131yla an\u0131nda e\u015fle\u015ftirileceksiniz.<\/li>\n<li>Sohbet edin ya da ge\u00e7i\u015ftirin - \u0130yi gidiyorsa sohbette kal\u0131n ya da yeni biriyle tan\u0131\u015fmak i\u00e7in devam edin.<\/li>\n<li>Varsa filtreleri kullan\u0131n - Baz\u0131 platformlar e\u015fle\u015fmeleri ilgi alanlar\u0131na, konuma veya cinsiyete g\u00f6re daraltman\u0131za olanak tan\u0131r.<\/li>\n<\/ol>\n<p>\u0130\u015fte bu kadar; karma\u015f\u0131k bir kurulum yok, sadece an\u0131nda g\u00f6r\u00fcnt\u00fcl\u00fc konu\u015fmalar.<\/p>\n<h2>Yabanc\u0131larla Rastgele G\u00f6r\u00fcnt\u00fcl\u00fc Sohbet i\u00e7in En \u0130yi Platformlar<\/h2>\n<p>\u0130\u015fte en iyi bilinen ve g\u00fcvenilir se\u00e7eneklerden baz\u0131lar\u0131:<\/p>\n<ul>\n<li>Omegle - Hem metin hem de video modlar\u0131na sahip orijinal rastgele g\u00f6r\u00fcnt\u00fcl\u00fc sohbet sitesi.<\/li>\n<li>Chatroulette - H\u0131zl\u0131 e\u015fle\u015ftirme ve geni\u015f bir kullan\u0131c\u0131 taban\u0131na sahip k\u00fcresel platform.<\/li>\n<li>Chatspin - Cinsiyet, konum ve ilgi alanlar\u0131 i\u00e7in filtreler ve e\u011flenceli video efektleri ekler.<\/li>\n<li>Camsurf - Temiz tasar\u0131m\u0131, moderasyonu ve arkada\u015f canl\u0131s\u0131 toplulu\u011fu ile tan\u0131n\u0131r.<\/li>\n<li>Chatrandom - Temal\u0131 sohbet odalar\u0131n\u0131n yan\u0131 s\u0131ra \"sadece k\u0131zlar sohbet eder\" modu sunar.<\/li>\n<li>TinyChat - Yabanc\u0131larla sohbeti grup video odalar\u0131yla birle\u015ftirerek bir topluluk hissi verir.<\/li>\n<li>Bazoocam - Sohbetin i\u00e7ine yerle\u015ftirilmi\u015f buz k\u0131r\u0131c\u0131 oyunlarla Avrupa'n\u0131n favorisi.<\/li>\n<\/ul>\n<p>Her platformun kendine \u00f6zg\u00fc g\u00fc\u00e7l\u00fc y\u00f6nleri vard\u0131r, bu nedenle hangisinin sizin havan\u0131za uydu\u011funu g\u00f6rmek i\u00e7in birka\u00e7\u0131n\u0131 deneyin.<\/p>\n<h2>Rastgele G\u00f6r\u00fcnt\u00fcl\u00fc Sohbet ve Di\u011fer \u00c7evrimi\u00e7i G\u00f6r\u00fc\u015fmeler<\/h2>\n<p>\u00c7evrimi\u00e7i konu\u015fman\u0131n pek \u00e7ok yolu olsa da, rastgele yabanc\u0131larla g\u00f6r\u00fcnt\u00fcl\u00fc sohbet \u00f6ne \u00e7\u0131k\u0131yor.<\/p>\n<table>\n<thead>\n<tr>\n<th>\u00d6zellik<\/th>\n<th>Rastgele G\u00f6r\u00fcnt\u00fcl\u00fc Sohbet<\/th>\n<th>Sosyal Medya<\/th>\n<th>Arkada\u015fl\u0131k Uygulamalar\u0131<\/th>\n<th>Metin Sohbet Odalar\u0131<\/th>\n<\/tr>\n<\/thead>\n<tbody>\n<tr>\n<td>Ger\u00e7ek zamanl\u0131 video<\/td>\n<td>\u2705<\/td>\n<td>\u2705<\/td>\n<td>\u2705<\/td>\n<td>\u274c<\/td>\n<\/tr>\n<tr>\n<td>Rastgele e\u015fle\u015ftirme<\/td>\n<td>\u2705<\/td>\n<td>\u274c<\/td>\n<td>\u2705\/\u274c<\/td>\n<td>\u2705<\/td>\n<\/tr>\n<tr>\n<td>Profil gerekmiyor<\/td>\n<td>\u2705<\/td>\n<td>\u274c<\/td>\n<td>\u274c<\/td>\n<td>\u2705<\/td>\n<\/tr>\n<tr>\n<td>\u00dccretsiz ve an\u0131nda eri\u015fim<\/td>\n<td>\u2705<\/td>\n<td>\u2705<\/td>\n<td>\u26a0\ufe0f Genellikle \u00f6denir<\/td>\n<td>\u2705<\/td>\n<\/tr>\n<tr>\n<td>Atla\/sonraki se\u00e7ene\u011fi<\/td>\n<td>\u2705<\/td>\n<td>\u274c<\/td>\n<td>\u274c<\/td>\n<td>\u274c<\/td>\n<\/tr>\n<\/tbody>\n<\/table>\n<p>Onu benzersiz k\u0131lan an\u0131ndal\u0131k, \u00f6ng\u00f6r\u00fclemezlik ve y\u00fcz y\u00fcze olma unsurudur.<\/p>\n<h2>Yabanc\u0131larla Sohbet Ederken G\u00fcvende Kalmak<\/h2>\n<p>\u00c7o\u011fu kullan\u0131c\u0131 e\u011flence ve dost\u00e7a sohbet i\u00e7in oradad\u0131r, ancak g\u00fcvenlik her zaman \u00f6nemlidir:<\/p>\n<ul>\n<li>Ki\u015fisel bilgilerinizi payla\u015fmay\u0131n - Tam ad\u0131n\u0131z\u0131, adresinizi ve telefon numaran\u0131z\u0131 gizli tutun.<\/li>\n<li>N\u00f6tr bir arka plan kullan\u0131n - Web kameras\u0131 g\u00f6r\u00fcnt\u00fcn\u00fczde ki\u015fisel bilgilerinizi g\u00f6stermekten ka\u00e7\u0131n\u0131n.<\/li>\n<li>Ba\u011flant\u0131lar konusunda dikkatli olun - Tan\u0131mad\u0131\u011f\u0131n\u0131z ki\u015filere asla t\u0131klamay\u0131n veya onlardan dosya indirmeyin.<\/li>\n<li>Uygunsuz kullan\u0131c\u0131lar\u0131 bildirin veya atlay\u0131n - Sayg\u0131n platformlar\u0131n moderasyon \u00f6zellikleri vard\u0131r.<\/li>\n<li>\u0130\u00e7g\u00fcd\u00fclerinize g\u00fcvenin - Bir \u015feyler ters geliyorsa, yolunuza devam edin.<\/li>\n<\/ul>\n<p>Do\u011fru yap\u0131ld\u0131\u011f\u0131nda, rastgele g\u00f6r\u00fcnt\u00fcl\u00fc sohbet hem e\u011flenceli hem de g\u00fcvenlidir.<\/p>\n<h2>\u0130nsanlar Yabanc\u0131 Kamera Sohbetlerine Neden Kat\u0131l\u0131r?<\/h2>\n<p>Yabanc\u0131larla \u00fccretsiz rastgele g\u00f6r\u00fcnt\u00fcl\u00fc sohbet kullanan \u00e7ok \u00e7e\u015fitli insanlar bulacaks\u0131n\u0131z. Yayg\u0131n nedenler \u015funlar\u0131 i\u00e7erir:<\/p>\n<ul>\n<li>Can s\u0131k\u0131nt\u0131s\u0131n\u0131 giderme - Evde gece e\u011flencesi.<\/li>\n<li>K\u00fclt\u00fcrel merak - Farkl\u0131 \u00fclkeler ve ya\u015fam tarzlar\u0131 hakk\u0131nda bilgi edinme.<\/li>\n<li>Dil prati\u011fi - Ak\u0131c\u0131l\u0131\u011f\u0131 geli\u015ftirmek i\u00e7in ana dili \u0130ngilizce olan ki\u015filerle konu\u015fma.<\/li>\n<li>Fl\u00f6rt etmek ve \u00e7\u0131kmak - Kimyas\u0131 uyu\u015fan biriyle tan\u0131\u015fmay\u0131 ummak.<\/li>\n<li>S\u0131radan sohbet - Sadece yeni biriyle konu\u015fmak istiyorum.<\/li>\n<\/ul>\n<p>\u00d6ng\u00f6r\u00fclemezlik onu taze tutuyor - her ba\u011flant\u0131 beklenmedik bir \u015fey ke\u015ffetmek i\u00e7in bir \u015fans.<\/p>\n<h2>TinyChat: Toplum Odakl\u0131 Bir Alternatif<\/h2>\n<p>Rastgele yabanc\u0131 g\u00f6r\u00fcnt\u00fcl\u00fc sohbet fikrini seviyor ancak biraz daha fazla yap\u0131 istiyorsan\u0131z, TinyChat denemeye de\u011fer. Sadece bire bir rastgele e\u015fle\u015fmeler yerine, \u015funlar\u0131 sunar:<\/p>\n<ul>\n<li>Herkese a\u00e7\u0131k sohbet odalar\u0131 - Belirli konulardaki grup sohbetlerine kat\u0131l\u0131n.<\/li>\n<li>\u00d6zel odalar - Bire bir g\u00f6r\u00fc\u015fmeler i\u00e7in kendi alan\u0131n\u0131z\u0131 yarat\u0131n.<\/li>\n<li>\u00c7oklu sohbet formatlar\u0131 - Metin, ses ve video aras\u0131nda ge\u00e7i\u015f yap\u0131n.<\/li>\n<li>Platformlar aras\u0131 eri\u015fim - Taray\u0131c\u0131n\u0131zda veya mobil uygulamalar arac\u0131l\u0131\u011f\u0131yla kullan\u0131n.<\/li>\n<li>Topluluk etkinlikleri - Devam eden grup oturumlar\u0131nda benzer d\u00fc\u015f\u00fcnen insanlar\u0131 bulun.<\/li>\n<\/ul>\n<p>Spontane sohbetler ile uzun vadeli topluluk etkile\u015fimi aras\u0131nda harika bir denge var.<\/p>\n<h2>Harika Bir Rastgele G\u00f6r\u00fcnt\u00fcl\u00fc Sohbet Deneyimi \u0130\u00e7in \u0130pu\u00e7lar\u0131<\/h2>\n<p>Seanslar\u0131n\u0131zdan en iyi \u015fekilde yararlanmak ister misiniz? Bunlar\u0131 deneyin:<\/p>\n<ul>\n<li>G\u00fcl\u00fcmseyin ve misafirperver olun - \u0130lk izlenimler \u00f6nemlidir, \u00e7evrimi\u00e7i olsa bile.<\/li>\n<li>\u0130lgi \u00e7ekici sorular sorun - \"Seyahat etti\u011finiz en sevdi\u011finiz yer neresi?\" \"Merhaba\" deyin.<\/li>\n<li>Sayg\u0131l\u0131 olun - Olumlu bir tutum insanlar\u0131n kalma olas\u0131l\u0131\u011f\u0131n\u0131 art\u0131r\u0131r.<\/li>\n<li>Zamanlamay\u0131 deneyin - Farkl\u0131 saat dilimleri farkl\u0131 \u00e7evrimi\u00e7i insanlar anlam\u0131na gelir.<\/li>\n<li>Ne zaman atlayaca\u011f\u0131n\u0131z\u0131 bilin - Her e\u015fle\u015fme t\u0131klanmayacakt\u0131r ve bu sorun de\u011fildir.<\/li>\n<\/ul>\n<h2>\u00dccretsiz ve \u00dccretli Rastgele G\u00f6r\u00fcnt\u00fcl\u00fc Sohbet \u00d6zellikleri<\/h2>\n<p>\u00c7o\u011fu platform \u00fccretsizdir, ancak baz\u0131lar\u0131 y\u00fckseltmeler sunar:<\/p>\n<table>\n<thead>\n<tr>\n<th>\u00d6zellik<\/th>\n<th>\u00dccretsiz S\u00fcr\u00fcm<\/th>\n<th>\u00dccretli S\u00fcr\u00fcm<\/th>\n<\/tr>\n<\/thead>\n<tbody>\n<tr>\n<td>Rastgele e\u015fle\u015ftirme<\/td>\n<td>Evet<\/td>\n<td>Evet<\/td>\n<\/tr>\n<tr>\n<td>S\u0131n\u0131rs\u0131z atlama<\/td>\n<td>\u26a0\ufe0f Bazen kapakl\u0131<\/td>\n<td>\u2705 S\u0131n\u0131rs\u0131z<\/td>\n<\/tr>\n<tr>\n<td>Cinsiyet\/konum filtreleri<\/td>\n<td>\u26a0\ufe0f Temel<\/td>\n<td>Geli\u015fmi\u015f<\/td>\n<\/tr>\n<tr>\n<td>Reklamlar kald\u0131r\u0131ld\u0131<\/td>\n<td>\u274c<\/td>\n<td>Evet<\/td>\n<\/tr>\n<tr>\n<td>VIP\/\u00f6zel odalar<\/td>\n<td>\u274c<\/td>\n<td>Evet<\/td>\n<\/tr>\n<\/tbody>\n<\/table>\n<p>S\u0131radan kullan\u0131m i\u00e7in, \u00fccretsiz rastgele sohbet fazlas\u0131yla yeterlidir - e\u011flenmek i\u00e7in \u00f6deme yapman\u0131za gerek yoktur.<\/p>\n<h2>Rastlant\u0131sall\u0131\u011f\u0131n Keyfi<\/h2>\n<p>Yabanc\u0131larla rastgele g\u00f6r\u00fcnt\u00fcl\u00fc sohbetin en b\u00fcy\u00fck cazibesi \u00f6ng\u00f6r\u00fclemezli\u011fidir. Tek bir ak\u015famda \u015funlar\u0131 yapabilirsiniz:<\/p>\n<ul>\n<li>D\u00fcnyan\u0131n \u00f6b\u00fcr ucundaki biriyle g\u00fcl\u00fcn.<\/li>\n<li>Ba\u015fka bir dilde bir c\u00fcmle \u00f6\u011frenin.<\/li>\n<li>M\u00fczik veya film \u00f6nerilerini payla\u015f\u0131n.<\/li>\n<li>G\u00f6z\u00fcn\u00fcze \u00e7arpan biriyle fl\u00f6rt\u00f6z bir sohbet edin.<\/li>\n<li>Y\u0131llarca anlataca\u011f\u0131n\u0131z bir hikayeniz olsun.<\/li>\n<\/ul>\n<p>Bu olas\u0131l\u0131kla ilgilidir - ekran\u0131n di\u011fer taraf\u0131nda bekleyen bilinmeyen y\u00fcz.<\/p>\n<p>Yabanc\u0131larla rastgele g\u00f6r\u00fcnt\u00fcl\u00fc sohbet, \u00e7evrimi\u00e7i ba\u011flant\u0131 kurman\u0131n en basit ve en heyecan verici yollar\u0131ndan biridir. Spontane, k\u00fcresel ve canland\u0131r\u0131c\u0131 bir \u015fekilde insanidir. \u0130ster g\u00fcndelik e\u011flence, ister k\u00fclt\u00fcrel al\u0131\u015fveri\u015f, hatta romantizm k\u0131v\u0131lc\u0131m\u0131 ar\u0131yor olun, bu platformlar size ger\u00e7ek insanlara an\u0131nda eri\u015fim sa\u011flar - profil yok, kayd\u0131rma yok, stres yok.<\/p>\n<p>Merak ediyorsan\u0131z, web kameran\u0131z\u0131 a\u00e7\u0131n, \"Ba\u015flat \"a t\u0131klay\u0131n ve kiminle tan\u0131\u015ft\u0131\u011f\u0131n\u0131z\u0131 g\u00f6r\u00fcn. Bir sonraki rastgele yabanc\u0131 gecenizin en \u00f6nemli olay\u0131 olabilir.<\/p>","protected":false},"excerpt":{"rendered":"<p>There\u2019s something exciting about striking up a conversation with a complete stranger. Add video into the mix, and the experience becomes even more real, personal, and spontaneous. That\u2019s why millions of people around the world turn to random video chat with strangers every day. With one click, you\u2019re face-to-face with someone you\u2019ve never met before\u2014sharing [&hellip;]<\/p>\n","protected":false},"author":8,"featured_media":0,"parent":0,"menu_order":0,"comment_status":"closed","ping_status":"closed","template":"","meta":{"footnotes":""},"class_list":["post-4039","page","type-page","status-publish","hentry"],"yoast_head":"<!-- This site is optimized with the Yoast SEO plugin v27.4 - https:\/\/yoast.com\/product\/yoast-seo-wordpress\/ -->\n<title>Random Video Chat With Strangers on TinyChat.com<\/title>\n<meta name=\"description\" content=\"Enjoying Random Video Chat With Strangers? Join over 50,000,000 strangers on TinyChat! Turn on your cam and start meeting new people, or find a match.\" \/>\n<meta name=\"robots\" content=\"index, follow, max-snippet:-1, max-image-preview:large, max-video-preview:-1\" \/>\n<link rel=\"canonical\" href=\"https:\/\/tinychat.com\/tr\/random-video-chat-with-strangers\/\" \/>\n<meta property=\"og:locale\" content=\"tr_TR\" \/>\n<meta property=\"og:type\" content=\"article\" \/>\n<meta property=\"og:title\" content=\"Random Video Chat With Strangers on TinyChat.com\" \/>\n<meta property=\"og:description\" content=\"Enjoying Random Video Chat With Strangers? Join over 50,000,000 strangers on TinyChat! Turn on your cam and start meeting new people, or find a match.\" \/>\n<meta property=\"og:url\" content=\"https:\/\/tinychat.com\/tr\/random-video-chat-with-strangers\/\" \/>\n<meta property=\"og:site_name\" content=\"TinyChat\" \/>\n<meta property=\"article:publisher\" content=\"https:\/\/www.facebook.com\/tinychat\" \/>\n<meta property=\"article:modified_time\" content=\"2025-09-03T10:38:11+00:00\" \/>\n<meta property=\"og:image\" content=\"https:\/\/tinychat.com\/wp-content\/uploads\/2020\/04\/Tinychat-logo-1280x284-new-black.png\" \/>\n\t<meta property=\"og:image:width\" content=\"1280\" \/>\n\t<meta property=\"og:image:height\" content=\"284\" \/>\n\t<meta property=\"og:image:type\" content=\"image\/png\" \/>\n<meta name=\"twitter:card\" content=\"summary_large_image\" \/>\n<meta name=\"twitter:site\" content=\"@tinychat\" \/>\n<meta name=\"twitter:label1\" content=\"Tahmini okuma s\u00fcresi\" \/>\n\t<meta name=\"twitter:data1\" content=\"5 dakika\" \/>\n<script type=\"application\/ld+json\" class=\"yoast-schema-graph\">{\"@context\":\"https:\\\/\\\/schema.org\",\"@graph\":[{\"@type\":\"WebPage\",\"@id\":\"https:\\\/\\\/tinychat.com\\\/random-video-chat-with-strangers\\\/\",\"url\":\"https:\\\/\\\/tinychat.com\\\/random-video-chat-with-strangers\\\/\",\"name\":\"Random Video Chat With Strangers on TinyChat.com\",\"isPartOf\":{\"@id\":\"https:\\\/\\\/tinychat.com\\\/#website\"},\"datePublished\":\"2025-09-03T06:47:55+00:00\",\"dateModified\":\"2025-09-03T10:38:11+00:00\",\"description\":\"Enjoying Random Video Chat With Strangers? Join over 50,000,000 strangers on TinyChat! Turn on your cam and start meeting new people, or find a match.\",\"breadcrumb\":{\"@id\":\"https:\\\/\\\/tinychat.com\\\/random-video-chat-with-strangers\\\/#breadcrumb\"},\"inLanguage\":\"tr\",\"potentialAction\":[{\"@type\":\"ReadAction\",\"target\":[\"https:\\\/\\\/tinychat.com\\\/random-video-chat-with-strangers\\\/\"]}]},{\"@type\":\"BreadcrumbList\",\"@id\":\"https:\\\/\\\/tinychat.com\\\/random-video-chat-with-strangers\\\/#breadcrumb\",\"itemListElement\":[{\"@type\":\"ListItem\",\"position\":1,\"name\":\"Home\",\"item\":\"https:\\\/\\\/tinychat.com\\\/\"},{\"@type\":\"ListItem\",\"position\":2,\"name\":\"Random Video Chat With Strangers\"}]},{\"@type\":\"WebSite\",\"@id\":\"https:\\\/\\\/tinychat.com\\\/#website\",\"url\":\"https:\\\/\\\/tinychat.com\\\/\",\"name\":\"TinyChat\",\"description\":\"Random Video Chat with Strangers\",\"publisher\":{\"@id\":\"https:\\\/\\\/tinychat.com\\\/#organization\"},\"alternateName\":\"TinyChat.com\",\"potentialAction\":[{\"@type\":\"SearchAction\",\"target\":{\"@type\":\"EntryPoint\",\"urlTemplate\":\"https:\\\/\\\/tinychat.com\\\/?s={search_term_string}\"},\"query-input\":{\"@type\":\"PropertyValueSpecification\",\"valueRequired\":true,\"valueName\":\"search_term_string\"}}],\"inLanguage\":\"tr\"},{\"@type\":\"Organization\",\"@id\":\"https:\\\/\\\/tinychat.com\\\/#organization\",\"name\":\"TinyChat\",\"alternateName\":\"TinyChat.com\",\"url\":\"https:\\\/\\\/tinychat.com\\\/\",\"logo\":{\"@type\":\"ImageObject\",\"inLanguage\":\"tr\",\"@id\":\"https:\\\/\\\/tinychat.com\\\/#\\\/schema\\\/logo\\\/image\\\/\",\"url\":\"https:\\\/\\\/tinychat.com\\\/wp-content\\\/uploads\\\/2023\\\/11\\\/Tinychat-icon-square.png\",\"contentUrl\":\"https:\\\/\\\/tinychat.com\\\/wp-content\\\/uploads\\\/2023\\\/11\\\/Tinychat-icon-square.png\",\"width\":284,\"height\":284,\"caption\":\"TinyChat\"},\"image\":{\"@id\":\"https:\\\/\\\/tinychat.com\\\/#\\\/schema\\\/logo\\\/image\\\/\"},\"sameAs\":[\"https:\\\/\\\/www.facebook.com\\\/tinychat\",\"https:\\\/\\\/x.com\\\/tinychat\"]}]}<\/script>\n<!-- \/ Yoast SEO plugin. -->","yoast_head_json":{"title":"TinyChat.com'da Yabanc\u0131larla Rastgele G\u00f6r\u00fcnt\u00fcl\u00fc Sohbet","description":"Yabanc\u0131larla Rastgele G\u00f6r\u00fcnt\u00fcl\u00fc Sohbetin Keyfini mi \u00c7\u0131kar\u0131yorsunuz? TinyChat'de 50.000.000'dan fazla yabanc\u0131ya kat\u0131l\u0131n! Kameran\u0131z\u0131 a\u00e7\u0131n ve yeni insanlarla tan\u0131\u015fmaya ba\u015flay\u0131n veya bir e\u015fle\u015fme bulun.","robots":{"index":"index","follow":"follow","max-snippet":"max-snippet:-1","max-image-preview":"max-image-preview:large","max-video-preview":"max-video-preview:-1"},"canonical":"https:\/\/tinychat.com\/tr\/random-video-chat-with-strangers\/","og_locale":"tr_TR","og_type":"article","og_title":"Random Video Chat With Strangers on TinyChat.com","og_description":"Enjoying Random Video Chat With Strangers? Join over 50,000,000 strangers on TinyChat! Turn on your cam and start meeting new people, or find a match.","og_url":"https:\/\/tinychat.com\/tr\/random-video-chat-with-strangers\/","og_site_name":"TinyChat","article_publisher":"https:\/\/www.facebook.com\/tinychat","article_modified_time":"2025-09-03T10:38:11+00:00","og_image":[{"width":1280,"height":284,"url":"https:\/\/tinychat.com\/wp-content\/uploads\/2020\/04\/Tinychat-logo-1280x284-new-black.png","type":"image\/png"}],"twitter_card":"summary_large_image","twitter_site":"@tinychat","twitter_misc":{"Tahmini okuma s\u00fcresi":"5 dakika"},"schema":{"@context":"https:\/\/schema.org","@graph":[{"@type":"WebPage","@id":"https:\/\/tinychat.com\/random-video-chat-with-strangers\/","url":"https:\/\/tinychat.com\/random-video-chat-with-strangers\/","name":"TinyChat.com'da Yabanc\u0131larla Rastgele G\u00f6r\u00fcnt\u00fcl\u00fc Sohbet","isPartOf":{"@id":"https:\/\/tinychat.com\/#website"},"datePublished":"2025-09-03T06:47:55+00:00","dateModified":"2025-09-03T10:38:11+00:00","description":"Yabanc\u0131larla Rastgele G\u00f6r\u00fcnt\u00fcl\u00fc Sohbetin Keyfini mi \u00c7\u0131kar\u0131yorsunuz? TinyChat'de 50.000.000'dan fazla yabanc\u0131ya kat\u0131l\u0131n! Kameran\u0131z\u0131 a\u00e7\u0131n ve yeni insanlarla tan\u0131\u015fmaya ba\u015flay\u0131n veya bir e\u015fle\u015fme bulun.","breadcrumb":{"@id":"https:\/\/tinychat.com\/random-video-chat-with-strangers\/#breadcrumb"},"inLanguage":"tr","potentialAction":[{"@type":"ReadAction","target":["https:\/\/tinychat.com\/random-video-chat-with-strangers\/"]}]},{"@type":"BreadcrumbList","@id":"https:\/\/tinychat.com\/random-video-chat-with-strangers\/#breadcrumb","itemListElement":[{"@type":"ListItem","position":1,"name":"Home","item":"https:\/\/tinychat.com\/"},{"@type":"ListItem","position":2,"name":"Random Video Chat With Strangers"}]},{"@type":"WebSite","@id":"https:\/\/tinychat.com\/#website","url":"https:\/\/tinychat.com\/","name":"TinyChat","description":"Yabanc\u0131larla Rastgele G\u00f6r\u00fcnt\u00fcl\u00fc Sohbet","publisher":{"@id":"https:\/\/tinychat.com\/#organization"},"alternateName":"TinyChat.com","potentialAction":[{"@type":"SearchAction","target":{"@type":"EntryPoint","urlTemplate":"https:\/\/tinychat.com\/?s={search_term_string}"},"query-input":{"@type":"PropertyValueSpecification","valueRequired":true,"valueName":"search_term_string"}}],"inLanguage":"tr"},{"@type":"Organization","@id":"https:\/\/tinychat.com\/#organization","name":"TinyChat","alternateName":"TinyChat.com","url":"https:\/\/tinychat.com\/","logo":{"@type":"ImageObject","inLanguage":"tr","@id":"https:\/\/tinychat.com\/#\/schema\/logo\/image\/","url":"https:\/\/tinychat.com\/wp-content\/uploads\/2023\/11\/Tinychat-icon-square.png","contentUrl":"https:\/\/tinychat.com\/wp-content\/uploads\/2023\/11\/Tinychat-icon-square.png","width":284,"height":284,"caption":"TinyChat"},"image":{"@id":"https:\/\/tinychat.com\/#\/schema\/logo\/image\/"},"sameAs":["https:\/\/www.facebook.com\/tinychat","https:\/\/x.com\/tinychat"]}]}},"_links":{"self":[{"href":"https:\/\/tinychat.com\/tr\/wp-json\/wp\/v2\/pages\/4039","targetHints":{"allow":["GET"]}}],"collection":[{"href":"https:\/\/tinychat.com\/tr\/wp-json\/wp\/v2\/pages"}],"about":[{"href":"https:\/\/tinychat.com\/tr\/wp-json\/wp\/v2\/types\/page"}],"author":[{"embeddable":true,"href":"https:\/\/tinychat.com\/tr\/wp-json\/wp\/v2\/users\/8"}],"replies":[{"embeddable":true,"href":"https:\/\/tinychat.com\/tr\/wp-json\/wp\/v2\/comments?post=4039"}],"version-history":[{"count":4,"href":"https:\/\/tinychat.com\/tr\/wp-json\/wp\/v2\/pages\/4039\/revisions"}],"predecessor-version":[{"id":13497,"href":"https:\/\/tinychat.com\/tr\/wp-json\/wp\/v2\/pages\/4039\/revisions\/13497"}],"wp:attachment":[{"href":"https:\/\/tinychat.com\/tr\/wp-json\/wp\/v2\/media?parent=4039"}],"curies":[{"name":"wp","href":"https:\/\/api.w.org\/{rel}","templated":true}]}}