{"id":4056,"date":"2025-09-03T08:50:30","date_gmt":"2025-09-03T06:50:30","guid":{"rendered":"https:\/\/tinychat.com\/?page_id=4056"},"modified":"2025-09-03T12:43:21","modified_gmt":"2025-09-03T10:43:21","slug":"stranger-video-chat","status":"publish","type":"page","link":"https:\/\/tinychat.com\/tr\/stranger-video-chat\/","title":{"rendered":"Yabanc\u0131 G\u00f6r\u00fcnt\u00fcl\u00fc Sohbet"},"content":{"rendered":"<p>Bazen en iyi sohbetler hi\u00e7 tahmin etmedi\u011finiz sohbetlerdir. Yabanc\u0131 g\u00f6r\u00fcnt\u00fcl\u00fc sohbet tam olarak bununla ilgilidir - d\u00fcnyan\u0131n herhangi bir yerinde, tan\u0131mad\u0131\u011f\u0131n\u0131z insanlarla canl\u0131 video arac\u0131l\u0131\u011f\u0131yla an\u0131nda ba\u011flant\u0131 kurmak. Uzun profiller yok, kayd\u0131rma yok, algoritmalar yok - sadece siz, web kameran\u0131z ve di\u011fer tarafta kimin ortaya \u00e7\u0131kt\u0131\u011f\u0131n\u0131 g\u00f6rmenin s\u00fcrprizi.<\/p>\n<p>Milyonlarca insan i\u00e7in, \u00e7evrimi\u00e7i sosyalle\u015fmenin en heyecan verici yollar\u0131ndan biri haline geldi. \u0130ster can s\u0131k\u0131nt\u0131s\u0131yla m\u00fccadele etmek, ister yeni arkada\u015flarla tan\u0131\u015fmak, biraz fl\u00f6rt etmek veya di\u011fer k\u00fclt\u00fcrler hakk\u0131nda bilgi edinmek isteyin, yabanc\u0131 kameral\u0131 sohbet platformlar\u0131 bunu kolay, \u00fccretsiz ve spontane hale getirir.<\/p>\n<h2>Yabanc\u0131 G\u00f6r\u00fcnt\u00fcl\u00fc Sohbet Nedir?<\/h2>\n<p>Yabanc\u0131larla g\u00f6r\u00fcnt\u00fcl\u00fc sohbet basit ama g\u00fc\u00e7l\u00fc bir konsepttir: bir web sitesi veya uygulama sizi canl\u0131 bir g\u00f6r\u00fcnt\u00fcl\u00fc konu\u015fma i\u00e7in rastgele ba\u015fka bir kullan\u0131c\u0131yla e\u015fle\u015ftirir. \u0130stedi\u011finiz kadar konu\u015fabilir veya an\u0131nda yeni biriyle tan\u0131\u015fmak i\u00e7in \"ileri\" d\u00fc\u011fmesine t\u0131klayabilirsiniz.<\/p>\n<p>Temel \u00f6zellikler genellikle \u015funlar\u0131 i\u00e7erir:<\/p>\n<ul>\n<li>Kay\u0131t gerektirmeyen \u00fccretsiz yabanc\u0131 g\u00f6r\u00fcnt\u00fcl\u00fc sohbet.<\/li>\n<li>\u00d6zel konu\u015fmalar i\u00e7in bire bir rastgele e\u015fle\u015ftirme.<\/li>\n<li>Y\u00fcz\u00fcn\u00fcz\u00fc hemen g\u00f6stermek istemiyorsan\u0131z metin ve sesli sohbet se\u00e7enekleri.<\/li>\n<li>Kiminle konu\u015ftu\u011funuzu kontrol etmek i\u00e7in atlama\/sonraki d\u00fc\u011fmeleri.<\/li>\n<li>\u0130lgi alan\u0131 veya konum filtreleri, sizinle ayn\u0131 hisleri payla\u015fan ki\u015filerle e\u015fle\u015fmenize yard\u0131mc\u0131 olur.<\/li>\n<\/ul>\n<p>Ger\u00e7ek zamanl\u0131, insan etkile\u015fimini \u00e7evrimi\u00e7i olarak deneyimlemenin d\u00fc\u015f\u00fck bas\u0131n\u00e7l\u0131 bir yoludur.<\/p>\n<h2>\u0130nsanlar Yabanc\u0131larla G\u00f6r\u00fcnt\u00fcl\u00fc Sohbeti Neden Seviyor?<\/h2>\n<p>Cazibesi basit: her sohbet bir s\u00fcrpriz ve bu \u00f6ng\u00f6r\u00fclemezlik onu e\u011flenceli k\u0131l\u0131yor. \u0130\u015fte insanlar\u0131n tekrar tekrar gelmesinin nedeni:<\/p>\n<ul>\n<li>An\u0131nda insan ba\u011flant\u0131s\u0131 - Saniyeler i\u00e7inde biriyle y\u00fcz y\u00fcze tan\u0131\u015f\u0131n.<\/li>\n<li>K\u00fcresel eri\u015fim - Farkl\u0131 \u00fclkelerden, ge\u00e7mi\u015flerden ve k\u00fclt\u00fcrlerden insanlarla konu\u015fun.<\/li>\n<li>D\u00fc\u015f\u00fck risk - Y\u00f6netilecek profil, be\u011feni veya takip\u00e7i yok. Garipse, sadece atlay\u0131n.<\/li>\n<li>Anonimlik - Bir takma ad kullanarak gizli kal\u0131n veya haz\u0131r olana kadar kameran\u0131z\u0131 kapal\u0131 tutun.<\/li>\n<li>\u00c7e\u015fitlilik - Aptalca sohbetlerden derin gece sohbetlerine kadar her oturum farkl\u0131d\u0131r.<\/li>\n<\/ul>\n<p>Bu, sosyalle\u015fmenin en spontane haline indirgenmi\u015f halidir.<\/p>\n<h2>Yabanc\u0131 Kamera Sohbeti Nas\u0131l \u00c7al\u0131\u015f\u0131r?<\/h2>\n<p>E\u011fer daha \u00f6nce hi\u00e7 denemediyseniz, ba\u015flamak \u00e7ok kolay:<\/p>\n<ol>\n<li>Bir platform se\u00e7in - Se\u00e7enekler aras\u0131nda Omegle, Chatroulette, Chatspin, TinyChat ve Camsurf bulunmaktad\u0131r.<\/li>\n<li>Kameran\u0131z\u0131 ve mikrofonunuzu etkinle\u015ftirin - \u00c7o\u011fu site ba\u011flanmadan \u00f6nce izin isteyecektir.<\/li>\n<li>\"Ba\u015flat \"a t\u0131klay\u0131n - Canl\u0131 g\u00f6r\u00fcnt\u00fcl\u00fc sohbet i\u00e7in an\u0131nda bir yabanc\u0131yla e\u015fle\u015ftirilirsiniz.<\/li>\n<li>Sohbet edin veya atlay\u0131n - Sohbetin tad\u0131n\u0131 \u00e7\u0131kar\u0131n veya istedi\u011finiz zaman devam etmek i\u00e7in \"ileri\" d\u00fc\u011fmesine bas\u0131n.<\/li>\n<li>Filtreleri ayarlay\u0131n - Baz\u0131 siteler e\u015fle\u015fmeleri daraltmak i\u00e7in ilgi alanlar\u0131, cinsiyet veya konum se\u00e7menize izin verir.<\/li>\n<\/ol>\n<p>Kontrol her zaman sizde - birka\u00e7 saniye sohbet edin ya da bir saat kal\u0131n.<\/p>\n<h2>Yabanc\u0131larla G\u00f6r\u00fcnt\u00fcl\u00fc Sohbet i\u00e7in En \u0130yi Platformlar<\/h2>\n<p>D\u00fczinelerce se\u00e7enek var, ancak i\u015fte en pop\u00fcler ve g\u00fcvenilir sitelerden baz\u0131lar\u0131:<\/p>\n<ul>\n<li>Omegle - Metin ve video modlar\u0131 ile orijinal rastgele yabanc\u0131 sohbet platformu.<\/li>\n<li>Chatroulette - H\u0131zl\u0131 rastgele g\u00f6r\u00fcnt\u00fcl\u00fc aramalar\u0131 ve k\u00fcresel eri\u015fimiyle tan\u0131n\u0131r.<\/li>\n<li>Chatspin - Cinsiyet ve konum i\u00e7in filtrelerin yan\u0131 s\u0131ra e\u011flenceli video efektleri sunar.<\/li>\n<li>Camsurf - Dost canl\u0131s\u0131 bir toplulu\u011fa sahip temiz, denetlenen bir platform.<\/li>\n<li>Chatrandom - Temal\u0131 odalar ve \"sadece k\u0131zlar\" modu i\u00e7erir.<\/li>\n<li>TinyChat - Topluluk hissi i\u00e7in yabanc\u0131larla sohbeti grup odalar\u0131yla birle\u015ftirir.<\/li>\n<li>Bazoocam - Dahili buz k\u0131r\u0131c\u0131 oyunlar\u0131yla Avrupa'da pop\u00fcler.<\/li>\n<\/ul>\n<p>Her birinin kendine \u00f6zg\u00fc bir havas\u0131 vard\u0131r, bu nedenle kendinizi en rahat hissetti\u011finiz yeri g\u00f6rmek i\u00e7in birka\u00e7\u0131n\u0131 denemeye de\u011fer.<\/p>\n<h2>Yabanc\u0131larla G\u00f6r\u00fcnt\u00fcl\u00fc Sohbet ve Yaln\u0131zca Metinle Sohbet<\/h2>\n<p>Metin sohbeti hala bir se\u00e7enek olsa da, yabanc\u0131 g\u00f6r\u00fcnt\u00fcl\u00fc sohbet yepyeni bir \u00f6zg\u00fcnl\u00fck katman\u0131 ekler.<\/p>\n<table>\n<thead>\n<tr>\n<th>\u00d6zellik<\/th>\n<th>Yabanc\u0131 G\u00f6r\u00fcnt\u00fcl\u00fc Sohbet<\/th>\n<th>Yaln\u0131zca Metinle Sohbet<\/th>\n<\/tr>\n<\/thead>\n<tbody>\n<tr>\n<td>Y\u00fcz ifadelerini g\u00f6r\u00fcn<\/td>\n<td>\u2705<\/td>\n<td>\u274c<\/td>\n<\/tr>\n<tr>\n<td>Ses tonunu duyun<\/td>\n<td>\u2705<\/td>\n<td>\u274c<\/td>\n<\/tr>\n<tr>\n<td>Daha h\u0131zl\u0131 ba\u011flant\u0131<\/td>\n<td>\u2705<\/td>\n<td>\u26a0\ufe0f Bazen<\/td>\n<\/tr>\n<tr>\n<td>Daha fazla ki\u015fisel deneyim<\/td>\n<td>\u2705<\/td>\n<td>\u274c<\/td>\n<\/tr>\n<tr>\n<td>Metni yanl\u0131\u015f yorumlamak daha kolay<\/td>\n<td>\u274c<\/td>\n<td>\u2705<\/td>\n<\/tr>\n<\/tbody>\n<\/table>\n<p>Birini ger\u00e7ek zamanl\u0131 olarak g\u00f6rmek ve duymak, konu\u015fmalar\u0131 daha do\u011fal ve ilgi \u00e7ekici hale getirir.<\/p>\n<h2>Yabanc\u0131larla G\u00f6r\u00fcnt\u00fcl\u00fc Sohbetlerde G\u00fcvenlik<\/h2>\n<p>\u0130nsanlar\u0131n \u00e7o\u011fu yabanc\u0131 kamera sohbetlerine e\u011flenmek i\u00e7in kat\u0131l\u0131r, ancak sa\u011fduyulu \u00f6nlemler almak ak\u0131ll\u0131ca olacakt\u0131r:<\/p>\n<ul>\n<li>Gizlili\u011finizi koruyun - Ger\u00e7ek ad\u0131n\u0131z\u0131, telefon numaran\u0131z\u0131 veya konumunuzu payla\u015fmay\u0131n.<\/li>\n<li>N\u00f6tr bir arka plan kullan\u0131n - Ki\u015fisel ayr\u0131nt\u0131lar\u0131 kamera kadraj\u0131n\u0131z\u0131n d\u0131\u015f\u0131nda tutun.<\/li>\n<li>Serbest\u00e7e atlay\u0131n - Biri sizi rahats\u0131z ederse, hemen oradan ayr\u0131l\u0131n.<\/li>\n<li>Uygunsuz davran\u0131\u015flar\u0131 bildirin - Sayg\u0131n platformlar\u0131n moderasyon ara\u00e7lar\u0131 vard\u0131r.<\/li>\n<li>Bilinen sitelere ba\u011fl\u0131 kal\u0131n - G\u00fcvenlik y\u00f6nergeleri olmayan g\u00f6lgeli platformlardan ka\u00e7\u0131n\u0131n.<\/li>\n<\/ul>\n<p>Do\u011fru yap\u0131ld\u0131\u011f\u0131nda, yabanc\u0131larla g\u00f6r\u00fcnt\u00fcl\u00fc sohbet hem g\u00fcvenli hem de e\u011flenceli olabilir.<\/p>\n<h2>\u0130nsanlar Yabanc\u0131 Kamera Sohbetlerine Neden Kat\u0131l\u0131r?<\/h2>\n<p>\u0130nsanlar\u0131n internette yabanc\u0131larla konu\u015fmaya neden bu kadar hevesli olduklar\u0131n\u0131 hi\u00e7 merak ettiniz mi? Sebepler \u00e7e\u015fitlilik g\u00f6sterse de en yayg\u0131n olanlardan baz\u0131lar\u0131 \u015funlard\u0131r:<\/p>\n<ul>\n<li>Can s\u0131k\u0131nt\u0131s\u0131yla m\u00fccadele - Gece ge\u00e7 saatler veya bo\u015f zamanlar i\u00e7in m\u00fckemmeldir.<\/li>\n<li>Sosyal ba\u011flant\u0131 - Daha az izole hissetmenin h\u0131zl\u0131 bir yolu.<\/li>\n<li>Fl\u00f6rt ve tan\u0131\u015fma - Bir\u00e7ok kullan\u0131c\u0131 kimya ve romantizm umuyor.<\/li>\n<li>\u00d6\u011frenme - Bir dili pratik edin veya farkl\u0131 k\u00fclt\u00fcrlerin bak\u0131\u015f a\u00e7\u0131lar\u0131n\u0131 dinleyin.<\/li>\n<li>Merak - Bazen d\u0131\u015far\u0131da kimlerin oldu\u011funu g\u00f6rmek e\u011flencelidir.<\/li>\n<\/ul>\n<p>Bu platformlar\u0131 canl\u0131 tutan da bu merak ve ba\u011flant\u0131 kar\u0131\u015f\u0131m\u0131d\u0131r.<\/p>\n<h2>Daha \u0130yi Bir Yabanc\u0131 G\u00f6r\u00fcnt\u00fcl\u00fc Sohbet Deneyimi \u0130\u00e7in \u0130pu\u00e7lar\u0131<\/h2>\n<p>Sohbetlerinizden en iyi \u015fekilde yararlanmak ister misiniz? \u0130\u015fte deneyimi iyile\u015ftirmenin baz\u0131 kolay yollar\u0131:<\/p>\n<ul>\n<li>\u00d6nce g\u00fcl\u00fcmseyin ve merhaba deyin - Dostane hisler uzun bir yol kat eder.<\/li>\n<li>A\u00e7\u0131k u\u00e7lu sorular sorun - \"Evet\/hay\u0131r\" sorular\u0131 yerine ilgi alanlar\u0131 veya hikayeler hakk\u0131nda sorular sorun.<\/li>\n<li>Sayg\u0131l\u0131 olun - Ba\u015fkalar\u0131na size davran\u0131lmas\u0131n\u0131 istedi\u011finiz \u015fekilde davran\u0131n.<\/li>\n<li>\u0130lk ba\u015fta hafif tutun - Mizah ve g\u00fcndelik sohbet buzlar\u0131 k\u0131rmaya yard\u0131mc\u0131 olur.<\/li>\n<li>Saatlerle denemeler yap\u0131n - Farkl\u0131 saat dilimleri farkl\u0131 \u00e7evrimi\u00e7i insanlar anlam\u0131na gelir.<\/li>\n<\/ul>\n<h2>Farkl\u0131 \u0130htiya\u00e7lar i\u00e7in Yabanc\u0131 G\u00f6r\u00fcnt\u00fcl\u00fc Sohbet<\/h2>\n<p>Yabanc\u0131 kameral\u0131 sohbet sadece bir t\u00fcr insan i\u00e7in de\u011fildir. \u015eunlar i\u00e7in i\u015fe yarayabilir:<\/p>\n<ul>\n<li>Bekarlar - Fl\u00f6rt sohbeti veya potansiyel bulu\u015fma ar\u0131yor.<\/li>\n<li>Gezginler - Yeni bir yeri ziyaret etmeden \u00f6nce yerel halkla sanal olarak tan\u0131\u015f\u0131n.<\/li>\n<li>\u00d6\u011frenciler - Anadili \u0130ngilizce olan ki\u015filerle ikinci bir dil prati\u011fi yapmak.<\/li>\n<li>Uzaktan \u00e7al\u0131\u015fanlar - Uzun g\u00fcnleri sosyal etkile\u015fimle k\u0131rmak.<\/li>\n<li>Merakl\u0131 zihinler - Basit\u00e7e internetin insani y\u00f6n\u00fcn\u00fc ke\u015ffetmek.<\/li>\n<\/ul>\n<h2>\u00dccretsiz ve \u00dccretli Yabanc\u0131 G\u00f6r\u00fcnt\u00fcl\u00fc Sohbet \u00d6zellikleri<\/h2>\n<p>\u00c7o\u011fu yabanc\u0131 kamera platformu \u00fccretsizdir, ancak baz\u0131lar\u0131 y\u00fckseltmeler sunar.<\/p>\n<table>\n<thead>\n<tr>\n<th>\u00d6zellik<\/th>\n<th>\u00dccretsiz S\u00fcr\u00fcm<\/th>\n<th>\u00dccretli S\u00fcr\u00fcm<\/th>\n<\/tr>\n<\/thead>\n<tbody>\n<tr>\n<td>Rastgele e\u015fle\u015ftirme<\/td>\n<td>Evet<\/td>\n<td>Evet<\/td>\n<\/tr>\n<tr>\n<td>S\u0131n\u0131rs\u0131z atlama<\/td>\n<td>\u26a0\ufe0f Sometimes limited<\/td>\n<td>Her zaman<\/td>\n<\/tr>\n<tr>\n<td>Cinsiyet filtreleri<\/td>\n<td>\u26a0\ufe0f Temel<\/td>\n<td>Geli\u015fmi\u015f<\/td>\n<\/tr>\n<tr>\n<td>Reklamlar kald\u0131r\u0131ld\u0131<\/td>\n<td>\u274c<\/td>\n<td>Evet<\/td>\n<\/tr>\n<tr>\n<td>\u00d6ncelikli e\u015fle\u015ftirme<\/td>\n<td>\u274c<\/td>\n<td>Evet<\/td>\n<\/tr>\n<\/tbody>\n<\/table>\n<p>S\u0131radan kullan\u0131c\u0131lar i\u00e7in \u00fccretsiz s\u00fcr\u00fcm genellikle fazlas\u0131yla yeterlidir.<\/p>\n<h2>Bir Yabanc\u0131 Olarak TinyChat Video Chat Alternative<\/h2>\n<p>Standart bire bir yabanc\u0131 e\u015fle\u015fmesinin \u00f6tesinde bir \u015fey ar\u0131yorsan\u0131z, TinyChat benzersiz bir de\u011fi\u015fiklik sunuyor. Sadece rastgele aramalar yerine, temal\u0131 grup odalar\u0131na kat\u0131labilir veya kendi odalar\u0131n\u0131z\u0131 d\u00fczenleyebilirsiniz. Bu, yabanc\u0131larla tan\u0131\u015fman\u0131n spontanl\u0131\u011f\u0131n\u0131 korurken ilgi alanlar\u0131n\u0131z\u0131 payla\u015fan insanlar\u0131 bulmay\u0131 kolayla\u015ft\u0131r\u0131r.<\/p>\n<p>TinyChat a\u015fa\u011f\u0131dakiler i\u00e7in m\u00fckemmeldir:<\/p>\n<ul>\n<li>M\u00fczik, fl\u00f6rt, oyun veya g\u00fcncel olaylar hakk\u0131nda canl\u0131 grup sohbetlerine kat\u0131lmak.<\/li>\n<li>Bire bir g\u00f6r\u00fc\u015fmeler i\u00e7in kendi \u00f6zel sohbet odan\u0131z\u0131 olu\u015fturmak.<\/li>\n<li>Ruh halinize ba\u011fl\u0131 olarak video, ses ve metin aras\u0131nda ge\u00e7i\u015f yapma.<\/li>\n<li>Masa\u00fcst\u00fc veya mobil uygulamalarda platformlar aras\u0131 sohbet.<\/li>\n<\/ul>\n<p>Size daha fazla kontrol ve topluluk sa\u011flarken yabanc\u0131 g\u00f6r\u00fcnt\u00fcl\u00fc sohbetin heyecan\u0131n\u0131 korur.<\/p>\n<p>Yabanc\u0131larla g\u00f6r\u00fcnt\u00fcl\u00fc sohbet, \u00e7evrimi\u00e7i ba\u011flant\u0131 kurman\u0131n en e\u011flenceli ve spontane yollar\u0131ndan biri haline geldi. Sadece bir web kameras\u0131 ve bir t\u0131klama ile d\u00fcnyan\u0131n herhangi bir yerinde yeni biriyle y\u00fcz y\u00fcze olabilirsiniz. \u00d6ng\u00f6r\u00fclemez, \u00f6zg\u00fcn ve genellikle \u015fa\u015f\u0131rt\u0131c\u0131 derecede \u00f6d\u00fcllendiricidir.<\/p>\n<p>\u0130ster g\u00fcndelik e\u011flence, k\u00fclt\u00fcrel de\u011fi\u015fim, gece ge\u00e7 saatlerde arkada\u015fl\u0131k, hatta romantizm \u015fans\u0131 i\u00e7in olsun, yabanc\u0131 kameral\u0131 sohbet, maliyet veya taahh\u00fct olmaks\u0131z\u0131n sonsuz olanaklar sunar.<\/p>\n<p>Denemeye haz\u0131rsan\u0131z, TinyChat veya Chatspin gibi \u00fccretsiz bir platforma atlay\u0131n, kameran\u0131z\u0131 a\u00e7\u0131n ve orada kimlerin oldu\u011funu g\u00f6r\u00fcn. Bir sonraki harika sohbetiniz sadece bir t\u0131k uza\u011f\u0131n\u0131zda olabilir.<\/p>","protected":false},"excerpt":{"rendered":"<p>Sometimes the best conversations are the ones you never see coming. That\u2019s exactly what stranger video chat is all about\u2014connecting instantly with people you don\u2019t know, anywhere in the world, through live video. No long profiles, no swiping, no algorithms\u2014just you, your webcam, and the surprise of seeing who pops up on the other side. [&hellip;]<\/p>\n","protected":false},"author":8,"featured_media":0,"parent":0,"menu_order":0,"comment_status":"closed","ping_status":"closed","template":"","meta":{"footnotes":""},"class_list":["post-4056","page","type-page","status-publish","hentry"],"yoast_head":"<!-- This site is optimized with the Yoast SEO plugin v27.4 - https:\/\/yoast.com\/product\/yoast-seo-wordpress\/ -->\n<title>Stranger Video Chat with Video Chat on TinyChat.com<\/title>\n<meta name=\"description\" content=\"Enjoying Stranger Video Chat? Join over 50,000,000 strangers on TinyChat! Turn on your cam and start meeting new people, or find a match.\" \/>\n<meta name=\"robots\" content=\"index, follow, max-snippet:-1, max-image-preview:large, max-video-preview:-1\" \/>\n<link rel=\"canonical\" href=\"https:\/\/tinychat.com\/tr\/stranger-video-chat\/\" \/>\n<meta property=\"og:locale\" content=\"tr_TR\" \/>\n<meta property=\"og:type\" content=\"article\" \/>\n<meta property=\"og:title\" content=\"Stranger Video Chat with Video Chat on TinyChat.com\" \/>\n<meta property=\"og:description\" content=\"Enjoying Stranger Video Chat? Join over 50,000,000 strangers on TinyChat! Turn on your cam and start meeting new people, or find a match.\" \/>\n<meta property=\"og:url\" content=\"https:\/\/tinychat.com\/tr\/stranger-video-chat\/\" \/>\n<meta property=\"og:site_name\" content=\"TinyChat\" \/>\n<meta property=\"article:publisher\" content=\"https:\/\/www.facebook.com\/tinychat\" \/>\n<meta property=\"article:modified_time\" content=\"2025-09-03T10:43:21+00:00\" \/>\n<meta property=\"og:image\" content=\"https:\/\/tinychat.com\/wp-content\/uploads\/2020\/04\/Tinychat-logo-1280x284-new-black.png\" \/>\n\t<meta property=\"og:image:width\" content=\"1280\" \/>\n\t<meta property=\"og:image:height\" content=\"284\" \/>\n\t<meta property=\"og:image:type\" content=\"image\/png\" \/>\n<meta name=\"twitter:card\" content=\"summary_large_image\" \/>\n<meta name=\"twitter:site\" content=\"@tinychat\" \/>\n<meta name=\"twitter:label1\" content=\"Tahmini okuma s\u00fcresi\" \/>\n\t<meta name=\"twitter:data1\" content=\"6 dakika\" \/>\n<script type=\"application\/ld+json\" class=\"yoast-schema-graph\">{\"@context\":\"https:\\\/\\\/schema.org\",\"@graph\":[{\"@type\":\"WebPage\",\"@id\":\"https:\\\/\\\/tinychat.com\\\/stranger-video-chat\\\/\",\"url\":\"https:\\\/\\\/tinychat.com\\\/stranger-video-chat\\\/\",\"name\":\"Stranger Video Chat with Video Chat on TinyChat.com\",\"isPartOf\":{\"@id\":\"https:\\\/\\\/tinychat.com\\\/#website\"},\"datePublished\":\"2025-09-03T06:50:30+00:00\",\"dateModified\":\"2025-09-03T10:43:21+00:00\",\"description\":\"Enjoying Stranger Video Chat? Join over 50,000,000 strangers on TinyChat! Turn on your cam and start meeting new people, or find a match.\",\"breadcrumb\":{\"@id\":\"https:\\\/\\\/tinychat.com\\\/stranger-video-chat\\\/#breadcrumb\"},\"inLanguage\":\"tr\",\"potentialAction\":[{\"@type\":\"ReadAction\",\"target\":[\"https:\\\/\\\/tinychat.com\\\/stranger-video-chat\\\/\"]}]},{\"@type\":\"BreadcrumbList\",\"@id\":\"https:\\\/\\\/tinychat.com\\\/stranger-video-chat\\\/#breadcrumb\",\"itemListElement\":[{\"@type\":\"ListItem\",\"position\":1,\"name\":\"Home\",\"item\":\"https:\\\/\\\/tinychat.com\\\/\"},{\"@type\":\"ListItem\",\"position\":2,\"name\":\"Stranger Video Chat\"}]},{\"@type\":\"WebSite\",\"@id\":\"https:\\\/\\\/tinychat.com\\\/#website\",\"url\":\"https:\\\/\\\/tinychat.com\\\/\",\"name\":\"TinyChat\",\"description\":\"Random Video Chat with Strangers\",\"publisher\":{\"@id\":\"https:\\\/\\\/tinychat.com\\\/#organization\"},\"alternateName\":\"TinyChat.com\",\"potentialAction\":[{\"@type\":\"SearchAction\",\"target\":{\"@type\":\"EntryPoint\",\"urlTemplate\":\"https:\\\/\\\/tinychat.com\\\/?s={search_term_string}\"},\"query-input\":{\"@type\":\"PropertyValueSpecification\",\"valueRequired\":true,\"valueName\":\"search_term_string\"}}],\"inLanguage\":\"tr\"},{\"@type\":\"Organization\",\"@id\":\"https:\\\/\\\/tinychat.com\\\/#organization\",\"name\":\"TinyChat\",\"alternateName\":\"TinyChat.com\",\"url\":\"https:\\\/\\\/tinychat.com\\\/\",\"logo\":{\"@type\":\"ImageObject\",\"inLanguage\":\"tr\",\"@id\":\"https:\\\/\\\/tinychat.com\\\/#\\\/schema\\\/logo\\\/image\\\/\",\"url\":\"https:\\\/\\\/tinychat.com\\\/wp-content\\\/uploads\\\/2023\\\/11\\\/Tinychat-icon-square.png\",\"contentUrl\":\"https:\\\/\\\/tinychat.com\\\/wp-content\\\/uploads\\\/2023\\\/11\\\/Tinychat-icon-square.png\",\"width\":284,\"height\":284,\"caption\":\"TinyChat\"},\"image\":{\"@id\":\"https:\\\/\\\/tinychat.com\\\/#\\\/schema\\\/logo\\\/image\\\/\"},\"sameAs\":[\"https:\\\/\\\/www.facebook.com\\\/tinychat\",\"https:\\\/\\\/x.com\\\/tinychat\"]}]}<\/script>\n<!-- \/ Yoast SEO plugin. -->","yoast_head_json":{"title":"TinyChat.com'da G\u00f6r\u00fcnt\u00fcl\u00fc Sohbet ile Yabanc\u0131 G\u00f6r\u00fcnt\u00fcl\u00fc Sohbet","description":"Yabanc\u0131larla G\u00f6r\u00fcnt\u00fcl\u00fc Sohbet ho\u015funuza m\u0131 gidiyor? TinyChat'de 50.000.000'dan fazla yabanc\u0131ya kat\u0131l\u0131n! Kameran\u0131z\u0131 a\u00e7\u0131n ve yeni insanlarla tan\u0131\u015fmaya ba\u015flay\u0131n veya bir e\u015fle\u015fme bulun.","robots":{"index":"index","follow":"follow","max-snippet":"max-snippet:-1","max-image-preview":"max-image-preview:large","max-video-preview":"max-video-preview:-1"},"canonical":"https:\/\/tinychat.com\/tr\/stranger-video-chat\/","og_locale":"tr_TR","og_type":"article","og_title":"Stranger Video Chat with Video Chat on TinyChat.com","og_description":"Enjoying Stranger Video Chat? Join over 50,000,000 strangers on TinyChat! Turn on your cam and start meeting new people, or find a match.","og_url":"https:\/\/tinychat.com\/tr\/stranger-video-chat\/","og_site_name":"TinyChat","article_publisher":"https:\/\/www.facebook.com\/tinychat","article_modified_time":"2025-09-03T10:43:21+00:00","og_image":[{"width":1280,"height":284,"url":"https:\/\/tinychat.com\/wp-content\/uploads\/2020\/04\/Tinychat-logo-1280x284-new-black.png","type":"image\/png"}],"twitter_card":"summary_large_image","twitter_site":"@tinychat","twitter_misc":{"Tahmini okuma s\u00fcresi":"6 dakika"},"schema":{"@context":"https:\/\/schema.org","@graph":[{"@type":"WebPage","@id":"https:\/\/tinychat.com\/stranger-video-chat\/","url":"https:\/\/tinychat.com\/stranger-video-chat\/","name":"TinyChat.com'da G\u00f6r\u00fcnt\u00fcl\u00fc Sohbet ile Yabanc\u0131 G\u00f6r\u00fcnt\u00fcl\u00fc Sohbet","isPartOf":{"@id":"https:\/\/tinychat.com\/#website"},"datePublished":"2025-09-03T06:50:30+00:00","dateModified":"2025-09-03T10:43:21+00:00","description":"Yabanc\u0131larla G\u00f6r\u00fcnt\u00fcl\u00fc Sohbet ho\u015funuza m\u0131 gidiyor? TinyChat'de 50.000.000'dan fazla yabanc\u0131ya kat\u0131l\u0131n! Kameran\u0131z\u0131 a\u00e7\u0131n ve yeni insanlarla tan\u0131\u015fmaya ba\u015flay\u0131n veya bir e\u015fle\u015fme bulun.","breadcrumb":{"@id":"https:\/\/tinychat.com\/stranger-video-chat\/#breadcrumb"},"inLanguage":"tr","potentialAction":[{"@type":"ReadAction","target":["https:\/\/tinychat.com\/stranger-video-chat\/"]}]},{"@type":"BreadcrumbList","@id":"https:\/\/tinychat.com\/stranger-video-chat\/#breadcrumb","itemListElement":[{"@type":"ListItem","position":1,"name":"Home","item":"https:\/\/tinychat.com\/"},{"@type":"ListItem","position":2,"name":"Stranger Video Chat"}]},{"@type":"WebSite","@id":"https:\/\/tinychat.com\/#website","url":"https:\/\/tinychat.com\/","name":"TinyChat","description":"Yabanc\u0131larla Rastgele G\u00f6r\u00fcnt\u00fcl\u00fc Sohbet","publisher":{"@id":"https:\/\/tinychat.com\/#organization"},"alternateName":"TinyChat.com","potentialAction":[{"@type":"SearchAction","target":{"@type":"EntryPoint","urlTemplate":"https:\/\/tinychat.com\/?s={search_term_string}"},"query-input":{"@type":"PropertyValueSpecification","valueRequired":true,"valueName":"search_term_string"}}],"inLanguage":"tr"},{"@type":"Organization","@id":"https:\/\/tinychat.com\/#organization","name":"TinyChat","alternateName":"TinyChat.com","url":"https:\/\/tinychat.com\/","logo":{"@type":"ImageObject","inLanguage":"tr","@id":"https:\/\/tinychat.com\/#\/schema\/logo\/image\/","url":"https:\/\/tinychat.com\/wp-content\/uploads\/2023\/11\/Tinychat-icon-square.png","contentUrl":"https:\/\/tinychat.com\/wp-content\/uploads\/2023\/11\/Tinychat-icon-square.png","width":284,"height":284,"caption":"TinyChat"},"image":{"@id":"https:\/\/tinychat.com\/#\/schema\/logo\/image\/"},"sameAs":["https:\/\/www.facebook.com\/tinychat","https:\/\/x.com\/tinychat"]}]}},"_links":{"self":[{"href":"https:\/\/tinychat.com\/tr\/wp-json\/wp\/v2\/pages\/4056","targetHints":{"allow":["GET"]}}],"collection":[{"href":"https:\/\/tinychat.com\/tr\/wp-json\/wp\/v2\/pages"}],"about":[{"href":"https:\/\/tinychat.com\/tr\/wp-json\/wp\/v2\/types\/page"}],"author":[{"embeddable":true,"href":"https:\/\/tinychat.com\/tr\/wp-json\/wp\/v2\/users\/8"}],"replies":[{"embeddable":true,"href":"https:\/\/tinychat.com\/tr\/wp-json\/wp\/v2\/comments?post=4056"}],"version-history":[{"count":5,"href":"https:\/\/tinychat.com\/tr\/wp-json\/wp\/v2\/pages\/4056\/revisions"}],"predecessor-version":[{"id":13496,"href":"https:\/\/tinychat.com\/tr\/wp-json\/wp\/v2\/pages\/4056\/revisions\/13496"}],"wp:attachment":[{"href":"https:\/\/tinychat.com\/tr\/wp-json\/wp\/v2\/media?parent=4056"}],"curies":[{"name":"wp","href":"https:\/\/api.w.org\/{rel}","templated":true}]}}