{"id":4158,"date":"2025-08-14T09:27:29","date_gmt":"2025-08-14T07:27:29","guid":{"rendered":"https:\/\/tinychat.com\/?page_id=4158"},"modified":"2025-08-14T10:01:21","modified_gmt":"2025-08-14T08:01:21","slug":"omegle-video-call","status":"publish","type":"page","link":"https:\/\/tinychat.com\/tr\/omegle-video-call\/","title":{"rendered":"Omegle G\u00f6r\u00fcnt\u00fcl\u00fc G\u00f6r\u00fc\u015fme"},"content":{"rendered":"<p>D\u00fcnyan\u0131n herhangi bir yerinde hi\u00e7 tan\u0131mad\u0131\u011f\u0131n\u0131z biriyle canl\u0131 bir sohbete ba\u015flama fikri yeni de\u011fil. Omegle g\u00f6r\u00fcnt\u00fcl\u00fc arama \u00f6zellikleri onu \u00fcnl\u00fc yapt\u0131 ve konsept bug\u00fcn hala insanlar\u0131 heyecanland\u0131r\u0131yor. H\u0131zl\u0131, \u00f6ng\u00f6r\u00fclemez ve ki\u015fiseldir. Sadece bir t\u0131klama ile gezegenin di\u011fer ucundaki biriyle y\u00fcz y\u00fcze g\u00f6r\u00fc\u015febilir, hikayelerinizi, kahkahalar\u0131n\u0131z\u0131 ya da sadece birka\u00e7 dakikal\u0131k merak\u0131n\u0131z\u0131 payla\u015fabilirsiniz.<\/p>\n<p>Bir\u00e7oklar\u0131 i\u00e7in bu sohbet tarz\u0131, sosyal medya ve fl\u00f6rt uygulamalar\u0131n\u0131n sunamad\u0131\u011f\u0131 bir \u015fey sunuyor: filtreler, kayd\u0131rmalar veya kiminle tan\u0131\u015faca\u011f\u0131n\u0131za karar veren algoritmalar olmadan ger\u00e7ek zamanl\u0131 etkile\u015fim.<\/p>\n<h2>Omegle G\u00f6r\u00fcnt\u00fcl\u00fc Arama Nedir?<\/h2>\n<p>En basit haliyle Omegle g\u00f6r\u00fcnt\u00fcl\u00fc arama, rastgele bir yabanc\u0131yla bire bir canl\u0131 g\u00f6r\u00fcnt\u00fcl\u00fc sohbettir. Web kameran\u0131z\u0131 a\u00e7ars\u0131n\u0131z, di\u011fer ki\u015fi de ayn\u0131s\u0131n\u0131 yapar ve ikinizden biri devam etmeye karar verene kadar konu\u015fursunuz. Kay\u0131t yok, ki\u015fisel detay yok, taahh\u00fct yok - sadece spontane, do\u011frudan ileti\u015fim.<\/p>\n<p>Omegle markas\u0131 bunu pop\u00fcler hale getirmi\u015f olsa da, bu t\u00fcr rastgele g\u00f6r\u00fcnt\u00fcl\u00fc arama art\u0131k bir\u00e7ok platformda mevcut. Ana fikir ayn\u0131 kal\u0131yor: an\u0131nda ba\u011flan\u0131n, istedi\u011finiz kadar konu\u015fun, sonra bir sonraki ma\u00e7a ge\u00e7in.<\/p>\n<h2>\u0130nsanlar Omegle Tarz\u0131 G\u00f6r\u00fcnt\u00fcl\u00fc G\u00f6r\u00fc\u015fmeleri Neden Seviyor?<\/h2>\n<p>Milyonlarca insan\u0131n bu format\u0131 denemesinin ve geri gelmeye devam etmesinin bir nedeni var. Bu sadece sohbet etmekle ilgili de\u011fil - iki yabanc\u0131 ger\u00e7ek zamanl\u0131 olarak kar\u015f\u0131la\u015ft\u0131\u011f\u0131nda ortaya \u00e7\u0131kan beklenmedik anlarla ilgili.<\/p>\n<ul>\n<li>An\u0131nda ba\u011flant\u0131 - Kullan\u0131c\u0131 ad\u0131 de\u011fi\u015ftirmeye veya ki\u015fi eklemeye gerek yok. Hemen sohbete dahil olursunuz.<\/li>\n<li>K\u00fcresel eri\u015fim - B\u00fcy\u00fck \u015fehirlerden uzak kasabalara kadar her yerden insanlarla tan\u0131\u015f\u0131n.<\/li>\n<li>Tam \u00e7e\u015fitlilik - Her arama farkl\u0131d\u0131r; s\u0131rada kimin oldu\u011funu asla bilemezsiniz.<\/li>\n<li>Atlama \u00f6zg\u00fcrl\u00fc\u011f\u00fc - Ortam do\u011fru de\u011filse, yeni bir sohbetten sadece bir t\u0131k uzaktas\u0131n\u0131z.<\/li>\n<li>Y\u00fcz y\u00fcze d\u00fcr\u00fcstl\u00fck - Birini ger\u00e7ek zamanl\u0131 olarak g\u00f6rmek ve duymak, sahte profillerin arkas\u0131na saklanmay\u0131 zorla\u015ft\u0131r\u0131r.<\/li>\n<\/ul>\n<p>Baz\u0131 insanlar Omegle tarz\u0131 g\u00f6r\u00fcnt\u00fcl\u00fc aramalar\u0131 h\u0131zl\u0131 e\u011flence i\u00e7in kullan\u0131rken, di\u011ferleri ger\u00e7ek arkada\u015fl\u0131k ve hatta dil prati\u011fi i\u00e7in kullan\u0131yor.<\/p>\n<h2>Omegle G\u00f6r\u00fcnt\u00fcl\u00fc Arama Nas\u0131l \u00c7al\u0131\u015f\u0131r?<\/h2>\n<p>Daha \u00f6nce hi\u00e7 denemediyseniz, ba\u015flamak \u015fa\u015f\u0131rt\u0131c\u0131 derecede basittir:<\/p>\n<ol>\n<li>Bir platform se\u00e7in - Orijinal Omegle sitesi bir se\u00e7enek olsa da, art\u0131k TinyChat, Chatspin ve CamSurf gibi bir\u00e7ok alternatif var.<\/li>\n<li>Web kameran\u0131z\u0131 ve mikrofonunuzu etkinle\u015ftirin - Site, kameran\u0131z\u0131 ve sesinizi kullanmak i\u00e7in izin isteyecektir.<\/li>\n<li>Ba\u011flanmak i\u00e7in t\u0131klay\u0131n - Platform sizi saniyeler i\u00e7inde ba\u015fka bir kullan\u0131c\u0131yla e\u015fle\u015ftirir.<\/li>\n<li>Sohbet edin veya atlay\u0131n - Sohbetten keyif ald\u0131\u011f\u0131n\u0131z s\u00fcrece kal\u0131n veya yeni biriyle tan\u0131\u015fmak i\u00e7in \"ileri \"ye t\u0131klay\u0131n.<\/li>\n<\/ol>\n<p>Bir\u00e7ok platform ilgi alan\u0131 etiketleri eklemenize de izin verir, b\u00f6ylece hobilerinizi veya konular\u0131n\u0131z\u0131 payla\u015fan ki\u015filerle e\u015fle\u015ftirilme olas\u0131l\u0131\u011f\u0131n\u0131z artar.<\/p>\n<h2>Omegle G\u00f6r\u00fcnt\u00fcl\u00fc Arama Varyasyonlar\u0131<\/h2>\n<p>T\u00fcm rastgele g\u00f6r\u00fcnt\u00fcl\u00fc sohbetler ayn\u0131 de\u011fildir. Farkl\u0131 ruh hallerine veya konfor seviyelerine uygun farkl\u0131 formatlarla kar\u015f\u0131la\u015fabilirsiniz:<\/p>\n<ul>\n<li>\u00dccretsiz Omegle g\u00f6r\u00fcnt\u00fcl\u00fc arama - \u00dccret yok, kay\u0131t yok, sadece an\u0131nda e\u015fle\u015fmeler.<\/li>\n<li>Anonim g\u00f6r\u00fcnt\u00fcl\u00fc aramalar - Ad\u0131n\u0131z\u0131 gizleyin, bir takma ad kullan\u0131n veya haz\u0131r olana kadar kameran\u0131z\u0131 kapat\u0131n.<\/li>\n<li>\u0130lgi alan\u0131na dayal\u0131 e\u015fle\u015ftirme - Payla\u015f\u0131lan konulara g\u00f6re insanlarla e\u015fle\u015fin.<\/li>\n<li>Yaln\u0131zca yeti\u015fkinlere \u00f6zel b\u00f6l\u00fcmler - \u00e7apk\u0131n veya a\u00e7\u0131k etkile\u015fimler arayanlar i\u00e7in 18+ sohbetler.<\/li>\n<li>Grup video odalar\u0131 - Tek bir ki\u015fi yerine, ayn\u0131 anda birden fazla kameran\u0131n \u00e7al\u0131\u015ft\u0131\u011f\u0131 bir odaya kat\u0131l\u0131n.<\/li>\n<\/ul>\n<h2>Omegle G\u00f6r\u00fcnt\u00fcl\u00fc G\u00f6r\u00fc\u015fme ve Yaln\u0131zca Metinle Sohbet<\/h2>\n<p>Omegle de metin sohbeti ile ba\u015flam\u0131\u015f olsa da, g\u00f6r\u00fcnt\u00fcl\u00fc arama \u00f6zelli\u011fi \u00e7ok daha zengin bir deneyim sunuyor.<\/p>\n<table>\n<thead>\n<tr>\n<th>\u00d6zellik<\/th>\n<th>Omegle G\u00f6r\u00fcnt\u00fcl\u00fc G\u00f6r\u00fc\u015fme<\/th>\n<th>Omegle Metin Sohbeti<\/th>\n<\/tr>\n<\/thead>\n<tbody>\n<tr>\n<td>Y\u00fcz ifadelerini g\u00f6r\u00fcn<\/td>\n<td>\u2705<\/td>\n<td>\u274c<\/td>\n<\/tr>\n<tr>\n<td>Ses tonunu duyun<\/td>\n<td>\u2705<\/td>\n<td>\u274c<\/td>\n<\/tr>\n<tr>\n<td>An\u0131nda kimya kontrol\u00fc<\/td>\n<td>\u2705<\/td>\n<td>\u274c<\/td>\n<\/tr>\n<tr>\n<td>Daha fazla ki\u015fisel ba\u011flant\u0131<\/td>\n<td>\u2705<\/td>\n<td>\u26a0\ufe0f Daha az<\/td>\n<\/tr>\n<tr>\n<td>Web kameras\u0131 olmadan \u00e7al\u0131\u015f\u0131r<\/td>\n<td>\u274c<\/td>\n<td>\u2705<\/td>\n<\/tr>\n<\/tbody>\n<\/table>\n<p>Metin sohbeti anonim kalmak i\u00e7in harika olabilir, ancak video etkile\u015fimi daha insani hissettirir.<\/p>\n<h2>Omegle Tarz\u0131 G\u00f6r\u00fcnt\u00fcl\u00fc G\u00f6r\u00fc\u015fmelerde G\u00fcvende Kalma<\/h2>\n<p>Yabanc\u0131larla bulu\u015ftu\u011funuz i\u00e7in s\u0131n\u0131rlar belirlemek \u00f6nemlidir. Baz\u0131 Omegle alternatifleri de dahil olmak \u00fczere en iyi platformlar g\u00fcvenlik \u00f6zelliklerine sahiptir, ancak kendinizi de korumal\u0131s\u0131n\u0131z:<\/p>\n<ul>\n<li>Tam ad\u0131n\u0131z, adresiniz veya i\u015f yeriniz gibi ki\u015fisel bilgilerinizi payla\u015fmay\u0131n.<\/li>\n<li>E\u011fer ad\u0131n\u0131z\u0131 verecekseniz bir takma ad kullan\u0131n.<\/li>\n<li>Biri sizi rahats\u0131z ederse hemen atlay\u0131n.<\/li>\n<li>Uygunsuz kullan\u0131c\u0131lar\u0131 bildirin - \u00e7o\u011fu sitenin h\u0131zl\u0131 raporlama ara\u00e7lar\u0131 vard\u0131r.<\/li>\n<li>\u00d6zel ayr\u0131nt\u0131lar\u0131n g\u00f6r\u00fcnmesini \u00f6nlemek i\u00e7in kamera arka plan\u0131n\u0131za dikkat edin.<\/li>\n<\/ul>\n<h2>\u0130nsanlar Neden Hala Omegle G\u00f6r\u00fcnt\u00fcl\u00fc Arama Alternatiflerini Ar\u0131yor?<\/h2>\n<p>Omegle y\u0131llard\u0131r piyasada, ancak tek se\u00e7enek olmaktan \u00e7ok uzak ve \u00e7o\u011fu ki\u015fi i\u00e7in art\u0131k en iyisi de\u011fil. Baz\u0131 kullan\u0131c\u0131lar alternatifler ar\u0131yor \u00e7\u00fcnk\u00fc:<\/p>\n<ul>\n<li>Omegle her zaman g\u00fc\u00e7l\u00fc bir denetime sahip de\u011fildir.<\/li>\n<li>Baz\u0131 b\u00f6lgeler siteyi engelliyor.<\/li>\n<li>Cinsiyet, konum veya ilgi alanlar\u0131 gibi filtreler istiyorlar.<\/li>\n<li>Daha temiz, daha dostane bir toplumu tercih ediyorlar.<\/li>\n<li>Mobil uyumlu tasar\u0131mlar\u0131 veya \u00f6zel uygulamalar\u0131 severler.<\/li>\n<\/ul>\n<p>\u0130\u015fte bu noktada TinyChat gibi platformlar parl\u0131yor ve hem rastgele bire bir video g\u00f6r\u00fc\u015fmeleri hem de konu tabanl\u0131 odalarla yap\u0131land\u0131r\u0131lm\u0131\u015f grup sohbetleri sunuyor.<\/p>\n<h2>TinyChat Neden Harika Bir Omegle G\u00f6r\u00fcnt\u00fcl\u00fc Arama Alternatifidir?<\/h2>\n<p>TinyChat, Omegle tarz\u0131 bir ma\u00e7\u0131n spontanl\u0131\u011f\u0131n\u0131 kaybetmeden ba\u011flant\u0131 kurman\u0131z i\u00e7in size daha fazla yol sunar:<\/p>\n<ul>\n<li>Genel ve \u00f6zel odalar - Bire bir sohbet edin veya ilgi alanlar\u0131n\u0131za g\u00f6re a\u00e7\u0131k odalara kat\u0131l\u0131n.<\/li>\n<li>Video, ses ve metin - Nas\u0131l ba\u011flanmak istedi\u011finizi se\u00e7in.<\/li>\n<li>Zorla kay\u0131t yok - An\u0131nda kat\u0131l\u0131n veya ekstra \u00f6zellikler i\u00e7in bir hesap olu\u015fturun.<\/li>\n<li>Platformlar aras\u0131 eri\u015fim - Taray\u0131c\u0131n\u0131zda veya mobil uygulamalar arac\u0131l\u0131\u011f\u0131yla \u00e7al\u0131\u015f\u0131r.<\/li>\n<li>K\u00fcresel topluluk - G\u00fcn\u00fcn her saatinde d\u00fcnyan\u0131n d\u00f6rt bir yan\u0131ndan insanlarla tan\u0131\u015f\u0131n.<\/li>\n<\/ul>\n<p>Omegle g\u00f6r\u00fcnt\u00fcl\u00fc g\u00f6r\u00fc\u015fme fikrini be\u011fenen ancak ortamlar\u0131 \u00fczerinde daha fazla kontrol sahibi olmak isteyenler i\u00e7in TinyChat g\u00fc\u00e7l\u00fc bir se\u00e7imdir.<\/p>\n<h2>E\u011flence ve Ba\u011flant\u0131 i\u00e7in Omegle G\u00f6r\u00fcnt\u00fcl\u00fc Arama Kullan\u0131m\u0131<\/h2>\n<p>\u0130nsanlar her t\u00fcrl\u00fc nedenden dolay\u0131 Omegle tarz\u0131 aramalara y\u00f6neliyor:<\/p>\n<ul>\n<li>Seyahat ederken veya yeni \u015fehirlerde insanlarla tan\u0131\u015fmak i\u00e7in.<\/li>\n<li>Bir dili anadili olarak konu\u015fan ki\u015filerle konu\u015fma prati\u011fi yapmak.<\/li>\n<li>Can s\u0131k\u0131nt\u0131s\u0131n\u0131 gidermek ve bo\u015f zamanlarda dost y\u00fczlerle tan\u0131\u015fmak i\u00e7in.<\/li>\n<li>Fl\u00f6rt etmek ve kimyam\u0131z\u0131n uyu\u015fup uyu\u015fmad\u0131\u011f\u0131n\u0131 g\u00f6rmek i\u00e7in.<\/li>\n<li>Evden ayr\u0131lmadan di\u011fer k\u00fclt\u00fcrleri ve ya\u015fam tarzlar\u0131n\u0131 ke\u015ffetmek.<\/li>\n<\/ul>\n<p>Amac\u0131n\u0131z ister g\u00fcndelik ister daha anlaml\u0131 olsun, bu deneyim sizin istedi\u011finiz kadar hafif ya da derin olabilir.<\/p>\n<h2>Daha \u0130yi Bir Omegle G\u00f6r\u00fcnt\u00fcl\u00fc Arama Deneyimi \u0130\u00e7in \u0130pu\u00e7lar\u0131<\/h2>\n<ul>\n<li>\u0130yi \u0131\u015f\u0131kland\u0131rma yard\u0131mc\u0131 olur - \u0130nsanlar sizi net bir \u015fekilde g\u00f6rebildiklerinde etrafta kalma olas\u0131l\u0131klar\u0131 daha y\u00fcksektir.<\/li>\n<li>A\u00e7\u0131k fikirli olun - Her kesimden insanla tan\u0131\u015facaks\u0131n\u0131z.<\/li>\n<li>\u00d6nce g\u00fcl\u00fcmseyin ve merhaba deyin - Dost\u00e7a bir ba\u015flang\u0131\u00e7 fark yarat\u0131r.<\/li>\n<li>Farkl\u0131 zamanlarda deneyin - Kullan\u0131c\u0131 taban\u0131 saate ba\u011fl\u0131 olarak de\u011fi\u015fir ve size \u00e7e\u015fitlilik sa\u011flar.<\/li>\n<li>Ne zaman atlayaca\u011f\u0131n\u0131z\u0131 bilin - \u0130\u015fe yaram\u0131yorsa, su\u00e7luluk duymadan devam edin.<\/li>\n<\/ul>\n<h2>Rastgele G\u00f6r\u00fcnt\u00fcl\u00fc Arama Heyecan\u0131<\/h2>\n<p>Omegle g\u00f6r\u00fcnt\u00fcl\u00fc aramalar\u0131n cazibesi azalmad\u0131 \u00e7\u00fcnk\u00fc zamans\u0131z bir \u015feye dokunuyor: di\u011fer insanlar hakk\u0131nda merak. Bir yabanc\u0131yla ger\u00e7ek zamanl\u0131 olarak y\u00fcz y\u00fcze g\u00f6r\u00fc\u015fmek heyecan verici, komik, \u015fa\u015f\u0131rt\u0131c\u0131 ve hatta dokunakl\u0131 olabilir. Bazen sadece bir dakikal\u0131\u011f\u0131na, bazen saatlerce ba\u011flant\u0131 kurars\u0131n\u0131z ve bazen de tekrar konu\u015fmak i\u00e7in ayr\u0131nt\u0131lar\u0131 payla\u015f\u0131rs\u0131n\u0131z.<\/p>\n<p>\u0130nsanlar\u0131n geri gelmesini sa\u011flayan da bu \u00f6ng\u00f6r\u00fclemezlik ve olas\u0131l\u0131k kar\u0131\u015f\u0131m\u0131.<\/p>\n<p>Omegle g\u00f6r\u00fcnt\u00fcl\u00fc arama oturumlar\u0131, \u00e7evrimi\u00e7i olarak yabanc\u0131larla tan\u0131\u015fman\u0131n en h\u0131zl\u0131 ve en ki\u015fisel yollar\u0131ndan birini sunar. \u0130ster Omegle'ye ba\u011fl\u0131 kal\u0131n ister TinyChat gibi alternatifleri ke\u015ffedin, form\u00fcl ayn\u0131 kal\u0131r: an\u0131nda ba\u011flan\u0131n, bir an\u0131 payla\u015f\u0131n ve haz\u0131r oldu\u011funuzda devam edin.<\/p>\n<p>Bu bir arkada\u015f listesi olu\u015fturmak ya da be\u011feni pe\u015finde ko\u015fmakla ilgili de\u011fil; ger\u00e7ek, filtrelenmemi\u015f insan etkile\u015fimiyle ilgili. Daha \u00f6nce hi\u00e7 denemediyseniz, tek yapman\u0131z gereken bir web kameras\u0131, iyi bir internet ba\u011flant\u0131s\u0131 ve biraz merak.<\/p>\n<p>Kim bilir? Bir sonraki Omegle tarz\u0131 g\u00f6r\u00fcnt\u00fcl\u00fc g\u00f6r\u00fc\u015fmeniz g\u00fcn\u00fcn\u00fcz\u00fcn en \u00f6nemli olay\u0131 olabilir.<\/p>","protected":false},"excerpt":{"rendered":"<p>The idea of jumping into a live conversation with someone you\u2019ve never met\u2014anywhere in the world\u2014isn\u2019t new. Omegle video call features made it famous, and the concept still excites people today. It\u2019s fast, unpredictable, and personal. With just a click, you can be face-to-face with someone on the other side of the planet, sharing stories, [&hellip;]<\/p>\n","protected":false},"author":8,"featured_media":0,"parent":0,"menu_order":0,"comment_status":"closed","ping_status":"closed","template":"","meta":{"footnotes":""},"class_list":["post-4158","page","type-page","status-publish","hentry"],"yoast_head":"<!-- This site is optimized with the Yoast SEO plugin v27.6 - https:\/\/yoast.com\/product\/yoast-seo-wordpress\/ -->\n<title>Omegle Video Call with Video Chat on TinyChat.com<\/title>\n<meta name=\"description\" content=\"Enjoying Omegle Video Call? Join over 50,000,000 strangers on TinyChat! Turn on your cam and start meeting new people, or find a match.\" \/>\n<meta name=\"robots\" content=\"index, follow, max-snippet:-1, max-image-preview:large, max-video-preview:-1\" \/>\n<link rel=\"canonical\" href=\"https:\/\/tinychat.com\/tr\/omegle-video-call\/\" \/>\n<meta property=\"og:locale\" content=\"tr_TR\" \/>\n<meta property=\"og:type\" content=\"article\" \/>\n<meta property=\"og:title\" content=\"Omegle Video Call with Video Chat on TinyChat.com\" \/>\n<meta property=\"og:description\" content=\"Enjoying Omegle Video Call? Join over 50,000,000 strangers on TinyChat! Turn on your cam and start meeting new people, or find a match.\" \/>\n<meta property=\"og:url\" content=\"https:\/\/tinychat.com\/tr\/omegle-video-call\/\" \/>\n<meta property=\"og:site_name\" content=\"TinyChat\" \/>\n<meta property=\"article:publisher\" content=\"https:\/\/www.facebook.com\/tinychat\" \/>\n<meta property=\"article:modified_time\" content=\"2025-08-14T08:01:21+00:00\" \/>\n<meta property=\"og:image\" content=\"https:\/\/tinychat.com\/wp-content\/uploads\/2020\/04\/Tinychat-logo-1280x284-new-black.png\" \/>\n\t<meta property=\"og:image:width\" content=\"1280\" \/>\n\t<meta property=\"og:image:height\" content=\"284\" \/>\n\t<meta property=\"og:image:type\" content=\"image\/png\" \/>\n<meta name=\"twitter:card\" content=\"summary_large_image\" \/>\n<meta name=\"twitter:site\" content=\"@tinychat\" \/>\n<meta name=\"twitter:label1\" content=\"Tahmini okuma s\u00fcresi\" \/>\n\t<meta name=\"twitter:data1\" content=\"6 dakika\" \/>\n<script type=\"application\/ld+json\" class=\"yoast-schema-graph\">{\"@context\":\"https:\\\/\\\/schema.org\",\"@graph\":[{\"@type\":\"WebPage\",\"@id\":\"https:\\\/\\\/tinychat.com\\\/omegle-video-call\\\/\",\"url\":\"https:\\\/\\\/tinychat.com\\\/omegle-video-call\\\/\",\"name\":\"Omegle Video Call with Video Chat on TinyChat.com\",\"isPartOf\":{\"@id\":\"https:\\\/\\\/tinychat.com\\\/#website\"},\"datePublished\":\"2025-08-14T07:27:29+00:00\",\"dateModified\":\"2025-08-14T08:01:21+00:00\",\"description\":\"Enjoying Omegle Video Call? Join over 50,000,000 strangers on TinyChat! Turn on your cam and start meeting new people, or find a match.\",\"breadcrumb\":{\"@id\":\"https:\\\/\\\/tinychat.com\\\/omegle-video-call\\\/#breadcrumb\"},\"inLanguage\":\"tr\",\"potentialAction\":[{\"@type\":\"ReadAction\",\"target\":[\"https:\\\/\\\/tinychat.com\\\/omegle-video-call\\\/\"]}]},{\"@type\":\"BreadcrumbList\",\"@id\":\"https:\\\/\\\/tinychat.com\\\/omegle-video-call\\\/#breadcrumb\",\"itemListElement\":[{\"@type\":\"ListItem\",\"position\":1,\"name\":\"Home\",\"item\":\"https:\\\/\\\/tinychat.com\\\/\"},{\"@type\":\"ListItem\",\"position\":2,\"name\":\"Omegle Video Call\"}]},{\"@type\":\"WebSite\",\"@id\":\"https:\\\/\\\/tinychat.com\\\/#website\",\"url\":\"https:\\\/\\\/tinychat.com\\\/\",\"name\":\"TinyChat\",\"description\":\"Random Video Chat with Strangers\",\"publisher\":{\"@id\":\"https:\\\/\\\/tinychat.com\\\/#organization\"},\"alternateName\":\"TinyChat.com\",\"potentialAction\":[{\"@type\":\"SearchAction\",\"target\":{\"@type\":\"EntryPoint\",\"urlTemplate\":\"https:\\\/\\\/tinychat.com\\\/?s={search_term_string}\"},\"query-input\":{\"@type\":\"PropertyValueSpecification\",\"valueRequired\":true,\"valueName\":\"search_term_string\"}}],\"inLanguage\":\"tr\"},{\"@type\":\"Organization\",\"@id\":\"https:\\\/\\\/tinychat.com\\\/#organization\",\"name\":\"TinyChat\",\"alternateName\":\"TinyChat.com\",\"url\":\"https:\\\/\\\/tinychat.com\\\/\",\"logo\":{\"@type\":\"ImageObject\",\"inLanguage\":\"tr\",\"@id\":\"https:\\\/\\\/tinychat.com\\\/#\\\/schema\\\/logo\\\/image\\\/\",\"url\":\"https:\\\/\\\/tinychat.com\\\/wp-content\\\/uploads\\\/2023\\\/11\\\/Tinychat-icon-square.png\",\"contentUrl\":\"https:\\\/\\\/tinychat.com\\\/wp-content\\\/uploads\\\/2023\\\/11\\\/Tinychat-icon-square.png\",\"width\":284,\"height\":284,\"caption\":\"TinyChat\"},\"image\":{\"@id\":\"https:\\\/\\\/tinychat.com\\\/#\\\/schema\\\/logo\\\/image\\\/\"},\"sameAs\":[\"https:\\\/\\\/www.facebook.com\\\/tinychat\",\"https:\\\/\\\/x.com\\\/tinychat\"]}]}<\/script>\n<!-- \/ Yoast SEO plugin. -->","yoast_head_json":{"title":"TinyChat.com'da G\u00f6r\u00fcnt\u00fcl\u00fc Sohbet ile Omegle G\u00f6r\u00fcnt\u00fcl\u00fc G\u00f6r\u00fc\u015fme","description":"Omegle G\u00f6r\u00fcnt\u00fcl\u00fc G\u00f6r\u00fc\u015fmenin keyfini mi \u00e7\u0131kar\u0131yorsunuz? TinyChat'de 50.000.000'dan fazla yabanc\u0131ya kat\u0131l\u0131n! Kameran\u0131z\u0131 a\u00e7\u0131n ve yeni insanlarla tan\u0131\u015fmaya ba\u015flay\u0131n veya bir e\u015fle\u015fme bulun.","robots":{"index":"index","follow":"follow","max-snippet":"max-snippet:-1","max-image-preview":"max-image-preview:large","max-video-preview":"max-video-preview:-1"},"canonical":"https:\/\/tinychat.com\/tr\/omegle-video-call\/","og_locale":"tr_TR","og_type":"article","og_title":"Omegle Video Call with Video Chat on TinyChat.com","og_description":"Enjoying Omegle Video Call? Join over 50,000,000 strangers on TinyChat! Turn on your cam and start meeting new people, or find a match.","og_url":"https:\/\/tinychat.com\/tr\/omegle-video-call\/","og_site_name":"TinyChat","article_publisher":"https:\/\/www.facebook.com\/tinychat","article_modified_time":"2025-08-14T08:01:21+00:00","og_image":[{"width":1280,"height":284,"url":"https:\/\/tinychat.com\/wp-content\/uploads\/2020\/04\/Tinychat-logo-1280x284-new-black.png","type":"image\/png"}],"twitter_card":"summary_large_image","twitter_site":"@tinychat","twitter_misc":{"Tahmini okuma s\u00fcresi":"6 dakika"},"schema":{"@context":"https:\/\/schema.org","@graph":[{"@type":"WebPage","@id":"https:\/\/tinychat.com\/omegle-video-call\/","url":"https:\/\/tinychat.com\/omegle-video-call\/","name":"TinyChat.com'da G\u00f6r\u00fcnt\u00fcl\u00fc Sohbet ile Omegle G\u00f6r\u00fcnt\u00fcl\u00fc G\u00f6r\u00fc\u015fme","isPartOf":{"@id":"https:\/\/tinychat.com\/#website"},"datePublished":"2025-08-14T07:27:29+00:00","dateModified":"2025-08-14T08:01:21+00:00","description":"Omegle G\u00f6r\u00fcnt\u00fcl\u00fc G\u00f6r\u00fc\u015fmenin keyfini mi \u00e7\u0131kar\u0131yorsunuz? TinyChat'de 50.000.000'dan fazla yabanc\u0131ya kat\u0131l\u0131n! Kameran\u0131z\u0131 a\u00e7\u0131n ve yeni insanlarla tan\u0131\u015fmaya ba\u015flay\u0131n veya bir e\u015fle\u015fme bulun.","breadcrumb":{"@id":"https:\/\/tinychat.com\/omegle-video-call\/#breadcrumb"},"inLanguage":"tr","potentialAction":[{"@type":"ReadAction","target":["https:\/\/tinychat.com\/omegle-video-call\/"]}]},{"@type":"BreadcrumbList","@id":"https:\/\/tinychat.com\/omegle-video-call\/#breadcrumb","itemListElement":[{"@type":"ListItem","position":1,"name":"Home","item":"https:\/\/tinychat.com\/"},{"@type":"ListItem","position":2,"name":"Omegle Video Call"}]},{"@type":"WebSite","@id":"https:\/\/tinychat.com\/#website","url":"https:\/\/tinychat.com\/","name":"TinyChat","description":"Yabanc\u0131larla Rastgele G\u00f6r\u00fcnt\u00fcl\u00fc Sohbet","publisher":{"@id":"https:\/\/tinychat.com\/#organization"},"alternateName":"TinyChat.com","potentialAction":[{"@type":"SearchAction","target":{"@type":"EntryPoint","urlTemplate":"https:\/\/tinychat.com\/?s={search_term_string}"},"query-input":{"@type":"PropertyValueSpecification","valueRequired":true,"valueName":"search_term_string"}}],"inLanguage":"tr"},{"@type":"Organization","@id":"https:\/\/tinychat.com\/#organization","name":"TinyChat","alternateName":"TinyChat.com","url":"https:\/\/tinychat.com\/","logo":{"@type":"ImageObject","inLanguage":"tr","@id":"https:\/\/tinychat.com\/#\/schema\/logo\/image\/","url":"https:\/\/tinychat.com\/wp-content\/uploads\/2023\/11\/Tinychat-icon-square.png","contentUrl":"https:\/\/tinychat.com\/wp-content\/uploads\/2023\/11\/Tinychat-icon-square.png","width":284,"height":284,"caption":"TinyChat"},"image":{"@id":"https:\/\/tinychat.com\/#\/schema\/logo\/image\/"},"sameAs":["https:\/\/www.facebook.com\/tinychat","https:\/\/x.com\/tinychat"]}]}},"_links":{"self":[{"href":"https:\/\/tinychat.com\/tr\/wp-json\/wp\/v2\/pages\/4158","targetHints":{"allow":["GET"]}}],"collection":[{"href":"https:\/\/tinychat.com\/tr\/wp-json\/wp\/v2\/pages"}],"about":[{"href":"https:\/\/tinychat.com\/tr\/wp-json\/wp\/v2\/types\/page"}],"author":[{"embeddable":true,"href":"https:\/\/tinychat.com\/tr\/wp-json\/wp\/v2\/users\/8"}],"replies":[{"embeddable":true,"href":"https:\/\/tinychat.com\/tr\/wp-json\/wp\/v2\/comments?post=4158"}],"version-history":[{"count":3,"href":"https:\/\/tinychat.com\/tr\/wp-json\/wp\/v2\/pages\/4158\/revisions"}],"predecessor-version":[{"id":13446,"href":"https:\/\/tinychat.com\/tr\/wp-json\/wp\/v2\/pages\/4158\/revisions\/13446"}],"wp:attachment":[{"href":"https:\/\/tinychat.com\/tr\/wp-json\/wp\/v2\/media?parent=4158"}],"curies":[{"name":"wp","href":"https:\/\/api.w.org\/{rel}","templated":true}]}}