{"id":4175,"date":"2021-05-23T18:10:09","date_gmt":"2021-05-23T16:10:09","guid":{"rendered":"https:\/\/tinychat.com\/?page_id=4175"},"modified":"2025-07-21T11:54:59","modified_gmt":"2025-07-21T09:54:59","slug":"omegle-video-chat","status":"publish","type":"page","link":"https:\/\/tinychat.com\/tr\/omegle-video-chat\/","title":{"rendered":"Omegle G\u00f6r\u00fcnt\u00fcl\u00fc Sohbet"},"content":{"rendered":"<p>Spontane, heyecan verici ve ger\u00e7ekten rastgele \u00e7evrimi\u00e7i sohbetler s\u00f6z konusu oldu\u011funda, Omegle g\u00f6r\u00fcnt\u00fcl\u00fc sohbet her \u015feyin ba\u015flad\u0131\u011f\u0131 yerdir. On y\u0131l\u0131 a\u015fk\u0131n bir s\u00fcredir Omegle, evden \u00e7\u0131kmadan yeni insanlarla tan\u0131\u015fmak isteyen herkes i\u00e7in ba\u015fvurulacak bir platform olmu\u015ftur. \u0130ster arkada\u015f edinmek, ister g\u00fclmek, biraz fl\u00f6rt etmek veya sadece merak\u0131n\u0131z\u0131 gidermek isteyin, Omegle'nin benzersiz rastgele g\u00f6r\u00fcnt\u00fcl\u00fc sohbet markas\u0131nda herkes i\u00e7in bir \u015feyler vard\u0131r.<\/p>\n<p>Omegle'nin neden bu kadar pop\u00fcler oldu\u011funu, nas\u0131l \u00e7al\u0131\u015ft\u0131\u011f\u0131n\u0131 ve bir sonraki g\u00f6r\u00fcnt\u00fcl\u00fc sohbet oturumunuzdan en iyi \u015fekilde nas\u0131l yararlanabilece\u011finizi inceleyelim.<\/p>\n<h2>Omegle G\u00f6r\u00fcnt\u00fcl\u00fc Sohbet Nedir?<\/h2>\n<p>\u00d6z\u00fcnde, Omegle g\u00f6r\u00fcnt\u00fcl\u00fc sohbet basit ama parlak bir fikirdir: d\u00fcnyan\u0131n herhangi bir yerindeki iki yabanc\u0131y\u0131 canl\u0131 bir video (veya metin) sohbeti i\u00e7in ba\u011flay\u0131n. Profil yok, biyografi yok, y\u00fcklenecek foto\u011fraf yok ve uzun kay\u0131t formlar\u0131 yok. Sadece \"Video\" tu\u015funa bas\u0131n ve an\u0131nda yeni biriyle y\u00fcz y\u00fcze gelin.<\/p>\n<p>Omegle size izin verir:<\/p>\n<ul>\n<li>Tek bir t\u0131klamayla \u00fccretsiz Omegle g\u00f6r\u00fcnt\u00fcl\u00fc sohbete ba\u015flay\u0131n, kay\u0131t olman\u0131za gerek yok<\/li>\n<li>Bir takma ad kullanarak veya hi\u00e7 isim kullanmadan anonim olarak sohbet edin<\/li>\n<li>Her \u00fclkeden ve hayat\u0131n her kesiminden insanlarla tan\u0131\u015f\u0131n<\/li>\n<li>Daha fazla benzer d\u00fc\u015f\u00fcnen yabanc\u0131 bulmak i\u00e7in ilgi alan\u0131 etiketlerini kullan\u0131n<\/li>\n<\/ul>\n<p>\u0130ster sosyal bir kelebek olun, ister sadece kiminle tan\u0131\u015fabilece\u011finizi merak edin, Omegle'nin rastgele e\u015fle\u015ftirmesi her oturumu bir s\u00fcrpriz haline getirir.<\/p>\n<h2>Neden Omegle'de Rastgele G\u00f6r\u00fcnt\u00fcl\u00fc Sohbeti Denemelisiniz?<\/h2>\n<p>Omegle'yi sosyal medya veya arkada\u015fl\u0131k uygulamalar\u0131ndan ay\u0131ran nedir? Her \u015fey bununla ilgili:<\/p>\n<ul>\n<li>An\u0131nda, ger\u00e7ek zamanl\u0131 ba\u011flant\u0131lar: Kayd\u0131rmak yok, beklemek yok - sadece atlay\u0131n ve sohbete ba\u015flay\u0131n.<\/li>\n<li>Tam anonimlik: Kimli\u011finizi payla\u015fman\u0131z gerekmez, bu da a\u00e7\u0131k ve \u00f6zg\u00fcn olman\u0131z\u0131 kolayla\u015ft\u0131r\u0131r.<\/li>\n<li>K\u00fcresel eri\u015fim: G\u00fcn\u00fcn veya gecenin herhangi bir saatinde d\u00fcnyan\u0131n her yerinden insanlarla tan\u0131\u015f\u0131n.<\/li>\n<li>Bask\u0131 yok: Ortam\u0131 be\u011fenmediniz mi? Sadece \"Dur\" veya \"\u0130leri \"ye t\u0131klay\u0131n ve yeni biriyle tan\u0131\u015f\u0131n.<\/li>\n<li>Saf \u00e7e\u015fitlilik: Her sohbet farkl\u0131d\u0131r - bir arkada\u015f m\u0131, bir a\u015fk m\u0131 yoksa sadece ilgin\u00e7 bir hikaye mi bulaca\u011f\u0131n\u0131z\u0131 asla bilemezsiniz.<\/li>\n<\/ul>\n<p>\"Omegle g\u00f6r\u00fcnt\u00fcl\u00fc sohbeti kullanarak d\u00f6rt farkl\u0131 k\u0131tadan arkada\u015flar edindim. S\u0131rada kimin oldu\u011funu asla bilemezsiniz ve bu da e\u011flencenin yar\u0131s\u0131d\u0131r!\"<\/p>\n<h2>\u00dccretsiz Omegle G\u00f6r\u00fcnt\u00fcl\u00fc Sohbet Nas\u0131l \u00c7al\u0131\u015f\u0131r?<\/h2>\n<p>Daha \u00f6nce hi\u00e7 denemediyseniz bile \u00e7ok kolayd\u0131r:<\/p>\n<ol>\n<li>Omegle ana sayfas\u0131na gidin.<\/li>\n<li>Canl\u0131 bir g\u00f6r\u00fcnt\u00fcl\u00fc sohbet ba\u015flatmak i\u00e7in \"Video \"yu veya yazmay\u0131 tercih ediyorsan\u0131z \"Metin \"i se\u00e7in.<\/li>\n<li>Kameran\u0131za ve mikrofonunuza eri\u015fime izin verin.<\/li>\n<li>\u0130ste\u011fe ba\u011fl\u0131 olarak, hobilerinizi payla\u015fan ki\u015filerle e\u015fle\u015fmek i\u00e7in ilgi alan\u0131 etiketleri girin.<\/li>\n<li>\"Ba\u015flat \"a t\u0131klay\u0131n ve an\u0131nda rastgele bir yabanc\u0131ya ba\u011flan\u0131n.<\/li>\n<li>\u0130stedi\u011finiz kadar konu\u015fun, ard\u0131ndan yeni bir e\u015fle\u015fme i\u00e7in \"Dur\" veya \"\u0130leri\" d\u00fc\u011fmesine t\u0131klay\u0131n.<\/li>\n<\/ol>\n<p>Giri\u015f yok, \u00fccret yok ve ki\u015fisel bilgi gerekmiyor. Dilerseniz tamamen anonim kalabilirsiniz.<\/p>\n<h2>Omegle G\u00f6r\u00fcnt\u00fcl\u00fc Sohbeti \u00d6ne \u00c7\u0131karan \u00d6zellikler<\/h2>\n<p>Omegle'nin basitli\u011fi cazibesinin b\u00fcy\u00fck bir par\u00e7as\u0131d\u0131r, ancak onu di\u011ferlerinden ay\u0131ran \u00f6zelliklere de sahiptir:<\/p>\n<ul>\n<li>\u0130lgi Alan\u0131 Etiketleri: M\u00fczikten filmlere, spordan oyunlara kadar sevdi\u011finiz \u015feylerden ho\u015flanan ki\u015filerle ba\u011flant\u0131 kurun.<\/li>\n<li>Casus Modu: Ba\u015fkalar\u0131n\u0131n sohbetlerini izleyin veya sorular\u0131 anonim olarak yan\u0131tlay\u0131n.<\/li>\n<li>Kay\u0131t Olmaya Gerek Yok: An\u0131nda kat\u0131l\u0131n; profil, e-posta veya telefon numaras\u0131 gerekmez.<\/li>\n<li>Mobil cihazlarda kullan\u0131labilir: Hareket halindeyken sohbet etmek i\u00e7in telefonunuzda veya tabletinizde Omegle g\u00f6r\u00fcnt\u00fcl\u00fc sohbeti kullan\u0131n.<\/li>\n<li>Metin veya Video: Kameraya haz\u0131r hissetmiyor musunuz? \u0130stedi\u011finiz zaman yaz\u0131l\u0131 sohbete devam edin.<\/li>\n<\/ul>\n<h2>Omegle G\u00f6r\u00fcnt\u00fcl\u00fc Sohbet ve Di\u011fer Platformlar<\/h2>\n<table>\n<thead>\n<tr>\n<th>\u00d6zellik<\/th>\n<th>Omegle G\u00f6r\u00fcnt\u00fcl\u00fc Sohbet<\/th>\n<th>Chatroulette<\/th>\n<th>Chatspin<\/th>\n<th>Sosyal Medya<\/th>\n<\/tr>\n<\/thead>\n<tbody>\n<tr>\n<td>Rastgele, anonim e\u015fle\u015ftirme<\/td>\n<td>\u2705<\/td>\n<td>\u2705<\/td>\n<td>\u2705<\/td>\n<td>\u274c<\/td>\n<\/tr>\n<tr>\n<td>Kay\u0131t gerekmiyor<\/td>\n<td>\u2705<\/td>\n<td>\u2705<\/td>\n<td>\u2705<\/td>\n<td>\u274c<\/td>\n<\/tr>\n<tr>\n<td>\u0130lgi etiketleri<\/td>\n<td>\u2705<\/td>\n<td>\u274c<\/td>\n<td>\u2705<\/td>\n<td>\u274c<\/td>\n<\/tr>\n<tr>\n<td>Metin ve g\u00f6r\u00fcnt\u00fcl\u00fc sohbet se\u00e7enekleri<\/td>\n<td>\u2705<\/td>\n<td>\u2705<\/td>\n<td>\u2705<\/td>\n<td>\u2705<\/td>\n<\/tr>\n<tr>\n<td>\"Sonraki\"\/atlama \u00f6zelli\u011fi<\/td>\n<td>\u2705<\/td>\n<td>\u2705<\/td>\n<td>\u2705<\/td>\n<td>\u274c<\/td>\n<\/tr>\n<tr>\n<td>Kullan\u0131m\u0131 \u00fccretsiz<\/td>\n<td>\u2705<\/td>\n<td>\u2705<\/td>\n<td>\u2705<\/td>\n<td>\u2705\/\u274c<\/td>\n<\/tr>\n<\/tbody>\n<\/table>\n<p>Omegle, saf sadeli\u011fi ve k\u00fcresel toplulu\u011fuyla \u00f6ne \u00e7\u0131k\u0131yor.<\/p>\n<h2>Omegle G\u00f6r\u00fcnt\u00fcl\u00fc Sohbette G\u00fcvende Kalmak<\/h2>\n<p>Rastgele g\u00f6r\u00fcnt\u00fcl\u00fc sohbet \u00e7ok e\u011flenceli olabilir, ancak g\u00fcvenli\u011finizi her zaman akl\u0131n\u0131zda bulundurun:<\/p>\n<ul>\n<li>Ger\u00e7ek ad\u0131n\u0131z\u0131, adresinizi veya ileti\u015fim bilgilerinizi payla\u015fmay\u0131n.<\/li>\n<li>Tarafs\u0131z bir takma ad kullan\u0131n ve ki\u015fisel e\u015fyalar\u0131n\u0131z\u0131 veya konumlar\u0131n\u0131z\u0131 kamerada g\u00f6stermekten ka\u00e7\u0131n\u0131n.<\/li>\n<li>Bir sohbet rahats\u0131z edici geliyorsa, hemen sonland\u0131r\u0131n - a\u00e7\u0131klama yapmaya gerek yok.<\/li>\n<li>\u015e\u00fcpheli ba\u011flant\u0131lara veya \u00f6zel foto\u011fraf taleplerine kar\u015f\u0131 dikkatli olun.<\/li>\n<li>Herhangi bir k\u00fcf\u00fcrl\u00fc veya uygunsuz davran\u0131\u015f i\u00e7in Omegle'nin \"rapor et\" \u00f6zelli\u011fini kullan\u0131n.<\/li>\n<\/ul>\n<p>\u00c7o\u011fu insan e\u011flenmek ya da dost\u00e7a sohbet etmek i\u00e7in oradad\u0131r, ancak tedbirli olmak her zaman ak\u0131ll\u0131ca olacakt\u0131r.<\/p>\n<h2>Omegle G\u00f6r\u00fcnt\u00fcl\u00fc Sohbeti Kimler Kullan\u0131r?<\/h2>\n<p>Omegle, a\u015fa\u011f\u0131dakiler de dahil olmak \u00fczere olduk\u00e7a \u00e7e\u015fitli bir kalabal\u0131\u011f\u0131 kendine \u00e7ekmektedir:<\/p>\n<ul>\n<li>Ba\u015fka yerlerden insanlarla tan\u0131\u015fmak isteyen gen\u00e7ler ve \u00f6\u011frenciler<\/li>\n<li>Dil \u00f6\u011frenenlerin anadili \u0130ngilizce olan ki\u015filerle pratik yapmas\u0131<\/li>\n<li>G\u00fcndelik fl\u00f6rt veya e\u011flenceyle ilgilenen bekarlar<\/li>\n<li>Arkada\u015f ve sohbet arayan s\u0131k\u0131lm\u0131\u015f gece ku\u015flar\u0131<\/li>\n<li>Merakl\u0131 gezginler, sanat\u00e7\u0131lar, m\u00fczisyenler ve hemen hemen herkes<\/li>\n<\/ul>\n<p>Ruh haliniz veya ge\u00e7mi\u015finiz ne olursa olsun, Omegle'de her t\u00fcrl\u00fc ki\u015fili\u011fi bulacaks\u0131n\u0131z.<\/p>\n<h2>En \u0130yi Omegle G\u00f6r\u00fcnt\u00fcl\u00fc Sohbet Deneyimi i\u00e7in \u0130pu\u00e7lar\u0131<\/h2>\n<ul>\n<li>G\u00fcl\u00fcmseyin ve arkada\u015f\u00e7a davran\u0131n - ilk izlenim \u00f6nemlidir, \u00e7evrimi\u00e7i olsa bile.<\/li>\n<li>Hobilerinizi veya tutkular\u0131n\u0131z\u0131 payla\u015fan ki\u015fileri bulmak i\u00e7in ilgi alan\u0131 etiketlerini kullan\u0131n.<\/li>\n<li>Sohbetin ak\u0131\u015f\u0131n\u0131 sa\u011flamak i\u00e7in a\u00e7\u0131k u\u00e7lu sorular sorun.<\/li>\n<li>K\u0131sa veya garip sohbetler cesaretinizi k\u0131rmas\u0131n; bir sonraki unutulmaz olabilir.<\/li>\n<li>D\u00fcnyan\u0131n d\u00f6rt bir yan\u0131ndan insanlarla tan\u0131\u015fmak i\u00e7in g\u00fcn\u00fcn farkl\u0131 saatlerini deneyin.<\/li>\n<\/ul>\n<h2>Omegle G\u00f6r\u00fcnt\u00fcl\u00fc Sohbet Ne Zaman Kullan\u0131l\u0131r?<\/h2>\n<ul>\n<li>S\u0131k\u0131ld\u0131\u011f\u0131n\u0131zda ve yeni biriyle tan\u0131\u015fmak istedi\u011finizde<\/li>\n<li>Rahat, ger\u00e7ek hayattan bir ortamda yeni bir dil prati\u011fi yapmak<\/li>\n<li>Spontane kahkahalar, derin sohbetler veya h\u0131zl\u0131 arkada\u015fl\u0131k i\u00e7in<\/li>\n<li>Ba\u015fka yerlerdeki ya\u015fam\u0131 merak ediyorsan\u0131z<\/li>\n<li>Ger\u00e7ek, senaryosuz ba\u011flant\u0131 istedi\u011finizde - filtre yok, bask\u0131 yok<\/li>\n<\/ul>\n<h2>\u00dccretsiz ve \u00dccretli: Bir Sorun Var m\u0131?<\/h2>\n<p>Omegle g\u00f6r\u00fcnt\u00fcl\u00fc sohbet tamamen \u00fccretsizdir. Abonelik veya gizli \u00fccret yoktur. Baz\u0131 \u00fc\u00e7\u00fcnc\u00fc taraf siteler \"premium\" sohbet hizmetleri sunar, ancak ger\u00e7ek bir Omegle deneyimi i\u00e7in ihtiyac\u0131n\u0131z olan her \u015fey her zaman \u00fccretsizdir.<\/p>\n<p>Omegle g\u00f6r\u00fcnt\u00fcl\u00fc sohbet, yabanc\u0131larla tan\u0131\u015fman\u0131n, arkada\u015f edinmenin ve d\u00fcnyan\u0131n her yerinden spontane, ger\u00e7ek zamanl\u0131 sohbetin keyfini \u00e7\u0131karman\u0131n en iyi yollar\u0131ndan biri olmaya devam ediyor. Sadece bir web kameras\u0131 ve bir t\u0131klama ile hikayeleri, k\u00fclt\u00fcrleri, arkada\u015fl\u0131klar\u0131 ve hatta belki biraz romantizmi ke\u015ffedebilirsiniz - kay\u0131t yok, tela\u015f yok ve s\u0131n\u0131r yok.<\/p>\n<p>\u00d6yleyse neden denemiyorsunuz? Bir sonraki favori sohbetiniz sadece bir Omegle g\u00f6r\u00fcnt\u00fcl\u00fc sohbet uzakl\u0131\u011f\u0131nda olabilir.<\/p>","protected":false},"excerpt":{"rendered":"<p>When it comes to spontaneous, exciting, and truly random online conversations, Omegle video chat is where it all began. For over a decade, Omegle has been the go-to platform for anyone who wants to meet new people without leaving home. Whether you\u2019re looking to make friends, have a laugh, flirt a little, or just satisfy [&hellip;]<\/p>\n","protected":false},"author":8,"featured_media":0,"parent":0,"menu_order":0,"comment_status":"closed","ping_status":"closed","template":"","meta":{"footnotes":""},"class_list":["post-4175","page","type-page","status-publish","hentry"],"yoast_head":"<!-- This site is optimized with the Yoast SEO plugin v27.4 - https:\/\/yoast.com\/product\/yoast-seo-wordpress\/ -->\n<title>Omegle Video Chat with Video Chat on TinyChat.com<\/title>\n<meta name=\"description\" content=\"Enjoying Omegle Video Chat? Join over 50,000,000 strangers on TinyChat! Turn on your cam and start meeting new people, or find a match.\" \/>\n<meta name=\"robots\" content=\"index, follow, max-snippet:-1, max-image-preview:large, max-video-preview:-1\" \/>\n<link rel=\"canonical\" href=\"https:\/\/tinychat.com\/tr\/omegle-video-chat\/\" \/>\n<meta property=\"og:locale\" content=\"tr_TR\" \/>\n<meta property=\"og:type\" content=\"article\" \/>\n<meta property=\"og:title\" content=\"Omegle Video Chat with Video Chat on TinyChat.com\" \/>\n<meta property=\"og:description\" content=\"Enjoying Omegle Video Chat? Join over 50,000,000 strangers on TinyChat! Turn on your cam and start meeting new people, or find a match.\" \/>\n<meta property=\"og:url\" content=\"https:\/\/tinychat.com\/tr\/omegle-video-chat\/\" \/>\n<meta property=\"og:site_name\" content=\"TinyChat\" \/>\n<meta property=\"article:publisher\" content=\"https:\/\/www.facebook.com\/tinychat\" \/>\n<meta property=\"article:modified_time\" content=\"2025-07-21T09:54:59+00:00\" \/>\n<meta property=\"og:image\" content=\"https:\/\/tinychat.com\/wp-content\/uploads\/2020\/04\/Tinychat-logo-1280x284-new-black.png\" \/>\n\t<meta property=\"og:image:width\" content=\"1280\" \/>\n\t<meta property=\"og:image:height\" content=\"284\" \/>\n\t<meta property=\"og:image:type\" content=\"image\/png\" \/>\n<meta name=\"twitter:card\" content=\"summary_large_image\" \/>\n<meta name=\"twitter:site\" content=\"@tinychat\" \/>\n<meta name=\"twitter:label1\" content=\"Tahmini okuma s\u00fcresi\" \/>\n\t<meta name=\"twitter:data1\" content=\"5 dakika\" \/>\n<script type=\"application\/ld+json\" class=\"yoast-schema-graph\">{\"@context\":\"https:\\\/\\\/schema.org\",\"@graph\":[{\"@type\":\"WebPage\",\"@id\":\"https:\\\/\\\/tinychat.com\\\/omegle-video-chat\\\/\",\"url\":\"https:\\\/\\\/tinychat.com\\\/omegle-video-chat\\\/\",\"name\":\"Omegle Video Chat with Video Chat on TinyChat.com\",\"isPartOf\":{\"@id\":\"https:\\\/\\\/tinychat.com\\\/#website\"},\"datePublished\":\"2021-05-23T16:10:09+00:00\",\"dateModified\":\"2025-07-21T09:54:59+00:00\",\"description\":\"Enjoying Omegle Video Chat? Join over 50,000,000 strangers on TinyChat! Turn on your cam and start meeting new people, or find a match.\",\"breadcrumb\":{\"@id\":\"https:\\\/\\\/tinychat.com\\\/omegle-video-chat\\\/#breadcrumb\"},\"inLanguage\":\"tr\",\"potentialAction\":[{\"@type\":\"ReadAction\",\"target\":[\"https:\\\/\\\/tinychat.com\\\/omegle-video-chat\\\/\"]}]},{\"@type\":\"BreadcrumbList\",\"@id\":\"https:\\\/\\\/tinychat.com\\\/omegle-video-chat\\\/#breadcrumb\",\"itemListElement\":[{\"@type\":\"ListItem\",\"position\":1,\"name\":\"Home\",\"item\":\"https:\\\/\\\/tinychat.com\\\/\"},{\"@type\":\"ListItem\",\"position\":2,\"name\":\"Omegle Video Chat\"}]},{\"@type\":\"WebSite\",\"@id\":\"https:\\\/\\\/tinychat.com\\\/#website\",\"url\":\"https:\\\/\\\/tinychat.com\\\/\",\"name\":\"TinyChat\",\"description\":\"Random Video Chat with Strangers\",\"publisher\":{\"@id\":\"https:\\\/\\\/tinychat.com\\\/#organization\"},\"alternateName\":\"TinyChat.com\",\"potentialAction\":[{\"@type\":\"SearchAction\",\"target\":{\"@type\":\"EntryPoint\",\"urlTemplate\":\"https:\\\/\\\/tinychat.com\\\/?s={search_term_string}\"},\"query-input\":{\"@type\":\"PropertyValueSpecification\",\"valueRequired\":true,\"valueName\":\"search_term_string\"}}],\"inLanguage\":\"tr\"},{\"@type\":\"Organization\",\"@id\":\"https:\\\/\\\/tinychat.com\\\/#organization\",\"name\":\"TinyChat\",\"alternateName\":\"TinyChat.com\",\"url\":\"https:\\\/\\\/tinychat.com\\\/\",\"logo\":{\"@type\":\"ImageObject\",\"inLanguage\":\"tr\",\"@id\":\"https:\\\/\\\/tinychat.com\\\/#\\\/schema\\\/logo\\\/image\\\/\",\"url\":\"https:\\\/\\\/tinychat.com\\\/wp-content\\\/uploads\\\/2023\\\/11\\\/Tinychat-icon-square.png\",\"contentUrl\":\"https:\\\/\\\/tinychat.com\\\/wp-content\\\/uploads\\\/2023\\\/11\\\/Tinychat-icon-square.png\",\"width\":284,\"height\":284,\"caption\":\"TinyChat\"},\"image\":{\"@id\":\"https:\\\/\\\/tinychat.com\\\/#\\\/schema\\\/logo\\\/image\\\/\"},\"sameAs\":[\"https:\\\/\\\/www.facebook.com\\\/tinychat\",\"https:\\\/\\\/x.com\\\/tinychat\"]}]}<\/script>\n<!-- \/ Yoast SEO plugin. -->","yoast_head_json":{"title":"Omegle G\u00f6r\u00fcnt\u00fcl\u00fc Sohbet ile TinyChat.com'da G\u00f6r\u00fcnt\u00fcl\u00fc Sohbet","description":"Omegle G\u00f6r\u00fcnt\u00fcl\u00fc Sohbet ho\u015funuza m\u0131 gidiyor? TinyChat'de 50.000.000'dan fazla yabanc\u0131ya kat\u0131l\u0131n! Kameran\u0131z\u0131 a\u00e7\u0131n ve yeni insanlarla tan\u0131\u015fmaya ba\u015flay\u0131n veya bir e\u015fle\u015fme bulun.","robots":{"index":"index","follow":"follow","max-snippet":"max-snippet:-1","max-image-preview":"max-image-preview:large","max-video-preview":"max-video-preview:-1"},"canonical":"https:\/\/tinychat.com\/tr\/omegle-video-chat\/","og_locale":"tr_TR","og_type":"article","og_title":"Omegle Video Chat with Video Chat on TinyChat.com","og_description":"Enjoying Omegle Video Chat? Join over 50,000,000 strangers on TinyChat! Turn on your cam and start meeting new people, or find a match.","og_url":"https:\/\/tinychat.com\/tr\/omegle-video-chat\/","og_site_name":"TinyChat","article_publisher":"https:\/\/www.facebook.com\/tinychat","article_modified_time":"2025-07-21T09:54:59+00:00","og_image":[{"width":1280,"height":284,"url":"https:\/\/tinychat.com\/wp-content\/uploads\/2020\/04\/Tinychat-logo-1280x284-new-black.png","type":"image\/png"}],"twitter_card":"summary_large_image","twitter_site":"@tinychat","twitter_misc":{"Tahmini okuma s\u00fcresi":"5 dakika"},"schema":{"@context":"https:\/\/schema.org","@graph":[{"@type":"WebPage","@id":"https:\/\/tinychat.com\/omegle-video-chat\/","url":"https:\/\/tinychat.com\/omegle-video-chat\/","name":"Omegle G\u00f6r\u00fcnt\u00fcl\u00fc Sohbet ile TinyChat.com'da G\u00f6r\u00fcnt\u00fcl\u00fc Sohbet","isPartOf":{"@id":"https:\/\/tinychat.com\/#website"},"datePublished":"2021-05-23T16:10:09+00:00","dateModified":"2025-07-21T09:54:59+00:00","description":"Omegle G\u00f6r\u00fcnt\u00fcl\u00fc Sohbet ho\u015funuza m\u0131 gidiyor? TinyChat'de 50.000.000'dan fazla yabanc\u0131ya kat\u0131l\u0131n! Kameran\u0131z\u0131 a\u00e7\u0131n ve yeni insanlarla tan\u0131\u015fmaya ba\u015flay\u0131n veya bir e\u015fle\u015fme bulun.","breadcrumb":{"@id":"https:\/\/tinychat.com\/omegle-video-chat\/#breadcrumb"},"inLanguage":"tr","potentialAction":[{"@type":"ReadAction","target":["https:\/\/tinychat.com\/omegle-video-chat\/"]}]},{"@type":"BreadcrumbList","@id":"https:\/\/tinychat.com\/omegle-video-chat\/#breadcrumb","itemListElement":[{"@type":"ListItem","position":1,"name":"Home","item":"https:\/\/tinychat.com\/"},{"@type":"ListItem","position":2,"name":"Omegle Video Chat"}]},{"@type":"WebSite","@id":"https:\/\/tinychat.com\/#website","url":"https:\/\/tinychat.com\/","name":"TinyChat","description":"Yabanc\u0131larla Rastgele G\u00f6r\u00fcnt\u00fcl\u00fc Sohbet","publisher":{"@id":"https:\/\/tinychat.com\/#organization"},"alternateName":"TinyChat.com","potentialAction":[{"@type":"SearchAction","target":{"@type":"EntryPoint","urlTemplate":"https:\/\/tinychat.com\/?s={search_term_string}"},"query-input":{"@type":"PropertyValueSpecification","valueRequired":true,"valueName":"search_term_string"}}],"inLanguage":"tr"},{"@type":"Organization","@id":"https:\/\/tinychat.com\/#organization","name":"TinyChat","alternateName":"TinyChat.com","url":"https:\/\/tinychat.com\/","logo":{"@type":"ImageObject","inLanguage":"tr","@id":"https:\/\/tinychat.com\/#\/schema\/logo\/image\/","url":"https:\/\/tinychat.com\/wp-content\/uploads\/2023\/11\/Tinychat-icon-square.png","contentUrl":"https:\/\/tinychat.com\/wp-content\/uploads\/2023\/11\/Tinychat-icon-square.png","width":284,"height":284,"caption":"TinyChat"},"image":{"@id":"https:\/\/tinychat.com\/#\/schema\/logo\/image\/"},"sameAs":["https:\/\/www.facebook.com\/tinychat","https:\/\/x.com\/tinychat"]}]}},"_links":{"self":[{"href":"https:\/\/tinychat.com\/tr\/wp-json\/wp\/v2\/pages\/4175","targetHints":{"allow":["GET"]}}],"collection":[{"href":"https:\/\/tinychat.com\/tr\/wp-json\/wp\/v2\/pages"}],"about":[{"href":"https:\/\/tinychat.com\/tr\/wp-json\/wp\/v2\/types\/page"}],"author":[{"embeddable":true,"href":"https:\/\/tinychat.com\/tr\/wp-json\/wp\/v2\/users\/8"}],"replies":[{"embeddable":true,"href":"https:\/\/tinychat.com\/tr\/wp-json\/wp\/v2\/comments?post=4175"}],"version-history":[{"count":3,"href":"https:\/\/tinychat.com\/tr\/wp-json\/wp\/v2\/pages\/4175\/revisions"}],"predecessor-version":[{"id":13333,"href":"https:\/\/tinychat.com\/tr\/wp-json\/wp\/v2\/pages\/4175\/revisions\/13333"}],"wp:attachment":[{"href":"https:\/\/tinychat.com\/tr\/wp-json\/wp\/v2\/media?parent=4175"}],"curies":[{"name":"wp","href":"https:\/\/api.w.org\/{rel}","templated":true}]}}