{"id":4831,"date":"2025-09-03T08:00:01","date_gmt":"2025-09-03T06:00:01","guid":{"rendered":"https:\/\/tinychat.com\/?page_id=4831"},"modified":"2025-09-03T12:22:10","modified_gmt":"2025-09-03T10:22:10","slug":"free-random-chat-with-girls","status":"publish","type":"page","link":"https:\/\/tinychat.com\/tr\/free-random-chat-with-girls\/","title":{"rendered":"K\u0131zlarla \u00dccretsiz Rastgele Sohbet"},"content":{"rendered":"<p>Yeni biriyle tan\u0131\u015fmak i\u00e7in \u00e7evrimi\u00e7i oldu\u011funuzda, ger\u00e7ek zamanl\u0131 olarak y\u00fcz y\u00fcze ba\u011flant\u0131 kurman\u0131n heyecan verici bir yan\u0131 vard\u0131r. \u0130\u015fte burada k\u0131zlarla \u00fccretsiz rastgele sohbet devreye giriyor. Sonsuz profiller aras\u0131nda gezinmek veya arkada\u015fl\u0131k uygulamalar\u0131nda mesaj beklemek yerine, tek bir d\u00fc\u011fmeye t\u0131klayabilir ve d\u00fcnyan\u0131n herhangi bir yerindeki bir kad\u0131nla an\u0131nda canl\u0131 bir sohbete ba\u015flayabilirsiniz.<\/p>\n<p>H\u0131zl\u0131, spontane ve -en iyisi- tamamen \u00fccretsizdir. \u0130ster g\u00fcndelik sohbet, ister yeni arkada\u015fl\u0131klar veya fl\u00f6rt e\u011flencesi umuyor olun, \u00e7evrimi\u00e7i k\u0131zlarla rastgele sohbet, ba\u011fl\u0131l\u0131k olmadan ba\u011flant\u0131 kurmay\u0131 kolayla\u015ft\u0131r\u0131r.<\/p>\n<h2>K\u0131zlarla \u00dccretsiz Rastgele Sohbet Nedir?<\/h2>\n<p>\u00d6z\u00fcnde, k\u0131zlarla \u00fccretsiz rastgele sohbet, kad\u0131nlarla video, metin veya ses yoluyla an\u0131nda ba\u011flant\u0131 kurman\u0131z\u0131 sa\u011flayan \u00e7evrimi\u00e7i bir hizmettir. \"Rastgele\" k\u0131sm\u0131, bir dahaki sefere kiminle tan\u0131\u015faca\u011f\u0131n\u0131z\u0131 asla bilemeyece\u011finiz anlam\u0131na gelir - \u015fehrinizde veya d\u00fcnyan\u0131n di\u011fer ucunda biri olabilir.<\/p>\n<p>Biyografiler, foto\u011fraflar ve uzun bekleme s\u00fcreleri gerektiren geleneksel arkada\u015fl\u0131k uygulamalar\u0131n\u0131n aksine, rastgele sohbet platformlar\u0131 an\u0131ndal\u0131\u011f\u0131n heyecan\u0131yla ilgilidir:<\/p>\n<ul>\n<li>T\u0131klay\u0131n ve ba\u011flan\u0131n - \u00c7evrimi\u00e7i bir k\u0131zla an\u0131nda e\u015fle\u015fin.<\/li>\n<li>Maliyet gerektirmez - Bir\u00e7ok platform \u00fccretsiz sohbet etmenize izin verir.<\/li>\n<li>Anonimlik se\u00e7enekleri - Daha fazlas\u0131n\u0131 payla\u015fmaya haz\u0131r olana kadar gizli kal\u0131n veya bir takma ad kullan\u0131n.<\/li>\n<li>Esneklik - Konfor seviyenize ba\u011fl\u0131 olarak metin, ses ve video aras\u0131nda ge\u00e7i\u015f yap\u0131n.<\/li>\n<\/ul>\n<p>Bu t\u00fcr bir sohbet, senaryosuz oldu\u011fu i\u00e7in daha ger\u00e7ek\u00e7i hissettirir - o anda ger\u00e7ek insanlarla tan\u0131\u015f\u0131rs\u0131n\u0131z.<\/p>\n<h2>Neden \u00c7evrimi\u00e7i K\u0131zlarla Rastgele G\u00f6r\u00fcnt\u00fcl\u00fc Sohbet Etmeyi Denemelisiniz?<\/h2>\n<p>Peki, neden bu kadar \u00e7ok insan \u00f6zellikle rastgele k\u0131zlarla \u00fccretsiz \u00e7evrimi\u00e7i sohbet etmenin yollar\u0131n\u0131 ar\u0131yor? \u0130\u015fte en b\u00fcy\u00fck nedenlerden baz\u0131lar\u0131:<\/p>\n<ul>\n<li>An\u0131nda etkile\u015fim - Profil olu\u015fturmak veya yan\u0131t beklemek i\u00e7in zaman harcaman\u0131za gerek yok.<\/li>\n<li>Otantik ba\u011flant\u0131lar - Canl\u0131 video, konu\u015fmalar\u0131n sahnelenmi\u015f de\u011fil ger\u00e7ek hissettirmesini sa\u011flar.<\/li>\n<li>Farkl\u0131 deneyimler - Her sohbet farkl\u0131d\u0131r; biri aptalca, di\u011feri derin, di\u011feri fl\u00f6rt\u00f6z olabilir.<\/li>\n<li>D\u00fc\u015f\u00fck bas\u0131n\u00e7 - E\u011fer hissetmiyorsan\u0131z, \"ileri\" tu\u015funa bas\u0131n ve devam edin.<\/li>\n<li>Romantizm \u015fans\u0131 - Bir\u00e7ok arkada\u015fl\u0131k ve ili\u015fki rastgele sohbet sitelerinde ba\u015flam\u0131\u015ft\u0131r.<\/li>\n<\/ul>\n<blockquote><p>\"Sadece e\u011flence i\u00e7in k\u0131zlarla \u00fccretsiz rastgele kameral\u0131 sohbet denedim, ancak sonunda aylard\u0131r konu\u015ftu\u011fum biriyle tan\u0131\u015ft\u0131m. 'Ba\u015flat'a t\u0131klad\u0131\u011f\u0131n\u0131zda ne olaca\u011f\u0131n\u0131 asla bilemezsiniz.\"<\/p><\/blockquote>\n<h2>K\u0131zlarla \u00dccretsiz Rastgele Sohbet Nas\u0131l \u00c7al\u0131\u015f\u0131r?<\/h2>\n<p>Ba\u015flamak son derece basittir:<\/p>\n<ol>\n<li>Bir platform se\u00e7in - Cinsiyet filtreleri sunan \u00fccretsiz bir rastgele sohbet sitesi veya uygulamas\u0131 se\u00e7in.<\/li>\n<li>Kameran\u0131z\u0131 ve mikrofonunuzu a\u00e7\u0131n - Veya tercih ederseniz yaz\u0131l\u0131 sohbetle ba\u015flay\u0131n.<\/li>\n<li>Ba\u011flan'a t\u0131klay\u0131n - Sistem sizi an\u0131nda \u00e7evrimi\u00e7i rastgele bir k\u0131zla e\u015fle\u015ftirir.<\/li>\n<li>Sohbet edin, g\u00fcl\u00fcn ve nereye gitti\u011fini g\u00f6r\u00fcn - \u0130kiniz de istedi\u011finiz kadar kal\u0131n.<\/li>\n<li>Haz\u0131r oldu\u011funda atla - Konu\u015fma t\u0131klanm\u0131yorsa, yeni biriyle tan\u0131\u015fmak i\u00e7in \"ileri\" d\u00fc\u011fmesine bas\u0131n.<\/li>\n<\/ol>\n<p>\u00c7o\u011fu platform taray\u0131c\u0131 tabanl\u0131d\u0131r, ancak bir\u00e7o\u011funun hareket halindeyken sohbet etmek i\u00e7in mobil uygulamalar\u0131 da vard\u0131r.<\/p>\n<h2>K\u0131zlarla \u00dccretsiz Rastgele Sohbet i\u00e7in En \u0130yi Platformlar<\/h2>\n<p>Kendiniz denemeye haz\u0131rsan\u0131z i\u015fte en pop\u00fcler ve g\u00fcvenilir se\u00e7eneklerden baz\u0131lar\u0131:<\/p>\n<ul>\n<li>CooMeet - \u00d6zellikle kad\u0131nlarla sohbet etmek i\u00e7in tasarlanm\u0131\u015ft\u0131r; t\u00fcm kad\u0131n kullan\u0131c\u0131lar do\u011frulanm\u0131\u015ft\u0131r.<\/li>\n<li>LuckyCrush - Erkekleri d\u00fcnyan\u0131n d\u00f6rt bir yan\u0131ndaki kad\u0131nlarla an\u0131nda e\u015fle\u015ftirir.<\/li>\n<li>Chatspin - \u0130ste\u011fe ba\u011fl\u0131 cinsiyet filtreleri ile \u00fccretsiz rastgele g\u00f6r\u00fcnt\u00fcl\u00fc sohbet sunar.<\/li>\n<li>Chatrandom - \"Sadece k\u0131zlar\" sohbet modu ve temal\u0131 odalar i\u00e7erir.<\/li>\n<li>TinyChat - Grup ve \u00f6zel odalar\u0131 olan daha topluluk odakl\u0131 bir platform.<\/li>\n<li>Bazoocam - Avrupa'da pop\u00fcler olan basit ve h\u0131zl\u0131 rastgele g\u00f6r\u00fcnt\u00fcl\u00fc sohbet.<\/li>\n<\/ul>\n<h2>K\u0131zlarla \u00dccretsiz Rastgele Sohbet vs Normal Rastgele Sohbet<\/h2>\n<p>Genel bir rastgele sohbet ile k\u0131zlarla ba\u011flant\u0131 kurmaya odaklanan bir sohbet aras\u0131ndaki fark nedir?<\/p>\n<table>\n<thead>\n<tr>\n<th>\u00d6zellik<\/th>\n<th>Genel Rastgele Sohbet<\/th>\n<th>K\u0131zlarla \u00dccretsiz Rastgele Sohbet<\/th>\n<\/tr>\n<\/thead>\n<tbody>\n<tr>\n<td>Cinsiyet filtreleri<\/td>\n<td>S\u0131n\u0131rl\u0131<\/td>\n<td>\u2705 Evet (sadece k\u0131zlar)<\/td>\n<\/tr>\n<tr>\n<td>Odaklanm\u0131\u015f deneyim<\/td>\n<td>\u274c Kar\u0131\u015f\u0131k<\/td>\n<td>\u2705 Daha hedefli<\/td>\n<\/tr>\n<tr>\n<td>Rahat ve fl\u00f6rt\u00f6z hava<\/td>\n<td>\u26a0\ufe0f Kar\u0131\u015f\u0131k<\/td>\n<td>\u2705 Genellikle fl\u00f6rt\u00f6z veya sosyal<\/td>\n<\/tr>\n<tr>\n<td>Pop\u00fcler platformlar<\/td>\n<td>Omegle, Chatroulette<\/td>\n<td>CooMeet, LuckyCrush, Chatspin<\/td>\n<\/tr>\n<\/tbody>\n<\/table>\n<p>\u00d6zellikle kad\u0131nlarla ba\u011flant\u0131 kurmak istiyorsan\u0131z, cinsiyet filtrelemesi sunan bir platform kullanmak zamandan ve hayal k\u0131r\u0131kl\u0131\u011f\u0131ndan tasarruf etmenizi sa\u011flar.<\/p>\n<h2>\u00c7evrimi\u00e7i K\u0131zlarla Sohbet Ederken G\u00fcvende Kalmak<\/h2>\n<p>\u00c7o\u011fu insan arkada\u015f canl\u0131s\u0131 ve samimi olsa da, g\u00fcvenli\u011fi her zaman akl\u0131n\u0131zda tutmal\u0131s\u0131n\u0131z:<\/p>\n<ul>\n<li>\u0130lk ba\u015fta anonim kal\u0131n - Ki\u015fisel bilgilerinizi hemen payla\u015fmay\u0131n.<\/li>\n<li>Kamera kar\u015f\u0131s\u0131nda dikkatli olun - Arka plan\u0131n\u0131z\u0131 n\u00f6tr tutun.<\/li>\n<li>S\u0131n\u0131rlara sayg\u0131 g\u00f6sterin - \u0130nsanlara size nas\u0131l davran\u0131lmas\u0131n\u0131 istiyorsan\u0131z \u00f6yle davran\u0131n.<\/li>\n<li>Ba\u011flant\u0131 veya dosya payla\u015fmaktan ka\u00e7\u0131n\u0131n - Platform i\u00e7inde sohbet etmeye devam edin.<\/li>\n<li>Uygunsuz kullan\u0131c\u0131lar\u0131 bildirin - \u0130yi platformlar\u0131n raporlama ara\u00e7lar\u0131 vard\u0131r, bunlar\u0131 kullan\u0131n.<\/li>\n<\/ul>\n<p>G\u00fcvenlik, deneyimin e\u011flenceli ve endi\u015fesiz kalmas\u0131n\u0131 sa\u011flar.<\/p>\n<h2>K\u0131zlar Neden Rastgele Sohbet Platformlar\u0131na Kat\u0131l\u0131r?<\/h2>\n<p>Merak edebilirsiniz - neden bu kadar \u00e7ok kad\u0131n \u00e7evrimi\u00e7i olarak yabanc\u0131larla sohbet etmek istiyor? Sebepler, tan\u0131\u015faca\u011f\u0131n\u0131z insanlar kadar \u00e7e\u015fitlidir:<\/p>\n<ul>\n<li>Bo\u015f zamanlar\u0131nda e\u011flence ve kahkaha ar\u0131yor.<\/li>\n<li>Di\u011fer \u00fclkelerden insanlarla tan\u0131\u015fma merak\u0131.<\/li>\n<li>Arkada\u015fl\u0131k ve ba\u011flant\u0131, \u00f6zellikle de uzaktan \u00e7al\u0131\u015f\u0131yor veya okuyorlarsa.<\/li>\n<li>Ana dili \u0130ngilizce olan ki\u015filerle dil prati\u011fi.<\/li>\n<li>Fl\u00f6rt veya g\u00fcndelik bulu\u015fma f\u0131rsatlar\u0131.<\/li>\n<\/ul>\n<p>Bunu bilmek, her sohbete a\u00e7\u0131kl\u0131k ve sayg\u0131yla yakla\u015fmay\u0131 kolayla\u015ft\u0131r\u0131r.<\/p>\n<h2>K\u0131zlarla Harika Bir Rastgele Sohbet \u0130\u00e7in \u0130pu\u00e7lar\u0131<\/h2>\n<p>\u00d6ne \u00e7\u0131kmak ve konu\u015fmalar\u0131 daha keyifli hale getirmek mi istiyorsunuz? Bunlar\u0131 deneyin:<\/p>\n<ul>\n<li>G\u00fcl\u00fcmseyerek ba\u015flay\u0131n - Dostane bir hava buzlar\u0131 k\u0131rmaya yard\u0131mc\u0131 olur.<\/li>\n<li>Sorular sorun - Onun hayat\u0131 veya ilgi alanlar\u0131 hakk\u0131nda ger\u00e7ek bir merak g\u00f6sterin.<\/li>\n<li>Hafif tutun - Mizah genellikle ba\u015flang\u0131\u00e7ta a\u011f\u0131r konulardan daha iyi sonu\u00e7 verir.<\/li>\n<li>H\u0131z\u0131na sayg\u0131 g\u00f6sterin - Video ile rahat edemiyorsa, metin veya sese ba\u011fl\u0131 kal\u0131n.<\/li>\n<li>Kibarca atlamaya haz\u0131r olun - Her e\u015fle\u015fme t\u0131klanmayacakt\u0131r ve bu sorun de\u011fildir.<\/li>\n<\/ul>\n<h2>K\u0131zlarla \u00dccretsiz Rastgele Kameral\u0131 Sohbetin Faydalar\u0131<\/h2>\n<p>Eri\u015filebilirlik ve \u00e7e\u015fitlili\u011fin kar\u0131\u015f\u0131m\u0131 bu t\u00fcr bir sohbeti cazip k\u0131l\u0131yor:<\/p>\n<ul>\n<li>\u00dccret yok - Bir\u00e7ok hizmet \u00fccretsiz sohbet etmenize izin verir.<\/li>\n<li>Bask\u0131 yok - Sohbet i\u015fe yaramazsa eliniz kolunuz ba\u011fl\u0131 de\u011fil.<\/li>\n<li>\u0130nsan \u00e7e\u015fitlili\u011fi - Farkl\u0131 k\u00fclt\u00fcrlerden, ilgi alanlar\u0131ndan ve ge\u00e7mi\u015flerden gelen kad\u0131nlarla tan\u0131\u015f\u0131n.<\/li>\n<li>Ba\u011flant\u0131 olas\u0131l\u0131\u011f\u0131 - K\u0131sa g\u00fcl\u00fc\u015fmelerden kal\u0131c\u0131 arkada\u015fl\u0131klara kadar her \u015fey olabilir.<\/li>\n<li>7\/24 eri\u015filebilirlik - Birileri, bir yerlerde, her zaman \u00e7evrimi\u00e7i.<\/li>\n<\/ul>\n<h2>K\u0131zlarla Rastgele G\u00f6r\u00fcnt\u00fcl\u00fc Sohbet Ne Zaman Kullan\u0131l\u0131r?<\/h2>\n<p>Denemek i\u00e7in yanl\u0131\u015f bir zaman yoktur, ancak \u00f6zellikle \u015funlar i\u00e7in iyidir:<\/p>\n<ul>\n<li>Arkada\u015f istedi\u011finde gece ge\u00e7 saatlerde can s\u0131k\u0131nt\u0131s\u0131.<\/li>\n<li>Seyahat ediyor ve yerel halkla sanal olarak tan\u0131\u015fmak istiyor.<\/li>\n<li>K\u00fc\u00e7\u00fck konu\u015fma veya yeni bir dil prati\u011fi yapmak.<\/li>\n<li>Fl\u00f6rt etmek ve k\u0131v\u0131lc\u0131mlar\u0131n u\u00e7u\u015fup u\u00e7u\u015fmad\u0131\u011f\u0131n\u0131 g\u00f6rmek.<\/li>\n<li>Bask\u0131 olmadan sosyal \u00e7evrenizi geni\u015fletmek.<\/li>\n<\/ul>\n<h2>Son D\u00fc\u015f\u00fcnceler<\/h2>\n<p>K\u0131zlarla \u00fccretsiz rastgele sohbet, \u00e7evrimi\u00e7i yeni insanlarla tan\u0131\u015fman\u0131n en heyecan verici yollar\u0131ndan biridir. Spontane, esnek ve \u00e7e\u015fitlilikle doludur - bir sonraki sohbetinizin komik bir be\u015f dakika m\u0131, ilgin\u00e7 bir k\u00fclt\u00fcrel al\u0131\u015fveri\u015f mi yoksa daha derin bir ba\u011flant\u0131n\u0131n ba\u015flang\u0131c\u0131 m\u0131 olaca\u011f\u0131n\u0131 asla bilemezsiniz.<\/p>\n<p>En iyi k\u0131sm\u0131 m\u0131? Denemenin hi\u00e7bir maliyeti yok. \u00dccretsiz ve an\u0131nda eri\u015fim sunan platformlar sayesinde tek ihtiyac\u0131n\u0131z olan merak ve bir t\u0131klama.<\/p>\n<p>Dolay\u0131s\u0131yla, yeni biriyle tan\u0131\u015fmaya haz\u0131rsan\u0131z, bug\u00fcn k\u0131zlarla \u00fccretsiz rastgele bir kamera sohbetine atlay\u0131n - sizinle konu\u015fmay\u0131 bekleyen ki\u015fiye \u015fa\u015f\u0131rabilirsiniz.<\/p>","protected":false},"excerpt":{"rendered":"<p>When you\u2019re online looking to meet someone new, there\u2019s something exciting about connecting face-to-face in real time. That\u2019s where free random chat with girls comes in. Instead of swiping through endless profiles or waiting for messages on dating apps, you can click one button and instantly start a live conversation with a woman somewhere in [&hellip;]<\/p>\n","protected":false},"author":8,"featured_media":0,"parent":0,"menu_order":0,"comment_status":"closed","ping_status":"closed","template":"","meta":{"footnotes":""},"class_list":["post-4831","page","type-page","status-publish","hentry"],"yoast_head":"<!-- This site is optimized with the Yoast SEO plugin v27.4 - https:\/\/yoast.com\/product\/yoast-seo-wordpress\/ -->\n<title>Free Random Chat With Girls on TinyChat.com<\/title>\n<meta name=\"description\" content=\"Enjoying Free Random Chat With Girls? Join over 50,000,000 strangers on TinyChat! Turn on your cam and start meeting new people, or find a match.\" \/>\n<meta name=\"robots\" content=\"index, follow, max-snippet:-1, max-image-preview:large, max-video-preview:-1\" \/>\n<link rel=\"canonical\" href=\"https:\/\/tinychat.com\/tr\/free-random-chat-with-girls\/\" \/>\n<meta property=\"og:locale\" content=\"tr_TR\" \/>\n<meta property=\"og:type\" content=\"article\" \/>\n<meta property=\"og:title\" content=\"Free Random Chat With Girls on TinyChat.com\" \/>\n<meta property=\"og:description\" content=\"Enjoying Free Random Chat With Girls? Join over 50,000,000 strangers on TinyChat! Turn on your cam and start meeting new people, or find a match.\" \/>\n<meta property=\"og:url\" content=\"https:\/\/tinychat.com\/tr\/free-random-chat-with-girls\/\" \/>\n<meta property=\"og:site_name\" content=\"TinyChat\" \/>\n<meta property=\"article:publisher\" content=\"https:\/\/www.facebook.com\/tinychat\" \/>\n<meta property=\"article:modified_time\" content=\"2025-09-03T10:22:10+00:00\" \/>\n<meta property=\"og:image\" content=\"https:\/\/tinychat.com\/wp-content\/uploads\/2020\/04\/Tinychat-logo-1280x284-new-black.png\" \/>\n\t<meta property=\"og:image:width\" content=\"1280\" \/>\n\t<meta property=\"og:image:height\" content=\"284\" \/>\n\t<meta property=\"og:image:type\" content=\"image\/png\" \/>\n<meta name=\"twitter:card\" content=\"summary_large_image\" \/>\n<meta name=\"twitter:site\" content=\"@tinychat\" \/>\n<meta name=\"twitter:label1\" content=\"Tahmini okuma s\u00fcresi\" \/>\n\t<meta name=\"twitter:data1\" content=\"5 dakika\" \/>\n<script type=\"application\/ld+json\" class=\"yoast-schema-graph\">{\"@context\":\"https:\\\/\\\/schema.org\",\"@graph\":[{\"@type\":\"WebPage\",\"@id\":\"https:\\\/\\\/tinychat.com\\\/free-random-chat-with-girls\\\/\",\"url\":\"https:\\\/\\\/tinychat.com\\\/free-random-chat-with-girls\\\/\",\"name\":\"Free Random Chat With Girls on TinyChat.com\",\"isPartOf\":{\"@id\":\"https:\\\/\\\/tinychat.com\\\/#website\"},\"datePublished\":\"2025-09-03T06:00:01+00:00\",\"dateModified\":\"2025-09-03T10:22:10+00:00\",\"description\":\"Enjoying Free Random Chat With Girls? Join over 50,000,000 strangers on TinyChat! Turn on your cam and start meeting new people, or find a match.\",\"breadcrumb\":{\"@id\":\"https:\\\/\\\/tinychat.com\\\/free-random-chat-with-girls\\\/#breadcrumb\"},\"inLanguage\":\"tr\",\"potentialAction\":[{\"@type\":\"ReadAction\",\"target\":[\"https:\\\/\\\/tinychat.com\\\/free-random-chat-with-girls\\\/\"]}]},{\"@type\":\"BreadcrumbList\",\"@id\":\"https:\\\/\\\/tinychat.com\\\/free-random-chat-with-girls\\\/#breadcrumb\",\"itemListElement\":[{\"@type\":\"ListItem\",\"position\":1,\"name\":\"Home\",\"item\":\"https:\\\/\\\/tinychat.com\\\/\"},{\"@type\":\"ListItem\",\"position\":2,\"name\":\"Free Random Chat With Girls\"}]},{\"@type\":\"WebSite\",\"@id\":\"https:\\\/\\\/tinychat.com\\\/#website\",\"url\":\"https:\\\/\\\/tinychat.com\\\/\",\"name\":\"TinyChat\",\"description\":\"Random Video Chat with Strangers\",\"publisher\":{\"@id\":\"https:\\\/\\\/tinychat.com\\\/#organization\"},\"alternateName\":\"TinyChat.com\",\"potentialAction\":[{\"@type\":\"SearchAction\",\"target\":{\"@type\":\"EntryPoint\",\"urlTemplate\":\"https:\\\/\\\/tinychat.com\\\/?s={search_term_string}\"},\"query-input\":{\"@type\":\"PropertyValueSpecification\",\"valueRequired\":true,\"valueName\":\"search_term_string\"}}],\"inLanguage\":\"tr\"},{\"@type\":\"Organization\",\"@id\":\"https:\\\/\\\/tinychat.com\\\/#organization\",\"name\":\"TinyChat\",\"alternateName\":\"TinyChat.com\",\"url\":\"https:\\\/\\\/tinychat.com\\\/\",\"logo\":{\"@type\":\"ImageObject\",\"inLanguage\":\"tr\",\"@id\":\"https:\\\/\\\/tinychat.com\\\/#\\\/schema\\\/logo\\\/image\\\/\",\"url\":\"https:\\\/\\\/tinychat.com\\\/wp-content\\\/uploads\\\/2023\\\/11\\\/Tinychat-icon-square.png\",\"contentUrl\":\"https:\\\/\\\/tinychat.com\\\/wp-content\\\/uploads\\\/2023\\\/11\\\/Tinychat-icon-square.png\",\"width\":284,\"height\":284,\"caption\":\"TinyChat\"},\"image\":{\"@id\":\"https:\\\/\\\/tinychat.com\\\/#\\\/schema\\\/logo\\\/image\\\/\"},\"sameAs\":[\"https:\\\/\\\/www.facebook.com\\\/tinychat\",\"https:\\\/\\\/x.com\\\/tinychat\"]}]}<\/script>\n<!-- \/ Yoast SEO plugin. -->","yoast_head_json":{"title":"TinyChat.com'da K\u0131zlarla \u00dccretsiz Rastgele Sohbet","description":"K\u0131zlarla \u00dccretsiz Rastgele Sohbetin Keyfini \u00c7\u0131kar\u0131yor musunuz? TinyChat'de 50.000.000'dan fazla yabanc\u0131ya kat\u0131l\u0131n! Kameran\u0131z\u0131 a\u00e7\u0131n ve yeni insanlarla tan\u0131\u015fmaya ba\u015flay\u0131n veya bir e\u015fle\u015fme bulun.","robots":{"index":"index","follow":"follow","max-snippet":"max-snippet:-1","max-image-preview":"max-image-preview:large","max-video-preview":"max-video-preview:-1"},"canonical":"https:\/\/tinychat.com\/tr\/free-random-chat-with-girls\/","og_locale":"tr_TR","og_type":"article","og_title":"Free Random Chat With Girls on TinyChat.com","og_description":"Enjoying Free Random Chat With Girls? Join over 50,000,000 strangers on TinyChat! Turn on your cam and start meeting new people, or find a match.","og_url":"https:\/\/tinychat.com\/tr\/free-random-chat-with-girls\/","og_site_name":"TinyChat","article_publisher":"https:\/\/www.facebook.com\/tinychat","article_modified_time":"2025-09-03T10:22:10+00:00","og_image":[{"width":1280,"height":284,"url":"https:\/\/tinychat.com\/wp-content\/uploads\/2020\/04\/Tinychat-logo-1280x284-new-black.png","type":"image\/png"}],"twitter_card":"summary_large_image","twitter_site":"@tinychat","twitter_misc":{"Tahmini okuma s\u00fcresi":"5 dakika"},"schema":{"@context":"https:\/\/schema.org","@graph":[{"@type":"WebPage","@id":"https:\/\/tinychat.com\/free-random-chat-with-girls\/","url":"https:\/\/tinychat.com\/free-random-chat-with-girls\/","name":"TinyChat.com'da K\u0131zlarla \u00dccretsiz Rastgele Sohbet","isPartOf":{"@id":"https:\/\/tinychat.com\/#website"},"datePublished":"2025-09-03T06:00:01+00:00","dateModified":"2025-09-03T10:22:10+00:00","description":"K\u0131zlarla \u00dccretsiz Rastgele Sohbetin Keyfini \u00c7\u0131kar\u0131yor musunuz? TinyChat'de 50.000.000'dan fazla yabanc\u0131ya kat\u0131l\u0131n! Kameran\u0131z\u0131 a\u00e7\u0131n ve yeni insanlarla tan\u0131\u015fmaya ba\u015flay\u0131n veya bir e\u015fle\u015fme bulun.","breadcrumb":{"@id":"https:\/\/tinychat.com\/free-random-chat-with-girls\/#breadcrumb"},"inLanguage":"tr","potentialAction":[{"@type":"ReadAction","target":["https:\/\/tinychat.com\/free-random-chat-with-girls\/"]}]},{"@type":"BreadcrumbList","@id":"https:\/\/tinychat.com\/free-random-chat-with-girls\/#breadcrumb","itemListElement":[{"@type":"ListItem","position":1,"name":"Home","item":"https:\/\/tinychat.com\/"},{"@type":"ListItem","position":2,"name":"Free Random Chat With Girls"}]},{"@type":"WebSite","@id":"https:\/\/tinychat.com\/#website","url":"https:\/\/tinychat.com\/","name":"TinyChat","description":"Yabanc\u0131larla Rastgele G\u00f6r\u00fcnt\u00fcl\u00fc Sohbet","publisher":{"@id":"https:\/\/tinychat.com\/#organization"},"alternateName":"TinyChat.com","potentialAction":[{"@type":"SearchAction","target":{"@type":"EntryPoint","urlTemplate":"https:\/\/tinychat.com\/?s={search_term_string}"},"query-input":{"@type":"PropertyValueSpecification","valueRequired":true,"valueName":"search_term_string"}}],"inLanguage":"tr"},{"@type":"Organization","@id":"https:\/\/tinychat.com\/#organization","name":"TinyChat","alternateName":"TinyChat.com","url":"https:\/\/tinychat.com\/","logo":{"@type":"ImageObject","inLanguage":"tr","@id":"https:\/\/tinychat.com\/#\/schema\/logo\/image\/","url":"https:\/\/tinychat.com\/wp-content\/uploads\/2023\/11\/Tinychat-icon-square.png","contentUrl":"https:\/\/tinychat.com\/wp-content\/uploads\/2023\/11\/Tinychat-icon-square.png","width":284,"height":284,"caption":"TinyChat"},"image":{"@id":"https:\/\/tinychat.com\/#\/schema\/logo\/image\/"},"sameAs":["https:\/\/www.facebook.com\/tinychat","https:\/\/x.com\/tinychat"]}]}},"_links":{"self":[{"href":"https:\/\/tinychat.com\/tr\/wp-json\/wp\/v2\/pages\/4831","targetHints":{"allow":["GET"]}}],"collection":[{"href":"https:\/\/tinychat.com\/tr\/wp-json\/wp\/v2\/pages"}],"about":[{"href":"https:\/\/tinychat.com\/tr\/wp-json\/wp\/v2\/types\/page"}],"author":[{"embeddable":true,"href":"https:\/\/tinychat.com\/tr\/wp-json\/wp\/v2\/users\/8"}],"replies":[{"embeddable":true,"href":"https:\/\/tinychat.com\/tr\/wp-json\/wp\/v2\/comments?post=4831"}],"version-history":[{"count":4,"href":"https:\/\/tinychat.com\/tr\/wp-json\/wp\/v2\/pages\/4831\/revisions"}],"predecessor-version":[{"id":13493,"href":"https:\/\/tinychat.com\/tr\/wp-json\/wp\/v2\/pages\/4831\/revisions\/13493"}],"wp:attachment":[{"href":"https:\/\/tinychat.com\/tr\/wp-json\/wp\/v2\/media?parent=4831"}],"curies":[{"name":"wp","href":"https:\/\/api.w.org\/{rel}","templated":true}]}}