{"id":4887,"date":"2024-06-14T19:18:17","date_gmt":"2024-06-14T17:18:17","guid":{"rendered":"https:\/\/tinychat.com\/?page_id=4887"},"modified":"2025-06-12T10:28:08","modified_gmt":"2025-06-12T08:28:08","slug":"stranger-chat","status":"publish","type":"page","link":"https:\/\/tinychat.com\/tr\/stranger-chat\/","title":{"rendered":"Yabanc\u0131 Sohbet"},"content":{"rendered":"<p>Her zamanki sosyal ak\u0131\u015flardan s\u0131k\u0131ld\u0131n\u0131z m\u0131? Gecenizi tamamen \u00f6ng\u00f6r\u00fclemez bir sohbetle sarsmak m\u0131 istiyorsunuz? Stranger chat maceran\u0131n ba\u015flad\u0131\u011f\u0131 yerdir. Yeni insanlarla tan\u0131\u015fmay\u0131 seven herkes i\u00e7in \u00e7evrimi\u00e7i bir oyun alan\u0131d\u0131r - ruh haliniz, havan\u0131z veya d\u00fcnyan\u0131n neresinde olursan\u0131z olun. Tek bir t\u0131klama ve hi\u00e7 tan\u0131mad\u0131\u011f\u0131n\u0131z biriyle konu\u015fmaya ba\u015fl\u0131yorsunuz. Bazen h\u0131zl\u0131 bir merhaba, bazen saatlerce kahkaha ve bazen de hat\u0131rlayaca\u011f\u0131n\u0131z bir gece.<\/p>\n<h2>Stranger Chat Nedir?<\/h2>\n<p>\u00d6z\u00fcnde, yabanc\u0131 sohbet, ger\u00e7ek, canl\u0131 sohbetler i\u00e7in rastgele insanlarla \u00e7evrimi\u00e7i ba\u011flant\u0131 kurmakla ilgilidir. Sosyal medya veya arkada\u015fl\u0131k uygulamalar\u0131n\u0131n aksine, doldurman\u0131z gereken profiller, uzun anketler ve birinin sizi \"be\u011fenmesini\" beklemek yoktur. Sadece atlars\u0131n\u0131z, an\u0131nda e\u015fle\u015firsiniz ve neler olaca\u011f\u0131n\u0131 g\u00f6r\u00fcrs\u00fcn\u00fcz.<\/p>\n<p>Yabanc\u0131 sohbet platformlar\u0131 her t\u00fcrl\u00fc ilgi alan\u0131na ve ruh haline hitap eder:<\/p>\n<ul>\n<li>Heteroseks\u00fcel, gey, lezbiyen, biseks\u00fcel veya spektrumun herhangi bir yerindeki erkekler, kad\u0131nlar ve \u00e7iftlerle tan\u0131\u015f\u0131n.<\/li>\n<li>\u00d6zel sohbet odalar\u0131 - k\u0131z k\u0131za, sadece erkekler, \u00e7iftler ve daha fazlas\u0131.<\/li>\n<li>Tam gizlilik - \u00e7o\u011fu site ger\u00e7ek ad\u0131n\u0131z\u0131 veya herhangi bir ki\u015fisel bilginizi istemez.<\/li>\n<li>An\u0131nda e\u011flence-oturum a\u00e7\u0131n ve saniyeler i\u00e7inde ba\u011flan\u0131n.<\/li>\n<\/ul>\n<p>Kendinizi konu\u015fkan, fl\u00f6rt\u00f6z ya da sadece biraz merakl\u0131 hissediyorsan\u0131z, d\u0131\u015far\u0131da ayn\u0131 \u015feyi hisseden bir yabanc\u0131 vard\u0131r.<\/p>\n<h2>Stranger Cam Sohbet: TinyChat Deneyimi<\/h2>\n<p>Hi\u00e7 tan\u0131mad\u0131\u011f\u0131n\u0131z biriyle e\u011flenceli bir gece mi ar\u0131yorsunuz? S\u0131cak bir yabanc\u0131yla ba\u011flant\u0131 kurmak ister misiniz - hepsi evinizin rahatl\u0131\u011f\u0131nda? O zaman TinyChat'de yabanc\u0131 sohbetine g\u00f6z atman\u0131z gerekir.<\/p>\n<p>Web kameran\u0131z\u0131 a\u00e7t\u0131\u011f\u0131n\u0131z\u0131 ve an\u0131nda ilgin\u00e7, seksi veya sadece iyi vakit ge\u00e7irmeye haz\u0131r biriyle e\u015fle\u015fti\u011finizi hayal edin. Yabanc\u0131 kameral\u0131 sohbet tamamen spontane anlar, rastgele kimya ve s\u0131f\u0131r bask\u0131 ile ilgilidir. Milyonlarca kullan\u0131c\u0131s\u0131 olan TinyChat, t\u0131pk\u0131 senin gibi tan\u0131\u015fmak, fl\u00f6rt etmek ve yeni bir \u015feyler ke\u015ffetmek isteyen insanlarla doludur.<\/p>\n<h3>Stranger Cam Sohbetlerine Kimler Kat\u0131l\u0131yor?<\/h3>\n<p>Her g\u00fcn milyonlarca insan yabanc\u0131 kameralara giri\u015f yap\u0131yor, bu y\u00fczden ki\u015filiklerin vah\u015fi bir kar\u0131\u015f\u0131m\u0131yla tan\u0131\u015facaks\u0131n\u0131z - bekarlar, \u00e7iftler, sadece sohbet arayan insanlar veya daha buharl\u0131 bir \u015fey havas\u0131nda olanlar. Baz\u0131lar\u0131 yaln\u0131z bir geceyi iyile\u015ftirmek i\u00e7in kat\u0131l\u0131r, di\u011ferleri partnerleri uzaktayken fl\u00f6rt etmek ister ve baz\u0131lar\u0131 sadece g\u00fclmek ister. Sebebiniz ne olursa olsun, TinyChat'deki yabanc\u0131 kamera sohbetleri \u00f6zeldir, kolayd\u0131r ve arad\u0131\u011f\u0131n\u0131z her \u015feye a\u00e7\u0131kt\u0131r.<\/p>\n<h3>Yabanc\u0131 Sohbet Sitelerinde Neler Yapabilirsiniz?<\/h3>\n<p>D\u00fcr\u00fcst olmak gerekirse, neredeyse her \u015fey! \u00c7o\u011fu insan h\u0131zl\u0131 bir ba\u011flant\u0131 veya s\u0131cak bir ka\u00e7amak bulmak i\u00e7in yabanc\u0131 sohbetini kullan\u0131r, ancak sorumluluk sizdedir. Bir yeti\u015fkin sohbet odas\u0131na atlay\u0131n ve sizi neyin heyecanland\u0131rd\u0131\u011f\u0131n\u0131 ke\u015ffedin - ister konu\u015fmak, ister fl\u00f6rt etmek, ister daha maceral\u0131 bir \u015fey olsun.<\/p>\n<h2>Yabanc\u0131larla Sohbeti Bu Kadar E\u011flenceli K\u0131lan Nedir?<\/h2>\n<ul>\n<li>Tahmin edilemez: S\u0131rada kiminle tan\u0131\u015faca\u011f\u0131n\u0131z\u0131 asla bilemezsiniz. Her sohbet bir s\u00fcrprizdir.<\/li>\n<li>Taahh\u00fct yok: \u0130stedi\u011finiz kadar uzun (veya k\u0131sa) kal\u0131n. Bir t\u0131klama ile devam edin.<\/li>\n<li>\u0130stedi\u011finiz ki\u015fi olun: Bir takma ad kullan\u0131n, kimli\u011finizi gizleyin veya ger\u00e7ek benli\u011finizi g\u00f6sterin.<\/li>\n<li>An\u0131nda ba\u011flant\u0131: Beklemeyi, profilleri ve kayd\u0131rmay\u0131 atlay\u0131n.<\/li>\n<\/ul>\n<p>\u0130nsanlar merak, yaln\u0131zl\u0131k, heyecan veya sadece yeni bir \u015feyler denemek gibi her t\u00fcrl\u00fc nedenden dolay\u0131 kat\u0131l\u0131rlar. Yabanc\u0131larla sohbet, \u00e7evrimi\u00e7i maceran\u0131n tad\u0131na varman\u0131n g\u00fcvenli, \u00f6zel ve e\u011flenceli bir yoludur.<\/p>\n<h2>En Pop\u00fcler Stranger Cam Sitesi<\/h2>\n<p>Yeti\u015fkin yabanc\u0131 sohbet s\u00f6z konusu oldu\u011funda, TinyChat bir nedenden \u00f6t\u00fcr\u00fc en iyi platformlardan biridir. \u0130\u015fte kullan\u0131c\u0131lar\u0131n onu sevmesinin nedeni:<\/p>\n<ul>\n<li>Binlerce kullan\u0131c\u0131 her an \u00e7evrimi\u00e7i - bir e\u015fle\u015fme i\u00e7in asla beklemeyin.<\/li>\n<li>Gizlilik ve g\u00fcvenlik - sohbetleriniz gizli kal\u0131r ve siz anonim kal\u0131rs\u0131n\u0131z.<\/li>\n<li>\u00c7ok \u00e7e\u015fitli sohbet odalar\u0131 - e\u015fcinsel, lezbiyen, \u00e7iftler, sadece k\u0131zlar, ad\u0131n\u0131 siz koyun.<\/li>\n<li>Kat\u0131lmak ve sohbet etmek tamamen \u00fccretsiz - sadece web kameran\u0131z\u0131 ba\u015flat\u0131n ve gidin.<\/li>\n<\/ul>\n<p>\u0130ster arkada\u015f\u00e7a bir sohbet ister biraz daha \u00e7\u0131lg\u0131nca bir \u015fey isteyin, TinyChat sizi an\u0131nda do\u011fru ki\u015filere ba\u011flar.<\/p>\n<h2>Yabanc\u0131larla Sohbet ve Di\u011fer G\u00f6r\u00fcnt\u00fcl\u00fc Sohbet Se\u00e7enekleri<\/h2>\n<table>\n<thead>\n<tr>\n<th>\u00d6zellik<\/th>\n<th>Yabanc\u0131 Sohbet<\/th>\n<th>Arkada\u015fl\u0131k Uygulamalar\u0131<\/th>\n<th>Sosyal Medya<\/th>\n<th>Grup Sohbet Odalar\u0131<\/th>\n<\/tr>\n<\/thead>\n<tbody>\n<tr>\n<td>Rastgele, an\u0131nda e\u015fle\u015ftirme<\/td>\n<td>\u2705<\/td>\n<td>\u274c<\/td>\n<td>\u274c<\/td>\n<td>\u274c<\/td>\n<\/tr>\n<tr>\n<td>Bire bir kamera\/sohbet<\/td>\n<td>\u2705<\/td>\n<td>\u274c<\/td>\n<td>\u2705<\/td>\n<td>\u274c<\/td>\n<\/tr>\n<tr>\n<td>Yaln\u0131zca yeti\u015fkinlere \u00f6zel se\u00e7enekler<\/td>\n<td>\u2705<\/td>\n<td>\u2705<\/td>\n<td>\u274c<\/td>\n<td>\u2705<\/td>\n<\/tr>\n<tr>\n<td>Anonimlik, profil gerekmez<\/td>\n<td>\u2705<\/td>\n<td>\u274c<\/td>\n<td>\u274c<\/td>\n<td>\u2705<\/td>\n<\/tr>\n<tr>\n<td>\u0130stedi\u011finiz zaman atlamak\/sonraki<\/td>\n<td>\u2705<\/td>\n<td>\u2705<\/td>\n<td>\u274c<\/td>\n<td>\u2705<\/td>\n<\/tr>\n<\/tbody>\n<\/table>\n<p>E\u011fer senaryosuz ve taze bir \u015feyler arzuluyorsan\u0131z, yabanc\u0131larla sohbet bariz bir kazanand\u0131r.<\/p>\n<h2>Neden Yabanc\u0131larla \u00c7evrimi\u00e7i Sohbet Edelim?<\/h2>\n<p>Milyonlarca insan, yabanc\u0131larla \u00e7evrimi\u00e7i sohbet etmenin sadece kolay olmad\u0131\u011f\u0131n\u0131, asl\u0131nda bir patlama oldu\u011funu ke\u015ffetti. Can s\u0131k\u0131nt\u0131s\u0131n\u0131 yenebilir, ba\u015fka t\u00fcrl\u00fc asla kar\u015f\u0131la\u015fmayaca\u011f\u0131n\u0131z insanlarla tan\u0131\u015fabilir ve s\u0131k\u0131c\u0131 bir geceyi baharatl\u0131 ve unutulmaz bir \u015feye d\u00f6n\u00fc\u015ft\u00fcrebilirsiniz.<\/p>\n<p>Evde s\u0131k\u0131\u015f\u0131p kald\u0131n\u0131z, randevunuz yok, televizyonda hi\u00e7bir \u015fey yok mu? TinyChat gibi yabanc\u0131 bir sohbet platformuna atlay\u0131n ve orada kimin oldu\u011funu g\u00f6r\u00fcn. \u0130ster seksi bir ba\u011flant\u0131n\u0131n ister sadece e\u011flenceli bir sohbetin pe\u015finde olun, i\u015flerin nereye gidebilece\u011fini asla bilemezsiniz.<\/p>\n<blockquote><p>\"En iyi yan\u0131 heyecan verici olmas\u0131; kar\u015f\u0131n\u0131zdaki ki\u015finin komik, seksi ya da ilgin\u00e7 olup olmayaca\u011f\u0131n\u0131 asla bilemiyorsunuz. Yabanc\u0131larla sohbet etmek uzun bir g\u00fcn\u00fcn sonunda gev\u015femenin en sevdi\u011fim yolu.\"<\/p><\/blockquote>\n<h2>Yabanc\u0131larla Sohbetten En \u0130yi \u015eekilde Yararlanmak<\/h2>\n<p>En iyi deneyim i\u00e7in birka\u00e7 h\u0131zl\u0131 ipucu:<\/p>\n<ul>\n<li>A\u00e7\u0131k fikirli olun - her sohbet farkl\u0131d\u0131r.<\/li>\n<li>S\u0131n\u0131rlara sayg\u0131 g\u00f6sterin ve her \u015feyi r\u0131zaya dayal\u0131 tutun.<\/li>\n<li>\u0130\u00e7iniz rahat edene kadar ki\u015fisel bilgilerinizi payla\u015fmay\u0131n.<\/li>\n<li>E\u011flenin, biraz fl\u00f6rt edin ve hissetmiyorsan\u0131z atlamaktan korkmay\u0131n.<\/li>\n<\/ul>\n<p>Yabanc\u0131larla sohbet, d\u00fcnyan\u0131n her yerinden insanlarla an\u0131nda, s\u0131n\u0131rs\u0131z sohbetler i\u00e7in biletinizdir. \u0130ster heyecan, ister biraz fl\u00f6rt ya da sadece yeni bir y\u00fcz ar\u0131yor olun, TinyChat gibi siteler bunu kolay, \u00f6zel ve ciddi \u015fekilde e\u011flenceli hale getirir.<\/p>\n<p>Bu gece yeni biriyle tan\u0131\u015fmaya haz\u0131r m\u0131s\u0131n? Bir yabanc\u0131 kameral\u0131 sohbet ba\u015flat\u0131n ve kimin ba\u011flant\u0131 kurmak i\u00e7in bekledi\u011fini g\u00f6r\u00fcn. Bir sonraki harika sohbetiniz (veya \u00e7\u0131lg\u0131n geceniz) sadece bir t\u0131k uza\u011f\u0131n\u0131zda.<\/p>","protected":false},"excerpt":{"rendered":"<p>Bored with the usual social feeds? Want to shake up your night with a conversation that\u2019s totally unpredictable? Stranger chat is where the adventure begins. It\u2019s the online playground for anyone who loves meeting new people\u2014no matter your mood, your vibe, or where you are in the world. One click, and you\u2019re talking to someone [&hellip;]<\/p>\n","protected":false},"author":6,"featured_media":0,"parent":0,"menu_order":0,"comment_status":"closed","ping_status":"closed","template":"","meta":{"footnotes":""},"class_list":["post-4887","page","type-page","status-publish","hentry"],"yoast_head":"<!-- This site is optimized with the Yoast SEO plugin v27.4 - https:\/\/yoast.com\/product\/yoast-seo-wordpress\/ -->\n<title>Stranger Chat with Video Chat on TinyChat.com<\/title>\n<meta name=\"description\" content=\"Enjoying Stranger Chat? Join over 50,000,000 strangers on TinyChat! Turn on your cam and start meeting new people, or find a match.\" \/>\n<meta name=\"robots\" content=\"index, follow, max-snippet:-1, max-image-preview:large, max-video-preview:-1\" \/>\n<link rel=\"canonical\" href=\"https:\/\/tinychat.com\/tr\/stranger-chat\/\" \/>\n<meta property=\"og:locale\" content=\"tr_TR\" \/>\n<meta property=\"og:type\" content=\"article\" \/>\n<meta property=\"og:title\" content=\"Stranger Chat with Video Chat on TinyChat.com\" \/>\n<meta property=\"og:description\" content=\"Enjoying Stranger Chat? Join over 50,000,000 strangers on TinyChat! Turn on your cam and start meeting new people, or find a match.\" \/>\n<meta property=\"og:url\" content=\"https:\/\/tinychat.com\/tr\/stranger-chat\/\" \/>\n<meta property=\"og:site_name\" content=\"TinyChat\" \/>\n<meta property=\"article:publisher\" content=\"https:\/\/www.facebook.com\/tinychat\" \/>\n<meta property=\"article:modified_time\" content=\"2025-06-12T08:28:08+00:00\" \/>\n<meta property=\"og:image\" content=\"https:\/\/tinychat.com\/wp-content\/uploads\/2020\/04\/Tinychat-logo-1280x284-new-black.png\" \/>\n\t<meta property=\"og:image:width\" content=\"1280\" \/>\n\t<meta property=\"og:image:height\" content=\"284\" \/>\n\t<meta property=\"og:image:type\" content=\"image\/png\" \/>\n<meta name=\"twitter:card\" content=\"summary_large_image\" \/>\n<meta name=\"twitter:site\" content=\"@tinychat\" \/>\n<meta name=\"twitter:label1\" content=\"Tahmini okuma s\u00fcresi\" \/>\n\t<meta name=\"twitter:data1\" content=\"4 dakika\" \/>\n<script type=\"application\/ld+json\" class=\"yoast-schema-graph\">{\"@context\":\"https:\\\/\\\/schema.org\",\"@graph\":[{\"@type\":\"WebPage\",\"@id\":\"https:\\\/\\\/tinychat.com\\\/stranger-chat\\\/\",\"url\":\"https:\\\/\\\/tinychat.com\\\/stranger-chat\\\/\",\"name\":\"Stranger Chat with Video Chat on TinyChat.com\",\"isPartOf\":{\"@id\":\"https:\\\/\\\/tinychat.com\\\/#website\"},\"datePublished\":\"2024-06-14T17:18:17+00:00\",\"dateModified\":\"2025-06-12T08:28:08+00:00\",\"description\":\"Enjoying Stranger Chat? Join over 50,000,000 strangers on TinyChat! Turn on your cam and start meeting new people, or find a match.\",\"breadcrumb\":{\"@id\":\"https:\\\/\\\/tinychat.com\\\/stranger-chat\\\/#breadcrumb\"},\"inLanguage\":\"tr\",\"potentialAction\":[{\"@type\":\"ReadAction\",\"target\":[\"https:\\\/\\\/tinychat.com\\\/stranger-chat\\\/\"]}]},{\"@type\":\"BreadcrumbList\",\"@id\":\"https:\\\/\\\/tinychat.com\\\/stranger-chat\\\/#breadcrumb\",\"itemListElement\":[{\"@type\":\"ListItem\",\"position\":1,\"name\":\"Home\",\"item\":\"https:\\\/\\\/tinychat.com\\\/\"},{\"@type\":\"ListItem\",\"position\":2,\"name\":\"Stranger Chat\"}]},{\"@type\":\"WebSite\",\"@id\":\"https:\\\/\\\/tinychat.com\\\/#website\",\"url\":\"https:\\\/\\\/tinychat.com\\\/\",\"name\":\"TinyChat\",\"description\":\"Random Video Chat with Strangers\",\"publisher\":{\"@id\":\"https:\\\/\\\/tinychat.com\\\/#organization\"},\"alternateName\":\"TinyChat.com\",\"potentialAction\":[{\"@type\":\"SearchAction\",\"target\":{\"@type\":\"EntryPoint\",\"urlTemplate\":\"https:\\\/\\\/tinychat.com\\\/?s={search_term_string}\"},\"query-input\":{\"@type\":\"PropertyValueSpecification\",\"valueRequired\":true,\"valueName\":\"search_term_string\"}}],\"inLanguage\":\"tr\"},{\"@type\":\"Organization\",\"@id\":\"https:\\\/\\\/tinychat.com\\\/#organization\",\"name\":\"TinyChat\",\"alternateName\":\"TinyChat.com\",\"url\":\"https:\\\/\\\/tinychat.com\\\/\",\"logo\":{\"@type\":\"ImageObject\",\"inLanguage\":\"tr\",\"@id\":\"https:\\\/\\\/tinychat.com\\\/#\\\/schema\\\/logo\\\/image\\\/\",\"url\":\"https:\\\/\\\/tinychat.com\\\/wp-content\\\/uploads\\\/2023\\\/11\\\/Tinychat-icon-square.png\",\"contentUrl\":\"https:\\\/\\\/tinychat.com\\\/wp-content\\\/uploads\\\/2023\\\/11\\\/Tinychat-icon-square.png\",\"width\":284,\"height\":284,\"caption\":\"TinyChat\"},\"image\":{\"@id\":\"https:\\\/\\\/tinychat.com\\\/#\\\/schema\\\/logo\\\/image\\\/\"},\"sameAs\":[\"https:\\\/\\\/www.facebook.com\\\/tinychat\",\"https:\\\/\\\/x.com\\\/tinychat\"]}]}<\/script>\n<!-- \/ Yoast SEO plugin. -->","yoast_head_json":{"title":"TinyChat.com'da G\u00f6r\u00fcnt\u00fcl\u00fc Sohbet ile Yabanc\u0131larla Sohbet","description":"Yabanc\u0131larla Sohbet ho\u015funuza m\u0131 gidiyor? TinyChat'de 50.000.000'dan fazla yabanc\u0131ya kat\u0131l\u0131n! Kameran\u0131z\u0131 a\u00e7\u0131n ve yeni insanlarla tan\u0131\u015fmaya ba\u015flay\u0131n veya bir e\u015fle\u015fme bulun.","robots":{"index":"index","follow":"follow","max-snippet":"max-snippet:-1","max-image-preview":"max-image-preview:large","max-video-preview":"max-video-preview:-1"},"canonical":"https:\/\/tinychat.com\/tr\/stranger-chat\/","og_locale":"tr_TR","og_type":"article","og_title":"Stranger Chat with Video Chat on TinyChat.com","og_description":"Enjoying Stranger Chat? Join over 50,000,000 strangers on TinyChat! Turn on your cam and start meeting new people, or find a match.","og_url":"https:\/\/tinychat.com\/tr\/stranger-chat\/","og_site_name":"TinyChat","article_publisher":"https:\/\/www.facebook.com\/tinychat","article_modified_time":"2025-06-12T08:28:08+00:00","og_image":[{"width":1280,"height":284,"url":"https:\/\/tinychat.com\/wp-content\/uploads\/2020\/04\/Tinychat-logo-1280x284-new-black.png","type":"image\/png"}],"twitter_card":"summary_large_image","twitter_site":"@tinychat","twitter_misc":{"Tahmini okuma s\u00fcresi":"4 dakika"},"schema":{"@context":"https:\/\/schema.org","@graph":[{"@type":"WebPage","@id":"https:\/\/tinychat.com\/stranger-chat\/","url":"https:\/\/tinychat.com\/stranger-chat\/","name":"TinyChat.com'da G\u00f6r\u00fcnt\u00fcl\u00fc Sohbet ile Yabanc\u0131larla Sohbet","isPartOf":{"@id":"https:\/\/tinychat.com\/#website"},"datePublished":"2024-06-14T17:18:17+00:00","dateModified":"2025-06-12T08:28:08+00:00","description":"Yabanc\u0131larla Sohbet ho\u015funuza m\u0131 gidiyor? TinyChat'de 50.000.000'dan fazla yabanc\u0131ya kat\u0131l\u0131n! Kameran\u0131z\u0131 a\u00e7\u0131n ve yeni insanlarla tan\u0131\u015fmaya ba\u015flay\u0131n veya bir e\u015fle\u015fme bulun.","breadcrumb":{"@id":"https:\/\/tinychat.com\/stranger-chat\/#breadcrumb"},"inLanguage":"tr","potentialAction":[{"@type":"ReadAction","target":["https:\/\/tinychat.com\/stranger-chat\/"]}]},{"@type":"BreadcrumbList","@id":"https:\/\/tinychat.com\/stranger-chat\/#breadcrumb","itemListElement":[{"@type":"ListItem","position":1,"name":"Home","item":"https:\/\/tinychat.com\/"},{"@type":"ListItem","position":2,"name":"Stranger Chat"}]},{"@type":"WebSite","@id":"https:\/\/tinychat.com\/#website","url":"https:\/\/tinychat.com\/","name":"TinyChat","description":"Yabanc\u0131larla Rastgele G\u00f6r\u00fcnt\u00fcl\u00fc Sohbet","publisher":{"@id":"https:\/\/tinychat.com\/#organization"},"alternateName":"TinyChat.com","potentialAction":[{"@type":"SearchAction","target":{"@type":"EntryPoint","urlTemplate":"https:\/\/tinychat.com\/?s={search_term_string}"},"query-input":{"@type":"PropertyValueSpecification","valueRequired":true,"valueName":"search_term_string"}}],"inLanguage":"tr"},{"@type":"Organization","@id":"https:\/\/tinychat.com\/#organization","name":"TinyChat","alternateName":"TinyChat.com","url":"https:\/\/tinychat.com\/","logo":{"@type":"ImageObject","inLanguage":"tr","@id":"https:\/\/tinychat.com\/#\/schema\/logo\/image\/","url":"https:\/\/tinychat.com\/wp-content\/uploads\/2023\/11\/Tinychat-icon-square.png","contentUrl":"https:\/\/tinychat.com\/wp-content\/uploads\/2023\/11\/Tinychat-icon-square.png","width":284,"height":284,"caption":"TinyChat"},"image":{"@id":"https:\/\/tinychat.com\/#\/schema\/logo\/image\/"},"sameAs":["https:\/\/www.facebook.com\/tinychat","https:\/\/x.com\/tinychat"]}]}},"_links":{"self":[{"href":"https:\/\/tinychat.com\/tr\/wp-json\/wp\/v2\/pages\/4887","targetHints":{"allow":["GET"]}}],"collection":[{"href":"https:\/\/tinychat.com\/tr\/wp-json\/wp\/v2\/pages"}],"about":[{"href":"https:\/\/tinychat.com\/tr\/wp-json\/wp\/v2\/types\/page"}],"author":[{"embeddable":true,"href":"https:\/\/tinychat.com\/tr\/wp-json\/wp\/v2\/users\/6"}],"replies":[{"embeddable":true,"href":"https:\/\/tinychat.com\/tr\/wp-json\/wp\/v2\/comments?post=4887"}],"version-history":[{"count":3,"href":"https:\/\/tinychat.com\/tr\/wp-json\/wp\/v2\/pages\/4887\/revisions"}],"predecessor-version":[{"id":13246,"href":"https:\/\/tinychat.com\/tr\/wp-json\/wp\/v2\/pages\/4887\/revisions\/13246"}],"wp:attachment":[{"href":"https:\/\/tinychat.com\/tr\/wp-json\/wp\/v2\/media?parent=4887"}],"curies":[{"name":"wp","href":"https:\/\/api.w.org\/{rel}","templated":true}]}}